{"id":1478,"date":"2021-06-28T09:36:20","date_gmt":"2021-06-28T02:36:20","guid":{"rendered":"https:\/\/vilight.vn\/website\/?post_type=product&#038;p=1478"},"modified":"2024-10-04T13:37:54","modified_gmt":"2024-10-04T06:37:54","slug":"den-bollard-vl-bl10","status":"publish","type":"product","link":"https:\/\/vilight.vn\/website\/san-pham\/den-chieu-sang-facade\/den-bollard\/den-bollard-vl-bl10\/","title":{"rendered":"\u0110\u00e8n Bollard VL-BL10"},"content":{"rendered":"<h2 style=\"text-align: justify;\"><span style=\"font-size: 18pt;\">\u0110\u00e8n Bollard VL-BL10 c\u00f3 c\u00e1c th\u00f4ng s\u1ed1 k\u1ef9 thu\u1eadt nh\u01b0 sau:<\/span><\/h2>\n<p style=\"text-align: justify;\"><span style=\"font-size: 14pt;\">&#8211; Chip LED VL-BL10 : S\u1eed d\u1ee5ng chip LED t\u1eeb hai nh\u00e0 s\u1ea3n xu\u1ea5t Bridgelux v\u00e0 Epistar. Chip LED ch\u1ea5t l\u01b0\u1ee3ng cao n\u00e0y gi\u00fap \u0111\u00e8n c\u00f3 hi\u1ec7u su\u1ea5t \u00e1nh s\u00e1ng t\u1ed1t v\u00e0 tu\u1ed5i th\u1ecd d\u00e0i.<\/span><\/p>\n<p style=\"text-align: justify;\"><span style=\"font-size: 14pt;\">&#8211; Th\u00e2n \u0111\u00e8n \u0110\u00e8n Bollard VL-BL10 : \u0110\u00e8n \u0111\u01b0\u1ee3c l\u00e0m t\u1eeb nh\u00f4m \u0111\u00fac, m\u1ed9t v\u1eadt li\u1ec7u nh\u1eb9 v\u00e0 b\u1ec1n. V\u1eadt li\u1ec7u n\u00e0y gi\u00fap \u0111\u00e8n c\u00f3 kh\u1ea3 n\u0103ng ch\u1ed1ng \u0103n m\u00f2n v\u00e0 ch\u1ecbu \u0111\u01b0\u1ee3c c\u00e1c \u0111i\u1ec1u ki\u1ec7n th\u1eddi ti\u1ebft kh\u1eafc nghi\u1ec7t.<\/span><\/p>\n<p style=\"text-align: justify;\"><span style=\"font-size: 14pt;\">&#8211; C\u00f4ng su\u1ea5t: \u0110\u00e8n c\u00f3 c\u00f4ng su\u1ea5t 5W, \u0111\u00e2y l\u00e0 m\u1ee9c ti\u00eau th\u1ee5 \u0111i\u1ec7n n\u0103ng t\u01b0\u01a1ng \u0111\u1ed1i th\u1ea5p, gi\u00fap ti\u1ebft ki\u1ec7m n\u0103ng l\u01b0\u1ee3ng.<\/span><\/p>\n<p style=\"text-align: justify;\"><span style=\"font-size: 14pt;\">&#8211; \u0110i\u1ec7n \u00e1p ho\u1ea1t \u0111\u1ed9ng: \u0110\u00e8n c\u00f3 kh\u1ea3 n\u0103ng ho\u1ea1t \u0111\u1ed9ng trong kho\u1ea3ng \u0111i\u1ec7n \u00e1p t\u1eeb AC100-260V, gi\u00fap \u0111\u00e8n t\u01b0\u01a1ng th\u00edch v\u1edbi h\u1ea7u h\u1ebft c\u00e1c ngu\u1ed3n \u0111i\u1ec7n th\u00f4ng d\u1ee5ng.<\/span><\/p>\n<p style=\"text-align: justify;\"><span style=\"font-size: 14pt;\">&#8211; K\u00edch th\u01b0\u1edbc VL-BL10: K\u00edch th\u01b0\u1edbc c\u1ee7a \u0111\u00e8n l\u00e0 55*60*H(300\/600) mm, gi\u00fap n\u00f3 c\u00f3 k\u00edch th\u01b0\u1edbc nh\u1ecf g\u1ecdn v\u00e0 d\u1ec5 d\u00e0ng l\u1eafp \u0111\u1eb7t trong kh\u00f4ng gian h\u1eb9p.<\/span><\/p>\n<p style=\"text-align: justify;\"><span style=\"font-size: 14pt;\">&#8211; Nhi\u1ec7t \u0111\u1ed9 m\u00e0u: \u0110\u00e8n c\u00f3 ba t\u00f9y ch\u1ecdn nhi\u1ec7t \u0111\u1ed9 m\u00e0u l\u00e0 3000K (\u00e1nh s\u00e1ng v\u00e0ng \u1ea5m), 4000K (\u00e1nh s\u00e1ng trung t\u00ednh), v\u00e0 6000K (\u00e1nh s\u00e1ng tr\u1eafng). T\u00f9y ch\u1ecdn nhi\u1ec7t \u0111\u1ed9 m\u00e0u gi\u00fap \u0111\u00e1p \u1ee9ng \u0111\u01b0\u1ee3c c\u00e1c y\u00eau c\u1ea7u \u00e1nh s\u00e1ng kh\u00e1c nhau.<\/span><\/p>\n<p style=\"text-align: justify;\"><span style=\"font-size: 14pt;\">&#8211; Tu\u1ed5i th\u1ecd: \u0110\u00e8n c\u00f3 tu\u1ed5i th\u1ecd 50.000 gi\u1edd, t\u1ee9c l\u00e0 c\u00f3 th\u1ec3 ho\u1ea1t \u0111\u1ed9ng l\u00e2u d\u00e0i m\u00e0 kh\u00f4ng c\u1ea7n thay th\u1ebf \u0111\u00e8n th\u01b0\u1eddng xuy\u00ean.<\/span><\/p>\n<p style=\"text-align: justify;\"><span style=\"font-size: 14pt;\">&#8211; Nhi\u1ec7t \u0111\u1ed9 ho\u1ea1t \u0111\u1ed9ng: \u0110\u00e8n c\u00f3 kh\u1ea3 n\u0103ng ho\u1ea1t \u0111\u1ed9ng trong kho\u1ea3ng nhi\u1ec7t \u0111\u1ed9 t\u1eeb -25 \u0111\u1ed9 C \u0111\u1ebfn 50 \u0111\u1ed9 C. \u0110i\u1ec1u n\u00e0y cho ph\u00e9p \u0111\u00e8n ho\u1ea1t \u0111\u1ed9ng \u1ed5n \u0111\u1ecbnh trong nhi\u1ec1u m\u00f4i tr\u01b0\u1eddng kh\u00e1c nhau.<\/span><\/p>\n<p style=\"text-align: justify;\"><span style=\"font-size: 14pt;\">&#8211; \u0110\u1ed9 k\u00edn: \u0110\u00e8n c\u00f3 \u0111\u1ed9 k\u00edn IP65, t\u1ee9c l\u00e0 n\u00f3 c\u00f3 kh\u1ea3 n\u0103ng ch\u1ed1ng n\u01b0\u1edbc v\u00e0 b\u1ee5i b\u1ea9n. \u0110i\u1ec1u n\u00e0y l\u00e0m cho \u0111\u00e8n ph\u00f9 h\u1ee3p \u0111\u1ec3 s\u1eed d\u1ee5ng ngo\u00e0i tr\u1eddi v\u00e0 trong m\u00f4i tr\u01b0\u1eddng kh\u1eafc nghi\u1ec7t.<\/span><\/p>\n<p style=\"text-align: justify;\"><span style=\"font-size: 14pt;\"><a href=\"https:\/\/vilight.vn\/website\/wp-content\/uploads\/2021\/06\/BL10.jpg\"><img decoding=\"async\" class=\"wp-image-1479 aligncenter lazyload\" data-src=\"https:\/\/vilight.vn\/website\/wp-content\/uploads\/2021\/06\/BL10.jpg\" alt=\"\u0110\u00e8n Bollard VL-BL10\" width=\"1500\" height=\"960\" data-srcset=\"https:\/\/vilight.vn\/website\/wp-content\/uploads\/2021\/06\/BL10.jpg 1200w, https:\/\/vilight.vn\/website\/wp-content\/uploads\/2021\/06\/BL10-800x512.jpg 800w, https:\/\/vilight.vn\/website\/wp-content\/uploads\/2021\/06\/BL10-300x192.jpg 300w, https:\/\/vilight.vn\/website\/wp-content\/uploads\/2021\/06\/BL10-1024x655.jpg 1024w, https:\/\/vilight.vn\/website\/wp-content\/uploads\/2021\/06\/BL10-768x492.jpg 768w, https:\/\/vilight.vn\/website\/wp-content\/uploads\/2021\/06\/BL10-16x10.jpg 16w, https:\/\/vilight.vn\/website\/wp-content\/uploads\/2021\/06\/BL10-228x146.jpg 228w, https:\/\/vilight.vn\/website\/wp-content\/uploads\/2021\/06\/BL10-50x32.jpg 50w, https:\/\/vilight.vn\/website\/wp-content\/uploads\/2021\/06\/BL10-117x75.jpg 117w, https:\/\/vilight.vn\/website\/wp-content\/uploads\/2021\/06\/BL10-600x384.jpg 600w\" data-sizes=\"(max-width:767px) 480px, (max-width:1500px) 100vw, 1500px\" src=\"data:image\/svg+xml;base64,PHN2ZyB3aWR0aD0iMSIgaGVpZ2h0PSIxIiB4bWxucz0iaHR0cDovL3d3dy53My5vcmcvMjAwMC9zdmciPjwvc3ZnPg==\" style=\"--smush-placeholder-width: 1500px; --smush-placeholder-aspect-ratio: 1500\/960;\" \/><\/a><\/span><\/p>\n<p style=\"text-align: justify;\"><span style=\"color: #ffffff; font-size: 14pt;\">\u0110\u00e8n Bollard BL10. \u0110\u00e8n s\u00e2n v\u01b0\u1eddn BL10. \u0110\u00e8n s\u00e2n v\u01b0\u1eddn nh\u1eadp kh\u1ea9u BL10.<\/span><\/p>\n","protected":false},"excerpt":{"rendered":"<p style=\"text-align: justify;\"><span style=\"font-size: 14pt;\">\u0110\u00e8n Bollard VL-BL10 l\u00e0 m\u1ed9t l\u1ef1a ch\u1ecdn tuy\u1ec7t v\u1eddi cho vi\u1ec7c chi\u1ebfu s\u00e1ng ngo\u1ea1i th\u1ea5t. V\u1edbi chip LED ch\u1ea5t l\u01b0\u1ee3ng cao, c\u00f4ng su\u1ea5t 5W v\u00e0 tu\u1ed5i th\u1ecd l\u00ean \u0111\u1ebfn 50.000 gi\u1edd, \u0111\u00e8n n\u00e0y mang l\u1ea1i \u00e1nh s\u00e1ng s\u00e1ng \u0111\u1eb9p, ti\u1ebft ki\u1ec7m n\u0103ng l\u01b0\u1ee3ng v\u00e0 b\u1ec1n b\u1ec9. Th\u00e2n \u0111\u00e8n nh\u00f4m \u0111\u00fac v\u00e0 \u0111\u1ed9 k\u00edn IP65 gi\u00fap \u0111\u00e8n ch\u1ecbu \u0111\u01b0\u1ee3c m\u1ecdi \u0111i\u1ec1u ki\u1ec7n th\u1eddi ti\u1ebft.<\/span><\/p>\n","protected":false},"featured_media":1480,"template":"","meta":[],"product_brand":[],"product_cat":[69,73],"product_tag":[453],"class_list":{"0":"post-1478","1":"product","2":"type-product","3":"status-publish","4":"has-post-thumbnail","6":"product_cat-den-bollard","7":"product_cat-den-chieu-sang-facade","8":"product_tag-den-bollard-vl-bl10","9":"pa_chip-led-bridgelux","10":"pa_chip-led-epistar","11":"pa_cong-suat-5w","12":"pa_dien-ap-hoat-dong-ac-100-260v","13":"pa_do-kin-ip65","14":"pa_kich-thuoc-5560h300-600-mm","15":"pa_nhiet-do-mau-3000k","16":"pa_nhiet-do-mau-4000k","17":"pa_nhiet-do-mau-6000k","19":"first","20":"instock","21":"taxable","22":"shipping-taxable","23":"product-type-simple"},"yoast_head":"<!-- This site is optimized with the Yoast SEO Premium plugin v27.5 (Yoast SEO v27.5) - https:\/\/yoast.com\/product\/yoast-seo-premium-wordpress\/ -->\n<title>\u0110\u00e8n Bollard VL-BL10 - Vilight Co.ltd<\/title>\n<meta name=\"description\" content=\"\u0110\u00e8n Bollard VL-BL10 l\u00e0 m\u1eabu \u0111\u00e8n s\u00e2n v\u01b0\u1eddn cao c\u1ea5p, hi\u1ec7n \u0111\u1ea1i c\u00f3 kh\u1ea3 n\u0103ng ch\u1ed1ng ch\u1ecbu v\u1edbi thi\u00ean nhi\u00ean \u0111\u1ea3m b\u1ea3o b\u1ec1n v\u1eefng trong th\u1eddi gian d\u00e0i\" \/>\n<meta name=\"robots\" content=\"index, follow, max-snippet:-1, max-image-preview:large, max-video-preview:-1\" \/>\n<link rel=\"canonical\" href=\"https:\/\/vilight.vn\/website\/san-pham\/den-chieu-sang-facade\/den-bollard\/den-bollard-vl-bl10\/\" \/>\n<meta property=\"og:locale\" content=\"vi_VN\" \/>\n<meta property=\"og:type\" content=\"article\" \/>\n<meta property=\"og:title\" content=\"\u0110\u00e8n Bollard VL-BL10\" \/>\n<meta property=\"og:description\" content=\"\u0110\u00e8n Bollard VL-BL10 l\u00e0 m\u1ed9t l\u1ef1a ch\u1ecdn tuy\u1ec7t v\u1eddi cho vi\u1ec7c chi\u1ebfu s\u00e1ng ngo\u1ea1i th\u1ea5t. V\u1edbi chip LED ch\u1ea5t l\u01b0\u1ee3ng cao, c\u00f4ng su\u1ea5t 5W v\u00e0 tu\u1ed5i th\u1ecd l\u00ean \u0111\u1ebfn 50.000 gi\u1edd, \u0111\u00e8n n\u00e0y mang l\u1ea1i \u00e1nh s\u00e1ng s\u00e1ng \u0111\u1eb9p, ti\u1ebft ki\u1ec7m n\u0103ng l\u01b0\u1ee3ng v\u00e0 b\u1ec1n b\u1ec9. Th\u00e2n \u0111\u00e8n nh\u00f4m \u0111\u00fac v\u00e0 \u0111\u1ed9 k\u00edn IP65 gi\u00fap \u0111\u00e8n ch\u1ecbu \u0111\u01b0\u1ee3c m\u1ecdi \u0111i\u1ec1u ki\u1ec7n th\u1eddi ti\u1ebft.\" \/>\n<meta property=\"og:url\" content=\"https:\/\/vilight.vn\/website\/san-pham\/den-chieu-sang-facade\/den-bollard\/den-bollard-vl-bl10\/\" \/>\n<meta property=\"og:site_name\" content=\"Vilight Co.ltd\" \/>\n<meta property=\"article:publisher\" content=\"http:\/\/facebook.com\/vilight.vn\" \/>\n<meta property=\"article:modified_time\" content=\"2024-10-04T06:37:54+00:00\" \/>\n<meta property=\"og:image\" content=\"https:\/\/vilight.vn\/website\/wp-content\/uploads\/2021\/06\/BL10-Logo.jpg\" \/>\n\t<meta property=\"og:image:width\" content=\"600\" \/>\n\t<meta property=\"og:image:height\" content=\"600\" \/>\n\t<meta property=\"og:image:type\" content=\"image\/jpeg\" \/>\n<meta name=\"twitter:card\" content=\"summary_large_image\" \/>\n<meta name=\"twitter:label1\" content=\"Gi\u00e1\" \/>\n\t<meta name=\"twitter:data1\" content=\"\" \/>\n\t<meta name=\"twitter:label2\" content=\"Kh\u1ea3 d\u1ee5ng\" \/>\n\t<meta name=\"twitter:data2\" content=\"Trong kho\" \/>\n<script type=\"application\/ld+json\" class=\"yoast-schema-graph\">{\"@context\":\"https:\\\/\\\/schema.org\",\"@graph\":[{\"@type\":\"WebPage\",\"@id\":\"https:\\\/\\\/vilight.vn\\\/website\\\/san-pham\\\/den-chieu-sang-facade\\\/den-bollard\\\/den-bollard-vl-bl10\\\/\",\"url\":\"https:\\\/\\\/vilight.vn\\\/website\\\/san-pham\\\/den-chieu-sang-facade\\\/den-bollard\\\/den-bollard-vl-bl10\\\/\",\"name\":\"\u0110\u00e8n Bollard VL-BL10 - Vilight Co.ltd\",\"isPartOf\":{\"@id\":\"https:\\\/\\\/vilight.vn\\\/website\\\/#website\"},\"primaryImageOfPage\":{\"@id\":\"https:\\\/\\\/vilight.vn\\\/website\\\/san-pham\\\/den-chieu-sang-facade\\\/den-bollard\\\/den-bollard-vl-bl10\\\/#primaryimage\"},\"image\":{\"@id\":\"https:\\\/\\\/vilight.vn\\\/website\\\/san-pham\\\/den-chieu-sang-facade\\\/den-bollard\\\/den-bollard-vl-bl10\\\/#primaryimage\"},\"thumbnailUrl\":\"https:\\\/\\\/vilight.vn\\\/website\\\/wp-content\\\/uploads\\\/2021\\\/06\\\/BL10-Logo.jpg\",\"datePublished\":\"2021-06-28T02:36:20+00:00\",\"dateModified\":\"2024-10-04T06:37:54+00:00\",\"description\":\"\u0110\u00e8n Bollard VL-BL10 l\u00e0 m\u1eabu \u0111\u00e8n s\u00e2n v\u01b0\u1eddn cao c\u1ea5p, hi\u1ec7n \u0111\u1ea1i c\u00f3 kh\u1ea3 n\u0103ng ch\u1ed1ng ch\u1ecbu v\u1edbi thi\u00ean nhi\u00ean \u0111\u1ea3m b\u1ea3o b\u1ec1n v\u1eefng trong th\u1eddi gian d\u00e0i\",\"breadcrumb\":{\"@id\":\"https:\\\/\\\/vilight.vn\\\/website\\\/san-pham\\\/den-chieu-sang-facade\\\/den-bollard\\\/den-bollard-vl-bl10\\\/#breadcrumb\"},\"inLanguage\":\"vi\",\"potentialAction\":[{\"@type\":\"ReadAction\",\"target\":[\"https:\\\/\\\/vilight.vn\\\/website\\\/san-pham\\\/den-chieu-sang-facade\\\/den-bollard\\\/den-bollard-vl-bl10\\\/\"]}]},{\"@type\":\"ImageObject\",\"inLanguage\":\"vi\",\"@id\":\"https:\\\/\\\/vilight.vn\\\/website\\\/san-pham\\\/den-chieu-sang-facade\\\/den-bollard\\\/den-bollard-vl-bl10\\\/#primaryimage\",\"url\":\"https:\\\/\\\/vilight.vn\\\/website\\\/wp-content\\\/uploads\\\/2021\\\/06\\\/BL10-Logo.jpg\",\"contentUrl\":\"https:\\\/\\\/vilight.vn\\\/website\\\/wp-content\\\/uploads\\\/2021\\\/06\\\/BL10-Logo.jpg\",\"width\":600,\"height\":600,\"caption\":\"\u0110\u00e8n Bollard VL-BL10\"},{\"@type\":\"BreadcrumbList\",\"@id\":\"https:\\\/\\\/vilight.vn\\\/website\\\/san-pham\\\/den-chieu-sang-facade\\\/den-bollard\\\/den-bollard-vl-bl10\\\/#breadcrumb\",\"itemListElement\":[{\"@type\":\"ListItem\",\"position\":1,\"name\":\"Home\",\"item\":\"https:\\\/\\\/vilight.vn\\\/website\\\/\"},{\"@type\":\"ListItem\",\"position\":2,\"name\":\"store\",\"item\":\"https:\\\/\\\/vilight.vn\\\/website\\\/store\\\/\"},{\"@type\":\"ListItem\",\"position\":3,\"name\":\"\u0110\u00e8n Bollard VL-BL10\"}]},{\"@type\":\"WebSite\",\"@id\":\"https:\\\/\\\/vilight.vn\\\/website\\\/#website\",\"url\":\"https:\\\/\\\/vilight.vn\\\/website\\\/\",\"name\":\"Vilight Co.ltd\",\"description\":\"Chi\u1ebfu s\u00e1ng m\u1ef9 thu\u1eadt, chi\u1ebfu s\u00e1ng th\u00f4ng minh, LED Pixel 3D, chi\u1ebfu s\u00e1ng trang tr\u00ed \u0111\u00f4 th\u1ecb, chi\u1ebfu s\u00e1ng v\u00f2ng xoay, chi\u1ebfu s\u00e1ng \u0111\u1ea3o giao th\u00f4ng, c\u1ed5ng ch\u00e0o \u0111\u00f4 th\u1ecb\",\"publisher\":{\"@id\":\"https:\\\/\\\/vilight.vn\\\/website\\\/#organization\"},\"potentialAction\":[{\"@type\":\"SearchAction\",\"target\":{\"@type\":\"EntryPoint\",\"urlTemplate\":\"https:\\\/\\\/vilight.vn\\\/website\\\/?s={search_term_string}\"},\"query-input\":{\"@type\":\"PropertyValueSpecification\",\"valueRequired\":true,\"valueName\":\"search_term_string\"}}],\"inLanguage\":\"vi\"},{\"@type\":\"Organization\",\"@id\":\"https:\\\/\\\/vilight.vn\\\/website\\\/#organization\",\"name\":\"Vilight\",\"url\":\"https:\\\/\\\/vilight.vn\\\/website\\\/\",\"logo\":{\"@type\":\"ImageObject\",\"inLanguage\":\"vi\",\"@id\":\"https:\\\/\\\/vilight.vn\\\/website\\\/#\\\/schema\\\/logo\\\/image\\\/\",\"url\":\"https:\\\/\\\/vilight.vn\\\/website\\\/wp-content\\\/uploads\\\/2022\\\/05\\\/chieu_sang_trang_tri_do_thi_bang_den_led_pixel.png\",\"contentUrl\":\"https:\\\/\\\/vilight.vn\\\/website\\\/wp-content\\\/uploads\\\/2022\\\/05\\\/chieu_sang_trang_tri_do_thi_bang_den_led_pixel.png\",\"width\":800,\"height\":427,\"caption\":\"Vilight\"},\"image\":{\"@id\":\"https:\\\/\\\/vilight.vn\\\/website\\\/#\\\/schema\\\/logo\\\/image\\\/\"},\"sameAs\":[\"http:\\\/\\\/facebook.com\\\/vilight.vn\",\"https:\\\/\\\/www.linkedin.com\\\/company\\\/vilight-vn\",\"https:\\\/\\\/www.youtube.com\\\/channel\\\/UCEwR2naeDcuarMX1kSv_rLQ\\\/videos\"]}]}<\/script>\n<meta property=\"product:brand\" content=\"\u0110\u00e8n Bollard\" \/>\n<meta property=\"product:price:currency\" content=\"VND\" \/>\n<meta property=\"og:availability\" content=\"instock\" \/>\n<meta property=\"product:availability\" content=\"instock\" \/>\n<meta property=\"product:condition\" content=\"new\" \/>\n<!-- \/ Yoast SEO Premium plugin. -->","yoast_head_json":{"title":"\u0110\u00e8n Bollard VL-BL10 - Vilight Co.ltd","description":"\u0110\u00e8n Bollard VL-BL10 l\u00e0 m\u1eabu \u0111\u00e8n s\u00e2n v\u01b0\u1eddn cao c\u1ea5p, hi\u1ec7n \u0111\u1ea1i c\u00f3 kh\u1ea3 n\u0103ng ch\u1ed1ng ch\u1ecbu v\u1edbi thi\u00ean nhi\u00ean \u0111\u1ea3m b\u1ea3o b\u1ec1n v\u1eefng trong th\u1eddi gian d\u00e0i","robots":{"index":"index","follow":"follow","max-snippet":"max-snippet:-1","max-image-preview":"max-image-preview:large","max-video-preview":"max-video-preview:-1"},"canonical":"https:\/\/vilight.vn\/website\/san-pham\/den-chieu-sang-facade\/den-bollard\/den-bollard-vl-bl10\/","og_locale":"vi_VN","og_type":"article","og_title":"\u0110\u00e8n Bollard VL-BL10","og_description":"\u0110\u00e8n Bollard VL-BL10 l\u00e0 m\u1ed9t l\u1ef1a ch\u1ecdn tuy\u1ec7t v\u1eddi cho vi\u1ec7c chi\u1ebfu s\u00e1ng ngo\u1ea1i th\u1ea5t. V\u1edbi chip LED ch\u1ea5t l\u01b0\u1ee3ng cao, c\u00f4ng su\u1ea5t 5W v\u00e0 tu\u1ed5i th\u1ecd l\u00ean \u0111\u1ebfn 50.000 gi\u1edd, \u0111\u00e8n n\u00e0y mang l\u1ea1i \u00e1nh s\u00e1ng s\u00e1ng \u0111\u1eb9p, ti\u1ebft ki\u1ec7m n\u0103ng l\u01b0\u1ee3ng v\u00e0 b\u1ec1n b\u1ec9. Th\u00e2n \u0111\u00e8n nh\u00f4m \u0111\u00fac v\u00e0 \u0111\u1ed9 k\u00edn IP65 gi\u00fap \u0111\u00e8n ch\u1ecbu \u0111\u01b0\u1ee3c m\u1ecdi \u0111i\u1ec1u ki\u1ec7n th\u1eddi ti\u1ebft.","og_url":"https:\/\/vilight.vn\/website\/san-pham\/den-chieu-sang-facade\/den-bollard\/den-bollard-vl-bl10\/","og_site_name":"Vilight Co.ltd","article_publisher":"http:\/\/facebook.com\/vilight.vn","article_modified_time":"2024-10-04T06:37:54+00:00","og_image":[{"width":600,"height":600,"url":"https:\/\/vilight.vn\/website\/wp-content\/uploads\/2021\/06\/BL10-Logo.jpg","type":"image\/jpeg"}],"twitter_card":"summary_large_image","twitter_misc":{"Gi\u00e1":"","Kh\u1ea3 d\u1ee5ng":"Trong kho"},"schema":{"@context":"https:\/\/schema.org","@graph":[{"@type":"WebPage","@id":"https:\/\/vilight.vn\/website\/san-pham\/den-chieu-sang-facade\/den-bollard\/den-bollard-vl-bl10\/","url":"https:\/\/vilight.vn\/website\/san-pham\/den-chieu-sang-facade\/den-bollard\/den-bollard-vl-bl10\/","name":"\u0110\u00e8n Bollard VL-BL10 - Vilight Co.ltd","isPartOf":{"@id":"https:\/\/vilight.vn\/website\/#website"},"primaryImageOfPage":{"@id":"https:\/\/vilight.vn\/website\/san-pham\/den-chieu-sang-facade\/den-bollard\/den-bollard-vl-bl10\/#primaryimage"},"image":{"@id":"https:\/\/vilight.vn\/website\/san-pham\/den-chieu-sang-facade\/den-bollard\/den-bollard-vl-bl10\/#primaryimage"},"thumbnailUrl":"https:\/\/vilight.vn\/website\/wp-content\/uploads\/2021\/06\/BL10-Logo.jpg","datePublished":"2021-06-28T02:36:20+00:00","dateModified":"2024-10-04T06:37:54+00:00","description":"\u0110\u00e8n Bollard VL-BL10 l\u00e0 m\u1eabu \u0111\u00e8n s\u00e2n v\u01b0\u1eddn cao c\u1ea5p, hi\u1ec7n \u0111\u1ea1i c\u00f3 kh\u1ea3 n\u0103ng ch\u1ed1ng ch\u1ecbu v\u1edbi thi\u00ean nhi\u00ean \u0111\u1ea3m b\u1ea3o b\u1ec1n v\u1eefng trong th\u1eddi gian d\u00e0i","breadcrumb":{"@id":"https:\/\/vilight.vn\/website\/san-pham\/den-chieu-sang-facade\/den-bollard\/den-bollard-vl-bl10\/#breadcrumb"},"inLanguage":"vi","potentialAction":[{"@type":"ReadAction","target":["https:\/\/vilight.vn\/website\/san-pham\/den-chieu-sang-facade\/den-bollard\/den-bollard-vl-bl10\/"]}]},{"@type":"ImageObject","inLanguage":"vi","@id":"https:\/\/vilight.vn\/website\/san-pham\/den-chieu-sang-facade\/den-bollard\/den-bollard-vl-bl10\/#primaryimage","url":"https:\/\/vilight.vn\/website\/wp-content\/uploads\/2021\/06\/BL10-Logo.jpg","contentUrl":"https:\/\/vilight.vn\/website\/wp-content\/uploads\/2021\/06\/BL10-Logo.jpg","width":600,"height":600,"caption":"\u0110\u00e8n Bollard VL-BL10"},{"@type":"BreadcrumbList","@id":"https:\/\/vilight.vn\/website\/san-pham\/den-chieu-sang-facade\/den-bollard\/den-bollard-vl-bl10\/#breadcrumb","itemListElement":[{"@type":"ListItem","position":1,"name":"Home","item":"https:\/\/vilight.vn\/website\/"},{"@type":"ListItem","position":2,"name":"store","item":"https:\/\/vilight.vn\/website\/store\/"},{"@type":"ListItem","position":3,"name":"\u0110\u00e8n Bollard VL-BL10"}]},{"@type":"WebSite","@id":"https:\/\/vilight.vn\/website\/#website","url":"https:\/\/vilight.vn\/website\/","name":"Vilight Co.ltd","description":"Chi\u1ebfu s\u00e1ng m\u1ef9 thu\u1eadt, chi\u1ebfu s\u00e1ng th\u00f4ng minh, LED Pixel 3D, chi\u1ebfu s\u00e1ng trang tr\u00ed \u0111\u00f4 th\u1ecb, chi\u1ebfu s\u00e1ng v\u00f2ng xoay, chi\u1ebfu s\u00e1ng \u0111\u1ea3o giao th\u00f4ng, c\u1ed5ng ch\u00e0o \u0111\u00f4 th\u1ecb","publisher":{"@id":"https:\/\/vilight.vn\/website\/#organization"},"potentialAction":[{"@type":"SearchAction","target":{"@type":"EntryPoint","urlTemplate":"https:\/\/vilight.vn\/website\/?s={search_term_string}"},"query-input":{"@type":"PropertyValueSpecification","valueRequired":true,"valueName":"search_term_string"}}],"inLanguage":"vi"},{"@type":"Organization","@id":"https:\/\/vilight.vn\/website\/#organization","name":"Vilight","url":"https:\/\/vilight.vn\/website\/","logo":{"@type":"ImageObject","inLanguage":"vi","@id":"https:\/\/vilight.vn\/website\/#\/schema\/logo\/image\/","url":"https:\/\/vilight.vn\/website\/wp-content\/uploads\/2022\/05\/chieu_sang_trang_tri_do_thi_bang_den_led_pixel.png","contentUrl":"https:\/\/vilight.vn\/website\/wp-content\/uploads\/2022\/05\/chieu_sang_trang_tri_do_thi_bang_den_led_pixel.png","width":800,"height":427,"caption":"Vilight"},"image":{"@id":"https:\/\/vilight.vn\/website\/#\/schema\/logo\/image\/"},"sameAs":["http:\/\/facebook.com\/vilight.vn","https:\/\/www.linkedin.com\/company\/vilight-vn","https:\/\/www.youtube.com\/channel\/UCEwR2naeDcuarMX1kSv_rLQ\/videos"]}]},"product_brand":"\u0110\u00e8n Bollard","product_price_currency":"VND","og_availability":"instock","product_availability":"instock","product_condition":"new"},"_links":{"self":[{"href":"https:\/\/vilight.vn\/website\/wp-json\/wp\/v2\/product\/1478","targetHints":{"allow":["GET"]}}],"collection":[{"href":"https:\/\/vilight.vn\/website\/wp-json\/wp\/v2\/product"}],"about":[{"href":"https:\/\/vilight.vn\/website\/wp-json\/wp\/v2\/types\/product"}],"wp:featuredmedia":[{"embeddable":true,"href":"https:\/\/vilight.vn\/website\/wp-json\/wp\/v2\/media\/1480"}],"wp:attachment":[{"href":"https:\/\/vilight.vn\/website\/wp-json\/wp\/v2\/media?parent=1478"}],"wp:term":[{"taxonomy":"product_brand","embeddable":true,"href":"https:\/\/vilight.vn\/website\/wp-json\/wp\/v2\/product_brand?post=1478"},{"taxonomy":"product_cat","embeddable":true,"href":"https:\/\/vilight.vn\/website\/wp-json\/wp\/v2\/product_cat?post=1478"},{"taxonomy":"product_tag","embeddable":true,"href":"https:\/\/vilight.vn\/website\/wp-json\/wp\/v2\/product_tag?post=1478"}],"curies":[{"name":"wp","href":"https:\/\/api.w.org\/{rel}","templated":true}]}}