{"id":1481,"date":"2021-06-28T09:37:07","date_gmt":"2021-06-28T02:37:07","guid":{"rendered":"https:\/\/vilight.vn\/website\/?post_type=product&#038;p=1481"},"modified":"2024-10-04T13:42:50","modified_gmt":"2024-10-04T06:42:50","slug":"den-bollard-vl-bl11","status":"publish","type":"product","link":"https:\/\/vilight.vn\/website\/san-pham\/den-chieu-sang-facade\/den-bollard\/den-bollard-vl-bl11\/","title":{"rendered":"\u0110\u00e8n Bollard VL-BL11"},"content":{"rendered":"<h2 style=\"text-align: justify;\"><span style=\"font-size: 18pt;\">\u0110\u00e8n Bollard VL-BL11: T\u1ea1o \u0111i\u1ec3m nh\u1ea5n v\u1edbi \u00e1nh s\u00e1ng ch\u1ea5t l\u01b0\u1ee3ng v\u00e0 thi\u1ebft k\u1ebf \u0111\u1eb9p m\u1eaft<\/span><\/h2>\n<p style=\"text-align: justify;\"><span style=\"font-size: 14pt;\">Trong kh\u00f4ng gian ki\u1ebfn tr\u00fac v\u00e0 c\u1ea3nh quan hi\u1ec7n \u0111\u1ea1i, \u00e1nh s\u00e1ng \u0111\u00f3ng vai tr\u00f2 quan tr\u1ecdng trong vi\u1ec7c t\u1ea1o \u0111i\u1ec3m nh\u1ea5n v\u00e0 t\u00f4n vinh kh\u00f4ng gian xung quanh. \u0110\u00e8n Bollard VL-BL11 l\u00e0 m\u1ed9t s\u1ea3n ph\u1ea9m \u0111\u00e8n chi\u1ebfu s\u00e1ng n\u1ed5i b\u1eadt, \u0111\u01b0\u1ee3c trang b\u1ecb c\u00e1c t\u00ednh n\u0103ng v\u01b0\u1ee3t tr\u1ed9i, mang l\u1ea1i kh\u00f4ng ch\u1ec9 \u00e1nh s\u00e1ng ch\u1ea5t l\u01b0\u1ee3ng m\u00e0 c\u00f2n t\u1ea1o \u0111i\u1ec3m nh\u1ea5n ngh\u1ec7 thu\u1eadt cho kh\u00f4ng gian c\u1ee7a b\u1ea1n.<\/span><\/p>\n<p style=\"text-align: justify;\"><span style=\"font-size: 14pt;\">Chip LED Lumileds \u0111\u01b0\u1ee3c s\u1eed d\u1ee5ng trong \u0111\u00e8n Bollard VL-BL11 l\u00e0 m\u1ed9t c\u00f4ng ngh\u1ec7 ti\u00ean ti\u1ebfn, \u0111\u1ea3m b\u1ea3o \u0111\u1ed9 s\u00e1ng cao, tu\u1ed5i th\u1ecd l\u00e2u d\u00e0i v\u00e0 ti\u1ebft ki\u1ec7m n\u0103ng l\u01b0\u1ee3ng. V\u1edbi c\u00f4ng su\u1ea5t 12W, \u0111\u00e8n n\u00e0y cung c\u1ea5p \u00e1nh s\u00e1ng m\u1ea1nh m\u1ebd v\u00e0 \u0111\u1ed3ng \u0111\u1ec1u, gi\u00fap chi\u1ebfu s\u00e1ng hi\u1ec7u qu\u1ea3 trong kh\u00f4ng gian m\u00e0 b\u1ea1n mong mu\u1ed1n.<\/span><\/p>\n<p style=\"text-align: justify;\"><span style=\"font-size: 14pt;\">Th\u00e2n \u0111\u00e8n \u0111\u01b0\u1ee3c l\u00e0m t\u1eeb nh\u00f4m \u0111\u00fac, mang l\u1ea1i s\u1ef1 b\u1ec1n b\u1ec9 v\u00e0 \u0111\u1ed9 b\u1ec1n cao cho s\u1ea3n ph\u1ea9m. V\u1edbi \u0111\u1eb7c t\u00ednh ch\u1ed1ng th\u1eddi ti\u1ebft v\u00e0 ch\u1ecbu \u0111\u01b0\u1ee3c m\u00f4i tr\u01b0\u1eddng kh\u1eafc nghi\u1ec7t, \u0111\u00e8n Bollard VL-BL11 c\u00f3 kh\u1ea3 n\u0103ng ch\u1ed1ng n\u01b0\u1edbc v\u1edbi \u0111\u1ed9 k\u00edn IP65, gi\u00fap n\u00f3 ho\u1ea1t \u0111\u1ed9ng t\u1ed1t d\u01b0\u1edbi m\u1ecdi \u0111i\u1ec1u ki\u1ec7n th\u1eddi ti\u1ebft.<\/span><\/p>\n<p style=\"text-align: justify;\"><span style=\"font-size: 14pt;\">\u0110i\u1ec7n \u00e1p ho\u1ea1t \u0111\u1ed9ng r\u1ed9ng t\u1eeb AC100-260V gi\u00fap \u0111\u00e8n ph\u00f9 h\u1ee3p v\u1edbi nhi\u1ec1u ngu\u1ed3n \u0111i\u1ec7n v\u00e0 h\u1ec7 th\u1ed1ng \u0111i\u1ec7n kh\u00e1c nhau, mang l\u1ea1i s\u1ef1 linh ho\u1ea1t trong l\u1eafp \u0111\u1eb7t v\u00e0 s\u1eed d\u1ee5ng.<\/span><\/p>\n<p style=\"text-align: justify;\"><span style=\"font-size: 14pt;\">V\u1edbi chi\u1ec1u cao 800mm, \u0111\u00e8n Bollard VL-BL11 t\u1ea1o \u0111i\u1ec3m nh\u1ea5n cao v\u00e0 g\u00f3p ph\u1ea7n t\u1ea1o c\u1ea3m gi\u00e1c ch\u1eafc ch\u1eafn v\u00e0 c\u00e2n \u0111\u1ed1i trong kh\u00f4ng gian. Ngo\u00e0i ra, b\u1ea1n c\u00f3 th\u1ec3 l\u1ef1a ch\u1ecdn nhi\u1ec7t \u0111\u1ed9 m\u00e0u ph\u00f9 h\u1ee3p v\u1edbi y\u00eau c\u1ea7u c\u1ee7a b\u1ea1n, t\u1eeb 3000K, 4000K \u0111\u1ebfn 6000K, t\u1ea1o ra kh\u00f4ng gian \u1ea5m \u00e1p v\u00e0 th\u00e2n thi\u1ec7n ho\u1eb7c s\u00e1ng s\u1ee7a v\u00e0 n\u0103ng \u0111\u1ed9ng.<\/span><\/p>\n<p style=\"text-align: justify;\"><span style=\"font-size: 14pt;\">V\u1edbi tu\u1ed5i th\u1ecd 50.000 gi\u1edd, \u0111\u00e8n Bollard VL-BL11 \u0111\u1ea3m b\u1ea3o r\u1eb1ng b\u1ea1n s\u1ebd t\u1eadn h\u01b0\u1edfng \u00e1nh s\u00e1ng ch\u1ea5t l\u01b0\u1ee3ng v\u00e0 kh\u00f4ng c\u1ea7n ph\u1ea3i thay th\u1ebf \u0111\u00e8n th\u01b0\u1eddng xuy\u00ean. \u0110i\u1ec1u n\u00e0y ti\u1ebft ki\u1ec7m th\u1eddi gian v\u00e0 c\u00f4ng s\u1ee9c, \u0111\u1ed3ng th\u1eddi gi\u00fap b\u1ea1n ti\u1ebft ki<\/span><\/p>\n<p style=\"text-align: justify;\"><span style=\"font-size: 14pt;\">\u1ec7m chi ph\u00ed b\u1ea3o tr\u00ec trong su\u1ed1t qu\u00e3ng th\u1eddi gian s\u1eed d\u1ee5ng.<\/span><\/p>\n<p style=\"text-align: justify;\"><span style=\"font-size: 14pt;\">\u0110\u00e8n Bollard VL-BL11 kh\u00f4ng ch\u1ec9 mang l\u1ea1i \u00e1nh s\u00e1ng ch\u1ea5t l\u01b0\u1ee3ng v\u00e0 \u0111\u1ed9 s\u00e1ng m\u1ea1nh m\u1ebd, m\u00e0 c\u00f2n l\u00e0 m\u1ed9t ph\u1ea7n ngh\u1ec7 thu\u1eadt tinh t\u1ebf trong kh\u00f4ng gian c\u1ee7a b\u1ea1n. Thi\u1ebft k\u1ebf \u0111\u1eb9p m\u1eaft v\u00e0 hi\u1ec7n \u0111\u1ea1i c\u1ee7a \u0111\u00e8n n\u00e0y s\u1ebd g\u00f3p ph\u1ea7n t\u1ea1o \u0111i\u1ec3m nh\u1ea5n n\u1ed5i b\u1eadt v\u00e0 t\u1ea1o c\u1ea3m gi\u00e1c th\u1ecbnh v\u01b0\u1ee3ng cho c\u1ea3nh quan xung quanh.<\/span><\/p>\n<p style=\"text-align: justify;\"><span style=\"font-size: 14pt;\">V\u1edbi \u0111\u00e8n Bollard VL-BL11, b\u1ea1n c\u00f3 th\u1ec3 t\u1ea1o n\u00ean kh\u00f4ng gian s\u00e1ng t\u1ea1o v\u00e0 \u1ea5n t\u01b0\u1ee3ng. Cho d\u00f9 b\u1ea1n \u00e1p d\u1ee5ng n\u00f3 trong s\u00e2n v\u01b0\u1eddn, con \u0111\u01b0\u1eddng, hay khu\u00f4n vi\u00ean c\u00f4ng c\u1ed9ng, \u0111\u00e8n Bollard VL-BL11 s\u1ebd l\u00e0 s\u1ef1 l\u1ef1a ch\u1ecdn tuy\u1ec7t v\u1eddi \u0111\u1ec3 t\u1ea1o \u0111i\u1ec3m nh\u1ea5n v\u00e0 t\u00f4n vinh kh\u00f4ng gian xung quanh.<\/span><\/p>\n<p style=\"text-align: justify;\"><span style=\"font-size: 14pt;\"><a href=\"https:\/\/vilight.vn\/website\/wp-content\/uploads\/2021\/06\/BL11.jpg\"><img decoding=\"async\" class=\"aligncenter wp-image-1482 lazyload\" data-src=\"https:\/\/vilight.vn\/website\/wp-content\/uploads\/2021\/06\/BL11.jpg\" alt=\"\u0110\u00e8n Bollard VL-BL11\" width=\"1500\" height=\"960\" data-srcset=\"https:\/\/vilight.vn\/website\/wp-content\/uploads\/2021\/06\/BL11.jpg 1200w, https:\/\/vilight.vn\/website\/wp-content\/uploads\/2021\/06\/BL11-800x512.jpg 800w, https:\/\/vilight.vn\/website\/wp-content\/uploads\/2021\/06\/BL11-300x192.jpg 300w, https:\/\/vilight.vn\/website\/wp-content\/uploads\/2021\/06\/BL11-1024x655.jpg 1024w, https:\/\/vilight.vn\/website\/wp-content\/uploads\/2021\/06\/BL11-768x492.jpg 768w, https:\/\/vilight.vn\/website\/wp-content\/uploads\/2021\/06\/BL11-16x10.jpg 16w, https:\/\/vilight.vn\/website\/wp-content\/uploads\/2021\/06\/BL11-228x146.jpg 228w, https:\/\/vilight.vn\/website\/wp-content\/uploads\/2021\/06\/BL11-50x32.jpg 50w, https:\/\/vilight.vn\/website\/wp-content\/uploads\/2021\/06\/BL11-117x75.jpg 117w, https:\/\/vilight.vn\/website\/wp-content\/uploads\/2021\/06\/BL11-600x384.jpg 600w\" data-sizes=\"(max-width:767px) 480px, (max-width:1500px) 100vw, 1500px\" src=\"data:image\/svg+xml;base64,PHN2ZyB3aWR0aD0iMSIgaGVpZ2h0PSIxIiB4bWxucz0iaHR0cDovL3d3dy53My5vcmcvMjAwMC9zdmciPjwvc3ZnPg==\" style=\"--smush-placeholder-width: 1500px; --smush-placeholder-aspect-ratio: 1500\/960;\" \/><\/a><\/span><\/p>\n<p style=\"text-align: justify;\"><span style=\"color: #ffffff; font-size: 14pt;\">\u0110\u00e8n s\u00e2n v\u01b0\u1eddn BL11. \u0110\u00e8n Bollard BL11. \u0110\u00e8n BL11. \u0110\u00e8n Bollard nh\u1eadp kh\u1ea9u BL11.\u00a0<\/span><\/p>\n","protected":false},"excerpt":{"rendered":"<p style=\"text-align: justify;\"><span style=\"font-size: 14pt;\">\u0110\u00e8n Bollard VL-BL11: \u00c1nh s\u00e1ng ch\u1ea5t l\u01b0\u1ee3ng, thi\u1ebft k\u1ebf \u0111\u1eb9p m\u1eaft v\u00e0 tu\u1ed5i th\u1ecd l\u00ean \u0111\u1ebfn 50.000 gi\u1edd. T\u1ea1o \u0111i\u1ec3m nh\u1ea5n v\u00e0 t\u00f4n vinh kh\u00f4ng gian v\u1edbi \u00e1nh s\u00e1ng m\u1ea1nh m\u1ebd v\u00e0 hi\u1ec7u qu\u1ea3.<\/span><\/p>\n","protected":false},"featured_media":1483,"template":"","meta":[],"product_brand":[],"product_cat":[69,73],"product_tag":[452],"class_list":{"0":"post-1481","1":"product","2":"type-product","3":"status-publish","4":"has-post-thumbnail","6":"product_cat-den-bollard","7":"product_cat-den-chieu-sang-facade","8":"product_tag-den-bollard-vl-bl11","9":"pa_chip-led-lumileds","10":"pa_cong-suat-12w","11":"pa_dien-ap-hoat-dong-ac-100-260v","12":"pa_do-kin-ip65","13":"pa_nhiet-do-mau-3000k","14":"pa_nhiet-do-mau-4000k","15":"pa_nhiet-do-mau-6000k","17":"first","18":"instock","19":"taxable","20":"shipping-taxable","21":"product-type-simple"},"yoast_head":"<!-- This site is optimized with the Yoast SEO Premium plugin v27.4 (Yoast SEO v27.4) - https:\/\/yoast.com\/product\/yoast-seo-premium-wordpress\/ -->\n<title>\u0110\u00e8n Bollard VL-BL11 - Vilight Co.ltd<\/title>\n<meta name=\"description\" content=\"\u0110\u00e8n Bollard VL-BL11 l\u00e0 m\u1eabu \u0111\u00e8n s\u00e2n v\u01b0\u1eddn cao c\u1ea5p, hi\u1ec7n \u0111\u1ea1i c\u00f3 kh\u1ea3 n\u0103ng ch\u1ed1ng ch\u1ecbu v\u1edbi thi\u00ean nhi\u00ean \u0111\u1ea3m b\u1ea3o b\u1ec1n v\u1eefng trong th\u1eddi gian d\u00e0i\" \/>\n<meta name=\"robots\" content=\"index, follow, max-snippet:-1, max-image-preview:large, max-video-preview:-1\" \/>\n<link rel=\"canonical\" href=\"https:\/\/vilight.vn\/website\/san-pham\/den-chieu-sang-facade\/den-bollard\/den-bollard-vl-bl11\/\" \/>\n<meta property=\"og:locale\" content=\"vi_VN\" \/>\n<meta property=\"og:type\" content=\"article\" \/>\n<meta property=\"og:title\" content=\"\u0110\u00e8n Bollard VL-BL11\" \/>\n<meta property=\"og:description\" content=\"\u0110\u00e8n Bollard VL-BL11: \u00c1nh s\u00e1ng ch\u1ea5t l\u01b0\u1ee3ng, thi\u1ebft k\u1ebf \u0111\u1eb9p m\u1eaft v\u00e0 tu\u1ed5i th\u1ecd l\u00ean \u0111\u1ebfn 50.000 gi\u1edd. T\u1ea1o \u0111i\u1ec3m nh\u1ea5n v\u00e0 t\u00f4n vinh kh\u00f4ng gian v\u1edbi \u00e1nh s\u00e1ng m\u1ea1nh m\u1ebd v\u00e0 hi\u1ec7u qu\u1ea3.\" \/>\n<meta property=\"og:url\" content=\"https:\/\/vilight.vn\/website\/san-pham\/den-chieu-sang-facade\/den-bollard\/den-bollard-vl-bl11\/\" \/>\n<meta property=\"og:site_name\" content=\"Vilight Co.ltd\" \/>\n<meta property=\"article:publisher\" content=\"http:\/\/facebook.com\/vilight.vn\" \/>\n<meta property=\"article:modified_time\" content=\"2024-10-04T06:42:50+00:00\" \/>\n<meta property=\"og:image\" content=\"https:\/\/vilight.vn\/website\/wp-content\/uploads\/2021\/06\/BL11-Logo.jpg\" \/>\n\t<meta property=\"og:image:width\" content=\"600\" \/>\n\t<meta property=\"og:image:height\" content=\"600\" \/>\n\t<meta property=\"og:image:type\" content=\"image\/jpeg\" \/>\n<meta name=\"twitter:card\" content=\"summary_large_image\" \/>\n<meta name=\"twitter:label1\" content=\"Gi\u00e1\" \/>\n\t<meta name=\"twitter:data1\" content=\"\" \/>\n\t<meta name=\"twitter:label2\" content=\"Kh\u1ea3 d\u1ee5ng\" \/>\n\t<meta name=\"twitter:data2\" content=\"Trong kho\" \/>\n<script type=\"application\/ld+json\" class=\"yoast-schema-graph\">{\"@context\":\"https:\\\/\\\/schema.org\",\"@graph\":[{\"@type\":\"WebPage\",\"@id\":\"https:\\\/\\\/vilight.vn\\\/website\\\/san-pham\\\/den-chieu-sang-facade\\\/den-bollard\\\/den-bollard-vl-bl11\\\/\",\"url\":\"https:\\\/\\\/vilight.vn\\\/website\\\/san-pham\\\/den-chieu-sang-facade\\\/den-bollard\\\/den-bollard-vl-bl11\\\/\",\"name\":\"\u0110\u00e8n Bollard VL-BL11 - Vilight Co.ltd\",\"isPartOf\":{\"@id\":\"https:\\\/\\\/vilight.vn\\\/website\\\/#website\"},\"primaryImageOfPage\":{\"@id\":\"https:\\\/\\\/vilight.vn\\\/website\\\/san-pham\\\/den-chieu-sang-facade\\\/den-bollard\\\/den-bollard-vl-bl11\\\/#primaryimage\"},\"image\":{\"@id\":\"https:\\\/\\\/vilight.vn\\\/website\\\/san-pham\\\/den-chieu-sang-facade\\\/den-bollard\\\/den-bollard-vl-bl11\\\/#primaryimage\"},\"thumbnailUrl\":\"https:\\\/\\\/vilight.vn\\\/website\\\/wp-content\\\/uploads\\\/2021\\\/06\\\/BL11-Logo.jpg\",\"datePublished\":\"2021-06-28T02:37:07+00:00\",\"dateModified\":\"2024-10-04T06:42:50+00:00\",\"description\":\"\u0110\u00e8n Bollard VL-BL11 l\u00e0 m\u1eabu \u0111\u00e8n s\u00e2n v\u01b0\u1eddn cao c\u1ea5p, hi\u1ec7n \u0111\u1ea1i c\u00f3 kh\u1ea3 n\u0103ng ch\u1ed1ng ch\u1ecbu v\u1edbi thi\u00ean nhi\u00ean \u0111\u1ea3m b\u1ea3o b\u1ec1n v\u1eefng trong th\u1eddi gian d\u00e0i\",\"breadcrumb\":{\"@id\":\"https:\\\/\\\/vilight.vn\\\/website\\\/san-pham\\\/den-chieu-sang-facade\\\/den-bollard\\\/den-bollard-vl-bl11\\\/#breadcrumb\"},\"inLanguage\":\"vi\",\"potentialAction\":[{\"@type\":\"ReadAction\",\"target\":[\"https:\\\/\\\/vilight.vn\\\/website\\\/san-pham\\\/den-chieu-sang-facade\\\/den-bollard\\\/den-bollard-vl-bl11\\\/\"]}]},{\"@type\":\"ImageObject\",\"inLanguage\":\"vi\",\"@id\":\"https:\\\/\\\/vilight.vn\\\/website\\\/san-pham\\\/den-chieu-sang-facade\\\/den-bollard\\\/den-bollard-vl-bl11\\\/#primaryimage\",\"url\":\"https:\\\/\\\/vilight.vn\\\/website\\\/wp-content\\\/uploads\\\/2021\\\/06\\\/BL11-Logo.jpg\",\"contentUrl\":\"https:\\\/\\\/vilight.vn\\\/website\\\/wp-content\\\/uploads\\\/2021\\\/06\\\/BL11-Logo.jpg\",\"width\":600,\"height\":600,\"caption\":\"\u0110\u00e8n Bollard VL-BL11\"},{\"@type\":\"BreadcrumbList\",\"@id\":\"https:\\\/\\\/vilight.vn\\\/website\\\/san-pham\\\/den-chieu-sang-facade\\\/den-bollard\\\/den-bollard-vl-bl11\\\/#breadcrumb\",\"itemListElement\":[{\"@type\":\"ListItem\",\"position\":1,\"name\":\"Home\",\"item\":\"https:\\\/\\\/vilight.vn\\\/website\\\/\"},{\"@type\":\"ListItem\",\"position\":2,\"name\":\"store\",\"item\":\"https:\\\/\\\/vilight.vn\\\/website\\\/store\\\/\"},{\"@type\":\"ListItem\",\"position\":3,\"name\":\"\u0110\u00e8n Bollard VL-BL11\"}]},{\"@type\":\"WebSite\",\"@id\":\"https:\\\/\\\/vilight.vn\\\/website\\\/#website\",\"url\":\"https:\\\/\\\/vilight.vn\\\/website\\\/\",\"name\":\"Vilight Co.ltd\",\"description\":\"Chi\u1ebfu s\u00e1ng m\u1ef9 thu\u1eadt, chi\u1ebfu s\u00e1ng th\u00f4ng minh, LED Pixel 3D, chi\u1ebfu s\u00e1ng trang tr\u00ed \u0111\u00f4 th\u1ecb, chi\u1ebfu s\u00e1ng v\u00f2ng xoay, chi\u1ebfu s\u00e1ng \u0111\u1ea3o giao th\u00f4ng, c\u1ed5ng ch\u00e0o \u0111\u00f4 th\u1ecb\",\"publisher\":{\"@id\":\"https:\\\/\\\/vilight.vn\\\/website\\\/#organization\"},\"potentialAction\":[{\"@type\":\"SearchAction\",\"target\":{\"@type\":\"EntryPoint\",\"urlTemplate\":\"https:\\\/\\\/vilight.vn\\\/website\\\/?s={search_term_string}\"},\"query-input\":{\"@type\":\"PropertyValueSpecification\",\"valueRequired\":true,\"valueName\":\"search_term_string\"}}],\"inLanguage\":\"vi\"},{\"@type\":\"Organization\",\"@id\":\"https:\\\/\\\/vilight.vn\\\/website\\\/#organization\",\"name\":\"Vilight\",\"url\":\"https:\\\/\\\/vilight.vn\\\/website\\\/\",\"logo\":{\"@type\":\"ImageObject\",\"inLanguage\":\"vi\",\"@id\":\"https:\\\/\\\/vilight.vn\\\/website\\\/#\\\/schema\\\/logo\\\/image\\\/\",\"url\":\"https:\\\/\\\/vilight.vn\\\/website\\\/wp-content\\\/uploads\\\/2022\\\/05\\\/chieu_sang_trang_tri_do_thi_bang_den_led_pixel.png\",\"contentUrl\":\"https:\\\/\\\/vilight.vn\\\/website\\\/wp-content\\\/uploads\\\/2022\\\/05\\\/chieu_sang_trang_tri_do_thi_bang_den_led_pixel.png\",\"width\":800,\"height\":427,\"caption\":\"Vilight\"},\"image\":{\"@id\":\"https:\\\/\\\/vilight.vn\\\/website\\\/#\\\/schema\\\/logo\\\/image\\\/\"},\"sameAs\":[\"http:\\\/\\\/facebook.com\\\/vilight.vn\",\"https:\\\/\\\/www.linkedin.com\\\/company\\\/vilight-vn\",\"https:\\\/\\\/www.youtube.com\\\/channel\\\/UCEwR2naeDcuarMX1kSv_rLQ\\\/videos\"]}]}<\/script>\n<meta property=\"product:brand\" content=\"\u0110\u00e8n Bollard\" \/>\n<meta property=\"product:price:currency\" content=\"VND\" \/>\n<meta property=\"og:availability\" content=\"instock\" \/>\n<meta property=\"product:availability\" content=\"instock\" \/>\n<meta property=\"product:condition\" content=\"new\" \/>\n<!-- \/ Yoast SEO Premium plugin. -->","yoast_head_json":{"title":"\u0110\u00e8n Bollard VL-BL11 - Vilight Co.ltd","description":"\u0110\u00e8n Bollard VL-BL11 l\u00e0 m\u1eabu \u0111\u00e8n s\u00e2n v\u01b0\u1eddn cao c\u1ea5p, hi\u1ec7n \u0111\u1ea1i c\u00f3 kh\u1ea3 n\u0103ng ch\u1ed1ng ch\u1ecbu v\u1edbi thi\u00ean nhi\u00ean \u0111\u1ea3m b\u1ea3o b\u1ec1n v\u1eefng trong th\u1eddi gian d\u00e0i","robots":{"index":"index","follow":"follow","max-snippet":"max-snippet:-1","max-image-preview":"max-image-preview:large","max-video-preview":"max-video-preview:-1"},"canonical":"https:\/\/vilight.vn\/website\/san-pham\/den-chieu-sang-facade\/den-bollard\/den-bollard-vl-bl11\/","og_locale":"vi_VN","og_type":"article","og_title":"\u0110\u00e8n Bollard VL-BL11","og_description":"\u0110\u00e8n Bollard VL-BL11: \u00c1nh s\u00e1ng ch\u1ea5t l\u01b0\u1ee3ng, thi\u1ebft k\u1ebf \u0111\u1eb9p m\u1eaft v\u00e0 tu\u1ed5i th\u1ecd l\u00ean \u0111\u1ebfn 50.000 gi\u1edd. T\u1ea1o \u0111i\u1ec3m nh\u1ea5n v\u00e0 t\u00f4n vinh kh\u00f4ng gian v\u1edbi \u00e1nh s\u00e1ng m\u1ea1nh m\u1ebd v\u00e0 hi\u1ec7u qu\u1ea3.","og_url":"https:\/\/vilight.vn\/website\/san-pham\/den-chieu-sang-facade\/den-bollard\/den-bollard-vl-bl11\/","og_site_name":"Vilight Co.ltd","article_publisher":"http:\/\/facebook.com\/vilight.vn","article_modified_time":"2024-10-04T06:42:50+00:00","og_image":[{"width":600,"height":600,"url":"https:\/\/vilight.vn\/website\/wp-content\/uploads\/2021\/06\/BL11-Logo.jpg","type":"image\/jpeg"}],"twitter_card":"summary_large_image","twitter_misc":{"Gi\u00e1":"","Kh\u1ea3 d\u1ee5ng":"Trong kho"},"schema":{"@context":"https:\/\/schema.org","@graph":[{"@type":"WebPage","@id":"https:\/\/vilight.vn\/website\/san-pham\/den-chieu-sang-facade\/den-bollard\/den-bollard-vl-bl11\/","url":"https:\/\/vilight.vn\/website\/san-pham\/den-chieu-sang-facade\/den-bollard\/den-bollard-vl-bl11\/","name":"\u0110\u00e8n Bollard VL-BL11 - Vilight Co.ltd","isPartOf":{"@id":"https:\/\/vilight.vn\/website\/#website"},"primaryImageOfPage":{"@id":"https:\/\/vilight.vn\/website\/san-pham\/den-chieu-sang-facade\/den-bollard\/den-bollard-vl-bl11\/#primaryimage"},"image":{"@id":"https:\/\/vilight.vn\/website\/san-pham\/den-chieu-sang-facade\/den-bollard\/den-bollard-vl-bl11\/#primaryimage"},"thumbnailUrl":"https:\/\/vilight.vn\/website\/wp-content\/uploads\/2021\/06\/BL11-Logo.jpg","datePublished":"2021-06-28T02:37:07+00:00","dateModified":"2024-10-04T06:42:50+00:00","description":"\u0110\u00e8n Bollard VL-BL11 l\u00e0 m\u1eabu \u0111\u00e8n s\u00e2n v\u01b0\u1eddn cao c\u1ea5p, hi\u1ec7n \u0111\u1ea1i c\u00f3 kh\u1ea3 n\u0103ng ch\u1ed1ng ch\u1ecbu v\u1edbi thi\u00ean nhi\u00ean \u0111\u1ea3m b\u1ea3o b\u1ec1n v\u1eefng trong th\u1eddi gian d\u00e0i","breadcrumb":{"@id":"https:\/\/vilight.vn\/website\/san-pham\/den-chieu-sang-facade\/den-bollard\/den-bollard-vl-bl11\/#breadcrumb"},"inLanguage":"vi","potentialAction":[{"@type":"ReadAction","target":["https:\/\/vilight.vn\/website\/san-pham\/den-chieu-sang-facade\/den-bollard\/den-bollard-vl-bl11\/"]}]},{"@type":"ImageObject","inLanguage":"vi","@id":"https:\/\/vilight.vn\/website\/san-pham\/den-chieu-sang-facade\/den-bollard\/den-bollard-vl-bl11\/#primaryimage","url":"https:\/\/vilight.vn\/website\/wp-content\/uploads\/2021\/06\/BL11-Logo.jpg","contentUrl":"https:\/\/vilight.vn\/website\/wp-content\/uploads\/2021\/06\/BL11-Logo.jpg","width":600,"height":600,"caption":"\u0110\u00e8n Bollard VL-BL11"},{"@type":"BreadcrumbList","@id":"https:\/\/vilight.vn\/website\/san-pham\/den-chieu-sang-facade\/den-bollard\/den-bollard-vl-bl11\/#breadcrumb","itemListElement":[{"@type":"ListItem","position":1,"name":"Home","item":"https:\/\/vilight.vn\/website\/"},{"@type":"ListItem","position":2,"name":"store","item":"https:\/\/vilight.vn\/website\/store\/"},{"@type":"ListItem","position":3,"name":"\u0110\u00e8n Bollard VL-BL11"}]},{"@type":"WebSite","@id":"https:\/\/vilight.vn\/website\/#website","url":"https:\/\/vilight.vn\/website\/","name":"Vilight Co.ltd","description":"Chi\u1ebfu s\u00e1ng m\u1ef9 thu\u1eadt, chi\u1ebfu s\u00e1ng th\u00f4ng minh, LED Pixel 3D, chi\u1ebfu s\u00e1ng trang tr\u00ed \u0111\u00f4 th\u1ecb, chi\u1ebfu s\u00e1ng v\u00f2ng xoay, chi\u1ebfu s\u00e1ng \u0111\u1ea3o giao th\u00f4ng, c\u1ed5ng ch\u00e0o \u0111\u00f4 th\u1ecb","publisher":{"@id":"https:\/\/vilight.vn\/website\/#organization"},"potentialAction":[{"@type":"SearchAction","target":{"@type":"EntryPoint","urlTemplate":"https:\/\/vilight.vn\/website\/?s={search_term_string}"},"query-input":{"@type":"PropertyValueSpecification","valueRequired":true,"valueName":"search_term_string"}}],"inLanguage":"vi"},{"@type":"Organization","@id":"https:\/\/vilight.vn\/website\/#organization","name":"Vilight","url":"https:\/\/vilight.vn\/website\/","logo":{"@type":"ImageObject","inLanguage":"vi","@id":"https:\/\/vilight.vn\/website\/#\/schema\/logo\/image\/","url":"https:\/\/vilight.vn\/website\/wp-content\/uploads\/2022\/05\/chieu_sang_trang_tri_do_thi_bang_den_led_pixel.png","contentUrl":"https:\/\/vilight.vn\/website\/wp-content\/uploads\/2022\/05\/chieu_sang_trang_tri_do_thi_bang_den_led_pixel.png","width":800,"height":427,"caption":"Vilight"},"image":{"@id":"https:\/\/vilight.vn\/website\/#\/schema\/logo\/image\/"},"sameAs":["http:\/\/facebook.com\/vilight.vn","https:\/\/www.linkedin.com\/company\/vilight-vn","https:\/\/www.youtube.com\/channel\/UCEwR2naeDcuarMX1kSv_rLQ\/videos"]}]},"product_brand":"\u0110\u00e8n Bollard","product_price_currency":"VND","og_availability":"instock","product_availability":"instock","product_condition":"new"},"_links":{"self":[{"href":"https:\/\/vilight.vn\/website\/wp-json\/wp\/v2\/product\/1481","targetHints":{"allow":["GET"]}}],"collection":[{"href":"https:\/\/vilight.vn\/website\/wp-json\/wp\/v2\/product"}],"about":[{"href":"https:\/\/vilight.vn\/website\/wp-json\/wp\/v2\/types\/product"}],"wp:featuredmedia":[{"embeddable":true,"href":"https:\/\/vilight.vn\/website\/wp-json\/wp\/v2\/media\/1483"}],"wp:attachment":[{"href":"https:\/\/vilight.vn\/website\/wp-json\/wp\/v2\/media?parent=1481"}],"wp:term":[{"taxonomy":"product_brand","embeddable":true,"href":"https:\/\/vilight.vn\/website\/wp-json\/wp\/v2\/product_brand?post=1481"},{"taxonomy":"product_cat","embeddable":true,"href":"https:\/\/vilight.vn\/website\/wp-json\/wp\/v2\/product_cat?post=1481"},{"taxonomy":"product_tag","embeddable":true,"href":"https:\/\/vilight.vn\/website\/wp-json\/wp\/v2\/product_tag?post=1481"}],"curies":[{"name":"wp","href":"https:\/\/api.w.org\/{rel}","templated":true}]}}