{"id":1484,"date":"2021-06-28T09:37:55","date_gmt":"2021-06-28T02:37:55","guid":{"rendered":"https:\/\/vilight.vn\/website\/?post_type=product&#038;p=1484"},"modified":"2025-08-27T14:58:10","modified_gmt":"2025-08-27T07:58:10","slug":"den-bollard-vl-bl12","status":"publish","type":"product","link":"https:\/\/vilight.vn\/website\/san-pham\/den-chieu-sang-facade\/den-bollard\/den-bollard-vl-bl12\/","title":{"rendered":"\u0110\u00e8n Bollard VL-BL12"},"content":{"rendered":"<h2 style=\"text-align: justify;\"><span style=\"font-size: 18pt;\">\u0110\u00e8n Bollard VL-BL12 &#8211; S\u1ef1 l\u1ef1a ch\u1ecdn ho\u00e0n h\u1ea3o cho \u00e1nh s\u00e1ng ngo\u1ea1i th\u1ea5t<\/span><\/h2>\n<p style=\"text-align: justify;\"><span style=\"font-size: 14pt;\">B\u1ea1n \u0111ang t\u00ecm ki\u1ebfm m\u1ed9t gi\u1ea3i ph\u00e1p chi\u1ebfu s\u00e1ng ngo\u1ea1i th\u1ea5t tuy\u1ec7t v\u1eddi? \u0110\u00e8n Bollard VL-BL12 l\u00e0 s\u1ea3n ph\u1ea9m l\u00fd t\u01b0\u1edfng cho b\u1ea1n. V\u1edbi thi\u1ebft k\u1ebf tinh t\u1ebf, ch\u1ea5t li\u1ec7u ch\u1ea5t l\u01b0\u1ee3ng v\u00e0 hi\u1ec7u su\u1ea5t \u00e1nh s\u00e1ng xu\u1ea5t s\u1eafc, \u0111\u00e8n Bollard VL-BL12 \u0111em \u0111\u1ebfn kh\u00f4ng ch\u1ec9 \u00e1nh s\u00e1ng m\u00e0 c\u00f2n c\u1ea3m gi\u00e1c th\u1ea9m m\u1ef9 cho m\u1ecdi kh\u00f4ng gian ngo\u1ea1i th\u1ea5t. H\u00e3y c\u00f9ng t\u00ecm hi\u1ec3u chi ti\u1ebft v\u1ec1 c\u00e1c \u0111\u1eb7c \u0111i\u1ec3m n\u1ed5i b\u1eadt c\u1ee7a \u0111\u00e8n n\u00e0y.<\/span><\/p>\n<p style=\"text-align: justify;\"><span style=\"font-size: 14pt;\">M\u1ed9t trong nh\u1eefng y\u1ebfu t\u1ed1 quan tr\u1ecdng nh\u1ea5t c\u1ee7a \u0111\u00e8n Bollard VL-BL12 l\u00e0 chip LED \u0111\u01b0\u1ee3c s\u1eed d\u1ee5ng. \u0110\u00e8n \u0111\u01b0\u1ee3c trang b\u1ecb chip LED t\u1eeb nh\u1eefng th\u01b0\u01a1ng hi\u1ec7u danh ti\u1ebfng nh\u01b0 Bridgelux v\u00e0 Osram, \u0111\u1ea3m b\u1ea3o \u00e1nh s\u00e1ng ch\u1ea5t l\u01b0\u1ee3ng, s\u00e1ng v\u00e0 m\u1ea1nh m\u1ebd. Chip LED kh\u00f4ng ch\u1ec9 ti\u1ebft ki\u1ec7m n\u0103ng l\u01b0\u1ee3ng m\u00e0 c\u00f2n c\u00f3 tu\u1ed5i th\u1ecd l\u00ean \u0111\u1ebfn 50.000 gi\u1edd, gi\u00fap b\u1ea1n gi\u1ea3m b\u1edbt chi ph\u00ed b\u1ea3o tr\u00ec v\u00e0 thay th\u1ebf \u0111\u00e8n.<\/span><\/p>\n<p style=\"text-align: justify;\"><span style=\"font-size: 14pt;\">Th\u00e2n \u0111\u00e8n \u0111\u01b0\u1ee3c l\u00e0m t\u1eeb nh\u00f4m \u0111\u00fac, m\u1ed9t ch\u1ea5t li\u1ec7u c\u00f3 \u0111\u1ed9 b\u1ec1n cao v\u00e0 kh\u1ea3 n\u0103ng ch\u1ed1ng oxi h\u00f3a t\u1ed1t. \u0110i\u1ec1u n\u00e0y \u0111\u1ea3m b\u1ea3o r\u1eb1ng \u0111\u00e8n Bollard VL-BL12 c\u00f3 th\u1ec3 ch\u1ecbu \u0111\u01b0\u1ee3c c\u00e1c \u0111i\u1ec1u ki\u1ec7n th\u1eddi ti\u1ebft kh\u1eafc nghi\u1ec7t v\u00e0 tu\u1ed5i th\u1ecd c\u1ee7a n\u00f3 k\u00e9o d\u00e0i. B\u00ean c\u1ea1nh \u0111\u00f3, v\u1edbi k\u00edch th\u01b0\u1edbc \u0111a d\u1ea1ng, b\u1ea1n c\u00f3 th\u1ec3 l\u1ef1a ch\u1ecdn c\u00f4ng su\u1ea5t ph\u00f9 h\u1ee3p v\u1edbi nhu c\u1ea7u s\u1eed d\u1ee5ng c\u1ee7a m\u00ecnh. C\u00f3 c\u00e1c phi\u00ean b\u1ea3n c\u00f4ng su\u1ea5t t\u1eeb 6W-9W, 9W-12W v\u00e0 15W, v\u1edbi k\u00edch th\u01b0\u1edbc v\u00e0 h\u00ecnh d\u00e1ng \u0111a d\u1ea1ng nh\u01b0 D90*H1000 mm, D108*H1000 mm v\u00e0 D150*H1000 mm.<\/span><\/p>\n<p style=\"text-align: justify;\"><span style=\"font-size: 14pt;\"><a href=\"https:\/\/vilight.vn\/website\/wp-content\/uploads\/2021\/06\/BL12.jpg\"><img decoding=\"async\" class=\"aligncenter wp-image-1485 lazyload\" data-src=\"https:\/\/vilight.vn\/website\/wp-content\/uploads\/2021\/06\/BL12.jpg\" alt=\"\u0110\u00e8n Bollard VL-BL12\" width=\"1500\" height=\"960\" data-srcset=\"https:\/\/vilight.vn\/website\/wp-content\/uploads\/2021\/06\/BL12.jpg 1200w, https:\/\/vilight.vn\/website\/wp-content\/uploads\/2021\/06\/BL12-800x512.jpg 800w, https:\/\/vilight.vn\/website\/wp-content\/uploads\/2021\/06\/BL12-300x192.jpg 300w, https:\/\/vilight.vn\/website\/wp-content\/uploads\/2021\/06\/BL12-1024x655.jpg 1024w, https:\/\/vilight.vn\/website\/wp-content\/uploads\/2021\/06\/BL12-768x492.jpg 768w, https:\/\/vilight.vn\/website\/wp-content\/uploads\/2021\/06\/BL12-16x10.jpg 16w, https:\/\/vilight.vn\/website\/wp-content\/uploads\/2021\/06\/BL12-228x146.jpg 228w, https:\/\/vilight.vn\/website\/wp-content\/uploads\/2021\/06\/BL12-50x32.jpg 50w, https:\/\/vilight.vn\/website\/wp-content\/uploads\/2021\/06\/BL12-117x75.jpg 117w, https:\/\/vilight.vn\/website\/wp-content\/uploads\/2021\/06\/BL12-600x384.jpg 600w\" data-sizes=\"(max-width:767px) 480px, (max-width:1500px) 100vw, 1500px\" src=\"data:image\/svg+xml;base64,PHN2ZyB3aWR0aD0iMSIgaGVpZ2h0PSIxIiB4bWxucz0iaHR0cDovL3d3dy53My5vcmcvMjAwMC9zdmciPjwvc3ZnPg==\" style=\"--smush-placeholder-width: 1500px; --smush-placeholder-aspect-ratio: 1500\/960;\" \/><\/a><\/span><\/p>\n<p style=\"text-align: justify;\"><span style=\"font-size: 14pt;\">\u0110\u00e8n Bollard VL-BL12 cung c\u1ea5p nhi\u1ec7t \u0111\u1ed9 m\u00e0u linh ho\u1ea1t, bao g\u1ed3m c\u00e1c t\u00f9y ch\u1ecdn 3000K (\u1ea5m \u00e1p), 4000K (trung t\u00ednh) v\u00e0 6000K (tr\u1eafng). \u0110i\u1ec1u n\u00e0y cho ph\u00e9p b\u1ea1n \u0111i\u1ec1u ch\u1ec9nh \u00e1nh s\u00e1ng theo phong c\u00e1ch v\u00e0 kh\u00f4ng gian c\u1ee7a b\u1ea1n. Cho d\u00f9 b\u1ea1n mu\u1ed1n t\u1ea1o ra m\u1ed9t kh\u00f4ng gian \u1ea5m c\u00fang v\u00e0 th\u00e2n thi\u1ec7n, m\u1ed9t kh\u00f4ng gian chuy\u00ean nghi\u1ec7p v\u00e0 hi\u1ec7n \u0111\u1ea1i, hay m\u1ed9t kh\u00f4ng gian s\u00e1ng r\u1ef1c v\u00e0 t\u01b0\u01a1i <\/span><span style=\"font-size: 14pt;\">s\u00e1ng, \u0111\u00e8n Bollard VL-BL12 \u0111\u00e1p \u1ee9ng \u0111\u01b0\u1ee3c m\u1ecdi nhu c\u1ea7u \u00e1nh s\u00e1ng c\u1ee7a b\u1ea1n.<\/span><\/p>\n<p style=\"text-align: justify;\"><span style=\"font-size: 14pt;\">Kh\u1ea3 n\u0103ng ch\u1ed1ng th\u1ea5m n\u01b0\u1edbc v\u00e0 b\u1ee5i l\u00e0 m\u1ed9t y\u1ebfu t\u1ed1 quan tr\u1ecdng khi ch\u1ecdn \u0111\u00e8n chi\u1ebfu s\u00e1ng ngo\u1ea1i th\u1ea5t. V\u1edbi \u0111\u1ed9 k\u00edn IP54, \u0111\u00e8n Bollard VL-BL12 c\u00f3 kh\u1ea3 n\u0103ng ch\u1ed1ng n\u01b0\u1edbc v\u00e0 b\u1ee5i, gi\u00fap \u0111\u1ea3m b\u1ea3o ho\u1ea1t \u0111\u1ed9ng \u1ed5n \u0111\u1ecbnh trong m\u00f4i tr\u01b0\u1eddng kh\u1eafc nghi\u1ec7t. \u0110\u1ed3ng th\u1eddi, \u0111\u1ed9 k\u00edn IP67 c\u1ee7a driver (b\u1ed9 \u0111i\u1ec1u khi\u1ec3n \u0111\u00e8n) b\u1ea3o v\u1ec7 ho\u00e0n to\u00e0n driver kh\u1ecfi t\u00e1c \u0111\u1ed9ng c\u1ee7a n\u01b0\u1edbc.<\/span><\/p>\n<p style=\"text-align: justify;\"><span style=\"font-size: 14pt;\">\u0110\u00e8n Bollard VL-BL12 cung c\u1ea5p m\u1ed9t gi\u1ea3i ph\u00e1p chi\u1ebfu s\u00e1ng ngo\u1ea1i th\u1ea5t ho\u00e0n h\u1ea3o cho c\u00e1c khu v\u1ef1c c\u00f4ng c\u1ed9ng nh\u01b0 c\u00f4ng vi\u00ean, khu vui ch\u01a1i, s\u00e2n v\u01b0\u1eddn hay khu\u00f4n vi\u00ean kh\u00e1ch s\u1ea1n. V\u1edbi thi\u1ebft k\u1ebf tinh t\u1ebf, ch\u1ea5t li\u1ec7u nh\u00f4m \u0111\u00fac b\u1ec1n b\u1ec9 v\u00e0 hi\u1ec7u su\u1ea5t \u00e1nh s\u00e1ng \u1ea5n t\u01b0\u1ee3ng, \u0111\u00e8n n\u00e0y s\u1ebd l\u00e0m n\u1ed5i b\u1eadt kh\u00f4ng gian v\u00e0 t\u1ea1o \u0111i\u1ec3m nh\u1ea5n cho c\u1ea3nh quan xung quanh.<\/span><\/p>\n<p style=\"text-align: justify;\"><span style=\"font-size: 14pt;\">T\u00f3m l\u1ea1i, \u0111\u00e8n Bollard VL-BL12 l\u00e0 s\u1ef1 l\u1ef1a ch\u1ecdn ho\u00e0n h\u1ea3o cho \u00e1nh s\u00e1ng ngo\u1ea1i th\u1ea5t. V\u1edbi chip LED h\u00e0ng \u0111\u1ea7u, ch\u1ea5t li\u1ec7u nh\u00f4m \u0111\u00fac cao c\u1ea5p, c\u00e1c t\u00f9y ch\u1ecdn c\u00f4ng su\u1ea5t v\u00e0 nhi\u1ec7t \u0111\u1ed9 m\u00e0u \u0111a d\u1ea1ng, \u0111\u1ed9 k\u00edn IP54 cho th\u00e2n \u0111\u00e8n v\u00e0 IP67 cho driver, \u0111\u00e8n Bollard VL-BL12 s\u1ebd mang \u0111\u1ebfn cho b\u1ea1n kh\u00f4ng ch\u1ec9 \u00e1nh s\u00e1ng m\u00e0 c\u00f2n m\u1ed9t phong c\u00e1ch th\u1ea9m m\u1ef9 tuy\u1ec7t v\u1eddi. H\u00e3y trang tr\u00ed kh\u00f4ng gian ngo\u1ea1i th\u1ea5t c\u1ee7a b\u1ea1n v\u1edbi \u0111\u00e8n Bollard VL-BL12 v\u00e0 t\u1ea1o ra m\u1ed9t kh\u00f4ng gian th\u00e2n thi\u1ec7n, \u1ea5m c\u00fang v\u00e0 \u0111\u1eb9p m\u1eaft.<\/span><\/p>\n","protected":false},"excerpt":{"rendered":"<p style=\"text-align: justify;\"><span style=\"font-size: 14pt;\">\u0110\u00e8n Bollard VL-BL12 &#8211; S\u1ef1 k\u1ebft h\u1ee3p ho\u00e0n h\u1ea3o gi\u1eefa ch\u1ea5t l\u01b0\u1ee3ng \u00e1nh s\u00e1ng v\u01b0\u1ee3t tr\u1ed9i, thi\u1ebft k\u1ebf tinh t\u1ebf v\u00e0 \u0111\u1ed9 b\u1ec1n cao. T\u1ea1o \u0111i\u1ec3m nh\u1ea5n cho kh\u00f4ng gian ngo\u1ea1i th\u1ea5t v\u1edbi tu\u1ed5i th\u1ecd l\u00ean \u0111\u1ebfn 50.000 gi\u1edd v\u00e0 kh\u1ea3 n\u0103ng ch\u1ed1ng n\u01b0\u1edbc IP54.<\/span><\/p>\n","protected":false},"featured_media":1486,"template":"","meta":[],"product_brand":[],"product_cat":[69,73],"product_tag":[],"class_list":{"0":"post-1484","1":"product","2":"type-product","3":"status-publish","4":"has-post-thumbnail","6":"product_cat-den-bollard","7":"product_cat-den-chieu-sang-facade","8":"pa_chip-led-bridgelux","9":"pa_chip-led-oram","10":"pa_dien-ap-hoat-dong-ac-100-260v","11":"pa_do-kin-ip54","12":"pa_nhiet-do-mau-3000k","13":"pa_nhiet-do-mau-4000k","14":"pa_nhiet-do-mau-6000k","16":"first","17":"instock","18":"taxable","19":"shipping-taxable","20":"product-type-simple"},"yoast_head":"<!-- This site is optimized with the Yoast SEO Premium plugin v27.5 (Yoast SEO v27.5) - https:\/\/yoast.com\/product\/yoast-seo-premium-wordpress\/ -->\n<title>\u0110\u00e8n Bollard VL-BL12 - Vilight Co.ltd<\/title>\n<meta name=\"description\" content=\"\u0110\u00e8n Bollard VL-BL l\u00e0 m\u1eabu \u0111\u00e8n s\u00e2n v\u01b0\u1eddn cao c\u1ea5p, hi\u1ec7n \u0111\u1ea1i c\u00f3 kh\u1ea3 n\u0103ng ch\u1ed1ng ch\u1ecbu v\u1edbi thi\u00ean nhi\u00ean \u0111\u1ea3m b\u1ea3o b\u1ec1n v\u1eefng trong th\u1eddi gian d\u00e0i\" \/>\n<meta name=\"robots\" content=\"index, follow, max-snippet:-1, max-image-preview:large, max-video-preview:-1\" \/>\n<link rel=\"canonical\" href=\"https:\/\/vilight.vn\/website\/san-pham\/den-chieu-sang-facade\/den-bollard\/den-bollard-vl-bl12\/\" \/>\n<meta property=\"og:locale\" content=\"vi_VN\" \/>\n<meta property=\"og:type\" content=\"article\" \/>\n<meta property=\"og:title\" content=\"\u0110\u00e8n Bollard VL-BL12\" \/>\n<meta property=\"og:description\" content=\"\u0110\u00e8n Bollard VL-BL12 - S\u1ef1 k\u1ebft h\u1ee3p ho\u00e0n h\u1ea3o gi\u1eefa ch\u1ea5t l\u01b0\u1ee3ng \u00e1nh s\u00e1ng v\u01b0\u1ee3t tr\u1ed9i, thi\u1ebft k\u1ebf tinh t\u1ebf v\u00e0 \u0111\u1ed9 b\u1ec1n cao. T\u1ea1o \u0111i\u1ec3m nh\u1ea5n cho kh\u00f4ng gian ngo\u1ea1i th\u1ea5t v\u1edbi tu\u1ed5i th\u1ecd l\u00ean \u0111\u1ebfn 50.000 gi\u1edd v\u00e0 kh\u1ea3 n\u0103ng ch\u1ed1ng n\u01b0\u1edbc IP54.\" \/>\n<meta property=\"og:url\" content=\"https:\/\/vilight.vn\/website\/san-pham\/den-chieu-sang-facade\/den-bollard\/den-bollard-vl-bl12\/\" \/>\n<meta property=\"og:site_name\" content=\"Vilight Co.ltd\" \/>\n<meta property=\"article:publisher\" content=\"http:\/\/facebook.com\/vilight.vn\" \/>\n<meta property=\"article:modified_time\" content=\"2025-08-27T07:58:10+00:00\" \/>\n<meta property=\"og:image\" content=\"https:\/\/vilight.vn\/website\/wp-content\/uploads\/2021\/06\/BL12-Logo.jpg\" \/>\n\t<meta property=\"og:image:width\" content=\"600\" \/>\n\t<meta property=\"og:image:height\" content=\"600\" \/>\n\t<meta property=\"og:image:type\" content=\"image\/jpeg\" \/>\n<meta name=\"twitter:card\" content=\"summary_large_image\" \/>\n<meta name=\"twitter:label1\" content=\"Gi\u00e1\" \/>\n\t<meta name=\"twitter:data1\" content=\"\" \/>\n\t<meta name=\"twitter:label2\" content=\"Kh\u1ea3 d\u1ee5ng\" \/>\n\t<meta name=\"twitter:data2\" content=\"Trong kho\" \/>\n<script type=\"application\/ld+json\" class=\"yoast-schema-graph\">{\"@context\":\"https:\\\/\\\/schema.org\",\"@graph\":[{\"@type\":\"WebPage\",\"@id\":\"https:\\\/\\\/vilight.vn\\\/website\\\/san-pham\\\/den-chieu-sang-facade\\\/den-bollard\\\/den-bollard-vl-bl12\\\/\",\"url\":\"https:\\\/\\\/vilight.vn\\\/website\\\/san-pham\\\/den-chieu-sang-facade\\\/den-bollard\\\/den-bollard-vl-bl12\\\/\",\"name\":\"\u0110\u00e8n Bollard VL-BL12 - Vilight Co.ltd\",\"isPartOf\":{\"@id\":\"https:\\\/\\\/vilight.vn\\\/website\\\/#website\"},\"primaryImageOfPage\":{\"@id\":\"https:\\\/\\\/vilight.vn\\\/website\\\/san-pham\\\/den-chieu-sang-facade\\\/den-bollard\\\/den-bollard-vl-bl12\\\/#primaryimage\"},\"image\":{\"@id\":\"https:\\\/\\\/vilight.vn\\\/website\\\/san-pham\\\/den-chieu-sang-facade\\\/den-bollard\\\/den-bollard-vl-bl12\\\/#primaryimage\"},\"thumbnailUrl\":\"https:\\\/\\\/vilight.vn\\\/website\\\/wp-content\\\/uploads\\\/2021\\\/06\\\/BL12-Logo.jpg\",\"datePublished\":\"2021-06-28T02:37:55+00:00\",\"dateModified\":\"2025-08-27T07:58:10+00:00\",\"description\":\"\u0110\u00e8n Bollard VL-BL l\u00e0 m\u1eabu \u0111\u00e8n s\u00e2n v\u01b0\u1eddn cao c\u1ea5p, hi\u1ec7n \u0111\u1ea1i c\u00f3 kh\u1ea3 n\u0103ng ch\u1ed1ng ch\u1ecbu v\u1edbi thi\u00ean nhi\u00ean \u0111\u1ea3m b\u1ea3o b\u1ec1n v\u1eefng trong th\u1eddi gian d\u00e0i\",\"breadcrumb\":{\"@id\":\"https:\\\/\\\/vilight.vn\\\/website\\\/san-pham\\\/den-chieu-sang-facade\\\/den-bollard\\\/den-bollard-vl-bl12\\\/#breadcrumb\"},\"inLanguage\":\"vi\",\"potentialAction\":[{\"@type\":\"ReadAction\",\"target\":[\"https:\\\/\\\/vilight.vn\\\/website\\\/san-pham\\\/den-chieu-sang-facade\\\/den-bollard\\\/den-bollard-vl-bl12\\\/\"]}]},{\"@type\":\"ImageObject\",\"inLanguage\":\"vi\",\"@id\":\"https:\\\/\\\/vilight.vn\\\/website\\\/san-pham\\\/den-chieu-sang-facade\\\/den-bollard\\\/den-bollard-vl-bl12\\\/#primaryimage\",\"url\":\"https:\\\/\\\/vilight.vn\\\/website\\\/wp-content\\\/uploads\\\/2021\\\/06\\\/BL12-Logo.jpg\",\"contentUrl\":\"https:\\\/\\\/vilight.vn\\\/website\\\/wp-content\\\/uploads\\\/2021\\\/06\\\/BL12-Logo.jpg\",\"width\":600,\"height\":600,\"caption\":\"\u0110\u00e8n Bollard VL-BL12\"},{\"@type\":\"BreadcrumbList\",\"@id\":\"https:\\\/\\\/vilight.vn\\\/website\\\/san-pham\\\/den-chieu-sang-facade\\\/den-bollard\\\/den-bollard-vl-bl12\\\/#breadcrumb\",\"itemListElement\":[{\"@type\":\"ListItem\",\"position\":1,\"name\":\"Home\",\"item\":\"https:\\\/\\\/vilight.vn\\\/website\\\/\"},{\"@type\":\"ListItem\",\"position\":2,\"name\":\"store\",\"item\":\"https:\\\/\\\/vilight.vn\\\/website\\\/store\\\/\"},{\"@type\":\"ListItem\",\"position\":3,\"name\":\"\u0110\u00e8n Bollard VL-BL12\"}]},{\"@type\":\"WebSite\",\"@id\":\"https:\\\/\\\/vilight.vn\\\/website\\\/#website\",\"url\":\"https:\\\/\\\/vilight.vn\\\/website\\\/\",\"name\":\"Vilight Co.ltd\",\"description\":\"Chi\u1ebfu s\u00e1ng m\u1ef9 thu\u1eadt, chi\u1ebfu s\u00e1ng th\u00f4ng minh, LED Pixel 3D, chi\u1ebfu s\u00e1ng trang tr\u00ed \u0111\u00f4 th\u1ecb, chi\u1ebfu s\u00e1ng v\u00f2ng xoay, chi\u1ebfu s\u00e1ng \u0111\u1ea3o giao th\u00f4ng, c\u1ed5ng ch\u00e0o \u0111\u00f4 th\u1ecb\",\"publisher\":{\"@id\":\"https:\\\/\\\/vilight.vn\\\/website\\\/#organization\"},\"potentialAction\":[{\"@type\":\"SearchAction\",\"target\":{\"@type\":\"EntryPoint\",\"urlTemplate\":\"https:\\\/\\\/vilight.vn\\\/website\\\/?s={search_term_string}\"},\"query-input\":{\"@type\":\"PropertyValueSpecification\",\"valueRequired\":true,\"valueName\":\"search_term_string\"}}],\"inLanguage\":\"vi\"},{\"@type\":\"Organization\",\"@id\":\"https:\\\/\\\/vilight.vn\\\/website\\\/#organization\",\"name\":\"Vilight\",\"url\":\"https:\\\/\\\/vilight.vn\\\/website\\\/\",\"logo\":{\"@type\":\"ImageObject\",\"inLanguage\":\"vi\",\"@id\":\"https:\\\/\\\/vilight.vn\\\/website\\\/#\\\/schema\\\/logo\\\/image\\\/\",\"url\":\"https:\\\/\\\/vilight.vn\\\/website\\\/wp-content\\\/uploads\\\/2022\\\/05\\\/chieu_sang_trang_tri_do_thi_bang_den_led_pixel.png\",\"contentUrl\":\"https:\\\/\\\/vilight.vn\\\/website\\\/wp-content\\\/uploads\\\/2022\\\/05\\\/chieu_sang_trang_tri_do_thi_bang_den_led_pixel.png\",\"width\":800,\"height\":427,\"caption\":\"Vilight\"},\"image\":{\"@id\":\"https:\\\/\\\/vilight.vn\\\/website\\\/#\\\/schema\\\/logo\\\/image\\\/\"},\"sameAs\":[\"http:\\\/\\\/facebook.com\\\/vilight.vn\",\"https:\\\/\\\/www.linkedin.com\\\/company\\\/vilight-vn\",\"https:\\\/\\\/www.youtube.com\\\/channel\\\/UCEwR2naeDcuarMX1kSv_rLQ\\\/videos\"]}]}<\/script>\n<meta property=\"product:brand\" content=\"\u0110\u00e8n Bollard\" \/>\n<meta property=\"product:price:currency\" content=\"VND\" \/>\n<meta property=\"og:availability\" content=\"instock\" \/>\n<meta property=\"product:availability\" content=\"instock\" \/>\n<meta property=\"product:condition\" content=\"new\" \/>\n<!-- \/ Yoast SEO Premium plugin. -->","yoast_head_json":{"title":"\u0110\u00e8n Bollard VL-BL12 - Vilight Co.ltd","description":"\u0110\u00e8n Bollard VL-BL l\u00e0 m\u1eabu \u0111\u00e8n s\u00e2n v\u01b0\u1eddn cao c\u1ea5p, hi\u1ec7n \u0111\u1ea1i c\u00f3 kh\u1ea3 n\u0103ng ch\u1ed1ng ch\u1ecbu v\u1edbi thi\u00ean nhi\u00ean \u0111\u1ea3m b\u1ea3o b\u1ec1n v\u1eefng trong th\u1eddi gian d\u00e0i","robots":{"index":"index","follow":"follow","max-snippet":"max-snippet:-1","max-image-preview":"max-image-preview:large","max-video-preview":"max-video-preview:-1"},"canonical":"https:\/\/vilight.vn\/website\/san-pham\/den-chieu-sang-facade\/den-bollard\/den-bollard-vl-bl12\/","og_locale":"vi_VN","og_type":"article","og_title":"\u0110\u00e8n Bollard VL-BL12","og_description":"\u0110\u00e8n Bollard VL-BL12 - S\u1ef1 k\u1ebft h\u1ee3p ho\u00e0n h\u1ea3o gi\u1eefa ch\u1ea5t l\u01b0\u1ee3ng \u00e1nh s\u00e1ng v\u01b0\u1ee3t tr\u1ed9i, thi\u1ebft k\u1ebf tinh t\u1ebf v\u00e0 \u0111\u1ed9 b\u1ec1n cao. T\u1ea1o \u0111i\u1ec3m nh\u1ea5n cho kh\u00f4ng gian ngo\u1ea1i th\u1ea5t v\u1edbi tu\u1ed5i th\u1ecd l\u00ean \u0111\u1ebfn 50.000 gi\u1edd v\u00e0 kh\u1ea3 n\u0103ng ch\u1ed1ng n\u01b0\u1edbc IP54.","og_url":"https:\/\/vilight.vn\/website\/san-pham\/den-chieu-sang-facade\/den-bollard\/den-bollard-vl-bl12\/","og_site_name":"Vilight Co.ltd","article_publisher":"http:\/\/facebook.com\/vilight.vn","article_modified_time":"2025-08-27T07:58:10+00:00","og_image":[{"width":600,"height":600,"url":"https:\/\/vilight.vn\/website\/wp-content\/uploads\/2021\/06\/BL12-Logo.jpg","type":"image\/jpeg"}],"twitter_card":"summary_large_image","twitter_misc":{"Gi\u00e1":"","Kh\u1ea3 d\u1ee5ng":"Trong kho"},"schema":{"@context":"https:\/\/schema.org","@graph":[{"@type":"WebPage","@id":"https:\/\/vilight.vn\/website\/san-pham\/den-chieu-sang-facade\/den-bollard\/den-bollard-vl-bl12\/","url":"https:\/\/vilight.vn\/website\/san-pham\/den-chieu-sang-facade\/den-bollard\/den-bollard-vl-bl12\/","name":"\u0110\u00e8n Bollard VL-BL12 - Vilight Co.ltd","isPartOf":{"@id":"https:\/\/vilight.vn\/website\/#website"},"primaryImageOfPage":{"@id":"https:\/\/vilight.vn\/website\/san-pham\/den-chieu-sang-facade\/den-bollard\/den-bollard-vl-bl12\/#primaryimage"},"image":{"@id":"https:\/\/vilight.vn\/website\/san-pham\/den-chieu-sang-facade\/den-bollard\/den-bollard-vl-bl12\/#primaryimage"},"thumbnailUrl":"https:\/\/vilight.vn\/website\/wp-content\/uploads\/2021\/06\/BL12-Logo.jpg","datePublished":"2021-06-28T02:37:55+00:00","dateModified":"2025-08-27T07:58:10+00:00","description":"\u0110\u00e8n Bollard VL-BL l\u00e0 m\u1eabu \u0111\u00e8n s\u00e2n v\u01b0\u1eddn cao c\u1ea5p, hi\u1ec7n \u0111\u1ea1i c\u00f3 kh\u1ea3 n\u0103ng ch\u1ed1ng ch\u1ecbu v\u1edbi thi\u00ean nhi\u00ean \u0111\u1ea3m b\u1ea3o b\u1ec1n v\u1eefng trong th\u1eddi gian d\u00e0i","breadcrumb":{"@id":"https:\/\/vilight.vn\/website\/san-pham\/den-chieu-sang-facade\/den-bollard\/den-bollard-vl-bl12\/#breadcrumb"},"inLanguage":"vi","potentialAction":[{"@type":"ReadAction","target":["https:\/\/vilight.vn\/website\/san-pham\/den-chieu-sang-facade\/den-bollard\/den-bollard-vl-bl12\/"]}]},{"@type":"ImageObject","inLanguage":"vi","@id":"https:\/\/vilight.vn\/website\/san-pham\/den-chieu-sang-facade\/den-bollard\/den-bollard-vl-bl12\/#primaryimage","url":"https:\/\/vilight.vn\/website\/wp-content\/uploads\/2021\/06\/BL12-Logo.jpg","contentUrl":"https:\/\/vilight.vn\/website\/wp-content\/uploads\/2021\/06\/BL12-Logo.jpg","width":600,"height":600,"caption":"\u0110\u00e8n Bollard VL-BL12"},{"@type":"BreadcrumbList","@id":"https:\/\/vilight.vn\/website\/san-pham\/den-chieu-sang-facade\/den-bollard\/den-bollard-vl-bl12\/#breadcrumb","itemListElement":[{"@type":"ListItem","position":1,"name":"Home","item":"https:\/\/vilight.vn\/website\/"},{"@type":"ListItem","position":2,"name":"store","item":"https:\/\/vilight.vn\/website\/store\/"},{"@type":"ListItem","position":3,"name":"\u0110\u00e8n Bollard VL-BL12"}]},{"@type":"WebSite","@id":"https:\/\/vilight.vn\/website\/#website","url":"https:\/\/vilight.vn\/website\/","name":"Vilight Co.ltd","description":"Chi\u1ebfu s\u00e1ng m\u1ef9 thu\u1eadt, chi\u1ebfu s\u00e1ng th\u00f4ng minh, LED Pixel 3D, chi\u1ebfu s\u00e1ng trang tr\u00ed \u0111\u00f4 th\u1ecb, chi\u1ebfu s\u00e1ng v\u00f2ng xoay, chi\u1ebfu s\u00e1ng \u0111\u1ea3o giao th\u00f4ng, c\u1ed5ng ch\u00e0o \u0111\u00f4 th\u1ecb","publisher":{"@id":"https:\/\/vilight.vn\/website\/#organization"},"potentialAction":[{"@type":"SearchAction","target":{"@type":"EntryPoint","urlTemplate":"https:\/\/vilight.vn\/website\/?s={search_term_string}"},"query-input":{"@type":"PropertyValueSpecification","valueRequired":true,"valueName":"search_term_string"}}],"inLanguage":"vi"},{"@type":"Organization","@id":"https:\/\/vilight.vn\/website\/#organization","name":"Vilight","url":"https:\/\/vilight.vn\/website\/","logo":{"@type":"ImageObject","inLanguage":"vi","@id":"https:\/\/vilight.vn\/website\/#\/schema\/logo\/image\/","url":"https:\/\/vilight.vn\/website\/wp-content\/uploads\/2022\/05\/chieu_sang_trang_tri_do_thi_bang_den_led_pixel.png","contentUrl":"https:\/\/vilight.vn\/website\/wp-content\/uploads\/2022\/05\/chieu_sang_trang_tri_do_thi_bang_den_led_pixel.png","width":800,"height":427,"caption":"Vilight"},"image":{"@id":"https:\/\/vilight.vn\/website\/#\/schema\/logo\/image\/"},"sameAs":["http:\/\/facebook.com\/vilight.vn","https:\/\/www.linkedin.com\/company\/vilight-vn","https:\/\/www.youtube.com\/channel\/UCEwR2naeDcuarMX1kSv_rLQ\/videos"]}]},"product_brand":"\u0110\u00e8n Bollard","product_price_currency":"VND","og_availability":"instock","product_availability":"instock","product_condition":"new"},"_links":{"self":[{"href":"https:\/\/vilight.vn\/website\/wp-json\/wp\/v2\/product\/1484","targetHints":{"allow":["GET"]}}],"collection":[{"href":"https:\/\/vilight.vn\/website\/wp-json\/wp\/v2\/product"}],"about":[{"href":"https:\/\/vilight.vn\/website\/wp-json\/wp\/v2\/types\/product"}],"wp:featuredmedia":[{"embeddable":true,"href":"https:\/\/vilight.vn\/website\/wp-json\/wp\/v2\/media\/1486"}],"wp:attachment":[{"href":"https:\/\/vilight.vn\/website\/wp-json\/wp\/v2\/media?parent=1484"}],"wp:term":[{"taxonomy":"product_brand","embeddable":true,"href":"https:\/\/vilight.vn\/website\/wp-json\/wp\/v2\/product_brand?post=1484"},{"taxonomy":"product_cat","embeddable":true,"href":"https:\/\/vilight.vn\/website\/wp-json\/wp\/v2\/product_cat?post=1484"},{"taxonomy":"product_tag","embeddable":true,"href":"https:\/\/vilight.vn\/website\/wp-json\/wp\/v2\/product_tag?post=1484"}],"curies":[{"name":"wp","href":"https:\/\/api.w.org\/{rel}","templated":true}]}}