{"id":1635,"date":"2021-06-29T17:20:25","date_gmt":"2021-06-29T10:20:25","guid":{"rendered":"https:\/\/vilight.vn\/website\/?post_type=product&#038;p=1635"},"modified":"2024-10-04T14:00:19","modified_gmt":"2024-10-04T07:00:19","slug":"den-san-vuon-vl-vg01","status":"publish","type":"product","link":"https:\/\/vilight.vn\/website\/san-pham\/den-chieu-sang-facade\/den-san-vuon\/den-san-vuon-vl-vg01\/","title":{"rendered":"\u0110\u00e8n s\u00e2n v\u01b0\u1eddn VL-VG01"},"content":{"rendered":"<h2 style=\"text-align: justify;\"><span style=\"font-size: 18pt;\">\u0110\u00e8n s\u00e2n v\u01b0\u1eddn VL-VG01 l\u00e0 m\u1ed9t s\u1ea3n ph\u1ea9m \u0111\u00e8n ngo\u1ea1i th\u1ea5t ch\u1ea5t l\u01b0\u1ee3ng cao \u0111\u01b0\u1ee3c ph\u00e2n ph\u1ed1i ch\u00ednh h\u00e3ng b\u1edfi Vilight.vn.<\/span><\/h2>\n<p style=\"text-align: justify;\"><span style=\"font-size: 14pt;\">V\u1edbi \u0111\u1ed9 b\u1ec1n cao, \u0111\u00e8n n\u00e0y \u0111\u01b0\u1ee3c thi\u1ebft k\u1ebf \u0111\u1ec3 ch\u1ecbu \u0111\u01b0\u1ee3c \u0111i\u1ec1u ki\u1ec7n th\u1eddi ti\u1ebft kh\u1eafc nghi\u1ec7t v\u00e0 s\u1eed d\u1ee5ng ngo\u00e0i tr\u1eddi m\u1ed9t c\u00e1ch an to\u00e0n.<\/span><\/p>\n<p style=\"text-align: justify;\"><span style=\"font-size: 14pt;\">S\u1ea3n ph\u1ea9m n\u00e0y c\u00f3 th\u1ec3 c\u00f3 c\u00e1c t\u00ednh n\u0103ng sau \u0111\u00e2y \u0111\u1ec3 ph\u00f9 h\u1ee3p v\u1edbi vi\u1ec7c s\u1eed d\u1ee5ng ngo\u00e0i tr\u1eddi:<\/span><\/p>\n<p style=\"text-align: justify;\"><span style=\"font-size: 14pt;\">1. Ch\u1ea5t li\u1ec7u ch\u1ed1ng th\u1ea5m n\u01b0\u1edbc: \u0110\u00e8n s\u00e2n v\u01b0\u1eddn VL-VG01 th\u01b0\u1eddng \u0111\u01b0\u1ee3c l\u00e0m t\u1eeb v\u1eadt li\u1ec7u ch\u1ed1ng th\u1ea5m n\u01b0\u1edbc, nh\u01b0 h\u1ee3p kim nh\u00f4m, th\u00e9p kh\u00f4ng g\u1ec9 ho\u1eb7c nh\u1ef1a ch\u1ea5t l\u01b0\u1ee3ng cao. \u0110i\u1ec1u n\u00e0y gi\u00fap b\u1ea3o v\u1ec7 \u0111\u00e8n kh\u1ecfi n\u01b0\u1edbc m\u01b0a v\u00e0 c\u00e1c y\u1ebfu t\u1ed1 m\u00f4i tr\u01b0\u1eddng kh\u00e1c, \u0111\u1ea3m b\u1ea3o t\u00ednh b\u1ec1n v\u1eefng v\u00e0 \u0111\u1ed9 an to\u00e0n cho ng\u01b0\u1eddi d\u00f9ng.<\/span><\/p>\n<p style=\"text-align: justify;\"><span style=\"font-size: 14pt;\">2. Ch\u1ed1ng b\u1ee5i v\u00e0 ch\u1ed1ng oxy h\u00f3a: \u0110\u00e8n n\u00e0y th\u01b0\u1eddng \u0111\u01b0\u1ee3c thi\u1ebft k\u1ebf \u0111\u1ec3 ch\u1ed1ng b\u1ee5i v\u00e0 ch\u1ed1ng oxy h\u00f3a, gi\u00fap n\u00f3 duy tr\u00ec v\u1ebb ngo\u00e0i s\u00e1ng b\u00f3ng v\u00e0 ch\u1ed1ng l\u1ea1i \u1ea3nh h\u01b0\u1edfng c\u1ee7a m\u00f4i tr\u01b0\u1eddng b\u00ean ngo\u00e0i. \u0110i\u1ec1u n\u00e0y gi\u00fap t\u0103ng tu\u1ed5i th\u1ecd c\u1ee7a \u0111\u00e8n v\u00e0 gi\u1eef cho n\u00f3 ho\u1ea1t \u0111\u1ed9ng \u1ed5n \u0111\u1ecbnh trong th\u1eddi gian d\u00e0i.<\/span><\/p>\n<p style=\"text-align: justify;\"><span style=\"font-size: 14pt;\">3. Kh\u1ea3 n\u0103ng ch\u1ecbu \u0111\u01b0\u1ee3c \u00e1nh s\u00e1ng m\u1eb7t tr\u1eddi: \u0110\u00e8n s\u00e2n v\u01b0\u1eddn VL-VG01 th\u01b0\u1eddng \u0111\u01b0\u1ee3c thi\u1ebft k\u1ebf \u0111\u1ec3 ch\u1ecbu \u0111\u01b0\u1ee3c \u00e1nh s\u00e1ng m\u1eb7t tr\u1eddi m\u00e0 kh\u00f4ng b\u1ecb phai m\u00e0u ho\u1eb7c h\u01b0 h\u1ecfng. V\u1eadt li\u1ec7u v\u00e0 l\u1edbp ph\u1ee7 \u0111\u01b0\u1ee3c s\u1eed d\u1ee5ng trong s\u1ea3n ph\u1ea9m gi\u00fap n\u00f3 gi\u1eef \u0111\u01b0\u1ee3c m\u00e0u s\u1eafc v\u00e0 v\u1ebb \u0111\u1eb9p ban \u0111\u1ea7u trong nhi\u1ec1u n\u0103m s\u1eed d\u1ee5ng.<\/span><\/p>\n<p style=\"text-align: justify;\"><span style=\"font-size: 14pt;\"><a href=\"https:\/\/vilight.vn\/website\/wp-content\/uploads\/2021\/06\/VG01.jpg\"><img decoding=\"async\" class=\"aligncenter wp-image-1638 lazyload\" data-src=\"https:\/\/vilight.vn\/website\/wp-content\/uploads\/2021\/06\/VG01.jpg\" alt=\"\u0110\u00e8n s\u00e2n v\u01b0\u1eddn VL-VG01\" width=\"1500\" height=\"938\" data-srcset=\"https:\/\/vilight.vn\/website\/wp-content\/uploads\/2021\/06\/VG01.jpg 1200w, https:\/\/vilight.vn\/website\/wp-content\/uploads\/2021\/06\/VG01-800x500.jpg 800w, https:\/\/vilight.vn\/website\/wp-content\/uploads\/2021\/06\/VG01-300x188.jpg 300w, https:\/\/vilight.vn\/website\/wp-content\/uploads\/2021\/06\/VG01-1024x640.jpg 1024w, https:\/\/vilight.vn\/website\/wp-content\/uploads\/2021\/06\/VG01-768x480.jpg 768w, https:\/\/vilight.vn\/website\/wp-content\/uploads\/2021\/06\/VG01-16x10.jpg 16w, https:\/\/vilight.vn\/website\/wp-content\/uploads\/2021\/06\/VG01-234x146.jpg 234w, https:\/\/vilight.vn\/website\/wp-content\/uploads\/2021\/06\/VG01-50x31.jpg 50w, https:\/\/vilight.vn\/website\/wp-content\/uploads\/2021\/06\/VG01-120x75.jpg 120w, https:\/\/vilight.vn\/website\/wp-content\/uploads\/2021\/06\/VG01-600x375.jpg 600w\" data-sizes=\"(max-width:767px) 480px, (max-width:1500px) 100vw, 1500px\" src=\"data:image\/svg+xml;base64,PHN2ZyB3aWR0aD0iMSIgaGVpZ2h0PSIxIiB4bWxucz0iaHR0cDovL3d3dy53My5vcmcvMjAwMC9zdmciPjwvc3ZnPg==\" style=\"--smush-placeholder-width: 1500px; --smush-placeholder-aspect-ratio: 1500\/938;\" \/><\/a><\/span><\/p>\n<p style=\"text-align: justify;\"><span style=\"font-size: 14pt;\">4. C\u00f4ng su\u1ea5t v\u00e0 \u00e1nh s\u00e1ng ph\u00f9 h\u1ee3p: \u0110\u00e8n s\u00e2n v\u01b0\u1eddn VL-VG01 c\u00f3 c\u00f4ng su\u1ea5t ph\u00f9 h\u1ee3p v\u1edbi kh\u00f4ng gian s\u00e2n v\u01b0\u1eddn. S\u1ea3n ph\u1ea9m n\u00e0y c\u00f3 th\u1ec3 cung c\u1ea5p \u0111\u1ee7 \u00e1nh s\u00e1ng \u0111\u1ec3 chi\u1ebfu s\u00e1ng m\u1ed9t khu v\u1ef1c l\u1edbn m\u1ed9t c\u00e1ch hi\u1ec7u qu\u1ea3, t\u1ea1o ra kh\u00f4ng gian ngo\u1ea1i th\u1ea5t r\u1ef1c r\u1ee1 v\u00e0 an l\u00e0nh v\u00e0o ban \u0111\u00eam.<\/span><\/p>\n<p style=\"text-align: justify;\"><span style=\"font-size: 14pt;\">Khi mua \u0111\u00e8n s\u00e2n v\u01b0\u1eddn VL-VG01 t\u1eeb Vilight.vn, b\u1ea1n c\u00f3 th\u1ec3 tin t\u01b0\u1edfng v\u00e0o ch\u1ea5t l\u01b0\u1ee3ng s\u1ea3n ph\u1ea9m v\u00e0 s\u1ef1 chuy\u00ean nghi\u1ec7p c\u1ee7a nh\u00e0 cung c\u1ea5p. Tuy nhi\u00ean, khi mua s\u1ea3n ph\u1ea9m, h\u00e3y \u0111\u1ea3m b\u1ea3o ki\u1ec3m tra th\u00f4ng tin s\u1ea3n ph\u1ea9m c\u1ee5 th\u1ec3, ch\u00ednh s\u00e1ch b\u1ea3o h\u00e0nh v\u00e0 h\u01b0\u1edbng d\u1eabn s\u1eed d\u1ee5ng \u0111\u1ec3 s\u1eed d\u1ee5ng \u0111\u00fang c\u00e1ch v\u00e0 duy tr\u00ec \u0111\u00e8n trong th\u1eddi gian d\u00e0i.<\/span><\/p>\n","protected":false},"excerpt":{"rendered":"<p style=\"text-align: justify;\"><span style=\"font-size: 14pt;\">\u0110\u00e8n s\u00e2n v\u01b0\u1eddn VL-VG01 t\u1eeb Vilight.vn &#8211; m\u1ed9t m\u1eabu \u0111\u00e8n ch\u1ea5t l\u01b0\u1ee3ng cao, \u0111\u1ed9 b\u1ec1n cao v\u00e0 ph\u00f9 h\u1ee3p s\u1eed d\u1ee5ng ngo\u00e0i tr\u1eddi. T\u1eadn h\u01b0\u1edfng \u00e1nh s\u00e1ng r\u1ef1c r\u1ee1 v\u00e0 kh\u00f4ng gian ngo\u1ea1i th\u1ea5t tuy\u1ec7t \u0111\u1eb9p v\u1edbi s\u1ea3n ph\u1ea9m n\u00e0y.<\/span><\/p>\n","protected":false},"featured_media":1639,"template":"","meta":[],"product_brand":[],"product_cat":[73,70],"product_tag":[],"class_list":{"0":"post-1635","1":"product","2":"type-product","3":"status-publish","4":"has-post-thumbnail","6":"product_cat-den-chieu-sang-facade","7":"product_cat-den-san-vuon","8":"pa_chuan-dieu-khien-on-off","9":"pa_dien-ap-hoat-dong-ac-100-260v","10":"pa_do-kin-ip-66","11":"pa_nhiet-do-mau-3000k","12":"pa_nhiet-do-mau-4000k","14":"first","15":"instock","16":"taxable","17":"shipping-taxable","18":"product-type-simple"},"yoast_head":"<!-- This site is optimized with the Yoast SEO Premium plugin v27.5 (Yoast SEO v27.5) - https:\/\/yoast.com\/product\/yoast-seo-premium-wordpress\/ -->\n<title>\u0110\u00e8n s\u00e2n v\u01b0\u1eddn VL-VG01 nh\u1eadp kh\u1ea9u ch\u00ednh h\u00e3ng t\u1ea1i Vi\u1ec7t Nam - Vilight Co.ltd<\/title>\n<meta name=\"description\" content=\"\u0110\u00e8n s\u00e2n v\u01b0\u1eddn VL-VG01 ph\u00f9 h\u1ee3p cho nhi\u1ec1u m\u1ee5c \u0111\u00ednh s\u1eed d\u1ee5ng kh\u00e1c nhau. \u0110\u00e8n c\u00f3 \u0111\u1ed9 b\u1ec1n cao, s\u1eed d\u1ee5ng chip LED t\u1eeb c\u00e1c th\u01b0\u01a1ng hi\u1ec7u l\u1edbn\" \/>\n<meta name=\"robots\" content=\"index, follow, max-snippet:-1, max-image-preview:large, max-video-preview:-1\" \/>\n<link rel=\"canonical\" href=\"https:\/\/vilight.vn\/website\/san-pham\/den-chieu-sang-facade\/den-san-vuon\/den-san-vuon-vl-vg01\/\" \/>\n<meta property=\"og:locale\" content=\"vi_VN\" \/>\n<meta property=\"og:type\" content=\"article\" \/>\n<meta property=\"og:title\" content=\"\u0110\u00e8n s\u00e2n v\u01b0\u1eddn VL-VG01\" \/>\n<meta property=\"og:description\" content=\"\u0110\u00e8n s\u00e2n v\u01b0\u1eddn VL-VG01 t\u1eeb Vilight.vn - m\u1ed9t m\u1eabu \u0111\u00e8n ch\u1ea5t l\u01b0\u1ee3ng cao, \u0111\u1ed9 b\u1ec1n cao v\u00e0 ph\u00f9 h\u1ee3p s\u1eed d\u1ee5ng ngo\u00e0i tr\u1eddi. T\u1eadn h\u01b0\u1edfng \u00e1nh s\u00e1ng r\u1ef1c r\u1ee1 v\u00e0 kh\u00f4ng gian ngo\u1ea1i th\u1ea5t tuy\u1ec7t \u0111\u1eb9p v\u1edbi s\u1ea3n ph\u1ea9m n\u00e0y.\" \/>\n<meta property=\"og:url\" content=\"https:\/\/vilight.vn\/website\/san-pham\/den-chieu-sang-facade\/den-san-vuon\/den-san-vuon-vl-vg01\/\" \/>\n<meta property=\"og:site_name\" content=\"Vilight Co.ltd\" \/>\n<meta property=\"article:publisher\" content=\"http:\/\/facebook.com\/vilight.vn\" \/>\n<meta property=\"article:modified_time\" content=\"2024-10-04T07:00:19+00:00\" \/>\n<meta property=\"og:image\" content=\"https:\/\/vilight.vn\/website\/wp-content\/uploads\/2021\/06\/VG01-Logo.jpg\" \/>\n\t<meta property=\"og:image:width\" content=\"600\" \/>\n\t<meta property=\"og:image:height\" content=\"600\" \/>\n\t<meta property=\"og:image:type\" content=\"image\/jpeg\" \/>\n<meta name=\"twitter:card\" content=\"summary_large_image\" \/>\n<meta name=\"twitter:label1\" content=\"Gi\u00e1\" \/>\n\t<meta name=\"twitter:data1\" content=\"\" \/>\n\t<meta name=\"twitter:label2\" content=\"Kh\u1ea3 d\u1ee5ng\" \/>\n\t<meta name=\"twitter:data2\" content=\"Trong kho\" \/>\n<script type=\"application\/ld+json\" class=\"yoast-schema-graph\">{\"@context\":\"https:\\\/\\\/schema.org\",\"@graph\":[{\"@type\":\"WebPage\",\"@id\":\"https:\\\/\\\/vilight.vn\\\/website\\\/san-pham\\\/den-chieu-sang-facade\\\/den-san-vuon\\\/den-san-vuon-vl-vg01\\\/\",\"url\":\"https:\\\/\\\/vilight.vn\\\/website\\\/san-pham\\\/den-chieu-sang-facade\\\/den-san-vuon\\\/den-san-vuon-vl-vg01\\\/\",\"name\":\"\u0110\u00e8n s\u00e2n v\u01b0\u1eddn VL-VG01 nh\u1eadp kh\u1ea9u ch\u00ednh h\u00e3ng t\u1ea1i Vi\u1ec7t Nam - Vilight Co.ltd\",\"isPartOf\":{\"@id\":\"https:\\\/\\\/vilight.vn\\\/website\\\/#website\"},\"primaryImageOfPage\":{\"@id\":\"https:\\\/\\\/vilight.vn\\\/website\\\/san-pham\\\/den-chieu-sang-facade\\\/den-san-vuon\\\/den-san-vuon-vl-vg01\\\/#primaryimage\"},\"image\":{\"@id\":\"https:\\\/\\\/vilight.vn\\\/website\\\/san-pham\\\/den-chieu-sang-facade\\\/den-san-vuon\\\/den-san-vuon-vl-vg01\\\/#primaryimage\"},\"thumbnailUrl\":\"https:\\\/\\\/vilight.vn\\\/website\\\/wp-content\\\/uploads\\\/2021\\\/06\\\/VG01-Logo.jpg\",\"datePublished\":\"2021-06-29T10:20:25+00:00\",\"dateModified\":\"2024-10-04T07:00:19+00:00\",\"description\":\"\u0110\u00e8n s\u00e2n v\u01b0\u1eddn VL-VG01 ph\u00f9 h\u1ee3p cho nhi\u1ec1u m\u1ee5c \u0111\u00ednh s\u1eed d\u1ee5ng kh\u00e1c nhau. \u0110\u00e8n c\u00f3 \u0111\u1ed9 b\u1ec1n cao, s\u1eed d\u1ee5ng chip LED t\u1eeb c\u00e1c th\u01b0\u01a1ng hi\u1ec7u l\u1edbn\",\"breadcrumb\":{\"@id\":\"https:\\\/\\\/vilight.vn\\\/website\\\/san-pham\\\/den-chieu-sang-facade\\\/den-san-vuon\\\/den-san-vuon-vl-vg01\\\/#breadcrumb\"},\"inLanguage\":\"vi\",\"potentialAction\":[{\"@type\":\"ReadAction\",\"target\":[\"https:\\\/\\\/vilight.vn\\\/website\\\/san-pham\\\/den-chieu-sang-facade\\\/den-san-vuon\\\/den-san-vuon-vl-vg01\\\/\"]}]},{\"@type\":\"ImageObject\",\"inLanguage\":\"vi\",\"@id\":\"https:\\\/\\\/vilight.vn\\\/website\\\/san-pham\\\/den-chieu-sang-facade\\\/den-san-vuon\\\/den-san-vuon-vl-vg01\\\/#primaryimage\",\"url\":\"https:\\\/\\\/vilight.vn\\\/website\\\/wp-content\\\/uploads\\\/2021\\\/06\\\/VG01-Logo.jpg\",\"contentUrl\":\"https:\\\/\\\/vilight.vn\\\/website\\\/wp-content\\\/uploads\\\/2021\\\/06\\\/VG01-Logo.jpg\",\"width\":600,\"height\":600,\"caption\":\"VL-VG01\"},{\"@type\":\"BreadcrumbList\",\"@id\":\"https:\\\/\\\/vilight.vn\\\/website\\\/san-pham\\\/den-chieu-sang-facade\\\/den-san-vuon\\\/den-san-vuon-vl-vg01\\\/#breadcrumb\",\"itemListElement\":[{\"@type\":\"ListItem\",\"position\":1,\"name\":\"Home\",\"item\":\"https:\\\/\\\/vilight.vn\\\/website\\\/\"},{\"@type\":\"ListItem\",\"position\":2,\"name\":\"store\",\"item\":\"https:\\\/\\\/vilight.vn\\\/website\\\/store\\\/\"},{\"@type\":\"ListItem\",\"position\":3,\"name\":\"\u0110\u00e8n s\u00e2n v\u01b0\u1eddn VL-VG01\"}]},{\"@type\":\"WebSite\",\"@id\":\"https:\\\/\\\/vilight.vn\\\/website\\\/#website\",\"url\":\"https:\\\/\\\/vilight.vn\\\/website\\\/\",\"name\":\"Vilight Co.ltd\",\"description\":\"Chi\u1ebfu s\u00e1ng m\u1ef9 thu\u1eadt, chi\u1ebfu s\u00e1ng th\u00f4ng minh, LED Pixel 3D, chi\u1ebfu s\u00e1ng trang tr\u00ed \u0111\u00f4 th\u1ecb, chi\u1ebfu s\u00e1ng v\u00f2ng xoay, chi\u1ebfu s\u00e1ng \u0111\u1ea3o giao th\u00f4ng, c\u1ed5ng ch\u00e0o \u0111\u00f4 th\u1ecb\",\"publisher\":{\"@id\":\"https:\\\/\\\/vilight.vn\\\/website\\\/#organization\"},\"potentialAction\":[{\"@type\":\"SearchAction\",\"target\":{\"@type\":\"EntryPoint\",\"urlTemplate\":\"https:\\\/\\\/vilight.vn\\\/website\\\/?s={search_term_string}\"},\"query-input\":{\"@type\":\"PropertyValueSpecification\",\"valueRequired\":true,\"valueName\":\"search_term_string\"}}],\"inLanguage\":\"vi\"},{\"@type\":\"Organization\",\"@id\":\"https:\\\/\\\/vilight.vn\\\/website\\\/#organization\",\"name\":\"Vilight\",\"url\":\"https:\\\/\\\/vilight.vn\\\/website\\\/\",\"logo\":{\"@type\":\"ImageObject\",\"inLanguage\":\"vi\",\"@id\":\"https:\\\/\\\/vilight.vn\\\/website\\\/#\\\/schema\\\/logo\\\/image\\\/\",\"url\":\"https:\\\/\\\/vilight.vn\\\/website\\\/wp-content\\\/uploads\\\/2022\\\/05\\\/chieu_sang_trang_tri_do_thi_bang_den_led_pixel.png\",\"contentUrl\":\"https:\\\/\\\/vilight.vn\\\/website\\\/wp-content\\\/uploads\\\/2022\\\/05\\\/chieu_sang_trang_tri_do_thi_bang_den_led_pixel.png\",\"width\":800,\"height\":427,\"caption\":\"Vilight\"},\"image\":{\"@id\":\"https:\\\/\\\/vilight.vn\\\/website\\\/#\\\/schema\\\/logo\\\/image\\\/\"},\"sameAs\":[\"http:\\\/\\\/facebook.com\\\/vilight.vn\",\"https:\\\/\\\/www.linkedin.com\\\/company\\\/vilight-vn\",\"https:\\\/\\\/www.youtube.com\\\/channel\\\/UCEwR2naeDcuarMX1kSv_rLQ\\\/videos\"]}]}<\/script>\n<meta property=\"product:brand\" content=\"\u0110\u00e8n S\u00e2n V\u01b0\u1eddn\" \/>\n<meta property=\"product:price:currency\" content=\"VND\" \/>\n<meta property=\"og:availability\" content=\"instock\" \/>\n<meta property=\"product:availability\" content=\"instock\" \/>\n<meta property=\"product:condition\" content=\"new\" \/>\n<!-- \/ Yoast SEO Premium plugin. -->","yoast_head_json":{"title":"\u0110\u00e8n s\u00e2n v\u01b0\u1eddn VL-VG01 nh\u1eadp kh\u1ea9u ch\u00ednh h\u00e3ng t\u1ea1i Vi\u1ec7t Nam - Vilight Co.ltd","description":"\u0110\u00e8n s\u00e2n v\u01b0\u1eddn VL-VG01 ph\u00f9 h\u1ee3p cho nhi\u1ec1u m\u1ee5c \u0111\u00ednh s\u1eed d\u1ee5ng kh\u00e1c nhau. \u0110\u00e8n c\u00f3 \u0111\u1ed9 b\u1ec1n cao, s\u1eed d\u1ee5ng chip LED t\u1eeb c\u00e1c th\u01b0\u01a1ng hi\u1ec7u l\u1edbn","robots":{"index":"index","follow":"follow","max-snippet":"max-snippet:-1","max-image-preview":"max-image-preview:large","max-video-preview":"max-video-preview:-1"},"canonical":"https:\/\/vilight.vn\/website\/san-pham\/den-chieu-sang-facade\/den-san-vuon\/den-san-vuon-vl-vg01\/","og_locale":"vi_VN","og_type":"article","og_title":"\u0110\u00e8n s\u00e2n v\u01b0\u1eddn VL-VG01","og_description":"\u0110\u00e8n s\u00e2n v\u01b0\u1eddn VL-VG01 t\u1eeb Vilight.vn - m\u1ed9t m\u1eabu \u0111\u00e8n ch\u1ea5t l\u01b0\u1ee3ng cao, \u0111\u1ed9 b\u1ec1n cao v\u00e0 ph\u00f9 h\u1ee3p s\u1eed d\u1ee5ng ngo\u00e0i tr\u1eddi. T\u1eadn h\u01b0\u1edfng \u00e1nh s\u00e1ng r\u1ef1c r\u1ee1 v\u00e0 kh\u00f4ng gian ngo\u1ea1i th\u1ea5t tuy\u1ec7t \u0111\u1eb9p v\u1edbi s\u1ea3n ph\u1ea9m n\u00e0y.","og_url":"https:\/\/vilight.vn\/website\/san-pham\/den-chieu-sang-facade\/den-san-vuon\/den-san-vuon-vl-vg01\/","og_site_name":"Vilight Co.ltd","article_publisher":"http:\/\/facebook.com\/vilight.vn","article_modified_time":"2024-10-04T07:00:19+00:00","og_image":[{"width":600,"height":600,"url":"https:\/\/vilight.vn\/website\/wp-content\/uploads\/2021\/06\/VG01-Logo.jpg","type":"image\/jpeg"}],"twitter_card":"summary_large_image","twitter_misc":{"Gi\u00e1":"","Kh\u1ea3 d\u1ee5ng":"Trong kho"},"schema":{"@context":"https:\/\/schema.org","@graph":[{"@type":"WebPage","@id":"https:\/\/vilight.vn\/website\/san-pham\/den-chieu-sang-facade\/den-san-vuon\/den-san-vuon-vl-vg01\/","url":"https:\/\/vilight.vn\/website\/san-pham\/den-chieu-sang-facade\/den-san-vuon\/den-san-vuon-vl-vg01\/","name":"\u0110\u00e8n s\u00e2n v\u01b0\u1eddn VL-VG01 nh\u1eadp kh\u1ea9u ch\u00ednh h\u00e3ng t\u1ea1i Vi\u1ec7t Nam - Vilight Co.ltd","isPartOf":{"@id":"https:\/\/vilight.vn\/website\/#website"},"primaryImageOfPage":{"@id":"https:\/\/vilight.vn\/website\/san-pham\/den-chieu-sang-facade\/den-san-vuon\/den-san-vuon-vl-vg01\/#primaryimage"},"image":{"@id":"https:\/\/vilight.vn\/website\/san-pham\/den-chieu-sang-facade\/den-san-vuon\/den-san-vuon-vl-vg01\/#primaryimage"},"thumbnailUrl":"https:\/\/vilight.vn\/website\/wp-content\/uploads\/2021\/06\/VG01-Logo.jpg","datePublished":"2021-06-29T10:20:25+00:00","dateModified":"2024-10-04T07:00:19+00:00","description":"\u0110\u00e8n s\u00e2n v\u01b0\u1eddn VL-VG01 ph\u00f9 h\u1ee3p cho nhi\u1ec1u m\u1ee5c \u0111\u00ednh s\u1eed d\u1ee5ng kh\u00e1c nhau. \u0110\u00e8n c\u00f3 \u0111\u1ed9 b\u1ec1n cao, s\u1eed d\u1ee5ng chip LED t\u1eeb c\u00e1c th\u01b0\u01a1ng hi\u1ec7u l\u1edbn","breadcrumb":{"@id":"https:\/\/vilight.vn\/website\/san-pham\/den-chieu-sang-facade\/den-san-vuon\/den-san-vuon-vl-vg01\/#breadcrumb"},"inLanguage":"vi","potentialAction":[{"@type":"ReadAction","target":["https:\/\/vilight.vn\/website\/san-pham\/den-chieu-sang-facade\/den-san-vuon\/den-san-vuon-vl-vg01\/"]}]},{"@type":"ImageObject","inLanguage":"vi","@id":"https:\/\/vilight.vn\/website\/san-pham\/den-chieu-sang-facade\/den-san-vuon\/den-san-vuon-vl-vg01\/#primaryimage","url":"https:\/\/vilight.vn\/website\/wp-content\/uploads\/2021\/06\/VG01-Logo.jpg","contentUrl":"https:\/\/vilight.vn\/website\/wp-content\/uploads\/2021\/06\/VG01-Logo.jpg","width":600,"height":600,"caption":"VL-VG01"},{"@type":"BreadcrumbList","@id":"https:\/\/vilight.vn\/website\/san-pham\/den-chieu-sang-facade\/den-san-vuon\/den-san-vuon-vl-vg01\/#breadcrumb","itemListElement":[{"@type":"ListItem","position":1,"name":"Home","item":"https:\/\/vilight.vn\/website\/"},{"@type":"ListItem","position":2,"name":"store","item":"https:\/\/vilight.vn\/website\/store\/"},{"@type":"ListItem","position":3,"name":"\u0110\u00e8n s\u00e2n v\u01b0\u1eddn VL-VG01"}]},{"@type":"WebSite","@id":"https:\/\/vilight.vn\/website\/#website","url":"https:\/\/vilight.vn\/website\/","name":"Vilight Co.ltd","description":"Chi\u1ebfu s\u00e1ng m\u1ef9 thu\u1eadt, chi\u1ebfu s\u00e1ng th\u00f4ng minh, LED Pixel 3D, chi\u1ebfu s\u00e1ng trang tr\u00ed \u0111\u00f4 th\u1ecb, chi\u1ebfu s\u00e1ng v\u00f2ng xoay, chi\u1ebfu s\u00e1ng \u0111\u1ea3o giao th\u00f4ng, c\u1ed5ng ch\u00e0o \u0111\u00f4 th\u1ecb","publisher":{"@id":"https:\/\/vilight.vn\/website\/#organization"},"potentialAction":[{"@type":"SearchAction","target":{"@type":"EntryPoint","urlTemplate":"https:\/\/vilight.vn\/website\/?s={search_term_string}"},"query-input":{"@type":"PropertyValueSpecification","valueRequired":true,"valueName":"search_term_string"}}],"inLanguage":"vi"},{"@type":"Organization","@id":"https:\/\/vilight.vn\/website\/#organization","name":"Vilight","url":"https:\/\/vilight.vn\/website\/","logo":{"@type":"ImageObject","inLanguage":"vi","@id":"https:\/\/vilight.vn\/website\/#\/schema\/logo\/image\/","url":"https:\/\/vilight.vn\/website\/wp-content\/uploads\/2022\/05\/chieu_sang_trang_tri_do_thi_bang_den_led_pixel.png","contentUrl":"https:\/\/vilight.vn\/website\/wp-content\/uploads\/2022\/05\/chieu_sang_trang_tri_do_thi_bang_den_led_pixel.png","width":800,"height":427,"caption":"Vilight"},"image":{"@id":"https:\/\/vilight.vn\/website\/#\/schema\/logo\/image\/"},"sameAs":["http:\/\/facebook.com\/vilight.vn","https:\/\/www.linkedin.com\/company\/vilight-vn","https:\/\/www.youtube.com\/channel\/UCEwR2naeDcuarMX1kSv_rLQ\/videos"]}]},"product_brand":"\u0110\u00e8n S\u00e2n V\u01b0\u1eddn","product_price_currency":"VND","og_availability":"instock","product_availability":"instock","product_condition":"new"},"_links":{"self":[{"href":"https:\/\/vilight.vn\/website\/wp-json\/wp\/v2\/product\/1635","targetHints":{"allow":["GET"]}}],"collection":[{"href":"https:\/\/vilight.vn\/website\/wp-json\/wp\/v2\/product"}],"about":[{"href":"https:\/\/vilight.vn\/website\/wp-json\/wp\/v2\/types\/product"}],"wp:featuredmedia":[{"embeddable":true,"href":"https:\/\/vilight.vn\/website\/wp-json\/wp\/v2\/media\/1639"}],"wp:attachment":[{"href":"https:\/\/vilight.vn\/website\/wp-json\/wp\/v2\/media?parent=1635"}],"wp:term":[{"taxonomy":"product_brand","embeddable":true,"href":"https:\/\/vilight.vn\/website\/wp-json\/wp\/v2\/product_brand?post=1635"},{"taxonomy":"product_cat","embeddable":true,"href":"https:\/\/vilight.vn\/website\/wp-json\/wp\/v2\/product_cat?post=1635"},{"taxonomy":"product_tag","embeddable":true,"href":"https:\/\/vilight.vn\/website\/wp-json\/wp\/v2\/product_tag?post=1635"}],"curies":[{"name":"wp","href":"https:\/\/api.w.org\/{rel}","templated":true}]}}