{"id":1640,"date":"2021-06-30T14:01:46","date_gmt":"2021-06-30T07:01:46","guid":{"rendered":"https:\/\/vilight.vn\/website\/?post_type=product&#038;p=1640"},"modified":"2024-10-04T14:04:01","modified_gmt":"2024-10-04T07:04:01","slug":"den-san-vuon-vl-vg02","status":"publish","type":"product","link":"https:\/\/vilight.vn\/website\/san-pham\/den-chieu-sang-facade\/den-san-vuon\/den-san-vuon-vl-vg02\/","title":{"rendered":"\u0110\u00e8n s\u00e2n v\u01b0\u1eddn VL-VG02"},"content":{"rendered":"<h2 style=\"text-align: justify;\"><span style=\"font-size: 18pt;\">\u0110\u00e8n s\u00e2n v\u01b0\u1eddn VL-VG02 &#8211; S\u1ef1 l\u1ef1a ch\u1ecdn ho\u00e0n h\u1ea3o cho kh\u00f4ng gian ngo\u1ea1i th\u1ea5t hi\u1ec7n \u0111\u1ea1i<\/span><\/h2>\n<p style=\"text-align: justify;\"><span style=\"font-size: 14pt;\">B\u1ea1n \u0111ang t\u00ecm ki\u1ebfm m\u1ed9t gi\u1ea3i ph\u00e1p chi\u1ebfu s\u00e1ng ngo\u1ea1i th\u1ea5t hi\u1ec7n \u0111\u1ea1i cho s\u00e2n v\u01b0\u1eddn, l\u1ed1i \u0111i c\u00f4ng vi\u00ean ho\u1eb7c qu\u1ea3ng tr\u01b0\u1eddng? \u0110\u00e8n s\u00e2n v\u01b0\u1eddn VL-VG02 c\u1ee7a Vilight l\u00e0 s\u1ef1 l\u1ef1a ch\u1ecdn ho\u00e0n h\u1ea3o d\u00e0nh cho b\u1ea1n. V\u1edbi thi\u1ebft k\u1ebf tinh t\u1ebf v\u00e0 hi\u1ec7u su\u1ea5t chi\u1ebfu s\u00e1ng tuy\u1ec7t v\u1eddi, \u0111\u00e8n s\u00e2n v\u01b0\u1eddn n\u00e0y s\u1ebd mang l\u1ea1i kh\u00f4ng ch\u1ec9 \u00e1nh s\u00e1ng m\u00e0 c\u00f2n s\u1ef1 sang tr\u1ecdng v\u00e0 tinh th\u1ea7n hi\u1ec7n \u0111\u1ea1i cho kh\u00f4ng gian ngo\u1ea1i th\u1ea5t c\u1ee7a b\u1ea1n.<\/span><\/p>\n<p style=\"text-align: justify;\"><span style=\"font-size: 14pt;\">V\u1edbi \u0111\u00e8n s\u00e2n v\u01b0\u1eddn VL-VG02, b\u1ea1n s\u1ebd t\u1eadn h\u01b0\u1edfng \u00e1nh s\u00e1ng m\u1ec1m m\u1ea1i v\u00e0 \u0111\u1ed3ng \u0111\u1ec1u trong su\u1ed1t \u0111\u00eam. Thi\u1ebft k\u1ebf \u0111\u01a1n gi\u1ea3n nh\u01b0ng kh\u00f4ng k\u00e9m ph\u1ea7n sang tr\u1ecdng c\u1ee7a \u0111\u00e8n s\u1ebd t\u01b0\u01a1ng th\u00edch t\u1ed1t v\u1edbi nhi\u1ec1u lo\u1ea1i ki\u1ebfn tr\u00fac v\u00e0 phong c\u00e1ch trang tr\u00ed ngo\u1ea1i th\u1ea5t. B\u1ea1n c\u00f3 th\u1ec3 s\u1eed d\u1ee5ng n\u00f3 \u0111\u1ec3 chi\u1ebfu s\u00e1ng c\u00e1c khu v\u1ef1c s\u00e2n v\u01b0\u1eddn, l\u1ed1i \u0111i ho\u1eb7c qu\u1ea3ng tr\u01b0\u1eddng, t\u1ea1o \u0111i\u1ec3m nh\u1ea5n \u0111\u1eb9p m\u1eaft v\u00e0 t\u1ea1o c\u1ea3m gi\u00e1c an l\u00e0nh trong kh\u00f4ng gian ngo\u1ea1i th\u1ea5t.<\/span><\/p>\n<p style=\"text-align: justify;\"><span style=\"font-size: 14pt;\">\u0110\u00e8n s\u00e2n v\u01b0\u1eddn VL-VG02 c\u1ee7a Vilight c\u0169ng \u0111\u01b0\u1ee3c t\u00edch h\u1ee3p c\u00f4ng ngh\u1ec7 LED ti\u00ean ti\u1ebfn, mang l\u1ea1i hi\u1ec7u su\u1ea5t chi\u1ebfu s\u00e1ng cao v\u00e0 ti\u1ebft ki\u1ec7m n\u0103ng l\u01b0\u1ee3ng. \u0110i\u1ec1u n\u00e0y kh\u00f4ng ch\u1ec9 gi\u00fap ti\u1ebft ki\u1ec7m chi ph\u00ed \u0111i\u1ec7n n\u0103ng m\u00e0 c\u00f2n b\u1ea3o v\u1ec7 m\u00f4i tr\u01b0\u1eddng. B\u1ea1n c\u00f3 th\u1ec3 y\u00ean t\u00e2m v\u1ec1 \u0111\u1ed9 b\u1ec1n v\u00e0 tu\u1ed5i th\u1ecd c\u1ee7a \u0111\u00e8n, v\u00ec c\u00f4ng ngh\u1ec7 LED cho ph\u00e9p n\u00f3 ho\u1ea1t \u0111\u1ed9ng l\u00e2u d\u00e0i m\u00e0 kh\u00f4ng c\u1ea7n thay \u0111\u1ed5i \u0111\u00e8n \u0111\u00e8n th\u01b0\u1eddng xuy\u00ean.<\/span><\/p>\n<p style=\"text-align: justify;\"><span style=\"font-size: 14pt;\"><a href=\"https:\/\/vilight.vn\/website\/wp-content\/uploads\/2021\/06\/VG02.jpg\"><img decoding=\"async\" class=\"aligncenter wp-image-1641 lazyload\" data-src=\"https:\/\/vilight.vn\/website\/wp-content\/uploads\/2021\/06\/VG02.jpg\" alt=\"\u0110\u00e8n s\u00e2n v\u01b0\u1eddn VL-VG02\" width=\"1500\" height=\"938\" data-srcset=\"https:\/\/vilight.vn\/website\/wp-content\/uploads\/2021\/06\/VG02.jpg 1200w, https:\/\/vilight.vn\/website\/wp-content\/uploads\/2021\/06\/VG02-800x500.jpg 800w, https:\/\/vilight.vn\/website\/wp-content\/uploads\/2021\/06\/VG02-300x188.jpg 300w, https:\/\/vilight.vn\/website\/wp-content\/uploads\/2021\/06\/VG02-1024x640.jpg 1024w, https:\/\/vilight.vn\/website\/wp-content\/uploads\/2021\/06\/VG02-768x480.jpg 768w, https:\/\/vilight.vn\/website\/wp-content\/uploads\/2021\/06\/VG02-16x10.jpg 16w, https:\/\/vilight.vn\/website\/wp-content\/uploads\/2021\/06\/VG02-234x146.jpg 234w, https:\/\/vilight.vn\/website\/wp-content\/uploads\/2021\/06\/VG02-50x31.jpg 50w, https:\/\/vilight.vn\/website\/wp-content\/uploads\/2021\/06\/VG02-120x75.jpg 120w, https:\/\/vilight.vn\/website\/wp-content\/uploads\/2021\/06\/VG02-600x375.jpg 600w\" data-sizes=\"(max-width:767px) 480px, (max-width:1500px) 100vw, 1500px\" src=\"data:image\/svg+xml;base64,PHN2ZyB3aWR0aD0iMSIgaGVpZ2h0PSIxIiB4bWxucz0iaHR0cDovL3d3dy53My5vcmcvMjAwMC9zdmciPjwvc3ZnPg==\" style=\"--smush-placeholder-width: 1500px; --smush-placeholder-aspect-ratio: 1500\/938;\" \/><\/a><\/span><\/p>\n<p style=\"text-align: justify;\"><span style=\"font-size: 14pt;\">M\u1ed9t \u0111i\u1ec3m n\u1ed5i b\u1eadt c\u1ee7a \u0111\u00e8n s\u00e2n v\u01b0\u1eddn VG02 l\u00e0 t\u00ednh linh ho\u1ea1t trong l\u1eafp \u0111\u1eb7t. B\u1ea1n c\u00f3 th\u1ec3 d\u1ec5 d\u00e0ng c\u00e0i \u0111\u1eb7t n\u00f3 tr\u00ean m\u1eb7t \u0111\u1ea5t ho\u1eb7c g\u1eafn n\u00f3 l\u00ean c\u1ed9t, t\u01b0\u1eddng hay b\u1ea5t k\u1ef3 b\u1ec1 m\u1eb7t n\u00e0o ph\u00f9 h\u1ee3p v\u1edbi kh\u00f4ng gian c\u1ee7a b\u1ea1n. \u0110\u00e8n c\u0169ng \u0111\u01b0\u1ee3c thi\u1ebft k\u1ebf ch\u1ed1ng n\u01b0\u1edbc, ch\u1ed1ng b\u1ee5i, gi\u00fap n\u00f3 ho\u1ea1t \u0111\u1ed9ng \u1ed5n \u0111\u1ecbnh d\u01b0\u1edbi m\u1ecdi \u0111i\u1ec1u ki\u1ec7n th\u1eddi ti\u1ebft.<\/span><\/p>\n<p style=\"text-align: justify;\"><span style=\"font-size: 14pt;\">V\u1edbi \u0111\u00e8n s\u00e2n v\u01b0\u1eddn VL-VG02, b\u1ea1n kh\u00f4ng ch\u1ec9 c\u00f3 m\u1ed9t ngu\u1ed3n s\u00e1ng tuy\u1ec7t v\u1eddi cho kh\u00f4ng gian n<\/span><\/p>\n<p style=\"text-align: justify;\"><span style=\"font-size: 14pt;\">go\u1ea1i th\u1ea5t, m\u00e0 c\u00f2n t\u1ea1o n\u00ean m\u1ed9t b\u1ea7u kh\u00f4ng kh\u00ed tho\u1ea3i m\u00e1i v\u00e0 th\u00e2n thi\u1ec7n. Quy\u1ebft \u0111\u1ecbnh \u0111\u1ea7u t\u01b0 v\u00e0o m\u1eabu \u0111\u00e8n n\u00e0y l\u00e0 \u0111\u1ea7u t\u01b0 v\u00e0o s\u1ef1 ti\u1ec7n \u00edch, th\u1ea9m m\u1ef9 v\u00e0 ch\u1ea5t l\u01b0\u1ee3ng.<\/span><\/p>\n<p style=\"text-align: justify;\"><span style=\"font-size: 14pt;\">H\u00e3y truy c\u1eadp trang web c\u1ee7a Vilight ho\u1eb7c li\u00ean h\u1ec7 v\u1edbi \u0111\u1ea1i di\u1ec7n ph\u00e2n ph\u1ed1i \u0111\u1ec3 bi\u1ebft th\u00eam th\u00f4ng tin chi ti\u1ebft v\u1ec1 \u0111\u00e8n s\u00e2n v\u01b0\u1eddn VL-VG02 v\u00e0 nh\u1eefng s\u1ea3n ph\u1ea9m kh\u00e1c c\u1ee7a h\u1ecd. T\u1ea1o cho kh\u00f4ng gian ngo\u1ea1i th\u1ea5t c\u1ee7a b\u1ea1n m\u1ed9t d\u1ea5u \u1ea5n \u0111\u1eb7c bi\u1ec7t v\u1edbi \u0111\u00e8n s\u00e2n v\u01b0\u1eddn hi\u1ec7n \u0111\u1ea1i n\u00e0y!<\/span><\/p>\n","protected":false},"excerpt":{"rendered":"<p style=\"text-align: justify;\"><span style=\"font-size: 14pt;\">Gi\u1edbi thi\u1ec7u \u0111\u00e8n s\u00e2n v\u01b0\u1eddn VL-VG02 c\u1ee7a Vilight: \u00c1nh s\u00e1ng m\u1ec1m m\u1ea1i, hi\u1ec7n \u0111\u1ea1i. L\u1eafp \u0111\u1eb7t d\u1ec5 d\u00e0ng, ti\u1ebft ki\u1ec7m n\u0103ng l\u01b0\u1ee3ng, v\u00e0 ch\u1ed1ng n\u01b0\u1edbc. T\u1ea1o \u0111i\u1ec3m nh\u1ea5n \u0111\u1eb9p m\u1eaft cho kh\u00f4ng gian ngo\u1ea1i th\u1ea5t.<\/span><\/p>\n","protected":false},"featured_media":1642,"template":"","meta":[],"product_brand":[],"product_cat":[73,70],"product_tag":[],"class_list":{"0":"post-1640","1":"product","2":"type-product","3":"status-publish","4":"has-post-thumbnail","6":"product_cat-den-chieu-sang-facade","7":"product_cat-den-san-vuon","8":"pa_chuan-dieu-khien-on-off","9":"pa_dien-ap-hoat-dong-ac-100-260v","10":"pa_do-kin-ip-66","11":"pa_nhiet-do-mau-3000k","12":"pa_nhiet-do-mau-4000k","14":"first","15":"instock","16":"taxable","17":"shipping-taxable","18":"product-type-simple"},"yoast_head":"<!-- This site is optimized with the Yoast SEO Premium plugin v27.4 (Yoast SEO v27.4) - https:\/\/yoast.com\/product\/yoast-seo-premium-wordpress\/ -->\n<title>\u0110\u00e8n s\u00e2n v\u01b0\u1eddn VL-VG02 Nh\u1eadp kh\u1ea9u ch\u00ednh h\u00e3ng - Vilight Co.ltd<\/title>\n<meta name=\"description\" content=\"\u0110\u00e8n s\u00e2n v\u01b0\u1eddn VL-VG02 ph\u00f9 h\u1ee3p cho nhi\u1ec1u m\u1ee5c \u0111\u00ednh s\u1eed d\u1ee5ng kh\u00e1c nhau. \u0110\u00e8n c\u00f3 \u0111\u1ed9 b\u1ec1n cao, s\u1eed d\u1ee5ng chip LED t\u1eeb c\u00e1c th\u01b0\u01a1ng hi\u1ec7u l\u1edbn.\" \/>\n<meta name=\"robots\" content=\"index, follow, max-snippet:-1, max-image-preview:large, max-video-preview:-1\" \/>\n<link rel=\"canonical\" href=\"https:\/\/vilight.vn\/website\/san-pham\/den-chieu-sang-facade\/den-san-vuon\/den-san-vuon-vl-vg02\/\" \/>\n<meta property=\"og:locale\" content=\"vi_VN\" \/>\n<meta property=\"og:type\" content=\"article\" \/>\n<meta property=\"og:title\" content=\"\u0110\u00e8n s\u00e2n v\u01b0\u1eddn VL-VG02\" \/>\n<meta property=\"og:description\" content=\"Gi\u1edbi thi\u1ec7u \u0111\u00e8n s\u00e2n v\u01b0\u1eddn VL-VG02 c\u1ee7a Vilight: \u00c1nh s\u00e1ng m\u1ec1m m\u1ea1i, hi\u1ec7n \u0111\u1ea1i. L\u1eafp \u0111\u1eb7t d\u1ec5 d\u00e0ng, ti\u1ebft ki\u1ec7m n\u0103ng l\u01b0\u1ee3ng, v\u00e0 ch\u1ed1ng n\u01b0\u1edbc. T\u1ea1o \u0111i\u1ec3m nh\u1ea5n \u0111\u1eb9p m\u1eaft cho kh\u00f4ng gian ngo\u1ea1i th\u1ea5t.\" \/>\n<meta property=\"og:url\" content=\"https:\/\/vilight.vn\/website\/san-pham\/den-chieu-sang-facade\/den-san-vuon\/den-san-vuon-vl-vg02\/\" \/>\n<meta property=\"og:site_name\" content=\"Vilight Co.ltd\" \/>\n<meta property=\"article:publisher\" content=\"http:\/\/facebook.com\/vilight.vn\" \/>\n<meta property=\"article:modified_time\" content=\"2024-10-04T07:04:01+00:00\" \/>\n<meta property=\"og:image\" content=\"https:\/\/vilight.vn\/website\/wp-content\/uploads\/2021\/06\/VG02-Logo.jpg\" \/>\n\t<meta property=\"og:image:width\" content=\"600\" \/>\n\t<meta property=\"og:image:height\" content=\"600\" \/>\n\t<meta property=\"og:image:type\" content=\"image\/jpeg\" \/>\n<meta name=\"twitter:card\" content=\"summary_large_image\" \/>\n<meta name=\"twitter:label1\" content=\"Gi\u00e1\" \/>\n\t<meta name=\"twitter:data1\" content=\"\" \/>\n\t<meta name=\"twitter:label2\" content=\"Kh\u1ea3 d\u1ee5ng\" \/>\n\t<meta name=\"twitter:data2\" content=\"Trong kho\" \/>\n<script type=\"application\/ld+json\" class=\"yoast-schema-graph\">{\"@context\":\"https:\\\/\\\/schema.org\",\"@graph\":[{\"@type\":\"WebPage\",\"@id\":\"https:\\\/\\\/vilight.vn\\\/website\\\/san-pham\\\/den-chieu-sang-facade\\\/den-san-vuon\\\/den-san-vuon-vl-vg02\\\/\",\"url\":\"https:\\\/\\\/vilight.vn\\\/website\\\/san-pham\\\/den-chieu-sang-facade\\\/den-san-vuon\\\/den-san-vuon-vl-vg02\\\/\",\"name\":\"\u0110\u00e8n s\u00e2n v\u01b0\u1eddn VL-VG02 Nh\u1eadp kh\u1ea9u ch\u00ednh h\u00e3ng - Vilight Co.ltd\",\"isPartOf\":{\"@id\":\"https:\\\/\\\/vilight.vn\\\/website\\\/#website\"},\"primaryImageOfPage\":{\"@id\":\"https:\\\/\\\/vilight.vn\\\/website\\\/san-pham\\\/den-chieu-sang-facade\\\/den-san-vuon\\\/den-san-vuon-vl-vg02\\\/#primaryimage\"},\"image\":{\"@id\":\"https:\\\/\\\/vilight.vn\\\/website\\\/san-pham\\\/den-chieu-sang-facade\\\/den-san-vuon\\\/den-san-vuon-vl-vg02\\\/#primaryimage\"},\"thumbnailUrl\":\"https:\\\/\\\/vilight.vn\\\/website\\\/wp-content\\\/uploads\\\/2021\\\/06\\\/VG02-Logo.jpg\",\"datePublished\":\"2021-06-30T07:01:46+00:00\",\"dateModified\":\"2024-10-04T07:04:01+00:00\",\"description\":\"\u0110\u00e8n s\u00e2n v\u01b0\u1eddn VL-VG02 ph\u00f9 h\u1ee3p cho nhi\u1ec1u m\u1ee5c \u0111\u00ednh s\u1eed d\u1ee5ng kh\u00e1c nhau. \u0110\u00e8n c\u00f3 \u0111\u1ed9 b\u1ec1n cao, s\u1eed d\u1ee5ng chip LED t\u1eeb c\u00e1c th\u01b0\u01a1ng hi\u1ec7u l\u1edbn.\",\"breadcrumb\":{\"@id\":\"https:\\\/\\\/vilight.vn\\\/website\\\/san-pham\\\/den-chieu-sang-facade\\\/den-san-vuon\\\/den-san-vuon-vl-vg02\\\/#breadcrumb\"},\"inLanguage\":\"vi\",\"potentialAction\":[{\"@type\":\"ReadAction\",\"target\":[\"https:\\\/\\\/vilight.vn\\\/website\\\/san-pham\\\/den-chieu-sang-facade\\\/den-san-vuon\\\/den-san-vuon-vl-vg02\\\/\"]}]},{\"@type\":\"ImageObject\",\"inLanguage\":\"vi\",\"@id\":\"https:\\\/\\\/vilight.vn\\\/website\\\/san-pham\\\/den-chieu-sang-facade\\\/den-san-vuon\\\/den-san-vuon-vl-vg02\\\/#primaryimage\",\"url\":\"https:\\\/\\\/vilight.vn\\\/website\\\/wp-content\\\/uploads\\\/2021\\\/06\\\/VG02-Logo.jpg\",\"contentUrl\":\"https:\\\/\\\/vilight.vn\\\/website\\\/wp-content\\\/uploads\\\/2021\\\/06\\\/VG02-Logo.jpg\",\"width\":600,\"height\":600,\"caption\":\"\u0110\u00e8n s\u00e2n v\u01b0\u1eddn VL-VG02\"},{\"@type\":\"BreadcrumbList\",\"@id\":\"https:\\\/\\\/vilight.vn\\\/website\\\/san-pham\\\/den-chieu-sang-facade\\\/den-san-vuon\\\/den-san-vuon-vl-vg02\\\/#breadcrumb\",\"itemListElement\":[{\"@type\":\"ListItem\",\"position\":1,\"name\":\"Home\",\"item\":\"https:\\\/\\\/vilight.vn\\\/website\\\/\"},{\"@type\":\"ListItem\",\"position\":2,\"name\":\"store\",\"item\":\"https:\\\/\\\/vilight.vn\\\/website\\\/store\\\/\"},{\"@type\":\"ListItem\",\"position\":3,\"name\":\"\u0110\u00e8n s\u00e2n v\u01b0\u1eddn VL-VG02\"}]},{\"@type\":\"WebSite\",\"@id\":\"https:\\\/\\\/vilight.vn\\\/website\\\/#website\",\"url\":\"https:\\\/\\\/vilight.vn\\\/website\\\/\",\"name\":\"Vilight Co.ltd\",\"description\":\"Chi\u1ebfu s\u00e1ng m\u1ef9 thu\u1eadt, chi\u1ebfu s\u00e1ng th\u00f4ng minh, LED Pixel 3D, chi\u1ebfu s\u00e1ng trang tr\u00ed \u0111\u00f4 th\u1ecb, chi\u1ebfu s\u00e1ng v\u00f2ng xoay, chi\u1ebfu s\u00e1ng \u0111\u1ea3o giao th\u00f4ng, c\u1ed5ng ch\u00e0o \u0111\u00f4 th\u1ecb\",\"publisher\":{\"@id\":\"https:\\\/\\\/vilight.vn\\\/website\\\/#organization\"},\"potentialAction\":[{\"@type\":\"SearchAction\",\"target\":{\"@type\":\"EntryPoint\",\"urlTemplate\":\"https:\\\/\\\/vilight.vn\\\/website\\\/?s={search_term_string}\"},\"query-input\":{\"@type\":\"PropertyValueSpecification\",\"valueRequired\":true,\"valueName\":\"search_term_string\"}}],\"inLanguage\":\"vi\"},{\"@type\":\"Organization\",\"@id\":\"https:\\\/\\\/vilight.vn\\\/website\\\/#organization\",\"name\":\"Vilight\",\"url\":\"https:\\\/\\\/vilight.vn\\\/website\\\/\",\"logo\":{\"@type\":\"ImageObject\",\"inLanguage\":\"vi\",\"@id\":\"https:\\\/\\\/vilight.vn\\\/website\\\/#\\\/schema\\\/logo\\\/image\\\/\",\"url\":\"https:\\\/\\\/vilight.vn\\\/website\\\/wp-content\\\/uploads\\\/2022\\\/05\\\/chieu_sang_trang_tri_do_thi_bang_den_led_pixel.png\",\"contentUrl\":\"https:\\\/\\\/vilight.vn\\\/website\\\/wp-content\\\/uploads\\\/2022\\\/05\\\/chieu_sang_trang_tri_do_thi_bang_den_led_pixel.png\",\"width\":800,\"height\":427,\"caption\":\"Vilight\"},\"image\":{\"@id\":\"https:\\\/\\\/vilight.vn\\\/website\\\/#\\\/schema\\\/logo\\\/image\\\/\"},\"sameAs\":[\"http:\\\/\\\/facebook.com\\\/vilight.vn\",\"https:\\\/\\\/www.linkedin.com\\\/company\\\/vilight-vn\",\"https:\\\/\\\/www.youtube.com\\\/channel\\\/UCEwR2naeDcuarMX1kSv_rLQ\\\/videos\"]}]}<\/script>\n<meta property=\"product:brand\" content=\"\u0110\u00e8n S\u00e2n V\u01b0\u1eddn\" \/>\n<meta property=\"product:price:currency\" content=\"VND\" \/>\n<meta property=\"og:availability\" content=\"instock\" \/>\n<meta property=\"product:availability\" content=\"instock\" \/>\n<meta property=\"product:condition\" content=\"new\" \/>\n<!-- \/ Yoast SEO Premium plugin. -->","yoast_head_json":{"title":"\u0110\u00e8n s\u00e2n v\u01b0\u1eddn VL-VG02 Nh\u1eadp kh\u1ea9u ch\u00ednh h\u00e3ng - Vilight Co.ltd","description":"\u0110\u00e8n s\u00e2n v\u01b0\u1eddn VL-VG02 ph\u00f9 h\u1ee3p cho nhi\u1ec1u m\u1ee5c \u0111\u00ednh s\u1eed d\u1ee5ng kh\u00e1c nhau. \u0110\u00e8n c\u00f3 \u0111\u1ed9 b\u1ec1n cao, s\u1eed d\u1ee5ng chip LED t\u1eeb c\u00e1c th\u01b0\u01a1ng hi\u1ec7u l\u1edbn.","robots":{"index":"index","follow":"follow","max-snippet":"max-snippet:-1","max-image-preview":"max-image-preview:large","max-video-preview":"max-video-preview:-1"},"canonical":"https:\/\/vilight.vn\/website\/san-pham\/den-chieu-sang-facade\/den-san-vuon\/den-san-vuon-vl-vg02\/","og_locale":"vi_VN","og_type":"article","og_title":"\u0110\u00e8n s\u00e2n v\u01b0\u1eddn VL-VG02","og_description":"Gi\u1edbi thi\u1ec7u \u0111\u00e8n s\u00e2n v\u01b0\u1eddn VL-VG02 c\u1ee7a Vilight: \u00c1nh s\u00e1ng m\u1ec1m m\u1ea1i, hi\u1ec7n \u0111\u1ea1i. L\u1eafp \u0111\u1eb7t d\u1ec5 d\u00e0ng, ti\u1ebft ki\u1ec7m n\u0103ng l\u01b0\u1ee3ng, v\u00e0 ch\u1ed1ng n\u01b0\u1edbc. T\u1ea1o \u0111i\u1ec3m nh\u1ea5n \u0111\u1eb9p m\u1eaft cho kh\u00f4ng gian ngo\u1ea1i th\u1ea5t.","og_url":"https:\/\/vilight.vn\/website\/san-pham\/den-chieu-sang-facade\/den-san-vuon\/den-san-vuon-vl-vg02\/","og_site_name":"Vilight Co.ltd","article_publisher":"http:\/\/facebook.com\/vilight.vn","article_modified_time":"2024-10-04T07:04:01+00:00","og_image":[{"width":600,"height":600,"url":"https:\/\/vilight.vn\/website\/wp-content\/uploads\/2021\/06\/VG02-Logo.jpg","type":"image\/jpeg"}],"twitter_card":"summary_large_image","twitter_misc":{"Gi\u00e1":"","Kh\u1ea3 d\u1ee5ng":"Trong kho"},"schema":{"@context":"https:\/\/schema.org","@graph":[{"@type":"WebPage","@id":"https:\/\/vilight.vn\/website\/san-pham\/den-chieu-sang-facade\/den-san-vuon\/den-san-vuon-vl-vg02\/","url":"https:\/\/vilight.vn\/website\/san-pham\/den-chieu-sang-facade\/den-san-vuon\/den-san-vuon-vl-vg02\/","name":"\u0110\u00e8n s\u00e2n v\u01b0\u1eddn VL-VG02 Nh\u1eadp kh\u1ea9u ch\u00ednh h\u00e3ng - Vilight Co.ltd","isPartOf":{"@id":"https:\/\/vilight.vn\/website\/#website"},"primaryImageOfPage":{"@id":"https:\/\/vilight.vn\/website\/san-pham\/den-chieu-sang-facade\/den-san-vuon\/den-san-vuon-vl-vg02\/#primaryimage"},"image":{"@id":"https:\/\/vilight.vn\/website\/san-pham\/den-chieu-sang-facade\/den-san-vuon\/den-san-vuon-vl-vg02\/#primaryimage"},"thumbnailUrl":"https:\/\/vilight.vn\/website\/wp-content\/uploads\/2021\/06\/VG02-Logo.jpg","datePublished":"2021-06-30T07:01:46+00:00","dateModified":"2024-10-04T07:04:01+00:00","description":"\u0110\u00e8n s\u00e2n v\u01b0\u1eddn VL-VG02 ph\u00f9 h\u1ee3p cho nhi\u1ec1u m\u1ee5c \u0111\u00ednh s\u1eed d\u1ee5ng kh\u00e1c nhau. \u0110\u00e8n c\u00f3 \u0111\u1ed9 b\u1ec1n cao, s\u1eed d\u1ee5ng chip LED t\u1eeb c\u00e1c th\u01b0\u01a1ng hi\u1ec7u l\u1edbn.","breadcrumb":{"@id":"https:\/\/vilight.vn\/website\/san-pham\/den-chieu-sang-facade\/den-san-vuon\/den-san-vuon-vl-vg02\/#breadcrumb"},"inLanguage":"vi","potentialAction":[{"@type":"ReadAction","target":["https:\/\/vilight.vn\/website\/san-pham\/den-chieu-sang-facade\/den-san-vuon\/den-san-vuon-vl-vg02\/"]}]},{"@type":"ImageObject","inLanguage":"vi","@id":"https:\/\/vilight.vn\/website\/san-pham\/den-chieu-sang-facade\/den-san-vuon\/den-san-vuon-vl-vg02\/#primaryimage","url":"https:\/\/vilight.vn\/website\/wp-content\/uploads\/2021\/06\/VG02-Logo.jpg","contentUrl":"https:\/\/vilight.vn\/website\/wp-content\/uploads\/2021\/06\/VG02-Logo.jpg","width":600,"height":600,"caption":"\u0110\u00e8n s\u00e2n v\u01b0\u1eddn VL-VG02"},{"@type":"BreadcrumbList","@id":"https:\/\/vilight.vn\/website\/san-pham\/den-chieu-sang-facade\/den-san-vuon\/den-san-vuon-vl-vg02\/#breadcrumb","itemListElement":[{"@type":"ListItem","position":1,"name":"Home","item":"https:\/\/vilight.vn\/website\/"},{"@type":"ListItem","position":2,"name":"store","item":"https:\/\/vilight.vn\/website\/store\/"},{"@type":"ListItem","position":3,"name":"\u0110\u00e8n s\u00e2n v\u01b0\u1eddn VL-VG02"}]},{"@type":"WebSite","@id":"https:\/\/vilight.vn\/website\/#website","url":"https:\/\/vilight.vn\/website\/","name":"Vilight Co.ltd","description":"Chi\u1ebfu s\u00e1ng m\u1ef9 thu\u1eadt, chi\u1ebfu s\u00e1ng th\u00f4ng minh, LED Pixel 3D, chi\u1ebfu s\u00e1ng trang tr\u00ed \u0111\u00f4 th\u1ecb, chi\u1ebfu s\u00e1ng v\u00f2ng xoay, chi\u1ebfu s\u00e1ng \u0111\u1ea3o giao th\u00f4ng, c\u1ed5ng ch\u00e0o \u0111\u00f4 th\u1ecb","publisher":{"@id":"https:\/\/vilight.vn\/website\/#organization"},"potentialAction":[{"@type":"SearchAction","target":{"@type":"EntryPoint","urlTemplate":"https:\/\/vilight.vn\/website\/?s={search_term_string}"},"query-input":{"@type":"PropertyValueSpecification","valueRequired":true,"valueName":"search_term_string"}}],"inLanguage":"vi"},{"@type":"Organization","@id":"https:\/\/vilight.vn\/website\/#organization","name":"Vilight","url":"https:\/\/vilight.vn\/website\/","logo":{"@type":"ImageObject","inLanguage":"vi","@id":"https:\/\/vilight.vn\/website\/#\/schema\/logo\/image\/","url":"https:\/\/vilight.vn\/website\/wp-content\/uploads\/2022\/05\/chieu_sang_trang_tri_do_thi_bang_den_led_pixel.png","contentUrl":"https:\/\/vilight.vn\/website\/wp-content\/uploads\/2022\/05\/chieu_sang_trang_tri_do_thi_bang_den_led_pixel.png","width":800,"height":427,"caption":"Vilight"},"image":{"@id":"https:\/\/vilight.vn\/website\/#\/schema\/logo\/image\/"},"sameAs":["http:\/\/facebook.com\/vilight.vn","https:\/\/www.linkedin.com\/company\/vilight-vn","https:\/\/www.youtube.com\/channel\/UCEwR2naeDcuarMX1kSv_rLQ\/videos"]}]},"product_brand":"\u0110\u00e8n S\u00e2n V\u01b0\u1eddn","product_price_currency":"VND","og_availability":"instock","product_availability":"instock","product_condition":"new"},"_links":{"self":[{"href":"https:\/\/vilight.vn\/website\/wp-json\/wp\/v2\/product\/1640","targetHints":{"allow":["GET"]}}],"collection":[{"href":"https:\/\/vilight.vn\/website\/wp-json\/wp\/v2\/product"}],"about":[{"href":"https:\/\/vilight.vn\/website\/wp-json\/wp\/v2\/types\/product"}],"wp:featuredmedia":[{"embeddable":true,"href":"https:\/\/vilight.vn\/website\/wp-json\/wp\/v2\/media\/1642"}],"wp:attachment":[{"href":"https:\/\/vilight.vn\/website\/wp-json\/wp\/v2\/media?parent=1640"}],"wp:term":[{"taxonomy":"product_brand","embeddable":true,"href":"https:\/\/vilight.vn\/website\/wp-json\/wp\/v2\/product_brand?post=1640"},{"taxonomy":"product_cat","embeddable":true,"href":"https:\/\/vilight.vn\/website\/wp-json\/wp\/v2\/product_cat?post=1640"},{"taxonomy":"product_tag","embeddable":true,"href":"https:\/\/vilight.vn\/website\/wp-json\/wp\/v2\/product_tag?post=1640"}],"curies":[{"name":"wp","href":"https:\/\/api.w.org\/{rel}","templated":true}]}}