{"id":1643,"date":"2021-06-30T14:02:22","date_gmt":"2021-06-30T07:02:22","guid":{"rendered":"https:\/\/vilight.vn\/website\/?post_type=product&#038;p=1643"},"modified":"2024-10-04T14:06:29","modified_gmt":"2024-10-04T07:06:29","slug":"den-san-vuon-vl-vg03","status":"publish","type":"product","link":"https:\/\/vilight.vn\/website\/san-pham\/den-chieu-sang-facade\/den-san-vuon-vl-vg03\/","title":{"rendered":"\u0110\u00e8n s\u00e2n v\u01b0\u1eddn 83W"},"content":{"rendered":"<p>B\u1ed9 \u0110\u00e8n s\u00e2n v\u01b0\u1eddn 83W, t\u00edch h\u1ee3p c\u00f4ng ngh\u1ec7 chi\u1ebfu th\u00f4ng minh, c\u00f3 th\u1ec3 gi\u00e1m s\u00e1t v\u00e0 \u0111i\u1ec1u khi\u1ec3n b\u1eadt\/t\u1eaft\/ti\u1ebft gi\u1ea3m t\u1eeb trung t\u00e2m, \u0111i\u1ec1u khi\u1ec3n t\u1eeb trung t\u00e2m \u0111i\u1ec1u h\u00e0nh IOC, ki\u1ec3u hi\u1ec7n \u0111\u1ea1i h\u00ecnh tr\u0103ng tr\u00f2n, v\u1ecf \u0111\u00e8n \u0111\u01b0\u1ee3c l\u00e0m t\u1eeb nh\u00f4m \u0111\u00fac nguy\u00ean kh\u1ed1i, ph\u1ee7 b\u1ed9t polyester, s\u01a1n ph\u1ee7 l\u1edbp s\u01a1n ch\u1ed1ng \u0103n m\u00f2n mu\u1ed1i bi\u1ec3n, m\u1eb7t \u0111\u00e8n c\u00f3 v\u1eadt li\u1ec7u t\u00e1n quang gi\u00fap \u00e1nh s\u00e1ng t\u1ecfa xa, \u0111\u1ed3ng \u0111\u1ec1u.<br \/>\nhide<\/p>\n<h2>Th\u00f4ng s\u1ed1 k\u1ef9 thu\u1eadt \u0111\u00e8n s\u00e2n v\u01b0\u1eddn 83W\u00a0 :<\/h2>\n<ul>\n<li>Th\u00f4ng tinTh\u00f4ng s\u1ed1 k\u1ef9 thu\u1eadt<\/li>\n<li>Ngu\u1ed3n s\u00e1ng Osram.<\/li>\n<li>Quang th\u00f4ng \u2265 6.000 lumens.<\/li>\n<li>Nhi\u1ec7t \u0111\u1ed9 m\u00e0u 3.000K\/4.000K\/6.000K.<\/li>\n<li>\u0110\u1ed9 k\u00edn IP66.<\/li>\n<li>C\u00e0i \u0111\u1eb7t t\u1eeb trung t\u00e2m.<\/li>\n<li>C\u00e0i \u0111\u1eb7t l\u1ecbch ho\u1ea1t \u0111\u1ed9ng (th\u1eddi gian \u0111\u00f3ng, t\u1eaft, th\u1eddi gian v\u00e0 m\u1ee9c ti\u1ebft gi\u1ea3m c\u00f4ng su\u1ea5t).<\/li>\n<li>\u0110i\u1ec1u khi\u1ec3n t\u1ee9c th\u1eddi.T\u00ednh n\u0103ng c\u00e0i \u0111\u1eb7t t\u1eeb trung t\u00e2m s\u1eed d\u1ee5ng khi k\u1ebft n\u1ed1i v\u1edbi <a href=\"https:\/\/vilight.vn\/website\/san-pham\/chieu-sang-thong-minh\/bo-dieu-khien-den-idim\/\">b\u1ed9 \u0111i\u1ec1u khi\u1ec3n idim<\/a> v\u00e0\u00a0 <a href=\"https:\/\/vilight.vn\/website\/san-pham\/chieu-sang-thong-minh\/tu-chieu-sang-thong-minh\/tu-chieu-sang-thong-minh\/\">t\u1ee7 \u0111i\u1ec1u khi\u1ec3n chi\u1ebfu s\u00e1ng th\u00f4ng minh.<\/a><\/li>\n<li>H\u1ec7 s\u1ed1 c\u00f4ng su\u1ea5t\u2265 0,9.<\/li>\n<li>\u0110i\u1ec7n \u00e1p ho\u1ea1t \u0111\u1ed9ng AC100-277V.<\/li>\n<li>\u0110\u1ed9 ho\u00e0n m\u00e0u (CRI)\u2265 80.<\/li>\n<li>Nhi\u1ec7t \u0111\u1ed9 ho\u1ea1t \u0111\u1ed9ng -350C t\u1edbi 500C.<\/li>\n<li>\u0110\u1ed9 \u1ea9m ho\u1ea1t \u0111\u1ed9ng10-90%.<\/li>\n<li>Tu\u1ed5i th\u1ecd LED\u2265 70.000 gi\u1edd.<\/li>\n<li>Chip LED Osram.<\/li>\n<li>Driver Philips\/Inventronics.<\/li>\n<li>Ch\u1ed1ng s\u00e9t lan truy\u1ec1n 10KV.<\/li>\n<li>Ch\u1ed1ng ch\u00f3i M\u1eb7t \u0111\u00e8n b\u1eb1ng nh\u1ef1a ch\u1ed1ng ch\u00f3i<\/li>\n<\/ul>\n<h3>H\u00ecnh \u1ea3nh c\u00f4ng tr\u00ecnh s\u1eed d\u1ee5ng \u0111\u00e8n chi\u1ebfu s\u00e1ng s\u00e2n v\u01b0\u1eddn 83W c\u00f3 \u0111i\u1ec1u khi\u1ec3n th\u00f4ng minh :<\/h3>\n<p>hide<\/p>\n<p><img decoding=\"async\" data-src=\"https:\/\/vilight.vn\/website\/wp-content\/uploads\/2021\/06\/1-scaled.jpg#4773\" alt=\"1\" src=\"data:image\/svg+xml;base64,PHN2ZyB3aWR0aD0iMSIgaGVpZ2h0PSIxIiB4bWxucz0iaHR0cDovL3d3dy53My5vcmcvMjAwMC9zdmciPjwvc3ZnPg==\" class=\"lazyload\" style=\"--smush-placeholder-width: 2560px; --smush-placeholder-aspect-ratio: 2560\/1920;\" \/><br \/>\nfull<br \/>\nc\u00f4ng tr\u00ecnh l\u1eafp \u0111\u1eb7t \u0111\u00e8n s\u00e2n v\u01b0\u1eddn 83w<br \/>\ncontain<br \/>\ncenter center<br \/>\nhide<\/p>\n","protected":false},"excerpt":{"rendered":"<p style=\"text-align: justify;\">B\u1ed9 \u0111\u00e8n s\u00e2n v\u01b0\u1eddn ch\u00f3a c\u00f3 d\u1ea1ng h\u00ecnh tr\u0103ng tr\u00f2n, t\u00edch h\u1ee3p k\u00ednh t\u1ea3n quang \u0111\u1ec3 t\u00e1n x\u1ea1 \u00e1nh s\u00e1ng \u0111i xa, \u0111\u00e8n c\u00f3 kh\u1ea3 n\u0103ng gi\u00e1m s\u00e1t v\u00e0 v\u1eadn h\u00e0nh t\u1eeb trung t\u00e2m \u0111i\u1ec1u khi\u1ec3n th\u00f4ng minh IOC.<\/p>\n","protected":false},"featured_media":1645,"template":"","meta":[],"product_brand":[],"product_cat":[73,70],"product_tag":[],"class_list":{"0":"post-1643","1":"product","2":"type-product","3":"status-publish","4":"has-post-thumbnail","6":"product_cat-den-chieu-sang-facade","7":"product_cat-den-san-vuon","8":"pa_chuan-dieu-khien-on-off","9":"pa_dien-ap-hoat-dong-ac-100-277v","10":"pa_do-kin-ip-66","11":"pa_nhiet-do-mau-3000k","12":"pa_nhiet-do-mau-4000k","14":"first","15":"instock","16":"taxable","17":"shipping-taxable","18":"product-type-simple"},"yoast_head":"<!-- This site is optimized with the Yoast SEO Premium plugin v27.4 (Yoast SEO v27.4) - https:\/\/yoast.com\/product\/yoast-seo-premium-wordpress\/ -->\n<title>\u0110\u00e8n s\u00e2n v\u01b0\u1eddn 83W \u0111i\u1ec1u khi\u1ec3n th\u00f4ng minh t\u1eeb trung t\u00e2m \u0111i\u1ec1u khi\u1ec3n.<\/title>\n<meta name=\"description\" content=\"\u0110\u00e8n s\u00e2n v\u01b0\u1eddn 83W VL-VG03 l\u00e0 lo\u1ea1i \u0111\u00e8n LED S\u00e2n V\u01b0\u1eddn hi\u1ec7n \u0111\u1ea1i, v\u1ecf b\u1eb1ng nh\u00f4m \u0111\u00fac ph\u1ee7 b\u1ed9t polyester, c\u00f3 ch\u00f3a t\u00e1n quang ph\u00f9 h\u1ee3p cho c\u1ea3nh quan hi\u1ec7n \u0111\u1ea1i.\" \/>\n<meta name=\"robots\" content=\"index, follow, max-snippet:-1, max-image-preview:large, max-video-preview:-1\" \/>\n<link rel=\"canonical\" href=\"https:\/\/vilight.vn\/website\/san-pham\/den-chieu-sang-facade\/den-san-vuon-vl-vg03\/\" \/>\n<meta property=\"og:locale\" content=\"vi_VN\" \/>\n<meta property=\"og:type\" content=\"article\" \/>\n<meta property=\"og:title\" content=\"\u0110\u00e8n s\u00e2n v\u01b0\u1eddn 83W\" \/>\n<meta property=\"og:description\" content=\"B\u1ed9 \u0111\u00e8n s\u00e2n v\u01b0\u1eddn ch\u00f3a c\u00f3 d\u1ea1ng h\u00ecnh tr\u0103ng tr\u00f2n, t\u00edch h\u1ee3p k\u00ednh t\u1ea3n quang \u0111\u1ec3 t\u00e1n x\u1ea1 \u00e1nh s\u00e1ng \u0111i xa, \u0111\u00e8n c\u00f3 kh\u1ea3 n\u0103ng gi\u00e1m s\u00e1t v\u00e0 v\u1eadn h\u00e0nh t\u1eeb trung t\u00e2m \u0111i\u1ec1u khi\u1ec3n th\u00f4ng minh IOC.\" \/>\n<meta property=\"og:url\" content=\"https:\/\/vilight.vn\/website\/san-pham\/den-chieu-sang-facade\/den-san-vuon-vl-vg03\/\" \/>\n<meta property=\"og:site_name\" content=\"Vilight Co.ltd\" \/>\n<meta property=\"article:publisher\" content=\"http:\/\/facebook.com\/vilight.vn\" \/>\n<meta property=\"article:modified_time\" content=\"2024-10-04T07:06:29+00:00\" \/>\n<meta property=\"og:image\" content=\"https:\/\/vilight.vn\/website\/wp-content\/uploads\/2021\/06\/VG03-Logo.jpg\" \/>\n\t<meta property=\"og:image:width\" content=\"600\" \/>\n\t<meta property=\"og:image:height\" content=\"600\" \/>\n\t<meta property=\"og:image:type\" content=\"image\/jpeg\" \/>\n<meta name=\"twitter:card\" content=\"summary_large_image\" \/>\n<meta name=\"twitter:label1\" content=\"Gi\u00e1\" \/>\n\t<meta name=\"twitter:data1\" content=\"\" \/>\n\t<meta name=\"twitter:label2\" content=\"Kh\u1ea3 d\u1ee5ng\" \/>\n\t<meta name=\"twitter:data2\" content=\"Trong kho\" \/>\n<script type=\"application\/ld+json\" class=\"yoast-schema-graph\">{\"@context\":\"https:\\\/\\\/schema.org\",\"@graph\":[{\"@type\":\"WebPage\",\"@id\":\"https:\\\/\\\/vilight.vn\\\/website\\\/san-pham\\\/den-chieu-sang-facade\\\/den-san-vuon-vl-vg03\\\/\",\"url\":\"https:\\\/\\\/vilight.vn\\\/website\\\/san-pham\\\/den-chieu-sang-facade\\\/den-san-vuon-vl-vg03\\\/\",\"name\":\"\u0110\u00e8n s\u00e2n v\u01b0\u1eddn 83W \u0111i\u1ec1u khi\u1ec3n th\u00f4ng minh t\u1eeb trung t\u00e2m \u0111i\u1ec1u khi\u1ec3n.\",\"isPartOf\":{\"@id\":\"https:\\\/\\\/vilight.vn\\\/website\\\/#website\"},\"primaryImageOfPage\":{\"@id\":\"https:\\\/\\\/vilight.vn\\\/website\\\/san-pham\\\/den-chieu-sang-facade\\\/den-san-vuon-vl-vg03\\\/#primaryimage\"},\"image\":{\"@id\":\"https:\\\/\\\/vilight.vn\\\/website\\\/san-pham\\\/den-chieu-sang-facade\\\/den-san-vuon-vl-vg03\\\/#primaryimage\"},\"thumbnailUrl\":\"https:\\\/\\\/vilight.vn\\\/website\\\/wp-content\\\/uploads\\\/2021\\\/06\\\/VG03-Logo.jpg\",\"datePublished\":\"2021-06-30T07:02:22+00:00\",\"dateModified\":\"2024-10-04T07:06:29+00:00\",\"description\":\"\u0110\u00e8n s\u00e2n v\u01b0\u1eddn 83W VL-VG03 l\u00e0 lo\u1ea1i \u0111\u00e8n LED S\u00e2n V\u01b0\u1eddn hi\u1ec7n \u0111\u1ea1i, v\u1ecf b\u1eb1ng nh\u00f4m \u0111\u00fac ph\u1ee7 b\u1ed9t polyester, c\u00f3 ch\u00f3a t\u00e1n quang ph\u00f9 h\u1ee3p cho c\u1ea3nh quan hi\u1ec7n \u0111\u1ea1i.\",\"breadcrumb\":{\"@id\":\"https:\\\/\\\/vilight.vn\\\/website\\\/san-pham\\\/den-chieu-sang-facade\\\/den-san-vuon-vl-vg03\\\/#breadcrumb\"},\"inLanguage\":\"vi\",\"potentialAction\":[{\"@type\":\"ReadAction\",\"target\":[\"https:\\\/\\\/vilight.vn\\\/website\\\/san-pham\\\/den-chieu-sang-facade\\\/den-san-vuon-vl-vg03\\\/\"]}]},{\"@type\":\"ImageObject\",\"inLanguage\":\"vi\",\"@id\":\"https:\\\/\\\/vilight.vn\\\/website\\\/san-pham\\\/den-chieu-sang-facade\\\/den-san-vuon-vl-vg03\\\/#primaryimage\",\"url\":\"https:\\\/\\\/vilight.vn\\\/website\\\/wp-content\\\/uploads\\\/2021\\\/06\\\/VG03-Logo.jpg\",\"contentUrl\":\"https:\\\/\\\/vilight.vn\\\/website\\\/wp-content\\\/uploads\\\/2021\\\/06\\\/VG03-Logo.jpg\",\"width\":600,\"height\":600,\"caption\":\"\u0110\u00e8n LED S\u00c2N V\u01af\u1edcN VG03 hi\u1ec7n \u0111\u1ea1i, \u0111\u00e8n led s\u00e2n v\u01b0\u1eddn ki\u1ec3u d\u00e1ng \u0111\u1ed9c \u0111\u00e1o, \u0111\u00e8n LED s\u00e2n v\u01b0\u1eddn ki\u1ec3u d\u00e1ng kh\u00f4ng \u0111\u1ee5ng h\u00e0ng\"},{\"@type\":\"BreadcrumbList\",\"@id\":\"https:\\\/\\\/vilight.vn\\\/website\\\/san-pham\\\/den-chieu-sang-facade\\\/den-san-vuon-vl-vg03\\\/#breadcrumb\",\"itemListElement\":[{\"@type\":\"ListItem\",\"position\":1,\"name\":\"Home\",\"item\":\"https:\\\/\\\/vilight.vn\\\/website\\\/\"},{\"@type\":\"ListItem\",\"position\":2,\"name\":\"store\",\"item\":\"https:\\\/\\\/vilight.vn\\\/website\\\/store\\\/\"},{\"@type\":\"ListItem\",\"position\":3,\"name\":\"\u0110\u00e8n s\u00e2n v\u01b0\u1eddn 83W\"}]},{\"@type\":\"WebSite\",\"@id\":\"https:\\\/\\\/vilight.vn\\\/website\\\/#website\",\"url\":\"https:\\\/\\\/vilight.vn\\\/website\\\/\",\"name\":\"Vilight Co.ltd\",\"description\":\"Chi\u1ebfu s\u00e1ng m\u1ef9 thu\u1eadt, chi\u1ebfu s\u00e1ng th\u00f4ng minh, LED Pixel 3D, chi\u1ebfu s\u00e1ng trang tr\u00ed \u0111\u00f4 th\u1ecb, chi\u1ebfu s\u00e1ng v\u00f2ng xoay, chi\u1ebfu s\u00e1ng \u0111\u1ea3o giao th\u00f4ng, c\u1ed5ng ch\u00e0o \u0111\u00f4 th\u1ecb\",\"publisher\":{\"@id\":\"https:\\\/\\\/vilight.vn\\\/website\\\/#organization\"},\"potentialAction\":[{\"@type\":\"SearchAction\",\"target\":{\"@type\":\"EntryPoint\",\"urlTemplate\":\"https:\\\/\\\/vilight.vn\\\/website\\\/?s={search_term_string}\"},\"query-input\":{\"@type\":\"PropertyValueSpecification\",\"valueRequired\":true,\"valueName\":\"search_term_string\"}}],\"inLanguage\":\"vi\"},{\"@type\":\"Organization\",\"@id\":\"https:\\\/\\\/vilight.vn\\\/website\\\/#organization\",\"name\":\"Vilight\",\"url\":\"https:\\\/\\\/vilight.vn\\\/website\\\/\",\"logo\":{\"@type\":\"ImageObject\",\"inLanguage\":\"vi\",\"@id\":\"https:\\\/\\\/vilight.vn\\\/website\\\/#\\\/schema\\\/logo\\\/image\\\/\",\"url\":\"https:\\\/\\\/vilight.vn\\\/website\\\/wp-content\\\/uploads\\\/2022\\\/05\\\/chieu_sang_trang_tri_do_thi_bang_den_led_pixel.png\",\"contentUrl\":\"https:\\\/\\\/vilight.vn\\\/website\\\/wp-content\\\/uploads\\\/2022\\\/05\\\/chieu_sang_trang_tri_do_thi_bang_den_led_pixel.png\",\"width\":800,\"height\":427,\"caption\":\"Vilight\"},\"image\":{\"@id\":\"https:\\\/\\\/vilight.vn\\\/website\\\/#\\\/schema\\\/logo\\\/image\\\/\"},\"sameAs\":[\"http:\\\/\\\/facebook.com\\\/vilight.vn\",\"https:\\\/\\\/www.linkedin.com\\\/company\\\/vilight-vn\",\"https:\\\/\\\/www.youtube.com\\\/channel\\\/UCEwR2naeDcuarMX1kSv_rLQ\\\/videos\"]}]}<\/script>\n<meta property=\"product:brand\" content=\"\u0110\u00e8n chi\u1ebfu s\u00e1ng Facade\" \/>\n<meta property=\"product:price:currency\" content=\"VND\" \/>\n<meta property=\"og:availability\" content=\"instock\" \/>\n<meta property=\"product:availability\" content=\"instock\" \/>\n<meta property=\"product:condition\" content=\"new\" \/>\n<!-- \/ Yoast SEO Premium plugin. -->","yoast_head_json":{"title":"\u0110\u00e8n s\u00e2n v\u01b0\u1eddn 83W \u0111i\u1ec1u khi\u1ec3n th\u00f4ng minh t\u1eeb trung t\u00e2m \u0111i\u1ec1u khi\u1ec3n.","description":"\u0110\u00e8n s\u00e2n v\u01b0\u1eddn 83W VL-VG03 l\u00e0 lo\u1ea1i \u0111\u00e8n LED S\u00e2n V\u01b0\u1eddn hi\u1ec7n \u0111\u1ea1i, v\u1ecf b\u1eb1ng nh\u00f4m \u0111\u00fac ph\u1ee7 b\u1ed9t polyester, c\u00f3 ch\u00f3a t\u00e1n quang ph\u00f9 h\u1ee3p cho c\u1ea3nh quan hi\u1ec7n \u0111\u1ea1i.","robots":{"index":"index","follow":"follow","max-snippet":"max-snippet:-1","max-image-preview":"max-image-preview:large","max-video-preview":"max-video-preview:-1"},"canonical":"https:\/\/vilight.vn\/website\/san-pham\/den-chieu-sang-facade\/den-san-vuon-vl-vg03\/","og_locale":"vi_VN","og_type":"article","og_title":"\u0110\u00e8n s\u00e2n v\u01b0\u1eddn 83W","og_description":"B\u1ed9 \u0111\u00e8n s\u00e2n v\u01b0\u1eddn ch\u00f3a c\u00f3 d\u1ea1ng h\u00ecnh tr\u0103ng tr\u00f2n, t\u00edch h\u1ee3p k\u00ednh t\u1ea3n quang \u0111\u1ec3 t\u00e1n x\u1ea1 \u00e1nh s\u00e1ng \u0111i xa, \u0111\u00e8n c\u00f3 kh\u1ea3 n\u0103ng gi\u00e1m s\u00e1t v\u00e0 v\u1eadn h\u00e0nh t\u1eeb trung t\u00e2m \u0111i\u1ec1u khi\u1ec3n th\u00f4ng minh IOC.","og_url":"https:\/\/vilight.vn\/website\/san-pham\/den-chieu-sang-facade\/den-san-vuon-vl-vg03\/","og_site_name":"Vilight Co.ltd","article_publisher":"http:\/\/facebook.com\/vilight.vn","article_modified_time":"2024-10-04T07:06:29+00:00","og_image":[{"width":600,"height":600,"url":"https:\/\/vilight.vn\/website\/wp-content\/uploads\/2021\/06\/VG03-Logo.jpg","type":"image\/jpeg"}],"twitter_card":"summary_large_image","twitter_misc":{"Gi\u00e1":"","Kh\u1ea3 d\u1ee5ng":"Trong kho"},"schema":{"@context":"https:\/\/schema.org","@graph":[{"@type":"WebPage","@id":"https:\/\/vilight.vn\/website\/san-pham\/den-chieu-sang-facade\/den-san-vuon-vl-vg03\/","url":"https:\/\/vilight.vn\/website\/san-pham\/den-chieu-sang-facade\/den-san-vuon-vl-vg03\/","name":"\u0110\u00e8n s\u00e2n v\u01b0\u1eddn 83W \u0111i\u1ec1u khi\u1ec3n th\u00f4ng minh t\u1eeb trung t\u00e2m \u0111i\u1ec1u khi\u1ec3n.","isPartOf":{"@id":"https:\/\/vilight.vn\/website\/#website"},"primaryImageOfPage":{"@id":"https:\/\/vilight.vn\/website\/san-pham\/den-chieu-sang-facade\/den-san-vuon-vl-vg03\/#primaryimage"},"image":{"@id":"https:\/\/vilight.vn\/website\/san-pham\/den-chieu-sang-facade\/den-san-vuon-vl-vg03\/#primaryimage"},"thumbnailUrl":"https:\/\/vilight.vn\/website\/wp-content\/uploads\/2021\/06\/VG03-Logo.jpg","datePublished":"2021-06-30T07:02:22+00:00","dateModified":"2024-10-04T07:06:29+00:00","description":"\u0110\u00e8n s\u00e2n v\u01b0\u1eddn 83W VL-VG03 l\u00e0 lo\u1ea1i \u0111\u00e8n LED S\u00e2n V\u01b0\u1eddn hi\u1ec7n \u0111\u1ea1i, v\u1ecf b\u1eb1ng nh\u00f4m \u0111\u00fac ph\u1ee7 b\u1ed9t polyester, c\u00f3 ch\u00f3a t\u00e1n quang ph\u00f9 h\u1ee3p cho c\u1ea3nh quan hi\u1ec7n \u0111\u1ea1i.","breadcrumb":{"@id":"https:\/\/vilight.vn\/website\/san-pham\/den-chieu-sang-facade\/den-san-vuon-vl-vg03\/#breadcrumb"},"inLanguage":"vi","potentialAction":[{"@type":"ReadAction","target":["https:\/\/vilight.vn\/website\/san-pham\/den-chieu-sang-facade\/den-san-vuon-vl-vg03\/"]}]},{"@type":"ImageObject","inLanguage":"vi","@id":"https:\/\/vilight.vn\/website\/san-pham\/den-chieu-sang-facade\/den-san-vuon-vl-vg03\/#primaryimage","url":"https:\/\/vilight.vn\/website\/wp-content\/uploads\/2021\/06\/VG03-Logo.jpg","contentUrl":"https:\/\/vilight.vn\/website\/wp-content\/uploads\/2021\/06\/VG03-Logo.jpg","width":600,"height":600,"caption":"\u0110\u00e8n LED S\u00c2N V\u01af\u1edcN VG03 hi\u1ec7n \u0111\u1ea1i, \u0111\u00e8n led s\u00e2n v\u01b0\u1eddn ki\u1ec3u d\u00e1ng \u0111\u1ed9c \u0111\u00e1o, \u0111\u00e8n LED s\u00e2n v\u01b0\u1eddn ki\u1ec3u d\u00e1ng kh\u00f4ng \u0111\u1ee5ng h\u00e0ng"},{"@type":"BreadcrumbList","@id":"https:\/\/vilight.vn\/website\/san-pham\/den-chieu-sang-facade\/den-san-vuon-vl-vg03\/#breadcrumb","itemListElement":[{"@type":"ListItem","position":1,"name":"Home","item":"https:\/\/vilight.vn\/website\/"},{"@type":"ListItem","position":2,"name":"store","item":"https:\/\/vilight.vn\/website\/store\/"},{"@type":"ListItem","position":3,"name":"\u0110\u00e8n s\u00e2n v\u01b0\u1eddn 83W"}]},{"@type":"WebSite","@id":"https:\/\/vilight.vn\/website\/#website","url":"https:\/\/vilight.vn\/website\/","name":"Vilight Co.ltd","description":"Chi\u1ebfu s\u00e1ng m\u1ef9 thu\u1eadt, chi\u1ebfu s\u00e1ng th\u00f4ng minh, LED Pixel 3D, chi\u1ebfu s\u00e1ng trang tr\u00ed \u0111\u00f4 th\u1ecb, chi\u1ebfu s\u00e1ng v\u00f2ng xoay, chi\u1ebfu s\u00e1ng \u0111\u1ea3o giao th\u00f4ng, c\u1ed5ng ch\u00e0o \u0111\u00f4 th\u1ecb","publisher":{"@id":"https:\/\/vilight.vn\/website\/#organization"},"potentialAction":[{"@type":"SearchAction","target":{"@type":"EntryPoint","urlTemplate":"https:\/\/vilight.vn\/website\/?s={search_term_string}"},"query-input":{"@type":"PropertyValueSpecification","valueRequired":true,"valueName":"search_term_string"}}],"inLanguage":"vi"},{"@type":"Organization","@id":"https:\/\/vilight.vn\/website\/#organization","name":"Vilight","url":"https:\/\/vilight.vn\/website\/","logo":{"@type":"ImageObject","inLanguage":"vi","@id":"https:\/\/vilight.vn\/website\/#\/schema\/logo\/image\/","url":"https:\/\/vilight.vn\/website\/wp-content\/uploads\/2022\/05\/chieu_sang_trang_tri_do_thi_bang_den_led_pixel.png","contentUrl":"https:\/\/vilight.vn\/website\/wp-content\/uploads\/2022\/05\/chieu_sang_trang_tri_do_thi_bang_den_led_pixel.png","width":800,"height":427,"caption":"Vilight"},"image":{"@id":"https:\/\/vilight.vn\/website\/#\/schema\/logo\/image\/"},"sameAs":["http:\/\/facebook.com\/vilight.vn","https:\/\/www.linkedin.com\/company\/vilight-vn","https:\/\/www.youtube.com\/channel\/UCEwR2naeDcuarMX1kSv_rLQ\/videos"]}]},"product_brand":"\u0110\u00e8n chi\u1ebfu s\u00e1ng Facade","product_price_currency":"VND","og_availability":"instock","product_availability":"instock","product_condition":"new"},"_links":{"self":[{"href":"https:\/\/vilight.vn\/website\/wp-json\/wp\/v2\/product\/1643","targetHints":{"allow":["GET"]}}],"collection":[{"href":"https:\/\/vilight.vn\/website\/wp-json\/wp\/v2\/product"}],"about":[{"href":"https:\/\/vilight.vn\/website\/wp-json\/wp\/v2\/types\/product"}],"wp:featuredmedia":[{"embeddable":true,"href":"https:\/\/vilight.vn\/website\/wp-json\/wp\/v2\/media\/1645"}],"wp:attachment":[{"href":"https:\/\/vilight.vn\/website\/wp-json\/wp\/v2\/media?parent=1643"}],"wp:term":[{"taxonomy":"product_brand","embeddable":true,"href":"https:\/\/vilight.vn\/website\/wp-json\/wp\/v2\/product_brand?post=1643"},{"taxonomy":"product_cat","embeddable":true,"href":"https:\/\/vilight.vn\/website\/wp-json\/wp\/v2\/product_cat?post=1643"},{"taxonomy":"product_tag","embeddable":true,"href":"https:\/\/vilight.vn\/website\/wp-json\/wp\/v2\/product_tag?post=1643"}],"curies":[{"name":"wp","href":"https:\/\/api.w.org\/{rel}","templated":true}]}}