{"id":1646,"date":"2021-06-30T14:02:57","date_gmt":"2021-06-30T07:02:57","guid":{"rendered":"https:\/\/vilight.vn\/website\/?post_type=product&#038;p=1646"},"modified":"2024-10-04T16:35:01","modified_gmt":"2024-10-04T09:35:01","slug":"den-san-vuon-vl-vg04","status":"publish","type":"product","link":"https:\/\/vilight.vn\/website\/san-pham\/den-chieu-sang-facade\/den-san-vuon\/den-san-vuon-vl-vg04\/","title":{"rendered":"\u0110\u00e8n s\u00e2n v\u01b0\u1eddn VL-VG04"},"content":{"rendered":"<h2 style=\"text-align: justify;\"><span style=\"font-size: 18pt;\">\u0110\u00e8n s\u00e2n v\u01b0\u1eddn VL-VG04 &#8211; Chi\u1ebfu s\u00e1ng ho\u00e0n h\u1ea3o cho kh\u00f4ng gian ngo\u00e0i tr\u1eddi<\/span><\/h2>\n<p style=\"text-align: justify;\"><span style=\"font-size: 14pt;\">\u0110\u00e8n s\u00e2n v\u01b0\u1eddn VL-VG04 l\u00e0 s\u1ef1 k\u1ebft h\u1ee3p tuy\u1ec7t v\u1eddi gi\u1eefa ch\u1ea5t li\u1ec7u cao c\u1ea5p v\u00e0 thi\u1ebft k\u1ebf hi\u1ec7n \u0111\u1ea1i, mang \u0111\u1ebfn kh\u00f4ng gian ngo\u00e0i tr\u1eddi c\u1ee7a b\u1ea1n m\u1ed9t \u00e1nh s\u00e1ng tinh t\u1ebf v\u00e0 th\u00fa v\u1ecb. V\u1edbi s\u1ef1 ph\u00e2n ph\u1ed1i ch\u00ednh h\u00e3ng t\u1ea1i Vi\u1ec7t Nam b\u1edfi Vilight.vn, s\u1ea3n ph\u1ea9m n\u00e0y \u0111\u00e1ng \u0111\u1ec3 b\u1ea1n kh\u00e1m ph\u00e1 n\u1ebfu b\u1ea1n \u0111ang t\u00ecm ki\u1ebfm m\u1ed9t gi\u1ea3i ph\u00e1p chi\u1ebfu s\u00e1ng cho v\u1ec9a h\u00e8, l\u1ed1i \u0111i c\u00f4ng c\u1ed9ng, c\u00f4ng vi\u00ean hay qu\u1ea3ng tr\u01b0\u1eddng.<\/span><\/p>\n<p style=\"text-align: justify;\"><span style=\"font-size: 14pt;\">\u0110\u00e8n s\u00e2n v\u01b0\u1eddn VL-VG04 \u0111\u01b0\u1ee3c l\u00e0m t\u1eeb ch\u1ea5t li\u1ec7u cao c\u1ea5p, mang \u0111\u1ebfn kh\u00f4ng ch\u1ec9 s\u1ef1 \u0111\u1eb9p m\u1eaft m\u00e0 c\u00f2n t\u00ednh b\u1ec1n v\u1eefng. V\u1edbi vi\u1ec7c s\u1eed d\u1ee5ng ch\u1ea5t li\u1ec7u t\u1ed1t, \u0111\u00e8n n\u00e0y c\u00f3 kh\u1ea3 n\u0103ng ch\u1ecbu \u0111\u01b0\u1ee3c th\u1eddi ti\u1ebft kh\u1eafc nghi\u1ec7t v\u00e0 \u0111\u1ea3m b\u1ea3o ho\u1ea1t \u0111\u1ed9ng \u1ed5n \u0111\u1ecbnh trong m\u00f4i tr\u01b0\u1eddng ngo\u00e0i tr\u1eddi. B\u1ea1n c\u00f3 th\u1ec3 y\u00ean t\u00e2m s\u1eed d\u1ee5ng n\u00f3 m\u00e0 kh\u00f4ng lo l\u1eafng v\u1ec1 c\u00e1c y\u1ebfu t\u1ed1 m\u00f4i tr\u01b0\u1eddng nh\u01b0 n\u01b0\u1edbc, b\u1ee5i hay va \u0111\u1eadp.<\/span><\/p>\n<p style=\"text-align: justify;\"><span style=\"font-size: 14pt;\">\u0110\u00e8n s\u00e2n v\u01b0\u1eddn VL-VG04 \u0111\u01b0\u1ee3c thi\u1ebft k\u1ebf v\u1edbi m\u1ee5c \u0111\u00edch t\u1ea1o \u0111i\u1ec3m nh\u1ea5n v\u00e0 t\u0103ng t\u00ednh th\u1ea9m m\u1ef9 cho kh\u00f4ng gian b\u00ean ngo\u00e0i. V\u1edbi \u00e1nh s\u00e1ng m\u1ec1m m\u1ea1i v\u00e0 \u0111\u1ed3ng \u0111\u1ec1u, n\u00f3 s\u1ebd mang \u0111\u1ebfn kh\u00f4ng gian r\u1ef1c r\u1ee1 v\u00e0 \u1ea5m c\u00fang v\u00e0o bu\u1ed5i t\u1ed1i. \u0110\u00e8n s\u1eed d\u1ee5ng c\u00f4ng ngh\u1ec7 LED ti\u00ean ti\u1ebfn, gi\u00fap ti\u1ebft ki\u1ec7m n\u0103ng l\u01b0\u1ee3ng v\u00e0 c\u00f3 tu\u1ed5i th\u1ecd cao h\u01a1n so v\u1edbi c\u00e1c lo\u1ea1i \u0111\u00e8n truy\u1ec1n th\u1ed1ng.<\/span><\/p>\n<p style=\"text-align: justify;\"><span style=\"font-size: 14pt;\">N\u1ebfu b\u1ea1n \u0111ang t\u00ecm ki\u1ebfm m\u1ed9t gi\u1ea3i ph\u00e1p chi\u1ebfu s\u00e1ng ch\u1ea5t l\u01b0\u1ee3ng cho kh\u00f4ng gian ngo\u00e0i tr\u1eddi nh\u01b0 v\u1ec9a h\u00e8, l\u1ed1i \u0111i c\u00f4ng c\u1ed9ng, c\u00f4ng vi\u00ean hay qu\u1ea3ng tr\u01b0\u1eddng, \u0111\u00e8n s\u00e2n v\u01b0\u1eddn VL-VG04 l\u00e0 l\u1ef1a ch\u1ecdn ho\u00e0n h\u1ea3o. V\u1edbi ch\u1ea5t li\u1ec7u cao c\u1ea5p, thi\u1ebft k\u1ebf \u0111\u1eb9p m\u1eaft v\u00e0 kh\u1ea3 n\u0103ng ch\u1ecbu \u0111\u1ef1ng m\u00f4i tr\u01b0\u1eddng kh\u1eafc nghi\u1ec7t, s\u1ea3n ph\u1ea9m n\u00e0y s\u1ebd mang \u0111\u1ebfn \u00e1nh s\u00e1ng tinh t\u1ebf v\u00e0 \u0111\u1ed9c \u0111\u00e1o cho kh\u00f4ng gian c\u1ee7a b\u1ea1n. H\u00e3y li\u00ean h\u1ec7 v\u1edbi Vilight.vn ngay h\u00f4m nay \u0111\u1ec3 bi\u1ebft th\u00eam th\u00f4ng tin v\u00e0 \u0111\u1eb7t mua s\u1ea3n ph\u1ea9m n\u00e0y.<\/span><\/p>\n<p style=\"text-align: justify;\"><span style=\"font-size: 14pt;\"><a href=\"https:\/\/vilight.vn\/website\/wp-content\/uploads\/2021\/06\/VG04.jpg\"><img decoding=\"async\" class=\"aligncenter wp-image-1647 lazyload\" data-src=\"https:\/\/vilight.vn\/website\/wp-content\/uploads\/2021\/06\/VG04.jpg\" alt=\"\u0110\u00e8n s\u00e2n v\u01b0\u1eddn VL-VG04\" width=\"1500\" height=\"938\" data-srcset=\"https:\/\/vilight.vn\/website\/wp-content\/uploads\/2021\/06\/VG04.jpg 1200w, https:\/\/vilight.vn\/website\/wp-content\/uploads\/2021\/06\/VG04-800x500.jpg 800w, https:\/\/vilight.vn\/website\/wp-content\/uploads\/2021\/06\/VG04-300x188.jpg 300w, https:\/\/vilight.vn\/website\/wp-content\/uploads\/2021\/06\/VG04-1024x640.jpg 1024w, https:\/\/vilight.vn\/website\/wp-content\/uploads\/2021\/06\/VG04-768x480.jpg 768w, https:\/\/vilight.vn\/website\/wp-content\/uploads\/2021\/06\/VG04-16x10.jpg 16w, https:\/\/vilight.vn\/website\/wp-content\/uploads\/2021\/06\/VG04-234x146.jpg 234w, https:\/\/vilight.vn\/website\/wp-content\/uploads\/2021\/06\/VG04-50x31.jpg 50w, https:\/\/vilight.vn\/website\/wp-content\/uploads\/2021\/06\/VG04-120x75.jpg 120w, https:\/\/vilight.vn\/website\/wp-content\/uploads\/2021\/06\/VG04-600x375.jpg 600w\" data-sizes=\"(max-width:767px) 480px, (max-width:1500px) 100vw, 1500px\" src=\"data:image\/svg+xml;base64,PHN2ZyB3aWR0aD0iMSIgaGVpZ2h0PSIxIiB4bWxucz0iaHR0cDovL3d3dy53My5vcmcvMjAwMC9zdmciPjwvc3ZnPg==\" style=\"--smush-placeholder-width: 1500px; --smush-placeholder-aspect-ratio: 1500\/938;\" \/><\/a><\/span><\/p>\n<p style=\"text-align: justify;\"><span style=\"font-size: 14pt;\">VG04. \u0110\u00e8n s\u00e2n v\u01b0\u1eddn VG04. \u0110\u00e8n s\u00e2n v\u01b0\u1eddn nh\u1eadp kh\u1ea9u cao c\u1ea5p VG04. VG04<\/span><\/p>\n","protected":false},"excerpt":{"rendered":"<p style=\"text-align: justify;\"><span style=\"font-size: 14pt;\">Gi\u1edbi thi\u1ec7u \u0111\u00e8n s\u00e2n v\u01b0\u1eddn VL-VG04 &#8211; s\u1ef1 k\u1ebft h\u1ee3p tuy\u1ec7t v\u1eddi gi\u1eefa ch\u1ea5t li\u1ec7u cao c\u1ea5p v\u00e0 thi\u1ebft k\u1ebf hi\u1ec7n \u0111\u1ea1i. Mang \u0111\u1ebfn \u00e1nh s\u00e1ng tinh t\u1ebf v\u00e0 b\u1ec1n v\u1eefng cho kh\u00f4ng gian ngo\u00e0i tr\u1eddi.<\/span><\/p>\n","protected":false},"featured_media":1648,"template":"","meta":[],"product_brand":[],"product_cat":[73,70],"product_tag":[451],"class_list":{"0":"post-1646","1":"product","2":"type-product","3":"status-publish","4":"has-post-thumbnail","6":"product_cat-den-chieu-sang-facade","7":"product_cat-den-san-vuon","8":"product_tag-den-san-vuon-vl-vg04","9":"pa_chuan-dieu-khien-on-off","10":"pa_dien-ap-hoat-dong-ac-100-277v","11":"pa_do-kin-ip-66","12":"pa_nhiet-do-mau-3000k","13":"pa_nhiet-do-mau-4000k","15":"first","16":"instock","17":"taxable","18":"shipping-taxable","19":"product-type-simple"},"yoast_head":"<!-- This site is optimized with the Yoast SEO Premium plugin v27.5 (Yoast SEO v27.5) - https:\/\/yoast.com\/product\/yoast-seo-premium-wordpress\/ -->\n<title>\u0110\u00e8n s\u00e2n v\u01b0\u1eddn VL-VG04 Nh\u1eadp kh\u1ea9u ch\u00ednh h\u00e3ng - Vilight Co.ltd<\/title>\n<meta name=\"description\" content=\"\u0110\u00e8n s\u00e2n v\u01b0\u1eddn VL-VG04 ph\u00f9 h\u1ee3p cho nhi\u1ec1u m\u1ee5c \u0111\u00ednh s\u1eed d\u1ee5ng kh\u00e1c nhau. \u0110\u00e8n c\u00f3 \u0111\u1ed9 b\u1ec1n cao , s\u1eed d\u1ee5ng Chip t\u1eeb c\u00e1c th\u01b0\u01a1ng hi\u1ec7u l\u1edbn\" \/>\n<meta name=\"robots\" content=\"index, follow, max-snippet:-1, max-image-preview:large, max-video-preview:-1\" \/>\n<link rel=\"canonical\" href=\"https:\/\/vilight.vn\/website\/san-pham\/den-chieu-sang-facade\/den-san-vuon\/den-san-vuon-vl-vg04\/\" \/>\n<meta property=\"og:locale\" content=\"vi_VN\" \/>\n<meta property=\"og:type\" content=\"article\" \/>\n<meta property=\"og:title\" content=\"\u0110\u00e8n s\u00e2n v\u01b0\u1eddn VL-VG04\" \/>\n<meta property=\"og:description\" content=\"Gi\u1edbi thi\u1ec7u \u0111\u00e8n s\u00e2n v\u01b0\u1eddn VL-VG04 - s\u1ef1 k\u1ebft h\u1ee3p tuy\u1ec7t v\u1eddi gi\u1eefa ch\u1ea5t li\u1ec7u cao c\u1ea5p v\u00e0 thi\u1ebft k\u1ebf hi\u1ec7n \u0111\u1ea1i. Mang \u0111\u1ebfn \u00e1nh s\u00e1ng tinh t\u1ebf v\u00e0 b\u1ec1n v\u1eefng cho kh\u00f4ng gian ngo\u00e0i tr\u1eddi.\" \/>\n<meta property=\"og:url\" content=\"https:\/\/vilight.vn\/website\/san-pham\/den-chieu-sang-facade\/den-san-vuon\/den-san-vuon-vl-vg04\/\" \/>\n<meta property=\"og:site_name\" content=\"Vilight Co.ltd\" \/>\n<meta property=\"article:publisher\" content=\"http:\/\/facebook.com\/vilight.vn\" \/>\n<meta property=\"article:modified_time\" content=\"2024-10-04T09:35:01+00:00\" \/>\n<meta property=\"og:image\" content=\"https:\/\/vilight.vn\/website\/wp-content\/uploads\/2021\/06\/VG04-Logo.jpg\" \/>\n\t<meta property=\"og:image:width\" content=\"600\" \/>\n\t<meta property=\"og:image:height\" content=\"600\" \/>\n\t<meta property=\"og:image:type\" content=\"image\/jpeg\" \/>\n<meta name=\"twitter:card\" content=\"summary_large_image\" \/>\n<meta name=\"twitter:label1\" content=\"Gi\u00e1\" \/>\n\t<meta name=\"twitter:data1\" content=\"\" \/>\n\t<meta name=\"twitter:label2\" content=\"Kh\u1ea3 d\u1ee5ng\" \/>\n\t<meta name=\"twitter:data2\" content=\"Trong kho\" \/>\n<script type=\"application\/ld+json\" class=\"yoast-schema-graph\">{\"@context\":\"https:\\\/\\\/schema.org\",\"@graph\":[{\"@type\":\"WebPage\",\"@id\":\"https:\\\/\\\/vilight.vn\\\/website\\\/san-pham\\\/den-chieu-sang-facade\\\/den-san-vuon\\\/den-san-vuon-vl-vg04\\\/\",\"url\":\"https:\\\/\\\/vilight.vn\\\/website\\\/san-pham\\\/den-chieu-sang-facade\\\/den-san-vuon\\\/den-san-vuon-vl-vg04\\\/\",\"name\":\"\u0110\u00e8n s\u00e2n v\u01b0\u1eddn VL-VG04 Nh\u1eadp kh\u1ea9u ch\u00ednh h\u00e3ng - Vilight Co.ltd\",\"isPartOf\":{\"@id\":\"https:\\\/\\\/vilight.vn\\\/website\\\/#website\"},\"primaryImageOfPage\":{\"@id\":\"https:\\\/\\\/vilight.vn\\\/website\\\/san-pham\\\/den-chieu-sang-facade\\\/den-san-vuon\\\/den-san-vuon-vl-vg04\\\/#primaryimage\"},\"image\":{\"@id\":\"https:\\\/\\\/vilight.vn\\\/website\\\/san-pham\\\/den-chieu-sang-facade\\\/den-san-vuon\\\/den-san-vuon-vl-vg04\\\/#primaryimage\"},\"thumbnailUrl\":\"https:\\\/\\\/vilight.vn\\\/website\\\/wp-content\\\/uploads\\\/2021\\\/06\\\/VG04-Logo.jpg\",\"datePublished\":\"2021-06-30T07:02:57+00:00\",\"dateModified\":\"2024-10-04T09:35:01+00:00\",\"description\":\"\u0110\u00e8n s\u00e2n v\u01b0\u1eddn VL-VG04 ph\u00f9 h\u1ee3p cho nhi\u1ec1u m\u1ee5c \u0111\u00ednh s\u1eed d\u1ee5ng kh\u00e1c nhau. \u0110\u00e8n c\u00f3 \u0111\u1ed9 b\u1ec1n cao , s\u1eed d\u1ee5ng Chip t\u1eeb c\u00e1c th\u01b0\u01a1ng hi\u1ec7u l\u1edbn\",\"breadcrumb\":{\"@id\":\"https:\\\/\\\/vilight.vn\\\/website\\\/san-pham\\\/den-chieu-sang-facade\\\/den-san-vuon\\\/den-san-vuon-vl-vg04\\\/#breadcrumb\"},\"inLanguage\":\"vi\",\"potentialAction\":[{\"@type\":\"ReadAction\",\"target\":[\"https:\\\/\\\/vilight.vn\\\/website\\\/san-pham\\\/den-chieu-sang-facade\\\/den-san-vuon\\\/den-san-vuon-vl-vg04\\\/\"]}]},{\"@type\":\"ImageObject\",\"inLanguage\":\"vi\",\"@id\":\"https:\\\/\\\/vilight.vn\\\/website\\\/san-pham\\\/den-chieu-sang-facade\\\/den-san-vuon\\\/den-san-vuon-vl-vg04\\\/#primaryimage\",\"url\":\"https:\\\/\\\/vilight.vn\\\/website\\\/wp-content\\\/uploads\\\/2021\\\/06\\\/VG04-Logo.jpg\",\"contentUrl\":\"https:\\\/\\\/vilight.vn\\\/website\\\/wp-content\\\/uploads\\\/2021\\\/06\\\/VG04-Logo.jpg\",\"width\":600,\"height\":600,\"caption\":\"\u0110\u00e8n s\u00e2n v\u01b0\u1eddn VL-VG04\"},{\"@type\":\"BreadcrumbList\",\"@id\":\"https:\\\/\\\/vilight.vn\\\/website\\\/san-pham\\\/den-chieu-sang-facade\\\/den-san-vuon\\\/den-san-vuon-vl-vg04\\\/#breadcrumb\",\"itemListElement\":[{\"@type\":\"ListItem\",\"position\":1,\"name\":\"Home\",\"item\":\"https:\\\/\\\/vilight.vn\\\/website\\\/\"},{\"@type\":\"ListItem\",\"position\":2,\"name\":\"store\",\"item\":\"https:\\\/\\\/vilight.vn\\\/website\\\/store\\\/\"},{\"@type\":\"ListItem\",\"position\":3,\"name\":\"\u0110\u00e8n s\u00e2n v\u01b0\u1eddn VL-VG04\"}]},{\"@type\":\"WebSite\",\"@id\":\"https:\\\/\\\/vilight.vn\\\/website\\\/#website\",\"url\":\"https:\\\/\\\/vilight.vn\\\/website\\\/\",\"name\":\"Vilight Co.ltd\",\"description\":\"Chi\u1ebfu s\u00e1ng m\u1ef9 thu\u1eadt, chi\u1ebfu s\u00e1ng th\u00f4ng minh, LED Pixel 3D, chi\u1ebfu s\u00e1ng trang tr\u00ed \u0111\u00f4 th\u1ecb, chi\u1ebfu s\u00e1ng v\u00f2ng xoay, chi\u1ebfu s\u00e1ng \u0111\u1ea3o giao th\u00f4ng, c\u1ed5ng ch\u00e0o \u0111\u00f4 th\u1ecb\",\"publisher\":{\"@id\":\"https:\\\/\\\/vilight.vn\\\/website\\\/#organization\"},\"potentialAction\":[{\"@type\":\"SearchAction\",\"target\":{\"@type\":\"EntryPoint\",\"urlTemplate\":\"https:\\\/\\\/vilight.vn\\\/website\\\/?s={search_term_string}\"},\"query-input\":{\"@type\":\"PropertyValueSpecification\",\"valueRequired\":true,\"valueName\":\"search_term_string\"}}],\"inLanguage\":\"vi\"},{\"@type\":\"Organization\",\"@id\":\"https:\\\/\\\/vilight.vn\\\/website\\\/#organization\",\"name\":\"Vilight\",\"url\":\"https:\\\/\\\/vilight.vn\\\/website\\\/\",\"logo\":{\"@type\":\"ImageObject\",\"inLanguage\":\"vi\",\"@id\":\"https:\\\/\\\/vilight.vn\\\/website\\\/#\\\/schema\\\/logo\\\/image\\\/\",\"url\":\"https:\\\/\\\/vilight.vn\\\/website\\\/wp-content\\\/uploads\\\/2022\\\/05\\\/chieu_sang_trang_tri_do_thi_bang_den_led_pixel.png\",\"contentUrl\":\"https:\\\/\\\/vilight.vn\\\/website\\\/wp-content\\\/uploads\\\/2022\\\/05\\\/chieu_sang_trang_tri_do_thi_bang_den_led_pixel.png\",\"width\":800,\"height\":427,\"caption\":\"Vilight\"},\"image\":{\"@id\":\"https:\\\/\\\/vilight.vn\\\/website\\\/#\\\/schema\\\/logo\\\/image\\\/\"},\"sameAs\":[\"http:\\\/\\\/facebook.com\\\/vilight.vn\",\"https:\\\/\\\/www.linkedin.com\\\/company\\\/vilight-vn\",\"https:\\\/\\\/www.youtube.com\\\/channel\\\/UCEwR2naeDcuarMX1kSv_rLQ\\\/videos\"]}]}<\/script>\n<meta property=\"product:brand\" content=\"\u0110\u00e8n S\u00e2n V\u01b0\u1eddn\" \/>\n<meta property=\"product:price:currency\" content=\"VND\" \/>\n<meta property=\"og:availability\" content=\"instock\" \/>\n<meta property=\"product:availability\" content=\"instock\" \/>\n<meta property=\"product:condition\" content=\"new\" \/>\n<!-- \/ Yoast SEO Premium plugin. -->","yoast_head_json":{"title":"\u0110\u00e8n s\u00e2n v\u01b0\u1eddn VL-VG04 Nh\u1eadp kh\u1ea9u ch\u00ednh h\u00e3ng - Vilight Co.ltd","description":"\u0110\u00e8n s\u00e2n v\u01b0\u1eddn VL-VG04 ph\u00f9 h\u1ee3p cho nhi\u1ec1u m\u1ee5c \u0111\u00ednh s\u1eed d\u1ee5ng kh\u00e1c nhau. \u0110\u00e8n c\u00f3 \u0111\u1ed9 b\u1ec1n cao , s\u1eed d\u1ee5ng Chip t\u1eeb c\u00e1c th\u01b0\u01a1ng hi\u1ec7u l\u1edbn","robots":{"index":"index","follow":"follow","max-snippet":"max-snippet:-1","max-image-preview":"max-image-preview:large","max-video-preview":"max-video-preview:-1"},"canonical":"https:\/\/vilight.vn\/website\/san-pham\/den-chieu-sang-facade\/den-san-vuon\/den-san-vuon-vl-vg04\/","og_locale":"vi_VN","og_type":"article","og_title":"\u0110\u00e8n s\u00e2n v\u01b0\u1eddn VL-VG04","og_description":"Gi\u1edbi thi\u1ec7u \u0111\u00e8n s\u00e2n v\u01b0\u1eddn VL-VG04 - s\u1ef1 k\u1ebft h\u1ee3p tuy\u1ec7t v\u1eddi gi\u1eefa ch\u1ea5t li\u1ec7u cao c\u1ea5p v\u00e0 thi\u1ebft k\u1ebf hi\u1ec7n \u0111\u1ea1i. Mang \u0111\u1ebfn \u00e1nh s\u00e1ng tinh t\u1ebf v\u00e0 b\u1ec1n v\u1eefng cho kh\u00f4ng gian ngo\u00e0i tr\u1eddi.","og_url":"https:\/\/vilight.vn\/website\/san-pham\/den-chieu-sang-facade\/den-san-vuon\/den-san-vuon-vl-vg04\/","og_site_name":"Vilight Co.ltd","article_publisher":"http:\/\/facebook.com\/vilight.vn","article_modified_time":"2024-10-04T09:35:01+00:00","og_image":[{"width":600,"height":600,"url":"https:\/\/vilight.vn\/website\/wp-content\/uploads\/2021\/06\/VG04-Logo.jpg","type":"image\/jpeg"}],"twitter_card":"summary_large_image","twitter_misc":{"Gi\u00e1":"","Kh\u1ea3 d\u1ee5ng":"Trong kho"},"schema":{"@context":"https:\/\/schema.org","@graph":[{"@type":"WebPage","@id":"https:\/\/vilight.vn\/website\/san-pham\/den-chieu-sang-facade\/den-san-vuon\/den-san-vuon-vl-vg04\/","url":"https:\/\/vilight.vn\/website\/san-pham\/den-chieu-sang-facade\/den-san-vuon\/den-san-vuon-vl-vg04\/","name":"\u0110\u00e8n s\u00e2n v\u01b0\u1eddn VL-VG04 Nh\u1eadp kh\u1ea9u ch\u00ednh h\u00e3ng - Vilight Co.ltd","isPartOf":{"@id":"https:\/\/vilight.vn\/website\/#website"},"primaryImageOfPage":{"@id":"https:\/\/vilight.vn\/website\/san-pham\/den-chieu-sang-facade\/den-san-vuon\/den-san-vuon-vl-vg04\/#primaryimage"},"image":{"@id":"https:\/\/vilight.vn\/website\/san-pham\/den-chieu-sang-facade\/den-san-vuon\/den-san-vuon-vl-vg04\/#primaryimage"},"thumbnailUrl":"https:\/\/vilight.vn\/website\/wp-content\/uploads\/2021\/06\/VG04-Logo.jpg","datePublished":"2021-06-30T07:02:57+00:00","dateModified":"2024-10-04T09:35:01+00:00","description":"\u0110\u00e8n s\u00e2n v\u01b0\u1eddn VL-VG04 ph\u00f9 h\u1ee3p cho nhi\u1ec1u m\u1ee5c \u0111\u00ednh s\u1eed d\u1ee5ng kh\u00e1c nhau. \u0110\u00e8n c\u00f3 \u0111\u1ed9 b\u1ec1n cao , s\u1eed d\u1ee5ng Chip t\u1eeb c\u00e1c th\u01b0\u01a1ng hi\u1ec7u l\u1edbn","breadcrumb":{"@id":"https:\/\/vilight.vn\/website\/san-pham\/den-chieu-sang-facade\/den-san-vuon\/den-san-vuon-vl-vg04\/#breadcrumb"},"inLanguage":"vi","potentialAction":[{"@type":"ReadAction","target":["https:\/\/vilight.vn\/website\/san-pham\/den-chieu-sang-facade\/den-san-vuon\/den-san-vuon-vl-vg04\/"]}]},{"@type":"ImageObject","inLanguage":"vi","@id":"https:\/\/vilight.vn\/website\/san-pham\/den-chieu-sang-facade\/den-san-vuon\/den-san-vuon-vl-vg04\/#primaryimage","url":"https:\/\/vilight.vn\/website\/wp-content\/uploads\/2021\/06\/VG04-Logo.jpg","contentUrl":"https:\/\/vilight.vn\/website\/wp-content\/uploads\/2021\/06\/VG04-Logo.jpg","width":600,"height":600,"caption":"\u0110\u00e8n s\u00e2n v\u01b0\u1eddn VL-VG04"},{"@type":"BreadcrumbList","@id":"https:\/\/vilight.vn\/website\/san-pham\/den-chieu-sang-facade\/den-san-vuon\/den-san-vuon-vl-vg04\/#breadcrumb","itemListElement":[{"@type":"ListItem","position":1,"name":"Home","item":"https:\/\/vilight.vn\/website\/"},{"@type":"ListItem","position":2,"name":"store","item":"https:\/\/vilight.vn\/website\/store\/"},{"@type":"ListItem","position":3,"name":"\u0110\u00e8n s\u00e2n v\u01b0\u1eddn VL-VG04"}]},{"@type":"WebSite","@id":"https:\/\/vilight.vn\/website\/#website","url":"https:\/\/vilight.vn\/website\/","name":"Vilight Co.ltd","description":"Chi\u1ebfu s\u00e1ng m\u1ef9 thu\u1eadt, chi\u1ebfu s\u00e1ng th\u00f4ng minh, LED Pixel 3D, chi\u1ebfu s\u00e1ng trang tr\u00ed \u0111\u00f4 th\u1ecb, chi\u1ebfu s\u00e1ng v\u00f2ng xoay, chi\u1ebfu s\u00e1ng \u0111\u1ea3o giao th\u00f4ng, c\u1ed5ng ch\u00e0o \u0111\u00f4 th\u1ecb","publisher":{"@id":"https:\/\/vilight.vn\/website\/#organization"},"potentialAction":[{"@type":"SearchAction","target":{"@type":"EntryPoint","urlTemplate":"https:\/\/vilight.vn\/website\/?s={search_term_string}"},"query-input":{"@type":"PropertyValueSpecification","valueRequired":true,"valueName":"search_term_string"}}],"inLanguage":"vi"},{"@type":"Organization","@id":"https:\/\/vilight.vn\/website\/#organization","name":"Vilight","url":"https:\/\/vilight.vn\/website\/","logo":{"@type":"ImageObject","inLanguage":"vi","@id":"https:\/\/vilight.vn\/website\/#\/schema\/logo\/image\/","url":"https:\/\/vilight.vn\/website\/wp-content\/uploads\/2022\/05\/chieu_sang_trang_tri_do_thi_bang_den_led_pixel.png","contentUrl":"https:\/\/vilight.vn\/website\/wp-content\/uploads\/2022\/05\/chieu_sang_trang_tri_do_thi_bang_den_led_pixel.png","width":800,"height":427,"caption":"Vilight"},"image":{"@id":"https:\/\/vilight.vn\/website\/#\/schema\/logo\/image\/"},"sameAs":["http:\/\/facebook.com\/vilight.vn","https:\/\/www.linkedin.com\/company\/vilight-vn","https:\/\/www.youtube.com\/channel\/UCEwR2naeDcuarMX1kSv_rLQ\/videos"]}]},"product_brand":"\u0110\u00e8n S\u00e2n V\u01b0\u1eddn","product_price_currency":"VND","og_availability":"instock","product_availability":"instock","product_condition":"new"},"_links":{"self":[{"href":"https:\/\/vilight.vn\/website\/wp-json\/wp\/v2\/product\/1646","targetHints":{"allow":["GET"]}}],"collection":[{"href":"https:\/\/vilight.vn\/website\/wp-json\/wp\/v2\/product"}],"about":[{"href":"https:\/\/vilight.vn\/website\/wp-json\/wp\/v2\/types\/product"}],"wp:featuredmedia":[{"embeddable":true,"href":"https:\/\/vilight.vn\/website\/wp-json\/wp\/v2\/media\/1648"}],"wp:attachment":[{"href":"https:\/\/vilight.vn\/website\/wp-json\/wp\/v2\/media?parent=1646"}],"wp:term":[{"taxonomy":"product_brand","embeddable":true,"href":"https:\/\/vilight.vn\/website\/wp-json\/wp\/v2\/product_brand?post=1646"},{"taxonomy":"product_cat","embeddable":true,"href":"https:\/\/vilight.vn\/website\/wp-json\/wp\/v2\/product_cat?post=1646"},{"taxonomy":"product_tag","embeddable":true,"href":"https:\/\/vilight.vn\/website\/wp-json\/wp\/v2\/product_tag?post=1646"}],"curies":[{"name":"wp","href":"https:\/\/api.w.org\/{rel}","templated":true}]}}