{"id":1649,"date":"2021-06-30T14:03:39","date_gmt":"2021-06-30T07:03:39","guid":{"rendered":"https:\/\/vilight.vn\/website\/?post_type=product&#038;p=1649"},"modified":"2024-10-04T16:36:03","modified_gmt":"2024-10-04T09:36:03","slug":"den-san-vuon-vl-vg05","status":"publish","type":"product","link":"https:\/\/vilight.vn\/website\/san-pham\/den-chieu-sang-facade\/den-san-vuon\/den-san-vuon-vl-vg05\/","title":{"rendered":"\u0110\u00e8n s\u00e2n v\u01b0\u1eddn VL-VG05"},"content":{"rendered":"<h2 style=\"text-align: justify;\"><span style=\"font-size: 18pt;\">Ti\u00eau \u0111\u1ec1: \u0110\u00e8n s\u00e2n v\u01b0\u1eddn VL-VG05: Chi\u1ebfu s\u00e1ng \u0111\u1eb3ng c\u1ea5p cho kh\u00f4ng gian ngo\u1ea1i th\u1ea5t<\/span><\/h2>\n<p style=\"text-align: justify;\"><span style=\"font-size: 14pt;\">\u0110\u00e8n s\u00e2n v\u01b0\u1eddn VL-VG05 c\u1ee7a Vilight.vn l\u00e0 m\u1ed9t m\u1eabu \u0111\u00e8n chuy\u00ean d\u1ee5ng \u0111\u01b0\u1ee3c thi\u1ebft k\u1ebf \u0111\u1eb7c bi\u1ec7t \u0111\u1ec3 chi\u1ebfu s\u00e1ng kh\u00f4ng gian s\u00e2n v\u01b0\u1eddn, l\u1ed1i \u0111i v\u1ec9a h\u00e8, c\u00f4ng vi\u00ean v\u00e0 qu\u1ea3ng tr\u01b0\u1eddng. V\u1edbi ch\u1ea5t l\u01b0\u1ee3ng t\u1ed1t v\u00e0 kh\u1ea3 n\u0103ng s\u1eed d\u1ee5ng ngo\u00e0i tr\u1eddi, \u0111\u00e8n s\u00e2n v\u01b0\u1eddn VG05 tr\u1edf th\u00e0nh m\u1ed9t l\u1ef1a ch\u1ecdn h\u00e0ng \u0111\u1ea7u cho vi\u1ec7c trang tr\u00ed v\u00e0 chi\u1ebfu s\u00e1ng kh\u00f4ng gian ngo\u1ea1i th\u1ea5t.<\/span><\/p>\n<p style=\"text-align: justify;\"><span style=\"font-size: 14pt;\">V\u1edbi thi\u1ebft k\u1ebf chuy\u00ean nghi\u1ec7p v\u00e0 tinh t\u1ebf, \u0111\u00e8n s\u00e2n v\u01b0\u1eddn VL-VG05 kh\u00f4ng ch\u1ec9 mang l\u1ea1i \u00e1nh s\u00e1ng m\u1ea1nh m\u1ebd m\u00e0 c\u00f2n t\u1ea1o \u0111i\u1ec3m nh\u1ea5n th\u1ea9m m\u1ef9 cho kh\u00f4ng gian xung quanh. V\u1edbi m\u1eabu m\u00e3 \u0111a d\u1ea1ng, s\u1ea3n ph\u1ea9m n\u00e0y ph\u00f9 h\u1ee3p v\u1edbi nhi\u1ec1u phong c\u00e1ch ki\u1ebfn tr\u00fac v\u00e0 kh\u00f4ng gian ngo\u1ea1i th\u1ea5t kh\u00e1c nhau. B\u1ea1n c\u00f3 th\u1ec3 l\u1ef1a ch\u1ecdn t\u1eeb nh\u1eefng m\u1eabu \u0111\u00e8n c\u00f3 ki\u1ec3u d\u00e1ng hi\u1ec7n \u0111\u1ea1i, \u0111\u01a1n gi\u1ea3n cho \u0111\u1ebfn nh\u1eefng m\u1eabu \u0111\u00e8n c\u1ed5 \u0111i\u1ec3n, mang \u0111\u1eadm n\u00e9t truy\u1ec1n th\u1ed1ng.<\/span><\/p>\n<p style=\"text-align: justify;\"><span style=\"font-size: 14pt;\">\u0110\u00e8n s\u00e2n v\u01b0\u1eddn VL-VG05 \u0111\u01b0\u1ee3c ch\u1ebf t\u1ea1o t\u1eeb ch\u1ea5t li\u1ec7u ch\u1ecbu l\u1ef1c v\u00e0 b\u1ec1n b\u1ec9, gi\u00fap ch\u1ed1ng ch\u1ecbu c\u00e1c t\u00e1c \u0111\u1ed9ng t\u1eeb m\u00f4i tr\u01b0\u1eddng b\u00ean ngo\u00e0i nh\u01b0 n\u01b0\u1edbc, b\u1ee5i, v\u00e0 th\u1eddi ti\u1ebft kh\u1eafc nghi\u1ec7t. \u0110i\u1ec1u n\u00e0y \u0111\u1ea3m b\u1ea3o r\u1eb1ng \u0111\u00e8n c\u00f3 th\u1ec3 ho\u1ea1t \u0111\u1ed9ng \u1ed5n \u0111\u1ecbnh v\u00e0 \u0111\u00e1ng tin c\u1eady trong su\u1ed1t qu\u00e3ng th\u1eddi gian d\u00e0i m\u00e0 kh\u00f4ng c\u1ea7n b\u1ea3o tr\u00ec th\u01b0\u1eddng xuy\u00ean.<\/span><\/p>\n<p style=\"text-align: justify;\"><span style=\"font-size: 14pt;\">S\u1ea3n ph\u1ea9m n\u00e0y kh\u00f4ng ch\u1ec9 c\u00f3 kh\u1ea3 n\u0103ng chi\u1ebfu s\u00e1ng m\u1ea1nh m\u1ebd m\u00e0 c\u00f2n ti\u1ebft ki\u1ec7m n\u0103ng l\u01b0\u1ee3ng. \u0110\u00e8n s\u00e2n v\u01b0\u1eddn VG05 \u0111\u01b0\u1ee3c trang b\u1ecb c\u00f4ng ngh\u1ec7 ti\u1ebft ki\u1ec7m \u0111i\u1ec7n n\u0103ng, gi\u00fap gi\u1ea3m thi\u1ec3u l\u01b0\u1ee3ng \u0111i\u1ec7n ti\u00eau th\u1ee5 m\u00e0 v\u1eabn \u0111\u1ea3m b\u1ea3o hi\u1ec7u su\u1ea5t chi\u1ebfu s\u00e1ng cao. \u0110i\u1ec1u n\u00e0y kh\u00f4ng ch\u1ec9 gi\u00fap b\u1ea1n ti\u1ebft ki\u1ec7m chi ph\u00ed n\u0103ng l\u01b0\u1ee3ng m\u00e0 c\u00f2n \u0111\u00f3ng g\u00f3p v\u00e0o vi\u1ec7c b\u1ea3o v\u1ec7 m\u00f4i tr\u01b0\u1eddng.<\/span><\/p>\n<p style=\"text-align: justify;\"><span style=\"font-size: 14pt;\">Vi\u1ec7c l\u1eafp \u0111\u1eb7t \u0111\u00e8n s\u00e2n v\u01b0\u1eddn VG05 c\u0169ng r\u1ea5t d\u1ec5 d\u00e0ng v\u00e0 thu\u1eadn ti\u1ec7n. S\u1ea3n ph\u1ea9m \u0111i k\u00e8m v\u1edbi h\u01b0\u1edbng d\u1eabn l\u1eafp r\u00e1p chi ti\u1ebft, gi\u00fap b\u1ea1n c\u00f3 th\u1ec3 t\u1ef1 l\u1eafp \u0111<\/span><\/p>\n<p style=\"text-align: justify;\"><span style=\"font-size: 14pt;\">\u1eb7t m\u1ed9t c\u00e1ch \u0111\u01a1n gi\u1ea3n m\u00e0 kh\u00f4ng c\u1ea7n s\u1ef1 tr\u1ee3 gi\u00fap chuy\u00ean nghi\u1ec7p. Ngo\u00e0i ra, \u0111\u00e8n c\u0169ng c\u00f3 t\u00ednh linh ho\u1ea1t cao v\u1edbi c\u00e1c t\u00f9y ch\u1ecdn l\u1eafp \u0111\u1eb7t kh\u00e1c nhau nh\u01b0 l\u1eafp \u0111\u1eb7t tr\u00ean m\u1eb7t \u0111\u1ea5t, g\u1eafn v\u00e0o t\u01b0\u1eddng ho\u1eb7c \u0111\u1eb7t tr\u00ean c\u1ed9t.<\/span><\/p>\n<p style=\"text-align: justify;\"><span style=\"font-size: 14pt;\">Vilight.vn l\u00e0 m\u1ed9t \u0111\u1ecba ch\u1ec9 \u0111\u00e1ng tin c\u1eady \u0111\u1ec3 mua \u0111\u00e8n s\u00e2n v\u01b0\u1eddn VG05 ch\u00ednh h\u00e3ng. V\u1edbi cam k\u1ebft cung c\u1ea5p c\u00e1c s\u1ea3n ph\u1ea9m ch\u1ea5t l\u01b0\u1ee3ng v\u00e0 \u0111\u1ea3m b\u1ea3o cho kh\u00e1ch h\u00e0ng, Vilight.vn \u0111\u00e3 x\u00e2y d\u1ef1ng \u0111\u01b0\u1ee3c l\u00f2ng tin v\u00e0 s\u1ef1 uy t\u00edn trong l\u0129nh v\u1ef1c chi\u1ebfu s\u00e1ng. Kh\u00e1ch h\u00e0ng c\u00f3 th\u1ec3 t\u00ecm hi\u1ec3u th\u00eam th\u00f4ng tin chi ti\u1ebft v\u1ec1 \u0111\u00e8n s\u00e2n v\u01b0\u1eddn VL-VG05 v\u00e0 c\u00e1c s\u1ea3n ph\u1ea9m kh\u00e1c t\u1ea1i website c\u1ee7a Vilight.vn ho\u1eb7c li\u00ean h\u1ec7 tr\u1ef1c ti\u1ebfp v\u1edbi \u0111\u1ed9i ng\u0169 t\u01b0 v\u1ea5n c\u1ee7a c\u00f4ng ty \u0111\u1ec3 \u0111\u01b0\u1ee3c t\u01b0 v\u1ea5n v\u00e0 h\u1ed7 tr\u1ee3 m\u1ed9t c\u00e1ch t\u1ed1t nh\u1ea5t.<\/span><\/p>\n<p style=\"text-align: justify;\"><span style=\"font-size: 14pt;\">T\u00f3m l\u1ea1i, \u0111\u00e8n s\u00e2n v\u01b0\u1eddn VL-VG05 c\u1ee7a Vilight.vn l\u00e0 m\u1ed9t s\u1ef1 l\u1ef1a ch\u1ecdn tuy\u1ec7t v\u1eddi \u0111\u1ec3 chi\u1ebfu s\u00e1ng v\u00e0 trang tr\u00ed kh\u00f4ng gian ngo\u1ea1i th\u1ea5t. V\u1edbi ch\u1ea5t l\u01b0\u1ee3ng t\u1ed1t, kh\u1ea3 n\u0103ng s\u1eed d\u1ee5ng ngo\u00e0i tr\u1eddi v\u00e0 thi\u1ebft k\u1ebf \u0111\u1eb9p m\u1eaft, s\u1ea3n ph\u1ea9m n\u00e0y mang \u0111\u1ebfn kh\u00f4ng ch\u1ec9 \u00e1nh s\u00e1ng m\u00e0 c\u00f2n t\u1ea1o \u0111i\u1ec3m nh\u1ea5n th\u1ea9m m\u1ef9 cho kh\u00f4ng gian xung quanh. H\u00e3y truy c\u1eadp Vilight.vn ngay h\u00f4m nay \u0111\u1ec3 kh\u00e1m ph\u00e1 th\u00eam v\u1ec1 \u0111\u00e8n s\u00e2n v\u01b0\u1eddn VG05 v\u00e0 c\u00e1c s\u1ea3n ph\u1ea9m chi\u1ebfu s\u00e1ng kh\u00e1c m\u00e0 c\u00f4ng ty cung c\u1ea5p.<\/span><\/p>\n<p style=\"text-align: justify;\"><span style=\"font-size: 14pt;\"><a href=\"https:\/\/vilight.vn\/website\/wp-content\/uploads\/2021\/06\/VG05.jpg\"><img decoding=\"async\" class=\"aligncenter wp-image-1650 lazyload\" data-src=\"https:\/\/vilight.vn\/website\/wp-content\/uploads\/2021\/06\/VG05.jpg\" alt=\"\u0110\u00e8n s\u00e2n v\u01b0\u1eddn VL-VG05\" width=\"1500\" height=\"938\" data-srcset=\"https:\/\/vilight.vn\/website\/wp-content\/uploads\/2021\/06\/VG05.jpg 1200w, https:\/\/vilight.vn\/website\/wp-content\/uploads\/2021\/06\/VG05-800x500.jpg 800w, https:\/\/vilight.vn\/website\/wp-content\/uploads\/2021\/06\/VG05-300x188.jpg 300w, https:\/\/vilight.vn\/website\/wp-content\/uploads\/2021\/06\/VG05-1024x640.jpg 1024w, https:\/\/vilight.vn\/website\/wp-content\/uploads\/2021\/06\/VG05-768x480.jpg 768w, https:\/\/vilight.vn\/website\/wp-content\/uploads\/2021\/06\/VG05-16x10.jpg 16w, https:\/\/vilight.vn\/website\/wp-content\/uploads\/2021\/06\/VG05-234x146.jpg 234w, https:\/\/vilight.vn\/website\/wp-content\/uploads\/2021\/06\/VG05-50x31.jpg 50w, https:\/\/vilight.vn\/website\/wp-content\/uploads\/2021\/06\/VG05-120x75.jpg 120w, https:\/\/vilight.vn\/website\/wp-content\/uploads\/2021\/06\/VG05-600x375.jpg 600w\" data-sizes=\"(max-width:767px) 480px, (max-width:1500px) 100vw, 1500px\" src=\"data:image\/svg+xml;base64,PHN2ZyB3aWR0aD0iMSIgaGVpZ2h0PSIxIiB4bWxucz0iaHR0cDovL3d3dy53My5vcmcvMjAwMC9zdmciPjwvc3ZnPg==\" style=\"--smush-placeholder-width: 1500px; --smush-placeholder-aspect-ratio: 1500\/938;\" \/><\/a><\/span><\/p>\n<p style=\"text-align: justify;\"><span style=\"color: #ffffff; font-size: 14pt;\">\u0110\u00e8n s\u00e2n v\u01b0\u1eddn VG05. B\u1ed9 \u0111\u00e8n VG05. B\u1ed9 \u0111\u00e8n s\u00e2n v\u01b0\u1eddn. \u0110\u00e8n s\u00e2n v\u01b0\u1eddn.\u00a0<\/span><\/p>\n<p style=\"text-align: justify;\">\n","protected":false},"excerpt":{"rendered":"<p style=\"text-align: justify;\"><span style=\"font-size: 14pt;\">\u0110\u00e8n s\u00e2n v\u01b0\u1eddn VL-VG05 c\u1ee7a Vilight.vn: Chi\u1ebfu s\u00e1ng \u0111\u1eb3ng c\u1ea5p, ch\u1ea5t l\u01b0\u1ee3ng t\u1ed1t, ch\u1ecbu \u0111\u01b0\u1ee3c th\u1eddi ti\u1ebft kh\u1eafc nghi\u1ec7t. L\u1ef1a ch\u1ecdn ho\u00e0n h\u1ea3o \u0111\u1ec3 trang tr\u00ed v\u00e0 chi\u1ebfu s\u00e1ng kh\u00f4ng gian ngo\u1ea1i th\u1ea5t.<\/span><\/p>\n","protected":false},"featured_media":1651,"template":"","meta":[],"product_brand":[],"product_cat":[73,70],"product_tag":[],"class_list":{"0":"post-1649","1":"product","2":"type-product","3":"status-publish","4":"has-post-thumbnail","6":"product_cat-den-chieu-sang-facade","7":"product_cat-den-san-vuon","8":"pa_chuan-dieu-khien-on-off","9":"pa_dien-ap-hoat-dong-ac-100-277v","10":"pa_do-kin-ip-66","11":"pa_nhiet-do-mau-3000k","12":"pa_nhiet-do-mau-4000k","14":"first","15":"instock","16":"taxable","17":"shipping-taxable","18":"product-type-simple"},"yoast_head":"<!-- This site is optimized with the Yoast SEO Premium plugin v27.5 (Yoast SEO v27.5) - https:\/\/yoast.com\/product\/yoast-seo-premium-wordpress\/ -->\n<title>\u0110\u00e8n s\u00e2n v\u01b0\u1eddn VL-VG05 Nh\u1eadp kh\u1ea9u ch\u00ednh h\u00e3ng - Vilight Co.ltd<\/title>\n<meta name=\"description\" content=\"\u0110\u00e8n s\u00e2n v\u01b0\u1eddn VL-VG05 ph\u00f9 h\u1ee3p cho nhi\u1ec1u m\u1ee5c \u0111\u00ednh s\u1eed d\u1ee5ng kh\u00e1c nhau. \u0110\u00e8n c\u00f3 \u0111\u1ed9 b\u1ec1n cao , s\u1eed d\u1ee5ng Chip t\u1eeb c\u00e1c th\u01b0\u01a1ng hi\u1ec7u l\u1edbn\" \/>\n<meta name=\"robots\" content=\"index, follow, max-snippet:-1, max-image-preview:large, max-video-preview:-1\" \/>\n<link rel=\"canonical\" href=\"https:\/\/vilight.vn\/website\/san-pham\/den-chieu-sang-facade\/den-san-vuon\/den-san-vuon-vl-vg05\/\" \/>\n<meta property=\"og:locale\" content=\"vi_VN\" \/>\n<meta property=\"og:type\" content=\"article\" \/>\n<meta property=\"og:title\" content=\"\u0110\u00e8n s\u00e2n v\u01b0\u1eddn VL-VG05\" \/>\n<meta property=\"og:description\" content=\"\u0110\u00e8n s\u00e2n v\u01b0\u1eddn VL-VG05 c\u1ee7a Vilight.vn: Chi\u1ebfu s\u00e1ng \u0111\u1eb3ng c\u1ea5p, ch\u1ea5t l\u01b0\u1ee3ng t\u1ed1t, ch\u1ecbu \u0111\u01b0\u1ee3c th\u1eddi ti\u1ebft kh\u1eafc nghi\u1ec7t. L\u1ef1a ch\u1ecdn ho\u00e0n h\u1ea3o \u0111\u1ec3 trang tr\u00ed v\u00e0 chi\u1ebfu s\u00e1ng kh\u00f4ng gian ngo\u1ea1i th\u1ea5t.\" \/>\n<meta property=\"og:url\" content=\"https:\/\/vilight.vn\/website\/san-pham\/den-chieu-sang-facade\/den-san-vuon\/den-san-vuon-vl-vg05\/\" \/>\n<meta property=\"og:site_name\" content=\"Vilight Co.ltd\" \/>\n<meta property=\"article:publisher\" content=\"http:\/\/facebook.com\/vilight.vn\" \/>\n<meta property=\"article:modified_time\" content=\"2024-10-04T09:36:03+00:00\" \/>\n<meta property=\"og:image\" content=\"https:\/\/vilight.vn\/website\/wp-content\/uploads\/2021\/06\/VG05-Logo.jpg\" \/>\n\t<meta property=\"og:image:width\" content=\"600\" \/>\n\t<meta property=\"og:image:height\" content=\"600\" \/>\n\t<meta property=\"og:image:type\" content=\"image\/jpeg\" \/>\n<meta name=\"twitter:card\" content=\"summary_large_image\" \/>\n<meta name=\"twitter:label1\" content=\"Gi\u00e1\" \/>\n\t<meta name=\"twitter:data1\" content=\"\" \/>\n\t<meta name=\"twitter:label2\" content=\"Kh\u1ea3 d\u1ee5ng\" \/>\n\t<meta name=\"twitter:data2\" content=\"Trong kho\" \/>\n<script type=\"application\/ld+json\" class=\"yoast-schema-graph\">{\"@context\":\"https:\\\/\\\/schema.org\",\"@graph\":[{\"@type\":\"WebPage\",\"@id\":\"https:\\\/\\\/vilight.vn\\\/website\\\/san-pham\\\/den-chieu-sang-facade\\\/den-san-vuon\\\/den-san-vuon-vl-vg05\\\/\",\"url\":\"https:\\\/\\\/vilight.vn\\\/website\\\/san-pham\\\/den-chieu-sang-facade\\\/den-san-vuon\\\/den-san-vuon-vl-vg05\\\/\",\"name\":\"\u0110\u00e8n s\u00e2n v\u01b0\u1eddn VL-VG05 Nh\u1eadp kh\u1ea9u ch\u00ednh h\u00e3ng - Vilight Co.ltd\",\"isPartOf\":{\"@id\":\"https:\\\/\\\/vilight.vn\\\/website\\\/#website\"},\"primaryImageOfPage\":{\"@id\":\"https:\\\/\\\/vilight.vn\\\/website\\\/san-pham\\\/den-chieu-sang-facade\\\/den-san-vuon\\\/den-san-vuon-vl-vg05\\\/#primaryimage\"},\"image\":{\"@id\":\"https:\\\/\\\/vilight.vn\\\/website\\\/san-pham\\\/den-chieu-sang-facade\\\/den-san-vuon\\\/den-san-vuon-vl-vg05\\\/#primaryimage\"},\"thumbnailUrl\":\"https:\\\/\\\/vilight.vn\\\/website\\\/wp-content\\\/uploads\\\/2021\\\/06\\\/VG05-Logo.jpg\",\"datePublished\":\"2021-06-30T07:03:39+00:00\",\"dateModified\":\"2024-10-04T09:36:03+00:00\",\"description\":\"\u0110\u00e8n s\u00e2n v\u01b0\u1eddn VL-VG05 ph\u00f9 h\u1ee3p cho nhi\u1ec1u m\u1ee5c \u0111\u00ednh s\u1eed d\u1ee5ng kh\u00e1c nhau. \u0110\u00e8n c\u00f3 \u0111\u1ed9 b\u1ec1n cao , s\u1eed d\u1ee5ng Chip t\u1eeb c\u00e1c th\u01b0\u01a1ng hi\u1ec7u l\u1edbn\",\"breadcrumb\":{\"@id\":\"https:\\\/\\\/vilight.vn\\\/website\\\/san-pham\\\/den-chieu-sang-facade\\\/den-san-vuon\\\/den-san-vuon-vl-vg05\\\/#breadcrumb\"},\"inLanguage\":\"vi\",\"potentialAction\":[{\"@type\":\"ReadAction\",\"target\":[\"https:\\\/\\\/vilight.vn\\\/website\\\/san-pham\\\/den-chieu-sang-facade\\\/den-san-vuon\\\/den-san-vuon-vl-vg05\\\/\"]}]},{\"@type\":\"ImageObject\",\"inLanguage\":\"vi\",\"@id\":\"https:\\\/\\\/vilight.vn\\\/website\\\/san-pham\\\/den-chieu-sang-facade\\\/den-san-vuon\\\/den-san-vuon-vl-vg05\\\/#primaryimage\",\"url\":\"https:\\\/\\\/vilight.vn\\\/website\\\/wp-content\\\/uploads\\\/2021\\\/06\\\/VG05-Logo.jpg\",\"contentUrl\":\"https:\\\/\\\/vilight.vn\\\/website\\\/wp-content\\\/uploads\\\/2021\\\/06\\\/VG05-Logo.jpg\",\"width\":600,\"height\":600,\"caption\":\"\u0110\u00e8n s\u00e2n v\u01b0\u1eddn VL-VG05\"},{\"@type\":\"BreadcrumbList\",\"@id\":\"https:\\\/\\\/vilight.vn\\\/website\\\/san-pham\\\/den-chieu-sang-facade\\\/den-san-vuon\\\/den-san-vuon-vl-vg05\\\/#breadcrumb\",\"itemListElement\":[{\"@type\":\"ListItem\",\"position\":1,\"name\":\"Home\",\"item\":\"https:\\\/\\\/vilight.vn\\\/website\\\/\"},{\"@type\":\"ListItem\",\"position\":2,\"name\":\"store\",\"item\":\"https:\\\/\\\/vilight.vn\\\/website\\\/store\\\/\"},{\"@type\":\"ListItem\",\"position\":3,\"name\":\"\u0110\u00e8n s\u00e2n v\u01b0\u1eddn VL-VG05\"}]},{\"@type\":\"WebSite\",\"@id\":\"https:\\\/\\\/vilight.vn\\\/website\\\/#website\",\"url\":\"https:\\\/\\\/vilight.vn\\\/website\\\/\",\"name\":\"Vilight Co.ltd\",\"description\":\"Chi\u1ebfu s\u00e1ng m\u1ef9 thu\u1eadt, chi\u1ebfu s\u00e1ng th\u00f4ng minh, LED Pixel 3D, chi\u1ebfu s\u00e1ng trang tr\u00ed \u0111\u00f4 th\u1ecb, chi\u1ebfu s\u00e1ng v\u00f2ng xoay, chi\u1ebfu s\u00e1ng \u0111\u1ea3o giao th\u00f4ng, c\u1ed5ng ch\u00e0o \u0111\u00f4 th\u1ecb\",\"publisher\":{\"@id\":\"https:\\\/\\\/vilight.vn\\\/website\\\/#organization\"},\"potentialAction\":[{\"@type\":\"SearchAction\",\"target\":{\"@type\":\"EntryPoint\",\"urlTemplate\":\"https:\\\/\\\/vilight.vn\\\/website\\\/?s={search_term_string}\"},\"query-input\":{\"@type\":\"PropertyValueSpecification\",\"valueRequired\":true,\"valueName\":\"search_term_string\"}}],\"inLanguage\":\"vi\"},{\"@type\":\"Organization\",\"@id\":\"https:\\\/\\\/vilight.vn\\\/website\\\/#organization\",\"name\":\"Vilight\",\"url\":\"https:\\\/\\\/vilight.vn\\\/website\\\/\",\"logo\":{\"@type\":\"ImageObject\",\"inLanguage\":\"vi\",\"@id\":\"https:\\\/\\\/vilight.vn\\\/website\\\/#\\\/schema\\\/logo\\\/image\\\/\",\"url\":\"https:\\\/\\\/vilight.vn\\\/website\\\/wp-content\\\/uploads\\\/2022\\\/05\\\/chieu_sang_trang_tri_do_thi_bang_den_led_pixel.png\",\"contentUrl\":\"https:\\\/\\\/vilight.vn\\\/website\\\/wp-content\\\/uploads\\\/2022\\\/05\\\/chieu_sang_trang_tri_do_thi_bang_den_led_pixel.png\",\"width\":800,\"height\":427,\"caption\":\"Vilight\"},\"image\":{\"@id\":\"https:\\\/\\\/vilight.vn\\\/website\\\/#\\\/schema\\\/logo\\\/image\\\/\"},\"sameAs\":[\"http:\\\/\\\/facebook.com\\\/vilight.vn\",\"https:\\\/\\\/www.linkedin.com\\\/company\\\/vilight-vn\",\"https:\\\/\\\/www.youtube.com\\\/channel\\\/UCEwR2naeDcuarMX1kSv_rLQ\\\/videos\"]}]}<\/script>\n<meta property=\"product:brand\" content=\"\u0110\u00e8n S\u00e2n V\u01b0\u1eddn\" \/>\n<meta property=\"product:price:currency\" content=\"VND\" \/>\n<meta property=\"og:availability\" content=\"instock\" \/>\n<meta property=\"product:availability\" content=\"instock\" \/>\n<meta property=\"product:condition\" content=\"new\" \/>\n<!-- \/ Yoast SEO Premium plugin. -->","yoast_head_json":{"title":"\u0110\u00e8n s\u00e2n v\u01b0\u1eddn VL-VG05 Nh\u1eadp kh\u1ea9u ch\u00ednh h\u00e3ng - Vilight Co.ltd","description":"\u0110\u00e8n s\u00e2n v\u01b0\u1eddn VL-VG05 ph\u00f9 h\u1ee3p cho nhi\u1ec1u m\u1ee5c \u0111\u00ednh s\u1eed d\u1ee5ng kh\u00e1c nhau. \u0110\u00e8n c\u00f3 \u0111\u1ed9 b\u1ec1n cao , s\u1eed d\u1ee5ng Chip t\u1eeb c\u00e1c th\u01b0\u01a1ng hi\u1ec7u l\u1edbn","robots":{"index":"index","follow":"follow","max-snippet":"max-snippet:-1","max-image-preview":"max-image-preview:large","max-video-preview":"max-video-preview:-1"},"canonical":"https:\/\/vilight.vn\/website\/san-pham\/den-chieu-sang-facade\/den-san-vuon\/den-san-vuon-vl-vg05\/","og_locale":"vi_VN","og_type":"article","og_title":"\u0110\u00e8n s\u00e2n v\u01b0\u1eddn VL-VG05","og_description":"\u0110\u00e8n s\u00e2n v\u01b0\u1eddn VL-VG05 c\u1ee7a Vilight.vn: Chi\u1ebfu s\u00e1ng \u0111\u1eb3ng c\u1ea5p, ch\u1ea5t l\u01b0\u1ee3ng t\u1ed1t, ch\u1ecbu \u0111\u01b0\u1ee3c th\u1eddi ti\u1ebft kh\u1eafc nghi\u1ec7t. L\u1ef1a ch\u1ecdn ho\u00e0n h\u1ea3o \u0111\u1ec3 trang tr\u00ed v\u00e0 chi\u1ebfu s\u00e1ng kh\u00f4ng gian ngo\u1ea1i th\u1ea5t.","og_url":"https:\/\/vilight.vn\/website\/san-pham\/den-chieu-sang-facade\/den-san-vuon\/den-san-vuon-vl-vg05\/","og_site_name":"Vilight Co.ltd","article_publisher":"http:\/\/facebook.com\/vilight.vn","article_modified_time":"2024-10-04T09:36:03+00:00","og_image":[{"width":600,"height":600,"url":"https:\/\/vilight.vn\/website\/wp-content\/uploads\/2021\/06\/VG05-Logo.jpg","type":"image\/jpeg"}],"twitter_card":"summary_large_image","twitter_misc":{"Gi\u00e1":"","Kh\u1ea3 d\u1ee5ng":"Trong kho"},"schema":{"@context":"https:\/\/schema.org","@graph":[{"@type":"WebPage","@id":"https:\/\/vilight.vn\/website\/san-pham\/den-chieu-sang-facade\/den-san-vuon\/den-san-vuon-vl-vg05\/","url":"https:\/\/vilight.vn\/website\/san-pham\/den-chieu-sang-facade\/den-san-vuon\/den-san-vuon-vl-vg05\/","name":"\u0110\u00e8n s\u00e2n v\u01b0\u1eddn VL-VG05 Nh\u1eadp kh\u1ea9u ch\u00ednh h\u00e3ng - Vilight Co.ltd","isPartOf":{"@id":"https:\/\/vilight.vn\/website\/#website"},"primaryImageOfPage":{"@id":"https:\/\/vilight.vn\/website\/san-pham\/den-chieu-sang-facade\/den-san-vuon\/den-san-vuon-vl-vg05\/#primaryimage"},"image":{"@id":"https:\/\/vilight.vn\/website\/san-pham\/den-chieu-sang-facade\/den-san-vuon\/den-san-vuon-vl-vg05\/#primaryimage"},"thumbnailUrl":"https:\/\/vilight.vn\/website\/wp-content\/uploads\/2021\/06\/VG05-Logo.jpg","datePublished":"2021-06-30T07:03:39+00:00","dateModified":"2024-10-04T09:36:03+00:00","description":"\u0110\u00e8n s\u00e2n v\u01b0\u1eddn VL-VG05 ph\u00f9 h\u1ee3p cho nhi\u1ec1u m\u1ee5c \u0111\u00ednh s\u1eed d\u1ee5ng kh\u00e1c nhau. \u0110\u00e8n c\u00f3 \u0111\u1ed9 b\u1ec1n cao , s\u1eed d\u1ee5ng Chip t\u1eeb c\u00e1c th\u01b0\u01a1ng hi\u1ec7u l\u1edbn","breadcrumb":{"@id":"https:\/\/vilight.vn\/website\/san-pham\/den-chieu-sang-facade\/den-san-vuon\/den-san-vuon-vl-vg05\/#breadcrumb"},"inLanguage":"vi","potentialAction":[{"@type":"ReadAction","target":["https:\/\/vilight.vn\/website\/san-pham\/den-chieu-sang-facade\/den-san-vuon\/den-san-vuon-vl-vg05\/"]}]},{"@type":"ImageObject","inLanguage":"vi","@id":"https:\/\/vilight.vn\/website\/san-pham\/den-chieu-sang-facade\/den-san-vuon\/den-san-vuon-vl-vg05\/#primaryimage","url":"https:\/\/vilight.vn\/website\/wp-content\/uploads\/2021\/06\/VG05-Logo.jpg","contentUrl":"https:\/\/vilight.vn\/website\/wp-content\/uploads\/2021\/06\/VG05-Logo.jpg","width":600,"height":600,"caption":"\u0110\u00e8n s\u00e2n v\u01b0\u1eddn VL-VG05"},{"@type":"BreadcrumbList","@id":"https:\/\/vilight.vn\/website\/san-pham\/den-chieu-sang-facade\/den-san-vuon\/den-san-vuon-vl-vg05\/#breadcrumb","itemListElement":[{"@type":"ListItem","position":1,"name":"Home","item":"https:\/\/vilight.vn\/website\/"},{"@type":"ListItem","position":2,"name":"store","item":"https:\/\/vilight.vn\/website\/store\/"},{"@type":"ListItem","position":3,"name":"\u0110\u00e8n s\u00e2n v\u01b0\u1eddn VL-VG05"}]},{"@type":"WebSite","@id":"https:\/\/vilight.vn\/website\/#website","url":"https:\/\/vilight.vn\/website\/","name":"Vilight Co.ltd","description":"Chi\u1ebfu s\u00e1ng m\u1ef9 thu\u1eadt, chi\u1ebfu s\u00e1ng th\u00f4ng minh, LED Pixel 3D, chi\u1ebfu s\u00e1ng trang tr\u00ed \u0111\u00f4 th\u1ecb, chi\u1ebfu s\u00e1ng v\u00f2ng xoay, chi\u1ebfu s\u00e1ng \u0111\u1ea3o giao th\u00f4ng, c\u1ed5ng ch\u00e0o \u0111\u00f4 th\u1ecb","publisher":{"@id":"https:\/\/vilight.vn\/website\/#organization"},"potentialAction":[{"@type":"SearchAction","target":{"@type":"EntryPoint","urlTemplate":"https:\/\/vilight.vn\/website\/?s={search_term_string}"},"query-input":{"@type":"PropertyValueSpecification","valueRequired":true,"valueName":"search_term_string"}}],"inLanguage":"vi"},{"@type":"Organization","@id":"https:\/\/vilight.vn\/website\/#organization","name":"Vilight","url":"https:\/\/vilight.vn\/website\/","logo":{"@type":"ImageObject","inLanguage":"vi","@id":"https:\/\/vilight.vn\/website\/#\/schema\/logo\/image\/","url":"https:\/\/vilight.vn\/website\/wp-content\/uploads\/2022\/05\/chieu_sang_trang_tri_do_thi_bang_den_led_pixel.png","contentUrl":"https:\/\/vilight.vn\/website\/wp-content\/uploads\/2022\/05\/chieu_sang_trang_tri_do_thi_bang_den_led_pixel.png","width":800,"height":427,"caption":"Vilight"},"image":{"@id":"https:\/\/vilight.vn\/website\/#\/schema\/logo\/image\/"},"sameAs":["http:\/\/facebook.com\/vilight.vn","https:\/\/www.linkedin.com\/company\/vilight-vn","https:\/\/www.youtube.com\/channel\/UCEwR2naeDcuarMX1kSv_rLQ\/videos"]}]},"product_brand":"\u0110\u00e8n S\u00e2n V\u01b0\u1eddn","product_price_currency":"VND","og_availability":"instock","product_availability":"instock","product_condition":"new"},"_links":{"self":[{"href":"https:\/\/vilight.vn\/website\/wp-json\/wp\/v2\/product\/1649","targetHints":{"allow":["GET"]}}],"collection":[{"href":"https:\/\/vilight.vn\/website\/wp-json\/wp\/v2\/product"}],"about":[{"href":"https:\/\/vilight.vn\/website\/wp-json\/wp\/v2\/types\/product"}],"wp:featuredmedia":[{"embeddable":true,"href":"https:\/\/vilight.vn\/website\/wp-json\/wp\/v2\/media\/1651"}],"wp:attachment":[{"href":"https:\/\/vilight.vn\/website\/wp-json\/wp\/v2\/media?parent=1649"}],"wp:term":[{"taxonomy":"product_brand","embeddable":true,"href":"https:\/\/vilight.vn\/website\/wp-json\/wp\/v2\/product_brand?post=1649"},{"taxonomy":"product_cat","embeddable":true,"href":"https:\/\/vilight.vn\/website\/wp-json\/wp\/v2\/product_cat?post=1649"},{"taxonomy":"product_tag","embeddable":true,"href":"https:\/\/vilight.vn\/website\/wp-json\/wp\/v2\/product_tag?post=1649"}],"curies":[{"name":"wp","href":"https:\/\/api.w.org\/{rel}","templated":true}]}}