{"id":1655,"date":"2021-06-30T14:05:10","date_gmt":"2021-06-30T07:05:10","guid":{"rendered":"https:\/\/vilight.vn\/website\/?post_type=product&#038;p=1655"},"modified":"2024-10-04T16:37:34","modified_gmt":"2024-10-04T09:37:34","slug":"den-san-vuon-vl-vg07","status":"publish","type":"product","link":"https:\/\/vilight.vn\/website\/san-pham\/den-chieu-sang-facade\/den-san-vuon\/den-san-vuon-vl-vg07\/","title":{"rendered":"\u0110\u00e8n s\u00e2n v\u01b0\u1eddn VL-VG07"},"content":{"rendered":"<h2 style=\"text-align: justify;\"><span style=\"font-size: 18pt;\">Ti\u00eau \u0111\u1ec1: \u0110\u00e8n s\u00e2n v\u01b0\u1eddn VL-VG07 &#8211; S\u1ef1 k\u1ebft h\u1ee3p tinh t\u1ebf gi\u1eefa ngh\u1ec7 thu\u1eadt v\u00e0 ch\u1ea5t l\u01b0\u1ee3ng<\/span><\/h2>\n<p style=\"text-align: justify;\"><span style=\"font-size: 14pt;\">\u0110\u00e8n s\u00e2n v\u01b0\u1eddn kh\u00f4ng ch\u1ec9 \u0111\u01a1n thu\u1ea7n l\u00e0 m\u1ed9t ngu\u1ed3n s\u00e1ng \u0111\u1ec3 chi\u1ebfu r\u1ecdi cho kh\u00f4ng gian xung quanh, m\u00e0 c\u00f2n \u0111\u00f3ng vai tr\u00f2 quan tr\u1ecdng trong vi\u1ec7c t\u1ea1o n\u00ean v\u1ebb \u0111\u1eb9p v\u00e0 kh\u00f4ng gian s\u1ed1ng th\u01b0 th\u00e1i. V\u1edbi m\u1eabu \u0111\u00e8n s\u00e2n v\u01b0\u1eddn VL-VG07, b\u1ea1n s\u1ebd t\u00ecm th\u1ea5y s\u1ef1 k\u1ebft h\u1ee3p ho\u00e0n h\u1ea3o gi\u1eefa ngh\u1ec7 thu\u1eadt v\u00e0 ch\u1ea5t l\u01b0\u1ee3ng, mang \u0111\u1ebfn kh\u00f4ng ch\u1ec9 \u00e1nh s\u00e1ng m\u00e0 c\u00f2n c\u1ea3m nh\u1eadn s\u1ef1 sang tr\u1ecdng v\u00e0 tinh t\u1ebf.<\/span><\/p>\n<p style=\"text-align: justify;\"><span style=\"font-size: 14pt;\">1. Thi\u1ebft k\u1ebf ngh\u1ec7 thu\u1eadt:<\/span><br \/>\n<span style=\"font-size: 14pt;\">\u0110\u00e8n s\u00e2n v\u01b0\u1eddn VL-VG07 \u0111\u01b0\u1ee3c thi\u1ebft k\u1ebf \u0111\u1eb7c bi\u1ec7t \u0111\u1ec3 mang l\u1ea1i kh\u00f4ng gian ngo\u1ea1i th\u1ea5t c\u1ee7a b\u1ea1n m\u1ed9t n\u00e9t \u0111\u1eb9p ngh\u1ec7 thu\u1eadt \u0111\u1ed9c \u0111\u00e1o. V\u1edbi d\u00e1ng v\u1ebb tinh t\u1ebf v\u00e0 \u0111\u01b0\u1eddng cong m\u1ec1m m\u1ea1i, s\u1ea3n ph\u1ea9m n\u00e0y t\u1ea1o n\u00ean m\u1ed9t \u0111i\u1ec3m nh\u1ea5n \u0111\u1ed9c \u0111\u00e1o trong kh\u00f4ng gian s\u00e2n v\u01b0\u1eddn, c\u00f4ng vi\u00ean, l\u1ed1i \u0111i hay khu\u00f4n vi\u00ean c\u00f4ng tr\u00ecnh kh\u00e1c. Thi\u1ebft k\u1ebf sang tr\u1ecdng v\u00e0 thanh l\u1ecbch c\u1ee7a \u0111\u00e8n VL-VG07 kh\u00f4ng ch\u1ec9 t\u1ea1o \u0111i\u1ec3m nh\u1ea5n m\u00e0 c\u00f2n mang l\u1ea1i c\u1ea3m gi\u00e1c tho\u1ea3i m\u00e1i v\u00e0 th\u01b0 gi\u00e3n cho m\u1ecdi ng\u01b0\u1eddi khi ti\u1ebfp x\u00fac v\u1edbi n\u00f3.<\/span><\/p>\n<p style=\"text-align: justify;\"><span style=\"font-size: 14pt;\">2. Chi\u1ebfu s\u00e1ng hi\u1ec7u qu\u1ea3:<\/span><br \/>\n<span style=\"font-size: 14pt;\">\u0110\u00e8n s\u00e2n v\u01b0\u1eddn VL-VG07 kh\u00f4ng ch\u1ec9 \u0111\u1eb9p m\u1eaft m\u00e0 c\u00f2n v\u00f4 c\u00f9ng ch\u1ea5t l\u01b0\u1ee3ng trong vi\u1ec7c cung c\u1ea5p \u00e1nh s\u00e1ng cho kh\u00f4ng gian xung quanh. V\u1edbi c\u00f4ng su\u1ea5t s\u00e1ng cao, n\u00f3 gi\u00fap chi\u1ebfu s\u00e1ng r\u1ed9ng r\u00e3i v\u00e0 \u0111\u1ec1u \u0111\u1eb7n, l\u00e0m n\u1ed5i b\u1eadt c\u00e1c \u0111\u01b0\u1eddng \u0111i, khu v\u1ef1c s\u00e2n v\u01b0\u1eddn v\u00e0 c\u00e1c c\u00f4ng tr\u00ecnh ki\u1ebfn tr\u00fac kh\u00e1c. \u0110\u00e8n s\u1eed d\u1ee5ng c\u00f4ng ngh\u1ec7 ti\u00ean ti\u1ebfn \u0111\u1ec3 cung c\u1ea5p \u00e1nh s\u00e1ng t\u01b0\u01a1ng \u0111\u01b0\u01a1ng v\u1edbi \u00e1nh s\u00e1ng t\u1ef1 nhi\u00ean, t\u1ea1o ra m\u1ed9t kh\u00f4ng gian s\u00e1ng r\u1ef1c r\u1ee1 v\u00e0 m\u1eddi g\u1ecdi.<\/span><\/p>\n<p style=\"text-align: justify;\"><span style=\"font-size: 14pt;\">3. B\u1ec1n b\u1ec9 v\u00e0 ch\u1ed1ng th\u1eddi ti\u1ebft:<\/span><br \/>\n<span style=\"font-size: 14pt;\">M\u1ed9t trong nh\u1eefng y\u1ebfu t\u1ed1 quan tr\u1ecdng c\u1ee7a m\u1ed9t \u0111\u00e8n s\u00e2n v\u01b0\u1eddn l\u00e0 kh\u1ea3 n\u0103ng ch\u1ecbu \u0111\u01b0\u1ee3c th\u1eddi ti\u1ebft kh\u1eafc nghi\u1ec7t. V\u1edbi \u0111\u00e8n s\u00e2n v\u01b0\u1eddn VL-VG07, b\u1ea1n kh\u00f4ng c\u1ea7n lo l\u1eafng v\u1ec1 \u0111i\u1ec1u n\u00e0y. S\u1ea3n ph\u1ea9m \u0111\u01b0\u1ee3c l\u00e0m t\u1eeb v\u1eadt li\u1ec7u ch\u1ea5t l\u01b0\u1ee3ng cao, ch\u1ed1ng ch\u1ecbu \u0111\u01b0\u1ee3c \u1ea3nh h\u01b0\u1edfng c\u1ee7a m\u00f4i tr\u01b0\u1eddng b\u00ean ngo\u00e0i nh\u01b0 m\u01b0a, n\u1eafng,<\/span><\/p>\n<p style=\"text-align: justify;\"><span style=\"font-size: 14pt;\">gi\u00f3 v\u00e0 b\u1ee5i b\u1ea9n. \u0110\u00e8n c\u0169ng \u0111\u01b0\u1ee3c thi\u1ebft k\u1ebf ch\u1ed1ng th\u1ea5m n\u01b0\u1edbc theo ti\u00eau chu\u1ea9n IP65, \u0111\u1ea3m b\u1ea3o r\u1eb1ng n\u00f3 ho\u1ea1t \u0111\u1ed9ng t\u1ed1t d\u00f9 trong m\u1ecdi \u0111i\u1ec1u ki\u1ec7n th\u1eddi ti\u1ebft.<\/span><\/p>\n<p style=\"text-align: justify;\"><span style=\"font-size: 14pt;\">4. S\u1ea3n ph\u1ea9m ph\u00e2n ph\u1ed1i b\u1edfi Vilight.vn:<\/span><br \/>\n<span style=\"font-size: 14pt;\">\u0110\u00e8n s\u00e2n v\u01b0\u1eddn VL-VG07 l\u00e0 m\u1ed9t s\u1ea3n ph\u1ea9m ch\u1ea5t l\u01b0\u1ee3ng \u0111\u01b0\u1ee3c ph\u00e2n ph\u1ed1i b\u1edfi Vilight.vn &#8211; m\u1ed9t \u0111\u01a1n v\u1ecb uy t\u00edn trong l\u0129nh v\u1ef1c \u0111\u00e8n chi\u1ebfu s\u00e1ng. Vilight.vn cam k\u1ebft cung c\u1ea5p nh\u1eefng s\u1ea3n ph\u1ea9m ch\u1ea5t l\u01b0\u1ee3ng cao v\u00e0 d\u1ecbch v\u1ee5 t\u1ed1t nh\u1ea5t cho kh\u00e1ch h\u00e0ng. B\u1ea1n c\u00f3 th\u1ec3 tin t\u01b0\u1edfng v\u00e0o ch\u1ea5t l\u01b0\u1ee3ng v\u00e0 \u0111\u1ed9 tin c\u1eady c\u1ee7a \u0111\u00e8n s\u00e2n v\u01b0\u1eddn VL-VG07 khi mua t\u1eeb Vilight.vn.<\/span><\/p>\n<p style=\"text-align: justify;\"><span style=\"font-size: 14pt;\">Trong k\u1ebft lu\u1eadn, \u0111\u00e8n s\u00e2n v\u01b0\u1eddn VL-VG07 l\u00e0 m\u1ed9t l\u1ef1a ch\u1ecdn tuy\u1ec7t v\u1eddi cho vi\u1ec7c chi\u1ebfu s\u00e1ng kh\u00f4ng gian ngo\u1ea1i th\u1ea5t. V\u1edbi thi\u1ebft k\u1ebf ngh\u1ec7 thu\u1eadt \u0111\u1ed9c \u0111\u00e1o, hi\u1ec7u su\u1ea5t \u00e1nh s\u00e1ng \u01b0u vi\u1ec7t, t\u00ednh n\u0103ng b\u1ec1n b\u1ec9 v\u00e0 ch\u1ed1ng th\u1eddi ti\u1ebft, c\u00f9ng v\u1edbi s\u1ef1 \u0111\u00e1ng tin c\u1eady c\u1ee7a Vilight.vn, \u0111\u00e8n s\u00e2n v\u01b0\u1eddn n\u00e0y kh\u00f4ng ch\u1ec9 \u0111\u00e1p \u1ee9ng nhu c\u1ea7u chi\u1ebfu s\u00e1ng m\u00e0 c\u00f2n t\u1ea1o \u0111i\u1ec3m nh\u1ea5n v\u00e0 t\u1ea1o n\u00ean m\u1ed9t kh\u00f4ng gian s\u1ed1ng ngo\u1ea1i th\u1ea5t tuy\u1ec7t v\u1eddi.<\/span><\/p>\n<p style=\"text-align: justify;\"><span style=\"font-size: 14pt;\"><a href=\"https:\/\/vilight.vn\/website\/wp-content\/uploads\/2021\/06\/VG07.jpg\"><img decoding=\"async\" class=\"aligncenter wp-image-1656 lazyload\" data-src=\"https:\/\/vilight.vn\/website\/wp-content\/uploads\/2021\/06\/VG07.jpg\" alt=\"\u0110\u00e8n s\u00e2n v\u01b0\u1eddn VL-VG07\" width=\"1500\" height=\"938\" data-srcset=\"https:\/\/vilight.vn\/website\/wp-content\/uploads\/2021\/06\/VG07.jpg 1200w, https:\/\/vilight.vn\/website\/wp-content\/uploads\/2021\/06\/VG07-800x500.jpg 800w, https:\/\/vilight.vn\/website\/wp-content\/uploads\/2021\/06\/VG07-300x188.jpg 300w, https:\/\/vilight.vn\/website\/wp-content\/uploads\/2021\/06\/VG07-1024x640.jpg 1024w, https:\/\/vilight.vn\/website\/wp-content\/uploads\/2021\/06\/VG07-768x480.jpg 768w, https:\/\/vilight.vn\/website\/wp-content\/uploads\/2021\/06\/VG07-16x10.jpg 16w, https:\/\/vilight.vn\/website\/wp-content\/uploads\/2021\/06\/VG07-234x146.jpg 234w, https:\/\/vilight.vn\/website\/wp-content\/uploads\/2021\/06\/VG07-50x31.jpg 50w, https:\/\/vilight.vn\/website\/wp-content\/uploads\/2021\/06\/VG07-120x75.jpg 120w, https:\/\/vilight.vn\/website\/wp-content\/uploads\/2021\/06\/VG07-600x375.jpg 600w\" data-sizes=\"(max-width:767px) 480px, (max-width:1500px) 100vw, 1500px\" src=\"data:image\/svg+xml;base64,PHN2ZyB3aWR0aD0iMSIgaGVpZ2h0PSIxIiB4bWxucz0iaHR0cDovL3d3dy53My5vcmcvMjAwMC9zdmciPjwvc3ZnPg==\" style=\"--smush-placeholder-width: 1500px; --smush-placeholder-aspect-ratio: 1500\/938;\" \/><\/a><\/span><\/p>\n<p style=\"text-align: justify;\"><span style=\"color: #ffffff; font-size: 14pt;\">B\u1ed9 \u0111\u00e8n s\u00e2n v\u01b0\u1eddn VG07 l\u00e0 m\u1ed9t trong nh\u1eefng b\u1ed9 \u0111\u00e8n s\u00e2n v\u01b0\u1eddn cao c\u1ea5p. B\u1ed9 \u0111\u00e8n s\u00e2n v\u01b0\u1eddn VG07 nh\u1eadp kh\u1ea9u ch\u00ednh h\u00e3ng. \u0110\u00e8n s\u00e2n v\u01b0\u1eddn VG07.\u00a0<\/span><\/p>\n","protected":false},"excerpt":{"rendered":"<p style=\"text-align: justify;\">D\u00f2ng \u0111\u00e8n s\u00e2n v\u01b0\u1eddn VG7 v\u1edbi ba model: VG7-30, VG7-60, v\u00e0 VG7-90, cung c\u1ea5p gi\u1ea3i ph\u00e1p chi\u1ebfu s\u00e1ng ngo\u00e0i tr\u1eddi hi\u1ec7u qu\u1ea3 v\u00e0 b\u1ec1n b\u1ec9. C\u00e1c m\u1eabu \u0111\u00e8n n\u00e0y c\u00f3 c\u00f4ng su\u1ea5t t\u1eeb 30W \u0111\u1ebfn 85W, ho\u1ea1t \u0111\u1ed9ng \u1ed5n \u0111\u1ecbnh trong d\u1ea3i \u0111i\u1ec7n \u00e1p r\u1ed9ng t\u1eeb AC 100-277V, 50\/60 Hz.<\/p>\n","protected":false},"featured_media":1657,"template":"","meta":[],"product_brand":[],"product_cat":[73,70],"product_tag":[449],"class_list":{"0":"post-1655","1":"product","2":"type-product","3":"status-publish","4":"has-post-thumbnail","6":"product_cat-den-chieu-sang-facade","7":"product_cat-den-san-vuon","8":"product_tag-den-san-vuon-vl-vg07","9":"pa_chuan-dieu-khien-on-off","10":"pa_dien-ap-hoat-dong-ac-100-277v","11":"pa_do-kin-ip-66","12":"pa_nhiet-do-mau-3000k","13":"pa_nhiet-do-mau-4000k","14":"pa_nhiet-do-mau-5700k","16":"first","17":"instock","18":"taxable","19":"shipping-taxable","20":"product-type-simple"},"yoast_head":"<!-- This site is optimized with the Yoast SEO Premium plugin v27.5 (Yoast SEO v27.5) - https:\/\/yoast.com\/product\/yoast-seo-premium-wordpress\/ -->\n<title>B\u1ed9 \u0111\u00e8n s\u00e2n v\u01b0\u1eddn VG07 nh\u1eadp kh\u1ea9u ch\u00ednh h\u00e3ng - Vilight Co.ltd<\/title>\n<meta name=\"description\" content=\"\u0110\u00e8n s\u00e2n v\u01b0\u1eddn VL-VG07 ph\u00f9 h\u1ee3p cho nhi\u1ec1u m\u1ee5c \u0111\u00ednh s\u1eed d\u1ee5ng kh\u00e1c nhau. \u0110\u00e8n c\u00f3 \u0111\u1ed9 b\u1ec1n cao , s\u1eed d\u1ee5ng Chip t\u1eeb c\u00e1c th\u01b0\u01a1ng hi\u1ec7u l\u1edbn\" \/>\n<meta name=\"robots\" content=\"index, follow, max-snippet:-1, max-image-preview:large, max-video-preview:-1\" \/>\n<link rel=\"canonical\" href=\"https:\/\/vilight.vn\/website\/san-pham\/den-chieu-sang-facade\/den-san-vuon\/den-san-vuon-vl-vg07\/\" \/>\n<meta property=\"og:locale\" content=\"vi_VN\" \/>\n<meta property=\"og:type\" content=\"article\" \/>\n<meta property=\"og:title\" content=\"\u0110\u00e8n s\u00e2n v\u01b0\u1eddn VL-VG07\" \/>\n<meta property=\"og:description\" content=\"D\u00f2ng \u0111\u00e8n s\u00e2n v\u01b0\u1eddn VG7 v\u1edbi ba model: VG7-30, VG7-60, v\u00e0 VG7-90, cung c\u1ea5p gi\u1ea3i ph\u00e1p chi\u1ebfu s\u00e1ng ngo\u00e0i tr\u1eddi hi\u1ec7u qu\u1ea3 v\u00e0 b\u1ec1n b\u1ec9. C\u00e1c m\u1eabu \u0111\u00e8n n\u00e0y c\u00f3 c\u00f4ng su\u1ea5t t\u1eeb 30W \u0111\u1ebfn 85W, ho\u1ea1t \u0111\u1ed9ng \u1ed5n \u0111\u1ecbnh trong d\u1ea3i \u0111i\u1ec7n \u00e1p r\u1ed9ng t\u1eeb AC 100-277V, 50\/60 Hz.\" \/>\n<meta property=\"og:url\" content=\"https:\/\/vilight.vn\/website\/san-pham\/den-chieu-sang-facade\/den-san-vuon\/den-san-vuon-vl-vg07\/\" \/>\n<meta property=\"og:site_name\" content=\"Vilight Co.ltd\" \/>\n<meta property=\"article:publisher\" content=\"http:\/\/facebook.com\/vilight.vn\" \/>\n<meta property=\"article:modified_time\" content=\"2024-10-04T09:37:34+00:00\" \/>\n<meta property=\"og:image\" content=\"https:\/\/vilight.vn\/website\/wp-content\/uploads\/2021\/06\/VG07-Logo.jpg\" \/>\n\t<meta property=\"og:image:width\" content=\"600\" \/>\n\t<meta property=\"og:image:height\" content=\"600\" \/>\n\t<meta property=\"og:image:type\" content=\"image\/jpeg\" \/>\n<meta name=\"twitter:card\" content=\"summary_large_image\" \/>\n<meta name=\"twitter:label1\" content=\"Gi\u00e1\" \/>\n\t<meta name=\"twitter:data1\" content=\"\" \/>\n\t<meta name=\"twitter:label2\" content=\"Kh\u1ea3 d\u1ee5ng\" \/>\n\t<meta name=\"twitter:data2\" content=\"Trong kho\" \/>\n<script type=\"application\/ld+json\" class=\"yoast-schema-graph\">{\"@context\":\"https:\\\/\\\/schema.org\",\"@graph\":[{\"@type\":\"WebPage\",\"@id\":\"https:\\\/\\\/vilight.vn\\\/website\\\/san-pham\\\/den-chieu-sang-facade\\\/den-san-vuon\\\/den-san-vuon-vl-vg07\\\/\",\"url\":\"https:\\\/\\\/vilight.vn\\\/website\\\/san-pham\\\/den-chieu-sang-facade\\\/den-san-vuon\\\/den-san-vuon-vl-vg07\\\/\",\"name\":\"B\u1ed9 \u0111\u00e8n s\u00e2n v\u01b0\u1eddn VG07 nh\u1eadp kh\u1ea9u ch\u00ednh h\u00e3ng - Vilight Co.ltd\",\"isPartOf\":{\"@id\":\"https:\\\/\\\/vilight.vn\\\/website\\\/#website\"},\"primaryImageOfPage\":{\"@id\":\"https:\\\/\\\/vilight.vn\\\/website\\\/san-pham\\\/den-chieu-sang-facade\\\/den-san-vuon\\\/den-san-vuon-vl-vg07\\\/#primaryimage\"},\"image\":{\"@id\":\"https:\\\/\\\/vilight.vn\\\/website\\\/san-pham\\\/den-chieu-sang-facade\\\/den-san-vuon\\\/den-san-vuon-vl-vg07\\\/#primaryimage\"},\"thumbnailUrl\":\"https:\\\/\\\/vilight.vn\\\/website\\\/wp-content\\\/uploads\\\/2021\\\/06\\\/VG07-Logo.jpg\",\"datePublished\":\"2021-06-30T07:05:10+00:00\",\"dateModified\":\"2024-10-04T09:37:34+00:00\",\"description\":\"\u0110\u00e8n s\u00e2n v\u01b0\u1eddn VL-VG07 ph\u00f9 h\u1ee3p cho nhi\u1ec1u m\u1ee5c \u0111\u00ednh s\u1eed d\u1ee5ng kh\u00e1c nhau. \u0110\u00e8n c\u00f3 \u0111\u1ed9 b\u1ec1n cao , s\u1eed d\u1ee5ng Chip t\u1eeb c\u00e1c th\u01b0\u01a1ng hi\u1ec7u l\u1edbn\",\"breadcrumb\":{\"@id\":\"https:\\\/\\\/vilight.vn\\\/website\\\/san-pham\\\/den-chieu-sang-facade\\\/den-san-vuon\\\/den-san-vuon-vl-vg07\\\/#breadcrumb\"},\"inLanguage\":\"vi\",\"potentialAction\":[{\"@type\":\"ReadAction\",\"target\":[\"https:\\\/\\\/vilight.vn\\\/website\\\/san-pham\\\/den-chieu-sang-facade\\\/den-san-vuon\\\/den-san-vuon-vl-vg07\\\/\"]}]},{\"@type\":\"ImageObject\",\"inLanguage\":\"vi\",\"@id\":\"https:\\\/\\\/vilight.vn\\\/website\\\/san-pham\\\/den-chieu-sang-facade\\\/den-san-vuon\\\/den-san-vuon-vl-vg07\\\/#primaryimage\",\"url\":\"https:\\\/\\\/vilight.vn\\\/website\\\/wp-content\\\/uploads\\\/2021\\\/06\\\/VG07-Logo.jpg\",\"contentUrl\":\"https:\\\/\\\/vilight.vn\\\/website\\\/wp-content\\\/uploads\\\/2021\\\/06\\\/VG07-Logo.jpg\",\"width\":600,\"height\":600,\"caption\":\"\u0110\u00e8n s\u00e2n v\u01b0\u1eddn VL-VG07\"},{\"@type\":\"BreadcrumbList\",\"@id\":\"https:\\\/\\\/vilight.vn\\\/website\\\/san-pham\\\/den-chieu-sang-facade\\\/den-san-vuon\\\/den-san-vuon-vl-vg07\\\/#breadcrumb\",\"itemListElement\":[{\"@type\":\"ListItem\",\"position\":1,\"name\":\"Home\",\"item\":\"https:\\\/\\\/vilight.vn\\\/website\\\/\"},{\"@type\":\"ListItem\",\"position\":2,\"name\":\"store\",\"item\":\"https:\\\/\\\/vilight.vn\\\/website\\\/store\\\/\"},{\"@type\":\"ListItem\",\"position\":3,\"name\":\"\u0110\u00e8n s\u00e2n v\u01b0\u1eddn VL-VG07\"}]},{\"@type\":\"WebSite\",\"@id\":\"https:\\\/\\\/vilight.vn\\\/website\\\/#website\",\"url\":\"https:\\\/\\\/vilight.vn\\\/website\\\/\",\"name\":\"Vilight Co.ltd\",\"description\":\"Chi\u1ebfu s\u00e1ng m\u1ef9 thu\u1eadt, chi\u1ebfu s\u00e1ng th\u00f4ng minh, LED Pixel 3D, chi\u1ebfu s\u00e1ng trang tr\u00ed \u0111\u00f4 th\u1ecb, chi\u1ebfu s\u00e1ng v\u00f2ng xoay, chi\u1ebfu s\u00e1ng \u0111\u1ea3o giao th\u00f4ng, c\u1ed5ng ch\u00e0o \u0111\u00f4 th\u1ecb\",\"publisher\":{\"@id\":\"https:\\\/\\\/vilight.vn\\\/website\\\/#organization\"},\"potentialAction\":[{\"@type\":\"SearchAction\",\"target\":{\"@type\":\"EntryPoint\",\"urlTemplate\":\"https:\\\/\\\/vilight.vn\\\/website\\\/?s={search_term_string}\"},\"query-input\":{\"@type\":\"PropertyValueSpecification\",\"valueRequired\":true,\"valueName\":\"search_term_string\"}}],\"inLanguage\":\"vi\"},{\"@type\":\"Organization\",\"@id\":\"https:\\\/\\\/vilight.vn\\\/website\\\/#organization\",\"name\":\"Vilight\",\"url\":\"https:\\\/\\\/vilight.vn\\\/website\\\/\",\"logo\":{\"@type\":\"ImageObject\",\"inLanguage\":\"vi\",\"@id\":\"https:\\\/\\\/vilight.vn\\\/website\\\/#\\\/schema\\\/logo\\\/image\\\/\",\"url\":\"https:\\\/\\\/vilight.vn\\\/website\\\/wp-content\\\/uploads\\\/2022\\\/05\\\/chieu_sang_trang_tri_do_thi_bang_den_led_pixel.png\",\"contentUrl\":\"https:\\\/\\\/vilight.vn\\\/website\\\/wp-content\\\/uploads\\\/2022\\\/05\\\/chieu_sang_trang_tri_do_thi_bang_den_led_pixel.png\",\"width\":800,\"height\":427,\"caption\":\"Vilight\"},\"image\":{\"@id\":\"https:\\\/\\\/vilight.vn\\\/website\\\/#\\\/schema\\\/logo\\\/image\\\/\"},\"sameAs\":[\"http:\\\/\\\/facebook.com\\\/vilight.vn\",\"https:\\\/\\\/www.linkedin.com\\\/company\\\/vilight-vn\",\"https:\\\/\\\/www.youtube.com\\\/channel\\\/UCEwR2naeDcuarMX1kSv_rLQ\\\/videos\"]}]}<\/script>\n<meta property=\"product:brand\" content=\"\u0110\u00e8n S\u00e2n V\u01b0\u1eddn\" \/>\n<meta property=\"product:price:currency\" content=\"VND\" \/>\n<meta property=\"og:availability\" content=\"instock\" \/>\n<meta property=\"product:availability\" content=\"instock\" \/>\n<meta property=\"product:condition\" content=\"new\" \/>\n<!-- \/ Yoast SEO Premium plugin. -->","yoast_head_json":{"title":"B\u1ed9 \u0111\u00e8n s\u00e2n v\u01b0\u1eddn VG07 nh\u1eadp kh\u1ea9u ch\u00ednh h\u00e3ng - Vilight Co.ltd","description":"\u0110\u00e8n s\u00e2n v\u01b0\u1eddn VL-VG07 ph\u00f9 h\u1ee3p cho nhi\u1ec1u m\u1ee5c \u0111\u00ednh s\u1eed d\u1ee5ng kh\u00e1c nhau. \u0110\u00e8n c\u00f3 \u0111\u1ed9 b\u1ec1n cao , s\u1eed d\u1ee5ng Chip t\u1eeb c\u00e1c th\u01b0\u01a1ng hi\u1ec7u l\u1edbn","robots":{"index":"index","follow":"follow","max-snippet":"max-snippet:-1","max-image-preview":"max-image-preview:large","max-video-preview":"max-video-preview:-1"},"canonical":"https:\/\/vilight.vn\/website\/san-pham\/den-chieu-sang-facade\/den-san-vuon\/den-san-vuon-vl-vg07\/","og_locale":"vi_VN","og_type":"article","og_title":"\u0110\u00e8n s\u00e2n v\u01b0\u1eddn VL-VG07","og_description":"D\u00f2ng \u0111\u00e8n s\u00e2n v\u01b0\u1eddn VG7 v\u1edbi ba model: VG7-30, VG7-60, v\u00e0 VG7-90, cung c\u1ea5p gi\u1ea3i ph\u00e1p chi\u1ebfu s\u00e1ng ngo\u00e0i tr\u1eddi hi\u1ec7u qu\u1ea3 v\u00e0 b\u1ec1n b\u1ec9. C\u00e1c m\u1eabu \u0111\u00e8n n\u00e0y c\u00f3 c\u00f4ng su\u1ea5t t\u1eeb 30W \u0111\u1ebfn 85W, ho\u1ea1t \u0111\u1ed9ng \u1ed5n \u0111\u1ecbnh trong d\u1ea3i \u0111i\u1ec7n \u00e1p r\u1ed9ng t\u1eeb AC 100-277V, 50\/60 Hz.","og_url":"https:\/\/vilight.vn\/website\/san-pham\/den-chieu-sang-facade\/den-san-vuon\/den-san-vuon-vl-vg07\/","og_site_name":"Vilight Co.ltd","article_publisher":"http:\/\/facebook.com\/vilight.vn","article_modified_time":"2024-10-04T09:37:34+00:00","og_image":[{"width":600,"height":600,"url":"https:\/\/vilight.vn\/website\/wp-content\/uploads\/2021\/06\/VG07-Logo.jpg","type":"image\/jpeg"}],"twitter_card":"summary_large_image","twitter_misc":{"Gi\u00e1":"","Kh\u1ea3 d\u1ee5ng":"Trong kho"},"schema":{"@context":"https:\/\/schema.org","@graph":[{"@type":"WebPage","@id":"https:\/\/vilight.vn\/website\/san-pham\/den-chieu-sang-facade\/den-san-vuon\/den-san-vuon-vl-vg07\/","url":"https:\/\/vilight.vn\/website\/san-pham\/den-chieu-sang-facade\/den-san-vuon\/den-san-vuon-vl-vg07\/","name":"B\u1ed9 \u0111\u00e8n s\u00e2n v\u01b0\u1eddn VG07 nh\u1eadp kh\u1ea9u ch\u00ednh h\u00e3ng - Vilight Co.ltd","isPartOf":{"@id":"https:\/\/vilight.vn\/website\/#website"},"primaryImageOfPage":{"@id":"https:\/\/vilight.vn\/website\/san-pham\/den-chieu-sang-facade\/den-san-vuon\/den-san-vuon-vl-vg07\/#primaryimage"},"image":{"@id":"https:\/\/vilight.vn\/website\/san-pham\/den-chieu-sang-facade\/den-san-vuon\/den-san-vuon-vl-vg07\/#primaryimage"},"thumbnailUrl":"https:\/\/vilight.vn\/website\/wp-content\/uploads\/2021\/06\/VG07-Logo.jpg","datePublished":"2021-06-30T07:05:10+00:00","dateModified":"2024-10-04T09:37:34+00:00","description":"\u0110\u00e8n s\u00e2n v\u01b0\u1eddn VL-VG07 ph\u00f9 h\u1ee3p cho nhi\u1ec1u m\u1ee5c \u0111\u00ednh s\u1eed d\u1ee5ng kh\u00e1c nhau. \u0110\u00e8n c\u00f3 \u0111\u1ed9 b\u1ec1n cao , s\u1eed d\u1ee5ng Chip t\u1eeb c\u00e1c th\u01b0\u01a1ng hi\u1ec7u l\u1edbn","breadcrumb":{"@id":"https:\/\/vilight.vn\/website\/san-pham\/den-chieu-sang-facade\/den-san-vuon\/den-san-vuon-vl-vg07\/#breadcrumb"},"inLanguage":"vi","potentialAction":[{"@type":"ReadAction","target":["https:\/\/vilight.vn\/website\/san-pham\/den-chieu-sang-facade\/den-san-vuon\/den-san-vuon-vl-vg07\/"]}]},{"@type":"ImageObject","inLanguage":"vi","@id":"https:\/\/vilight.vn\/website\/san-pham\/den-chieu-sang-facade\/den-san-vuon\/den-san-vuon-vl-vg07\/#primaryimage","url":"https:\/\/vilight.vn\/website\/wp-content\/uploads\/2021\/06\/VG07-Logo.jpg","contentUrl":"https:\/\/vilight.vn\/website\/wp-content\/uploads\/2021\/06\/VG07-Logo.jpg","width":600,"height":600,"caption":"\u0110\u00e8n s\u00e2n v\u01b0\u1eddn VL-VG07"},{"@type":"BreadcrumbList","@id":"https:\/\/vilight.vn\/website\/san-pham\/den-chieu-sang-facade\/den-san-vuon\/den-san-vuon-vl-vg07\/#breadcrumb","itemListElement":[{"@type":"ListItem","position":1,"name":"Home","item":"https:\/\/vilight.vn\/website\/"},{"@type":"ListItem","position":2,"name":"store","item":"https:\/\/vilight.vn\/website\/store\/"},{"@type":"ListItem","position":3,"name":"\u0110\u00e8n s\u00e2n v\u01b0\u1eddn VL-VG07"}]},{"@type":"WebSite","@id":"https:\/\/vilight.vn\/website\/#website","url":"https:\/\/vilight.vn\/website\/","name":"Vilight Co.ltd","description":"Chi\u1ebfu s\u00e1ng m\u1ef9 thu\u1eadt, chi\u1ebfu s\u00e1ng th\u00f4ng minh, LED Pixel 3D, chi\u1ebfu s\u00e1ng trang tr\u00ed \u0111\u00f4 th\u1ecb, chi\u1ebfu s\u00e1ng v\u00f2ng xoay, chi\u1ebfu s\u00e1ng \u0111\u1ea3o giao th\u00f4ng, c\u1ed5ng ch\u00e0o \u0111\u00f4 th\u1ecb","publisher":{"@id":"https:\/\/vilight.vn\/website\/#organization"},"potentialAction":[{"@type":"SearchAction","target":{"@type":"EntryPoint","urlTemplate":"https:\/\/vilight.vn\/website\/?s={search_term_string}"},"query-input":{"@type":"PropertyValueSpecification","valueRequired":true,"valueName":"search_term_string"}}],"inLanguage":"vi"},{"@type":"Organization","@id":"https:\/\/vilight.vn\/website\/#organization","name":"Vilight","url":"https:\/\/vilight.vn\/website\/","logo":{"@type":"ImageObject","inLanguage":"vi","@id":"https:\/\/vilight.vn\/website\/#\/schema\/logo\/image\/","url":"https:\/\/vilight.vn\/website\/wp-content\/uploads\/2022\/05\/chieu_sang_trang_tri_do_thi_bang_den_led_pixel.png","contentUrl":"https:\/\/vilight.vn\/website\/wp-content\/uploads\/2022\/05\/chieu_sang_trang_tri_do_thi_bang_den_led_pixel.png","width":800,"height":427,"caption":"Vilight"},"image":{"@id":"https:\/\/vilight.vn\/website\/#\/schema\/logo\/image\/"},"sameAs":["http:\/\/facebook.com\/vilight.vn","https:\/\/www.linkedin.com\/company\/vilight-vn","https:\/\/www.youtube.com\/channel\/UCEwR2naeDcuarMX1kSv_rLQ\/videos"]}]},"product_brand":"\u0110\u00e8n S\u00e2n V\u01b0\u1eddn","product_price_currency":"VND","og_availability":"instock","product_availability":"instock","product_condition":"new"},"_links":{"self":[{"href":"https:\/\/vilight.vn\/website\/wp-json\/wp\/v2\/product\/1655","targetHints":{"allow":["GET"]}}],"collection":[{"href":"https:\/\/vilight.vn\/website\/wp-json\/wp\/v2\/product"}],"about":[{"href":"https:\/\/vilight.vn\/website\/wp-json\/wp\/v2\/types\/product"}],"wp:featuredmedia":[{"embeddable":true,"href":"https:\/\/vilight.vn\/website\/wp-json\/wp\/v2\/media\/1657"}],"wp:attachment":[{"href":"https:\/\/vilight.vn\/website\/wp-json\/wp\/v2\/media?parent=1655"}],"wp:term":[{"taxonomy":"product_brand","embeddable":true,"href":"https:\/\/vilight.vn\/website\/wp-json\/wp\/v2\/product_brand?post=1655"},{"taxonomy":"product_cat","embeddable":true,"href":"https:\/\/vilight.vn\/website\/wp-json\/wp\/v2\/product_cat?post=1655"},{"taxonomy":"product_tag","embeddable":true,"href":"https:\/\/vilight.vn\/website\/wp-json\/wp\/v2\/product_tag?post=1655"}],"curies":[{"name":"wp","href":"https:\/\/api.w.org\/{rel}","templated":true}]}}