{"id":1681,"date":"2021-06-30T17:04:05","date_gmt":"2021-06-30T10:04:05","guid":{"rendered":"https:\/\/vilight.vn\/website\/?post_type=product&#038;p=1681"},"modified":"2023-08-22T10:36:35","modified_gmt":"2023-08-22T03:36:35","slug":"den-am-dat-vl-vi01","status":"publish","type":"product","link":"https:\/\/vilight.vn\/website\/san-pham\/den-chieu-sang-facade\/den-am-dat-vl-vi01\/","title":{"rendered":"\u0110\u00e8n \u00e2m \u0111\u1ea5t VL-Vi01"},"content":{"rendered":"<h2 style=\"text-align: justify;\"><span style=\"font-size: 18pt;\">\u0110\u00e8n \u00e2m \u0111\u1ea5t VL-Vi01 l\u00e0 m\u1ed9t lo\u1ea1i \u0111\u00e8n c\u00f3 thi\u1ebft k\u1ebf hi\u1ec7n \u0111\u1ea1i v\u00e0 \u0111a ch\u1ee9c n\u0103ng. D\u01b0\u1edbi \u0111\u00e2y l\u00e0 m\u1ed9t s\u1ed1 th\u00f4ng s\u1ed1 k\u1ef9 thu\u1eadt chi ti\u1ebft v\u1ec1 \u0111\u00e8n n\u00e0y:<\/span><\/h2>\n<p style=\"text-align: justify;\"><span style=\"font-size: 14pt;\">1. Thi\u1ebft k\u1ebf: \u0110\u00e8n \u00e2m \u0111\u1ea5t VL-Vi01 c\u00f3 thi\u1ebft k\u1ebf hi\u1ec7n \u0111\u1ea1i v\u00e0 trang nh\u00e3. B\u1ec1 m\u1eb7t b\u1ed9 \u0111\u00e8n \u0111\u01b0\u1ee3c l\u00e0m t\u1eeb INOX SS316L v\u00e0 k\u00ednh c\u01b0\u1eddng l\u1ef1c, t\u1ea1o ra m\u1ed9t v\u1ebb ngo\u00e0i b\u1ec1n b\u1ec9 v\u00e0 ch\u1ed1ng tr\u1ea7y x\u01b0\u1edbc.<\/span><\/p>\n<p style=\"text-align: justify;\"><span style=\"font-size: 14pt;\">2. V\u1ecf \u0111\u00e8n: V\u1ecf \u0111\u00e8n \u0111\u01b0\u1ee3c l\u00e0m t\u1eeb nh\u1ef1a ABS ch\u1ed1ng ch\u00e1y, gi\u00fap \u0111\u1ea3m b\u1ea3o an to\u00e0n khi s\u1eed d\u1ee5ng.<\/span><\/p>\n<p style=\"text-align: justify;\"><span style=\"font-size: 14pt;\">3. Chip LED: \u0110\u00e8n n\u00e0y s\u1eed d\u1ee5ng chip LED CREE\/OSRAM, \u0111\u1ea3m b\u1ea3o \u0111\u1ed9 b\u1ec1n cao v\u00e0 tu\u1ed5i th\u1ecd d\u00e0i.<\/span><\/p>\n<p style=\"text-align: justify;\"><span style=\"font-size: 14pt;\">4. \u0110\u1ed9 k\u00edn: \u0110\u00e8n \u00e2m \u0111\u1ea5t VL-Vi01 \u0111\u1ea1t \u0111\u1ed9 k\u00edn IP68, t\u1ee9c l\u00e0 n\u00f3 ho\u00e0n to\u00e0n ch\u1ed1ng n\u01b0\u1edbc v\u00e0 b\u1ee5i. V\u00ec v\u1eady, n\u00f3 c\u00f3 th\u1ec3 \u0111\u01b0\u1ee3c s\u1eed d\u1ee5ng trong c\u00e1c m\u00f4i tr\u01b0\u1eddng \u1ea9m \u01b0\u1edbt v\u00e0 ngo\u00e0i tr\u1eddi m\u00e0 kh\u00f4ng g\u1eb7p v\u1ea5n \u0111\u1ec1.<\/span><\/p>\n<p style=\"text-align: justify;\"><span style=\"font-size: 14pt;\">5. \u0110\u1ed9 c\u1ee9ng: \u0110\u00e8n n\u00e0y \u0111\u1ea1t \u0111\u1ed9 c\u1ee9ng IK10, c\u00f3 kh\u1ea3 n\u0103ng ch\u1ecbu va \u0111\u1eadp cao. \u0110i\u1ec1u n\u00e0y \u0111\u1ea3m b\u1ea3o r\u1eb1ng \u0111\u00e8n c\u00f3 th\u1ec3 ch\u1ed1ng l\u1ea1i c\u00e1c t\u00e1c \u0111\u1ed9ng v\u1eadt l\u00fd v\u00e0 \u1ee9ng ph\u00f3 v\u1edbi c\u00e1c m\u00f4i tr\u01b0\u1eddng kh\u1eafc nghi\u1ec7t.<\/span><\/p>\n<p style=\"text-align: justify;\"><span style=\"font-size: 14pt;\">6. T\u00ednh n\u0103ng: \u0110\u00e8n \u00e2m \u0111\u1ea5t VL-Vi01 \u0111\u01b0\u1ee3c thi\u1ebft k\u1ebf \u0111\u1eb7c bi\u1ec7t \u0111\u1ec3 l\u1eafp \u0111\u1eb7t \u00e2m trong n\u1ec1n \u0111\u1ea5t. N\u00f3 c\u00f3 th\u1ec3 \u0111\u01b0\u1ee3c s\u1eed d\u1ee5ng \u0111\u1ec3 chi\u1ebfu s\u00e1ng c\u00e1c khu v\u1ef1c nh\u01b0 s\u00e2n v\u01b0\u1eddn, l\u1ed1i \u0111i, h\u1ed3 b\u01a1i ho\u1eb7c c\u00e1c b\u1ec1 m\u1eb7t kh\u00e1c.<\/span><\/p>\n<p style=\"text-align: justify;\"><span style=\"font-size: 14pt;\">\u0110\u00e8n \u00e2m \u0111\u1ea5t VL-Vi01 l\u00e0 m\u1ed9t l\u1ef1a ch\u1ecdn t\u1ed1t cho vi\u1ec7c chi\u1ebfu s\u00e1ng ngo\u1ea1i th\u1ea5t, v\u1edbi thi\u1ebft k\u1ebf ch\u1eafc ch\u1eafn, ch\u1ed1ng n\u01b0\u1edbc v\u00e0 tu\u1ed5i th\u1ecd cao.<\/span><\/p>\n<p style=\"text-align: justify;\"><span style=\"font-size: 14pt;\"><a href=\"https:\/\/vilight.vn\/website\/wp-content\/uploads\/2021\/06\/VL01.jpg\"><img decoding=\"async\" class=\"alignnone wp-image-1682 lazyload\" data-src=\"https:\/\/vilight.vn\/website\/wp-content\/uploads\/2021\/06\/VL01.jpg\" alt=\"\u0110\u00e8n \u00e2m \u0111\u1ea5t VL-Vi01\" width=\"1500\" height=\"938\" data-srcset=\"https:\/\/vilight.vn\/website\/wp-content\/uploads\/2021\/06\/VL01.jpg 1200w, https:\/\/vilight.vn\/website\/wp-content\/uploads\/2021\/06\/VL01-800x500.jpg 800w, https:\/\/vilight.vn\/website\/wp-content\/uploads\/2021\/06\/VL01-300x188.jpg 300w, https:\/\/vilight.vn\/website\/wp-content\/uploads\/2021\/06\/VL01-1024x640.jpg 1024w, https:\/\/vilight.vn\/website\/wp-content\/uploads\/2021\/06\/VL01-768x480.jpg 768w, https:\/\/vilight.vn\/website\/wp-content\/uploads\/2021\/06\/VL01-16x10.jpg 16w, https:\/\/vilight.vn\/website\/wp-content\/uploads\/2021\/06\/VL01-234x146.jpg 234w, https:\/\/vilight.vn\/website\/wp-content\/uploads\/2021\/06\/VL01-50x31.jpg 50w, https:\/\/vilight.vn\/website\/wp-content\/uploads\/2021\/06\/VL01-120x75.jpg 120w, https:\/\/vilight.vn\/website\/wp-content\/uploads\/2021\/06\/VL01-600x375.jpg 600w\" data-sizes=\"(max-width:767px) 480px, (max-width:1500px) 100vw, 1500px\" src=\"data:image\/svg+xml;base64,PHN2ZyB3aWR0aD0iMSIgaGVpZ2h0PSIxIiB4bWxucz0iaHR0cDovL3d3dy53My5vcmcvMjAwMC9zdmciPjwvc3ZnPg==\" style=\"--smush-placeholder-width: 1500px; --smush-placeholder-aspect-ratio: 1500\/938;\" \/><\/a><\/span><\/p>\n<p style=\"text-align: justify;\">\n","protected":false},"excerpt":{"rendered":"<p style=\"text-align: justify;\"><span style=\"font-size: 14pt;\">\u0110\u00e8n \u00e2m \u0111\u1ea5t VL-Vi01 &#8211; S\u1ef1 k\u1ebft h\u1ee3p ho\u00e0n h\u1ea3o gi\u1eefa thi\u1ebft k\u1ebf hi\u1ec7n \u0111\u1ea1i, \u0111\u1ed9 b\u1ec1n cao v\u00e0 kh\u1ea3 n\u0103ng ch\u1ed1ng n\u01b0\u1edbc IP68. V\u1edbi v\u1ecf \u0111\u00e8n ch\u1ed1ng ch\u00e1y, chip LED CREE\/OSRAM v\u00e0 \u0111\u1ed9 c\u1ee9ng IK10, \u0111\u00e8n Vi01 l\u00e0 l\u1ef1a ch\u1ecdn ho\u00e0n h\u1ea3o cho chi\u1ebfu s\u00e1ng ngo\u1ea1i th\u1ea5t.<\/span><\/p>\n","protected":false},"featured_media":1683,"template":"","meta":[],"product_brand":[],"product_cat":[73],"product_tag":[447,448],"class_list":{"0":"post-1681","1":"product","2":"type-product","3":"status-publish","4":"has-post-thumbnail","6":"product_cat-den-chieu-sang-facade","7":"product_tag-den-am-dat-vl-vi01","8":"product_tag-vl-vi01","9":"pa_chip-led-cree","10":"pa_chip-led-oram","11":"pa_chuan-dieu-khien-dmx512","12":"pa_chuan-dieu-khien-on-off","13":"pa_cong-suat-3w","14":"pa_dien-ap-hoat-dong-22vac","15":"pa_dien-ap-hoat-dong-24vdc","16":"pa_do-kin-ip68","17":"pa_goc-chieu-289","18":"pa_goc-chieu-233","19":"pa_goc-chieu-234","20":"pa_goc-chieu-280","22":"first","23":"instock","24":"taxable","25":"shipping-taxable","26":"product-type-simple"},"yoast_head":"<!-- This site is optimized with the Yoast SEO Premium plugin v27.5 (Yoast SEO v27.5) - https:\/\/yoast.com\/product\/yoast-seo-premium-wordpress\/ -->\n<title>\u0110\u00e8n \u00e2m \u0111\u1ea5t VL-Vi01 - Vilight Co.ltd<\/title>\n<meta name=\"description\" content=\"\u0110\u00e8n \u00e2m \u0111\u1ea5t VL-Vi01 l\u00e0m t\u1eeb INOX SS316L v\u00e0 k\u00ednh c\u01b0\u1eddng l\u1ef1c, v\u1ecf \u0111\u00e8n b\u1eb1ng nh\u1ef1a ABS ch\u1ed1ng ch\u00e1y.S\u1eed d\u1ee5ng chip LED CREE\/OSRAM \u0111\u1ed9 k\u00edn IP68, \u0111\u1ed9 c\u1ee9ng IK10\" \/>\n<meta name=\"robots\" content=\"index, follow, max-snippet:-1, max-image-preview:large, max-video-preview:-1\" \/>\n<link rel=\"canonical\" href=\"https:\/\/vilight.vn\/website\/san-pham\/den-chieu-sang-facade\/den-am-dat\/den-am-dat-vl-vi01\/\" \/>\n<meta property=\"og:locale\" content=\"vi_VN\" \/>\n<meta property=\"og:type\" content=\"article\" \/>\n<meta property=\"og:title\" content=\"\u0110\u00e8n \u00e2m \u0111\u1ea5t VL-Vi01\" \/>\n<meta property=\"og:description\" content=\"\u0110\u00e8n \u00e2m \u0111\u1ea5t VL-Vi01 - S\u1ef1 k\u1ebft h\u1ee3p ho\u00e0n h\u1ea3o gi\u1eefa thi\u1ebft k\u1ebf hi\u1ec7n \u0111\u1ea1i, \u0111\u1ed9 b\u1ec1n cao v\u00e0 kh\u1ea3 n\u0103ng ch\u1ed1ng n\u01b0\u1edbc IP68. V\u1edbi v\u1ecf \u0111\u00e8n ch\u1ed1ng ch\u00e1y, chip LED CREE\/OSRAM v\u00e0 \u0111\u1ed9 c\u1ee9ng IK10, \u0111\u00e8n Vi01 l\u00e0 l\u1ef1a ch\u1ecdn ho\u00e0n h\u1ea3o cho chi\u1ebfu s\u00e1ng ngo\u1ea1i th\u1ea5t.\" \/>\n<meta property=\"og:url\" content=\"https:\/\/vilight.vn\/website\/san-pham\/den-chieu-sang-facade\/den-am-dat\/den-am-dat-vl-vi01\/\" \/>\n<meta property=\"og:site_name\" content=\"Vilight Co.ltd\" \/>\n<meta property=\"article:publisher\" content=\"http:\/\/facebook.com\/vilight.vn\" \/>\n<meta property=\"article:modified_time\" content=\"2023-08-22T03:36:35+00:00\" \/>\n<meta property=\"og:image\" content=\"https:\/\/vilight.vn\/website\/wp-content\/uploads\/2021\/06\/VL01-Logo.jpg\" \/>\n\t<meta property=\"og:image:width\" content=\"600\" \/>\n\t<meta property=\"og:image:height\" content=\"600\" \/>\n\t<meta property=\"og:image:type\" content=\"image\/jpeg\" \/>\n<meta name=\"twitter:card\" content=\"summary_large_image\" \/>\n<meta name=\"twitter:label1\" content=\"Gi\u00e1\" \/>\n\t<meta name=\"twitter:data1\" content=\"\" \/>\n\t<meta name=\"twitter:label2\" content=\"Kh\u1ea3 d\u1ee5ng\" \/>\n\t<meta name=\"twitter:data2\" content=\"Trong kho\" \/>\n<script type=\"application\/ld+json\" class=\"yoast-schema-graph\">{\"@context\":\"https:\\\/\\\/schema.org\",\"@graph\":[{\"@type\":\"WebPage\",\"@id\":\"https:\\\/\\\/vilight.vn\\\/website\\\/san-pham\\\/den-chieu-sang-facade\\\/den-am-dat\\\/den-am-dat-vl-vi01\\\/\",\"url\":\"https:\\\/\\\/vilight.vn\\\/website\\\/san-pham\\\/den-chieu-sang-facade\\\/den-am-dat\\\/den-am-dat-vl-vi01\\\/\",\"name\":\"\u0110\u00e8n \u00e2m \u0111\u1ea5t VL-Vi01 - Vilight Co.ltd\",\"isPartOf\":{\"@id\":\"https:\\\/\\\/vilight.vn\\\/website\\\/#website\"},\"primaryImageOfPage\":{\"@id\":\"https:\\\/\\\/vilight.vn\\\/website\\\/san-pham\\\/den-chieu-sang-facade\\\/den-am-dat\\\/den-am-dat-vl-vi01\\\/#primaryimage\"},\"image\":{\"@id\":\"https:\\\/\\\/vilight.vn\\\/website\\\/san-pham\\\/den-chieu-sang-facade\\\/den-am-dat\\\/den-am-dat-vl-vi01\\\/#primaryimage\"},\"thumbnailUrl\":\"https:\\\/\\\/vilight.vn\\\/website\\\/wp-content\\\/uploads\\\/2021\\\/06\\\/VL01-Logo.jpg\",\"datePublished\":\"2021-06-30T10:04:05+00:00\",\"dateModified\":\"2023-08-22T03:36:35+00:00\",\"description\":\"\u0110\u00e8n \u00e2m \u0111\u1ea5t VL-Vi01 l\u00e0m t\u1eeb INOX SS316L v\u00e0 k\u00ednh c\u01b0\u1eddng l\u1ef1c, v\u1ecf \u0111\u00e8n b\u1eb1ng nh\u1ef1a ABS ch\u1ed1ng ch\u00e1y.S\u1eed d\u1ee5ng chip LED CREE\\\/OSRAM \u0111\u1ed9 k\u00edn IP68, \u0111\u1ed9 c\u1ee9ng IK10\",\"breadcrumb\":{\"@id\":\"https:\\\/\\\/vilight.vn\\\/website\\\/san-pham\\\/den-chieu-sang-facade\\\/den-am-dat\\\/den-am-dat-vl-vi01\\\/#breadcrumb\"},\"inLanguage\":\"vi\",\"potentialAction\":[{\"@type\":\"ReadAction\",\"target\":[\"https:\\\/\\\/vilight.vn\\\/website\\\/san-pham\\\/den-chieu-sang-facade\\\/den-am-dat\\\/den-am-dat-vl-vi01\\\/\"]}]},{\"@type\":\"ImageObject\",\"inLanguage\":\"vi\",\"@id\":\"https:\\\/\\\/vilight.vn\\\/website\\\/san-pham\\\/den-chieu-sang-facade\\\/den-am-dat\\\/den-am-dat-vl-vi01\\\/#primaryimage\",\"url\":\"https:\\\/\\\/vilight.vn\\\/website\\\/wp-content\\\/uploads\\\/2021\\\/06\\\/VL01-Logo.jpg\",\"contentUrl\":\"https:\\\/\\\/vilight.vn\\\/website\\\/wp-content\\\/uploads\\\/2021\\\/06\\\/VL01-Logo.jpg\",\"width\":600,\"height\":600,\"caption\":\"\u0110\u00e8n \u00e2m \u0111\u1ea5t VL-Vi01\"},{\"@type\":\"BreadcrumbList\",\"@id\":\"https:\\\/\\\/vilight.vn\\\/website\\\/san-pham\\\/den-chieu-sang-facade\\\/den-am-dat\\\/den-am-dat-vl-vi01\\\/#breadcrumb\",\"itemListElement\":[{\"@type\":\"ListItem\",\"position\":1,\"name\":\"Home\",\"item\":\"https:\\\/\\\/vilight.vn\\\/website\\\/\"},{\"@type\":\"ListItem\",\"position\":2,\"name\":\"store\",\"item\":\"https:\\\/\\\/vilight.vn\\\/website\\\/store\\\/\"},{\"@type\":\"ListItem\",\"position\":3,\"name\":\"\u0110\u00e8n \u00e2m \u0111\u1ea5t VL-Vi01\"}]},{\"@type\":\"WebSite\",\"@id\":\"https:\\\/\\\/vilight.vn\\\/website\\\/#website\",\"url\":\"https:\\\/\\\/vilight.vn\\\/website\\\/\",\"name\":\"Vilight Co.ltd\",\"description\":\"Chi\u1ebfu s\u00e1ng m\u1ef9 thu\u1eadt, chi\u1ebfu s\u00e1ng th\u00f4ng minh, LED Pixel 3D, chi\u1ebfu s\u00e1ng trang tr\u00ed \u0111\u00f4 th\u1ecb, chi\u1ebfu s\u00e1ng v\u00f2ng xoay, chi\u1ebfu s\u00e1ng \u0111\u1ea3o giao th\u00f4ng, c\u1ed5ng ch\u00e0o \u0111\u00f4 th\u1ecb\",\"publisher\":{\"@id\":\"https:\\\/\\\/vilight.vn\\\/website\\\/#organization\"},\"potentialAction\":[{\"@type\":\"SearchAction\",\"target\":{\"@type\":\"EntryPoint\",\"urlTemplate\":\"https:\\\/\\\/vilight.vn\\\/website\\\/?s={search_term_string}\"},\"query-input\":{\"@type\":\"PropertyValueSpecification\",\"valueRequired\":true,\"valueName\":\"search_term_string\"}}],\"inLanguage\":\"vi\"},{\"@type\":\"Organization\",\"@id\":\"https:\\\/\\\/vilight.vn\\\/website\\\/#organization\",\"name\":\"Vilight\",\"url\":\"https:\\\/\\\/vilight.vn\\\/website\\\/\",\"logo\":{\"@type\":\"ImageObject\",\"inLanguage\":\"vi\",\"@id\":\"https:\\\/\\\/vilight.vn\\\/website\\\/#\\\/schema\\\/logo\\\/image\\\/\",\"url\":\"https:\\\/\\\/vilight.vn\\\/website\\\/wp-content\\\/uploads\\\/2022\\\/05\\\/chieu_sang_trang_tri_do_thi_bang_den_led_pixel.png\",\"contentUrl\":\"https:\\\/\\\/vilight.vn\\\/website\\\/wp-content\\\/uploads\\\/2022\\\/05\\\/chieu_sang_trang_tri_do_thi_bang_den_led_pixel.png\",\"width\":800,\"height\":427,\"caption\":\"Vilight\"},\"image\":{\"@id\":\"https:\\\/\\\/vilight.vn\\\/website\\\/#\\\/schema\\\/logo\\\/image\\\/\"},\"sameAs\":[\"http:\\\/\\\/facebook.com\\\/vilight.vn\",\"https:\\\/\\\/www.linkedin.com\\\/company\\\/vilight-vn\",\"https:\\\/\\\/www.youtube.com\\\/channel\\\/UCEwR2naeDcuarMX1kSv_rLQ\\\/videos\"]}]}<\/script>\n<meta property=\"product:brand\" content=\"\u0110\u00e8n chi\u1ebfu s\u00e1ng Facade\" \/>\n<meta property=\"product:price:currency\" content=\"VND\" \/>\n<meta property=\"og:availability\" content=\"instock\" \/>\n<meta property=\"product:availability\" content=\"instock\" \/>\n<meta property=\"product:condition\" content=\"new\" \/>\n<!-- \/ Yoast SEO Premium plugin. -->","yoast_head_json":{"title":"\u0110\u00e8n \u00e2m \u0111\u1ea5t VL-Vi01 - Vilight Co.ltd","description":"\u0110\u00e8n \u00e2m \u0111\u1ea5t VL-Vi01 l\u00e0m t\u1eeb INOX SS316L v\u00e0 k\u00ednh c\u01b0\u1eddng l\u1ef1c, v\u1ecf \u0111\u00e8n b\u1eb1ng nh\u1ef1a ABS ch\u1ed1ng ch\u00e1y.S\u1eed d\u1ee5ng chip LED CREE\/OSRAM \u0111\u1ed9 k\u00edn IP68, \u0111\u1ed9 c\u1ee9ng IK10","robots":{"index":"index","follow":"follow","max-snippet":"max-snippet:-1","max-image-preview":"max-image-preview:large","max-video-preview":"max-video-preview:-1"},"canonical":"https:\/\/vilight.vn\/website\/san-pham\/den-chieu-sang-facade\/den-am-dat\/den-am-dat-vl-vi01\/","og_locale":"vi_VN","og_type":"article","og_title":"\u0110\u00e8n \u00e2m \u0111\u1ea5t VL-Vi01","og_description":"\u0110\u00e8n \u00e2m \u0111\u1ea5t VL-Vi01 - S\u1ef1 k\u1ebft h\u1ee3p ho\u00e0n h\u1ea3o gi\u1eefa thi\u1ebft k\u1ebf hi\u1ec7n \u0111\u1ea1i, \u0111\u1ed9 b\u1ec1n cao v\u00e0 kh\u1ea3 n\u0103ng ch\u1ed1ng n\u01b0\u1edbc IP68. V\u1edbi v\u1ecf \u0111\u00e8n ch\u1ed1ng ch\u00e1y, chip LED CREE\/OSRAM v\u00e0 \u0111\u1ed9 c\u1ee9ng IK10, \u0111\u00e8n Vi01 l\u00e0 l\u1ef1a ch\u1ecdn ho\u00e0n h\u1ea3o cho chi\u1ebfu s\u00e1ng ngo\u1ea1i th\u1ea5t.","og_url":"https:\/\/vilight.vn\/website\/san-pham\/den-chieu-sang-facade\/den-am-dat\/den-am-dat-vl-vi01\/","og_site_name":"Vilight Co.ltd","article_publisher":"http:\/\/facebook.com\/vilight.vn","article_modified_time":"2023-08-22T03:36:35+00:00","og_image":[{"width":600,"height":600,"url":"https:\/\/vilight.vn\/website\/wp-content\/uploads\/2021\/06\/VL01-Logo.jpg","type":"image\/jpeg"}],"twitter_card":"summary_large_image","twitter_misc":{"Gi\u00e1":"","Kh\u1ea3 d\u1ee5ng":"Trong kho"},"schema":{"@context":"https:\/\/schema.org","@graph":[{"@type":"WebPage","@id":"https:\/\/vilight.vn\/website\/san-pham\/den-chieu-sang-facade\/den-am-dat\/den-am-dat-vl-vi01\/","url":"https:\/\/vilight.vn\/website\/san-pham\/den-chieu-sang-facade\/den-am-dat\/den-am-dat-vl-vi01\/","name":"\u0110\u00e8n \u00e2m \u0111\u1ea5t VL-Vi01 - Vilight Co.ltd","isPartOf":{"@id":"https:\/\/vilight.vn\/website\/#website"},"primaryImageOfPage":{"@id":"https:\/\/vilight.vn\/website\/san-pham\/den-chieu-sang-facade\/den-am-dat\/den-am-dat-vl-vi01\/#primaryimage"},"image":{"@id":"https:\/\/vilight.vn\/website\/san-pham\/den-chieu-sang-facade\/den-am-dat\/den-am-dat-vl-vi01\/#primaryimage"},"thumbnailUrl":"https:\/\/vilight.vn\/website\/wp-content\/uploads\/2021\/06\/VL01-Logo.jpg","datePublished":"2021-06-30T10:04:05+00:00","dateModified":"2023-08-22T03:36:35+00:00","description":"\u0110\u00e8n \u00e2m \u0111\u1ea5t VL-Vi01 l\u00e0m t\u1eeb INOX SS316L v\u00e0 k\u00ednh c\u01b0\u1eddng l\u1ef1c, v\u1ecf \u0111\u00e8n b\u1eb1ng nh\u1ef1a ABS ch\u1ed1ng ch\u00e1y.S\u1eed d\u1ee5ng chip LED CREE\/OSRAM \u0111\u1ed9 k\u00edn IP68, \u0111\u1ed9 c\u1ee9ng IK10","breadcrumb":{"@id":"https:\/\/vilight.vn\/website\/san-pham\/den-chieu-sang-facade\/den-am-dat\/den-am-dat-vl-vi01\/#breadcrumb"},"inLanguage":"vi","potentialAction":[{"@type":"ReadAction","target":["https:\/\/vilight.vn\/website\/san-pham\/den-chieu-sang-facade\/den-am-dat\/den-am-dat-vl-vi01\/"]}]},{"@type":"ImageObject","inLanguage":"vi","@id":"https:\/\/vilight.vn\/website\/san-pham\/den-chieu-sang-facade\/den-am-dat\/den-am-dat-vl-vi01\/#primaryimage","url":"https:\/\/vilight.vn\/website\/wp-content\/uploads\/2021\/06\/VL01-Logo.jpg","contentUrl":"https:\/\/vilight.vn\/website\/wp-content\/uploads\/2021\/06\/VL01-Logo.jpg","width":600,"height":600,"caption":"\u0110\u00e8n \u00e2m \u0111\u1ea5t VL-Vi01"},{"@type":"BreadcrumbList","@id":"https:\/\/vilight.vn\/website\/san-pham\/den-chieu-sang-facade\/den-am-dat\/den-am-dat-vl-vi01\/#breadcrumb","itemListElement":[{"@type":"ListItem","position":1,"name":"Home","item":"https:\/\/vilight.vn\/website\/"},{"@type":"ListItem","position":2,"name":"store","item":"https:\/\/vilight.vn\/website\/store\/"},{"@type":"ListItem","position":3,"name":"\u0110\u00e8n \u00e2m \u0111\u1ea5t VL-Vi01"}]},{"@type":"WebSite","@id":"https:\/\/vilight.vn\/website\/#website","url":"https:\/\/vilight.vn\/website\/","name":"Vilight Co.ltd","description":"Chi\u1ebfu s\u00e1ng m\u1ef9 thu\u1eadt, chi\u1ebfu s\u00e1ng th\u00f4ng minh, LED Pixel 3D, chi\u1ebfu s\u00e1ng trang tr\u00ed \u0111\u00f4 th\u1ecb, chi\u1ebfu s\u00e1ng v\u00f2ng xoay, chi\u1ebfu s\u00e1ng \u0111\u1ea3o giao th\u00f4ng, c\u1ed5ng ch\u00e0o \u0111\u00f4 th\u1ecb","publisher":{"@id":"https:\/\/vilight.vn\/website\/#organization"},"potentialAction":[{"@type":"SearchAction","target":{"@type":"EntryPoint","urlTemplate":"https:\/\/vilight.vn\/website\/?s={search_term_string}"},"query-input":{"@type":"PropertyValueSpecification","valueRequired":true,"valueName":"search_term_string"}}],"inLanguage":"vi"},{"@type":"Organization","@id":"https:\/\/vilight.vn\/website\/#organization","name":"Vilight","url":"https:\/\/vilight.vn\/website\/","logo":{"@type":"ImageObject","inLanguage":"vi","@id":"https:\/\/vilight.vn\/website\/#\/schema\/logo\/image\/","url":"https:\/\/vilight.vn\/website\/wp-content\/uploads\/2022\/05\/chieu_sang_trang_tri_do_thi_bang_den_led_pixel.png","contentUrl":"https:\/\/vilight.vn\/website\/wp-content\/uploads\/2022\/05\/chieu_sang_trang_tri_do_thi_bang_den_led_pixel.png","width":800,"height":427,"caption":"Vilight"},"image":{"@id":"https:\/\/vilight.vn\/website\/#\/schema\/logo\/image\/"},"sameAs":["http:\/\/facebook.com\/vilight.vn","https:\/\/www.linkedin.com\/company\/vilight-vn","https:\/\/www.youtube.com\/channel\/UCEwR2naeDcuarMX1kSv_rLQ\/videos"]}]},"product_brand":"\u0110\u00e8n chi\u1ebfu s\u00e1ng Facade","product_price_currency":"VND","og_availability":"instock","product_availability":"instock","product_condition":"new"},"_links":{"self":[{"href":"https:\/\/vilight.vn\/website\/wp-json\/wp\/v2\/product\/1681","targetHints":{"allow":["GET"]}}],"collection":[{"href":"https:\/\/vilight.vn\/website\/wp-json\/wp\/v2\/product"}],"about":[{"href":"https:\/\/vilight.vn\/website\/wp-json\/wp\/v2\/types\/product"}],"wp:featuredmedia":[{"embeddable":true,"href":"https:\/\/vilight.vn\/website\/wp-json\/wp\/v2\/media\/1683"}],"wp:attachment":[{"href":"https:\/\/vilight.vn\/website\/wp-json\/wp\/v2\/media?parent=1681"}],"wp:term":[{"taxonomy":"product_brand","embeddable":true,"href":"https:\/\/vilight.vn\/website\/wp-json\/wp\/v2\/product_brand?post=1681"},{"taxonomy":"product_cat","embeddable":true,"href":"https:\/\/vilight.vn\/website\/wp-json\/wp\/v2\/product_cat?post=1681"},{"taxonomy":"product_tag","embeddable":true,"href":"https:\/\/vilight.vn\/website\/wp-json\/wp\/v2\/product_tag?post=1681"}],"curies":[{"name":"wp","href":"https:\/\/api.w.org\/{rel}","templated":true}]}}