{"id":1690,"date":"2021-06-30T17:06:05","date_gmt":"2021-06-30T10:06:05","guid":{"rendered":"https:\/\/vilight.vn\/website\/?post_type=product&#038;p=1690"},"modified":"2023-08-22T10:36:12","modified_gmt":"2023-08-22T03:36:12","slug":"den-am-dat-vl-vi04","status":"publish","type":"product","link":"https:\/\/vilight.vn\/website\/san-pham\/den-chieu-sang-facade\/den-am-dat-vl-vi04\/","title":{"rendered":"\u0110\u00e8n \u00e2m \u0111\u1ea5t VL-Vi04"},"content":{"rendered":"<h2 style=\"text-align: justify;\"><span style=\"font-size: 18pt;\">\u0110\u00e8n \u00e2m \u0111\u1ea5t VL-Vi04 c\u00f3 c\u00e1c \u0111\u1eb7c \u0111i\u1ec3m sau:<\/span><\/h2>\n<p style=\"text-align: justify;\"><span style=\"font-size: 14pt;\">1. Thi\u1ebft k\u1ebf nh\u1ecf g\u1ecdn: \u0110\u00e8n \u00e2m \u0111\u1ea5t VL-Vi04 \u0111\u01b0\u1ee3c thi\u1ebft k\u1ebf nh\u1ecf g\u1ecdn, gi\u00fap d\u1ec5 d\u00e0ng l\u1eafp \u0111\u1eb7t v\u00e0 t\u1ea1o \u0111i\u1ec3m nh\u1ea5n trong kh\u00f4ng gian.<\/span><\/p>\n<p style=\"text-align: justify;\"><span style=\"font-size: 14pt;\">2. S\u1eed d\u1ee5ng chip LED OSRAM\/CREE: \u0110\u00e8n n\u00e0y s\u1eed d\u1ee5ng chip LED t\u1eeb c\u00e1c th\u01b0\u01a1ng hi\u1ec7u n\u1ed5i ti\u1ebfng nh\u01b0 OSRAM ho\u1eb7c CREE. C\u00e1c chip LED n\u00e0y \u0111\u1ea3m b\u1ea3o \u00e1nh s\u00e1ng ch\u1ea5t l\u01b0\u1ee3ng cao, ti\u1ebft ki\u1ec7m n\u0103ng l\u01b0\u1ee3ng v\u00e0 tu\u1ed5i th\u1ecd d\u00e0i.<\/span><\/p>\n<p style=\"text-align: justify;\"><span style=\"font-size: 14pt;\">3. V\u1eadt li\u1ec7u ch\u1ebf t\u1ea1o: B\u1ec1 m\u1eb7t b\u1ed9 \u0111\u00e8n \u0111\u01b0\u1ee3c l\u00e0m t\u1eeb INOX SS316L v\u00e0 k\u00ednh c\u01b0\u1eddng l\u1ef1c. INOX SS316L l\u00e0 lo\u1ea1i th\u00e9p kh\u00f4ng g\u1ec9 ch\u1ecbu \u0111\u01b0\u1ee3c \u0103n m\u00f2n, c\u00f3 \u0111\u1ed9 b\u1ec1n cao v\u00e0 kh\u1ea3 n\u0103ng ch\u1ecbu nhi\u1ec7t t\u1ed1t. K\u00ednh c\u01b0\u1eddng l\u1ef1c gi\u00fap b\u1ea3o v\u1ec7 \u0111\u00e8n kh\u1ecfi va \u0111\u1eadp v\u00e0 t\u00e1c \u0111\u1ed9ng b\u00ean ngo\u00e0i.<\/span><\/p>\n<p style=\"text-align: justify;\"><span style=\"font-size: 14pt;\">4. V\u1ecf \u0111\u00e8n ch\u1ed1ng ch\u00e1y: V\u1ecf \u0111\u00e8n \u0111\u01b0\u1ee3c l\u00e0m b\u1eb1ng nh\u1ef1a ABS ch\u1ed1ng ch\u00e1y, \u0111\u1ea3m b\u1ea3o an to\u00e0n khi s\u1eed d\u1ee5ng.<\/span><\/p>\n<p style=\"text-align: justify;\"><span style=\"font-size: 14pt;\">5. \u0110\u1ed9 k\u00edn IP68: \u0110\u00e8n \u00e2m \u0111\u1ea5t VL-Vi04 \u0111\u1ea1t ti\u00eau chu\u1ea9n \u0111\u1ed9 k\u00edn IP68, c\u00f3 kh\u1ea3 n\u0103ng ch\u1ed1ng n\u01b0\u1edbc v\u00e0 b\u1ee5i b\u1ea9n. \u0110i\u1ec1u n\u00e0y cho ph\u00e9p \u0111\u00e8n ho\u1ea1t \u0111\u1ed9ng t\u1ed1t trong c\u00e1c m\u00f4i tr\u01b0\u1eddng th\u01b0\u1eddng xuy\u00ean ng\u1eadp n\u01b0\u1edbc.<\/span><\/p>\n<p style=\"text-align: justify;\"><span style=\"font-size: 14pt;\">6. \u0110\u1ed9 c\u1ee9ng IK10: \u0110\u00e8n c\u00f3 \u0111\u1ed9 c\u1ee9ng IK10, t\u1ee9c l\u00e0 kh\u1ea3 n\u0103ng ch\u1ecbu va \u0111\u1eadp cao. \u0110i\u1ec1u n\u00e0y \u0111\u1ea3m b\u1ea3o \u0111\u00e8n c\u00f3 kh\u1ea3 n\u0103ng ch\u1ecbu \u0111\u01b0\u1ee3c t\u00e1c \u0111\u1ed9ng v\u1eadt l\u00fd m\u1ea1nh m\u00e0 kh\u00f4ng b\u1ecb h\u1ecfng.<\/span><\/p>\n<p style=\"text-align: justify;\"><span style=\"font-size: 14pt;\">T\u00f3m l\u1ea1i, \u0111\u00e8n \u00e2m \u0111\u1ea5t VL-Vi04 c\u00f3 thi\u1ebft k\u1ebf nh\u1ecf g\u1ecdn, s\u1eed d\u1ee5ng chip LED ch\u1ea5t l\u01b0\u1ee3ng cao, v\u00e0 \u0111\u01b0\u1ee3c l\u00e0m t\u1eeb v\u1eadt li\u1ec7u b\u1ec1n b\u1ec9 nh\u01b0 INOX SS316L, k\u00ednh c\u01b0\u1eddng l\u1ef1c v\u00e0 nh\u1ef1a ABS ch\u1ed1ng ch\u00e1y. \u0110\u1eb7c bi\u1ec7t, \u0111\u00e8n n\u00e0y c\u00f3 kh\u1ea3 n\u0103ng ch\u1ed1ng n\u01b0\u1edbc, ch\u1ed1ng va \u0111\u1eadp, ph\u00f9 h\u1ee3p v\u1edbi vi\u1ec7c s\u1eed d\u1ee5ng trong m\u00f4i tr\u01b0\u1eddng ng\u1eadp n\u01b0\u1edbc.<\/span><\/p>\n<p style=\"text-align: justify;\"><span style=\"font-size: 14pt;\"><a href=\"https:\/\/vilight.vn\/website\/wp-content\/uploads\/2021\/06\/VL04.jpg\"><img decoding=\"async\" class=\"aligncenter wp-image-1692 lazyload\" data-src=\"https:\/\/vilight.vn\/website\/wp-content\/uploads\/2021\/06\/VL04.jpg\" alt=\"\u0110\u00e8n \u00e2m \u0111\u1ea5t VL-Vi04\" width=\"1500\" height=\"938\" data-srcset=\"https:\/\/vilight.vn\/website\/wp-content\/uploads\/2021\/06\/VL04.jpg 1200w, https:\/\/vilight.vn\/website\/wp-content\/uploads\/2021\/06\/VL04-800x500.jpg 800w, https:\/\/vilight.vn\/website\/wp-content\/uploads\/2021\/06\/VL04-300x188.jpg 300w, https:\/\/vilight.vn\/website\/wp-content\/uploads\/2021\/06\/VL04-1024x640.jpg 1024w, https:\/\/vilight.vn\/website\/wp-content\/uploads\/2021\/06\/VL04-768x480.jpg 768w, https:\/\/vilight.vn\/website\/wp-content\/uploads\/2021\/06\/VL04-16x10.jpg 16w, https:\/\/vilight.vn\/website\/wp-content\/uploads\/2021\/06\/VL04-234x146.jpg 234w, https:\/\/vilight.vn\/website\/wp-content\/uploads\/2021\/06\/VL04-50x31.jpg 50w, https:\/\/vilight.vn\/website\/wp-content\/uploads\/2021\/06\/VL04-120x75.jpg 120w, https:\/\/vilight.vn\/website\/wp-content\/uploads\/2021\/06\/VL04-600x375.jpg 600w\" data-sizes=\"(max-width:767px) 480px, (max-width:1500px) 100vw, 1500px\" src=\"data:image\/svg+xml;base64,PHN2ZyB3aWR0aD0iMSIgaGVpZ2h0PSIxIiB4bWxucz0iaHR0cDovL3d3dy53My5vcmcvMjAwMC9zdmciPjwvc3ZnPg==\" style=\"--smush-placeholder-width: 1500px; --smush-placeholder-aspect-ratio: 1500\/938;\" \/><\/a><\/span><\/p>\n<p style=\"text-align: justify;\">\n","protected":false},"excerpt":{"rendered":"<p style=\"text-align: justify;\"><span style=\"font-size: 14pt;\">\u0110\u00e8n \u00e2m \u0111\u1ea5t VL-Vi04, thi\u1ebft k\u1ebf nh\u1ecf g\u1ecdn, s\u1eed d\u1ee5ng chip LED OSRAM\/CREE, v\u1eadt li\u1ec7u b\u1ec1n b\u1ec9 INOX SS316L v\u00e0 k\u00ednh c\u01b0\u1eddng l\u1ef1c. \u0110\u1ed9 k\u00edn IP68, \u0111\u1ed9 c\u1ee9ng IK10, ho\u1ea1t \u0111\u1ed9ng t\u1ed1t trong m\u00f4i tr\u01b0\u1eddng ng\u1eadp n\u01b0\u1edbc.<\/span><\/p>\n","protected":false},"featured_media":1691,"template":"","meta":[],"product_brand":[],"product_cat":[73],"product_tag":[],"class_list":{"0":"post-1690","1":"product","2":"type-product","3":"status-publish","4":"has-post-thumbnail","6":"product_cat-den-chieu-sang-facade","7":"pa_chip-led-cree","8":"pa_chip-led-oram","9":"pa_chuan-dieu-khien-dmx512","10":"pa_chuan-dieu-khien-on-off","11":"pa_cong-suat-18w","12":"pa_dien-ap-hoat-dong-22vac","13":"pa_dien-ap-hoat-dong-24vdc","14":"pa_do-kin-ip68","15":"pa_goc-chieu-289","16":"pa_goc-chieu-233","17":"pa_goc-chieu-234","18":"pa_goc-chieu-280","20":"first","21":"instock","22":"taxable","23":"shipping-taxable","24":"product-type-simple"},"yoast_head":"<!-- This site is optimized with the Yoast SEO Premium plugin v27.4 (Yoast SEO v27.4) - https:\/\/yoast.com\/product\/yoast-seo-premium-wordpress\/ -->\n<title>\u0110\u00e8n \u00e2m \u0111\u1ea5t VL-Vi04 - Vilight Co.ltd<\/title>\n<meta name=\"description\" content=\"B\u1ed9 \u0111\u00e8n Vi4 d\u00f9ng chip OSRAM\/CREE, b\u1ec1 m\u1eb7t b\u1ed9 \u0111\u00e8n \u0111\u01b0\u1ee3c l\u00e0m t\u1eeb INOX SS316L v\u00e0 k\u00ednh c\u01b0\u1eddng l\u1ef1c, v\u1ecf \u0111\u00e8n b\u1eb1ng nh\u1ef1a ABS ch\u1ed1ng ch\u00e1y. IP68, \u0111\u1ed9 c\u1ee9ng IK10\" \/>\n<meta name=\"robots\" content=\"index, follow, max-snippet:-1, max-image-preview:large, max-video-preview:-1\" \/>\n<link rel=\"canonical\" href=\"https:\/\/vilight.vn\/website\/san-pham\/den-chieu-sang-facade\/den-am-dat\/den-am-dat-vl-vi04\/\" \/>\n<meta property=\"og:locale\" content=\"vi_VN\" \/>\n<meta property=\"og:type\" content=\"article\" \/>\n<meta property=\"og:title\" content=\"\u0110\u00e8n \u00e2m \u0111\u1ea5t VL-Vi04\" \/>\n<meta property=\"og:description\" content=\"\u0110\u00e8n \u00e2m \u0111\u1ea5t VL-Vi04, thi\u1ebft k\u1ebf nh\u1ecf g\u1ecdn, s\u1eed d\u1ee5ng chip LED OSRAM\/CREE, v\u1eadt li\u1ec7u b\u1ec1n b\u1ec9 INOX SS316L v\u00e0 k\u00ednh c\u01b0\u1eddng l\u1ef1c. \u0110\u1ed9 k\u00edn IP68, \u0111\u1ed9 c\u1ee9ng IK10, ho\u1ea1t \u0111\u1ed9ng t\u1ed1t trong m\u00f4i tr\u01b0\u1eddng ng\u1eadp n\u01b0\u1edbc.\" \/>\n<meta property=\"og:url\" content=\"https:\/\/vilight.vn\/website\/san-pham\/den-chieu-sang-facade\/den-am-dat\/den-am-dat-vl-vi04\/\" \/>\n<meta property=\"og:site_name\" content=\"Vilight Co.ltd\" \/>\n<meta property=\"article:publisher\" content=\"http:\/\/facebook.com\/vilight.vn\" \/>\n<meta property=\"article:modified_time\" content=\"2023-08-22T03:36:12+00:00\" \/>\n<meta property=\"og:image\" content=\"https:\/\/vilight.vn\/website\/wp-content\/uploads\/2021\/06\/VL04-Logo.jpg\" \/>\n\t<meta property=\"og:image:width\" content=\"600\" \/>\n\t<meta property=\"og:image:height\" content=\"600\" \/>\n\t<meta property=\"og:image:type\" content=\"image\/jpeg\" \/>\n<meta name=\"twitter:card\" content=\"summary_large_image\" \/>\n<meta name=\"twitter:label1\" content=\"Gi\u00e1\" \/>\n\t<meta name=\"twitter:data1\" content=\"\" \/>\n\t<meta name=\"twitter:label2\" content=\"Kh\u1ea3 d\u1ee5ng\" \/>\n\t<meta name=\"twitter:data2\" content=\"Trong kho\" \/>\n<script type=\"application\/ld+json\" class=\"yoast-schema-graph\">{\"@context\":\"https:\\\/\\\/schema.org\",\"@graph\":[{\"@type\":\"WebPage\",\"@id\":\"https:\\\/\\\/vilight.vn\\\/website\\\/san-pham\\\/den-chieu-sang-facade\\\/den-am-dat\\\/den-am-dat-vl-vi04\\\/\",\"url\":\"https:\\\/\\\/vilight.vn\\\/website\\\/san-pham\\\/den-chieu-sang-facade\\\/den-am-dat\\\/den-am-dat-vl-vi04\\\/\",\"name\":\"\u0110\u00e8n \u00e2m \u0111\u1ea5t VL-Vi04 - Vilight Co.ltd\",\"isPartOf\":{\"@id\":\"https:\\\/\\\/vilight.vn\\\/website\\\/#website\"},\"primaryImageOfPage\":{\"@id\":\"https:\\\/\\\/vilight.vn\\\/website\\\/san-pham\\\/den-chieu-sang-facade\\\/den-am-dat\\\/den-am-dat-vl-vi04\\\/#primaryimage\"},\"image\":{\"@id\":\"https:\\\/\\\/vilight.vn\\\/website\\\/san-pham\\\/den-chieu-sang-facade\\\/den-am-dat\\\/den-am-dat-vl-vi04\\\/#primaryimage\"},\"thumbnailUrl\":\"https:\\\/\\\/vilight.vn\\\/website\\\/wp-content\\\/uploads\\\/2021\\\/06\\\/VL04-Logo.jpg\",\"datePublished\":\"2021-06-30T10:06:05+00:00\",\"dateModified\":\"2023-08-22T03:36:12+00:00\",\"description\":\"B\u1ed9 \u0111\u00e8n Vi4 d\u00f9ng chip OSRAM\\\/CREE, b\u1ec1 m\u1eb7t b\u1ed9 \u0111\u00e8n \u0111\u01b0\u1ee3c l\u00e0m t\u1eeb INOX SS316L v\u00e0 k\u00ednh c\u01b0\u1eddng l\u1ef1c, v\u1ecf \u0111\u00e8n b\u1eb1ng nh\u1ef1a ABS ch\u1ed1ng ch\u00e1y. IP68, \u0111\u1ed9 c\u1ee9ng IK10\",\"breadcrumb\":{\"@id\":\"https:\\\/\\\/vilight.vn\\\/website\\\/san-pham\\\/den-chieu-sang-facade\\\/den-am-dat\\\/den-am-dat-vl-vi04\\\/#breadcrumb\"},\"inLanguage\":\"vi\",\"potentialAction\":[{\"@type\":\"ReadAction\",\"target\":[\"https:\\\/\\\/vilight.vn\\\/website\\\/san-pham\\\/den-chieu-sang-facade\\\/den-am-dat\\\/den-am-dat-vl-vi04\\\/\"]}]},{\"@type\":\"ImageObject\",\"inLanguage\":\"vi\",\"@id\":\"https:\\\/\\\/vilight.vn\\\/website\\\/san-pham\\\/den-chieu-sang-facade\\\/den-am-dat\\\/den-am-dat-vl-vi04\\\/#primaryimage\",\"url\":\"https:\\\/\\\/vilight.vn\\\/website\\\/wp-content\\\/uploads\\\/2021\\\/06\\\/VL04-Logo.jpg\",\"contentUrl\":\"https:\\\/\\\/vilight.vn\\\/website\\\/wp-content\\\/uploads\\\/2021\\\/06\\\/VL04-Logo.jpg\",\"width\":600,\"height\":600,\"caption\":\"\u0110\u00e8n \u00e2m \u0111\u1ea5t VL-Vi04\"},{\"@type\":\"BreadcrumbList\",\"@id\":\"https:\\\/\\\/vilight.vn\\\/website\\\/san-pham\\\/den-chieu-sang-facade\\\/den-am-dat\\\/den-am-dat-vl-vi04\\\/#breadcrumb\",\"itemListElement\":[{\"@type\":\"ListItem\",\"position\":1,\"name\":\"Home\",\"item\":\"https:\\\/\\\/vilight.vn\\\/website\\\/\"},{\"@type\":\"ListItem\",\"position\":2,\"name\":\"store\",\"item\":\"https:\\\/\\\/vilight.vn\\\/website\\\/store\\\/\"},{\"@type\":\"ListItem\",\"position\":3,\"name\":\"\u0110\u00e8n \u00e2m \u0111\u1ea5t VL-Vi04\"}]},{\"@type\":\"WebSite\",\"@id\":\"https:\\\/\\\/vilight.vn\\\/website\\\/#website\",\"url\":\"https:\\\/\\\/vilight.vn\\\/website\\\/\",\"name\":\"Vilight Co.ltd\",\"description\":\"Chi\u1ebfu s\u00e1ng m\u1ef9 thu\u1eadt, chi\u1ebfu s\u00e1ng th\u00f4ng minh, LED Pixel 3D, chi\u1ebfu s\u00e1ng trang tr\u00ed \u0111\u00f4 th\u1ecb, chi\u1ebfu s\u00e1ng v\u00f2ng xoay, chi\u1ebfu s\u00e1ng \u0111\u1ea3o giao th\u00f4ng, c\u1ed5ng ch\u00e0o \u0111\u00f4 th\u1ecb\",\"publisher\":{\"@id\":\"https:\\\/\\\/vilight.vn\\\/website\\\/#organization\"},\"potentialAction\":[{\"@type\":\"SearchAction\",\"target\":{\"@type\":\"EntryPoint\",\"urlTemplate\":\"https:\\\/\\\/vilight.vn\\\/website\\\/?s={search_term_string}\"},\"query-input\":{\"@type\":\"PropertyValueSpecification\",\"valueRequired\":true,\"valueName\":\"search_term_string\"}}],\"inLanguage\":\"vi\"},{\"@type\":\"Organization\",\"@id\":\"https:\\\/\\\/vilight.vn\\\/website\\\/#organization\",\"name\":\"Vilight\",\"url\":\"https:\\\/\\\/vilight.vn\\\/website\\\/\",\"logo\":{\"@type\":\"ImageObject\",\"inLanguage\":\"vi\",\"@id\":\"https:\\\/\\\/vilight.vn\\\/website\\\/#\\\/schema\\\/logo\\\/image\\\/\",\"url\":\"https:\\\/\\\/vilight.vn\\\/website\\\/wp-content\\\/uploads\\\/2022\\\/05\\\/chieu_sang_trang_tri_do_thi_bang_den_led_pixel.png\",\"contentUrl\":\"https:\\\/\\\/vilight.vn\\\/website\\\/wp-content\\\/uploads\\\/2022\\\/05\\\/chieu_sang_trang_tri_do_thi_bang_den_led_pixel.png\",\"width\":800,\"height\":427,\"caption\":\"Vilight\"},\"image\":{\"@id\":\"https:\\\/\\\/vilight.vn\\\/website\\\/#\\\/schema\\\/logo\\\/image\\\/\"},\"sameAs\":[\"http:\\\/\\\/facebook.com\\\/vilight.vn\",\"https:\\\/\\\/www.linkedin.com\\\/company\\\/vilight-vn\",\"https:\\\/\\\/www.youtube.com\\\/channel\\\/UCEwR2naeDcuarMX1kSv_rLQ\\\/videos\"]}]}<\/script>\n<meta property=\"product:brand\" content=\"\u0110\u00e8n chi\u1ebfu s\u00e1ng Facade\" \/>\n<meta property=\"product:price:currency\" content=\"VND\" \/>\n<meta property=\"og:availability\" content=\"instock\" \/>\n<meta property=\"product:availability\" content=\"instock\" \/>\n<meta property=\"product:condition\" content=\"new\" \/>\n<!-- \/ Yoast SEO Premium plugin. -->","yoast_head_json":{"title":"\u0110\u00e8n \u00e2m \u0111\u1ea5t VL-Vi04 - Vilight Co.ltd","description":"B\u1ed9 \u0111\u00e8n Vi4 d\u00f9ng chip OSRAM\/CREE, b\u1ec1 m\u1eb7t b\u1ed9 \u0111\u00e8n \u0111\u01b0\u1ee3c l\u00e0m t\u1eeb INOX SS316L v\u00e0 k\u00ednh c\u01b0\u1eddng l\u1ef1c, v\u1ecf \u0111\u00e8n b\u1eb1ng nh\u1ef1a ABS ch\u1ed1ng ch\u00e1y. IP68, \u0111\u1ed9 c\u1ee9ng IK10","robots":{"index":"index","follow":"follow","max-snippet":"max-snippet:-1","max-image-preview":"max-image-preview:large","max-video-preview":"max-video-preview:-1"},"canonical":"https:\/\/vilight.vn\/website\/san-pham\/den-chieu-sang-facade\/den-am-dat\/den-am-dat-vl-vi04\/","og_locale":"vi_VN","og_type":"article","og_title":"\u0110\u00e8n \u00e2m \u0111\u1ea5t VL-Vi04","og_description":"\u0110\u00e8n \u00e2m \u0111\u1ea5t VL-Vi04, thi\u1ebft k\u1ebf nh\u1ecf g\u1ecdn, s\u1eed d\u1ee5ng chip LED OSRAM\/CREE, v\u1eadt li\u1ec7u b\u1ec1n b\u1ec9 INOX SS316L v\u00e0 k\u00ednh c\u01b0\u1eddng l\u1ef1c. \u0110\u1ed9 k\u00edn IP68, \u0111\u1ed9 c\u1ee9ng IK10, ho\u1ea1t \u0111\u1ed9ng t\u1ed1t trong m\u00f4i tr\u01b0\u1eddng ng\u1eadp n\u01b0\u1edbc.","og_url":"https:\/\/vilight.vn\/website\/san-pham\/den-chieu-sang-facade\/den-am-dat\/den-am-dat-vl-vi04\/","og_site_name":"Vilight Co.ltd","article_publisher":"http:\/\/facebook.com\/vilight.vn","article_modified_time":"2023-08-22T03:36:12+00:00","og_image":[{"width":600,"height":600,"url":"https:\/\/vilight.vn\/website\/wp-content\/uploads\/2021\/06\/VL04-Logo.jpg","type":"image\/jpeg"}],"twitter_card":"summary_large_image","twitter_misc":{"Gi\u00e1":"","Kh\u1ea3 d\u1ee5ng":"Trong kho"},"schema":{"@context":"https:\/\/schema.org","@graph":[{"@type":"WebPage","@id":"https:\/\/vilight.vn\/website\/san-pham\/den-chieu-sang-facade\/den-am-dat\/den-am-dat-vl-vi04\/","url":"https:\/\/vilight.vn\/website\/san-pham\/den-chieu-sang-facade\/den-am-dat\/den-am-dat-vl-vi04\/","name":"\u0110\u00e8n \u00e2m \u0111\u1ea5t VL-Vi04 - Vilight Co.ltd","isPartOf":{"@id":"https:\/\/vilight.vn\/website\/#website"},"primaryImageOfPage":{"@id":"https:\/\/vilight.vn\/website\/san-pham\/den-chieu-sang-facade\/den-am-dat\/den-am-dat-vl-vi04\/#primaryimage"},"image":{"@id":"https:\/\/vilight.vn\/website\/san-pham\/den-chieu-sang-facade\/den-am-dat\/den-am-dat-vl-vi04\/#primaryimage"},"thumbnailUrl":"https:\/\/vilight.vn\/website\/wp-content\/uploads\/2021\/06\/VL04-Logo.jpg","datePublished":"2021-06-30T10:06:05+00:00","dateModified":"2023-08-22T03:36:12+00:00","description":"B\u1ed9 \u0111\u00e8n Vi4 d\u00f9ng chip OSRAM\/CREE, b\u1ec1 m\u1eb7t b\u1ed9 \u0111\u00e8n \u0111\u01b0\u1ee3c l\u00e0m t\u1eeb INOX SS316L v\u00e0 k\u00ednh c\u01b0\u1eddng l\u1ef1c, v\u1ecf \u0111\u00e8n b\u1eb1ng nh\u1ef1a ABS ch\u1ed1ng ch\u00e1y. IP68, \u0111\u1ed9 c\u1ee9ng IK10","breadcrumb":{"@id":"https:\/\/vilight.vn\/website\/san-pham\/den-chieu-sang-facade\/den-am-dat\/den-am-dat-vl-vi04\/#breadcrumb"},"inLanguage":"vi","potentialAction":[{"@type":"ReadAction","target":["https:\/\/vilight.vn\/website\/san-pham\/den-chieu-sang-facade\/den-am-dat\/den-am-dat-vl-vi04\/"]}]},{"@type":"ImageObject","inLanguage":"vi","@id":"https:\/\/vilight.vn\/website\/san-pham\/den-chieu-sang-facade\/den-am-dat\/den-am-dat-vl-vi04\/#primaryimage","url":"https:\/\/vilight.vn\/website\/wp-content\/uploads\/2021\/06\/VL04-Logo.jpg","contentUrl":"https:\/\/vilight.vn\/website\/wp-content\/uploads\/2021\/06\/VL04-Logo.jpg","width":600,"height":600,"caption":"\u0110\u00e8n \u00e2m \u0111\u1ea5t VL-Vi04"},{"@type":"BreadcrumbList","@id":"https:\/\/vilight.vn\/website\/san-pham\/den-chieu-sang-facade\/den-am-dat\/den-am-dat-vl-vi04\/#breadcrumb","itemListElement":[{"@type":"ListItem","position":1,"name":"Home","item":"https:\/\/vilight.vn\/website\/"},{"@type":"ListItem","position":2,"name":"store","item":"https:\/\/vilight.vn\/website\/store\/"},{"@type":"ListItem","position":3,"name":"\u0110\u00e8n \u00e2m \u0111\u1ea5t VL-Vi04"}]},{"@type":"WebSite","@id":"https:\/\/vilight.vn\/website\/#website","url":"https:\/\/vilight.vn\/website\/","name":"Vilight Co.ltd","description":"Chi\u1ebfu s\u00e1ng m\u1ef9 thu\u1eadt, chi\u1ebfu s\u00e1ng th\u00f4ng minh, LED Pixel 3D, chi\u1ebfu s\u00e1ng trang tr\u00ed \u0111\u00f4 th\u1ecb, chi\u1ebfu s\u00e1ng v\u00f2ng xoay, chi\u1ebfu s\u00e1ng \u0111\u1ea3o giao th\u00f4ng, c\u1ed5ng ch\u00e0o \u0111\u00f4 th\u1ecb","publisher":{"@id":"https:\/\/vilight.vn\/website\/#organization"},"potentialAction":[{"@type":"SearchAction","target":{"@type":"EntryPoint","urlTemplate":"https:\/\/vilight.vn\/website\/?s={search_term_string}"},"query-input":{"@type":"PropertyValueSpecification","valueRequired":true,"valueName":"search_term_string"}}],"inLanguage":"vi"},{"@type":"Organization","@id":"https:\/\/vilight.vn\/website\/#organization","name":"Vilight","url":"https:\/\/vilight.vn\/website\/","logo":{"@type":"ImageObject","inLanguage":"vi","@id":"https:\/\/vilight.vn\/website\/#\/schema\/logo\/image\/","url":"https:\/\/vilight.vn\/website\/wp-content\/uploads\/2022\/05\/chieu_sang_trang_tri_do_thi_bang_den_led_pixel.png","contentUrl":"https:\/\/vilight.vn\/website\/wp-content\/uploads\/2022\/05\/chieu_sang_trang_tri_do_thi_bang_den_led_pixel.png","width":800,"height":427,"caption":"Vilight"},"image":{"@id":"https:\/\/vilight.vn\/website\/#\/schema\/logo\/image\/"},"sameAs":["http:\/\/facebook.com\/vilight.vn","https:\/\/www.linkedin.com\/company\/vilight-vn","https:\/\/www.youtube.com\/channel\/UCEwR2naeDcuarMX1kSv_rLQ\/videos"]}]},"product_brand":"\u0110\u00e8n chi\u1ebfu s\u00e1ng Facade","product_price_currency":"VND","og_availability":"instock","product_availability":"instock","product_condition":"new"},"_links":{"self":[{"href":"https:\/\/vilight.vn\/website\/wp-json\/wp\/v2\/product\/1690","targetHints":{"allow":["GET"]}}],"collection":[{"href":"https:\/\/vilight.vn\/website\/wp-json\/wp\/v2\/product"}],"about":[{"href":"https:\/\/vilight.vn\/website\/wp-json\/wp\/v2\/types\/product"}],"wp:featuredmedia":[{"embeddable":true,"href":"https:\/\/vilight.vn\/website\/wp-json\/wp\/v2\/media\/1691"}],"wp:attachment":[{"href":"https:\/\/vilight.vn\/website\/wp-json\/wp\/v2\/media?parent=1690"}],"wp:term":[{"taxonomy":"product_brand","embeddable":true,"href":"https:\/\/vilight.vn\/website\/wp-json\/wp\/v2\/product_brand?post=1690"},{"taxonomy":"product_cat","embeddable":true,"href":"https:\/\/vilight.vn\/website\/wp-json\/wp\/v2\/product_cat?post=1690"},{"taxonomy":"product_tag","embeddable":true,"href":"https:\/\/vilight.vn\/website\/wp-json\/wp\/v2\/product_tag?post=1690"}],"curies":[{"name":"wp","href":"https:\/\/api.w.org\/{rel}","templated":true}]}}