{"id":1696,"date":"2021-06-30T17:07:52","date_gmt":"2021-06-30T10:07:52","guid":{"rendered":"https:\/\/vilight.vn\/website\/?post_type=product&#038;p=1696"},"modified":"2023-08-22T10:36:05","modified_gmt":"2023-08-22T03:36:05","slug":"den-am-dat-vl-vi06","status":"publish","type":"product","link":"https:\/\/vilight.vn\/website\/san-pham\/den-chieu-sang-facade\/den-am-dat-vl-vi06\/","title":{"rendered":"\u0110\u00e8n \u00e2m \u0111\u1ea5t VL-Vi06"},"content":{"rendered":"<h2 style=\"text-align: justify;\"><span style=\"font-size: 18pt;\">\u0110\u00e8n \u00e2m \u0111\u1ea5t VL-Vi06 l\u00e0 m\u1ed9t s\u1ea3n ph\u1ea9m \u0111\u01b0\u1ee3c thi\u1ebft k\u1ebf nh\u1ecf g\u1ecdn v\u00e0 c\u00f3 nhi\u1ec1u t\u00ednh n\u0103ng \u01b0u vi\u1ec7t.<\/span><\/h2>\n<p style=\"text-align: justify;\"><span style=\"font-size: 14pt;\">1. Chip LED: \u0110\u00e8n \u00e2m \u0111\u1ea5t VL-Vi06 s\u1eed d\u1ee5ng chip LED c\u1ee7a c\u00e1c th\u01b0\u01a1ng hi\u1ec7u n\u1ed5i ti\u1ebfng nh\u01b0 OSRAM ho\u1eb7c CREE. C\u00e1c chip LED n\u00e0y c\u00f3 hi\u1ec7u su\u1ea5t cao v\u00e0 \u0111\u1ed9 b\u1ec1n t\u1ed1t, gi\u00fap \u0111\u00e8n c\u00f3 tu\u1ed5i th\u1ecd l\u00e2u d\u00e0i v\u00e0 ti\u1ebft ki\u1ec7m n\u0103ng l\u01b0\u1ee3ng.<\/span><\/p>\n<p style=\"text-align: justify;\"><span style=\"font-size: 14pt;\">2. V\u1eadt li\u1ec7u: B\u1ec1 m\u1eb7t b\u1ed9 \u0111\u00e8n \u0111\u01b0\u1ee3c l\u00e0m t\u1eeb INOX SS316L, m\u1ed9t lo\u1ea1i th\u00e9p kh\u00f4ng g\u1ec9 ch\u1ecbu \u0111\u01b0\u1ee3c t\u00e1c \u0111\u1ed9ng c\u1ee7a m\u00f4i tr\u01b0\u1eddng \u1ea9m \u01b0\u1edbt v\u00e0 h\u00f3a ch\u1ea5t. K\u00ednh b\u1ea3o v\u1ec7 \u0111\u00e8n l\u00e0 k\u00ednh c\u01b0\u1eddng l\u1ef1c, gi\u00fap t\u0103ng \u0111\u1ed9 b\u1ec1n v\u00e0 \u0111\u1ed9 an to\u00e0n cho \u0111\u00e8n. V\u1ecf \u0111\u00e8n \u0111\u01b0\u1ee3c l\u00e0m t\u1eeb nh\u00f4m \u0111\u00fac, mang l\u1ea1i \u0111\u1ed9 c\u1ee9ng v\u00e0 \u0111\u1ed9 b\u1ec1n cao.<\/span><\/p>\n<p style=\"text-align: justify;\"><span style=\"font-size: 14pt;\"><a href=\"https:\/\/vilight.vn\/website\/wp-content\/uploads\/2021\/06\/VL06.jpg\"><img decoding=\"async\" class=\"aligncenter wp-image-1698 lazyload\" data-src=\"https:\/\/vilight.vn\/website\/wp-content\/uploads\/2021\/06\/VL06.jpg\" alt=\"\u0110\u00e8n \u00e2m \u0111\u1ea5t VL-Vi06\" width=\"1500\" height=\"938\" data-srcset=\"https:\/\/vilight.vn\/website\/wp-content\/uploads\/2021\/06\/VL06.jpg 1200w, https:\/\/vilight.vn\/website\/wp-content\/uploads\/2021\/06\/VL06-800x500.jpg 800w, https:\/\/vilight.vn\/website\/wp-content\/uploads\/2021\/06\/VL06-300x188.jpg 300w, https:\/\/vilight.vn\/website\/wp-content\/uploads\/2021\/06\/VL06-1024x640.jpg 1024w, https:\/\/vilight.vn\/website\/wp-content\/uploads\/2021\/06\/VL06-768x480.jpg 768w, https:\/\/vilight.vn\/website\/wp-content\/uploads\/2021\/06\/VL06-16x10.jpg 16w, https:\/\/vilight.vn\/website\/wp-content\/uploads\/2021\/06\/VL06-234x146.jpg 234w, https:\/\/vilight.vn\/website\/wp-content\/uploads\/2021\/06\/VL06-50x31.jpg 50w, https:\/\/vilight.vn\/website\/wp-content\/uploads\/2021\/06\/VL06-120x75.jpg 120w, https:\/\/vilight.vn\/website\/wp-content\/uploads\/2021\/06\/VL06-600x375.jpg 600w\" data-sizes=\"(max-width:767px) 480px, (max-width:1500px) 100vw, 1500px\" src=\"data:image\/svg+xml;base64,PHN2ZyB3aWR0aD0iMSIgaGVpZ2h0PSIxIiB4bWxucz0iaHR0cDovL3d3dy53My5vcmcvMjAwMC9zdmciPjwvc3ZnPg==\" style=\"--smush-placeholder-width: 1500px; --smush-placeholder-aspect-ratio: 1500\/938;\" \/><\/a><\/span><\/p>\n<p style=\"text-align: justify;\"><span style=\"font-size: 14pt;\">3. Quang th\u00f4ng cao: \u0110\u00e8n \u00e2m \u0111\u1ea5t VL-Vi06 c\u00f3 quang th\u00f4ng cao, t\u1ee9c l\u00e0 \u0111\u00e8n c\u00f3 kh\u1ea3 n\u0103ng ph\u00e1t s\u00e1ng m\u1ea1nh m\u1ebd v\u00e0 chi\u1ebfu r\u1ed9ng. \u0110i\u1ec1u n\u00e0y gi\u00fap \u0111\u00e8n c\u00f3 th\u1ec3 \u00e1nh s\u00e1ng r\u00f5 r\u00e0ng v\u00e0 hi\u1ec7u qu\u1ea3 trong vi\u1ec7c chi\u1ebfu s\u00e1ng c\u00e1c khu v\u1ef1c xung quanh.<\/span><\/p>\n<p style=\"text-align: justify;\"><span style=\"font-size: 14pt;\">4. L\u01b0\u1edbi ch\u1eafn s\u00e1ng: \u0110\u1ec3 ng\u0103n ch\u1eb7n hi\u1ec7n t\u01b0\u1ee3ng ch\u00f3i m\u1eaft khi nh\u00ecn th\u1eb3ng v\u00e0o \u0111\u00e8n, \u0111\u00e8n \u00e2m \u0111\u1ea5t VL-Vi06 \u0111\u01b0\u1ee3c t\u00edch h\u1ee3p th\u00eam l\u01b0\u1edbi ch\u1eafn s\u00e1ng. L\u01b0\u1edbi ch\u1eafn s\u00e1ng n\u00e0y gi\u00fap ph\u00e2n t\u00e1n \u00e1nh s\u00e1ng v\u00e0 l\u00e0m m\u1ec1m \u00e1nh s\u00e1ng ph\u00e1t ra t\u1eeb \u0111\u00e8n, \u0111\u1ea3m b\u1ea3o m\u1ed9t m\u00f4i tr\u01b0\u1eddng chi\u1ebfu s\u00e1ng tho\u1ea3i m\u00e1i v\u00e0 kh\u00f4ng g\u00e2y kh\u00f3 ch\u1ecbu cho ng\u01b0\u1eddi s\u1eed d\u1ee5ng.<\/span><\/p>\n<p style=\"text-align: justify;\"><span style=\"font-size: 14pt;\">V\u1edbi nh\u1eefng t\u00ednh n\u0103ng tr\u00ean, \u0111\u00e8n VL-Vi06 l\u00e0 m\u1ed9t l\u1ef1a ch\u1ecdn t\u1ed1t cho vi\u1ec7c chi\u1ebfu s\u00e1ng ngo\u1ea1i th\u1ea5t, nh\u01b0 l\u00e0m \u0111\u00e8n \u0111\u01b0\u1eddng, \u0111\u00e8n chi\u1ebfu s\u00e1ng c\u1ea3nh quan ho\u1eb7c \u0111\u00e8n trang tr\u00ed trong c\u00f4ng tr\u00ecnh ki\u1ebfn tr\u00fac.<\/span><\/p>\n<p style=\"text-align: justify;\">\n","protected":false},"excerpt":{"rendered":"<p style=\"text-align: justify;\"><span style=\"font-size: 14pt;\">\u0110\u00e8n \u00e2m \u0111\u1ea5t VL-Vi06: Nh\u1ecf g\u1ecdn, s\u1eed d\u1ee5ng chip LED OSRAM\/CREE, b\u1ec1 m\u1eb7t INOX SS316L v\u00e0 k\u00ednh c\u01b0\u1eddng l\u1ef1c, v\u1ecf nh\u00f4m \u0111\u00fac. Quang th\u00f4ng cao, t\u00edch h\u1ee3p l\u01b0\u1edbi ch\u1eafn s\u00e1ng ch\u1ed1ng ch\u00f3i. L\u1ef1a ch\u1ecdn tuy\u1ec7t v\u1eddi cho chi\u1ebfu s\u00e1ng ngo\u1ea1i th\u1ea5t.<\/span><\/p>\n","protected":false},"featured_media":1699,"template":"","meta":[],"product_brand":[],"product_cat":[73],"product_tag":[445],"class_list":{"0":"post-1696","1":"product","2":"type-product","3":"status-publish","4":"has-post-thumbnail","6":"product_cat-den-chieu-sang-facade","7":"product_tag-den-am-dat-vl-vi06","8":"pa_chip-led-cree","9":"pa_chip-led-oram","10":"pa_cong-suat-25w","11":"pa_dien-ap-hoat-dong-22vac","12":"pa_dien-ap-hoat-dong-24vdc","13":"pa_do-kin-ip67","14":"pa_goc-chieu-289","15":"pa_goc-chieu-232","16":"pa_goc-chieu-293","18":"first","19":"instock","20":"taxable","21":"shipping-taxable","22":"product-type-simple"},"yoast_head":"<!-- This site is optimized with the Yoast SEO Premium plugin v27.4 (Yoast SEO v27.4) - https:\/\/yoast.com\/product\/yoast-seo-premium-wordpress\/ -->\n<title>\u0110\u00e8n \u00e2m \u0111\u1ea5t VL-Vi06 - Vilight Co.ltd<\/title>\n<meta name=\"description\" content=\"\u0110\u00e8n \u00e2m \u0111\u1ea5t VL-Vi06 \u0111\u01b0\u1ee3c thi\u1ebft k\u1ebf nh\u1ecf g\u1ecdn, s\u1eed d\u1ee5ng chip LED OSRAM\/CREE, b\u1ec1 m\u1eb7t b\u1ed9 \u0111\u00e8n \u0111\u01b0\u1ee3c l\u00e0m t\u1eeb INOX SS316L v\u00e0 k\u00ednh c\u01b0\u1eddng l\u1ef1c, IP67 , IK09\" \/>\n<meta name=\"robots\" content=\"index, follow, max-snippet:-1, max-image-preview:large, max-video-preview:-1\" \/>\n<link rel=\"canonical\" href=\"https:\/\/vilight.vn\/website\/san-pham\/den-chieu-sang-facade\/den-am-dat\/den-am-dat-vl-vi06\/\" \/>\n<meta property=\"og:locale\" content=\"vi_VN\" \/>\n<meta property=\"og:type\" content=\"article\" \/>\n<meta property=\"og:title\" content=\"\u0110\u00e8n \u00e2m \u0111\u1ea5t VL-Vi06\" \/>\n<meta property=\"og:description\" content=\"\u0110\u00e8n \u00e2m \u0111\u1ea5t VL-Vi06: Nh\u1ecf g\u1ecdn, s\u1eed d\u1ee5ng chip LED OSRAM\/CREE, b\u1ec1 m\u1eb7t INOX SS316L v\u00e0 k\u00ednh c\u01b0\u1eddng l\u1ef1c, v\u1ecf nh\u00f4m \u0111\u00fac. Quang th\u00f4ng cao, t\u00edch h\u1ee3p l\u01b0\u1edbi ch\u1eafn s\u00e1ng ch\u1ed1ng ch\u00f3i. L\u1ef1a ch\u1ecdn tuy\u1ec7t v\u1eddi cho chi\u1ebfu s\u00e1ng ngo\u1ea1i th\u1ea5t.\" \/>\n<meta property=\"og:url\" content=\"https:\/\/vilight.vn\/website\/san-pham\/den-chieu-sang-facade\/den-am-dat\/den-am-dat-vl-vi06\/\" \/>\n<meta property=\"og:site_name\" content=\"Vilight Co.ltd\" \/>\n<meta property=\"article:publisher\" content=\"http:\/\/facebook.com\/vilight.vn\" \/>\n<meta property=\"article:modified_time\" content=\"2023-08-22T03:36:05+00:00\" \/>\n<meta property=\"og:image\" content=\"https:\/\/vilight.vn\/website\/wp-content\/uploads\/2021\/06\/VL06-Logo.jpg\" \/>\n\t<meta property=\"og:image:width\" content=\"600\" \/>\n\t<meta property=\"og:image:height\" content=\"600\" \/>\n\t<meta property=\"og:image:type\" content=\"image\/jpeg\" \/>\n<meta name=\"twitter:card\" content=\"summary_large_image\" \/>\n<meta name=\"twitter:label1\" content=\"Gi\u00e1\" \/>\n\t<meta name=\"twitter:data1\" content=\"\" \/>\n\t<meta name=\"twitter:label2\" content=\"Kh\u1ea3 d\u1ee5ng\" \/>\n\t<meta name=\"twitter:data2\" content=\"Trong kho\" \/>\n<script type=\"application\/ld+json\" class=\"yoast-schema-graph\">{\"@context\":\"https:\\\/\\\/schema.org\",\"@graph\":[{\"@type\":\"WebPage\",\"@id\":\"https:\\\/\\\/vilight.vn\\\/website\\\/san-pham\\\/den-chieu-sang-facade\\\/den-am-dat\\\/den-am-dat-vl-vi06\\\/\",\"url\":\"https:\\\/\\\/vilight.vn\\\/website\\\/san-pham\\\/den-chieu-sang-facade\\\/den-am-dat\\\/den-am-dat-vl-vi06\\\/\",\"name\":\"\u0110\u00e8n \u00e2m \u0111\u1ea5t VL-Vi06 - Vilight Co.ltd\",\"isPartOf\":{\"@id\":\"https:\\\/\\\/vilight.vn\\\/website\\\/#website\"},\"primaryImageOfPage\":{\"@id\":\"https:\\\/\\\/vilight.vn\\\/website\\\/san-pham\\\/den-chieu-sang-facade\\\/den-am-dat\\\/den-am-dat-vl-vi06\\\/#primaryimage\"},\"image\":{\"@id\":\"https:\\\/\\\/vilight.vn\\\/website\\\/san-pham\\\/den-chieu-sang-facade\\\/den-am-dat\\\/den-am-dat-vl-vi06\\\/#primaryimage\"},\"thumbnailUrl\":\"https:\\\/\\\/vilight.vn\\\/website\\\/wp-content\\\/uploads\\\/2021\\\/06\\\/VL06-Logo.jpg\",\"datePublished\":\"2021-06-30T10:07:52+00:00\",\"dateModified\":\"2023-08-22T03:36:05+00:00\",\"description\":\"\u0110\u00e8n \u00e2m \u0111\u1ea5t VL-Vi06 \u0111\u01b0\u1ee3c thi\u1ebft k\u1ebf nh\u1ecf g\u1ecdn, s\u1eed d\u1ee5ng chip LED OSRAM\\\/CREE, b\u1ec1 m\u1eb7t b\u1ed9 \u0111\u00e8n \u0111\u01b0\u1ee3c l\u00e0m t\u1eeb INOX SS316L v\u00e0 k\u00ednh c\u01b0\u1eddng l\u1ef1c, IP67 , IK09\",\"breadcrumb\":{\"@id\":\"https:\\\/\\\/vilight.vn\\\/website\\\/san-pham\\\/den-chieu-sang-facade\\\/den-am-dat\\\/den-am-dat-vl-vi06\\\/#breadcrumb\"},\"inLanguage\":\"vi\",\"potentialAction\":[{\"@type\":\"ReadAction\",\"target\":[\"https:\\\/\\\/vilight.vn\\\/website\\\/san-pham\\\/den-chieu-sang-facade\\\/den-am-dat\\\/den-am-dat-vl-vi06\\\/\"]}]},{\"@type\":\"ImageObject\",\"inLanguage\":\"vi\",\"@id\":\"https:\\\/\\\/vilight.vn\\\/website\\\/san-pham\\\/den-chieu-sang-facade\\\/den-am-dat\\\/den-am-dat-vl-vi06\\\/#primaryimage\",\"url\":\"https:\\\/\\\/vilight.vn\\\/website\\\/wp-content\\\/uploads\\\/2021\\\/06\\\/VL06-Logo.jpg\",\"contentUrl\":\"https:\\\/\\\/vilight.vn\\\/website\\\/wp-content\\\/uploads\\\/2021\\\/06\\\/VL06-Logo.jpg\",\"width\":600,\"height\":600,\"caption\":\"\u0110\u00e8n \u00e2m \u0111\u1ea5t VL-Vi06\"},{\"@type\":\"BreadcrumbList\",\"@id\":\"https:\\\/\\\/vilight.vn\\\/website\\\/san-pham\\\/den-chieu-sang-facade\\\/den-am-dat\\\/den-am-dat-vl-vi06\\\/#breadcrumb\",\"itemListElement\":[{\"@type\":\"ListItem\",\"position\":1,\"name\":\"Home\",\"item\":\"https:\\\/\\\/vilight.vn\\\/website\\\/\"},{\"@type\":\"ListItem\",\"position\":2,\"name\":\"store\",\"item\":\"https:\\\/\\\/vilight.vn\\\/website\\\/store\\\/\"},{\"@type\":\"ListItem\",\"position\":3,\"name\":\"\u0110\u00e8n \u00e2m \u0111\u1ea5t VL-Vi06\"}]},{\"@type\":\"WebSite\",\"@id\":\"https:\\\/\\\/vilight.vn\\\/website\\\/#website\",\"url\":\"https:\\\/\\\/vilight.vn\\\/website\\\/\",\"name\":\"Vilight Co.ltd\",\"description\":\"Chi\u1ebfu s\u00e1ng m\u1ef9 thu\u1eadt, chi\u1ebfu s\u00e1ng th\u00f4ng minh, LED Pixel 3D, chi\u1ebfu s\u00e1ng trang tr\u00ed \u0111\u00f4 th\u1ecb, chi\u1ebfu s\u00e1ng v\u00f2ng xoay, chi\u1ebfu s\u00e1ng \u0111\u1ea3o giao th\u00f4ng, c\u1ed5ng ch\u00e0o \u0111\u00f4 th\u1ecb\",\"publisher\":{\"@id\":\"https:\\\/\\\/vilight.vn\\\/website\\\/#organization\"},\"potentialAction\":[{\"@type\":\"SearchAction\",\"target\":{\"@type\":\"EntryPoint\",\"urlTemplate\":\"https:\\\/\\\/vilight.vn\\\/website\\\/?s={search_term_string}\"},\"query-input\":{\"@type\":\"PropertyValueSpecification\",\"valueRequired\":true,\"valueName\":\"search_term_string\"}}],\"inLanguage\":\"vi\"},{\"@type\":\"Organization\",\"@id\":\"https:\\\/\\\/vilight.vn\\\/website\\\/#organization\",\"name\":\"Vilight\",\"url\":\"https:\\\/\\\/vilight.vn\\\/website\\\/\",\"logo\":{\"@type\":\"ImageObject\",\"inLanguage\":\"vi\",\"@id\":\"https:\\\/\\\/vilight.vn\\\/website\\\/#\\\/schema\\\/logo\\\/image\\\/\",\"url\":\"https:\\\/\\\/vilight.vn\\\/website\\\/wp-content\\\/uploads\\\/2022\\\/05\\\/chieu_sang_trang_tri_do_thi_bang_den_led_pixel.png\",\"contentUrl\":\"https:\\\/\\\/vilight.vn\\\/website\\\/wp-content\\\/uploads\\\/2022\\\/05\\\/chieu_sang_trang_tri_do_thi_bang_den_led_pixel.png\",\"width\":800,\"height\":427,\"caption\":\"Vilight\"},\"image\":{\"@id\":\"https:\\\/\\\/vilight.vn\\\/website\\\/#\\\/schema\\\/logo\\\/image\\\/\"},\"sameAs\":[\"http:\\\/\\\/facebook.com\\\/vilight.vn\",\"https:\\\/\\\/www.linkedin.com\\\/company\\\/vilight-vn\",\"https:\\\/\\\/www.youtube.com\\\/channel\\\/UCEwR2naeDcuarMX1kSv_rLQ\\\/videos\"]}]}<\/script>\n<meta property=\"product:brand\" content=\"\u0110\u00e8n chi\u1ebfu s\u00e1ng Facade\" \/>\n<meta property=\"product:price:currency\" content=\"VND\" \/>\n<meta property=\"og:availability\" content=\"instock\" \/>\n<meta property=\"product:availability\" content=\"instock\" \/>\n<meta property=\"product:condition\" content=\"new\" \/>\n<!-- \/ Yoast SEO Premium plugin. -->","yoast_head_json":{"title":"\u0110\u00e8n \u00e2m \u0111\u1ea5t VL-Vi06 - Vilight Co.ltd","description":"\u0110\u00e8n \u00e2m \u0111\u1ea5t VL-Vi06 \u0111\u01b0\u1ee3c thi\u1ebft k\u1ebf nh\u1ecf g\u1ecdn, s\u1eed d\u1ee5ng chip LED OSRAM\/CREE, b\u1ec1 m\u1eb7t b\u1ed9 \u0111\u00e8n \u0111\u01b0\u1ee3c l\u00e0m t\u1eeb INOX SS316L v\u00e0 k\u00ednh c\u01b0\u1eddng l\u1ef1c, IP67 , IK09","robots":{"index":"index","follow":"follow","max-snippet":"max-snippet:-1","max-image-preview":"max-image-preview:large","max-video-preview":"max-video-preview:-1"},"canonical":"https:\/\/vilight.vn\/website\/san-pham\/den-chieu-sang-facade\/den-am-dat\/den-am-dat-vl-vi06\/","og_locale":"vi_VN","og_type":"article","og_title":"\u0110\u00e8n \u00e2m \u0111\u1ea5t VL-Vi06","og_description":"\u0110\u00e8n \u00e2m \u0111\u1ea5t VL-Vi06: Nh\u1ecf g\u1ecdn, s\u1eed d\u1ee5ng chip LED OSRAM\/CREE, b\u1ec1 m\u1eb7t INOX SS316L v\u00e0 k\u00ednh c\u01b0\u1eddng l\u1ef1c, v\u1ecf nh\u00f4m \u0111\u00fac. Quang th\u00f4ng cao, t\u00edch h\u1ee3p l\u01b0\u1edbi ch\u1eafn s\u00e1ng ch\u1ed1ng ch\u00f3i. L\u1ef1a ch\u1ecdn tuy\u1ec7t v\u1eddi cho chi\u1ebfu s\u00e1ng ngo\u1ea1i th\u1ea5t.","og_url":"https:\/\/vilight.vn\/website\/san-pham\/den-chieu-sang-facade\/den-am-dat\/den-am-dat-vl-vi06\/","og_site_name":"Vilight Co.ltd","article_publisher":"http:\/\/facebook.com\/vilight.vn","article_modified_time":"2023-08-22T03:36:05+00:00","og_image":[{"width":600,"height":600,"url":"https:\/\/vilight.vn\/website\/wp-content\/uploads\/2021\/06\/VL06-Logo.jpg","type":"image\/jpeg"}],"twitter_card":"summary_large_image","twitter_misc":{"Gi\u00e1":"","Kh\u1ea3 d\u1ee5ng":"Trong kho"},"schema":{"@context":"https:\/\/schema.org","@graph":[{"@type":"WebPage","@id":"https:\/\/vilight.vn\/website\/san-pham\/den-chieu-sang-facade\/den-am-dat\/den-am-dat-vl-vi06\/","url":"https:\/\/vilight.vn\/website\/san-pham\/den-chieu-sang-facade\/den-am-dat\/den-am-dat-vl-vi06\/","name":"\u0110\u00e8n \u00e2m \u0111\u1ea5t VL-Vi06 - Vilight Co.ltd","isPartOf":{"@id":"https:\/\/vilight.vn\/website\/#website"},"primaryImageOfPage":{"@id":"https:\/\/vilight.vn\/website\/san-pham\/den-chieu-sang-facade\/den-am-dat\/den-am-dat-vl-vi06\/#primaryimage"},"image":{"@id":"https:\/\/vilight.vn\/website\/san-pham\/den-chieu-sang-facade\/den-am-dat\/den-am-dat-vl-vi06\/#primaryimage"},"thumbnailUrl":"https:\/\/vilight.vn\/website\/wp-content\/uploads\/2021\/06\/VL06-Logo.jpg","datePublished":"2021-06-30T10:07:52+00:00","dateModified":"2023-08-22T03:36:05+00:00","description":"\u0110\u00e8n \u00e2m \u0111\u1ea5t VL-Vi06 \u0111\u01b0\u1ee3c thi\u1ebft k\u1ebf nh\u1ecf g\u1ecdn, s\u1eed d\u1ee5ng chip LED OSRAM\/CREE, b\u1ec1 m\u1eb7t b\u1ed9 \u0111\u00e8n \u0111\u01b0\u1ee3c l\u00e0m t\u1eeb INOX SS316L v\u00e0 k\u00ednh c\u01b0\u1eddng l\u1ef1c, IP67 , IK09","breadcrumb":{"@id":"https:\/\/vilight.vn\/website\/san-pham\/den-chieu-sang-facade\/den-am-dat\/den-am-dat-vl-vi06\/#breadcrumb"},"inLanguage":"vi","potentialAction":[{"@type":"ReadAction","target":["https:\/\/vilight.vn\/website\/san-pham\/den-chieu-sang-facade\/den-am-dat\/den-am-dat-vl-vi06\/"]}]},{"@type":"ImageObject","inLanguage":"vi","@id":"https:\/\/vilight.vn\/website\/san-pham\/den-chieu-sang-facade\/den-am-dat\/den-am-dat-vl-vi06\/#primaryimage","url":"https:\/\/vilight.vn\/website\/wp-content\/uploads\/2021\/06\/VL06-Logo.jpg","contentUrl":"https:\/\/vilight.vn\/website\/wp-content\/uploads\/2021\/06\/VL06-Logo.jpg","width":600,"height":600,"caption":"\u0110\u00e8n \u00e2m \u0111\u1ea5t VL-Vi06"},{"@type":"BreadcrumbList","@id":"https:\/\/vilight.vn\/website\/san-pham\/den-chieu-sang-facade\/den-am-dat\/den-am-dat-vl-vi06\/#breadcrumb","itemListElement":[{"@type":"ListItem","position":1,"name":"Home","item":"https:\/\/vilight.vn\/website\/"},{"@type":"ListItem","position":2,"name":"store","item":"https:\/\/vilight.vn\/website\/store\/"},{"@type":"ListItem","position":3,"name":"\u0110\u00e8n \u00e2m \u0111\u1ea5t VL-Vi06"}]},{"@type":"WebSite","@id":"https:\/\/vilight.vn\/website\/#website","url":"https:\/\/vilight.vn\/website\/","name":"Vilight Co.ltd","description":"Chi\u1ebfu s\u00e1ng m\u1ef9 thu\u1eadt, chi\u1ebfu s\u00e1ng th\u00f4ng minh, LED Pixel 3D, chi\u1ebfu s\u00e1ng trang tr\u00ed \u0111\u00f4 th\u1ecb, chi\u1ebfu s\u00e1ng v\u00f2ng xoay, chi\u1ebfu s\u00e1ng \u0111\u1ea3o giao th\u00f4ng, c\u1ed5ng ch\u00e0o \u0111\u00f4 th\u1ecb","publisher":{"@id":"https:\/\/vilight.vn\/website\/#organization"},"potentialAction":[{"@type":"SearchAction","target":{"@type":"EntryPoint","urlTemplate":"https:\/\/vilight.vn\/website\/?s={search_term_string}"},"query-input":{"@type":"PropertyValueSpecification","valueRequired":true,"valueName":"search_term_string"}}],"inLanguage":"vi"},{"@type":"Organization","@id":"https:\/\/vilight.vn\/website\/#organization","name":"Vilight","url":"https:\/\/vilight.vn\/website\/","logo":{"@type":"ImageObject","inLanguage":"vi","@id":"https:\/\/vilight.vn\/website\/#\/schema\/logo\/image\/","url":"https:\/\/vilight.vn\/website\/wp-content\/uploads\/2022\/05\/chieu_sang_trang_tri_do_thi_bang_den_led_pixel.png","contentUrl":"https:\/\/vilight.vn\/website\/wp-content\/uploads\/2022\/05\/chieu_sang_trang_tri_do_thi_bang_den_led_pixel.png","width":800,"height":427,"caption":"Vilight"},"image":{"@id":"https:\/\/vilight.vn\/website\/#\/schema\/logo\/image\/"},"sameAs":["http:\/\/facebook.com\/vilight.vn","https:\/\/www.linkedin.com\/company\/vilight-vn","https:\/\/www.youtube.com\/channel\/UCEwR2naeDcuarMX1kSv_rLQ\/videos"]}]},"product_brand":"\u0110\u00e8n chi\u1ebfu s\u00e1ng Facade","product_price_currency":"VND","og_availability":"instock","product_availability":"instock","product_condition":"new"},"_links":{"self":[{"href":"https:\/\/vilight.vn\/website\/wp-json\/wp\/v2\/product\/1696","targetHints":{"allow":["GET"]}}],"collection":[{"href":"https:\/\/vilight.vn\/website\/wp-json\/wp\/v2\/product"}],"about":[{"href":"https:\/\/vilight.vn\/website\/wp-json\/wp\/v2\/types\/product"}],"wp:featuredmedia":[{"embeddable":true,"href":"https:\/\/vilight.vn\/website\/wp-json\/wp\/v2\/media\/1699"}],"wp:attachment":[{"href":"https:\/\/vilight.vn\/website\/wp-json\/wp\/v2\/media?parent=1696"}],"wp:term":[{"taxonomy":"product_brand","embeddable":true,"href":"https:\/\/vilight.vn\/website\/wp-json\/wp\/v2\/product_brand?post=1696"},{"taxonomy":"product_cat","embeddable":true,"href":"https:\/\/vilight.vn\/website\/wp-json\/wp\/v2\/product_cat?post=1696"},{"taxonomy":"product_tag","embeddable":true,"href":"https:\/\/vilight.vn\/website\/wp-json\/wp\/v2\/product_tag?post=1696"}],"curies":[{"name":"wp","href":"https:\/\/api.w.org\/{rel}","templated":true}]}}