{"id":1702,"date":"2021-06-30T17:08:49","date_gmt":"2021-06-30T10:08:49","guid":{"rendered":"https:\/\/vilight.vn\/website\/?post_type=product&#038;p=1702"},"modified":"2023-08-22T10:36:12","modified_gmt":"2023-08-22T03:36:12","slug":"den-am-dat-vl-vi08","status":"publish","type":"product","link":"https:\/\/vilight.vn\/website\/san-pham\/den-chieu-sang-facade\/den-am-dat-vl-vi08\/","title":{"rendered":"\u0110\u00e8n \u00e2m \u0111\u1ea5t VL-Vi08"},"content":{"rendered":"<h2 style=\"text-align: justify;\"><span style=\"font-size: 18pt;\">\u0110\u00e8n \u00e2m \u0111\u1ea5t VL-Vi08 &#8211; S\u1ef1 ho\u00e0n h\u1ea3o trong \u00e1nh s\u00e1ng kh\u00f4ng gian<\/span><\/h2>\n<p style=\"text-align: justify;\"><span style=\"font-size: 14pt;\">B\u1ea1n \u0111ang t\u00ecm ki\u1ebfm m\u1ed9t gi\u1ea3i ph\u00e1p chi\u1ebfu s\u00e1ng tinh t\u1ebf, hi\u1ec7u qu\u1ea3 v\u00e0 \u0111a n\u0103ng cho kh\u00f4ng gian ngo\u1ea1i th\u1ea5t c\u1ee7a m\u00ecnh? \u0110\u00e8n \u00e2m \u0111\u1ea5t VL-Vi08 c\u1ee7a ch\u00fang t\u00f4i s\u1ebd l\u00e0 l\u1ef1a ch\u1ecdn l\u00fd t\u01b0\u1edfng cho b\u1ea1n. V\u1edbi thi\u1ebft k\u1ebf nh\u1ecf g\u1ecdn, ch\u1ea5t l\u01b0\u1ee3ng h\u00e0ng \u0111\u1ea7u v\u00e0 c\u00e1c t\u00ednh n\u0103ng n\u1ed5i b\u1eadt, s\u1ea3n ph\u1ea9m n\u00e0y mang \u0111\u1ebfn \u00e1nh s\u00e1ng ho\u00e0n h\u1ea3o cho kh\u00f4ng gian c\u1ee7a b\u1ea1n.<\/span><\/p>\n<h3 style=\"text-align: justify;\"><span style=\"font-size: 14pt;\">Thi\u1ebft k\u1ebf \u0111\u1eb3ng c\u1ea5p v\u00e0 ch\u1ea5t l\u01b0\u1ee3ng v\u01b0\u1ee3t tr\u1ed9i<\/span><\/h3>\n<p style=\"text-align: justify;\"><span style=\"font-size: 14pt;\">\u0110\u00e8n\u00a0 VL-Vi08 \u0111\u01b0\u1ee3c thi\u1ebft k\u1ebf v\u1edbi s\u1ef1 tinh t\u1ebf v\u00e0 \u0111\u1eb3ng c\u1ea5p, t\u1ea1o n\u00ean m\u1ed9t v\u1ebb \u0111\u1eb9p hi\u1ec7n \u0111\u1ea1i v\u00e0 sang tr\u1ecdng cho kh\u00f4ng gian ngo\u1ea1i th\u1ea5t c\u1ee7a b\u1ea1n. B\u1ec1 m\u1eb7t b\u1ed9 \u0111\u00e8n \u0111\u01b0\u1ee3c l\u00e0m t\u1eeb INOX SS316L v\u00e0 k\u00ednh c\u01b0\u1eddng l\u1ef1c, gi\u00fap \u0111\u1ea3m b\u1ea3o \u0111\u1ed9 b\u1ec1n cao v\u00e0 kh\u1ea3 n\u0103ng ch\u1ed1ng l\u1ea1i t\u00e1c \u0111\u1ed9ng t\u1eeb th\u1eddi ti\u1ebft v\u00e0 m\u00f4i tr\u01b0\u1eddng b\u00ean ngo\u00e0i.<\/span><\/p>\n<p style=\"text-align: justify;\"><span style=\"font-size: 14pt;\">V\u1ecf \u0111\u00e8n b\u1eb1ng nh\u00f4m \u0111\u00fac kh\u00f4ng ch\u1ec9 mang l\u1ea1i \u0111\u1ed9 c\u1ee9ng c\u00e1p m\u00e0 c\u00f2n \u0111\u1ea3m b\u1ea3o tu\u1ed5i th\u1ecd l\u00e2u d\u00e0i cho s\u1ea3n ph\u1ea9m. \u0110\u00e8n \u00e2m \u0111\u1ea5t VL-Vi08 kh\u00f4ng ch\u1ec9 l\u00e0 m\u1ed9t ngu\u1ed3n \u00e1nh s\u00e1ng, m\u00e0 c\u00f2n l\u00e0 m\u1ed9t t\u00e1c ph\u1ea9m ngh\u1ec7 thu\u1eadt, n\u00e2ng t\u1ea7m kh\u00f4ng gian ngo\u1ea1i th\u1ea5t c\u1ee7a b\u1ea1n l\u00ean m\u1ed9t t\u1ea7m cao m\u1edbi.<\/span><\/p>\n<h3 style=\"text-align: justify;\"><span style=\"font-size: 14pt;\">\u00c1nh s\u00e1ng ch\u1ea5t l\u01b0\u1ee3ng cao v\u00e0 ch\u1ed1ng ch\u00f3i c\u1ee7a \u0110\u00e8n \u00e2m \u0111\u1ea5t VL-Vi08<\/span><\/h3>\n<p style=\"text-align: justify;\"><span style=\"font-size: 14pt;\">\u0110\u00e8n\u00a0 VL-Vi08 s\u1eed d\u1ee5ng chip LED t\u1eeb c\u00e1c th\u01b0\u01a1ng hi\u1ec7u danh ti\u1ebfng nh\u01b0 OSRAM\/CREE, mang \u0111\u1ebfn \u00e1nh s\u00e1ng t\u01b0\u01a1i s\u00e1ng, r\u00f5 r\u00e0ng v\u00e0 \u0111\u1ed3ng \u0111\u1ec1u. Quang th\u00f4ng cao c\u1ee7a \u0111\u00e8n gi\u00fap chi\u1ebfu s\u00e1ng m\u1ea1nh m\u1ebd, t\u1ea1o \u0111i\u1ec3m nh\u1ea5n cho c\u00e1c v\u1ecb tr\u00ed c\u1ea7n chi\u1ebfu s\u00e1ng trong kh\u00f4ng gian ngo\u1ea1i th\u1ea5t.<\/span><\/p>\n<p style=\"text-align: justify;\"><span style=\"font-size: 14pt;\">\u0110\u1eb7c bi\u1ec7t, \u0111\u00e8n \u0111\u01b0\u1ee3c t\u00edch h\u1ee3p th\u00eam l\u01b0\u1edbi ch\u1eafn s\u00e1ng \u0111\u1ec3 ch\u1ed1ng ch\u00f3i, gi\u00fap t\u1ea1o ra \u00e1nh s\u00e1ng m\u1ec1m m\u1ea1i v\u00e0 tr\u00e1nh l\u00e0m m\u1ea5t t\u1ea7m nh\u00ecn. \u0110i\u1ec1u n\u00e0y mang l\u1ea1i m\u1ed9t m\u00f4i tr\u01b0\u1eddng tho\u1ea3i m\u00e1i v\u00e0 an to\u00e0n cho ng\u01b0\u1eddi s\u1eed d\u1ee5ng, \u0111\u1ed3ng th\u1eddi gi\u1eef \u0111\u01b0\u1ee3c s\u1ef1 th\u1ea9m m\u1ef9 v\u00e0 phong c\u00e1ch c\u1ee7a kh\u00f4ng gian b\u00ean ngo\u00e0i.<\/span><\/p>\n<p style=\"text-align: justify;\"><span style=\"font-size: 14pt;\"><a href=\"https:\/\/vilight.vn\/website\/wp-content\/uploads\/2021\/06\/VL08.jpg\"><img decoding=\"async\" class=\"aligncenter wp-image-1703 lazyload\" data-src=\"https:\/\/vilight.vn\/website\/wp-content\/uploads\/2021\/06\/VL08.jpg\" alt=\"\u0110\u00e8n \u00e2m \u0111\u1ea5t VL-Vi08\" width=\"1500\" height=\"938\" data-srcset=\"https:\/\/vilight.vn\/website\/wp-content\/uploads\/2021\/06\/VL08.jpg 1200w, https:\/\/vilight.vn\/website\/wp-content\/uploads\/2021\/06\/VL08-800x500.jpg 800w, https:\/\/vilight.vn\/website\/wp-content\/uploads\/2021\/06\/VL08-300x188.jpg 300w, https:\/\/vilight.vn\/website\/wp-content\/uploads\/2021\/06\/VL08-1024x640.jpg 1024w, https:\/\/vilight.vn\/website\/wp-content\/uploads\/2021\/06\/VL08-768x480.jpg 768w, https:\/\/vilight.vn\/website\/wp-content\/uploads\/2021\/06\/VL08-16x10.jpg 16w, https:\/\/vilight.vn\/website\/wp-content\/uploads\/2021\/06\/VL08-234x146.jpg 234w, https:\/\/vilight.vn\/website\/wp-content\/uploads\/2021\/06\/VL08-50x31.jpg 50w, https:\/\/vilight.vn\/website\/wp-content\/uploads\/2021\/06\/VL08-120x75.jpg 120w, https:\/\/vilight.vn\/website\/wp-content\/uploads\/2021\/06\/VL08-600x375.jpg 600w\" data-sizes=\"(max-width:767px) 480px, (max-width:1500px) 100vw, 1500px\" src=\"data:image\/svg+xml;base64,PHN2ZyB3aWR0aD0iMSIgaGVpZ2h0PSIxIiB4bWxucz0iaHR0cDovL3d3dy53My5vcmcvMjAwMC9zdmciPjwvc3ZnPg==\" style=\"--smush-placeholder-width: 1500px; --smush-placeholder-aspect-ratio: 1500\/938;\" \/><\/a><\/span><\/p>\n<h3 style=\"text-align: justify;\"><span style=\"font-size: 14pt;\">S\u1ea3n ph\u1ea9m ch\u00ednh h\u00e3ng t\u1eeb Vilight.vn<\/span><\/h3>\n<p style=\"text-align: justify;\"><span style=\"font-size: 14pt;\">\u0110\u00e8n\u00a0 VL-Vi08 l\u00e0 s\u1ea3n ph\u1ea9m ch\u00ednh h\u00e3ng \u0111\u01b0\u1ee3c ph\u00e2n ph\u1ed1i b\u1edfi Vilight.vn. Ch<\/span><\/p>\n<p style=\"text-align: justify;\"><span style=\"font-size: 14pt;\">\u00fang t\u00f4i cam k\u1ebft mang \u0111\u1ebfn cho kh\u00e1ch h\u00e0ng nh\u1eefng s\u1ea3n ph\u1ea9m ch\u1ea5t l\u01b0\u1ee3ng cao, \u0111\u00e1ng tin c\u1eady v\u00e0 tu\u00e2n th\u1ee7 c\u00e1c ti\u00eau chu\u1ea9n an to\u00e0n v\u00e0 hi\u1ec7u su\u1ea5t cao.<\/span><\/p>\n<p style=\"text-align: justify;\"><span style=\"font-size: 14pt;\">V\u1edbi \u0111\u00e8n\u00a0 VL-Vi08, b\u1ea1n kh\u00f4ng ch\u1ec9 c\u00f3 m\u1ed9t h\u1ec7 th\u1ed1ng chi\u1ebfu s\u00e1ng tuy\u1ec7t v\u1eddi m\u00e0 c\u00f2n \u0111\u01b0\u1ee3c \u0111\u1ea3m b\u1ea3o v\u1ec1 ch\u1ea5t l\u01b0\u1ee3ng v\u00e0 d\u1ecbch v\u1ee5 t\u1eadn t\u00e2m t\u1eeb \u0111\u1ed9i ng\u0169 ch\u00fang t\u00f4i. H\u00e3y truy c\u1eadp trang web c\u1ee7a ch\u00fang t\u00f4i \u0111\u1ec3 bi\u1ebft th\u00eam th\u00f4ng tin chi ti\u1ebft v\u00e0 \u0111\u1eb7t h\u00e0ng ngay h\u00f4m nay.<\/span><\/p>\n<h3 style=\"text-align: justify;\"><span style=\"font-size: 14pt;\">K\u1ebft lu\u1eadn \u0110\u00e8n \u00e2m \u0111\u1ea5t VL-Vi08<\/span><\/h3>\n<p style=\"text-align: justify;\"><span style=\"font-size: 14pt;\">\u0110\u00e8n \u00e2m \u0111\u1ea5t VL-Vi08 l\u00e0 l\u1ef1a ch\u1ecdn ho\u00e0n h\u1ea3o \u0111\u1ec3 mang \u0111\u1ebfn \u00e1nh s\u00e1ng ho\u00e0n h\u1ea3o cho kh\u00f4ng gian ngo\u1ea1i th\u1ea5t c\u1ee7a b\u1ea1n. V\u1edbi thi\u1ebft k\u1ebf \u0111\u1eb3ng c\u1ea5p, ch\u1ea5t l\u01b0\u1ee3ng h\u00e0ng \u0111\u1ea7u, \u00e1nh s\u00e1ng ch\u1ea5t l\u01b0\u1ee3ng cao v\u00e0 t\u00ednh n\u0103ng ch\u1ed1ng ch\u00f3i, s\u1ea3n ph\u1ea9m n\u00e0y kh\u00f4ng ch\u1ec9 cung c\u1ea5p \u00e1nh s\u00e1ng t\u1ed1t m\u00e0 c\u00f2n t\u1ea1o \u0111i\u1ec3m nh\u1ea5n th\u1ea9m m\u1ef9 cho kh\u00f4ng gian b\u00ean ngo\u00e0i. H\u00e3y li\u00ean h\u1ec7 v\u1edbi ch\u00fang t\u00f4i t\u1ea1i Vilight.vn \u0111\u1ec3 \u0111\u1eb7t h\u00e0ng ngay h\u00f4m nay v\u00e0 tr\u1ea3i nghi\u1ec7m s\u1ef1 kh\u00e1c bi\u1ec7t m\u00e0 \u0111\u00e8n\u00a0 VL-Vi08 mang l\u1ea1i.<\/span><\/p>\n<p style=\"text-align: justify;\">\n","protected":false},"excerpt":{"rendered":"<p style=\"text-align: justify;\"><span style=\"font-size: 14pt;\">Kh\u00e1m ph\u00e1 \u0111\u00e8n \u00e2m \u0111\u1ea5t VL-Vi08 &#8211; S\u1ef1 k\u1ebft h\u1ee3p ho\u00e0n h\u1ea3o gi\u1eefa thi\u1ebft k\u1ebf nh\u1ecf g\u1ecdn, \u00e1nh s\u00e1ng ch\u1ea5t l\u01b0\u1ee3ng cao v\u00e0 ch\u1ed1ng ch\u00f3i. V\u1edbi chip LED OSRAM\/CREE, b\u1ec1 m\u1eb7t b\u1eb1ng INOX SS316L v\u00e0 k\u00ednh c\u01b0\u1eddng l\u1ef1c, \u0111\u00e8n n\u00e0y l\u00e0 l\u1ef1a ch\u1ecdn tuy\u1ec7t v\u1eddi \u0111\u1ec3 t\u1ea1o \u0111i\u1ec3m nh\u1ea5n th\u1ea9m m\u1ef9 cho kh\u00f4ng gian ngo\u1ea1i th\u1ea5t c\u1ee7a b\u1ea1n.<\/span><\/p>\n","protected":false},"featured_media":1704,"template":"","meta":[],"product_brand":[],"product_cat":[73],"product_tag":[],"class_list":{"0":"post-1702","1":"product","2":"type-product","3":"status-publish","4":"has-post-thumbnail","6":"product_cat-den-chieu-sang-facade","7":"pa_chip-led-cree","8":"pa_chip-led-oram","9":"pa_chuan-dieu-khien-dmx512","10":"pa_chuan-dieu-khien-on-off","11":"pa_cong-suat-36w","12":"pa_dien-ap-hoat-dong-22vac","13":"pa_dien-ap-hoat-dong-24vdc","14":"pa_do-kin-ip67","15":"pa_goc-chieu-279","16":"pa_goc-chieu-233","17":"pa_goc-chieu-234","18":"pa_goc-chieu-280","19":"pa_goc-chieu-281","21":"first","22":"instock","23":"taxable","24":"shipping-taxable","25":"product-type-simple"},"yoast_head":"<!-- This site is optimized with the Yoast SEO Premium plugin v27.4 (Yoast SEO v27.4) - https:\/\/yoast.com\/product\/yoast-seo-premium-wordpress\/ -->\n<title>\u0110\u00e8n \u00e2m \u0111\u1ea5t VL-Vi08 - Vilight Co.ltd<\/title>\n<meta name=\"description\" content=\"\u0110\u00e8n \u00e2m \u0111\u1ea5t VL-Vi08 \u0111\u01b0\u1ee3c thi\u1ebft k\u1ebf nh\u1ecf g\u1ecdn, s\u1eed d\u1ee5ng chip LED OSRAM\/CREE, b\u1ec1 m\u1eb7t b\u1ed9 \u0111\u00e8n \u0111\u01b0\u1ee3c l\u00e0m t\u1eeb INOX SS316L v\u00e0 k\u00ednh c\u01b0\u1eddng l\u1ef1c, v\u1ecf \u0111\u00e8n b\u1eb1ng nh\u00f4m \u0111\u00fac\" \/>\n<meta name=\"robots\" content=\"index, follow, max-snippet:-1, max-image-preview:large, max-video-preview:-1\" \/>\n<link rel=\"canonical\" href=\"https:\/\/vilight.vn\/website\/san-pham\/den-chieu-sang-facade\/den-am-dat\/den-am-dat-vl-vi08\/\" \/>\n<meta property=\"og:locale\" content=\"vi_VN\" \/>\n<meta property=\"og:type\" content=\"article\" \/>\n<meta property=\"og:title\" content=\"\u0110\u00e8n \u00e2m \u0111\u1ea5t VL-Vi08\" \/>\n<meta property=\"og:description\" content=\"Kh\u00e1m ph\u00e1 \u0111\u00e8n \u00e2m \u0111\u1ea5t VL-Vi08 - S\u1ef1 k\u1ebft h\u1ee3p ho\u00e0n h\u1ea3o gi\u1eefa thi\u1ebft k\u1ebf nh\u1ecf g\u1ecdn, \u00e1nh s\u00e1ng ch\u1ea5t l\u01b0\u1ee3ng cao v\u00e0 ch\u1ed1ng ch\u00f3i. V\u1edbi chip LED OSRAM\/CREE, b\u1ec1 m\u1eb7t b\u1eb1ng INOX SS316L v\u00e0 k\u00ednh c\u01b0\u1eddng l\u1ef1c, \u0111\u00e8n n\u00e0y l\u00e0 l\u1ef1a ch\u1ecdn tuy\u1ec7t v\u1eddi \u0111\u1ec3 t\u1ea1o \u0111i\u1ec3m nh\u1ea5n th\u1ea9m m\u1ef9 cho kh\u00f4ng gian ngo\u1ea1i th\u1ea5t c\u1ee7a b\u1ea1n.\" \/>\n<meta property=\"og:url\" content=\"https:\/\/vilight.vn\/website\/san-pham\/den-chieu-sang-facade\/den-am-dat\/den-am-dat-vl-vi08\/\" \/>\n<meta property=\"og:site_name\" content=\"Vilight Co.ltd\" \/>\n<meta property=\"article:publisher\" content=\"http:\/\/facebook.com\/vilight.vn\" \/>\n<meta property=\"article:modified_time\" content=\"2023-08-22T03:36:12+00:00\" \/>\n<meta property=\"og:image\" content=\"https:\/\/vilight.vn\/website\/wp-content\/uploads\/2021\/06\/VL08-Logo.jpg\" \/>\n\t<meta property=\"og:image:width\" content=\"600\" \/>\n\t<meta property=\"og:image:height\" content=\"600\" \/>\n\t<meta property=\"og:image:type\" content=\"image\/jpeg\" \/>\n<meta name=\"twitter:card\" content=\"summary_large_image\" \/>\n<meta name=\"twitter:label1\" content=\"Gi\u00e1\" \/>\n\t<meta name=\"twitter:data1\" content=\"\" \/>\n\t<meta name=\"twitter:label2\" content=\"Kh\u1ea3 d\u1ee5ng\" \/>\n\t<meta name=\"twitter:data2\" content=\"Trong kho\" \/>\n<script type=\"application\/ld+json\" class=\"yoast-schema-graph\">{\"@context\":\"https:\\\/\\\/schema.org\",\"@graph\":[{\"@type\":\"WebPage\",\"@id\":\"https:\\\/\\\/vilight.vn\\\/website\\\/san-pham\\\/den-chieu-sang-facade\\\/den-am-dat\\\/den-am-dat-vl-vi08\\\/\",\"url\":\"https:\\\/\\\/vilight.vn\\\/website\\\/san-pham\\\/den-chieu-sang-facade\\\/den-am-dat\\\/den-am-dat-vl-vi08\\\/\",\"name\":\"\u0110\u00e8n \u00e2m \u0111\u1ea5t VL-Vi08 - Vilight Co.ltd\",\"isPartOf\":{\"@id\":\"https:\\\/\\\/vilight.vn\\\/website\\\/#website\"},\"primaryImageOfPage\":{\"@id\":\"https:\\\/\\\/vilight.vn\\\/website\\\/san-pham\\\/den-chieu-sang-facade\\\/den-am-dat\\\/den-am-dat-vl-vi08\\\/#primaryimage\"},\"image\":{\"@id\":\"https:\\\/\\\/vilight.vn\\\/website\\\/san-pham\\\/den-chieu-sang-facade\\\/den-am-dat\\\/den-am-dat-vl-vi08\\\/#primaryimage\"},\"thumbnailUrl\":\"https:\\\/\\\/vilight.vn\\\/website\\\/wp-content\\\/uploads\\\/2021\\\/06\\\/VL08-Logo.jpg\",\"datePublished\":\"2021-06-30T10:08:49+00:00\",\"dateModified\":\"2023-08-22T03:36:12+00:00\",\"description\":\"\u0110\u00e8n \u00e2m \u0111\u1ea5t VL-Vi08 \u0111\u01b0\u1ee3c thi\u1ebft k\u1ebf nh\u1ecf g\u1ecdn, s\u1eed d\u1ee5ng chip LED OSRAM\\\/CREE, b\u1ec1 m\u1eb7t b\u1ed9 \u0111\u00e8n \u0111\u01b0\u1ee3c l\u00e0m t\u1eeb INOX SS316L v\u00e0 k\u00ednh c\u01b0\u1eddng l\u1ef1c, v\u1ecf \u0111\u00e8n b\u1eb1ng nh\u00f4m \u0111\u00fac\",\"breadcrumb\":{\"@id\":\"https:\\\/\\\/vilight.vn\\\/website\\\/san-pham\\\/den-chieu-sang-facade\\\/den-am-dat\\\/den-am-dat-vl-vi08\\\/#breadcrumb\"},\"inLanguage\":\"vi\",\"potentialAction\":[{\"@type\":\"ReadAction\",\"target\":[\"https:\\\/\\\/vilight.vn\\\/website\\\/san-pham\\\/den-chieu-sang-facade\\\/den-am-dat\\\/den-am-dat-vl-vi08\\\/\"]}]},{\"@type\":\"ImageObject\",\"inLanguage\":\"vi\",\"@id\":\"https:\\\/\\\/vilight.vn\\\/website\\\/san-pham\\\/den-chieu-sang-facade\\\/den-am-dat\\\/den-am-dat-vl-vi08\\\/#primaryimage\",\"url\":\"https:\\\/\\\/vilight.vn\\\/website\\\/wp-content\\\/uploads\\\/2021\\\/06\\\/VL08-Logo.jpg\",\"contentUrl\":\"https:\\\/\\\/vilight.vn\\\/website\\\/wp-content\\\/uploads\\\/2021\\\/06\\\/VL08-Logo.jpg\",\"width\":600,\"height\":600,\"caption\":\"\u0110\u00e8n \u00e2m \u0111\u1ea5t VL-Vi08\"},{\"@type\":\"BreadcrumbList\",\"@id\":\"https:\\\/\\\/vilight.vn\\\/website\\\/san-pham\\\/den-chieu-sang-facade\\\/den-am-dat\\\/den-am-dat-vl-vi08\\\/#breadcrumb\",\"itemListElement\":[{\"@type\":\"ListItem\",\"position\":1,\"name\":\"Home\",\"item\":\"https:\\\/\\\/vilight.vn\\\/website\\\/\"},{\"@type\":\"ListItem\",\"position\":2,\"name\":\"store\",\"item\":\"https:\\\/\\\/vilight.vn\\\/website\\\/store\\\/\"},{\"@type\":\"ListItem\",\"position\":3,\"name\":\"\u0110\u00e8n \u00e2m \u0111\u1ea5t VL-Vi08\"}]},{\"@type\":\"WebSite\",\"@id\":\"https:\\\/\\\/vilight.vn\\\/website\\\/#website\",\"url\":\"https:\\\/\\\/vilight.vn\\\/website\\\/\",\"name\":\"Vilight Co.ltd\",\"description\":\"Chi\u1ebfu s\u00e1ng m\u1ef9 thu\u1eadt, chi\u1ebfu s\u00e1ng th\u00f4ng minh, LED Pixel 3D, chi\u1ebfu s\u00e1ng trang tr\u00ed \u0111\u00f4 th\u1ecb, chi\u1ebfu s\u00e1ng v\u00f2ng xoay, chi\u1ebfu s\u00e1ng \u0111\u1ea3o giao th\u00f4ng, c\u1ed5ng ch\u00e0o \u0111\u00f4 th\u1ecb\",\"publisher\":{\"@id\":\"https:\\\/\\\/vilight.vn\\\/website\\\/#organization\"},\"potentialAction\":[{\"@type\":\"SearchAction\",\"target\":{\"@type\":\"EntryPoint\",\"urlTemplate\":\"https:\\\/\\\/vilight.vn\\\/website\\\/?s={search_term_string}\"},\"query-input\":{\"@type\":\"PropertyValueSpecification\",\"valueRequired\":true,\"valueName\":\"search_term_string\"}}],\"inLanguage\":\"vi\"},{\"@type\":\"Organization\",\"@id\":\"https:\\\/\\\/vilight.vn\\\/website\\\/#organization\",\"name\":\"Vilight\",\"url\":\"https:\\\/\\\/vilight.vn\\\/website\\\/\",\"logo\":{\"@type\":\"ImageObject\",\"inLanguage\":\"vi\",\"@id\":\"https:\\\/\\\/vilight.vn\\\/website\\\/#\\\/schema\\\/logo\\\/image\\\/\",\"url\":\"https:\\\/\\\/vilight.vn\\\/website\\\/wp-content\\\/uploads\\\/2022\\\/05\\\/chieu_sang_trang_tri_do_thi_bang_den_led_pixel.png\",\"contentUrl\":\"https:\\\/\\\/vilight.vn\\\/website\\\/wp-content\\\/uploads\\\/2022\\\/05\\\/chieu_sang_trang_tri_do_thi_bang_den_led_pixel.png\",\"width\":800,\"height\":427,\"caption\":\"Vilight\"},\"image\":{\"@id\":\"https:\\\/\\\/vilight.vn\\\/website\\\/#\\\/schema\\\/logo\\\/image\\\/\"},\"sameAs\":[\"http:\\\/\\\/facebook.com\\\/vilight.vn\",\"https:\\\/\\\/www.linkedin.com\\\/company\\\/vilight-vn\",\"https:\\\/\\\/www.youtube.com\\\/channel\\\/UCEwR2naeDcuarMX1kSv_rLQ\\\/videos\"]}]}<\/script>\n<meta property=\"product:brand\" content=\"\u0110\u00e8n chi\u1ebfu s\u00e1ng Facade\" \/>\n<meta property=\"product:price:currency\" content=\"VND\" \/>\n<meta property=\"og:availability\" content=\"instock\" \/>\n<meta property=\"product:availability\" content=\"instock\" \/>\n<meta property=\"product:condition\" content=\"new\" \/>\n<!-- \/ Yoast SEO Premium plugin. -->","yoast_head_json":{"title":"\u0110\u00e8n \u00e2m \u0111\u1ea5t VL-Vi08 - Vilight Co.ltd","description":"\u0110\u00e8n \u00e2m \u0111\u1ea5t VL-Vi08 \u0111\u01b0\u1ee3c thi\u1ebft k\u1ebf nh\u1ecf g\u1ecdn, s\u1eed d\u1ee5ng chip LED OSRAM\/CREE, b\u1ec1 m\u1eb7t b\u1ed9 \u0111\u00e8n \u0111\u01b0\u1ee3c l\u00e0m t\u1eeb INOX SS316L v\u00e0 k\u00ednh c\u01b0\u1eddng l\u1ef1c, v\u1ecf \u0111\u00e8n b\u1eb1ng nh\u00f4m \u0111\u00fac","robots":{"index":"index","follow":"follow","max-snippet":"max-snippet:-1","max-image-preview":"max-image-preview:large","max-video-preview":"max-video-preview:-1"},"canonical":"https:\/\/vilight.vn\/website\/san-pham\/den-chieu-sang-facade\/den-am-dat\/den-am-dat-vl-vi08\/","og_locale":"vi_VN","og_type":"article","og_title":"\u0110\u00e8n \u00e2m \u0111\u1ea5t VL-Vi08","og_description":"Kh\u00e1m ph\u00e1 \u0111\u00e8n \u00e2m \u0111\u1ea5t VL-Vi08 - S\u1ef1 k\u1ebft h\u1ee3p ho\u00e0n h\u1ea3o gi\u1eefa thi\u1ebft k\u1ebf nh\u1ecf g\u1ecdn, \u00e1nh s\u00e1ng ch\u1ea5t l\u01b0\u1ee3ng cao v\u00e0 ch\u1ed1ng ch\u00f3i. V\u1edbi chip LED OSRAM\/CREE, b\u1ec1 m\u1eb7t b\u1eb1ng INOX SS316L v\u00e0 k\u00ednh c\u01b0\u1eddng l\u1ef1c, \u0111\u00e8n n\u00e0y l\u00e0 l\u1ef1a ch\u1ecdn tuy\u1ec7t v\u1eddi \u0111\u1ec3 t\u1ea1o \u0111i\u1ec3m nh\u1ea5n th\u1ea9m m\u1ef9 cho kh\u00f4ng gian ngo\u1ea1i th\u1ea5t c\u1ee7a b\u1ea1n.","og_url":"https:\/\/vilight.vn\/website\/san-pham\/den-chieu-sang-facade\/den-am-dat\/den-am-dat-vl-vi08\/","og_site_name":"Vilight Co.ltd","article_publisher":"http:\/\/facebook.com\/vilight.vn","article_modified_time":"2023-08-22T03:36:12+00:00","og_image":[{"width":600,"height":600,"url":"https:\/\/vilight.vn\/website\/wp-content\/uploads\/2021\/06\/VL08-Logo.jpg","type":"image\/jpeg"}],"twitter_card":"summary_large_image","twitter_misc":{"Gi\u00e1":"","Kh\u1ea3 d\u1ee5ng":"Trong kho"},"schema":{"@context":"https:\/\/schema.org","@graph":[{"@type":"WebPage","@id":"https:\/\/vilight.vn\/website\/san-pham\/den-chieu-sang-facade\/den-am-dat\/den-am-dat-vl-vi08\/","url":"https:\/\/vilight.vn\/website\/san-pham\/den-chieu-sang-facade\/den-am-dat\/den-am-dat-vl-vi08\/","name":"\u0110\u00e8n \u00e2m \u0111\u1ea5t VL-Vi08 - Vilight Co.ltd","isPartOf":{"@id":"https:\/\/vilight.vn\/website\/#website"},"primaryImageOfPage":{"@id":"https:\/\/vilight.vn\/website\/san-pham\/den-chieu-sang-facade\/den-am-dat\/den-am-dat-vl-vi08\/#primaryimage"},"image":{"@id":"https:\/\/vilight.vn\/website\/san-pham\/den-chieu-sang-facade\/den-am-dat\/den-am-dat-vl-vi08\/#primaryimage"},"thumbnailUrl":"https:\/\/vilight.vn\/website\/wp-content\/uploads\/2021\/06\/VL08-Logo.jpg","datePublished":"2021-06-30T10:08:49+00:00","dateModified":"2023-08-22T03:36:12+00:00","description":"\u0110\u00e8n \u00e2m \u0111\u1ea5t VL-Vi08 \u0111\u01b0\u1ee3c thi\u1ebft k\u1ebf nh\u1ecf g\u1ecdn, s\u1eed d\u1ee5ng chip LED OSRAM\/CREE, b\u1ec1 m\u1eb7t b\u1ed9 \u0111\u00e8n \u0111\u01b0\u1ee3c l\u00e0m t\u1eeb INOX SS316L v\u00e0 k\u00ednh c\u01b0\u1eddng l\u1ef1c, v\u1ecf \u0111\u00e8n b\u1eb1ng nh\u00f4m \u0111\u00fac","breadcrumb":{"@id":"https:\/\/vilight.vn\/website\/san-pham\/den-chieu-sang-facade\/den-am-dat\/den-am-dat-vl-vi08\/#breadcrumb"},"inLanguage":"vi","potentialAction":[{"@type":"ReadAction","target":["https:\/\/vilight.vn\/website\/san-pham\/den-chieu-sang-facade\/den-am-dat\/den-am-dat-vl-vi08\/"]}]},{"@type":"ImageObject","inLanguage":"vi","@id":"https:\/\/vilight.vn\/website\/san-pham\/den-chieu-sang-facade\/den-am-dat\/den-am-dat-vl-vi08\/#primaryimage","url":"https:\/\/vilight.vn\/website\/wp-content\/uploads\/2021\/06\/VL08-Logo.jpg","contentUrl":"https:\/\/vilight.vn\/website\/wp-content\/uploads\/2021\/06\/VL08-Logo.jpg","width":600,"height":600,"caption":"\u0110\u00e8n \u00e2m \u0111\u1ea5t VL-Vi08"},{"@type":"BreadcrumbList","@id":"https:\/\/vilight.vn\/website\/san-pham\/den-chieu-sang-facade\/den-am-dat\/den-am-dat-vl-vi08\/#breadcrumb","itemListElement":[{"@type":"ListItem","position":1,"name":"Home","item":"https:\/\/vilight.vn\/website\/"},{"@type":"ListItem","position":2,"name":"store","item":"https:\/\/vilight.vn\/website\/store\/"},{"@type":"ListItem","position":3,"name":"\u0110\u00e8n \u00e2m \u0111\u1ea5t VL-Vi08"}]},{"@type":"WebSite","@id":"https:\/\/vilight.vn\/website\/#website","url":"https:\/\/vilight.vn\/website\/","name":"Vilight Co.ltd","description":"Chi\u1ebfu s\u00e1ng m\u1ef9 thu\u1eadt, chi\u1ebfu s\u00e1ng th\u00f4ng minh, LED Pixel 3D, chi\u1ebfu s\u00e1ng trang tr\u00ed \u0111\u00f4 th\u1ecb, chi\u1ebfu s\u00e1ng v\u00f2ng xoay, chi\u1ebfu s\u00e1ng \u0111\u1ea3o giao th\u00f4ng, c\u1ed5ng ch\u00e0o \u0111\u00f4 th\u1ecb","publisher":{"@id":"https:\/\/vilight.vn\/website\/#organization"},"potentialAction":[{"@type":"SearchAction","target":{"@type":"EntryPoint","urlTemplate":"https:\/\/vilight.vn\/website\/?s={search_term_string}"},"query-input":{"@type":"PropertyValueSpecification","valueRequired":true,"valueName":"search_term_string"}}],"inLanguage":"vi"},{"@type":"Organization","@id":"https:\/\/vilight.vn\/website\/#organization","name":"Vilight","url":"https:\/\/vilight.vn\/website\/","logo":{"@type":"ImageObject","inLanguage":"vi","@id":"https:\/\/vilight.vn\/website\/#\/schema\/logo\/image\/","url":"https:\/\/vilight.vn\/website\/wp-content\/uploads\/2022\/05\/chieu_sang_trang_tri_do_thi_bang_den_led_pixel.png","contentUrl":"https:\/\/vilight.vn\/website\/wp-content\/uploads\/2022\/05\/chieu_sang_trang_tri_do_thi_bang_den_led_pixel.png","width":800,"height":427,"caption":"Vilight"},"image":{"@id":"https:\/\/vilight.vn\/website\/#\/schema\/logo\/image\/"},"sameAs":["http:\/\/facebook.com\/vilight.vn","https:\/\/www.linkedin.com\/company\/vilight-vn","https:\/\/www.youtube.com\/channel\/UCEwR2naeDcuarMX1kSv_rLQ\/videos"]}]},"product_brand":"\u0110\u00e8n chi\u1ebfu s\u00e1ng Facade","product_price_currency":"VND","og_availability":"instock","product_availability":"instock","product_condition":"new"},"_links":{"self":[{"href":"https:\/\/vilight.vn\/website\/wp-json\/wp\/v2\/product\/1702","targetHints":{"allow":["GET"]}}],"collection":[{"href":"https:\/\/vilight.vn\/website\/wp-json\/wp\/v2\/product"}],"about":[{"href":"https:\/\/vilight.vn\/website\/wp-json\/wp\/v2\/types\/product"}],"wp:featuredmedia":[{"embeddable":true,"href":"https:\/\/vilight.vn\/website\/wp-json\/wp\/v2\/media\/1704"}],"wp:attachment":[{"href":"https:\/\/vilight.vn\/website\/wp-json\/wp\/v2\/media?parent=1702"}],"wp:term":[{"taxonomy":"product_brand","embeddable":true,"href":"https:\/\/vilight.vn\/website\/wp-json\/wp\/v2\/product_brand?post=1702"},{"taxonomy":"product_cat","embeddable":true,"href":"https:\/\/vilight.vn\/website\/wp-json\/wp\/v2\/product_cat?post=1702"},{"taxonomy":"product_tag","embeddable":true,"href":"https:\/\/vilight.vn\/website\/wp-json\/wp\/v2\/product_tag?post=1702"}],"curies":[{"name":"wp","href":"https:\/\/api.w.org\/{rel}","templated":true}]}}