{"id":1706,"date":"2021-06-30T17:22:59","date_gmt":"2021-06-30T10:22:59","guid":{"rendered":"https:\/\/vilight.vn\/website\/?post_type=product&#038;p=1706"},"modified":"2024-10-04T15:10:03","modified_gmt":"2024-10-04T08:10:03","slug":"den-duong-vl-vs1","status":"publish","type":"product","link":"https:\/\/vilight.vn\/website\/san-pham\/den-duong\/den-duong-vl-vs1\/","title":{"rendered":"\u0110\u00e8n \u0111\u01b0\u1eddng VL-VS1"},"content":{"rendered":"<h2 style=\"text-align: justify;\"><span style=\"font-size: 18pt;\">Gi\u1edbi thi\u1ec7u \u0110\u00e8n \u0111\u01b0\u1eddng VL-VS1<\/span><\/h2>\n<p style=\"text-align: justify;\"><span style=\"font-size: 14pt;\">Trong th\u1ebf k\u1ef7 21, v\u1edbi s\u1ef1 ph\u00e1t tri\u1ec3n nhanh ch\u00f3ng c\u1ee7a \u0111\u00f4 th\u1ecb hi\u1ec7n \u0111\u1ea1i, vi\u1ec7c cung c\u1ea5p \u00e1nh s\u00e1ng \u0111\u01b0\u1eddng ph\u1ed1 hi\u1ec7u qu\u1ea3 v\u00e0 an to\u00e0n tr\u1edf th\u00e0nh m\u1ed9t nhi\u1ec7m v\u1ee5 quan tr\u1ecdng. \u0110\u00e8n \u0111\u01b0\u1eddng VL-VS1 \u0111\u00e3 ch\u1ee9ng t\u1ecf m\u00ecnh l\u00e0 s\u1ef1 l\u1ef1a ch\u1ecdn tuy\u1ec7t v\u1eddi cho c\u00e1c d\u1ef1 \u00e1n chi\u1ebfu s\u00e1ng \u0111\u00f4 th\u1ecb. V\u1edbi thi\u1ebft k\u1ebf hi\u1ec7n \u0111\u1ea1i, v\u1eadt li\u1ec7u ch\u1ea5t l\u01b0\u1ee3ng v\u00e0 hi\u1ec7u su\u1ea5t \u00e1nh s\u00e1ng cao, \u0111\u00e8n \u0111\u01b0\u1eddng VL-VS1 \u0111\u00e1ng \u0111\u01b0\u1ee3c coi l\u00e0 ho\u00e0n h\u1ea3o cho vi\u1ec7c chi\u1ebfu s\u00e1ng \u0111\u01b0\u1eddng ph\u1ed1 trong th\u1eddi \u0111\u1ea1i ng\u00e0y nay.<\/span><\/p>\n<h3 style=\"text-align: justify;\"><span style=\"font-size: 14pt;\">I. Thi\u1ebft k\u1ebf \u0111\u1ed9c \u0111\u00e1o v\u00e0 thanh l\u1ecbch: <\/span><\/h3>\n<p style=\"text-align: justify;\"><span style=\"font-size: 14pt;\">\u0110\u00e8n \u0111\u01b0\u1eddng -VS1 \u0111\u01b0\u1ee3c thi\u1ebft k\u1ebf v\u1edbi ki\u1ec3u d\u00e1ng hi\u1ec7n \u0111\u1ea1i, nh\u1ea5n m\u1ea1nh v\u00e0o y\u1ebfu t\u1ed1 \u0111\u01a1n gi\u1ea3n v\u00e0 thanh l\u1ecbch. V\u1edbi thi\u1ebft k\u1ebf tr\u01a1n l\u00e1ng v\u00e0 s\u1ef1 k\u1ebft h\u1ee3p gi\u1eefa nh\u00f4m \u0111\u00fac \u00e1p l\u1ef1c cao v\u00e0 k\u00ednh c\u01b0\u1eddng l\u1ef1c, \u0111\u00e8n \u0111\u01b0\u1eddng n\u00e0y kh\u00f4ng ch\u1ec9 t\u1ea1o n\u00ean m\u1ed9t v\u1ebb \u0111\u1eb9p hi\u1ec7n \u0111\u1ea1i m\u00e0 c\u00f2n ch\u1ed1ng b\u1ee5i b\u1ea9n v\u00e0 \u0111\u1ea3m b\u1ea3o \u0111\u00e8n lu\u00f4n s\u1ea1ch s\u1ebd trong m\u00f4i tr\u01b0\u1eddng \u0111\u00f4 th\u1ecb b\u1ee5i b\u1ea9n. M\u1eb7t k\u00ednh c\u01b0\u1eddng l\u1ef1c v\u1edbi h\u1ec7 s\u1ed1 truy\u1ec1n s\u00e1ng cao l\u00ean t\u1edbi 94% \u0111\u1ea3m b\u1ea3o \u00e1nh s\u00e1ng ph\u00e1t t\u00e1n m\u1ed9t c\u00e1ch hi\u1ec7u qu\u1ea3 v\u00e0 mang l\u1ea1i hi\u1ec7u su\u1ea5t quang cao cho b\u1ed9 \u0111\u00e8n.<\/span><\/p>\n<p style=\"text-align: justify;\"><span style=\"font-size: 14pt;\"><a href=\"https:\/\/vilight.vn\/website\/wp-content\/uploads\/2021\/06\/VS1.jpg\"><img decoding=\"async\" class=\"aligncenter wp-image-1707 lazyload\" data-src=\"https:\/\/vilight.vn\/website\/wp-content\/uploads\/2021\/06\/VS1.jpg\" alt=\"\u0110\u00e8n \u0111\u01b0\u1eddng VL-VS1\" width=\"1500\" height=\"938\" data-srcset=\"https:\/\/vilight.vn\/website\/wp-content\/uploads\/2021\/06\/VS1.jpg 1200w, https:\/\/vilight.vn\/website\/wp-content\/uploads\/2021\/06\/VS1-800x500.jpg 800w, https:\/\/vilight.vn\/website\/wp-content\/uploads\/2021\/06\/VS1-300x188.jpg 300w, https:\/\/vilight.vn\/website\/wp-content\/uploads\/2021\/06\/VS1-1024x640.jpg 1024w, https:\/\/vilight.vn\/website\/wp-content\/uploads\/2021\/06\/VS1-768x480.jpg 768w, https:\/\/vilight.vn\/website\/wp-content\/uploads\/2021\/06\/VS1-16x10.jpg 16w, https:\/\/vilight.vn\/website\/wp-content\/uploads\/2021\/06\/VS1-234x146.jpg 234w, https:\/\/vilight.vn\/website\/wp-content\/uploads\/2021\/06\/VS1-50x31.jpg 50w, https:\/\/vilight.vn\/website\/wp-content\/uploads\/2021\/06\/VS1-120x75.jpg 120w, https:\/\/vilight.vn\/website\/wp-content\/uploads\/2021\/06\/VS1-600x375.jpg 600w\" data-sizes=\"(max-width:767px) 480px, (max-width:1500px) 100vw, 1500px\" src=\"data:image\/svg+xml;base64,PHN2ZyB3aWR0aD0iMSIgaGVpZ2h0PSIxIiB4bWxucz0iaHR0cDovL3d3dy53My5vcmcvMjAwMC9zdmciPjwvc3ZnPg==\" style=\"--smush-placeholder-width: 1500px; --smush-placeholder-aspect-ratio: 1500\/938;\" \/><\/a><\/span><\/p>\n<h3 style=\"text-align: justify;\"><span style=\"font-size: 14pt;\">II. S\u1ef1 k\u1ebft h\u1ee3p c\u00f4ng ngh\u1ec7 ti\u00ean ti\u1ebfn c\u1ee7a \u0110\u00e8n \u0111\u01b0\u1eddng VL-VS1:<\/span><\/h3>\n<p style=\"text-align: justify;\"><span style=\"font-size: 14pt;\">\u0110\u00e8n \u0111\u01b0\u1eddng -VS1 s\u1eed d\u1ee5ng chip LED OSRAM t\u1eeb \u0110\u1ee9c, m\u1ed9t trong nh\u1eefng th\u01b0\u01a1ng hi\u1ec7u h\u00e0ng \u0111\u1ea7u trong ng\u00e0nh \u00e1nh s\u00e1ng. Chip LED OSRAM mang l\u1ea1i hi\u1ec7u su\u1ea5t cao, \u0111\u1ed9 tin c\u1eady v\u00e0 tu\u1ed5i th\u1ecd d\u00e0i, gi\u00fap \u0111\u00e8n \u0111\u01b0\u1eddng ho\u1ea1t \u0111\u1ed9ng m\u1ed9t c\u00e1ch \u1ed5n \u0111\u1ecbnh v\u00e0 ti\u1ebft ki\u1ec7m n\u0103ng l\u01b0\u1ee3ng. B\u1ed9 ngu\u1ed3n (Driver) c\u1ee7a \u0111\u00e8n \u0111\u01b0\u1ee3c l\u1ef1a ch\u1ecdn t\u1eeb c\u00e1c h\u00e3ng danh ti\u1ebfng nh\u01b0 Philips v\u00e0 Meanwell, \u0111\u1ea3m b\u1ea3o kh\u1ea3 n\u0103ng cung c\u1ea5p \u0111i\u1ec7n \u1ed5n \u0111\u1ecbnh v\u00e0 \u0111\u1ed9 b\u1ec1n cao.<\/span><\/p>\n<h3 style=\"text-align: justify;\"><span style=\"font-size: 14pt;\">III. T\u00ednh n\u0103ng b\u1ea3o v\u1ec7 v\u00e0 an to\u00e0n:<\/span><\/h3>\n<p style=\"text-align: justify;\"><span style=\"font-size: 14pt;\">\u0110\u00e8n \u0111\u01b0\u1eddng VL-VS1 kh\u00f4ng ch\u1ec9 mang \u0111\u1ebfn \u00e1nh s\u00e1ng ch\u1ea5t l\u01b0\u1ee3ng m\u00e0 c\u00f2n \u0111\u01b0\u1ee3c trang b\u1ecb thi\u1ebft b\u1ecb ch\u1ed1ng s\u00e9t lan truy\u1ec1n (SPD) v\u1edbi kh\u1ea3 n\u0103ng ch\u1ecbu \u0111\u01b0\u1ee3c 10KV\/10KA. \u0110i\u1ec1u n\u00e0y \u0111\u1ea3m b\u1ea3o r\u1eb1ng \u0111\u00e8n s\u1ebd \u0111\u01b0\u1ee3c b\u1ea3o v\u1ec7 kh\u1ecfi nh\u1eefng t\u1ed5n th\u1ea5t do s\u00e9t \u0111\u00e1nh v\u00e0 duy tr\u00ec hi\u1ec7u su\u1ea5t chi\u1ebfu s\u00e1ng \u1ed5n \u0111\u1ecbnh trong m\u1ecdi \u0111i\u1ec1u ki\u1ec7n th\u1eddi ti\u1ebft. \u0110\u00e8n \u0111\u01b0\u1eddng VL-VS1 c\u0169ng \u0111\u00e1p \u1ee9ng c\u00e1c ti\u00eau chu\u1ea9n an to\u00e0n v\u00e0 ch\u1ea5t l\u01b0\u1ee3ng qu\u1ed1c t\u1ebf, \u0111\u1ea3m b\u1ea3o s\u1ef1 tin c\u1eady v\u00e0 s\u1ef1 an to\u00e0n cho h\u1ec7 th\u1ed1ng chi\u1ebfu s\u00e1ng \u0111\u01b0\u1eddng ph\u1ed1.<\/span><\/p>\n<h3 style=\"text-align: justify;\"><span style=\"font-size: 14pt;\">IV. \u1ee8ng d\u1ee5ng \u0111a d\u1ea1ng c\u1ee7a \u0110\u00e8n \u0111\u01b0\u1eddng VL-VS1:<\/span><\/h3>\n<p style=\"text-align: justify;\"><span style=\"font-size: 14pt;\">V\u1edbi thi\u1ebft k\u1ebf linh ho\u1ea1t v\u00e0 hi\u1ec7u su\u1ea5t \u00e1nh s\u00e1ng cao, \u0111\u00e8n \u0111\u01b0\u1eddng -VS1 ph\u00f9 h\u1ee3p v\u1edbi nhi\u1ec1u v\u1ecb tr\u00ed chi\u1ebfu s\u00e1ng trong \u0111\u00f4 th\u1ecb hi\u1ec7n \u0111\u1ea1i. D\u00f9 l\u00e0 \u0111\u01b0\u1eddng ph\u1ed1, con \u0111\u01b0\u1eddng n\u1ed9i b\u1ed9, c\u00f4ng vi\u00ean hay khu d\u00e2n c\u01b0, \u0111\u00e8n \u0111\u01b0\u1eddng n\u00e0y mang l\u1ea1i \u00e1nh s\u00e1ng m\u1ea1nh m\u1ebd v\u00e0 \u0111\u1ed3ng nh\u1ea5t, t\u1ea1o n\u00ean m\u00f4i tr\u01b0\u1eddng an to\u00e0n v\u00e0 tho\u1ea3i m\u00e1i cho ng\u01b0\u1eddi d\u00e2n.<\/span><\/p>\n<h3 style=\"text-align: justify;\"><span style=\"font-size: 14pt;\">V. K\u1ebft lu\u1eadn:<\/span><\/h3>\n<p style=\"text-align: justify;\"><span style=\"font-size: 14pt;\">\u0110\u00e8n \u0111\u01b0\u1eddng VL-VS1 l\u00e0 s\u1ef1 k\u1ebft h\u1ee3p ho\u00e0n h\u1ea3o gi\u1eefa thi\u1ebft k\u1ebf hi\u1ec7n \u0111\u1ea1i, v\u1eadt li\u1ec7u ch\u1ea5t l\u01b0\u1ee3ng v\u00e0 c\u00f4ng ngh\u1ec7 ti\u00ean ti\u1ebfn. V\u1edbi \u00e1nh s\u00e1ng ch\u1ea5t l\u01b0\u1ee3ng cao, hi\u1ec7u su\u1ea5t \u00e1nh s\u00e1ng t\u1ed1i \u01b0u, v\u00e0 t\u00ednh n\u0103ng b\u1ea3o v\u1ec7 an to\u00e0n, \u0111\u00e8n \u0111\u01b0\u1eddng VL-VS1 l\u00e0 l\u1ef1a ch\u1ecdn l\u00fd t\u01b0\u1edfng cho c\u00e1c d\u1ef1 \u00e1n chi\u1ebfu s\u00e1ng \u0111\u00f4 th\u1ecb hi\u1ec7n \u0111\u1ea1i.<\/span><\/p>\n","protected":false},"excerpt":{"rendered":"<p style=\"text-align: justify;\"><span style=\"font-size: 14pt;\">\u0110\u00e8n \u0111\u01b0\u1eddng VL-VS1: Thi\u1ebft k\u1ebf hi\u1ec7n \u0111\u1ea1i, nh\u00f4m \u0111\u00fac cao c\u1ea5p, k\u00ednh c\u01b0\u1eddng l\u1ef1c 94%, chip LED Osram, b\u1ed9 ngu\u1ed3n Philips\/Meanwell, t\u00edch h\u1ee3p SPD 10kV\/10kA. S\u1ef1 l\u1ef1a ch\u1ecdn ho\u00e0n h\u1ea3o cho chi\u1ebfu s\u00e1ng \u0111\u00f4 th\u1ecb hi\u1ec7n \u0111\u1ea1i.<\/span><\/p>\n","protected":false},"featured_media":1708,"template":"","meta":[],"product_brand":[],"product_cat":[73,72],"product_tag":[],"class_list":{"0":"post-1706","1":"product","2":"type-product","3":"status-publish","4":"has-post-thumbnail","6":"product_cat-den-chieu-sang-facade","7":"product_cat-den-duong","8":"pa_chip-led-oram","9":"pa_dien-ap-hoat-dong-ac-100-277v","10":"pa_do-kin-ip-66","11":"pa_nhiet-do-mau-3000k","12":"pa_nhiet-do-mau-4000k","13":"pa_nhiet-do-mau-6000k","15":"first","16":"instock","17":"taxable","18":"shipping-taxable","19":"product-type-simple"},"yoast_head":"<!-- This site is optimized with the Yoast SEO Premium plugin v27.4 (Yoast SEO v27.4) - https:\/\/yoast.com\/product\/yoast-seo-premium-wordpress\/ -->\n<title>\u0110\u00e8n \u0111\u01b0\u1eddng VL-VS1 ph\u00e2n ph\u1ed1i ch\u00ednh h\u00e3ng b\u1edfi Vilight.<\/title>\n<meta name=\"description\" content=\"\u0110\u00e8n \u0111\u01b0\u1eddng VL-VS1 s\u1eed d\u1ee5ng chip LED OSRAM (\u0110\u1ee9c), (Driver) Philips, Meanwell, Inventronics v\u00e0 ch\u1ed1ng s\u00e9t lan truy\u1ec1n (SPD) 10KV\/10KA\" \/>\n<meta name=\"robots\" content=\"index, follow, max-snippet:-1, max-image-preview:large, max-video-preview:-1\" \/>\n<link rel=\"canonical\" href=\"https:\/\/vilight.vn\/website\/san-pham\/den-duong\/den-duong-vl-vs1\/\" \/>\n<meta property=\"og:locale\" content=\"vi_VN\" \/>\n<meta property=\"og:type\" content=\"article\" \/>\n<meta property=\"og:title\" content=\"\u0110\u00e8n \u0111\u01b0\u1eddng VL-VS1\" \/>\n<meta property=\"og:description\" content=\"\u0110\u00e8n \u0111\u01b0\u1eddng VL-VS1: Thi\u1ebft k\u1ebf hi\u1ec7n \u0111\u1ea1i, nh\u00f4m \u0111\u00fac cao c\u1ea5p, k\u00ednh c\u01b0\u1eddng l\u1ef1c 94%, chip LED Osram, b\u1ed9 ngu\u1ed3n Philips\/Meanwell, t\u00edch h\u1ee3p SPD 10kV\/10kA. S\u1ef1 l\u1ef1a ch\u1ecdn ho\u00e0n h\u1ea3o cho chi\u1ebfu s\u00e1ng \u0111\u00f4 th\u1ecb hi\u1ec7n \u0111\u1ea1i.\" \/>\n<meta property=\"og:url\" content=\"https:\/\/vilight.vn\/website\/san-pham\/den-duong\/den-duong-vl-vs1\/\" \/>\n<meta property=\"og:site_name\" content=\"Vilight Co.ltd\" \/>\n<meta property=\"article:publisher\" content=\"http:\/\/facebook.com\/vilight.vn\" \/>\n<meta property=\"article:modified_time\" content=\"2024-10-04T08:10:03+00:00\" \/>\n<meta property=\"og:image\" content=\"https:\/\/vilight.vn\/website\/wp-content\/uploads\/2021\/06\/VS1-logo.jpg\" \/>\n\t<meta property=\"og:image:width\" content=\"600\" \/>\n\t<meta property=\"og:image:height\" content=\"600\" \/>\n\t<meta property=\"og:image:type\" content=\"image\/jpeg\" \/>\n<meta name=\"twitter:card\" content=\"summary_large_image\" \/>\n<meta name=\"twitter:label1\" content=\"Gi\u00e1\" \/>\n\t<meta name=\"twitter:data1\" content=\"\" \/>\n\t<meta name=\"twitter:label2\" content=\"Kh\u1ea3 d\u1ee5ng\" \/>\n\t<meta name=\"twitter:data2\" content=\"Trong kho\" \/>\n<script type=\"application\/ld+json\" class=\"yoast-schema-graph\">{\"@context\":\"https:\\\/\\\/schema.org\",\"@graph\":[{\"@type\":\"WebPage\",\"@id\":\"https:\\\/\\\/vilight.vn\\\/website\\\/san-pham\\\/den-duong\\\/den-duong-vl-vs1\\\/\",\"url\":\"https:\\\/\\\/vilight.vn\\\/website\\\/san-pham\\\/den-duong\\\/den-duong-vl-vs1\\\/\",\"name\":\"\u0110\u00e8n \u0111\u01b0\u1eddng VL-VS1 ph\u00e2n ph\u1ed1i ch\u00ednh h\u00e3ng b\u1edfi Vilight.\",\"isPartOf\":{\"@id\":\"https:\\\/\\\/vilight.vn\\\/website\\\/#website\"},\"primaryImageOfPage\":{\"@id\":\"https:\\\/\\\/vilight.vn\\\/website\\\/san-pham\\\/den-duong\\\/den-duong-vl-vs1\\\/#primaryimage\"},\"image\":{\"@id\":\"https:\\\/\\\/vilight.vn\\\/website\\\/san-pham\\\/den-duong\\\/den-duong-vl-vs1\\\/#primaryimage\"},\"thumbnailUrl\":\"https:\\\/\\\/vilight.vn\\\/website\\\/wp-content\\\/uploads\\\/2021\\\/06\\\/VS1-logo.jpg\",\"datePublished\":\"2021-06-30T10:22:59+00:00\",\"dateModified\":\"2024-10-04T08:10:03+00:00\",\"description\":\"\u0110\u00e8n \u0111\u01b0\u1eddng VL-VS1 s\u1eed d\u1ee5ng chip LED OSRAM (\u0110\u1ee9c), (Driver) Philips, Meanwell, Inventronics v\u00e0 ch\u1ed1ng s\u00e9t lan truy\u1ec1n (SPD) 10KV\\\/10KA\",\"breadcrumb\":{\"@id\":\"https:\\\/\\\/vilight.vn\\\/website\\\/san-pham\\\/den-duong\\\/den-duong-vl-vs1\\\/#breadcrumb\"},\"inLanguage\":\"vi\",\"potentialAction\":[{\"@type\":\"ReadAction\",\"target\":[\"https:\\\/\\\/vilight.vn\\\/website\\\/san-pham\\\/den-duong\\\/den-duong-vl-vs1\\\/\"]}]},{\"@type\":\"ImageObject\",\"inLanguage\":\"vi\",\"@id\":\"https:\\\/\\\/vilight.vn\\\/website\\\/san-pham\\\/den-duong\\\/den-duong-vl-vs1\\\/#primaryimage\",\"url\":\"https:\\\/\\\/vilight.vn\\\/website\\\/wp-content\\\/uploads\\\/2021\\\/06\\\/VS1-logo.jpg\",\"contentUrl\":\"https:\\\/\\\/vilight.vn\\\/website\\\/wp-content\\\/uploads\\\/2021\\\/06\\\/VS1-logo.jpg\",\"width\":600,\"height\":600,\"caption\":\"\u0110\u00e8n \u0111\u01b0\u1eddng VL-VS1\"},{\"@type\":\"BreadcrumbList\",\"@id\":\"https:\\\/\\\/vilight.vn\\\/website\\\/san-pham\\\/den-duong\\\/den-duong-vl-vs1\\\/#breadcrumb\",\"itemListElement\":[{\"@type\":\"ListItem\",\"position\":1,\"name\":\"Home\",\"item\":\"https:\\\/\\\/vilight.vn\\\/website\\\/\"},{\"@type\":\"ListItem\",\"position\":2,\"name\":\"store\",\"item\":\"https:\\\/\\\/vilight.vn\\\/website\\\/store\\\/\"},{\"@type\":\"ListItem\",\"position\":3,\"name\":\"\u0110\u00e8n \u0111\u01b0\u1eddng VL-VS1\"}]},{\"@type\":\"WebSite\",\"@id\":\"https:\\\/\\\/vilight.vn\\\/website\\\/#website\",\"url\":\"https:\\\/\\\/vilight.vn\\\/website\\\/\",\"name\":\"Vilight Co.ltd\",\"description\":\"Chi\u1ebfu s\u00e1ng m\u1ef9 thu\u1eadt, chi\u1ebfu s\u00e1ng th\u00f4ng minh, LED Pixel 3D, chi\u1ebfu s\u00e1ng trang tr\u00ed \u0111\u00f4 th\u1ecb, chi\u1ebfu s\u00e1ng v\u00f2ng xoay, chi\u1ebfu s\u00e1ng \u0111\u1ea3o giao th\u00f4ng, c\u1ed5ng ch\u00e0o \u0111\u00f4 th\u1ecb\",\"publisher\":{\"@id\":\"https:\\\/\\\/vilight.vn\\\/website\\\/#organization\"},\"potentialAction\":[{\"@type\":\"SearchAction\",\"target\":{\"@type\":\"EntryPoint\",\"urlTemplate\":\"https:\\\/\\\/vilight.vn\\\/website\\\/?s={search_term_string}\"},\"query-input\":{\"@type\":\"PropertyValueSpecification\",\"valueRequired\":true,\"valueName\":\"search_term_string\"}}],\"inLanguage\":\"vi\"},{\"@type\":\"Organization\",\"@id\":\"https:\\\/\\\/vilight.vn\\\/website\\\/#organization\",\"name\":\"Vilight\",\"url\":\"https:\\\/\\\/vilight.vn\\\/website\\\/\",\"logo\":{\"@type\":\"ImageObject\",\"inLanguage\":\"vi\",\"@id\":\"https:\\\/\\\/vilight.vn\\\/website\\\/#\\\/schema\\\/logo\\\/image\\\/\",\"url\":\"https:\\\/\\\/vilight.vn\\\/website\\\/wp-content\\\/uploads\\\/2022\\\/05\\\/chieu_sang_trang_tri_do_thi_bang_den_led_pixel.png\",\"contentUrl\":\"https:\\\/\\\/vilight.vn\\\/website\\\/wp-content\\\/uploads\\\/2022\\\/05\\\/chieu_sang_trang_tri_do_thi_bang_den_led_pixel.png\",\"width\":800,\"height\":427,\"caption\":\"Vilight\"},\"image\":{\"@id\":\"https:\\\/\\\/vilight.vn\\\/website\\\/#\\\/schema\\\/logo\\\/image\\\/\"},\"sameAs\":[\"http:\\\/\\\/facebook.com\\\/vilight.vn\",\"https:\\\/\\\/www.linkedin.com\\\/company\\\/vilight-vn\",\"https:\\\/\\\/www.youtube.com\\\/channel\\\/UCEwR2naeDcuarMX1kSv_rLQ\\\/videos\"]}]}<\/script>\n<meta property=\"product:brand\" content=\"\u0110\u00e8n \u0111\u01b0\u1eddng\" \/>\n<meta property=\"product:price:currency\" content=\"VND\" \/>\n<meta property=\"og:availability\" content=\"instock\" \/>\n<meta property=\"product:availability\" content=\"instock\" \/>\n<meta property=\"product:condition\" content=\"new\" \/>\n<!-- \/ Yoast SEO Premium plugin. -->","yoast_head_json":{"title":"\u0110\u00e8n \u0111\u01b0\u1eddng VL-VS1 ph\u00e2n ph\u1ed1i ch\u00ednh h\u00e3ng b\u1edfi Vilight.","description":"\u0110\u00e8n \u0111\u01b0\u1eddng VL-VS1 s\u1eed d\u1ee5ng chip LED OSRAM (\u0110\u1ee9c), (Driver) Philips, Meanwell, Inventronics v\u00e0 ch\u1ed1ng s\u00e9t lan truy\u1ec1n (SPD) 10KV\/10KA","robots":{"index":"index","follow":"follow","max-snippet":"max-snippet:-1","max-image-preview":"max-image-preview:large","max-video-preview":"max-video-preview:-1"},"canonical":"https:\/\/vilight.vn\/website\/san-pham\/den-duong\/den-duong-vl-vs1\/","og_locale":"vi_VN","og_type":"article","og_title":"\u0110\u00e8n \u0111\u01b0\u1eddng VL-VS1","og_description":"\u0110\u00e8n \u0111\u01b0\u1eddng VL-VS1: Thi\u1ebft k\u1ebf hi\u1ec7n \u0111\u1ea1i, nh\u00f4m \u0111\u00fac cao c\u1ea5p, k\u00ednh c\u01b0\u1eddng l\u1ef1c 94%, chip LED Osram, b\u1ed9 ngu\u1ed3n Philips\/Meanwell, t\u00edch h\u1ee3p SPD 10kV\/10kA. S\u1ef1 l\u1ef1a ch\u1ecdn ho\u00e0n h\u1ea3o cho chi\u1ebfu s\u00e1ng \u0111\u00f4 th\u1ecb hi\u1ec7n \u0111\u1ea1i.","og_url":"https:\/\/vilight.vn\/website\/san-pham\/den-duong\/den-duong-vl-vs1\/","og_site_name":"Vilight Co.ltd","article_publisher":"http:\/\/facebook.com\/vilight.vn","article_modified_time":"2024-10-04T08:10:03+00:00","og_image":[{"width":600,"height":600,"url":"https:\/\/vilight.vn\/website\/wp-content\/uploads\/2021\/06\/VS1-logo.jpg","type":"image\/jpeg"}],"twitter_card":"summary_large_image","twitter_misc":{"Gi\u00e1":"","Kh\u1ea3 d\u1ee5ng":"Trong kho"},"schema":{"@context":"https:\/\/schema.org","@graph":[{"@type":"WebPage","@id":"https:\/\/vilight.vn\/website\/san-pham\/den-duong\/den-duong-vl-vs1\/","url":"https:\/\/vilight.vn\/website\/san-pham\/den-duong\/den-duong-vl-vs1\/","name":"\u0110\u00e8n \u0111\u01b0\u1eddng VL-VS1 ph\u00e2n ph\u1ed1i ch\u00ednh h\u00e3ng b\u1edfi Vilight.","isPartOf":{"@id":"https:\/\/vilight.vn\/website\/#website"},"primaryImageOfPage":{"@id":"https:\/\/vilight.vn\/website\/san-pham\/den-duong\/den-duong-vl-vs1\/#primaryimage"},"image":{"@id":"https:\/\/vilight.vn\/website\/san-pham\/den-duong\/den-duong-vl-vs1\/#primaryimage"},"thumbnailUrl":"https:\/\/vilight.vn\/website\/wp-content\/uploads\/2021\/06\/VS1-logo.jpg","datePublished":"2021-06-30T10:22:59+00:00","dateModified":"2024-10-04T08:10:03+00:00","description":"\u0110\u00e8n \u0111\u01b0\u1eddng VL-VS1 s\u1eed d\u1ee5ng chip LED OSRAM (\u0110\u1ee9c), (Driver) Philips, Meanwell, Inventronics v\u00e0 ch\u1ed1ng s\u00e9t lan truy\u1ec1n (SPD) 10KV\/10KA","breadcrumb":{"@id":"https:\/\/vilight.vn\/website\/san-pham\/den-duong\/den-duong-vl-vs1\/#breadcrumb"},"inLanguage":"vi","potentialAction":[{"@type":"ReadAction","target":["https:\/\/vilight.vn\/website\/san-pham\/den-duong\/den-duong-vl-vs1\/"]}]},{"@type":"ImageObject","inLanguage":"vi","@id":"https:\/\/vilight.vn\/website\/san-pham\/den-duong\/den-duong-vl-vs1\/#primaryimage","url":"https:\/\/vilight.vn\/website\/wp-content\/uploads\/2021\/06\/VS1-logo.jpg","contentUrl":"https:\/\/vilight.vn\/website\/wp-content\/uploads\/2021\/06\/VS1-logo.jpg","width":600,"height":600,"caption":"\u0110\u00e8n \u0111\u01b0\u1eddng VL-VS1"},{"@type":"BreadcrumbList","@id":"https:\/\/vilight.vn\/website\/san-pham\/den-duong\/den-duong-vl-vs1\/#breadcrumb","itemListElement":[{"@type":"ListItem","position":1,"name":"Home","item":"https:\/\/vilight.vn\/website\/"},{"@type":"ListItem","position":2,"name":"store","item":"https:\/\/vilight.vn\/website\/store\/"},{"@type":"ListItem","position":3,"name":"\u0110\u00e8n \u0111\u01b0\u1eddng VL-VS1"}]},{"@type":"WebSite","@id":"https:\/\/vilight.vn\/website\/#website","url":"https:\/\/vilight.vn\/website\/","name":"Vilight Co.ltd","description":"Chi\u1ebfu s\u00e1ng m\u1ef9 thu\u1eadt, chi\u1ebfu s\u00e1ng th\u00f4ng minh, LED Pixel 3D, chi\u1ebfu s\u00e1ng trang tr\u00ed \u0111\u00f4 th\u1ecb, chi\u1ebfu s\u00e1ng v\u00f2ng xoay, chi\u1ebfu s\u00e1ng \u0111\u1ea3o giao th\u00f4ng, c\u1ed5ng ch\u00e0o \u0111\u00f4 th\u1ecb","publisher":{"@id":"https:\/\/vilight.vn\/website\/#organization"},"potentialAction":[{"@type":"SearchAction","target":{"@type":"EntryPoint","urlTemplate":"https:\/\/vilight.vn\/website\/?s={search_term_string}"},"query-input":{"@type":"PropertyValueSpecification","valueRequired":true,"valueName":"search_term_string"}}],"inLanguage":"vi"},{"@type":"Organization","@id":"https:\/\/vilight.vn\/website\/#organization","name":"Vilight","url":"https:\/\/vilight.vn\/website\/","logo":{"@type":"ImageObject","inLanguage":"vi","@id":"https:\/\/vilight.vn\/website\/#\/schema\/logo\/image\/","url":"https:\/\/vilight.vn\/website\/wp-content\/uploads\/2022\/05\/chieu_sang_trang_tri_do_thi_bang_den_led_pixel.png","contentUrl":"https:\/\/vilight.vn\/website\/wp-content\/uploads\/2022\/05\/chieu_sang_trang_tri_do_thi_bang_den_led_pixel.png","width":800,"height":427,"caption":"Vilight"},"image":{"@id":"https:\/\/vilight.vn\/website\/#\/schema\/logo\/image\/"},"sameAs":["http:\/\/facebook.com\/vilight.vn","https:\/\/www.linkedin.com\/company\/vilight-vn","https:\/\/www.youtube.com\/channel\/UCEwR2naeDcuarMX1kSv_rLQ\/videos"]}]},"product_brand":"\u0110\u00e8n \u0111\u01b0\u1eddng","product_price_currency":"VND","og_availability":"instock","product_availability":"instock","product_condition":"new"},"_links":{"self":[{"href":"https:\/\/vilight.vn\/website\/wp-json\/wp\/v2\/product\/1706","targetHints":{"allow":["GET"]}}],"collection":[{"href":"https:\/\/vilight.vn\/website\/wp-json\/wp\/v2\/product"}],"about":[{"href":"https:\/\/vilight.vn\/website\/wp-json\/wp\/v2\/types\/product"}],"wp:featuredmedia":[{"embeddable":true,"href":"https:\/\/vilight.vn\/website\/wp-json\/wp\/v2\/media\/1708"}],"wp:attachment":[{"href":"https:\/\/vilight.vn\/website\/wp-json\/wp\/v2\/media?parent=1706"}],"wp:term":[{"taxonomy":"product_brand","embeddable":true,"href":"https:\/\/vilight.vn\/website\/wp-json\/wp\/v2\/product_brand?post=1706"},{"taxonomy":"product_cat","embeddable":true,"href":"https:\/\/vilight.vn\/website\/wp-json\/wp\/v2\/product_cat?post=1706"},{"taxonomy":"product_tag","embeddable":true,"href":"https:\/\/vilight.vn\/website\/wp-json\/wp\/v2\/product_tag?post=1706"}],"curies":[{"name":"wp","href":"https:\/\/api.w.org\/{rel}","templated":true}]}}