{"id":1709,"date":"2021-06-30T17:23:54","date_gmt":"2021-06-30T10:23:54","guid":{"rendered":"https:\/\/vilight.vn\/website\/?post_type=product&#038;p=1709"},"modified":"2024-10-04T15:10:18","modified_gmt":"2024-10-04T08:10:18","slug":"den-duong-vl-vs2","status":"publish","type":"product","link":"https:\/\/vilight.vn\/website\/san-pham\/den-duong\/den-duong-vl-vs2\/","title":{"rendered":"\u0110\u00e8n \u0111\u01b0\u1eddng VL-VS2"},"content":{"rendered":"<h2 style=\"text-align: justify;\"><span style=\"font-size: 18pt;\">\u0110\u00e8n \u0111\u01b0\u1eddng VL-VS2 &#8211; Thi\u1ebft k\u1ebf Hi\u1ec7n \u0111\u1ea1i, \u00c1nh s\u00e1ng Ch\u1ea5t l\u01b0\u1ee3ng v\u00e0 B\u1ec1n b\u1ec9<\/span><\/h2>\n<p style=\"text-align: justify;\"><span style=\"font-size: 14pt;\">\u0110\u00e8n \u0111\u01b0\u1eddng &#8211; VS2 l\u00e0 m\u1ed9t m\u1eabu \u0111\u00e8n \u0111\u01b0\u1eddng v\u1edbi thi\u1ebft k\u1ebf hi\u1ec7n \u0111\u1ea1i v\u00e0 t\u00ednh n\u0103ng v\u01b0\u1ee3t tr\u1ed9i, nh\u1eb1m \u0111\u00e1p \u1ee9ng nhu c\u1ea7u chi\u1ebfu s\u00e1ng trong c\u00e1c khu v\u1ef1c \u0111\u00f4 th\u1ecb, cao t\u1ed1c, ph\u1ee5, \u0111\u00f4 th\u1ecb\/n\u00f4ng th\u00f4n v\u00e0 nhi\u1ec1u lo\u1ea1i \u0111\u01b0\u1eddng kh\u00e1c. V\u1edbi s\u1ef1 k\u1ebft h\u1ee3p gi\u1eefa thi\u1ebft k\u1ebf tinh t\u1ebf, hi\u1ec7u su\u1ea5t \u00e1nh s\u00e1ng cao v\u00e0 \u0111\u1ed9 b\u1ec1n \u1ea5n t\u01b0\u1ee3ng, \u0111\u00e8n \u0111\u01b0\u1eddng VL-VS2 \u0111\u00e3 t\u1ea1o ra s\u1ef1 thay \u0111\u1ed5i \u0111\u00e1ng k\u1ec3 trong vi\u1ec7c chi\u1ebfu s\u00e1ng \u0111\u01b0\u1eddng ph\u1ed1.<\/span><\/p>\n<p style=\"text-align: justify;\"><span style=\"font-size: 14pt;\">V\u1edbi thi\u1ebft k\u1ebf d\u1ea1ng Modul, vi\u1ec7c l\u1eafp \u0111\u1eb7t v\u00e0 b\u1ea3o tr\u00ec \u0111\u00e8n \u0111\u01b0\u1eddng -VS2 tr\u1edf n\u00ean d\u1ec5 d\u00e0ng v\u00e0 ti\u1ebft ki\u1ec7m th\u1eddi gian. \u0110\u01b0\u1ee3c t\u00edch h\u1ee3p v\u1edbi c\u00f4ng ngh\u1ec7 quang h\u1ecdc chuy\u00ean nghi\u1ec7p, \u0111\u00e8n \u0111\u01b0\u1eddng n\u00e0y cung c\u1ea5p \u00e1nh s\u00e1ng m\u1ea1nh m\u1ebd, \u0111\u1ed3ng \u0111\u1ec1u v\u00e0 kh\u00f4ng g\u00e2y ch\u00f3i m\u1eaft, gi\u00fap ng\u01b0\u1eddi \u0111i \u0111\u01b0\u1eddng c\u1ea3m th\u1ea5y an to\u00e0n v\u00e0 tho\u1ea3i m\u00e1i.<\/span><\/p>\n<p style=\"text-align: justify;\"><span style=\"font-size: 14pt;\">\u0110\u00e8n \u0111\u01b0\u1eddng VL-VS2 s\u1eed d\u1ee5ng chip LED cao c\u1ea5p t\u1eeb OSRAM &#8211; m\u1ed9t th\u01b0\u01a1ng hi\u1ec7u danh ti\u1ebfng t\u1eeb \u0110\u1ee9c. \u0110i\u1ec1u n\u00e0y \u0111\u1ea3m b\u1ea3o r\u1eb1ng \u00e1nh s\u00e1ng \u0111\u01b0\u1ee3c ph\u00e1t ra t\u1eeb \u0111\u00e8n c\u00f3 ch\u1ea5t l\u01b0\u1ee3ng v\u00e0 \u0111\u1ed9 tin c\u1eady cao, ti\u1ebft ki\u1ec7m n\u0103ng l\u01b0\u1ee3ng v\u00e0 c\u00f3 tu\u1ed5i th\u1ecd d\u00e0i. B\u1ed9 ngu\u1ed3n (Driver) \u0111\u01b0\u1ee3c s\u1eed d\u1ee5ng trong \u0111\u00e8n -VS2 \u0111\u1ebfn t\u1eeb c\u00e1c nh\u00e0 s\u1ea3n xu\u1ea5t uy t\u00edn nh\u01b0 Philips v\u00e0 Meanwell, \u0111\u1ea3m b\u1ea3o ho\u1ea1t \u0111\u1ed9ng \u1ed5n \u0111\u1ecbnh v\u00e0 \u0111\u1ed9 \u1ed5n \u0111\u1ecbnh \u00e1nh s\u00e1ng v\u01b0\u1ee3t tr\u1ed9i.<\/span><\/p>\n<p style=\"text-align: justify;\"><span style=\"font-size: 14pt;\"><a href=\"https:\/\/vilight.vn\/website\/wp-content\/uploads\/2021\/06\/VS2.jpg\"><img decoding=\"async\" class=\"aligncenter wp-image-1710 lazyload\" data-src=\"https:\/\/vilight.vn\/website\/wp-content\/uploads\/2021\/06\/VS2.jpg\" alt=\"\u0110\u00e8n \u0111\u01b0\u1eddng VL-VS2\" width=\"1500\" height=\"938\" data-srcset=\"https:\/\/vilight.vn\/website\/wp-content\/uploads\/2021\/06\/VS2.jpg 1200w, https:\/\/vilight.vn\/website\/wp-content\/uploads\/2021\/06\/VS2-800x500.jpg 800w, https:\/\/vilight.vn\/website\/wp-content\/uploads\/2021\/06\/VS2-300x188.jpg 300w, https:\/\/vilight.vn\/website\/wp-content\/uploads\/2021\/06\/VS2-1024x640.jpg 1024w, https:\/\/vilight.vn\/website\/wp-content\/uploads\/2021\/06\/VS2-768x480.jpg 768w, https:\/\/vilight.vn\/website\/wp-content\/uploads\/2021\/06\/VS2-16x10.jpg 16w, https:\/\/vilight.vn\/website\/wp-content\/uploads\/2021\/06\/VS2-234x146.jpg 234w, https:\/\/vilight.vn\/website\/wp-content\/uploads\/2021\/06\/VS2-50x31.jpg 50w, https:\/\/vilight.vn\/website\/wp-content\/uploads\/2021\/06\/VS2-120x75.jpg 120w, https:\/\/vilight.vn\/website\/wp-content\/uploads\/2021\/06\/VS2-600x375.jpg 600w\" data-sizes=\"(max-width:767px) 480px, (max-width:1500px) 100vw, 1500px\" src=\"data:image\/svg+xml;base64,PHN2ZyB3aWR0aD0iMSIgaGVpZ2h0PSIxIiB4bWxucz0iaHR0cDovL3d3dy53My5vcmcvMjAwMC9zdmciPjwvc3ZnPg==\" style=\"--smush-placeholder-width: 1500px; --smush-placeholder-aspect-ratio: 1500\/938;\" \/><\/a><\/span><\/p>\n<p style=\"text-align: justify;\"><span style=\"font-size: 14pt;\">Kh\u00f4ng ch\u1ec9 v\u1ec1 hi\u1ec7u su\u1ea5t \u00e1nh s\u00e1ng, m\u00e0 \u0111\u00e8n \u0111\u01b0\u1eddng VL-VS2 c\u00f2n \u0111\u01b0\u1ee3c thi\u1ebft k\u1ebf v\u1edbi t\u00ednh n\u0103ng b\u1ea3o v\u1ec7 \u0111\u00e1ng tin c\u1eady. \u0110\u00e8n \u0111\u01b0\u1ee3c trang b\u1ecb thi\u1ebft b\u1ecb ch\u1ed1ng s\u00e9t lan truy\u1ec1n (SPD) v\u1edbi kh\u1ea3 n\u0103ng ch\u1ecbu \u0111\u01b0\u1ee3c \u0111i\u1ec7n \u00e1p 10KV v\u00e0 d\u00f2ng s\u00e9t 10KA. \u0110i\u1ec1u n\u00e0y gi\u00fap \u0111\u1ea3m b\u1ea3o r\u1eb1ng \u0111\u00e8n s\u1ebd ho\u1ea1t \u0111\u1ed9ng \u1ed5n \u0111\u1ecbnh v\u00e0 an to\u00e0n trong m\u1ecdi \u0111i\u1ec1u ki\u1ec7n th\u1eddi ti\u1ebft, b\u1ea3o v\u1ec7 h\u1ec7 th\u1ed1ng chi\u1ebfu s\u00e1ng kh\u1ecfi nguy c\u01a1 s\u00e9t \u0111\u00e1nh v\u00e0 s\u1ef1 c\u1ed1 li\u00ean quan \u0111\u1ebfn \u0111i\u1ec7n.<\/span><\/p>\n<h3 style=\"text-align: justify;\"><span style=\"font-size: 14pt;\">M\u1ed9t \u0111i\u1ec3m \u0111\u00e1ng khen ng\u1ee3i kh\u00e1c c\u1ee7a \u0111\u00e8n \u0111\u01b0\u1eddng VL-VS2.\u00a0<\/span><\/h3>\n<pre><span style=\"font-family: arial, helvetica, sans-serif; font-size: 14pt;\">L\u00e0 thi\u1ebft k\u1ebf v\u1ecf b\u00ean ngo\u00e0i. V\u1ecf \u0111\u01b0\u1ee3c l\u00e0m b\u1eb1ng s\u01a1n t\u0129nh \u0111i\u1ec7n ch\u1ea5t l\u01b0\u1ee3ng cao, ch\u1ed1ng \u0103n m\u00f2n v\u00e0 ch\u1ed1ng l\u00e3o h\u00f3a. B\u1ec1 m\u1eb7t t\u1ef1 l\u00e0m s\u1ea1ch h\u1ee3p l\u00fd gi\u00fap \u0111\u00e8n lu\u00f4n gi\u1eef \u0111\u01b0\u1ee3c v\u1ebb ngo\u00e0i s\u00e1ng b\u00f3ng v\u00e0 d\u1ec5 d\u00e0ng l\u00e0m s\u1ea1ch.<\/span><\/pre>\n<p style=\"text-align: justify;\"><span style=\"font-family: arial, helvetica, sans-serif; font-size: 14pt;\">V\u1edbi \u0111\u00e8n \u0111\u01b0\u1eddng -VS2, b\u1ea1n c\u00f3 th\u1ec3 y\u00ean t\u00e2m v\u1ec1 ch\u1ea5t l\u01b0\u1ee3ng \u00e1nh s\u00e1ng, hi\u1ec7u su\u1ea5t v\u00e0 \u0111\u1ed9 b\u1ec1n. S\u1ea3n ph\u1ea9m n\u00e0y kh\u00f4ng ch\u1ec9 \u0111\u00e1p \u1ee9ng nhu c\u1ea7u chi\u1ebfu s\u00e1ng m\u00e0 c\u00f2n t\u1ea1o \u0111i\u1ec3m nh\u1ea5n \u0111\u1eb9p m\u1eaft cho kh\u00f4ng gian \u0111\u00f4 th\u1ecb v\u00e0 \u0111\u01b0\u1eddng ph\u1ed1. B\u1eb1ng c\u00e1ch k\u1ebft h\u1ee3p c\u00f4ng ngh\u1ec7 ti\u00ean ti\u1ebfn v\u00e0 thi\u1ebft k\u1ebf th\u00f4ng minh, \u0111\u00e8n \u0111\u01b0\u1eddng -VS2 mang \u0111\u1ebfn s\u1ef1 hi\u1ec7n \u0111\u1ea1i v\u00e0 s\u1ef1 h\u00e0i l\u00f2ng cho ng\u01b0\u1eddi d\u00f9ng.<\/span><\/p>\n<p style=\"text-align: justify;\"><span style=\"font-family: arial, helvetica, sans-serif; font-size: 14pt;\">V\u1edbi m\u1eabu \u0111\u00e8n \u0111\u01b0\u1eddng VL-VS2, vi\u1ec7c chi\u1ebfu s\u00e1ng \u0111\u01b0\u1eddng ph\u1ed1 s\u1ebd kh\u00f4ng c\u00f2n l\u00e0 m\u1ed9t th\u00e1ch th\u1ee9c. H\u00e3y tr\u1ea3i nghi\u1ec7m s\u1ef1 kh\u00e1c bi\u1ec7t v\u00e0 s\u1ef1 ti\u1ec7n l\u1ee3i m\u00e0 \u0111\u00e8n \u0111\u01b0\u1eddng n\u00e0y mang l\u1ea1i cho b\u1ea1n v\u00e0 c\u1ed9ng \u0111\u1ed3ng c\u1ee7a b\u1ea1n.<\/span><\/p>\n<p style=\"text-align: justify;\">\n","protected":false},"excerpt":{"rendered":"<p style=\"text-align: justify;\"><span style=\"font-size: 14pt;\">\u0110\u00e8n \u0111\u01b0\u1eddng VL-VS2 &#8211; Thi\u1ebft k\u1ebf hi\u1ec7n \u0111\u1ea1i, \u00e1nh s\u00e1ng m\u1ea1nh m\u1ebd v\u00e0 b\u1ec1n b\u1ec9. S\u1eed d\u1ee5ng chip LED Osram v\u00e0 b\u1ed9 ngu\u1ed3n t\u1eeb Philips, Meanwell. Thi\u1ebft k\u1ebf Module, ch\u1ed1ng s\u00e9t lan truy\u1ec1n, b\u1ec1 m\u1eb7t t\u1ef1 l\u00e0m s\u1ea1ch. S\u1ef1 l\u1ef1a ch\u1ecdn ho\u00e0n h\u1ea3o cho chi\u1ebfu s\u00e1ng \u0111\u01b0\u1eddng ph\u1ed1 \u0111\u00f4 th\u1ecb v\u00e0 cao t\u1ed1c.<\/span><\/p>\n","protected":false},"featured_media":1711,"template":"","meta":[],"product_brand":[],"product_cat":[73,72],"product_tag":[],"class_list":{"0":"post-1709","1":"product","2":"type-product","3":"status-publish","4":"has-post-thumbnail","6":"product_cat-den-chieu-sang-facade","7":"product_cat-den-duong","8":"pa_chip-led-oram","9":"pa_dien-ap-hoat-dong-ac-100-277v","10":"pa_do-kin-ip-66","12":"first","13":"instock","14":"taxable","15":"shipping-taxable","16":"product-type-simple"},"yoast_head":"<!-- This site is optimized with the Yoast SEO Premium plugin v27.4 (Yoast SEO v27.4) - https:\/\/yoast.com\/product\/yoast-seo-premium-wordpress\/ -->\n<title>\u0110\u00e8n \u0111\u01b0\u1eddng VS2 Nh\u1eadp kh\u1ea9u ch\u00ednh h\u00e3ng - Vilight Co.ltd<\/title>\n<meta name=\"description\" content=\"\u0110\u00e8n \u0111\u01b0\u1eddng VL-VS2 s\u1eed d\u1ee5ng chip LED OSRAM (\u0110\u1ee9c), (Driver) Philips, Meanwell, Inventronics v\u00e0 ch\u1ed1ng s\u00e9t lan truy\u1ec1n (SPD) 10KV\/10KA\" \/>\n<meta name=\"robots\" content=\"index, follow, max-snippet:-1, max-image-preview:large, max-video-preview:-1\" \/>\n<link rel=\"canonical\" href=\"https:\/\/vilight.vn\/website\/san-pham\/den-duong\/den-duong-vl-vs2\/\" \/>\n<meta property=\"og:locale\" content=\"vi_VN\" \/>\n<meta property=\"og:type\" content=\"article\" \/>\n<meta property=\"og:title\" content=\"\u0110\u00e8n \u0111\u01b0\u1eddng VL-VS2\" \/>\n<meta property=\"og:description\" content=\"\u0110\u00e8n \u0111\u01b0\u1eddng VL-VS2 - Thi\u1ebft k\u1ebf hi\u1ec7n \u0111\u1ea1i, \u00e1nh s\u00e1ng m\u1ea1nh m\u1ebd v\u00e0 b\u1ec1n b\u1ec9. S\u1eed d\u1ee5ng chip LED Osram v\u00e0 b\u1ed9 ngu\u1ed3n t\u1eeb Philips, Meanwell. Thi\u1ebft k\u1ebf Module, ch\u1ed1ng s\u00e9t lan truy\u1ec1n, b\u1ec1 m\u1eb7t t\u1ef1 l\u00e0m s\u1ea1ch. S\u1ef1 l\u1ef1a ch\u1ecdn ho\u00e0n h\u1ea3o cho chi\u1ebfu s\u00e1ng \u0111\u01b0\u1eddng ph\u1ed1 \u0111\u00f4 th\u1ecb v\u00e0 cao t\u1ed1c.\" \/>\n<meta property=\"og:url\" content=\"https:\/\/vilight.vn\/website\/san-pham\/den-duong\/den-duong-vl-vs2\/\" \/>\n<meta property=\"og:site_name\" content=\"Vilight Co.ltd\" \/>\n<meta property=\"article:publisher\" content=\"http:\/\/facebook.com\/vilight.vn\" \/>\n<meta property=\"article:modified_time\" content=\"2024-10-04T08:10:18+00:00\" \/>\n<meta property=\"og:image\" content=\"https:\/\/vilight.vn\/website\/wp-content\/uploads\/2021\/06\/VS2-Logo.jpg\" \/>\n\t<meta property=\"og:image:width\" content=\"600\" \/>\n\t<meta property=\"og:image:height\" content=\"600\" \/>\n\t<meta property=\"og:image:type\" content=\"image\/jpeg\" \/>\n<meta name=\"twitter:card\" content=\"summary_large_image\" \/>\n<meta name=\"twitter:label1\" content=\"Gi\u00e1\" \/>\n\t<meta name=\"twitter:data1\" content=\"\" \/>\n\t<meta name=\"twitter:label2\" content=\"Kh\u1ea3 d\u1ee5ng\" \/>\n\t<meta name=\"twitter:data2\" content=\"Trong kho\" \/>\n<script type=\"application\/ld+json\" class=\"yoast-schema-graph\">{\"@context\":\"https:\\\/\\\/schema.org\",\"@graph\":[{\"@type\":\"WebPage\",\"@id\":\"https:\\\/\\\/vilight.vn\\\/website\\\/san-pham\\\/den-duong\\\/den-duong-vl-vs2\\\/\",\"url\":\"https:\\\/\\\/vilight.vn\\\/website\\\/san-pham\\\/den-duong\\\/den-duong-vl-vs2\\\/\",\"name\":\"\u0110\u00e8n \u0111\u01b0\u1eddng VS2 Nh\u1eadp kh\u1ea9u ch\u00ednh h\u00e3ng - Vilight Co.ltd\",\"isPartOf\":{\"@id\":\"https:\\\/\\\/vilight.vn\\\/website\\\/#website\"},\"primaryImageOfPage\":{\"@id\":\"https:\\\/\\\/vilight.vn\\\/website\\\/san-pham\\\/den-duong\\\/den-duong-vl-vs2\\\/#primaryimage\"},\"image\":{\"@id\":\"https:\\\/\\\/vilight.vn\\\/website\\\/san-pham\\\/den-duong\\\/den-duong-vl-vs2\\\/#primaryimage\"},\"thumbnailUrl\":\"https:\\\/\\\/vilight.vn\\\/website\\\/wp-content\\\/uploads\\\/2021\\\/06\\\/VS2-Logo.jpg\",\"datePublished\":\"2021-06-30T10:23:54+00:00\",\"dateModified\":\"2024-10-04T08:10:18+00:00\",\"description\":\"\u0110\u00e8n \u0111\u01b0\u1eddng VL-VS2 s\u1eed d\u1ee5ng chip LED OSRAM (\u0110\u1ee9c), (Driver) Philips, Meanwell, Inventronics v\u00e0 ch\u1ed1ng s\u00e9t lan truy\u1ec1n (SPD) 10KV\\\/10KA\",\"breadcrumb\":{\"@id\":\"https:\\\/\\\/vilight.vn\\\/website\\\/san-pham\\\/den-duong\\\/den-duong-vl-vs2\\\/#breadcrumb\"},\"inLanguage\":\"vi\",\"potentialAction\":[{\"@type\":\"ReadAction\",\"target\":[\"https:\\\/\\\/vilight.vn\\\/website\\\/san-pham\\\/den-duong\\\/den-duong-vl-vs2\\\/\"]}]},{\"@type\":\"ImageObject\",\"inLanguage\":\"vi\",\"@id\":\"https:\\\/\\\/vilight.vn\\\/website\\\/san-pham\\\/den-duong\\\/den-duong-vl-vs2\\\/#primaryimage\",\"url\":\"https:\\\/\\\/vilight.vn\\\/website\\\/wp-content\\\/uploads\\\/2021\\\/06\\\/VS2-Logo.jpg\",\"contentUrl\":\"https:\\\/\\\/vilight.vn\\\/website\\\/wp-content\\\/uploads\\\/2021\\\/06\\\/VS2-Logo.jpg\",\"width\":600,\"height\":600,\"caption\":\"\u0110\u00e8n \u0111\u01b0\u1eddng VL-VS2\"},{\"@type\":\"BreadcrumbList\",\"@id\":\"https:\\\/\\\/vilight.vn\\\/website\\\/san-pham\\\/den-duong\\\/den-duong-vl-vs2\\\/#breadcrumb\",\"itemListElement\":[{\"@type\":\"ListItem\",\"position\":1,\"name\":\"Home\",\"item\":\"https:\\\/\\\/vilight.vn\\\/website\\\/\"},{\"@type\":\"ListItem\",\"position\":2,\"name\":\"store\",\"item\":\"https:\\\/\\\/vilight.vn\\\/website\\\/store\\\/\"},{\"@type\":\"ListItem\",\"position\":3,\"name\":\"\u0110\u00e8n \u0111\u01b0\u1eddng VL-VS2\"}]},{\"@type\":\"WebSite\",\"@id\":\"https:\\\/\\\/vilight.vn\\\/website\\\/#website\",\"url\":\"https:\\\/\\\/vilight.vn\\\/website\\\/\",\"name\":\"Vilight Co.ltd\",\"description\":\"Chi\u1ebfu s\u00e1ng m\u1ef9 thu\u1eadt, chi\u1ebfu s\u00e1ng th\u00f4ng minh, LED Pixel 3D, chi\u1ebfu s\u00e1ng trang tr\u00ed \u0111\u00f4 th\u1ecb, chi\u1ebfu s\u00e1ng v\u00f2ng xoay, chi\u1ebfu s\u00e1ng \u0111\u1ea3o giao th\u00f4ng, c\u1ed5ng ch\u00e0o \u0111\u00f4 th\u1ecb\",\"publisher\":{\"@id\":\"https:\\\/\\\/vilight.vn\\\/website\\\/#organization\"},\"potentialAction\":[{\"@type\":\"SearchAction\",\"target\":{\"@type\":\"EntryPoint\",\"urlTemplate\":\"https:\\\/\\\/vilight.vn\\\/website\\\/?s={search_term_string}\"},\"query-input\":{\"@type\":\"PropertyValueSpecification\",\"valueRequired\":true,\"valueName\":\"search_term_string\"}}],\"inLanguage\":\"vi\"},{\"@type\":\"Organization\",\"@id\":\"https:\\\/\\\/vilight.vn\\\/website\\\/#organization\",\"name\":\"Vilight\",\"url\":\"https:\\\/\\\/vilight.vn\\\/website\\\/\",\"logo\":{\"@type\":\"ImageObject\",\"inLanguage\":\"vi\",\"@id\":\"https:\\\/\\\/vilight.vn\\\/website\\\/#\\\/schema\\\/logo\\\/image\\\/\",\"url\":\"https:\\\/\\\/vilight.vn\\\/website\\\/wp-content\\\/uploads\\\/2022\\\/05\\\/chieu_sang_trang_tri_do_thi_bang_den_led_pixel.png\",\"contentUrl\":\"https:\\\/\\\/vilight.vn\\\/website\\\/wp-content\\\/uploads\\\/2022\\\/05\\\/chieu_sang_trang_tri_do_thi_bang_den_led_pixel.png\",\"width\":800,\"height\":427,\"caption\":\"Vilight\"},\"image\":{\"@id\":\"https:\\\/\\\/vilight.vn\\\/website\\\/#\\\/schema\\\/logo\\\/image\\\/\"},\"sameAs\":[\"http:\\\/\\\/facebook.com\\\/vilight.vn\",\"https:\\\/\\\/www.linkedin.com\\\/company\\\/vilight-vn\",\"https:\\\/\\\/www.youtube.com\\\/channel\\\/UCEwR2naeDcuarMX1kSv_rLQ\\\/videos\"]}]}<\/script>\n<meta property=\"product:brand\" content=\"\u0110\u00e8n \u0111\u01b0\u1eddng\" \/>\n<meta property=\"product:price:currency\" content=\"VND\" \/>\n<meta property=\"og:availability\" content=\"instock\" \/>\n<meta property=\"product:availability\" content=\"instock\" \/>\n<meta property=\"product:condition\" content=\"new\" \/>\n<!-- \/ Yoast SEO Premium plugin. -->","yoast_head_json":{"title":"\u0110\u00e8n \u0111\u01b0\u1eddng VS2 Nh\u1eadp kh\u1ea9u ch\u00ednh h\u00e3ng - Vilight Co.ltd","description":"\u0110\u00e8n \u0111\u01b0\u1eddng VL-VS2 s\u1eed d\u1ee5ng chip LED OSRAM (\u0110\u1ee9c), (Driver) Philips, Meanwell, Inventronics v\u00e0 ch\u1ed1ng s\u00e9t lan truy\u1ec1n (SPD) 10KV\/10KA","robots":{"index":"index","follow":"follow","max-snippet":"max-snippet:-1","max-image-preview":"max-image-preview:large","max-video-preview":"max-video-preview:-1"},"canonical":"https:\/\/vilight.vn\/website\/san-pham\/den-duong\/den-duong-vl-vs2\/","og_locale":"vi_VN","og_type":"article","og_title":"\u0110\u00e8n \u0111\u01b0\u1eddng VL-VS2","og_description":"\u0110\u00e8n \u0111\u01b0\u1eddng VL-VS2 - Thi\u1ebft k\u1ebf hi\u1ec7n \u0111\u1ea1i, \u00e1nh s\u00e1ng m\u1ea1nh m\u1ebd v\u00e0 b\u1ec1n b\u1ec9. S\u1eed d\u1ee5ng chip LED Osram v\u00e0 b\u1ed9 ngu\u1ed3n t\u1eeb Philips, Meanwell. Thi\u1ebft k\u1ebf Module, ch\u1ed1ng s\u00e9t lan truy\u1ec1n, b\u1ec1 m\u1eb7t t\u1ef1 l\u00e0m s\u1ea1ch. S\u1ef1 l\u1ef1a ch\u1ecdn ho\u00e0n h\u1ea3o cho chi\u1ebfu s\u00e1ng \u0111\u01b0\u1eddng ph\u1ed1 \u0111\u00f4 th\u1ecb v\u00e0 cao t\u1ed1c.","og_url":"https:\/\/vilight.vn\/website\/san-pham\/den-duong\/den-duong-vl-vs2\/","og_site_name":"Vilight Co.ltd","article_publisher":"http:\/\/facebook.com\/vilight.vn","article_modified_time":"2024-10-04T08:10:18+00:00","og_image":[{"width":600,"height":600,"url":"https:\/\/vilight.vn\/website\/wp-content\/uploads\/2021\/06\/VS2-Logo.jpg","type":"image\/jpeg"}],"twitter_card":"summary_large_image","twitter_misc":{"Gi\u00e1":"","Kh\u1ea3 d\u1ee5ng":"Trong kho"},"schema":{"@context":"https:\/\/schema.org","@graph":[{"@type":"WebPage","@id":"https:\/\/vilight.vn\/website\/san-pham\/den-duong\/den-duong-vl-vs2\/","url":"https:\/\/vilight.vn\/website\/san-pham\/den-duong\/den-duong-vl-vs2\/","name":"\u0110\u00e8n \u0111\u01b0\u1eddng VS2 Nh\u1eadp kh\u1ea9u ch\u00ednh h\u00e3ng - Vilight Co.ltd","isPartOf":{"@id":"https:\/\/vilight.vn\/website\/#website"},"primaryImageOfPage":{"@id":"https:\/\/vilight.vn\/website\/san-pham\/den-duong\/den-duong-vl-vs2\/#primaryimage"},"image":{"@id":"https:\/\/vilight.vn\/website\/san-pham\/den-duong\/den-duong-vl-vs2\/#primaryimage"},"thumbnailUrl":"https:\/\/vilight.vn\/website\/wp-content\/uploads\/2021\/06\/VS2-Logo.jpg","datePublished":"2021-06-30T10:23:54+00:00","dateModified":"2024-10-04T08:10:18+00:00","description":"\u0110\u00e8n \u0111\u01b0\u1eddng VL-VS2 s\u1eed d\u1ee5ng chip LED OSRAM (\u0110\u1ee9c), (Driver) Philips, Meanwell, Inventronics v\u00e0 ch\u1ed1ng s\u00e9t lan truy\u1ec1n (SPD) 10KV\/10KA","breadcrumb":{"@id":"https:\/\/vilight.vn\/website\/san-pham\/den-duong\/den-duong-vl-vs2\/#breadcrumb"},"inLanguage":"vi","potentialAction":[{"@type":"ReadAction","target":["https:\/\/vilight.vn\/website\/san-pham\/den-duong\/den-duong-vl-vs2\/"]}]},{"@type":"ImageObject","inLanguage":"vi","@id":"https:\/\/vilight.vn\/website\/san-pham\/den-duong\/den-duong-vl-vs2\/#primaryimage","url":"https:\/\/vilight.vn\/website\/wp-content\/uploads\/2021\/06\/VS2-Logo.jpg","contentUrl":"https:\/\/vilight.vn\/website\/wp-content\/uploads\/2021\/06\/VS2-Logo.jpg","width":600,"height":600,"caption":"\u0110\u00e8n \u0111\u01b0\u1eddng VL-VS2"},{"@type":"BreadcrumbList","@id":"https:\/\/vilight.vn\/website\/san-pham\/den-duong\/den-duong-vl-vs2\/#breadcrumb","itemListElement":[{"@type":"ListItem","position":1,"name":"Home","item":"https:\/\/vilight.vn\/website\/"},{"@type":"ListItem","position":2,"name":"store","item":"https:\/\/vilight.vn\/website\/store\/"},{"@type":"ListItem","position":3,"name":"\u0110\u00e8n \u0111\u01b0\u1eddng VL-VS2"}]},{"@type":"WebSite","@id":"https:\/\/vilight.vn\/website\/#website","url":"https:\/\/vilight.vn\/website\/","name":"Vilight Co.ltd","description":"Chi\u1ebfu s\u00e1ng m\u1ef9 thu\u1eadt, chi\u1ebfu s\u00e1ng th\u00f4ng minh, LED Pixel 3D, chi\u1ebfu s\u00e1ng trang tr\u00ed \u0111\u00f4 th\u1ecb, chi\u1ebfu s\u00e1ng v\u00f2ng xoay, chi\u1ebfu s\u00e1ng \u0111\u1ea3o giao th\u00f4ng, c\u1ed5ng ch\u00e0o \u0111\u00f4 th\u1ecb","publisher":{"@id":"https:\/\/vilight.vn\/website\/#organization"},"potentialAction":[{"@type":"SearchAction","target":{"@type":"EntryPoint","urlTemplate":"https:\/\/vilight.vn\/website\/?s={search_term_string}"},"query-input":{"@type":"PropertyValueSpecification","valueRequired":true,"valueName":"search_term_string"}}],"inLanguage":"vi"},{"@type":"Organization","@id":"https:\/\/vilight.vn\/website\/#organization","name":"Vilight","url":"https:\/\/vilight.vn\/website\/","logo":{"@type":"ImageObject","inLanguage":"vi","@id":"https:\/\/vilight.vn\/website\/#\/schema\/logo\/image\/","url":"https:\/\/vilight.vn\/website\/wp-content\/uploads\/2022\/05\/chieu_sang_trang_tri_do_thi_bang_den_led_pixel.png","contentUrl":"https:\/\/vilight.vn\/website\/wp-content\/uploads\/2022\/05\/chieu_sang_trang_tri_do_thi_bang_den_led_pixel.png","width":800,"height":427,"caption":"Vilight"},"image":{"@id":"https:\/\/vilight.vn\/website\/#\/schema\/logo\/image\/"},"sameAs":["http:\/\/facebook.com\/vilight.vn","https:\/\/www.linkedin.com\/company\/vilight-vn","https:\/\/www.youtube.com\/channel\/UCEwR2naeDcuarMX1kSv_rLQ\/videos"]}]},"product_brand":"\u0110\u00e8n \u0111\u01b0\u1eddng","product_price_currency":"VND","og_availability":"instock","product_availability":"instock","product_condition":"new"},"_links":{"self":[{"href":"https:\/\/vilight.vn\/website\/wp-json\/wp\/v2\/product\/1709","targetHints":{"allow":["GET"]}}],"collection":[{"href":"https:\/\/vilight.vn\/website\/wp-json\/wp\/v2\/product"}],"about":[{"href":"https:\/\/vilight.vn\/website\/wp-json\/wp\/v2\/types\/product"}],"wp:featuredmedia":[{"embeddable":true,"href":"https:\/\/vilight.vn\/website\/wp-json\/wp\/v2\/media\/1711"}],"wp:attachment":[{"href":"https:\/\/vilight.vn\/website\/wp-json\/wp\/v2\/media?parent=1709"}],"wp:term":[{"taxonomy":"product_brand","embeddable":true,"href":"https:\/\/vilight.vn\/website\/wp-json\/wp\/v2\/product_brand?post=1709"},{"taxonomy":"product_cat","embeddable":true,"href":"https:\/\/vilight.vn\/website\/wp-json\/wp\/v2\/product_cat?post=1709"},{"taxonomy":"product_tag","embeddable":true,"href":"https:\/\/vilight.vn\/website\/wp-json\/wp\/v2\/product_tag?post=1709"}],"curies":[{"name":"wp","href":"https:\/\/api.w.org\/{rel}","templated":true}]}}