{"id":1712,"date":"2021-06-30T17:24:42","date_gmt":"2021-06-30T10:24:42","guid":{"rendered":"https:\/\/vilight.vn\/website\/?post_type=product&#038;p=1712"},"modified":"2024-10-04T15:13:56","modified_gmt":"2024-10-04T08:13:56","slug":"den-duong-vl-vs3","status":"publish","type":"product","link":"https:\/\/vilight.vn\/website\/san-pham\/den-duong\/den-duong-vl-vs3\/","title":{"rendered":"\u0110\u00e8n \u0111\u01b0\u1eddng VL-VS3"},"content":{"rendered":"<h2 style=\"text-align: justify;\"><span style=\"font-size: 18pt;\">**Gi\u1edbi thi\u1ec7u \u0110\u00e8n \u0110\u01b0\u1eddng VL-VS3: S\u1ef1 ho\u00e0n h\u1ea3o trong \u00e1nh s\u00e1ng \u0111\u00f4 th\u1ecb**<\/span><\/h2>\n<p style=\"text-align: justify;\"><span style=\"font-size: 14pt;\">C\u00f4ng ty TNHH Vilight t\u1ef1 h\u00e0o gi\u1edbi thi\u1ec7u s\u1ea3n ph\u1ea9m \u0110\u00e8n \u0111\u01b0\u1eddng VL-VS3, m\u1ed9t gi\u1ea3i ph\u00e1p chi\u1ebfu s\u00e1ng hi\u1ec7n \u0111\u1ea1i v\u00e0 \u0111\u01a1n gi\u1ea3n cho \u0111\u01b0\u1eddng ph\u1ed1 v\u00e0 khu v\u1ef1c \u0111\u00f4 th\u1ecb. V\u1edbi thi\u1ebft k\u1ebf v\u00e0 c\u00f4ng ngh\u1ec7 ti\u00ean ti\u1ebfn, \u0111\u00e8n \u0111\u01b0\u1eddng VL-VS3 \u0111\u00e1p \u1ee9ng m\u1ecdi nhu c\u1ea7u \u00e1nh s\u00e1ng \u0111\u01b0\u1eddng, t\u1eeb \u0111\u01b0\u1eddng tr\u1ee5c \u0111\u00f4 th\u1ecb, \u0111\u01b0\u1eddng cao t\u1ed1c \u0111\u1ebfn \u0111\u01b0\u1eddng ph\u1ee5 v\u00e0 \u0111\u01b0\u1eddng \u0111\u00f4 th\u1ecb\/n\u00f4ng th\u00f4n.<\/span><\/p>\n<h3 style=\"text-align: justify;\"><span style=\"font-size: 14pt;\">**Thi\u1ebft k\u1ebf hi\u1ec7n \u0111\u1ea1i v\u00e0 th\u00e2n thi\u1ec7n v\u1edbi ng\u01b0\u1eddi d\u00f9ng**<\/span><\/h3>\n<p style=\"text-align: justify;\"><span style=\"font-size: 14pt;\">\u0110\u00e8n \u0111\u01b0\u1eddng VL-VS3 \u0111\u01b0\u1ee3c thi\u1ebft k\u1ebf theo d\u1ea1ng Modul, mang \u0111\u1ebfn s\u1ef1 linh ho\u1ea1t v\u00e0 d\u1ec5 d\u00e0ng trong vi\u1ec7c l\u1eafp \u0111\u1eb7t v\u00e0 b\u1ea3o tr\u00ec. V\u1edbi thi\u1ebft k\u1ebf \u0111\u01a1n gi\u1ea3n v\u00e0 hi\u1ec7n \u0111\u1ea1i, n\u00f3 th\u00edch h\u1ee3p v\u1edbi m\u1ecdi m\u00f4i tr\u01b0\u1eddng \u0111\u00f4 th\u1ecb. B\u1ec1 m\u1eb7t v\u1ecf \u0111\u00e8n \u0111\u01b0\u1ee3c ch\u1ebf t\u1ea1o b\u1eb1ng s\u01a1n t\u0129nh \u0111i\u1ec7n, \u0111\u1ea3m b\u1ea3o ch\u1ed1ng \u0103n m\u00f2n v\u00e0 l\u00e3o h\u00f3a, t\u1eeb \u0111\u00f3 n\u00e2ng cao tu\u1ed5i th\u1ecd v\u00e0 \u0111\u1ed9 b\u1ec1n c\u1ee7a s\u1ea3n ph\u1ea9m.<\/span><\/p>\n<h3 style=\"text-align: justify;\"><span style=\"font-size: 14pt;\">**\u00c1nh s\u00e1ng ch\u1ea5t l\u01b0\u1ee3ng cao v\u1edbi c\u00f4ng ngh\u1ec7 LED ti\u00ean ti\u1ebfn**<\/span><\/h3>\n<p style=\"text-align: justify;\"><span style=\"font-size: 14pt;\">\u0110\u00e8n \u0111\u01b0\u1eddng VL-VS3 s\u1eed d\u1ee5ng chip LED ch\u1ea5t l\u01b0\u1ee3ng cao t\u1eeb h\u00e3ng OSRAM (\u0110\u1ee9c). C\u00f4ng ngh\u1ec7 LED hi\u1ec7n \u0111\u1ea1i n\u00e0y \u0111em l\u1ea1i \u00e1nh s\u00e1ng s\u00e1ng, m\u1ea1nh m\u1ebd v\u00e0 \u0111\u1ed3ng \u0111\u1ec1u, t\u1ea1o \u0111i\u1ec1u ki\u1ec7n an to\u00e0n v\u00e0 thu\u1eadn l\u1ee3i cho ng\u01b0\u1eddi tham gia giao th\u00f4ng. S\u1ef1 k\u1ebft h\u1ee3p gi\u1eefa chip LED ch\u1ea5t l\u01b0\u1ee3ng v\u00e0 b\u1ed9 ngu\u1ed3n (Driver) t\u1eeb c\u00e1c h\u00e3ng danh ti\u1ebfng nh\u01b0 Philips, Meanwell, Inventronics \u0111\u1ea3m b\u1ea3o hi\u1ec7u su\u1ea5t v\u00e0 \u0111\u1ed9 tin c\u1eady cao c\u1ee7a \u0111\u00e8n \u0111\u01b0\u1eddng VL-VS3.<\/span><\/p>\n<p style=\"text-align: justify;\"><span style=\"font-size: 14pt;\"><a href=\"https:\/\/vilight.vn\/website\/wp-content\/uploads\/2021\/06\/VS3.jpg\">\\<\/a><a href=\"https:\/\/vilight.vn\/website\/wp-content\/uploads\/2021\/06\/VS3.jpg\"><img decoding=\"async\" class=\"aligncenter wp-image-1713 lazyload\" data-src=\"https:\/\/vilight.vn\/website\/wp-content\/uploads\/2021\/06\/VS3.jpg\" alt=\"\u0110\u00e8n \u0111\u01b0\u1eddng VL-VS3\" width=\"1500\" height=\"938\" data-srcset=\"https:\/\/vilight.vn\/website\/wp-content\/uploads\/2021\/06\/VS3.jpg 1200w, https:\/\/vilight.vn\/website\/wp-content\/uploads\/2021\/06\/VS3-800x500.jpg 800w, https:\/\/vilight.vn\/website\/wp-content\/uploads\/2021\/06\/VS3-300x188.jpg 300w, https:\/\/vilight.vn\/website\/wp-content\/uploads\/2021\/06\/VS3-1024x640.jpg 1024w, https:\/\/vilight.vn\/website\/wp-content\/uploads\/2021\/06\/VS3-768x480.jpg 768w, https:\/\/vilight.vn\/website\/wp-content\/uploads\/2021\/06\/VS3-16x10.jpg 16w, https:\/\/vilight.vn\/website\/wp-content\/uploads\/2021\/06\/VS3-234x146.jpg 234w, https:\/\/vilight.vn\/website\/wp-content\/uploads\/2021\/06\/VS3-50x31.jpg 50w, https:\/\/vilight.vn\/website\/wp-content\/uploads\/2021\/06\/VS3-120x75.jpg 120w, https:\/\/vilight.vn\/website\/wp-content\/uploads\/2021\/06\/VS3-600x375.jpg 600w\" data-sizes=\"(max-width:767px) 480px, (max-width:1500px) 100vw, 1500px\" src=\"data:image\/svg+xml;base64,PHN2ZyB3aWR0aD0iMSIgaGVpZ2h0PSIxIiB4bWxucz0iaHR0cDovL3d3dy53My5vcmcvMjAwMC9zdmciPjwvc3ZnPg==\" style=\"--smush-placeholder-width: 1500px; --smush-placeholder-aspect-ratio: 1500\/938;\" \/><\/a><\/span><\/p>\n<h3 style=\"text-align: justify;\"><span style=\"font-size: 14pt;\">**\u0110\u00e1ng tin c\u1eady trong m\u1ecdi \u0111i\u1ec1u ki\u1ec7n th\u1eddi ti\u1ebft**<\/span><\/h3>\n<p style=\"text-align: justify;\"><span style=\"font-size: 14pt;\">V\u1edbi vi\u1ec7c t\u00edch h\u1ee3p thi\u1ebft b\u1ecb ch\u1ed1ng s\u00e9t lan truy\u1ec1n (SPD) 10KV\/10KA, \u0111\u00e8n \u0111\u01b0\u1eddng VL-VS3 \u0111\u1ea3m b\u1ea3o ho\u1ea1t \u0111\u1ed9ng \u1ed5n \u0111\u1ecbnh v\u00e0 an to\u00e0n trong nh\u1eefng \u0111i\u1ec1u ki\u1ec7n th\u1eddi ti\u1ebft x\u1ea5u nh\u01b0 m\u01b0a b\u00e3o v\u00e0 s\u00e9t lan truy\u1ec1n. \u0110i\u1ec1u n\u00e0y gi\u00fap \u0111\u1ea3m b\u1ea3o \u0111\u00e8n chi\u1ebfu s\u00e1ng lu\u00f4n ho\u1ea1t \u0111\u1ed9ng hi\u1ec7u qu\u1ea3 v\u00e0 b\u1ec1n b\u1ec9, kh\u00f4ng g\u00e2y gi\u00e1n \u0111o\u1ea1n ho\u1ea1t \u0111\u1ed9ng v\u00e0 \u0111\u1ea3m b\u1ea3o an ninh cho ng\u01b0\u1eddi d\u00e2n v\u00e0 ph\u01b0\u01a1ng ti\u1ec7n tr\u00ean \u0111\u01b0\u1eddng.<\/span><\/p>\n<h3 style=\"text-align: justify;\"><span style=\"font-size: 14pt;\">**T\u00ednh n\u0103ng th\u00f4ng minh v\u00e0 ti\u1ebft ki\u1ec7m n\u0103ng l\u01b0\u1ee3ng**<\/span><\/h3>\n<p style=\"text-align: justify;\"><span style=\"font-size: 14pt;\">B\u1ed9 \u0111\u00e8n VL-VS3 \u0111\u01b0\u1ee3c trang b\u1ecb c\u1ed5ng k\u1ebft n\u1ed1i NEMA theo y\u00eau c\u1ea7u v\u00e0 s\u1eb5n s\u00e0ng t\u00edch h\u1ee3p b\u1ed9 ngu\u1ed3n c\u00f3 kh\u1ea3 n\u0103ng ti\u1ebft gi\u1ea3m c\u00f4ng su\u1ea5t v\u00f4 s\u1ed1 c\u1ea5p theo chu\u1ea9n DALI. \u0110i\u1ec1u n\u00e0y mang l\u1ea1i linh ho\u1ea1t v\u00e0 ti\u1ebft ki\u1ec7m n\u0103ng l\u01b0\u1ee3ng cho h\u1ec7 th\u1ed1ng chi\u1ebfu s\u00e1ng. Qua k\u1ebft n\u1ed1i v\u1edbi t\u1ee7 \u0111i\u1ec1u khi\u1ec3n chi\u1ebfu s\u00e1ng th\u00f4ng minh c\u1ee7a Vilight qua s\u00f3ng v\u00f4 tuy\u1ebfn (Zigbee, RF, LORA), ng\u01b0\u1eddi qu\u1ea3n l\u00fd c\u00f3 th\u1ec3 \u0111i\u1ec1u khi\u1ec3n v\u00e0 theo d\u00f5i ho\u1ea1t \u0111\u1ed9ng c\u1ee7a h\u1ec7 th\u1ed1ng \u0111\u00e8n chi\u1ebfu s\u00e1ng. Ch\u1ebf \u0111\u1ed9 ho\u1ea1t \u0111\u1ed9ng c\u00f3 th\u1ec3 \u0111\u01b0\u1ee3c c\u00e0i \u0111\u1eb7t theo l\u1ecbch tr\u00ecnh, bao g\u1ed3m th\u1eddi gian \u0111\u00f3ng, t\u1eaft v\u00e0 m\u1ee9c c\u00f4ng su\u1ea5t \u0111\u00e8n trong su\u1ed1t \u0111\u00eam.<\/span><\/p>\n<h3 style=\"text-align: justify;\"><span style=\"font-size: 14pt;\">**T\u1ea1o n\u00ean \u00e1nh s\u00e1ng ho\u00e0n h\u1ea3o trong kh\u00f4ng gian \u0111\u00f4 th\u1ecb**<\/span><\/h3>\n<p style=\"text-align: justify;\"><span style=\"font-size: 14pt;\">V\u1edbi \u0111\u00e8n \u0111\u01b0\u1eddng VL-VS3, c\u00f4ng ty TNHH Vilight mang \u0111\u1ebfn m\u1ed9t gi\u1ea3i ph\u00e1p chi\u1ebfu s\u00e1ng ho\u00e0n h\u1ea3o cho kh\u00f4ng gian \u0111\u00f4 th\u1ecb. S\u1ef1 k\u1ebft h\u1ee3p gi\u1eefa thi\u1ebft k\u1ebf hi\u1ec7n \u0111\u1ea1i, \u00e1nh s\u00e1ng ch\u1ea5t l\u01b0\u1ee3ng cao, t\u00ednh n\u0103ng th\u00f4ng minh v\u00e0 ti\u1ebft ki\u1ec7m n\u0103ng l\u01b0\u1ee3ng \u0111\u1ea3m b\u1ea3o \u00e1nh s\u00e1ng \u0111\u01b0\u1eddng ph\u1ed1 an to\u00e0n, t\u1ea1o c\u1ea3m gi\u00e1c tho\u1ea3i m\u00e1i v\u00e0 \u0111\u1eb9p m\u1eaft cho c\u01b0 d\u00e2n \u0111\u00f4 th\u1ecb.<\/span><\/p>\n<p style=\"text-align: justify;\"><span style=\"font-size: 14pt;\">\u0110\u00e8n \u0111\u01b0\u1eddng VL-VS3 c\u1ee7a Vilight &#8211; S\u1ef1 l\u1ef1a ch\u1ecdn \u0111\u00e1ng tin c\u1eady \u0111\u1ec3 t\u1ea1o n\u00ean \u00e1nh s\u00e1ng ho\u00e0n h\u1ea3o v\u00e0 \u0111em l\u1ea1i cu\u1ed9c s\u1ed1ng t\u1ed1t \u0111\u1eb9p h\u01a1n cho c\u1ed9ng \u0111\u1ed3ng.<\/span><\/p>\n<p style=\"text-align: justify;\">\n","protected":false},"excerpt":{"rendered":"<p style=\"text-align: justify;\"><span style=\"font-size: 14pt;\">\u0110\u00e8n \u0111\u01b0\u1eddng VL-VS3 c\u1ee7a Vilight &#8211; S\u1ef1 k\u1ebft h\u1ee3p ho\u00e0n h\u1ea3o gi\u1eefa thi\u1ebft k\u1ebf hi\u1ec7n \u0111\u1ea1i, \u00e1nh s\u00e1ng ch\u1ea5t l\u01b0\u1ee3ng cao v\u00e0 t\u00ednh n\u0103ng th\u00f4ng minh. \u0110\u00e8n \u0111\u01b0\u1eddng n\u00e0y mang l\u1ea1i \u00e1nh s\u00e1ng m\u1ea1nh m\u1ebd, ti\u1ebft ki\u1ec7m n\u0103ng l\u01b0\u1ee3ng v\u00e0 \u0111\u00e1ng tin c\u1eady trong m\u1ecdi \u0111i\u1ec1u ki\u1ec7n th\u1eddi ti\u1ebft.<\/span><\/p>\n","protected":false},"featured_media":1714,"template":"","meta":[],"product_brand":[],"product_cat":[73,72],"product_tag":[],"class_list":{"0":"post-1712","1":"product","2":"type-product","3":"status-publish","4":"has-post-thumbnail","6":"product_cat-den-chieu-sang-facade","7":"product_cat-den-duong","8":"pa_chip-led-oram","9":"pa_dien-ap-hoat-dong-ac-100-277v","10":"pa_do-kin-ip-66","12":"first","13":"instock","14":"taxable","15":"shipping-taxable","16":"product-type-simple"},"yoast_head":"<!-- This site is optimized with the Yoast SEO Premium plugin v27.4 (Yoast SEO v27.4) - https:\/\/yoast.com\/product\/yoast-seo-premium-wordpress\/ -->\n<title>\u0110\u00e8n \u0111\u01b0\u1eddng VL-VS3 - Vilight Co.ltd<\/title>\n<meta name=\"description\" content=\"\u0110\u00e8n \u0111\u01b0\u1eddng VL-VS3 s\u1eed d\u1ee5ng chip LED OSRAM (\u0110\u1ee9c), (Driver) Philips, Meanwell, Inventronics v\u00e0 ch\u1ed1ng s\u00e9t lan truy\u1ec1n (SPD) 10KV\/10KA\" \/>\n<meta name=\"robots\" content=\"index, follow, max-snippet:-1, max-image-preview:large, max-video-preview:-1\" \/>\n<link rel=\"canonical\" href=\"https:\/\/vilight.vn\/website\/san-pham\/den-duong\/den-duong-vl-vs3\/\" \/>\n<meta property=\"og:locale\" content=\"vi_VN\" \/>\n<meta property=\"og:type\" content=\"article\" \/>\n<meta property=\"og:title\" content=\"\u0110\u00e8n \u0111\u01b0\u1eddng VL-VS3\" \/>\n<meta property=\"og:description\" content=\"\u0110\u00e8n \u0111\u01b0\u1eddng VL-VS3 c\u1ee7a Vilight - S\u1ef1 k\u1ebft h\u1ee3p ho\u00e0n h\u1ea3o gi\u1eefa thi\u1ebft k\u1ebf hi\u1ec7n \u0111\u1ea1i, \u00e1nh s\u00e1ng ch\u1ea5t l\u01b0\u1ee3ng cao v\u00e0 t\u00ednh n\u0103ng th\u00f4ng minh. \u0110\u00e8n \u0111\u01b0\u1eddng n\u00e0y mang l\u1ea1i \u00e1nh s\u00e1ng m\u1ea1nh m\u1ebd, ti\u1ebft ki\u1ec7m n\u0103ng l\u01b0\u1ee3ng v\u00e0 \u0111\u00e1ng tin c\u1eady trong m\u1ecdi \u0111i\u1ec1u ki\u1ec7n th\u1eddi ti\u1ebft.\" \/>\n<meta property=\"og:url\" content=\"https:\/\/vilight.vn\/website\/san-pham\/den-duong\/den-duong-vl-vs3\/\" \/>\n<meta property=\"og:site_name\" content=\"Vilight Co.ltd\" \/>\n<meta property=\"article:publisher\" content=\"http:\/\/facebook.com\/vilight.vn\" \/>\n<meta property=\"article:modified_time\" content=\"2024-10-04T08:13:56+00:00\" \/>\n<meta property=\"og:image\" content=\"https:\/\/vilight.vn\/website\/wp-content\/uploads\/2021\/06\/VS3-Logo.jpg\" \/>\n\t<meta property=\"og:image:width\" content=\"600\" \/>\n\t<meta property=\"og:image:height\" content=\"600\" \/>\n\t<meta property=\"og:image:type\" content=\"image\/jpeg\" \/>\n<meta name=\"twitter:card\" content=\"summary_large_image\" \/>\n<meta name=\"twitter:label1\" content=\"Gi\u00e1\" \/>\n\t<meta name=\"twitter:data1\" content=\"\" \/>\n\t<meta name=\"twitter:label2\" content=\"Kh\u1ea3 d\u1ee5ng\" \/>\n\t<meta name=\"twitter:data2\" content=\"Trong kho\" \/>\n<script type=\"application\/ld+json\" class=\"yoast-schema-graph\">{\"@context\":\"https:\\\/\\\/schema.org\",\"@graph\":[{\"@type\":\"WebPage\",\"@id\":\"https:\\\/\\\/vilight.vn\\\/website\\\/san-pham\\\/den-duong\\\/den-duong-vl-vs3\\\/\",\"url\":\"https:\\\/\\\/vilight.vn\\\/website\\\/san-pham\\\/den-duong\\\/den-duong-vl-vs3\\\/\",\"name\":\"\u0110\u00e8n \u0111\u01b0\u1eddng VL-VS3 - Vilight Co.ltd\",\"isPartOf\":{\"@id\":\"https:\\\/\\\/vilight.vn\\\/website\\\/#website\"},\"primaryImageOfPage\":{\"@id\":\"https:\\\/\\\/vilight.vn\\\/website\\\/san-pham\\\/den-duong\\\/den-duong-vl-vs3\\\/#primaryimage\"},\"image\":{\"@id\":\"https:\\\/\\\/vilight.vn\\\/website\\\/san-pham\\\/den-duong\\\/den-duong-vl-vs3\\\/#primaryimage\"},\"thumbnailUrl\":\"https:\\\/\\\/vilight.vn\\\/website\\\/wp-content\\\/uploads\\\/2021\\\/06\\\/VS3-Logo.jpg\",\"datePublished\":\"2021-06-30T10:24:42+00:00\",\"dateModified\":\"2024-10-04T08:13:56+00:00\",\"description\":\"\u0110\u00e8n \u0111\u01b0\u1eddng VL-VS3 s\u1eed d\u1ee5ng chip LED OSRAM (\u0110\u1ee9c), (Driver) Philips, Meanwell, Inventronics v\u00e0 ch\u1ed1ng s\u00e9t lan truy\u1ec1n (SPD) 10KV\\\/10KA\",\"breadcrumb\":{\"@id\":\"https:\\\/\\\/vilight.vn\\\/website\\\/san-pham\\\/den-duong\\\/den-duong-vl-vs3\\\/#breadcrumb\"},\"inLanguage\":\"vi\",\"potentialAction\":[{\"@type\":\"ReadAction\",\"target\":[\"https:\\\/\\\/vilight.vn\\\/website\\\/san-pham\\\/den-duong\\\/den-duong-vl-vs3\\\/\"]}]},{\"@type\":\"ImageObject\",\"inLanguage\":\"vi\",\"@id\":\"https:\\\/\\\/vilight.vn\\\/website\\\/san-pham\\\/den-duong\\\/den-duong-vl-vs3\\\/#primaryimage\",\"url\":\"https:\\\/\\\/vilight.vn\\\/website\\\/wp-content\\\/uploads\\\/2021\\\/06\\\/VS3-Logo.jpg\",\"contentUrl\":\"https:\\\/\\\/vilight.vn\\\/website\\\/wp-content\\\/uploads\\\/2021\\\/06\\\/VS3-Logo.jpg\",\"width\":600,\"height\":600,\"caption\":\"\u0110\u00e8n \u0111\u01b0\u1eddng VL-VS3\"},{\"@type\":\"BreadcrumbList\",\"@id\":\"https:\\\/\\\/vilight.vn\\\/website\\\/san-pham\\\/den-duong\\\/den-duong-vl-vs3\\\/#breadcrumb\",\"itemListElement\":[{\"@type\":\"ListItem\",\"position\":1,\"name\":\"Home\",\"item\":\"https:\\\/\\\/vilight.vn\\\/website\\\/\"},{\"@type\":\"ListItem\",\"position\":2,\"name\":\"store\",\"item\":\"https:\\\/\\\/vilight.vn\\\/website\\\/store\\\/\"},{\"@type\":\"ListItem\",\"position\":3,\"name\":\"\u0110\u00e8n \u0111\u01b0\u1eddng VL-VS3\"}]},{\"@type\":\"WebSite\",\"@id\":\"https:\\\/\\\/vilight.vn\\\/website\\\/#website\",\"url\":\"https:\\\/\\\/vilight.vn\\\/website\\\/\",\"name\":\"Vilight Co.ltd\",\"description\":\"Chi\u1ebfu s\u00e1ng m\u1ef9 thu\u1eadt, chi\u1ebfu s\u00e1ng th\u00f4ng minh, LED Pixel 3D, chi\u1ebfu s\u00e1ng trang tr\u00ed \u0111\u00f4 th\u1ecb, chi\u1ebfu s\u00e1ng v\u00f2ng xoay, chi\u1ebfu s\u00e1ng \u0111\u1ea3o giao th\u00f4ng, c\u1ed5ng ch\u00e0o \u0111\u00f4 th\u1ecb\",\"publisher\":{\"@id\":\"https:\\\/\\\/vilight.vn\\\/website\\\/#organization\"},\"potentialAction\":[{\"@type\":\"SearchAction\",\"target\":{\"@type\":\"EntryPoint\",\"urlTemplate\":\"https:\\\/\\\/vilight.vn\\\/website\\\/?s={search_term_string}\"},\"query-input\":{\"@type\":\"PropertyValueSpecification\",\"valueRequired\":true,\"valueName\":\"search_term_string\"}}],\"inLanguage\":\"vi\"},{\"@type\":\"Organization\",\"@id\":\"https:\\\/\\\/vilight.vn\\\/website\\\/#organization\",\"name\":\"Vilight\",\"url\":\"https:\\\/\\\/vilight.vn\\\/website\\\/\",\"logo\":{\"@type\":\"ImageObject\",\"inLanguage\":\"vi\",\"@id\":\"https:\\\/\\\/vilight.vn\\\/website\\\/#\\\/schema\\\/logo\\\/image\\\/\",\"url\":\"https:\\\/\\\/vilight.vn\\\/website\\\/wp-content\\\/uploads\\\/2022\\\/05\\\/chieu_sang_trang_tri_do_thi_bang_den_led_pixel.png\",\"contentUrl\":\"https:\\\/\\\/vilight.vn\\\/website\\\/wp-content\\\/uploads\\\/2022\\\/05\\\/chieu_sang_trang_tri_do_thi_bang_den_led_pixel.png\",\"width\":800,\"height\":427,\"caption\":\"Vilight\"},\"image\":{\"@id\":\"https:\\\/\\\/vilight.vn\\\/website\\\/#\\\/schema\\\/logo\\\/image\\\/\"},\"sameAs\":[\"http:\\\/\\\/facebook.com\\\/vilight.vn\",\"https:\\\/\\\/www.linkedin.com\\\/company\\\/vilight-vn\",\"https:\\\/\\\/www.youtube.com\\\/channel\\\/UCEwR2naeDcuarMX1kSv_rLQ\\\/videos\"]}]}<\/script>\n<meta property=\"product:brand\" content=\"\u0110\u00e8n \u0111\u01b0\u1eddng\" \/>\n<meta property=\"product:price:currency\" content=\"VND\" \/>\n<meta property=\"og:availability\" content=\"instock\" \/>\n<meta property=\"product:availability\" content=\"instock\" \/>\n<meta property=\"product:condition\" content=\"new\" \/>\n<!-- \/ Yoast SEO Premium plugin. -->","yoast_head_json":{"title":"\u0110\u00e8n \u0111\u01b0\u1eddng VL-VS3 - Vilight Co.ltd","description":"\u0110\u00e8n \u0111\u01b0\u1eddng VL-VS3 s\u1eed d\u1ee5ng chip LED OSRAM (\u0110\u1ee9c), (Driver) Philips, Meanwell, Inventronics v\u00e0 ch\u1ed1ng s\u00e9t lan truy\u1ec1n (SPD) 10KV\/10KA","robots":{"index":"index","follow":"follow","max-snippet":"max-snippet:-1","max-image-preview":"max-image-preview:large","max-video-preview":"max-video-preview:-1"},"canonical":"https:\/\/vilight.vn\/website\/san-pham\/den-duong\/den-duong-vl-vs3\/","og_locale":"vi_VN","og_type":"article","og_title":"\u0110\u00e8n \u0111\u01b0\u1eddng VL-VS3","og_description":"\u0110\u00e8n \u0111\u01b0\u1eddng VL-VS3 c\u1ee7a Vilight - S\u1ef1 k\u1ebft h\u1ee3p ho\u00e0n h\u1ea3o gi\u1eefa thi\u1ebft k\u1ebf hi\u1ec7n \u0111\u1ea1i, \u00e1nh s\u00e1ng ch\u1ea5t l\u01b0\u1ee3ng cao v\u00e0 t\u00ednh n\u0103ng th\u00f4ng minh. \u0110\u00e8n \u0111\u01b0\u1eddng n\u00e0y mang l\u1ea1i \u00e1nh s\u00e1ng m\u1ea1nh m\u1ebd, ti\u1ebft ki\u1ec7m n\u0103ng l\u01b0\u1ee3ng v\u00e0 \u0111\u00e1ng tin c\u1eady trong m\u1ecdi \u0111i\u1ec1u ki\u1ec7n th\u1eddi ti\u1ebft.","og_url":"https:\/\/vilight.vn\/website\/san-pham\/den-duong\/den-duong-vl-vs3\/","og_site_name":"Vilight Co.ltd","article_publisher":"http:\/\/facebook.com\/vilight.vn","article_modified_time":"2024-10-04T08:13:56+00:00","og_image":[{"width":600,"height":600,"url":"https:\/\/vilight.vn\/website\/wp-content\/uploads\/2021\/06\/VS3-Logo.jpg","type":"image\/jpeg"}],"twitter_card":"summary_large_image","twitter_misc":{"Gi\u00e1":"","Kh\u1ea3 d\u1ee5ng":"Trong kho"},"schema":{"@context":"https:\/\/schema.org","@graph":[{"@type":"WebPage","@id":"https:\/\/vilight.vn\/website\/san-pham\/den-duong\/den-duong-vl-vs3\/","url":"https:\/\/vilight.vn\/website\/san-pham\/den-duong\/den-duong-vl-vs3\/","name":"\u0110\u00e8n \u0111\u01b0\u1eddng VL-VS3 - Vilight Co.ltd","isPartOf":{"@id":"https:\/\/vilight.vn\/website\/#website"},"primaryImageOfPage":{"@id":"https:\/\/vilight.vn\/website\/san-pham\/den-duong\/den-duong-vl-vs3\/#primaryimage"},"image":{"@id":"https:\/\/vilight.vn\/website\/san-pham\/den-duong\/den-duong-vl-vs3\/#primaryimage"},"thumbnailUrl":"https:\/\/vilight.vn\/website\/wp-content\/uploads\/2021\/06\/VS3-Logo.jpg","datePublished":"2021-06-30T10:24:42+00:00","dateModified":"2024-10-04T08:13:56+00:00","description":"\u0110\u00e8n \u0111\u01b0\u1eddng VL-VS3 s\u1eed d\u1ee5ng chip LED OSRAM (\u0110\u1ee9c), (Driver) Philips, Meanwell, Inventronics v\u00e0 ch\u1ed1ng s\u00e9t lan truy\u1ec1n (SPD) 10KV\/10KA","breadcrumb":{"@id":"https:\/\/vilight.vn\/website\/san-pham\/den-duong\/den-duong-vl-vs3\/#breadcrumb"},"inLanguage":"vi","potentialAction":[{"@type":"ReadAction","target":["https:\/\/vilight.vn\/website\/san-pham\/den-duong\/den-duong-vl-vs3\/"]}]},{"@type":"ImageObject","inLanguage":"vi","@id":"https:\/\/vilight.vn\/website\/san-pham\/den-duong\/den-duong-vl-vs3\/#primaryimage","url":"https:\/\/vilight.vn\/website\/wp-content\/uploads\/2021\/06\/VS3-Logo.jpg","contentUrl":"https:\/\/vilight.vn\/website\/wp-content\/uploads\/2021\/06\/VS3-Logo.jpg","width":600,"height":600,"caption":"\u0110\u00e8n \u0111\u01b0\u1eddng VL-VS3"},{"@type":"BreadcrumbList","@id":"https:\/\/vilight.vn\/website\/san-pham\/den-duong\/den-duong-vl-vs3\/#breadcrumb","itemListElement":[{"@type":"ListItem","position":1,"name":"Home","item":"https:\/\/vilight.vn\/website\/"},{"@type":"ListItem","position":2,"name":"store","item":"https:\/\/vilight.vn\/website\/store\/"},{"@type":"ListItem","position":3,"name":"\u0110\u00e8n \u0111\u01b0\u1eddng VL-VS3"}]},{"@type":"WebSite","@id":"https:\/\/vilight.vn\/website\/#website","url":"https:\/\/vilight.vn\/website\/","name":"Vilight Co.ltd","description":"Chi\u1ebfu s\u00e1ng m\u1ef9 thu\u1eadt, chi\u1ebfu s\u00e1ng th\u00f4ng minh, LED Pixel 3D, chi\u1ebfu s\u00e1ng trang tr\u00ed \u0111\u00f4 th\u1ecb, chi\u1ebfu s\u00e1ng v\u00f2ng xoay, chi\u1ebfu s\u00e1ng \u0111\u1ea3o giao th\u00f4ng, c\u1ed5ng ch\u00e0o \u0111\u00f4 th\u1ecb","publisher":{"@id":"https:\/\/vilight.vn\/website\/#organization"},"potentialAction":[{"@type":"SearchAction","target":{"@type":"EntryPoint","urlTemplate":"https:\/\/vilight.vn\/website\/?s={search_term_string}"},"query-input":{"@type":"PropertyValueSpecification","valueRequired":true,"valueName":"search_term_string"}}],"inLanguage":"vi"},{"@type":"Organization","@id":"https:\/\/vilight.vn\/website\/#organization","name":"Vilight","url":"https:\/\/vilight.vn\/website\/","logo":{"@type":"ImageObject","inLanguage":"vi","@id":"https:\/\/vilight.vn\/website\/#\/schema\/logo\/image\/","url":"https:\/\/vilight.vn\/website\/wp-content\/uploads\/2022\/05\/chieu_sang_trang_tri_do_thi_bang_den_led_pixel.png","contentUrl":"https:\/\/vilight.vn\/website\/wp-content\/uploads\/2022\/05\/chieu_sang_trang_tri_do_thi_bang_den_led_pixel.png","width":800,"height":427,"caption":"Vilight"},"image":{"@id":"https:\/\/vilight.vn\/website\/#\/schema\/logo\/image\/"},"sameAs":["http:\/\/facebook.com\/vilight.vn","https:\/\/www.linkedin.com\/company\/vilight-vn","https:\/\/www.youtube.com\/channel\/UCEwR2naeDcuarMX1kSv_rLQ\/videos"]}]},"product_brand":"\u0110\u00e8n \u0111\u01b0\u1eddng","product_price_currency":"VND","og_availability":"instock","product_availability":"instock","product_condition":"new"},"_links":{"self":[{"href":"https:\/\/vilight.vn\/website\/wp-json\/wp\/v2\/product\/1712","targetHints":{"allow":["GET"]}}],"collection":[{"href":"https:\/\/vilight.vn\/website\/wp-json\/wp\/v2\/product"}],"about":[{"href":"https:\/\/vilight.vn\/website\/wp-json\/wp\/v2\/types\/product"}],"wp:featuredmedia":[{"embeddable":true,"href":"https:\/\/vilight.vn\/website\/wp-json\/wp\/v2\/media\/1714"}],"wp:attachment":[{"href":"https:\/\/vilight.vn\/website\/wp-json\/wp\/v2\/media?parent=1712"}],"wp:term":[{"taxonomy":"product_brand","embeddable":true,"href":"https:\/\/vilight.vn\/website\/wp-json\/wp\/v2\/product_brand?post=1712"},{"taxonomy":"product_cat","embeddable":true,"href":"https:\/\/vilight.vn\/website\/wp-json\/wp\/v2\/product_cat?post=1712"},{"taxonomy":"product_tag","embeddable":true,"href":"https:\/\/vilight.vn\/website\/wp-json\/wp\/v2\/product_tag?post=1712"}],"curies":[{"name":"wp","href":"https:\/\/api.w.org\/{rel}","templated":true}]}}