{"id":1715,"date":"2021-06-30T17:25:18","date_gmt":"2021-06-30T10:25:18","guid":{"rendered":"https:\/\/vilight.vn\/website\/?post_type=product&#038;p=1715"},"modified":"2024-10-04T15:53:56","modified_gmt":"2024-10-04T08:53:56","slug":"den-duong-vl-vs4","status":"publish","type":"product","link":"https:\/\/vilight.vn\/website\/san-pham\/den-duong\/den-duong-vl-vs4\/","title":{"rendered":"\u0110\u00e8n \u0111\u01b0\u1eddng VL-VS4"},"content":{"rendered":"<h2 style=\"text-align: justify;\"><span style=\"font-size: 18pt;\">Gi\u1edbi thi\u1ec7u m\u1eabu s\u1ea3n ph\u1ea9m \u0111\u00e8n \u0111\u01b0\u1eddng VL-VS4.<\/span><\/h2>\n<p style=\"text-align: justify;\"><span style=\"font-size: 14pt;\">Trong th\u1ebf gi\u1edbi \u0111\u00f4 th\u1ecb ng\u00e0y nay, chi\u1ebfu s\u00e1ng \u0111\u01b0\u1eddng ph\u1ed1 kh\u00f4ng ch\u1ec9 \u0111\u01a1n thu\u1ea7n l\u00e0 nhi\u1ec7m v\u1ee5 cung c\u1ea5p \u00e1nh s\u00e1ng m\u00e0 c\u00f2n l\u00e0 m\u1ed9t ph\u1ea7n quan tr\u1ecdng c\u1ee7a quy ho\u1ea1ch v\u00e0 thi\u1ebft k\u1ebf \u0111\u00f4 th\u1ecb. \u0110\u1ec3 \u0111\u00e1p \u1ee9ng nhu c\u1ea7u chi\u1ebfu s\u00e1ng hi\u1ec7u qu\u1ea3, ti\u1ebft ki\u1ec7m n\u0103ng l\u01b0\u1ee3ng v\u00e0 t\u1ea1o n\u00ean kh\u00f4ng gian s\u1ed1ng th\u00e2n thi\u1ec7n h\u01a1n, \u0110\u00e8n \u0111\u01b0\u1eddng LED VS4 \u0111\u00e3 ra \u0111\u1eddi v\u1edbi thi\u1ebft k\u1ebf hi\u1ec7n \u0111\u1ea1i, c\u1ea5u tr\u00fac l\u1eafp \u0111\u1eb7t v\u00e0 b\u1ea3o tr\u00ec ti\u1ec7n l\u1ee3i, \u0111\u00e1p \u1ee9ng t\u1ed1i \u0111a c\u00e1c y\u00eau c\u1ea7u c\u1ee7a ng\u01b0\u1eddi d\u00f9ng.<\/span><\/p>\n<p style=\"text-align: justify;\"><span style=\"font-size: 14pt;\">Thi\u1ebft k\u1ebf c\u1ee7a \u0111\u00e8n \u0111\u01b0\u1eddng LED VS4 \u0111\u01a1n gi\u1ea3n v\u00e0 hi\u1ec7n \u0111\u1ea1i, mang l\u1ea1i v\u1ebb ngo\u00e0i tinh t\u1ebf cho kh\u00f4ng gian \u0111\u00f4 th\u1ecb. B\u1ec1 m\u1eb7t v\u1ecf \u0111\u00e8n \u0111\u01b0\u1ee3c tr\u00e1ng l\u1edbp s\u01a1n t\u0129nh \u0111i\u1ec7n ch\u1ed1ng \u0103n m\u00f2n v\u00e0 l\u00e3o h\u00f3a, gi\u00fap \u0111\u1ea3m b\u1ea3o s\u1ef1 b\u1ec1n b\u1ec9 v\u00e0 \u0111\u1ed9 b\u1ec1n m\u00e0u s\u1eafc l\u00e2u d\u00e0i.<\/span><\/p>\n<p style=\"text-align: justify;\"><span style=\"font-size: 14pt;\">\u0110i\u1ec1u \u0111\u1eb7c bi\u1ec7t c\u1ee7a \u0110\u00e8n \u0111\u01b0\u1eddng VL-VS4 l\u00e0 s\u1ef1 k\u1ebft h\u1ee3p ho\u00e0n h\u1ea3o gi\u1eefa c\u00f4ng ngh\u1ec7 LED ti\u00ean ti\u1ebfn v\u00e0 c\u00e1c th\u00e0nh ph\u1ea7n ch\u1ea5t l\u01b0\u1ee3ng cao. \u0110\u00e8n \u0111\u01b0\u1ee3c trang b\u1ecb chip LED t\u1eeb nh\u1eefng th\u01b0\u01a1ng hi\u1ec7u uy t\u00edn nh\u01b0 Philips v\u00e0 Bridglux, c\u00f9ng v\u1edbi b\u1ed9 ngu\u1ed3n (Driver) t\u1eeb c\u00e1c nh\u00e0 s\u1ea3n xu\u1ea5t danh ti\u1ebfng nh\u01b0 Philips, Meanwell, Inventronics. K\u1ebft h\u1ee3p n\u00e0y \u0111\u1ea3m b\u1ea3o hi\u1ec7u su\u1ea5t chi\u1ebfu s\u00e1ng cao v\u00e0 tu\u1ed5i th\u1ecd d\u00e0i cho \u0111\u00e8n, gi\u00fap ti\u1ebft ki\u1ec7m n\u0103ng l\u01b0\u1ee3ng v\u00e0 gi\u1ea3m thi\u1ec3u chi ph\u00ed b\u1ea3o tr\u00ec.<\/span><\/p>\n<p style=\"text-align: justify;\"><span style=\"font-size: 14pt;\"><a href=\"https:\/\/vilight.vn\/website\/wp-content\/uploads\/2021\/06\/VS4.jpg\"><img decoding=\"async\" class=\"aligncenter wp-image-1716 lazyload\" data-src=\"https:\/\/vilight.vn\/website\/wp-content\/uploads\/2021\/06\/VS4.jpg\" alt=\"\u0110\u00e8n \u0111\u01b0\u1eddng VL-VS4\" width=\"1500\" height=\"938\" data-srcset=\"https:\/\/vilight.vn\/website\/wp-content\/uploads\/2021\/06\/VS4.jpg 1200w, https:\/\/vilight.vn\/website\/wp-content\/uploads\/2021\/06\/VS4-800x500.jpg 800w, https:\/\/vilight.vn\/website\/wp-content\/uploads\/2021\/06\/VS4-300x188.jpg 300w, https:\/\/vilight.vn\/website\/wp-content\/uploads\/2021\/06\/VS4-1024x640.jpg 1024w, https:\/\/vilight.vn\/website\/wp-content\/uploads\/2021\/06\/VS4-768x480.jpg 768w, https:\/\/vilight.vn\/website\/wp-content\/uploads\/2021\/06\/VS4-16x10.jpg 16w, https:\/\/vilight.vn\/website\/wp-content\/uploads\/2021\/06\/VS4-234x146.jpg 234w, https:\/\/vilight.vn\/website\/wp-content\/uploads\/2021\/06\/VS4-50x31.jpg 50w, https:\/\/vilight.vn\/website\/wp-content\/uploads\/2021\/06\/VS4-120x75.jpg 120w, https:\/\/vilight.vn\/website\/wp-content\/uploads\/2021\/06\/VS4-600x375.jpg 600w\" data-sizes=\"(max-width:767px) 480px, (max-width:1500px) 100vw, 1500px\" src=\"data:image\/svg+xml;base64,PHN2ZyB3aWR0aD0iMSIgaGVpZ2h0PSIxIiB4bWxucz0iaHR0cDovL3d3dy53My5vcmcvMjAwMC9zdmciPjwvc3ZnPg==\" style=\"--smush-placeholder-width: 1500px; --smush-placeholder-aspect-ratio: 1500\/938;\" \/><\/a><\/span><\/p>\n<p style=\"text-align: justify;\"><span style=\"font-size: 14pt;\">M\u1ed9t \u0111i\u1ec3m \u0111\u00e1ng ch\u00fa \u00fd kh\u00e1c c\u1ee7a \u0111\u00e8n \u0111\u01b0\u1eddng LED VS4 l\u00e0 t\u00ednh n\u0103ng ch\u1ed1ng s\u00e9t lan truy\u1ec1n (SPD) t\u00edch h\u1ee3p. V\u1edbi kh\u1ea3 n\u0103ng ch\u1ed1ng s\u00e9t 10KV\/10KA, \u0111\u00e8n VS4 \u0111\u1ea3m b\u1ea3o ho\u1ea1t \u0111\u1ed9ng \u1ed5n \u0111\u1ecbnh v\u00e0 an to\u00e0n trong m\u1ecdi \u0111i\u1ec1u ki\u1ec7n th\u1eddi ti\u1ebft, b\u1ea3o v\u1ec7 h\u1ec7 th\u1ed1ng chi\u1ebfu s\u00e1ng kh\u1ecfi c\u00e1c r\u1ee7i ro li\u00ean quan \u0111\u1ebfn s\u00e9t \u0111\u00e1nh.<\/span><\/p>\n<p style=\"text-align: justify;\"><span style=\"font-size: 14pt;\">\u0110\u00e8n VS4 c\u00f2n \u0111\u01b0\u1ee3c trang b\u1ecb c\u1ed5ng k\u1ebft n\u1ed1i NEMA linh ho\u1ea1t theo y\u00eau c\u1ea7u v\u00e0 b\u1ed9 ngu\u1ed3n c\u00f3 kh\u1ea3 n\u0103ng \u0111i\u1ec1u ch\u1ec9nh c\u00f4ng su\u1ea5t theo chu\u1ea9n DALI. \u0110i\u1ec1u n\u00e0y cho ph\u00e9p ng\u01b0\u1eddi d\u00f9ng l\u1eafp \u0111\u1eb7t c\u00e1c thi\u1ebft b\u1ecb \u0111i\u1ec1<\/span><\/p>\n<p style=\"text-align: justify;\"><span style=\"font-size: 14pt;\">u khi\u1ec3n v\u00e0 ti\u1ebft ki\u1ec7m n\u0103ng l\u01b0\u1ee3ng. Th\u00eam v\u00e0o \u0111\u00f3, \u0110\u00e8n \u0111\u01b0\u1eddng VL-VS4 c\u00f3 kh\u1ea3 n\u0103ng k\u1ebft n\u1ed1i v\u1edbi t\u1ee7 \u0111i\u1ec1u khi\u1ec3n chi\u1ebfu s\u00e1ng th\u00f4ng minh Vilight th\u00f4ng qua s\u00f3ng v\u00f4 tuy\u1ebfn nh\u01b0 Zigbee, RF, LORA. T\u1eeb ph\u1ea7n m\u1ec1m \u0111i\u1ec1u khi\u1ec3n, ng\u01b0\u1eddi qu\u1ea3n l\u00fd c\u00f3 th\u1ec3 theo d\u00f5i v\u00e0 \u0111i\u1ec1u khi\u1ec3n ho\u1ea1t \u0111\u1ed9ng c\u1ee7a h\u1ec7 th\u1ed1ng \u0111\u00e8n chi\u1ebfu s\u00e1ng, bao g\u1ed3m ch\u1ee9c n\u0103ng \u0111\u00f3ng\/t\u1eaft, \u0111i\u1ec1u ch\u1ec9nh c\u00f4ng su\u1ea5t v\u00e0 c\u00e0i \u0111\u1eb7t c\u00e1c ch\u1ebf \u0111\u1ed9 ho\u1ea1t \u0111\u1ed9ng theo l\u1ecbch tr\u00ecnh.<\/span><\/p>\n<p style=\"text-align: justify;\"><span style=\"font-size: 14pt;\">T\u00f3m l\u1ea1i, \u0110\u00e8n \u0111\u01b0\u1eddng LED VS4 l\u00e0 s\u1ef1 l\u1ef1a ch\u1ecdn h\u00e0ng \u0111\u1ea7u cho vi\u1ec7c chi\u1ebfu s\u00e1ng \u0111\u01b0\u1eddng ph\u1ed1 trong m\u00f4i tr\u01b0\u1eddng \u0111\u00f4 th\u1ecb hi\u1ec7n \u0111\u1ea1i. V\u1edbi thi\u1ebft k\u1ebf hi\u1ec7n \u0111\u1ea1i v\u00e0 \u0111\u01a1n gi\u1ea3n, kh\u1ea3 n\u0103ng ch\u1ed1ng s\u00e9t lan truy\u1ec1n, t\u00edch h\u1ee3p c\u00e1c t\u00ednh n\u0103ng th\u00f4ng minh v\u00e0 kh\u1ea3 n\u0103ng t\u01b0\u01a1ng th\u00edch v\u1edbi c\u00e1c thi\u1ebft b\u1ecb \u0111i\u1ec1u khi\u1ec3n, VS4 \u0111em \u0111\u1ebfn s\u1ef1 ti\u1ec7n \u00edch, an to\u00e0n v\u00e0 ti\u1ebft ki\u1ec7m n\u0103ng l\u01b0\u1ee3ng cho h\u1ec7 th\u1ed1ng chi\u1ebfu s\u00e1ng \u0111\u00f4 th\u1ecb.<\/span><\/p>\n<pre style=\"text-align: justify;\"><\/pre>\n","protected":false},"excerpt":{"rendered":"<p style=\"text-align: justify;\"><span style=\"font-size: 14pt;\">\u0110\u00e8n \u0111\u01b0\u1eddng LED VS4 &#8211; Thi\u1ebft k\u1ebf hi\u1ec7n \u0111\u1ea1i, b\u1ec1n b\u1ec9, cung c\u1ea5p \u00e1nh s\u00e1ng ch\u1ea5t l\u01b0\u1ee3ng. S\u1eed d\u1ee5ng chip LED Philips\/Bridglux v\u00e0 b\u1ed9 ngu\u1ed3n uy t\u00edn. C\u00f3 ch\u1ed1ng s\u00e9t lan truy\u1ec1n, t\u00edch h\u1ee3p k\u1ebft n\u1ed1i th\u00f4ng minh. Ti\u1ebft ki\u1ec7m n\u0103ng l\u01b0\u1ee3ng, d\u1ec5 l\u1eafp \u0111\u1eb7t v\u00e0 \u0111i\u1ec1u khi\u1ec3n. L\u1ef1a ch\u1ecdn ho\u00e0n h\u1ea3o cho chi\u1ebfu s\u00e1ng \u0111\u00f4 th\u1ecb.<\/span><\/p>\n","protected":false},"featured_media":1717,"template":"","meta":[],"product_brand":[],"product_cat":[73,72],"product_tag":[],"class_list":{"0":"post-1715","1":"product","2":"type-product","3":"status-publish","4":"has-post-thumbnail","6":"product_cat-den-chieu-sang-facade","7":"product_cat-den-duong","8":"pa_chip-led-philips","9":"pa_dien-ap-hoat-dong-ac-100-277v","10":"pa_do-kin-ip-66","12":"first","13":"instock","14":"taxable","15":"shipping-taxable","16":"product-type-simple"},"yoast_head":"<!-- This site is optimized with the Yoast SEO Premium plugin v27.4 (Yoast SEO v27.4) - https:\/\/yoast.com\/product\/yoast-seo-premium-wordpress\/ -->\n<title>\u0110\u00e8n \u0111\u01b0\u1eddng VL-VS4 - Vilight Co.ltd<\/title>\n<meta name=\"description\" content=\"\u0110\u00e8n \u0111\u01b0\u1eddng LED VS4 - Thi\u1ebft k\u1ebf hi\u1ec7n \u0111\u1ea1i, b\u1ec1n b\u1ec9, cung c\u1ea5p \u00e1nh s\u00e1ng ch\u1ea5t l\u01b0\u1ee3ng. S\u1eed d\u1ee5ng chip LED Philips\/Bridglux v\u00e0 b\u1ed9 ngu\u1ed3n uy t\u00edn. C\u00f3 ch\u1ed1ng s\u00e9t lan truy\u1ec1n\" \/>\n<meta name=\"robots\" content=\"index, follow, max-snippet:-1, max-image-preview:large, max-video-preview:-1\" \/>\n<link rel=\"canonical\" href=\"https:\/\/vilight.vn\/website\/san-pham\/den-duong\/den-duong-vl-vs4\/\" \/>\n<meta property=\"og:locale\" content=\"vi_VN\" \/>\n<meta property=\"og:type\" content=\"article\" \/>\n<meta property=\"og:title\" content=\"\u0110\u00e8n \u0111\u01b0\u1eddng VL-VS4\" \/>\n<meta property=\"og:description\" content=\"\u0110\u00e8n \u0111\u01b0\u1eddng LED VS4 - Thi\u1ebft k\u1ebf hi\u1ec7n \u0111\u1ea1i, b\u1ec1n b\u1ec9, cung c\u1ea5p \u00e1nh s\u00e1ng ch\u1ea5t l\u01b0\u1ee3ng. S\u1eed d\u1ee5ng chip LED Philips\/Bridglux v\u00e0 b\u1ed9 ngu\u1ed3n uy t\u00edn. C\u00f3 ch\u1ed1ng s\u00e9t lan truy\u1ec1n, t\u00edch h\u1ee3p k\u1ebft n\u1ed1i th\u00f4ng minh. Ti\u1ebft ki\u1ec7m n\u0103ng l\u01b0\u1ee3ng, d\u1ec5 l\u1eafp \u0111\u1eb7t v\u00e0 \u0111i\u1ec1u khi\u1ec3n. L\u1ef1a ch\u1ecdn ho\u00e0n h\u1ea3o cho chi\u1ebfu s\u00e1ng \u0111\u00f4 th\u1ecb.\" \/>\n<meta property=\"og:url\" content=\"https:\/\/vilight.vn\/website\/san-pham\/den-duong\/den-duong-vl-vs4\/\" \/>\n<meta property=\"og:site_name\" content=\"Vilight Co.ltd\" \/>\n<meta property=\"article:publisher\" content=\"http:\/\/facebook.com\/vilight.vn\" \/>\n<meta property=\"article:modified_time\" content=\"2024-10-04T08:53:56+00:00\" \/>\n<meta property=\"og:image\" content=\"https:\/\/vilight.vn\/website\/wp-content\/uploads\/2021\/06\/VS4-Logo.jpg\" \/>\n\t<meta property=\"og:image:width\" content=\"600\" \/>\n\t<meta property=\"og:image:height\" content=\"600\" \/>\n\t<meta property=\"og:image:type\" content=\"image\/jpeg\" \/>\n<meta name=\"twitter:card\" content=\"summary_large_image\" \/>\n<meta name=\"twitter:label1\" content=\"Gi\u00e1\" \/>\n\t<meta name=\"twitter:data1\" content=\"\" \/>\n\t<meta name=\"twitter:label2\" content=\"Kh\u1ea3 d\u1ee5ng\" \/>\n\t<meta name=\"twitter:data2\" content=\"Trong kho\" \/>\n<script type=\"application\/ld+json\" class=\"yoast-schema-graph\">{\"@context\":\"https:\\\/\\\/schema.org\",\"@graph\":[{\"@type\":\"WebPage\",\"@id\":\"https:\\\/\\\/vilight.vn\\\/website\\\/san-pham\\\/den-duong\\\/den-duong-vl-vs4\\\/\",\"url\":\"https:\\\/\\\/vilight.vn\\\/website\\\/san-pham\\\/den-duong\\\/den-duong-vl-vs4\\\/\",\"name\":\"\u0110\u00e8n \u0111\u01b0\u1eddng VL-VS4 - Vilight Co.ltd\",\"isPartOf\":{\"@id\":\"https:\\\/\\\/vilight.vn\\\/website\\\/#website\"},\"primaryImageOfPage\":{\"@id\":\"https:\\\/\\\/vilight.vn\\\/website\\\/san-pham\\\/den-duong\\\/den-duong-vl-vs4\\\/#primaryimage\"},\"image\":{\"@id\":\"https:\\\/\\\/vilight.vn\\\/website\\\/san-pham\\\/den-duong\\\/den-duong-vl-vs4\\\/#primaryimage\"},\"thumbnailUrl\":\"https:\\\/\\\/vilight.vn\\\/website\\\/wp-content\\\/uploads\\\/2021\\\/06\\\/VS4-Logo.jpg\",\"datePublished\":\"2021-06-30T10:25:18+00:00\",\"dateModified\":\"2024-10-04T08:53:56+00:00\",\"description\":\"\u0110\u00e8n \u0111\u01b0\u1eddng LED VS4 - Thi\u1ebft k\u1ebf hi\u1ec7n \u0111\u1ea1i, b\u1ec1n b\u1ec9, cung c\u1ea5p \u00e1nh s\u00e1ng ch\u1ea5t l\u01b0\u1ee3ng. S\u1eed d\u1ee5ng chip LED Philips\\\/Bridglux v\u00e0 b\u1ed9 ngu\u1ed3n uy t\u00edn. C\u00f3 ch\u1ed1ng s\u00e9t lan truy\u1ec1n\",\"breadcrumb\":{\"@id\":\"https:\\\/\\\/vilight.vn\\\/website\\\/san-pham\\\/den-duong\\\/den-duong-vl-vs4\\\/#breadcrumb\"},\"inLanguage\":\"vi\",\"potentialAction\":[{\"@type\":\"ReadAction\",\"target\":[\"https:\\\/\\\/vilight.vn\\\/website\\\/san-pham\\\/den-duong\\\/den-duong-vl-vs4\\\/\"]}]},{\"@type\":\"ImageObject\",\"inLanguage\":\"vi\",\"@id\":\"https:\\\/\\\/vilight.vn\\\/website\\\/san-pham\\\/den-duong\\\/den-duong-vl-vs4\\\/#primaryimage\",\"url\":\"https:\\\/\\\/vilight.vn\\\/website\\\/wp-content\\\/uploads\\\/2021\\\/06\\\/VS4-Logo.jpg\",\"contentUrl\":\"https:\\\/\\\/vilight.vn\\\/website\\\/wp-content\\\/uploads\\\/2021\\\/06\\\/VS4-Logo.jpg\",\"width\":600,\"height\":600,\"caption\":\"\u0110\u00e8n \u0111\u01b0\u1eddng VL-VS4\"},{\"@type\":\"BreadcrumbList\",\"@id\":\"https:\\\/\\\/vilight.vn\\\/website\\\/san-pham\\\/den-duong\\\/den-duong-vl-vs4\\\/#breadcrumb\",\"itemListElement\":[{\"@type\":\"ListItem\",\"position\":1,\"name\":\"Home\",\"item\":\"https:\\\/\\\/vilight.vn\\\/website\\\/\"},{\"@type\":\"ListItem\",\"position\":2,\"name\":\"store\",\"item\":\"https:\\\/\\\/vilight.vn\\\/website\\\/store\\\/\"},{\"@type\":\"ListItem\",\"position\":3,\"name\":\"\u0110\u00e8n \u0111\u01b0\u1eddng VL-VS4\"}]},{\"@type\":\"WebSite\",\"@id\":\"https:\\\/\\\/vilight.vn\\\/website\\\/#website\",\"url\":\"https:\\\/\\\/vilight.vn\\\/website\\\/\",\"name\":\"Vilight Co.ltd\",\"description\":\"Chi\u1ebfu s\u00e1ng m\u1ef9 thu\u1eadt, chi\u1ebfu s\u00e1ng th\u00f4ng minh, LED Pixel 3D, chi\u1ebfu s\u00e1ng trang tr\u00ed \u0111\u00f4 th\u1ecb, chi\u1ebfu s\u00e1ng v\u00f2ng xoay, chi\u1ebfu s\u00e1ng \u0111\u1ea3o giao th\u00f4ng, c\u1ed5ng ch\u00e0o \u0111\u00f4 th\u1ecb\",\"publisher\":{\"@id\":\"https:\\\/\\\/vilight.vn\\\/website\\\/#organization\"},\"potentialAction\":[{\"@type\":\"SearchAction\",\"target\":{\"@type\":\"EntryPoint\",\"urlTemplate\":\"https:\\\/\\\/vilight.vn\\\/website\\\/?s={search_term_string}\"},\"query-input\":{\"@type\":\"PropertyValueSpecification\",\"valueRequired\":true,\"valueName\":\"search_term_string\"}}],\"inLanguage\":\"vi\"},{\"@type\":\"Organization\",\"@id\":\"https:\\\/\\\/vilight.vn\\\/website\\\/#organization\",\"name\":\"Vilight\",\"url\":\"https:\\\/\\\/vilight.vn\\\/website\\\/\",\"logo\":{\"@type\":\"ImageObject\",\"inLanguage\":\"vi\",\"@id\":\"https:\\\/\\\/vilight.vn\\\/website\\\/#\\\/schema\\\/logo\\\/image\\\/\",\"url\":\"https:\\\/\\\/vilight.vn\\\/website\\\/wp-content\\\/uploads\\\/2022\\\/05\\\/chieu_sang_trang_tri_do_thi_bang_den_led_pixel.png\",\"contentUrl\":\"https:\\\/\\\/vilight.vn\\\/website\\\/wp-content\\\/uploads\\\/2022\\\/05\\\/chieu_sang_trang_tri_do_thi_bang_den_led_pixel.png\",\"width\":800,\"height\":427,\"caption\":\"Vilight\"},\"image\":{\"@id\":\"https:\\\/\\\/vilight.vn\\\/website\\\/#\\\/schema\\\/logo\\\/image\\\/\"},\"sameAs\":[\"http:\\\/\\\/facebook.com\\\/vilight.vn\",\"https:\\\/\\\/www.linkedin.com\\\/company\\\/vilight-vn\",\"https:\\\/\\\/www.youtube.com\\\/channel\\\/UCEwR2naeDcuarMX1kSv_rLQ\\\/videos\"]}]}<\/script>\n<meta property=\"product:brand\" content=\"\u0110\u00e8n \u0111\u01b0\u1eddng\" \/>\n<meta property=\"product:price:currency\" content=\"VND\" \/>\n<meta property=\"og:availability\" content=\"instock\" \/>\n<meta property=\"product:availability\" content=\"instock\" \/>\n<meta property=\"product:condition\" content=\"new\" \/>\n<!-- \/ Yoast SEO Premium plugin. -->","yoast_head_json":{"title":"\u0110\u00e8n \u0111\u01b0\u1eddng VL-VS4 - Vilight Co.ltd","description":"\u0110\u00e8n \u0111\u01b0\u1eddng LED VS4 - Thi\u1ebft k\u1ebf hi\u1ec7n \u0111\u1ea1i, b\u1ec1n b\u1ec9, cung c\u1ea5p \u00e1nh s\u00e1ng ch\u1ea5t l\u01b0\u1ee3ng. S\u1eed d\u1ee5ng chip LED Philips\/Bridglux v\u00e0 b\u1ed9 ngu\u1ed3n uy t\u00edn. C\u00f3 ch\u1ed1ng s\u00e9t lan truy\u1ec1n","robots":{"index":"index","follow":"follow","max-snippet":"max-snippet:-1","max-image-preview":"max-image-preview:large","max-video-preview":"max-video-preview:-1"},"canonical":"https:\/\/vilight.vn\/website\/san-pham\/den-duong\/den-duong-vl-vs4\/","og_locale":"vi_VN","og_type":"article","og_title":"\u0110\u00e8n \u0111\u01b0\u1eddng VL-VS4","og_description":"\u0110\u00e8n \u0111\u01b0\u1eddng LED VS4 - Thi\u1ebft k\u1ebf hi\u1ec7n \u0111\u1ea1i, b\u1ec1n b\u1ec9, cung c\u1ea5p \u00e1nh s\u00e1ng ch\u1ea5t l\u01b0\u1ee3ng. S\u1eed d\u1ee5ng chip LED Philips\/Bridglux v\u00e0 b\u1ed9 ngu\u1ed3n uy t\u00edn. C\u00f3 ch\u1ed1ng s\u00e9t lan truy\u1ec1n, t\u00edch h\u1ee3p k\u1ebft n\u1ed1i th\u00f4ng minh. Ti\u1ebft ki\u1ec7m n\u0103ng l\u01b0\u1ee3ng, d\u1ec5 l\u1eafp \u0111\u1eb7t v\u00e0 \u0111i\u1ec1u khi\u1ec3n. L\u1ef1a ch\u1ecdn ho\u00e0n h\u1ea3o cho chi\u1ebfu s\u00e1ng \u0111\u00f4 th\u1ecb.","og_url":"https:\/\/vilight.vn\/website\/san-pham\/den-duong\/den-duong-vl-vs4\/","og_site_name":"Vilight Co.ltd","article_publisher":"http:\/\/facebook.com\/vilight.vn","article_modified_time":"2024-10-04T08:53:56+00:00","og_image":[{"width":600,"height":600,"url":"https:\/\/vilight.vn\/website\/wp-content\/uploads\/2021\/06\/VS4-Logo.jpg","type":"image\/jpeg"}],"twitter_card":"summary_large_image","twitter_misc":{"Gi\u00e1":"","Kh\u1ea3 d\u1ee5ng":"Trong kho"},"schema":{"@context":"https:\/\/schema.org","@graph":[{"@type":"WebPage","@id":"https:\/\/vilight.vn\/website\/san-pham\/den-duong\/den-duong-vl-vs4\/","url":"https:\/\/vilight.vn\/website\/san-pham\/den-duong\/den-duong-vl-vs4\/","name":"\u0110\u00e8n \u0111\u01b0\u1eddng VL-VS4 - Vilight Co.ltd","isPartOf":{"@id":"https:\/\/vilight.vn\/website\/#website"},"primaryImageOfPage":{"@id":"https:\/\/vilight.vn\/website\/san-pham\/den-duong\/den-duong-vl-vs4\/#primaryimage"},"image":{"@id":"https:\/\/vilight.vn\/website\/san-pham\/den-duong\/den-duong-vl-vs4\/#primaryimage"},"thumbnailUrl":"https:\/\/vilight.vn\/website\/wp-content\/uploads\/2021\/06\/VS4-Logo.jpg","datePublished":"2021-06-30T10:25:18+00:00","dateModified":"2024-10-04T08:53:56+00:00","description":"\u0110\u00e8n \u0111\u01b0\u1eddng LED VS4 - Thi\u1ebft k\u1ebf hi\u1ec7n \u0111\u1ea1i, b\u1ec1n b\u1ec9, cung c\u1ea5p \u00e1nh s\u00e1ng ch\u1ea5t l\u01b0\u1ee3ng. S\u1eed d\u1ee5ng chip LED Philips\/Bridglux v\u00e0 b\u1ed9 ngu\u1ed3n uy t\u00edn. C\u00f3 ch\u1ed1ng s\u00e9t lan truy\u1ec1n","breadcrumb":{"@id":"https:\/\/vilight.vn\/website\/san-pham\/den-duong\/den-duong-vl-vs4\/#breadcrumb"},"inLanguage":"vi","potentialAction":[{"@type":"ReadAction","target":["https:\/\/vilight.vn\/website\/san-pham\/den-duong\/den-duong-vl-vs4\/"]}]},{"@type":"ImageObject","inLanguage":"vi","@id":"https:\/\/vilight.vn\/website\/san-pham\/den-duong\/den-duong-vl-vs4\/#primaryimage","url":"https:\/\/vilight.vn\/website\/wp-content\/uploads\/2021\/06\/VS4-Logo.jpg","contentUrl":"https:\/\/vilight.vn\/website\/wp-content\/uploads\/2021\/06\/VS4-Logo.jpg","width":600,"height":600,"caption":"\u0110\u00e8n \u0111\u01b0\u1eddng VL-VS4"},{"@type":"BreadcrumbList","@id":"https:\/\/vilight.vn\/website\/san-pham\/den-duong\/den-duong-vl-vs4\/#breadcrumb","itemListElement":[{"@type":"ListItem","position":1,"name":"Home","item":"https:\/\/vilight.vn\/website\/"},{"@type":"ListItem","position":2,"name":"store","item":"https:\/\/vilight.vn\/website\/store\/"},{"@type":"ListItem","position":3,"name":"\u0110\u00e8n \u0111\u01b0\u1eddng VL-VS4"}]},{"@type":"WebSite","@id":"https:\/\/vilight.vn\/website\/#website","url":"https:\/\/vilight.vn\/website\/","name":"Vilight Co.ltd","description":"Chi\u1ebfu s\u00e1ng m\u1ef9 thu\u1eadt, chi\u1ebfu s\u00e1ng th\u00f4ng minh, LED Pixel 3D, chi\u1ebfu s\u00e1ng trang tr\u00ed \u0111\u00f4 th\u1ecb, chi\u1ebfu s\u00e1ng v\u00f2ng xoay, chi\u1ebfu s\u00e1ng \u0111\u1ea3o giao th\u00f4ng, c\u1ed5ng ch\u00e0o \u0111\u00f4 th\u1ecb","publisher":{"@id":"https:\/\/vilight.vn\/website\/#organization"},"potentialAction":[{"@type":"SearchAction","target":{"@type":"EntryPoint","urlTemplate":"https:\/\/vilight.vn\/website\/?s={search_term_string}"},"query-input":{"@type":"PropertyValueSpecification","valueRequired":true,"valueName":"search_term_string"}}],"inLanguage":"vi"},{"@type":"Organization","@id":"https:\/\/vilight.vn\/website\/#organization","name":"Vilight","url":"https:\/\/vilight.vn\/website\/","logo":{"@type":"ImageObject","inLanguage":"vi","@id":"https:\/\/vilight.vn\/website\/#\/schema\/logo\/image\/","url":"https:\/\/vilight.vn\/website\/wp-content\/uploads\/2022\/05\/chieu_sang_trang_tri_do_thi_bang_den_led_pixel.png","contentUrl":"https:\/\/vilight.vn\/website\/wp-content\/uploads\/2022\/05\/chieu_sang_trang_tri_do_thi_bang_den_led_pixel.png","width":800,"height":427,"caption":"Vilight"},"image":{"@id":"https:\/\/vilight.vn\/website\/#\/schema\/logo\/image\/"},"sameAs":["http:\/\/facebook.com\/vilight.vn","https:\/\/www.linkedin.com\/company\/vilight-vn","https:\/\/www.youtube.com\/channel\/UCEwR2naeDcuarMX1kSv_rLQ\/videos"]}]},"product_brand":"\u0110\u00e8n \u0111\u01b0\u1eddng","product_price_currency":"VND","og_availability":"instock","product_availability":"instock","product_condition":"new"},"_links":{"self":[{"href":"https:\/\/vilight.vn\/website\/wp-json\/wp\/v2\/product\/1715","targetHints":{"allow":["GET"]}}],"collection":[{"href":"https:\/\/vilight.vn\/website\/wp-json\/wp\/v2\/product"}],"about":[{"href":"https:\/\/vilight.vn\/website\/wp-json\/wp\/v2\/types\/product"}],"wp:featuredmedia":[{"embeddable":true,"href":"https:\/\/vilight.vn\/website\/wp-json\/wp\/v2\/media\/1717"}],"wp:attachment":[{"href":"https:\/\/vilight.vn\/website\/wp-json\/wp\/v2\/media?parent=1715"}],"wp:term":[{"taxonomy":"product_brand","embeddable":true,"href":"https:\/\/vilight.vn\/website\/wp-json\/wp\/v2\/product_brand?post=1715"},{"taxonomy":"product_cat","embeddable":true,"href":"https:\/\/vilight.vn\/website\/wp-json\/wp\/v2\/product_cat?post=1715"},{"taxonomy":"product_tag","embeddable":true,"href":"https:\/\/vilight.vn\/website\/wp-json\/wp\/v2\/product_tag?post=1715"}],"curies":[{"name":"wp","href":"https:\/\/api.w.org\/{rel}","templated":true}]}}