{"id":1718,"date":"2021-06-30T17:26:01","date_gmt":"2021-06-30T10:26:01","guid":{"rendered":"https:\/\/vilight.vn\/website\/?post_type=product&#038;p=1718"},"modified":"2024-10-04T15:52:31","modified_gmt":"2024-10-04T08:52:31","slug":"den-duong-vl-vs5","status":"publish","type":"product","link":"https:\/\/vilight.vn\/website\/san-pham\/den-duong\/den-duong-vl-vs5\/","title":{"rendered":"\u0110\u00e8n \u0111\u01b0\u1eddng VL-VS5"},"content":{"rendered":"<h2 style=\"text-align: justify;\"><span style=\"font-size: 18pt;\">Gi\u1edbi thi\u1ec7u m\u1eabu \u0110\u00e8n \u0111\u01b0\u1eddng VL-VS5 hi\u1ec7u n\u0103ng cao:<\/span><\/h2>\n<p style=\"text-align: justify;\"><span style=\"font-size: 14pt;\">\u0110\u00e8n \u0111\u01b0\u1eddng VL-VS5 mang \u0111\u1ebfn cho b\u1ea1n m\u1ed9t thi\u1ebft k\u1ebf hi\u1ec7n \u0111\u1ea1i v\u00e0 \u0111\u01a1n gi\u1ea3n, c\u00f9ng v\u1edbi c\u1ea5u tr\u00fac l\u1eafp \u0111\u1eb7t v\u00e0 b\u1ea3o tr\u00ec th\u00e2n thi\u1ec7n v\u1edbi ng\u01b0\u1eddi d\u00f9ng. V\u1edbi thi\u1ebft k\u1ebf theo d\u1ea1ng Modul, \u0111\u00e8n n\u00e0y r\u1ea5t linh ho\u1ea1t v\u00e0 ph\u00f9 h\u1ee3p cho \u0111a d\u1ea1ng c\u00e1c lo\u1ea1i \u0111\u01b0\u1eddng nh\u01b0 \u0111\u01b0\u1eddng tr\u1ee5c \u0111\u00f4 th\u1ecb, \u0111\u01b0\u1eddng cao t\u1ed1c, \u0111\u01b0\u1eddng ph\u1ee5, \u0111\u01b0\u1eddng \u0111\u00f4 th\u1ecb\/n\u00f4ng th\u00f4n v\u00e0 nhi\u1ec1u nhu c\u1ea7u \u0111\u01b0\u1eddng kh\u00e1c.<\/span><\/p>\n<p style=\"text-align: justify;\"><span style=\"font-size: 14pt;\">\u0110\u00e8n \u0111\u01b0\u1eddng VS5 \u0111\u01b0\u1ee3c thi\u1ebft k\u1ebf theo chu\u1ea9n quang h\u1ecdc chuy\u00ean nghi\u1ec7p v\u00e0 h\u1ee3p l\u00fd, mang \u0111\u1ebfn \u00e1nh s\u00e1ng \u0111\u1ed3ng \u0111\u1ec1u v\u00e0 t\u1ed1i \u01b0u cho kh\u00f4ng gian \u0111\u01b0\u1eddng. B\u00ean c\u1ea1nh \u0111\u00f3, vi\u1ec7c s\u1eed d\u1ee5ng chip LED t\u1eeb nh\u1eefng th\u01b0\u01a1ng hi\u1ec7u uy t\u00edn nh\u01b0 Philips ho\u1eb7c Bridgelux c\u00f9ng v\u1edbi b\u1ed9 ngu\u1ed3n t\u1eeb Philips, Meanwell, Inventronics \u0111\u1ea3m b\u1ea3o ch\u1ea5t l\u01b0\u1ee3ng \u00e1nh s\u00e1ng \u1ed5n \u0111\u1ecbnh v\u00e0 tu\u1ed5i th\u1ecd cao cho \u0111\u00e8n.<\/span><\/p>\n<p style=\"text-align: justify;\"><span style=\"font-size: 14pt;\"><a href=\"https:\/\/vilight.vn\/website\/wp-content\/uploads\/2021\/06\/VS5.jpg\"><img decoding=\"async\" class=\"wp-image-1719 size-full aligncenter lazyload\" data-src=\"https:\/\/vilight.vn\/website\/wp-content\/uploads\/2021\/06\/VS5.jpg\" alt=\"\u0110\u00e8n \u0111\u01b0\u1eddng VL-VS5\" width=\"1200\" height=\"750\" data-srcset=\"https:\/\/vilight.vn\/website\/wp-content\/uploads\/2021\/06\/VS5.jpg 1200w, https:\/\/vilight.vn\/website\/wp-content\/uploads\/2021\/06\/VS5-800x500.jpg 800w, https:\/\/vilight.vn\/website\/wp-content\/uploads\/2021\/06\/VS5-300x188.jpg 300w, https:\/\/vilight.vn\/website\/wp-content\/uploads\/2021\/06\/VS5-1024x640.jpg 1024w, https:\/\/vilight.vn\/website\/wp-content\/uploads\/2021\/06\/VS5-768x480.jpg 768w, https:\/\/vilight.vn\/website\/wp-content\/uploads\/2021\/06\/VS5-16x10.jpg 16w, https:\/\/vilight.vn\/website\/wp-content\/uploads\/2021\/06\/VS5-234x146.jpg 234w, https:\/\/vilight.vn\/website\/wp-content\/uploads\/2021\/06\/VS5-50x31.jpg 50w, https:\/\/vilight.vn\/website\/wp-content\/uploads\/2021\/06\/VS5-120x75.jpg 120w, https:\/\/vilight.vn\/website\/wp-content\/uploads\/2021\/06\/VS5-600x375.jpg 600w\" data-sizes=\"(max-width:767px) 480px, (max-width:1200px) 100vw, 1200px\" src=\"data:image\/svg+xml;base64,PHN2ZyB3aWR0aD0iMSIgaGVpZ2h0PSIxIiB4bWxucz0iaHR0cDovL3d3dy53My5vcmcvMjAwMC9zdmciPjwvc3ZnPg==\" style=\"--smush-placeholder-width: 1200px; --smush-placeholder-aspect-ratio: 1200\/750;\" \/><\/a><\/span><\/p>\n<p style=\"text-align: justify;\"><span style=\"font-size: 14pt;\">\u0110\u1eb7c bi\u1ec7t, VS5 c\u00f2n \u0111\u01b0\u1ee3c trang b\u1ecb thi\u1ebft b\u1ecb ch\u1ed1ng s\u00e9t lan truy\u1ec1n (SPD) v\u1edbi kh\u1ea3 n\u0103ng ch\u1ed1ng s\u00e9t 10KV\/10KA. \u0110i\u1ec1u n\u00e0y \u0111\u1ea3m b\u1ea3o r\u1eb1ng \u0111\u00e8n v\u1eabn ho\u1ea1t \u0111\u1ed9ng \u1ed5n \u0111\u1ecbnh trong c\u00e1c \u0111i\u1ec1u ki\u1ec7n th\u1eddi ti\u1ebft x\u1ea5u nh\u01b0 m\u01b0a b\u00e3o v\u00e0 c\u00f3 kh\u1ea3 n\u0103ng ch\u1ed1ng s\u00e9t lan truy\u1ec1n, b\u1ea3o v\u1ec7 h\u1ec7 th\u1ed1ng v\u00e0 t\u0103ng c\u01b0\u1eddng \u0111\u1ed9 b\u1ec1n cho \u0111\u00e8n.<\/span><\/p>\n<p style=\"text-align: justify;\"><span style=\"font-size: 14pt;\">B\u1ec1 m\u1eb7t v\u1ecf \u0111\u00e8n \u0111\u01b0\u1ee3c l\u00e0m t\u1eeb s\u01a1n t\u0129nh \u0111i\u1ec7n, gi\u00fap ch\u1ed1ng \u0103n m\u00f2n v\u00e0 l\u00e3o h\u00f3a, \u0111\u1ed3ng th\u1eddi c\u0169ng t\u1ef1 l\u00e0m s\u1ea1ch b\u1ec1 m\u1eb7t m\u1ed9t c\u00e1ch h\u1ee3p l\u00fd. Nh\u1edd v\u00e0o s\u1ef1 k\u1ebft h\u1ee3p c\u1ee7a c\u00e1c y\u1ebfu t\u1ed1 n\u00e0y, VS5 kh\u00f4ng ch\u1ec9 mang l\u1ea1i \u00e1nh s\u00e1ng ch\u1ea5t l\u01b0\u1ee3ng m\u00e0 c\u00f2n c\u00f3 th\u1ec3 t\u1ed3n t\u1ea1i v\u00e0 ho\u1ea1t \u0111\u1ed9ng hi\u1ec7u qu\u1ea3 trong th\u1eddi gian d\u00e0i.<\/span><\/p>\n<p style=\"text-align: justify;\"><span style=\"font-size: 14pt;\">D\u00f2ng \u0111\u00e8n \u0111\u01b0\u1eddng VS5 l\u00e0 s\u1ef1 l\u1ef1a ch\u1ecdn ho\u00e0n h\u1ea3o cho vi\u1ec7c chi\u1ebfu s\u00e1ng \u0111\u01b0\u1eddng ph\u1ed1, \u0111\u1ea3m b\u1ea3o an to\u00e0n v\u00e0 t\u1ea1o \u0111i\u1ec3m nh\u1ea5n th\u1ea9m m\u1ef9 cho m\u00f4i tr\u01b0\u1eddng s\u1ed1ng c\u1ee7a b\u1ea1n.<\/span><\/p>\n","protected":false},"excerpt":{"rendered":"<p style=\"text-align: justify;\"><span style=\"font-size: 14pt;\">VS5 &#8211; \u0110\u00e8n \u0111\u01b0\u1eddng hi\u1ec7n \u0111\u1ea1i v\u1edbi thi\u1ebft k\u1ebf \u0111\u01a1n gi\u1ea3n, chip LED ch\u1ea5t l\u01b0\u1ee3ng t\u1eeb Philips\/Bridgelux, b\u1ed9 ngu\u1ed3n \u0111\u00e1ng tin c\u1eady t\u1eeb Philips, Meanwell, Inventronics. B\u1ec1n b\u1ec9, ch\u1ed1ng s\u00e9t 10kV\/10kA, v\u00e0 b\u1ec1 m\u1eb7t s\u01a1n t\u0129nh \u0111i\u1ec7n ch\u1ed1ng \u0103n m\u00f2n. S\u1ef1 l\u1ef1a ch\u1ecdn ho\u00e0n h\u1ea3o cho chi\u1ebfu s\u00e1ng \u0111\u01b0\u1eddng tr\u1ee5c \u0111\u00f4 th\u1ecb v\u00e0 n\u00f4ng th\u00f4n.<\/span><\/p>\n","protected":false},"featured_media":1720,"template":"","meta":[],"product_brand":[],"product_cat":[73,72],"product_tag":[],"class_list":{"0":"post-1718","1":"product","2":"type-product","3":"status-publish","4":"has-post-thumbnail","6":"product_cat-den-chieu-sang-facade","7":"product_cat-den-duong","8":"pa_chip-led-philips","9":"pa_chuan-dieu-khien-on-off","10":"pa_dien-ap-hoat-dong-ac-100-277v","11":"pa_do-kin-ip-66","13":"first","14":"instock","15":"taxable","16":"shipping-taxable","17":"product-type-simple"},"yoast_head":"<!-- This site is optimized with the Yoast SEO Premium plugin v27.4 (Yoast SEO v27.4) - https:\/\/yoast.com\/product\/yoast-seo-premium-wordpress\/ -->\n<title>\u0110\u00e8n \u0111\u01b0\u1eddng VS5 nh\u1eadp kh\u1ea9u ch\u00ednh h\u00e3ng - Vilight Co.ltd<\/title>\n<meta name=\"description\" content=\"\u0110\u00e8n \u0111\u01b0\u1eddng VL-VS5 s\u1eed d\u1ee5ng chip LED Philips\/Bridgelux) v\u00e0 b\u1ed9 ngu\u1ed3n (Driver) t\u1eeb Philips, Meanwell, Inventronics. ch\u1ed1ng s\u00e9t lan truy\u1ec1n (SPD) 10KV\/10KA,\" \/>\n<meta name=\"robots\" content=\"index, follow, max-snippet:-1, max-image-preview:large, max-video-preview:-1\" \/>\n<link rel=\"canonical\" href=\"https:\/\/vilight.vn\/website\/san-pham\/den-duong\/den-duong-vl-vs5\/\" \/>\n<meta property=\"og:locale\" content=\"vi_VN\" \/>\n<meta property=\"og:type\" content=\"article\" \/>\n<meta property=\"og:title\" content=\"\u0110\u00e8n \u0111\u01b0\u1eddng VL-VS5\" \/>\n<meta property=\"og:description\" content=\"VS5 - \u0110\u00e8n \u0111\u01b0\u1eddng hi\u1ec7n \u0111\u1ea1i v\u1edbi thi\u1ebft k\u1ebf \u0111\u01a1n gi\u1ea3n, chip LED ch\u1ea5t l\u01b0\u1ee3ng t\u1eeb Philips\/Bridgelux, b\u1ed9 ngu\u1ed3n \u0111\u00e1ng tin c\u1eady t\u1eeb Philips, Meanwell, Inventronics. B\u1ec1n b\u1ec9, ch\u1ed1ng s\u00e9t 10kV\/10kA, v\u00e0 b\u1ec1 m\u1eb7t s\u01a1n t\u0129nh \u0111i\u1ec7n ch\u1ed1ng \u0103n m\u00f2n. S\u1ef1 l\u1ef1a ch\u1ecdn ho\u00e0n h\u1ea3o cho chi\u1ebfu s\u00e1ng \u0111\u01b0\u1eddng tr\u1ee5c \u0111\u00f4 th\u1ecb v\u00e0 n\u00f4ng th\u00f4n.\" \/>\n<meta property=\"og:url\" content=\"https:\/\/vilight.vn\/website\/san-pham\/den-duong\/den-duong-vl-vs5\/\" \/>\n<meta property=\"og:site_name\" content=\"Vilight Co.ltd\" \/>\n<meta property=\"article:publisher\" content=\"http:\/\/facebook.com\/vilight.vn\" \/>\n<meta property=\"article:modified_time\" content=\"2024-10-04T08:52:31+00:00\" \/>\n<meta property=\"og:image\" content=\"https:\/\/vilight.vn\/website\/wp-content\/uploads\/2021\/06\/VS5-Logo.jpg\" \/>\n\t<meta property=\"og:image:width\" content=\"600\" \/>\n\t<meta property=\"og:image:height\" content=\"600\" \/>\n\t<meta property=\"og:image:type\" content=\"image\/jpeg\" \/>\n<meta name=\"twitter:card\" content=\"summary_large_image\" \/>\n<meta name=\"twitter:label1\" content=\"Gi\u00e1\" \/>\n\t<meta name=\"twitter:data1\" content=\"\" \/>\n\t<meta name=\"twitter:label2\" content=\"Kh\u1ea3 d\u1ee5ng\" \/>\n\t<meta name=\"twitter:data2\" content=\"Trong kho\" \/>\n<script type=\"application\/ld+json\" class=\"yoast-schema-graph\">{\"@context\":\"https:\\\/\\\/schema.org\",\"@graph\":[{\"@type\":\"WebPage\",\"@id\":\"https:\\\/\\\/vilight.vn\\\/website\\\/san-pham\\\/den-duong\\\/den-duong-vl-vs5\\\/\",\"url\":\"https:\\\/\\\/vilight.vn\\\/website\\\/san-pham\\\/den-duong\\\/den-duong-vl-vs5\\\/\",\"name\":\"\u0110\u00e8n \u0111\u01b0\u1eddng VS5 nh\u1eadp kh\u1ea9u ch\u00ednh h\u00e3ng - Vilight Co.ltd\",\"isPartOf\":{\"@id\":\"https:\\\/\\\/vilight.vn\\\/website\\\/#website\"},\"primaryImageOfPage\":{\"@id\":\"https:\\\/\\\/vilight.vn\\\/website\\\/san-pham\\\/den-duong\\\/den-duong-vl-vs5\\\/#primaryimage\"},\"image\":{\"@id\":\"https:\\\/\\\/vilight.vn\\\/website\\\/san-pham\\\/den-duong\\\/den-duong-vl-vs5\\\/#primaryimage\"},\"thumbnailUrl\":\"https:\\\/\\\/vilight.vn\\\/website\\\/wp-content\\\/uploads\\\/2021\\\/06\\\/VS5-Logo.jpg\",\"datePublished\":\"2021-06-30T10:26:01+00:00\",\"dateModified\":\"2024-10-04T08:52:31+00:00\",\"description\":\"\u0110\u00e8n \u0111\u01b0\u1eddng VL-VS5 s\u1eed d\u1ee5ng chip LED Philips\\\/Bridgelux) v\u00e0 b\u1ed9 ngu\u1ed3n (Driver) t\u1eeb Philips, Meanwell, Inventronics. ch\u1ed1ng s\u00e9t lan truy\u1ec1n (SPD) 10KV\\\/10KA,\",\"breadcrumb\":{\"@id\":\"https:\\\/\\\/vilight.vn\\\/website\\\/san-pham\\\/den-duong\\\/den-duong-vl-vs5\\\/#breadcrumb\"},\"inLanguage\":\"vi\",\"potentialAction\":[{\"@type\":\"ReadAction\",\"target\":[\"https:\\\/\\\/vilight.vn\\\/website\\\/san-pham\\\/den-duong\\\/den-duong-vl-vs5\\\/\"]}]},{\"@type\":\"ImageObject\",\"inLanguage\":\"vi\",\"@id\":\"https:\\\/\\\/vilight.vn\\\/website\\\/san-pham\\\/den-duong\\\/den-duong-vl-vs5\\\/#primaryimage\",\"url\":\"https:\\\/\\\/vilight.vn\\\/website\\\/wp-content\\\/uploads\\\/2021\\\/06\\\/VS5-Logo.jpg\",\"contentUrl\":\"https:\\\/\\\/vilight.vn\\\/website\\\/wp-content\\\/uploads\\\/2021\\\/06\\\/VS5-Logo.jpg\",\"width\":600,\"height\":600,\"caption\":\"\u0110\u00e8n \u0111\u01b0\u1eddng VL-VS5\"},{\"@type\":\"BreadcrumbList\",\"@id\":\"https:\\\/\\\/vilight.vn\\\/website\\\/san-pham\\\/den-duong\\\/den-duong-vl-vs5\\\/#breadcrumb\",\"itemListElement\":[{\"@type\":\"ListItem\",\"position\":1,\"name\":\"Home\",\"item\":\"https:\\\/\\\/vilight.vn\\\/website\\\/\"},{\"@type\":\"ListItem\",\"position\":2,\"name\":\"store\",\"item\":\"https:\\\/\\\/vilight.vn\\\/website\\\/store\\\/\"},{\"@type\":\"ListItem\",\"position\":3,\"name\":\"\u0110\u00e8n \u0111\u01b0\u1eddng VL-VS5\"}]},{\"@type\":\"WebSite\",\"@id\":\"https:\\\/\\\/vilight.vn\\\/website\\\/#website\",\"url\":\"https:\\\/\\\/vilight.vn\\\/website\\\/\",\"name\":\"Vilight Co.ltd\",\"description\":\"Chi\u1ebfu s\u00e1ng m\u1ef9 thu\u1eadt, chi\u1ebfu s\u00e1ng th\u00f4ng minh, LED Pixel 3D, chi\u1ebfu s\u00e1ng trang tr\u00ed \u0111\u00f4 th\u1ecb, chi\u1ebfu s\u00e1ng v\u00f2ng xoay, chi\u1ebfu s\u00e1ng \u0111\u1ea3o giao th\u00f4ng, c\u1ed5ng ch\u00e0o \u0111\u00f4 th\u1ecb\",\"publisher\":{\"@id\":\"https:\\\/\\\/vilight.vn\\\/website\\\/#organization\"},\"potentialAction\":[{\"@type\":\"SearchAction\",\"target\":{\"@type\":\"EntryPoint\",\"urlTemplate\":\"https:\\\/\\\/vilight.vn\\\/website\\\/?s={search_term_string}\"},\"query-input\":{\"@type\":\"PropertyValueSpecification\",\"valueRequired\":true,\"valueName\":\"search_term_string\"}}],\"inLanguage\":\"vi\"},{\"@type\":\"Organization\",\"@id\":\"https:\\\/\\\/vilight.vn\\\/website\\\/#organization\",\"name\":\"Vilight\",\"url\":\"https:\\\/\\\/vilight.vn\\\/website\\\/\",\"logo\":{\"@type\":\"ImageObject\",\"inLanguage\":\"vi\",\"@id\":\"https:\\\/\\\/vilight.vn\\\/website\\\/#\\\/schema\\\/logo\\\/image\\\/\",\"url\":\"https:\\\/\\\/vilight.vn\\\/website\\\/wp-content\\\/uploads\\\/2022\\\/05\\\/chieu_sang_trang_tri_do_thi_bang_den_led_pixel.png\",\"contentUrl\":\"https:\\\/\\\/vilight.vn\\\/website\\\/wp-content\\\/uploads\\\/2022\\\/05\\\/chieu_sang_trang_tri_do_thi_bang_den_led_pixel.png\",\"width\":800,\"height\":427,\"caption\":\"Vilight\"},\"image\":{\"@id\":\"https:\\\/\\\/vilight.vn\\\/website\\\/#\\\/schema\\\/logo\\\/image\\\/\"},\"sameAs\":[\"http:\\\/\\\/facebook.com\\\/vilight.vn\",\"https:\\\/\\\/www.linkedin.com\\\/company\\\/vilight-vn\",\"https:\\\/\\\/www.youtube.com\\\/channel\\\/UCEwR2naeDcuarMX1kSv_rLQ\\\/videos\"]}]}<\/script>\n<meta property=\"product:brand\" content=\"\u0110\u00e8n \u0111\u01b0\u1eddng\" \/>\n<meta property=\"product:price:currency\" content=\"VND\" \/>\n<meta property=\"og:availability\" content=\"instock\" \/>\n<meta property=\"product:availability\" content=\"instock\" \/>\n<meta property=\"product:condition\" content=\"new\" \/>\n<!-- \/ Yoast SEO Premium plugin. -->","yoast_head_json":{"title":"\u0110\u00e8n \u0111\u01b0\u1eddng VS5 nh\u1eadp kh\u1ea9u ch\u00ednh h\u00e3ng - Vilight Co.ltd","description":"\u0110\u00e8n \u0111\u01b0\u1eddng VL-VS5 s\u1eed d\u1ee5ng chip LED Philips\/Bridgelux) v\u00e0 b\u1ed9 ngu\u1ed3n (Driver) t\u1eeb Philips, Meanwell, Inventronics. ch\u1ed1ng s\u00e9t lan truy\u1ec1n (SPD) 10KV\/10KA,","robots":{"index":"index","follow":"follow","max-snippet":"max-snippet:-1","max-image-preview":"max-image-preview:large","max-video-preview":"max-video-preview:-1"},"canonical":"https:\/\/vilight.vn\/website\/san-pham\/den-duong\/den-duong-vl-vs5\/","og_locale":"vi_VN","og_type":"article","og_title":"\u0110\u00e8n \u0111\u01b0\u1eddng VL-VS5","og_description":"VS5 - \u0110\u00e8n \u0111\u01b0\u1eddng hi\u1ec7n \u0111\u1ea1i v\u1edbi thi\u1ebft k\u1ebf \u0111\u01a1n gi\u1ea3n, chip LED ch\u1ea5t l\u01b0\u1ee3ng t\u1eeb Philips\/Bridgelux, b\u1ed9 ngu\u1ed3n \u0111\u00e1ng tin c\u1eady t\u1eeb Philips, Meanwell, Inventronics. B\u1ec1n b\u1ec9, ch\u1ed1ng s\u00e9t 10kV\/10kA, v\u00e0 b\u1ec1 m\u1eb7t s\u01a1n t\u0129nh \u0111i\u1ec7n ch\u1ed1ng \u0103n m\u00f2n. S\u1ef1 l\u1ef1a ch\u1ecdn ho\u00e0n h\u1ea3o cho chi\u1ebfu s\u00e1ng \u0111\u01b0\u1eddng tr\u1ee5c \u0111\u00f4 th\u1ecb v\u00e0 n\u00f4ng th\u00f4n.","og_url":"https:\/\/vilight.vn\/website\/san-pham\/den-duong\/den-duong-vl-vs5\/","og_site_name":"Vilight Co.ltd","article_publisher":"http:\/\/facebook.com\/vilight.vn","article_modified_time":"2024-10-04T08:52:31+00:00","og_image":[{"width":600,"height":600,"url":"https:\/\/vilight.vn\/website\/wp-content\/uploads\/2021\/06\/VS5-Logo.jpg","type":"image\/jpeg"}],"twitter_card":"summary_large_image","twitter_misc":{"Gi\u00e1":"","Kh\u1ea3 d\u1ee5ng":"Trong kho"},"schema":{"@context":"https:\/\/schema.org","@graph":[{"@type":"WebPage","@id":"https:\/\/vilight.vn\/website\/san-pham\/den-duong\/den-duong-vl-vs5\/","url":"https:\/\/vilight.vn\/website\/san-pham\/den-duong\/den-duong-vl-vs5\/","name":"\u0110\u00e8n \u0111\u01b0\u1eddng VS5 nh\u1eadp kh\u1ea9u ch\u00ednh h\u00e3ng - Vilight Co.ltd","isPartOf":{"@id":"https:\/\/vilight.vn\/website\/#website"},"primaryImageOfPage":{"@id":"https:\/\/vilight.vn\/website\/san-pham\/den-duong\/den-duong-vl-vs5\/#primaryimage"},"image":{"@id":"https:\/\/vilight.vn\/website\/san-pham\/den-duong\/den-duong-vl-vs5\/#primaryimage"},"thumbnailUrl":"https:\/\/vilight.vn\/website\/wp-content\/uploads\/2021\/06\/VS5-Logo.jpg","datePublished":"2021-06-30T10:26:01+00:00","dateModified":"2024-10-04T08:52:31+00:00","description":"\u0110\u00e8n \u0111\u01b0\u1eddng VL-VS5 s\u1eed d\u1ee5ng chip LED Philips\/Bridgelux) v\u00e0 b\u1ed9 ngu\u1ed3n (Driver) t\u1eeb Philips, Meanwell, Inventronics. ch\u1ed1ng s\u00e9t lan truy\u1ec1n (SPD) 10KV\/10KA,","breadcrumb":{"@id":"https:\/\/vilight.vn\/website\/san-pham\/den-duong\/den-duong-vl-vs5\/#breadcrumb"},"inLanguage":"vi","potentialAction":[{"@type":"ReadAction","target":["https:\/\/vilight.vn\/website\/san-pham\/den-duong\/den-duong-vl-vs5\/"]}]},{"@type":"ImageObject","inLanguage":"vi","@id":"https:\/\/vilight.vn\/website\/san-pham\/den-duong\/den-duong-vl-vs5\/#primaryimage","url":"https:\/\/vilight.vn\/website\/wp-content\/uploads\/2021\/06\/VS5-Logo.jpg","contentUrl":"https:\/\/vilight.vn\/website\/wp-content\/uploads\/2021\/06\/VS5-Logo.jpg","width":600,"height":600,"caption":"\u0110\u00e8n \u0111\u01b0\u1eddng VL-VS5"},{"@type":"BreadcrumbList","@id":"https:\/\/vilight.vn\/website\/san-pham\/den-duong\/den-duong-vl-vs5\/#breadcrumb","itemListElement":[{"@type":"ListItem","position":1,"name":"Home","item":"https:\/\/vilight.vn\/website\/"},{"@type":"ListItem","position":2,"name":"store","item":"https:\/\/vilight.vn\/website\/store\/"},{"@type":"ListItem","position":3,"name":"\u0110\u00e8n \u0111\u01b0\u1eddng VL-VS5"}]},{"@type":"WebSite","@id":"https:\/\/vilight.vn\/website\/#website","url":"https:\/\/vilight.vn\/website\/","name":"Vilight Co.ltd","description":"Chi\u1ebfu s\u00e1ng m\u1ef9 thu\u1eadt, chi\u1ebfu s\u00e1ng th\u00f4ng minh, LED Pixel 3D, chi\u1ebfu s\u00e1ng trang tr\u00ed \u0111\u00f4 th\u1ecb, chi\u1ebfu s\u00e1ng v\u00f2ng xoay, chi\u1ebfu s\u00e1ng \u0111\u1ea3o giao th\u00f4ng, c\u1ed5ng ch\u00e0o \u0111\u00f4 th\u1ecb","publisher":{"@id":"https:\/\/vilight.vn\/website\/#organization"},"potentialAction":[{"@type":"SearchAction","target":{"@type":"EntryPoint","urlTemplate":"https:\/\/vilight.vn\/website\/?s={search_term_string}"},"query-input":{"@type":"PropertyValueSpecification","valueRequired":true,"valueName":"search_term_string"}}],"inLanguage":"vi"},{"@type":"Organization","@id":"https:\/\/vilight.vn\/website\/#organization","name":"Vilight","url":"https:\/\/vilight.vn\/website\/","logo":{"@type":"ImageObject","inLanguage":"vi","@id":"https:\/\/vilight.vn\/website\/#\/schema\/logo\/image\/","url":"https:\/\/vilight.vn\/website\/wp-content\/uploads\/2022\/05\/chieu_sang_trang_tri_do_thi_bang_den_led_pixel.png","contentUrl":"https:\/\/vilight.vn\/website\/wp-content\/uploads\/2022\/05\/chieu_sang_trang_tri_do_thi_bang_den_led_pixel.png","width":800,"height":427,"caption":"Vilight"},"image":{"@id":"https:\/\/vilight.vn\/website\/#\/schema\/logo\/image\/"},"sameAs":["http:\/\/facebook.com\/vilight.vn","https:\/\/www.linkedin.com\/company\/vilight-vn","https:\/\/www.youtube.com\/channel\/UCEwR2naeDcuarMX1kSv_rLQ\/videos"]}]},"product_brand":"\u0110\u00e8n \u0111\u01b0\u1eddng","product_price_currency":"VND","og_availability":"instock","product_availability":"instock","product_condition":"new"},"_links":{"self":[{"href":"https:\/\/vilight.vn\/website\/wp-json\/wp\/v2\/product\/1718","targetHints":{"allow":["GET"]}}],"collection":[{"href":"https:\/\/vilight.vn\/website\/wp-json\/wp\/v2\/product"}],"about":[{"href":"https:\/\/vilight.vn\/website\/wp-json\/wp\/v2\/types\/product"}],"wp:featuredmedia":[{"embeddable":true,"href":"https:\/\/vilight.vn\/website\/wp-json\/wp\/v2\/media\/1720"}],"wp:attachment":[{"href":"https:\/\/vilight.vn\/website\/wp-json\/wp\/v2\/media?parent=1718"}],"wp:term":[{"taxonomy":"product_brand","embeddable":true,"href":"https:\/\/vilight.vn\/website\/wp-json\/wp\/v2\/product_brand?post=1718"},{"taxonomy":"product_cat","embeddable":true,"href":"https:\/\/vilight.vn\/website\/wp-json\/wp\/v2\/product_cat?post=1718"},{"taxonomy":"product_tag","embeddable":true,"href":"https:\/\/vilight.vn\/website\/wp-json\/wp\/v2\/product_tag?post=1718"}],"curies":[{"name":"wp","href":"https:\/\/api.w.org\/{rel}","templated":true}]}}