{"id":1771,"date":"2021-07-02T09:54:49","date_gmt":"2021-07-02T02:54:49","guid":{"rendered":"https:\/\/vilight.vn\/website\/?post_type=product&#038;p=1771"},"modified":"2024-09-23T16:55:05","modified_gmt":"2024-09-23T09:55:05","slug":"bo-dieu-khien-dmx-vl-cp02","status":"publish","type":"product","link":"https:\/\/vilight.vn\/website\/san-pham\/den-led-pixel\/controller\/bo-dieu-khien-dmx-vl-cp02\/","title":{"rendered":"B\u1ed9 \u0111i\u1ec1u khi\u1ec3n DMX VL-CP02"},"content":{"rendered":"<h2 style=\"text-align: justify;\"><span style=\"font-size: 18pt;\">\u00a0Gi\u1edbi thi\u1ec7u b\u1ed9 \u0111i\u1ec1u khi\u1ec3n VL-CP02: \u0110\u1ed1i t\u00e1c \u0111\u00e1ng tin c\u1eady cho h\u1ec7 th\u1ed1ng hi\u1ec3n th\u1ecb chuy\u00ean nghi\u1ec7p\u00a0<\/span><\/h2>\n<p style=\"text-align: justify;\"><span style=\"font-size: 14pt;\">B\u1ea1n \u0111ang t\u00ecm ki\u1ebfm m\u1ed9t b\u1ed9 \u0111i\u1ec1u khi\u1ec3n \u0111\u00e1ng tin c\u1eady v\u00e0 hi\u1ec7u su\u1ea5t cao \u0111\u1ec3 qu\u1ea3n l\u00fd h\u1ec7 th\u1ed1ng hi\u1ec3n th\u1ecb c\u1ee7a m\u00ecnh? B\u1ed9 \u0111i\u1ec1u khi\u1ec3n VL-CP02 l\u00e0 gi\u1ea3i ph\u00e1p ho\u00e0n h\u1ea3o d\u00e0nh cho b\u1ea1n. V\u1edbi h\u00e0ng lo\u1ea1t \u0111\u1eb7c \u0111i\u1ec3m \u01b0u vi\u1ec7t, n\u00f3 \u0111\u00e1p \u1ee9ng \u0111\u1ea7y \u0111\u1ee7 c\u00e1c y\u00eau c\u1ea7u c\u1ee7a b\u1ea1n v\u1edbi s\u1ef1 ti\u1ec7n l\u1ee3i v\u00e0 ch\u1ea5t l\u01b0\u1ee3ng h\u00e0ng \u0111\u1ea7u.<\/span><\/p>\n<p style=\"text-align: justify;\"><span style=\"font-size: 14pt;\">\u2728 Thi\u1ebft k\u1ebf ch\u1ed1ng m\u01b0a chuy\u00ean nghi\u1ec7p v\u00e0 ch\u1ea5t l\u01b0\u1ee3ng \u0111\u00e1ng tin c\u1eady:<\/span><br \/>\n<span style=\"font-size: 14pt;\">VL-CP02 \u0111\u01b0\u1ee3c thi\u1ebft k\u1ebf v\u1edbi c\u1ea5u tr\u00fac ch\u1ed1ng m\u01b0a chuy\u00ean nghi\u1ec7p, \u0111\u1ea3m b\u1ea3o ho\u1ea1t \u0111\u1ed9ng \u1ed5n \u0111\u1ecbnh ngay c\u1ea3 trong \u0111i\u1ec1u ki\u1ec7n th\u1eddi ti\u1ebft kh\u1eafc nghi\u1ec7t. B\u1ea1n c\u00f3 th\u1ec3 y\u00ean t\u00e2m v\u1edbi kh\u1ea3 n\u0103ng ch\u1ed1ng n\u01b0\u1edbc ho\u00e0n h\u1ea3o c\u1ee7a n\u00f3 trong m\u1ecdi t\u00ecnh hu\u1ed1ng.<\/span><\/p>\n<p style=\"text-align: justify;\"><span style=\"font-size: 14pt;\">\u2728 D\u1ec5 d\u00e0ng c\u00e0i \u0111\u1eb7t v\u00e0 k\u1ebft n\u1ed1i:<\/span><br \/>\n<span style=\"font-size: 14pt;\">V\u1edbi t\u00e1m k\u00eanh \/ 8 k\u00eanh \u0111\u1ea7u ra, b\u1ed9 \u0111i\u1ec1u khi\u1ec3n VL-CP02 cho ph\u00e9p b\u1ea1n d\u1ec5 d\u00e0ng c\u00e0i \u0111\u1eb7t v\u00e0 k\u1ebft n\u1ed1i tr\u1ef1c ti\u1ebfp m\u00e0 kh\u00f4ng c\u1ea7n d\u00f9ng \u0111\u1ebfn d\u00e2y n\u1ed1i ph\u1ee9c t\u1ea1p. Vi\u1ec7c c\u00e0i \u0111\u1eb7t h\u1ec7 th\u1ed1ng hi\u1ec3n th\u1ecb c\u1ee7a b\u1ea1n s\u1ebd tr\u1edf n\u00ean \u0111\u01a1n gi\u1ea3n v\u00e0 nhanh ch\u00f3ng h\u01a1n bao gi\u1edd h\u1ebft.<\/span><\/p>\n<p style=\"text-align: justify;\"><span style=\"font-size: 14pt;\">\u2728 \u0110\u1ed9 b\u1ec1n v\u00e0 hi\u1ec7u su\u1ea5t \u0111i\u1ec7n n\u0103ng cao:<\/span><br \/>\n<span style=\"font-size: 14pt;\">V\u1edbi ch\u1ee9c n\u0103ng t\u1ea3n nhi\u1ec7t kh\u00e9p k\u00edn, b\u1ed9 \u0111i\u1ec1u khi\u1ec3n VL-CP02 \u0111\u1ea3m b\u1ea3o tu\u1ed5i th\u1ecd l\u00e2u d\u00e0i v\u00e0 \u0111\u1ed9 \u1ed5n \u0111\u1ecbnh c\u1ee7a n\u00f3. Kh\u1ea3 n\u0103ng ti\u1ebft ki\u1ec7m n\u0103ng l\u01b0\u1ee3ng v\u00e0 hi\u1ec7u su\u1ea5t \u0111i\u1ec7n n\u0103ng cao, l\u00ean \u0111\u1ebfn 95% ho\u1eb7c h\u01a1n, gi\u00fap b\u1ea1n gi\u1ea3m thi\u1ec3u t\u1ed5n th\u1ea5t n\u0103ng l\u01b0\u1ee3ng v\u00e0 ti\u1ebft ki\u1ec7m chi ph\u00ed \u0111i\u1ec7n.<\/span><\/p>\n<p style=\"text-align: justify;\"><span style=\"font-size: 14pt;\">\u2728 Linh ho\u1ea1t v\u1edbi ch\u1ee9c n\u0103ng \u0111i\u1ec7n \u00e1p r\u1ed9ng:<\/span><br \/>\n<span style=\"font-size: 14pt;\">B\u1ed9 \u0111i\u1ec1u khi\u1ec3n n\u00e0y h\u1ed7 tr\u1ee3 AC110-230V, cho ph\u00e9p b\u1ea1n s\u1eed d\u1ee5ng n\u00f3 \u1edf nhi\u1ec1u qu\u1ed1c gia v\u00e0 khu v\u1ef1c kh\u00e1c nhau m\u00e0 kh\u00f4ng g\u1eb7p kh\u00f3 kh\u0103n v\u1ec1 \u0111i\u1ec7n \u00e1p.<\/span><\/p>\n<p style=\"text-align: justify;\"><span style=\"font-size: 14pt;\">\u2728 \u0110\u00e1ng tin c\u1eady v\u1edbi ch\u1ee9c n\u0103ng ph\u00e1t hi\u1ec7n l\u1ed7i h\u1ed9p ngu\u1ed3n:<\/span><br \/>\n<span style=\"font-size: 14pt;\">VL-CP02 \u0111\u01b0\u1ee3c trang b\u1ecb ch\u1ee9c n\u0103ng ph\u00e1t hi\u1ec7n l\u1ed7i h\u1ed9p ngu\u1ed3n, gi\u00fap b\u1ea1n nhanh ch\u00f3ng x\u00e1c \u0111\u1ecbnh v\u00e0 kh\u1eafc ph\u1ee5c s\u1ef1<\/span><\/p>\n<p style=\"text-align: justify;\"><span style=\"font-size: 14pt;\">c\u1ed1 n\u1ebfu h\u1ed9p ngu\u1ed3n g\u1eb7p v\u1ea5n \u0111\u1ec1, gi\u00fap duy tr\u00ec s\u1ef1 li\u00ean t\u1ee5c v\u00e0 tin c\u1eady c\u1ee7a h\u1ec7 th\u1ed1ng hi\u1ec3n th\u1ecb.<\/span><\/p>\n<p><a href=\"https:\/\/vilight.vn\/website\/wp-content\/uploads\/2021\/07\/CP02.jpg\"><img decoding=\"async\" class=\"aligncenter wp-image-1772 size-full lazyload\" data-src=\"https:\/\/vilight.vn\/website\/wp-content\/uploads\/2021\/07\/CP02.jpg\" alt=\"B\u1ed9 \u0111i\u1ec1u khi\u1ec3n VL-CP02\" width=\"1200\" height=\"1250\" data-srcset=\"https:\/\/vilight.vn\/website\/wp-content\/uploads\/2021\/07\/CP02.jpg 1200w, https:\/\/vilight.vn\/website\/wp-content\/uploads\/2021\/07\/CP02-800x833.jpg 800w, https:\/\/vilight.vn\/website\/wp-content\/uploads\/2021\/07\/CP02-288x300.jpg 288w, https:\/\/vilight.vn\/website\/wp-content\/uploads\/2021\/07\/CP02-983x1024.jpg 983w, https:\/\/vilight.vn\/website\/wp-content\/uploads\/2021\/07\/CP02-768x800.jpg 768w, https:\/\/vilight.vn\/website\/wp-content\/uploads\/2021\/07\/CP02-12x12.jpg 12w, https:\/\/vilight.vn\/website\/wp-content\/uploads\/2021\/07\/CP02-140x146.jpg 140w, https:\/\/vilight.vn\/website\/wp-content\/uploads\/2021\/07\/CP02-48x50.jpg 48w, https:\/\/vilight.vn\/website\/wp-content\/uploads\/2021\/07\/CP02-72x75.jpg 72w, https:\/\/vilight.vn\/website\/wp-content\/uploads\/2021\/07\/CP02-600x625.jpg 600w\" data-sizes=\"(max-width:767px) 480px, (max-width:1200px) 100vw, 1200px\" src=\"data:image\/svg+xml;base64,PHN2ZyB3aWR0aD0iMSIgaGVpZ2h0PSIxIiB4bWxucz0iaHR0cDovL3d3dy53My5vcmcvMjAwMC9zdmciPjwvc3ZnPg==\" style=\"--smush-placeholder-width: 1200px; --smush-placeholder-aspect-ratio: 1200\/1250;\" \/><\/a><\/p>\n<p style=\"text-align: justify;\"><span style=\"font-size: 14pt;\">\u2728 B\u1ea3o v\u1ec7 to\u00e0n di\u1ec7n v\u1edbi thi\u1ebft k\u1ebf ch\u1ed1ng s\u00e9t ho\u00e0n h\u1ea3o:<\/span><br \/>\n<span style=\"font-size: 14pt;\">V\u1edbi thi\u1ebft k\u1ebf ch\u1ed1ng s\u00e9t ho\u00e0n h\u1ea3o, b\u1ed9 \u0111i\u1ec1u khi\u1ec3n n\u00e0y gi\u00fap b\u1ea3o v\u1ec7 h\u1ec7 th\u1ed1ng kh\u1ecfi h\u01b0 h\u1ecfng do s\u00e9t \u0111\u00e1nh. B\u1ea1n c\u00f3 th\u1ec3 y\u00ean t\u00e2m v\u1edbi s\u1ef1 an to\u00e0n v\u00e0 b\u1ea3o v\u1ec7 to\u00e0n di\u1ec7n cho h\u1ec7 th\u1ed1ng c\u1ee7a m\u00ecnh.<\/span><\/p>\n<p style=\"text-align: justify;\"><span style=\"font-size: 14pt;\">\u2728 T\u01b0\u01a1ng th\u00edch v\u00e0 linh ho\u1ea1t v\u1edbi t\u1ea7n s\u1ed1 thay \u0111\u1ed5i:<\/span><br \/>\n<span style=\"font-size: 14pt;\">VL-CP02 h\u1ed7 tr\u1ee3 t\u1ed1i \u0111a t\u1ea7n s\u1ed1 thay \u0111\u1ed5i l\u00ean \u0111\u1ebfn 120 khung h\u00ecnh, \u0111\u1ea3m b\u1ea3o hi\u1ec3n th\u1ecb \u0111\u1ed9 n\u00e9t cao v\u00e0 kh\u1ea3 n\u0103ng hi\u1ec3n th\u1ecb 3D. B\u1ea1n c\u00f3 th\u1ec3 tr\u1ea3i nghi\u1ec7m h\u00ecnh \u1ea3nh tuy\u1ec7t \u0111\u1eb9p v\u00e0 ch\u1ea5t l\u01b0\u1ee3ng cao v\u1edbi \u0111\u1ed9 t\u01b0\u01a1ng ph\u1ea3n t\u1ed1t.<\/span><\/p>\n<p style=\"text-align: justify;\"><span style=\"font-size: 14pt;\">\u2728 K\u1ebft n\u1ed1i m\u1ea1ng \u0111a n\u0103ng v\u00e0 d\u1ec5 d\u00e0ng qu\u1ea3n l\u00fd:<\/span><br \/>\n<span style=\"font-size: 14pt;\">V\u1edbi giao di\u1ec7n m\u1ea1ng k\u00e9p, VL-CP02 cho ph\u00e9p b\u1ea1n k\u1ebft n\u1ed1i t\u1ea7ng gi\u1eefa c\u00e1c b\u1ed9 \u0111i\u1ec1u khi\u1ec3n v\u00e0 t\u1ef1 \u0111\u1ed9ng ph\u00e1t hi\u1ec7n. Ph\u1ea7n m\u1ec1m hi\u1ec3n th\u1ecb tr\u1ef1c quan tr\u1ea1ng th\u00e1i k\u1ebft n\u1ed1i, gi\u00fap b\u1ea1n qu\u1ea3n l\u00fd h\u1ec7 th\u1ed1ng m\u1ed9t c\u00e1ch d\u1ec5 d\u00e0ng v\u00e0 thu\u1eadn ti\u1ec7n.<\/span><\/p>\n<p style=\"text-align: justify;\"><span style=\"font-size: 14pt;\">B\u1ed9 \u0111i\u1ec1u khi\u1ec3n VL-CP02 l\u00e0 s\u1ef1 l\u1ef1a ch\u1ecdn h\u00e0ng \u0111\u1ea7u cho h\u1ec7 th\u1ed1ng hi\u1ec3n th\u1ecb chuy\u00ean nghi\u1ec7p. V\u1edbi t\u00ednh n\u0103ng v\u00e0 \u0111\u1ed9 tin c\u1eady v\u01b0\u1ee3t tr\u1ed9i, n\u00f3 s\u1ebd \u0111\u00e1p \u1ee9ng m\u1ecdi y\u00eau c\u1ea7u c\u1ee7a b\u1ea1n v\u00e0 mang \u0111\u1ebfn tr\u1ea3i nghi\u1ec7m tuy\u1ec7t v\u1eddi cho kh\u00e1ch h\u00e0ng c\u1ee7a b\u1ea1n.<\/span><\/p>\n","protected":false},"excerpt":{"rendered":"<p style=\"text-align: justify;\"><span style=\"font-size: 14pt;\">B\u1ed9 \u0111i\u1ec1u khi\u1ec3n DMX VL-CP02 l\u00e0 m\u1ed9t gi\u1ea3i ph\u00e1p h\u00e0ng \u0111\u1ea7u cho h\u1ec7 th\u1ed1ng hi\u1ec3n th\u1ecb chuy\u00ean nghi\u1ec7p. V\u1edbi thi\u1ebft k\u1ebf ch\u1ed1ng m\u01b0a, hi\u1ec7u su\u1ea5t \u0111i\u1ec7n n\u0103ng cao, kh\u1ea3 n\u0103ng t\u01b0\u01a1ng th\u00edch t\u1ea7n s\u1ed1 cao, v\u00e0 t\u00ednh linh ho\u1ea1t trong k\u1ebft n\u1ed1i m\u1ea1ng, n\u00f3 \u0111\u00e1ng tin c\u1eady v\u00e0 d\u1ec5 d\u00e0ng qu\u1ea3n l\u00fd.<\/span><\/p>\n","protected":false},"featured_media":1773,"template":"","meta":[],"product_brand":[],"product_cat":[83,77],"product_tag":[],"class_list":{"0":"post-1771","1":"product","2":"type-product","3":"status-publish","4":"has-post-thumbnail","6":"product_cat-controller","7":"product_cat-den-led-pixel","8":"pa_dien-ap-hoat-dong-ac-230v-120v","10":"first","11":"instock","12":"taxable","13":"shipping-taxable","14":"product-type-simple"},"yoast_head":"<!-- This site is optimized with the Yoast SEO Premium plugin v27.4 (Yoast SEO v27.4) - https:\/\/yoast.com\/product\/yoast-seo-premium-wordpress\/ -->\n<title>B\u1ed9 \u0111i\u1ec1u khi\u1ec3n DMX VL-CP02 - Vilight Co.ltd<\/title>\n<meta name=\"description\" content=\"B\u1ed9 \u0111i\u1ec1u khi\u1ec3n DMX VL-CP02 l\u00e0 m\u1ed9t gi\u1ea3i ph\u00e1p h\u00e0ng \u0111\u1ea7u cho h\u1ec7 th\u1ed1ng hi\u1ec3n th\u1ecb chuy\u00ean nghi\u1ec7p. V\u1edbi thi\u1ebft k\u1ebf ch\u1ed1ng m\u01b0a, hi\u1ec7u su\u1ea5t \u0111i\u1ec7n n\u0103ng cao\" \/>\n<meta name=\"robots\" content=\"index, follow, max-snippet:-1, max-image-preview:large, max-video-preview:-1\" \/>\n<link rel=\"canonical\" href=\"https:\/\/vilight.vn\/website\/san-pham\/den-led-pixel\/controller\/bo-dieu-khien-dmx-vl-cp02\/\" \/>\n<meta property=\"og:locale\" content=\"vi_VN\" \/>\n<meta property=\"og:type\" content=\"article\" \/>\n<meta property=\"og:title\" content=\"B\u1ed9 \u0111i\u1ec1u khi\u1ec3n DMX VL-CP02\" \/>\n<meta property=\"og:description\" content=\"B\u1ed9 \u0111i\u1ec1u khi\u1ec3n DMX VL-CP02 l\u00e0 m\u1ed9t gi\u1ea3i ph\u00e1p h\u00e0ng \u0111\u1ea7u cho h\u1ec7 th\u1ed1ng hi\u1ec3n th\u1ecb chuy\u00ean nghi\u1ec7p. V\u1edbi thi\u1ebft k\u1ebf ch\u1ed1ng m\u01b0a, hi\u1ec7u su\u1ea5t \u0111i\u1ec7n n\u0103ng cao, kh\u1ea3 n\u0103ng t\u01b0\u01a1ng th\u00edch t\u1ea7n s\u1ed1 cao, v\u00e0 t\u00ednh linh ho\u1ea1t trong k\u1ebft n\u1ed1i m\u1ea1ng, n\u00f3 \u0111\u00e1ng tin c\u1eady v\u00e0 d\u1ec5 d\u00e0ng qu\u1ea3n l\u00fd.\" \/>\n<meta property=\"og:url\" content=\"https:\/\/vilight.vn\/website\/san-pham\/den-led-pixel\/controller\/bo-dieu-khien-dmx-vl-cp02\/\" \/>\n<meta property=\"og:site_name\" content=\"Vilight Co.ltd\" \/>\n<meta property=\"article:publisher\" content=\"http:\/\/facebook.com\/vilight.vn\" \/>\n<meta property=\"article:modified_time\" content=\"2024-09-23T09:55:05+00:00\" \/>\n<meta property=\"og:image\" content=\"https:\/\/vilight.vn\/website\/wp-content\/uploads\/2021\/07\/CP02-Logo.jpg\" \/>\n\t<meta property=\"og:image:width\" content=\"600\" \/>\n\t<meta property=\"og:image:height\" content=\"600\" \/>\n\t<meta property=\"og:image:type\" content=\"image\/jpeg\" \/>\n<meta name=\"twitter:card\" content=\"summary_large_image\" \/>\n<meta name=\"twitter:label1\" content=\"Gi\u00e1\" \/>\n\t<meta name=\"twitter:data1\" content=\"\" \/>\n\t<meta name=\"twitter:label2\" content=\"Kh\u1ea3 d\u1ee5ng\" \/>\n\t<meta name=\"twitter:data2\" content=\"Trong kho\" \/>\n<script type=\"application\/ld+json\" class=\"yoast-schema-graph\">{\"@context\":\"https:\\\/\\\/schema.org\",\"@graph\":[{\"@type\":\"WebPage\",\"@id\":\"https:\\\/\\\/vilight.vn\\\/website\\\/san-pham\\\/den-led-pixel\\\/controller\\\/bo-dieu-khien-dmx-vl-cp02\\\/\",\"url\":\"https:\\\/\\\/vilight.vn\\\/website\\\/san-pham\\\/den-led-pixel\\\/controller\\\/bo-dieu-khien-dmx-vl-cp02\\\/\",\"name\":\"B\u1ed9 \u0111i\u1ec1u khi\u1ec3n DMX VL-CP02 - Vilight Co.ltd\",\"isPartOf\":{\"@id\":\"https:\\\/\\\/vilight.vn\\\/website\\\/#website\"},\"primaryImageOfPage\":{\"@id\":\"https:\\\/\\\/vilight.vn\\\/website\\\/san-pham\\\/den-led-pixel\\\/controller\\\/bo-dieu-khien-dmx-vl-cp02\\\/#primaryimage\"},\"image\":{\"@id\":\"https:\\\/\\\/vilight.vn\\\/website\\\/san-pham\\\/den-led-pixel\\\/controller\\\/bo-dieu-khien-dmx-vl-cp02\\\/#primaryimage\"},\"thumbnailUrl\":\"https:\\\/\\\/vilight.vn\\\/website\\\/wp-content\\\/uploads\\\/2021\\\/07\\\/CP02-Logo.jpg\",\"datePublished\":\"2021-07-02T02:54:49+00:00\",\"dateModified\":\"2024-09-23T09:55:05+00:00\",\"description\":\"B\u1ed9 \u0111i\u1ec1u khi\u1ec3n DMX VL-CP02 l\u00e0 m\u1ed9t gi\u1ea3i ph\u00e1p h\u00e0ng \u0111\u1ea7u cho h\u1ec7 th\u1ed1ng hi\u1ec3n th\u1ecb chuy\u00ean nghi\u1ec7p. V\u1edbi thi\u1ebft k\u1ebf ch\u1ed1ng m\u01b0a, hi\u1ec7u su\u1ea5t \u0111i\u1ec7n n\u0103ng cao\",\"breadcrumb\":{\"@id\":\"https:\\\/\\\/vilight.vn\\\/website\\\/san-pham\\\/den-led-pixel\\\/controller\\\/bo-dieu-khien-dmx-vl-cp02\\\/#breadcrumb\"},\"inLanguage\":\"vi\",\"potentialAction\":[{\"@type\":\"ReadAction\",\"target\":[\"https:\\\/\\\/vilight.vn\\\/website\\\/san-pham\\\/den-led-pixel\\\/controller\\\/bo-dieu-khien-dmx-vl-cp02\\\/\"]}]},{\"@type\":\"ImageObject\",\"inLanguage\":\"vi\",\"@id\":\"https:\\\/\\\/vilight.vn\\\/website\\\/san-pham\\\/den-led-pixel\\\/controller\\\/bo-dieu-khien-dmx-vl-cp02\\\/#primaryimage\",\"url\":\"https:\\\/\\\/vilight.vn\\\/website\\\/wp-content\\\/uploads\\\/2021\\\/07\\\/CP02-Logo.jpg\",\"contentUrl\":\"https:\\\/\\\/vilight.vn\\\/website\\\/wp-content\\\/uploads\\\/2021\\\/07\\\/CP02-Logo.jpg\",\"width\":600,\"height\":600,\"caption\":\"VL-CP02\"},{\"@type\":\"BreadcrumbList\",\"@id\":\"https:\\\/\\\/vilight.vn\\\/website\\\/san-pham\\\/den-led-pixel\\\/controller\\\/bo-dieu-khien-dmx-vl-cp02\\\/#breadcrumb\",\"itemListElement\":[{\"@type\":\"ListItem\",\"position\":1,\"name\":\"Home\",\"item\":\"https:\\\/\\\/vilight.vn\\\/website\\\/\"},{\"@type\":\"ListItem\",\"position\":2,\"name\":\"store\",\"item\":\"https:\\\/\\\/vilight.vn\\\/website\\\/store\\\/\"},{\"@type\":\"ListItem\",\"position\":3,\"name\":\"B\u1ed9 \u0111i\u1ec1u khi\u1ec3n DMX VL-CP02\"}]},{\"@type\":\"WebSite\",\"@id\":\"https:\\\/\\\/vilight.vn\\\/website\\\/#website\",\"url\":\"https:\\\/\\\/vilight.vn\\\/website\\\/\",\"name\":\"Vilight Co.ltd\",\"description\":\"Chi\u1ebfu s\u00e1ng m\u1ef9 thu\u1eadt, chi\u1ebfu s\u00e1ng th\u00f4ng minh, LED Pixel 3D, chi\u1ebfu s\u00e1ng trang tr\u00ed \u0111\u00f4 th\u1ecb, chi\u1ebfu s\u00e1ng v\u00f2ng xoay, chi\u1ebfu s\u00e1ng \u0111\u1ea3o giao th\u00f4ng, c\u1ed5ng ch\u00e0o \u0111\u00f4 th\u1ecb\",\"publisher\":{\"@id\":\"https:\\\/\\\/vilight.vn\\\/website\\\/#organization\"},\"potentialAction\":[{\"@type\":\"SearchAction\",\"target\":{\"@type\":\"EntryPoint\",\"urlTemplate\":\"https:\\\/\\\/vilight.vn\\\/website\\\/?s={search_term_string}\"},\"query-input\":{\"@type\":\"PropertyValueSpecification\",\"valueRequired\":true,\"valueName\":\"search_term_string\"}}],\"inLanguage\":\"vi\"},{\"@type\":\"Organization\",\"@id\":\"https:\\\/\\\/vilight.vn\\\/website\\\/#organization\",\"name\":\"Vilight\",\"url\":\"https:\\\/\\\/vilight.vn\\\/website\\\/\",\"logo\":{\"@type\":\"ImageObject\",\"inLanguage\":\"vi\",\"@id\":\"https:\\\/\\\/vilight.vn\\\/website\\\/#\\\/schema\\\/logo\\\/image\\\/\",\"url\":\"https:\\\/\\\/vilight.vn\\\/website\\\/wp-content\\\/uploads\\\/2022\\\/05\\\/chieu_sang_trang_tri_do_thi_bang_den_led_pixel.png\",\"contentUrl\":\"https:\\\/\\\/vilight.vn\\\/website\\\/wp-content\\\/uploads\\\/2022\\\/05\\\/chieu_sang_trang_tri_do_thi_bang_den_led_pixel.png\",\"width\":800,\"height\":427,\"caption\":\"Vilight\"},\"image\":{\"@id\":\"https:\\\/\\\/vilight.vn\\\/website\\\/#\\\/schema\\\/logo\\\/image\\\/\"},\"sameAs\":[\"http:\\\/\\\/facebook.com\\\/vilight.vn\",\"https:\\\/\\\/www.linkedin.com\\\/company\\\/vilight-vn\",\"https:\\\/\\\/www.youtube.com\\\/channel\\\/UCEwR2naeDcuarMX1kSv_rLQ\\\/videos\"]}]}<\/script>\n<meta property=\"product:brand\" content=\"Controller\" \/>\n<meta property=\"product:price:currency\" content=\"VND\" \/>\n<meta property=\"og:availability\" content=\"instock\" \/>\n<meta property=\"product:availability\" content=\"instock\" \/>\n<meta property=\"product:condition\" content=\"new\" \/>\n<!-- \/ Yoast SEO Premium plugin. -->","yoast_head_json":{"title":"B\u1ed9 \u0111i\u1ec1u khi\u1ec3n DMX VL-CP02 - Vilight Co.ltd","description":"B\u1ed9 \u0111i\u1ec1u khi\u1ec3n DMX VL-CP02 l\u00e0 m\u1ed9t gi\u1ea3i ph\u00e1p h\u00e0ng \u0111\u1ea7u cho h\u1ec7 th\u1ed1ng hi\u1ec3n th\u1ecb chuy\u00ean nghi\u1ec7p. V\u1edbi thi\u1ebft k\u1ebf ch\u1ed1ng m\u01b0a, hi\u1ec7u su\u1ea5t \u0111i\u1ec7n n\u0103ng cao","robots":{"index":"index","follow":"follow","max-snippet":"max-snippet:-1","max-image-preview":"max-image-preview:large","max-video-preview":"max-video-preview:-1"},"canonical":"https:\/\/vilight.vn\/website\/san-pham\/den-led-pixel\/controller\/bo-dieu-khien-dmx-vl-cp02\/","og_locale":"vi_VN","og_type":"article","og_title":"B\u1ed9 \u0111i\u1ec1u khi\u1ec3n DMX VL-CP02","og_description":"B\u1ed9 \u0111i\u1ec1u khi\u1ec3n DMX VL-CP02 l\u00e0 m\u1ed9t gi\u1ea3i ph\u00e1p h\u00e0ng \u0111\u1ea7u cho h\u1ec7 th\u1ed1ng hi\u1ec3n th\u1ecb chuy\u00ean nghi\u1ec7p. V\u1edbi thi\u1ebft k\u1ebf ch\u1ed1ng m\u01b0a, hi\u1ec7u su\u1ea5t \u0111i\u1ec7n n\u0103ng cao, kh\u1ea3 n\u0103ng t\u01b0\u01a1ng th\u00edch t\u1ea7n s\u1ed1 cao, v\u00e0 t\u00ednh linh ho\u1ea1t trong k\u1ebft n\u1ed1i m\u1ea1ng, n\u00f3 \u0111\u00e1ng tin c\u1eady v\u00e0 d\u1ec5 d\u00e0ng qu\u1ea3n l\u00fd.","og_url":"https:\/\/vilight.vn\/website\/san-pham\/den-led-pixel\/controller\/bo-dieu-khien-dmx-vl-cp02\/","og_site_name":"Vilight Co.ltd","article_publisher":"http:\/\/facebook.com\/vilight.vn","article_modified_time":"2024-09-23T09:55:05+00:00","og_image":[{"width":600,"height":600,"url":"https:\/\/vilight.vn\/website\/wp-content\/uploads\/2021\/07\/CP02-Logo.jpg","type":"image\/jpeg"}],"twitter_card":"summary_large_image","twitter_misc":{"Gi\u00e1":"","Kh\u1ea3 d\u1ee5ng":"Trong kho"},"schema":{"@context":"https:\/\/schema.org","@graph":[{"@type":"WebPage","@id":"https:\/\/vilight.vn\/website\/san-pham\/den-led-pixel\/controller\/bo-dieu-khien-dmx-vl-cp02\/","url":"https:\/\/vilight.vn\/website\/san-pham\/den-led-pixel\/controller\/bo-dieu-khien-dmx-vl-cp02\/","name":"B\u1ed9 \u0111i\u1ec1u khi\u1ec3n DMX VL-CP02 - Vilight Co.ltd","isPartOf":{"@id":"https:\/\/vilight.vn\/website\/#website"},"primaryImageOfPage":{"@id":"https:\/\/vilight.vn\/website\/san-pham\/den-led-pixel\/controller\/bo-dieu-khien-dmx-vl-cp02\/#primaryimage"},"image":{"@id":"https:\/\/vilight.vn\/website\/san-pham\/den-led-pixel\/controller\/bo-dieu-khien-dmx-vl-cp02\/#primaryimage"},"thumbnailUrl":"https:\/\/vilight.vn\/website\/wp-content\/uploads\/2021\/07\/CP02-Logo.jpg","datePublished":"2021-07-02T02:54:49+00:00","dateModified":"2024-09-23T09:55:05+00:00","description":"B\u1ed9 \u0111i\u1ec1u khi\u1ec3n DMX VL-CP02 l\u00e0 m\u1ed9t gi\u1ea3i ph\u00e1p h\u00e0ng \u0111\u1ea7u cho h\u1ec7 th\u1ed1ng hi\u1ec3n th\u1ecb chuy\u00ean nghi\u1ec7p. V\u1edbi thi\u1ebft k\u1ebf ch\u1ed1ng m\u01b0a, hi\u1ec7u su\u1ea5t \u0111i\u1ec7n n\u0103ng cao","breadcrumb":{"@id":"https:\/\/vilight.vn\/website\/san-pham\/den-led-pixel\/controller\/bo-dieu-khien-dmx-vl-cp02\/#breadcrumb"},"inLanguage":"vi","potentialAction":[{"@type":"ReadAction","target":["https:\/\/vilight.vn\/website\/san-pham\/den-led-pixel\/controller\/bo-dieu-khien-dmx-vl-cp02\/"]}]},{"@type":"ImageObject","inLanguage":"vi","@id":"https:\/\/vilight.vn\/website\/san-pham\/den-led-pixel\/controller\/bo-dieu-khien-dmx-vl-cp02\/#primaryimage","url":"https:\/\/vilight.vn\/website\/wp-content\/uploads\/2021\/07\/CP02-Logo.jpg","contentUrl":"https:\/\/vilight.vn\/website\/wp-content\/uploads\/2021\/07\/CP02-Logo.jpg","width":600,"height":600,"caption":"VL-CP02"},{"@type":"BreadcrumbList","@id":"https:\/\/vilight.vn\/website\/san-pham\/den-led-pixel\/controller\/bo-dieu-khien-dmx-vl-cp02\/#breadcrumb","itemListElement":[{"@type":"ListItem","position":1,"name":"Home","item":"https:\/\/vilight.vn\/website\/"},{"@type":"ListItem","position":2,"name":"store","item":"https:\/\/vilight.vn\/website\/store\/"},{"@type":"ListItem","position":3,"name":"B\u1ed9 \u0111i\u1ec1u khi\u1ec3n DMX VL-CP02"}]},{"@type":"WebSite","@id":"https:\/\/vilight.vn\/website\/#website","url":"https:\/\/vilight.vn\/website\/","name":"Vilight Co.ltd","description":"Chi\u1ebfu s\u00e1ng m\u1ef9 thu\u1eadt, chi\u1ebfu s\u00e1ng th\u00f4ng minh, LED Pixel 3D, chi\u1ebfu s\u00e1ng trang tr\u00ed \u0111\u00f4 th\u1ecb, chi\u1ebfu s\u00e1ng v\u00f2ng xoay, chi\u1ebfu s\u00e1ng \u0111\u1ea3o giao th\u00f4ng, c\u1ed5ng ch\u00e0o \u0111\u00f4 th\u1ecb","publisher":{"@id":"https:\/\/vilight.vn\/website\/#organization"},"potentialAction":[{"@type":"SearchAction","target":{"@type":"EntryPoint","urlTemplate":"https:\/\/vilight.vn\/website\/?s={search_term_string}"},"query-input":{"@type":"PropertyValueSpecification","valueRequired":true,"valueName":"search_term_string"}}],"inLanguage":"vi"},{"@type":"Organization","@id":"https:\/\/vilight.vn\/website\/#organization","name":"Vilight","url":"https:\/\/vilight.vn\/website\/","logo":{"@type":"ImageObject","inLanguage":"vi","@id":"https:\/\/vilight.vn\/website\/#\/schema\/logo\/image\/","url":"https:\/\/vilight.vn\/website\/wp-content\/uploads\/2022\/05\/chieu_sang_trang_tri_do_thi_bang_den_led_pixel.png","contentUrl":"https:\/\/vilight.vn\/website\/wp-content\/uploads\/2022\/05\/chieu_sang_trang_tri_do_thi_bang_den_led_pixel.png","width":800,"height":427,"caption":"Vilight"},"image":{"@id":"https:\/\/vilight.vn\/website\/#\/schema\/logo\/image\/"},"sameAs":["http:\/\/facebook.com\/vilight.vn","https:\/\/www.linkedin.com\/company\/vilight-vn","https:\/\/www.youtube.com\/channel\/UCEwR2naeDcuarMX1kSv_rLQ\/videos"]}]},"product_brand":"Controller","product_price_currency":"VND","og_availability":"instock","product_availability":"instock","product_condition":"new"},"_links":{"self":[{"href":"https:\/\/vilight.vn\/website\/wp-json\/wp\/v2\/product\/1771","targetHints":{"allow":["GET"]}}],"collection":[{"href":"https:\/\/vilight.vn\/website\/wp-json\/wp\/v2\/product"}],"about":[{"href":"https:\/\/vilight.vn\/website\/wp-json\/wp\/v2\/types\/product"}],"wp:featuredmedia":[{"embeddable":true,"href":"https:\/\/vilight.vn\/website\/wp-json\/wp\/v2\/media\/1773"}],"wp:attachment":[{"href":"https:\/\/vilight.vn\/website\/wp-json\/wp\/v2\/media?parent=1771"}],"wp:term":[{"taxonomy":"product_brand","embeddable":true,"href":"https:\/\/vilight.vn\/website\/wp-json\/wp\/v2\/product_brand?post=1771"},{"taxonomy":"product_cat","embeddable":true,"href":"https:\/\/vilight.vn\/website\/wp-json\/wp\/v2\/product_cat?post=1771"},{"taxonomy":"product_tag","embeddable":true,"href":"https:\/\/vilight.vn\/website\/wp-json\/wp\/v2\/product_tag?post=1771"}],"curies":[{"name":"wp","href":"https:\/\/api.w.org\/{rel}","templated":true}]}}