{"id":1784,"date":"2021-07-02T11:03:42","date_gmt":"2021-07-02T04:03:42","guid":{"rendered":"https:\/\/vilight.vn\/website\/?post_type=product&#038;p=1784"},"modified":"2024-10-01T16:38:45","modified_gmt":"2024-10-01T09:38:45","slug":"den-led-vl-e10a02","status":"publish","type":"product","link":"https:\/\/vilight.vn\/website\/san-pham\/den-led-pixel\/dang-luoi-grid\/e-series\/den-led-vl-e10a02\/","title":{"rendered":"\u0110\u00e8n LED VL-E10A02"},"content":{"rendered":"<h2 style=\"text-align: justify;\"><span style=\"font-size: 18pt;\">\u0110\u00e8n Led VL-E10A02 &#8211; \u0110\u1ed9 s\u00e1ng cao, m\u00e0u s\u1eafc t\u01b0\u01a1i s\u00e1ng v\u00e0 \u1ed5n \u0111\u1ecbnh<\/span><\/h2>\n<p style=\"text-align: justify;\"><span style=\"font-size: 14pt;\">\u0110\u00e8n Led VL-E10A02 l\u00e0 m\u1ed9t s\u1ea3n ph\u1ea9m \u0111\u00e8n LED ch\u1ea5t l\u01b0\u1ee3ng cao, \u0111\u01b0\u1ee3c thi\u1ebft k\u1ebf v\u1edbi nhi\u1ec1u \u0111\u1eb7c \u0111i\u1ec3m n\u1ed5i b\u1eadt \u0111\u1ec3 \u0111\u00e1p \u1ee9ng nhu c\u1ea7u chi\u1ebfu s\u00e1ng trong c\u00e1c \u1ee9ng d\u1ee5ng ngo\u00e0i tr\u1eddi. V\u1edbi c\u00f4ng ngh\u1ec7 SMD 3535RGB, \u0111\u00e8n n\u00e0y mang l\u1ea1i \u0111\u1ed9 s\u00e1ng cao v\u00e0 g\u00f3c nh\u00ecn l\u1edbn, t\u1ea1o ra hi\u1ec7u \u1ee9ng \u00e1nh s\u00e1ng m\u1ea1nh m\u1ebd v\u00e0 t\u01b0\u01a1i s\u00e1ng.<\/span><\/p>\n<div id=\"attachment_1778\" style=\"width: 1210px\" class=\"wp-caption aligncenter\"><a href=\"https:\/\/vilight.vn\/website\/wp-content\/uploads\/2021\/07\/E10A01.jpg\"><img decoding=\"async\" aria-describedby=\"caption-attachment-1778\" class=\"wp-image-1778 size-full lazyload\" data-src=\"https:\/\/vilight.vn\/website\/wp-content\/uploads\/2021\/07\/E10A01.jpg\" alt=\"\u0110\u00e8n Led VL-E10A02\" width=\"1200\" height=\"1003\" data-srcset=\"https:\/\/vilight.vn\/website\/wp-content\/uploads\/2021\/07\/E10A01.jpg 1200w, https:\/\/vilight.vn\/website\/wp-content\/uploads\/2021\/07\/E10A01-800x669.jpg 800w, https:\/\/vilight.vn\/website\/wp-content\/uploads\/2021\/07\/E10A01-300x251.jpg 300w, https:\/\/vilight.vn\/website\/wp-content\/uploads\/2021\/07\/E10A01-1024x856.jpg 1024w, https:\/\/vilight.vn\/website\/wp-content\/uploads\/2021\/07\/E10A01-768x642.jpg 768w, https:\/\/vilight.vn\/website\/wp-content\/uploads\/2021\/07\/E10A01-14x12.jpg 14w, https:\/\/vilight.vn\/website\/wp-content\/uploads\/2021\/07\/E10A01-175x146.jpg 175w, https:\/\/vilight.vn\/website\/wp-content\/uploads\/2021\/07\/E10A01-50x42.jpg 50w, https:\/\/vilight.vn\/website\/wp-content\/uploads\/2021\/07\/E10A01-90x75.jpg 90w, https:\/\/vilight.vn\/website\/wp-content\/uploads\/2021\/07\/E10A01-600x502.jpg 600w\" data-sizes=\"(max-width:767px) 480px, (max-width:1200px) 100vw, 1200px\" src=\"data:image\/svg+xml;base64,PHN2ZyB3aWR0aD0iMSIgaGVpZ2h0PSIxIiB4bWxucz0iaHR0cDovL3d3dy53My5vcmcvMjAwMC9zdmciPjwvc3ZnPg==\" style=\"--smush-placeholder-width: 1200px; --smush-placeholder-aspect-ratio: 1200\/1003;\" \/><\/a><p id=\"caption-attachment-1778\" class=\"wp-caption-text\"><span style=\"font-size: 14pt;\">\u0110\u00e8n Led VL-E10A02 s\u1eed d\u1ee5ng chip Epistar t\u1eeb \u0110\u00e0i Loan, m\u1ed9t th\u01b0\u01a1ng hi\u1ec7u n\u1ed5i ti\u1ebfng trong ng\u00e0nh c\u00f4ng ngh\u1ec7 LED. Nh\u1edd chip ch\u1ea5t l\u01b0\u1ee3ng cao n\u00e0y, \u0111\u00e8n LED c\u00f3 \u0111\u1ed9 s\u00e1ng m\u1ea1nh, m\u00e0u s\u1eafc nh\u1ea5t qu\u00e1n v\u00e0 \u0111\u1ed9 b\u00e3o h\u00f2a m\u00e0u t\u1ed1t. \u0110i\u1ec1u n\u00e0y \u0111\u1ea3m b\u1ea3o r\u1eb1ng \u00e1nh s\u00e1ng t\u1eeb \u0111\u00e8n LED s\u1ebd kh\u00f4ng b\u1ecb nh\u1ea5p nh\u00e1y hay ch\u00f3i m\u1eaft, v\u00e0 s\u1ea3n ph\u1ea9m s\u1ebd duy tr\u00ec \u0111\u1ed9 \u1ed5n \u0111\u1ecbnh m\u1ea1nh m\u1ebd trong th\u1eddi gian d\u00e0i s\u1eed d\u1ee5ng.<\/span><br \/><span style=\"font-size: 14pt;\">M\u1ed9t trong nh\u1eefng \u01b0u \u0111i\u1ec3m n\u1ed5i b\u1eadt c\u1ee7a \u0111\u00e8n Led VL-E10A02 l\u00e0 c\u1ea5u t\u1ea1o kh\u00f3a \u0111\u1eb7c bi\u1ec7t, gi\u00fap d\u1ec5 d\u00e0ng v\u00e0 nhanh ch\u00f3ng l\u1eafp \u0111\u1eb7t sau khi \u0111\u00e0o l\u1ed7. \u0110i\u1ec1u n\u00e0y ti\u1ebft ki\u1ec7m th\u1eddi gian v\u00e0 c\u00f4ng s\u1ee9c trong qu\u00e1 tr\u00ecnh c\u00e0i \u0111\u1eb7t, \u0111\u1ed3ng th\u1eddi mang l\u1ea1i s\u1ef1 thu\u1eadn ti\u1ec7n cho ng\u01b0\u1eddi d\u00f9ng. B\u00ean c\u1ea1nh \u0111\u00f3, \u0111\u00e8n c\u00f2n \u0111\u01b0\u1ee3c b\u1ea3o v\u1ec7 b\u1eb1ng keo PU, gi\u00fap ch\u1ed1ng n\u1ee9t, ch\u1ed1ng th\u1ea5m n\u01b0\u1edbc v\u00e0 b\u1ea3o v\u1ec7 s\u1ea3n ph\u1ea9m t\u1ed1t h\u01a1n.<\/span><br \/><span style=\"font-size: 14pt;\">V\u1edbi kh\u1ea3 n\u0103ng ch\u1ed1ng l\u1ea1nh, ch\u1ed1ng tia UV v\u00e0 v\u1eadt li\u1ec7u ch\u1ed1ng ch\u00e1y, d\u00e2y v\u00e0 v\u1ecf c\u1ee7a \u0111\u00e8n Led VL-E10A02 \u0111\u00e3 \u0111\u01b0\u1ee3c thi\u1ebft k\u1ebf \u0111\u1ec3 ch\u1ecbu \u0111\u01b0\u1ee3c \u0111i\u1ec1u ki\u1ec7n th\u1eddi ti\u1ebft kh\u1eafc nghi\u1ec7t v\u00e0 s\u1eed d\u1ee5ng l\u00e2u d\u00e0i ngo\u00e0i tr\u1eddi. \u0110i\u1ec1u n\u00e0y \u0111\u1ea3m b\u1ea3o r\u1eb1ng s\u1ea3n ph\u1ea9m s\u1ebd kh\u00f4ng b\u1ecb \u1ea3nh h\u01b0\u1edfng b\u1edfi nhi\u1ec7t \u0111\u1ed9, \u00e1nh s\u00e1ng m\u1eb7t tr\u1eddi hay c\u00e1c y\u1ebfu t\u1ed1 m\u00f4i tr\u01b0\u1eddng kh\u00e1c, v\u00e0 \u0111\u1ed3ng th\u1eddi t\u0103ng \u0111\u1ed9 b\u1ec1n v\u00e0 tu\u1ed5i th\u1ecd c\u1ee7a \u0111\u00e8n LED.<\/span><\/p><\/div>\n<p style=\"text-align: justify;\"><span style=\"font-size: 14pt;\"><a href=\"https:\/\/vilight.vn\/website\/wp-content\/uploads\/2021\/07\/E10A01-HA.jpg\"><img decoding=\"async\" class=\"wp-image-1780 size-full aligncenter lazyload\" data-src=\"https:\/\/vilight.vn\/website\/wp-content\/uploads\/2021\/07\/E10A01-HA.jpg\" alt=\"\u0110\u00e8n Led VL-E10A02\" width=\"1200\" height=\"536\" data-srcset=\"https:\/\/vilight.vn\/website\/wp-content\/uploads\/2021\/07\/E10A01-HA.jpg 1200w, https:\/\/vilight.vn\/website\/wp-content\/uploads\/2021\/07\/E10A01-HA-800x357.jpg 800w, https:\/\/vilight.vn\/website\/wp-content\/uploads\/2021\/07\/E10A01-HA-300x134.jpg 300w, https:\/\/vilight.vn\/website\/wp-content\/uploads\/2021\/07\/E10A01-HA-1024x457.jpg 1024w, https:\/\/vilight.vn\/website\/wp-content\/uploads\/2021\/07\/E10A01-HA-768x343.jpg 768w, https:\/\/vilight.vn\/website\/wp-content\/uploads\/2021\/07\/E10A01-HA-16x7.jpg 16w, https:\/\/vilight.vn\/website\/wp-content\/uploads\/2021\/07\/E10A01-HA-260x116.jpg 260w, https:\/\/vilight.vn\/website\/wp-content\/uploads\/2021\/07\/E10A01-HA-50x22.jpg 50w, https:\/\/vilight.vn\/website\/wp-content\/uploads\/2021\/07\/E10A01-HA-150x67.jpg 150w, https:\/\/vilight.vn\/website\/wp-content\/uploads\/2021\/07\/E10A01-HA-600x268.jpg 600w\" data-sizes=\"(max-width:767px) 480px, (max-width:1200px) 100vw, 1200px\" src=\"data:image\/svg+xml;base64,PHN2ZyB3aWR0aD0iMSIgaGVpZ2h0PSIxIiB4bWxucz0iaHR0cDovL3d3dy53My5vcmcvMjAwMC9zdmciPjwvc3ZnPg==\" style=\"--smush-placeholder-width: 1200px; --smush-placeholder-aspect-ratio: 1200\/536;\" \/><\/a><\/span><\/p>\n<p style=\"text-align: justify;\">\n","protected":false},"excerpt":{"rendered":"<p style=\"text-align: justify;\"><span style=\"font-size: 14pt;\">\u0110\u00e8n LED VL-E10A02 &#8211; S\u1ef1 k\u1ebft h\u1ee3p ho\u00e0n h\u1ea3o gi\u1eefa \u0111\u1ed9 s\u00e1ng cao, m\u00e0u s\u1eafc t\u01b0\u01a1i s\u00e1ng v\u00e0 \u0111\u1ed9 \u1ed5n \u0111\u1ecbnh m\u1ea1nh m\u1ebd, l\u00fd t\u01b0\u1edfng cho chi\u1ebfu s\u00e1ng ngo\u00e0i tr\u1eddi.<\/span><\/p>\n","protected":false},"featured_media":1341,"template":"","meta":[],"product_brand":[],"product_cat":[81,77,184],"product_tag":[],"class_list":{"0":"post-1784","1":"product","2":"type-product","3":"status-publish","4":"has-post-thumbnail","6":"product_cat-dang-luoi-grid","7":"product_cat-den-led-pixel","8":"product_cat-e-series","9":"pa_chip-led-epistar","10":"pa_cong-suat-0-7w","11":"pa_dien-ap-hoat-dong-12v","12":"pa_do-kin-ip68","13":"pa_goc-chieu-213","14":"pa_gray-level-12-bit-4096-grade","15":"pa_kich-thuoc-1-62022-mm","17":"first","18":"instock","19":"taxable","20":"shipping-taxable","21":"product-type-simple"},"yoast_head":"<!-- This site is optimized with the Yoast SEO Premium plugin v27.4 (Yoast SEO v27.4) - https:\/\/yoast.com\/product\/yoast-seo-premium-wordpress\/ -->\n<title>\u0110\u00e8n LED VL-E10A02 - Vilight Co.ltd<\/title>\n<meta name=\"description\" content=\"\u0110\u00e8n LED VL-E10A02 s\u1eed d\u1ee5ng lo\u1ea1i LED SMD 3535RGB, \u0111\u00e8n LED \u0111\u1ed9 s\u00e1ng cao v\u1edbi g\u00f3c nh\u00ecn l\u1edbn. S\u1eed d\u1ee5ng chip Epistar \u0110\u00e0i Loan, m\u00e0u nh\u1ea5t qu\u00e1n.\" \/>\n<meta name=\"robots\" content=\"index, follow, max-snippet:-1, max-image-preview:large, max-video-preview:-1\" \/>\n<link rel=\"canonical\" href=\"https:\/\/vilight.vn\/website\/san-pham\/den-led-pixel\/dang-luoi-grid\/e-series\/den-led-vl-e10a02\/\" \/>\n<meta property=\"og:locale\" content=\"vi_VN\" \/>\n<meta property=\"og:type\" content=\"article\" \/>\n<meta property=\"og:title\" content=\"\u0110\u00e8n LED VL-E10A02\" \/>\n<meta property=\"og:description\" content=\"\u0110\u00e8n LED VL-E10A02 - S\u1ef1 k\u1ebft h\u1ee3p ho\u00e0n h\u1ea3o gi\u1eefa \u0111\u1ed9 s\u00e1ng cao, m\u00e0u s\u1eafc t\u01b0\u01a1i s\u00e1ng v\u00e0 \u0111\u1ed9 \u1ed5n \u0111\u1ecbnh m\u1ea1nh m\u1ebd, l\u00fd t\u01b0\u1edfng cho chi\u1ebfu s\u00e1ng ngo\u00e0i tr\u1eddi.\" \/>\n<meta property=\"og:url\" content=\"https:\/\/vilight.vn\/website\/san-pham\/den-led-pixel\/dang-luoi-grid\/e-series\/den-led-vl-e10a02\/\" \/>\n<meta property=\"og:site_name\" content=\"Vilight Co.ltd\" \/>\n<meta property=\"article:publisher\" content=\"http:\/\/facebook.com\/vilight.vn\" \/>\n<meta property=\"article:modified_time\" content=\"2024-10-01T09:38:45+00:00\" \/>\n<meta property=\"og:image\" content=\"https:\/\/vilight.vn\/website\/wp-content\/uploads\/2021\/06\/E10A-Logo.jpg\" \/>\n\t<meta property=\"og:image:width\" content=\"600\" \/>\n\t<meta property=\"og:image:height\" content=\"600\" \/>\n\t<meta property=\"og:image:type\" content=\"image\/jpeg\" \/>\n<meta name=\"twitter:card\" content=\"summary_large_image\" \/>\n<meta name=\"twitter:label1\" content=\"Gi\u00e1\" \/>\n\t<meta name=\"twitter:data1\" content=\"\" \/>\n\t<meta name=\"twitter:label2\" content=\"Kh\u1ea3 d\u1ee5ng\" \/>\n\t<meta name=\"twitter:data2\" content=\"Trong kho\" \/>\n<script type=\"application\/ld+json\" class=\"yoast-schema-graph\">{\"@context\":\"https:\\\/\\\/schema.org\",\"@graph\":[{\"@type\":\"WebPage\",\"@id\":\"https:\\\/\\\/vilight.vn\\\/website\\\/san-pham\\\/den-led-pixel\\\/dang-luoi-grid\\\/e-series\\\/den-led-vl-e10a02\\\/\",\"url\":\"https:\\\/\\\/vilight.vn\\\/website\\\/san-pham\\\/den-led-pixel\\\/dang-luoi-grid\\\/e-series\\\/den-led-vl-e10a02\\\/\",\"name\":\"\u0110\u00e8n LED VL-E10A02 - Vilight Co.ltd\",\"isPartOf\":{\"@id\":\"https:\\\/\\\/vilight.vn\\\/website\\\/#website\"},\"primaryImageOfPage\":{\"@id\":\"https:\\\/\\\/vilight.vn\\\/website\\\/san-pham\\\/den-led-pixel\\\/dang-luoi-grid\\\/e-series\\\/den-led-vl-e10a02\\\/#primaryimage\"},\"image\":{\"@id\":\"https:\\\/\\\/vilight.vn\\\/website\\\/san-pham\\\/den-led-pixel\\\/dang-luoi-grid\\\/e-series\\\/den-led-vl-e10a02\\\/#primaryimage\"},\"thumbnailUrl\":\"https:\\\/\\\/vilight.vn\\\/website\\\/wp-content\\\/uploads\\\/2021\\\/06\\\/E10A-Logo.jpg\",\"datePublished\":\"2021-07-02T04:03:42+00:00\",\"dateModified\":\"2024-10-01T09:38:45+00:00\",\"description\":\"\u0110\u00e8n LED VL-E10A02 s\u1eed d\u1ee5ng lo\u1ea1i LED SMD 3535RGB, \u0111\u00e8n LED \u0111\u1ed9 s\u00e1ng cao v\u1edbi g\u00f3c nh\u00ecn l\u1edbn. S\u1eed d\u1ee5ng chip Epistar \u0110\u00e0i Loan, m\u00e0u nh\u1ea5t qu\u00e1n.\",\"breadcrumb\":{\"@id\":\"https:\\\/\\\/vilight.vn\\\/website\\\/san-pham\\\/den-led-pixel\\\/dang-luoi-grid\\\/e-series\\\/den-led-vl-e10a02\\\/#breadcrumb\"},\"inLanguage\":\"vi\",\"potentialAction\":[{\"@type\":\"ReadAction\",\"target\":[\"https:\\\/\\\/vilight.vn\\\/website\\\/san-pham\\\/den-led-pixel\\\/dang-luoi-grid\\\/e-series\\\/den-led-vl-e10a02\\\/\"]}]},{\"@type\":\"ImageObject\",\"inLanguage\":\"vi\",\"@id\":\"https:\\\/\\\/vilight.vn\\\/website\\\/san-pham\\\/den-led-pixel\\\/dang-luoi-grid\\\/e-series\\\/den-led-vl-e10a02\\\/#primaryimage\",\"url\":\"https:\\\/\\\/vilight.vn\\\/website\\\/wp-content\\\/uploads\\\/2021\\\/06\\\/E10A-Logo.jpg\",\"contentUrl\":\"https:\\\/\\\/vilight.vn\\\/website\\\/wp-content\\\/uploads\\\/2021\\\/06\\\/E10A-Logo.jpg\",\"width\":600,\"height\":600,\"caption\":\"\u0110\u00e8n Led VL-E10A01\"},{\"@type\":\"BreadcrumbList\",\"@id\":\"https:\\\/\\\/vilight.vn\\\/website\\\/san-pham\\\/den-led-pixel\\\/dang-luoi-grid\\\/e-series\\\/den-led-vl-e10a02\\\/#breadcrumb\",\"itemListElement\":[{\"@type\":\"ListItem\",\"position\":1,\"name\":\"Home\",\"item\":\"https:\\\/\\\/vilight.vn\\\/website\\\/\"},{\"@type\":\"ListItem\",\"position\":2,\"name\":\"store\",\"item\":\"https:\\\/\\\/vilight.vn\\\/website\\\/store\\\/\"},{\"@type\":\"ListItem\",\"position\":3,\"name\":\"\u0110\u00e8n LED VL-E10A02\"}]},{\"@type\":\"WebSite\",\"@id\":\"https:\\\/\\\/vilight.vn\\\/website\\\/#website\",\"url\":\"https:\\\/\\\/vilight.vn\\\/website\\\/\",\"name\":\"Vilight Co.ltd\",\"description\":\"Chi\u1ebfu s\u00e1ng m\u1ef9 thu\u1eadt, chi\u1ebfu s\u00e1ng th\u00f4ng minh, LED Pixel 3D, chi\u1ebfu s\u00e1ng trang tr\u00ed \u0111\u00f4 th\u1ecb, chi\u1ebfu s\u00e1ng v\u00f2ng xoay, chi\u1ebfu s\u00e1ng \u0111\u1ea3o giao th\u00f4ng, c\u1ed5ng ch\u00e0o \u0111\u00f4 th\u1ecb\",\"publisher\":{\"@id\":\"https:\\\/\\\/vilight.vn\\\/website\\\/#organization\"},\"potentialAction\":[{\"@type\":\"SearchAction\",\"target\":{\"@type\":\"EntryPoint\",\"urlTemplate\":\"https:\\\/\\\/vilight.vn\\\/website\\\/?s={search_term_string}\"},\"query-input\":{\"@type\":\"PropertyValueSpecification\",\"valueRequired\":true,\"valueName\":\"search_term_string\"}}],\"inLanguage\":\"vi\"},{\"@type\":\"Organization\",\"@id\":\"https:\\\/\\\/vilight.vn\\\/website\\\/#organization\",\"name\":\"Vilight\",\"url\":\"https:\\\/\\\/vilight.vn\\\/website\\\/\",\"logo\":{\"@type\":\"ImageObject\",\"inLanguage\":\"vi\",\"@id\":\"https:\\\/\\\/vilight.vn\\\/website\\\/#\\\/schema\\\/logo\\\/image\\\/\",\"url\":\"https:\\\/\\\/vilight.vn\\\/website\\\/wp-content\\\/uploads\\\/2022\\\/05\\\/chieu_sang_trang_tri_do_thi_bang_den_led_pixel.png\",\"contentUrl\":\"https:\\\/\\\/vilight.vn\\\/website\\\/wp-content\\\/uploads\\\/2022\\\/05\\\/chieu_sang_trang_tri_do_thi_bang_den_led_pixel.png\",\"width\":800,\"height\":427,\"caption\":\"Vilight\"},\"image\":{\"@id\":\"https:\\\/\\\/vilight.vn\\\/website\\\/#\\\/schema\\\/logo\\\/image\\\/\"},\"sameAs\":[\"http:\\\/\\\/facebook.com\\\/vilight.vn\",\"https:\\\/\\\/www.linkedin.com\\\/company\\\/vilight-vn\",\"https:\\\/\\\/www.youtube.com\\\/channel\\\/UCEwR2naeDcuarMX1kSv_rLQ\\\/videos\"]}]}<\/script>\n<meta property=\"product:brand\" content=\"E Series\" \/>\n<meta property=\"product:price:currency\" content=\"VND\" \/>\n<meta property=\"og:availability\" content=\"instock\" \/>\n<meta property=\"product:availability\" content=\"instock\" \/>\n<meta property=\"product:condition\" content=\"new\" \/>\n<!-- \/ Yoast SEO Premium plugin. -->","yoast_head_json":{"title":"\u0110\u00e8n LED VL-E10A02 - Vilight Co.ltd","description":"\u0110\u00e8n LED VL-E10A02 s\u1eed d\u1ee5ng lo\u1ea1i LED SMD 3535RGB, \u0111\u00e8n LED \u0111\u1ed9 s\u00e1ng cao v\u1edbi g\u00f3c nh\u00ecn l\u1edbn. S\u1eed d\u1ee5ng chip Epistar \u0110\u00e0i Loan, m\u00e0u nh\u1ea5t qu\u00e1n.","robots":{"index":"index","follow":"follow","max-snippet":"max-snippet:-1","max-image-preview":"max-image-preview:large","max-video-preview":"max-video-preview:-1"},"canonical":"https:\/\/vilight.vn\/website\/san-pham\/den-led-pixel\/dang-luoi-grid\/e-series\/den-led-vl-e10a02\/","og_locale":"vi_VN","og_type":"article","og_title":"\u0110\u00e8n LED VL-E10A02","og_description":"\u0110\u00e8n LED VL-E10A02 - S\u1ef1 k\u1ebft h\u1ee3p ho\u00e0n h\u1ea3o gi\u1eefa \u0111\u1ed9 s\u00e1ng cao, m\u00e0u s\u1eafc t\u01b0\u01a1i s\u00e1ng v\u00e0 \u0111\u1ed9 \u1ed5n \u0111\u1ecbnh m\u1ea1nh m\u1ebd, l\u00fd t\u01b0\u1edfng cho chi\u1ebfu s\u00e1ng ngo\u00e0i tr\u1eddi.","og_url":"https:\/\/vilight.vn\/website\/san-pham\/den-led-pixel\/dang-luoi-grid\/e-series\/den-led-vl-e10a02\/","og_site_name":"Vilight Co.ltd","article_publisher":"http:\/\/facebook.com\/vilight.vn","article_modified_time":"2024-10-01T09:38:45+00:00","og_image":[{"width":600,"height":600,"url":"https:\/\/vilight.vn\/website\/wp-content\/uploads\/2021\/06\/E10A-Logo.jpg","type":"image\/jpeg"}],"twitter_card":"summary_large_image","twitter_misc":{"Gi\u00e1":"","Kh\u1ea3 d\u1ee5ng":"Trong kho"},"schema":{"@context":"https:\/\/schema.org","@graph":[{"@type":"WebPage","@id":"https:\/\/vilight.vn\/website\/san-pham\/den-led-pixel\/dang-luoi-grid\/e-series\/den-led-vl-e10a02\/","url":"https:\/\/vilight.vn\/website\/san-pham\/den-led-pixel\/dang-luoi-grid\/e-series\/den-led-vl-e10a02\/","name":"\u0110\u00e8n LED VL-E10A02 - Vilight Co.ltd","isPartOf":{"@id":"https:\/\/vilight.vn\/website\/#website"},"primaryImageOfPage":{"@id":"https:\/\/vilight.vn\/website\/san-pham\/den-led-pixel\/dang-luoi-grid\/e-series\/den-led-vl-e10a02\/#primaryimage"},"image":{"@id":"https:\/\/vilight.vn\/website\/san-pham\/den-led-pixel\/dang-luoi-grid\/e-series\/den-led-vl-e10a02\/#primaryimage"},"thumbnailUrl":"https:\/\/vilight.vn\/website\/wp-content\/uploads\/2021\/06\/E10A-Logo.jpg","datePublished":"2021-07-02T04:03:42+00:00","dateModified":"2024-10-01T09:38:45+00:00","description":"\u0110\u00e8n LED VL-E10A02 s\u1eed d\u1ee5ng lo\u1ea1i LED SMD 3535RGB, \u0111\u00e8n LED \u0111\u1ed9 s\u00e1ng cao v\u1edbi g\u00f3c nh\u00ecn l\u1edbn. S\u1eed d\u1ee5ng chip Epistar \u0110\u00e0i Loan, m\u00e0u nh\u1ea5t qu\u00e1n.","breadcrumb":{"@id":"https:\/\/vilight.vn\/website\/san-pham\/den-led-pixel\/dang-luoi-grid\/e-series\/den-led-vl-e10a02\/#breadcrumb"},"inLanguage":"vi","potentialAction":[{"@type":"ReadAction","target":["https:\/\/vilight.vn\/website\/san-pham\/den-led-pixel\/dang-luoi-grid\/e-series\/den-led-vl-e10a02\/"]}]},{"@type":"ImageObject","inLanguage":"vi","@id":"https:\/\/vilight.vn\/website\/san-pham\/den-led-pixel\/dang-luoi-grid\/e-series\/den-led-vl-e10a02\/#primaryimage","url":"https:\/\/vilight.vn\/website\/wp-content\/uploads\/2021\/06\/E10A-Logo.jpg","contentUrl":"https:\/\/vilight.vn\/website\/wp-content\/uploads\/2021\/06\/E10A-Logo.jpg","width":600,"height":600,"caption":"\u0110\u00e8n Led VL-E10A01"},{"@type":"BreadcrumbList","@id":"https:\/\/vilight.vn\/website\/san-pham\/den-led-pixel\/dang-luoi-grid\/e-series\/den-led-vl-e10a02\/#breadcrumb","itemListElement":[{"@type":"ListItem","position":1,"name":"Home","item":"https:\/\/vilight.vn\/website\/"},{"@type":"ListItem","position":2,"name":"store","item":"https:\/\/vilight.vn\/website\/store\/"},{"@type":"ListItem","position":3,"name":"\u0110\u00e8n LED VL-E10A02"}]},{"@type":"WebSite","@id":"https:\/\/vilight.vn\/website\/#website","url":"https:\/\/vilight.vn\/website\/","name":"Vilight Co.ltd","description":"Chi\u1ebfu s\u00e1ng m\u1ef9 thu\u1eadt, chi\u1ebfu s\u00e1ng th\u00f4ng minh, LED Pixel 3D, chi\u1ebfu s\u00e1ng trang tr\u00ed \u0111\u00f4 th\u1ecb, chi\u1ebfu s\u00e1ng v\u00f2ng xoay, chi\u1ebfu s\u00e1ng \u0111\u1ea3o giao th\u00f4ng, c\u1ed5ng ch\u00e0o \u0111\u00f4 th\u1ecb","publisher":{"@id":"https:\/\/vilight.vn\/website\/#organization"},"potentialAction":[{"@type":"SearchAction","target":{"@type":"EntryPoint","urlTemplate":"https:\/\/vilight.vn\/website\/?s={search_term_string}"},"query-input":{"@type":"PropertyValueSpecification","valueRequired":true,"valueName":"search_term_string"}}],"inLanguage":"vi"},{"@type":"Organization","@id":"https:\/\/vilight.vn\/website\/#organization","name":"Vilight","url":"https:\/\/vilight.vn\/website\/","logo":{"@type":"ImageObject","inLanguage":"vi","@id":"https:\/\/vilight.vn\/website\/#\/schema\/logo\/image\/","url":"https:\/\/vilight.vn\/website\/wp-content\/uploads\/2022\/05\/chieu_sang_trang_tri_do_thi_bang_den_led_pixel.png","contentUrl":"https:\/\/vilight.vn\/website\/wp-content\/uploads\/2022\/05\/chieu_sang_trang_tri_do_thi_bang_den_led_pixel.png","width":800,"height":427,"caption":"Vilight"},"image":{"@id":"https:\/\/vilight.vn\/website\/#\/schema\/logo\/image\/"},"sameAs":["http:\/\/facebook.com\/vilight.vn","https:\/\/www.linkedin.com\/company\/vilight-vn","https:\/\/www.youtube.com\/channel\/UCEwR2naeDcuarMX1kSv_rLQ\/videos"]}]},"product_brand":"E Series","product_price_currency":"VND","og_availability":"instock","product_availability":"instock","product_condition":"new"},"_links":{"self":[{"href":"https:\/\/vilight.vn\/website\/wp-json\/wp\/v2\/product\/1784","targetHints":{"allow":["GET"]}}],"collection":[{"href":"https:\/\/vilight.vn\/website\/wp-json\/wp\/v2\/product"}],"about":[{"href":"https:\/\/vilight.vn\/website\/wp-json\/wp\/v2\/types\/product"}],"wp:featuredmedia":[{"embeddable":true,"href":"https:\/\/vilight.vn\/website\/wp-json\/wp\/v2\/media\/1341"}],"wp:attachment":[{"href":"https:\/\/vilight.vn\/website\/wp-json\/wp\/v2\/media?parent=1784"}],"wp:term":[{"taxonomy":"product_brand","embeddable":true,"href":"https:\/\/vilight.vn\/website\/wp-json\/wp\/v2\/product_brand?post=1784"},{"taxonomy":"product_cat","embeddable":true,"href":"https:\/\/vilight.vn\/website\/wp-json\/wp\/v2\/product_cat?post=1784"},{"taxonomy":"product_tag","embeddable":true,"href":"https:\/\/vilight.vn\/website\/wp-json\/wp\/v2\/product_tag?post=1784"}],"curies":[{"name":"wp","href":"https:\/\/api.w.org\/{rel}","templated":true}]}}