{"id":1788,"date":"2021-07-02T11:26:05","date_gmt":"2021-07-02T04:26:05","guid":{"rendered":"https:\/\/vilight.vn\/website\/?post_type=product&#038;p=1788"},"modified":"2023-08-22T10:33:46","modified_gmt":"2023-08-22T03:33:46","slug":"den-led-vl-g16","status":"publish","type":"product","link":"https:\/\/vilight.vn\/website\/san-pham\/den-led-pixel\/den-led-vl-g16\/","title":{"rendered":"\u0110\u00e8n Led VL-G16"},"content":{"rendered":"<h2 style=\"text-align: justify;\"><span style=\"font-size: 18pt;\">\u0110\u00e8n Led VL-G16 &#8211; S\u1ef1 l\u1ef1a ch\u1ecdn ho\u00e0n h\u1ea3o cho h\u1ec7 th\u1ed1ng chi\u1ebfu s\u00e1ng hi\u1ec7n \u0111\u1ea1i<\/span><\/h2>\n<p style=\"text-align: justify;\"><span style=\"font-size: 14pt;\">\u0110\u00e8n Led VL-G16 l\u00e0 s\u1ea3n ph\u1ea9m \u0111\u00e8n LED \u0111\u1ed9 s\u00e1ng cao, \u0111\u01b0\u1ee3c trang b\u1ecb c\u00f4ng ngh\u1ec7 SMD5050 RGB v\u1edbi g\u00f3c nh\u00ecn l\u1edbn, mang \u0111\u1ebfn hi\u1ec7u qu\u1ea3 \u00e1nh s\u00e1ng tuy\u1ec7t v\u1eddi v\u00e0 s\u1ef1 \u0111a d\u1ea1ng trong vi\u1ec7c t\u1ea1o m\u00e0u s\u1eafc. V\u1edbi m\u1ed9t lo\u1ea1t c\u00e1c t\u00ednh n\u0103ng \u01b0u vi\u1ec7t, \u0111\u00e8n Led -G16 l\u00e0 s\u1ef1 l\u1ef1a ch\u1ecdn ho\u00e0n h\u1ea3o cho c\u00e1c \u1ee9ng d\u1ee5ng chi\u1ebfu s\u00e1ng c\u1ea3 ngo\u1ea1i th\u1ea5t v\u00e0 n\u1ed9i th\u1ea5t.<\/span><\/p>\n<p style=\"text-align: justify;\"><span style=\"font-size: 14pt;\">S\u1ea3n ph\u1ea9m n\u00e0y s\u1eed d\u1ee5ng chip TaiWan Epistar &#8211; m\u1ed9t th\u01b0\u01a1ng hi\u1ec7u n\u1ed5i ti\u1ebfng trong ng\u00e0nh c\u00f4ng nghi\u1ec7p LED, \u0111\u1ea3m b\u1ea3o \u0111\u1ed9 s\u00e1ng cao v\u00e0 m\u00e0u s\u1eafc nh\u1ea5t qu\u00e1n. Chip \u0111\u01b0\u1ee3c thi\u1ebft k\u1ebf v\u1edbi \u0111\u1ed9 \u1ed5n \u0111\u1ecbnh cao, \u0111\u1ed9 b\u00e3o h\u00f2a m\u00e0u t\u1ed1t, v\u00e0 tu\u1ed5i th\u1ecd k\u00e9o d\u00e0i, \u0111\u1ea3m b\u1ea3o r\u1eb1ng \u0111\u00e8n Led -G16 s\u1ebd mang l\u1ea1i \u00e1nh s\u00e1ng ch\u1ea5t l\u01b0\u1ee3ng v\u00e0 b\u1ec1n b\u1ec9 trong th\u1eddi gian d\u00e0i s\u1eed d\u1ee5ng.<\/span><\/p>\n<p style=\"text-align: justify;\"><span style=\"font-size: 14pt;\">M\u1ed9t trong nh\u1eefng \u0111i\u1ec3m \u0111\u00e1ng ch\u00fa \u00fd c\u1ee7a \u0111\u00e8n Led -G16 l\u00e0 c\u1ea5u t\u1ea1o kh\u1edbp n\u1ed1i \u0111\u1eb7c bi\u1ec7t, cho ph\u00e9p l\u1eafp \u0111\u1eb7t d\u1ec5 d\u00e0ng v\u00e0 nhanh ch\u00f3ng tr\u00ean m\u1ecdi lo\u1ea1i v\u00e1n. Kh\u00f4ng c\u1ea7n c\u00f4ng c\u1ee5 ph\u1ee9c t\u1ea1p, ng\u01b0\u1eddi d\u00f9ng c\u00f3 th\u1ec3 tr\u1ef1c ti\u1ebfp l\u1eafp \u0111\u1eb7t sau khi \u0111\u00e0o h\u1ed1, gi\u00fap ti\u1ebft ki\u1ec7m th\u1eddi gian v\u00e0 c\u00f4ng s\u1ee9c. \u0110i\u1ec1u n\u00e0y l\u00e0m cho vi\u1ec7c s\u1eed d\u1ee5ng \u0111\u00e8n Led -G16 tr\u1edf n\u00ean r\u1ea5t ti\u1ec7n l\u1ee3i v\u00e0 ph\u00f9 h\u1ee3p cho c\u00e1c d\u1ef1 \u00e1n chi\u1ebfu s\u00e1ng.<\/span><\/p>\n<p style=\"text-align: justify;\"><span style=\"font-size: 14pt;\"><a href=\"https:\/\/vilight.vn\/website\/wp-content\/uploads\/2021\/07\/G16-TT.jpg\"><img decoding=\"async\" class=\"wp-image-1816 size-full aligncenter lazyload\" data-src=\"https:\/\/vilight.vn\/website\/wp-content\/uploads\/2021\/07\/G16-TT.jpg\" alt=\"\u0110\u00e8n Led VL-G16\" width=\"1200\" height=\"1377\" data-srcset=\"https:\/\/vilight.vn\/website\/wp-content\/uploads\/2021\/07\/G16-TT.jpg 1200w, https:\/\/vilight.vn\/website\/wp-content\/uploads\/2021\/07\/G16-TT-800x918.jpg 800w, https:\/\/vilight.vn\/website\/wp-content\/uploads\/2021\/07\/G16-TT-261x300.jpg 261w, https:\/\/vilight.vn\/website\/wp-content\/uploads\/2021\/07\/G16-TT-892x1024.jpg 892w, https:\/\/vilight.vn\/website\/wp-content\/uploads\/2021\/07\/G16-TT-768x881.jpg 768w, https:\/\/vilight.vn\/website\/wp-content\/uploads\/2021\/07\/G16-TT-10x12.jpg 10w, https:\/\/vilight.vn\/website\/wp-content\/uploads\/2021\/07\/G16-TT-127x146.jpg 127w, https:\/\/vilight.vn\/website\/wp-content\/uploads\/2021\/07\/G16-TT-44x50.jpg 44w, https:\/\/vilight.vn\/website\/wp-content\/uploads\/2021\/07\/G16-TT-65x75.jpg 65w, https:\/\/vilight.vn\/website\/wp-content\/uploads\/2021\/07\/G16-TT-600x689.jpg 600w\" data-sizes=\"(max-width:767px) 480px, (max-width:1200px) 100vw, 1200px\" src=\"data:image\/svg+xml;base64,PHN2ZyB3aWR0aD0iMSIgaGVpZ2h0PSIxIiB4bWxucz0iaHR0cDovL3d3dy53My5vcmcvMjAwMC9zdmciPjwvc3ZnPg==\" style=\"--smush-placeholder-width: 1200px; --smush-placeholder-aspect-ratio: 1200\/1377;\" \/><\/a><\/span><\/p>\n<p style=\"text-align: justify;\"><span style=\"font-size: 14pt;\">\u0110\u00e8n Led VL-G16 \u0111\u01b0\u1ee3c b\u1ea3o v\u1ec7 b\u1edfi l\u1edbp keo PU k\u00edn, gi\u00fap ng\u0103n ch\u1eb7n t\u00ecnh tr\u1ea1ng n\u1ee9t n\u1ebb v\u00e0 \u0111\u1ea3m b\u1ea3o \u0111\u1ed9 ch\u1ed1ng th\u1ea5m cao c\u1ea5p. \u0110i\u1ec1u n\u00e0y r\u1ea5t quan tr\u1ecdng trong vi\u1ec7c \u0111\u1ea3m b\u1ea3o tu\u1ed5i th\u1ecd v\u00e0 hi\u1ec7u su\u1ea5t c\u1ee7a \u0111\u00e8n Led trong m\u00f4i tr\u01b0\u1eddng kh\u1eafc nghi\u1ec7t. Ngo\u00e0i ra, c\u00e1p v\u00e0 v\u1ecf c\u1ee7a s\u1ea3n ph\u1ea9m \u0111\u01b0\u1ee3c s\u1eed d\u1ee5ng v\u1eadt li\u1ec7u ch\u1ed1ng ch\u00e1y ch\u1ed1ng l\u1ea1nh, mang l\u1ea1i s\u1ef1 an to\u00e0n v\u00e0 \u0111\u1ed9 b\u1ec1n t\u1ed1i \u01b0u.<\/span><\/p>\n<p style=\"text-align: justify;\"><span style=\"font-size: 14pt;\">\u0110\u00e8n Led -G16 kh\u00f4ng ch\u1ec9 mang l\u1ea1i \u00e1nh s\u00e1ng r\u1ef1c r\u1ee1 v\u00e0 \u0111a d\u1ea1ng m\u00e0u s\u1eafc, m\u00e0 c\u00f2n ti\u1ebft ki\u1ec7m n\u0103ng l\u01b0\u1ee3ng \u0111\u00e1ng k\u1ec3 so v\u1edbi \u0111\u00e8n truy\u1ec1n th\u1ed1ng. V\u1edbi c\u00f4ng ngh\u1ec7 LED ti\u00ean ti<\/span><\/p>\n<p style=\"text-align: justify;\"><span style=\"font-size: 14pt;\">\u1ebfn, s\u1ea3n ph\u1ea9m n\u00e0y ti\u00eau th\u1ee5 \u00edt \u0111i\u1ec7n n\u0103ng, gi\u00fap gi\u1ea3m thi\u1ec3u t\u00e1c \u0111\u1ed9ng \u0111\u1ebfn m\u00f4i tr\u01b0\u1eddng v\u00e0 gi\u1ea3m chi ph\u00ed \u0111i\u1ec7n n\u0103ng trong su\u1ed1t qu\u00e1 tr\u00ecnh s\u1eed d\u1ee5ng.<\/span><\/p>\n<p style=\"text-align: justify;\"><span style=\"font-size: 14pt;\">V\u1edbi \u0111\u00e8n Led -G16, b\u1ea1n c\u00f3 th\u1ec3 t\u1ea1o ra kh\u00f4ng gian chi\u1ebfu s\u00e1ng tuy\u1ec7t \u0111\u1eb9p v\u00e0 s\u00e1ng t\u1ea1o cho ng\u00f4i nh\u00e0, v\u0103n ph\u00f2ng, c\u1eeda h\u00e0ng, hay b\u1ea5t k\u1ef3 kh\u00f4ng gian n\u00e0o kh\u00e1c. S\u1ef1 k\u1ebft h\u1ee3p gi\u1eefa hi\u1ec7u su\u1ea5t cao, t\u00ednh linh ho\u1ea1t trong l\u1eafp \u0111\u1eb7t v\u00e0 \u0111\u1ed9 b\u1ec1n v\u01b0\u1ee3t tr\u1ed9i khi\u1ebfn cho \u0111\u00e8n Led VL-G16 tr\u1edf th\u00e0nh m\u1ed9t s\u1ea3n ph\u1ea9m \u01b0u vi\u1ec7t trong ng\u00e0nh c\u00f4ng nghi\u1ec7p chi\u1ebfu s\u00e1ng.<\/span><\/p>\n<p style=\"text-align: justify;\"><span style=\"font-size: 14pt;\">H\u00e3y ch\u1ecdn \u0111\u00e8n Led VL-G16 \u0111\u1ec3 mang \u0111\u1ebfn \u00e1nh s\u00e1ng ch\u1ea5t l\u01b0\u1ee3ng v\u00e0 s\u1ef1 sang tr\u1ecdng cho kh\u00f4ng gian c\u1ee7a b\u1ea1n.<\/span><\/p>\n","protected":false},"excerpt":{"rendered":"<p style=\"text-align: justify;\"><span style=\"font-size: 14pt;\">Kh\u00e1m ph\u00e1 \u0111\u00e8n Led VL-G16 &#8211; \u00c1nh s\u00e1ng \u0111a m\u00e0u, d\u1ec5 l\u1eafp \u0111\u1eb7t, v\u00e0 tu\u1ed5i th\u1ecd cao. S\u1ef1 k\u1ebft h\u1ee3p ho\u00e0n h\u1ea3o cho h\u1ec7 th\u1ed1ng chi\u1ebfu s\u00e1ng hi\u1ec7n \u0111\u1ea1i.<\/span><\/p>\n","protected":false},"featured_media":1789,"template":"","meta":[],"product_brand":[],"product_cat":[77,313,298],"product_tag":[],"class_list":{"0":"post-1788","1":"product","2":"type-product","3":"status-publish","4":"has-post-thumbnail","6":"product_cat-den-led-pixel","7":"product_cat-trang-tri","8":"product_cat-g-series","9":"pa_chip-led-cree","10":"pa_chip-led-epistar","11":"pa_chuan-dieu-khien-ttl","12":"pa_cong-suat-0-3w","13":"pa_dien-ap-hoat-dong-dc-5v","14":"pa_do-kin-ip65","15":"pa_goc-chieu-213","17":"first","18":"instock","19":"taxable","20":"shipping-taxable","21":"product-type-simple"},"yoast_head":"<!-- This site is optimized with the Yoast SEO Premium plugin v27.4 (Yoast SEO v27.4) - https:\/\/yoast.com\/product\/yoast-seo-premium-wordpress\/ -->\n<title>\u0110\u00e8n Led VL-G16 - Vilight Co.ltd<\/title>\n<meta name=\"description\" content=\"\u0110\u00e8n Led VL-G16 \u0111\u01b0\u1ee3c l\u00e0m b\u1eb1ng \u0111\u00e8n LED \u0111\u1ed9 s\u00e1ng cao SMD5050 RGB v\u1edbi g\u00f3c nh\u00ecn l\u1edbn. S\u1eed d\u1ee5ng chip TaiWan Epistar, v\u1edbi \u0111\u1ed9 s\u00e1ng cao, m\u00e0u s\u00e1ng nh\u1ea5t qu\u00e1n,\" \/>\n<meta name=\"robots\" content=\"index, follow, max-snippet:-1, max-image-preview:large, max-video-preview:-1\" \/>\n<link rel=\"canonical\" href=\"https:\/\/vilight.vn\/website\/san-pham\/den-led-pixel\/den-led-vl-g16\/\" \/>\n<meta property=\"og:locale\" content=\"vi_VN\" \/>\n<meta property=\"og:type\" content=\"article\" \/>\n<meta property=\"og:title\" content=\"\u0110\u00e8n Led VL-G16\" \/>\n<meta property=\"og:description\" content=\"Kh\u00e1m ph\u00e1 \u0111\u00e8n Led VL-G16 - \u00c1nh s\u00e1ng \u0111a m\u00e0u, d\u1ec5 l\u1eafp \u0111\u1eb7t, v\u00e0 tu\u1ed5i th\u1ecd cao. S\u1ef1 k\u1ebft h\u1ee3p ho\u00e0n h\u1ea3o cho h\u1ec7 th\u1ed1ng chi\u1ebfu s\u00e1ng hi\u1ec7n \u0111\u1ea1i.\" \/>\n<meta property=\"og:url\" content=\"https:\/\/vilight.vn\/website\/san-pham\/den-led-pixel\/den-led-vl-g16\/\" \/>\n<meta property=\"og:site_name\" content=\"Vilight Co.ltd\" \/>\n<meta property=\"article:publisher\" content=\"http:\/\/facebook.com\/vilight.vn\" \/>\n<meta property=\"article:modified_time\" content=\"2023-08-22T03:33:46+00:00\" \/>\n<meta property=\"og:image\" content=\"https:\/\/vilight.vn\/website\/wp-content\/uploads\/2021\/07\/G16.jpg\" \/>\n\t<meta property=\"og:image:width\" content=\"600\" \/>\n\t<meta property=\"og:image:height\" content=\"565\" \/>\n\t<meta property=\"og:image:type\" content=\"image\/jpeg\" \/>\n<meta name=\"twitter:card\" content=\"summary_large_image\" \/>\n<meta name=\"twitter:label1\" content=\"Gi\u00e1\" \/>\n\t<meta name=\"twitter:data1\" content=\"\" \/>\n\t<meta name=\"twitter:label2\" content=\"Kh\u1ea3 d\u1ee5ng\" \/>\n\t<meta name=\"twitter:data2\" content=\"Trong kho\" \/>\n<script type=\"application\/ld+json\" class=\"yoast-schema-graph\">{\"@context\":\"https:\\\/\\\/schema.org\",\"@graph\":[{\"@type\":\"WebPage\",\"@id\":\"https:\\\/\\\/vilight.vn\\\/website\\\/san-pham\\\/den-led-pixel\\\/den-led-vl-g16\\\/\",\"url\":\"https:\\\/\\\/vilight.vn\\\/website\\\/san-pham\\\/den-led-pixel\\\/den-led-vl-g16\\\/\",\"name\":\"\u0110\u00e8n Led VL-G16 - Vilight Co.ltd\",\"isPartOf\":{\"@id\":\"https:\\\/\\\/vilight.vn\\\/website\\\/#website\"},\"primaryImageOfPage\":{\"@id\":\"https:\\\/\\\/vilight.vn\\\/website\\\/san-pham\\\/den-led-pixel\\\/den-led-vl-g16\\\/#primaryimage\"},\"image\":{\"@id\":\"https:\\\/\\\/vilight.vn\\\/website\\\/san-pham\\\/den-led-pixel\\\/den-led-vl-g16\\\/#primaryimage\"},\"thumbnailUrl\":\"https:\\\/\\\/vilight.vn\\\/website\\\/wp-content\\\/uploads\\\/2021\\\/07\\\/G16.jpg\",\"datePublished\":\"2021-07-02T04:26:05+00:00\",\"dateModified\":\"2023-08-22T03:33:46+00:00\",\"description\":\"\u0110\u00e8n Led VL-G16 \u0111\u01b0\u1ee3c l\u00e0m b\u1eb1ng \u0111\u00e8n LED \u0111\u1ed9 s\u00e1ng cao SMD5050 RGB v\u1edbi g\u00f3c nh\u00ecn l\u1edbn. S\u1eed d\u1ee5ng chip TaiWan Epistar, v\u1edbi \u0111\u1ed9 s\u00e1ng cao, m\u00e0u s\u00e1ng nh\u1ea5t qu\u00e1n,\",\"breadcrumb\":{\"@id\":\"https:\\\/\\\/vilight.vn\\\/website\\\/san-pham\\\/den-led-pixel\\\/den-led-vl-g16\\\/#breadcrumb\"},\"inLanguage\":\"vi\",\"potentialAction\":[{\"@type\":\"ReadAction\",\"target\":[\"https:\\\/\\\/vilight.vn\\\/website\\\/san-pham\\\/den-led-pixel\\\/den-led-vl-g16\\\/\"]}]},{\"@type\":\"ImageObject\",\"inLanguage\":\"vi\",\"@id\":\"https:\\\/\\\/vilight.vn\\\/website\\\/san-pham\\\/den-led-pixel\\\/den-led-vl-g16\\\/#primaryimage\",\"url\":\"https:\\\/\\\/vilight.vn\\\/website\\\/wp-content\\\/uploads\\\/2021\\\/07\\\/G16.jpg\",\"contentUrl\":\"https:\\\/\\\/vilight.vn\\\/website\\\/wp-content\\\/uploads\\\/2021\\\/07\\\/G16.jpg\",\"width\":600,\"height\":565,\"caption\":\"\u0110\u00e8n Led VL-G16\"},{\"@type\":\"BreadcrumbList\",\"@id\":\"https:\\\/\\\/vilight.vn\\\/website\\\/san-pham\\\/den-led-pixel\\\/den-led-vl-g16\\\/#breadcrumb\",\"itemListElement\":[{\"@type\":\"ListItem\",\"position\":1,\"name\":\"Home\",\"item\":\"https:\\\/\\\/vilight.vn\\\/website\\\/\"},{\"@type\":\"ListItem\",\"position\":2,\"name\":\"store\",\"item\":\"https:\\\/\\\/vilight.vn\\\/website\\\/store\\\/\"},{\"@type\":\"ListItem\",\"position\":3,\"name\":\"\u0110\u00e8n Led VL-G16\"}]},{\"@type\":\"WebSite\",\"@id\":\"https:\\\/\\\/vilight.vn\\\/website\\\/#website\",\"url\":\"https:\\\/\\\/vilight.vn\\\/website\\\/\",\"name\":\"Vilight Co.ltd\",\"description\":\"Chi\u1ebfu s\u00e1ng m\u1ef9 thu\u1eadt, chi\u1ebfu s\u00e1ng th\u00f4ng minh, LED Pixel 3D, chi\u1ebfu s\u00e1ng trang tr\u00ed \u0111\u00f4 th\u1ecb, chi\u1ebfu s\u00e1ng v\u00f2ng xoay, chi\u1ebfu s\u00e1ng \u0111\u1ea3o giao th\u00f4ng, c\u1ed5ng ch\u00e0o \u0111\u00f4 th\u1ecb\",\"publisher\":{\"@id\":\"https:\\\/\\\/vilight.vn\\\/website\\\/#organization\"},\"potentialAction\":[{\"@type\":\"SearchAction\",\"target\":{\"@type\":\"EntryPoint\",\"urlTemplate\":\"https:\\\/\\\/vilight.vn\\\/website\\\/?s={search_term_string}\"},\"query-input\":{\"@type\":\"PropertyValueSpecification\",\"valueRequired\":true,\"valueName\":\"search_term_string\"}}],\"inLanguage\":\"vi\"},{\"@type\":\"Organization\",\"@id\":\"https:\\\/\\\/vilight.vn\\\/website\\\/#organization\",\"name\":\"Vilight\",\"url\":\"https:\\\/\\\/vilight.vn\\\/website\\\/\",\"logo\":{\"@type\":\"ImageObject\",\"inLanguage\":\"vi\",\"@id\":\"https:\\\/\\\/vilight.vn\\\/website\\\/#\\\/schema\\\/logo\\\/image\\\/\",\"url\":\"https:\\\/\\\/vilight.vn\\\/website\\\/wp-content\\\/uploads\\\/2022\\\/05\\\/chieu_sang_trang_tri_do_thi_bang_den_led_pixel.png\",\"contentUrl\":\"https:\\\/\\\/vilight.vn\\\/website\\\/wp-content\\\/uploads\\\/2022\\\/05\\\/chieu_sang_trang_tri_do_thi_bang_den_led_pixel.png\",\"width\":800,\"height\":427,\"caption\":\"Vilight\"},\"image\":{\"@id\":\"https:\\\/\\\/vilight.vn\\\/website\\\/#\\\/schema\\\/logo\\\/image\\\/\"},\"sameAs\":[\"http:\\\/\\\/facebook.com\\\/vilight.vn\",\"https:\\\/\\\/www.linkedin.com\\\/company\\\/vilight-vn\",\"https:\\\/\\\/www.youtube.com\\\/channel\\\/UCEwR2naeDcuarMX1kSv_rLQ\\\/videos\"]}]}<\/script>\n<meta property=\"product:brand\" content=\"\u0110\u00e8n LED Pixel\" \/>\n<meta property=\"product:price:currency\" content=\"VND\" \/>\n<meta property=\"og:availability\" content=\"instock\" \/>\n<meta property=\"product:availability\" content=\"instock\" \/>\n<meta property=\"product:condition\" content=\"new\" \/>\n<!-- \/ Yoast SEO Premium plugin. -->","yoast_head_json":{"title":"\u0110\u00e8n Led VL-G16 - Vilight Co.ltd","description":"\u0110\u00e8n Led VL-G16 \u0111\u01b0\u1ee3c l\u00e0m b\u1eb1ng \u0111\u00e8n LED \u0111\u1ed9 s\u00e1ng cao SMD5050 RGB v\u1edbi g\u00f3c nh\u00ecn l\u1edbn. S\u1eed d\u1ee5ng chip TaiWan Epistar, v\u1edbi \u0111\u1ed9 s\u00e1ng cao, m\u00e0u s\u00e1ng nh\u1ea5t qu\u00e1n,","robots":{"index":"index","follow":"follow","max-snippet":"max-snippet:-1","max-image-preview":"max-image-preview:large","max-video-preview":"max-video-preview:-1"},"canonical":"https:\/\/vilight.vn\/website\/san-pham\/den-led-pixel\/den-led-vl-g16\/","og_locale":"vi_VN","og_type":"article","og_title":"\u0110\u00e8n Led VL-G16","og_description":"Kh\u00e1m ph\u00e1 \u0111\u00e8n Led VL-G16 - \u00c1nh s\u00e1ng \u0111a m\u00e0u, d\u1ec5 l\u1eafp \u0111\u1eb7t, v\u00e0 tu\u1ed5i th\u1ecd cao. S\u1ef1 k\u1ebft h\u1ee3p ho\u00e0n h\u1ea3o cho h\u1ec7 th\u1ed1ng chi\u1ebfu s\u00e1ng hi\u1ec7n \u0111\u1ea1i.","og_url":"https:\/\/vilight.vn\/website\/san-pham\/den-led-pixel\/den-led-vl-g16\/","og_site_name":"Vilight Co.ltd","article_publisher":"http:\/\/facebook.com\/vilight.vn","article_modified_time":"2023-08-22T03:33:46+00:00","og_image":[{"width":600,"height":565,"url":"https:\/\/vilight.vn\/website\/wp-content\/uploads\/2021\/07\/G16.jpg","type":"image\/jpeg"}],"twitter_card":"summary_large_image","twitter_misc":{"Gi\u00e1":"","Kh\u1ea3 d\u1ee5ng":"Trong kho"},"schema":{"@context":"https:\/\/schema.org","@graph":[{"@type":"WebPage","@id":"https:\/\/vilight.vn\/website\/san-pham\/den-led-pixel\/den-led-vl-g16\/","url":"https:\/\/vilight.vn\/website\/san-pham\/den-led-pixel\/den-led-vl-g16\/","name":"\u0110\u00e8n Led VL-G16 - Vilight Co.ltd","isPartOf":{"@id":"https:\/\/vilight.vn\/website\/#website"},"primaryImageOfPage":{"@id":"https:\/\/vilight.vn\/website\/san-pham\/den-led-pixel\/den-led-vl-g16\/#primaryimage"},"image":{"@id":"https:\/\/vilight.vn\/website\/san-pham\/den-led-pixel\/den-led-vl-g16\/#primaryimage"},"thumbnailUrl":"https:\/\/vilight.vn\/website\/wp-content\/uploads\/2021\/07\/G16.jpg","datePublished":"2021-07-02T04:26:05+00:00","dateModified":"2023-08-22T03:33:46+00:00","description":"\u0110\u00e8n Led VL-G16 \u0111\u01b0\u1ee3c l\u00e0m b\u1eb1ng \u0111\u00e8n LED \u0111\u1ed9 s\u00e1ng cao SMD5050 RGB v\u1edbi g\u00f3c nh\u00ecn l\u1edbn. S\u1eed d\u1ee5ng chip TaiWan Epistar, v\u1edbi \u0111\u1ed9 s\u00e1ng cao, m\u00e0u s\u00e1ng nh\u1ea5t qu\u00e1n,","breadcrumb":{"@id":"https:\/\/vilight.vn\/website\/san-pham\/den-led-pixel\/den-led-vl-g16\/#breadcrumb"},"inLanguage":"vi","potentialAction":[{"@type":"ReadAction","target":["https:\/\/vilight.vn\/website\/san-pham\/den-led-pixel\/den-led-vl-g16\/"]}]},{"@type":"ImageObject","inLanguage":"vi","@id":"https:\/\/vilight.vn\/website\/san-pham\/den-led-pixel\/den-led-vl-g16\/#primaryimage","url":"https:\/\/vilight.vn\/website\/wp-content\/uploads\/2021\/07\/G16.jpg","contentUrl":"https:\/\/vilight.vn\/website\/wp-content\/uploads\/2021\/07\/G16.jpg","width":600,"height":565,"caption":"\u0110\u00e8n Led VL-G16"},{"@type":"BreadcrumbList","@id":"https:\/\/vilight.vn\/website\/san-pham\/den-led-pixel\/den-led-vl-g16\/#breadcrumb","itemListElement":[{"@type":"ListItem","position":1,"name":"Home","item":"https:\/\/vilight.vn\/website\/"},{"@type":"ListItem","position":2,"name":"store","item":"https:\/\/vilight.vn\/website\/store\/"},{"@type":"ListItem","position":3,"name":"\u0110\u00e8n Led VL-G16"}]},{"@type":"WebSite","@id":"https:\/\/vilight.vn\/website\/#website","url":"https:\/\/vilight.vn\/website\/","name":"Vilight Co.ltd","description":"Chi\u1ebfu s\u00e1ng m\u1ef9 thu\u1eadt, chi\u1ebfu s\u00e1ng th\u00f4ng minh, LED Pixel 3D, chi\u1ebfu s\u00e1ng trang tr\u00ed \u0111\u00f4 th\u1ecb, chi\u1ebfu s\u00e1ng v\u00f2ng xoay, chi\u1ebfu s\u00e1ng \u0111\u1ea3o giao th\u00f4ng, c\u1ed5ng ch\u00e0o \u0111\u00f4 th\u1ecb","publisher":{"@id":"https:\/\/vilight.vn\/website\/#organization"},"potentialAction":[{"@type":"SearchAction","target":{"@type":"EntryPoint","urlTemplate":"https:\/\/vilight.vn\/website\/?s={search_term_string}"},"query-input":{"@type":"PropertyValueSpecification","valueRequired":true,"valueName":"search_term_string"}}],"inLanguage":"vi"},{"@type":"Organization","@id":"https:\/\/vilight.vn\/website\/#organization","name":"Vilight","url":"https:\/\/vilight.vn\/website\/","logo":{"@type":"ImageObject","inLanguage":"vi","@id":"https:\/\/vilight.vn\/website\/#\/schema\/logo\/image\/","url":"https:\/\/vilight.vn\/website\/wp-content\/uploads\/2022\/05\/chieu_sang_trang_tri_do_thi_bang_den_led_pixel.png","contentUrl":"https:\/\/vilight.vn\/website\/wp-content\/uploads\/2022\/05\/chieu_sang_trang_tri_do_thi_bang_den_led_pixel.png","width":800,"height":427,"caption":"Vilight"},"image":{"@id":"https:\/\/vilight.vn\/website\/#\/schema\/logo\/image\/"},"sameAs":["http:\/\/facebook.com\/vilight.vn","https:\/\/www.linkedin.com\/company\/vilight-vn","https:\/\/www.youtube.com\/channel\/UCEwR2naeDcuarMX1kSv_rLQ\/videos"]}]},"product_brand":"\u0110\u00e8n LED Pixel","product_price_currency":"VND","og_availability":"instock","product_availability":"instock","product_condition":"new"},"_links":{"self":[{"href":"https:\/\/vilight.vn\/website\/wp-json\/wp\/v2\/product\/1788","targetHints":{"allow":["GET"]}}],"collection":[{"href":"https:\/\/vilight.vn\/website\/wp-json\/wp\/v2\/product"}],"about":[{"href":"https:\/\/vilight.vn\/website\/wp-json\/wp\/v2\/types\/product"}],"wp:featuredmedia":[{"embeddable":true,"href":"https:\/\/vilight.vn\/website\/wp-json\/wp\/v2\/media\/1789"}],"wp:attachment":[{"href":"https:\/\/vilight.vn\/website\/wp-json\/wp\/v2\/media?parent=1788"}],"wp:term":[{"taxonomy":"product_brand","embeddable":true,"href":"https:\/\/vilight.vn\/website\/wp-json\/wp\/v2\/product_brand?post=1788"},{"taxonomy":"product_cat","embeddable":true,"href":"https:\/\/vilight.vn\/website\/wp-json\/wp\/v2\/product_cat?post=1788"},{"taxonomy":"product_tag","embeddable":true,"href":"https:\/\/vilight.vn\/website\/wp-json\/wp\/v2\/product_tag?post=1788"}],"curies":[{"name":"wp","href":"https:\/\/api.w.org\/{rel}","templated":true}]}}