{"id":1791,"date":"2021-07-02T11:26:50","date_gmt":"2021-07-02T04:26:50","guid":{"rendered":"https:\/\/vilight.vn\/website\/?post_type=product&#038;p=1791"},"modified":"2023-08-22T10:33:24","modified_gmt":"2023-08-22T03:33:24","slug":"den-led-vl-g20","status":"publish","type":"product","link":"https:\/\/vilight.vn\/website\/san-pham\/den-led-pixel\/trang-tri\/g-series\/den-led-vl-g20\/","title":{"rendered":"\u0110\u00e8n Led VL-G20"},"content":{"rendered":"<h2 style=\"text-align: justify;\"><span style=\"font-size: 18pt;\">\u0110\u00e8n Led VL-G20: S\u1ef1 l\u1ef1a ch\u1ecdn t\u1ed1i \u01b0u cho \u00e1nh s\u00e1ng s\u00e1ng t\u1ea1o<\/span><\/h2>\n<p style=\"text-align: justify;\"><span style=\"font-size: 14pt;\">B\u1ea1n \u0111ang t\u00ecm ki\u1ebfm m\u1ed9t gi\u1ea3i ph\u00e1p \u00e1nh s\u00e1ng \u0111\u1ed9c \u0111\u00e1o v\u00e0 hi\u1ec7u qu\u1ea3 cho d\u1ef1 \u00e1n c\u1ee7a m\u00ecnh? \u0110\u00e8n Led -G20 ch\u00ednh l\u00e0 s\u1ea3n ph\u1ea9m ho\u00e0n h\u1ea3o m\u00e0 b\u1ea1n \u0111ang t\u00ecm ki\u1ebfm. V\u1edbi s\u1ef1 k\u1ebft h\u1ee3p \u0111\u1ed9c \u0111\u00e1o gi\u1eefa c\u00f4ng ngh\u1ec7 v\u00e0 thi\u1ebft k\u1ebf th\u00f4ng minh, \u0111\u00e8n Led -G20 mang \u0111\u1ebfn cho b\u1ea1n m\u1ed9t tr\u1ea3i nghi\u1ec7m \u00e1nh s\u00e1ng tuy\u1ec7t v\u1eddi.<\/span><\/p>\n<p style=\"text-align: justify;\"><span style=\"font-size: 14pt;\">S\u1ea3n ph\u1ea9m n\u00e0y s\u1eed d\u1ee5ng c\u00e1c h\u1ea1t \u0111\u00e8n SMD5050 RGB v\u1edbi \u0111\u1ed9 s\u00e1ng cao v\u00e0 g\u00f3c ph\u00e1t s\u00e1ng r\u1ed9ng, gi\u00fap ph\u00e2n b\u1ed1 \u00e1nh s\u00e1ng \u0111\u1ed3ng \u0111\u1ec1u v\u00e0 m\u1ea1nh m\u1ebd. \u0110i\u1ec1u n\u00e0y cho ph\u00e9p \u0111\u00e8n t\u1ea1o ra c\u00e1c hi\u1ec7u \u1ee9ng \u00e1nh s\u00e1ng \u0111a d\u1ea1ng v\u00e0 t\u1ea1o n\u00ean m\u1ed9t kh\u00f4ng gian s\u1ed1ng s\u1ed1ng \u0111\u1ed9ng v\u00e0 \u1ea5n t\u01b0\u1ee3ng.<\/span><\/p>\n<p style=\"text-align: justify;\"><span style=\"font-size: 14pt;\">V\u1edbi chip LED Epistar c\u1ee7a \u0110\u00e0i Loan, \u0111\u00e8n Led -G20 mang l\u1ea1i hi\u1ec7u su\u1ea5t \u00e1nh s\u00e1ng tuy\u1ec7t v\u1eddi. Chip LED Epistar n\u1ed5i ti\u1ebfng v\u1edbi \u0111\u1ed9 tin c\u1eady v\u00e0 ch\u1ea5t l\u01b0\u1ee3ng cao, \u0111\u1ea3m b\u1ea3o \u00e1nh s\u00e1ng t\u1ed1t, m\u00e0u s\u1eafc nh\u1ea5t qu\u00e1n v\u00e0 \u0111\u1ed9 b\u00e3o h\u00f2a m\u00e0u \u1ed5n \u0111\u1ecbnh. B\u1ea1n c\u00f3 th\u1ec3 y\u00ean t\u00e2m r\u1eb1ng \u0111\u00e8n Led VL-G20 s\u1ebd gi\u1eef \u0111\u01b0\u1ee3c ch\u1ea5t l\u01b0\u1ee3ng \u00e1nh s\u00e1ng c\u1ee7a n\u00f3 trong th\u1eddi gian d\u00e0i.<\/span><\/p>\n<p style=\"text-align: justify;\"><span style=\"font-size: 14pt;\"><a href=\"https:\/\/vilight.vn\/website\/wp-content\/uploads\/2021\/07\/G20A.jpg\"><img decoding=\"async\" class=\"wp-image-1820 size-full aligncenter lazyload\" data-src=\"https:\/\/vilight.vn\/website\/wp-content\/uploads\/2021\/07\/G20A.jpg\" alt=\"\u0110\u00e8n Led VL-G20\" width=\"1200\" height=\"1438\" data-srcset=\"https:\/\/vilight.vn\/website\/wp-content\/uploads\/2021\/07\/G20A.jpg 1200w, https:\/\/vilight.vn\/website\/wp-content\/uploads\/2021\/07\/G20A-800x959.jpg 800w, https:\/\/vilight.vn\/website\/wp-content\/uploads\/2021\/07\/G20A-250x300.jpg 250w, https:\/\/vilight.vn\/website\/wp-content\/uploads\/2021\/07\/G20A-855x1024.jpg 855w, https:\/\/vilight.vn\/website\/wp-content\/uploads\/2021\/07\/G20A-768x920.jpg 768w, https:\/\/vilight.vn\/website\/wp-content\/uploads\/2021\/07\/G20A-10x12.jpg 10w, https:\/\/vilight.vn\/website\/wp-content\/uploads\/2021\/07\/G20A-122x146.jpg 122w, https:\/\/vilight.vn\/website\/wp-content\/uploads\/2021\/07\/G20A-42x50.jpg 42w, https:\/\/vilight.vn\/website\/wp-content\/uploads\/2021\/07\/G20A-63x75.jpg 63w, https:\/\/vilight.vn\/website\/wp-content\/uploads\/2021\/07\/G20A-600x719.jpg 600w\" data-sizes=\"(max-width:767px) 480px, (max-width:1200px) 100vw, 1200px\" src=\"data:image\/svg+xml;base64,PHN2ZyB3aWR0aD0iMSIgaGVpZ2h0PSIxIiB4bWxucz0iaHR0cDovL3d3dy53My5vcmcvMjAwMC9zdmciPjwvc3ZnPg==\" style=\"--smush-placeholder-width: 1200px; --smush-placeholder-aspect-ratio: 1200\/1438;\" \/><\/a><\/span><\/p>\n<p style=\"text-align: justify;\"><span style=\"font-size: 14pt;\">Thi\u1ebft k\u1ebf \u0111\u1eb7c bi\u1ec7t h\u00ecnh l\u01b0\u1ee1i l\u00ea c\u1ee7a \u0111\u00e8n Led VL-G20 l\u00e0m cho vi\u1ec7c l\u1eafp \u0111\u1eb7t tr\u1edf n\u00ean \u0111\u01a1n gi\u1ea3n v\u00e0 ti\u1ec7n l\u1ee3i h\u01a1n bao gi\u1edd h\u1ebft. B\u1ea1n ch\u1ec9 c\u1ea7n \u0111\u1ee5c l\u1ed7 v\u00e0 l\u1eafp \u0111\u1eb7t \u0111\u00e8n tr\u1ef1c ti\u1ebfp v\u00e0o ch\u1ed7 c\u1ea7n thi\u1ebft, v\u00e0 m\u1ecdi th\u1ee9 s\u1ebd tr\u1edf n\u00ean ho\u00e0n h\u1ea3o. \u0110i\u1ec1u n\u00e0y gi\u00fap ti\u1ebft ki\u1ec7m th\u1eddi gian v\u00e0 c\u00f4ng s\u1ee9c l\u1eafp \u0111\u1eb7t, \u0111\u1ed3ng th\u1eddi \u0111\u1ea3m b\u1ea3o m\u1ed9t k\u1ebft qu\u1ea3 tuy\u1ec7t v\u1eddi.<\/span><\/p>\n<p style=\"text-align: justify;\"><span style=\"font-size: 14pt;\">S\u1ea3n ph\u1ea9m \u0111\u01b0\u1ee3c \u0111\u00f3ng g\u00f3i th\u00e0nh ch\u1eadu b\u1eb1ng keo PU kh\u00f4ng d\u1ec5 n\u1ee9t v\u1ee1, mang l\u1ea1i \u0111\u1ed9 b\u1ea3o v\u1ec7 cao cho \u0111\u00e8n Led -G20. D\u00e2y v\u00e0 v\u1ecf \u0111\u00e8n \u0111\u01b0\u1ee3c l\u00e0m b\u1eb1ng v\u1eadt li\u1ec7u ch\u1ed1ng l\u1ea1nh, ch\u1ed1ng tia c\u1ef1c t\u00edm v\u00e0 ch\u1ed1ng ch\u00e1y, gi\u00fap s\u1ea3n ph\u1ea9m c\u00f3 th\u1ec3 ch\u1ecbu \u0111\u01b0\u1ee3c \u0111i\u1ec1u ki\u1ec7n th\u1eddi ti\u1ebft kh\u1eafc nghi\u1ec7t v\u00e0 s\u1eed d\u1ee5ng l\u00e2u d\u00e0i ngo\u00e0i tr\u1eddi m\u00e0 kh\u00f4ng b\u1ecb h\u01b0 h\u1ecfng.<\/span><\/p>\n<p style=\"text-align: justify;\"><span style=\"font-size: 14pt;\">\u0110\u00e8n Led VL-G20 l\u00e0 s\u1ef1 k\u1ebft h\u1ee3p ho\u00e0n h\u1ea3o gi\u1eefa hi\u1ec7u su\u1ea5t \u00e1nh s\u00e1ng v\u00e0 thi\u1ebft k\u1ebf th\u00f4ng minh. V\u1edbi t\u00ednh n\u0103ng \u0111\u1ed9 s\u00e1ng cao, m\u00e0u s\u1eafc \u0111a d\u1ea1ng v\u00e0 kh\u1ea3 n\u0103ng ch\u1ecbu \u0111\u01b0\u1ee3c c\u00e1c y\u1ebfu t\u1ed1 m\u00f4i tr\u01b0\u1eddng kh\u1eafc nghi\u1ec7t, \u0111\u00e8n Led -G20 l\u00e0 l\u1ef1a ch\u1ecdn h\u00e0ng \u0111\u1ea7u cho vi\u1ec7c s\u1eed d\u1ee5ng \u00e1nh s\u00e1ng trong c\u00e1c d\u1ef1 \u00e1n trang tr\u00ed ngo\u1ea1i th\u1ea5t, qu\u1ea3ng c\u00e1o, hay chi\u1ebfu s\u00e1ng ki\u1ebfn tr\u00fac.<\/span><\/p>\n<p style=\"text-align: justify;\"><span style=\"font-size: 14pt;\">H\u00e3y ch\u1ecdn \u0111\u00e8n Led VL-G20 \u0111\u1ec3 mang \u0111\u1ebfn m\u1ed9t kh\u00f4ng gian s\u1ed1ng s\u00e1ng t\u1ea1o v\u00e0 \u1ea5n t\u01b0\u1ee3ng.<\/span><\/p>\n<p style=\"text-align: justify;\">\n","protected":false},"excerpt":{"rendered":"<p style=\"text-align: justify;\"><span style=\"font-size: 14pt;\">\u0110\u00e8n Led VL-G20: \u0110\u1ed9 s\u00e1ng cao, m\u00e0u s\u1eafc \u0111a d\u1ea1ng, thi\u1ebft k\u1ebf th\u00f4ng minh. L\u1eafp \u0111\u1eb7t d\u1ec5 d\u00e0ng, b\u1ec1n b\u1ec9 trong \u0111i\u1ec1u ki\u1ec7n th\u1eddi ti\u1ebft kh\u1eafc nghi\u1ec7t.<\/span><\/p>\n","protected":false},"featured_media":1792,"template":"","meta":[],"product_brand":[],"product_cat":[77,313,298],"product_tag":[],"class_list":{"0":"post-1791","1":"product","2":"type-product","3":"status-publish","4":"has-post-thumbnail","6":"product_cat-den-led-pixel","7":"product_cat-trang-tri","8":"product_cat-g-series","9":"pa_chip-led-cree","10":"pa_chip-led-epistar","11":"pa_chuan-dieu-khien-ttl","12":"pa_cong-suat-0-3w","13":"pa_dien-ap-hoat-dong-dc-5v","14":"pa_do-kin-ip65","15":"pa_goc-chieu-213","17":"first","18":"instock","19":"taxable","20":"shipping-taxable","21":"product-type-simple"},"yoast_head":"<!-- This site is optimized with the Yoast SEO Premium plugin v27.4 (Yoast SEO v27.4) - https:\/\/yoast.com\/product\/yoast-seo-premium-wordpress\/ -->\n<title>\u0110\u00e8n Led VL-G20 - Vilight Co.ltd<\/title>\n<meta name=\"description\" content=\"\u0110\u00e8n Led VL-G20 s\u1eed d\u1ee5ng c\u00e1c h\u1ea1t \u0111\u00e8n \u0111\u1ee7 m\u00e0u c\u00f3 \u0111\u1ed9 s\u00e1ng cao SMD5050 RGB v\u1edbi g\u00f3c ph\u00e1t s\u00e1ng l\u1edbn. S\u1ea3n ph\u1ea9m s\u1eed d\u1ee5ng chip LED Epistar c\u1ee7a \u0110\u00e0i Loan, c\u00f3 \u0111\u1ed9 s\u00e1ng cao\" \/>\n<meta name=\"robots\" content=\"index, follow, max-snippet:-1, max-image-preview:large, max-video-preview:-1\" \/>\n<link rel=\"canonical\" href=\"https:\/\/vilight.vn\/website\/san-pham\/den-led-pixel\/trang-tri\/g-series\/den-led-vl-g20\/\" \/>\n<meta property=\"og:locale\" content=\"vi_VN\" \/>\n<meta property=\"og:type\" content=\"article\" \/>\n<meta property=\"og:title\" content=\"\u0110\u00e8n Led VL-G20\" \/>\n<meta property=\"og:description\" content=\"\u0110\u00e8n Led VL-G20: \u0110\u1ed9 s\u00e1ng cao, m\u00e0u s\u1eafc \u0111a d\u1ea1ng, thi\u1ebft k\u1ebf th\u00f4ng minh. L\u1eafp \u0111\u1eb7t d\u1ec5 d\u00e0ng, b\u1ec1n b\u1ec9 trong \u0111i\u1ec1u ki\u1ec7n th\u1eddi ti\u1ebft kh\u1eafc nghi\u1ec7t.\" \/>\n<meta property=\"og:url\" content=\"https:\/\/vilight.vn\/website\/san-pham\/den-led-pixel\/trang-tri\/g-series\/den-led-vl-g20\/\" \/>\n<meta property=\"og:site_name\" content=\"Vilight Co.ltd\" \/>\n<meta property=\"article:publisher\" content=\"http:\/\/facebook.com\/vilight.vn\" \/>\n<meta property=\"article:modified_time\" content=\"2023-08-22T03:33:24+00:00\" \/>\n<meta property=\"og:image\" content=\"https:\/\/vilight.vn\/website\/wp-content\/uploads\/2021\/07\/G20.jpg\" \/>\n\t<meta property=\"og:image:width\" content=\"600\" \/>\n\t<meta property=\"og:image:height\" content=\"600\" \/>\n\t<meta property=\"og:image:type\" content=\"image\/jpeg\" \/>\n<meta name=\"twitter:card\" content=\"summary_large_image\" \/>\n<meta name=\"twitter:label1\" content=\"Gi\u00e1\" \/>\n\t<meta name=\"twitter:data1\" content=\"\" \/>\n\t<meta name=\"twitter:label2\" content=\"Kh\u1ea3 d\u1ee5ng\" \/>\n\t<meta name=\"twitter:data2\" content=\"Trong kho\" \/>\n<script type=\"application\/ld+json\" class=\"yoast-schema-graph\">{\"@context\":\"https:\\\/\\\/schema.org\",\"@graph\":[{\"@type\":\"WebPage\",\"@id\":\"https:\\\/\\\/vilight.vn\\\/website\\\/san-pham\\\/den-led-pixel\\\/trang-tri\\\/g-series\\\/den-led-vl-g20\\\/\",\"url\":\"https:\\\/\\\/vilight.vn\\\/website\\\/san-pham\\\/den-led-pixel\\\/trang-tri\\\/g-series\\\/den-led-vl-g20\\\/\",\"name\":\"\u0110\u00e8n Led VL-G20 - Vilight Co.ltd\",\"isPartOf\":{\"@id\":\"https:\\\/\\\/vilight.vn\\\/website\\\/#website\"},\"primaryImageOfPage\":{\"@id\":\"https:\\\/\\\/vilight.vn\\\/website\\\/san-pham\\\/den-led-pixel\\\/trang-tri\\\/g-series\\\/den-led-vl-g20\\\/#primaryimage\"},\"image\":{\"@id\":\"https:\\\/\\\/vilight.vn\\\/website\\\/san-pham\\\/den-led-pixel\\\/trang-tri\\\/g-series\\\/den-led-vl-g20\\\/#primaryimage\"},\"thumbnailUrl\":\"https:\\\/\\\/vilight.vn\\\/website\\\/wp-content\\\/uploads\\\/2021\\\/07\\\/G20.jpg\",\"datePublished\":\"2021-07-02T04:26:50+00:00\",\"dateModified\":\"2023-08-22T03:33:24+00:00\",\"description\":\"\u0110\u00e8n Led VL-G20 s\u1eed d\u1ee5ng c\u00e1c h\u1ea1t \u0111\u00e8n \u0111\u1ee7 m\u00e0u c\u00f3 \u0111\u1ed9 s\u00e1ng cao SMD5050 RGB v\u1edbi g\u00f3c ph\u00e1t s\u00e1ng l\u1edbn. S\u1ea3n ph\u1ea9m s\u1eed d\u1ee5ng chip LED Epistar c\u1ee7a \u0110\u00e0i Loan, c\u00f3 \u0111\u1ed9 s\u00e1ng cao\",\"breadcrumb\":{\"@id\":\"https:\\\/\\\/vilight.vn\\\/website\\\/san-pham\\\/den-led-pixel\\\/trang-tri\\\/g-series\\\/den-led-vl-g20\\\/#breadcrumb\"},\"inLanguage\":\"vi\",\"potentialAction\":[{\"@type\":\"ReadAction\",\"target\":[\"https:\\\/\\\/vilight.vn\\\/website\\\/san-pham\\\/den-led-pixel\\\/trang-tri\\\/g-series\\\/den-led-vl-g20\\\/\"]}]},{\"@type\":\"ImageObject\",\"inLanguage\":\"vi\",\"@id\":\"https:\\\/\\\/vilight.vn\\\/website\\\/san-pham\\\/den-led-pixel\\\/trang-tri\\\/g-series\\\/den-led-vl-g20\\\/#primaryimage\",\"url\":\"https:\\\/\\\/vilight.vn\\\/website\\\/wp-content\\\/uploads\\\/2021\\\/07\\\/G20.jpg\",\"contentUrl\":\"https:\\\/\\\/vilight.vn\\\/website\\\/wp-content\\\/uploads\\\/2021\\\/07\\\/G20.jpg\",\"width\":600,\"height\":600,\"caption\":\"\u0110\u00e8n Led VL-G20\"},{\"@type\":\"BreadcrumbList\",\"@id\":\"https:\\\/\\\/vilight.vn\\\/website\\\/san-pham\\\/den-led-pixel\\\/trang-tri\\\/g-series\\\/den-led-vl-g20\\\/#breadcrumb\",\"itemListElement\":[{\"@type\":\"ListItem\",\"position\":1,\"name\":\"Home\",\"item\":\"https:\\\/\\\/vilight.vn\\\/website\\\/\"},{\"@type\":\"ListItem\",\"position\":2,\"name\":\"store\",\"item\":\"https:\\\/\\\/vilight.vn\\\/website\\\/store\\\/\"},{\"@type\":\"ListItem\",\"position\":3,\"name\":\"\u0110\u00e8n Led VL-G20\"}]},{\"@type\":\"WebSite\",\"@id\":\"https:\\\/\\\/vilight.vn\\\/website\\\/#website\",\"url\":\"https:\\\/\\\/vilight.vn\\\/website\\\/\",\"name\":\"Vilight Co.ltd\",\"description\":\"Chi\u1ebfu s\u00e1ng m\u1ef9 thu\u1eadt, chi\u1ebfu s\u00e1ng th\u00f4ng minh, LED Pixel 3D, chi\u1ebfu s\u00e1ng trang tr\u00ed \u0111\u00f4 th\u1ecb, chi\u1ebfu s\u00e1ng v\u00f2ng xoay, chi\u1ebfu s\u00e1ng \u0111\u1ea3o giao th\u00f4ng, c\u1ed5ng ch\u00e0o \u0111\u00f4 th\u1ecb\",\"publisher\":{\"@id\":\"https:\\\/\\\/vilight.vn\\\/website\\\/#organization\"},\"potentialAction\":[{\"@type\":\"SearchAction\",\"target\":{\"@type\":\"EntryPoint\",\"urlTemplate\":\"https:\\\/\\\/vilight.vn\\\/website\\\/?s={search_term_string}\"},\"query-input\":{\"@type\":\"PropertyValueSpecification\",\"valueRequired\":true,\"valueName\":\"search_term_string\"}}],\"inLanguage\":\"vi\"},{\"@type\":\"Organization\",\"@id\":\"https:\\\/\\\/vilight.vn\\\/website\\\/#organization\",\"name\":\"Vilight\",\"url\":\"https:\\\/\\\/vilight.vn\\\/website\\\/\",\"logo\":{\"@type\":\"ImageObject\",\"inLanguage\":\"vi\",\"@id\":\"https:\\\/\\\/vilight.vn\\\/website\\\/#\\\/schema\\\/logo\\\/image\\\/\",\"url\":\"https:\\\/\\\/vilight.vn\\\/website\\\/wp-content\\\/uploads\\\/2022\\\/05\\\/chieu_sang_trang_tri_do_thi_bang_den_led_pixel.png\",\"contentUrl\":\"https:\\\/\\\/vilight.vn\\\/website\\\/wp-content\\\/uploads\\\/2022\\\/05\\\/chieu_sang_trang_tri_do_thi_bang_den_led_pixel.png\",\"width\":800,\"height\":427,\"caption\":\"Vilight\"},\"image\":{\"@id\":\"https:\\\/\\\/vilight.vn\\\/website\\\/#\\\/schema\\\/logo\\\/image\\\/\"},\"sameAs\":[\"http:\\\/\\\/facebook.com\\\/vilight.vn\",\"https:\\\/\\\/www.linkedin.com\\\/company\\\/vilight-vn\",\"https:\\\/\\\/www.youtube.com\\\/channel\\\/UCEwR2naeDcuarMX1kSv_rLQ\\\/videos\"]}]}<\/script>\n<meta property=\"product:brand\" content=\"G Series\" \/>\n<meta property=\"product:price:currency\" content=\"VND\" \/>\n<meta property=\"og:availability\" content=\"instock\" \/>\n<meta property=\"product:availability\" content=\"instock\" \/>\n<meta property=\"product:condition\" content=\"new\" \/>\n<!-- \/ Yoast SEO Premium plugin. -->","yoast_head_json":{"title":"\u0110\u00e8n Led VL-G20 - Vilight Co.ltd","description":"\u0110\u00e8n Led VL-G20 s\u1eed d\u1ee5ng c\u00e1c h\u1ea1t \u0111\u00e8n \u0111\u1ee7 m\u00e0u c\u00f3 \u0111\u1ed9 s\u00e1ng cao SMD5050 RGB v\u1edbi g\u00f3c ph\u00e1t s\u00e1ng l\u1edbn. S\u1ea3n ph\u1ea9m s\u1eed d\u1ee5ng chip LED Epistar c\u1ee7a \u0110\u00e0i Loan, c\u00f3 \u0111\u1ed9 s\u00e1ng cao","robots":{"index":"index","follow":"follow","max-snippet":"max-snippet:-1","max-image-preview":"max-image-preview:large","max-video-preview":"max-video-preview:-1"},"canonical":"https:\/\/vilight.vn\/website\/san-pham\/den-led-pixel\/trang-tri\/g-series\/den-led-vl-g20\/","og_locale":"vi_VN","og_type":"article","og_title":"\u0110\u00e8n Led VL-G20","og_description":"\u0110\u00e8n Led VL-G20: \u0110\u1ed9 s\u00e1ng cao, m\u00e0u s\u1eafc \u0111a d\u1ea1ng, thi\u1ebft k\u1ebf th\u00f4ng minh. L\u1eafp \u0111\u1eb7t d\u1ec5 d\u00e0ng, b\u1ec1n b\u1ec9 trong \u0111i\u1ec1u ki\u1ec7n th\u1eddi ti\u1ebft kh\u1eafc nghi\u1ec7t.","og_url":"https:\/\/vilight.vn\/website\/san-pham\/den-led-pixel\/trang-tri\/g-series\/den-led-vl-g20\/","og_site_name":"Vilight Co.ltd","article_publisher":"http:\/\/facebook.com\/vilight.vn","article_modified_time":"2023-08-22T03:33:24+00:00","og_image":[{"width":600,"height":600,"url":"https:\/\/vilight.vn\/website\/wp-content\/uploads\/2021\/07\/G20.jpg","type":"image\/jpeg"}],"twitter_card":"summary_large_image","twitter_misc":{"Gi\u00e1":"","Kh\u1ea3 d\u1ee5ng":"Trong kho"},"schema":{"@context":"https:\/\/schema.org","@graph":[{"@type":"WebPage","@id":"https:\/\/vilight.vn\/website\/san-pham\/den-led-pixel\/trang-tri\/g-series\/den-led-vl-g20\/","url":"https:\/\/vilight.vn\/website\/san-pham\/den-led-pixel\/trang-tri\/g-series\/den-led-vl-g20\/","name":"\u0110\u00e8n Led VL-G20 - Vilight Co.ltd","isPartOf":{"@id":"https:\/\/vilight.vn\/website\/#website"},"primaryImageOfPage":{"@id":"https:\/\/vilight.vn\/website\/san-pham\/den-led-pixel\/trang-tri\/g-series\/den-led-vl-g20\/#primaryimage"},"image":{"@id":"https:\/\/vilight.vn\/website\/san-pham\/den-led-pixel\/trang-tri\/g-series\/den-led-vl-g20\/#primaryimage"},"thumbnailUrl":"https:\/\/vilight.vn\/website\/wp-content\/uploads\/2021\/07\/G20.jpg","datePublished":"2021-07-02T04:26:50+00:00","dateModified":"2023-08-22T03:33:24+00:00","description":"\u0110\u00e8n Led VL-G20 s\u1eed d\u1ee5ng c\u00e1c h\u1ea1t \u0111\u00e8n \u0111\u1ee7 m\u00e0u c\u00f3 \u0111\u1ed9 s\u00e1ng cao SMD5050 RGB v\u1edbi g\u00f3c ph\u00e1t s\u00e1ng l\u1edbn. S\u1ea3n ph\u1ea9m s\u1eed d\u1ee5ng chip LED Epistar c\u1ee7a \u0110\u00e0i Loan, c\u00f3 \u0111\u1ed9 s\u00e1ng cao","breadcrumb":{"@id":"https:\/\/vilight.vn\/website\/san-pham\/den-led-pixel\/trang-tri\/g-series\/den-led-vl-g20\/#breadcrumb"},"inLanguage":"vi","potentialAction":[{"@type":"ReadAction","target":["https:\/\/vilight.vn\/website\/san-pham\/den-led-pixel\/trang-tri\/g-series\/den-led-vl-g20\/"]}]},{"@type":"ImageObject","inLanguage":"vi","@id":"https:\/\/vilight.vn\/website\/san-pham\/den-led-pixel\/trang-tri\/g-series\/den-led-vl-g20\/#primaryimage","url":"https:\/\/vilight.vn\/website\/wp-content\/uploads\/2021\/07\/G20.jpg","contentUrl":"https:\/\/vilight.vn\/website\/wp-content\/uploads\/2021\/07\/G20.jpg","width":600,"height":600,"caption":"\u0110\u00e8n Led VL-G20"},{"@type":"BreadcrumbList","@id":"https:\/\/vilight.vn\/website\/san-pham\/den-led-pixel\/trang-tri\/g-series\/den-led-vl-g20\/#breadcrumb","itemListElement":[{"@type":"ListItem","position":1,"name":"Home","item":"https:\/\/vilight.vn\/website\/"},{"@type":"ListItem","position":2,"name":"store","item":"https:\/\/vilight.vn\/website\/store\/"},{"@type":"ListItem","position":3,"name":"\u0110\u00e8n Led VL-G20"}]},{"@type":"WebSite","@id":"https:\/\/vilight.vn\/website\/#website","url":"https:\/\/vilight.vn\/website\/","name":"Vilight Co.ltd","description":"Chi\u1ebfu s\u00e1ng m\u1ef9 thu\u1eadt, chi\u1ebfu s\u00e1ng th\u00f4ng minh, LED Pixel 3D, chi\u1ebfu s\u00e1ng trang tr\u00ed \u0111\u00f4 th\u1ecb, chi\u1ebfu s\u00e1ng v\u00f2ng xoay, chi\u1ebfu s\u00e1ng \u0111\u1ea3o giao th\u00f4ng, c\u1ed5ng ch\u00e0o \u0111\u00f4 th\u1ecb","publisher":{"@id":"https:\/\/vilight.vn\/website\/#organization"},"potentialAction":[{"@type":"SearchAction","target":{"@type":"EntryPoint","urlTemplate":"https:\/\/vilight.vn\/website\/?s={search_term_string}"},"query-input":{"@type":"PropertyValueSpecification","valueRequired":true,"valueName":"search_term_string"}}],"inLanguage":"vi"},{"@type":"Organization","@id":"https:\/\/vilight.vn\/website\/#organization","name":"Vilight","url":"https:\/\/vilight.vn\/website\/","logo":{"@type":"ImageObject","inLanguage":"vi","@id":"https:\/\/vilight.vn\/website\/#\/schema\/logo\/image\/","url":"https:\/\/vilight.vn\/website\/wp-content\/uploads\/2022\/05\/chieu_sang_trang_tri_do_thi_bang_den_led_pixel.png","contentUrl":"https:\/\/vilight.vn\/website\/wp-content\/uploads\/2022\/05\/chieu_sang_trang_tri_do_thi_bang_den_led_pixel.png","width":800,"height":427,"caption":"Vilight"},"image":{"@id":"https:\/\/vilight.vn\/website\/#\/schema\/logo\/image\/"},"sameAs":["http:\/\/facebook.com\/vilight.vn","https:\/\/www.linkedin.com\/company\/vilight-vn","https:\/\/www.youtube.com\/channel\/UCEwR2naeDcuarMX1kSv_rLQ\/videos"]}]},"product_brand":"G Series","product_price_currency":"VND","og_availability":"instock","product_availability":"instock","product_condition":"new"},"_links":{"self":[{"href":"https:\/\/vilight.vn\/website\/wp-json\/wp\/v2\/product\/1791","targetHints":{"allow":["GET"]}}],"collection":[{"href":"https:\/\/vilight.vn\/website\/wp-json\/wp\/v2\/product"}],"about":[{"href":"https:\/\/vilight.vn\/website\/wp-json\/wp\/v2\/types\/product"}],"wp:featuredmedia":[{"embeddable":true,"href":"https:\/\/vilight.vn\/website\/wp-json\/wp\/v2\/media\/1792"}],"wp:attachment":[{"href":"https:\/\/vilight.vn\/website\/wp-json\/wp\/v2\/media?parent=1791"}],"wp:term":[{"taxonomy":"product_brand","embeddable":true,"href":"https:\/\/vilight.vn\/website\/wp-json\/wp\/v2\/product_brand?post=1791"},{"taxonomy":"product_cat","embeddable":true,"href":"https:\/\/vilight.vn\/website\/wp-json\/wp\/v2\/product_cat?post=1791"},{"taxonomy":"product_tag","embeddable":true,"href":"https:\/\/vilight.vn\/website\/wp-json\/wp\/v2\/product_tag?post=1791"}],"curies":[{"name":"wp","href":"https:\/\/api.w.org\/{rel}","templated":true}]}}