{"id":1793,"date":"2021-07-02T11:27:42","date_gmt":"2021-07-02T04:27:42","guid":{"rendered":"https:\/\/vilight.vn\/website\/?post_type=product&#038;p=1793"},"modified":"2023-08-22T10:33:51","modified_gmt":"2023-08-22T03:33:51","slug":"den-led-vl-g26","status":"publish","type":"product","link":"https:\/\/vilight.vn\/website\/san-pham\/den-led-pixel\/trang-tri\/g-series\/den-led-vl-g26\/","title":{"rendered":"\u0110\u00e8n Led VL-G26"},"content":{"rendered":"<h2 style=\"text-align: justify;\"><span style=\"font-size: 18pt;\">Gi\u1edbi thi\u1ec7u s\u1ea3n ph\u1ea9m \u0110\u00e8n Led VL-G26<\/span><\/h2>\n<p style=\"text-align: justify;\"><span style=\"font-size: 14pt;\">\u0110\u00e8n Led VL-G26 s\u1eed d\u1ee5ng c\u00f4ng ngh\u1ec7 \u0111\u00e8n LED SMD5050 RGB, cho \u0111\u1ed9 s\u00e1ng cao v\u00e0 m\u00e0u s\u1eafc r\u1ef1c r\u1ee1. \u0110i\u1ec1u n\u00e0y \u0111\u1ea3m b\u1ea3o b\u1ea1n nh\u00ecn th\u1ea5y \u00e1nh s\u00e1ng s\u1eafc n\u00e9t v\u00e0 r\u00f5 r\u00e0ng, ngay c\u1ea3 \u1edf g\u00f3c nh\u00ecn l\u1edbn. \u0110\u00e8n n\u00e0y s\u1eed d\u1ee5ng chip TaiWan Epistar &#8211; m\u1ed9t th\u01b0\u01a1ng hi\u1ec7u n\u1ed5i ti\u1ebfng trong ng\u00e0nh LED, mang \u0111\u1ebfn hi\u1ec7u su\u1ea5t \u00e1nh s\u00e1ng \u01b0u vi\u1ec7t, \u0111\u1ed9 b\u1ec1n cao v\u00e0 m\u00e0u s\u1eafc \u0111\u1ed3ng nh\u1ea5t. Ngo\u00e0i ra, \u0111\u00e8n c\u0169ng c\u00f3 \u0111\u1ed9 \u1ed5n \u0111\u1ecbnh cao, gi\u00fap duy tr\u00ec m\u00e0u s\u1eafc v\u00e0 \u0111\u1ed9 s\u00e1ng \u1ed5n \u0111\u1ecbnh trong th\u1eddi gian d\u00e0i s\u1eed d\u1ee5ng.<\/span><\/p>\n<p style=\"text-align: justify;\"><span style=\"font-size: 14pt;\">V\u1edbi c\u1ea5u tr\u00fac kh\u1edbp n\u1ed1i \u0111\u1eb7c bi\u1ec7t, \u0111\u00e8n Led -G26 d\u1ec5 d\u00e0ng l\u1eafp \u0111\u1eb7t tr\u00ean m\u1ecdi lo\u1ea1i v\u00e1n. B\u1ea1n c\u00f3 th\u1ec3 l\u1eafp \u0111\u1eb7t tr\u1ef1c ti\u1ebfp sau khi \u0111\u00e0o h\u1ed1 m\u00e0 kh\u00f4ng g\u1eb7p b\u1ea5t k\u1ef3 kh\u00f3 kh\u0103n n\u00e0o. Qu\u00e1 tr\u00ecnh l\u1eafp \u0111\u1eb7t nhanh ch\u00f3ng v\u00e0 ti\u1ec7n l\u1ee3i, gi\u00fap ti\u1ebft ki\u1ec7m th\u1eddi gian v\u00e0 c\u00f4ng s\u1ee9c.<\/span><\/p>\n<p style=\"text-align: justify;\"><span style=\"font-size: 14pt;\"><a href=\"https:\/\/vilight.vn\/website\/wp-content\/uploads\/2021\/07\/G26-TT.jpg\"><img decoding=\"async\" class=\"wp-image-1823 size-full aligncenter lazyload\" data-src=\"https:\/\/vilight.vn\/website\/wp-content\/uploads\/2021\/07\/G26-TT.jpg\" alt=\"\u0110\u00e8n Led VL-G26\" width=\"1200\" height=\"1422\" data-srcset=\"https:\/\/vilight.vn\/website\/wp-content\/uploads\/2021\/07\/G26-TT.jpg 1200w, https:\/\/vilight.vn\/website\/wp-content\/uploads\/2021\/07\/G26-TT-800x948.jpg 800w, https:\/\/vilight.vn\/website\/wp-content\/uploads\/2021\/07\/G26-TT-253x300.jpg 253w, https:\/\/vilight.vn\/website\/wp-content\/uploads\/2021\/07\/G26-TT-864x1024.jpg 864w, https:\/\/vilight.vn\/website\/wp-content\/uploads\/2021\/07\/G26-TT-768x910.jpg 768w, https:\/\/vilight.vn\/website\/wp-content\/uploads\/2021\/07\/G26-TT-10x12.jpg 10w, https:\/\/vilight.vn\/website\/wp-content\/uploads\/2021\/07\/G26-TT-123x146.jpg 123w, https:\/\/vilight.vn\/website\/wp-content\/uploads\/2021\/07\/G26-TT-42x50.jpg 42w, https:\/\/vilight.vn\/website\/wp-content\/uploads\/2021\/07\/G26-TT-63x75.jpg 63w, https:\/\/vilight.vn\/website\/wp-content\/uploads\/2021\/07\/G26-TT-600x711.jpg 600w\" data-sizes=\"(max-width:767px) 480px, (max-width:1200px) 100vw, 1200px\" src=\"data:image\/svg+xml;base64,PHN2ZyB3aWR0aD0iMSIgaGVpZ2h0PSIxIiB4bWxucz0iaHR0cDovL3d3dy53My5vcmcvMjAwMC9zdmciPjwvc3ZnPg==\" style=\"--smush-placeholder-width: 1200px; --smush-placeholder-aspect-ratio: 1200\/1422;\" \/><\/a><\/span><\/p>\n<p style=\"text-align: justify;\"><span style=\"font-size: 14pt;\">V\u1edbi l\u1edbp keo PU k\u00edn, \u0111\u00e8n Led VL-G26 kh\u00f4ng d\u1ec5 n\u1ee9t v\u00e0 c\u00f3 kh\u1ea3 n\u0103ng ch\u1ed1ng th\u1ea5m t\u1ed1t. \u0110i\u1ec1u n\u00e0y \u0111\u1ea3m b\u1ea3o r\u1eb1ng \u0111\u00e8n s\u1ebd ho\u1ea1t \u0111\u1ed9ng \u1ed5n \u0111\u1ecbnh trong m\u1ecdi \u0111i\u1ec1u ki\u1ec7n th\u1eddi ti\u1ebft v\u00e0 m\u00f4i tr\u01b0\u1eddng.<\/span><\/p>\n<p style=\"text-align: justify;\"><span style=\"font-size: 14pt;\">\u0110\u00e8n Led VL-G26 c\u0169ng \u0111\u01b0\u1ee3c thi\u1ebft k\u1ebf v\u1edbi c\u00e1p v\u00e0 v\u1ecf \u0111\u01b0\u1ee3c s\u1eed d\u1ee5ng v\u1eadt li\u1ec7u ch\u1ed1ng ch\u00e1y, \u0111\u1ea3m b\u1ea3o an to\u00e0n t\u1ed1i \u0111a khi s\u1eed d\u1ee5ng. B\u1ea1n c\u00f3 th\u1ec3 y\u00ean t\u00e2m v\u1ec1 t\u00ednh an to\u00e0n c\u1ee7a s\u1ea3n ph\u1ea9m n\u00e0y trong qu\u00e1 tr\u00ecnh s\u1eed d\u1ee5ng.<\/span><\/p>\n<p style=\"text-align: justify;\"><span style=\"font-size: 14pt;\">T\u00f3m l\u1ea1i, \u0111\u00e8n Led VL-G26 l\u00e0 m\u1ed9t l\u1ef1a ch\u1ecdn tuy\u1ec7t v\u1eddi \u0111\u1ec3 \u00e1nh s\u00e1ng v\u00e0 trang tr\u00ed. V\u1edbi \u0111\u1ed9 s\u00e1ng cao, m\u00e0u s\u1eafc r\u1ef1c r\u1ee1 v\u00e0 c\u00e1c t\u00ednh n\u0103ng \u0111\u00e1ng tin c\u1eady, n\u00f3 s\u1ebd mang l\u1ea1i cho b\u1ea1n m\u1ed9t tr\u1ea3i nghi\u1ec7m \u00e1nh s\u00e1ng tuy\u1ec7t v\u1eddi v\u00e0 t\u1ea1o \u0111i\u1ec3m nh\u1ea5n \u0111\u1eb7c bi\u1ec7t cho kh\u00f4ng gian c\u1ee7a b\u1ea1n.<\/span><\/p>\n","protected":false},"excerpt":{"rendered":"<p style=\"text-align: justify;\"><span style=\"font-size: 14pt;\">\u0110\u00e8n Led VL-G26 &#8211; S\u1ef1 l\u1ef1a ch\u1ecdn ho\u00e0n h\u1ea3o cho \u00e1nh s\u00e1ng s\u00e1ng t\u1ea1o! V\u1edbi c\u00f4ng ngh\u1ec7 LED SMD5050 RGB, \u0111\u1ed9 s\u00e1ng cao v\u00e0 m\u00e0u s\u1eafc t\u01b0\u01a1i s\u00e1ng, \u0111\u00e8n n\u00e0y mang \u0111\u1ebfn \u00e1nh s\u00e1ng r\u1ef1c r\u1ee1 v\u1edbi g\u00f3c nh\u00ecn l\u1edbn. V\u1edbi c\u1ea5u tr\u00fac l\u1eafp \u0111\u1eb7t d\u1ec5 d\u00e0ng, ch\u1ed1ng n\u1ee9t v\u00e0 ch\u1ed1ng th\u1ea5m cao c\u1ea5p<\/span><\/p>\n","protected":false},"featured_media":1794,"template":"","meta":[],"product_brand":[],"product_cat":[77,313,298],"product_tag":[],"class_list":{"0":"post-1793","1":"product","2":"type-product","3":"status-publish","4":"has-post-thumbnail","6":"product_cat-den-led-pixel","7":"product_cat-trang-tri","8":"product_cat-g-series","9":"pa_chip-led-cree","10":"pa_chip-led-epistar","11":"pa_chuan-dieu-khien-ttl","12":"pa_cong-suat-0-72w","13":"pa_dien-ap-hoat-dong-12v","14":"pa_do-kin-ip65","15":"pa_goc-chieu-213","17":"first","18":"instock","19":"taxable","20":"shipping-taxable","21":"product-type-simple"},"yoast_head":"<!-- This site is optimized with the Yoast SEO Premium plugin v27.4 (Yoast SEO v27.4) - https:\/\/yoast.com\/product\/yoast-seo-premium-wordpress\/ -->\n<title>\u0110\u00e8n Led VL-G26 - Vilight Co.ltd<\/title>\n<meta name=\"description\" content=\"\u0110\u00e8n Led VL-G26 \u0111\u01b0\u1ee3c l\u00e0m b\u1eb1ng \u0111\u00e8n LED \u0111\u1ed9 s\u00e1ng cao SMD5050 RGB v\u1edbi g\u00f3c nh\u00ecn l\u1edbn. S\u1eed d\u1ee5ng chip TaiWan Epistar, v\u1edbi \u0111\u1ed9 s\u00e1ng cao, m\u00e0u s\u00e1ng nh\u1ea5t qu\u00e1n\" \/>\n<meta name=\"robots\" content=\"index, follow, max-snippet:-1, max-image-preview:large, max-video-preview:-1\" \/>\n<link rel=\"canonical\" href=\"https:\/\/vilight.vn\/website\/san-pham\/den-led-pixel\/trang-tri\/g-series\/den-led-vl-g26\/\" \/>\n<meta property=\"og:locale\" content=\"vi_VN\" \/>\n<meta property=\"og:type\" content=\"article\" \/>\n<meta property=\"og:title\" content=\"\u0110\u00e8n Led VL-G26\" \/>\n<meta property=\"og:description\" content=\"\u0110\u00e8n Led VL-G26 - S\u1ef1 l\u1ef1a ch\u1ecdn ho\u00e0n h\u1ea3o cho \u00e1nh s\u00e1ng s\u00e1ng t\u1ea1o! V\u1edbi c\u00f4ng ngh\u1ec7 LED SMD5050 RGB, \u0111\u1ed9 s\u00e1ng cao v\u00e0 m\u00e0u s\u1eafc t\u01b0\u01a1i s\u00e1ng, \u0111\u00e8n n\u00e0y mang \u0111\u1ebfn \u00e1nh s\u00e1ng r\u1ef1c r\u1ee1 v\u1edbi g\u00f3c nh\u00ecn l\u1edbn. V\u1edbi c\u1ea5u tr\u00fac l\u1eafp \u0111\u1eb7t d\u1ec5 d\u00e0ng, ch\u1ed1ng n\u1ee9t v\u00e0 ch\u1ed1ng th\u1ea5m cao c\u1ea5p\" \/>\n<meta property=\"og:url\" content=\"https:\/\/vilight.vn\/website\/san-pham\/den-led-pixel\/trang-tri\/g-series\/den-led-vl-g26\/\" \/>\n<meta property=\"og:site_name\" content=\"Vilight Co.ltd\" \/>\n<meta property=\"article:publisher\" content=\"http:\/\/facebook.com\/vilight.vn\" \/>\n<meta property=\"article:modified_time\" content=\"2023-08-22T03:33:51+00:00\" \/>\n<meta property=\"og:image\" content=\"https:\/\/vilight.vn\/website\/wp-content\/uploads\/2021\/07\/G26.jpg\" \/>\n\t<meta property=\"og:image:width\" content=\"600\" \/>\n\t<meta property=\"og:image:height\" content=\"600\" \/>\n\t<meta property=\"og:image:type\" content=\"image\/jpeg\" \/>\n<meta name=\"twitter:card\" content=\"summary_large_image\" \/>\n<meta name=\"twitter:label1\" content=\"Gi\u00e1\" \/>\n\t<meta name=\"twitter:data1\" content=\"\" \/>\n\t<meta name=\"twitter:label2\" content=\"Kh\u1ea3 d\u1ee5ng\" \/>\n\t<meta name=\"twitter:data2\" content=\"Trong kho\" \/>\n<script type=\"application\/ld+json\" class=\"yoast-schema-graph\">{\"@context\":\"https:\\\/\\\/schema.org\",\"@graph\":[{\"@type\":\"WebPage\",\"@id\":\"https:\\\/\\\/vilight.vn\\\/website\\\/san-pham\\\/den-led-pixel\\\/trang-tri\\\/g-series\\\/den-led-vl-g26\\\/\",\"url\":\"https:\\\/\\\/vilight.vn\\\/website\\\/san-pham\\\/den-led-pixel\\\/trang-tri\\\/g-series\\\/den-led-vl-g26\\\/\",\"name\":\"\u0110\u00e8n Led VL-G26 - Vilight Co.ltd\",\"isPartOf\":{\"@id\":\"https:\\\/\\\/vilight.vn\\\/website\\\/#website\"},\"primaryImageOfPage\":{\"@id\":\"https:\\\/\\\/vilight.vn\\\/website\\\/san-pham\\\/den-led-pixel\\\/trang-tri\\\/g-series\\\/den-led-vl-g26\\\/#primaryimage\"},\"image\":{\"@id\":\"https:\\\/\\\/vilight.vn\\\/website\\\/san-pham\\\/den-led-pixel\\\/trang-tri\\\/g-series\\\/den-led-vl-g26\\\/#primaryimage\"},\"thumbnailUrl\":\"https:\\\/\\\/vilight.vn\\\/website\\\/wp-content\\\/uploads\\\/2021\\\/07\\\/G26.jpg\",\"datePublished\":\"2021-07-02T04:27:42+00:00\",\"dateModified\":\"2023-08-22T03:33:51+00:00\",\"description\":\"\u0110\u00e8n Led VL-G26 \u0111\u01b0\u1ee3c l\u00e0m b\u1eb1ng \u0111\u00e8n LED \u0111\u1ed9 s\u00e1ng cao SMD5050 RGB v\u1edbi g\u00f3c nh\u00ecn l\u1edbn. S\u1eed d\u1ee5ng chip TaiWan Epistar, v\u1edbi \u0111\u1ed9 s\u00e1ng cao, m\u00e0u s\u00e1ng nh\u1ea5t qu\u00e1n\",\"breadcrumb\":{\"@id\":\"https:\\\/\\\/vilight.vn\\\/website\\\/san-pham\\\/den-led-pixel\\\/trang-tri\\\/g-series\\\/den-led-vl-g26\\\/#breadcrumb\"},\"inLanguage\":\"vi\",\"potentialAction\":[{\"@type\":\"ReadAction\",\"target\":[\"https:\\\/\\\/vilight.vn\\\/website\\\/san-pham\\\/den-led-pixel\\\/trang-tri\\\/g-series\\\/den-led-vl-g26\\\/\"]}]},{\"@type\":\"ImageObject\",\"inLanguage\":\"vi\",\"@id\":\"https:\\\/\\\/vilight.vn\\\/website\\\/san-pham\\\/den-led-pixel\\\/trang-tri\\\/g-series\\\/den-led-vl-g26\\\/#primaryimage\",\"url\":\"https:\\\/\\\/vilight.vn\\\/website\\\/wp-content\\\/uploads\\\/2021\\\/07\\\/G26.jpg\",\"contentUrl\":\"https:\\\/\\\/vilight.vn\\\/website\\\/wp-content\\\/uploads\\\/2021\\\/07\\\/G26.jpg\",\"width\":600,\"height\":600,\"caption\":\"\u0110\u00e8n Led VL-G26\"},{\"@type\":\"BreadcrumbList\",\"@id\":\"https:\\\/\\\/vilight.vn\\\/website\\\/san-pham\\\/den-led-pixel\\\/trang-tri\\\/g-series\\\/den-led-vl-g26\\\/#breadcrumb\",\"itemListElement\":[{\"@type\":\"ListItem\",\"position\":1,\"name\":\"Home\",\"item\":\"https:\\\/\\\/vilight.vn\\\/website\\\/\"},{\"@type\":\"ListItem\",\"position\":2,\"name\":\"store\",\"item\":\"https:\\\/\\\/vilight.vn\\\/website\\\/store\\\/\"},{\"@type\":\"ListItem\",\"position\":3,\"name\":\"\u0110\u00e8n Led VL-G26\"}]},{\"@type\":\"WebSite\",\"@id\":\"https:\\\/\\\/vilight.vn\\\/website\\\/#website\",\"url\":\"https:\\\/\\\/vilight.vn\\\/website\\\/\",\"name\":\"Vilight Co.ltd\",\"description\":\"Chi\u1ebfu s\u00e1ng m\u1ef9 thu\u1eadt, chi\u1ebfu s\u00e1ng th\u00f4ng minh, LED Pixel 3D, chi\u1ebfu s\u00e1ng trang tr\u00ed \u0111\u00f4 th\u1ecb, chi\u1ebfu s\u00e1ng v\u00f2ng xoay, chi\u1ebfu s\u00e1ng \u0111\u1ea3o giao th\u00f4ng, c\u1ed5ng ch\u00e0o \u0111\u00f4 th\u1ecb\",\"publisher\":{\"@id\":\"https:\\\/\\\/vilight.vn\\\/website\\\/#organization\"},\"potentialAction\":[{\"@type\":\"SearchAction\",\"target\":{\"@type\":\"EntryPoint\",\"urlTemplate\":\"https:\\\/\\\/vilight.vn\\\/website\\\/?s={search_term_string}\"},\"query-input\":{\"@type\":\"PropertyValueSpecification\",\"valueRequired\":true,\"valueName\":\"search_term_string\"}}],\"inLanguage\":\"vi\"},{\"@type\":\"Organization\",\"@id\":\"https:\\\/\\\/vilight.vn\\\/website\\\/#organization\",\"name\":\"Vilight\",\"url\":\"https:\\\/\\\/vilight.vn\\\/website\\\/\",\"logo\":{\"@type\":\"ImageObject\",\"inLanguage\":\"vi\",\"@id\":\"https:\\\/\\\/vilight.vn\\\/website\\\/#\\\/schema\\\/logo\\\/image\\\/\",\"url\":\"https:\\\/\\\/vilight.vn\\\/website\\\/wp-content\\\/uploads\\\/2022\\\/05\\\/chieu_sang_trang_tri_do_thi_bang_den_led_pixel.png\",\"contentUrl\":\"https:\\\/\\\/vilight.vn\\\/website\\\/wp-content\\\/uploads\\\/2022\\\/05\\\/chieu_sang_trang_tri_do_thi_bang_den_led_pixel.png\",\"width\":800,\"height\":427,\"caption\":\"Vilight\"},\"image\":{\"@id\":\"https:\\\/\\\/vilight.vn\\\/website\\\/#\\\/schema\\\/logo\\\/image\\\/\"},\"sameAs\":[\"http:\\\/\\\/facebook.com\\\/vilight.vn\",\"https:\\\/\\\/www.linkedin.com\\\/company\\\/vilight-vn\",\"https:\\\/\\\/www.youtube.com\\\/channel\\\/UCEwR2naeDcuarMX1kSv_rLQ\\\/videos\"]}]}<\/script>\n<meta property=\"product:brand\" content=\"G Series\" \/>\n<meta property=\"product:price:currency\" content=\"VND\" \/>\n<meta property=\"og:availability\" content=\"instock\" \/>\n<meta property=\"product:availability\" content=\"instock\" \/>\n<meta property=\"product:condition\" content=\"new\" \/>\n<!-- \/ Yoast SEO Premium plugin. -->","yoast_head_json":{"title":"\u0110\u00e8n Led VL-G26 - Vilight Co.ltd","description":"\u0110\u00e8n Led VL-G26 \u0111\u01b0\u1ee3c l\u00e0m b\u1eb1ng \u0111\u00e8n LED \u0111\u1ed9 s\u00e1ng cao SMD5050 RGB v\u1edbi g\u00f3c nh\u00ecn l\u1edbn. S\u1eed d\u1ee5ng chip TaiWan Epistar, v\u1edbi \u0111\u1ed9 s\u00e1ng cao, m\u00e0u s\u00e1ng nh\u1ea5t qu\u00e1n","robots":{"index":"index","follow":"follow","max-snippet":"max-snippet:-1","max-image-preview":"max-image-preview:large","max-video-preview":"max-video-preview:-1"},"canonical":"https:\/\/vilight.vn\/website\/san-pham\/den-led-pixel\/trang-tri\/g-series\/den-led-vl-g26\/","og_locale":"vi_VN","og_type":"article","og_title":"\u0110\u00e8n Led VL-G26","og_description":"\u0110\u00e8n Led VL-G26 - S\u1ef1 l\u1ef1a ch\u1ecdn ho\u00e0n h\u1ea3o cho \u00e1nh s\u00e1ng s\u00e1ng t\u1ea1o! V\u1edbi c\u00f4ng ngh\u1ec7 LED SMD5050 RGB, \u0111\u1ed9 s\u00e1ng cao v\u00e0 m\u00e0u s\u1eafc t\u01b0\u01a1i s\u00e1ng, \u0111\u00e8n n\u00e0y mang \u0111\u1ebfn \u00e1nh s\u00e1ng r\u1ef1c r\u1ee1 v\u1edbi g\u00f3c nh\u00ecn l\u1edbn. V\u1edbi c\u1ea5u tr\u00fac l\u1eafp \u0111\u1eb7t d\u1ec5 d\u00e0ng, ch\u1ed1ng n\u1ee9t v\u00e0 ch\u1ed1ng th\u1ea5m cao c\u1ea5p","og_url":"https:\/\/vilight.vn\/website\/san-pham\/den-led-pixel\/trang-tri\/g-series\/den-led-vl-g26\/","og_site_name":"Vilight Co.ltd","article_publisher":"http:\/\/facebook.com\/vilight.vn","article_modified_time":"2023-08-22T03:33:51+00:00","og_image":[{"width":600,"height":600,"url":"https:\/\/vilight.vn\/website\/wp-content\/uploads\/2021\/07\/G26.jpg","type":"image\/jpeg"}],"twitter_card":"summary_large_image","twitter_misc":{"Gi\u00e1":"","Kh\u1ea3 d\u1ee5ng":"Trong kho"},"schema":{"@context":"https:\/\/schema.org","@graph":[{"@type":"WebPage","@id":"https:\/\/vilight.vn\/website\/san-pham\/den-led-pixel\/trang-tri\/g-series\/den-led-vl-g26\/","url":"https:\/\/vilight.vn\/website\/san-pham\/den-led-pixel\/trang-tri\/g-series\/den-led-vl-g26\/","name":"\u0110\u00e8n Led VL-G26 - Vilight Co.ltd","isPartOf":{"@id":"https:\/\/vilight.vn\/website\/#website"},"primaryImageOfPage":{"@id":"https:\/\/vilight.vn\/website\/san-pham\/den-led-pixel\/trang-tri\/g-series\/den-led-vl-g26\/#primaryimage"},"image":{"@id":"https:\/\/vilight.vn\/website\/san-pham\/den-led-pixel\/trang-tri\/g-series\/den-led-vl-g26\/#primaryimage"},"thumbnailUrl":"https:\/\/vilight.vn\/website\/wp-content\/uploads\/2021\/07\/G26.jpg","datePublished":"2021-07-02T04:27:42+00:00","dateModified":"2023-08-22T03:33:51+00:00","description":"\u0110\u00e8n Led VL-G26 \u0111\u01b0\u1ee3c l\u00e0m b\u1eb1ng \u0111\u00e8n LED \u0111\u1ed9 s\u00e1ng cao SMD5050 RGB v\u1edbi g\u00f3c nh\u00ecn l\u1edbn. S\u1eed d\u1ee5ng chip TaiWan Epistar, v\u1edbi \u0111\u1ed9 s\u00e1ng cao, m\u00e0u s\u00e1ng nh\u1ea5t qu\u00e1n","breadcrumb":{"@id":"https:\/\/vilight.vn\/website\/san-pham\/den-led-pixel\/trang-tri\/g-series\/den-led-vl-g26\/#breadcrumb"},"inLanguage":"vi","potentialAction":[{"@type":"ReadAction","target":["https:\/\/vilight.vn\/website\/san-pham\/den-led-pixel\/trang-tri\/g-series\/den-led-vl-g26\/"]}]},{"@type":"ImageObject","inLanguage":"vi","@id":"https:\/\/vilight.vn\/website\/san-pham\/den-led-pixel\/trang-tri\/g-series\/den-led-vl-g26\/#primaryimage","url":"https:\/\/vilight.vn\/website\/wp-content\/uploads\/2021\/07\/G26.jpg","contentUrl":"https:\/\/vilight.vn\/website\/wp-content\/uploads\/2021\/07\/G26.jpg","width":600,"height":600,"caption":"\u0110\u00e8n Led VL-G26"},{"@type":"BreadcrumbList","@id":"https:\/\/vilight.vn\/website\/san-pham\/den-led-pixel\/trang-tri\/g-series\/den-led-vl-g26\/#breadcrumb","itemListElement":[{"@type":"ListItem","position":1,"name":"Home","item":"https:\/\/vilight.vn\/website\/"},{"@type":"ListItem","position":2,"name":"store","item":"https:\/\/vilight.vn\/website\/store\/"},{"@type":"ListItem","position":3,"name":"\u0110\u00e8n Led VL-G26"}]},{"@type":"WebSite","@id":"https:\/\/vilight.vn\/website\/#website","url":"https:\/\/vilight.vn\/website\/","name":"Vilight Co.ltd","description":"Chi\u1ebfu s\u00e1ng m\u1ef9 thu\u1eadt, chi\u1ebfu s\u00e1ng th\u00f4ng minh, LED Pixel 3D, chi\u1ebfu s\u00e1ng trang tr\u00ed \u0111\u00f4 th\u1ecb, chi\u1ebfu s\u00e1ng v\u00f2ng xoay, chi\u1ebfu s\u00e1ng \u0111\u1ea3o giao th\u00f4ng, c\u1ed5ng ch\u00e0o \u0111\u00f4 th\u1ecb","publisher":{"@id":"https:\/\/vilight.vn\/website\/#organization"},"potentialAction":[{"@type":"SearchAction","target":{"@type":"EntryPoint","urlTemplate":"https:\/\/vilight.vn\/website\/?s={search_term_string}"},"query-input":{"@type":"PropertyValueSpecification","valueRequired":true,"valueName":"search_term_string"}}],"inLanguage":"vi"},{"@type":"Organization","@id":"https:\/\/vilight.vn\/website\/#organization","name":"Vilight","url":"https:\/\/vilight.vn\/website\/","logo":{"@type":"ImageObject","inLanguage":"vi","@id":"https:\/\/vilight.vn\/website\/#\/schema\/logo\/image\/","url":"https:\/\/vilight.vn\/website\/wp-content\/uploads\/2022\/05\/chieu_sang_trang_tri_do_thi_bang_den_led_pixel.png","contentUrl":"https:\/\/vilight.vn\/website\/wp-content\/uploads\/2022\/05\/chieu_sang_trang_tri_do_thi_bang_den_led_pixel.png","width":800,"height":427,"caption":"Vilight"},"image":{"@id":"https:\/\/vilight.vn\/website\/#\/schema\/logo\/image\/"},"sameAs":["http:\/\/facebook.com\/vilight.vn","https:\/\/www.linkedin.com\/company\/vilight-vn","https:\/\/www.youtube.com\/channel\/UCEwR2naeDcuarMX1kSv_rLQ\/videos"]}]},"product_brand":"G Series","product_price_currency":"VND","og_availability":"instock","product_availability":"instock","product_condition":"new"},"_links":{"self":[{"href":"https:\/\/vilight.vn\/website\/wp-json\/wp\/v2\/product\/1793","targetHints":{"allow":["GET"]}}],"collection":[{"href":"https:\/\/vilight.vn\/website\/wp-json\/wp\/v2\/product"}],"about":[{"href":"https:\/\/vilight.vn\/website\/wp-json\/wp\/v2\/types\/product"}],"wp:featuredmedia":[{"embeddable":true,"href":"https:\/\/vilight.vn\/website\/wp-json\/wp\/v2\/media\/1794"}],"wp:attachment":[{"href":"https:\/\/vilight.vn\/website\/wp-json\/wp\/v2\/media?parent=1793"}],"wp:term":[{"taxonomy":"product_brand","embeddable":true,"href":"https:\/\/vilight.vn\/website\/wp-json\/wp\/v2\/product_brand?post=1793"},{"taxonomy":"product_cat","embeddable":true,"href":"https:\/\/vilight.vn\/website\/wp-json\/wp\/v2\/product_cat?post=1793"},{"taxonomy":"product_tag","embeddable":true,"href":"https:\/\/vilight.vn\/website\/wp-json\/wp\/v2\/product_tag?post=1793"}],"curies":[{"name":"wp","href":"https:\/\/api.w.org\/{rel}","templated":true}]}}