{"id":1795,"date":"2021-07-02T11:28:23","date_gmt":"2021-07-02T04:28:23","guid":{"rendered":"https:\/\/vilight.vn\/website\/?post_type=product&#038;p=1795"},"modified":"2023-08-22T10:33:57","modified_gmt":"2023-08-22T03:33:57","slug":"den-led-vl-g30","status":"publish","type":"product","link":"https:\/\/vilight.vn\/website\/san-pham\/den-led-pixel\/trang-tri\/g-series\/den-led-vl-g30\/","title":{"rendered":"\u0110\u00e8n Led VL-G30"},"content":{"rendered":"<h2 style=\"text-align: justify;\"><span style=\"font-size: 18pt;\">\u0110\u00e8n LED VL-G30 &#8211; \u0110\u00e8n Led \u0111i\u1ec3m Pixel hi\u1ec7u su\u1ea5t cao cho trang tr\u00ed l\u1ec5 h\u1ed9i\u00a0<\/span><\/h2>\n<p style=\"text-align: justify;\"><span style=\"font-size: 14pt;\">\u0110\u00e8n LED VL-G30 l\u00e0 m\u1ed9t s\u1ea3n ph\u1ea9m \u0111\u1ed9c \u0111\u00e1o \u0111\u01b0\u1ee3c thi\u1ebft k\u1ebf v\u1edbi c\u00f4ng ngh\u1ec7 ti\u00ean ti\u1ebfn, mang \u0111\u1ebfn cho b\u1ea1n nh\u1eefng tr\u1ea3i nghi\u1ec7m \u00e1nh s\u00e1ng tuy\u1ec7t v\u1eddi. V\u1edbi s\u1ef1 k\u1ebft h\u1ee3p gi\u1eefa \u0111\u00e8n LED \u0111\u1ed9 s\u00e1ng cao SMD5050 RGB v\u00e0 g\u00f3c nh\u00ecn r\u1ed9ng, s\u1ea3n ph\u1ea9m n\u00e0y \u0111\u1ea3m b\u1ea3o mang l\u1ea1i m\u1ed9t hi\u1ec7u \u1ee9ng s\u00e1ng tuy\u1ec7t \u0111\u1eb9p v\u00e0 \u1ea5n t\u01b0\u1ee3ng.<\/span><\/p>\n<p style=\"text-align: justify;\"><span style=\"font-size: 14pt;\">\u0110\u01b0\u1ee3c trang b\u1ecb chip c\u1ee7a h\u00e3ng TaiWan Epistar, \u0111\u00e8n LED VL-G30 s\u1edf h\u1eefu \u0111\u1ed9 s\u00e1ng cao, \u0111\u1ed9 nh\u1ea5t qu\u00e1n c\u1ee7a m\u00e0u s\u1eafc v\u00e0 \u0111\u1ed9 b\u00e3o h\u00f2a m\u00e0u t\u1ed1t. B\u1ea1n s\u1ebd \u0111\u01b0\u1ee3c tr\u1ea3i nghi\u1ec7m nh\u1eefng \u00e1nh s\u00e1ng r\u1ef1c r\u1ee1, s\u1eafc n\u00e9t v\u00e0 s\u1ed1ng \u0111\u1ed9ng, mang l\u1ea1i m\u1ed9t kh\u00f4ng gian th\u1ef1c s\u1ef1 s\u1ed1ng \u0111\u1ed9ng v\u00e0 h\u1ea5p d\u1eabn.<\/span><\/p>\n<p style=\"text-align: justify;\"><span style=\"font-size: 14pt;\"><a href=\"https:\/\/vilight.vn\/website\/wp-content\/uploads\/2021\/07\/G30-1.jpg\"><img decoding=\"async\" class=\"wp-image-1828 size-full aligncenter lazyload\" data-src=\"https:\/\/vilight.vn\/website\/wp-content\/uploads\/2021\/07\/G30-1.jpg\" alt=\"\u0110\u00e8n Led VL-G30\" width=\"1200\" height=\"1438\" data-srcset=\"https:\/\/vilight.vn\/website\/wp-content\/uploads\/2021\/07\/G30-1.jpg 1200w, https:\/\/vilight.vn\/website\/wp-content\/uploads\/2021\/07\/G30-1-800x959.jpg 800w, https:\/\/vilight.vn\/website\/wp-content\/uploads\/2021\/07\/G30-1-250x300.jpg 250w, https:\/\/vilight.vn\/website\/wp-content\/uploads\/2021\/07\/G30-1-855x1024.jpg 855w, https:\/\/vilight.vn\/website\/wp-content\/uploads\/2021\/07\/G30-1-768x920.jpg 768w, https:\/\/vilight.vn\/website\/wp-content\/uploads\/2021\/07\/G30-1-10x12.jpg 10w, https:\/\/vilight.vn\/website\/wp-content\/uploads\/2021\/07\/G30-1-122x146.jpg 122w, https:\/\/vilight.vn\/website\/wp-content\/uploads\/2021\/07\/G30-1-42x50.jpg 42w, https:\/\/vilight.vn\/website\/wp-content\/uploads\/2021\/07\/G30-1-63x75.jpg 63w, https:\/\/vilight.vn\/website\/wp-content\/uploads\/2021\/07\/G30-1-600x719.jpg 600w\" data-sizes=\"(max-width:767px) 480px, (max-width:1200px) 100vw, 1200px\" src=\"data:image\/svg+xml;base64,PHN2ZyB3aWR0aD0iMSIgaGVpZ2h0PSIxIiB4bWxucz0iaHR0cDovL3d3dy53My5vcmcvMjAwMC9zdmciPjwvc3ZnPg==\" style=\"--smush-placeholder-width: 1200px; --smush-placeholder-aspect-ratio: 1200\/1438;\" \/><\/a><\/span><\/p>\n<h3 style=\"text-align: justify;\"><span style=\"font-size: 14pt;\">C\u1ea5u t\u1ea1o :\u00a0<\/span><\/h3>\n<p style=\"text-align: justify;\"><span style=\"font-size: 14pt;\">C\u1ea5u t\u1ea1o c\u1ee7a \u0111\u00e8n LED VL-G30 c\u0169ng \u0111\u01b0\u1ee3c ch\u0103m ch\u00fat t\u1ec9 m\u1ec9. V\u1edbi kh\u1edbp n\u1ed1i \u0111\u1eb7c bi\u1ec7t, s\u1ea3n ph\u1ea9m n\u00e0y ph\u00f9 h\u1ee3p v\u1edbi m\u1ecdi lo\u1ea1i v\u00e1n, gi\u00fap b\u1ea1n d\u1ec5 d\u00e0ng l\u1eafp \u0111\u1eb7t v\u00e0 t\u1ea1o h\u00ecnh theo \u00fd mu\u1ed1n. L\u1edbp keo PU k\u00edn kh\u00f4ng ch\u1ec9 gi\u00fap \u0111\u00e8n LED kh\u00f4ng b\u1ecb n\u1ee9t v\u00e0 ch\u1ed1ng th\u1ea5m t\u1ed1t, m\u00e0 c\u00f2n \u0111\u1ea3m b\u1ea3o \u0111\u1ed9 b\u1ec1n cao trong m\u1ecdi \u0111i\u1ec1u ki\u1ec7n th\u1eddi ti\u1ebft.<\/span><\/p>\n<p style=\"text-align: justify;\"><span style=\"font-size: 14pt;\">\u0110\u1eb7c bi\u1ec7t, c\u00e1p v\u00e0 v\u1ecf c\u1ee7a \u0111\u00e8n LED VL-G30 \u0111\u01b0\u1ee3c l\u00e0m t\u1eeb v\u1eadt li\u1ec7u ch\u1ed1ng ch\u00e1y, \u0111\u1ea3m b\u1ea3o an to\u00e0n tuy\u1ec7t \u0111\u1ed1i khi s\u1eed d\u1ee5ng. B\u1ea1n c\u00f3 th\u1ec3 y\u00ean t\u00e2m v\u1ec1 m\u1ecdi kh\u00eda c\u1ea1nh v\u1ec1 \u0111\u1ed9 an to\u00e0n khi s\u1eed d\u1ee5ng s\u1ea3n ph\u1ea9m n\u00e0y.<\/span><\/p>\n<p style=\"text-align: justify;\"><span style=\"font-size: 14pt;\">\u0110\u00e8n LED \u0111i\u1ec3m pixel VL-G30 kh\u00f4ng ch\u1ec9 l\u00e0 m\u1ed9t ngu\u1ed3n \u00e1nh s\u00e1ng th\u00f4ng th\u01b0\u1eddng, m\u00e0 c\u00f2n l\u00e0 m\u1ed9t c\u00f4ng c\u1ee5 s\u00e1ng t\u1ea1o \u0111\u1ec3 t\u1ea1o ra nh\u1eefng hi\u1ec7u \u1ee9ng \u00e1nh s\u00e1ng \u0111\u1ed9c \u0111\u00e1o. B\u1ea1n c\u00f3 th\u1ec3 s\u1eed d\u1ee5ng n\u00f3 \u0111\u1ec3 trang tr\u00ed kh\u00f4ng gian s\u1ed1ng, \u00e1nh s\u00e1ng ngh\u1ec7 thu\u1eadt, chi\u1ebfu s\u00e1ng c\u1ea3nh quan, v\u00e0 nhi\u1ec1u \u1ee9ng d\u1ee5ng s\u00e1ng t\u1ea1o kh\u00e1c. Ch\u1ec9 c\u1ea7n d\u00f9ng tr\u00ed t\u01b0\u1edfng t\u01b0\u1ee3ng c\u1ee7a b\u1ea1n, \u0111\u00e8n LED VL-G30 s\u1ebd bi\u1ebfn \u00fd t\u01b0\u1edfng th\u00e0nh hi\u1ec7n th\u1ef1c \u00e1nh s\u00e1ng.<\/span><\/p>\n<p style=\"text-align: justify;\"><span style=\"font-size: 14pt;\">H\u00e3y \u0111\u1ec3 \u0111\u00e8n LED VL-G30 th\u1ed5i b\u00f9ng s\u1ef1 s\u00e1ng t\u1ea1o v\u00e0 mang \u0111\u1ebfn cho b\u1ea1n nh\u1eefng tr\u1ea3i nghi\u1ec7m \u00e1nh s\u00e1ng tuy\u1ec7t v\u1eddi.<\/span><\/p>\n","protected":false},"excerpt":{"rendered":"<p style=\"text-align: justify;\"><span style=\"font-size: 14pt;\">\u0110\u00e8n LED VL-G30 &#8211; S\u1ef1 k\u1ebft h\u1ee3p ho\u00e0n h\u1ea3o gi\u1eefa \u0111\u1ed9 s\u00e1ng cao, \u0111\u1ed9 nh\u1ea5t qu\u00e1n m\u00e0u s\u1eafc v\u00e0 c\u1ea5u tr\u00fac ch\u1eafc ch\u1eafn. S\u1ea3n ph\u1ea9m n\u00e0y mang \u0111\u1ebfn \u00e1nh s\u00e1ng tuy\u1ec7t \u0111\u1eb9p v\u00e0 d\u1ec5 d\u00e0ng l\u1eafp \u0111\u1eb7t tr\u00ean m\u1ecdi lo\u1ea1i v\u00e1n.<\/span><\/p>\n","protected":false},"featured_media":1796,"template":"","meta":[],"product_brand":[],"product_cat":[77,298],"product_tag":[],"class_list":{"0":"post-1795","1":"product","2":"type-product","3":"status-publish","4":"has-post-thumbnail","6":"product_cat-den-led-pixel","7":"product_cat-g-series","8":"pa_chip-led-cree","9":"pa_chip-led-epistar","10":"pa_chuan-dieu-khien-ttl","11":"pa_cong-suat-0-72w","12":"pa_dien-ap-hoat-dong-12v","13":"pa_do-kin-ip65","14":"pa_goc-chieu-213","15":"pa_loai-led-smd-5050-rgb","17":"first","18":"instock","19":"taxable","20":"shipping-taxable","21":"product-type-simple"},"yoast_head":"<!-- This site is optimized with the Yoast SEO Premium plugin v27.4 (Yoast SEO v27.4) - https:\/\/yoast.com\/product\/yoast-seo-premium-wordpress\/ -->\n<title>\u0110\u00e8n Led VL-G30 - Vilight Co.ltd<\/title>\n<meta name=\"description\" content=\"\u0110\u00e8n Led VL-G30 C\u00e1c s\u1ea3n ph\u1ea9m n\u00e0y \u0111\u01b0\u1ee3c l\u00e0m b\u1eb1ng \u0111\u00e8n LED \u0111\u1ed9 s\u00e1ng cao SMD5050 RGB v\u1edbi g\u00f3c nh\u00ecn l\u1edbn . S\u1eed d\u1ee5ng chip TaiWan Epistar \uff0c v\u1edbi \u0111\u1ed9 s\u00e1ng cao\" \/>\n<meta name=\"robots\" content=\"index, follow, max-snippet:-1, max-image-preview:large, max-video-preview:-1\" \/>\n<link rel=\"canonical\" href=\"https:\/\/vilight.vn\/website\/san-pham\/den-led-pixel\/trang-tri\/g-series\/den-led-vl-g30\/\" \/>\n<meta property=\"og:locale\" content=\"vi_VN\" \/>\n<meta property=\"og:type\" content=\"article\" \/>\n<meta property=\"og:title\" content=\"\u0110\u00e8n Led VL-G30\" \/>\n<meta property=\"og:description\" content=\"\u0110\u00e8n LED VL-G30 - S\u1ef1 k\u1ebft h\u1ee3p ho\u00e0n h\u1ea3o gi\u1eefa \u0111\u1ed9 s\u00e1ng cao, \u0111\u1ed9 nh\u1ea5t qu\u00e1n m\u00e0u s\u1eafc v\u00e0 c\u1ea5u tr\u00fac ch\u1eafc ch\u1eafn. S\u1ea3n ph\u1ea9m n\u00e0y mang \u0111\u1ebfn \u00e1nh s\u00e1ng tuy\u1ec7t \u0111\u1eb9p v\u00e0 d\u1ec5 d\u00e0ng l\u1eafp \u0111\u1eb7t tr\u00ean m\u1ecdi lo\u1ea1i v\u00e1n.\" \/>\n<meta property=\"og:url\" content=\"https:\/\/vilight.vn\/website\/san-pham\/den-led-pixel\/trang-tri\/g-series\/den-led-vl-g30\/\" \/>\n<meta property=\"og:site_name\" content=\"Vilight Co.ltd\" \/>\n<meta property=\"article:publisher\" content=\"http:\/\/facebook.com\/vilight.vn\" \/>\n<meta property=\"article:modified_time\" content=\"2023-08-22T03:33:57+00:00\" \/>\n<meta property=\"og:image\" content=\"https:\/\/vilight.vn\/website\/wp-content\/uploads\/2021\/07\/G30.jpg\" \/>\n\t<meta property=\"og:image:width\" content=\"600\" \/>\n\t<meta property=\"og:image:height\" content=\"600\" \/>\n\t<meta property=\"og:image:type\" content=\"image\/jpeg\" \/>\n<meta name=\"twitter:card\" content=\"summary_large_image\" \/>\n<meta name=\"twitter:label1\" content=\"Gi\u00e1\" \/>\n\t<meta name=\"twitter:data1\" content=\"\" \/>\n\t<meta name=\"twitter:label2\" content=\"Kh\u1ea3 d\u1ee5ng\" \/>\n\t<meta name=\"twitter:data2\" content=\"Trong kho\" \/>\n<script type=\"application\/ld+json\" class=\"yoast-schema-graph\">{\"@context\":\"https:\\\/\\\/schema.org\",\"@graph\":[{\"@type\":\"WebPage\",\"@id\":\"https:\\\/\\\/vilight.vn\\\/website\\\/san-pham\\\/den-led-pixel\\\/trang-tri\\\/g-series\\\/den-led-vl-g30\\\/\",\"url\":\"https:\\\/\\\/vilight.vn\\\/website\\\/san-pham\\\/den-led-pixel\\\/trang-tri\\\/g-series\\\/den-led-vl-g30\\\/\",\"name\":\"\u0110\u00e8n Led VL-G30 - Vilight Co.ltd\",\"isPartOf\":{\"@id\":\"https:\\\/\\\/vilight.vn\\\/website\\\/#website\"},\"primaryImageOfPage\":{\"@id\":\"https:\\\/\\\/vilight.vn\\\/website\\\/san-pham\\\/den-led-pixel\\\/trang-tri\\\/g-series\\\/den-led-vl-g30\\\/#primaryimage\"},\"image\":{\"@id\":\"https:\\\/\\\/vilight.vn\\\/website\\\/san-pham\\\/den-led-pixel\\\/trang-tri\\\/g-series\\\/den-led-vl-g30\\\/#primaryimage\"},\"thumbnailUrl\":\"https:\\\/\\\/vilight.vn\\\/website\\\/wp-content\\\/uploads\\\/2021\\\/07\\\/G30.jpg\",\"datePublished\":\"2021-07-02T04:28:23+00:00\",\"dateModified\":\"2023-08-22T03:33:57+00:00\",\"description\":\"\u0110\u00e8n Led VL-G30 C\u00e1c s\u1ea3n ph\u1ea9m n\u00e0y \u0111\u01b0\u1ee3c l\u00e0m b\u1eb1ng \u0111\u00e8n LED \u0111\u1ed9 s\u00e1ng cao SMD5050 RGB v\u1edbi g\u00f3c nh\u00ecn l\u1edbn . S\u1eed d\u1ee5ng chip TaiWan Epistar \uff0c v\u1edbi \u0111\u1ed9 s\u00e1ng cao\",\"breadcrumb\":{\"@id\":\"https:\\\/\\\/vilight.vn\\\/website\\\/san-pham\\\/den-led-pixel\\\/trang-tri\\\/g-series\\\/den-led-vl-g30\\\/#breadcrumb\"},\"inLanguage\":\"vi\",\"potentialAction\":[{\"@type\":\"ReadAction\",\"target\":[\"https:\\\/\\\/vilight.vn\\\/website\\\/san-pham\\\/den-led-pixel\\\/trang-tri\\\/g-series\\\/den-led-vl-g30\\\/\"]}]},{\"@type\":\"ImageObject\",\"inLanguage\":\"vi\",\"@id\":\"https:\\\/\\\/vilight.vn\\\/website\\\/san-pham\\\/den-led-pixel\\\/trang-tri\\\/g-series\\\/den-led-vl-g30\\\/#primaryimage\",\"url\":\"https:\\\/\\\/vilight.vn\\\/website\\\/wp-content\\\/uploads\\\/2021\\\/07\\\/G30.jpg\",\"contentUrl\":\"https:\\\/\\\/vilight.vn\\\/website\\\/wp-content\\\/uploads\\\/2021\\\/07\\\/G30.jpg\",\"width\":600,\"height\":600,\"caption\":\"\u0110\u00e8n Led VL-G30\"},{\"@type\":\"BreadcrumbList\",\"@id\":\"https:\\\/\\\/vilight.vn\\\/website\\\/san-pham\\\/den-led-pixel\\\/trang-tri\\\/g-series\\\/den-led-vl-g30\\\/#breadcrumb\",\"itemListElement\":[{\"@type\":\"ListItem\",\"position\":1,\"name\":\"Home\",\"item\":\"https:\\\/\\\/vilight.vn\\\/website\\\/\"},{\"@type\":\"ListItem\",\"position\":2,\"name\":\"store\",\"item\":\"https:\\\/\\\/vilight.vn\\\/website\\\/store\\\/\"},{\"@type\":\"ListItem\",\"position\":3,\"name\":\"\u0110\u00e8n Led VL-G30\"}]},{\"@type\":\"WebSite\",\"@id\":\"https:\\\/\\\/vilight.vn\\\/website\\\/#website\",\"url\":\"https:\\\/\\\/vilight.vn\\\/website\\\/\",\"name\":\"Vilight Co.ltd\",\"description\":\"Chi\u1ebfu s\u00e1ng m\u1ef9 thu\u1eadt, chi\u1ebfu s\u00e1ng th\u00f4ng minh, LED Pixel 3D, chi\u1ebfu s\u00e1ng trang tr\u00ed \u0111\u00f4 th\u1ecb, chi\u1ebfu s\u00e1ng v\u00f2ng xoay, chi\u1ebfu s\u00e1ng \u0111\u1ea3o giao th\u00f4ng, c\u1ed5ng ch\u00e0o \u0111\u00f4 th\u1ecb\",\"publisher\":{\"@id\":\"https:\\\/\\\/vilight.vn\\\/website\\\/#organization\"},\"potentialAction\":[{\"@type\":\"SearchAction\",\"target\":{\"@type\":\"EntryPoint\",\"urlTemplate\":\"https:\\\/\\\/vilight.vn\\\/website\\\/?s={search_term_string}\"},\"query-input\":{\"@type\":\"PropertyValueSpecification\",\"valueRequired\":true,\"valueName\":\"search_term_string\"}}],\"inLanguage\":\"vi\"},{\"@type\":\"Organization\",\"@id\":\"https:\\\/\\\/vilight.vn\\\/website\\\/#organization\",\"name\":\"Vilight\",\"url\":\"https:\\\/\\\/vilight.vn\\\/website\\\/\",\"logo\":{\"@type\":\"ImageObject\",\"inLanguage\":\"vi\",\"@id\":\"https:\\\/\\\/vilight.vn\\\/website\\\/#\\\/schema\\\/logo\\\/image\\\/\",\"url\":\"https:\\\/\\\/vilight.vn\\\/website\\\/wp-content\\\/uploads\\\/2022\\\/05\\\/chieu_sang_trang_tri_do_thi_bang_den_led_pixel.png\",\"contentUrl\":\"https:\\\/\\\/vilight.vn\\\/website\\\/wp-content\\\/uploads\\\/2022\\\/05\\\/chieu_sang_trang_tri_do_thi_bang_den_led_pixel.png\",\"width\":800,\"height\":427,\"caption\":\"Vilight\"},\"image\":{\"@id\":\"https:\\\/\\\/vilight.vn\\\/website\\\/#\\\/schema\\\/logo\\\/image\\\/\"},\"sameAs\":[\"http:\\\/\\\/facebook.com\\\/vilight.vn\",\"https:\\\/\\\/www.linkedin.com\\\/company\\\/vilight-vn\",\"https:\\\/\\\/www.youtube.com\\\/channel\\\/UCEwR2naeDcuarMX1kSv_rLQ\\\/videos\"]}]}<\/script>\n<meta property=\"product:brand\" content=\"G Series\" \/>\n<meta property=\"product:price:currency\" content=\"VND\" \/>\n<meta property=\"og:availability\" content=\"instock\" \/>\n<meta property=\"product:availability\" content=\"instock\" \/>\n<meta property=\"product:condition\" content=\"new\" \/>\n<!-- \/ Yoast SEO Premium plugin. -->","yoast_head_json":{"title":"\u0110\u00e8n Led VL-G30 - Vilight Co.ltd","description":"\u0110\u00e8n Led VL-G30 C\u00e1c s\u1ea3n ph\u1ea9m n\u00e0y \u0111\u01b0\u1ee3c l\u00e0m b\u1eb1ng \u0111\u00e8n LED \u0111\u1ed9 s\u00e1ng cao SMD5050 RGB v\u1edbi g\u00f3c nh\u00ecn l\u1edbn . S\u1eed d\u1ee5ng chip TaiWan Epistar \uff0c v\u1edbi \u0111\u1ed9 s\u00e1ng cao","robots":{"index":"index","follow":"follow","max-snippet":"max-snippet:-1","max-image-preview":"max-image-preview:large","max-video-preview":"max-video-preview:-1"},"canonical":"https:\/\/vilight.vn\/website\/san-pham\/den-led-pixel\/trang-tri\/g-series\/den-led-vl-g30\/","og_locale":"vi_VN","og_type":"article","og_title":"\u0110\u00e8n Led VL-G30","og_description":"\u0110\u00e8n LED VL-G30 - S\u1ef1 k\u1ebft h\u1ee3p ho\u00e0n h\u1ea3o gi\u1eefa \u0111\u1ed9 s\u00e1ng cao, \u0111\u1ed9 nh\u1ea5t qu\u00e1n m\u00e0u s\u1eafc v\u00e0 c\u1ea5u tr\u00fac ch\u1eafc ch\u1eafn. S\u1ea3n ph\u1ea9m n\u00e0y mang \u0111\u1ebfn \u00e1nh s\u00e1ng tuy\u1ec7t \u0111\u1eb9p v\u00e0 d\u1ec5 d\u00e0ng l\u1eafp \u0111\u1eb7t tr\u00ean m\u1ecdi lo\u1ea1i v\u00e1n.","og_url":"https:\/\/vilight.vn\/website\/san-pham\/den-led-pixel\/trang-tri\/g-series\/den-led-vl-g30\/","og_site_name":"Vilight Co.ltd","article_publisher":"http:\/\/facebook.com\/vilight.vn","article_modified_time":"2023-08-22T03:33:57+00:00","og_image":[{"width":600,"height":600,"url":"https:\/\/vilight.vn\/website\/wp-content\/uploads\/2021\/07\/G30.jpg","type":"image\/jpeg"}],"twitter_card":"summary_large_image","twitter_misc":{"Gi\u00e1":"","Kh\u1ea3 d\u1ee5ng":"Trong kho"},"schema":{"@context":"https:\/\/schema.org","@graph":[{"@type":"WebPage","@id":"https:\/\/vilight.vn\/website\/san-pham\/den-led-pixel\/trang-tri\/g-series\/den-led-vl-g30\/","url":"https:\/\/vilight.vn\/website\/san-pham\/den-led-pixel\/trang-tri\/g-series\/den-led-vl-g30\/","name":"\u0110\u00e8n Led VL-G30 - Vilight Co.ltd","isPartOf":{"@id":"https:\/\/vilight.vn\/website\/#website"},"primaryImageOfPage":{"@id":"https:\/\/vilight.vn\/website\/san-pham\/den-led-pixel\/trang-tri\/g-series\/den-led-vl-g30\/#primaryimage"},"image":{"@id":"https:\/\/vilight.vn\/website\/san-pham\/den-led-pixel\/trang-tri\/g-series\/den-led-vl-g30\/#primaryimage"},"thumbnailUrl":"https:\/\/vilight.vn\/website\/wp-content\/uploads\/2021\/07\/G30.jpg","datePublished":"2021-07-02T04:28:23+00:00","dateModified":"2023-08-22T03:33:57+00:00","description":"\u0110\u00e8n Led VL-G30 C\u00e1c s\u1ea3n ph\u1ea9m n\u00e0y \u0111\u01b0\u1ee3c l\u00e0m b\u1eb1ng \u0111\u00e8n LED \u0111\u1ed9 s\u00e1ng cao SMD5050 RGB v\u1edbi g\u00f3c nh\u00ecn l\u1edbn . S\u1eed d\u1ee5ng chip TaiWan Epistar \uff0c v\u1edbi \u0111\u1ed9 s\u00e1ng cao","breadcrumb":{"@id":"https:\/\/vilight.vn\/website\/san-pham\/den-led-pixel\/trang-tri\/g-series\/den-led-vl-g30\/#breadcrumb"},"inLanguage":"vi","potentialAction":[{"@type":"ReadAction","target":["https:\/\/vilight.vn\/website\/san-pham\/den-led-pixel\/trang-tri\/g-series\/den-led-vl-g30\/"]}]},{"@type":"ImageObject","inLanguage":"vi","@id":"https:\/\/vilight.vn\/website\/san-pham\/den-led-pixel\/trang-tri\/g-series\/den-led-vl-g30\/#primaryimage","url":"https:\/\/vilight.vn\/website\/wp-content\/uploads\/2021\/07\/G30.jpg","contentUrl":"https:\/\/vilight.vn\/website\/wp-content\/uploads\/2021\/07\/G30.jpg","width":600,"height":600,"caption":"\u0110\u00e8n Led VL-G30"},{"@type":"BreadcrumbList","@id":"https:\/\/vilight.vn\/website\/san-pham\/den-led-pixel\/trang-tri\/g-series\/den-led-vl-g30\/#breadcrumb","itemListElement":[{"@type":"ListItem","position":1,"name":"Home","item":"https:\/\/vilight.vn\/website\/"},{"@type":"ListItem","position":2,"name":"store","item":"https:\/\/vilight.vn\/website\/store\/"},{"@type":"ListItem","position":3,"name":"\u0110\u00e8n Led VL-G30"}]},{"@type":"WebSite","@id":"https:\/\/vilight.vn\/website\/#website","url":"https:\/\/vilight.vn\/website\/","name":"Vilight Co.ltd","description":"Chi\u1ebfu s\u00e1ng m\u1ef9 thu\u1eadt, chi\u1ebfu s\u00e1ng th\u00f4ng minh, LED Pixel 3D, chi\u1ebfu s\u00e1ng trang tr\u00ed \u0111\u00f4 th\u1ecb, chi\u1ebfu s\u00e1ng v\u00f2ng xoay, chi\u1ebfu s\u00e1ng \u0111\u1ea3o giao th\u00f4ng, c\u1ed5ng ch\u00e0o \u0111\u00f4 th\u1ecb","publisher":{"@id":"https:\/\/vilight.vn\/website\/#organization"},"potentialAction":[{"@type":"SearchAction","target":{"@type":"EntryPoint","urlTemplate":"https:\/\/vilight.vn\/website\/?s={search_term_string}"},"query-input":{"@type":"PropertyValueSpecification","valueRequired":true,"valueName":"search_term_string"}}],"inLanguage":"vi"},{"@type":"Organization","@id":"https:\/\/vilight.vn\/website\/#organization","name":"Vilight","url":"https:\/\/vilight.vn\/website\/","logo":{"@type":"ImageObject","inLanguage":"vi","@id":"https:\/\/vilight.vn\/website\/#\/schema\/logo\/image\/","url":"https:\/\/vilight.vn\/website\/wp-content\/uploads\/2022\/05\/chieu_sang_trang_tri_do_thi_bang_den_led_pixel.png","contentUrl":"https:\/\/vilight.vn\/website\/wp-content\/uploads\/2022\/05\/chieu_sang_trang_tri_do_thi_bang_den_led_pixel.png","width":800,"height":427,"caption":"Vilight"},"image":{"@id":"https:\/\/vilight.vn\/website\/#\/schema\/logo\/image\/"},"sameAs":["http:\/\/facebook.com\/vilight.vn","https:\/\/www.linkedin.com\/company\/vilight-vn","https:\/\/www.youtube.com\/channel\/UCEwR2naeDcuarMX1kSv_rLQ\/videos"]}]},"product_brand":"G Series","product_price_currency":"VND","og_availability":"instock","product_availability":"instock","product_condition":"new"},"_links":{"self":[{"href":"https:\/\/vilight.vn\/website\/wp-json\/wp\/v2\/product\/1795","targetHints":{"allow":["GET"]}}],"collection":[{"href":"https:\/\/vilight.vn\/website\/wp-json\/wp\/v2\/product"}],"about":[{"href":"https:\/\/vilight.vn\/website\/wp-json\/wp\/v2\/types\/product"}],"wp:featuredmedia":[{"embeddable":true,"href":"https:\/\/vilight.vn\/website\/wp-json\/wp\/v2\/media\/1796"}],"wp:attachment":[{"href":"https:\/\/vilight.vn\/website\/wp-json\/wp\/v2\/media?parent=1795"}],"wp:term":[{"taxonomy":"product_brand","embeddable":true,"href":"https:\/\/vilight.vn\/website\/wp-json\/wp\/v2\/product_brand?post=1795"},{"taxonomy":"product_cat","embeddable":true,"href":"https:\/\/vilight.vn\/website\/wp-json\/wp\/v2\/product_cat?post=1795"},{"taxonomy":"product_tag","embeddable":true,"href":"https:\/\/vilight.vn\/website\/wp-json\/wp\/v2\/product_tag?post=1795"}],"curies":[{"name":"wp","href":"https:\/\/api.w.org\/{rel}","templated":true}]}}