{"id":1797,"date":"2021-07-02T11:29:01","date_gmt":"2021-07-02T04:29:01","guid":{"rendered":"https:\/\/vilight.vn\/website\/?post_type=product&#038;p=1797"},"modified":"2023-08-22T10:33:03","modified_gmt":"2023-08-22T03:33:03","slug":"den-led-vl-g36","status":"publish","type":"product","link":"https:\/\/vilight.vn\/website\/san-pham\/den-led-pixel\/trang-tri\/g-series\/den-led-vl-g36\/","title":{"rendered":"\u0110\u00e8n Led VL-G36"},"content":{"rendered":"<h2 style=\"text-align: justify;\"><span style=\"font-size: 18pt;\">Gi\u1edbi thi\u1ec7u m\u1eabu \u0111\u00e8n \u0110\u00e8n Led VL-G36<\/span><\/h2>\n<p style=\"text-align: justify;\"><span style=\"font-size: 14pt;\">B\u1ea1n \u0111ang t\u00ecm ki\u1ebfm m\u1ed9t gi\u1ea3i ph\u00e1p chi\u1ebfu s\u00e1ng hi\u1ec7u qu\u1ea3 v\u00e0 \u0111a d\u1ea1ng cho kh\u00f4ng gian c\u1ee7a m\u00ecnh? H\u00e3y \u0111\u1ec3 ch\u00fang t\u00f4i gi\u1edbi thi\u1ec7u \u0111\u1ebfn b\u1ea1n \u0111\u00e8n Led VL-G36 &#8211; m\u1ed9t s\u1ea3n ph\u1ea9m \u0111\u00e8n Led ch\u1ea5t l\u01b0\u1ee3ng cao, \u0111\u01b0\u1ee3c l\u00e0m b\u1eb1ng \u0111\u00e8n LED SMD5050 RGB v\u1edbi g\u00f3c nh\u00ecn l\u1edbn. \u0110\u00e8n Led -G36 kh\u00f4ng ch\u1ec9 \u0111\u1ea3m b\u1ea3o \u0111\u1ed9 s\u00e1ng cao m\u00e0 c\u00f2n mang l\u1ea1i m\u00e0u s\u1eafc nh\u1ea5t qu\u00e1n, \u0111\u1ed9 b\u00e3o h\u00f2a m\u00e0u t\u1ed1t v\u00e0 \u0111\u1ed9 \u1ed5n \u0111\u1ecbnh cao, \u0111\u00e1p \u1ee9ng t\u1ed1i \u0111a nhu c\u1ea7u chi\u1ebfu s\u00e1ng c\u1ee7a b\u1ea1n.<\/span><\/p>\n<p style=\"text-align: justify;\"><span style=\"font-size: 14pt;\">V\u1edbi c\u00f4ng ngh\u1ec7 \u0111\u00e8n LED SMD5050 RGB, \u0111\u00e8n Led VL-G36 t\u1ea1o ra \u00e1nh s\u00e1ng m\u1ea1nh m\u1ebd v\u00e0 r\u1ef1c r\u1ee1. Chip TaiWan Epistar &#8211; m\u1ed9t trong nh\u1eefng th\u01b0\u01a1ng hi\u1ec7u n\u1ed5i ti\u1ebfng v\u1ec1 c\u00f4ng ngh\u1ec7 Led &#8211; \u0111\u01b0\u1ee3c s\u1eed d\u1ee5ng trong s\u1ea3n ph\u1ea9m n\u00e0y, mang l\u1ea1i \u0111\u1ed9 tin c\u1eady cao v\u00e0 \u0111\u1ea3m b\u1ea3o hi\u1ec7u su\u1ea5t \u00e1nh s\u00e1ng \u1ed5n \u0111\u1ecbnh trong th\u1eddi gian d\u00e0i.<\/span><\/p>\n<p style=\"text-align: justify;\"><span style=\"font-size: 14pt;\">M\u1ed9t trong nh\u1eefng \u01b0u \u0111i\u1ec3m n\u1ed5i b\u1eadt c\u1ee7a \u0111\u00e8n Led -G36 l\u00e0 g\u00f3c nh\u00ecn l\u1edbn, cho ph\u00e9p \u00e1nh s\u00e1ng ph\u00e1t ra m\u1ed9t c\u00e1ch r\u1ed9ng r\u00e3i v\u00e0 \u0111\u1ed3ng \u0111\u1ec1u. B\u1ea1n s\u1ebd kh\u00f4ng g\u1eb7p t\u00ecnh tr\u1ea1ng \u00e1nh s\u00e1ng b\u1ecb ch\u00f3i ho\u1eb7c kh\u00f4ng \u0111\u1ec1u khi s\u1eed d\u1ee5ng \u0111\u00e8n n\u00e0y. \u0110i\u1ec1u n\u00e0y t\u1ea1o ra m\u1ed9t kh\u00f4ng gian chi\u1ebfu s\u00e1ng tuy\u1ec7t v\u1eddi v\u00e0 tho\u1ea3i m\u00e1i cho c\u00e1c ho\u1ea1t \u0111\u1ed9ng c\u1ee7a b\u1ea1n.<\/span><\/p>\n<p style=\"text-align: justify;\"><span style=\"font-size: 14pt;\"><a href=\"https:\/\/vilight.vn\/website\/wp-content\/uploads\/2021\/07\/G36-TT.jpg\"><img decoding=\"async\" class=\"wp-image-1833 size-full aligncenter lazyload\" data-src=\"https:\/\/vilight.vn\/website\/wp-content\/uploads\/2021\/07\/G36-TT.jpg\" alt=\"\u0110\u00e8n Led VL-G36\" width=\"1200\" height=\"1438\" data-srcset=\"https:\/\/vilight.vn\/website\/wp-content\/uploads\/2021\/07\/G36-TT.jpg 1200w, https:\/\/vilight.vn\/website\/wp-content\/uploads\/2021\/07\/G36-TT-800x959.jpg 800w, https:\/\/vilight.vn\/website\/wp-content\/uploads\/2021\/07\/G36-TT-250x300.jpg 250w, https:\/\/vilight.vn\/website\/wp-content\/uploads\/2021\/07\/G36-TT-855x1024.jpg 855w, https:\/\/vilight.vn\/website\/wp-content\/uploads\/2021\/07\/G36-TT-768x920.jpg 768w, https:\/\/vilight.vn\/website\/wp-content\/uploads\/2021\/07\/G36-TT-10x12.jpg 10w, https:\/\/vilight.vn\/website\/wp-content\/uploads\/2021\/07\/G36-TT-122x146.jpg 122w, https:\/\/vilight.vn\/website\/wp-content\/uploads\/2021\/07\/G36-TT-42x50.jpg 42w, https:\/\/vilight.vn\/website\/wp-content\/uploads\/2021\/07\/G36-TT-63x75.jpg 63w, https:\/\/vilight.vn\/website\/wp-content\/uploads\/2021\/07\/G36-TT-600x719.jpg 600w\" data-sizes=\"(max-width:767px) 480px, (max-width:1200px) 100vw, 1200px\" src=\"data:image\/svg+xml;base64,PHN2ZyB3aWR0aD0iMSIgaGVpZ2h0PSIxIiB4bWxucz0iaHR0cDovL3d3dy53My5vcmcvMjAwMC9zdmciPjwvc3ZnPg==\" style=\"--smush-placeholder-width: 1200px; --smush-placeholder-aspect-ratio: 1200\/1438;\" \/><\/a><\/span><\/p>\n<p style=\"text-align: justify;\"><span style=\"font-size: 14pt;\">Kh\u00f4ng ch\u1ec9 d\u1eebng l\u1ea1i \u1edf \u00e1nh s\u00e1ng ch\u1ea5t l\u01b0\u1ee3ng, \u0111\u00e8n Led -G36 c\u00f2n c\u00f3 kh\u1ea3 n\u0103ng thay \u0111\u1ed5i m\u00e0u s\u1eafc. B\u1ea1n c\u00f3 th\u1ec3 t\u1ea1o ra nh\u1eefng hi\u1ec7u \u1ee9ng \u00e1nh s\u00e1ng \u0111a d\u1ea1ng v\u00e0 th\u00fa v\u1ecb b\u1eb1ng c\u00e1ch \u0111i\u1ec1u ch\u1ec9nh m\u00e0u s\u1eafc theo \u00fd mu\u1ed1n. Cho d\u00f9 b\u1ea1n \u0111ang t\u00ecm ki\u1ebfm m\u1ed9t kh\u00f4ng gian s\u00f4i \u0111\u1ed9ng v\u1edbi m\u00e0u s\u1eafc t\u01b0\u01a1i s\u00e1ng ho\u1eb7c m\u1ed9t kh\u00f4ng gian th\u01b0 th\u00e1i v\u1edbi \u00e1nh s\u00e1ng d\u1ecbu nh\u1eb9, \u0111\u00e8n Led VL-G36 s\u1ebd \u0111\u00e1p \u1ee9ng m\u1ecdi nhu c\u1ea7u c\u1ee7a b\u1ea1n.<\/span><\/p>\n<p style=\"text-align: justify;\"><span style=\"font-size: 14pt;\">S\u1ea3n ph\u1ea9m n\u00e0y c\u0169ng \u0111\u01b0\u1ee3c thi\u1ebft k\u1ebf \u0111\u1ec3 ti\u1ebft ki\u1ec7m n\u0103ng l\u01b0\u1ee3ng. \u0110\u00e8n Led VL-G36 ti\u00eau th\u1ee5 \u00edt \u0111i\u1ec7n n\u0103ng, gi\u00fap gi\u1ea3m thi\u1ec3u t\u00e1c \u0111\u1ed9ng \u0111\u1ebfn m\u00f4i tr\u01b0\u1eddng v\u00e0 gi\u1ea3m chi ph\u00ed \u0111i\u1ec7n. B\u1ea1n c\u00f3 th\u1ec3 s\u1eed d\u1ee5ng \u0111\u00e8n n\u00e0y trong th\u1eddi gian d\u00e0i m\u00e0 kh\u00f4ng ph\u1ea3i lo l\u1eafng v\u1ec1 vi\u1ec7c ti\u1ec1n \u0111i\u1ec7n s\u1ebd t\u0103ng cao.<\/span><\/p>\n<p style=\"text-align: justify;\"><span style=\"font-size: 14pt;\">T\u00f3m l\u1ea1i, \u0111\u00e8n Led VL-G36 l\u00e0 m\u1ed9t l\u1ef1a ch\u1ecdn tuy\u1ec7t v\u1eddi \u0111\u1ec3 mang \u0111\u1ebfn \u00e1nh s\u00e1ng ch\u1ea5t l\u01b0\u1ee3ng cao v\u00e0 m\u00e0u s\u1eafc \u0111a d\u1ea1ng cho kh\u00f4ng gian c\u1ee7a b\u1ea1n. V\u1edbi \u0111\u00e8n LED SMD5050 RGB \u0111\u1ed9 s\u00e1ng cao, g\u00f3c nh\u00ecn l\u1edbn v\u00e0 chip TaiWan Epistar \u0111\u00e1ng tin c\u1eady, s\u1ea3n ph\u1ea9m n\u00e0y \u0111\u1ea3m b\u1ea3o hi\u1ec7u su\u1ea5t \u00e1nh s\u00e1ng \u1ed5n \u0111\u1ecbnh v\u00e0 t\u1ea1o ra m\u1ed9t kh\u00f4ng gian chi\u1ebfu s\u00e1ng \u0111\u1eb9p m\u1eaft v\u00e0 tho\u1ea3i m\u00e1i. H\u00e3y trang tr\u00ed kh\u00f4ng gian c\u1ee7a b\u1ea1n v\u1edbi \u0111\u00e8n Led VL-G36 v\u00e0 t\u1eadn h\u01b0\u1edfng nh\u1eefng tr\u1ea3i nghi\u1ec7m chi\u1ebfu s\u00e1ng tuy\u1ec7t v\u1eddi!<\/span><\/p>\n","protected":false},"excerpt":{"rendered":"<p style=\"text-align: justify;\"><span style=\"font-size: 14pt;\">\u0110\u00e8n Led VL-G36 &#8211; \u0110\u00e8n Led SMD5050 RGB v\u1edbi \u0111\u1ed9 s\u00e1ng cao, m\u00e0u s\u1eafc nh\u1ea5t qu\u00e1n v\u00e0 g\u00f3c nh\u00ecn r\u1ed9ng. Chip TaiWan Epistar \u0111\u1ea3m b\u1ea3o \u0111\u1ed9 \u1ed5n \u0111\u1ecbnh cao v\u00e0 hi\u1ec7u su\u1ea5t \u00e1nh s\u00e1ng tuy\u1ec7t v\u1eddi. \u0110\u00e8n ti\u1ebft ki\u1ec7m n\u0103ng l\u01b0\u1ee3ng, t\u1ea1o kh\u00f4ng gian chi\u1ebfu s\u00e1ng \u0111a d\u1ea1ng v\u00e0 thu\u1eadn ti\u1ec7n.<\/span><\/p>\n","protected":false},"featured_media":1798,"template":"","meta":[],"product_brand":[],"product_cat":[77,313,298],"product_tag":[],"class_list":{"0":"post-1797","1":"product","2":"type-product","3":"status-publish","4":"has-post-thumbnail","6":"product_cat-den-led-pixel","7":"product_cat-trang-tri","8":"product_cat-g-series","9":"pa_chip-led-cree","10":"pa_chip-led-epistar","11":"pa_chuan-dieu-khien-ttl","12":"pa_cong-suat-1-44w","13":"pa_cong-suat-2-16w","14":"pa_dien-ap-hoat-dong-12v","15":"pa_do-kin-ip65","16":"pa_goc-chieu-213","18":"first","19":"instock","20":"taxable","21":"shipping-taxable","22":"product-type-simple"},"yoast_head":"<!-- This site is optimized with the Yoast SEO Premium plugin v27.4 (Yoast SEO v27.4) - https:\/\/yoast.com\/product\/yoast-seo-premium-wordpress\/ -->\n<title>\u0110\u00e8n Led VL-G36 - Vilight Co.ltd<\/title>\n<meta name=\"description\" content=\"\u0110\u00e8n Led VL-G36 C\u00e1c s\u1ea3n ph\u1ea9m n\u00e0y \u0111\u01b0\u1ee3c l\u00e0m b\u1eb1ng \u0111\u00e8n LED \u0111\u1ed9 s\u00e1ng cao SMD5050 RGB v\u1edbi g\u00f3c nh\u00ecn l\u1edbn. S\u1eed d\u1ee5ng chip TaiWan Epistar\" \/>\n<meta name=\"robots\" content=\"index, follow, max-snippet:-1, max-image-preview:large, max-video-preview:-1\" \/>\n<link rel=\"canonical\" href=\"https:\/\/vilight.vn\/website\/san-pham\/den-led-pixel\/trang-tri\/g-series\/den-led-vl-g36\/\" \/>\n<meta property=\"og:locale\" content=\"vi_VN\" \/>\n<meta property=\"og:type\" content=\"article\" \/>\n<meta property=\"og:title\" content=\"\u0110\u00e8n Led VL-G36\" \/>\n<meta property=\"og:description\" content=\"\u0110\u00e8n Led VL-G36 - \u0110\u00e8n Led SMD5050 RGB v\u1edbi \u0111\u1ed9 s\u00e1ng cao, m\u00e0u s\u1eafc nh\u1ea5t qu\u00e1n v\u00e0 g\u00f3c nh\u00ecn r\u1ed9ng. Chip TaiWan Epistar \u0111\u1ea3m b\u1ea3o \u0111\u1ed9 \u1ed5n \u0111\u1ecbnh cao v\u00e0 hi\u1ec7u su\u1ea5t \u00e1nh s\u00e1ng tuy\u1ec7t v\u1eddi. \u0110\u00e8n ti\u1ebft ki\u1ec7m n\u0103ng l\u01b0\u1ee3ng, t\u1ea1o kh\u00f4ng gian chi\u1ebfu s\u00e1ng \u0111a d\u1ea1ng v\u00e0 thu\u1eadn ti\u1ec7n.\" \/>\n<meta property=\"og:url\" content=\"https:\/\/vilight.vn\/website\/san-pham\/den-led-pixel\/trang-tri\/g-series\/den-led-vl-g36\/\" \/>\n<meta property=\"og:site_name\" content=\"Vilight Co.ltd\" \/>\n<meta property=\"article:publisher\" content=\"http:\/\/facebook.com\/vilight.vn\" \/>\n<meta property=\"article:modified_time\" content=\"2023-08-22T03:33:03+00:00\" \/>\n<meta property=\"og:image\" content=\"https:\/\/vilight.vn\/website\/wp-content\/uploads\/2021\/07\/G36.jpg\" \/>\n\t<meta property=\"og:image:width\" content=\"600\" \/>\n\t<meta property=\"og:image:height\" content=\"600\" \/>\n\t<meta property=\"og:image:type\" content=\"image\/jpeg\" \/>\n<meta name=\"twitter:card\" content=\"summary_large_image\" \/>\n<meta name=\"twitter:label1\" content=\"Gi\u00e1\" \/>\n\t<meta name=\"twitter:data1\" content=\"\" \/>\n\t<meta name=\"twitter:label2\" content=\"Kh\u1ea3 d\u1ee5ng\" \/>\n\t<meta name=\"twitter:data2\" content=\"Trong kho\" \/>\n<script type=\"application\/ld+json\" class=\"yoast-schema-graph\">{\"@context\":\"https:\\\/\\\/schema.org\",\"@graph\":[{\"@type\":\"WebPage\",\"@id\":\"https:\\\/\\\/vilight.vn\\\/website\\\/san-pham\\\/den-led-pixel\\\/trang-tri\\\/g-series\\\/den-led-vl-g36\\\/\",\"url\":\"https:\\\/\\\/vilight.vn\\\/website\\\/san-pham\\\/den-led-pixel\\\/trang-tri\\\/g-series\\\/den-led-vl-g36\\\/\",\"name\":\"\u0110\u00e8n Led VL-G36 - Vilight Co.ltd\",\"isPartOf\":{\"@id\":\"https:\\\/\\\/vilight.vn\\\/website\\\/#website\"},\"primaryImageOfPage\":{\"@id\":\"https:\\\/\\\/vilight.vn\\\/website\\\/san-pham\\\/den-led-pixel\\\/trang-tri\\\/g-series\\\/den-led-vl-g36\\\/#primaryimage\"},\"image\":{\"@id\":\"https:\\\/\\\/vilight.vn\\\/website\\\/san-pham\\\/den-led-pixel\\\/trang-tri\\\/g-series\\\/den-led-vl-g36\\\/#primaryimage\"},\"thumbnailUrl\":\"https:\\\/\\\/vilight.vn\\\/website\\\/wp-content\\\/uploads\\\/2021\\\/07\\\/G36.jpg\",\"datePublished\":\"2021-07-02T04:29:01+00:00\",\"dateModified\":\"2023-08-22T03:33:03+00:00\",\"description\":\"\u0110\u00e8n Led VL-G36 C\u00e1c s\u1ea3n ph\u1ea9m n\u00e0y \u0111\u01b0\u1ee3c l\u00e0m b\u1eb1ng \u0111\u00e8n LED \u0111\u1ed9 s\u00e1ng cao SMD5050 RGB v\u1edbi g\u00f3c nh\u00ecn l\u1edbn. S\u1eed d\u1ee5ng chip TaiWan Epistar\",\"breadcrumb\":{\"@id\":\"https:\\\/\\\/vilight.vn\\\/website\\\/san-pham\\\/den-led-pixel\\\/trang-tri\\\/g-series\\\/den-led-vl-g36\\\/#breadcrumb\"},\"inLanguage\":\"vi\",\"potentialAction\":[{\"@type\":\"ReadAction\",\"target\":[\"https:\\\/\\\/vilight.vn\\\/website\\\/san-pham\\\/den-led-pixel\\\/trang-tri\\\/g-series\\\/den-led-vl-g36\\\/\"]}]},{\"@type\":\"ImageObject\",\"inLanguage\":\"vi\",\"@id\":\"https:\\\/\\\/vilight.vn\\\/website\\\/san-pham\\\/den-led-pixel\\\/trang-tri\\\/g-series\\\/den-led-vl-g36\\\/#primaryimage\",\"url\":\"https:\\\/\\\/vilight.vn\\\/website\\\/wp-content\\\/uploads\\\/2021\\\/07\\\/G36.jpg\",\"contentUrl\":\"https:\\\/\\\/vilight.vn\\\/website\\\/wp-content\\\/uploads\\\/2021\\\/07\\\/G36.jpg\",\"width\":600,\"height\":600,\"caption\":\"\u0110\u00e8n Led VL-G36\"},{\"@type\":\"BreadcrumbList\",\"@id\":\"https:\\\/\\\/vilight.vn\\\/website\\\/san-pham\\\/den-led-pixel\\\/trang-tri\\\/g-series\\\/den-led-vl-g36\\\/#breadcrumb\",\"itemListElement\":[{\"@type\":\"ListItem\",\"position\":1,\"name\":\"Home\",\"item\":\"https:\\\/\\\/vilight.vn\\\/website\\\/\"},{\"@type\":\"ListItem\",\"position\":2,\"name\":\"store\",\"item\":\"https:\\\/\\\/vilight.vn\\\/website\\\/store\\\/\"},{\"@type\":\"ListItem\",\"position\":3,\"name\":\"\u0110\u00e8n Led VL-G36\"}]},{\"@type\":\"WebSite\",\"@id\":\"https:\\\/\\\/vilight.vn\\\/website\\\/#website\",\"url\":\"https:\\\/\\\/vilight.vn\\\/website\\\/\",\"name\":\"Vilight Co.ltd\",\"description\":\"Chi\u1ebfu s\u00e1ng m\u1ef9 thu\u1eadt, chi\u1ebfu s\u00e1ng th\u00f4ng minh, LED Pixel 3D, chi\u1ebfu s\u00e1ng trang tr\u00ed \u0111\u00f4 th\u1ecb, chi\u1ebfu s\u00e1ng v\u00f2ng xoay, chi\u1ebfu s\u00e1ng \u0111\u1ea3o giao th\u00f4ng, c\u1ed5ng ch\u00e0o \u0111\u00f4 th\u1ecb\",\"publisher\":{\"@id\":\"https:\\\/\\\/vilight.vn\\\/website\\\/#organization\"},\"potentialAction\":[{\"@type\":\"SearchAction\",\"target\":{\"@type\":\"EntryPoint\",\"urlTemplate\":\"https:\\\/\\\/vilight.vn\\\/website\\\/?s={search_term_string}\"},\"query-input\":{\"@type\":\"PropertyValueSpecification\",\"valueRequired\":true,\"valueName\":\"search_term_string\"}}],\"inLanguage\":\"vi\"},{\"@type\":\"Organization\",\"@id\":\"https:\\\/\\\/vilight.vn\\\/website\\\/#organization\",\"name\":\"Vilight\",\"url\":\"https:\\\/\\\/vilight.vn\\\/website\\\/\",\"logo\":{\"@type\":\"ImageObject\",\"inLanguage\":\"vi\",\"@id\":\"https:\\\/\\\/vilight.vn\\\/website\\\/#\\\/schema\\\/logo\\\/image\\\/\",\"url\":\"https:\\\/\\\/vilight.vn\\\/website\\\/wp-content\\\/uploads\\\/2022\\\/05\\\/chieu_sang_trang_tri_do_thi_bang_den_led_pixel.png\",\"contentUrl\":\"https:\\\/\\\/vilight.vn\\\/website\\\/wp-content\\\/uploads\\\/2022\\\/05\\\/chieu_sang_trang_tri_do_thi_bang_den_led_pixel.png\",\"width\":800,\"height\":427,\"caption\":\"Vilight\"},\"image\":{\"@id\":\"https:\\\/\\\/vilight.vn\\\/website\\\/#\\\/schema\\\/logo\\\/image\\\/\"},\"sameAs\":[\"http:\\\/\\\/facebook.com\\\/vilight.vn\",\"https:\\\/\\\/www.linkedin.com\\\/company\\\/vilight-vn\",\"https:\\\/\\\/www.youtube.com\\\/channel\\\/UCEwR2naeDcuarMX1kSv_rLQ\\\/videos\"]}]}<\/script>\n<meta property=\"product:brand\" content=\"G Series\" \/>\n<meta property=\"product:price:currency\" content=\"VND\" \/>\n<meta property=\"og:availability\" content=\"instock\" \/>\n<meta property=\"product:availability\" content=\"instock\" \/>\n<meta property=\"product:condition\" content=\"new\" \/>\n<!-- \/ Yoast SEO Premium plugin. -->","yoast_head_json":{"title":"\u0110\u00e8n Led VL-G36 - Vilight Co.ltd","description":"\u0110\u00e8n Led VL-G36 C\u00e1c s\u1ea3n ph\u1ea9m n\u00e0y \u0111\u01b0\u1ee3c l\u00e0m b\u1eb1ng \u0111\u00e8n LED \u0111\u1ed9 s\u00e1ng cao SMD5050 RGB v\u1edbi g\u00f3c nh\u00ecn l\u1edbn. S\u1eed d\u1ee5ng chip TaiWan Epistar","robots":{"index":"index","follow":"follow","max-snippet":"max-snippet:-1","max-image-preview":"max-image-preview:large","max-video-preview":"max-video-preview:-1"},"canonical":"https:\/\/vilight.vn\/website\/san-pham\/den-led-pixel\/trang-tri\/g-series\/den-led-vl-g36\/","og_locale":"vi_VN","og_type":"article","og_title":"\u0110\u00e8n Led VL-G36","og_description":"\u0110\u00e8n Led VL-G36 - \u0110\u00e8n Led SMD5050 RGB v\u1edbi \u0111\u1ed9 s\u00e1ng cao, m\u00e0u s\u1eafc nh\u1ea5t qu\u00e1n v\u00e0 g\u00f3c nh\u00ecn r\u1ed9ng. Chip TaiWan Epistar \u0111\u1ea3m b\u1ea3o \u0111\u1ed9 \u1ed5n \u0111\u1ecbnh cao v\u00e0 hi\u1ec7u su\u1ea5t \u00e1nh s\u00e1ng tuy\u1ec7t v\u1eddi. \u0110\u00e8n ti\u1ebft ki\u1ec7m n\u0103ng l\u01b0\u1ee3ng, t\u1ea1o kh\u00f4ng gian chi\u1ebfu s\u00e1ng \u0111a d\u1ea1ng v\u00e0 thu\u1eadn ti\u1ec7n.","og_url":"https:\/\/vilight.vn\/website\/san-pham\/den-led-pixel\/trang-tri\/g-series\/den-led-vl-g36\/","og_site_name":"Vilight Co.ltd","article_publisher":"http:\/\/facebook.com\/vilight.vn","article_modified_time":"2023-08-22T03:33:03+00:00","og_image":[{"width":600,"height":600,"url":"https:\/\/vilight.vn\/website\/wp-content\/uploads\/2021\/07\/G36.jpg","type":"image\/jpeg"}],"twitter_card":"summary_large_image","twitter_misc":{"Gi\u00e1":"","Kh\u1ea3 d\u1ee5ng":"Trong kho"},"schema":{"@context":"https:\/\/schema.org","@graph":[{"@type":"WebPage","@id":"https:\/\/vilight.vn\/website\/san-pham\/den-led-pixel\/trang-tri\/g-series\/den-led-vl-g36\/","url":"https:\/\/vilight.vn\/website\/san-pham\/den-led-pixel\/trang-tri\/g-series\/den-led-vl-g36\/","name":"\u0110\u00e8n Led VL-G36 - Vilight Co.ltd","isPartOf":{"@id":"https:\/\/vilight.vn\/website\/#website"},"primaryImageOfPage":{"@id":"https:\/\/vilight.vn\/website\/san-pham\/den-led-pixel\/trang-tri\/g-series\/den-led-vl-g36\/#primaryimage"},"image":{"@id":"https:\/\/vilight.vn\/website\/san-pham\/den-led-pixel\/trang-tri\/g-series\/den-led-vl-g36\/#primaryimage"},"thumbnailUrl":"https:\/\/vilight.vn\/website\/wp-content\/uploads\/2021\/07\/G36.jpg","datePublished":"2021-07-02T04:29:01+00:00","dateModified":"2023-08-22T03:33:03+00:00","description":"\u0110\u00e8n Led VL-G36 C\u00e1c s\u1ea3n ph\u1ea9m n\u00e0y \u0111\u01b0\u1ee3c l\u00e0m b\u1eb1ng \u0111\u00e8n LED \u0111\u1ed9 s\u00e1ng cao SMD5050 RGB v\u1edbi g\u00f3c nh\u00ecn l\u1edbn. S\u1eed d\u1ee5ng chip TaiWan Epistar","breadcrumb":{"@id":"https:\/\/vilight.vn\/website\/san-pham\/den-led-pixel\/trang-tri\/g-series\/den-led-vl-g36\/#breadcrumb"},"inLanguage":"vi","potentialAction":[{"@type":"ReadAction","target":["https:\/\/vilight.vn\/website\/san-pham\/den-led-pixel\/trang-tri\/g-series\/den-led-vl-g36\/"]}]},{"@type":"ImageObject","inLanguage":"vi","@id":"https:\/\/vilight.vn\/website\/san-pham\/den-led-pixel\/trang-tri\/g-series\/den-led-vl-g36\/#primaryimage","url":"https:\/\/vilight.vn\/website\/wp-content\/uploads\/2021\/07\/G36.jpg","contentUrl":"https:\/\/vilight.vn\/website\/wp-content\/uploads\/2021\/07\/G36.jpg","width":600,"height":600,"caption":"\u0110\u00e8n Led VL-G36"},{"@type":"BreadcrumbList","@id":"https:\/\/vilight.vn\/website\/san-pham\/den-led-pixel\/trang-tri\/g-series\/den-led-vl-g36\/#breadcrumb","itemListElement":[{"@type":"ListItem","position":1,"name":"Home","item":"https:\/\/vilight.vn\/website\/"},{"@type":"ListItem","position":2,"name":"store","item":"https:\/\/vilight.vn\/website\/store\/"},{"@type":"ListItem","position":3,"name":"\u0110\u00e8n Led VL-G36"}]},{"@type":"WebSite","@id":"https:\/\/vilight.vn\/website\/#website","url":"https:\/\/vilight.vn\/website\/","name":"Vilight Co.ltd","description":"Chi\u1ebfu s\u00e1ng m\u1ef9 thu\u1eadt, chi\u1ebfu s\u00e1ng th\u00f4ng minh, LED Pixel 3D, chi\u1ebfu s\u00e1ng trang tr\u00ed \u0111\u00f4 th\u1ecb, chi\u1ebfu s\u00e1ng v\u00f2ng xoay, chi\u1ebfu s\u00e1ng \u0111\u1ea3o giao th\u00f4ng, c\u1ed5ng ch\u00e0o \u0111\u00f4 th\u1ecb","publisher":{"@id":"https:\/\/vilight.vn\/website\/#organization"},"potentialAction":[{"@type":"SearchAction","target":{"@type":"EntryPoint","urlTemplate":"https:\/\/vilight.vn\/website\/?s={search_term_string}"},"query-input":{"@type":"PropertyValueSpecification","valueRequired":true,"valueName":"search_term_string"}}],"inLanguage":"vi"},{"@type":"Organization","@id":"https:\/\/vilight.vn\/website\/#organization","name":"Vilight","url":"https:\/\/vilight.vn\/website\/","logo":{"@type":"ImageObject","inLanguage":"vi","@id":"https:\/\/vilight.vn\/website\/#\/schema\/logo\/image\/","url":"https:\/\/vilight.vn\/website\/wp-content\/uploads\/2022\/05\/chieu_sang_trang_tri_do_thi_bang_den_led_pixel.png","contentUrl":"https:\/\/vilight.vn\/website\/wp-content\/uploads\/2022\/05\/chieu_sang_trang_tri_do_thi_bang_den_led_pixel.png","width":800,"height":427,"caption":"Vilight"},"image":{"@id":"https:\/\/vilight.vn\/website\/#\/schema\/logo\/image\/"},"sameAs":["http:\/\/facebook.com\/vilight.vn","https:\/\/www.linkedin.com\/company\/vilight-vn","https:\/\/www.youtube.com\/channel\/UCEwR2naeDcuarMX1kSv_rLQ\/videos"]}]},"product_brand":"G Series","product_price_currency":"VND","og_availability":"instock","product_availability":"instock","product_condition":"new"},"_links":{"self":[{"href":"https:\/\/vilight.vn\/website\/wp-json\/wp\/v2\/product\/1797","targetHints":{"allow":["GET"]}}],"collection":[{"href":"https:\/\/vilight.vn\/website\/wp-json\/wp\/v2\/product"}],"about":[{"href":"https:\/\/vilight.vn\/website\/wp-json\/wp\/v2\/types\/product"}],"wp:featuredmedia":[{"embeddable":true,"href":"https:\/\/vilight.vn\/website\/wp-json\/wp\/v2\/media\/1798"}],"wp:attachment":[{"href":"https:\/\/vilight.vn\/website\/wp-json\/wp\/v2\/media?parent=1797"}],"wp:term":[{"taxonomy":"product_brand","embeddable":true,"href":"https:\/\/vilight.vn\/website\/wp-json\/wp\/v2\/product_brand?post=1797"},{"taxonomy":"product_cat","embeddable":true,"href":"https:\/\/vilight.vn\/website\/wp-json\/wp\/v2\/product_cat?post=1797"},{"taxonomy":"product_tag","embeddable":true,"href":"https:\/\/vilight.vn\/website\/wp-json\/wp\/v2\/product_tag?post=1797"}],"curies":[{"name":"wp","href":"https:\/\/api.w.org\/{rel}","templated":true}]}}