{"id":1800,"date":"2021-07-02T11:29:37","date_gmt":"2021-07-02T04:29:37","guid":{"rendered":"https:\/\/vilight.vn\/website\/?post_type=product&#038;p=1800"},"modified":"2023-08-22T10:33:50","modified_gmt":"2023-08-22T03:33:50","slug":"den-led-vl-g60","status":"publish","type":"product","link":"https:\/\/vilight.vn\/website\/san-pham\/den-led-pixel\/trang-tri\/g-series\/den-led-vl-g60\/","title":{"rendered":"\u0110\u00e8n Led VL-G60"},"content":{"rendered":"<h2 style=\"text-align: justify;\"><span style=\"font-size: 18pt;\">\u0110\u00e8n Led VL-G60 l\u00e0 m\u1ed9t m\u1eabu \u0111\u00e8n ti\u00ean ti\u1ebfn v\u00e0 \u0111a n\u0103ng.<\/span><\/h2>\n<p style=\"text-align: justify;\"><span style=\"font-size: 14pt;\">\u0110\u01b0\u1ee3c thi\u1ebft k\u1ebf v\u1edbi c\u00e1c t\u00ednh n\u0103ng v\u00e0 c\u00f4ng ngh\u1ec7 h\u00e0ng \u0111\u1ea7u \u0111\u1ec3 mang l\u1ea1i tr\u1ea3i nghi\u1ec7m \u00e1nh s\u00e1ng tuy\u1ec7t v\u1eddi v\u00e0 ti\u1ec7n \u00edch cho ng\u01b0\u1eddi d\u00f9ng. V\u1edbi s\u1ef1 k\u1ebft h\u1ee3p c\u1ee7a c\u00e1c y\u1ebfu t\u1ed1 ch\u1ea5t l\u01b0\u1ee3ng v\u00e0 hi\u1ec7u su\u1ea5t, \u0111\u00e8n Led VL-G60 l\u00e0 l\u1ef1a ch\u1ecdn l\u00fd t\u01b0\u1edfng cho nhi\u1ec1u \u1ee9ng d\u1ee5ng kh\u00e1c nhau.<\/span><\/p>\n<p style=\"text-align: justify;\"><span style=\"font-size: 14pt;\">M\u1ed9t trong nh\u1eefng \u0111i\u1ec3m n\u1ed5i b\u1eadt c\u1ee7a \u0111\u00e8n Led VL-G60 l\u00e0 vi\u1ec7c s\u1eed d\u1ee5ng c\u00e1c h\u1ea1t \u0111\u00e8n SMD5050 RGB \u0111\u1ed9 s\u00e1ng cao v\u00e0 g\u00f3c ph\u00e1t s\u00e1ng l\u1edbn. \u0110i\u1ec1u n\u00e0y \u0111\u1ea3m b\u1ea3o r\u1eb1ng \u0111\u00e8n mang l\u1ea1i \u00e1nh s\u00e1ng r\u1ef1c r\u1ee1, s\u1eafc n\u00e9t v\u00e0 \u0111\u1ed3ng \u0111\u1ec1u trong m\u1ecdi kh\u00f4ng gian. Chip LED Epistar c\u1ee7a \u0110\u00e0i Loan \u0111\u01b0\u1ee3c s\u1eed d\u1ee5ng trong \u0111\u00e8n n\u00e0y, mang l\u1ea1i \u0111\u1ed9 s\u00e1ng cao, \u00e1nh s\u00e1ng t\u1ed1t v\u00e0 \u0111\u1ed9 \u0111\u1ec1u m\u00e0u. V\u1edbi \u0111\u1ed9 b\u00e3o h\u00f2a m\u00e0u t\u1ed1t v\u00e0 t\u00ednh \u1ed5n \u0111\u1ecbnh, \u0111\u00e8n Led VL-G60 t\u1ea1o ra m\u1ed9t gam m\u00e0u r\u1ef1c r\u1ee1 v\u00e0 s\u1ed1ng \u0111\u1ed9ng.<\/span><\/p>\n<p style=\"text-align: justify;\"><span style=\"font-size: 14pt;\"><a href=\"https:\/\/vilight.vn\/website\/wp-content\/uploads\/2021\/07\/G60-TT.jpg\"><img decoding=\"async\" class=\"size-full wp-image-1837 aligncenter lazyload\" data-src=\"https:\/\/vilight.vn\/website\/wp-content\/uploads\/2021\/07\/G60-TT.jpg\" alt=\"\" width=\"1200\" height=\"1429\" data-srcset=\"https:\/\/vilight.vn\/website\/wp-content\/uploads\/2021\/07\/G60-TT.jpg 1200w, https:\/\/vilight.vn\/website\/wp-content\/uploads\/2021\/07\/G60-TT-800x953.jpg 800w, https:\/\/vilight.vn\/website\/wp-content\/uploads\/2021\/07\/G60-TT-252x300.jpg 252w, https:\/\/vilight.vn\/website\/wp-content\/uploads\/2021\/07\/G60-TT-860x1024.jpg 860w, https:\/\/vilight.vn\/website\/wp-content\/uploads\/2021\/07\/G60-TT-768x915.jpg 768w, https:\/\/vilight.vn\/website\/wp-content\/uploads\/2021\/07\/G60-TT-10x12.jpg 10w, https:\/\/vilight.vn\/website\/wp-content\/uploads\/2021\/07\/G60-TT-123x146.jpg 123w, https:\/\/vilight.vn\/website\/wp-content\/uploads\/2021\/07\/G60-TT-42x50.jpg 42w, https:\/\/vilight.vn\/website\/wp-content\/uploads\/2021\/07\/G60-TT-63x75.jpg 63w, https:\/\/vilight.vn\/website\/wp-content\/uploads\/2021\/07\/G60-TT-600x715.jpg 600w\" data-sizes=\"(max-width:767px) 480px, (max-width:1200px) 100vw, 1200px\" src=\"data:image\/svg+xml;base64,PHN2ZyB3aWR0aD0iMSIgaGVpZ2h0PSIxIiB4bWxucz0iaHR0cDovL3d3dy53My5vcmcvMjAwMC9zdmciPjwvc3ZnPg==\" style=\"--smush-placeholder-width: 1200px; --smush-placeholder-aspect-ratio: 1200\/1429;\" \/><\/a><\/span><\/p>\n<h5 style=\"text-align: justify;\"><span style=\"font-size: 14pt;\">Th\u00f4ng tin s\u1ea3n ph\u1ea9m G60.<\/span><\/h5>\n<p style=\"text-align: justify;\"><span style=\"font-size: 14pt;\">Thi\u1ebft k\u1ebf h\u00ecnh l\u01b0\u1ee1i l\u00ea \u0111\u1eb7c bi\u1ec7t c\u1ee7a \u0111\u00e8n Led VL-G60 cho ph\u00e9p l\u1eafp \u0111\u1eb7t d\u1ec5 d\u00e0ng v\u00e0 nhanh ch\u00f3ng tr\u00ean m\u1ecdi bo m\u1ea1ch. B\u1ea1n ch\u1ec9 c\u1ea7n \u0111\u1ee5c l\u1ed7 v\u00e0 l\u1eafp \u0111\u1eb7t tr\u1ef1c ti\u1ebfp v\u00e0o v\u1ecb tr\u00ed c\u1ea7n thi\u1ebft. Qu\u00e1 tr\u00ecnh l\u1eafp \u0111\u1eb7t \u0111\u01a1n gi\u1ea3n n\u00e0y gi\u00fap ti\u1ebft ki\u1ec7m th\u1eddi gian v\u00e0 c\u00f4ng s\u1ee9c cho ng\u01b0\u1eddi d\u00f9ng. \u0110\u00e8n Led VL-G60 \u0111\u01b0\u1ee3c \u0111\u00f3ng th\u00e0nh ch\u1eadu b\u1eb1ng keo PU ch\u1ea5t l\u01b0\u1ee3ng cao, mang l\u1ea1i \u0111\u1ed9 b\u1ec1n v\u00e0 \u0111\u1ed9 b\u1ea3o v\u1ec7 cao. V\u1edbi v\u1eadt li\u1ec7u ch\u1ed1ng l\u1ea1nh, ch\u1ed1ng tia c\u1ef1c t\u00edm v\u00e0 ch\u1ed1ng ch\u00e1y, s\u1ea3n ph\u1ea9m n\u00e0y \u0111\u00e1ng tin c\u1eady \u0111\u1ec3 s\u1eed d\u1ee5ng trong m\u1ecdi \u0111i\u1ec1u ki\u1ec7n th\u1eddi ti\u1ebft v\u00e0 m\u00f4i tr\u01b0\u1eddng, \u0111\u1eb7c bi\u1ec7t l\u00e0 ngo\u00e0i tr\u1eddi.<\/span><\/p>\n<p style=\"text-align: justify;\"><span style=\"font-size: 14pt;\">V\u1edbi \u0111\u00e8n Led VL-G60, b\u1ea1n c\u00f3 th\u1ec3 t\u1eadn h\u01b0\u1edfng kh\u00f4ng gian s\u00e1ng t\u1ea1o v\u00e0 \u0111a d\u1ea1ng. S\u1ea3n ph\u1ea9m n\u00e0y ph\u00f9 h\u1ee3p cho nhi\u1ec1u \u1ee9ng d\u1ee5ng nh\u01b0 trang tr\u00ed n\u1ed9i th\u1ea5t, chi\u1ebfu s\u00e1ng ki\u1ebfn tr\u00fac, qu\u1ea3ng c\u00e1o \u00e1nh s\u00e1ng, v\u00e0 nhi\u1ec1u h\u01a1n n\u1eefa. B\u1ea1n c\u00f3 th\u1ec3 t\u1ea1o ra c\u00e1c hi\u1ec7u \u1ee9ng \u00e1nh s\u00e1ng \u0111\u1ed9c \u0111\u00e1o v\u00e0 t\u00f9y ch\u1ec9nh m\u00e0u s\u1eafc theo s\u1edf th\u00edch c\u1ee7a m\u00ecnh. \u0110\u00e8n Led VL-G60 mang \u0111\u1ebfn s\u1ef1 k\u1ebft h\u1ee3p<\/span><\/p>\n<p style=\"text-align: justify;\"><span style=\"font-size: 14pt;\">ho\u00e0n h\u1ea3o gi\u1eefa hi\u1ec7u su\u1ea5t, \u0111\u1ed9 b\u1ec1n v\u00e0 t\u00ednh th\u1ea9m m\u1ef9, gi\u00fap n\u00e2ng cao kh\u00f4ng gian s\u1ed1ng v\u00e0 l\u00e0m vi\u1ec7c c\u1ee7a b\u1ea1n.<\/span><\/p>\n<p style=\"text-align: justify;\"><span style=\"font-size: 14pt;\">V\u1edbi t\u1ea5t c\u1ea3 nh\u1eefng t\u00ednh n\u0103ng v\u00e0 \u01b0u \u0111i\u1ec3m \u0111\u00e1ng ch\u00fa \u00fd, \u0111\u00e8n Led VL-G60 l\u00e0 s\u1ef1 l\u1ef1a ch\u1ecdn h\u00e0ng \u0111\u1ea7u cho ng\u01b0\u1eddi ti\u00eau d\u00f9ng mu\u1ed1n trang b\u1ecb \u00e1nh s\u00e1ng ch\u1ea5t l\u01b0\u1ee3ng cao v\u00e0 \u0111\u00e1ng tin c\u1eady. \u0110\u01b0\u1ee3c thi\u1ebft k\u1ebf v\u1edbi c\u00f4ng ngh\u1ec7 ti\u00ean ti\u1ebfn v\u00e0 ch\u1ea5t l\u01b0\u1ee3ng v\u01b0\u1ee3t tr\u1ed9i, \u0111\u00e8n Led VL-G60 s\u1ebd kh\u00f4ng l\u00e0m b\u1ea1n th\u1ea5t v\u1ecdng v\u00e0 \u0111\u00e1p \u1ee9ng t\u1ed1t c\u00e1c nhu c\u1ea7u chi\u1ebfu s\u00e1ng c\u1ee7a b\u1ea1n.<\/span><\/p>\n","protected":false},"excerpt":{"rendered":"<p><span style=\"font-size: 14pt;\">S\u1ea3n ph\u1ea9m G60 s\u1eed d\u1ee5ng c\u00e1c h\u1ea1t \u0111\u00e8n \u0111\u1ee7 m\u00e0u c\u00f3 \u0111\u1ed9 s\u00e1ng cao SMD5050 RGB, v\u1edbi g\u00f3c ph\u00e1t s\u00e1ng l\u1edbn.\u00a0 S\u1eed d\u1ee5ng chip LED Epistar c\u1ee7a \u0110\u00e0i Loan n\u00ean c\u00f3 \u0111\u1ed9 s\u00e1ng cao, \u00e1nh s\u00e1ng t\u1ed1t v\u00e0 \u0111\u1ed9 \u0111\u1ec1u m\u00e0u, \u0111\u1ed9 b\u00e3o h\u00f2a m\u00e0u t\u1ed1t, \u1ed5n \u0111\u1ecbnh\u00a0 Thi\u1ebft k\u1ebf h\u00ecnh l\u01b0\u1ee1i l\u00ea \u0111\u1eb7c bi\u1ec7t , ph\u00f9 h\u1ee3p v\u1edbi m\u1ecdi bo m\u1ea1ch, L\u1eafp \u0111\u1eb7t tr\u1ef1c ti\u1ebfp sau khi \u0111\u1ee5c l\u1ed7, l\u1eafp \u0111\u1eb7t \u0111\u01a1n gi\u1ea3n, nhanh ch\u00f3ng<\/span><\/p>\n","protected":false},"featured_media":1801,"template":"","meta":[],"product_brand":[],"product_cat":[77,298],"product_tag":[],"class_list":{"0":"post-1800","1":"product","2":"type-product","3":"status-publish","4":"has-post-thumbnail","6":"product_cat-den-led-pixel","7":"product_cat-g-series","8":"pa_chip-led-cree","9":"pa_chip-led-epistar","10":"pa_chuan-dieu-khien-ttl","11":"pa_cong-suat-2-88w","12":"pa_cong-suat-4-32w","13":"pa_dien-ap-hoat-dong-24vdc","14":"pa_do-kin-ip65","15":"pa_goc-chieu-213","17":"first","18":"instock","19":"taxable","20":"shipping-taxable","21":"product-type-simple"},"yoast_head":"<!-- This site is optimized with the Yoast SEO Premium plugin v27.4 (Yoast SEO v27.4) - https:\/\/yoast.com\/product\/yoast-seo-premium-wordpress\/ -->\n<title>\u0110\u00e8n Led pixel G60 Nh\u1eadp kh\u1ea9u ch\u00ednh h\u00e3ng - Vilight Co.ltd<\/title>\n<meta name=\"description\" content=\"\u0110\u00e8n Led pixel G60 s\u1eed d\u1ee5ng c\u00e1c h\u1ea1t \u0111\u00e8n \u0111\u1ee7 m\u00e0u c\u00f3 \u0111\u1ed9 s\u00e1ng cao SMD5050 RGB, v\u1edbi g\u00f3c ph\u00e1t s\u00e1ng l\u1edbn. S\u1eed d\u1ee5ng chip LED Epistar c\u1ee7a \u0110\u00e0i Loan\" \/>\n<meta name=\"robots\" content=\"index, follow, max-snippet:-1, max-image-preview:large, max-video-preview:-1\" \/>\n<link rel=\"canonical\" href=\"https:\/\/vilight.vn\/website\/san-pham\/den-led-pixel\/trang-tri\/g-series\/den-led-vl-g60\/\" \/>\n<meta property=\"og:locale\" content=\"vi_VN\" \/>\n<meta property=\"og:type\" content=\"article\" \/>\n<meta property=\"og:title\" content=\"\u0110\u00e8n Led VL-G60\" \/>\n<meta property=\"og:description\" content=\"S\u1ea3n ph\u1ea9m G60 s\u1eed d\u1ee5ng c\u00e1c h\u1ea1t \u0111\u00e8n \u0111\u1ee7 m\u00e0u c\u00f3 \u0111\u1ed9 s\u00e1ng cao SMD5050 RGB, v\u1edbi g\u00f3c ph\u00e1t s\u00e1ng l\u1edbn.\u00a0 S\u1eed d\u1ee5ng chip LED Epistar c\u1ee7a \u0110\u00e0i Loan n\u00ean c\u00f3 \u0111\u1ed9 s\u00e1ng cao, \u00e1nh s\u00e1ng t\u1ed1t v\u00e0 \u0111\u1ed9 \u0111\u1ec1u m\u00e0u, \u0111\u1ed9 b\u00e3o h\u00f2a m\u00e0u t\u1ed1t, \u1ed5n \u0111\u1ecbnh\u00a0 Thi\u1ebft k\u1ebf h\u00ecnh l\u01b0\u1ee1i l\u00ea \u0111\u1eb7c bi\u1ec7t , ph\u00f9 h\u1ee3p v\u1edbi m\u1ecdi bo m\u1ea1ch, L\u1eafp \u0111\u1eb7t tr\u1ef1c ti\u1ebfp sau khi \u0111\u1ee5c l\u1ed7, l\u1eafp \u0111\u1eb7t \u0111\u01a1n gi\u1ea3n, nhanh ch\u00f3ng\" \/>\n<meta property=\"og:url\" content=\"https:\/\/vilight.vn\/website\/san-pham\/den-led-pixel\/trang-tri\/g-series\/den-led-vl-g60\/\" \/>\n<meta property=\"og:site_name\" content=\"Vilight Co.ltd\" \/>\n<meta property=\"article:publisher\" content=\"http:\/\/facebook.com\/vilight.vn\" \/>\n<meta property=\"article:modified_time\" content=\"2023-08-22T03:33:50+00:00\" \/>\n<meta property=\"og:image\" content=\"https:\/\/vilight.vn\/website\/wp-content\/uploads\/2021\/07\/G60-1.jpg\" \/>\n\t<meta property=\"og:image:width\" content=\"600\" \/>\n\t<meta property=\"og:image:height\" content=\"600\" \/>\n\t<meta property=\"og:image:type\" content=\"image\/jpeg\" \/>\n<meta name=\"twitter:card\" content=\"summary_large_image\" \/>\n<meta name=\"twitter:label1\" content=\"Gi\u00e1\" \/>\n\t<meta name=\"twitter:data1\" content=\"\" \/>\n\t<meta name=\"twitter:label2\" content=\"Kh\u1ea3 d\u1ee5ng\" \/>\n\t<meta name=\"twitter:data2\" content=\"Trong kho\" \/>\n<script type=\"application\/ld+json\" class=\"yoast-schema-graph\">{\"@context\":\"https:\\\/\\\/schema.org\",\"@graph\":[{\"@type\":\"WebPage\",\"@id\":\"https:\\\/\\\/vilight.vn\\\/website\\\/san-pham\\\/den-led-pixel\\\/trang-tri\\\/g-series\\\/den-led-vl-g60\\\/\",\"url\":\"https:\\\/\\\/vilight.vn\\\/website\\\/san-pham\\\/den-led-pixel\\\/trang-tri\\\/g-series\\\/den-led-vl-g60\\\/\",\"name\":\"\u0110\u00e8n Led pixel G60 Nh\u1eadp kh\u1ea9u ch\u00ednh h\u00e3ng - Vilight Co.ltd\",\"isPartOf\":{\"@id\":\"https:\\\/\\\/vilight.vn\\\/website\\\/#website\"},\"primaryImageOfPage\":{\"@id\":\"https:\\\/\\\/vilight.vn\\\/website\\\/san-pham\\\/den-led-pixel\\\/trang-tri\\\/g-series\\\/den-led-vl-g60\\\/#primaryimage\"},\"image\":{\"@id\":\"https:\\\/\\\/vilight.vn\\\/website\\\/san-pham\\\/den-led-pixel\\\/trang-tri\\\/g-series\\\/den-led-vl-g60\\\/#primaryimage\"},\"thumbnailUrl\":\"https:\\\/\\\/vilight.vn\\\/website\\\/wp-content\\\/uploads\\\/2021\\\/07\\\/G60-1.jpg\",\"datePublished\":\"2021-07-02T04:29:37+00:00\",\"dateModified\":\"2023-08-22T03:33:50+00:00\",\"description\":\"\u0110\u00e8n Led pixel G60 s\u1eed d\u1ee5ng c\u00e1c h\u1ea1t \u0111\u00e8n \u0111\u1ee7 m\u00e0u c\u00f3 \u0111\u1ed9 s\u00e1ng cao SMD5050 RGB, v\u1edbi g\u00f3c ph\u00e1t s\u00e1ng l\u1edbn. S\u1eed d\u1ee5ng chip LED Epistar c\u1ee7a \u0110\u00e0i Loan\",\"breadcrumb\":{\"@id\":\"https:\\\/\\\/vilight.vn\\\/website\\\/san-pham\\\/den-led-pixel\\\/trang-tri\\\/g-series\\\/den-led-vl-g60\\\/#breadcrumb\"},\"inLanguage\":\"vi\",\"potentialAction\":[{\"@type\":\"ReadAction\",\"target\":[\"https:\\\/\\\/vilight.vn\\\/website\\\/san-pham\\\/den-led-pixel\\\/trang-tri\\\/g-series\\\/den-led-vl-g60\\\/\"]}]},{\"@type\":\"ImageObject\",\"inLanguage\":\"vi\",\"@id\":\"https:\\\/\\\/vilight.vn\\\/website\\\/san-pham\\\/den-led-pixel\\\/trang-tri\\\/g-series\\\/den-led-vl-g60\\\/#primaryimage\",\"url\":\"https:\\\/\\\/vilight.vn\\\/website\\\/wp-content\\\/uploads\\\/2021\\\/07\\\/G60-1.jpg\",\"contentUrl\":\"https:\\\/\\\/vilight.vn\\\/website\\\/wp-content\\\/uploads\\\/2021\\\/07\\\/G60-1.jpg\",\"width\":600,\"height\":600},{\"@type\":\"BreadcrumbList\",\"@id\":\"https:\\\/\\\/vilight.vn\\\/website\\\/san-pham\\\/den-led-pixel\\\/trang-tri\\\/g-series\\\/den-led-vl-g60\\\/#breadcrumb\",\"itemListElement\":[{\"@type\":\"ListItem\",\"position\":1,\"name\":\"Home\",\"item\":\"https:\\\/\\\/vilight.vn\\\/website\\\/\"},{\"@type\":\"ListItem\",\"position\":2,\"name\":\"store\",\"item\":\"https:\\\/\\\/vilight.vn\\\/website\\\/store\\\/\"},{\"@type\":\"ListItem\",\"position\":3,\"name\":\"\u0110\u00e8n Led VL-G60\"}]},{\"@type\":\"WebSite\",\"@id\":\"https:\\\/\\\/vilight.vn\\\/website\\\/#website\",\"url\":\"https:\\\/\\\/vilight.vn\\\/website\\\/\",\"name\":\"Vilight Co.ltd\",\"description\":\"Chi\u1ebfu s\u00e1ng m\u1ef9 thu\u1eadt, chi\u1ebfu s\u00e1ng th\u00f4ng minh, LED Pixel 3D, chi\u1ebfu s\u00e1ng trang tr\u00ed \u0111\u00f4 th\u1ecb, chi\u1ebfu s\u00e1ng v\u00f2ng xoay, chi\u1ebfu s\u00e1ng \u0111\u1ea3o giao th\u00f4ng, c\u1ed5ng ch\u00e0o \u0111\u00f4 th\u1ecb\",\"publisher\":{\"@id\":\"https:\\\/\\\/vilight.vn\\\/website\\\/#organization\"},\"potentialAction\":[{\"@type\":\"SearchAction\",\"target\":{\"@type\":\"EntryPoint\",\"urlTemplate\":\"https:\\\/\\\/vilight.vn\\\/website\\\/?s={search_term_string}\"},\"query-input\":{\"@type\":\"PropertyValueSpecification\",\"valueRequired\":true,\"valueName\":\"search_term_string\"}}],\"inLanguage\":\"vi\"},{\"@type\":\"Organization\",\"@id\":\"https:\\\/\\\/vilight.vn\\\/website\\\/#organization\",\"name\":\"Vilight\",\"url\":\"https:\\\/\\\/vilight.vn\\\/website\\\/\",\"logo\":{\"@type\":\"ImageObject\",\"inLanguage\":\"vi\",\"@id\":\"https:\\\/\\\/vilight.vn\\\/website\\\/#\\\/schema\\\/logo\\\/image\\\/\",\"url\":\"https:\\\/\\\/vilight.vn\\\/website\\\/wp-content\\\/uploads\\\/2022\\\/05\\\/chieu_sang_trang_tri_do_thi_bang_den_led_pixel.png\",\"contentUrl\":\"https:\\\/\\\/vilight.vn\\\/website\\\/wp-content\\\/uploads\\\/2022\\\/05\\\/chieu_sang_trang_tri_do_thi_bang_den_led_pixel.png\",\"width\":800,\"height\":427,\"caption\":\"Vilight\"},\"image\":{\"@id\":\"https:\\\/\\\/vilight.vn\\\/website\\\/#\\\/schema\\\/logo\\\/image\\\/\"},\"sameAs\":[\"http:\\\/\\\/facebook.com\\\/vilight.vn\",\"https:\\\/\\\/www.linkedin.com\\\/company\\\/vilight-vn\",\"https:\\\/\\\/www.youtube.com\\\/channel\\\/UCEwR2naeDcuarMX1kSv_rLQ\\\/videos\"]}]}<\/script>\n<meta property=\"product:brand\" content=\"G Series\" \/>\n<meta property=\"product:price:currency\" content=\"VND\" \/>\n<meta property=\"og:availability\" content=\"instock\" \/>\n<meta property=\"product:availability\" content=\"instock\" \/>\n<meta property=\"product:condition\" content=\"new\" \/>\n<!-- \/ Yoast SEO Premium plugin. -->","yoast_head_json":{"title":"\u0110\u00e8n Led pixel G60 Nh\u1eadp kh\u1ea9u ch\u00ednh h\u00e3ng - Vilight Co.ltd","description":"\u0110\u00e8n Led pixel G60 s\u1eed d\u1ee5ng c\u00e1c h\u1ea1t \u0111\u00e8n \u0111\u1ee7 m\u00e0u c\u00f3 \u0111\u1ed9 s\u00e1ng cao SMD5050 RGB, v\u1edbi g\u00f3c ph\u00e1t s\u00e1ng l\u1edbn. S\u1eed d\u1ee5ng chip LED Epistar c\u1ee7a \u0110\u00e0i Loan","robots":{"index":"index","follow":"follow","max-snippet":"max-snippet:-1","max-image-preview":"max-image-preview:large","max-video-preview":"max-video-preview:-1"},"canonical":"https:\/\/vilight.vn\/website\/san-pham\/den-led-pixel\/trang-tri\/g-series\/den-led-vl-g60\/","og_locale":"vi_VN","og_type":"article","og_title":"\u0110\u00e8n Led VL-G60","og_description":"S\u1ea3n ph\u1ea9m G60 s\u1eed d\u1ee5ng c\u00e1c h\u1ea1t \u0111\u00e8n \u0111\u1ee7 m\u00e0u c\u00f3 \u0111\u1ed9 s\u00e1ng cao SMD5050 RGB, v\u1edbi g\u00f3c ph\u00e1t s\u00e1ng l\u1edbn.\u00a0 S\u1eed d\u1ee5ng chip LED Epistar c\u1ee7a \u0110\u00e0i Loan n\u00ean c\u00f3 \u0111\u1ed9 s\u00e1ng cao, \u00e1nh s\u00e1ng t\u1ed1t v\u00e0 \u0111\u1ed9 \u0111\u1ec1u m\u00e0u, \u0111\u1ed9 b\u00e3o h\u00f2a m\u00e0u t\u1ed1t, \u1ed5n \u0111\u1ecbnh\u00a0 Thi\u1ebft k\u1ebf h\u00ecnh l\u01b0\u1ee1i l\u00ea \u0111\u1eb7c bi\u1ec7t , ph\u00f9 h\u1ee3p v\u1edbi m\u1ecdi bo m\u1ea1ch, L\u1eafp \u0111\u1eb7t tr\u1ef1c ti\u1ebfp sau khi \u0111\u1ee5c l\u1ed7, l\u1eafp \u0111\u1eb7t \u0111\u01a1n gi\u1ea3n, nhanh ch\u00f3ng","og_url":"https:\/\/vilight.vn\/website\/san-pham\/den-led-pixel\/trang-tri\/g-series\/den-led-vl-g60\/","og_site_name":"Vilight Co.ltd","article_publisher":"http:\/\/facebook.com\/vilight.vn","article_modified_time":"2023-08-22T03:33:50+00:00","og_image":[{"width":600,"height":600,"url":"https:\/\/vilight.vn\/website\/wp-content\/uploads\/2021\/07\/G60-1.jpg","type":"image\/jpeg"}],"twitter_card":"summary_large_image","twitter_misc":{"Gi\u00e1":"","Kh\u1ea3 d\u1ee5ng":"Trong kho"},"schema":{"@context":"https:\/\/schema.org","@graph":[{"@type":"WebPage","@id":"https:\/\/vilight.vn\/website\/san-pham\/den-led-pixel\/trang-tri\/g-series\/den-led-vl-g60\/","url":"https:\/\/vilight.vn\/website\/san-pham\/den-led-pixel\/trang-tri\/g-series\/den-led-vl-g60\/","name":"\u0110\u00e8n Led pixel G60 Nh\u1eadp kh\u1ea9u ch\u00ednh h\u00e3ng - Vilight Co.ltd","isPartOf":{"@id":"https:\/\/vilight.vn\/website\/#website"},"primaryImageOfPage":{"@id":"https:\/\/vilight.vn\/website\/san-pham\/den-led-pixel\/trang-tri\/g-series\/den-led-vl-g60\/#primaryimage"},"image":{"@id":"https:\/\/vilight.vn\/website\/san-pham\/den-led-pixel\/trang-tri\/g-series\/den-led-vl-g60\/#primaryimage"},"thumbnailUrl":"https:\/\/vilight.vn\/website\/wp-content\/uploads\/2021\/07\/G60-1.jpg","datePublished":"2021-07-02T04:29:37+00:00","dateModified":"2023-08-22T03:33:50+00:00","description":"\u0110\u00e8n Led pixel G60 s\u1eed d\u1ee5ng c\u00e1c h\u1ea1t \u0111\u00e8n \u0111\u1ee7 m\u00e0u c\u00f3 \u0111\u1ed9 s\u00e1ng cao SMD5050 RGB, v\u1edbi g\u00f3c ph\u00e1t s\u00e1ng l\u1edbn. S\u1eed d\u1ee5ng chip LED Epistar c\u1ee7a \u0110\u00e0i Loan","breadcrumb":{"@id":"https:\/\/vilight.vn\/website\/san-pham\/den-led-pixel\/trang-tri\/g-series\/den-led-vl-g60\/#breadcrumb"},"inLanguage":"vi","potentialAction":[{"@type":"ReadAction","target":["https:\/\/vilight.vn\/website\/san-pham\/den-led-pixel\/trang-tri\/g-series\/den-led-vl-g60\/"]}]},{"@type":"ImageObject","inLanguage":"vi","@id":"https:\/\/vilight.vn\/website\/san-pham\/den-led-pixel\/trang-tri\/g-series\/den-led-vl-g60\/#primaryimage","url":"https:\/\/vilight.vn\/website\/wp-content\/uploads\/2021\/07\/G60-1.jpg","contentUrl":"https:\/\/vilight.vn\/website\/wp-content\/uploads\/2021\/07\/G60-1.jpg","width":600,"height":600},{"@type":"BreadcrumbList","@id":"https:\/\/vilight.vn\/website\/san-pham\/den-led-pixel\/trang-tri\/g-series\/den-led-vl-g60\/#breadcrumb","itemListElement":[{"@type":"ListItem","position":1,"name":"Home","item":"https:\/\/vilight.vn\/website\/"},{"@type":"ListItem","position":2,"name":"store","item":"https:\/\/vilight.vn\/website\/store\/"},{"@type":"ListItem","position":3,"name":"\u0110\u00e8n Led VL-G60"}]},{"@type":"WebSite","@id":"https:\/\/vilight.vn\/website\/#website","url":"https:\/\/vilight.vn\/website\/","name":"Vilight Co.ltd","description":"Chi\u1ebfu s\u00e1ng m\u1ef9 thu\u1eadt, chi\u1ebfu s\u00e1ng th\u00f4ng minh, LED Pixel 3D, chi\u1ebfu s\u00e1ng trang tr\u00ed \u0111\u00f4 th\u1ecb, chi\u1ebfu s\u00e1ng v\u00f2ng xoay, chi\u1ebfu s\u00e1ng \u0111\u1ea3o giao th\u00f4ng, c\u1ed5ng ch\u00e0o \u0111\u00f4 th\u1ecb","publisher":{"@id":"https:\/\/vilight.vn\/website\/#organization"},"potentialAction":[{"@type":"SearchAction","target":{"@type":"EntryPoint","urlTemplate":"https:\/\/vilight.vn\/website\/?s={search_term_string}"},"query-input":{"@type":"PropertyValueSpecification","valueRequired":true,"valueName":"search_term_string"}}],"inLanguage":"vi"},{"@type":"Organization","@id":"https:\/\/vilight.vn\/website\/#organization","name":"Vilight","url":"https:\/\/vilight.vn\/website\/","logo":{"@type":"ImageObject","inLanguage":"vi","@id":"https:\/\/vilight.vn\/website\/#\/schema\/logo\/image\/","url":"https:\/\/vilight.vn\/website\/wp-content\/uploads\/2022\/05\/chieu_sang_trang_tri_do_thi_bang_den_led_pixel.png","contentUrl":"https:\/\/vilight.vn\/website\/wp-content\/uploads\/2022\/05\/chieu_sang_trang_tri_do_thi_bang_den_led_pixel.png","width":800,"height":427,"caption":"Vilight"},"image":{"@id":"https:\/\/vilight.vn\/website\/#\/schema\/logo\/image\/"},"sameAs":["http:\/\/facebook.com\/vilight.vn","https:\/\/www.linkedin.com\/company\/vilight-vn","https:\/\/www.youtube.com\/channel\/UCEwR2naeDcuarMX1kSv_rLQ\/videos"]}]},"product_brand":"G Series","product_price_currency":"VND","og_availability":"instock","product_availability":"instock","product_condition":"new"},"_links":{"self":[{"href":"https:\/\/vilight.vn\/website\/wp-json\/wp\/v2\/product\/1800","targetHints":{"allow":["GET"]}}],"collection":[{"href":"https:\/\/vilight.vn\/website\/wp-json\/wp\/v2\/product"}],"about":[{"href":"https:\/\/vilight.vn\/website\/wp-json\/wp\/v2\/types\/product"}],"wp:featuredmedia":[{"embeddable":true,"href":"https:\/\/vilight.vn\/website\/wp-json\/wp\/v2\/media\/1801"}],"wp:attachment":[{"href":"https:\/\/vilight.vn\/website\/wp-json\/wp\/v2\/media?parent=1800"}],"wp:term":[{"taxonomy":"product_brand","embeddable":true,"href":"https:\/\/vilight.vn\/website\/wp-json\/wp\/v2\/product_brand?post=1800"},{"taxonomy":"product_cat","embeddable":true,"href":"https:\/\/vilight.vn\/website\/wp-json\/wp\/v2\/product_cat?post=1800"},{"taxonomy":"product_tag","embeddable":true,"href":"https:\/\/vilight.vn\/website\/wp-json\/wp\/v2\/product_tag?post=1800"}],"curies":[{"name":"wp","href":"https:\/\/api.w.org\/{rel}","templated":true}]}}