{"id":1809,"date":"2021-07-02T11:34:19","date_gmt":"2021-07-02T04:34:19","guid":{"rendered":"https:\/\/vilight.vn\/website\/?post_type=product&#038;p=1809"},"modified":"2023-08-22T10:32:44","modified_gmt":"2023-08-22T03:32:44","slug":"den-led-vl-tp12","status":"publish","type":"product","link":"https:\/\/vilight.vn\/website\/san-pham\/den-led-pixel\/trang-tri\/tp-series\/den-led-vl-tp12\/","title":{"rendered":"\u0110\u00e8n Led VL-TP12"},"content":{"rendered":"<h2 style=\"text-align: justify;\"><span style=\"font-size: 18pt;\">\u0110\u00e8n Led VL-TP12: S\u1ef1 k\u1ebft h\u1ee3p ho\u00e0n h\u1ea3o gi\u1eefa ch\u1ea5t l\u01b0\u1ee3ng v\u00e0 ti\u1ec7n \u00edch<\/span><\/h2>\n<p style=\"text-align: justify;\"><span style=\"font-size: 14pt;\">\u0110\u00e8n Led VL-TP12 l\u00e0 m\u1ed9t trong nh\u1eefng s\u1ea3n ph\u1ea9m \u0111\u00e8n LED h\u00e0ng \u0111\u1ea7u tr\u00ean th\u1ecb tr\u01b0\u1eddng, \u0111\u01b0\u1ee3c t\u1ea1o ra b\u1eb1ng vi\u1ec7c s\u1eed d\u1ee5ng c\u00f4ng ngh\u1ec7 ti\u00ean ti\u1ebfn v\u00e0 v\u1eadt li\u1ec7u ch\u1ea5t l\u01b0\u1ee3ng cao. V\u1edbi c\u00e1c t\u00ednh n\u0103ng v\u01b0\u1ee3t tr\u1ed9i v\u00e0 hi\u1ec7u su\u1ea5t \u1ea5n t\u01b0\u1ee3ng, \u0111\u00e8n Led VL-TP12 mang \u0111\u1ebfn m\u1ed9t tr\u1ea3i nghi\u1ec7m chi\u1ebfu s\u00e1ng tuy\u1ec7t v\u1eddi cho m\u1ecdi kh\u00f4ng gian.<\/span><\/p>\n<p style=\"text-align: justify;\"><span style=\"font-size: 14pt;\">\u0110\u1ea7u ti\u00ean, \u0111\u00e8n Led VL-TP12 \u0111\u01b0\u1ee3c trang b\u1ecb c\u00f4ng ngh\u1ec7 5050 \u0111\u00e8n LED \u0111\u1ed9 s\u00e1ng cao RGB. Chip LED ch\u1ea5t l\u01b0\u1ee3ng cao c\u1ee7a h\u00e3ng Taiwan Epistar \u0111\u01b0\u1ee3c s\u1eed d\u1ee5ng, \u0111\u1ea3m b\u1ea3o \u0111\u1ed9 s\u00e1ng cao v\u00e0 \u0111\u1ed9 nh\u1ea5t qu\u00e1n trong m\u00e0u s\u1eafc \u00e1nh s\u00e1ng. Kh\u1ea3 n\u0103ng t\u00e1i t\u1ea1o m\u00e0u s\u1eafc ch\u00e2n th\u1ef1c v\u00e0 \u1ed5n \u0111\u1ecbnh c\u1ee7a \u0111\u00e8n Led VL-TP12 gi\u00fap t\u1ea1o ra m\u1ed9t kh\u00f4ng gian s\u1ed1ng v\u00e0 l\u00e0m vi\u1ec7c tr\u00e0n \u0111\u1ea7y s\u1ee9c s\u1ed1ng.<\/span><\/p>\n<p style=\"text-align: justify;\"><span style=\"font-size: 14pt;\"><a href=\"https:\/\/vilight.vn\/website\/wp-content\/uploads\/2021\/07\/TP12-pixel-light-1.jpg\"><img decoding=\"async\" class=\"wp-image-1849 size-full aligncenter lazyload\" data-src=\"https:\/\/vilight.vn\/website\/wp-content\/uploads\/2021\/07\/TP12-pixel-light-1.jpg\" alt=\"\u0111\u00e8n Led VL-TP12\" width=\"1200\" height=\"1520\" data-srcset=\"https:\/\/vilight.vn\/website\/wp-content\/uploads\/2021\/07\/TP12-pixel-light-1.jpg 1200w, https:\/\/vilight.vn\/website\/wp-content\/uploads\/2021\/07\/TP12-pixel-light-1-800x1013.jpg 800w, https:\/\/vilight.vn\/website\/wp-content\/uploads\/2021\/07\/TP12-pixel-light-1-237x300.jpg 237w, https:\/\/vilight.vn\/website\/wp-content\/uploads\/2021\/07\/TP12-pixel-light-1-808x1024.jpg 808w, https:\/\/vilight.vn\/website\/wp-content\/uploads\/2021\/07\/TP12-pixel-light-1-768x973.jpg 768w, https:\/\/vilight.vn\/website\/wp-content\/uploads\/2021\/07\/TP12-pixel-light-1-9x12.jpg 9w, https:\/\/vilight.vn\/website\/wp-content\/uploads\/2021\/07\/TP12-pixel-light-1-115x146.jpg 115w, https:\/\/vilight.vn\/website\/wp-content\/uploads\/2021\/07\/TP12-pixel-light-1-39x50.jpg 39w, https:\/\/vilight.vn\/website\/wp-content\/uploads\/2021\/07\/TP12-pixel-light-1-59x75.jpg 59w, https:\/\/vilight.vn\/website\/wp-content\/uploads\/2021\/07\/TP12-pixel-light-1-600x760.jpg 600w\" data-sizes=\"(max-width:767px) 480px, (max-width:1200px) 100vw, 1200px\" src=\"data:image\/svg+xml;base64,PHN2ZyB3aWR0aD0iMSIgaGVpZ2h0PSIxIiB4bWxucz0iaHR0cDovL3d3dy53My5vcmcvMjAwMC9zdmciPjwvc3ZnPg==\" style=\"--smush-placeholder-width: 1200px; --smush-placeholder-aspect-ratio: 1200\/1520;\" \/><\/a><\/span><\/p>\n<p style=\"text-align: justify;\"><span style=\"font-size: 14pt;\">\u0110\u1eb7c bi\u1ec7t, \u0111\u00e8n Led TP12 c\u00f3 \u0111\u1ed9 \u1ed5n \u0111\u1ecbnh cao v\u00e0 \u0111\u1ed9 b\u00e3o h\u00f2a m\u00e0u t\u1ed1t. \u0110i\u1ec1u n\u00e0y \u0111\u1ea3m b\u1ea3o r\u1eb1ng \u00e1nh s\u00e1ng t\u1eeb \u0111\u00e8n Led VL-TP12 kh\u00f4ng b\u1ecb nh\u1ea5p nh\u00e1y hay thay \u0111\u1ed5i m\u00e0u s\u1eafc kh\u00f4ng mong mu\u1ed1n. B\u1ea1n c\u00f3 th\u1ec3 tin t\u01b0\u1edfng v\u00e0o s\u1ef1 \u1ed5n \u0111\u1ecbnh v\u00e0 \u0111\u00e1ng tin c\u1eady c\u1ee7a \u0111\u00e8n Led n\u00e0y \u0111\u1ec3 mang \u0111\u1ebfn kh\u00f4ng gian chi\u1ebfu s\u00e1ng tuy\u1ec7t v\u1eddi.<\/span><\/p>\n<p style=\"text-align: justify;\"><span style=\"font-size: 14pt;\">M\u1ed9t trong nh\u1eefng l\u1ee3i th\u1ebf n\u1ed5i b\u1eadt c\u1ee7a \u0111\u00e8n TP12 l\u00e0 k\u1ebft c\u1ea5u kh\u1edbp n\u1ed1i \u0111\u1eb7c bi\u1ec7t, gi\u00fap n\u00f3 ph\u00f9 h\u1ee3p v\u1edbi m\u1ecdi lo\u1ea1i b\u1ea3ng. Vi\u1ec7c c\u00e0i \u0111\u1eb7t \u0111\u00e8n tr\u1edf n\u00ean d\u1ec5 d\u00e0ng v\u00e0 nhanh ch\u00f3ng h\u01a1n bao gi\u1edd h\u1ebft. B\u1ea1n ch\u1ec9 c\u1ea7n \u0111\u00e0o l\u1ed7 v\u00e0 g\u1eafn \u0111\u00e8n v\u00e0o v\u1ecb tr\u00ed mong mu\u1ed1n, kh\u00f4ng c\u1ea7n ph\u1ea3i lo l\u1eafng v\u1ec1 vi\u1ec7c c\u1eaft \u0111\u00fang k\u00edch th\u01b0\u1edbc ho\u1eb7c \u0111i\u1ec1u ch\u1ec9nh ph\u1ee9c t\u1ea1p. \u0110\u00e8n Led VL-TP12 th\u1ef1c s\u1ef1 mang l\u1ea1i s\u1ef1 ti\u1ec7n l\u1ee3i cho qu\u00e1 tr\u00ecnh l\u1eafp \u0111\u1eb7t.<\/span><\/p>\n<p style=\"text-align: justify;\"><span style=\"font-size: 14pt;\">\u0110\u1ec3 \u0111\u1ea3m b\u1ea3o t\u00ednh b\u1ec1n v\u1eefng v\u00e0 ch\u1ed1ng th\u1ea5m t\u1ed1t, \u0111\u00e8n Led TP12 s\u1eed d\u1ee5ng keo epoxy Ucs AB. V\u1edbi c\u01b0\u1eddng \u0111\u1ed9 n\u00e9n t\u1ed1t v\u00e0 kh\u1ea3 n\u0103ng ch\u1ed1ng th\u1ea5m cao, \u0111\u00e8n n\u00e0y \u0111\u01b0\u1ee3c b\u1ea3o v\u1ec7 kh\u1ecfi t\u00e1c \u0111\u1ed9ng c\u1ee7a m\u00f4i tr\u01b0\u1eddng v\u00e0 c\u00f3 tu\u1ed5i th\u1ecd ca<\/span><\/p>\n<p style=\"text-align: justify;\"><span style=\"font-size: 14pt;\">C\u00e1c s\u1ea3n ph\u1ea9m TP12 n\u00e0y \u0111\u01b0\u1ee3c t\u1ea1o ra b\u1edfi 5050 \u0111\u00e8n LED \u0111\u1ed9 s\u00e1ng cao RGB. S\u1eed d\u1ee5ng chip TaiWan Epistar \uff0c v\u1edbi \u0111\u1ed9 s\u00e1ng cao, \u0111\u1ed9 nh\u1ea5t qu\u00e1n m\u00e0u s\u00e1ng, \u0111\u1ed9 b\u00e3o h\u00f2a m\u00e0u t\u1ed1t stability \u0110\u1ed9 \u1ed5n \u0111\u1ecbnh cao, v.v. V\u1edbi k\u1ebft c\u1ea5u kh\u1edbp n\u1ed1i \u0111\u1eb7c bi\u1ec7t, ph\u00f9 h\u1ee3p v\u1edbi m\u1ecdi lo\u1ea1i b\u1ea3ng. Tr\u1ef1c ti\u1ebfp \u0111\u1ec3 c\u00e0i \u0111\u1eb7t sau khi \u0111\u00e0o l\u1ed7, c\u00e0i \u0111\u1eb7t d\u1ec5 d\u00e0ng v\u00e0 nhanh ch\u00f3ng, r\u1ea5t thu\u1eadn ti\u1ec7n. Keo epoxy Ucs AB, c\u01b0\u1eddng \u0111\u1ed9 n\u00e9n t\u1ed1t, l\u1edbp ch\u1ed1ng th\u1ea5m cao<\/span><\/p>\n<p style=\"text-align: justify;\"><span style=\"color: #ffffff; font-size: 14pt;\">\u0110\u00e8n led pixel TP12<\/span><\/p>\n","protected":false},"excerpt":{"rendered":"<p>\u0110\u00e8n Led VL-TP12: S\u1ef1 k\u1ebft h\u1ee3p ho\u00e0n h\u1ea3o gi\u1eefa ch\u1ea5t l\u01b0\u1ee3ng v\u00e0 ti\u1ec7n \u00edch \u0110\u00e8n Led VL-TP12 l\u00e0 m\u1ed9t trong nh\u1eefng s\u1ea3n ph\u1ea9m \u0111\u00e8n LED h\u00e0ng \u0111\u1ea7u tr\u00ean th\u1ecb tr\u01b0\u1eddng, \u0111\u01b0\u1ee3c t\u1ea1o ra b\u1eb1ng vi\u1ec7c s\u1eed d\u1ee5ng c\u00f4ng ngh\u1ec7 ti\u00ean ti\u1ebfn v\u00e0 v\u1eadt li\u1ec7u ch\u1ea5t l\u01b0\u1ee3ng cao. V\u1edbi c\u00e1c t\u00ednh<span class=\"excerpt-hellip\"> [\u2026]<\/span><\/p>\n","protected":false},"featured_media":1808,"template":"","meta":[],"product_brand":[],"product_cat":[300],"product_tag":[],"class_list":{"0":"post-1809","1":"product","2":"type-product","3":"status-publish","4":"has-post-thumbnail","6":"product_cat-tp-series","7":"pa_chip-led-cree","8":"pa_chip-led-epistar","9":"pa_chuan-dieu-khien-ttl","10":"pa_cong-suat-0-3w","11":"pa_dien-ap-hoat-dong-dc-5v","12":"pa_do-kin-ip65","13":"pa_goc-chieu-213","15":"first","16":"instock","17":"taxable","18":"shipping-taxable","19":"product-type-simple"},"yoast_head":"<!-- This site is optimized with the Yoast SEO Premium plugin v27.4 (Yoast SEO v27.4) - https:\/\/yoast.com\/product\/yoast-seo-premium-wordpress\/ -->\n<title>\u0110\u00e8n Led VL-TP12 - Vilight Co.ltd<\/title>\n<meta name=\"description\" content=\"\u0110\u00e8n Led VL-TP12 \u0111\u01b0\u1ee3c t\u1ea1o ra b\u1edfi 5050 \u0111\u00e8n LED \u0111\u1ed9 s\u00e1ng cao RGB. S\u1eed d\u1ee5ng chip TaiWan Epistar \uff0c v\u1edbi \u0111\u1ed9 s\u00e1ng cao, \u0111\u1ed9 nh\u1ea5t qu\u00e1n m\u00e0u s\u00e1ng, \u0111\u1ed9 b\u00e3o h\u00f2a m\u00e0u t\u1ed1t\" \/>\n<meta name=\"robots\" content=\"index, follow, max-snippet:-1, max-image-preview:large, max-video-preview:-1\" \/>\n<link rel=\"canonical\" href=\"https:\/\/vilight.vn\/website\/san-pham\/den-led-pixel\/trang-tri\/tp-series\/den-led-vl-tp12\/\" \/>\n<meta property=\"og:locale\" content=\"vi_VN\" \/>\n<meta property=\"og:type\" content=\"article\" \/>\n<meta property=\"og:title\" content=\"\u0110\u00e8n Led VL-TP12\" \/>\n<meta property=\"og:description\" content=\"\u0110\u00e8n Led VL-TP12: S\u1ef1 k\u1ebft h\u1ee3p ho\u00e0n h\u1ea3o gi\u1eefa ch\u1ea5t l\u01b0\u1ee3ng v\u00e0 ti\u1ec7n \u00edch \u0110\u00e8n Led VL-TP12 l\u00e0 m\u1ed9t trong nh\u1eefng s\u1ea3n ph\u1ea9m \u0111\u00e8n LED h\u00e0ng \u0111\u1ea7u tr\u00ean th\u1ecb tr\u01b0\u1eddng, \u0111\u01b0\u1ee3c t\u1ea1o ra\" \/>\n<meta property=\"og:url\" content=\"https:\/\/vilight.vn\/website\/san-pham\/den-led-pixel\/trang-tri\/tp-series\/den-led-vl-tp12\/\" \/>\n<meta property=\"og:site_name\" content=\"Vilight Co.ltd\" \/>\n<meta property=\"article:publisher\" content=\"http:\/\/facebook.com\/vilight.vn\" \/>\n<meta property=\"article:modified_time\" content=\"2023-08-22T03:32:44+00:00\" \/>\n<meta property=\"og:image\" content=\"https:\/\/vilight.vn\/website\/wp-content\/uploads\/2021\/07\/TP12.jpg\" \/>\n\t<meta property=\"og:image:width\" content=\"600\" \/>\n\t<meta property=\"og:image:height\" content=\"600\" \/>\n\t<meta property=\"og:image:type\" content=\"image\/jpeg\" \/>\n<meta name=\"twitter:card\" content=\"summary_large_image\" \/>\n<meta name=\"twitter:label1\" content=\"Gi\u00e1\" \/>\n\t<meta name=\"twitter:data1\" content=\"\" \/>\n\t<meta name=\"twitter:label2\" content=\"Kh\u1ea3 d\u1ee5ng\" \/>\n\t<meta name=\"twitter:data2\" content=\"Trong kho\" \/>\n<script type=\"application\/ld+json\" class=\"yoast-schema-graph\">{\"@context\":\"https:\\\/\\\/schema.org\",\"@graph\":[{\"@type\":\"WebPage\",\"@id\":\"https:\\\/\\\/vilight.vn\\\/website\\\/san-pham\\\/den-led-pixel\\\/trang-tri\\\/tp-series\\\/den-led-vl-tp12\\\/\",\"url\":\"https:\\\/\\\/vilight.vn\\\/website\\\/san-pham\\\/den-led-pixel\\\/trang-tri\\\/tp-series\\\/den-led-vl-tp12\\\/\",\"name\":\"\u0110\u00e8n Led VL-TP12 - Vilight Co.ltd\",\"isPartOf\":{\"@id\":\"https:\\\/\\\/vilight.vn\\\/website\\\/#website\"},\"primaryImageOfPage\":{\"@id\":\"https:\\\/\\\/vilight.vn\\\/website\\\/san-pham\\\/den-led-pixel\\\/trang-tri\\\/tp-series\\\/den-led-vl-tp12\\\/#primaryimage\"},\"image\":{\"@id\":\"https:\\\/\\\/vilight.vn\\\/website\\\/san-pham\\\/den-led-pixel\\\/trang-tri\\\/tp-series\\\/den-led-vl-tp12\\\/#primaryimage\"},\"thumbnailUrl\":\"https:\\\/\\\/vilight.vn\\\/website\\\/wp-content\\\/uploads\\\/2021\\\/07\\\/TP12.jpg\",\"datePublished\":\"2021-07-02T04:34:19+00:00\",\"dateModified\":\"2023-08-22T03:32:44+00:00\",\"description\":\"\u0110\u00e8n Led VL-TP12 \u0111\u01b0\u1ee3c t\u1ea1o ra b\u1edfi 5050 \u0111\u00e8n LED \u0111\u1ed9 s\u00e1ng cao RGB. S\u1eed d\u1ee5ng chip TaiWan Epistar \uff0c v\u1edbi \u0111\u1ed9 s\u00e1ng cao, \u0111\u1ed9 nh\u1ea5t qu\u00e1n m\u00e0u s\u00e1ng, \u0111\u1ed9 b\u00e3o h\u00f2a m\u00e0u t\u1ed1t\",\"breadcrumb\":{\"@id\":\"https:\\\/\\\/vilight.vn\\\/website\\\/san-pham\\\/den-led-pixel\\\/trang-tri\\\/tp-series\\\/den-led-vl-tp12\\\/#breadcrumb\"},\"inLanguage\":\"vi\",\"potentialAction\":[{\"@type\":\"ReadAction\",\"target\":[\"https:\\\/\\\/vilight.vn\\\/website\\\/san-pham\\\/den-led-pixel\\\/trang-tri\\\/tp-series\\\/den-led-vl-tp12\\\/\"]}]},{\"@type\":\"ImageObject\",\"inLanguage\":\"vi\",\"@id\":\"https:\\\/\\\/vilight.vn\\\/website\\\/san-pham\\\/den-led-pixel\\\/trang-tri\\\/tp-series\\\/den-led-vl-tp12\\\/#primaryimage\",\"url\":\"https:\\\/\\\/vilight.vn\\\/website\\\/wp-content\\\/uploads\\\/2021\\\/07\\\/TP12.jpg\",\"contentUrl\":\"https:\\\/\\\/vilight.vn\\\/website\\\/wp-content\\\/uploads\\\/2021\\\/07\\\/TP12.jpg\",\"width\":600,\"height\":600,\"caption\":\"\u0111\u00e8n Led VL-TP12\"},{\"@type\":\"BreadcrumbList\",\"@id\":\"https:\\\/\\\/vilight.vn\\\/website\\\/san-pham\\\/den-led-pixel\\\/trang-tri\\\/tp-series\\\/den-led-vl-tp12\\\/#breadcrumb\",\"itemListElement\":[{\"@type\":\"ListItem\",\"position\":1,\"name\":\"Home\",\"item\":\"https:\\\/\\\/vilight.vn\\\/website\\\/\"},{\"@type\":\"ListItem\",\"position\":2,\"name\":\"store\",\"item\":\"https:\\\/\\\/vilight.vn\\\/website\\\/store\\\/\"},{\"@type\":\"ListItem\",\"position\":3,\"name\":\"\u0110\u00e8n Led VL-TP12\"}]},{\"@type\":\"WebSite\",\"@id\":\"https:\\\/\\\/vilight.vn\\\/website\\\/#website\",\"url\":\"https:\\\/\\\/vilight.vn\\\/website\\\/\",\"name\":\"Vilight Co.ltd\",\"description\":\"Chi\u1ebfu s\u00e1ng m\u1ef9 thu\u1eadt, chi\u1ebfu s\u00e1ng th\u00f4ng minh, LED Pixel 3D, chi\u1ebfu s\u00e1ng trang tr\u00ed \u0111\u00f4 th\u1ecb, chi\u1ebfu s\u00e1ng v\u00f2ng xoay, chi\u1ebfu s\u00e1ng \u0111\u1ea3o giao th\u00f4ng, c\u1ed5ng ch\u00e0o \u0111\u00f4 th\u1ecb\",\"publisher\":{\"@id\":\"https:\\\/\\\/vilight.vn\\\/website\\\/#organization\"},\"potentialAction\":[{\"@type\":\"SearchAction\",\"target\":{\"@type\":\"EntryPoint\",\"urlTemplate\":\"https:\\\/\\\/vilight.vn\\\/website\\\/?s={search_term_string}\"},\"query-input\":{\"@type\":\"PropertyValueSpecification\",\"valueRequired\":true,\"valueName\":\"search_term_string\"}}],\"inLanguage\":\"vi\"},{\"@type\":\"Organization\",\"@id\":\"https:\\\/\\\/vilight.vn\\\/website\\\/#organization\",\"name\":\"Vilight\",\"url\":\"https:\\\/\\\/vilight.vn\\\/website\\\/\",\"logo\":{\"@type\":\"ImageObject\",\"inLanguage\":\"vi\",\"@id\":\"https:\\\/\\\/vilight.vn\\\/website\\\/#\\\/schema\\\/logo\\\/image\\\/\",\"url\":\"https:\\\/\\\/vilight.vn\\\/website\\\/wp-content\\\/uploads\\\/2022\\\/05\\\/chieu_sang_trang_tri_do_thi_bang_den_led_pixel.png\",\"contentUrl\":\"https:\\\/\\\/vilight.vn\\\/website\\\/wp-content\\\/uploads\\\/2022\\\/05\\\/chieu_sang_trang_tri_do_thi_bang_den_led_pixel.png\",\"width\":800,\"height\":427,\"caption\":\"Vilight\"},\"image\":{\"@id\":\"https:\\\/\\\/vilight.vn\\\/website\\\/#\\\/schema\\\/logo\\\/image\\\/\"},\"sameAs\":[\"http:\\\/\\\/facebook.com\\\/vilight.vn\",\"https:\\\/\\\/www.linkedin.com\\\/company\\\/vilight-vn\",\"https:\\\/\\\/www.youtube.com\\\/channel\\\/UCEwR2naeDcuarMX1kSv_rLQ\\\/videos\"]}]}<\/script>\n<meta property=\"product:brand\" content=\"TP Series\" \/>\n<meta property=\"product:price:currency\" content=\"VND\" \/>\n<meta property=\"og:availability\" content=\"instock\" \/>\n<meta property=\"product:availability\" content=\"instock\" \/>\n<meta property=\"product:condition\" content=\"new\" \/>\n<!-- \/ Yoast SEO Premium plugin. -->","yoast_head_json":{"title":"\u0110\u00e8n Led VL-TP12 - Vilight Co.ltd","description":"\u0110\u00e8n Led VL-TP12 \u0111\u01b0\u1ee3c t\u1ea1o ra b\u1edfi 5050 \u0111\u00e8n LED \u0111\u1ed9 s\u00e1ng cao RGB. S\u1eed d\u1ee5ng chip TaiWan Epistar \uff0c v\u1edbi \u0111\u1ed9 s\u00e1ng cao, \u0111\u1ed9 nh\u1ea5t qu\u00e1n m\u00e0u s\u00e1ng, \u0111\u1ed9 b\u00e3o h\u00f2a m\u00e0u t\u1ed1t","robots":{"index":"index","follow":"follow","max-snippet":"max-snippet:-1","max-image-preview":"max-image-preview:large","max-video-preview":"max-video-preview:-1"},"canonical":"https:\/\/vilight.vn\/website\/san-pham\/den-led-pixel\/trang-tri\/tp-series\/den-led-vl-tp12\/","og_locale":"vi_VN","og_type":"article","og_title":"\u0110\u00e8n Led VL-TP12","og_description":"\u0110\u00e8n Led VL-TP12: S\u1ef1 k\u1ebft h\u1ee3p ho\u00e0n h\u1ea3o gi\u1eefa ch\u1ea5t l\u01b0\u1ee3ng v\u00e0 ti\u1ec7n \u00edch \u0110\u00e8n Led VL-TP12 l\u00e0 m\u1ed9t trong nh\u1eefng s\u1ea3n ph\u1ea9m \u0111\u00e8n LED h\u00e0ng \u0111\u1ea7u tr\u00ean th\u1ecb tr\u01b0\u1eddng, \u0111\u01b0\u1ee3c t\u1ea1o ra","og_url":"https:\/\/vilight.vn\/website\/san-pham\/den-led-pixel\/trang-tri\/tp-series\/den-led-vl-tp12\/","og_site_name":"Vilight Co.ltd","article_publisher":"http:\/\/facebook.com\/vilight.vn","article_modified_time":"2023-08-22T03:32:44+00:00","og_image":[{"width":600,"height":600,"url":"https:\/\/vilight.vn\/website\/wp-content\/uploads\/2021\/07\/TP12.jpg","type":"image\/jpeg"}],"twitter_card":"summary_large_image","twitter_misc":{"Gi\u00e1":"","Kh\u1ea3 d\u1ee5ng":"Trong kho"},"schema":{"@context":"https:\/\/schema.org","@graph":[{"@type":"WebPage","@id":"https:\/\/vilight.vn\/website\/san-pham\/den-led-pixel\/trang-tri\/tp-series\/den-led-vl-tp12\/","url":"https:\/\/vilight.vn\/website\/san-pham\/den-led-pixel\/trang-tri\/tp-series\/den-led-vl-tp12\/","name":"\u0110\u00e8n Led VL-TP12 - Vilight Co.ltd","isPartOf":{"@id":"https:\/\/vilight.vn\/website\/#website"},"primaryImageOfPage":{"@id":"https:\/\/vilight.vn\/website\/san-pham\/den-led-pixel\/trang-tri\/tp-series\/den-led-vl-tp12\/#primaryimage"},"image":{"@id":"https:\/\/vilight.vn\/website\/san-pham\/den-led-pixel\/trang-tri\/tp-series\/den-led-vl-tp12\/#primaryimage"},"thumbnailUrl":"https:\/\/vilight.vn\/website\/wp-content\/uploads\/2021\/07\/TP12.jpg","datePublished":"2021-07-02T04:34:19+00:00","dateModified":"2023-08-22T03:32:44+00:00","description":"\u0110\u00e8n Led VL-TP12 \u0111\u01b0\u1ee3c t\u1ea1o ra b\u1edfi 5050 \u0111\u00e8n LED \u0111\u1ed9 s\u00e1ng cao RGB. S\u1eed d\u1ee5ng chip TaiWan Epistar \uff0c v\u1edbi \u0111\u1ed9 s\u00e1ng cao, \u0111\u1ed9 nh\u1ea5t qu\u00e1n m\u00e0u s\u00e1ng, \u0111\u1ed9 b\u00e3o h\u00f2a m\u00e0u t\u1ed1t","breadcrumb":{"@id":"https:\/\/vilight.vn\/website\/san-pham\/den-led-pixel\/trang-tri\/tp-series\/den-led-vl-tp12\/#breadcrumb"},"inLanguage":"vi","potentialAction":[{"@type":"ReadAction","target":["https:\/\/vilight.vn\/website\/san-pham\/den-led-pixel\/trang-tri\/tp-series\/den-led-vl-tp12\/"]}]},{"@type":"ImageObject","inLanguage":"vi","@id":"https:\/\/vilight.vn\/website\/san-pham\/den-led-pixel\/trang-tri\/tp-series\/den-led-vl-tp12\/#primaryimage","url":"https:\/\/vilight.vn\/website\/wp-content\/uploads\/2021\/07\/TP12.jpg","contentUrl":"https:\/\/vilight.vn\/website\/wp-content\/uploads\/2021\/07\/TP12.jpg","width":600,"height":600,"caption":"\u0111\u00e8n Led VL-TP12"},{"@type":"BreadcrumbList","@id":"https:\/\/vilight.vn\/website\/san-pham\/den-led-pixel\/trang-tri\/tp-series\/den-led-vl-tp12\/#breadcrumb","itemListElement":[{"@type":"ListItem","position":1,"name":"Home","item":"https:\/\/vilight.vn\/website\/"},{"@type":"ListItem","position":2,"name":"store","item":"https:\/\/vilight.vn\/website\/store\/"},{"@type":"ListItem","position":3,"name":"\u0110\u00e8n Led VL-TP12"}]},{"@type":"WebSite","@id":"https:\/\/vilight.vn\/website\/#website","url":"https:\/\/vilight.vn\/website\/","name":"Vilight Co.ltd","description":"Chi\u1ebfu s\u00e1ng m\u1ef9 thu\u1eadt, chi\u1ebfu s\u00e1ng th\u00f4ng minh, LED Pixel 3D, chi\u1ebfu s\u00e1ng trang tr\u00ed \u0111\u00f4 th\u1ecb, chi\u1ebfu s\u00e1ng v\u00f2ng xoay, chi\u1ebfu s\u00e1ng \u0111\u1ea3o giao th\u00f4ng, c\u1ed5ng ch\u00e0o \u0111\u00f4 th\u1ecb","publisher":{"@id":"https:\/\/vilight.vn\/website\/#organization"},"potentialAction":[{"@type":"SearchAction","target":{"@type":"EntryPoint","urlTemplate":"https:\/\/vilight.vn\/website\/?s={search_term_string}"},"query-input":{"@type":"PropertyValueSpecification","valueRequired":true,"valueName":"search_term_string"}}],"inLanguage":"vi"},{"@type":"Organization","@id":"https:\/\/vilight.vn\/website\/#organization","name":"Vilight","url":"https:\/\/vilight.vn\/website\/","logo":{"@type":"ImageObject","inLanguage":"vi","@id":"https:\/\/vilight.vn\/website\/#\/schema\/logo\/image\/","url":"https:\/\/vilight.vn\/website\/wp-content\/uploads\/2022\/05\/chieu_sang_trang_tri_do_thi_bang_den_led_pixel.png","contentUrl":"https:\/\/vilight.vn\/website\/wp-content\/uploads\/2022\/05\/chieu_sang_trang_tri_do_thi_bang_den_led_pixel.png","width":800,"height":427,"caption":"Vilight"},"image":{"@id":"https:\/\/vilight.vn\/website\/#\/schema\/logo\/image\/"},"sameAs":["http:\/\/facebook.com\/vilight.vn","https:\/\/www.linkedin.com\/company\/vilight-vn","https:\/\/www.youtube.com\/channel\/UCEwR2naeDcuarMX1kSv_rLQ\/videos"]}]},"product_brand":"TP Series","product_price_currency":"VND","og_availability":"instock","product_availability":"instock","product_condition":"new"},"_links":{"self":[{"href":"https:\/\/vilight.vn\/website\/wp-json\/wp\/v2\/product\/1809","targetHints":{"allow":["GET"]}}],"collection":[{"href":"https:\/\/vilight.vn\/website\/wp-json\/wp\/v2\/product"}],"about":[{"href":"https:\/\/vilight.vn\/website\/wp-json\/wp\/v2\/types\/product"}],"wp:featuredmedia":[{"embeddable":true,"href":"https:\/\/vilight.vn\/website\/wp-json\/wp\/v2\/media\/1808"}],"wp:attachment":[{"href":"https:\/\/vilight.vn\/website\/wp-json\/wp\/v2\/media?parent=1809"}],"wp:term":[{"taxonomy":"product_brand","embeddable":true,"href":"https:\/\/vilight.vn\/website\/wp-json\/wp\/v2\/product_brand?post=1809"},{"taxonomy":"product_cat","embeddable":true,"href":"https:\/\/vilight.vn\/website\/wp-json\/wp\/v2\/product_cat?post=1809"},{"taxonomy":"product_tag","embeddable":true,"href":"https:\/\/vilight.vn\/website\/wp-json\/wp\/v2\/product_tag?post=1809"}],"curies":[{"name":"wp","href":"https:\/\/api.w.org\/{rel}","templated":true}]}}