{"id":1812,"date":"2021-07-02T11:35:20","date_gmt":"2021-07-02T04:35:20","guid":{"rendered":"https:\/\/vilight.vn\/website\/?post_type=product&#038;p=1812"},"modified":"2023-08-22T10:33:07","modified_gmt":"2023-08-22T03:33:07","slug":"den-led-vl-tp19","status":"publish","type":"product","link":"https:\/\/vilight.vn\/website\/san-pham\/den-led-pixel\/trang-tri\/tp-series\/den-led-vl-tp19\/","title":{"rendered":"\u0110\u00e8n Led VL-TP19"},"content":{"rendered":"<h2 style=\"text-align: justify;\"><span style=\"font-size: 18pt;\">Gi\u1edbi thi\u1ec7u m\u1eabu \u0110\u00e8n Led VL-TP19<\/span><\/h2>\n<p style=\"text-align: justify;\"><span style=\"font-size: 14pt;\">\u0110\u00e8n LED VL-TP19 l\u00e0 m\u1ed9t m\u1eabu \u0111\u00e8n LED \u0111i\u1ec3m pixel \u0111\u01b0\u1ee3c thi\u1ebft k\u1ebf \u0111\u1eb7c bi\u1ec7t \u0111\u1ec3 s\u1eed d\u1ee5ng ngo\u00e0i tr\u1eddi. N\u00f3 c\u00f3 kh\u1ea3 n\u0103ng ch\u1ed1ng n\u01b0\u1edbc v\u1edbi \u0111\u1ed9 b\u1ea3o v\u1ec7 IP67, cho ph\u00e9p n\u00f3 ch\u1ecbu \u0111\u01b0\u1ee3c c\u00e1c t\u00e1c \u0111\u1ed9ng c\u1ee7a m\u00f4i tr\u01b0\u1eddng ngo\u00e0i tr\u1eddi nh\u01b0 m\u01b0a, b\u1ee5i, v\u00e0 \u0111\u1ed9 \u1ea9m cao.<\/span><\/p>\n<p style=\"text-align: justify;\"><span style=\"font-size: 14pt;\">\u0110\u00e8n LED n\u00e0y cung c\u1ea5p kh\u1ea3 n\u0103ng \u0111i\u1ec1u khi\u1ec3n th\u00f4ng qua giao th\u1ee9c DMX 512. DMX 512 l\u00e0 m\u1ed9t giao th\u1ee9c ph\u1ed5 bi\u1ebfn trong vi\u1ec7c \u0111i\u1ec1u khi\u1ec3n \u00e1nh s\u00e1ng, cho ph\u00e9p b\u1ea1n t\u1ea1o ra c\u00e1c hi\u1ec7u \u1ee9ng tuy\u1ec7t v\u1eddi b\u1eb1ng c\u00e1ch \u0111i\u1ec1u ch\u1ec9nh m\u00e0u s\u1eafc, \u0111\u1ed9 s\u00e1ng v\u00e0 c\u00e1c tham s\u1ed1 kh\u00e1c c\u1ee7a \u0111\u00e8n. Giao th\u1ee9c DMX 512 cho ph\u00e9p b\u1ea1n \u0111i\u1ec1u khi\u1ec3n t\u1eebng \u0111\u00e8n LED ri\u00eang l\u1ebb ho\u1eb7c nh\u00f3m \u0111\u00e8n \u0111\u1ec3 t\u1ea1o ra c\u00e1c hi\u1ec7u \u1ee9ng chi ti\u1ebft v\u00e0 \u0111a d\u1ea1ng.<\/span><\/p>\n<p style=\"text-align: justify;\"><span style=\"font-size: 14pt;\"><a href=\"https:\/\/vilight.vn\/website\/wp-content\/uploads\/2021\/07\/TP19.jpg\"><img decoding=\"async\" class=\"wp-image-1813 size-full aligncenter lazyload\" data-src=\"https:\/\/vilight.vn\/website\/wp-content\/uploads\/2021\/07\/TP19.jpg\" alt=\"\u0110\u00e8n Led VL-TP19\" width=\"600\" height=\"600\" data-srcset=\"https:\/\/vilight.vn\/website\/wp-content\/uploads\/2021\/07\/TP19.jpg 600w, https:\/\/vilight.vn\/website\/wp-content\/uploads\/2021\/07\/TP19-300x300.jpg 300w, https:\/\/vilight.vn\/website\/wp-content\/uploads\/2021\/07\/TP19-150x150.jpg 150w, https:\/\/vilight.vn\/website\/wp-content\/uploads\/2021\/07\/TP19-12x12.jpg 12w, https:\/\/vilight.vn\/website\/wp-content\/uploads\/2021\/07\/TP19-146x146.jpg 146w, https:\/\/vilight.vn\/website\/wp-content\/uploads\/2021\/07\/TP19-50x50.jpg 50w, https:\/\/vilight.vn\/website\/wp-content\/uploads\/2021\/07\/TP19-75x75.jpg 75w, https:\/\/vilight.vn\/website\/wp-content\/uploads\/2021\/07\/TP19-85x85.jpg 85w, https:\/\/vilight.vn\/website\/wp-content\/uploads\/2021\/07\/TP19-80x80.jpg 80w\" data-sizes=\"(max-width:767px) 480px, 600px\" src=\"data:image\/svg+xml;base64,PHN2ZyB3aWR0aD0iMSIgaGVpZ2h0PSIxIiB4bWxucz0iaHR0cDovL3d3dy53My5vcmcvMjAwMC9zdmciPjwvc3ZnPg==\" style=\"--smush-placeholder-width: 600px; --smush-placeholder-aspect-ratio: 600\/600;\" \/><\/a><\/span><\/p>\n<p style=\"text-align: justify;\"><span style=\"font-size: 14pt;\">V\u1edbi s\u1ef1 k\u1ebft h\u1ee3p gi\u1eefa \u0111\u00e8n LED VL-TP19 v\u00e0 \u0111i\u1ec1u khi\u1ec3n DMX 512, b\u1ea1n c\u00f3 th\u1ec3 t\u1ea1o ra c\u00e1c hi\u1ec7u \u1ee9ng trang tr\u00ed ngo\u00e0i tr\u1eddi tuy\u1ec7t v\u1eddi. B\u1ea1n c\u00f3 th\u1ec3 \u0111i\u1ec1u ch\u1ec9nh m\u00e0u s\u1eafc, thay \u0111\u1ed5i m\u1eabu s\u00e1ng, t\u1ea1o ra c\u00e1c chuy\u1ec3n \u0111\u1ed9ng v\u00e0 chuy\u1ec3n ti\u1ebfp m\u01b0\u1ee3t m\u00e0 gi\u1eefa c\u00e1c \u0111i\u1ec3m LED. S\u1ef1 linh ho\u1ea1t c\u1ee7a h\u1ec7 th\u1ed1ng DMX cho ph\u00e9p b\u1ea1n t\u1ea1o ra c\u00e1c hi\u1ec7u \u1ee9ng \u0111\u1ed9c \u0111\u00e1o v\u00e0 thay \u0111\u1ed5i ch\u00fang theo \u00fd mu\u1ed1n.<\/span><\/p>\n<p style=\"text-align: justify;\"><span style=\"font-size: 14pt;\">V\u1edbi t\u00ednh n\u0103ng b\u1ec1n b\u1ec9 v\u00e0 kh\u1ea3 n\u0103ng ch\u1ed1ng n\u01b0\u1edbc, \u0111\u00e8n LED VL-TP19 l\u00e0 l\u1ef1a ch\u1ecdn l\u00fd t\u01b0\u1edfng \u0111\u1ec3 trang tr\u00ed kh\u00f4ng gian ngo\u00e0i tr\u1eddi. B\u1ea1n c\u00f3 th\u1ec3 s\u1eed d\u1ee5ng ch\u00fang trong c\u00e1c s\u1ef1 ki\u1ec7n, qu\u1ea3ng c\u00e1o, c\u1ea3nh quan, hay b\u1ea5t k\u1ef3 n\u01a1i n\u00e0o b\u1ea1n mu\u1ed1n t\u1ea1o ra \u00e1nh s\u00e1ng v\u00e0 hi\u1ec7u \u1ee9ng \u0111\u1ed9c \u0111\u00e1o.<\/span><\/p>\n<p style=\"text-align: justify;\"><span style=\"color: #ffffff; font-size: 14pt;\">\u0110\u00e8n led tp19 , \u0111\u00e8n led pixel tp19. \u0110\u00e8n LED \u0111i\u1ec3m TP19 nh\u1eadp kh\u1ea9u ch\u00ednh h\u00e3ng b\u1edfi Vilight. C\u00f4ng ty TNHH Vilight l\u00e0 \u0111\u01a1n v\u1ecb nh\u1eadp kh\u1ea9u \u0111\u00e8n Pixel tp ch\u00ednh h\u00e3ng.\u00a0<\/span><\/p>\n","protected":false},"excerpt":{"rendered":"<p style=\"text-align: justify;\"><span style=\"font-size: 14pt;\">\u0110\u00e8n Led VL-TP19 &#8211; m\u1eabu \u0111\u00e8n Led \u0111i\u1ec3m Pixel chuy\u00ean d\u00f9ng ngo\u00e0i tr\u1eddi. B\u1ec1n b\u1ec9, ch\u1ed1ng n\u01b0\u1edbc IP67. \u0110i\u1ec1u khi\u1ec3n DMX 512. Trang tr\u00ed ngo\u1ea1i th\u1ea5t, t\u1ea1o hi\u1ec7u \u1ee9ng \u00e1nh s\u00e1ng tuy\u1ec7t v\u1eddi.<\/span><\/p>\n","protected":false},"featured_media":1813,"template":"","meta":[],"product_brand":[],"product_cat":[300],"product_tag":[],"class_list":{"0":"post-1812","1":"product","2":"type-product","3":"status-publish","4":"has-post-thumbnail","6":"product_cat-tp-series","8":"first","9":"instock","10":"taxable","11":"shipping-taxable","12":"product-type-simple"},"yoast_head":"<!-- This site is optimized with the Yoast SEO Premium plugin v27.4 (Yoast SEO v27.4) - https:\/\/yoast.com\/product\/yoast-seo-premium-wordpress\/ -->\n<title>\u0110\u00e8n Led VL-TP19 - Vilight Co.ltd<\/title>\n<meta name=\"description\" content=\"\u0110\u00e8n Led VL-TP19 - m\u1eabu \u0111\u00e8n Led \u0111i\u1ec3m Pixel chuy\u00ean d\u00f9ng ngo\u00e0i tr\u1eddi. B\u1ec1n b\u1ec9, ch\u1ed1ng n\u01b0\u1edbc IP67. \u0110i\u1ec1u khi\u1ec3n DMX 512. m\u00e0u s\u1eafc \u0111\u00e8n RGB\" \/>\n<meta name=\"robots\" content=\"index, follow, max-snippet:-1, max-image-preview:large, max-video-preview:-1\" \/>\n<link rel=\"canonical\" href=\"https:\/\/vilight.vn\/website\/san-pham\/den-led-pixel\/trang-tri\/tp-series\/den-led-vl-tp19\/\" \/>\n<meta property=\"og:locale\" content=\"vi_VN\" \/>\n<meta property=\"og:type\" content=\"article\" \/>\n<meta property=\"og:title\" content=\"\u0110\u00e8n Led VL-TP19\" \/>\n<meta property=\"og:description\" content=\"\u0110\u00e8n Led VL-TP19 - m\u1eabu \u0111\u00e8n Led \u0111i\u1ec3m Pixel chuy\u00ean d\u00f9ng ngo\u00e0i tr\u1eddi. B\u1ec1n b\u1ec9, ch\u1ed1ng n\u01b0\u1edbc IP67. \u0110i\u1ec1u khi\u1ec3n DMX 512. Trang tr\u00ed ngo\u1ea1i th\u1ea5t, t\u1ea1o hi\u1ec7u \u1ee9ng \u00e1nh s\u00e1ng tuy\u1ec7t v\u1eddi.\" \/>\n<meta property=\"og:url\" content=\"https:\/\/vilight.vn\/website\/san-pham\/den-led-pixel\/trang-tri\/tp-series\/den-led-vl-tp19\/\" \/>\n<meta property=\"og:site_name\" content=\"Vilight Co.ltd\" \/>\n<meta property=\"article:publisher\" content=\"http:\/\/facebook.com\/vilight.vn\" \/>\n<meta property=\"article:modified_time\" content=\"2023-08-22T03:33:07+00:00\" \/>\n<meta property=\"og:image\" content=\"https:\/\/vilight.vn\/website\/wp-content\/uploads\/2021\/07\/TP19.jpg\" \/>\n\t<meta property=\"og:image:width\" content=\"600\" \/>\n\t<meta property=\"og:image:height\" content=\"600\" \/>\n\t<meta property=\"og:image:type\" content=\"image\/jpeg\" \/>\n<meta name=\"twitter:card\" content=\"summary_large_image\" \/>\n<meta name=\"twitter:label1\" content=\"Gi\u00e1\" \/>\n\t<meta name=\"twitter:data1\" content=\"\" \/>\n\t<meta name=\"twitter:label2\" content=\"Kh\u1ea3 d\u1ee5ng\" \/>\n\t<meta name=\"twitter:data2\" content=\"Trong kho\" \/>\n<script type=\"application\/ld+json\" class=\"yoast-schema-graph\">{\"@context\":\"https:\\\/\\\/schema.org\",\"@graph\":[{\"@type\":\"WebPage\",\"@id\":\"https:\\\/\\\/vilight.vn\\\/website\\\/san-pham\\\/den-led-pixel\\\/trang-tri\\\/tp-series\\\/den-led-vl-tp19\\\/\",\"url\":\"https:\\\/\\\/vilight.vn\\\/website\\\/san-pham\\\/den-led-pixel\\\/trang-tri\\\/tp-series\\\/den-led-vl-tp19\\\/\",\"name\":\"\u0110\u00e8n Led VL-TP19 - Vilight Co.ltd\",\"isPartOf\":{\"@id\":\"https:\\\/\\\/vilight.vn\\\/website\\\/#website\"},\"primaryImageOfPage\":{\"@id\":\"https:\\\/\\\/vilight.vn\\\/website\\\/san-pham\\\/den-led-pixel\\\/trang-tri\\\/tp-series\\\/den-led-vl-tp19\\\/#primaryimage\"},\"image\":{\"@id\":\"https:\\\/\\\/vilight.vn\\\/website\\\/san-pham\\\/den-led-pixel\\\/trang-tri\\\/tp-series\\\/den-led-vl-tp19\\\/#primaryimage\"},\"thumbnailUrl\":\"https:\\\/\\\/vilight.vn\\\/website\\\/wp-content\\\/uploads\\\/2021\\\/07\\\/TP19.jpg\",\"datePublished\":\"2021-07-02T04:35:20+00:00\",\"dateModified\":\"2023-08-22T03:33:07+00:00\",\"description\":\"\u0110\u00e8n Led VL-TP19 - m\u1eabu \u0111\u00e8n Led \u0111i\u1ec3m Pixel chuy\u00ean d\u00f9ng ngo\u00e0i tr\u1eddi. B\u1ec1n b\u1ec9, ch\u1ed1ng n\u01b0\u1edbc IP67. \u0110i\u1ec1u khi\u1ec3n DMX 512. m\u00e0u s\u1eafc \u0111\u00e8n RGB\",\"breadcrumb\":{\"@id\":\"https:\\\/\\\/vilight.vn\\\/website\\\/san-pham\\\/den-led-pixel\\\/trang-tri\\\/tp-series\\\/den-led-vl-tp19\\\/#breadcrumb\"},\"inLanguage\":\"vi\",\"potentialAction\":[{\"@type\":\"ReadAction\",\"target\":[\"https:\\\/\\\/vilight.vn\\\/website\\\/san-pham\\\/den-led-pixel\\\/trang-tri\\\/tp-series\\\/den-led-vl-tp19\\\/\"]}]},{\"@type\":\"ImageObject\",\"inLanguage\":\"vi\",\"@id\":\"https:\\\/\\\/vilight.vn\\\/website\\\/san-pham\\\/den-led-pixel\\\/trang-tri\\\/tp-series\\\/den-led-vl-tp19\\\/#primaryimage\",\"url\":\"https:\\\/\\\/vilight.vn\\\/website\\\/wp-content\\\/uploads\\\/2021\\\/07\\\/TP19.jpg\",\"contentUrl\":\"https:\\\/\\\/vilight.vn\\\/website\\\/wp-content\\\/uploads\\\/2021\\\/07\\\/TP19.jpg\",\"width\":600,\"height\":600,\"caption\":\"\u0110\u00e8n Led VL-TP19\"},{\"@type\":\"BreadcrumbList\",\"@id\":\"https:\\\/\\\/vilight.vn\\\/website\\\/san-pham\\\/den-led-pixel\\\/trang-tri\\\/tp-series\\\/den-led-vl-tp19\\\/#breadcrumb\",\"itemListElement\":[{\"@type\":\"ListItem\",\"position\":1,\"name\":\"Home\",\"item\":\"https:\\\/\\\/vilight.vn\\\/website\\\/\"},{\"@type\":\"ListItem\",\"position\":2,\"name\":\"store\",\"item\":\"https:\\\/\\\/vilight.vn\\\/website\\\/store\\\/\"},{\"@type\":\"ListItem\",\"position\":3,\"name\":\"\u0110\u00e8n Led VL-TP19\"}]},{\"@type\":\"WebSite\",\"@id\":\"https:\\\/\\\/vilight.vn\\\/website\\\/#website\",\"url\":\"https:\\\/\\\/vilight.vn\\\/website\\\/\",\"name\":\"Vilight Co.ltd\",\"description\":\"Chi\u1ebfu s\u00e1ng m\u1ef9 thu\u1eadt, chi\u1ebfu s\u00e1ng th\u00f4ng minh, LED Pixel 3D, chi\u1ebfu s\u00e1ng trang tr\u00ed \u0111\u00f4 th\u1ecb, chi\u1ebfu s\u00e1ng v\u00f2ng xoay, chi\u1ebfu s\u00e1ng \u0111\u1ea3o giao th\u00f4ng, c\u1ed5ng ch\u00e0o \u0111\u00f4 th\u1ecb\",\"publisher\":{\"@id\":\"https:\\\/\\\/vilight.vn\\\/website\\\/#organization\"},\"potentialAction\":[{\"@type\":\"SearchAction\",\"target\":{\"@type\":\"EntryPoint\",\"urlTemplate\":\"https:\\\/\\\/vilight.vn\\\/website\\\/?s={search_term_string}\"},\"query-input\":{\"@type\":\"PropertyValueSpecification\",\"valueRequired\":true,\"valueName\":\"search_term_string\"}}],\"inLanguage\":\"vi\"},{\"@type\":\"Organization\",\"@id\":\"https:\\\/\\\/vilight.vn\\\/website\\\/#organization\",\"name\":\"Vilight\",\"url\":\"https:\\\/\\\/vilight.vn\\\/website\\\/\",\"logo\":{\"@type\":\"ImageObject\",\"inLanguage\":\"vi\",\"@id\":\"https:\\\/\\\/vilight.vn\\\/website\\\/#\\\/schema\\\/logo\\\/image\\\/\",\"url\":\"https:\\\/\\\/vilight.vn\\\/website\\\/wp-content\\\/uploads\\\/2022\\\/05\\\/chieu_sang_trang_tri_do_thi_bang_den_led_pixel.png\",\"contentUrl\":\"https:\\\/\\\/vilight.vn\\\/website\\\/wp-content\\\/uploads\\\/2022\\\/05\\\/chieu_sang_trang_tri_do_thi_bang_den_led_pixel.png\",\"width\":800,\"height\":427,\"caption\":\"Vilight\"},\"image\":{\"@id\":\"https:\\\/\\\/vilight.vn\\\/website\\\/#\\\/schema\\\/logo\\\/image\\\/\"},\"sameAs\":[\"http:\\\/\\\/facebook.com\\\/vilight.vn\",\"https:\\\/\\\/www.linkedin.com\\\/company\\\/vilight-vn\",\"https:\\\/\\\/www.youtube.com\\\/channel\\\/UCEwR2naeDcuarMX1kSv_rLQ\\\/videos\"]}]}<\/script>\n<meta property=\"product:brand\" content=\"TP Series\" \/>\n<meta property=\"product:price:currency\" content=\"VND\" \/>\n<meta property=\"og:availability\" content=\"instock\" \/>\n<meta property=\"product:availability\" content=\"instock\" \/>\n<meta property=\"product:condition\" content=\"new\" \/>\n<!-- \/ Yoast SEO Premium plugin. -->","yoast_head_json":{"title":"\u0110\u00e8n Led VL-TP19 - Vilight Co.ltd","description":"\u0110\u00e8n Led VL-TP19 - m\u1eabu \u0111\u00e8n Led \u0111i\u1ec3m Pixel chuy\u00ean d\u00f9ng ngo\u00e0i tr\u1eddi. B\u1ec1n b\u1ec9, ch\u1ed1ng n\u01b0\u1edbc IP67. \u0110i\u1ec1u khi\u1ec3n DMX 512. m\u00e0u s\u1eafc \u0111\u00e8n RGB","robots":{"index":"index","follow":"follow","max-snippet":"max-snippet:-1","max-image-preview":"max-image-preview:large","max-video-preview":"max-video-preview:-1"},"canonical":"https:\/\/vilight.vn\/website\/san-pham\/den-led-pixel\/trang-tri\/tp-series\/den-led-vl-tp19\/","og_locale":"vi_VN","og_type":"article","og_title":"\u0110\u00e8n Led VL-TP19","og_description":"\u0110\u00e8n Led VL-TP19 - m\u1eabu \u0111\u00e8n Led \u0111i\u1ec3m Pixel chuy\u00ean d\u00f9ng ngo\u00e0i tr\u1eddi. B\u1ec1n b\u1ec9, ch\u1ed1ng n\u01b0\u1edbc IP67. \u0110i\u1ec1u khi\u1ec3n DMX 512. Trang tr\u00ed ngo\u1ea1i th\u1ea5t, t\u1ea1o hi\u1ec7u \u1ee9ng \u00e1nh s\u00e1ng tuy\u1ec7t v\u1eddi.","og_url":"https:\/\/vilight.vn\/website\/san-pham\/den-led-pixel\/trang-tri\/tp-series\/den-led-vl-tp19\/","og_site_name":"Vilight Co.ltd","article_publisher":"http:\/\/facebook.com\/vilight.vn","article_modified_time":"2023-08-22T03:33:07+00:00","og_image":[{"width":600,"height":600,"url":"https:\/\/vilight.vn\/website\/wp-content\/uploads\/2021\/07\/TP19.jpg","type":"image\/jpeg"}],"twitter_card":"summary_large_image","twitter_misc":{"Gi\u00e1":"","Kh\u1ea3 d\u1ee5ng":"Trong kho"},"schema":{"@context":"https:\/\/schema.org","@graph":[{"@type":"WebPage","@id":"https:\/\/vilight.vn\/website\/san-pham\/den-led-pixel\/trang-tri\/tp-series\/den-led-vl-tp19\/","url":"https:\/\/vilight.vn\/website\/san-pham\/den-led-pixel\/trang-tri\/tp-series\/den-led-vl-tp19\/","name":"\u0110\u00e8n Led VL-TP19 - Vilight Co.ltd","isPartOf":{"@id":"https:\/\/vilight.vn\/website\/#website"},"primaryImageOfPage":{"@id":"https:\/\/vilight.vn\/website\/san-pham\/den-led-pixel\/trang-tri\/tp-series\/den-led-vl-tp19\/#primaryimage"},"image":{"@id":"https:\/\/vilight.vn\/website\/san-pham\/den-led-pixel\/trang-tri\/tp-series\/den-led-vl-tp19\/#primaryimage"},"thumbnailUrl":"https:\/\/vilight.vn\/website\/wp-content\/uploads\/2021\/07\/TP19.jpg","datePublished":"2021-07-02T04:35:20+00:00","dateModified":"2023-08-22T03:33:07+00:00","description":"\u0110\u00e8n Led VL-TP19 - m\u1eabu \u0111\u00e8n Led \u0111i\u1ec3m Pixel chuy\u00ean d\u00f9ng ngo\u00e0i tr\u1eddi. B\u1ec1n b\u1ec9, ch\u1ed1ng n\u01b0\u1edbc IP67. \u0110i\u1ec1u khi\u1ec3n DMX 512. m\u00e0u s\u1eafc \u0111\u00e8n RGB","breadcrumb":{"@id":"https:\/\/vilight.vn\/website\/san-pham\/den-led-pixel\/trang-tri\/tp-series\/den-led-vl-tp19\/#breadcrumb"},"inLanguage":"vi","potentialAction":[{"@type":"ReadAction","target":["https:\/\/vilight.vn\/website\/san-pham\/den-led-pixel\/trang-tri\/tp-series\/den-led-vl-tp19\/"]}]},{"@type":"ImageObject","inLanguage":"vi","@id":"https:\/\/vilight.vn\/website\/san-pham\/den-led-pixel\/trang-tri\/tp-series\/den-led-vl-tp19\/#primaryimage","url":"https:\/\/vilight.vn\/website\/wp-content\/uploads\/2021\/07\/TP19.jpg","contentUrl":"https:\/\/vilight.vn\/website\/wp-content\/uploads\/2021\/07\/TP19.jpg","width":600,"height":600,"caption":"\u0110\u00e8n Led VL-TP19"},{"@type":"BreadcrumbList","@id":"https:\/\/vilight.vn\/website\/san-pham\/den-led-pixel\/trang-tri\/tp-series\/den-led-vl-tp19\/#breadcrumb","itemListElement":[{"@type":"ListItem","position":1,"name":"Home","item":"https:\/\/vilight.vn\/website\/"},{"@type":"ListItem","position":2,"name":"store","item":"https:\/\/vilight.vn\/website\/store\/"},{"@type":"ListItem","position":3,"name":"\u0110\u00e8n Led VL-TP19"}]},{"@type":"WebSite","@id":"https:\/\/vilight.vn\/website\/#website","url":"https:\/\/vilight.vn\/website\/","name":"Vilight Co.ltd","description":"Chi\u1ebfu s\u00e1ng m\u1ef9 thu\u1eadt, chi\u1ebfu s\u00e1ng th\u00f4ng minh, LED Pixel 3D, chi\u1ebfu s\u00e1ng trang tr\u00ed \u0111\u00f4 th\u1ecb, chi\u1ebfu s\u00e1ng v\u00f2ng xoay, chi\u1ebfu s\u00e1ng \u0111\u1ea3o giao th\u00f4ng, c\u1ed5ng ch\u00e0o \u0111\u00f4 th\u1ecb","publisher":{"@id":"https:\/\/vilight.vn\/website\/#organization"},"potentialAction":[{"@type":"SearchAction","target":{"@type":"EntryPoint","urlTemplate":"https:\/\/vilight.vn\/website\/?s={search_term_string}"},"query-input":{"@type":"PropertyValueSpecification","valueRequired":true,"valueName":"search_term_string"}}],"inLanguage":"vi"},{"@type":"Organization","@id":"https:\/\/vilight.vn\/website\/#organization","name":"Vilight","url":"https:\/\/vilight.vn\/website\/","logo":{"@type":"ImageObject","inLanguage":"vi","@id":"https:\/\/vilight.vn\/website\/#\/schema\/logo\/image\/","url":"https:\/\/vilight.vn\/website\/wp-content\/uploads\/2022\/05\/chieu_sang_trang_tri_do_thi_bang_den_led_pixel.png","contentUrl":"https:\/\/vilight.vn\/website\/wp-content\/uploads\/2022\/05\/chieu_sang_trang_tri_do_thi_bang_den_led_pixel.png","width":800,"height":427,"caption":"Vilight"},"image":{"@id":"https:\/\/vilight.vn\/website\/#\/schema\/logo\/image\/"},"sameAs":["http:\/\/facebook.com\/vilight.vn","https:\/\/www.linkedin.com\/company\/vilight-vn","https:\/\/www.youtube.com\/channel\/UCEwR2naeDcuarMX1kSv_rLQ\/videos"]}]},"product_brand":"TP Series","product_price_currency":"VND","og_availability":"instock","product_availability":"instock","product_condition":"new"},"_links":{"self":[{"href":"https:\/\/vilight.vn\/website\/wp-json\/wp\/v2\/product\/1812","targetHints":{"allow":["GET"]}}],"collection":[{"href":"https:\/\/vilight.vn\/website\/wp-json\/wp\/v2\/product"}],"about":[{"href":"https:\/\/vilight.vn\/website\/wp-json\/wp\/v2\/types\/product"}],"wp:featuredmedia":[{"embeddable":true,"href":"https:\/\/vilight.vn\/website\/wp-json\/wp\/v2\/media\/1813"}],"wp:attachment":[{"href":"https:\/\/vilight.vn\/website\/wp-json\/wp\/v2\/media?parent=1812"}],"wp:term":[{"taxonomy":"product_brand","embeddable":true,"href":"https:\/\/vilight.vn\/website\/wp-json\/wp\/v2\/product_brand?post=1812"},{"taxonomy":"product_cat","embeddable":true,"href":"https:\/\/vilight.vn\/website\/wp-json\/wp\/v2\/product_cat?post=1812"},{"taxonomy":"product_tag","embeddable":true,"href":"https:\/\/vilight.vn\/website\/wp-json\/wp\/v2\/product_tag?post=1812"}],"curies":[{"name":"wp","href":"https:\/\/api.w.org\/{rel}","templated":true}]}}