{"id":2014,"date":"2021-07-08T11:22:44","date_gmt":"2021-07-08T04:22:44","guid":{"rendered":"https:\/\/vilight.vn\/website\/?post_type=product&#038;p=2014"},"modified":"2023-08-22T10:32:41","modified_gmt":"2023-08-22T03:32:41","slug":"den-led-thanh-vli21","status":"publish","type":"product","link":"https:\/\/vilight.vn\/website\/san-pham\/den-chieu-sang-facade\/den-led-thanh-vli21\/","title":{"rendered":"\u0110\u00e8n Led thanh VLi21"},"content":{"rendered":"<h2 style=\"text-align: justify;\"><span style=\"font-size: 18pt;\">Gi\u1edbi thi\u1ec7u m\u1eabu \u0111\u00e8n Led thanh VLi21<\/span><\/h2>\n<p style=\"text-align: justify;\"><span style=\"font-size: 14pt;\">\u0110\u00e8n LED VLi 21 l\u00e0 m\u1ed9t d\u00f2ng \u0111\u00e8n LED thanh \u0111\u01b0\u1ee3c thi\u1ebft k\u1ebf \u0111\u1ec3 pha s\u00e1ng c\u00e1c m\u1ea3ng t\u01b0\u1eddng v\u00e0 c\u00e1c c\u1ed9t trong c\u00e1c t\u00f2a nh\u00e0. \u0110\u00e8n c\u00f3 k\u00edch th\u01b0\u1edbc d\u00e0i v\u00e0 chi\u1ec1u d\u00e0i \u0111\u01b0\u1ee3c \u0111a d\u1ea1ng h\u00f3a \u0111\u1ec3 ph\u00f9 h\u1ee3p v\u1edbi nhu c\u1ea7u s\u1eed d\u1ee5ng kh\u00e1c nhau. C\u00f3 c\u00e1c l\u1ef1a ch\u1ecdn k\u00edch th\u01b0\u1edbc \u0111\u00e8n nh\u01b0 250mm, 300mm, 500mm, 750mm v\u00e0 1.000mm.<\/span><\/p>\n<p style=\"text-align: justify;\"><span style=\"font-size: 14pt;\">\u0110\u00e8n LED VLi21 c\u00f3 thi\u1ebft k\u1ebf m\u1ecfng v\u00e0 v\u1ecf \u0111\u00e8n \u0111\u01b0\u1ee3c l\u00e0m b\u1eb1ng nh\u00f4m \u0111\u00fac k\u1ef9 thu\u1eadt cao, \u0111\u01b0\u1ee3c s\u01a1n t\u0129nh \u0111i\u1ec7n \u0111\u1ec3 t\u0103ng t\u00ednh b\u1ec1n v\u00e0 b\u1ea3o v\u1ec7 \u0111\u00e8n kh\u1ecfi c\u00e1c y\u1ebfu t\u1ed1 m\u00f4i tr\u01b0\u1eddng.<\/span><\/p>\n<p style=\"text-align: justify;\"><span style=\"font-size: 14pt;\"><a href=\"https:\/\/vilight.vn\/website\/wp-content\/uploads\/2021\/07\/SL.jpg\"><img decoding=\"async\" class=\"wp-image-2020 size-full aligncenter lazyload\" data-src=\"https:\/\/vilight.vn\/website\/wp-content\/uploads\/2021\/07\/SL.jpg\" alt=\"\u0110\u00e8n Led thanh VLi21\" width=\"862\" height=\"451\" data-srcset=\"https:\/\/vilight.vn\/website\/wp-content\/uploads\/2021\/07\/SL.jpg 862w, https:\/\/vilight.vn\/website\/wp-content\/uploads\/2021\/07\/SL-800x419.jpg 800w, https:\/\/vilight.vn\/website\/wp-content\/uploads\/2021\/07\/SL-300x157.jpg 300w, https:\/\/vilight.vn\/website\/wp-content\/uploads\/2021\/07\/SL-768x402.jpg 768w, https:\/\/vilight.vn\/website\/wp-content\/uploads\/2021\/07\/SL-16x8.jpg 16w, https:\/\/vilight.vn\/website\/wp-content\/uploads\/2021\/07\/SL-260x136.jpg 260w, https:\/\/vilight.vn\/website\/wp-content\/uploads\/2021\/07\/SL-50x26.jpg 50w, https:\/\/vilight.vn\/website\/wp-content\/uploads\/2021\/07\/SL-143x75.jpg 143w, https:\/\/vilight.vn\/website\/wp-content\/uploads\/2021\/07\/SL-600x314.jpg 600w\" data-sizes=\"(max-width:767px) 480px, (max-width:862px) 100vw, 862px\" src=\"data:image\/svg+xml;base64,PHN2ZyB3aWR0aD0iMSIgaGVpZ2h0PSIxIiB4bWxucz0iaHR0cDovL3d3dy53My5vcmcvMjAwMC9zdmciPjwvc3ZnPg==\" style=\"--smush-placeholder-width: 862px; --smush-placeholder-aspect-ratio: 862\/451;\" \/><\/a><\/span><\/p>\n<p style=\"text-align: justify;\"><span style=\"font-size: 14pt;\">\u0110\u1eb7c bi\u1ec7t, \u0111\u00e8n LED VLi21 cung c\u1ea5p g\u00f3c chi\u1ebfu \u0111a d\u1ea1ng \u0111\u1ec3 ph\u00f9 h\u1ee3p v\u1edbi y\u00eau c\u1ea7u \u00e1nh s\u00e1ng c\u1ee5 th\u1ec3. C\u00f3 c\u00e1c t\u00f9y ch\u1ecdn g\u00f3c chi\u1ebfu pha h\u1eb9p, 10 \u0111\u1ed9 v\u00e0 20 \u0111\u1ed9, g\u00f3c pha v\u1eeba t\u1eeb 30 \u0111\u1ed9 \u0111\u1ebfn 60 \u0111\u1ed9 v\u00e0 g\u00f3c pha r\u1ed9ng 120 \u0111\u1ed9. \u0110i\u1ec1u n\u00e0y cho ph\u00e9p \u0111\u00e8n t\u1ea1o ra hi\u1ec7u \u1ee9ng s\u00e1ng ph\u00f9 h\u1ee3p cho vi\u1ec7c pha s\u00e1ng c\u00e1c m\u1ea3ng t\u01b0\u1eddng v\u00e0 c\u00e1c c\u1ed9t trong t\u00f2a nh\u00e0.<\/span><\/p>\n<p style=\"text-align: justify;\"><span style=\"font-size: 14pt;\">\u0110\u00e8n LED VLi21 l\u00e0 m\u1ed9t l\u1ef1a ch\u1ecdn ph\u1ed5 bi\u1ebfn \u0111\u1ec3 s\u1eed d\u1ee5ng trong c\u00e1c \u1ee9ng d\u1ee5ng chi\u1ebfu s\u00e1ng ki\u1ebfn tr\u00fac, nh\u01b0 pha s\u00e1ng c\u00e1c m\u1ea3ng t\u01b0\u1eddng \u0111\u1ec3 t\u1ea1o \u0111i\u1ec3m nh\u1ea5n, pha s\u00e1ng c\u00e1c c\u1ed9t \u0111\u1ec3 l\u00e0m n\u1ed5i b\u1eadt ki\u1ebfn tr\u00fac ho\u1eb7c t\u1ea1o \u00e1nh s\u00e1ng trang tr\u00ed.<\/span><\/p>\n","protected":false},"excerpt":{"rendered":"<p style=\"text-align: justify;\"><span style=\"font-size: 14pt;\">\u0110\u00e8n LED m\u00e1ng d\u00e0i, \u0110\u00e8n LED linear : L\u00e0 lo\u1ea1i \u0111\u00e8n c\u00f3 k\u00edch th\u01b0\u1edbc d\u00e0i, chi\u1ec1u d\u00e0i \u0111\u01b0\u1ee3c thi\u1ebft k\u1ebf \u0111a d\u1ea1ng theo nhu c\u1ea7u s\u1eed d\u1ee5ng nh\u01b0 250mm, 300mm, 500mm, 750mm, 1.000mm. \u0110\u00e8n \u0111\u01b0\u1ee3c thi\u1ebft k\u1ebf m\u1ecfng, v\u1ecf \u0111\u00e8n b\u1eb1ng nh\u00f4m \u0111\u00fac k\u1ef9 thu\u1eadt cao, s\u01a1n t\u0129nh \u0111i\u1ec7n. \u0110\u00e8n c\u00f3 g\u00f3c chi\u1ebfu \u0111a d\u1ea1ng t\u1eeb pha h\u1eb9p, 10 \u0111\u1ed9, 20 \u0111\u1ed9, g\u00f3c pha v\u1eeba 30 \u0111\u1ed9 &#8211; 60 \u0111\u1ed9 hay pha r\u1ed9ng, 120 \u0111\u1ed9.<\/span><\/p>\n<p style=\"text-align: justify;\">\n","protected":false},"featured_media":2018,"template":"","meta":[],"product_brand":[],"product_cat":[73],"product_tag":[],"class_list":{"0":"post-2014","1":"product","2":"type-product","3":"status-publish","4":"has-post-thumbnail","6":"product_cat-den-chieu-sang-facade","7":"pa_chip-led-cree","8":"pa_chip-led-lumileds","9":"pa_cong-suat-21w","10":"pa_dien-ap-hoat-dong-24vdc","11":"pa_do-kin-ip-66","12":"pa_goc-chieu-289","13":"pa_goc-chieu-308","14":"pa_goc-chieu-25x45","15":"pa_goc-chieu-233","16":"pa_goc-chieu-291","18":"first","19":"instock","20":"taxable","21":"shipping-taxable","22":"product-type-simple"},"yoast_head":"<!-- This site is optimized with the Yoast SEO Premium plugin v27.4 (Yoast SEO v27.4) - https:\/\/yoast.com\/product\/yoast-seo-premium-wordpress\/ -->\n<title>\u0110\u00e8n LED m\u00e1ng d\u00e0i 21W 24VDC, \u0111\u00e8n linear, \u0111\u00e8n wallwasher<\/title>\n<meta name=\"description\" content=\"\u0110\u00e8n Led thanh VLi21 c\u00f4ng su\u1ea5t 12W, 18W, 21w, 24w, 36W, \u0111\u00e8n LED Linear, \u0111\u00e8n Wallwasher pha s\u00e1ng m\u1ea3ng t\u01b0\u1edfng, pha s\u00e1ng c\u1ed9t vu\u00f4ng, d\u00e0i\" \/>\n<meta name=\"robots\" content=\"index, follow, max-snippet:-1, max-image-preview:large, max-video-preview:-1\" \/>\n<link rel=\"canonical\" href=\"https:\/\/vilight.vn\/website\/san-pham\/den-chieu-sang-facade\/den-led-thanh-vli21\/\" \/>\n<meta property=\"og:locale\" content=\"vi_VN\" \/>\n<meta property=\"og:type\" content=\"article\" \/>\n<meta property=\"og:title\" content=\"\u0110\u00e8n Led thanh VLi21\" \/>\n<meta property=\"og:description\" content=\"\u0110\u00e8n LED m\u00e1ng d\u00e0i, \u0110\u00e8n LED linear : L\u00e0 lo\u1ea1i \u0111\u00e8n c\u00f3 k\u00edch th\u01b0\u1edbc d\u00e0i, chi\u1ec1u d\u00e0i \u0111\u01b0\u1ee3c thi\u1ebft k\u1ebf \u0111a d\u1ea1ng theo nhu c\u1ea7u s\u1eed d\u1ee5ng nh\u01b0 250mm, 300mm, 500mm, 750mm, 1.000mm. \u0110\u00e8n \u0111\u01b0\u1ee3c thi\u1ebft k\u1ebf m\u1ecfng, v\u1ecf \u0111\u00e8n b\u1eb1ng nh\u00f4m \u0111\u00fac k\u1ef9 thu\u1eadt cao, s\u01a1n t\u0129nh \u0111i\u1ec7n. \u0110\u00e8n c\u00f3 g\u00f3c chi\u1ebfu \u0111a d\u1ea1ng t\u1eeb pha h\u1eb9p, 10 \u0111\u1ed9, 20 \u0111\u1ed9, g\u00f3c pha v\u1eeba 30 \u0111\u1ed9 - 60 \u0111\u1ed9 hay pha r\u1ed9ng, 120 \u0111\u1ed9.\" \/>\n<meta property=\"og:url\" content=\"https:\/\/vilight.vn\/website\/san-pham\/den-chieu-sang-facade\/den-led-thanh-vli21\/\" \/>\n<meta property=\"og:site_name\" content=\"Vilight Co.ltd\" \/>\n<meta property=\"article:publisher\" content=\"http:\/\/facebook.com\/vilight.vn\" \/>\n<meta property=\"article:modified_time\" content=\"2023-08-22T03:32:41+00:00\" \/>\n<meta property=\"og:image\" content=\"https:\/\/vilight.vn\/website\/wp-content\/uploads\/2021\/07\/SL-1321.jpg\" \/>\n\t<meta property=\"og:image:width\" content=\"599\" \/>\n\t<meta property=\"og:image:height\" content=\"600\" \/>\n\t<meta property=\"og:image:type\" content=\"image\/jpeg\" \/>\n<meta name=\"twitter:card\" content=\"summary_large_image\" \/>\n<meta name=\"twitter:label1\" content=\"Gi\u00e1\" \/>\n\t<meta name=\"twitter:data1\" content=\"\" \/>\n\t<meta name=\"twitter:label2\" content=\"Kh\u1ea3 d\u1ee5ng\" \/>\n\t<meta name=\"twitter:data2\" content=\"Trong kho\" \/>\n<script type=\"application\/ld+json\" class=\"yoast-schema-graph\">{\"@context\":\"https:\\\/\\\/schema.org\",\"@graph\":[{\"@type\":\"WebPage\",\"@id\":\"https:\\\/\\\/vilight.vn\\\/website\\\/san-pham\\\/den-chieu-sang-facade\\\/den-led-thanh-vli21\\\/\",\"url\":\"https:\\\/\\\/vilight.vn\\\/website\\\/san-pham\\\/den-chieu-sang-facade\\\/den-led-thanh-vli21\\\/\",\"name\":\"\u0110\u00e8n LED m\u00e1ng d\u00e0i 21W 24VDC, \u0111\u00e8n linear, \u0111\u00e8n wallwasher\",\"isPartOf\":{\"@id\":\"https:\\\/\\\/vilight.vn\\\/website\\\/#website\"},\"primaryImageOfPage\":{\"@id\":\"https:\\\/\\\/vilight.vn\\\/website\\\/san-pham\\\/den-chieu-sang-facade\\\/den-led-thanh-vli21\\\/#primaryimage\"},\"image\":{\"@id\":\"https:\\\/\\\/vilight.vn\\\/website\\\/san-pham\\\/den-chieu-sang-facade\\\/den-led-thanh-vli21\\\/#primaryimage\"},\"thumbnailUrl\":\"https:\\\/\\\/vilight.vn\\\/website\\\/wp-content\\\/uploads\\\/2021\\\/07\\\/SL-1321.jpg\",\"datePublished\":\"2021-07-08T04:22:44+00:00\",\"dateModified\":\"2023-08-22T03:32:41+00:00\",\"description\":\"\u0110\u00e8n Led thanh VLi21 c\u00f4ng su\u1ea5t 12W, 18W, 21w, 24w, 36W, \u0111\u00e8n LED Linear, \u0111\u00e8n Wallwasher pha s\u00e1ng m\u1ea3ng t\u01b0\u1edfng, pha s\u00e1ng c\u1ed9t vu\u00f4ng, d\u00e0i\",\"breadcrumb\":{\"@id\":\"https:\\\/\\\/vilight.vn\\\/website\\\/san-pham\\\/den-chieu-sang-facade\\\/den-led-thanh-vli21\\\/#breadcrumb\"},\"inLanguage\":\"vi\",\"potentialAction\":[{\"@type\":\"ReadAction\",\"target\":[\"https:\\\/\\\/vilight.vn\\\/website\\\/san-pham\\\/den-chieu-sang-facade\\\/den-led-thanh-vli21\\\/\"]}]},{\"@type\":\"ImageObject\",\"inLanguage\":\"vi\",\"@id\":\"https:\\\/\\\/vilight.vn\\\/website\\\/san-pham\\\/den-chieu-sang-facade\\\/den-led-thanh-vli21\\\/#primaryimage\",\"url\":\"https:\\\/\\\/vilight.vn\\\/website\\\/wp-content\\\/uploads\\\/2021\\\/07\\\/SL-1321.jpg\",\"contentUrl\":\"https:\\\/\\\/vilight.vn\\\/website\\\/wp-content\\\/uploads\\\/2021\\\/07\\\/SL-1321.jpg\",\"width\":599,\"height\":600,\"caption\":\"\u0111\u00e8n led thanh pha s\u00e1ng c\u00e1c c\u00f4ng tr\u00ecnh ngh\u1ec7 thu\u1eadt\"},{\"@type\":\"BreadcrumbList\",\"@id\":\"https:\\\/\\\/vilight.vn\\\/website\\\/san-pham\\\/den-chieu-sang-facade\\\/den-led-thanh-vli21\\\/#breadcrumb\",\"itemListElement\":[{\"@type\":\"ListItem\",\"position\":1,\"name\":\"Home\",\"item\":\"https:\\\/\\\/vilight.vn\\\/website\\\/\"},{\"@type\":\"ListItem\",\"position\":2,\"name\":\"store\",\"item\":\"https:\\\/\\\/vilight.vn\\\/website\\\/store\\\/\"},{\"@type\":\"ListItem\",\"position\":3,\"name\":\"\u0110\u00e8n Led thanh VLi21\"}]},{\"@type\":\"WebSite\",\"@id\":\"https:\\\/\\\/vilight.vn\\\/website\\\/#website\",\"url\":\"https:\\\/\\\/vilight.vn\\\/website\\\/\",\"name\":\"Vilight Co.ltd\",\"description\":\"Chi\u1ebfu s\u00e1ng m\u1ef9 thu\u1eadt, chi\u1ebfu s\u00e1ng th\u00f4ng minh, LED Pixel 3D, chi\u1ebfu s\u00e1ng trang tr\u00ed \u0111\u00f4 th\u1ecb, chi\u1ebfu s\u00e1ng v\u00f2ng xoay, chi\u1ebfu s\u00e1ng \u0111\u1ea3o giao th\u00f4ng, c\u1ed5ng ch\u00e0o \u0111\u00f4 th\u1ecb\",\"publisher\":{\"@id\":\"https:\\\/\\\/vilight.vn\\\/website\\\/#organization\"},\"potentialAction\":[{\"@type\":\"SearchAction\",\"target\":{\"@type\":\"EntryPoint\",\"urlTemplate\":\"https:\\\/\\\/vilight.vn\\\/website\\\/?s={search_term_string}\"},\"query-input\":{\"@type\":\"PropertyValueSpecification\",\"valueRequired\":true,\"valueName\":\"search_term_string\"}}],\"inLanguage\":\"vi\"},{\"@type\":\"Organization\",\"@id\":\"https:\\\/\\\/vilight.vn\\\/website\\\/#organization\",\"name\":\"Vilight\",\"url\":\"https:\\\/\\\/vilight.vn\\\/website\\\/\",\"logo\":{\"@type\":\"ImageObject\",\"inLanguage\":\"vi\",\"@id\":\"https:\\\/\\\/vilight.vn\\\/website\\\/#\\\/schema\\\/logo\\\/image\\\/\",\"url\":\"https:\\\/\\\/vilight.vn\\\/website\\\/wp-content\\\/uploads\\\/2022\\\/05\\\/chieu_sang_trang_tri_do_thi_bang_den_led_pixel.png\",\"contentUrl\":\"https:\\\/\\\/vilight.vn\\\/website\\\/wp-content\\\/uploads\\\/2022\\\/05\\\/chieu_sang_trang_tri_do_thi_bang_den_led_pixel.png\",\"width\":800,\"height\":427,\"caption\":\"Vilight\"},\"image\":{\"@id\":\"https:\\\/\\\/vilight.vn\\\/website\\\/#\\\/schema\\\/logo\\\/image\\\/\"},\"sameAs\":[\"http:\\\/\\\/facebook.com\\\/vilight.vn\",\"https:\\\/\\\/www.linkedin.com\\\/company\\\/vilight-vn\",\"https:\\\/\\\/www.youtube.com\\\/channel\\\/UCEwR2naeDcuarMX1kSv_rLQ\\\/videos\"]}]}<\/script>\n<meta property=\"product:brand\" content=\"\u0110\u00e8n chi\u1ebfu s\u00e1ng Facade\" \/>\n<meta property=\"product:price:currency\" content=\"VND\" \/>\n<meta property=\"og:availability\" content=\"instock\" \/>\n<meta property=\"product:availability\" content=\"instock\" \/>\n<meta property=\"product:condition\" content=\"new\" \/>\n<!-- \/ Yoast SEO Premium plugin. -->","yoast_head_json":{"title":"\u0110\u00e8n LED m\u00e1ng d\u00e0i 21W 24VDC, \u0111\u00e8n linear, \u0111\u00e8n wallwasher","description":"\u0110\u00e8n Led thanh VLi21 c\u00f4ng su\u1ea5t 12W, 18W, 21w, 24w, 36W, \u0111\u00e8n LED Linear, \u0111\u00e8n Wallwasher pha s\u00e1ng m\u1ea3ng t\u01b0\u1edfng, pha s\u00e1ng c\u1ed9t vu\u00f4ng, d\u00e0i","robots":{"index":"index","follow":"follow","max-snippet":"max-snippet:-1","max-image-preview":"max-image-preview:large","max-video-preview":"max-video-preview:-1"},"canonical":"https:\/\/vilight.vn\/website\/san-pham\/den-chieu-sang-facade\/den-led-thanh-vli21\/","og_locale":"vi_VN","og_type":"article","og_title":"\u0110\u00e8n Led thanh VLi21","og_description":"\u0110\u00e8n LED m\u00e1ng d\u00e0i, \u0110\u00e8n LED linear : L\u00e0 lo\u1ea1i \u0111\u00e8n c\u00f3 k\u00edch th\u01b0\u1edbc d\u00e0i, chi\u1ec1u d\u00e0i \u0111\u01b0\u1ee3c thi\u1ebft k\u1ebf \u0111a d\u1ea1ng theo nhu c\u1ea7u s\u1eed d\u1ee5ng nh\u01b0 250mm, 300mm, 500mm, 750mm, 1.000mm. \u0110\u00e8n \u0111\u01b0\u1ee3c thi\u1ebft k\u1ebf m\u1ecfng, v\u1ecf \u0111\u00e8n b\u1eb1ng nh\u00f4m \u0111\u00fac k\u1ef9 thu\u1eadt cao, s\u01a1n t\u0129nh \u0111i\u1ec7n. \u0110\u00e8n c\u00f3 g\u00f3c chi\u1ebfu \u0111a d\u1ea1ng t\u1eeb pha h\u1eb9p, 10 \u0111\u1ed9, 20 \u0111\u1ed9, g\u00f3c pha v\u1eeba 30 \u0111\u1ed9 - 60 \u0111\u1ed9 hay pha r\u1ed9ng, 120 \u0111\u1ed9.","og_url":"https:\/\/vilight.vn\/website\/san-pham\/den-chieu-sang-facade\/den-led-thanh-vli21\/","og_site_name":"Vilight Co.ltd","article_publisher":"http:\/\/facebook.com\/vilight.vn","article_modified_time":"2023-08-22T03:32:41+00:00","og_image":[{"width":599,"height":600,"url":"https:\/\/vilight.vn\/website\/wp-content\/uploads\/2021\/07\/SL-1321.jpg","type":"image\/jpeg"}],"twitter_card":"summary_large_image","twitter_misc":{"Gi\u00e1":"","Kh\u1ea3 d\u1ee5ng":"Trong kho"},"schema":{"@context":"https:\/\/schema.org","@graph":[{"@type":"WebPage","@id":"https:\/\/vilight.vn\/website\/san-pham\/den-chieu-sang-facade\/den-led-thanh-vli21\/","url":"https:\/\/vilight.vn\/website\/san-pham\/den-chieu-sang-facade\/den-led-thanh-vli21\/","name":"\u0110\u00e8n LED m\u00e1ng d\u00e0i 21W 24VDC, \u0111\u00e8n linear, \u0111\u00e8n wallwasher","isPartOf":{"@id":"https:\/\/vilight.vn\/website\/#website"},"primaryImageOfPage":{"@id":"https:\/\/vilight.vn\/website\/san-pham\/den-chieu-sang-facade\/den-led-thanh-vli21\/#primaryimage"},"image":{"@id":"https:\/\/vilight.vn\/website\/san-pham\/den-chieu-sang-facade\/den-led-thanh-vli21\/#primaryimage"},"thumbnailUrl":"https:\/\/vilight.vn\/website\/wp-content\/uploads\/2021\/07\/SL-1321.jpg","datePublished":"2021-07-08T04:22:44+00:00","dateModified":"2023-08-22T03:32:41+00:00","description":"\u0110\u00e8n Led thanh VLi21 c\u00f4ng su\u1ea5t 12W, 18W, 21w, 24w, 36W, \u0111\u00e8n LED Linear, \u0111\u00e8n Wallwasher pha s\u00e1ng m\u1ea3ng t\u01b0\u1edfng, pha s\u00e1ng c\u1ed9t vu\u00f4ng, d\u00e0i","breadcrumb":{"@id":"https:\/\/vilight.vn\/website\/san-pham\/den-chieu-sang-facade\/den-led-thanh-vli21\/#breadcrumb"},"inLanguage":"vi","potentialAction":[{"@type":"ReadAction","target":["https:\/\/vilight.vn\/website\/san-pham\/den-chieu-sang-facade\/den-led-thanh-vli21\/"]}]},{"@type":"ImageObject","inLanguage":"vi","@id":"https:\/\/vilight.vn\/website\/san-pham\/den-chieu-sang-facade\/den-led-thanh-vli21\/#primaryimage","url":"https:\/\/vilight.vn\/website\/wp-content\/uploads\/2021\/07\/SL-1321.jpg","contentUrl":"https:\/\/vilight.vn\/website\/wp-content\/uploads\/2021\/07\/SL-1321.jpg","width":599,"height":600,"caption":"\u0111\u00e8n led thanh pha s\u00e1ng c\u00e1c c\u00f4ng tr\u00ecnh ngh\u1ec7 thu\u1eadt"},{"@type":"BreadcrumbList","@id":"https:\/\/vilight.vn\/website\/san-pham\/den-chieu-sang-facade\/den-led-thanh-vli21\/#breadcrumb","itemListElement":[{"@type":"ListItem","position":1,"name":"Home","item":"https:\/\/vilight.vn\/website\/"},{"@type":"ListItem","position":2,"name":"store","item":"https:\/\/vilight.vn\/website\/store\/"},{"@type":"ListItem","position":3,"name":"\u0110\u00e8n Led thanh VLi21"}]},{"@type":"WebSite","@id":"https:\/\/vilight.vn\/website\/#website","url":"https:\/\/vilight.vn\/website\/","name":"Vilight Co.ltd","description":"Chi\u1ebfu s\u00e1ng m\u1ef9 thu\u1eadt, chi\u1ebfu s\u00e1ng th\u00f4ng minh, LED Pixel 3D, chi\u1ebfu s\u00e1ng trang tr\u00ed \u0111\u00f4 th\u1ecb, chi\u1ebfu s\u00e1ng v\u00f2ng xoay, chi\u1ebfu s\u00e1ng \u0111\u1ea3o giao th\u00f4ng, c\u1ed5ng ch\u00e0o \u0111\u00f4 th\u1ecb","publisher":{"@id":"https:\/\/vilight.vn\/website\/#organization"},"potentialAction":[{"@type":"SearchAction","target":{"@type":"EntryPoint","urlTemplate":"https:\/\/vilight.vn\/website\/?s={search_term_string}"},"query-input":{"@type":"PropertyValueSpecification","valueRequired":true,"valueName":"search_term_string"}}],"inLanguage":"vi"},{"@type":"Organization","@id":"https:\/\/vilight.vn\/website\/#organization","name":"Vilight","url":"https:\/\/vilight.vn\/website\/","logo":{"@type":"ImageObject","inLanguage":"vi","@id":"https:\/\/vilight.vn\/website\/#\/schema\/logo\/image\/","url":"https:\/\/vilight.vn\/website\/wp-content\/uploads\/2022\/05\/chieu_sang_trang_tri_do_thi_bang_den_led_pixel.png","contentUrl":"https:\/\/vilight.vn\/website\/wp-content\/uploads\/2022\/05\/chieu_sang_trang_tri_do_thi_bang_den_led_pixel.png","width":800,"height":427,"caption":"Vilight"},"image":{"@id":"https:\/\/vilight.vn\/website\/#\/schema\/logo\/image\/"},"sameAs":["http:\/\/facebook.com\/vilight.vn","https:\/\/www.linkedin.com\/company\/vilight-vn","https:\/\/www.youtube.com\/channel\/UCEwR2naeDcuarMX1kSv_rLQ\/videos"]}]},"product_brand":"\u0110\u00e8n chi\u1ebfu s\u00e1ng Facade","product_price_currency":"VND","og_availability":"instock","product_availability":"instock","product_condition":"new"},"_links":{"self":[{"href":"https:\/\/vilight.vn\/website\/wp-json\/wp\/v2\/product\/2014","targetHints":{"allow":["GET"]}}],"collection":[{"href":"https:\/\/vilight.vn\/website\/wp-json\/wp\/v2\/product"}],"about":[{"href":"https:\/\/vilight.vn\/website\/wp-json\/wp\/v2\/types\/product"}],"wp:featuredmedia":[{"embeddable":true,"href":"https:\/\/vilight.vn\/website\/wp-json\/wp\/v2\/media\/2018"}],"wp:attachment":[{"href":"https:\/\/vilight.vn\/website\/wp-json\/wp\/v2\/media?parent=2014"}],"wp:term":[{"taxonomy":"product_brand","embeddable":true,"href":"https:\/\/vilight.vn\/website\/wp-json\/wp\/v2\/product_brand?post=2014"},{"taxonomy":"product_cat","embeddable":true,"href":"https:\/\/vilight.vn\/website\/wp-json\/wp\/v2\/product_cat?post=2014"},{"taxonomy":"product_tag","embeddable":true,"href":"https:\/\/vilight.vn\/website\/wp-json\/wp\/v2\/product_tag?post=2014"}],"curies":[{"name":"wp","href":"https:\/\/api.w.org\/{rel}","templated":true}]}}