{"id":3585,"date":"2023-06-13T16:46:30","date_gmt":"2023-06-13T09:46:30","guid":{"rendered":"https:\/\/vilight.vn\/website\/?post_type=product&#038;p=3585"},"modified":"2024-10-02T09:29:32","modified_gmt":"2024-10-02T02:29:32","slug":"den-pha-vlf-03a","status":"publish","type":"product","link":"https:\/\/vilight.vn\/website\/san-pham\/den-chieu-sang-facade\/den-pha-vlf-03a\/","title":{"rendered":"\u0110\u00e8n pha VLF 3A"},"content":{"rendered":"<h2>\u0110\u00e8n pha h\u1eb9p 95W chi\u1ebfu s\u00e1ng ngh\u1ec7 thu\u1eadt :<\/h2>\n<p>\u0110\u00e8n pha th\u00f4ng minh ti\u1ebft ki\u1ec7m n\u0103ng l\u01b0\u1ee3ng, ch\u1ed1ng n\u01b0\u1edbc IP66 v\u00e0 thi\u1ebft k\u1ebf hi\u1ec7n \u0111\u1ea1i.<\/p>\n<p><a href=\"https:\/\/vilight.vn\/website\/wp-content\/uploads\/2023\/06\/Den-pha-VLF-03A-95W.jpg\"><img decoding=\"async\" data-src=\"https:\/\/vilight.vn\/website\/wp-content\/uploads\/2023\/06\/Den-pha-VLF-03A-95W.jpg\" alt=\"\u0110\u00e8n pha VL F3A\" src=\"data:image\/svg+xml;base64,PHN2ZyB3aWR0aD0iMSIgaGVpZ2h0PSIxIiB4bWxucz0iaHR0cDovL3d3dy53My5vcmcvMjAwMC9zdmciPjwvc3ZnPg==\" class=\"lazyload\" style=\"--smush-placeholder-width: 1200px; --smush-placeholder-aspect-ratio: 1200\/600;\" \/><\/a> \u0110\u00c8N PHA H\u1eb8P CHI\u1ebeU S\u00c1NG NGH\u1ec6 THU\u1eacT, \u0110\u00c8N PHA H\u1eb8P CHI\u1ebeU S\u00c1NG T\u01af\u1ee2NG \u0110\u00c0I<\/p>\n<h2>\u0110\u00e8n chi\u1ebfu xa 95W l\u00e0 lo\u1ea1i \u0111\u00e8n pha :<\/h2>\n<ul>\n<li>C\u00f3 \u00e1nh s\u00e1ng ph\u00e2n b\u1ed1 t\u1eadp trung, g\u00f3c chi\u1ebfu 5 \u0111\u1ed9.<\/li>\n<li>C\u00f3 c\u00e1c phi\u00ean b\u1ea3n g\u00f3c chi\u1ebfu kh\u00e1c nhau theo y\u00eau c\u1ea7u (30\/45\/60 \u0111\u1ed9).<\/li>\n<li>\u0110\u00e8n kh\u00f4ng g\u00e2y ch\u00f3i l\u00f3a, kh\u00f3 ch\u1ecbu khi nh\u00ecn \u0111\u1ed1i di\u1ec7n.<\/li>\n<li>Ph\u00f9 h\u1ee3p v\u1edbi c\u00e1c c\u00f4ng tr\u00ecnh \u0111\u00f2i h\u1ecfi \u00e1nh s\u00e1ng t\u1eadp trung.Ki\u1ec3u d\u00e1ng hi\u1ec7n \u0111\u1ea1i.<\/li>\n<li>S\u1eed d\u1ee5ng chip LED Osram ch\u1ea5t l\u01b0\u1ee3ng cao.<\/li>\n<li><a href=\"https:\/\/vilight.vn\/website\/wp-content\/uploads\/2022\/07\/chieu_sang_tuong_dai_chieu_sang_khuon_vien.jpg\"><img decoding=\"async\" data-src=\"https:\/\/vilight.vn\/website\/wp-content\/uploads\/2022\/07\/chieu_sang_tuong_dai_chieu_sang_khuon_vien.jpg\" alt=\"chi\u1ebfu s\u00e1ng t\u01b0\u1ee3ng \u0111\u00e0i chi\u1ebfn th\u1eafng\" src=\"data:image\/svg+xml;base64,PHN2ZyB3aWR0aD0iMSIgaGVpZ2h0PSIxIiB4bWxucz0iaHR0cDovL3d3dy53My5vcmcvMjAwMC9zdmciPjwvc3ZnPg==\" class=\"lazyload\" style=\"--smush-placeholder-width: 1360px; --smush-placeholder-aspect-ratio: 1360\/841;\" \/><\/a><\/li>\n<\/ul>\n<h2>Th\u00f4ng s\u1ed1 k\u1ef9 thu\u1eadt chi ti\u1ebft \u0111\u00e8n pha h\u1eb9p 95W\u00a0 :<\/h2>\n<ul>\n<li>M\u00e3 \u0111\u00e8n VL F3AS\u1ed1 l\u01b0\u1ee3ng Led27.<\/li>\n<li>C\u00f4ng su\u1ea5t \u0111\u00e8n95W.<\/li>\n<li>\u0110i\u1ec7n \u00e1p ho\u1ea1t \u0111\u1ed9ng100-277 VAC.<\/li>\n<li>\u0110i\u1ec1u khi\u1ec3nOn\/Offf.<\/li>\n<li>Nhi\u1ec7t \u0111\u1ed9 m\u00e0u 4000K\/3000K.<\/li>\n<li>H\u1ec7 s\u1ed1 c\u00f4ng su\u1ea5t&gt;0.9.<\/li>\n<li>Quang th\u00f4ng&gt; 6000 Lm.<\/li>\n<li>\u0110\u1ed9 ho\u00e0n m\u00e0u CRI&gt; 80<\/li>\n<li>G\u00f3c chi\u1ebfu5 \u0111\u1ed9<\/li>\n<li>Nhi\u1ec7t \u0111\u1ed9 ho\u1ea1t \u0111\u1ed9ng-35 t\u1edbi 50 \u0111\u1ed9 C<\/li>\n<li>\u0110\u1ed9 \u1ea9m ho\u1ea1t \u0111\u1ed9ng10- 90%<\/li>\n<li>Tu\u1ed5i th\u1ecd Chip Led&gt;70.000h<\/li>\n<li>C\u1ea5p b\u1ea3o v\u1ec7IP66<\/li>\n<li>C\u00e2n n\u1eb7ng12.4 Kg<br \/>\nhide<\/li>\n<\/ul>\n","protected":false},"excerpt":{"rendered":"<p style=\"text-align: justify;\"><span style=\"font-size: 12pt;\">VL F3A l\u00e0 m\u1ed9t \u0111\u00e8n pha v\u01b0\u1ee3t tr\u1ed9i, mang \u0111\u1ebfn ch\u1ea5t l\u01b0\u1ee3ng \u00e1nh s\u00e1ng trung th\u1ef1c \u0111\u1ec3 r\u1ecdi s\u00e1ng c\u00e1c ki\u1ebfn tr\u00fac v\u00e0 c\u00e2y xanh.<\/span><\/p>\n","protected":false},"featured_media":3586,"template":"","meta":[],"product_brand":[],"product_cat":[73,59,355],"product_tag":[358,359],"class_list":{"0":"post-3585","1":"product","2":"type-product","3":"status-publish","4":"has-post-thumbnail","6":"product_cat-den-chieu-sang-facade","7":"product_cat-den-roi-pha","8":"product_cat-f3-series","9":"product_tag-den-pha-vlf-03a","10":"product_tag-vl-f3-xxl-90r","11":"pa_chuan-dieu-khien-on-off","12":"pa_cong-suat-95w","13":"pa_dien-ap-hoat-dong-ac-100-277v","14":"pa_do-kin-ip-66","15":"pa_goc-chieu-4-5","16":"pa_nhiet-do-mau-4000k","17":"pa_vat-lieu-vo-hop-kim-kim-loai","19":"first","20":"instock","21":"taxable","22":"shipping-taxable","23":"purchasable","24":"product-type-simple"},"yoast_head":"<!-- This site is optimized with the Yoast SEO Premium plugin v27.4 (Yoast SEO v27.4) - https:\/\/yoast.com\/product\/yoast-seo-premium-wordpress\/ -->\n<title>\u0110\u00e8n Pha VL F3A - \u0110\u00e8n Pha h\u1eb9p 95W Chi\u1ebfu S\u00e1ng Ngh\u1ec7 Thu\u1eadt.<\/title>\n<meta name=\"description\" content=\"\u0110\u00e8n pha h\u1eb9p 95W, \u0111\u00e8n pha xa, chi\u1ebfu s\u00e1ng ngh\u1ec7 thu\u1eadt, t\u01b0\u1ee3ng \u0111\u00e0i, chi ti\u1ebft ki\u1ebfn tr\u00fac, c\u00e2y xanh, c\u1ea3nh quan. \u0110\u1ed9 ho\u00e0n m\u00e0u CRI 80, IP66.\" \/>\n<meta name=\"robots\" content=\"index, follow, max-snippet:-1, max-image-preview:large, max-video-preview:-1\" \/>\n<link rel=\"canonical\" href=\"https:\/\/vilight.vn\/website\/san-pham\/den-chieu-sang-facade\/den-pha-vlf-03a\/\" \/>\n<meta property=\"og:locale\" content=\"vi_VN\" \/>\n<meta property=\"og:type\" content=\"article\" \/>\n<meta property=\"og:title\" content=\"\u0110\u00e8n pha VLF 3A\" \/>\n<meta property=\"og:description\" content=\"VL F3A l\u00e0 m\u1ed9t \u0111\u00e8n pha v\u01b0\u1ee3t tr\u1ed9i, mang \u0111\u1ebfn ch\u1ea5t l\u01b0\u1ee3ng \u00e1nh s\u00e1ng trung th\u1ef1c \u0111\u1ec3 r\u1ecdi s\u00e1ng c\u00e1c ki\u1ebfn tr\u00fac v\u00e0 c\u00e2y xanh.\" \/>\n<meta property=\"og:url\" content=\"https:\/\/vilight.vn\/website\/san-pham\/den-chieu-sang-facade\/den-pha-vlf-03a\/\" \/>\n<meta property=\"og:site_name\" content=\"Vilight Co.ltd\" \/>\n<meta property=\"article:publisher\" content=\"http:\/\/facebook.com\/vilight.vn\" \/>\n<meta property=\"article:modified_time\" content=\"2024-10-02T02:29:32+00:00\" \/>\n<meta property=\"og:image\" content=\"https:\/\/vilight.vn\/website\/wp-content\/uploads\/2023\/06\/den-pha-VLF-03A.jpg\" \/>\n\t<meta property=\"og:image:width\" content=\"600\" \/>\n\t<meta property=\"og:image:height\" content=\"600\" \/>\n\t<meta property=\"og:image:type\" content=\"image\/jpeg\" \/>\n<meta name=\"twitter:card\" content=\"summary_large_image\" \/>\n<meta name=\"twitter:label1\" content=\"Gi\u00e1\" \/>\n\t<meta name=\"twitter:data1\" content=\"8.800.000&#8363;\" \/>\n\t<meta name=\"twitter:label2\" content=\"Kh\u1ea3 d\u1ee5ng\" \/>\n\t<meta name=\"twitter:data2\" content=\"Trong kho\" \/>\n<script type=\"application\/ld+json\" class=\"yoast-schema-graph\">{\"@context\":\"https:\\\/\\\/schema.org\",\"@graph\":[{\"@type\":\"WebPage\",\"@id\":\"https:\\\/\\\/vilight.vn\\\/website\\\/san-pham\\\/den-chieu-sang-facade\\\/den-pha-vlf-03a\\\/\",\"url\":\"https:\\\/\\\/vilight.vn\\\/website\\\/san-pham\\\/den-chieu-sang-facade\\\/den-pha-vlf-03a\\\/\",\"name\":\"\u0110\u00e8n Pha VL F3A - \u0110\u00e8n Pha h\u1eb9p 95W Chi\u1ebfu S\u00e1ng Ngh\u1ec7 Thu\u1eadt.\",\"isPartOf\":{\"@id\":\"https:\\\/\\\/vilight.vn\\\/website\\\/#website\"},\"primaryImageOfPage\":{\"@id\":\"https:\\\/\\\/vilight.vn\\\/website\\\/san-pham\\\/den-chieu-sang-facade\\\/den-pha-vlf-03a\\\/#primaryimage\"},\"image\":{\"@id\":\"https:\\\/\\\/vilight.vn\\\/website\\\/san-pham\\\/den-chieu-sang-facade\\\/den-pha-vlf-03a\\\/#primaryimage\"},\"thumbnailUrl\":\"https:\\\/\\\/vilight.vn\\\/website\\\/wp-content\\\/uploads\\\/2023\\\/06\\\/den-pha-VLF-03A.jpg\",\"datePublished\":\"2023-06-13T09:46:30+00:00\",\"dateModified\":\"2024-10-02T02:29:32+00:00\",\"description\":\"\u0110\u00e8n pha h\u1eb9p 95W, \u0111\u00e8n pha xa, chi\u1ebfu s\u00e1ng ngh\u1ec7 thu\u1eadt, t\u01b0\u1ee3ng \u0111\u00e0i, chi ti\u1ebft ki\u1ebfn tr\u00fac, c\u00e2y xanh, c\u1ea3nh quan. \u0110\u1ed9 ho\u00e0n m\u00e0u CRI 80, IP66.\",\"breadcrumb\":{\"@id\":\"https:\\\/\\\/vilight.vn\\\/website\\\/san-pham\\\/den-chieu-sang-facade\\\/den-pha-vlf-03a\\\/#breadcrumb\"},\"inLanguage\":\"vi\",\"potentialAction\":[{\"@type\":\"ReadAction\",\"target\":[\"https:\\\/\\\/vilight.vn\\\/website\\\/san-pham\\\/den-chieu-sang-facade\\\/den-pha-vlf-03a\\\/\"]}]},{\"@type\":\"ImageObject\",\"inLanguage\":\"vi\",\"@id\":\"https:\\\/\\\/vilight.vn\\\/website\\\/san-pham\\\/den-chieu-sang-facade\\\/den-pha-vlf-03a\\\/#primaryimage\",\"url\":\"https:\\\/\\\/vilight.vn\\\/website\\\/wp-content\\\/uploads\\\/2023\\\/06\\\/den-pha-VLF-03A.jpg\",\"contentUrl\":\"https:\\\/\\\/vilight.vn\\\/website\\\/wp-content\\\/uploads\\\/2023\\\/06\\\/den-pha-VLF-03A.jpg\",\"width\":600,\"height\":600,\"caption\":\"VL F3 XXL 90R\"},{\"@type\":\"BreadcrumbList\",\"@id\":\"https:\\\/\\\/vilight.vn\\\/website\\\/san-pham\\\/den-chieu-sang-facade\\\/den-pha-vlf-03a\\\/#breadcrumb\",\"itemListElement\":[{\"@type\":\"ListItem\",\"position\":1,\"name\":\"Home\",\"item\":\"https:\\\/\\\/vilight.vn\\\/website\\\/\"},{\"@type\":\"ListItem\",\"position\":2,\"name\":\"store\",\"item\":\"https:\\\/\\\/vilight.vn\\\/website\\\/store\\\/\"},{\"@type\":\"ListItem\",\"position\":3,\"name\":\"\u0110\u00e8n pha VLF 3A\"}]},{\"@type\":\"WebSite\",\"@id\":\"https:\\\/\\\/vilight.vn\\\/website\\\/#website\",\"url\":\"https:\\\/\\\/vilight.vn\\\/website\\\/\",\"name\":\"Vilight Co.ltd\",\"description\":\"Chi\u1ebfu s\u00e1ng m\u1ef9 thu\u1eadt, chi\u1ebfu s\u00e1ng th\u00f4ng minh, LED Pixel 3D, chi\u1ebfu s\u00e1ng trang tr\u00ed \u0111\u00f4 th\u1ecb, chi\u1ebfu s\u00e1ng v\u00f2ng xoay, chi\u1ebfu s\u00e1ng \u0111\u1ea3o giao th\u00f4ng, c\u1ed5ng ch\u00e0o \u0111\u00f4 th\u1ecb\",\"publisher\":{\"@id\":\"https:\\\/\\\/vilight.vn\\\/website\\\/#organization\"},\"potentialAction\":[{\"@type\":\"SearchAction\",\"target\":{\"@type\":\"EntryPoint\",\"urlTemplate\":\"https:\\\/\\\/vilight.vn\\\/website\\\/?s={search_term_string}\"},\"query-input\":{\"@type\":\"PropertyValueSpecification\",\"valueRequired\":true,\"valueName\":\"search_term_string\"}}],\"inLanguage\":\"vi\"},{\"@type\":\"Organization\",\"@id\":\"https:\\\/\\\/vilight.vn\\\/website\\\/#organization\",\"name\":\"Vilight\",\"url\":\"https:\\\/\\\/vilight.vn\\\/website\\\/\",\"logo\":{\"@type\":\"ImageObject\",\"inLanguage\":\"vi\",\"@id\":\"https:\\\/\\\/vilight.vn\\\/website\\\/#\\\/schema\\\/logo\\\/image\\\/\",\"url\":\"https:\\\/\\\/vilight.vn\\\/website\\\/wp-content\\\/uploads\\\/2022\\\/05\\\/chieu_sang_trang_tri_do_thi_bang_den_led_pixel.png\",\"contentUrl\":\"https:\\\/\\\/vilight.vn\\\/website\\\/wp-content\\\/uploads\\\/2022\\\/05\\\/chieu_sang_trang_tri_do_thi_bang_den_led_pixel.png\",\"width\":800,\"height\":427,\"caption\":\"Vilight\"},\"image\":{\"@id\":\"https:\\\/\\\/vilight.vn\\\/website\\\/#\\\/schema\\\/logo\\\/image\\\/\"},\"sameAs\":[\"http:\\\/\\\/facebook.com\\\/vilight.vn\",\"https:\\\/\\\/www.linkedin.com\\\/company\\\/vilight-vn\",\"https:\\\/\\\/www.youtube.com\\\/channel\\\/UCEwR2naeDcuarMX1kSv_rLQ\\\/videos\"]}]}<\/script>\n<meta property=\"product:brand\" content=\"\u0110\u00e8n chi\u1ebfu s\u00e1ng Facade\" \/>\n<meta property=\"product:price:amount\" content=\"8800000\" \/>\n<meta property=\"product:price:currency\" content=\"VND\" \/>\n<meta property=\"og:availability\" content=\"instock\" \/>\n<meta property=\"product:availability\" content=\"instock\" \/>\n<meta property=\"product:condition\" content=\"new\" \/>\n<!-- \/ Yoast SEO Premium plugin. -->","yoast_head_json":{"title":"\u0110\u00e8n Pha VL F3A - \u0110\u00e8n Pha h\u1eb9p 95W Chi\u1ebfu S\u00e1ng Ngh\u1ec7 Thu\u1eadt.","description":"\u0110\u00e8n pha h\u1eb9p 95W, \u0111\u00e8n pha xa, chi\u1ebfu s\u00e1ng ngh\u1ec7 thu\u1eadt, t\u01b0\u1ee3ng \u0111\u00e0i, chi ti\u1ebft ki\u1ebfn tr\u00fac, c\u00e2y xanh, c\u1ea3nh quan. \u0110\u1ed9 ho\u00e0n m\u00e0u CRI 80, IP66.","robots":{"index":"index","follow":"follow","max-snippet":"max-snippet:-1","max-image-preview":"max-image-preview:large","max-video-preview":"max-video-preview:-1"},"canonical":"https:\/\/vilight.vn\/website\/san-pham\/den-chieu-sang-facade\/den-pha-vlf-03a\/","og_locale":"vi_VN","og_type":"article","og_title":"\u0110\u00e8n pha VLF 3A","og_description":"VL F3A l\u00e0 m\u1ed9t \u0111\u00e8n pha v\u01b0\u1ee3t tr\u1ed9i, mang \u0111\u1ebfn ch\u1ea5t l\u01b0\u1ee3ng \u00e1nh s\u00e1ng trung th\u1ef1c \u0111\u1ec3 r\u1ecdi s\u00e1ng c\u00e1c ki\u1ebfn tr\u00fac v\u00e0 c\u00e2y xanh.","og_url":"https:\/\/vilight.vn\/website\/san-pham\/den-chieu-sang-facade\/den-pha-vlf-03a\/","og_site_name":"Vilight Co.ltd","article_publisher":"http:\/\/facebook.com\/vilight.vn","article_modified_time":"2024-10-02T02:29:32+00:00","og_image":[{"width":600,"height":600,"url":"https:\/\/vilight.vn\/website\/wp-content\/uploads\/2023\/06\/den-pha-VLF-03A.jpg","type":"image\/jpeg"}],"twitter_card":"summary_large_image","twitter_misc":{"Gi\u00e1":"8.800.000&#8363;","Kh\u1ea3 d\u1ee5ng":"Trong kho"},"schema":{"@context":"https:\/\/schema.org","@graph":[{"@type":"WebPage","@id":"https:\/\/vilight.vn\/website\/san-pham\/den-chieu-sang-facade\/den-pha-vlf-03a\/","url":"https:\/\/vilight.vn\/website\/san-pham\/den-chieu-sang-facade\/den-pha-vlf-03a\/","name":"\u0110\u00e8n Pha VL F3A - \u0110\u00e8n Pha h\u1eb9p 95W Chi\u1ebfu S\u00e1ng Ngh\u1ec7 Thu\u1eadt.","isPartOf":{"@id":"https:\/\/vilight.vn\/website\/#website"},"primaryImageOfPage":{"@id":"https:\/\/vilight.vn\/website\/san-pham\/den-chieu-sang-facade\/den-pha-vlf-03a\/#primaryimage"},"image":{"@id":"https:\/\/vilight.vn\/website\/san-pham\/den-chieu-sang-facade\/den-pha-vlf-03a\/#primaryimage"},"thumbnailUrl":"https:\/\/vilight.vn\/website\/wp-content\/uploads\/2023\/06\/den-pha-VLF-03A.jpg","datePublished":"2023-06-13T09:46:30+00:00","dateModified":"2024-10-02T02:29:32+00:00","description":"\u0110\u00e8n pha h\u1eb9p 95W, \u0111\u00e8n pha xa, chi\u1ebfu s\u00e1ng ngh\u1ec7 thu\u1eadt, t\u01b0\u1ee3ng \u0111\u00e0i, chi ti\u1ebft ki\u1ebfn tr\u00fac, c\u00e2y xanh, c\u1ea3nh quan. \u0110\u1ed9 ho\u00e0n m\u00e0u CRI 80, IP66.","breadcrumb":{"@id":"https:\/\/vilight.vn\/website\/san-pham\/den-chieu-sang-facade\/den-pha-vlf-03a\/#breadcrumb"},"inLanguage":"vi","potentialAction":[{"@type":"ReadAction","target":["https:\/\/vilight.vn\/website\/san-pham\/den-chieu-sang-facade\/den-pha-vlf-03a\/"]}]},{"@type":"ImageObject","inLanguage":"vi","@id":"https:\/\/vilight.vn\/website\/san-pham\/den-chieu-sang-facade\/den-pha-vlf-03a\/#primaryimage","url":"https:\/\/vilight.vn\/website\/wp-content\/uploads\/2023\/06\/den-pha-VLF-03A.jpg","contentUrl":"https:\/\/vilight.vn\/website\/wp-content\/uploads\/2023\/06\/den-pha-VLF-03A.jpg","width":600,"height":600,"caption":"VL F3 XXL 90R"},{"@type":"BreadcrumbList","@id":"https:\/\/vilight.vn\/website\/san-pham\/den-chieu-sang-facade\/den-pha-vlf-03a\/#breadcrumb","itemListElement":[{"@type":"ListItem","position":1,"name":"Home","item":"https:\/\/vilight.vn\/website\/"},{"@type":"ListItem","position":2,"name":"store","item":"https:\/\/vilight.vn\/website\/store\/"},{"@type":"ListItem","position":3,"name":"\u0110\u00e8n pha VLF 3A"}]},{"@type":"WebSite","@id":"https:\/\/vilight.vn\/website\/#website","url":"https:\/\/vilight.vn\/website\/","name":"Vilight Co.ltd","description":"Chi\u1ebfu s\u00e1ng m\u1ef9 thu\u1eadt, chi\u1ebfu s\u00e1ng th\u00f4ng minh, LED Pixel 3D, chi\u1ebfu s\u00e1ng trang tr\u00ed \u0111\u00f4 th\u1ecb, chi\u1ebfu s\u00e1ng v\u00f2ng xoay, chi\u1ebfu s\u00e1ng \u0111\u1ea3o giao th\u00f4ng, c\u1ed5ng ch\u00e0o \u0111\u00f4 th\u1ecb","publisher":{"@id":"https:\/\/vilight.vn\/website\/#organization"},"potentialAction":[{"@type":"SearchAction","target":{"@type":"EntryPoint","urlTemplate":"https:\/\/vilight.vn\/website\/?s={search_term_string}"},"query-input":{"@type":"PropertyValueSpecification","valueRequired":true,"valueName":"search_term_string"}}],"inLanguage":"vi"},{"@type":"Organization","@id":"https:\/\/vilight.vn\/website\/#organization","name":"Vilight","url":"https:\/\/vilight.vn\/website\/","logo":{"@type":"ImageObject","inLanguage":"vi","@id":"https:\/\/vilight.vn\/website\/#\/schema\/logo\/image\/","url":"https:\/\/vilight.vn\/website\/wp-content\/uploads\/2022\/05\/chieu_sang_trang_tri_do_thi_bang_den_led_pixel.png","contentUrl":"https:\/\/vilight.vn\/website\/wp-content\/uploads\/2022\/05\/chieu_sang_trang_tri_do_thi_bang_den_led_pixel.png","width":800,"height":427,"caption":"Vilight"},"image":{"@id":"https:\/\/vilight.vn\/website\/#\/schema\/logo\/image\/"},"sameAs":["http:\/\/facebook.com\/vilight.vn","https:\/\/www.linkedin.com\/company\/vilight-vn","https:\/\/www.youtube.com\/channel\/UCEwR2naeDcuarMX1kSv_rLQ\/videos"]}]},"product_brand":"\u0110\u00e8n chi\u1ebfu s\u00e1ng Facade","product_price_amount":"8800000","product_price_currency":"VND","og_availability":"instock","product_availability":"instock","product_condition":"new"},"_links":{"self":[{"href":"https:\/\/vilight.vn\/website\/wp-json\/wp\/v2\/product\/3585","targetHints":{"allow":["GET"]}}],"collection":[{"href":"https:\/\/vilight.vn\/website\/wp-json\/wp\/v2\/product"}],"about":[{"href":"https:\/\/vilight.vn\/website\/wp-json\/wp\/v2\/types\/product"}],"wp:featuredmedia":[{"embeddable":true,"href":"https:\/\/vilight.vn\/website\/wp-json\/wp\/v2\/media\/3586"}],"wp:attachment":[{"href":"https:\/\/vilight.vn\/website\/wp-json\/wp\/v2\/media?parent=3585"}],"wp:term":[{"taxonomy":"product_brand","embeddable":true,"href":"https:\/\/vilight.vn\/website\/wp-json\/wp\/v2\/product_brand?post=3585"},{"taxonomy":"product_cat","embeddable":true,"href":"https:\/\/vilight.vn\/website\/wp-json\/wp\/v2\/product_cat?post=3585"},{"taxonomy":"product_tag","embeddable":true,"href":"https:\/\/vilight.vn\/website\/wp-json\/wp\/v2\/product_tag?post=3585"}],"curies":[{"name":"wp","href":"https:\/\/api.w.org\/{rel}","templated":true}]}}