{"id":3600,"date":"2023-06-14T09:29:53","date_gmt":"2023-06-14T02:29:53","guid":{"rendered":"https:\/\/vilight.vn\/website\/?post_type=product&#038;p=3600"},"modified":"2024-10-02T09:19:00","modified_gmt":"2024-10-02T02:19:00","slug":"den-pha-vlf-03d","status":"publish","type":"product","link":"https:\/\/vilight.vn\/website\/san-pham\/den-chieu-sang-facade\/den-pha-vlf-03d\/","title":{"rendered":"\u0110\u00e8n pha VLF 03D"},"content":{"rendered":"<h2 style=\"text-align: justify;\"><span style=\"font-size: 18pt;\">\u0110\u00e8n pha VLF 03D &#8211; S\u1ef1 l\u1ef1a ch\u1ecdn ho\u00e0n h\u1ea3o cho \u00e1nh s\u00e1ng \u0111a n\u0103ng v\u00e0 b\u1ec1n b\u1ec9.<\/span><\/h2>\n<p style=\"text-align: justify;\"><span style=\"font-size: 14pt;\">\u0110\u00e8n pha VLF 03D l\u00e0 m\u1ed9t m\u1eabu \u0111\u00e8n pha hi\u1ec7u qu\u1ea3 c\u00f3 c\u00f4ng su\u1ea5t 33W, \u0111\u01b0\u1ee3c thi\u1ebft k\u1ebf \u0111\u1ec3 \u0111\u00e1p \u1ee9ng nhi\u1ec1u m\u1ee5c \u0111\u00edch chi\u1ebfu s\u00e1ng kh\u00e1c nhau. V\u1edbi nh\u1eefng \u01b0u \u0111i\u1ec3m v\u01b0\u1ee3t tr\u1ed9i, \u0111\u00e8n pha n\u00e0y kh\u00f4ng ch\u1ec9 th\u00edch h\u1ee3p cho vi\u1ec7c chi\u1ebfu s\u00e1ng c\u00e1c c\u00f4ng tr\u00ecnh ki\u1ebfn tr\u00fac m\u00e0 c\u00f2n r\u1ea5t l\u00fd t\u01b0\u1edfng cho vi\u1ec7c chi\u1ebfu s\u00e1ng c\u1ea3nh quan, c\u00e2y xanh v\u00e0 nhi\u1ec1u \u1ee9ng d\u1ee5ng kh\u00e1c.<\/span><\/p>\n<p style=\"text-align: justify;\"><span style=\"font-size: 14pt;\"><a href=\"https:\/\/vilight.vn\/website\/wp-content\/uploads\/2023\/06\/Den-pha-sang-VF03-D.jpg\"><img decoding=\"async\" class=\"aligncenter wp-image-3602 lazyload\" data-src=\"https:\/\/vilight.vn\/website\/wp-content\/uploads\/2023\/06\/Den-pha-sang-VF03-D.jpg\" alt=\"\u0110\u00e8n pha VLF 03D\" width=\"1200\" height=\"600\" data-srcset=\"https:\/\/vilight.vn\/website\/wp-content\/uploads\/2023\/06\/Den-pha-sang-VF03-D.jpg 1200w, https:\/\/vilight.vn\/website\/wp-content\/uploads\/2023\/06\/Den-pha-sang-VF03-D-800x400.jpg 800w, https:\/\/vilight.vn\/website\/wp-content\/uploads\/2023\/06\/Den-pha-sang-VF03-D-300x150.jpg 300w, https:\/\/vilight.vn\/website\/wp-content\/uploads\/2023\/06\/Den-pha-sang-VF03-D-1024x512.jpg 1024w, https:\/\/vilight.vn\/website\/wp-content\/uploads\/2023\/06\/Den-pha-sang-VF03-D-768x384.jpg 768w, https:\/\/vilight.vn\/website\/wp-content\/uploads\/2023\/06\/Den-pha-sang-VF03-D-18x9.jpg 18w, https:\/\/vilight.vn\/website\/wp-content\/uploads\/2023\/06\/Den-pha-sang-VF03-D-150x75.jpg 150w, https:\/\/vilight.vn\/website\/wp-content\/uploads\/2023\/06\/Den-pha-sang-VF03-D-480x240.jpg 480w\" data-sizes=\"(max-width:767px) 480px, (max-width:1200px) 100vw, 1200px\" src=\"data:image\/svg+xml;base64,PHN2ZyB3aWR0aD0iMSIgaGVpZ2h0PSIxIiB4bWxucz0iaHR0cDovL3d3dy53My5vcmcvMjAwMC9zdmciPjwvc3ZnPg==\" style=\"--smush-placeholder-width: 1200px; --smush-placeholder-aspect-ratio: 1200\/600;\" \/><\/a><\/span><\/p>\n<p style=\"text-align: justify;\"><span style=\"font-size: 14pt;\">V\u1edbi c\u00f4ng su\u1ea5t 33W, \u0111\u00e8n pha VLF 03D mang l\u1ea1i \u00e1nh s\u00e1ng m\u1ea1nh m\u1ebd v\u00e0 r\u00f5 r\u00e0ng. \u0110\u00e2y l\u00e0 c\u00f4ng su\u1ea5t l\u00fd t\u01b0\u1edfng \u0111\u1ec3 chi\u1ebfu s\u00e1ng c\u00e1c khu v\u1ef1c l\u1edbn, nh\u01b0 c\u00f4ng tr\u00ecnh x\u00e2y d\u1ef1ng, khu v\u1ef1c c\u00f4ng c\u1ed9ng hay s\u00e2n v\u01b0\u1eddn. V\u1edbi \u00e1nh s\u00e1ng s\u00e1ng r\u1ef1c n\u00e0y, b\u1ea1n c\u00f3 th\u1ec3 t\u1ea1o ra kh\u00f4ng gian s\u00e1ng \u0111\u1eb9p v\u00e0 thu h\u00fat s\u1ef1 ch\u00fa \u00fd.<\/span><\/p>\n<p style=\"text-align: justify;\"><span style=\"font-size: 14pt;\">M\u1ed9t trong nh\u1eefng \u01b0u \u0111i\u1ec3m quan tr\u1ecdng c\u1ee7a \u0111\u00e8n pha VLF 03D \u0111\u00f3 l\u00e0 kh\u1ea3 n\u0103ng ch\u1ed1ng th\u1ea5m n\u01b0\u1edbc. V\u1edbi \u0111\u1ed9 k\u00edn n\u01b0\u1edbc IP 66, \u0111\u00e8n pha n\u00e0y c\u00f3 kh\u1ea3 n\u0103ng ho\u1ea1t \u0111\u1ed9ng b\u1ec1n b\u1ec9 d\u01b0\u1edbi m\u1ecdi \u0111i\u1ec1u ki\u1ec7n th\u1eddi ti\u1ebft kh\u1eafc nhi\u1ec7t. B\u1ea5t k\u1ec3 tr\u1eddi m\u01b0a, tr\u1eddi n\u1eafng hay th\u1eadm ch\u00ed trong \u0111i\u1ec1u ki\u1ec7n m\u00f4i tr\u01b0\u1eddng kh\u1eafc nhi\u1ec7t, \u0111\u00e8n pha VLF 03D v\u1eabn gi\u1eef \u0111\u01b0\u1ee3c hi\u1ec7u su\u1ea5t \u00e1nh s\u00e1ng t\u1ed1t v\u00e0 \u0111\u1ed9 tin c\u1eady cao.<\/span><\/p>\n<p style=\"text-align: justify;\"><span style=\"font-size: 14pt;\">\u0110\u00e8n pha VLF 03D l\u00e0 m\u1ed9t s\u1ea3n ph\u1ea9m \u0111\u01b0\u1ee3c ph\u00e2n ph\u1ed1i b\u1edfi c\u00f4ng ty TNHH Vilight, m\u1ed9t \u0111\u01a1n v\u1ecb chuy\u00ean thi\u1ebft k\u1ebf, cung c\u1ea5p v\u00e0 thi c\u00f4ng c\u00e1c s\u1ea3n ph\u1ea9m li\u00ean quan trong l\u0129nh v\u1ef1c chi\u1ebfu s\u00e1ng. Vilight \u0111\u00e3 c\u00f3 nhi\u1ec1u n\u0103m kinh nghi\u1ec7m trong ng\u00e0nh v\u00e0 \u0111\u01b0\u1ee3c bi\u1ebft \u0111\u1ebfn v\u1edbi ch\u1ea5t l\u01b0\u1ee3ng s\u1ea3n ph\u1ea9m \u0111\u00e1ng tin c\u1eady c\u00f9ng d\u1ecbch v\u1ee5 t\u1eadn t\u00e2m. S\u1ef1 h\u1ee3p t\u00e1c gi\u1eefa Vilight v\u00e0 \u0111\u00e8n pha VLF 03D \u0111\u1ea3m b\u1ea3o b\u1ea1n nh\u1eadn \u0111\u01b0\u1ee3c m\u1ed9t s\u1ea3n ph\u1ea9m ch\u1ea5t l\u01b0\u1ee3ng cao v\u00e0 d\u1ecbch v\u1ee5 t\u1ed1t nh\u1ea5t.<\/span><\/p>\n<p style=\"text-align: justify;\"><span style=\"font-size: 14pt;\">V\u1edbi thi\u1ebft k\u1ebf hi\u1ec7n \u0111\u1ea1i, \u0111\u00e8n pha VLF 03D th\u00edch h\u1ee3p cho nhi\u1ec1u lo\u1ea1i ki\u1ebfn tr\u00fac v\u00e0 kh\u00f4ng gian kh\u00e1c nhau. B\u1ea1n c\u00f3 th\u1ec3 s\u1eed d\u1ee5ng n\u00f3 \u0111\u1ec3 chi\u1ebfu s\u00e1ng c\u00e1c t\u00f2a nh\u00e0, c\u00e1c c\u00f4ng tr\u00ecnh ki\u1ebfn tr\u00fac V.V<\/span><\/p>\n<table style=\"border-collapse: collapse; width: 100%; height: 363px;\">\n<tbody>\n<tr style=\"height: 27px;\">\n<td style=\"width: 655px; height: 27px;\"><span style=\"font-size: 14pt;\">M\u00e3 s\u1ea3n ph\u1ea9m\u00a0<\/span><\/td>\n<td style=\"width: 655px; height: 27px;\"><span style=\"vertical-align: inherit; font-size: 14pt;\">VL F3 M25R<\/span><\/td>\n<\/tr>\n<tr style=\"height: 24px;\">\n<td style=\"width: 655px; height: 24px;\"><span style=\"font-size: 14pt;\">S\u1ed1 l\u01b0\u1ee3ng Led<\/span><\/td>\n<td style=\"width: 655px; height: 24px;\"><span style=\"vertical-align: inherit; font-size: 14pt;\">9<\/span><\/td>\n<\/tr>\n<tr style=\"height: 24px;\">\n<td style=\"width: 655px; height: 24px;\"><span style=\"font-size: 14pt;\">C\u00f4ng su\u1ea5t \u0111\u00e8n<\/span><\/td>\n<td style=\"width: 655px; height: 24px;\"><span style=\"vertical-align: inherit; font-size: 14pt;\">33W<\/span><\/td>\n<\/tr>\n<tr style=\"height: 24px;\">\n<td style=\"width: 655px; height: 24px;\"><span style=\"font-size: 14pt;\">\u0110i\u1ec7n \u00e1p ho\u1ea1t \u0111\u1ed9ng<\/span><\/td>\n<td style=\"width: 655px; height: 24px;\"><span style=\"vertical-align: inherit; font-size: 14pt;\">100-277 VAC<\/span><\/td>\n<\/tr>\n<tr style=\"height: 24px;\">\n<td style=\"width: 655px; height: 24px;\"><span style=\"font-size: 14pt;\">\u0110i\u1ec1u khi\u1ec3n<\/span><\/td>\n<td style=\"width: 655px; height: 24px;\"><span style=\"vertical-align: inherit; font-size: 14pt;\">B\u1eadt\/T\u1eaft<\/span><\/td>\n<\/tr>\n<tr style=\"height: 24px;\">\n<td style=\"width: 655px; height: 24px;\"><span style=\"font-size: 14pt;\">Nhi\u1ec7t \u0111\u1ed9 m\u00e0u<\/span><\/td>\n<td style=\"width: 655px; height: 24px;\"><span style=\"vertical-align: inherit; font-size: 14pt;\">4000K<\/span><\/td>\n<\/tr>\n<tr style=\"height: 24px;\">\n<td style=\"width: 655px; height: 24px;\"><span style=\"font-size: 14pt;\">H\u1ec7 s\u1ed1 c\u00f4ng su\u1ea5t<\/span><\/td>\n<td style=\"width: 655px; height: 24px;\"><span style=\"vertical-align: inherit; font-size: 14pt;\">&gt;0,9<\/span><\/td>\n<\/tr>\n<tr style=\"height: 24px;\">\n<td style=\"width: 655px; height: 24px;\"><span style=\"font-size: 14pt;\">Quang th\u00f4ng<\/span><\/td>\n<td style=\"width: 655px; height: 24px;\"><span style=\"vertical-align: inherit; font-size: 14pt;\">&gt;2000 Lumen<\/span><\/td>\n<\/tr>\n<tr style=\"height: 24px;\">\n<td style=\"width: 655px; height: 24px;\"><span style=\"font-size: 14pt;\">\u0110\u1ed9 ho\u00e0n m\u00e0u CRI<\/span><\/td>\n<td style=\"width: 655px; height: 24px;\"><span style=\"vertical-align: inherit; font-size: 14pt;\">&gt;80<\/span><\/td>\n<\/tr>\n<tr style=\"height: 24px;\">\n<td style=\"width: 655px; height: 24px;\"><span style=\"font-size: 14pt;\">G\u00f3c chi\u1ebfu<\/span><\/td>\n<td style=\"width: 655px; height: 24px;\"><span style=\"font-size: 14pt;\">4.5 \u0111\u1ed9<\/span><\/td>\n<\/tr>\n<tr style=\"height: 24px;\">\n<td style=\"width: 655px; height: 24px;\"><span style=\"font-size: 14pt;\">Nhi\u1ec7t \u0111\u1ed9 ho\u1ea1t \u0111\u1ed9ng<\/span><\/td>\n<td style=\"width: 655px; height: 24px;\"><span style=\"font-size: 14pt;\">-35 t\u1edbi 50 \u0111\u1ed9 C<\/span><\/td>\n<\/tr>\n<tr style=\"height: 24px;\">\n<td style=\"width: 655px; height: 24px;\"><span style=\"font-size: 14pt;\">\u0110\u1ed9 \u1ea9m ho\u1ea1t \u0111\u1ed9ng<\/span><\/td>\n<td style=\"width: 655px; height: 24px;\"><span style=\"vertical-align: inherit; font-size: 14pt;\">10- 90%<\/span><\/td>\n<\/tr>\n<tr style=\"height: 24px;\">\n<td style=\"width: 655px; height: 24px;\"><span style=\"font-size: 14pt;\">Tu\u1ed5i th\u1ecd Chip Led<\/span><\/td>\n<td style=\"width: 655px; height: 24px;\"><span style=\"vertical-align: inherit; font-size: 14pt;\">&gt;70.000h<\/span><\/td>\n<\/tr>\n<tr style=\"height: 24px;\">\n<td style=\"width: 655px; height: 24px;\"><span style=\"font-size: 14pt;\">C\u1ea5p b\u1ea3o v\u1ec7<\/span><\/td>\n<td style=\"width: 655px; height: 24px;\"><span style=\"vertical-align: inherit; font-size: 14pt;\">IP66<\/span><\/td>\n<\/tr>\n<tr style=\"height: 24px;\">\n<td style=\"width: 655px; height: 24px;\"><span style=\"font-size: 14pt;\">C\u00e2n n\u1eb7ng<\/span><\/td>\n<td style=\"width: 655px; height: 24px;\"><span style=\"vertical-align: inherit; font-size: 14pt;\">3.5 kg<\/span><\/td>\n<\/tr>\n<\/tbody>\n<\/table>\n","protected":false},"excerpt":{"rendered":"<p style=\"text-align: justify;\"><span style=\"font-size: 14pt;\">\u0110\u00e8n pha VLF 03D l\u00e0 m\u1ed9t s\u1ea3n ph\u1ea9m \u00e1nh s\u00e1ng c\u00f4ng su\u1ea5t 33W \u0111a n\u0103ng, ph\u00f9 h\u1ee3p cho chi\u1ebfu s\u00e1ng c\u00f4ng tr\u00ecnh ki\u1ebfn tr\u00fac, c\u1ea3nh quan v\u00e0 c\u00e2y xanh. V\u1edbi \u0111\u1ed9 k\u00edn n\u01b0\u1edbc IP66, \u0111\u00e8n pha n\u00e0y ho\u1ea1t \u0111\u1ed9ng \u1ed5n \u0111\u1ecbnh trong m\u1ecdi th\u1eddi ti\u1ebft. Ph\u00e2n ph\u1ed1i b\u1edfi c\u00f4ng ty TNHH Vilight &#8211; \u0111\u01a1n v\u1ecb chuy\u00ean thi\u1ebft k\u1ebf v\u00e0 cung c\u1ea5p s\u1ea3n ph\u1ea9m chi\u1ebfu s\u00e1ng ch\u1ea5t l\u01b0\u1ee3ng.<\/span><\/p>\n","protected":false},"featured_media":3601,"template":"","meta":[],"product_brand":[],"product_cat":[73,59,355],"product_tag":[363,367],"class_list":{"0":"post-3600","1":"product","2":"type-product","3":"status-publish","4":"has-post-thumbnail","6":"product_cat-den-chieu-sang-facade","7":"product_cat-den-roi-pha","8":"product_cat-f3-series","9":"product_tag-den-pha-vlf-03d","10":"product_tag-vl-f3-m25r","11":"pa_chuan-dieu-khien-on-off","12":"pa_cong-suat-33w","13":"pa_dien-ap-hoat-dong-ac-100-277v","14":"pa_do-kin-ip-66","15":"pa_goc-chieu-4-5","16":"pa_nhiet-do-mau-4000k","18":"first","19":"instock","20":"taxable","21":"shipping-taxable","22":"purchasable","23":"product-type-simple"},"yoast_head":"<!-- This site is optimized with the Yoast SEO Premium plugin v27.5 (Yoast SEO v27.5) - https:\/\/yoast.com\/product\/yoast-seo-premium-wordpress\/ -->\n<title>\u0110\u00e8n pha VLF 03D - Vilight Co.ltd<\/title>\n<meta name=\"description\" content=\"S\u1ea3n ph\u1ea9m VLF 03D \u0111\u01b0\u1ee3c ph\u00e2n ph\u1ed1i v\u00e0 h\u1ed7 tr\u1ee3 k\u1ef9 thu\u1eadt b\u1edfi C\u00f4ng Ty TNHH Vilight. M\u1ecdi th\u00f4ng tin chi ti\u1ebft vui l\u00f2ng li\u00ean h\u1ec7 v\u1edbi ch\u00fang t\u00f4i qua hotline\" \/>\n<meta name=\"robots\" content=\"index, follow, max-snippet:-1, max-image-preview:large, max-video-preview:-1\" \/>\n<link rel=\"canonical\" href=\"https:\/\/vilight.vn\/website\/san-pham\/den-chieu-sang-facade\/den-pha-vlf-03d\/\" \/>\n<meta property=\"og:locale\" content=\"vi_VN\" \/>\n<meta property=\"og:type\" content=\"article\" \/>\n<meta property=\"og:title\" content=\"\u0110\u00e8n pha VLF 03D\" \/>\n<meta property=\"og:description\" content=\"\u0110\u00e8n pha VLF 03D l\u00e0 m\u1ed9t s\u1ea3n ph\u1ea9m \u00e1nh s\u00e1ng c\u00f4ng su\u1ea5t 33W \u0111a n\u0103ng, ph\u00f9 h\u1ee3p cho chi\u1ebfu s\u00e1ng c\u00f4ng tr\u00ecnh ki\u1ebfn tr\u00fac, c\u1ea3nh quan v\u00e0 c\u00e2y xanh. V\u1edbi \u0111\u1ed9 k\u00edn n\u01b0\u1edbc IP66, \u0111\u00e8n pha n\u00e0y ho\u1ea1t \u0111\u1ed9ng \u1ed5n \u0111\u1ecbnh trong m\u1ecdi th\u1eddi ti\u1ebft. Ph\u00e2n ph\u1ed1i b\u1edfi c\u00f4ng ty TNHH Vilight - \u0111\u01a1n v\u1ecb chuy\u00ean thi\u1ebft k\u1ebf v\u00e0 cung c\u1ea5p s\u1ea3n ph\u1ea9m chi\u1ebfu s\u00e1ng ch\u1ea5t l\u01b0\u1ee3ng.\" \/>\n<meta property=\"og:url\" content=\"https:\/\/vilight.vn\/website\/san-pham\/den-chieu-sang-facade\/den-pha-vlf-03d\/\" \/>\n<meta property=\"og:site_name\" content=\"Vilight Co.ltd\" \/>\n<meta property=\"article:publisher\" content=\"http:\/\/facebook.com\/vilight.vn\" \/>\n<meta property=\"article:modified_time\" content=\"2024-10-02T02:19:00+00:00\" \/>\n<meta property=\"og:image\" content=\"https:\/\/vilight.vn\/website\/wp-content\/uploads\/2023\/06\/Den-pha-VF03-D.jpg\" \/>\n\t<meta property=\"og:image:width\" content=\"600\" \/>\n\t<meta property=\"og:image:height\" content=\"600\" \/>\n\t<meta property=\"og:image:type\" content=\"image\/jpeg\" \/>\n<meta name=\"twitter:card\" content=\"summary_large_image\" \/>\n<meta name=\"twitter:label1\" content=\"Gi\u00e1\" \/>\n\t<meta name=\"twitter:data1\" content=\"3.993.000&#8363;\" \/>\n\t<meta name=\"twitter:label2\" content=\"Kh\u1ea3 d\u1ee5ng\" \/>\n\t<meta name=\"twitter:data2\" content=\"Trong kho\" \/>\n<script type=\"application\/ld+json\" class=\"yoast-schema-graph\">{\"@context\":\"https:\\\/\\\/schema.org\",\"@graph\":[{\"@type\":\"WebPage\",\"@id\":\"https:\\\/\\\/vilight.vn\\\/website\\\/san-pham\\\/den-chieu-sang-facade\\\/den-pha-vlf-03d\\\/\",\"url\":\"https:\\\/\\\/vilight.vn\\\/website\\\/san-pham\\\/den-chieu-sang-facade\\\/den-pha-vlf-03d\\\/\",\"name\":\"\u0110\u00e8n pha VLF 03D - Vilight Co.ltd\",\"isPartOf\":{\"@id\":\"https:\\\/\\\/vilight.vn\\\/website\\\/#website\"},\"primaryImageOfPage\":{\"@id\":\"https:\\\/\\\/vilight.vn\\\/website\\\/san-pham\\\/den-chieu-sang-facade\\\/den-pha-vlf-03d\\\/#primaryimage\"},\"image\":{\"@id\":\"https:\\\/\\\/vilight.vn\\\/website\\\/san-pham\\\/den-chieu-sang-facade\\\/den-pha-vlf-03d\\\/#primaryimage\"},\"thumbnailUrl\":\"https:\\\/\\\/vilight.vn\\\/website\\\/wp-content\\\/uploads\\\/2023\\\/06\\\/Den-pha-VF03-D.jpg\",\"datePublished\":\"2023-06-14T02:29:53+00:00\",\"dateModified\":\"2024-10-02T02:19:00+00:00\",\"description\":\"S\u1ea3n ph\u1ea9m VLF 03D \u0111\u01b0\u1ee3c ph\u00e2n ph\u1ed1i v\u00e0 h\u1ed7 tr\u1ee3 k\u1ef9 thu\u1eadt b\u1edfi C\u00f4ng Ty TNHH Vilight. M\u1ecdi th\u00f4ng tin chi ti\u1ebft vui l\u00f2ng li\u00ean h\u1ec7 v\u1edbi ch\u00fang t\u00f4i qua hotline\",\"breadcrumb\":{\"@id\":\"https:\\\/\\\/vilight.vn\\\/website\\\/san-pham\\\/den-chieu-sang-facade\\\/den-pha-vlf-03d\\\/#breadcrumb\"},\"inLanguage\":\"vi\",\"potentialAction\":[{\"@type\":\"ReadAction\",\"target\":[\"https:\\\/\\\/vilight.vn\\\/website\\\/san-pham\\\/den-chieu-sang-facade\\\/den-pha-vlf-03d\\\/\"]}]},{\"@type\":\"ImageObject\",\"inLanguage\":\"vi\",\"@id\":\"https:\\\/\\\/vilight.vn\\\/website\\\/san-pham\\\/den-chieu-sang-facade\\\/den-pha-vlf-03d\\\/#primaryimage\",\"url\":\"https:\\\/\\\/vilight.vn\\\/website\\\/wp-content\\\/uploads\\\/2023\\\/06\\\/Den-pha-VF03-D.jpg\",\"contentUrl\":\"https:\\\/\\\/vilight.vn\\\/website\\\/wp-content\\\/uploads\\\/2023\\\/06\\\/Den-pha-VF03-D.jpg\",\"width\":600,\"height\":600,\"caption\":\"\u0110\u00e8n pha VLF 03D\"},{\"@type\":\"BreadcrumbList\",\"@id\":\"https:\\\/\\\/vilight.vn\\\/website\\\/san-pham\\\/den-chieu-sang-facade\\\/den-pha-vlf-03d\\\/#breadcrumb\",\"itemListElement\":[{\"@type\":\"ListItem\",\"position\":1,\"name\":\"Home\",\"item\":\"https:\\\/\\\/vilight.vn\\\/website\\\/\"},{\"@type\":\"ListItem\",\"position\":2,\"name\":\"store\",\"item\":\"https:\\\/\\\/vilight.vn\\\/website\\\/store\\\/\"},{\"@type\":\"ListItem\",\"position\":3,\"name\":\"\u0110\u00e8n pha VLF 03D\"}]},{\"@type\":\"WebSite\",\"@id\":\"https:\\\/\\\/vilight.vn\\\/website\\\/#website\",\"url\":\"https:\\\/\\\/vilight.vn\\\/website\\\/\",\"name\":\"Vilight Co.ltd\",\"description\":\"Chi\u1ebfu s\u00e1ng m\u1ef9 thu\u1eadt, chi\u1ebfu s\u00e1ng th\u00f4ng minh, LED Pixel 3D, chi\u1ebfu s\u00e1ng trang tr\u00ed \u0111\u00f4 th\u1ecb, chi\u1ebfu s\u00e1ng v\u00f2ng xoay, chi\u1ebfu s\u00e1ng \u0111\u1ea3o giao th\u00f4ng, c\u1ed5ng ch\u00e0o \u0111\u00f4 th\u1ecb\",\"publisher\":{\"@id\":\"https:\\\/\\\/vilight.vn\\\/website\\\/#organization\"},\"potentialAction\":[{\"@type\":\"SearchAction\",\"target\":{\"@type\":\"EntryPoint\",\"urlTemplate\":\"https:\\\/\\\/vilight.vn\\\/website\\\/?s={search_term_string}\"},\"query-input\":{\"@type\":\"PropertyValueSpecification\",\"valueRequired\":true,\"valueName\":\"search_term_string\"}}],\"inLanguage\":\"vi\"},{\"@type\":\"Organization\",\"@id\":\"https:\\\/\\\/vilight.vn\\\/website\\\/#organization\",\"name\":\"Vilight\",\"url\":\"https:\\\/\\\/vilight.vn\\\/website\\\/\",\"logo\":{\"@type\":\"ImageObject\",\"inLanguage\":\"vi\",\"@id\":\"https:\\\/\\\/vilight.vn\\\/website\\\/#\\\/schema\\\/logo\\\/image\\\/\",\"url\":\"https:\\\/\\\/vilight.vn\\\/website\\\/wp-content\\\/uploads\\\/2022\\\/05\\\/chieu_sang_trang_tri_do_thi_bang_den_led_pixel.png\",\"contentUrl\":\"https:\\\/\\\/vilight.vn\\\/website\\\/wp-content\\\/uploads\\\/2022\\\/05\\\/chieu_sang_trang_tri_do_thi_bang_den_led_pixel.png\",\"width\":800,\"height\":427,\"caption\":\"Vilight\"},\"image\":{\"@id\":\"https:\\\/\\\/vilight.vn\\\/website\\\/#\\\/schema\\\/logo\\\/image\\\/\"},\"sameAs\":[\"http:\\\/\\\/facebook.com\\\/vilight.vn\",\"https:\\\/\\\/www.linkedin.com\\\/company\\\/vilight-vn\",\"https:\\\/\\\/www.youtube.com\\\/channel\\\/UCEwR2naeDcuarMX1kSv_rLQ\\\/videos\"]}]}<\/script>\n<meta property=\"product:brand\" content=\"\u0110\u00e8n chi\u1ebfu s\u00e1ng Facade\" \/>\n<meta property=\"product:price:amount\" content=\"3993000\" \/>\n<meta property=\"product:price:currency\" content=\"VND\" \/>\n<meta property=\"og:availability\" content=\"instock\" \/>\n<meta property=\"product:availability\" content=\"instock\" \/>\n<meta property=\"product:condition\" content=\"new\" \/>\n<!-- \/ Yoast SEO Premium plugin. -->","yoast_head_json":{"title":"\u0110\u00e8n pha VLF 03D - Vilight Co.ltd","description":"S\u1ea3n ph\u1ea9m VLF 03D \u0111\u01b0\u1ee3c ph\u00e2n ph\u1ed1i v\u00e0 h\u1ed7 tr\u1ee3 k\u1ef9 thu\u1eadt b\u1edfi C\u00f4ng Ty TNHH Vilight. M\u1ecdi th\u00f4ng tin chi ti\u1ebft vui l\u00f2ng li\u00ean h\u1ec7 v\u1edbi ch\u00fang t\u00f4i qua hotline","robots":{"index":"index","follow":"follow","max-snippet":"max-snippet:-1","max-image-preview":"max-image-preview:large","max-video-preview":"max-video-preview:-1"},"canonical":"https:\/\/vilight.vn\/website\/san-pham\/den-chieu-sang-facade\/den-pha-vlf-03d\/","og_locale":"vi_VN","og_type":"article","og_title":"\u0110\u00e8n pha VLF 03D","og_description":"\u0110\u00e8n pha VLF 03D l\u00e0 m\u1ed9t s\u1ea3n ph\u1ea9m \u00e1nh s\u00e1ng c\u00f4ng su\u1ea5t 33W \u0111a n\u0103ng, ph\u00f9 h\u1ee3p cho chi\u1ebfu s\u00e1ng c\u00f4ng tr\u00ecnh ki\u1ebfn tr\u00fac, c\u1ea3nh quan v\u00e0 c\u00e2y xanh. V\u1edbi \u0111\u1ed9 k\u00edn n\u01b0\u1edbc IP66, \u0111\u00e8n pha n\u00e0y ho\u1ea1t \u0111\u1ed9ng \u1ed5n \u0111\u1ecbnh trong m\u1ecdi th\u1eddi ti\u1ebft. Ph\u00e2n ph\u1ed1i b\u1edfi c\u00f4ng ty TNHH Vilight - \u0111\u01a1n v\u1ecb chuy\u00ean thi\u1ebft k\u1ebf v\u00e0 cung c\u1ea5p s\u1ea3n ph\u1ea9m chi\u1ebfu s\u00e1ng ch\u1ea5t l\u01b0\u1ee3ng.","og_url":"https:\/\/vilight.vn\/website\/san-pham\/den-chieu-sang-facade\/den-pha-vlf-03d\/","og_site_name":"Vilight Co.ltd","article_publisher":"http:\/\/facebook.com\/vilight.vn","article_modified_time":"2024-10-02T02:19:00+00:00","og_image":[{"width":600,"height":600,"url":"https:\/\/vilight.vn\/website\/wp-content\/uploads\/2023\/06\/Den-pha-VF03-D.jpg","type":"image\/jpeg"}],"twitter_card":"summary_large_image","twitter_misc":{"Gi\u00e1":"3.993.000&#8363;","Kh\u1ea3 d\u1ee5ng":"Trong kho"},"schema":{"@context":"https:\/\/schema.org","@graph":[{"@type":"WebPage","@id":"https:\/\/vilight.vn\/website\/san-pham\/den-chieu-sang-facade\/den-pha-vlf-03d\/","url":"https:\/\/vilight.vn\/website\/san-pham\/den-chieu-sang-facade\/den-pha-vlf-03d\/","name":"\u0110\u00e8n pha VLF 03D - Vilight Co.ltd","isPartOf":{"@id":"https:\/\/vilight.vn\/website\/#website"},"primaryImageOfPage":{"@id":"https:\/\/vilight.vn\/website\/san-pham\/den-chieu-sang-facade\/den-pha-vlf-03d\/#primaryimage"},"image":{"@id":"https:\/\/vilight.vn\/website\/san-pham\/den-chieu-sang-facade\/den-pha-vlf-03d\/#primaryimage"},"thumbnailUrl":"https:\/\/vilight.vn\/website\/wp-content\/uploads\/2023\/06\/Den-pha-VF03-D.jpg","datePublished":"2023-06-14T02:29:53+00:00","dateModified":"2024-10-02T02:19:00+00:00","description":"S\u1ea3n ph\u1ea9m VLF 03D \u0111\u01b0\u1ee3c ph\u00e2n ph\u1ed1i v\u00e0 h\u1ed7 tr\u1ee3 k\u1ef9 thu\u1eadt b\u1edfi C\u00f4ng Ty TNHH Vilight. M\u1ecdi th\u00f4ng tin chi ti\u1ebft vui l\u00f2ng li\u00ean h\u1ec7 v\u1edbi ch\u00fang t\u00f4i qua hotline","breadcrumb":{"@id":"https:\/\/vilight.vn\/website\/san-pham\/den-chieu-sang-facade\/den-pha-vlf-03d\/#breadcrumb"},"inLanguage":"vi","potentialAction":[{"@type":"ReadAction","target":["https:\/\/vilight.vn\/website\/san-pham\/den-chieu-sang-facade\/den-pha-vlf-03d\/"]}]},{"@type":"ImageObject","inLanguage":"vi","@id":"https:\/\/vilight.vn\/website\/san-pham\/den-chieu-sang-facade\/den-pha-vlf-03d\/#primaryimage","url":"https:\/\/vilight.vn\/website\/wp-content\/uploads\/2023\/06\/Den-pha-VF03-D.jpg","contentUrl":"https:\/\/vilight.vn\/website\/wp-content\/uploads\/2023\/06\/Den-pha-VF03-D.jpg","width":600,"height":600,"caption":"\u0110\u00e8n pha VLF 03D"},{"@type":"BreadcrumbList","@id":"https:\/\/vilight.vn\/website\/san-pham\/den-chieu-sang-facade\/den-pha-vlf-03d\/#breadcrumb","itemListElement":[{"@type":"ListItem","position":1,"name":"Home","item":"https:\/\/vilight.vn\/website\/"},{"@type":"ListItem","position":2,"name":"store","item":"https:\/\/vilight.vn\/website\/store\/"},{"@type":"ListItem","position":3,"name":"\u0110\u00e8n pha VLF 03D"}]},{"@type":"WebSite","@id":"https:\/\/vilight.vn\/website\/#website","url":"https:\/\/vilight.vn\/website\/","name":"Vilight Co.ltd","description":"Chi\u1ebfu s\u00e1ng m\u1ef9 thu\u1eadt, chi\u1ebfu s\u00e1ng th\u00f4ng minh, LED Pixel 3D, chi\u1ebfu s\u00e1ng trang tr\u00ed \u0111\u00f4 th\u1ecb, chi\u1ebfu s\u00e1ng v\u00f2ng xoay, chi\u1ebfu s\u00e1ng \u0111\u1ea3o giao th\u00f4ng, c\u1ed5ng ch\u00e0o \u0111\u00f4 th\u1ecb","publisher":{"@id":"https:\/\/vilight.vn\/website\/#organization"},"potentialAction":[{"@type":"SearchAction","target":{"@type":"EntryPoint","urlTemplate":"https:\/\/vilight.vn\/website\/?s={search_term_string}"},"query-input":{"@type":"PropertyValueSpecification","valueRequired":true,"valueName":"search_term_string"}}],"inLanguage":"vi"},{"@type":"Organization","@id":"https:\/\/vilight.vn\/website\/#organization","name":"Vilight","url":"https:\/\/vilight.vn\/website\/","logo":{"@type":"ImageObject","inLanguage":"vi","@id":"https:\/\/vilight.vn\/website\/#\/schema\/logo\/image\/","url":"https:\/\/vilight.vn\/website\/wp-content\/uploads\/2022\/05\/chieu_sang_trang_tri_do_thi_bang_den_led_pixel.png","contentUrl":"https:\/\/vilight.vn\/website\/wp-content\/uploads\/2022\/05\/chieu_sang_trang_tri_do_thi_bang_den_led_pixel.png","width":800,"height":427,"caption":"Vilight"},"image":{"@id":"https:\/\/vilight.vn\/website\/#\/schema\/logo\/image\/"},"sameAs":["http:\/\/facebook.com\/vilight.vn","https:\/\/www.linkedin.com\/company\/vilight-vn","https:\/\/www.youtube.com\/channel\/UCEwR2naeDcuarMX1kSv_rLQ\/videos"]}]},"product_brand":"\u0110\u00e8n chi\u1ebfu s\u00e1ng Facade","product_price_amount":"3993000","product_price_currency":"VND","og_availability":"instock","product_availability":"instock","product_condition":"new"},"_links":{"self":[{"href":"https:\/\/vilight.vn\/website\/wp-json\/wp\/v2\/product\/3600","targetHints":{"allow":["GET"]}}],"collection":[{"href":"https:\/\/vilight.vn\/website\/wp-json\/wp\/v2\/product"}],"about":[{"href":"https:\/\/vilight.vn\/website\/wp-json\/wp\/v2\/types\/product"}],"wp:featuredmedia":[{"embeddable":true,"href":"https:\/\/vilight.vn\/website\/wp-json\/wp\/v2\/media\/3601"}],"wp:attachment":[{"href":"https:\/\/vilight.vn\/website\/wp-json\/wp\/v2\/media?parent=3600"}],"wp:term":[{"taxonomy":"product_brand","embeddable":true,"href":"https:\/\/vilight.vn\/website\/wp-json\/wp\/v2\/product_brand?post=3600"},{"taxonomy":"product_cat","embeddable":true,"href":"https:\/\/vilight.vn\/website\/wp-json\/wp\/v2\/product_cat?post=3600"},{"taxonomy":"product_tag","embeddable":true,"href":"https:\/\/vilight.vn\/website\/wp-json\/wp\/v2\/product_tag?post=3600"}],"curies":[{"name":"wp","href":"https:\/\/api.w.org\/{rel}","templated":true}]}}