{"id":3707,"date":"2023-06-15T11:33:23","date_gmt":"2023-06-15T04:33:23","guid":{"rendered":"https:\/\/vilight.vn\/website\/?post_type=product&#038;p=3707"},"modified":"2024-10-02T09:42:01","modified_gmt":"2024-10-02T02:42:01","slug":"den-pha-vl-f4-s2","status":"publish","type":"product","link":"https:\/\/vilight.vn\/website\/san-pham\/den-chieu-sang-facade\/den-pha-vl-f4-s2\/","title":{"rendered":"\u0110\u00e8n Pha VL F4 S2"},"content":{"rendered":"<h2 style=\"text-align: justify;\"><span style=\"font-size: 18pt;\">Gi\u1edbi thi\u1ec7u m\u1eabu \u0111\u00e8n pha VL F4 S2.<\/span><\/h2>\n<p style=\"text-align: justify;\"><span style=\"font-size: 14pt;\"><a href=\"https:\/\/vilight.vn\/website\/wp-content\/uploads\/2023\/06\/Kich-thuoc-VL-F4-S2.jpg\"><img decoding=\"async\" class=\"aligncenter wp-image-3708 lazyload\" data-src=\"https:\/\/vilight.vn\/website\/wp-content\/uploads\/2023\/06\/Kich-thuoc-VL-F4-S2.jpg\" alt=\"\u0110\u00e8n Pha VL F4 S2\" width=\"1200\" height=\"600\" data-srcset=\"https:\/\/vilight.vn\/website\/wp-content\/uploads\/2023\/06\/Kich-thuoc-VL-F4-S2.jpg 1200w, https:\/\/vilight.vn\/website\/wp-content\/uploads\/2023\/06\/Kich-thuoc-VL-F4-S2-800x400.jpg 800w, https:\/\/vilight.vn\/website\/wp-content\/uploads\/2023\/06\/Kich-thuoc-VL-F4-S2-300x150.jpg 300w, https:\/\/vilight.vn\/website\/wp-content\/uploads\/2023\/06\/Kich-thuoc-VL-F4-S2-1024x512.jpg 1024w, https:\/\/vilight.vn\/website\/wp-content\/uploads\/2023\/06\/Kich-thuoc-VL-F4-S2-768x384.jpg 768w, https:\/\/vilight.vn\/website\/wp-content\/uploads\/2023\/06\/Kich-thuoc-VL-F4-S2-18x9.jpg 18w, https:\/\/vilight.vn\/website\/wp-content\/uploads\/2023\/06\/Kich-thuoc-VL-F4-S2-150x75.jpg 150w, https:\/\/vilight.vn\/website\/wp-content\/uploads\/2023\/06\/Kich-thuoc-VL-F4-S2-480x240.jpg 480w\" data-sizes=\"(max-width:767px) 480px, (max-width:1200px) 100vw, 1200px\" src=\"data:image\/svg+xml;base64,PHN2ZyB3aWR0aD0iMSIgaGVpZ2h0PSIxIiB4bWxucz0iaHR0cDovL3d3dy53My5vcmcvMjAwMC9zdmciPjwvc3ZnPg==\" style=\"--smush-placeholder-width: 1200px; --smush-placeholder-aspect-ratio: 1200\/600;\" \/><\/a><\/span><\/p>\n<p style=\"text-align: justify;\"><span style=\"font-size: 14pt;\">\u0110\u00e8n Pha VL F4 S2 &#8211; S\u00e1ng t\u1ea1o kh\u00f4ng gian ki\u1ebfn tr\u00fac ngh\u1ec7 thu\u1eadt<\/span><\/p>\n<p style=\"text-align: justify;\"><span style=\"font-size: 14pt;\">B\u1ea1n \u0111ang t\u00ecm ki\u1ebfm m\u1ed9t gi\u1ea3i ph\u00e1p chi\u1ebfu s\u00e1ng ngo\u00e0i tr\u1eddi cho c\u00e1c c\u00f4ng tr\u00ecnh ki\u1ebfn tr\u00fac ngh\u1ec7 thu\u1eadt nh\u1ecf? \u0110\u00e8n Pha VL F4 S2 l\u00e0 m\u1ed9t l\u1ef1a ch\u1ecdn ho\u00e0n h\u1ea3o d\u00e0nh cho b\u1ea1n. V\u1edbi 2 bi\u1ebfn th\u1ec3 c\u00f4ng su\u1ea5t 5W v\u00e0 10W, s\u1ea3n ph\u1ea9m n\u00e0y mang \u0111\u1ebfn s\u1ef1 \u0111a d\u1ea1ng v\u00e0 linh ho\u1ea1t trong vi\u1ec7c t\u1ea1o \u00e1nh s\u00e1ng v\u00e0 pha c\u1ea3nh cho kh\u00f4ng gian c\u1ee7a b\u1ea1n.<\/span><\/p>\n<p style=\"text-align: justify;\"><span style=\"font-size: 14pt;\">\u0110\u00e8n Pha VL S2 \u0111\u01b0\u1ee3c thi\u1ebft k\u1ebf v\u1edbi ki\u1ec3u d\u00e1ng hi\u1ec7n \u0111\u1ea1i v\u00e0 tr\u1ecdng l\u01b0\u1ee3ng nh\u1eb9, gi\u00fap d\u1ec5 d\u00e0ng l\u1eafp \u0111\u1eb7t v\u00e0 \u0111i\u1ec1u ch\u1ec9nh v\u1ecb tr\u00ed chi\u1ebfu s\u00e1ng. B\u1ea1n c\u00f3 th\u1ec3 d\u1ec5 d\u00e0ng thay \u0111\u1ed5i h\u01b0\u1edbng \u00e1nh s\u00e1ng \u0111\u1ec3 t\u1ea1o ra nh\u1eefng g\u00f3c nh\u00ecn v\u00e0 kh\u00f4ng gian \u0111\u1ed9c \u0111\u00e1o cho c\u00f4ng tr\u00ecnh ki\u1ebfn tr\u00fac c\u1ee7a m\u00ecnh.<\/span><\/p>\n<p style=\"text-align: justify;\"><span style=\"font-size: 14pt;\">V\u1edbi \u0111\u1ed9 ch\u1ed1ng n\u01b0\u1edbc IP66, \u0111\u00e8n Pha VL S2 \u0111\u1ea3m b\u1ea3o ho\u1ea1t \u0111\u1ed9ng \u1ed5n \u0111\u1ecbnh v\u00e0 b\u1ec1n b\u1ec9 trong m\u1ecdi \u0111i\u1ec1u ki\u1ec7n th\u1eddi ti\u1ebft kh\u1eafc nghi\u1ec7t. B\u1ea1n c\u00f3 th\u1ec3 y\u00ean t\u00e2m s\u1eed d\u1ee5ng s\u1ea3n ph\u1ea9m n\u00e0y ngo\u00e0i tr\u1eddi m\u00e0 kh\u00f4ng lo b\u1ecb \u1ea3nh h\u01b0\u1edfng b\u1edfi m\u01b0a, b\u1ee5i b\u1ea9n hay \u0111\u1ed9 \u1ea9m.<\/span><\/p>\n<h3 style=\"text-align: justify;\"><span style=\"font-size: 14pt;\">Quang ph\u1ed5 s\u1ea3n ph\u1ea9m :<\/span><\/h3>\n<p style=\"text-align: justify;\"><span style=\"font-size: 14pt;\"><a href=\"https:\/\/vilight.vn\/website\/wp-content\/uploads\/2023\/06\/quang-pho-vl-f4-s2.jpg\"><img decoding=\"async\" class=\"aligncenter wp-image-3713 lazyload\" data-src=\"https:\/\/vilight.vn\/website\/wp-content\/uploads\/2023\/06\/quang-pho-vl-f4-s2.jpg\" alt=\"\u0110\u00e8n Pha VL F4 S2\" width=\"1200\" height=\"386\" data-srcset=\"https:\/\/vilight.vn\/website\/wp-content\/uploads\/2023\/06\/quang-pho-vl-f4-s2.jpg 1640w, https:\/\/vilight.vn\/website\/wp-content\/uploads\/2023\/06\/quang-pho-vl-f4-s2-800x257.jpg 800w, https:\/\/vilight.vn\/website\/wp-content\/uploads\/2023\/06\/quang-pho-vl-f4-s2-300x96.jpg 300w, https:\/\/vilight.vn\/website\/wp-content\/uploads\/2023\/06\/quang-pho-vl-f4-s2-1024x329.jpg 1024w, https:\/\/vilight.vn\/website\/wp-content\/uploads\/2023\/06\/quang-pho-vl-f4-s2-768x247.jpg 768w, https:\/\/vilight.vn\/website\/wp-content\/uploads\/2023\/06\/quang-pho-vl-f4-s2-1536x494.jpg 1536w, https:\/\/vilight.vn\/website\/wp-content\/uploads\/2023\/06\/quang-pho-vl-f4-s2-18x6.jpg 18w, https:\/\/vilight.vn\/website\/wp-content\/uploads\/2023\/06\/quang-pho-vl-f4-s2-150x48.jpg 150w, https:\/\/vilight.vn\/website\/wp-content\/uploads\/2023\/06\/quang-pho-vl-f4-s2-480x154.jpg 480w\" data-sizes=\"(max-width:767px) 480px, (max-width:1200px) 100vw, 1200px\" src=\"data:image\/svg+xml;base64,PHN2ZyB3aWR0aD0iMSIgaGVpZ2h0PSIxIiB4bWxucz0iaHR0cDovL3d3dy53My5vcmcvMjAwMC9zdmciPjwvc3ZnPg==\" style=\"--smush-placeholder-width: 1200px; --smush-placeholder-aspect-ratio: 1200\/386;\" \/><\/a><\/span><\/p>\n<p style=\"text-align: justify;\"><span style=\"font-size: 14pt;\">Nhi\u1ec7t \u0111\u1ed9 m\u00e0u 4000K c\u1ee7a \u0111\u00e8n Pha VL F4 S2 mang l\u1ea1i \u00e1nh s\u00e1ng t\u1ef1 nhi\u00ean v\u00e0 trung th\u1ef1c, gi\u00fap l\u00e0m n\u1ed5i b\u1eadt c\u00e1c chi ti\u1ebft ki\u1ebfn tr\u00fac v\u00e0 t\u1ea1o ra kh\u00f4ng gian s\u1ed1ng \u0111\u1ed9ng. S\u1ea3n ph\u1ea9m n\u00e0y t\u1ea1o \u0111i\u1ec3m nh\u1ea5n v\u00e0 t\u00f4n l\u00ean v\u1ebb \u0111\u1eb9p c\u1ee7a c\u00e1c c\u00f4ng tr\u00ecnh nh\u1ecf, t\u1eeb nh\u1eefng b\u1ee9c t\u01b0\u1eddng b\u00ean ngo\u00e0i, c\u1ed9t tr\u1ee5, cho \u0111\u1ebfn v\u01b0\u1eddn hoa hay con \u0111\u01b0\u1eddng s\u00e2n v\u01b0\u1eddn.<\/span><\/p>\n<p style=\"text-align: justify;\"><span style=\"font-size: 14pt;\">V\u1edbi \u0111\u00e8n Pha VL S2, b\u1ea1n kh\u00f4ng ch\u1ec9 c\u00f3 m\u1ed9t gi\u1ea3i ph\u00e1p chi\u1ebfu s\u00e1ng \u0111\u01a1n thu\u1ea7n m\u00e0 c\u00f2n m\u1ed9t t\u00e1c ph\u1ea9m ngh\u1ec7 thu\u1eadt \u00e1nh s\u00e1ng. H\u00e3y mang \u0111\u1ebfn s\u1ef1 tinh t\u1ebf v\u00e0 sang tr\u1ecdng cho kh\u00f4ng gian c\u1ee7a b\u1ea1n v\u1edbi s\u1ea3n ph\u1ea9m n\u00e0y.<\/span><\/p>\n<h3 style=\"text-align: justify;\"><span style=\"font-size: 14pt;\">B\u1ea3ng th\u00f4ng s\u1ed1 k\u1ef9 thu\u1eadt s\u1ea3n ph\u1ea9m :<\/span><\/h3>\n<table style=\"width: 97.3911%; height: 1000px;\">\n<tbody>\n<tr style=\"height: 72px;\">\n<td style=\"width: 26.4889%; height: 72px;\"><span style=\"font-size: 14pt;\">T\u00ean s\u1ea3n ph\u1ea9m<\/span><\/td>\n<td style=\"width: 36.8267%; height: 72px;\"><span style=\"font-size: 14pt;\">VL F4 S10-1<\/span><\/td>\n<td style=\"width: 53.5567%; height: 72px;\"><span style=\"font-size: 14pt;\">VL F4 S5-1<\/span><\/td>\n<\/tr>\n<tr style=\"height: 72px;\">\n<td style=\"width: 26.4889%; height: 72px;\"><span style=\"font-size: 14pt;\">S\u1ed1 l\u01b0\u1ee3ng Led<\/span><\/td>\n<td style=\"width: 36.8267%; height: 72px;\"><span style=\"font-size: 14pt;\">1<\/span><\/td>\n<td style=\"width: 53.5567%; height: 72px;\"><span style=\"font-size: 14pt;\">1<\/span><\/td>\n<\/tr>\n<tr style=\"height: 72px;\">\n<td style=\"width: 26.4889%; height: 72px;\"><span style=\"font-size: 14pt;\">C\u00f4ng su\u1ea5t \u0111\u00e8n<\/span><\/td>\n<td style=\"width: 36.8267%; height: 72px;\"><span style=\"font-size: 14pt;\">10W<\/span><\/td>\n<td style=\"width: 53.5567%; height: 72px;\"><span style=\"font-size: 14pt;\">5W<\/span><\/td>\n<\/tr>\n<tr style=\"height: 96px;\">\n<td style=\"width: 26.4889%; height: 96px;\"><span style=\"font-size: 14pt;\">\u0110i\u1ec7n \u00e1p ho\u1ea1t \u0111\u1ed9ng<\/span><\/td>\n<td style=\"width: 36.8267%; height: 96px;\"><span style=\"font-size: 14pt;\">24V DC<\/span><\/td>\n<td style=\"width: 53.5567%; height: 96px;\"><span style=\"font-size: 14pt;\">24V DC<\/span><\/td>\n<\/tr>\n<tr style=\"height: 48px;\">\n<td style=\"width: 26.4889%; height: 48px;\"><span style=\"font-size: 14pt;\">\u0110i\u1ec1u khi\u1ec3n<\/span><\/td>\n<td style=\"width: 36.8267%; height: 48px;\"><span style=\"font-size: 14pt;\">ON OFF<\/span><\/td>\n<td style=\"width: 53.5567%; height: 48px;\"><span style=\"font-size: 14pt;\">ON OFF<\/span><\/td>\n<\/tr>\n<tr style=\"height: 72px;\">\n<td style=\"width: 26.4889%; height: 72px;\"><span style=\"font-size: 14pt;\">Nhi\u1ec7t \u0111\u1ed9 m\u00e0u<\/span><\/td>\n<td style=\"width: 36.8267%; height: 72px;\"><span style=\"font-size: 14pt;\">4000k<\/span><\/td>\n<td style=\"width: 53.5567%; height: 72px;\"><span style=\"font-size: 14pt;\">4000k<\/span><\/td>\n<\/tr>\n<tr style=\"height: 48px;\">\n<td style=\"width: 26.4889%; height: 48px;\"><span style=\"font-size: 14pt;\">Quang th\u00f4ng<\/span><\/td>\n<td style=\"width: 36.8267%; height: 48px;\"><span style=\"font-size: 14pt;\">&gt; 640 lm<\/span><\/td>\n<td style=\"width: 53.5567%; height: 48px;\"><span style=\"font-size: 14pt;\">&gt; 380<\/span><\/td>\n<\/tr>\n<tr style=\"height: 96px;\">\n<td style=\"width: 26.4889%; height: 96px;\"><span style=\"font-size: 14pt;\">\u0110\u1ed9 ho\u00e0n m\u00e0u CRI<\/span><\/td>\n<td style=\"width: 36.8267%; height: 96px;\"><span style=\"font-size: 14pt;\">&gt;80<\/span><\/td>\n<td style=\"width: 53.5567%; height: 96px;\"><span style=\"font-size: 14pt;\">&gt;80<\/span><\/td>\n<\/tr>\n<tr style=\"height: 85px;\">\n<td style=\"width: 26.4889%; height: 85px;\"><span style=\"font-size: 14pt;\">G\u00f3c chi\u1ebfu<\/span><\/td>\n<td style=\"width: 36.8267%; height: 85px;\"><span style=\"font-size: 14pt;\">5<sup>o<\/sup><\/span><\/td>\n<td style=\"width: 53.5567%; height: 85px;\"><span style=\"font-size: 14pt;\">5<sup>o<\/sup><\/span><\/td>\n<\/tr>\n<tr style=\"height: 96px;\">\n<td style=\"width: 26.4889%; height: 96px;\"><span style=\"font-size: 14pt;\">Nhi\u1ec7t \u0111\u1ed9 ho\u1ea1t \u0111\u1ed9ng<\/span><\/td>\n<td style=\"width: 36.8267%; height: 96px;\"><span style=\"font-size: 14pt;\">-35 t\u1edbi 50 \u0111\u1ed9 C<\/span><\/td>\n<td style=\"width: 53.5567%; height: 96px;\"><span style=\"font-size: 14pt;\">-35 t\u1edbi 50 \u0111\u1ed9 C<\/span><\/td>\n<\/tr>\n<tr style=\"height: 72px;\">\n<td style=\"width: 26.4889%; height: 72px;\"><span style=\"font-size: 14pt;\">\u0110\u1ed9 \u1ea9m ho\u1ea1t \u0111\u1ed9ng<\/span><\/td>\n<td style=\"width: 36.8267%; height: 72px;\"><span style=\"font-size: 14pt;\">10- 90%<\/span><\/td>\n<td style=\"width: 53.5567%; height: 72px;\"><span style=\"font-size: 14pt;\">10- 90%<\/span><\/td>\n<\/tr>\n<tr style=\"height: 96px;\">\n<td style=\"width: 26.4889%; height: 96px;\"><span style=\"font-size: 14pt;\">Tu\u1ed5i th\u1ecd Chip Led<\/span><\/td>\n<td style=\"width: 36.8267%; height: 96px;\"><span style=\"font-size: 14pt;\">&gt;70.000h<\/span><\/td>\n<td style=\"width: 53.5567%; height: 96px;\"><span style=\"font-size: 14pt;\">&gt;70.000h<\/span><\/td>\n<\/tr>\n<tr style=\"height: 48px;\">\n<td style=\"width: 26.4889%; height: 48px;\"><span style=\"font-size: 14pt;\">C\u1ea5p b\u1ea3o v\u1ec7<\/span><\/td>\n<td style=\"width: 36.8267%; height: 48px;\"><span style=\"font-size: 14pt;\">IP66<\/span><\/td>\n<td style=\"width: 53.5567%; height: 48px;\"><span style=\"font-size: 14pt;\">IP66<\/span><\/td>\n<\/tr>\n<tr style=\"height: 27px;\">\n<td style=\"width: 26.4889%; height: 27px;\"><span style=\"font-size: 14pt;\">C\u00e2n n\u1eb7ng<\/span><\/td>\n<td style=\"width: 36.8267%; height: 27px;\"><span style=\"font-size: 14pt;\">1Kg<\/span><\/td>\n<td style=\"width: 53.5567%; height: 27px;\"><span style=\"font-size: 14pt;\">1Kg<\/span><\/td>\n<\/tr>\n<\/tbody>\n<\/table>\n","protected":false},"excerpt":{"rendered":"<p style=\"text-align: justify;\"><span style=\"font-size: 14pt;\">\u0110\u00e8n Pha VL F4 S2 &#8211; Gi\u1ea3i ph\u00e1p \u00e1nh s\u00e1ng ho\u00e0n h\u1ea3o cho c\u00f4ng tr\u00ecnh ki\u1ebfn tr\u00fac ngh\u1ec7 thu\u1eadt. Tr\u1ecdng l\u01b0\u1ee3ng nh\u1eb9, d\u1ec5 d\u00e0ng l\u1eafp \u0111\u1eb7t. Ch\u1ed1ng n\u01b0\u1edbc IP66, nhi\u1ec7t \u0111\u1ed9 m\u00e0u 4000K. S\u00e1ng hi\u1ec7n \u0111\u1ea1i, \u0111a d\u1ea1ng c\u00f4ng su\u1ea5t 5W v\u00e0 10W. T\u1ea1o \u0111i\u1ec3m nh\u1ea5n cho kh\u00f4ng gian s\u1ed1ng \u0111\u1ed9ng.<\/span><\/p>\n","protected":false},"featured_media":3709,"template":"","meta":[],"product_brand":[],"product_cat":[73,59,356],"product_tag":[420,421,422],"class_list":{"0":"post-3707","1":"product","2":"type-product","3":"status-publish","4":"has-post-thumbnail","6":"product_cat-den-chieu-sang-facade","7":"product_cat-den-roi-pha","8":"product_cat-f4-series","9":"product_tag-den-pha-vl-f4-s2","10":"product_tag-vl-f4-s10-1","11":"product_tag-vl-f4-s5-1","12":"pa_chuan-dieu-khien-on-off","13":"pa_cong-suat-10w","14":"pa_cong-suat-5w","15":"pa_dien-ap-hoat-dong-24vdc","16":"pa_do-chiu-luc-ik08","17":"pa_do-kin-ip-66","18":"pa_nhiet-do-mau-4000k","19":"pa_vat-lieu-vo-hop-kim-kim-loai","21":"first","22":"instock","23":"taxable","24":"shipping-taxable","25":"product-type-simple"},"yoast_head":"<!-- This site is optimized with the Yoast SEO Premium plugin v27.4 (Yoast SEO v27.4) - https:\/\/yoast.com\/product\/yoast-seo-premium-wordpress\/ -->\n<title>\u0110\u00e8n Pha VL F4 S2 - Vilight Co.ltd<\/title>\n<meta name=\"description\" content=\"\u0110\u00e8n Pha VL F4 S2 - Gi\u1ea3i ph\u00e1p \u00e1nh s\u00e1ng ho\u00e0n h\u1ea3o cho c\u00f4ng tr\u00ecnh ki\u1ebfn tr\u00fac ngh\u1ec7 thu\u1eadt. Tr\u1ecdng l\u01b0\u1ee3ng nh\u1eb9, d\u1ec5 d\u00e0ng l\u1eafp \u0111\u1eb7t. Ch\u1ed1ng n\u01b0\u1edbc IP66, nhi\u1ec7t \u0111\u1ed9 m\u00e0u 4000K.\" \/>\n<meta name=\"robots\" content=\"index, follow, max-snippet:-1, max-image-preview:large, max-video-preview:-1\" \/>\n<link rel=\"canonical\" href=\"https:\/\/vilight.vn\/website\/san-pham\/den-chieu-sang-facade\/den-pha-vl-f4-s2\/\" \/>\n<meta property=\"og:locale\" content=\"vi_VN\" \/>\n<meta property=\"og:type\" content=\"article\" \/>\n<meta property=\"og:title\" content=\"\u0110\u00e8n Pha VL F4 S2\" \/>\n<meta property=\"og:description\" content=\"\u0110\u00e8n Pha VL F4 S2 - Gi\u1ea3i ph\u00e1p \u00e1nh s\u00e1ng ho\u00e0n h\u1ea3o cho c\u00f4ng tr\u00ecnh ki\u1ebfn tr\u00fac ngh\u1ec7 thu\u1eadt. Tr\u1ecdng l\u01b0\u1ee3ng nh\u1eb9, d\u1ec5 d\u00e0ng l\u1eafp \u0111\u1eb7t. Ch\u1ed1ng n\u01b0\u1edbc IP66, nhi\u1ec7t \u0111\u1ed9 m\u00e0u 4000K. S\u00e1ng hi\u1ec7n \u0111\u1ea1i, \u0111a d\u1ea1ng c\u00f4ng su\u1ea5t 5W v\u00e0 10W. T\u1ea1o \u0111i\u1ec3m nh\u1ea5n cho kh\u00f4ng gian s\u1ed1ng \u0111\u1ed9ng.\" \/>\n<meta property=\"og:url\" content=\"https:\/\/vilight.vn\/website\/san-pham\/den-chieu-sang-facade\/den-pha-vl-f4-s2\/\" \/>\n<meta property=\"og:site_name\" content=\"Vilight Co.ltd\" \/>\n<meta property=\"article:publisher\" content=\"http:\/\/facebook.com\/vilight.vn\" \/>\n<meta property=\"article:modified_time\" content=\"2024-10-02T02:42:01+00:00\" \/>\n<meta property=\"og:image\" content=\"https:\/\/vilight.vn\/website\/wp-content\/uploads\/2023\/06\/vl-f4-s2.jpg\" \/>\n\t<meta property=\"og:image:width\" content=\"600\" \/>\n\t<meta property=\"og:image:height\" content=\"600\" \/>\n\t<meta property=\"og:image:type\" content=\"image\/jpeg\" \/>\n<meta name=\"twitter:card\" content=\"summary_large_image\" \/>\n<meta name=\"twitter:label1\" content=\"Gi\u00e1\" \/>\n\t<meta name=\"twitter:data1\" content=\"\" \/>\n\t<meta name=\"twitter:label2\" content=\"Kh\u1ea3 d\u1ee5ng\" \/>\n\t<meta name=\"twitter:data2\" content=\"Trong kho\" \/>\n<script type=\"application\/ld+json\" class=\"yoast-schema-graph\">{\"@context\":\"https:\\\/\\\/schema.org\",\"@graph\":[{\"@type\":\"WebPage\",\"@id\":\"https:\\\/\\\/vilight.vn\\\/website\\\/san-pham\\\/den-chieu-sang-facade\\\/den-pha-vl-f4-s2\\\/\",\"url\":\"https:\\\/\\\/vilight.vn\\\/website\\\/san-pham\\\/den-chieu-sang-facade\\\/den-pha-vl-f4-s2\\\/\",\"name\":\"\u0110\u00e8n Pha VL F4 S2 - Vilight Co.ltd\",\"isPartOf\":{\"@id\":\"https:\\\/\\\/vilight.vn\\\/website\\\/#website\"},\"primaryImageOfPage\":{\"@id\":\"https:\\\/\\\/vilight.vn\\\/website\\\/san-pham\\\/den-chieu-sang-facade\\\/den-pha-vl-f4-s2\\\/#primaryimage\"},\"image\":{\"@id\":\"https:\\\/\\\/vilight.vn\\\/website\\\/san-pham\\\/den-chieu-sang-facade\\\/den-pha-vl-f4-s2\\\/#primaryimage\"},\"thumbnailUrl\":\"https:\\\/\\\/vilight.vn\\\/website\\\/wp-content\\\/uploads\\\/2023\\\/06\\\/vl-f4-s2.jpg\",\"datePublished\":\"2023-06-15T04:33:23+00:00\",\"dateModified\":\"2024-10-02T02:42:01+00:00\",\"description\":\"\u0110\u00e8n Pha VL F4 S2 - Gi\u1ea3i ph\u00e1p \u00e1nh s\u00e1ng ho\u00e0n h\u1ea3o cho c\u00f4ng tr\u00ecnh ki\u1ebfn tr\u00fac ngh\u1ec7 thu\u1eadt. Tr\u1ecdng l\u01b0\u1ee3ng nh\u1eb9, d\u1ec5 d\u00e0ng l\u1eafp \u0111\u1eb7t. Ch\u1ed1ng n\u01b0\u1edbc IP66, nhi\u1ec7t \u0111\u1ed9 m\u00e0u 4000K.\",\"breadcrumb\":{\"@id\":\"https:\\\/\\\/vilight.vn\\\/website\\\/san-pham\\\/den-chieu-sang-facade\\\/den-pha-vl-f4-s2\\\/#breadcrumb\"},\"inLanguage\":\"vi\",\"potentialAction\":[{\"@type\":\"ReadAction\",\"target\":[\"https:\\\/\\\/vilight.vn\\\/website\\\/san-pham\\\/den-chieu-sang-facade\\\/den-pha-vl-f4-s2\\\/\"]}]},{\"@type\":\"ImageObject\",\"inLanguage\":\"vi\",\"@id\":\"https:\\\/\\\/vilight.vn\\\/website\\\/san-pham\\\/den-chieu-sang-facade\\\/den-pha-vl-f4-s2\\\/#primaryimage\",\"url\":\"https:\\\/\\\/vilight.vn\\\/website\\\/wp-content\\\/uploads\\\/2023\\\/06\\\/vl-f4-s2.jpg\",\"contentUrl\":\"https:\\\/\\\/vilight.vn\\\/website\\\/wp-content\\\/uploads\\\/2023\\\/06\\\/vl-f4-s2.jpg\",\"width\":600,\"height\":600,\"caption\":\"\u0110\u00e8n Pha VL F4 S2\"},{\"@type\":\"BreadcrumbList\",\"@id\":\"https:\\\/\\\/vilight.vn\\\/website\\\/san-pham\\\/den-chieu-sang-facade\\\/den-pha-vl-f4-s2\\\/#breadcrumb\",\"itemListElement\":[{\"@type\":\"ListItem\",\"position\":1,\"name\":\"Home\",\"item\":\"https:\\\/\\\/vilight.vn\\\/website\\\/\"},{\"@type\":\"ListItem\",\"position\":2,\"name\":\"store\",\"item\":\"https:\\\/\\\/vilight.vn\\\/website\\\/store\\\/\"},{\"@type\":\"ListItem\",\"position\":3,\"name\":\"\u0110\u00e8n Pha VL F4 S2\"}]},{\"@type\":\"WebSite\",\"@id\":\"https:\\\/\\\/vilight.vn\\\/website\\\/#website\",\"url\":\"https:\\\/\\\/vilight.vn\\\/website\\\/\",\"name\":\"Vilight Co.ltd\",\"description\":\"Chi\u1ebfu s\u00e1ng m\u1ef9 thu\u1eadt, chi\u1ebfu s\u00e1ng th\u00f4ng minh, LED Pixel 3D, chi\u1ebfu s\u00e1ng trang tr\u00ed \u0111\u00f4 th\u1ecb, chi\u1ebfu s\u00e1ng v\u00f2ng xoay, chi\u1ebfu s\u00e1ng \u0111\u1ea3o giao th\u00f4ng, c\u1ed5ng ch\u00e0o \u0111\u00f4 th\u1ecb\",\"publisher\":{\"@id\":\"https:\\\/\\\/vilight.vn\\\/website\\\/#organization\"},\"potentialAction\":[{\"@type\":\"SearchAction\",\"target\":{\"@type\":\"EntryPoint\",\"urlTemplate\":\"https:\\\/\\\/vilight.vn\\\/website\\\/?s={search_term_string}\"},\"query-input\":{\"@type\":\"PropertyValueSpecification\",\"valueRequired\":true,\"valueName\":\"search_term_string\"}}],\"inLanguage\":\"vi\"},{\"@type\":\"Organization\",\"@id\":\"https:\\\/\\\/vilight.vn\\\/website\\\/#organization\",\"name\":\"Vilight\",\"url\":\"https:\\\/\\\/vilight.vn\\\/website\\\/\",\"logo\":{\"@type\":\"ImageObject\",\"inLanguage\":\"vi\",\"@id\":\"https:\\\/\\\/vilight.vn\\\/website\\\/#\\\/schema\\\/logo\\\/image\\\/\",\"url\":\"https:\\\/\\\/vilight.vn\\\/website\\\/wp-content\\\/uploads\\\/2022\\\/05\\\/chieu_sang_trang_tri_do_thi_bang_den_led_pixel.png\",\"contentUrl\":\"https:\\\/\\\/vilight.vn\\\/website\\\/wp-content\\\/uploads\\\/2022\\\/05\\\/chieu_sang_trang_tri_do_thi_bang_den_led_pixel.png\",\"width\":800,\"height\":427,\"caption\":\"Vilight\"},\"image\":{\"@id\":\"https:\\\/\\\/vilight.vn\\\/website\\\/#\\\/schema\\\/logo\\\/image\\\/\"},\"sameAs\":[\"http:\\\/\\\/facebook.com\\\/vilight.vn\",\"https:\\\/\\\/www.linkedin.com\\\/company\\\/vilight-vn\",\"https:\\\/\\\/www.youtube.com\\\/channel\\\/UCEwR2naeDcuarMX1kSv_rLQ\\\/videos\"]}]}<\/script>\n<meta property=\"product:brand\" content=\"\u0110\u00e8n chi\u1ebfu s\u00e1ng Facade\" \/>\n<meta property=\"product:price:currency\" content=\"VND\" \/>\n<meta property=\"og:availability\" content=\"instock\" \/>\n<meta property=\"product:availability\" content=\"instock\" \/>\n<meta property=\"product:condition\" content=\"new\" \/>\n<!-- \/ Yoast SEO Premium plugin. -->","yoast_head_json":{"title":"\u0110\u00e8n Pha VL F4 S2 - Vilight Co.ltd","description":"\u0110\u00e8n Pha VL F4 S2 - Gi\u1ea3i ph\u00e1p \u00e1nh s\u00e1ng ho\u00e0n h\u1ea3o cho c\u00f4ng tr\u00ecnh ki\u1ebfn tr\u00fac ngh\u1ec7 thu\u1eadt. Tr\u1ecdng l\u01b0\u1ee3ng nh\u1eb9, d\u1ec5 d\u00e0ng l\u1eafp \u0111\u1eb7t. Ch\u1ed1ng n\u01b0\u1edbc IP66, nhi\u1ec7t \u0111\u1ed9 m\u00e0u 4000K.","robots":{"index":"index","follow":"follow","max-snippet":"max-snippet:-1","max-image-preview":"max-image-preview:large","max-video-preview":"max-video-preview:-1"},"canonical":"https:\/\/vilight.vn\/website\/san-pham\/den-chieu-sang-facade\/den-pha-vl-f4-s2\/","og_locale":"vi_VN","og_type":"article","og_title":"\u0110\u00e8n Pha VL F4 S2","og_description":"\u0110\u00e8n Pha VL F4 S2 - Gi\u1ea3i ph\u00e1p \u00e1nh s\u00e1ng ho\u00e0n h\u1ea3o cho c\u00f4ng tr\u00ecnh ki\u1ebfn tr\u00fac ngh\u1ec7 thu\u1eadt. Tr\u1ecdng l\u01b0\u1ee3ng nh\u1eb9, d\u1ec5 d\u00e0ng l\u1eafp \u0111\u1eb7t. Ch\u1ed1ng n\u01b0\u1edbc IP66, nhi\u1ec7t \u0111\u1ed9 m\u00e0u 4000K. S\u00e1ng hi\u1ec7n \u0111\u1ea1i, \u0111a d\u1ea1ng c\u00f4ng su\u1ea5t 5W v\u00e0 10W. T\u1ea1o \u0111i\u1ec3m nh\u1ea5n cho kh\u00f4ng gian s\u1ed1ng \u0111\u1ed9ng.","og_url":"https:\/\/vilight.vn\/website\/san-pham\/den-chieu-sang-facade\/den-pha-vl-f4-s2\/","og_site_name":"Vilight Co.ltd","article_publisher":"http:\/\/facebook.com\/vilight.vn","article_modified_time":"2024-10-02T02:42:01+00:00","og_image":[{"width":600,"height":600,"url":"https:\/\/vilight.vn\/website\/wp-content\/uploads\/2023\/06\/vl-f4-s2.jpg","type":"image\/jpeg"}],"twitter_card":"summary_large_image","twitter_misc":{"Gi\u00e1":"","Kh\u1ea3 d\u1ee5ng":"Trong kho"},"schema":{"@context":"https:\/\/schema.org","@graph":[{"@type":"WebPage","@id":"https:\/\/vilight.vn\/website\/san-pham\/den-chieu-sang-facade\/den-pha-vl-f4-s2\/","url":"https:\/\/vilight.vn\/website\/san-pham\/den-chieu-sang-facade\/den-pha-vl-f4-s2\/","name":"\u0110\u00e8n Pha VL F4 S2 - Vilight Co.ltd","isPartOf":{"@id":"https:\/\/vilight.vn\/website\/#website"},"primaryImageOfPage":{"@id":"https:\/\/vilight.vn\/website\/san-pham\/den-chieu-sang-facade\/den-pha-vl-f4-s2\/#primaryimage"},"image":{"@id":"https:\/\/vilight.vn\/website\/san-pham\/den-chieu-sang-facade\/den-pha-vl-f4-s2\/#primaryimage"},"thumbnailUrl":"https:\/\/vilight.vn\/website\/wp-content\/uploads\/2023\/06\/vl-f4-s2.jpg","datePublished":"2023-06-15T04:33:23+00:00","dateModified":"2024-10-02T02:42:01+00:00","description":"\u0110\u00e8n Pha VL F4 S2 - Gi\u1ea3i ph\u00e1p \u00e1nh s\u00e1ng ho\u00e0n h\u1ea3o cho c\u00f4ng tr\u00ecnh ki\u1ebfn tr\u00fac ngh\u1ec7 thu\u1eadt. Tr\u1ecdng l\u01b0\u1ee3ng nh\u1eb9, d\u1ec5 d\u00e0ng l\u1eafp \u0111\u1eb7t. Ch\u1ed1ng n\u01b0\u1edbc IP66, nhi\u1ec7t \u0111\u1ed9 m\u00e0u 4000K.","breadcrumb":{"@id":"https:\/\/vilight.vn\/website\/san-pham\/den-chieu-sang-facade\/den-pha-vl-f4-s2\/#breadcrumb"},"inLanguage":"vi","potentialAction":[{"@type":"ReadAction","target":["https:\/\/vilight.vn\/website\/san-pham\/den-chieu-sang-facade\/den-pha-vl-f4-s2\/"]}]},{"@type":"ImageObject","inLanguage":"vi","@id":"https:\/\/vilight.vn\/website\/san-pham\/den-chieu-sang-facade\/den-pha-vl-f4-s2\/#primaryimage","url":"https:\/\/vilight.vn\/website\/wp-content\/uploads\/2023\/06\/vl-f4-s2.jpg","contentUrl":"https:\/\/vilight.vn\/website\/wp-content\/uploads\/2023\/06\/vl-f4-s2.jpg","width":600,"height":600,"caption":"\u0110\u00e8n Pha VL F4 S2"},{"@type":"BreadcrumbList","@id":"https:\/\/vilight.vn\/website\/san-pham\/den-chieu-sang-facade\/den-pha-vl-f4-s2\/#breadcrumb","itemListElement":[{"@type":"ListItem","position":1,"name":"Home","item":"https:\/\/vilight.vn\/website\/"},{"@type":"ListItem","position":2,"name":"store","item":"https:\/\/vilight.vn\/website\/store\/"},{"@type":"ListItem","position":3,"name":"\u0110\u00e8n Pha VL F4 S2"}]},{"@type":"WebSite","@id":"https:\/\/vilight.vn\/website\/#website","url":"https:\/\/vilight.vn\/website\/","name":"Vilight Co.ltd","description":"Chi\u1ebfu s\u00e1ng m\u1ef9 thu\u1eadt, chi\u1ebfu s\u00e1ng th\u00f4ng minh, LED Pixel 3D, chi\u1ebfu s\u00e1ng trang tr\u00ed \u0111\u00f4 th\u1ecb, chi\u1ebfu s\u00e1ng v\u00f2ng xoay, chi\u1ebfu s\u00e1ng \u0111\u1ea3o giao th\u00f4ng, c\u1ed5ng ch\u00e0o \u0111\u00f4 th\u1ecb","publisher":{"@id":"https:\/\/vilight.vn\/website\/#organization"},"potentialAction":[{"@type":"SearchAction","target":{"@type":"EntryPoint","urlTemplate":"https:\/\/vilight.vn\/website\/?s={search_term_string}"},"query-input":{"@type":"PropertyValueSpecification","valueRequired":true,"valueName":"search_term_string"}}],"inLanguage":"vi"},{"@type":"Organization","@id":"https:\/\/vilight.vn\/website\/#organization","name":"Vilight","url":"https:\/\/vilight.vn\/website\/","logo":{"@type":"ImageObject","inLanguage":"vi","@id":"https:\/\/vilight.vn\/website\/#\/schema\/logo\/image\/","url":"https:\/\/vilight.vn\/website\/wp-content\/uploads\/2022\/05\/chieu_sang_trang_tri_do_thi_bang_den_led_pixel.png","contentUrl":"https:\/\/vilight.vn\/website\/wp-content\/uploads\/2022\/05\/chieu_sang_trang_tri_do_thi_bang_den_led_pixel.png","width":800,"height":427,"caption":"Vilight"},"image":{"@id":"https:\/\/vilight.vn\/website\/#\/schema\/logo\/image\/"},"sameAs":["http:\/\/facebook.com\/vilight.vn","https:\/\/www.linkedin.com\/company\/vilight-vn","https:\/\/www.youtube.com\/channel\/UCEwR2naeDcuarMX1kSv_rLQ\/videos"]}]},"product_brand":"\u0110\u00e8n chi\u1ebfu s\u00e1ng Facade","product_price_currency":"VND","og_availability":"instock","product_availability":"instock","product_condition":"new"},"_links":{"self":[{"href":"https:\/\/vilight.vn\/website\/wp-json\/wp\/v2\/product\/3707","targetHints":{"allow":["GET"]}}],"collection":[{"href":"https:\/\/vilight.vn\/website\/wp-json\/wp\/v2\/product"}],"about":[{"href":"https:\/\/vilight.vn\/website\/wp-json\/wp\/v2\/types\/product"}],"wp:featuredmedia":[{"embeddable":true,"href":"https:\/\/vilight.vn\/website\/wp-json\/wp\/v2\/media\/3709"}],"wp:attachment":[{"href":"https:\/\/vilight.vn\/website\/wp-json\/wp\/v2\/media?parent=3707"}],"wp:term":[{"taxonomy":"product_brand","embeddable":true,"href":"https:\/\/vilight.vn\/website\/wp-json\/wp\/v2\/product_brand?post=3707"},{"taxonomy":"product_cat","embeddable":true,"href":"https:\/\/vilight.vn\/website\/wp-json\/wp\/v2\/product_cat?post=3707"},{"taxonomy":"product_tag","embeddable":true,"href":"https:\/\/vilight.vn\/website\/wp-json\/wp\/v2\/product_tag?post=3707"}],"curies":[{"name":"wp","href":"https:\/\/api.w.org\/{rel}","templated":true}]}}