{"id":3764,"date":"2023-06-16T10:43:18","date_gmt":"2023-06-16T03:43:18","guid":{"rendered":"https:\/\/vilight.vn\/website\/?post_type=product&#038;p=3764"},"modified":"2024-10-02T09:40:21","modified_gmt":"2024-10-02T02:40:21","slug":"den-pha-vl-f4-r1","status":"publish","type":"product","link":"https:\/\/vilight.vn\/website\/san-pham\/den-chieu-sang-facade\/den-pha-vl-f4-r1\/","title":{"rendered":"\u0110\u00e8n pha VL F4 R1"},"content":{"rendered":"<h2 style=\"text-align: justify;\"><span style=\"font-size: 18pt;\">Gi\u1edbi thi\u1ec7u m\u1eabu \u0111\u00e8n pha VL F4 R1.<\/span><\/h2>\n<p style=\"text-align: justify;\"><span style=\"font-size: 14pt;\">\u0110\u00e8n pha VL F4 R1 l\u00e0 m\u1ed9t s\u1ea3n ph\u1ea9m \u0111\u00e8n pha ch\u1ea5t l\u01b0\u1ee3ng cao, \u0111\u01b0\u1ee3c thi\u1ebft k\u1ebf \u0111\u1ec3 chi\u1ebfu s\u00e1ng m\u1ed9t c\u00e1ch hi\u1ec7u qu\u1ea3 trong nhi\u1ec1u ho\u00e0n c\u1ea3nh kh\u00e1c nhau. S\u1ea3n ph\u1ea9m n\u00e0y c\u00f3 hai bi\u1ebfn th\u1ec3 v\u1edbi c\u00f4ng su\u1ea5t kh\u00e1c nhau, bao g\u1ed3m phi\u00ean b\u1ea3n 60W v\u00e0 80W, cho ph\u00e9p l\u1ef1a ch\u1ecdn ph\u00f9 h\u1ee3p v\u1edbi nhu c\u1ea7u chi\u1ebfu s\u00e1ng c\u1ee7a b\u1ea1n.<\/span><\/p>\n<p style=\"text-align: justify;\"><span style=\"font-size: 14pt;\">M\u00e0u s\u1eafc c\u1ee7a \u0111\u00e8n pha VL R1 l\u00e0 \u0111\u01a1n s\u1eafc 4000K, mang l\u1ea1i \u00e1nh s\u00e1ng t\u1ef1 nhi\u00ean v\u00e0 s\u00e1ng m\u00e0u trung t\u00ednh, gi\u00fap t\u1ea1o ra kh\u00f4ng gian s\u00e1ng tho\u1ea3i m\u00e1i v\u00e0 tr\u1ef1c quan. V\u1edbi \u0111\u1ed9 k\u00edn ch\u1ed1ng n\u01b0\u1edbc IP66, s\u1ea3n ph\u1ea9m n\u00e0y c\u00f3 kh\u1ea3 n\u0103ng ch\u1ed1ng n\u01b0\u1edbc m\u1ed9t c\u00e1ch hi\u1ec7u qu\u1ea3, cho ph\u00e9p b\u1ea1n s\u1eed d\u1ee5ng n\u00f3 ngo\u00e0i tr\u1eddi trong c\u00e1c \u0111i\u1ec1u ki\u1ec7n th\u1eddi ti\u1ebft kh\u1eafc nghi\u1ec7t.<\/span><\/p>\n<p style=\"text-align: justify;\"><span style=\"font-size: 14pt;\"><a href=\"https:\/\/vilight.vn\/website\/wp-content\/uploads\/2023\/06\/Den-pha-VL-F4-R1.jpg\"><img decoding=\"async\" class=\"aligncenter wp-image-3765 size-full lazyload\" data-src=\"https:\/\/vilight.vn\/website\/wp-content\/uploads\/2023\/06\/Den-pha-VL-F4-R1.jpg\" alt=\"\u0110\u00e8n pha VL F4 R1\" width=\"1200\" height=\"600\" data-srcset=\"https:\/\/vilight.vn\/website\/wp-content\/uploads\/2023\/06\/Den-pha-VL-F4-R1.jpg 1200w, https:\/\/vilight.vn\/website\/wp-content\/uploads\/2023\/06\/Den-pha-VL-F4-R1-800x400.jpg 800w, https:\/\/vilight.vn\/website\/wp-content\/uploads\/2023\/06\/Den-pha-VL-F4-R1-300x150.jpg 300w, https:\/\/vilight.vn\/website\/wp-content\/uploads\/2023\/06\/Den-pha-VL-F4-R1-1024x512.jpg 1024w, https:\/\/vilight.vn\/website\/wp-content\/uploads\/2023\/06\/Den-pha-VL-F4-R1-768x384.jpg 768w, https:\/\/vilight.vn\/website\/wp-content\/uploads\/2023\/06\/Den-pha-VL-F4-R1-18x9.jpg 18w, https:\/\/vilight.vn\/website\/wp-content\/uploads\/2023\/06\/Den-pha-VL-F4-R1-150x75.jpg 150w, https:\/\/vilight.vn\/website\/wp-content\/uploads\/2023\/06\/Den-pha-VL-F4-R1-480x240.jpg 480w\" data-sizes=\"(max-width:767px) 480px, (max-width:1200px) 100vw, 1200px\" src=\"data:image\/svg+xml;base64,PHN2ZyB3aWR0aD0iMSIgaGVpZ2h0PSIxIiB4bWxucz0iaHR0cDovL3d3dy53My5vcmcvMjAwMC9zdmciPjwvc3ZnPg==\" style=\"--smush-placeholder-width: 1200px; --smush-placeholder-aspect-ratio: 1200\/600;\" \/><\/a><\/span><\/p>\n<p style=\"text-align: justify;\"><span style=\"font-size: 14pt;\">\u0110\u00e8n pha VL R1 th\u00edch h\u1ee3p cho vi\u1ec7c chi\u1ebfu s\u00e1ng c\u00e1c c\u00f4ng tr\u00ecnh x\u00e2y d\u1ef1ng, ki\u1ebfn tr\u00fac, c\u00e2y xanh v\u00e0 c\u1ea3nh quan. B\u1ea1n c\u00f3 th\u1ec3 s\u1eed d\u1ee5ng n\u00f3 \u0111\u1ec3 t\u1ea1o \u0111i\u1ec3m nh\u1ea5n \u00e1nh s\u00e1ng cho c\u00e1c khu v\u01b0\u1eddn, c\u00f4ng vi\u00ean, \u0111\u01b0\u1eddng ph\u1ed1, hay b\u1ea5t k\u1ef3 kh\u00f4ng gian ngo\u00e0i tr\u1eddi n\u00e0o b\u1ea1n mong mu\u1ed1n.<\/span><\/p>\n<h3 style=\"text-align: justify;\"><span style=\"font-size: 14pt;\">Quang ph\u1ed5 s\u1ea3n ph\u1ea9m :<\/span><\/h3>\n<p style=\"text-align: justify;\"><span style=\"font-size: 14pt;\"><a href=\"https:\/\/vilight.vn\/website\/wp-content\/uploads\/2023\/06\/quang-pho-san-pham-VL-F4-G.jpg\"><img decoding=\"async\" class=\"aligncenter wp-image-3758 lazyload\" data-src=\"https:\/\/vilight.vn\/website\/wp-content\/uploads\/2023\/06\/quang-pho-san-pham-VL-F4-G.jpg\" alt=\"\u0110\u00e8n pha VL F4 R1\" width=\"1200\" height=\"624\" data-srcset=\"https:\/\/vilight.vn\/website\/wp-content\/uploads\/2023\/06\/quang-pho-san-pham-VL-F4-G.jpg 711w, https:\/\/vilight.vn\/website\/wp-content\/uploads\/2023\/06\/quang-pho-san-pham-VL-F4-G-300x156.jpg 300w, https:\/\/vilight.vn\/website\/wp-content\/uploads\/2023\/06\/quang-pho-san-pham-VL-F4-G-18x9.jpg 18w, https:\/\/vilight.vn\/website\/wp-content\/uploads\/2023\/06\/quang-pho-san-pham-VL-F4-G-144x75.jpg 144w, https:\/\/vilight.vn\/website\/wp-content\/uploads\/2023\/06\/quang-pho-san-pham-VL-F4-G-480x250.jpg 480w\" data-sizes=\"(max-width:767px) 480px, (max-width:1200px) 100vw, 1200px\" src=\"data:image\/svg+xml;base64,PHN2ZyB3aWR0aD0iMSIgaGVpZ2h0PSIxIiB4bWxucz0iaHR0cDovL3d3dy53My5vcmcvMjAwMC9zdmciPjwvc3ZnPg==\" style=\"--smush-placeholder-width: 1200px; --smush-placeholder-aspect-ratio: 1200\/624;\" \/><\/a><\/span><\/p>\n<p style=\"text-align: justify;\"><span style=\"font-size: 14pt;\">S\u1ea3n ph\u1ea9m s\u1eed d\u1ee5ng ngu\u1ed3n \u0111i\u1ec7n AC 220V, l\u00e0 ngu\u1ed3n \u0111i\u1ec7n ph\u1ed5 bi\u1ebfn v\u00e0 d\u1ec5 d\u00e0ng ti\u1ebfp c\u1eadn. \u0110\u00e8n pha VL F4 R1 c\u00f3 g\u00f3c chi\u1ebfu s\u00e1ng nh\u1ecf, gi\u00fap t\u1eadp trung \u00e1nh s\u00e1ng v\u00e0o m\u1ed9t v\u1ecb tr\u00ed c\u1ee5 th\u1ec3, \u0111\u1ed3ng th\u1eddi cho ph\u00e9p chi\u1ebfu xa h\u01a1n. \u0110i\u1ec1u n\u00e0y r\u1ea5t h\u1eefu \u00edch khi b\u1ea1n mu\u1ed1n chi\u1ebfu s\u00e1ng m\u1ed9t khu v\u1ef1c r\u1ed9ng l\u1edbn ho\u1eb7c t\u1eeb xa.<\/span><\/p>\n<p style=\"text-align: justify;\"><span style=\"font-size: 14pt;\">V\u1edbi ch\u1ea5t l\u01b0\u1ee3ng \u0111\u00e8n pha F4 R1, b\u1ea1n s\u1ebd c\u00f3 m\u1ed9t s\u1ea3n ph\u1ea9m \u0111\u00e1ng tin c\u1eady v\u00e0 hi\u1ec7u qu\u1ea3 \u0111\u1ec3 chi\u1ebfu s\u00e1ng kh\u00f4ng gian ngo\u00e0i tr\u1eddi c\u1ee7a m\u00ecnh.<\/span><\/p>\n<h3 style=\"text-align: justify;\"><span style=\"font-size: 14pt;\">Th\u00f4ng s\u1ed1 k\u1ef9 thu\u1eadt s\u1ea3n ph\u1ea9m :<\/span><\/h3>\n<table style=\"width: 96.2297%; height: 1069px;\">\n<tbody>\n<tr style=\"height: 72px;\">\n<td style=\"width: 26.4889%; height: 72px;\"><span style=\"font-size: 14pt;\">T\u00ean s\u1ea3n ph\u1ea9m<\/span><\/td>\n<td style=\"width: 36.2847%; height: 72px;\"><span style=\"font-size: 14pt;\">VL F4 60R<\/span><\/td>\n<\/tr>\n<tr style=\"height: 72px;\">\n<td style=\"width: 26.4889%; height: 72px;\"><span style=\"font-size: 14pt;\">S\u1ed1 l\u01b0\u1ee3ng Led<\/span><\/td>\n<td style=\"width: 36.2847%; height: 72px;\"><span style=\"font-size: 14pt;\">16<\/span><\/td>\n<\/tr>\n<tr style=\"height: 72px;\">\n<td style=\"width: 26.4889%; height: 72px;\"><span style=\"font-size: 14pt;\">C\u00f4ng su\u1ea5t \u0111\u00e8n (W)<\/span><\/td>\n<td style=\"width: 36.2847%; height: 72px;\"><span style=\"font-size: 14pt;\">60<\/span><\/td>\n<\/tr>\n<tr style=\"height: 96px;\">\n<td style=\"width: 26.4889%; height: 96px;\"><span style=\"font-size: 14pt;\">\u0110i\u1ec7n \u00e1p ho\u1ea1t \u0111\u1ed9ng<\/span><\/td>\n<td style=\"width: 36.2847%; height: 96px;\"><span style=\"font-size: 14pt;\">AC 100- 270V 50\/60 HZ<\/span><\/td>\n<\/tr>\n<tr style=\"height: 48px;\">\n<td style=\"width: 26.4889%; height: 48px;\"><span style=\"font-size: 14pt;\">\u0110i\u1ec1u khi\u1ec3n<\/span><\/td>\n<td style=\"width: 36.2847%; height: 48px;\"><span style=\"font-size: 14pt;\">ON-OFF<\/span><\/td>\n<\/tr>\n<tr style=\"height: 72px;\">\n<td style=\"width: 26.4889%; height: 72px;\"><span style=\"font-size: 14pt;\">Nhi\u1ec7t \u0111\u1ed9 m\u00e0u<\/span><\/td>\n<td style=\"width: 36.2847%; height: 72px;\"><span style=\"font-size: 14pt;\">4000K<\/span><\/td>\n<\/tr>\n<tr style=\"height: 72px;\">\n<td style=\"width: 26.4889%; height: 72px;\"><span style=\"font-size: 14pt;\">H\u1ec7 s\u1ed1 c\u00f4ng su\u1ea5t<\/span><\/td>\n<td style=\"width: 36.2847%; height: 72px;\"><span style=\"font-size: 14pt;\">&gt;0.9<\/span><\/td>\n<\/tr>\n<tr style=\"height: 48px;\">\n<td style=\"width: 26.4889%; height: 48px;\"><span style=\"font-size: 14pt;\">Quang th\u00f4ng<\/span><\/td>\n<td style=\"width: 36.2847%; height: 48px;\"><span style=\"font-size: 14pt;\">&gt; 3800 lm<\/span><\/td>\n<\/tr>\n<tr style=\"height: 96px;\">\n<td style=\"width: 26.4889%; height: 96px;\"><span style=\"font-size: 14pt;\">\u0110\u1ed9 ho\u00e0n m\u00e0u CRI<\/span><\/td>\n<td style=\"width: 36.2847%; height: 96px;\"><span style=\"font-size: 14pt;\">&gt;80<\/span><\/td>\n<\/tr>\n<tr style=\"height: 85px;\">\n<td style=\"width: 26.4889%; height: 85px;\"><span style=\"font-size: 14pt;\">G\u00f3c chi\u1ebfu<\/span><\/td>\n<td style=\"width: 36.2847%; height: 85px;\"><span style=\"font-size: 14pt;\">5<sup>o<\/sup><\/span><\/td>\n<\/tr>\n<tr style=\"height: 96px;\">\n<td style=\"width: 26.4889%; height: 96px;\"><span style=\"font-size: 14pt;\">Nhi\u1ec7t \u0111\u1ed9 ho\u1ea1t \u0111\u1ed9ng<\/span><\/td>\n<td style=\"width: 36.2847%; height: 96px;\"><span style=\"font-size: 14pt;\">-35 t\u1edbi 50 \u0111\u1ed9 C<\/span><\/td>\n<\/tr>\n<tr style=\"height: 72px;\">\n<td style=\"width: 26.4889%; height: 72px;\"><span style=\"font-size: 14pt;\">\u0110\u1ed9 \u1ea9m ho\u1ea1t \u0111\u1ed9ng<\/span><\/td>\n<td style=\"width: 36.2847%; height: 72px;\"><span style=\"font-size: 14pt;\">10- 90%<\/span><\/td>\n<\/tr>\n<tr style=\"height: 96px;\">\n<td style=\"width: 26.4889%; height: 96px;\"><span style=\"font-size: 14pt;\">Tu\u1ed5i th\u1ecd Chip Led<\/span><\/td>\n<td style=\"width: 36.2847%; height: 96px;\"><span style=\"font-size: 14pt;\">&gt;70.000h<\/span><\/td>\n<\/tr>\n<tr style=\"height: 48px;\">\n<td style=\"width: 26.4889%; height: 48px;\"><span style=\"font-size: 14pt;\">C\u1ea5p b\u1ea3o v\u1ec7<\/span><\/td>\n<td style=\"width: 36.2847%; height: 48px;\"><span style=\"font-size: 14pt;\">IP66<\/span><\/td>\n<\/tr>\n<tr style=\"height: 24px;\">\n<td style=\"width: 26.4889%; height: 24px;\"><span style=\"font-size: 14pt;\">C\u00e2n n\u1eb7ng ( KG)<\/span><\/td>\n<td style=\"width: 36.2847%; height: 24px;\"><span style=\"font-size: 14pt;\">5.8<\/span><\/td>\n<\/tr>\n<\/tbody>\n<\/table>\n","protected":false},"excerpt":{"rendered":"<p style=\"text-align: justify;\"><span style=\"font-size: 14pt;\">\u0110\u00e8n pha VL F4 R1, v\u1edbi c\u00f4ng su\u1ea5t 60W, \u00e1nh s\u00e1ng 4000K, ch\u1ed1ng n\u01b0\u1edbc IP66, th\u00edch h\u1ee3p cho c\u00f4ng tr\u00ecnh x\u00e2y d\u1ef1ng, ki\u1ebfn tr\u00fac v\u00e0 c\u00e2y xanh. Ngu\u1ed3n AC 220V, g\u00f3c nh\u1ecf, chi\u1ebfu xa. \u0110\u00e8n pha ch\u1ea5t l\u01b0\u1ee3ng, \u0111\u00e1ng tin c\u1eady cho kh\u00f4ng gian ngo\u00e0i tr\u1eddi.<\/span><\/p>\n","protected":false},"featured_media":3766,"template":"","meta":[],"product_brand":[],"product_cat":[73,59,356],"product_tag":[392,391],"class_list":{"0":"post-3764","1":"product","2":"type-product","3":"status-publish","4":"has-post-thumbnail","6":"product_cat-den-chieu-sang-facade","7":"product_cat-den-roi-pha","8":"product_cat-f4-series","9":"product_tag-den-pha-vl-f4-r1","10":"product_tag-vl-f4-60r","11":"pa_chuan-dieu-khien-on-off","12":"pa_cong-suat-60w","13":"pa_dien-ap-hoat-dong-ac-100-277v","14":"pa_do-kin-ip-66","15":"pa_goc-chieu-5-2","16":"pa_nhiet-do-mau-4000k","17":"pa_vat-lieu-vo-hop-kim-kim-loai","19":"first","20":"instock","21":"taxable","22":"shipping-taxable","23":"product-type-simple"},"yoast_head":"<!-- This site is optimized with the Yoast SEO Premium plugin v27.4 (Yoast SEO v27.4) - https:\/\/yoast.com\/product\/yoast-seo-premium-wordpress\/ -->\n<title>\u0110\u00e8n pha VL F4 R1 - Vilight Co.ltd<\/title>\n<meta name=\"description\" content=\"\u0110\u00e8n pha VL F4 R1 v\u1edbi c\u00f4ng su\u1ea5t 60W, \u00e1nh s\u00e1ng 4000K, ch\u1ed1ng n\u01b0\u1edbc IP66, th\u00edch h\u1ee3p cho c\u00f4ng tr\u00ecnh x\u00e2y d\u1ef1ng, ki\u1ebfn tr\u00fac v\u00e0 c\u00e2y xanh.\" \/>\n<meta name=\"robots\" content=\"index, follow, max-snippet:-1, max-image-preview:large, max-video-preview:-1\" \/>\n<link rel=\"canonical\" href=\"https:\/\/vilight.vn\/website\/san-pham\/den-chieu-sang-facade\/den-pha-vl-f4-r1\/\" \/>\n<meta property=\"og:locale\" content=\"vi_VN\" \/>\n<meta property=\"og:type\" content=\"article\" \/>\n<meta property=\"og:title\" content=\"\u0110\u00e8n pha VL F4 R1\" \/>\n<meta property=\"og:description\" content=\"\u0110\u00e8n pha VL F4 R1, v\u1edbi c\u00f4ng su\u1ea5t 60W, \u00e1nh s\u00e1ng 4000K, ch\u1ed1ng n\u01b0\u1edbc IP66, th\u00edch h\u1ee3p cho c\u00f4ng tr\u00ecnh x\u00e2y d\u1ef1ng, ki\u1ebfn tr\u00fac v\u00e0 c\u00e2y xanh. Ngu\u1ed3n AC 220V, g\u00f3c nh\u1ecf, chi\u1ebfu xa. \u0110\u00e8n pha ch\u1ea5t l\u01b0\u1ee3ng, \u0111\u00e1ng tin c\u1eady cho kh\u00f4ng gian ngo\u00e0i tr\u1eddi.\" \/>\n<meta property=\"og:url\" content=\"https:\/\/vilight.vn\/website\/san-pham\/den-chieu-sang-facade\/den-pha-vl-f4-r1\/\" \/>\n<meta property=\"og:site_name\" content=\"Vilight Co.ltd\" \/>\n<meta property=\"article:publisher\" content=\"http:\/\/facebook.com\/vilight.vn\" \/>\n<meta property=\"article:modified_time\" content=\"2024-10-02T02:40:21+00:00\" \/>\n<meta property=\"og:image\" content=\"https:\/\/vilight.vn\/website\/wp-content\/uploads\/2023\/06\/VL-F4-R1.jpg\" \/>\n\t<meta property=\"og:image:width\" content=\"600\" \/>\n\t<meta property=\"og:image:height\" content=\"600\" \/>\n\t<meta property=\"og:image:type\" content=\"image\/jpeg\" \/>\n<meta name=\"twitter:card\" content=\"summary_large_image\" \/>\n<meta name=\"twitter:label1\" content=\"Gi\u00e1\" \/>\n\t<meta name=\"twitter:data1\" content=\"\" \/>\n\t<meta name=\"twitter:label2\" content=\"Kh\u1ea3 d\u1ee5ng\" \/>\n\t<meta name=\"twitter:data2\" content=\"Trong kho\" \/>\n<script type=\"application\/ld+json\" class=\"yoast-schema-graph\">{\"@context\":\"https:\\\/\\\/schema.org\",\"@graph\":[{\"@type\":\"WebPage\",\"@id\":\"https:\\\/\\\/vilight.vn\\\/website\\\/san-pham\\\/den-chieu-sang-facade\\\/den-pha-vl-f4-r1\\\/\",\"url\":\"https:\\\/\\\/vilight.vn\\\/website\\\/san-pham\\\/den-chieu-sang-facade\\\/den-pha-vl-f4-r1\\\/\",\"name\":\"\u0110\u00e8n pha VL F4 R1 - Vilight Co.ltd\",\"isPartOf\":{\"@id\":\"https:\\\/\\\/vilight.vn\\\/website\\\/#website\"},\"primaryImageOfPage\":{\"@id\":\"https:\\\/\\\/vilight.vn\\\/website\\\/san-pham\\\/den-chieu-sang-facade\\\/den-pha-vl-f4-r1\\\/#primaryimage\"},\"image\":{\"@id\":\"https:\\\/\\\/vilight.vn\\\/website\\\/san-pham\\\/den-chieu-sang-facade\\\/den-pha-vl-f4-r1\\\/#primaryimage\"},\"thumbnailUrl\":\"https:\\\/\\\/vilight.vn\\\/website\\\/wp-content\\\/uploads\\\/2023\\\/06\\\/VL-F4-R1.jpg\",\"datePublished\":\"2023-06-16T03:43:18+00:00\",\"dateModified\":\"2024-10-02T02:40:21+00:00\",\"description\":\"\u0110\u00e8n pha VL F4 R1 v\u1edbi c\u00f4ng su\u1ea5t 60W, \u00e1nh s\u00e1ng 4000K, ch\u1ed1ng n\u01b0\u1edbc IP66, th\u00edch h\u1ee3p cho c\u00f4ng tr\u00ecnh x\u00e2y d\u1ef1ng, ki\u1ebfn tr\u00fac v\u00e0 c\u00e2y xanh.\",\"breadcrumb\":{\"@id\":\"https:\\\/\\\/vilight.vn\\\/website\\\/san-pham\\\/den-chieu-sang-facade\\\/den-pha-vl-f4-r1\\\/#breadcrumb\"},\"inLanguage\":\"vi\",\"potentialAction\":[{\"@type\":\"ReadAction\",\"target\":[\"https:\\\/\\\/vilight.vn\\\/website\\\/san-pham\\\/den-chieu-sang-facade\\\/den-pha-vl-f4-r1\\\/\"]}]},{\"@type\":\"ImageObject\",\"inLanguage\":\"vi\",\"@id\":\"https:\\\/\\\/vilight.vn\\\/website\\\/san-pham\\\/den-chieu-sang-facade\\\/den-pha-vl-f4-r1\\\/#primaryimage\",\"url\":\"https:\\\/\\\/vilight.vn\\\/website\\\/wp-content\\\/uploads\\\/2023\\\/06\\\/VL-F4-R1.jpg\",\"contentUrl\":\"https:\\\/\\\/vilight.vn\\\/website\\\/wp-content\\\/uploads\\\/2023\\\/06\\\/VL-F4-R1.jpg\",\"width\":600,\"height\":600,\"caption\":\"\u0110\u00e8n pha VL F4 R1\"},{\"@type\":\"BreadcrumbList\",\"@id\":\"https:\\\/\\\/vilight.vn\\\/website\\\/san-pham\\\/den-chieu-sang-facade\\\/den-pha-vl-f4-r1\\\/#breadcrumb\",\"itemListElement\":[{\"@type\":\"ListItem\",\"position\":1,\"name\":\"Home\",\"item\":\"https:\\\/\\\/vilight.vn\\\/website\\\/\"},{\"@type\":\"ListItem\",\"position\":2,\"name\":\"store\",\"item\":\"https:\\\/\\\/vilight.vn\\\/website\\\/store\\\/\"},{\"@type\":\"ListItem\",\"position\":3,\"name\":\"\u0110\u00e8n pha VL F4 R1\"}]},{\"@type\":\"WebSite\",\"@id\":\"https:\\\/\\\/vilight.vn\\\/website\\\/#website\",\"url\":\"https:\\\/\\\/vilight.vn\\\/website\\\/\",\"name\":\"Vilight Co.ltd\",\"description\":\"Chi\u1ebfu s\u00e1ng m\u1ef9 thu\u1eadt, chi\u1ebfu s\u00e1ng th\u00f4ng minh, LED Pixel 3D, chi\u1ebfu s\u00e1ng trang tr\u00ed \u0111\u00f4 th\u1ecb, chi\u1ebfu s\u00e1ng v\u00f2ng xoay, chi\u1ebfu s\u00e1ng \u0111\u1ea3o giao th\u00f4ng, c\u1ed5ng ch\u00e0o \u0111\u00f4 th\u1ecb\",\"publisher\":{\"@id\":\"https:\\\/\\\/vilight.vn\\\/website\\\/#organization\"},\"potentialAction\":[{\"@type\":\"SearchAction\",\"target\":{\"@type\":\"EntryPoint\",\"urlTemplate\":\"https:\\\/\\\/vilight.vn\\\/website\\\/?s={search_term_string}\"},\"query-input\":{\"@type\":\"PropertyValueSpecification\",\"valueRequired\":true,\"valueName\":\"search_term_string\"}}],\"inLanguage\":\"vi\"},{\"@type\":\"Organization\",\"@id\":\"https:\\\/\\\/vilight.vn\\\/website\\\/#organization\",\"name\":\"Vilight\",\"url\":\"https:\\\/\\\/vilight.vn\\\/website\\\/\",\"logo\":{\"@type\":\"ImageObject\",\"inLanguage\":\"vi\",\"@id\":\"https:\\\/\\\/vilight.vn\\\/website\\\/#\\\/schema\\\/logo\\\/image\\\/\",\"url\":\"https:\\\/\\\/vilight.vn\\\/website\\\/wp-content\\\/uploads\\\/2022\\\/05\\\/chieu_sang_trang_tri_do_thi_bang_den_led_pixel.png\",\"contentUrl\":\"https:\\\/\\\/vilight.vn\\\/website\\\/wp-content\\\/uploads\\\/2022\\\/05\\\/chieu_sang_trang_tri_do_thi_bang_den_led_pixel.png\",\"width\":800,\"height\":427,\"caption\":\"Vilight\"},\"image\":{\"@id\":\"https:\\\/\\\/vilight.vn\\\/website\\\/#\\\/schema\\\/logo\\\/image\\\/\"},\"sameAs\":[\"http:\\\/\\\/facebook.com\\\/vilight.vn\",\"https:\\\/\\\/www.linkedin.com\\\/company\\\/vilight-vn\",\"https:\\\/\\\/www.youtube.com\\\/channel\\\/UCEwR2naeDcuarMX1kSv_rLQ\\\/videos\"]}]}<\/script>\n<meta property=\"product:brand\" content=\"\u0110\u00e8n chi\u1ebfu s\u00e1ng Facade\" \/>\n<meta property=\"product:price:currency\" content=\"VND\" \/>\n<meta property=\"og:availability\" content=\"instock\" \/>\n<meta property=\"product:availability\" content=\"instock\" \/>\n<meta property=\"product:condition\" content=\"new\" \/>\n<!-- \/ Yoast SEO Premium plugin. -->","yoast_head_json":{"title":"\u0110\u00e8n pha VL F4 R1 - Vilight Co.ltd","description":"\u0110\u00e8n pha VL F4 R1 v\u1edbi c\u00f4ng su\u1ea5t 60W, \u00e1nh s\u00e1ng 4000K, ch\u1ed1ng n\u01b0\u1edbc IP66, th\u00edch h\u1ee3p cho c\u00f4ng tr\u00ecnh x\u00e2y d\u1ef1ng, ki\u1ebfn tr\u00fac v\u00e0 c\u00e2y xanh.","robots":{"index":"index","follow":"follow","max-snippet":"max-snippet:-1","max-image-preview":"max-image-preview:large","max-video-preview":"max-video-preview:-1"},"canonical":"https:\/\/vilight.vn\/website\/san-pham\/den-chieu-sang-facade\/den-pha-vl-f4-r1\/","og_locale":"vi_VN","og_type":"article","og_title":"\u0110\u00e8n pha VL F4 R1","og_description":"\u0110\u00e8n pha VL F4 R1, v\u1edbi c\u00f4ng su\u1ea5t 60W, \u00e1nh s\u00e1ng 4000K, ch\u1ed1ng n\u01b0\u1edbc IP66, th\u00edch h\u1ee3p cho c\u00f4ng tr\u00ecnh x\u00e2y d\u1ef1ng, ki\u1ebfn tr\u00fac v\u00e0 c\u00e2y xanh. Ngu\u1ed3n AC 220V, g\u00f3c nh\u1ecf, chi\u1ebfu xa. \u0110\u00e8n pha ch\u1ea5t l\u01b0\u1ee3ng, \u0111\u00e1ng tin c\u1eady cho kh\u00f4ng gian ngo\u00e0i tr\u1eddi.","og_url":"https:\/\/vilight.vn\/website\/san-pham\/den-chieu-sang-facade\/den-pha-vl-f4-r1\/","og_site_name":"Vilight Co.ltd","article_publisher":"http:\/\/facebook.com\/vilight.vn","article_modified_time":"2024-10-02T02:40:21+00:00","og_image":[{"width":600,"height":600,"url":"https:\/\/vilight.vn\/website\/wp-content\/uploads\/2023\/06\/VL-F4-R1.jpg","type":"image\/jpeg"}],"twitter_card":"summary_large_image","twitter_misc":{"Gi\u00e1":"","Kh\u1ea3 d\u1ee5ng":"Trong kho"},"schema":{"@context":"https:\/\/schema.org","@graph":[{"@type":"WebPage","@id":"https:\/\/vilight.vn\/website\/san-pham\/den-chieu-sang-facade\/den-pha-vl-f4-r1\/","url":"https:\/\/vilight.vn\/website\/san-pham\/den-chieu-sang-facade\/den-pha-vl-f4-r1\/","name":"\u0110\u00e8n pha VL F4 R1 - Vilight Co.ltd","isPartOf":{"@id":"https:\/\/vilight.vn\/website\/#website"},"primaryImageOfPage":{"@id":"https:\/\/vilight.vn\/website\/san-pham\/den-chieu-sang-facade\/den-pha-vl-f4-r1\/#primaryimage"},"image":{"@id":"https:\/\/vilight.vn\/website\/san-pham\/den-chieu-sang-facade\/den-pha-vl-f4-r1\/#primaryimage"},"thumbnailUrl":"https:\/\/vilight.vn\/website\/wp-content\/uploads\/2023\/06\/VL-F4-R1.jpg","datePublished":"2023-06-16T03:43:18+00:00","dateModified":"2024-10-02T02:40:21+00:00","description":"\u0110\u00e8n pha VL F4 R1 v\u1edbi c\u00f4ng su\u1ea5t 60W, \u00e1nh s\u00e1ng 4000K, ch\u1ed1ng n\u01b0\u1edbc IP66, th\u00edch h\u1ee3p cho c\u00f4ng tr\u00ecnh x\u00e2y d\u1ef1ng, ki\u1ebfn tr\u00fac v\u00e0 c\u00e2y xanh.","breadcrumb":{"@id":"https:\/\/vilight.vn\/website\/san-pham\/den-chieu-sang-facade\/den-pha-vl-f4-r1\/#breadcrumb"},"inLanguage":"vi","potentialAction":[{"@type":"ReadAction","target":["https:\/\/vilight.vn\/website\/san-pham\/den-chieu-sang-facade\/den-pha-vl-f4-r1\/"]}]},{"@type":"ImageObject","inLanguage":"vi","@id":"https:\/\/vilight.vn\/website\/san-pham\/den-chieu-sang-facade\/den-pha-vl-f4-r1\/#primaryimage","url":"https:\/\/vilight.vn\/website\/wp-content\/uploads\/2023\/06\/VL-F4-R1.jpg","contentUrl":"https:\/\/vilight.vn\/website\/wp-content\/uploads\/2023\/06\/VL-F4-R1.jpg","width":600,"height":600,"caption":"\u0110\u00e8n pha VL F4 R1"},{"@type":"BreadcrumbList","@id":"https:\/\/vilight.vn\/website\/san-pham\/den-chieu-sang-facade\/den-pha-vl-f4-r1\/#breadcrumb","itemListElement":[{"@type":"ListItem","position":1,"name":"Home","item":"https:\/\/vilight.vn\/website\/"},{"@type":"ListItem","position":2,"name":"store","item":"https:\/\/vilight.vn\/website\/store\/"},{"@type":"ListItem","position":3,"name":"\u0110\u00e8n pha VL F4 R1"}]},{"@type":"WebSite","@id":"https:\/\/vilight.vn\/website\/#website","url":"https:\/\/vilight.vn\/website\/","name":"Vilight Co.ltd","description":"Chi\u1ebfu s\u00e1ng m\u1ef9 thu\u1eadt, chi\u1ebfu s\u00e1ng th\u00f4ng minh, LED Pixel 3D, chi\u1ebfu s\u00e1ng trang tr\u00ed \u0111\u00f4 th\u1ecb, chi\u1ebfu s\u00e1ng v\u00f2ng xoay, chi\u1ebfu s\u00e1ng \u0111\u1ea3o giao th\u00f4ng, c\u1ed5ng ch\u00e0o \u0111\u00f4 th\u1ecb","publisher":{"@id":"https:\/\/vilight.vn\/website\/#organization"},"potentialAction":[{"@type":"SearchAction","target":{"@type":"EntryPoint","urlTemplate":"https:\/\/vilight.vn\/website\/?s={search_term_string}"},"query-input":{"@type":"PropertyValueSpecification","valueRequired":true,"valueName":"search_term_string"}}],"inLanguage":"vi"},{"@type":"Organization","@id":"https:\/\/vilight.vn\/website\/#organization","name":"Vilight","url":"https:\/\/vilight.vn\/website\/","logo":{"@type":"ImageObject","inLanguage":"vi","@id":"https:\/\/vilight.vn\/website\/#\/schema\/logo\/image\/","url":"https:\/\/vilight.vn\/website\/wp-content\/uploads\/2022\/05\/chieu_sang_trang_tri_do_thi_bang_den_led_pixel.png","contentUrl":"https:\/\/vilight.vn\/website\/wp-content\/uploads\/2022\/05\/chieu_sang_trang_tri_do_thi_bang_den_led_pixel.png","width":800,"height":427,"caption":"Vilight"},"image":{"@id":"https:\/\/vilight.vn\/website\/#\/schema\/logo\/image\/"},"sameAs":["http:\/\/facebook.com\/vilight.vn","https:\/\/www.linkedin.com\/company\/vilight-vn","https:\/\/www.youtube.com\/channel\/UCEwR2naeDcuarMX1kSv_rLQ\/videos"]}]},"product_brand":"\u0110\u00e8n chi\u1ebfu s\u00e1ng Facade","product_price_currency":"VND","og_availability":"instock","product_availability":"instock","product_condition":"new"},"_links":{"self":[{"href":"https:\/\/vilight.vn\/website\/wp-json\/wp\/v2\/product\/3764","targetHints":{"allow":["GET"]}}],"collection":[{"href":"https:\/\/vilight.vn\/website\/wp-json\/wp\/v2\/product"}],"about":[{"href":"https:\/\/vilight.vn\/website\/wp-json\/wp\/v2\/types\/product"}],"wp:featuredmedia":[{"embeddable":true,"href":"https:\/\/vilight.vn\/website\/wp-json\/wp\/v2\/media\/3766"}],"wp:attachment":[{"href":"https:\/\/vilight.vn\/website\/wp-json\/wp\/v2\/media?parent=3764"}],"wp:term":[{"taxonomy":"product_brand","embeddable":true,"href":"https:\/\/vilight.vn\/website\/wp-json\/wp\/v2\/product_brand?post=3764"},{"taxonomy":"product_cat","embeddable":true,"href":"https:\/\/vilight.vn\/website\/wp-json\/wp\/v2\/product_cat?post=3764"},{"taxonomy":"product_tag","embeddable":true,"href":"https:\/\/vilight.vn\/website\/wp-json\/wp\/v2\/product_tag?post=3764"}],"curies":[{"name":"wp","href":"https:\/\/api.w.org\/{rel}","templated":true}]}}