{"id":3798,"date":"2023-06-20T13:59:55","date_gmt":"2023-06-20T06:59:55","guid":{"rendered":"https:\/\/vilight.vn\/website\/?post_type=product&#038;p=3798"},"modified":"2024-10-02T10:28:51","modified_gmt":"2024-10-02T03:28:51","slug":"den-pha-vl-f5-s2","status":"publish","type":"product","link":"https:\/\/vilight.vn\/website\/san-pham\/den-chieu-sang-facade\/den-pha-vl-f5-s2\/","title":{"rendered":"\u0110\u00e8n pha VL F5 S2"},"content":{"rendered":"<h2 style=\"text-align: justify;\"><span style=\"font-size: 18pt;\"><strong>Gi\u1edbi thi\u1ec7u m\u1eabu \u0110\u00e8n pha VL F5 S2 RGBW.<\/strong><\/span><\/h2>\n<p style=\"text-align: justify;\"><span style=\"font-size: 14pt;\">\u0110\u00e8n pha VL F5 S2 RGBW l\u00e0 m\u1ed9t s\u1ea3n ph\u1ea9m \u0111\u00e8n pha ch\u1ea5t l\u01b0\u1ee3ng cao, \u0111\u01b0\u1ee3c thi\u1ebft k\u1ebf \u0111\u1eb7c bi\u1ec7t \u0111\u1ec3 pha s\u00e1ng c\u00e1c c\u00f4ng tr\u00ecnh x\u00e2y d\u1ef1ng, ki\u1ebfn tr\u00fac v\u00e0 c\u00e2y xanh \u1edf kho\u1ea3ng c\u00e1ch xa. V\u1edbi c\u00f4ng su\u1ea5t t\u01b0\u01a1ng \u0111\u1ed1i l\u1edbn l\u00ean \u0111\u1ebfn 82W, \u0111\u00e8n pha n\u00e0y cung c\u1ea5p \u00e1nh s\u00e1ng m\u1ea1nh m\u1ebd v\u00e0 \u0111\u1ed3ng \u0111\u1ec1u, gi\u00fap t\u1ea1o ra hi\u1ec7u \u1ee9ng s\u00e1ng \u1ea5n t\u01b0\u1ee3ng.<\/span><\/p>\n<p style=\"text-align: justify;\"><span style=\"font-size: 14pt;\"><a href=\"https:\/\/vilight.vn\/website\/wp-content\/uploads\/2023\/06\/Kich-thuoc-den-pha-VL-F5-S2.jpg\"><img decoding=\"async\" class=\"aligncenter wp-image-3799 size-full lazyload\" data-src=\"https:\/\/vilight.vn\/website\/wp-content\/uploads\/2023\/06\/Kich-thuoc-den-pha-VL-F5-S2.jpg\" alt=\"\u0110\u00e8n pha VL F5 S2\" width=\"1200\" height=\"600\" data-srcset=\"https:\/\/vilight.vn\/website\/wp-content\/uploads\/2023\/06\/Kich-thuoc-den-pha-VL-F5-S2.jpg 1200w, https:\/\/vilight.vn\/website\/wp-content\/uploads\/2023\/06\/Kich-thuoc-den-pha-VL-F5-S2-800x400.jpg 800w, https:\/\/vilight.vn\/website\/wp-content\/uploads\/2023\/06\/Kich-thuoc-den-pha-VL-F5-S2-300x150.jpg 300w, https:\/\/vilight.vn\/website\/wp-content\/uploads\/2023\/06\/Kich-thuoc-den-pha-VL-F5-S2-1024x512.jpg 1024w, https:\/\/vilight.vn\/website\/wp-content\/uploads\/2023\/06\/Kich-thuoc-den-pha-VL-F5-S2-768x384.jpg 768w, https:\/\/vilight.vn\/website\/wp-content\/uploads\/2023\/06\/Kich-thuoc-den-pha-VL-F5-S2-150x75.jpg 150w, https:\/\/vilight.vn\/website\/wp-content\/uploads\/2023\/06\/Kich-thuoc-den-pha-VL-F5-S2-480x240.jpg 480w\" data-sizes=\"(max-width:767px) 480px, (max-width:1200px) 100vw, 1200px\" src=\"data:image\/svg+xml;base64,PHN2ZyB3aWR0aD0iMSIgaGVpZ2h0PSIxIiB4bWxucz0iaHR0cDovL3d3dy53My5vcmcvMjAwMC9zdmciPjwvc3ZnPg==\" style=\"--smush-placeholder-width: 1200px; --smush-placeholder-aspect-ratio: 1200\/600;\" \/><\/a><\/span><\/p>\n<p style=\"text-align: justify;\"><span style=\"font-size: 14pt;\">G\u00f3c chi\u1ebfu c\u1ee7a \u0111\u00e8n pha VL F5 S2 RGBW l\u00e0 4 \u0111\u1ed9, cho ph\u00e9p t\u1eadp trung \u00e1nh s\u00e1ng v\u00e0o m\u1ed9t v\u1ecb tr\u00ed nh\u1ea5t \u0111\u1ecbnh m\u00e0 b\u1ea1n mu\u1ed1n chi\u1ebfu s\u00e1ng. \u0110i\u1ec1u n\u00e0y r\u1ea5t h\u1eefu \u00edch khi b\u1ea1n c\u1ea7n chi\u1ebfu s\u00e1ng v\u00e0o c\u00e1c v\u1eadt th\u1ec3 c\u1ee5 th\u1ec3 ho\u1eb7c \u0111i\u1ec3m nh\u1ea5n trong c\u00f4ng tr\u00ecnh x\u00e2y d\u1ef1ng ho\u1eb7c c\u00e2y xanh. V\u1edbi g\u00f3c chi\u1ebfu h\u1eb9p, \u0111\u00e8n pha n\u00e0y t\u1ea1o ra \u00e1nh s\u00e1ng t\u1eadp trung v\u00e0 kho\u1ea3ng c\u00e1ch xa h\u01a1n.<\/span><\/p>\n<p style=\"text-align: justify;\"><span style=\"font-size: 14pt;\">\u0110\u00e8n pha VL F5 S2 RGBW \u0111\u01b0\u1ee3c trang b\u1ecb c\u00f4ng ngh\u1ec7 RGBW, cho ph\u00e9p t\u1ea1o ra h\u00e0ng tr\u0103m m\u00e0u s\u1eafc kh\u00e1c nhau v\u00e0 hi\u1ec7u \u1ee9ng \u00e1nh s\u00e1ng \u0111a d\u1ea1ng. B\u1ea1n c\u00f3 th\u1ec3 \u0111i\u1ec1u ch\u1ec9nh m\u00e0u s\u1eafc v\u00e0 hi\u1ec7u \u1ee9ng \u00e1nh s\u00e1ng theo \u00fd th\u00edch c\u1ee7a m\u00ecnh, t\u1ea1o ra kh\u00f4ng gian th\u00fa v\u1ecb v\u00e0 \u1ea5n t\u01b0\u1ee3ng cho c\u00f4ng tr\u00ecnh c\u1ee7a b\u1ea1n.<\/span><\/p>\n<p style=\"text-align: justify;\"><span style=\"font-size: 14pt;\"><a href=\"https:\/\/vilight.vn\/website\/wp-content\/uploads\/2023\/06\/Chieu-sang-bang-den-pha-VL-F5-S2.jpg\"><img decoding=\"async\" class=\"alignnone wp-image-3800 lazyload\" data-src=\"https:\/\/vilight.vn\/website\/wp-content\/uploads\/2023\/06\/Chieu-sang-bang-den-pha-VL-F5-S2.jpg\" alt=\"\" width=\"1200\" height=\"702\" data-srcset=\"https:\/\/vilight.vn\/website\/wp-content\/uploads\/2023\/06\/Chieu-sang-bang-den-pha-VL-F5-S2.jpg 1500w, https:\/\/vilight.vn\/website\/wp-content\/uploads\/2023\/06\/Chieu-sang-bang-den-pha-VL-F5-S2-800x468.jpg 800w, https:\/\/vilight.vn\/website\/wp-content\/uploads\/2023\/06\/Chieu-sang-bang-den-pha-VL-F5-S2-300x176.jpg 300w, https:\/\/vilight.vn\/website\/wp-content\/uploads\/2023\/06\/Chieu-sang-bang-den-pha-VL-F5-S2-1024x599.jpg 1024w, https:\/\/vilight.vn\/website\/wp-content\/uploads\/2023\/06\/Chieu-sang-bang-den-pha-VL-F5-S2-768x450.jpg 768w, https:\/\/vilight.vn\/website\/wp-content\/uploads\/2023\/06\/Chieu-sang-bang-den-pha-VL-F5-S2-128x75.jpg 128w, https:\/\/vilight.vn\/website\/wp-content\/uploads\/2023\/06\/Chieu-sang-bang-den-pha-VL-F5-S2-480x281.jpg 480w\" data-sizes=\"(max-width:767px) 480px, (max-width:1200px) 100vw, 1200px\" src=\"data:image\/svg+xml;base64,PHN2ZyB3aWR0aD0iMSIgaGVpZ2h0PSIxIiB4bWxucz0iaHR0cDovL3d3dy53My5vcmcvMjAwMC9zdmciPjwvc3ZnPg==\" style=\"--smush-placeholder-width: 1200px; --smush-placeholder-aspect-ratio: 1200\/702;\" \/><\/a><\/span><\/p>\n<p style=\"text-align: justify;\"><span style=\"font-size: 14pt;\">V\u1edbi thi\u1ebft k\u1ebf ch\u1eafc ch\u1eafn v\u00e0 ch\u1ea5t li\u1ec7u ch\u1ed1ng th\u1ea5m n\u01b0\u1edbc, \u0111\u00e8n pha VL F5 S2 RGBW c\u00f3 th\u1ec3 ho\u1ea1t \u0111\u1ed9ng \u1ed5n \u0111\u1ecbnh trong m\u1ecdi \u0111i\u1ec1u ki\u1ec7n th\u1eddi ti\u1ebft. \u0110i\u1ec1u n\u00e0y \u0111\u1ea3m b\u1ea3o r\u1eb1ng b\u1ea1n c\u00f3 th\u1ec3 s\u1eed d\u1ee5ng \u0111\u00e8n pha n\u00e0y \u1edf b\u1ea5t k\u1ef3 v\u1ecb tr\u00ed n\u00e0o trong c\u00f4ng tr\u00ecnh m\u00e0 kh\u00f4ng c\u1ea7n lo l\u1eafng v\u1ec1 \u0111\u1ed9 b\u1ec1n v\u00e0 hi\u1ec7u su\u1ea5t.<\/span><\/p>\n<p style=\"text-align: justify;\"><span style=\"font-size: 14pt;\">T\u00f3m l\u1ea1i, \u0111\u00e8n pha\u00a0 l\u00e0 m\u1ed9t s\u1ea3n ph\u1ea9m m\u1ea1nh m\u1ebd v\u00e0 \u0111a n\u0103ng, ph\u00f9 h\u1ee3p \u0111\u1ec3 pha s\u00e1ng c\u00e1c c\u00f4ng tr\u00ecnh x\u00e2y d\u1ef1ng, ki\u1ebfn tr\u00fac v\u00e0 c\u00e2y xanh \u1edf kho\u1ea3ng c\u00e1ch xa. V\u1edbi c\u00f4ng su\u1ea5t l\u1edbn, g\u00f3c chi\u1ebfu h\u1eb9p v\u00e0 kh\u1ea3 n\u0103ng t\u1ea1o ra nhi\u1ec1u m\u00e0u s\u1eafc v\u00e0 hi\u1ec7u \u1ee9ng \u00e1nh s\u00e1ng, \u0111\u00e8n pha n\u00e0y s\u1ebd mang l\u1ea1i kh\u00f4ng gian s\u00e1ng \u0111\u1ed9c \u0111\u00e1o v\u00e0 \u1ea5n t\u01b0\u1ee3ng cho m\u1ecdi d\u1ef1 \u00e1n c\u1ee7a b\u1ea1n.<\/span><\/p>\n<h3 style=\"text-align: justify;\"><span style=\"font-size: 14pt;\"><strong>B\u1ea3ng th\u00f4ng s\u1ed1 k\u1ef9 thu\u1eadt s\u1ea3n ph\u1ea9m.<\/strong><\/span><\/h3>\n<table style=\"width: 96.5796%;\" width=\"25%\">\n<tbody>\n<tr>\n<td style=\"width: 41.3374%;\" width=\"141\"><span style=\"font-size: 14pt;\">T\u00ean s\u1ea3n ph\u1ea9m<\/span><\/td>\n<td style=\"width: 342.553%;\" width=\"194\"><span style=\"font-size: 14pt;\"><span style=\"vertical-align: inherit;\"><span style=\"vertical-align: inherit;\">VL F5 120RC<\/span><\/span><\/span><\/td>\n<\/tr>\n<tr>\n<td style=\"width: 41.3374%;\" width=\"141\"><span style=\"font-size: 14pt;\">S\u1ed1 l\u01b0\u1ee3ng Led<\/span><\/td>\n<td style=\"width: 342.553%;\" width=\"194\"><span style=\"font-size: 14pt;\"><span style=\"vertical-align: inherit;\"><span style=\"vertical-align: inherit;\">36<\/span><\/span><\/span><\/td>\n<\/tr>\n<tr>\n<td style=\"width: 41.3374%;\" width=\"141\"><span style=\"font-size: 14pt;\">C\u00f4ng su\u1ea5t \u0111\u00e8n (W)<\/span><\/td>\n<td style=\"width: 342.553%;\" width=\"194\"><span style=\"font-size: 14pt;\"><span style=\"vertical-align: inherit;\"><span style=\"vertical-align: inherit;\">82<\/span><\/span><\/span><\/td>\n<\/tr>\n<tr>\n<td style=\"width: 41.3374%;\" width=\"141\"><span style=\"font-size: 14pt;\">\u0110i\u1ec7n \u00e1p ho\u1ea1t \u0111\u1ed9ng<\/span><\/td>\n<td style=\"width: 342.553%;\" width=\"194\"><span style=\"font-size: 14pt;\"><span style=\"vertical-align: inherit;\"><span style=\"vertical-align: inherit;\">\u0110i\u1ec7n \u00e1p xoay chi\u1ec1u 100- 270V<\/span><\/span><\/span><\/td>\n<\/tr>\n<tr>\n<td style=\"width: 41.3374%;\" width=\"141\"><span style=\"font-size: 14pt;\">\u0110i\u1ec1u khi\u1ec3n<\/span><\/td>\n<td style=\"width: 342.553%;\" width=\"194\"><span style=\"font-size: 14pt;\"><span style=\"vertical-align: inherit;\"><span style=\"vertical-align: inherit;\">\u0110MX 512<\/span><\/span><\/span><\/td>\n<\/tr>\n<tr>\n<td style=\"width: 41.3374%;\" width=\"141\"><span style=\"font-size: 14pt;\">Nhi\u1ec7t \u0111\u1ed9 m\u00e0u<\/span><\/td>\n<td style=\"width: 342.553%;\" width=\"194\"><span style=\"font-size: 14pt;\"><span style=\"vertical-align: inherit;\"><span style=\"vertical-align: inherit;\">RGBW<\/span><\/span><\/span><\/td>\n<\/tr>\n<tr>\n<td style=\"width: 41.3374%;\" width=\"141\"><span style=\"font-size: 14pt;\">H\u1ec7 s\u1ed1 c\u00f4ng su\u1ea5t<\/span><\/td>\n<td style=\"width: 342.553%;\" width=\"194\"><span style=\"font-size: 14pt;\"><span style=\"vertical-align: inherit;\"><span style=\"vertical-align: inherit;\">&gt;0,9<\/span><\/span><\/span><\/td>\n<\/tr>\n<tr>\n<td style=\"width: 41.3374%;\" width=\"141\"><span style=\"font-size: 14pt;\">Quang th\u00f4ng<\/span><\/td>\n<td style=\"width: 342.553%;\" width=\"194\"><span style=\"font-size: 14pt;\"><span style=\"vertical-align: inherit;\"><span style=\"vertical-align: inherit;\">&gt; 3600lm<\/span><\/span><\/span><\/td>\n<\/tr>\n<tr>\n<td style=\"width: 41.3374%;\" width=\"141\"><span style=\"font-size: 14pt;\">\u0110\u1ed9 ho\u00e0n m\u00e0u CRI<\/span><\/td>\n<td style=\"width: 342.553%;\" width=\"194\"><span style=\"font-size: 14pt;\"><span style=\"vertical-align: inherit;\"><span style=\"vertical-align: inherit;\">&gt;80<\/span><\/span><\/span><\/td>\n<\/tr>\n<tr>\n<td style=\"width: 41.3374%;\" width=\"141\"><span style=\"font-size: 14pt;\">G\u00f3c chi\u1ebfu<\/span><\/td>\n<td style=\"width: 342.553%;\" width=\"194\"><span style=\"font-size: 14pt;\"><span style=\"vertical-align: inherit;\"><span style=\"vertical-align: inherit;\">4 <\/span><\/span><sup><span style=\"vertical-align: inherit;\"><span style=\"vertical-align: inherit;\">gi\u1edd<\/span><\/span><\/sup><\/span><\/td>\n<\/tr>\n<tr>\n<td style=\"width: 41.3374%;\" width=\"141\"><span style=\"font-size: 14pt;\">Nhi\u1ec7t \u0111\u1ed9 ho\u1ea1t \u0111\u1ed9ng<\/span><\/td>\n<td style=\"width: 342.553%;\" width=\"194\"><span style=\"font-size: 14pt;\">-35 t\u1edbi 50 \u0111\u1ed9 C<\/span><\/td>\n<\/tr>\n<tr>\n<td style=\"width: 41.3374%;\" width=\"141\"><span style=\"font-size: 14pt;\">\u0110\u1ed9 \u1ea9m ho\u1ea1t \u0111\u1ed9ng<\/span><\/td>\n<td style=\"width: 342.553%;\" width=\"194\"><span style=\"font-size: 14pt;\"><span style=\"vertical-align: inherit;\"><span style=\"vertical-align: inherit;\">10- 90%<\/span><\/span><\/span><\/td>\n<\/tr>\n<tr>\n<td style=\"width: 41.3374%;\" width=\"141\"><span style=\"font-size: 14pt;\">Tu\u1ed5i th\u1ecd Chip Led<\/span><\/td>\n<td style=\"width: 342.553%;\" width=\"194\"><span style=\"font-size: 14pt;\"><span style=\"vertical-align: inherit;\"><span style=\"vertical-align: inherit;\">&gt;70.000h<\/span><\/span><\/span><\/td>\n<\/tr>\n<tr>\n<td style=\"width: 41.3374%;\" width=\"141\"><span style=\"font-size: 14pt;\">C\u1ea5p b\u1ea3o v\u1ec7<\/span><\/td>\n<td style=\"width: 342.553%;\" width=\"194\"><span style=\"font-size: 14pt;\"><span style=\"vertical-align: inherit;\"><span style=\"vertical-align: inherit;\">IP66<\/span><\/span><\/span><\/td>\n<\/tr>\n<tr>\n<td style=\"width: 41.3374%;\" width=\"141\"><span style=\"font-size: 14pt;\">C\u00e2n n\u1eb7ng ( KG)<\/span><\/td>\n<td style=\"width: 342.553%;\" width=\"194\"><span style=\"font-size: 14pt;\"><span style=\"vertical-align: inherit;\"><span style=\"vertical-align: inherit;\">9<\/span><\/span><\/span><\/td>\n<\/tr>\n<\/tbody>\n<\/table>\n<p style=\"text-align: justify;\">\n","protected":false},"excerpt":{"rendered":"<p style=\"text-align: justify;\"><span style=\"font-size: 14pt;\">V\u1edbi thi\u1ebft k\u1ebf ch\u1eafc ch\u1eafn v\u00e0 ch\u1ea5t li\u1ec7u ch\u1ed1ng th\u1ea5m n\u01b0\u1edbc, \u0111\u00e8n pha VL F5 S2 RGBW c\u00f3 th\u1ec3 ho\u1ea1t \u0111\u1ed9ng \u1ed5n \u0111\u1ecbnh trong m\u1ecdi \u0111i\u1ec1u ki\u1ec7n th\u1eddi ti\u1ebft. \u0110i\u1ec1u n\u00e0y \u0111\u1ea3m b\u1ea3o r\u1eb1ng b\u1ea1n c\u00f3 th\u1ec3 s\u1eed d\u1ee5ng \u0111\u00e8n pha n\u00e0y \u1edf b\u1ea5t k\u1ef3 v\u1ecb tr\u00ed n\u00e0o trong c\u00f4ng tr\u00ecnh m\u00e0 kh\u00f4ng c\u1ea7n lo l\u1eafng v\u1ec1 \u0111\u1ed9 b\u1ec1n v\u00e0 hi\u1ec7u su\u1ea5t.<\/span><\/p>\n","protected":false},"featured_media":3801,"template":"","meta":[],"product_brand":[],"product_cat":[73,59,357],"product_tag":[347,348],"class_list":{"0":"post-3798","1":"product","2":"type-product","3":"status-publish","4":"has-post-thumbnail","6":"product_cat-den-chieu-sang-facade","7":"product_cat-den-roi-pha","8":"product_cat-f5-series","9":"product_tag-den-pha-vl-f5-s2","10":"product_tag-vl-f5-120rc","11":"pa_chuan-dieu-khien-dmx512","12":"pa_cong-suat-82w","13":"pa_dien-ap-hoat-dong-ac-100-277v","14":"pa_do-kin-ip-66","15":"pa_goc-chieu-591","16":"pa_nhiet-do-mau-rgbw","18":"first","19":"instock","20":"taxable","21":"shipping-taxable","22":"product-type-simple"},"yoast_head":"<!-- This site is optimized with the Yoast SEO Premium plugin v27.4 (Yoast SEO v27.4) - https:\/\/yoast.com\/product\/yoast-seo-premium-wordpress\/ -->\n<title>\u0110\u00e8n pha VL F5 S2 - Vilight Co.ltd<\/title>\n<meta name=\"description\" content=\"\u0110\u00e8n pha VL F5 S2 RGBW c\u00f3 g\u00f3c chi\u1ebfu 4 \u0111\u1ed9, \u0111\u1ed9 kin n\u01b0\u1edbc IP66, s\u1ea3n ph\u1ea9m ph\u00f9 h\u1ee3p s\u1eed d\u1ee5ng ngo\u00e0i tr\u1eddi, chi\u1ebfu s\u00e1ng pha s\u00e1ng c\u00e1c c\u00f4ng tr\u00ecnh ki\u1ebfn tr\u00fac v\u00e0 c\u00e2y xanh.\" \/>\n<meta name=\"robots\" content=\"index, follow, max-snippet:-1, max-image-preview:large, max-video-preview:-1\" \/>\n<link rel=\"canonical\" href=\"https:\/\/vilight.vn\/website\/san-pham\/den-chieu-sang-facade\/den-pha-vl-f5-s2\/\" \/>\n<meta property=\"og:locale\" content=\"vi_VN\" \/>\n<meta property=\"og:type\" content=\"article\" \/>\n<meta property=\"og:title\" content=\"\u0110\u00e8n pha VL F5 S2\" \/>\n<meta property=\"og:description\" content=\"V\u1edbi thi\u1ebft k\u1ebf ch\u1eafc ch\u1eafn v\u00e0 ch\u1ea5t li\u1ec7u ch\u1ed1ng th\u1ea5m n\u01b0\u1edbc, \u0111\u00e8n pha VL F5 S2 RGBW c\u00f3 th\u1ec3 ho\u1ea1t \u0111\u1ed9ng \u1ed5n \u0111\u1ecbnh trong m\u1ecdi \u0111i\u1ec1u ki\u1ec7n th\u1eddi ti\u1ebft. \u0110i\u1ec1u n\u00e0y \u0111\u1ea3m b\u1ea3o r\u1eb1ng b\u1ea1n c\u00f3 th\u1ec3 s\u1eed d\u1ee5ng \u0111\u00e8n pha n\u00e0y \u1edf b\u1ea5t k\u1ef3 v\u1ecb tr\u00ed n\u00e0o trong c\u00f4ng tr\u00ecnh m\u00e0 kh\u00f4ng c\u1ea7n lo l\u1eafng v\u1ec1 \u0111\u1ed9 b\u1ec1n v\u00e0 hi\u1ec7u su\u1ea5t.\" \/>\n<meta property=\"og:url\" content=\"https:\/\/vilight.vn\/website\/san-pham\/den-chieu-sang-facade\/den-pha-vl-f5-s2\/\" \/>\n<meta property=\"og:site_name\" content=\"Vilight Co.ltd\" \/>\n<meta property=\"article:publisher\" content=\"http:\/\/facebook.com\/vilight.vn\" \/>\n<meta property=\"article:modified_time\" content=\"2024-10-02T03:28:51+00:00\" \/>\n<meta property=\"og:image\" content=\"https:\/\/vilight.vn\/website\/wp-content\/uploads\/2023\/06\/Den-pha-VL-F5-S2.jpg\" \/>\n\t<meta property=\"og:image:width\" content=\"600\" \/>\n\t<meta property=\"og:image:height\" content=\"600\" \/>\n\t<meta property=\"og:image:type\" content=\"image\/jpeg\" \/>\n<meta name=\"twitter:card\" content=\"summary_large_image\" \/>\n<meta name=\"twitter:label1\" content=\"Gi\u00e1\" \/>\n\t<meta name=\"twitter:data1\" content=\"\" \/>\n\t<meta name=\"twitter:label2\" content=\"Kh\u1ea3 d\u1ee5ng\" \/>\n\t<meta name=\"twitter:data2\" content=\"Trong kho\" \/>\n<script type=\"application\/ld+json\" class=\"yoast-schema-graph\">{\"@context\":\"https:\\\/\\\/schema.org\",\"@graph\":[{\"@type\":\"WebPage\",\"@id\":\"https:\\\/\\\/vilight.vn\\\/website\\\/san-pham\\\/den-chieu-sang-facade\\\/den-pha-vl-f5-s2\\\/\",\"url\":\"https:\\\/\\\/vilight.vn\\\/website\\\/san-pham\\\/den-chieu-sang-facade\\\/den-pha-vl-f5-s2\\\/\",\"name\":\"\u0110\u00e8n pha VL F5 S2 - Vilight Co.ltd\",\"isPartOf\":{\"@id\":\"https:\\\/\\\/vilight.vn\\\/website\\\/#website\"},\"primaryImageOfPage\":{\"@id\":\"https:\\\/\\\/vilight.vn\\\/website\\\/san-pham\\\/den-chieu-sang-facade\\\/den-pha-vl-f5-s2\\\/#primaryimage\"},\"image\":{\"@id\":\"https:\\\/\\\/vilight.vn\\\/website\\\/san-pham\\\/den-chieu-sang-facade\\\/den-pha-vl-f5-s2\\\/#primaryimage\"},\"thumbnailUrl\":\"https:\\\/\\\/vilight.vn\\\/website\\\/wp-content\\\/uploads\\\/2023\\\/06\\\/Den-pha-VL-F5-S2.jpg\",\"datePublished\":\"2023-06-20T06:59:55+00:00\",\"dateModified\":\"2024-10-02T03:28:51+00:00\",\"description\":\"\u0110\u00e8n pha VL F5 S2 RGBW c\u00f3 g\u00f3c chi\u1ebfu 4 \u0111\u1ed9, \u0111\u1ed9 kin n\u01b0\u1edbc IP66, s\u1ea3n ph\u1ea9m ph\u00f9 h\u1ee3p s\u1eed d\u1ee5ng ngo\u00e0i tr\u1eddi, chi\u1ebfu s\u00e1ng pha s\u00e1ng c\u00e1c c\u00f4ng tr\u00ecnh ki\u1ebfn tr\u00fac v\u00e0 c\u00e2y xanh.\",\"breadcrumb\":{\"@id\":\"https:\\\/\\\/vilight.vn\\\/website\\\/san-pham\\\/den-chieu-sang-facade\\\/den-pha-vl-f5-s2\\\/#breadcrumb\"},\"inLanguage\":\"vi\",\"potentialAction\":[{\"@type\":\"ReadAction\",\"target\":[\"https:\\\/\\\/vilight.vn\\\/website\\\/san-pham\\\/den-chieu-sang-facade\\\/den-pha-vl-f5-s2\\\/\"]}]},{\"@type\":\"ImageObject\",\"inLanguage\":\"vi\",\"@id\":\"https:\\\/\\\/vilight.vn\\\/website\\\/san-pham\\\/den-chieu-sang-facade\\\/den-pha-vl-f5-s2\\\/#primaryimage\",\"url\":\"https:\\\/\\\/vilight.vn\\\/website\\\/wp-content\\\/uploads\\\/2023\\\/06\\\/Den-pha-VL-F5-S2.jpg\",\"contentUrl\":\"https:\\\/\\\/vilight.vn\\\/website\\\/wp-content\\\/uploads\\\/2023\\\/06\\\/Den-pha-VL-F5-S2.jpg\",\"width\":600,\"height\":600,\"caption\":\"\u0110\u00e8n pha VL F5 S2\"},{\"@type\":\"BreadcrumbList\",\"@id\":\"https:\\\/\\\/vilight.vn\\\/website\\\/san-pham\\\/den-chieu-sang-facade\\\/den-pha-vl-f5-s2\\\/#breadcrumb\",\"itemListElement\":[{\"@type\":\"ListItem\",\"position\":1,\"name\":\"Home\",\"item\":\"https:\\\/\\\/vilight.vn\\\/website\\\/\"},{\"@type\":\"ListItem\",\"position\":2,\"name\":\"store\",\"item\":\"https:\\\/\\\/vilight.vn\\\/website\\\/store\\\/\"},{\"@type\":\"ListItem\",\"position\":3,\"name\":\"\u0110\u00e8n pha VL F5 S2\"}]},{\"@type\":\"WebSite\",\"@id\":\"https:\\\/\\\/vilight.vn\\\/website\\\/#website\",\"url\":\"https:\\\/\\\/vilight.vn\\\/website\\\/\",\"name\":\"Vilight Co.ltd\",\"description\":\"Chi\u1ebfu s\u00e1ng m\u1ef9 thu\u1eadt, chi\u1ebfu s\u00e1ng th\u00f4ng minh, LED Pixel 3D, chi\u1ebfu s\u00e1ng trang tr\u00ed \u0111\u00f4 th\u1ecb, chi\u1ebfu s\u00e1ng v\u00f2ng xoay, chi\u1ebfu s\u00e1ng \u0111\u1ea3o giao th\u00f4ng, c\u1ed5ng ch\u00e0o \u0111\u00f4 th\u1ecb\",\"publisher\":{\"@id\":\"https:\\\/\\\/vilight.vn\\\/website\\\/#organization\"},\"potentialAction\":[{\"@type\":\"SearchAction\",\"target\":{\"@type\":\"EntryPoint\",\"urlTemplate\":\"https:\\\/\\\/vilight.vn\\\/website\\\/?s={search_term_string}\"},\"query-input\":{\"@type\":\"PropertyValueSpecification\",\"valueRequired\":true,\"valueName\":\"search_term_string\"}}],\"inLanguage\":\"vi\"},{\"@type\":\"Organization\",\"@id\":\"https:\\\/\\\/vilight.vn\\\/website\\\/#organization\",\"name\":\"Vilight\",\"url\":\"https:\\\/\\\/vilight.vn\\\/website\\\/\",\"logo\":{\"@type\":\"ImageObject\",\"inLanguage\":\"vi\",\"@id\":\"https:\\\/\\\/vilight.vn\\\/website\\\/#\\\/schema\\\/logo\\\/image\\\/\",\"url\":\"https:\\\/\\\/vilight.vn\\\/website\\\/wp-content\\\/uploads\\\/2022\\\/05\\\/chieu_sang_trang_tri_do_thi_bang_den_led_pixel.png\",\"contentUrl\":\"https:\\\/\\\/vilight.vn\\\/website\\\/wp-content\\\/uploads\\\/2022\\\/05\\\/chieu_sang_trang_tri_do_thi_bang_den_led_pixel.png\",\"width\":800,\"height\":427,\"caption\":\"Vilight\"},\"image\":{\"@id\":\"https:\\\/\\\/vilight.vn\\\/website\\\/#\\\/schema\\\/logo\\\/image\\\/\"},\"sameAs\":[\"http:\\\/\\\/facebook.com\\\/vilight.vn\",\"https:\\\/\\\/www.linkedin.com\\\/company\\\/vilight-vn\",\"https:\\\/\\\/www.youtube.com\\\/channel\\\/UCEwR2naeDcuarMX1kSv_rLQ\\\/videos\"]}]}<\/script>\n<meta property=\"product:brand\" content=\"\u0110\u00e8n chi\u1ebfu s\u00e1ng Facade\" \/>\n<meta property=\"product:price:currency\" content=\"VND\" \/>\n<meta property=\"og:availability\" content=\"instock\" \/>\n<meta property=\"product:availability\" content=\"instock\" \/>\n<meta property=\"product:condition\" content=\"new\" \/>\n<!-- \/ Yoast SEO Premium plugin. -->","yoast_head_json":{"title":"\u0110\u00e8n pha VL F5 S2 - Vilight Co.ltd","description":"\u0110\u00e8n pha VL F5 S2 RGBW c\u00f3 g\u00f3c chi\u1ebfu 4 \u0111\u1ed9, \u0111\u1ed9 kin n\u01b0\u1edbc IP66, s\u1ea3n ph\u1ea9m ph\u00f9 h\u1ee3p s\u1eed d\u1ee5ng ngo\u00e0i tr\u1eddi, chi\u1ebfu s\u00e1ng pha s\u00e1ng c\u00e1c c\u00f4ng tr\u00ecnh ki\u1ebfn tr\u00fac v\u00e0 c\u00e2y xanh.","robots":{"index":"index","follow":"follow","max-snippet":"max-snippet:-1","max-image-preview":"max-image-preview:large","max-video-preview":"max-video-preview:-1"},"canonical":"https:\/\/vilight.vn\/website\/san-pham\/den-chieu-sang-facade\/den-pha-vl-f5-s2\/","og_locale":"vi_VN","og_type":"article","og_title":"\u0110\u00e8n pha VL F5 S2","og_description":"V\u1edbi thi\u1ebft k\u1ebf ch\u1eafc ch\u1eafn v\u00e0 ch\u1ea5t li\u1ec7u ch\u1ed1ng th\u1ea5m n\u01b0\u1edbc, \u0111\u00e8n pha VL F5 S2 RGBW c\u00f3 th\u1ec3 ho\u1ea1t \u0111\u1ed9ng \u1ed5n \u0111\u1ecbnh trong m\u1ecdi \u0111i\u1ec1u ki\u1ec7n th\u1eddi ti\u1ebft. \u0110i\u1ec1u n\u00e0y \u0111\u1ea3m b\u1ea3o r\u1eb1ng b\u1ea1n c\u00f3 th\u1ec3 s\u1eed d\u1ee5ng \u0111\u00e8n pha n\u00e0y \u1edf b\u1ea5t k\u1ef3 v\u1ecb tr\u00ed n\u00e0o trong c\u00f4ng tr\u00ecnh m\u00e0 kh\u00f4ng c\u1ea7n lo l\u1eafng v\u1ec1 \u0111\u1ed9 b\u1ec1n v\u00e0 hi\u1ec7u su\u1ea5t.","og_url":"https:\/\/vilight.vn\/website\/san-pham\/den-chieu-sang-facade\/den-pha-vl-f5-s2\/","og_site_name":"Vilight Co.ltd","article_publisher":"http:\/\/facebook.com\/vilight.vn","article_modified_time":"2024-10-02T03:28:51+00:00","og_image":[{"width":600,"height":600,"url":"https:\/\/vilight.vn\/website\/wp-content\/uploads\/2023\/06\/Den-pha-VL-F5-S2.jpg","type":"image\/jpeg"}],"twitter_card":"summary_large_image","twitter_misc":{"Gi\u00e1":"","Kh\u1ea3 d\u1ee5ng":"Trong kho"},"schema":{"@context":"https:\/\/schema.org","@graph":[{"@type":"WebPage","@id":"https:\/\/vilight.vn\/website\/san-pham\/den-chieu-sang-facade\/den-pha-vl-f5-s2\/","url":"https:\/\/vilight.vn\/website\/san-pham\/den-chieu-sang-facade\/den-pha-vl-f5-s2\/","name":"\u0110\u00e8n pha VL F5 S2 - Vilight Co.ltd","isPartOf":{"@id":"https:\/\/vilight.vn\/website\/#website"},"primaryImageOfPage":{"@id":"https:\/\/vilight.vn\/website\/san-pham\/den-chieu-sang-facade\/den-pha-vl-f5-s2\/#primaryimage"},"image":{"@id":"https:\/\/vilight.vn\/website\/san-pham\/den-chieu-sang-facade\/den-pha-vl-f5-s2\/#primaryimage"},"thumbnailUrl":"https:\/\/vilight.vn\/website\/wp-content\/uploads\/2023\/06\/Den-pha-VL-F5-S2.jpg","datePublished":"2023-06-20T06:59:55+00:00","dateModified":"2024-10-02T03:28:51+00:00","description":"\u0110\u00e8n pha VL F5 S2 RGBW c\u00f3 g\u00f3c chi\u1ebfu 4 \u0111\u1ed9, \u0111\u1ed9 kin n\u01b0\u1edbc IP66, s\u1ea3n ph\u1ea9m ph\u00f9 h\u1ee3p s\u1eed d\u1ee5ng ngo\u00e0i tr\u1eddi, chi\u1ebfu s\u00e1ng pha s\u00e1ng c\u00e1c c\u00f4ng tr\u00ecnh ki\u1ebfn tr\u00fac v\u00e0 c\u00e2y xanh.","breadcrumb":{"@id":"https:\/\/vilight.vn\/website\/san-pham\/den-chieu-sang-facade\/den-pha-vl-f5-s2\/#breadcrumb"},"inLanguage":"vi","potentialAction":[{"@type":"ReadAction","target":["https:\/\/vilight.vn\/website\/san-pham\/den-chieu-sang-facade\/den-pha-vl-f5-s2\/"]}]},{"@type":"ImageObject","inLanguage":"vi","@id":"https:\/\/vilight.vn\/website\/san-pham\/den-chieu-sang-facade\/den-pha-vl-f5-s2\/#primaryimage","url":"https:\/\/vilight.vn\/website\/wp-content\/uploads\/2023\/06\/Den-pha-VL-F5-S2.jpg","contentUrl":"https:\/\/vilight.vn\/website\/wp-content\/uploads\/2023\/06\/Den-pha-VL-F5-S2.jpg","width":600,"height":600,"caption":"\u0110\u00e8n pha VL F5 S2"},{"@type":"BreadcrumbList","@id":"https:\/\/vilight.vn\/website\/san-pham\/den-chieu-sang-facade\/den-pha-vl-f5-s2\/#breadcrumb","itemListElement":[{"@type":"ListItem","position":1,"name":"Home","item":"https:\/\/vilight.vn\/website\/"},{"@type":"ListItem","position":2,"name":"store","item":"https:\/\/vilight.vn\/website\/store\/"},{"@type":"ListItem","position":3,"name":"\u0110\u00e8n pha VL F5 S2"}]},{"@type":"WebSite","@id":"https:\/\/vilight.vn\/website\/#website","url":"https:\/\/vilight.vn\/website\/","name":"Vilight Co.ltd","description":"Chi\u1ebfu s\u00e1ng m\u1ef9 thu\u1eadt, chi\u1ebfu s\u00e1ng th\u00f4ng minh, LED Pixel 3D, chi\u1ebfu s\u00e1ng trang tr\u00ed \u0111\u00f4 th\u1ecb, chi\u1ebfu s\u00e1ng v\u00f2ng xoay, chi\u1ebfu s\u00e1ng \u0111\u1ea3o giao th\u00f4ng, c\u1ed5ng ch\u00e0o \u0111\u00f4 th\u1ecb","publisher":{"@id":"https:\/\/vilight.vn\/website\/#organization"},"potentialAction":[{"@type":"SearchAction","target":{"@type":"EntryPoint","urlTemplate":"https:\/\/vilight.vn\/website\/?s={search_term_string}"},"query-input":{"@type":"PropertyValueSpecification","valueRequired":true,"valueName":"search_term_string"}}],"inLanguage":"vi"},{"@type":"Organization","@id":"https:\/\/vilight.vn\/website\/#organization","name":"Vilight","url":"https:\/\/vilight.vn\/website\/","logo":{"@type":"ImageObject","inLanguage":"vi","@id":"https:\/\/vilight.vn\/website\/#\/schema\/logo\/image\/","url":"https:\/\/vilight.vn\/website\/wp-content\/uploads\/2022\/05\/chieu_sang_trang_tri_do_thi_bang_den_led_pixel.png","contentUrl":"https:\/\/vilight.vn\/website\/wp-content\/uploads\/2022\/05\/chieu_sang_trang_tri_do_thi_bang_den_led_pixel.png","width":800,"height":427,"caption":"Vilight"},"image":{"@id":"https:\/\/vilight.vn\/website\/#\/schema\/logo\/image\/"},"sameAs":["http:\/\/facebook.com\/vilight.vn","https:\/\/www.linkedin.com\/company\/vilight-vn","https:\/\/www.youtube.com\/channel\/UCEwR2naeDcuarMX1kSv_rLQ\/videos"]}]},"product_brand":"\u0110\u00e8n chi\u1ebfu s\u00e1ng Facade","product_price_currency":"VND","og_availability":"instock","product_availability":"instock","product_condition":"new"},"_links":{"self":[{"href":"https:\/\/vilight.vn\/website\/wp-json\/wp\/v2\/product\/3798","targetHints":{"allow":["GET"]}}],"collection":[{"href":"https:\/\/vilight.vn\/website\/wp-json\/wp\/v2\/product"}],"about":[{"href":"https:\/\/vilight.vn\/website\/wp-json\/wp\/v2\/types\/product"}],"wp:featuredmedia":[{"embeddable":true,"href":"https:\/\/vilight.vn\/website\/wp-json\/wp\/v2\/media\/3801"}],"wp:attachment":[{"href":"https:\/\/vilight.vn\/website\/wp-json\/wp\/v2\/media?parent=3798"}],"wp:term":[{"taxonomy":"product_brand","embeddable":true,"href":"https:\/\/vilight.vn\/website\/wp-json\/wp\/v2\/product_brand?post=3798"},{"taxonomy":"product_cat","embeddable":true,"href":"https:\/\/vilight.vn\/website\/wp-json\/wp\/v2\/product_cat?post=3798"},{"taxonomy":"product_tag","embeddable":true,"href":"https:\/\/vilight.vn\/website\/wp-json\/wp\/v2\/product_tag?post=3798"}],"curies":[{"name":"wp","href":"https:\/\/api.w.org\/{rel}","templated":true}]}}