{"id":3802,"date":"2023-06-20T14:01:35","date_gmt":"2023-06-20T07:01:35","guid":{"rendered":"https:\/\/vilight.vn\/website\/?post_type=product&#038;p=3802"},"modified":"2024-10-02T10:25:38","modified_gmt":"2024-10-02T03:25:38","slug":"den-pha-vl-f5-m3","status":"publish","type":"product","link":"https:\/\/vilight.vn\/website\/san-pham\/den-chieu-sang-facade\/den-pha-vl-f5-m3\/","title":{"rendered":"\u0110\u00e8n pha VL F5 M3"},"content":{"rendered":"<h2 style=\"text-align: justify;\"><span style=\"font-size: 18pt;\"><strong>Gi\u1edbi thi\u1ec7u m\u1eabu \u0111\u00e8n pha VL F5 M3.<\/strong><\/span><\/h2>\n<p style=\"text-align: justify;\"><span style=\"font-size: 14pt;\"><a href=\"https:\/\/vilight.vn\/website\/wp-content\/uploads\/2023\/06\/Kich-thuoc-VL-F5-M3.jpg\"><img decoding=\"async\" class=\"aligncenter wp-image-3804 size-full lazyload\" data-src=\"https:\/\/vilight.vn\/website\/wp-content\/uploads\/2023\/06\/Kich-thuoc-VL-F5-M3.jpg\" alt=\"\u0110\u00e8n pha VL F5 M3\" width=\"1200\" height=\"600\" data-srcset=\"https:\/\/vilight.vn\/website\/wp-content\/uploads\/2023\/06\/Kich-thuoc-VL-F5-M3.jpg 1200w, https:\/\/vilight.vn\/website\/wp-content\/uploads\/2023\/06\/Kich-thuoc-VL-F5-M3-800x400.jpg 800w, https:\/\/vilight.vn\/website\/wp-content\/uploads\/2023\/06\/Kich-thuoc-VL-F5-M3-300x150.jpg 300w, https:\/\/vilight.vn\/website\/wp-content\/uploads\/2023\/06\/Kich-thuoc-VL-F5-M3-1024x512.jpg 1024w, https:\/\/vilight.vn\/website\/wp-content\/uploads\/2023\/06\/Kich-thuoc-VL-F5-M3-768x384.jpg 768w, https:\/\/vilight.vn\/website\/wp-content\/uploads\/2023\/06\/Kich-thuoc-VL-F5-M3-150x75.jpg 150w, https:\/\/vilight.vn\/website\/wp-content\/uploads\/2023\/06\/Kich-thuoc-VL-F5-M3-480x240.jpg 480w\" data-sizes=\"(max-width:767px) 480px, (max-width:1200px) 100vw, 1200px\" src=\"data:image\/svg+xml;base64,PHN2ZyB3aWR0aD0iMSIgaGVpZ2h0PSIxIiB4bWxucz0iaHR0cDovL3d3dy53My5vcmcvMjAwMC9zdmciPjwvc3ZnPg==\" style=\"--smush-placeholder-width: 1200px; --smush-placeholder-aspect-ratio: 1200\/600;\" \/><\/a><\/span><\/p>\n<p style=\"text-align: justify;\"><span style=\"font-size: 14pt;\">\u0110\u00e8n pha VL F5 M3 l\u00e0 m\u1ed9t l\u1ef1a ch\u1ecdn tuy\u1ec7t v\u1eddi cho \u00e1nh s\u00e1ng ch\u1ea5t l\u01b0\u1ee3ng cao v\u00e0 hi\u1ec7u su\u1ea5t \u1ea5n t\u01b0\u1ee3ng. V\u1edbi 96 b\u00f3ng LED m\u1ea1nh m\u1ebd, \u0111\u00e8n n\u00e0y mang l\u1ea1i s\u1ef1 s\u00e1ng r\u1ef1c r\u1ee1 v\u00e0 \u0111\u1ed9 m\u1ea1nh m\u1ebd v\u1edbi c\u00f4ng su\u1ea5t 600W.<\/span><\/p>\n<h3>C\u00e1c \u0111\u1eb7c \u0111i\u1ec3m n\u1ed5i b\u1eadt.<\/h3>\n<p style=\"text-align: justify;\"><span style=\"font-size: 14pt;\">\u0110i\u1ec1u khi\u1ec3n c\u1ee7a \u0111\u00e8n \u0111\u01b0\u1ee3c th\u1ef1c hi\u1ec7n th\u00f4ng qua giao th\u1ee9c DMX 512, gi\u00fap b\u1ea1n d\u1ec5 d\u00e0ng t\u00f9y ch\u1ec9nh v\u00e0 \u0111i\u1ec1u khi\u1ec3n \u00e1nh s\u00e1ng theo \u00fd mu\u1ed1n. Nhi\u1ec7t \u0111\u1ed9 m\u00e0u RGBW cung c\u1ea5p kh\u1ea3 n\u0103ng t\u00e1i t\u1ea1o m\u00e0u s\u1eafc ch\u00ednh x\u00e1c v\u00e0 s\u00e1ng r\u00f5 r\u00e0ng.<\/span><\/p>\n<p style=\"text-align: justify;\"><span style=\"font-size: 14pt;\">V\u1edbi h\u1ec7 s\u1ed1 c\u00f4ng su\u1ea5t l\u1edbn h\u01a1n 0.9, \u0110\u00e8n pha VL F5 M3 ti\u1ebft ki\u1ec7m n\u0103ng l\u01b0\u1ee3ng v\u00e0 mang l\u1ea1i hi\u1ec7u su\u1ea5t t\u1ed1i \u0111a. V\u1edbi quang th\u00f4ng v\u01b0\u1ee3t qua 21.000 lm, n\u00f3 t\u1ea1o ra \u00e1nh s\u00e1ng m\u1ea1nh m\u1ebd v\u00e0 lan t\u1ecfa r\u1ed9ng. \u0110\u1ed9 ho\u00e0n m\u00e0u CRI v\u01b0\u1ee3t qua 80, gi\u00fap t\u0103ng c\u01b0\u1eddng \u0111\u1ed9 s\u00e1ng v\u00e0 ch\u1ea5t l\u01b0\u1ee3ng m\u00e0u s\u1eafc.<\/span><\/p>\n<p style=\"text-align: justify;\"><span style=\"font-size: 14pt;\"><a href=\"https:\/\/vilight.vn\/website\/wp-content\/uploads\/2023\/06\/VL-F5-S1.jpg\"><img decoding=\"async\" class=\"alignnone wp-image-3794 lazyload\" data-src=\"https:\/\/vilight.vn\/website\/wp-content\/uploads\/2023\/06\/VL-F5-S1.jpg\" alt=\"\" width=\"1200\" height=\"677\" data-srcset=\"https:\/\/vilight.vn\/website\/wp-content\/uploads\/2023\/06\/VL-F5-S1.jpg 1500w, https:\/\/vilight.vn\/website\/wp-content\/uploads\/2023\/06\/VL-F5-S1-800x451.jpg 800w, https:\/\/vilight.vn\/website\/wp-content\/uploads\/2023\/06\/VL-F5-S1-300x169.jpg 300w, https:\/\/vilight.vn\/website\/wp-content\/uploads\/2023\/06\/VL-F5-S1-1024x578.jpg 1024w, https:\/\/vilight.vn\/website\/wp-content\/uploads\/2023\/06\/VL-F5-S1-768x433.jpg 768w, https:\/\/vilight.vn\/website\/wp-content\/uploads\/2023\/06\/VL-F5-S1-133x75.jpg 133w, https:\/\/vilight.vn\/website\/wp-content\/uploads\/2023\/06\/VL-F5-S1-480x271.jpg 480w\" data-sizes=\"(max-width:767px) 480px, (max-width:1200px) 100vw, 1200px\" src=\"data:image\/svg+xml;base64,PHN2ZyB3aWR0aD0iMSIgaGVpZ2h0PSIxIiB4bWxucz0iaHR0cDovL3d3dy53My5vcmcvMjAwMC9zdmciPjwvc3ZnPg==\" style=\"--smush-placeholder-width: 1200px; --smush-placeholder-aspect-ratio: 1200\/677;\" \/><\/a><\/span><\/p>\n<p style=\"text-align: justify;\"><span style=\"font-size: 14pt;\">G\u00f3c chi\u1ebfu 17x30o c\u1ee7a \u0110\u00e8n pha VL F5 M3 gi\u00fap t\u1ea1o ra hi\u1ec7u \u1ee9ng \u00e1nh s\u00e1ng \u0111\u1eb7c bi\u1ec7t v\u00e0 t\u1eadp trung \u00e1nh s\u00e1ng \u1edf m\u1ed9t v\u00f9ng c\u1ee5 th\u1ec3. V\u1edbi kh\u1ea3 n\u0103ng ho\u1ea1t \u0111\u1ed9ng t\u1eeb -35 \u0111\u1ed9 C \u0111\u1ebfn 50 \u0111\u1ed9 C, \u0111\u00e8n n\u00e0y th\u00edch h\u1ee3p cho nhi\u1ec1u m\u00f4i tr\u01b0\u1eddng ho\u1ea1t \u0111\u1ed9ng kh\u00e1c nhau.<\/span><\/p>\n<p style=\"text-align: justify;\"><span style=\"font-size: 14pt;\">V\u1edbi c\u1ea5p b\u1ea3o v\u1ec7 IP66, \u0111\u00e8n Led VL F5 M600C \u0111\u01b0\u1ee3c b\u1ea3o v\u1ec7 ch\u1ed1ng n\u01b0\u1edbc v\u00e0 b\u1ee5i b\u1ea9n, gi\u00fap n\u00f3 ho\u1ea1t \u0111\u1ed9ng b\u1ec1n b\u1ec9 v\u00e0 tin c\u1eady trong m\u1ecdi \u0111i\u1ec1u ki\u1ec7n th\u1eddi ti\u1ebft. \u0110\u1ed9 \u1ea9m ho\u1ea1t \u0111\u1ed9ng t\u1eeb 10% \u0111\u1ebfn 90%, \u0111\u1ea3m b\u1ea3o s\u1ef1 linh ho\u1ea1t v\u00e0 \u0111\u00e1ng tin c\u1eady cho c\u00e1c \u1ee9ng d\u1ee5ng kh\u00e1c nhau.<\/span><\/p>\n<p style=\"text-align: justify;\"><span style=\"font-size: 14pt;\">V\u1edbi tu\u1ed5i th\u1ecd Chip LED v\u01b0\u1ee3t qu\u00e1 70.000 gi\u1edd, \u0111\u00e8n Led VL F5 M600C \u0111\u1ea3m b\u1ea3o s\u1ef1 b\u1ec1n b\u1ec9 v\u00e0 \u1ed5n \u0111\u1ecbnh trong su\u1ed1t qu\u00e1 tr\u00ecnh s\u1eed d\u1ee5ng. \u0110\u00e2y l\u00e0 m\u1ed9t l\u1ef1a ch\u1ecdn l\u00fd t\u01b0\u1edfng cho c\u00e1c \u1ee9ng d\u1ee5ng \u00e1nh s\u00e1ng chuy\u00ean nghi\u1ec7p, s\u00e2n kh\u1ea5u, bi\u1ec3u di\u1ec5n tr\u1ef1c ti\u1ebfp, v\u00e0 nhi\u1ec1u n\u01a1i kh\u00e1c.<\/span><\/p>\n<p style=\"text-align: justify;\"><span style=\"font-size: 14pt;\">T\u00f3m l\u1ea1i, \u0111\u00e8n Led VL F5 M600C k\u1ebft h\u1ee3p gi\u1eefa hi\u1ec7u su\u1ea5t cao, \u0111\u1ed9 s\u00e1ng m\u1ea1nh m<\/span><\/p>\n<p style=\"text-align: justify;\"><span style=\"font-size: 14pt;\">\u1ebd, m\u00e0u s\u1eafc ch\u00ednh x\u00e1c v\u00e0 \u0111\u1ed9 b\u1ec1n b\u1ec9, l\u00e0 s\u1ef1 l\u1ef1a ch\u1ecdn ho\u00e0n h\u1ea3o \u0111\u1ec3 t\u1ea1o ra nh\u1eefng hi\u1ec7u \u1ee9ng \u00e1nh s\u00e1ng \u1ea5n t\u01b0\u1ee3ng trong m\u1ecdi kh\u00f4ng gian v\u00e0 s\u1ef1 ki\u1ec7n.<\/span><\/p>\n<h3 style=\"text-align: justify;\"><span style=\"font-size: 14pt;\"><strong>Th\u00f4ng s\u1ed1 k\u1ef9 thu\u1eadt s\u1ea3n ph\u1ea9m.<\/strong><\/span><\/h3>\n<table width=\"102%\">\n<tbody>\n<tr>\n<td width=\"41%\"><span style=\"font-size: 14pt;\">T\u00ean s\u1ea3n ph\u1ea9m<\/span><\/td>\n<td width=\"330%\"><span style=\"font-size: 14pt;\"><span style=\"vertical-align: inherit;\"><span style=\"vertical-align: inherit;\">VL F5 M 600 C<\/span><\/span><\/span><\/td>\n<\/tr>\n<tr>\n<td width=\"41%\"><span style=\"font-size: 14pt;\">S\u1ed1 l\u01b0\u1ee3ng Led<\/span><\/td>\n<td width=\"330%\"><span style=\"font-size: 14pt;\"><span style=\"vertical-align: inherit;\"><span style=\"vertical-align: inherit;\">96<\/span><\/span><\/span><\/td>\n<\/tr>\n<tr>\n<td width=\"41%\"><span style=\"font-size: 14pt;\">C\u00f4ng su\u1ea5t \u0111\u00e8n (W)<\/span><\/td>\n<td width=\"330%\"><span style=\"font-size: 14pt;\"><span style=\"vertical-align: inherit;\"><span style=\"vertical-align: inherit;\">600<\/span><\/span><\/span><\/td>\n<\/tr>\n<tr>\n<td width=\"41%\"><span style=\"font-size: 14pt;\">\u0110i\u1ec7n \u00e1p ho\u1ea1t \u0111\u1ed9ng<\/span><\/td>\n<td width=\"330%\"><span style=\"font-size: 14pt;\">\u0110i\u1ec7n xoay chi\u1ec1u &#8211; 100-270V &#8211; 60Hz<\/span><\/td>\n<\/tr>\n<tr>\n<td width=\"41%\"><span style=\"font-size: 14pt;\">\u0110i\u1ec1u khi\u1ec3n<\/span><\/td>\n<td width=\"330%\"><span style=\"font-size: 14pt;\">\u0110MX 512<\/span><\/td>\n<\/tr>\n<tr>\n<td width=\"41%\"><span style=\"font-size: 14pt;\">Nhi\u1ec7t \u0111\u1ed9 m\u00e0u<\/span><\/td>\n<td width=\"330%\"><span style=\"font-size: 14pt;\"><span style=\"vertical-align: inherit;\"><span style=\"vertical-align: inherit;\">RGBW<\/span><\/span><\/span><\/td>\n<\/tr>\n<tr>\n<td width=\"41%\"><span style=\"font-size: 14pt;\">H\u1ec7 s\u1ed1 c\u00f4ng su\u1ea5t<\/span><\/td>\n<td width=\"330%\"><span style=\"font-size: 14pt;\"><span style=\"vertical-align: inherit;\"><span style=\"vertical-align: inherit;\">&gt;0,9<\/span><\/span><\/span><\/td>\n<\/tr>\n<tr>\n<td width=\"41%\"><span style=\"font-size: 14pt;\">Quang th\u00f4ng<\/span><\/td>\n<td width=\"330%\"><span style=\"font-size: 14pt;\"><span style=\"vertical-align: inherit;\"><span style=\"vertical-align: inherit;\">&gt; 21.000lm<\/span><\/span><\/span><\/td>\n<\/tr>\n<tr>\n<td width=\"41%\"><span style=\"font-size: 14pt;\">\u0110\u1ed9 ho\u00e0n m\u00e0u CRI<\/span><\/td>\n<td width=\"330%\"><span style=\"font-size: 14pt;\"><span style=\"vertical-align: inherit;\"><span style=\"vertical-align: inherit;\">&gt;80<\/span><\/span><\/span><\/td>\n<\/tr>\n<tr>\n<td width=\"41%\"><span style=\"font-size: 14pt;\">G\u00f3c chi\u1ebfu<\/span><\/td>\n<td width=\"330%\"><span style=\"font-size: 14pt;\"><span style=\"vertical-align: inherit;\"><span style=\"vertical-align: inherit;\">17x30o <\/span><\/span><sup><span style=\"vertical-align: inherit;\"><span style=\"vertical-align: inherit;\">_<\/span><\/span><\/sup><\/span><\/td>\n<\/tr>\n<tr>\n<td width=\"41%\"><span style=\"font-size: 14pt;\">Nhi\u1ec7t \u0111\u1ed9 ho\u1ea1t \u0111\u1ed9ng<\/span><\/td>\n<td width=\"330%\"><span style=\"font-size: 14pt;\">-35 t\u1edbi 50 \u0111\u1ed9 C<\/span><\/td>\n<\/tr>\n<tr>\n<td width=\"41%\"><span style=\"font-size: 14pt;\">\u0110\u1ed9 \u1ea9m ho\u1ea1t \u0111\u1ed9ng<\/span><\/td>\n<td width=\"330%\"><span style=\"font-size: 14pt;\"><span style=\"vertical-align: inherit;\"><span style=\"vertical-align: inherit;\">10- 90%<\/span><\/span><\/span><\/td>\n<\/tr>\n<tr>\n<td width=\"41%\"><span style=\"font-size: 14pt;\">Tu\u1ed5i th\u1ecd Chip Led<\/span><\/td>\n<td width=\"330%\"><span style=\"font-size: 14pt;\"><span style=\"vertical-align: inherit;\"><span style=\"vertical-align: inherit;\">&gt;70.000h<\/span><\/span><\/span><\/td>\n<\/tr>\n<tr>\n<td width=\"41%\"><span style=\"font-size: 14pt;\">C\u1ea5p b\u1ea3o v\u1ec7<\/span><\/td>\n<td width=\"330%\"><span style=\"font-size: 14pt;\"><span style=\"vertical-align: inherit;\"><span style=\"vertical-align: inherit;\">IP66<\/span><\/span><\/span><\/td>\n<\/tr>\n<tr>\n<td width=\"41%\"><span style=\"font-size: 14pt;\">C\u00e2n n\u1eb7ng ( KG)<\/span><\/td>\n<td width=\"330%\"><span style=\"font-size: 14pt;\"><span style=\"vertical-align: inherit;\"><span style=\"vertical-align: inherit;\">28<\/span><\/span><\/span><\/td>\n<\/tr>\n<\/tbody>\n<\/table>\n<p style=\"text-align: justify;\">\n","protected":false},"excerpt":{"rendered":"<p style=\"text-align: justify;\"><span style=\"font-size: 14pt;\">\u0110\u00e8n Led VL F5 M600C &#8211; c\u00f4ng su\u1ea5t 600W, 96 b\u00f3ng LED, DMX 512. \u00c1nh s\u00e1ng r\u1ef1c r\u1ee1, quang th\u00f4ng &gt; 21.000 lm, CRI &gt; 80. Ch\u1ecbu \u0111\u01b0\u1ee3c \u0111i\u1ec1u ki\u1ec7n kh\u1eafc nghi\u1ec7t: -35 \u0111\u1ed9 C \u0111\u1ebfn 50 \u0111\u1ed9 C, \u0111\u1ed9 \u1ea9m 10-90%. Tu\u1ed5i th\u1ecd Chip LED &gt; 70.000 gi\u1edd, b\u1ea3o v\u1ec7 IP66.<\/span><\/p>\n<p style=\"text-align: justify;\">\n","protected":false},"featured_media":3803,"template":"","meta":[],"product_brand":[],"product_cat":[73,59,357],"product_tag":[350,349],"class_list":{"0":"post-3802","1":"product","2":"type-product","3":"status-publish","4":"has-post-thumbnail","6":"product_cat-den-chieu-sang-facade","7":"product_cat-den-roi-pha","8":"product_cat-f5-series","9":"product_tag-den-pha-vl-f5-m3","10":"product_tag-vl-f5-m-600-c","11":"pa_chuan-dieu-khien-dmx512","12":"pa_cong-suat-600w","13":"pa_dien-ap-hoat-dong-ac-100-277v","14":"pa_do-kin-ip-66","15":"pa_goc-chieu-17x30","16":"pa_nhiet-do-mau-rgbw","18":"first","19":"instock","20":"taxable","21":"shipping-taxable","22":"product-type-simple"},"yoast_head":"<!-- This site is optimized with the Yoast SEO Premium plugin v27.5 (Yoast SEO v27.5) - https:\/\/yoast.com\/product\/yoast-seo-premium-wordpress\/ -->\n<title>\u0110\u00e8n pha VL F5 M3 - Vilight Co.ltd<\/title>\n<meta name=\"description\" content=\"\u0110\u00e8n pha VL F5 M3 - C\u00f4ng su\u1ea5t 600W, 96 b\u00f3ng LED, DMX512. \u00c1nh s\u00e1ng r\u1ef1c r\u1ee1, quang th\u00f4ng &gt; 21.000 lm, CRI &gt; 80. Ch\u1ecbu \u0111\u01b0\u1ee3c \u0111i\u1ec1u ki\u1ec7n kh\u1eafc nghi\u1ec7t.\" \/>\n<meta name=\"robots\" content=\"index, follow, max-snippet:-1, max-image-preview:large, max-video-preview:-1\" \/>\n<link rel=\"canonical\" href=\"https:\/\/vilight.vn\/website\/san-pham\/den-chieu-sang-facade\/den-pha-vl-f5-m3\/\" \/>\n<meta property=\"og:locale\" content=\"vi_VN\" \/>\n<meta property=\"og:type\" content=\"article\" \/>\n<meta property=\"og:title\" content=\"\u0110\u00e8n pha VL F5 M3\" \/>\n<meta property=\"og:description\" content=\"\u0110\u00e8n Led VL F5 M600C - c\u00f4ng su\u1ea5t 600W, 96 b\u00f3ng LED, DMX 512. \u00c1nh s\u00e1ng r\u1ef1c r\u1ee1, quang th\u00f4ng &gt; 21.000 lm, CRI &gt; 80. Ch\u1ecbu \u0111\u01b0\u1ee3c \u0111i\u1ec1u ki\u1ec7n kh\u1eafc nghi\u1ec7t: -35 \u0111\u1ed9 C \u0111\u1ebfn 50 \u0111\u1ed9 C, \u0111\u1ed9 \u1ea9m 10-90%. Tu\u1ed5i th\u1ecd Chip LED &gt; 70.000 gi\u1edd, b\u1ea3o v\u1ec7 IP66.\" \/>\n<meta property=\"og:url\" content=\"https:\/\/vilight.vn\/website\/san-pham\/den-chieu-sang-facade\/den-pha-vl-f5-m3\/\" \/>\n<meta property=\"og:site_name\" content=\"Vilight Co.ltd\" \/>\n<meta property=\"article:publisher\" content=\"http:\/\/facebook.com\/vilight.vn\" \/>\n<meta property=\"article:modified_time\" content=\"2024-10-02T03:25:38+00:00\" \/>\n<meta property=\"og:image\" content=\"https:\/\/vilight.vn\/website\/wp-content\/uploads\/2023\/06\/Den-pha-VL-F5-M3.jpg\" \/>\n\t<meta property=\"og:image:width\" content=\"600\" \/>\n\t<meta property=\"og:image:height\" content=\"600\" \/>\n\t<meta property=\"og:image:type\" content=\"image\/jpeg\" \/>\n<meta name=\"twitter:card\" content=\"summary_large_image\" \/>\n<meta name=\"twitter:label1\" content=\"Gi\u00e1\" \/>\n\t<meta name=\"twitter:data1\" content=\"\" \/>\n\t<meta name=\"twitter:label2\" content=\"Kh\u1ea3 d\u1ee5ng\" \/>\n\t<meta name=\"twitter:data2\" content=\"Trong kho\" \/>\n<script type=\"application\/ld+json\" class=\"yoast-schema-graph\">{\"@context\":\"https:\\\/\\\/schema.org\",\"@graph\":[{\"@type\":\"WebPage\",\"@id\":\"https:\\\/\\\/vilight.vn\\\/website\\\/san-pham\\\/den-chieu-sang-facade\\\/den-pha-vl-f5-m3\\\/\",\"url\":\"https:\\\/\\\/vilight.vn\\\/website\\\/san-pham\\\/den-chieu-sang-facade\\\/den-pha-vl-f5-m3\\\/\",\"name\":\"\u0110\u00e8n pha VL F5 M3 - Vilight Co.ltd\",\"isPartOf\":{\"@id\":\"https:\\\/\\\/vilight.vn\\\/website\\\/#website\"},\"primaryImageOfPage\":{\"@id\":\"https:\\\/\\\/vilight.vn\\\/website\\\/san-pham\\\/den-chieu-sang-facade\\\/den-pha-vl-f5-m3\\\/#primaryimage\"},\"image\":{\"@id\":\"https:\\\/\\\/vilight.vn\\\/website\\\/san-pham\\\/den-chieu-sang-facade\\\/den-pha-vl-f5-m3\\\/#primaryimage\"},\"thumbnailUrl\":\"https:\\\/\\\/vilight.vn\\\/website\\\/wp-content\\\/uploads\\\/2023\\\/06\\\/Den-pha-VL-F5-M3.jpg\",\"datePublished\":\"2023-06-20T07:01:35+00:00\",\"dateModified\":\"2024-10-02T03:25:38+00:00\",\"description\":\"\u0110\u00e8n pha VL F5 M3 - C\u00f4ng su\u1ea5t 600W, 96 b\u00f3ng LED, DMX512. \u00c1nh s\u00e1ng r\u1ef1c r\u1ee1, quang th\u00f4ng > 21.000 lm, CRI > 80. Ch\u1ecbu \u0111\u01b0\u1ee3c \u0111i\u1ec1u ki\u1ec7n kh\u1eafc nghi\u1ec7t.\",\"breadcrumb\":{\"@id\":\"https:\\\/\\\/vilight.vn\\\/website\\\/san-pham\\\/den-chieu-sang-facade\\\/den-pha-vl-f5-m3\\\/#breadcrumb\"},\"inLanguage\":\"vi\",\"potentialAction\":[{\"@type\":\"ReadAction\",\"target\":[\"https:\\\/\\\/vilight.vn\\\/website\\\/san-pham\\\/den-chieu-sang-facade\\\/den-pha-vl-f5-m3\\\/\"]}]},{\"@type\":\"ImageObject\",\"inLanguage\":\"vi\",\"@id\":\"https:\\\/\\\/vilight.vn\\\/website\\\/san-pham\\\/den-chieu-sang-facade\\\/den-pha-vl-f5-m3\\\/#primaryimage\",\"url\":\"https:\\\/\\\/vilight.vn\\\/website\\\/wp-content\\\/uploads\\\/2023\\\/06\\\/Den-pha-VL-F5-M3.jpg\",\"contentUrl\":\"https:\\\/\\\/vilight.vn\\\/website\\\/wp-content\\\/uploads\\\/2023\\\/06\\\/Den-pha-VL-F5-M3.jpg\",\"width\":600,\"height\":600,\"caption\":\"\u0110\u00e8n pha VL F5 M3\"},{\"@type\":\"BreadcrumbList\",\"@id\":\"https:\\\/\\\/vilight.vn\\\/website\\\/san-pham\\\/den-chieu-sang-facade\\\/den-pha-vl-f5-m3\\\/#breadcrumb\",\"itemListElement\":[{\"@type\":\"ListItem\",\"position\":1,\"name\":\"Home\",\"item\":\"https:\\\/\\\/vilight.vn\\\/website\\\/\"},{\"@type\":\"ListItem\",\"position\":2,\"name\":\"store\",\"item\":\"https:\\\/\\\/vilight.vn\\\/website\\\/store\\\/\"},{\"@type\":\"ListItem\",\"position\":3,\"name\":\"\u0110\u00e8n pha VL F5 M3\"}]},{\"@type\":\"WebSite\",\"@id\":\"https:\\\/\\\/vilight.vn\\\/website\\\/#website\",\"url\":\"https:\\\/\\\/vilight.vn\\\/website\\\/\",\"name\":\"Vilight Co.ltd\",\"description\":\"Chi\u1ebfu s\u00e1ng m\u1ef9 thu\u1eadt, chi\u1ebfu s\u00e1ng th\u00f4ng minh, LED Pixel 3D, chi\u1ebfu s\u00e1ng trang tr\u00ed \u0111\u00f4 th\u1ecb, chi\u1ebfu s\u00e1ng v\u00f2ng xoay, chi\u1ebfu s\u00e1ng \u0111\u1ea3o giao th\u00f4ng, c\u1ed5ng ch\u00e0o \u0111\u00f4 th\u1ecb\",\"publisher\":{\"@id\":\"https:\\\/\\\/vilight.vn\\\/website\\\/#organization\"},\"potentialAction\":[{\"@type\":\"SearchAction\",\"target\":{\"@type\":\"EntryPoint\",\"urlTemplate\":\"https:\\\/\\\/vilight.vn\\\/website\\\/?s={search_term_string}\"},\"query-input\":{\"@type\":\"PropertyValueSpecification\",\"valueRequired\":true,\"valueName\":\"search_term_string\"}}],\"inLanguage\":\"vi\"},{\"@type\":\"Organization\",\"@id\":\"https:\\\/\\\/vilight.vn\\\/website\\\/#organization\",\"name\":\"Vilight\",\"url\":\"https:\\\/\\\/vilight.vn\\\/website\\\/\",\"logo\":{\"@type\":\"ImageObject\",\"inLanguage\":\"vi\",\"@id\":\"https:\\\/\\\/vilight.vn\\\/website\\\/#\\\/schema\\\/logo\\\/image\\\/\",\"url\":\"https:\\\/\\\/vilight.vn\\\/website\\\/wp-content\\\/uploads\\\/2022\\\/05\\\/chieu_sang_trang_tri_do_thi_bang_den_led_pixel.png\",\"contentUrl\":\"https:\\\/\\\/vilight.vn\\\/website\\\/wp-content\\\/uploads\\\/2022\\\/05\\\/chieu_sang_trang_tri_do_thi_bang_den_led_pixel.png\",\"width\":800,\"height\":427,\"caption\":\"Vilight\"},\"image\":{\"@id\":\"https:\\\/\\\/vilight.vn\\\/website\\\/#\\\/schema\\\/logo\\\/image\\\/\"},\"sameAs\":[\"http:\\\/\\\/facebook.com\\\/vilight.vn\",\"https:\\\/\\\/www.linkedin.com\\\/company\\\/vilight-vn\",\"https:\\\/\\\/www.youtube.com\\\/channel\\\/UCEwR2naeDcuarMX1kSv_rLQ\\\/videos\"]}]}<\/script>\n<meta property=\"product:brand\" content=\"\u0110\u00e8n chi\u1ebfu s\u00e1ng Facade\" \/>\n<meta property=\"product:price:currency\" content=\"VND\" \/>\n<meta property=\"og:availability\" content=\"instock\" \/>\n<meta property=\"product:availability\" content=\"instock\" \/>\n<meta property=\"product:condition\" content=\"new\" \/>\n<!-- \/ Yoast SEO Premium plugin. -->","yoast_head_json":{"title":"\u0110\u00e8n pha VL F5 M3 - Vilight Co.ltd","description":"\u0110\u00e8n pha VL F5 M3 - C\u00f4ng su\u1ea5t 600W, 96 b\u00f3ng LED, DMX512. \u00c1nh s\u00e1ng r\u1ef1c r\u1ee1, quang th\u00f4ng > 21.000 lm, CRI > 80. Ch\u1ecbu \u0111\u01b0\u1ee3c \u0111i\u1ec1u ki\u1ec7n kh\u1eafc nghi\u1ec7t.","robots":{"index":"index","follow":"follow","max-snippet":"max-snippet:-1","max-image-preview":"max-image-preview:large","max-video-preview":"max-video-preview:-1"},"canonical":"https:\/\/vilight.vn\/website\/san-pham\/den-chieu-sang-facade\/den-pha-vl-f5-m3\/","og_locale":"vi_VN","og_type":"article","og_title":"\u0110\u00e8n pha VL F5 M3","og_description":"\u0110\u00e8n Led VL F5 M600C - c\u00f4ng su\u1ea5t 600W, 96 b\u00f3ng LED, DMX 512. \u00c1nh s\u00e1ng r\u1ef1c r\u1ee1, quang th\u00f4ng &gt; 21.000 lm, CRI &gt; 80. Ch\u1ecbu \u0111\u01b0\u1ee3c \u0111i\u1ec1u ki\u1ec7n kh\u1eafc nghi\u1ec7t: -35 \u0111\u1ed9 C \u0111\u1ebfn 50 \u0111\u1ed9 C, \u0111\u1ed9 \u1ea9m 10-90%. Tu\u1ed5i th\u1ecd Chip LED &gt; 70.000 gi\u1edd, b\u1ea3o v\u1ec7 IP66.","og_url":"https:\/\/vilight.vn\/website\/san-pham\/den-chieu-sang-facade\/den-pha-vl-f5-m3\/","og_site_name":"Vilight Co.ltd","article_publisher":"http:\/\/facebook.com\/vilight.vn","article_modified_time":"2024-10-02T03:25:38+00:00","og_image":[{"width":600,"height":600,"url":"https:\/\/vilight.vn\/website\/wp-content\/uploads\/2023\/06\/Den-pha-VL-F5-M3.jpg","type":"image\/jpeg"}],"twitter_card":"summary_large_image","twitter_misc":{"Gi\u00e1":"","Kh\u1ea3 d\u1ee5ng":"Trong kho"},"schema":{"@context":"https:\/\/schema.org","@graph":[{"@type":"WebPage","@id":"https:\/\/vilight.vn\/website\/san-pham\/den-chieu-sang-facade\/den-pha-vl-f5-m3\/","url":"https:\/\/vilight.vn\/website\/san-pham\/den-chieu-sang-facade\/den-pha-vl-f5-m3\/","name":"\u0110\u00e8n pha VL F5 M3 - Vilight Co.ltd","isPartOf":{"@id":"https:\/\/vilight.vn\/website\/#website"},"primaryImageOfPage":{"@id":"https:\/\/vilight.vn\/website\/san-pham\/den-chieu-sang-facade\/den-pha-vl-f5-m3\/#primaryimage"},"image":{"@id":"https:\/\/vilight.vn\/website\/san-pham\/den-chieu-sang-facade\/den-pha-vl-f5-m3\/#primaryimage"},"thumbnailUrl":"https:\/\/vilight.vn\/website\/wp-content\/uploads\/2023\/06\/Den-pha-VL-F5-M3.jpg","datePublished":"2023-06-20T07:01:35+00:00","dateModified":"2024-10-02T03:25:38+00:00","description":"\u0110\u00e8n pha VL F5 M3 - C\u00f4ng su\u1ea5t 600W, 96 b\u00f3ng LED, DMX512. \u00c1nh s\u00e1ng r\u1ef1c r\u1ee1, quang th\u00f4ng > 21.000 lm, CRI > 80. Ch\u1ecbu \u0111\u01b0\u1ee3c \u0111i\u1ec1u ki\u1ec7n kh\u1eafc nghi\u1ec7t.","breadcrumb":{"@id":"https:\/\/vilight.vn\/website\/san-pham\/den-chieu-sang-facade\/den-pha-vl-f5-m3\/#breadcrumb"},"inLanguage":"vi","potentialAction":[{"@type":"ReadAction","target":["https:\/\/vilight.vn\/website\/san-pham\/den-chieu-sang-facade\/den-pha-vl-f5-m3\/"]}]},{"@type":"ImageObject","inLanguage":"vi","@id":"https:\/\/vilight.vn\/website\/san-pham\/den-chieu-sang-facade\/den-pha-vl-f5-m3\/#primaryimage","url":"https:\/\/vilight.vn\/website\/wp-content\/uploads\/2023\/06\/Den-pha-VL-F5-M3.jpg","contentUrl":"https:\/\/vilight.vn\/website\/wp-content\/uploads\/2023\/06\/Den-pha-VL-F5-M3.jpg","width":600,"height":600,"caption":"\u0110\u00e8n pha VL F5 M3"},{"@type":"BreadcrumbList","@id":"https:\/\/vilight.vn\/website\/san-pham\/den-chieu-sang-facade\/den-pha-vl-f5-m3\/#breadcrumb","itemListElement":[{"@type":"ListItem","position":1,"name":"Home","item":"https:\/\/vilight.vn\/website\/"},{"@type":"ListItem","position":2,"name":"store","item":"https:\/\/vilight.vn\/website\/store\/"},{"@type":"ListItem","position":3,"name":"\u0110\u00e8n pha VL F5 M3"}]},{"@type":"WebSite","@id":"https:\/\/vilight.vn\/website\/#website","url":"https:\/\/vilight.vn\/website\/","name":"Vilight Co.ltd","description":"Chi\u1ebfu s\u00e1ng m\u1ef9 thu\u1eadt, chi\u1ebfu s\u00e1ng th\u00f4ng minh, LED Pixel 3D, chi\u1ebfu s\u00e1ng trang tr\u00ed \u0111\u00f4 th\u1ecb, chi\u1ebfu s\u00e1ng v\u00f2ng xoay, chi\u1ebfu s\u00e1ng \u0111\u1ea3o giao th\u00f4ng, c\u1ed5ng ch\u00e0o \u0111\u00f4 th\u1ecb","publisher":{"@id":"https:\/\/vilight.vn\/website\/#organization"},"potentialAction":[{"@type":"SearchAction","target":{"@type":"EntryPoint","urlTemplate":"https:\/\/vilight.vn\/website\/?s={search_term_string}"},"query-input":{"@type":"PropertyValueSpecification","valueRequired":true,"valueName":"search_term_string"}}],"inLanguage":"vi"},{"@type":"Organization","@id":"https:\/\/vilight.vn\/website\/#organization","name":"Vilight","url":"https:\/\/vilight.vn\/website\/","logo":{"@type":"ImageObject","inLanguage":"vi","@id":"https:\/\/vilight.vn\/website\/#\/schema\/logo\/image\/","url":"https:\/\/vilight.vn\/website\/wp-content\/uploads\/2022\/05\/chieu_sang_trang_tri_do_thi_bang_den_led_pixel.png","contentUrl":"https:\/\/vilight.vn\/website\/wp-content\/uploads\/2022\/05\/chieu_sang_trang_tri_do_thi_bang_den_led_pixel.png","width":800,"height":427,"caption":"Vilight"},"image":{"@id":"https:\/\/vilight.vn\/website\/#\/schema\/logo\/image\/"},"sameAs":["http:\/\/facebook.com\/vilight.vn","https:\/\/www.linkedin.com\/company\/vilight-vn","https:\/\/www.youtube.com\/channel\/UCEwR2naeDcuarMX1kSv_rLQ\/videos"]}]},"product_brand":"\u0110\u00e8n chi\u1ebfu s\u00e1ng Facade","product_price_currency":"VND","og_availability":"instock","product_availability":"instock","product_condition":"new"},"_links":{"self":[{"href":"https:\/\/vilight.vn\/website\/wp-json\/wp\/v2\/product\/3802","targetHints":{"allow":["GET"]}}],"collection":[{"href":"https:\/\/vilight.vn\/website\/wp-json\/wp\/v2\/product"}],"about":[{"href":"https:\/\/vilight.vn\/website\/wp-json\/wp\/v2\/types\/product"}],"wp:featuredmedia":[{"embeddable":true,"href":"https:\/\/vilight.vn\/website\/wp-json\/wp\/v2\/media\/3803"}],"wp:attachment":[{"href":"https:\/\/vilight.vn\/website\/wp-json\/wp\/v2\/media?parent=3802"}],"wp:term":[{"taxonomy":"product_brand","embeddable":true,"href":"https:\/\/vilight.vn\/website\/wp-json\/wp\/v2\/product_brand?post=3802"},{"taxonomy":"product_cat","embeddable":true,"href":"https:\/\/vilight.vn\/website\/wp-json\/wp\/v2\/product_cat?post=3802"},{"taxonomy":"product_tag","embeddable":true,"href":"https:\/\/vilight.vn\/website\/wp-json\/wp\/v2\/product_tag?post=3802"}],"curies":[{"name":"wp","href":"https:\/\/api.w.org\/{rel}","templated":true}]}}