{"id":3809,"date":"2023-06-20T14:07:48","date_gmt":"2023-06-20T07:07:48","guid":{"rendered":"https:\/\/vilight.vn\/website\/?post_type=product&#038;p=3809"},"modified":"2024-10-02T10:26:38","modified_gmt":"2024-10-02T03:26:38","slug":"den-pha-vl-f5-m5","status":"publish","type":"product","link":"https:\/\/vilight.vn\/website\/san-pham\/den-chieu-sang-facade\/den-pha-vl-f5-m5\/","title":{"rendered":"\u0110\u00e8n pha VL F5 M5"},"content":{"rendered":"<h2 style=\"text-align: justify;\"><span style=\"font-size: 18pt;\"><strong>Gi\u1edbi thi\u1ec7u \u0111\u00e8n pha VL F5 M5.<\/strong><\/span><\/h2>\n<p style=\"text-align: justify;\"><span style=\"font-size: 14pt;\">\u0110\u00e8n pha VL F5 M5 l\u00e0 m\u1ed9t m\u1eabu \u0111\u00e8n pha m\u1ea1nh m\u1ebd c\u00f3 c\u00f4ng su\u1ea5t l\u00ean t\u1edbi 600W. \u0110\u00e8n n\u00e0y c\u00f3 2 bi\u1ebfn th\u1ec3 m\u00e0u s\u1eafc kh\u00e1c nhau \u0111\u1ec3 \u0111\u00e1p \u1ee9ng nhi\u1ec1u nhu c\u1ea7u s\u1eed d\u1ee5ng. M\u1ed9t bi\u1ebfn th\u1ec3 l\u00e0 m\u00e0u \u0111\u01a1n s\u1eafc 4000K, t\u1ee9c l\u00e0 \u00e1nh s\u00e1ng tr\u1eafng t\u1ef1 nhi\u00ean. Bi\u1ebfn th\u1ec3 c\u00f2n l\u1ea1i l\u00e0 m\u00e0u \u0111a s\u1eafc RGBW, c\u00f3 kh\u1ea3 n\u0103ng hi\u1ec3n th\u1ecb nhi\u1ec1u m\u00e0u s\u1eafc kh\u00e1c nhau.<\/span><\/p>\n<p style=\"text-align: justify;\"><span style=\"font-size: 14pt;\">S\u1ea3n ph\u1ea9m n\u00e0y s\u1eed d\u1ee5ng ngu\u1ed3n \u0111i\u1ec7n th\u00f4ng d\u1ee5ng 220V AC, gi\u00fap d\u1ec5 d\u00e0ng s\u1eed d\u1ee5ng trong c\u00e1c m\u00f4i tr\u01b0\u1eddng \u0111i\u1ec7n th\u00f4ng th\u01b0\u1eddng. \u0110\u00e8n c\u0169ng c\u00f3 \u0111\u1ed9 k\u00edn IP66, c\u00f3 ngh\u0129a l\u00e0 n\u00f3 ho\u00e0n to\u00e0n b\u1ea3o v\u1ec7 \u0111\u01b0\u1ee3c kh\u1ecfi b\u1ee5i v\u00e0 n\u01b0\u1edbc. \u0110i\u1ec1u n\u00e0y cho ph\u00e9p \u0111\u00e8n pha VL F5 M5 ho\u1ea1t \u0111\u1ed9ng hi\u1ec7u qu\u1ea3 v\u00e0 b\u1ec1n b\u1ec9 trong nhi\u1ec1u \u0111i\u1ec1u ki\u1ec7n th\u1eddi ti\u1ebft kh\u00e1c nhau.<\/span><\/p>\n<p style=\"text-align: justify;\"><span style=\"font-size: 14pt;\"><a href=\"https:\/\/vilight.vn\/website\/wp-content\/uploads\/2023\/06\/Logo-VL-F5-M5-Kich-thuoc.jpg\"><img decoding=\"async\" class=\"aligncenter wp-image-3810 size-full lazyload\" data-src=\"https:\/\/vilight.vn\/website\/wp-content\/uploads\/2023\/06\/Logo-VL-F5-M5-Kich-thuoc.jpg\" alt=\"VL F5 M5\" width=\"1200\" height=\"600\" data-srcset=\"https:\/\/vilight.vn\/website\/wp-content\/uploads\/2023\/06\/Logo-VL-F5-M5-Kich-thuoc.jpg 1200w, https:\/\/vilight.vn\/website\/wp-content\/uploads\/2023\/06\/Logo-VL-F5-M5-Kich-thuoc-800x400.jpg 800w, https:\/\/vilight.vn\/website\/wp-content\/uploads\/2023\/06\/Logo-VL-F5-M5-Kich-thuoc-300x150.jpg 300w, https:\/\/vilight.vn\/website\/wp-content\/uploads\/2023\/06\/Logo-VL-F5-M5-Kich-thuoc-1024x512.jpg 1024w, https:\/\/vilight.vn\/website\/wp-content\/uploads\/2023\/06\/Logo-VL-F5-M5-Kich-thuoc-768x384.jpg 768w, https:\/\/vilight.vn\/website\/wp-content\/uploads\/2023\/06\/Logo-VL-F5-M5-Kich-thuoc-150x75.jpg 150w, https:\/\/vilight.vn\/website\/wp-content\/uploads\/2023\/06\/Logo-VL-F5-M5-Kich-thuoc-480x240.jpg 480w\" data-sizes=\"(max-width:767px) 480px, (max-width:1200px) 100vw, 1200px\" src=\"data:image\/svg+xml;base64,PHN2ZyB3aWR0aD0iMSIgaGVpZ2h0PSIxIiB4bWxucz0iaHR0cDovL3d3dy53My5vcmcvMjAwMC9zdmciPjwvc3ZnPg==\" style=\"--smush-placeholder-width: 1200px; --smush-placeholder-aspect-ratio: 1200\/600;\" \/><\/a><\/span><\/p>\n<p style=\"text-align: justify;\"><span style=\"font-size: 14pt;\">Quang th\u00f4ng c\u1ee7a \u0111\u00e8n pha n\u00e0y l\u1edbn, t\u1ee9c l\u00e0 n\u00f3 c\u00f3 kh\u1ea3 n\u0103ng t\u1ea1o ra \u00e1nh s\u00e1ng m\u1ea1nh m\u1ebd v\u00e0 chi\u1ebfu s\u00e1ng r\u1ed9ng r\u00e3i. \u0110i\u1ec1u n\u00e0y th\u00edch h\u1ee3p cho vi\u1ec7c s\u1eed d\u1ee5ng \u0111\u00e8n pha trong c\u00e1c kh\u00f4ng gian r\u1ed9ng l\u1edbn ho\u1eb7c khi c\u1ea7n \u00e1nh s\u00e1ng s\u00e1ng m\u1ea1nh.<\/span><\/p>\n<p style=\"text-align: justify;\"><span style=\"font-size: 14pt;\">G\u00f3c chi\u1ebfu c\u1ee7a \u0111\u00e8n pha VL F5 M5 \u0111a d\u1ea1ng, c\u00f3 th\u1ec3 \u0111i\u1ec1u ch\u1ec9nh \u0111\u1ec3 ph\u00f9 h\u1ee3p v\u1edbi nhu c\u1ea7u chi\u1ebfu s\u00e1ng c\u1ee5 th\u1ec3. Vi\u1ec7c c\u00f3 g\u00f3c chi\u1ebfu \u0111a d\u1ea1ng gi\u00fap \u0111\u00e8n pha n\u00e0y ph\u00f9 h\u1ee3p v\u1edbi nhi\u1ec1u \u1ee9ng d\u1ee5ng kh\u00e1c nhau, t\u1eeb chi\u1ebfu s\u00e1ng b\u1ec1 m\u1eb7t r\u1ed9ng cho \u0111\u1ebfn chi\u1ebfu s\u00e1ng \u0111i\u1ec3m c\u1ee5 th\u1ec3.<\/span><\/p>\n<p style=\"text-align: justify;\"><span style=\"font-size: 14pt;\">T\u00f3m l\u1ea1i, \u0111\u00e8n pha VL F5 M5 l\u00e0 m\u1ed9t s\u1ea3n ph\u1ea9m m\u1ea1nh m\u1ebd v\u00e0 \u0111a n\u0103ng, v\u1edbi c\u00f4ng su\u1ea5t l\u1edbn, kh\u1ea3 n\u0103ng hi\u1ec3n th\u1ecb m\u00e0u s\u1eafc \u0111a d\u1ea1ng v\u00e0 t\u00ednh n\u0103ng b\u1ea3o v\u1ec7 ch\u1ed1ng n\u01b0\u1edbc v\u00e0 b\u1ee5i. \u0110i\u1ec1u n\u00e0y l\u00e0m cho n\u00f3 tr\u1edf th\u00e0nh m\u1ed9t l\u1ef1a ch\u1ecdn t\u1ed1t cho vi\u1ec7c chi\u1ebfu s\u00e1ng trong nhi\u1ec1u m\u00f4i tr\u01b0\u1eddng v\u00e0 \u1ee9ng d\u1ee5ng kh\u00e1c nhau.<\/span><\/p>\n<h3 style=\"text-align: justify;\"><span style=\"font-size: 14pt;\"><strong>Th\u00f4ng s\u1ed1 k\u1ef9 thu\u1eadt s\u1ea3n ph\u1ea9m.<\/strong><\/span><\/h3>\n<table width=\"91%\">\n<tbody>\n<tr>\n<td width=\"34%\"><span style=\"font-size: 14pt;\">T\u00ean s\u1ea3n ph\u1ea9m<\/span><\/td>\n<td width=\"30%\"><span style=\"font-size: 14pt;\">VL F5 M 560<\/span><\/td>\n<td width=\"305%\"><span style=\"font-size: 14pt;\">VL F5 M 560C<\/span><\/td>\n<\/tr>\n<tr>\n<td width=\"34%\"><span style=\"font-size: 14pt;\">S\u1ed1 l\u01b0\u1ee3ng Led<\/span><\/td>\n<td width=\"30%\"><span style=\"font-size: 14pt;\">252<\/span><\/td>\n<td width=\"305%\"><span style=\"font-size: 14pt;\">252<\/span><\/td>\n<\/tr>\n<tr>\n<td width=\"34%\"><span style=\"font-size: 14pt;\">C\u00f4ng su\u1ea5t \u0111\u00e8n (W)<\/span><\/td>\n<td width=\"30%\"><span style=\"font-size: 14pt;\">580<\/span><\/td>\n<td width=\"305%\"><span style=\"font-size: 14pt;\">580<\/span><\/td>\n<\/tr>\n<tr>\n<td width=\"34%\"><span style=\"font-size: 14pt;\">\u0110i\u1ec7n \u00e1p ho\u1ea1t \u0111\u1ed9ng<\/span><\/td>\n<td width=\"30%\"><span style=\"font-size: 14pt;\">AC &#8211; 100-270V &#8211; 60 HZ<\/span><\/td>\n<td width=\"305%\"><span style=\"font-size: 14pt;\">AC &#8211; 100-270V &#8211; 60 HZ<\/span><\/td>\n<\/tr>\n<tr>\n<td width=\"34%\"><span style=\"font-size: 14pt;\">\u0110i\u1ec1u khi\u1ec3n<\/span><\/td>\n<td width=\"30%\"><span style=\"font-size: 14pt;\">ON OFF<\/span><\/td>\n<td width=\"305%\"><span style=\"font-size: 14pt;\">DMX 512<\/span><\/td>\n<\/tr>\n<tr>\n<td width=\"34%\"><span style=\"font-size: 14pt;\">Nhi\u1ec7t \u0111\u1ed9 m\u00e0u<\/span><\/td>\n<td width=\"30%\"><span style=\"font-size: 14pt;\">4000K<\/span><\/td>\n<td width=\"305%\"><span style=\"font-size: 14pt;\">RGBW<\/span><\/td>\n<\/tr>\n<tr>\n<td width=\"34%\"><span style=\"font-size: 14pt;\">H\u1ec7 s\u1ed1 c\u00f4ng su\u1ea5t<\/span><\/td>\n<td width=\"30%\"><span style=\"font-size: 14pt;\">&gt;0.9<\/span><\/td>\n<td width=\"305%\"><span style=\"font-size: 14pt;\">&gt;0.9<\/span><\/td>\n<\/tr>\n<tr>\n<td width=\"34%\"><span style=\"font-size: 14pt;\">Quang th\u00f4ng<\/span><\/td>\n<td width=\"30%\"><span style=\"font-size: 14pt;\">&gt; 43.000 lm<\/span><\/td>\n<td width=\"305%\"><span style=\"font-size: 14pt;\">&gt; 24.000 lm<\/span><\/td>\n<\/tr>\n<tr>\n<td width=\"34%\"><span style=\"font-size: 14pt;\">\u0110\u1ed9 ho\u00e0n m\u00e0u CRI<\/span><\/td>\n<td width=\"30%\"><span style=\"font-size: 14pt;\">&gt;80<\/span><\/td>\n<td width=\"305%\"><span style=\"font-size: 14pt;\">&gt;80<\/span><\/td>\n<\/tr>\n<tr>\n<td width=\"34%\"><span style=\"font-size: 14pt;\">G\u00f3c chi\u1ebfu<\/span><\/td>\n<td width=\"30%\"><span style=\"font-size: 14pt;\">9<sup>o\u00a0<\/sup>,15<sup>o\u00a0<\/sup>, 25<sup>o\u00a0<\/sup>,30<sup>o<\/sup><\/span><\/td>\n<td width=\"305%\"><span style=\"font-size: 14pt;\">\u00a09<sup>o\u00a0<\/sup>,15<sup>o\u00a0<\/sup>, 25<sup>o\u00a0<\/sup>,30<sup>o<\/sup><\/span><\/td>\n<\/tr>\n<tr>\n<td width=\"34%\"><span style=\"font-size: 14pt;\">Nhi\u1ec7t \u0111\u1ed9 ho\u1ea1t \u0111\u1ed9ng<\/span><\/td>\n<td width=\"30%\"><span style=\"font-size: 14pt;\">-35 t\u1edbi 50 \u0111\u1ed9 C<\/span><\/td>\n<td width=\"305%\"><span style=\"font-size: 14pt;\">-35 t\u1edbi 50 \u0111\u1ed9 C<\/span><\/td>\n<\/tr>\n<tr>\n<td width=\"34%\"><span style=\"font-size: 14pt;\">\u0110\u1ed9 \u1ea9m ho\u1ea1t \u0111\u1ed9ng<\/span><\/td>\n<td width=\"30%\"><span style=\"font-size: 14pt;\">10- 90%<\/span><\/td>\n<td width=\"305%\"><span style=\"font-size: 14pt;\">10- 90%<\/span><\/td>\n<\/tr>\n<tr>\n<td width=\"34%\"><span style=\"font-size: 14pt;\">Tu\u1ed5i th\u1ecd Chip Led<\/span><\/td>\n<td width=\"30%\"><span style=\"font-size: 14pt;\">&gt;70.000h<\/span><\/td>\n<td width=\"305%\"><span style=\"font-size: 14pt;\">&gt;70.000h<\/span><\/td>\n<\/tr>\n<tr>\n<td width=\"34%\"><span style=\"font-size: 14pt;\">C\u1ea5p b\u1ea3o v\u1ec7<\/span><\/td>\n<td width=\"30%\"><span style=\"font-size: 14pt;\">IP66<\/span><\/td>\n<td width=\"305%\"><span style=\"font-size: 14pt;\">IP66<\/span><\/td>\n<\/tr>\n<tr>\n<td width=\"34%\"><span style=\"font-size: 14pt;\">C\u00e2n n\u1eb7ng ( KG)<\/span><\/td>\n<td width=\"30%\"><span style=\"font-size: 14pt;\">32.4<\/span><\/td>\n<td width=\"305%\"><span style=\"font-size: 14pt;\">32.8<\/span><\/td>\n<\/tr>\n<\/tbody>\n<\/table>\n<p style=\"text-align: justify;\">\n","protected":false},"excerpt":{"rendered":"<p><span style=\"font-size: 14pt;\">\u0110\u00e8n pha VL F5 M5 l\u00e0 m\u1ed9t m\u1eabu \u0111\u00e8n pha m\u1ea1nh m\u1ebd c\u00f3 c\u00f4ng su\u1ea5t l\u00ean t\u1edbi 580W. \u0110\u00e8n c\u00f3 2 bi\u1ebfn th\u1ec3 m\u00e0u \u0111\u01a1n s\u1eafc 4000K v\u00e0 m\u00e0u \u0111a s\u1eafc RGBW n\u00ean s\u1ea3n ph\u1ea9m \u0111\u00e1p \u1ee9ng \u0111\u01b0\u1ee3c nhi\u1ec1u nhu c\u1ea7u s\u1eed d\u1ee5ng. S\u1ea3n ph\u1ea9m d\u1eed d\u1ee5ng ngu\u1ed3n \u0111i\u1ec7n th\u00f4ng d\u1ee5ng 220 VAC, c\u00f3 \u0111\u1ed9 k\u00edn IP66, quang th\u00f4ng \u0111\u00e8n l\u1edbn, g\u00f3c chi\u1ebfu \u0111a d\u1ea1ng.<\/span><\/p>\n","protected":false},"featured_media":3811,"template":"","meta":[],"product_brand":[],"product_cat":[73,59,357],"product_tag":[502],"class_list":{"0":"post-3809","1":"product","2":"type-product","3":"status-publish","4":"has-post-thumbnail","6":"product_cat-den-chieu-sang-facade","7":"product_cat-den-roi-pha","8":"product_cat-f5-series","9":"product_tag-vl-f5-m5","10":"pa_chuan-dieu-khien-dmx512","11":"pa_chuan-dieu-khien-on-off","12":"pa_cong-suat-580w","13":"pa_dien-ap-hoat-dong-ac-100-277v","14":"pa_do-kin-ip-66","15":"pa_goc-chieu-231","16":"pa_goc-chieu-232","17":"pa_goc-chieu-583","18":"pa_goc-chieu-596","19":"pa_nhiet-do-mau-4000k","20":"pa_nhiet-do-mau-rgbw","22":"first","23":"instock","24":"taxable","25":"shipping-taxable","26":"purchasable","27":"product-type-simple"},"yoast_head":"<!-- This site is optimized with the Yoast SEO Premium plugin v27.4 (Yoast SEO v27.4) - https:\/\/yoast.com\/product\/yoast-seo-premium-wordpress\/ -->\n<title>\u0110\u00e8n pha VL F5 M5 - Vilight Co.ltd<\/title>\n<meta name=\"description\" content=\"\u0110\u00e8n pha VL F5 M5 l\u00e0 m\u1ed9t m\u1eabu \u0111\u00e8n pha m\u1ea1nh m\u1ebd c\u00f3 c\u00f4ng su\u1ea5t l\u00ean t\u1edbi 580W. \u0110\u00e8n c\u00f3 2 bi\u1ebfn th\u1ec3 m\u00e0u \u0111\u01a1n s\u1eafc 4000K v\u00e0 m\u00e0u \u0111a s\u1eafc RGBW.\" \/>\n<meta name=\"robots\" content=\"index, follow, max-snippet:-1, max-image-preview:large, max-video-preview:-1\" \/>\n<link rel=\"canonical\" href=\"https:\/\/vilight.vn\/website\/san-pham\/den-chieu-sang-facade\/den-pha-vl-f5-m5\/\" \/>\n<meta property=\"og:locale\" content=\"vi_VN\" \/>\n<meta property=\"og:type\" content=\"article\" \/>\n<meta property=\"og:title\" content=\"\u0110\u00e8n pha VL F5 M5\" \/>\n<meta property=\"og:description\" content=\"\u0110\u00e8n pha VL F5 M5 l\u00e0 m\u1ed9t m\u1eabu \u0111\u00e8n pha m\u1ea1nh m\u1ebd c\u00f3 c\u00f4ng su\u1ea5t l\u00ean t\u1edbi 580W. \u0110\u00e8n c\u00f3 2 bi\u1ebfn th\u1ec3 m\u00e0u \u0111\u01a1n s\u1eafc 4000K v\u00e0 m\u00e0u \u0111a s\u1eafc RGBW n\u00ean s\u1ea3n ph\u1ea9m \u0111\u00e1p \u1ee9ng \u0111\u01b0\u1ee3c nhi\u1ec1u nhu c\u1ea7u s\u1eed d\u1ee5ng. S\u1ea3n ph\u1ea9m d\u1eed d\u1ee5ng ngu\u1ed3n \u0111i\u1ec7n th\u00f4ng d\u1ee5ng 220 VAC, c\u00f3 \u0111\u1ed9 k\u00edn IP66, quang th\u00f4ng \u0111\u00e8n l\u1edbn, g\u00f3c chi\u1ebfu \u0111a d\u1ea1ng.\" \/>\n<meta property=\"og:url\" content=\"https:\/\/vilight.vn\/website\/san-pham\/den-chieu-sang-facade\/den-pha-vl-f5-m5\/\" \/>\n<meta property=\"og:site_name\" content=\"Vilight Co.ltd\" \/>\n<meta property=\"article:publisher\" content=\"http:\/\/facebook.com\/vilight.vn\" \/>\n<meta property=\"article:modified_time\" content=\"2024-10-02T03:26:38+00:00\" \/>\n<meta property=\"og:image\" content=\"https:\/\/vilight.vn\/website\/wp-content\/uploads\/2023\/06\/Logo-VL-F5-M5.jpg\" \/>\n\t<meta property=\"og:image:width\" content=\"600\" \/>\n\t<meta property=\"og:image:height\" content=\"600\" \/>\n\t<meta property=\"og:image:type\" content=\"image\/jpeg\" \/>\n<meta name=\"twitter:card\" content=\"summary_large_image\" \/>\n<meta name=\"twitter:label1\" content=\"Gi\u00e1\" \/>\n\t<meta name=\"twitter:data1\" content=\"35.000.000&#8363;\" \/>\n\t<meta name=\"twitter:label2\" content=\"Kh\u1ea3 d\u1ee5ng\" \/>\n\t<meta name=\"twitter:data2\" content=\"Trong kho\" \/>\n<script type=\"application\/ld+json\" class=\"yoast-schema-graph\">{\"@context\":\"https:\\\/\\\/schema.org\",\"@graph\":[{\"@type\":\"WebPage\",\"@id\":\"https:\\\/\\\/vilight.vn\\\/website\\\/san-pham\\\/den-chieu-sang-facade\\\/den-pha-vl-f5-m5\\\/\",\"url\":\"https:\\\/\\\/vilight.vn\\\/website\\\/san-pham\\\/den-chieu-sang-facade\\\/den-pha-vl-f5-m5\\\/\",\"name\":\"\u0110\u00e8n pha VL F5 M5 - Vilight Co.ltd\",\"isPartOf\":{\"@id\":\"https:\\\/\\\/vilight.vn\\\/website\\\/#website\"},\"primaryImageOfPage\":{\"@id\":\"https:\\\/\\\/vilight.vn\\\/website\\\/san-pham\\\/den-chieu-sang-facade\\\/den-pha-vl-f5-m5\\\/#primaryimage\"},\"image\":{\"@id\":\"https:\\\/\\\/vilight.vn\\\/website\\\/san-pham\\\/den-chieu-sang-facade\\\/den-pha-vl-f5-m5\\\/#primaryimage\"},\"thumbnailUrl\":\"https:\\\/\\\/vilight.vn\\\/website\\\/wp-content\\\/uploads\\\/2023\\\/06\\\/Logo-VL-F5-M5.jpg\",\"datePublished\":\"2023-06-20T07:07:48+00:00\",\"dateModified\":\"2024-10-02T03:26:38+00:00\",\"description\":\"\u0110\u00e8n pha VL F5 M5 l\u00e0 m\u1ed9t m\u1eabu \u0111\u00e8n pha m\u1ea1nh m\u1ebd c\u00f3 c\u00f4ng su\u1ea5t l\u00ean t\u1edbi 580W. \u0110\u00e8n c\u00f3 2 bi\u1ebfn th\u1ec3 m\u00e0u \u0111\u01a1n s\u1eafc 4000K v\u00e0 m\u00e0u \u0111a s\u1eafc RGBW.\",\"breadcrumb\":{\"@id\":\"https:\\\/\\\/vilight.vn\\\/website\\\/san-pham\\\/den-chieu-sang-facade\\\/den-pha-vl-f5-m5\\\/#breadcrumb\"},\"inLanguage\":\"vi\",\"potentialAction\":[{\"@type\":\"ReadAction\",\"target\":[\"https:\\\/\\\/vilight.vn\\\/website\\\/san-pham\\\/den-chieu-sang-facade\\\/den-pha-vl-f5-m5\\\/\"]}]},{\"@type\":\"ImageObject\",\"inLanguage\":\"vi\",\"@id\":\"https:\\\/\\\/vilight.vn\\\/website\\\/san-pham\\\/den-chieu-sang-facade\\\/den-pha-vl-f5-m5\\\/#primaryimage\",\"url\":\"https:\\\/\\\/vilight.vn\\\/website\\\/wp-content\\\/uploads\\\/2023\\\/06\\\/Logo-VL-F5-M5.jpg\",\"contentUrl\":\"https:\\\/\\\/vilight.vn\\\/website\\\/wp-content\\\/uploads\\\/2023\\\/06\\\/Logo-VL-F5-M5.jpg\",\"width\":600,\"height\":600,\"caption\":\"VL F5 M5\"},{\"@type\":\"BreadcrumbList\",\"@id\":\"https:\\\/\\\/vilight.vn\\\/website\\\/san-pham\\\/den-chieu-sang-facade\\\/den-pha-vl-f5-m5\\\/#breadcrumb\",\"itemListElement\":[{\"@type\":\"ListItem\",\"position\":1,\"name\":\"Home\",\"item\":\"https:\\\/\\\/vilight.vn\\\/website\\\/\"},{\"@type\":\"ListItem\",\"position\":2,\"name\":\"store\",\"item\":\"https:\\\/\\\/vilight.vn\\\/website\\\/store\\\/\"},{\"@type\":\"ListItem\",\"position\":3,\"name\":\"\u0110\u00e8n pha VL F5 M5\"}]},{\"@type\":\"WebSite\",\"@id\":\"https:\\\/\\\/vilight.vn\\\/website\\\/#website\",\"url\":\"https:\\\/\\\/vilight.vn\\\/website\\\/\",\"name\":\"Vilight Co.ltd\",\"description\":\"Chi\u1ebfu s\u00e1ng m\u1ef9 thu\u1eadt, chi\u1ebfu s\u00e1ng th\u00f4ng minh, LED Pixel 3D, chi\u1ebfu s\u00e1ng trang tr\u00ed \u0111\u00f4 th\u1ecb, chi\u1ebfu s\u00e1ng v\u00f2ng xoay, chi\u1ebfu s\u00e1ng \u0111\u1ea3o giao th\u00f4ng, c\u1ed5ng ch\u00e0o \u0111\u00f4 th\u1ecb\",\"publisher\":{\"@id\":\"https:\\\/\\\/vilight.vn\\\/website\\\/#organization\"},\"potentialAction\":[{\"@type\":\"SearchAction\",\"target\":{\"@type\":\"EntryPoint\",\"urlTemplate\":\"https:\\\/\\\/vilight.vn\\\/website\\\/?s={search_term_string}\"},\"query-input\":{\"@type\":\"PropertyValueSpecification\",\"valueRequired\":true,\"valueName\":\"search_term_string\"}}],\"inLanguage\":\"vi\"},{\"@type\":\"Organization\",\"@id\":\"https:\\\/\\\/vilight.vn\\\/website\\\/#organization\",\"name\":\"Vilight\",\"url\":\"https:\\\/\\\/vilight.vn\\\/website\\\/\",\"logo\":{\"@type\":\"ImageObject\",\"inLanguage\":\"vi\",\"@id\":\"https:\\\/\\\/vilight.vn\\\/website\\\/#\\\/schema\\\/logo\\\/image\\\/\",\"url\":\"https:\\\/\\\/vilight.vn\\\/website\\\/wp-content\\\/uploads\\\/2022\\\/05\\\/chieu_sang_trang_tri_do_thi_bang_den_led_pixel.png\",\"contentUrl\":\"https:\\\/\\\/vilight.vn\\\/website\\\/wp-content\\\/uploads\\\/2022\\\/05\\\/chieu_sang_trang_tri_do_thi_bang_den_led_pixel.png\",\"width\":800,\"height\":427,\"caption\":\"Vilight\"},\"image\":{\"@id\":\"https:\\\/\\\/vilight.vn\\\/website\\\/#\\\/schema\\\/logo\\\/image\\\/\"},\"sameAs\":[\"http:\\\/\\\/facebook.com\\\/vilight.vn\",\"https:\\\/\\\/www.linkedin.com\\\/company\\\/vilight-vn\",\"https:\\\/\\\/www.youtube.com\\\/channel\\\/UCEwR2naeDcuarMX1kSv_rLQ\\\/videos\"]}]}<\/script>\n<meta property=\"product:brand\" content=\"\u0110\u00e8n chi\u1ebfu s\u00e1ng Facade\" \/>\n<meta property=\"product:price:amount\" content=\"35000000\" \/>\n<meta property=\"product:price:currency\" content=\"VND\" \/>\n<meta property=\"og:availability\" content=\"instock\" \/>\n<meta property=\"product:availability\" content=\"instock\" \/>\n<meta property=\"product:condition\" content=\"new\" \/>\n<!-- \/ Yoast SEO Premium plugin. -->","yoast_head_json":{"title":"\u0110\u00e8n pha VL F5 M5 - Vilight Co.ltd","description":"\u0110\u00e8n pha VL F5 M5 l\u00e0 m\u1ed9t m\u1eabu \u0111\u00e8n pha m\u1ea1nh m\u1ebd c\u00f3 c\u00f4ng su\u1ea5t l\u00ean t\u1edbi 580W. \u0110\u00e8n c\u00f3 2 bi\u1ebfn th\u1ec3 m\u00e0u \u0111\u01a1n s\u1eafc 4000K v\u00e0 m\u00e0u \u0111a s\u1eafc RGBW.","robots":{"index":"index","follow":"follow","max-snippet":"max-snippet:-1","max-image-preview":"max-image-preview:large","max-video-preview":"max-video-preview:-1"},"canonical":"https:\/\/vilight.vn\/website\/san-pham\/den-chieu-sang-facade\/den-pha-vl-f5-m5\/","og_locale":"vi_VN","og_type":"article","og_title":"\u0110\u00e8n pha VL F5 M5","og_description":"\u0110\u00e8n pha VL F5 M5 l\u00e0 m\u1ed9t m\u1eabu \u0111\u00e8n pha m\u1ea1nh m\u1ebd c\u00f3 c\u00f4ng su\u1ea5t l\u00ean t\u1edbi 580W. \u0110\u00e8n c\u00f3 2 bi\u1ebfn th\u1ec3 m\u00e0u \u0111\u01a1n s\u1eafc 4000K v\u00e0 m\u00e0u \u0111a s\u1eafc RGBW n\u00ean s\u1ea3n ph\u1ea9m \u0111\u00e1p \u1ee9ng \u0111\u01b0\u1ee3c nhi\u1ec1u nhu c\u1ea7u s\u1eed d\u1ee5ng. S\u1ea3n ph\u1ea9m d\u1eed d\u1ee5ng ngu\u1ed3n \u0111i\u1ec7n th\u00f4ng d\u1ee5ng 220 VAC, c\u00f3 \u0111\u1ed9 k\u00edn IP66, quang th\u00f4ng \u0111\u00e8n l\u1edbn, g\u00f3c chi\u1ebfu \u0111a d\u1ea1ng.","og_url":"https:\/\/vilight.vn\/website\/san-pham\/den-chieu-sang-facade\/den-pha-vl-f5-m5\/","og_site_name":"Vilight Co.ltd","article_publisher":"http:\/\/facebook.com\/vilight.vn","article_modified_time":"2024-10-02T03:26:38+00:00","og_image":[{"width":600,"height":600,"url":"https:\/\/vilight.vn\/website\/wp-content\/uploads\/2023\/06\/Logo-VL-F5-M5.jpg","type":"image\/jpeg"}],"twitter_card":"summary_large_image","twitter_misc":{"Gi\u00e1":"35.000.000&#8363;","Kh\u1ea3 d\u1ee5ng":"Trong kho"},"schema":{"@context":"https:\/\/schema.org","@graph":[{"@type":"WebPage","@id":"https:\/\/vilight.vn\/website\/san-pham\/den-chieu-sang-facade\/den-pha-vl-f5-m5\/","url":"https:\/\/vilight.vn\/website\/san-pham\/den-chieu-sang-facade\/den-pha-vl-f5-m5\/","name":"\u0110\u00e8n pha VL F5 M5 - Vilight Co.ltd","isPartOf":{"@id":"https:\/\/vilight.vn\/website\/#website"},"primaryImageOfPage":{"@id":"https:\/\/vilight.vn\/website\/san-pham\/den-chieu-sang-facade\/den-pha-vl-f5-m5\/#primaryimage"},"image":{"@id":"https:\/\/vilight.vn\/website\/san-pham\/den-chieu-sang-facade\/den-pha-vl-f5-m5\/#primaryimage"},"thumbnailUrl":"https:\/\/vilight.vn\/website\/wp-content\/uploads\/2023\/06\/Logo-VL-F5-M5.jpg","datePublished":"2023-06-20T07:07:48+00:00","dateModified":"2024-10-02T03:26:38+00:00","description":"\u0110\u00e8n pha VL F5 M5 l\u00e0 m\u1ed9t m\u1eabu \u0111\u00e8n pha m\u1ea1nh m\u1ebd c\u00f3 c\u00f4ng su\u1ea5t l\u00ean t\u1edbi 580W. \u0110\u00e8n c\u00f3 2 bi\u1ebfn th\u1ec3 m\u00e0u \u0111\u01a1n s\u1eafc 4000K v\u00e0 m\u00e0u \u0111a s\u1eafc RGBW.","breadcrumb":{"@id":"https:\/\/vilight.vn\/website\/san-pham\/den-chieu-sang-facade\/den-pha-vl-f5-m5\/#breadcrumb"},"inLanguage":"vi","potentialAction":[{"@type":"ReadAction","target":["https:\/\/vilight.vn\/website\/san-pham\/den-chieu-sang-facade\/den-pha-vl-f5-m5\/"]}]},{"@type":"ImageObject","inLanguage":"vi","@id":"https:\/\/vilight.vn\/website\/san-pham\/den-chieu-sang-facade\/den-pha-vl-f5-m5\/#primaryimage","url":"https:\/\/vilight.vn\/website\/wp-content\/uploads\/2023\/06\/Logo-VL-F5-M5.jpg","contentUrl":"https:\/\/vilight.vn\/website\/wp-content\/uploads\/2023\/06\/Logo-VL-F5-M5.jpg","width":600,"height":600,"caption":"VL F5 M5"},{"@type":"BreadcrumbList","@id":"https:\/\/vilight.vn\/website\/san-pham\/den-chieu-sang-facade\/den-pha-vl-f5-m5\/#breadcrumb","itemListElement":[{"@type":"ListItem","position":1,"name":"Home","item":"https:\/\/vilight.vn\/website\/"},{"@type":"ListItem","position":2,"name":"store","item":"https:\/\/vilight.vn\/website\/store\/"},{"@type":"ListItem","position":3,"name":"\u0110\u00e8n pha VL F5 M5"}]},{"@type":"WebSite","@id":"https:\/\/vilight.vn\/website\/#website","url":"https:\/\/vilight.vn\/website\/","name":"Vilight Co.ltd","description":"Chi\u1ebfu s\u00e1ng m\u1ef9 thu\u1eadt, chi\u1ebfu s\u00e1ng th\u00f4ng minh, LED Pixel 3D, chi\u1ebfu s\u00e1ng trang tr\u00ed \u0111\u00f4 th\u1ecb, chi\u1ebfu s\u00e1ng v\u00f2ng xoay, chi\u1ebfu s\u00e1ng \u0111\u1ea3o giao th\u00f4ng, c\u1ed5ng ch\u00e0o \u0111\u00f4 th\u1ecb","publisher":{"@id":"https:\/\/vilight.vn\/website\/#organization"},"potentialAction":[{"@type":"SearchAction","target":{"@type":"EntryPoint","urlTemplate":"https:\/\/vilight.vn\/website\/?s={search_term_string}"},"query-input":{"@type":"PropertyValueSpecification","valueRequired":true,"valueName":"search_term_string"}}],"inLanguage":"vi"},{"@type":"Organization","@id":"https:\/\/vilight.vn\/website\/#organization","name":"Vilight","url":"https:\/\/vilight.vn\/website\/","logo":{"@type":"ImageObject","inLanguage":"vi","@id":"https:\/\/vilight.vn\/website\/#\/schema\/logo\/image\/","url":"https:\/\/vilight.vn\/website\/wp-content\/uploads\/2022\/05\/chieu_sang_trang_tri_do_thi_bang_den_led_pixel.png","contentUrl":"https:\/\/vilight.vn\/website\/wp-content\/uploads\/2022\/05\/chieu_sang_trang_tri_do_thi_bang_den_led_pixel.png","width":800,"height":427,"caption":"Vilight"},"image":{"@id":"https:\/\/vilight.vn\/website\/#\/schema\/logo\/image\/"},"sameAs":["http:\/\/facebook.com\/vilight.vn","https:\/\/www.linkedin.com\/company\/vilight-vn","https:\/\/www.youtube.com\/channel\/UCEwR2naeDcuarMX1kSv_rLQ\/videos"]}]},"product_brand":"\u0110\u00e8n chi\u1ebfu s\u00e1ng Facade","product_price_amount":"35000000","product_price_currency":"VND","og_availability":"instock","product_availability":"instock","product_condition":"new"},"_links":{"self":[{"href":"https:\/\/vilight.vn\/website\/wp-json\/wp\/v2\/product\/3809","targetHints":{"allow":["GET"]}}],"collection":[{"href":"https:\/\/vilight.vn\/website\/wp-json\/wp\/v2\/product"}],"about":[{"href":"https:\/\/vilight.vn\/website\/wp-json\/wp\/v2\/types\/product"}],"wp:featuredmedia":[{"embeddable":true,"href":"https:\/\/vilight.vn\/website\/wp-json\/wp\/v2\/media\/3811"}],"wp:attachment":[{"href":"https:\/\/vilight.vn\/website\/wp-json\/wp\/v2\/media?parent=3809"}],"wp:term":[{"taxonomy":"product_brand","embeddable":true,"href":"https:\/\/vilight.vn\/website\/wp-json\/wp\/v2\/product_brand?post=3809"},{"taxonomy":"product_cat","embeddable":true,"href":"https:\/\/vilight.vn\/website\/wp-json\/wp\/v2\/product_cat?post=3809"},{"taxonomy":"product_tag","embeddable":true,"href":"https:\/\/vilight.vn\/website\/wp-json\/wp\/v2\/product_tag?post=3809"}],"curies":[{"name":"wp","href":"https:\/\/api.w.org\/{rel}","templated":true}]}}