{"id":4015,"date":"2023-07-10T09:56:18","date_gmt":"2023-07-10T02:56:18","guid":{"rendered":"https:\/\/vilight.vn\/website\/?post_type=product&#038;p=4015"},"modified":"2024-10-02T10:29:54","modified_gmt":"2024-10-02T03:29:54","slug":"den-pha-vl-f5-s5","status":"publish","type":"product","link":"https:\/\/vilight.vn\/website\/san-pham\/den-chieu-sang-facade\/den-pha-vl-f5-s5\/","title":{"rendered":"\u0110\u00e8n pha VL F5 S5"},"content":{"rendered":"<h2 style=\"text-align: justify;\"><span style=\"font-size: 18pt;\">\u0110\u00e8n pha VL F5 S5 &#8211; S\u1ef1 l\u1ef1a ch\u1ecdn ho\u00e0n h\u1ea3o cho chi\u1ebfu s\u00e1ng chuy\u00ean nghi\u1ec7p.<\/span><\/h2>\n<p><a href=\"https:\/\/vilight.vn\/website\/wp-content\/uploads\/2023\/07\/chi-tiet-vl-f5-s5.jpg\"><img decoding=\"async\" class=\"aligncenter wp-image-4017 size-full lazyload\" data-src=\"https:\/\/vilight.vn\/website\/wp-content\/uploads\/2023\/07\/chi-tiet-vl-f5-s5.jpg\" alt=\"\u0110\u00e8n pha VL F5 S5\" width=\"1200\" height=\"600\" data-srcset=\"https:\/\/vilight.vn\/website\/wp-content\/uploads\/2023\/07\/chi-tiet-vl-f5-s5.jpg 1200w, https:\/\/vilight.vn\/website\/wp-content\/uploads\/2023\/07\/chi-tiet-vl-f5-s5-800x400.jpg 800w, https:\/\/vilight.vn\/website\/wp-content\/uploads\/2023\/07\/chi-tiet-vl-f5-s5-300x150.jpg 300w, https:\/\/vilight.vn\/website\/wp-content\/uploads\/2023\/07\/chi-tiet-vl-f5-s5-1024x512.jpg 1024w, https:\/\/vilight.vn\/website\/wp-content\/uploads\/2023\/07\/chi-tiet-vl-f5-s5-768x384.jpg 768w, https:\/\/vilight.vn\/website\/wp-content\/uploads\/2023\/07\/chi-tiet-vl-f5-s5-150x75.jpg 150w, https:\/\/vilight.vn\/website\/wp-content\/uploads\/2023\/07\/chi-tiet-vl-f5-s5-480x240.jpg 480w\" data-sizes=\"(max-width:767px) 480px, (max-width:1200px) 100vw, 1200px\" src=\"data:image\/svg+xml;base64,PHN2ZyB3aWR0aD0iMSIgaGVpZ2h0PSIxIiB4bWxucz0iaHR0cDovL3d3dy53My5vcmcvMjAwMC9zdmciPjwvc3ZnPg==\" style=\"--smush-placeholder-width: 1200px; --smush-placeholder-aspect-ratio: 1200\/600;\" \/><\/a><\/p>\n<p style=\"text-align: justify;\"><span style=\"font-size: 14pt;\">B\u1ea1n \u0111ang t\u00ecm ki\u1ebfm m\u1ed9t gi\u1ea3i ph\u00e1p chi\u1ebfu s\u00e1ng chuy\u00ean nghi\u1ec7p v\u00e0 \u0111\u00e1ng tin c\u1eady cho c\u00e1c d\u1ef1 \u00e1n \u00e1nh s\u00e1ng c\u1ee7a m\u00ecnh? \u0110\u00e8n VL F5 S 180AC l\u00e0 m\u1ed9t s\u1ea3n ph\u1ea9m \u0111\u00e1ng ch\u00fa \u00fd m\u00e0 b\u1ea1n kh\u00f4ng n\u00ean b\u1ecf qua. V\u1edbi c\u00f4ng ngh\u1ec7 ti\u00ean ti\u1ebfn v\u00e0 t\u00ednh n\u0103ng v\u01b0\u1ee3t tr\u1ed9i, \u0111\u00e8n n\u00e0y s\u1ebd mang \u0111\u1ebfn cho b\u1ea1n nh\u1eefng tr\u1ea3i nghi\u1ec7m chi\u1ebfu s\u00e1ng tuy\u1ec7t v\u1eddi.<\/span><\/p>\n<p style=\"text-align: justify;\"><span style=\"font-size: 14pt;\">V\u1edbi thi\u1ebft k\u1ebf tinh t\u1ebf v\u00e0 hi\u1ec7n \u0111\u1ea1i, \u0111\u00e8n VL F5 S 180AC s\u1edf h\u1eefu 36 b\u00f3ng LED m\u1ea1nh m\u1ebd, cung c\u1ea5p c\u00f4ng su\u1ea5t l\u00ean \u0111\u1ebfn 180W. \u0110i\u1ec1u n\u00e0y \u0111\u1ea3m b\u1ea3o r\u1eb1ng b\u1ea1n s\u1ebd c\u00f3 \u00e1nh s\u00e1ng s\u00e1ng r\u00f5 v\u00e0 m\u1ea1nh m\u1ebd \u0111\u1ec3 t\u1ea1o ra kh\u00f4ng gian chi\u1ebfu s\u00e1ng tuy\u1ec7t v\u1eddi cho b\u1ea5t k\u1ef3 d\u1ef1 \u00e1n n\u00e0o.<\/span><\/p>\n<p style=\"text-align: justify;\"><span style=\"font-size: 14pt;\">\u0110i\u1ec1u khi\u1ec3n \u0111\u00e8n r\u1ea5t d\u1ec5 d\u00e0ng th\u00f4ng qua giao th\u1ee9c DMX 512, cho ph\u00e9p b\u1ea1n \u0111i\u1ec1u ch\u1ec9nh \u00e1nh s\u00e1ng m\u1ed9t c\u00e1ch linh ho\u1ea1t v\u00e0 t\u1ea1o ra c\u00e1c hi\u1ec7u \u1ee9ng \u0111\u1ed9ng \u0111a d\u1ea1ng. T\u1eeb c\u00e1c m\u00e0u s\u1eafc RGBW \u0111\u1ebfn c\u00e1c g\u00f3c chi\u1ebfu kh\u00e1c nhau, \u0111\u00e8n VL F5 S 180AC mang \u0111\u1ebfn s\u1ef1 linh ho\u1ea1t v\u00e0 s\u00e1ng t\u1ea1o \u0111\u1ec3 b\u1ea1n c\u00f3 th\u1ec3 t\u1ea1o ra nh\u1eefng hi\u1ec7u \u1ee9ng \u00e1nh s\u00e1ng \u0111\u1ed9c \u0111\u00e1o v\u00e0 \u1ea5n t\u01b0\u1ee3ng.<\/span><\/p>\n<p style=\"text-align: justify;\"><span style=\"font-size: 14pt;\">V\u1edbi nhi\u1ec7t \u0111\u1ed9 m\u00e0u RGBW v\u00e0 \u0111\u1ed9 ho\u00e0n m\u00e0u CRI tr\u00ean 80, \u0111\u00e8n n\u00e0y mang \u0111\u1ebfn cho b\u1ea1n nh\u1eefng gam m\u00e0u ch\u00e2n th\u1ef1c v\u00e0 s\u1eafc n\u00e9t. B\u1ea1n c\u00f3 th\u1ec3 t\u1ea1o ra kh\u00f4ng gian chi\u1ebfu s\u00e1ng ph\u00f9 h\u1ee3p v\u1edbi nhu c\u1ea7u c\u1ee5 th\u1ec3 c\u1ee7a m\u1ed7i d\u1ef1 \u00e1n, t\u1eeb \u00e1nh s\u00e1ng trung th\u1ef1c v\u00e0 t\u1ef1 nhi\u00ean \u0111\u1ebfn c\u00e1c hi\u1ec7u \u1ee9ng \u00e1nh s\u00e1ng \u0111\u1eb7c bi\u1ec7t v\u00e0 \u0111\u1ed9c \u0111\u00e1o.<\/span><\/p>\n<p style=\"text-align: justify;\"><span style=\"font-size: 14pt;\">Kh\u00f4ng ch\u1ec9 m\u1ea1nh m\u1ebd v\u00e0 \u0111a d\u1ea1ng v\u1ec1 \u00e1nh s\u00e1ng, \u0111\u00e8n VL F5 S 180AC c\u00f2n \u0111\u01b0\u1ee3c thi\u1ebft k\u1ebf \u0111\u1ec3 \u0111\u00e1p \u1ee9ng c\u00e1c y\u00eau c\u1ea7u kh\u1eaft khe v\u1ec1 m\u00f4i tr\u01b0\u1eddng ho\u1ea1t \u0111\u1ed9ng. V\u1edbi kh\u1ea3 n\u0103ng ch\u1ecbu nhi\u1ec7t t\u1eeb -35 \u0111\u1ed9 C \u0111\u1ebfn 50 \u0111\u1ed9 C v\u00e0 kh\u1ea3 n\u0103ng ch\u1ecbu \u1ea9m t\u1eeb 10% \u0111\u1ebfn 90%, \u0111\u00e8n n\u00e0y th\u00edch h\u1ee3p cho c\u00e1c \u1ee9ng d\u1ee5ng trong nh\u1eefng \u0111i\u1ec1u ki\u1ec7n kh\u1eafc nghi\u1ec7t.<\/span><\/p>\n<p style=\"text-align: justify;\"><span style=\"font-size: 14pt;\">S\u1ea3n ph\u1ea9m c\u0169ng \u0111\u01b0\u1ee3c trang b\u1ecb chip LED c\u00f3 tu\u1ed5i th\u1ecd l\u00ean \u0111\u1ebfn 70.000 gi\u1edd, \u0111\u1ea3m b\u1ea3o hi\u1ec7u su\u1ea5t ho\u1ea1t \u0111\u1ed9ng l\u00e2u d\u00e0i v\u00e0 ti\u1ebft ki\u1ec7m chi ph\u00ed b\u1ea3o tr\u00ec. \u0110\u00e8n c\u00f3 c\u1ea5p b\u1ea3o v\u1ec7 IP66, gi\u00fap n\u00f3 ch\u1ed1ng n\u01b0\u1edbc v\u00e0 b\u1ee5i m\u1ed9t c\u00e1ch t\u1ed1t, \u0111\u1ea3m b\u1ea3o tu\u1ed5i th\u1ecd v\u00e0 \u0111\u1ed9 b\u1ec1n cao trong m\u00f4i tr\u01b0\u1eddng kh\u1eafc nghi\u1ec7t.<\/span><\/p>\n<p style=\"text-align: justify;\"><span style=\"font-size: 14pt;\">V\u1edbi kh\u1ed1i l\u01b0\u1ee3ng nh\u1eb9 ch\u1ec9 9.5 kg, \u0111\u00e8n VL F5 S 180AC d\u1ec5 d\u00e0ng l\u1eafp \u0111\u1eb7t v\u00e0 di chuy\u1ec3n trong c\u00e1c d\u1ef1 \u00e1n chi\u1ebfu s\u00e1ng kh\u00e1c nhau.<\/span><\/p>\n<p style=\"text-align: justify;\"><span style=\"font-size: 14pt;\">T\u00f3m l\u1ea1i, \u0111\u00e8n VL F5 S 180AC l\u00e0 m\u1ed9t s\u1ef1 l\u1ef1a ch\u1ecdn tuy\u1ec7t v\u1eddi cho b\u1ea5t k\u1ef3 d\u1ef1 \u00e1n chi\u1ebfu s\u00e1ng chuy\u00ean nghi\u1ec7p n\u00e0o. V\u1edbi c\u00f4ng su\u1ea5t m\u1ea1nh m\u1ebd, kh\u1ea3 n\u0103ng \u0111i\u1ec1u khi\u1ec3n linh ho\u1ea1t, v\u00e0 kh\u1ea3 n\u0103ng ch\u1ecbu m\u00f4i tr\u01b0\u1eddng kh\u1eafc nghi\u1ec7t, n\u00f3 \u0111\u00e1ng gi\u00e1 \u0111\u1ec3 \u0111\u1ea7u t\u01b0 cho vi\u1ec7c t\u1ea1o ra nh\u1eefng kh\u00f4ng gian chi\u1ebfu s\u00e1ng \u0111\u1eb9p m\u1eaft v\u00e0 \u1ea5n t\u01b0\u1ee3ng.<\/span><\/p>\n<h3 style=\"text-align: justify;\"><span style=\"font-size: 14pt;\">Th\u00f4ng s\u1ed1 k\u1ef9 thu\u1eadt s\u1ea3n ph\u1ea9m VL F5 S5<\/span><\/h3>\n<table>\n<tbody>\n<tr style=\"height: 28px;\">\n<td style=\"width: 34%; height: 28px;\" width=\"34%\"><span style=\"font-size: 14pt;\">T\u00ean s\u1ea3n ph\u1ea9m<\/span><\/td>\n<td style=\"width: 30%; height: 28px;\" width=\"30%\"><span style=\"font-size: 14pt;\"><span style=\"vertical-align: inherit;\">VL F5 S 180AC<\/span><\/span><\/td>\n<\/tr>\n<tr style=\"height: 28px;\">\n<td style=\"width: 34%; height: 28px;\" width=\"34%\"><span style=\"font-size: 14pt;\">S\u1ed1 l\u01b0\u1ee3ng Led<\/span><\/td>\n<td style=\"width: 30%; height: 28px;\" width=\"30%\"><span style=\"font-size: 14pt;\"><span style=\"vertical-align: inherit;\">36<\/span><\/span><\/td>\n<\/tr>\n<tr style=\"height: 28px;\">\n<td style=\"width: 34%; height: 28px;\" width=\"34%\"><span style=\"font-size: 14pt;\">C\u00f4ng su\u1ea5t \u0111\u00e8n (W)<\/span><\/td>\n<td style=\"width: 30%; height: 28px;\" width=\"30%\"><span style=\"font-size: 14pt;\"><span style=\"vertical-align: inherit;\">180<\/span><\/span><\/td>\n<\/tr>\n<tr style=\"height: 28px;\">\n<td style=\"width: 34%; height: 28px;\" width=\"34%\"><span style=\"font-size: 14pt;\">\u0110i\u1ec7n \u00e1p ho\u1ea1t \u0111\u1ed9ng<\/span><\/td>\n<td style=\"width: 30%; height: 28px;\" width=\"30%\"><span style=\"font-size: 14pt;\"><span style=\"vertical-align: inherit;\">\u0110i\u1ec7n xoay chi\u1ec1u &#8211; 100-270V &#8211; 60Hz<\/span><\/span><\/td>\n<\/tr>\n<tr style=\"height: 28px;\">\n<td style=\"width: 34%; height: 28px;\" width=\"34%\"><span style=\"font-size: 14pt;\">\u0110i\u1ec1u khi\u1ec3n<\/span><\/td>\n<td style=\"width: 30%; height: 28px;\" width=\"30%\"><span style=\"font-size: 14pt;\">DMX 512<\/span><\/td>\n<\/tr>\n<tr style=\"height: 28px;\">\n<td style=\"width: 34%; height: 28px;\" width=\"34%\"><span style=\"font-size: 14pt;\">Nhi\u1ec7t \u0111\u1ed9 m\u00e0u<\/span><\/td>\n<td style=\"width: 30%; height: 28px;\" width=\"30%\"><span style=\"font-size: 14pt;\"><span style=\"vertical-align: inherit;\">RGBW<\/span><\/span><\/td>\n<\/tr>\n<tr style=\"height: 28px;\">\n<td style=\"width: 34%; height: 28px;\" width=\"34%\"><span style=\"font-size: 14pt;\">H\u1ec7 s\u1ed1 c\u00f4ng su\u1ea5t<\/span><\/td>\n<td style=\"width: 30%; height: 28px;\" width=\"30%\"><span style=\"font-size: 14pt;\"><span style=\"vertical-align: inherit;\">&gt;0,9<\/span><\/span><\/td>\n<\/tr>\n<tr style=\"height: 28px;\">\n<td style=\"width: 34%; height: 28px;\" width=\"34%\"><span style=\"font-size: 14pt;\">Quang th\u00f4ng<\/span><\/td>\n<td style=\"width: 30%; height: 28px;\" width=\"30%\"><span style=\"font-size: 14pt;\"><span style=\"vertical-align: inherit;\">&gt; 6500lm<\/span><\/span><\/td>\n<\/tr>\n<tr style=\"height: 28px;\">\n<td style=\"width: 34%; height: 28px;\" width=\"34%\"><span style=\"font-size: 14pt;\">\u0110\u1ed9 ho\u00e0n m\u00e0u CRI<\/span><\/td>\n<td style=\"width: 30%; height: 28px;\" width=\"30%\"><span style=\"font-size: 14pt;\"><span style=\"vertical-align: inherit;\">&gt;80<\/span><\/span><\/td>\n<\/tr>\n<tr style=\"height: 32px;\">\n<td style=\"width: 34%; height: 32px;\" width=\"34%\"><span style=\"font-size: 14pt;\">G\u00f3c chi\u1ebfu<\/span><\/td>\n<td style=\"width: 30%; height: 32px;\" width=\"30%\"><span style=\"font-size: 14pt;\">17&#215;30<sup>o<\/sup><\/span><\/td>\n<\/tr>\n<tr style=\"height: 28px;\">\n<td style=\"width: 34%; height: 28px;\" width=\"34%\"><span style=\"font-size: 14pt;\">Nhi\u1ec7t \u0111\u1ed9 ho\u1ea1t \u0111\u1ed9ng<\/span><\/td>\n<td style=\"width: 30%; height: 28px;\" width=\"30%\"><span style=\"font-size: 14pt;\">-35 t\u1edbi 50 \u0111\u1ed9 C<\/span><\/td>\n<\/tr>\n<tr style=\"height: 28px;\">\n<td style=\"width: 34%; height: 28px;\" width=\"34%\"><span style=\"font-size: 14pt;\">\u0110\u1ed9 \u1ea9m ho\u1ea1t \u0111\u1ed9ng<\/span><\/td>\n<td style=\"width: 30%; height: 28px;\" width=\"30%\"><span style=\"font-size: 14pt;\"><span style=\"vertical-align: inherit;\">10- 90%<\/span><\/span><\/td>\n<\/tr>\n<tr style=\"height: 28px;\">\n<td style=\"width: 34%; height: 28px;\" width=\"34%\"><span style=\"font-size: 14pt;\">Tu\u1ed5i th\u1ecd Chip Led<\/span><\/td>\n<td style=\"width: 30%; height: 28px;\" width=\"30%\"><span style=\"font-size: 14pt;\"><span style=\"vertical-align: inherit;\">&gt;70.000h<\/span><\/span><\/td>\n<\/tr>\n<tr style=\"height: 28px;\">\n<td style=\"width: 34%; height: 28px;\" width=\"34%\"><span style=\"font-size: 14pt;\">C\u1ea5p b\u1ea3o v\u1ec7<\/span><\/td>\n<td style=\"width: 30%; height: 28px;\" width=\"30%\"><span style=\"font-size: 14pt;\"><span style=\"vertical-align: inherit;\">IP66<\/span><\/span><\/td>\n<\/tr>\n<tr>\n<td style=\"width: 34%;\"><span style=\"font-size: 14pt;\">Kh\u1ed1i l\u01b0\u1ee3ng\u00a0<\/span><\/td>\n<td style=\"width: 30%;\"><span style=\"font-size: 14pt;\"><span style=\"vertical-align: inherit;\">9.5 Kg<\/span><\/span><\/td>\n<\/tr>\n<\/tbody>\n<\/table>\n","protected":false},"excerpt":{"rendered":"<p style=\"text-align: justify;\"><span style=\"font-size: 14pt;\">Kh\u00e1m ph\u00e1 \u0111\u00e8n chi\u1ebfu s\u00e1ng \u0110\u00e8n pha VL F5 S5 &#8211; C\u00f4ng su\u1ea5t 180W, 36 b\u00f3ng LED, \u0111i\u1ec1u khi\u1ec3n DMX512. Nhi\u1ec7t \u0111\u1ed9 m\u00e0u RGBW, g\u00f3c chi\u1ebfu \u0111a d\u1ea1ng. Tu\u1ed5i th\u1ecd chip LED 70.000 gi\u1edd. S\u1ef1 l\u1ef1a ch\u1ecdn ho\u00e0n h\u1ea3o cho d\u1ef1 \u00e1n chi\u1ebfu s\u00e1ng chuy\u00ean nghi\u1ec7p.<\/span><\/p>\n","protected":false},"featured_media":4016,"template":"","meta":[],"product_brand":[],"product_cat":[73,59,357],"product_tag":[508],"class_list":{"0":"post-4015","1":"product","2":"type-product","3":"status-publish","4":"has-post-thumbnail","6":"product_cat-den-chieu-sang-facade","7":"product_cat-den-roi-pha","8":"product_cat-f5-series","9":"product_tag-den-pha-vl-f5-s5","10":"pa_chuan-dieu-khien-dmx512","11":"pa_cong-suat-180w","12":"pa_dien-ap-hoat-dong-ac-100-277v","13":"pa_do-kin-ip-66","14":"pa_goc-chieu-17x30","15":"pa_nhiet-do-mau-rgbw","17":"first","18":"instock","19":"taxable","20":"shipping-taxable","21":"product-type-simple"},"yoast_head":"<!-- This site is optimized with the Yoast SEO Premium plugin v27.5 (Yoast SEO v27.5) - https:\/\/yoast.com\/product\/yoast-seo-premium-wordpress\/ -->\n<title>\u0110\u00e8n pha VL F5 S5 - Vilight Co.ltd<\/title>\n<meta name=\"description\" content=\"\u0110\u00e8n pha VL F5 S5 - C\u00f4ng su\u1ea5t 180W, 36 b\u00f3ng LED, \u0111i\u1ec1u khi\u1ec3n DMX512. Nhi\u1ec7t \u0111\u1ed9 m\u00e0u RGBW, g\u00f3c chi\u1ebfu \u0111a d\u1ea1ng. Tu\u1ed5i th\u1ecd chip LED 70.000 gi\u1edd.\" \/>\n<meta name=\"robots\" content=\"index, follow, max-snippet:-1, max-image-preview:large, max-video-preview:-1\" \/>\n<link rel=\"canonical\" href=\"https:\/\/vilight.vn\/website\/san-pham\/den-chieu-sang-facade\/den-pha-vl-f5-s5\/\" \/>\n<meta property=\"og:locale\" content=\"vi_VN\" \/>\n<meta property=\"og:type\" content=\"article\" \/>\n<meta property=\"og:title\" content=\"\u0110\u00e8n pha VL F5 S5\" \/>\n<meta property=\"og:description\" content=\"Kh\u00e1m ph\u00e1 \u0111\u00e8n chi\u1ebfu s\u00e1ng \u0110\u00e8n pha VL F5 S5 - C\u00f4ng su\u1ea5t 180W, 36 b\u00f3ng LED, \u0111i\u1ec1u khi\u1ec3n DMX512. Nhi\u1ec7t \u0111\u1ed9 m\u00e0u RGBW, g\u00f3c chi\u1ebfu \u0111a d\u1ea1ng. Tu\u1ed5i th\u1ecd chip LED 70.000 gi\u1edd. S\u1ef1 l\u1ef1a ch\u1ecdn ho\u00e0n h\u1ea3o cho d\u1ef1 \u00e1n chi\u1ebfu s\u00e1ng chuy\u00ean nghi\u1ec7p.\" \/>\n<meta property=\"og:url\" content=\"https:\/\/vilight.vn\/website\/san-pham\/den-chieu-sang-facade\/den-pha-vl-f5-s5\/\" \/>\n<meta property=\"og:site_name\" content=\"Vilight Co.ltd\" \/>\n<meta property=\"article:publisher\" content=\"http:\/\/facebook.com\/vilight.vn\" \/>\n<meta property=\"article:modified_time\" content=\"2024-10-02T03:29:54+00:00\" \/>\n<meta property=\"og:image\" content=\"https:\/\/vilight.vn\/website\/wp-content\/uploads\/2023\/07\/Logo-vl-f5-s5.jpg\" \/>\n\t<meta property=\"og:image:width\" content=\"600\" \/>\n\t<meta property=\"og:image:height\" content=\"600\" \/>\n\t<meta property=\"og:image:type\" content=\"image\/jpeg\" \/>\n<meta name=\"twitter:card\" content=\"summary_large_image\" \/>\n<meta name=\"twitter:label1\" content=\"Gi\u00e1\" \/>\n\t<meta name=\"twitter:data1\" content=\"\" \/>\n\t<meta name=\"twitter:label2\" content=\"Kh\u1ea3 d\u1ee5ng\" \/>\n\t<meta name=\"twitter:data2\" content=\"Trong kho\" \/>\n<script type=\"application\/ld+json\" class=\"yoast-schema-graph\">{\"@context\":\"https:\\\/\\\/schema.org\",\"@graph\":[{\"@type\":\"WebPage\",\"@id\":\"https:\\\/\\\/vilight.vn\\\/website\\\/san-pham\\\/den-chieu-sang-facade\\\/den-pha-vl-f5-s5\\\/\",\"url\":\"https:\\\/\\\/vilight.vn\\\/website\\\/san-pham\\\/den-chieu-sang-facade\\\/den-pha-vl-f5-s5\\\/\",\"name\":\"\u0110\u00e8n pha VL F5 S5 - Vilight Co.ltd\",\"isPartOf\":{\"@id\":\"https:\\\/\\\/vilight.vn\\\/website\\\/#website\"},\"primaryImageOfPage\":{\"@id\":\"https:\\\/\\\/vilight.vn\\\/website\\\/san-pham\\\/den-chieu-sang-facade\\\/den-pha-vl-f5-s5\\\/#primaryimage\"},\"image\":{\"@id\":\"https:\\\/\\\/vilight.vn\\\/website\\\/san-pham\\\/den-chieu-sang-facade\\\/den-pha-vl-f5-s5\\\/#primaryimage\"},\"thumbnailUrl\":\"https:\\\/\\\/vilight.vn\\\/website\\\/wp-content\\\/uploads\\\/2023\\\/07\\\/Logo-vl-f5-s5.jpg\",\"datePublished\":\"2023-07-10T02:56:18+00:00\",\"dateModified\":\"2024-10-02T03:29:54+00:00\",\"description\":\"\u0110\u00e8n pha VL F5 S5 - C\u00f4ng su\u1ea5t 180W, 36 b\u00f3ng LED, \u0111i\u1ec1u khi\u1ec3n DMX512. Nhi\u1ec7t \u0111\u1ed9 m\u00e0u RGBW, g\u00f3c chi\u1ebfu \u0111a d\u1ea1ng. Tu\u1ed5i th\u1ecd chip LED 70.000 gi\u1edd.\",\"breadcrumb\":{\"@id\":\"https:\\\/\\\/vilight.vn\\\/website\\\/san-pham\\\/den-chieu-sang-facade\\\/den-pha-vl-f5-s5\\\/#breadcrumb\"},\"inLanguage\":\"vi\",\"potentialAction\":[{\"@type\":\"ReadAction\",\"target\":[\"https:\\\/\\\/vilight.vn\\\/website\\\/san-pham\\\/den-chieu-sang-facade\\\/den-pha-vl-f5-s5\\\/\"]}]},{\"@type\":\"ImageObject\",\"inLanguage\":\"vi\",\"@id\":\"https:\\\/\\\/vilight.vn\\\/website\\\/san-pham\\\/den-chieu-sang-facade\\\/den-pha-vl-f5-s5\\\/#primaryimage\",\"url\":\"https:\\\/\\\/vilight.vn\\\/website\\\/wp-content\\\/uploads\\\/2023\\\/07\\\/Logo-vl-f5-s5.jpg\",\"contentUrl\":\"https:\\\/\\\/vilight.vn\\\/website\\\/wp-content\\\/uploads\\\/2023\\\/07\\\/Logo-vl-f5-s5.jpg\",\"width\":600,\"height\":600,\"caption\":\"\u0110\u00e8n pha VL F5 S5\"},{\"@type\":\"BreadcrumbList\",\"@id\":\"https:\\\/\\\/vilight.vn\\\/website\\\/san-pham\\\/den-chieu-sang-facade\\\/den-pha-vl-f5-s5\\\/#breadcrumb\",\"itemListElement\":[{\"@type\":\"ListItem\",\"position\":1,\"name\":\"Home\",\"item\":\"https:\\\/\\\/vilight.vn\\\/website\\\/\"},{\"@type\":\"ListItem\",\"position\":2,\"name\":\"store\",\"item\":\"https:\\\/\\\/vilight.vn\\\/website\\\/store\\\/\"},{\"@type\":\"ListItem\",\"position\":3,\"name\":\"\u0110\u00e8n pha VL F5 S5\"}]},{\"@type\":\"WebSite\",\"@id\":\"https:\\\/\\\/vilight.vn\\\/website\\\/#website\",\"url\":\"https:\\\/\\\/vilight.vn\\\/website\\\/\",\"name\":\"Vilight Co.ltd\",\"description\":\"Chi\u1ebfu s\u00e1ng m\u1ef9 thu\u1eadt, chi\u1ebfu s\u00e1ng th\u00f4ng minh, LED Pixel 3D, chi\u1ebfu s\u00e1ng trang tr\u00ed \u0111\u00f4 th\u1ecb, chi\u1ebfu s\u00e1ng v\u00f2ng xoay, chi\u1ebfu s\u00e1ng \u0111\u1ea3o giao th\u00f4ng, c\u1ed5ng ch\u00e0o \u0111\u00f4 th\u1ecb\",\"publisher\":{\"@id\":\"https:\\\/\\\/vilight.vn\\\/website\\\/#organization\"},\"potentialAction\":[{\"@type\":\"SearchAction\",\"target\":{\"@type\":\"EntryPoint\",\"urlTemplate\":\"https:\\\/\\\/vilight.vn\\\/website\\\/?s={search_term_string}\"},\"query-input\":{\"@type\":\"PropertyValueSpecification\",\"valueRequired\":true,\"valueName\":\"search_term_string\"}}],\"inLanguage\":\"vi\"},{\"@type\":\"Organization\",\"@id\":\"https:\\\/\\\/vilight.vn\\\/website\\\/#organization\",\"name\":\"Vilight\",\"url\":\"https:\\\/\\\/vilight.vn\\\/website\\\/\",\"logo\":{\"@type\":\"ImageObject\",\"inLanguage\":\"vi\",\"@id\":\"https:\\\/\\\/vilight.vn\\\/website\\\/#\\\/schema\\\/logo\\\/image\\\/\",\"url\":\"https:\\\/\\\/vilight.vn\\\/website\\\/wp-content\\\/uploads\\\/2022\\\/05\\\/chieu_sang_trang_tri_do_thi_bang_den_led_pixel.png\",\"contentUrl\":\"https:\\\/\\\/vilight.vn\\\/website\\\/wp-content\\\/uploads\\\/2022\\\/05\\\/chieu_sang_trang_tri_do_thi_bang_den_led_pixel.png\",\"width\":800,\"height\":427,\"caption\":\"Vilight\"},\"image\":{\"@id\":\"https:\\\/\\\/vilight.vn\\\/website\\\/#\\\/schema\\\/logo\\\/image\\\/\"},\"sameAs\":[\"http:\\\/\\\/facebook.com\\\/vilight.vn\",\"https:\\\/\\\/www.linkedin.com\\\/company\\\/vilight-vn\",\"https:\\\/\\\/www.youtube.com\\\/channel\\\/UCEwR2naeDcuarMX1kSv_rLQ\\\/videos\"]}]}<\/script>\n<meta property=\"product:brand\" content=\"\u0110\u00e8n chi\u1ebfu s\u00e1ng Facade\" \/>\n<meta property=\"product:price:currency\" content=\"VND\" \/>\n<meta property=\"og:availability\" content=\"instock\" \/>\n<meta property=\"product:availability\" content=\"instock\" \/>\n<meta property=\"product:condition\" content=\"new\" \/>\n<!-- \/ Yoast SEO Premium plugin. -->","yoast_head_json":{"title":"\u0110\u00e8n pha VL F5 S5 - Vilight Co.ltd","description":"\u0110\u00e8n pha VL F5 S5 - C\u00f4ng su\u1ea5t 180W, 36 b\u00f3ng LED, \u0111i\u1ec1u khi\u1ec3n DMX512. Nhi\u1ec7t \u0111\u1ed9 m\u00e0u RGBW, g\u00f3c chi\u1ebfu \u0111a d\u1ea1ng. Tu\u1ed5i th\u1ecd chip LED 70.000 gi\u1edd.","robots":{"index":"index","follow":"follow","max-snippet":"max-snippet:-1","max-image-preview":"max-image-preview:large","max-video-preview":"max-video-preview:-1"},"canonical":"https:\/\/vilight.vn\/website\/san-pham\/den-chieu-sang-facade\/den-pha-vl-f5-s5\/","og_locale":"vi_VN","og_type":"article","og_title":"\u0110\u00e8n pha VL F5 S5","og_description":"Kh\u00e1m ph\u00e1 \u0111\u00e8n chi\u1ebfu s\u00e1ng \u0110\u00e8n pha VL F5 S5 - C\u00f4ng su\u1ea5t 180W, 36 b\u00f3ng LED, \u0111i\u1ec1u khi\u1ec3n DMX512. Nhi\u1ec7t \u0111\u1ed9 m\u00e0u RGBW, g\u00f3c chi\u1ebfu \u0111a d\u1ea1ng. Tu\u1ed5i th\u1ecd chip LED 70.000 gi\u1edd. S\u1ef1 l\u1ef1a ch\u1ecdn ho\u00e0n h\u1ea3o cho d\u1ef1 \u00e1n chi\u1ebfu s\u00e1ng chuy\u00ean nghi\u1ec7p.","og_url":"https:\/\/vilight.vn\/website\/san-pham\/den-chieu-sang-facade\/den-pha-vl-f5-s5\/","og_site_name":"Vilight Co.ltd","article_publisher":"http:\/\/facebook.com\/vilight.vn","article_modified_time":"2024-10-02T03:29:54+00:00","og_image":[{"width":600,"height":600,"url":"https:\/\/vilight.vn\/website\/wp-content\/uploads\/2023\/07\/Logo-vl-f5-s5.jpg","type":"image\/jpeg"}],"twitter_card":"summary_large_image","twitter_misc":{"Gi\u00e1":"","Kh\u1ea3 d\u1ee5ng":"Trong kho"},"schema":{"@context":"https:\/\/schema.org","@graph":[{"@type":"WebPage","@id":"https:\/\/vilight.vn\/website\/san-pham\/den-chieu-sang-facade\/den-pha-vl-f5-s5\/","url":"https:\/\/vilight.vn\/website\/san-pham\/den-chieu-sang-facade\/den-pha-vl-f5-s5\/","name":"\u0110\u00e8n pha VL F5 S5 - Vilight Co.ltd","isPartOf":{"@id":"https:\/\/vilight.vn\/website\/#website"},"primaryImageOfPage":{"@id":"https:\/\/vilight.vn\/website\/san-pham\/den-chieu-sang-facade\/den-pha-vl-f5-s5\/#primaryimage"},"image":{"@id":"https:\/\/vilight.vn\/website\/san-pham\/den-chieu-sang-facade\/den-pha-vl-f5-s5\/#primaryimage"},"thumbnailUrl":"https:\/\/vilight.vn\/website\/wp-content\/uploads\/2023\/07\/Logo-vl-f5-s5.jpg","datePublished":"2023-07-10T02:56:18+00:00","dateModified":"2024-10-02T03:29:54+00:00","description":"\u0110\u00e8n pha VL F5 S5 - C\u00f4ng su\u1ea5t 180W, 36 b\u00f3ng LED, \u0111i\u1ec1u khi\u1ec3n DMX512. Nhi\u1ec7t \u0111\u1ed9 m\u00e0u RGBW, g\u00f3c chi\u1ebfu \u0111a d\u1ea1ng. Tu\u1ed5i th\u1ecd chip LED 70.000 gi\u1edd.","breadcrumb":{"@id":"https:\/\/vilight.vn\/website\/san-pham\/den-chieu-sang-facade\/den-pha-vl-f5-s5\/#breadcrumb"},"inLanguage":"vi","potentialAction":[{"@type":"ReadAction","target":["https:\/\/vilight.vn\/website\/san-pham\/den-chieu-sang-facade\/den-pha-vl-f5-s5\/"]}]},{"@type":"ImageObject","inLanguage":"vi","@id":"https:\/\/vilight.vn\/website\/san-pham\/den-chieu-sang-facade\/den-pha-vl-f5-s5\/#primaryimage","url":"https:\/\/vilight.vn\/website\/wp-content\/uploads\/2023\/07\/Logo-vl-f5-s5.jpg","contentUrl":"https:\/\/vilight.vn\/website\/wp-content\/uploads\/2023\/07\/Logo-vl-f5-s5.jpg","width":600,"height":600,"caption":"\u0110\u00e8n pha VL F5 S5"},{"@type":"BreadcrumbList","@id":"https:\/\/vilight.vn\/website\/san-pham\/den-chieu-sang-facade\/den-pha-vl-f5-s5\/#breadcrumb","itemListElement":[{"@type":"ListItem","position":1,"name":"Home","item":"https:\/\/vilight.vn\/website\/"},{"@type":"ListItem","position":2,"name":"store","item":"https:\/\/vilight.vn\/website\/store\/"},{"@type":"ListItem","position":3,"name":"\u0110\u00e8n pha VL F5 S5"}]},{"@type":"WebSite","@id":"https:\/\/vilight.vn\/website\/#website","url":"https:\/\/vilight.vn\/website\/","name":"Vilight Co.ltd","description":"Chi\u1ebfu s\u00e1ng m\u1ef9 thu\u1eadt, chi\u1ebfu s\u00e1ng th\u00f4ng minh, LED Pixel 3D, chi\u1ebfu s\u00e1ng trang tr\u00ed \u0111\u00f4 th\u1ecb, chi\u1ebfu s\u00e1ng v\u00f2ng xoay, chi\u1ebfu s\u00e1ng \u0111\u1ea3o giao th\u00f4ng, c\u1ed5ng ch\u00e0o \u0111\u00f4 th\u1ecb","publisher":{"@id":"https:\/\/vilight.vn\/website\/#organization"},"potentialAction":[{"@type":"SearchAction","target":{"@type":"EntryPoint","urlTemplate":"https:\/\/vilight.vn\/website\/?s={search_term_string}"},"query-input":{"@type":"PropertyValueSpecification","valueRequired":true,"valueName":"search_term_string"}}],"inLanguage":"vi"},{"@type":"Organization","@id":"https:\/\/vilight.vn\/website\/#organization","name":"Vilight","url":"https:\/\/vilight.vn\/website\/","logo":{"@type":"ImageObject","inLanguage":"vi","@id":"https:\/\/vilight.vn\/website\/#\/schema\/logo\/image\/","url":"https:\/\/vilight.vn\/website\/wp-content\/uploads\/2022\/05\/chieu_sang_trang_tri_do_thi_bang_den_led_pixel.png","contentUrl":"https:\/\/vilight.vn\/website\/wp-content\/uploads\/2022\/05\/chieu_sang_trang_tri_do_thi_bang_den_led_pixel.png","width":800,"height":427,"caption":"Vilight"},"image":{"@id":"https:\/\/vilight.vn\/website\/#\/schema\/logo\/image\/"},"sameAs":["http:\/\/facebook.com\/vilight.vn","https:\/\/www.linkedin.com\/company\/vilight-vn","https:\/\/www.youtube.com\/channel\/UCEwR2naeDcuarMX1kSv_rLQ\/videos"]}]},"product_brand":"\u0110\u00e8n chi\u1ebfu s\u00e1ng Facade","product_price_currency":"VND","og_availability":"instock","product_availability":"instock","product_condition":"new"},"_links":{"self":[{"href":"https:\/\/vilight.vn\/website\/wp-json\/wp\/v2\/product\/4015","targetHints":{"allow":["GET"]}}],"collection":[{"href":"https:\/\/vilight.vn\/website\/wp-json\/wp\/v2\/product"}],"about":[{"href":"https:\/\/vilight.vn\/website\/wp-json\/wp\/v2\/types\/product"}],"wp:featuredmedia":[{"embeddable":true,"href":"https:\/\/vilight.vn\/website\/wp-json\/wp\/v2\/media\/4016"}],"wp:attachment":[{"href":"https:\/\/vilight.vn\/website\/wp-json\/wp\/v2\/media?parent=4015"}],"wp:term":[{"taxonomy":"product_brand","embeddable":true,"href":"https:\/\/vilight.vn\/website\/wp-json\/wp\/v2\/product_brand?post=4015"},{"taxonomy":"product_cat","embeddable":true,"href":"https:\/\/vilight.vn\/website\/wp-json\/wp\/v2\/product_cat?post=4015"},{"taxonomy":"product_tag","embeddable":true,"href":"https:\/\/vilight.vn\/website\/wp-json\/wp\/v2\/product_tag?post=4015"}],"curies":[{"name":"wp","href":"https:\/\/api.w.org\/{rel}","templated":true}]}}