{"id":4038,"date":"2023-07-10T16:14:24","date_gmt":"2023-07-10T09:14:24","guid":{"rendered":"https:\/\/vilight.vn\/website\/?post_type=product&#038;p=4038"},"modified":"2024-10-04T10:09:56","modified_gmt":"2024-10-04T03:09:56","slug":"den-am-dat-vi13-9w","status":"publish","type":"product","link":"https:\/\/vilight.vn\/website\/san-pham\/den-chieu-sang-facade\/am-dat-cao-cap\/den-am-dat-vi13-9w\/","title":{"rendered":"\u0110\u00e8n \u00e2m \u0111\u1ea5t Vi13 &#8211; 9W"},"content":{"rendered":"<h2>\u0110\u00e8n \u00e2m \u0111\u1ea5t 9W cao c\u1ea5p.<\/h2>\n<ul>\n<li>\u0110\u00e8n \u00c2m \u0111\u1ea5t 6&#215;1.2W l\u00e0 lo\u1ea1i \u0111\u00e8n \u00e2m \u0111\u1ea5t n\u1eb1m \u1edf ph\u00e2n kh\u00fac s\u1ea3n ph\u1ea9m cao c\u1ea5p.<\/li>\n<li>v\u1ecf b\u1eb1ng nh\u00f4m \u0111\u00fac \u00e1p su\u1ea5t cao s\u01a1n t\u0129nh \u0111i\u1ec7n, m\u1eb7t \u0111\u00e8n b\u1eb1ng k\u00ednh c\u01b0\u1eddng l\u1ef1c .<\/li>\n<li>SUS316L v\u00e0 k\u00ednh c\u01b0\u1eddng l\u1ef1c d\u00e0y 8mm.<\/li>\n<li>M\u1eb7t \u0111\u00e8n c\u00f3 t\u00edch h\u1ee3p l\u01b0\u1edbi ch\u1ed1ng ch\u00f3i \u0111\u1ec3 ch\u1ed1ng \u00e1nh s\u00e1ng ch\u00f3i ng\u01b0\u1ee3c v\u00e0o m\u1eaft ng\u01b0\u1eddi xem.<\/li>\n<li>\u0110\u00e8n \u0111\u01b0\u1ee3c thi\u1ebft k\u1ebf ch\u1eafc ch\u1eafn.<\/li>\n<li>ch\u1ecbu \u0111\u01b0\u1ee3c t\u1ea3i tr\u1ecdng \u0111\u00e8 l\u00ean m\u1eb7t \u0111\u00e8n.<\/li>\n<li>kh\u1ed1i l\u01b0\u1ee3ng t\u1ea3i tr\u1ecdng l\u00ean t\u1edbi 2.500kg.<\/li>\n<li>G\u00f3c nghi\u00eang c\u1ee7a m\u1eb7t \u0111\u00e8n c\u00f3 th\u1ec3 \u0111i\u1ec1u ch\u1ec9nh \u0111\u01b0\u1ee3c trong ph\u1ea1m vi 50 \u0111\u1ed9 (\u00b1 250).<\/li>\n<li>do \u0111\u00f3 c\u00f3 th\u1ec3 \u0111i\u1ec1u ch\u1ec9nh \u0111\u1ec3 h\u01b0\u1edbng lu\u1ed3ng \u00e1nh s\u00e1ng v\u00e0o \u0111\u1ed1i t\u01b0\u1ee3ng c\u1ea7n chi\u1ebfu s\u00e1ng.<\/li>\n<li>\u0110\u00e8n c\u00f3 kh\u1ea3 n\u0103ng gi\u00e1m s\u00e1t, \u0111i\u1ec1u khi\u1ec3n b\u1eadt\/t\u1eaft, ti\u1ebft gi\u1ea3m t\u1eeb trung t\u00e2m \u0111i\u1ec1u khi\u1ec3n.<\/li>\n<\/ul>\n<p>hide<\/p>\n<p><img decoding=\"async\" data-src=\"https:\/\/vilight.vn\/website\/wp-content\/uploads\/2023\/07\/den-am-dat-cao-cap-9w_Vi09.jpg#4589\" alt=\"den am dat cao cap 9w_Vi09\" src=\"data:image\/svg+xml;base64,PHN2ZyB3aWR0aD0iMSIgaGVpZ2h0PSIxIiB4bWxucz0iaHR0cDovL3d3dy53My5vcmcvMjAwMC9zdmciPjwvc3ZnPg==\" class=\"lazyload\" style=\"--smush-placeholder-width: 1150px; --smush-placeholder-aspect-ratio: 1150\/360;\" \/><br \/>\nfull<br \/>\n\u0111\u00e8n \u00e2m \u0111\u1ea5t cao c\u1ea5p 9w 12w 18w 28w 40w<\/p>\n<p>\u0110\u00e8n \u00e2m \u0111\u1ea5t 9W.<\/p>\n<p>\u0111i\u1ec1u ch\u1ec9nh g\u00f3c chi\u1ebfu t\u1eeb b\u00ean ngo\u00e0i<br \/>\ncontain<br \/>\ncenter center<br \/>\nhide<\/p>\n<h2>Th\u00f4ng s\u1ed1 k\u1ef9 thu\u1eadt \u0111\u00e8n \u00e2m \u0111\u1ea5t 9W :<\/h2>\n<p>Th\u00f4ng tinTh\u00f4ng s\u1ed1 k\u1ef9 thu\u1eadt.<\/p>\n<p>Ngu\u1ed3n s\u00e1ng6 x 1.2W, chip LED Osram.<\/p>\n<p>G\u00f3c chi\u1ebfu15\u00b0 20\u00b0 30\u00b0 45\u00b0.<\/p>\n<p>\u0110i\u1ec7n \u00e1p ho\u1ea1t \u0111\u1ed9ng.<\/p>\n<p>C\u00f3 c\u00e1c phi\u00ean b\u1ea3n ho\u1ea1t \u0111\u1ed9ng v\u1edbi \u0111i\u1ec7n \u00e1p DC24V ho\u1eb7c AC220V.<\/p>\n<p>C\u00f4ng su\u1ea5t ti\u00eau hao7.8W (\u0111\u1ed1i v\u1edbi \u0111\u00e8n DC24V), 9.2W (\u0111o \u1edf \u0111i\u1ec7n \u00e1p AC240V).<\/p>\n<p>C\u00e0i \u0111\u1eb7t t\u1eeb trung t\u00e2m.<\/p>\n<p>C\u00e0i \u0111\u1eb7t l\u1ecbch ho\u1ea1t \u0111\u1ed9ng (th\u1eddi gian \u0111\u00f3ng, t\u1eaft, th\u1eddi gian v\u00e0 m\u1ee9c ti\u1ebft gi\u1ea3m c\u00f4ng su\u1ea5t).<\/p>\n<p>\u0110i\u1ec1u khi\u1ec3n t\u1ee9c th\u1eddi.<\/p>\n<p>T\u00ednh n\u0103ng c\u00e0i \u0111\u1eb7t t\u1eeb trung t\u00e2m s\u1eed d\u1ee5ng khi k\u1ebft n\u1ed1i v\u1edbi <a href=\"https:\/\/vilight.vn\/website\/san-pham\/chieu-sang-thong-minh\/bo-dieu-khien-den-idim\/\">b\u1ed9 \u0111i\u1ec1u khi\u1ec3n idim<\/a> v\u00e0\u00a0 <a href=\"https:\/\/vilight.vn\/website\/san-pham\/chieu-sang-thong-minh\/tu-chieu-sang-thong-minh\/tu-chieu-sang-thong-minh\/\">t\u1ee7 \u0111i\u1ec1u khi\u1ec3n chi\u1ebfu s\u00e1ng th\u00f4ng minh<\/a>.<\/p>\n<p>Quang th\u00f4ng700 lumens \u0111\u1ed1i v\u1edbi \u0111\u00e8n 4.000K, 570 lumens \u0111\u1ed1i v\u1edbi \u0111\u00e8n 3.000K.<\/p>\n<p>Nhi\u1ec7t \u0111\u1ed9 ho\u1ea1t \u0111\u1ed9ng &#8211; 20\u00baC ~ 40\u00baCD\u00e2y c\u00e1p theo \u0111\u00e8n3\u00d71.0mm\u00b2, L=0.5m.<br \/>\n\u0110\u1ed9 k\u00edn IP67.<br \/>\n\u0110\u1ed9 c\u1ee9ng IK09.<br \/>\n\u0110\u1ed9 d\u00e0y m\u1eb7t k\u00ednh 8mm.<br \/>\nT\u1ea3i tr\u1ecdng ch\u1ecbu l\u1ef1c2.500kg<\/p>\n<h3><\/h3>\n<p>hide<\/p>\n","protected":false},"excerpt":{"rendered":"<p>Vi09 \u2013 \u0110\u00e8n \u00e2m \u0111\u1ea5t cao c\u1ea5p 9w, 6\u00d71.2W. Ch\u1ed1ng n\u01b0\u1edbc IP67, \u0111\u1ed9 c\u1ee9ng IK09, m\u1eb7t k\u00ednh c\u01b0\u1eddng l\u1ef1c d\u00e0y 8mm. C\u00f4ng su\u1ea5t khi ho\u1ea1t \u0111\u1ed9ng: 7.8W (24V), 9.2W (120V\/240V). Quang th\u00f4ng: CW=700lm, WW=570lm. T\u1ea1o \u0111i\u1ec3m nh\u1ea5n tuy\u1ec7t v\u1eddi cho kh\u00f4ng gian ngo\u1ea1i th\u1ea5t.<\/p>\n","protected":false},"featured_media":4039,"template":"","meta":[],"product_brand":[],"product_cat":[514],"product_tag":[515],"class_list":{"0":"post-4038","1":"product","2":"type-product","3":"status-publish","4":"has-post-thumbnail","6":"product_cat-am-dat-cao-cap","7":"product_tag-den-am-dat-6x1-2w","8":"pa_chuan-dieu-khien-on-off","9":"pa_cong-suat-9w","10":"pa_dien-ap-hoat-dong-24vdc","11":"pa_dien-ap-hoat-dong-ac-120-240v","12":"pa_do-kin-ip67","13":"pa_goc-chieu-231","14":"pa_goc-chieu-308","15":"pa_goc-chieu-233","16":"pa_goc-chieu-234","18":"first","19":"instock","20":"taxable","21":"shipping-taxable","22":"purchasable","23":"product-type-simple"},"yoast_head":"<!-- This site is optimized with the Yoast SEO Premium plugin v27.4 (Yoast SEO v27.4) - https:\/\/yoast.com\/product\/yoast-seo-premium-wordpress\/ -->\n<title>\u0110\u00e8n \u00e2m \u0111\u1ea5t Vi13 - 9W - Vilight Co.ltd<\/title>\n<meta name=\"description\" content=\"\u0110\u00e8n \u00e2m \u0111\u1ea5t 9W - \u0110\u00e8n \u00e2m \u0111\u1ea5t 6x1.2W d\u00f9ng cho chi\u1ebfu s\u00e1ng ngh\u1ec7 thu\u1eadt. Ch\u1ed1ng n\u01b0\u1edbc IP67, \u0111\u1ed9 c\u1ee9ng IK09, m\u1eb7t k\u00ednh c\u01b0\u1eddng l\u1ef1c d\u00e0y 8mm, ch\u1ed1ng ch\u00f3i l\u00f3a.\" \/>\n<meta name=\"robots\" content=\"index, follow, max-snippet:-1, max-image-preview:large, max-video-preview:-1\" \/>\n<link rel=\"canonical\" href=\"https:\/\/vilight.vn\/website\/san-pham\/den-chieu-sang-facade\/am-dat-cao-cap\/den-am-dat-vi13-9w\/\" \/>\n<meta property=\"og:locale\" content=\"vi_VN\" \/>\n<meta property=\"og:type\" content=\"article\" \/>\n<meta property=\"og:title\" content=\"\u0110\u00e8n \u00e2m \u0111\u1ea5t Vi13 - 9W\" \/>\n<meta property=\"og:description\" content=\"Vi09 \u2013 \u0110\u00e8n \u00e2m \u0111\u1ea5t cao c\u1ea5p 9w, 6\u00d71.2W. Ch\u1ed1ng n\u01b0\u1edbc IP67, \u0111\u1ed9 c\u1ee9ng IK09, m\u1eb7t k\u00ednh c\u01b0\u1eddng l\u1ef1c d\u00e0y 8mm. C\u00f4ng su\u1ea5t khi ho\u1ea1t \u0111\u1ed9ng: 7.8W (24V), 9.2W (120V\/240V). Quang th\u00f4ng: CW=700lm, WW=570lm. T\u1ea1o \u0111i\u1ec3m nh\u1ea5n tuy\u1ec7t v\u1eddi cho kh\u00f4ng gian ngo\u1ea1i th\u1ea5t.\" \/>\n<meta property=\"og:url\" content=\"https:\/\/vilight.vn\/website\/san-pham\/den-chieu-sang-facade\/am-dat-cao-cap\/den-am-dat-vi13-9w\/\" \/>\n<meta property=\"og:site_name\" content=\"Vilight Co.ltd\" \/>\n<meta property=\"article:publisher\" content=\"http:\/\/facebook.com\/vilight.vn\" \/>\n<meta property=\"article:modified_time\" content=\"2024-10-04T03:09:56+00:00\" \/>\n<meta property=\"og:image\" content=\"https:\/\/vilight.vn\/website\/wp-content\/uploads\/2023\/07\/Kapego-am-dat-6x1.2W.jpg\" \/>\n\t<meta property=\"og:image:width\" content=\"600\" \/>\n\t<meta property=\"og:image:height\" content=\"600\" \/>\n\t<meta property=\"og:image:type\" content=\"image\/jpeg\" \/>\n<meta name=\"twitter:card\" content=\"summary_large_image\" \/>\n<meta name=\"twitter:label1\" content=\"Gi\u00e1\" \/>\n\t<meta name=\"twitter:data1\" content=\"5.200.000&#8363;\" \/>\n\t<meta name=\"twitter:label2\" content=\"Kh\u1ea3 d\u1ee5ng\" \/>\n\t<meta name=\"twitter:data2\" content=\"Trong kho\" \/>\n<script type=\"application\/ld+json\" class=\"yoast-schema-graph\">{\"@context\":\"https:\\\/\\\/schema.org\",\"@graph\":[{\"@type\":\"WebPage\",\"@id\":\"https:\\\/\\\/vilight.vn\\\/website\\\/san-pham\\\/den-chieu-sang-facade\\\/am-dat-cao-cap\\\/den-am-dat-vi13-9w\\\/\",\"url\":\"https:\\\/\\\/vilight.vn\\\/website\\\/san-pham\\\/den-chieu-sang-facade\\\/am-dat-cao-cap\\\/den-am-dat-vi13-9w\\\/\",\"name\":\"\u0110\u00e8n \u00e2m \u0111\u1ea5t Vi13 - 9W - Vilight Co.ltd\",\"isPartOf\":{\"@id\":\"https:\\\/\\\/vilight.vn\\\/website\\\/#website\"},\"primaryImageOfPage\":{\"@id\":\"https:\\\/\\\/vilight.vn\\\/website\\\/san-pham\\\/den-chieu-sang-facade\\\/am-dat-cao-cap\\\/den-am-dat-vi13-9w\\\/#primaryimage\"},\"image\":{\"@id\":\"https:\\\/\\\/vilight.vn\\\/website\\\/san-pham\\\/den-chieu-sang-facade\\\/am-dat-cao-cap\\\/den-am-dat-vi13-9w\\\/#primaryimage\"},\"thumbnailUrl\":\"https:\\\/\\\/vilight.vn\\\/website\\\/wp-content\\\/uploads\\\/2023\\\/07\\\/Kapego-am-dat-6x1.2W.jpg\",\"datePublished\":\"2023-07-10T09:14:24+00:00\",\"dateModified\":\"2024-10-04T03:09:56+00:00\",\"description\":\"\u0110\u00e8n \u00e2m \u0111\u1ea5t 9W - \u0110\u00e8n \u00e2m \u0111\u1ea5t 6x1.2W d\u00f9ng cho chi\u1ebfu s\u00e1ng ngh\u1ec7 thu\u1eadt. Ch\u1ed1ng n\u01b0\u1edbc IP67, \u0111\u1ed9 c\u1ee9ng IK09, m\u1eb7t k\u00ednh c\u01b0\u1eddng l\u1ef1c d\u00e0y 8mm, ch\u1ed1ng ch\u00f3i l\u00f3a.\",\"breadcrumb\":{\"@id\":\"https:\\\/\\\/vilight.vn\\\/website\\\/san-pham\\\/den-chieu-sang-facade\\\/am-dat-cao-cap\\\/den-am-dat-vi13-9w\\\/#breadcrumb\"},\"inLanguage\":\"vi\",\"potentialAction\":[{\"@type\":\"ReadAction\",\"target\":[\"https:\\\/\\\/vilight.vn\\\/website\\\/san-pham\\\/den-chieu-sang-facade\\\/am-dat-cao-cap\\\/den-am-dat-vi13-9w\\\/\"]}]},{\"@type\":\"ImageObject\",\"inLanguage\":\"vi\",\"@id\":\"https:\\\/\\\/vilight.vn\\\/website\\\/san-pham\\\/den-chieu-sang-facade\\\/am-dat-cao-cap\\\/den-am-dat-vi13-9w\\\/#primaryimage\",\"url\":\"https:\\\/\\\/vilight.vn\\\/website\\\/wp-content\\\/uploads\\\/2023\\\/07\\\/Kapego-am-dat-6x1.2W.jpg\",\"contentUrl\":\"https:\\\/\\\/vilight.vn\\\/website\\\/wp-content\\\/uploads\\\/2023\\\/07\\\/Kapego-am-dat-6x1.2W.jpg\",\"width\":600,\"height\":600,\"caption\":\"\u0110\u00e8n \u00e2m \u0111\u1ea5t VI09, \u0110\u00e8n \u00e2m \u0111\u00e1t cao c\u1ea5p 9W, 12W, 18W, 28W, 40W\"},{\"@type\":\"BreadcrumbList\",\"@id\":\"https:\\\/\\\/vilight.vn\\\/website\\\/san-pham\\\/den-chieu-sang-facade\\\/am-dat-cao-cap\\\/den-am-dat-vi13-9w\\\/#breadcrumb\",\"itemListElement\":[{\"@type\":\"ListItem\",\"position\":1,\"name\":\"Home\",\"item\":\"https:\\\/\\\/vilight.vn\\\/website\\\/\"},{\"@type\":\"ListItem\",\"position\":2,\"name\":\"store\",\"item\":\"https:\\\/\\\/vilight.vn\\\/website\\\/store\\\/\"},{\"@type\":\"ListItem\",\"position\":3,\"name\":\"\u0110\u00e8n \u00e2m \u0111\u1ea5t Vi13 &#8211; 9W\"}]},{\"@type\":\"WebSite\",\"@id\":\"https:\\\/\\\/vilight.vn\\\/website\\\/#website\",\"url\":\"https:\\\/\\\/vilight.vn\\\/website\\\/\",\"name\":\"Vilight Co.ltd\",\"description\":\"Chi\u1ebfu s\u00e1ng m\u1ef9 thu\u1eadt, chi\u1ebfu s\u00e1ng th\u00f4ng minh, LED Pixel 3D, chi\u1ebfu s\u00e1ng trang tr\u00ed \u0111\u00f4 th\u1ecb, chi\u1ebfu s\u00e1ng v\u00f2ng xoay, chi\u1ebfu s\u00e1ng \u0111\u1ea3o giao th\u00f4ng, c\u1ed5ng ch\u00e0o \u0111\u00f4 th\u1ecb\",\"publisher\":{\"@id\":\"https:\\\/\\\/vilight.vn\\\/website\\\/#organization\"},\"potentialAction\":[{\"@type\":\"SearchAction\",\"target\":{\"@type\":\"EntryPoint\",\"urlTemplate\":\"https:\\\/\\\/vilight.vn\\\/website\\\/?s={search_term_string}\"},\"query-input\":{\"@type\":\"PropertyValueSpecification\",\"valueRequired\":true,\"valueName\":\"search_term_string\"}}],\"inLanguage\":\"vi\"},{\"@type\":\"Organization\",\"@id\":\"https:\\\/\\\/vilight.vn\\\/website\\\/#organization\",\"name\":\"Vilight\",\"url\":\"https:\\\/\\\/vilight.vn\\\/website\\\/\",\"logo\":{\"@type\":\"ImageObject\",\"inLanguage\":\"vi\",\"@id\":\"https:\\\/\\\/vilight.vn\\\/website\\\/#\\\/schema\\\/logo\\\/image\\\/\",\"url\":\"https:\\\/\\\/vilight.vn\\\/website\\\/wp-content\\\/uploads\\\/2022\\\/05\\\/chieu_sang_trang_tri_do_thi_bang_den_led_pixel.png\",\"contentUrl\":\"https:\\\/\\\/vilight.vn\\\/website\\\/wp-content\\\/uploads\\\/2022\\\/05\\\/chieu_sang_trang_tri_do_thi_bang_den_led_pixel.png\",\"width\":800,\"height\":427,\"caption\":\"Vilight\"},\"image\":{\"@id\":\"https:\\\/\\\/vilight.vn\\\/website\\\/#\\\/schema\\\/logo\\\/image\\\/\"},\"sameAs\":[\"http:\\\/\\\/facebook.com\\\/vilight.vn\",\"https:\\\/\\\/www.linkedin.com\\\/company\\\/vilight-vn\",\"https:\\\/\\\/www.youtube.com\\\/channel\\\/UCEwR2naeDcuarMX1kSv_rLQ\\\/videos\"]}]}<\/script>\n<meta property=\"product:brand\" content=\"\u0110\u00e8n \u00c2m \u0110\u1ea5t\" \/>\n<meta property=\"product:price:amount\" content=\"5200000\" \/>\n<meta property=\"product:price:currency\" content=\"VND\" \/>\n<meta property=\"og:availability\" content=\"instock\" \/>\n<meta property=\"product:availability\" content=\"instock\" \/>\n<meta property=\"product:condition\" content=\"new\" \/>\n<!-- \/ Yoast SEO Premium plugin. -->","yoast_head_json":{"title":"\u0110\u00e8n \u00e2m \u0111\u1ea5t Vi13 - 9W - Vilight Co.ltd","description":"\u0110\u00e8n \u00e2m \u0111\u1ea5t 9W - \u0110\u00e8n \u00e2m \u0111\u1ea5t 6x1.2W d\u00f9ng cho chi\u1ebfu s\u00e1ng ngh\u1ec7 thu\u1eadt. Ch\u1ed1ng n\u01b0\u1edbc IP67, \u0111\u1ed9 c\u1ee9ng IK09, m\u1eb7t k\u00ednh c\u01b0\u1eddng l\u1ef1c d\u00e0y 8mm, ch\u1ed1ng ch\u00f3i l\u00f3a.","robots":{"index":"index","follow":"follow","max-snippet":"max-snippet:-1","max-image-preview":"max-image-preview:large","max-video-preview":"max-video-preview:-1"},"canonical":"https:\/\/vilight.vn\/website\/san-pham\/den-chieu-sang-facade\/am-dat-cao-cap\/den-am-dat-vi13-9w\/","og_locale":"vi_VN","og_type":"article","og_title":"\u0110\u00e8n \u00e2m \u0111\u1ea5t Vi13 - 9W","og_description":"Vi09 \u2013 \u0110\u00e8n \u00e2m \u0111\u1ea5t cao c\u1ea5p 9w, 6\u00d71.2W. Ch\u1ed1ng n\u01b0\u1edbc IP67, \u0111\u1ed9 c\u1ee9ng IK09, m\u1eb7t k\u00ednh c\u01b0\u1eddng l\u1ef1c d\u00e0y 8mm. C\u00f4ng su\u1ea5t khi ho\u1ea1t \u0111\u1ed9ng: 7.8W (24V), 9.2W (120V\/240V). Quang th\u00f4ng: CW=700lm, WW=570lm. T\u1ea1o \u0111i\u1ec3m nh\u1ea5n tuy\u1ec7t v\u1eddi cho kh\u00f4ng gian ngo\u1ea1i th\u1ea5t.","og_url":"https:\/\/vilight.vn\/website\/san-pham\/den-chieu-sang-facade\/am-dat-cao-cap\/den-am-dat-vi13-9w\/","og_site_name":"Vilight Co.ltd","article_publisher":"http:\/\/facebook.com\/vilight.vn","article_modified_time":"2024-10-04T03:09:56+00:00","og_image":[{"width":600,"height":600,"url":"https:\/\/vilight.vn\/website\/wp-content\/uploads\/2023\/07\/Kapego-am-dat-6x1.2W.jpg","type":"image\/jpeg"}],"twitter_card":"summary_large_image","twitter_misc":{"Gi\u00e1":"5.200.000&#8363;","Kh\u1ea3 d\u1ee5ng":"Trong kho"},"schema":{"@context":"https:\/\/schema.org","@graph":[{"@type":"WebPage","@id":"https:\/\/vilight.vn\/website\/san-pham\/den-chieu-sang-facade\/am-dat-cao-cap\/den-am-dat-vi13-9w\/","url":"https:\/\/vilight.vn\/website\/san-pham\/den-chieu-sang-facade\/am-dat-cao-cap\/den-am-dat-vi13-9w\/","name":"\u0110\u00e8n \u00e2m \u0111\u1ea5t Vi13 - 9W - Vilight Co.ltd","isPartOf":{"@id":"https:\/\/vilight.vn\/website\/#website"},"primaryImageOfPage":{"@id":"https:\/\/vilight.vn\/website\/san-pham\/den-chieu-sang-facade\/am-dat-cao-cap\/den-am-dat-vi13-9w\/#primaryimage"},"image":{"@id":"https:\/\/vilight.vn\/website\/san-pham\/den-chieu-sang-facade\/am-dat-cao-cap\/den-am-dat-vi13-9w\/#primaryimage"},"thumbnailUrl":"https:\/\/vilight.vn\/website\/wp-content\/uploads\/2023\/07\/Kapego-am-dat-6x1.2W.jpg","datePublished":"2023-07-10T09:14:24+00:00","dateModified":"2024-10-04T03:09:56+00:00","description":"\u0110\u00e8n \u00e2m \u0111\u1ea5t 9W - \u0110\u00e8n \u00e2m \u0111\u1ea5t 6x1.2W d\u00f9ng cho chi\u1ebfu s\u00e1ng ngh\u1ec7 thu\u1eadt. Ch\u1ed1ng n\u01b0\u1edbc IP67, \u0111\u1ed9 c\u1ee9ng IK09, m\u1eb7t k\u00ednh c\u01b0\u1eddng l\u1ef1c d\u00e0y 8mm, ch\u1ed1ng ch\u00f3i l\u00f3a.","breadcrumb":{"@id":"https:\/\/vilight.vn\/website\/san-pham\/den-chieu-sang-facade\/am-dat-cao-cap\/den-am-dat-vi13-9w\/#breadcrumb"},"inLanguage":"vi","potentialAction":[{"@type":"ReadAction","target":["https:\/\/vilight.vn\/website\/san-pham\/den-chieu-sang-facade\/am-dat-cao-cap\/den-am-dat-vi13-9w\/"]}]},{"@type":"ImageObject","inLanguage":"vi","@id":"https:\/\/vilight.vn\/website\/san-pham\/den-chieu-sang-facade\/am-dat-cao-cap\/den-am-dat-vi13-9w\/#primaryimage","url":"https:\/\/vilight.vn\/website\/wp-content\/uploads\/2023\/07\/Kapego-am-dat-6x1.2W.jpg","contentUrl":"https:\/\/vilight.vn\/website\/wp-content\/uploads\/2023\/07\/Kapego-am-dat-6x1.2W.jpg","width":600,"height":600,"caption":"\u0110\u00e8n \u00e2m \u0111\u1ea5t VI09, \u0110\u00e8n \u00e2m \u0111\u00e1t cao c\u1ea5p 9W, 12W, 18W, 28W, 40W"},{"@type":"BreadcrumbList","@id":"https:\/\/vilight.vn\/website\/san-pham\/den-chieu-sang-facade\/am-dat-cao-cap\/den-am-dat-vi13-9w\/#breadcrumb","itemListElement":[{"@type":"ListItem","position":1,"name":"Home","item":"https:\/\/vilight.vn\/website\/"},{"@type":"ListItem","position":2,"name":"store","item":"https:\/\/vilight.vn\/website\/store\/"},{"@type":"ListItem","position":3,"name":"\u0110\u00e8n \u00e2m \u0111\u1ea5t Vi13 &#8211; 9W"}]},{"@type":"WebSite","@id":"https:\/\/vilight.vn\/website\/#website","url":"https:\/\/vilight.vn\/website\/","name":"Vilight Co.ltd","description":"Chi\u1ebfu s\u00e1ng m\u1ef9 thu\u1eadt, chi\u1ebfu s\u00e1ng th\u00f4ng minh, LED Pixel 3D, chi\u1ebfu s\u00e1ng trang tr\u00ed \u0111\u00f4 th\u1ecb, chi\u1ebfu s\u00e1ng v\u00f2ng xoay, chi\u1ebfu s\u00e1ng \u0111\u1ea3o giao th\u00f4ng, c\u1ed5ng ch\u00e0o \u0111\u00f4 th\u1ecb","publisher":{"@id":"https:\/\/vilight.vn\/website\/#organization"},"potentialAction":[{"@type":"SearchAction","target":{"@type":"EntryPoint","urlTemplate":"https:\/\/vilight.vn\/website\/?s={search_term_string}"},"query-input":{"@type":"PropertyValueSpecification","valueRequired":true,"valueName":"search_term_string"}}],"inLanguage":"vi"},{"@type":"Organization","@id":"https:\/\/vilight.vn\/website\/#organization","name":"Vilight","url":"https:\/\/vilight.vn\/website\/","logo":{"@type":"ImageObject","inLanguage":"vi","@id":"https:\/\/vilight.vn\/website\/#\/schema\/logo\/image\/","url":"https:\/\/vilight.vn\/website\/wp-content\/uploads\/2022\/05\/chieu_sang_trang_tri_do_thi_bang_den_led_pixel.png","contentUrl":"https:\/\/vilight.vn\/website\/wp-content\/uploads\/2022\/05\/chieu_sang_trang_tri_do_thi_bang_den_led_pixel.png","width":800,"height":427,"caption":"Vilight"},"image":{"@id":"https:\/\/vilight.vn\/website\/#\/schema\/logo\/image\/"},"sameAs":["http:\/\/facebook.com\/vilight.vn","https:\/\/www.linkedin.com\/company\/vilight-vn","https:\/\/www.youtube.com\/channel\/UCEwR2naeDcuarMX1kSv_rLQ\/videos"]}]},"product_brand":"\u0110\u00e8n \u00c2m \u0110\u1ea5t","product_price_amount":"5200000","product_price_currency":"VND","og_availability":"instock","product_availability":"instock","product_condition":"new"},"_links":{"self":[{"href":"https:\/\/vilight.vn\/website\/wp-json\/wp\/v2\/product\/4038","targetHints":{"allow":["GET"]}}],"collection":[{"href":"https:\/\/vilight.vn\/website\/wp-json\/wp\/v2\/product"}],"about":[{"href":"https:\/\/vilight.vn\/website\/wp-json\/wp\/v2\/types\/product"}],"wp:featuredmedia":[{"embeddable":true,"href":"https:\/\/vilight.vn\/website\/wp-json\/wp\/v2\/media\/4039"}],"wp:attachment":[{"href":"https:\/\/vilight.vn\/website\/wp-json\/wp\/v2\/media?parent=4038"}],"wp:term":[{"taxonomy":"product_brand","embeddable":true,"href":"https:\/\/vilight.vn\/website\/wp-json\/wp\/v2\/product_brand?post=4038"},{"taxonomy":"product_cat","embeddable":true,"href":"https:\/\/vilight.vn\/website\/wp-json\/wp\/v2\/product_cat?post=4038"},{"taxonomy":"product_tag","embeddable":true,"href":"https:\/\/vilight.vn\/website\/wp-json\/wp\/v2\/product_tag?post=4038"}],"curies":[{"name":"wp","href":"https:\/\/api.w.org\/{rel}","templated":true}]}}