{"id":4047,"date":"2023-07-11T09:11:35","date_gmt":"2023-07-11T02:11:35","guid":{"rendered":"https:\/\/vilight.vn\/website\/?post_type=product&#038;p=4047"},"modified":"2024-10-04T09:46:21","modified_gmt":"2024-10-04T02:46:21","slug":"den-am-dat-vi07-28w","status":"publish","type":"product","link":"https:\/\/vilight.vn\/website\/san-pham\/den-chieu-sang-facade\/am-dat-cao-cap\/den-am-dat-vi07-28w\/","title":{"rendered":"\u0110\u00e8n \u00e2m \u0111\u1ea5t 28W &#8211; Vi07"},"content":{"rendered":"<h2>\u0110\u00e8n \u00e2m \u0111\u1ea5t 28W cao c\u1ea5p :<\/h2>\n<ul>\n<li>\u0110\u00e8n \u00c2m \u0111\u1ea5t Vi12 (\u0111\u00e8n \u00e2m \u0111\u1ea5t 12&#215;2.2W) l\u00e0 lo\u1ea1i \u0111\u00e8n \u00e2m \u0111\u1ea5t n\u1eb1m \u1edf ph\u00e2n kh\u00fac s\u1ea3n ph\u1ea9m cao c\u1ea5p.<\/li>\n<li>v\u1ecf b\u1eb1ng nh\u00f4m \u0111\u00fac \u00e1p su\u1ea5t cao s\u01a1n t\u0129nh \u0111i\u1ec7n.<\/li>\n<li>m\u1eb7t \u0111\u00e8n b\u1eb1ng k\u00ednh c\u01b0\u1eddng l\u1ef1c SUS316L v\u00e0 k\u00ednh c\u01b0\u1eddng l\u1ef1c d\u00e0y 10mm.<\/li>\n<\/ul>\n<h3>M\u1eb7t \u0111\u00e8n c\u00f3 t\u00edch h\u1ee3p l\u01b0\u1edbi ch\u1ed1ng ch\u00f3i \u0111\u1ec3 ch\u1ed1ng \u00e1nh s\u00e1ng ch\u00f3i ng\u01b0\u1ee3c v\u00e0o m\u1eaft ng\u01b0\u1eddi xem.<\/h3>\n<ul>\n<li>\u0110\u00e8n \u0111\u01b0\u1ee3c thi\u1ebft k\u1ebf ch\u1eafc ch\u1eafn, ch\u1ecbu \u0111\u01b0\u1ee3c t\u1ea3i tr\u1ecdng \u0111\u00e8 l\u00ean m\u1eb7t \u0111\u00e8n, kh\u1ed1i l\u01b0\u1ee3ng t\u1ea3i tr\u1ecdng l\u00ean t\u1edbi 5.000kg.<\/li>\n<li>G\u00f3c nghi\u00eang c\u1ee7a m\u1eb7t \u0111\u00e8n c\u00f3 th\u1ec3 \u0111i\u1ec1u ch\u1ec9nh \u0111\u01b0\u1ee3c trong ph\u1ea1m vi 50 \u0111\u1ed9 (\u00b1 250).<\/li>\n<li>do \u0111\u00f3 c\u00f3 th\u1ec3 \u0111i\u1ec1u ch\u1ec9nh \u0111\u1ec3 h\u01b0\u1edbng lu\u1ed3ng \u00e1nh s\u00e1ng v\u00e0o \u0111\u1ed1i t\u01b0\u1ee3ng c\u1ea7n chi\u1ebfu s\u00e1ng.<\/li>\n<li>\u0110\u00e8n c\u00f3 kh\u1ea3 n\u0103ng gi\u00e1m s\u00e1t, \u0111i\u1ec1u khi\u1ec3n b\u1eadt\/t\u1eaft, ti\u1ebft gi\u1ea3m t\u1eeb trung t\u00e2m \u0111i\u1ec1u khi\u1ec3n.<\/li>\n<li>hide<img decoding=\"async\" data-src=\"https:\/\/vilight.vn\/website\/wp-content\/uploads\/2023\/07\/den-am-dat-cao-cap-28w_Vi11.jpg#4599\" alt=\"den am dat cao cap 28w_Vi11\" src=\"data:image\/svg+xml;base64,PHN2ZyB3aWR0aD0iMSIgaGVpZ2h0PSIxIiB4bWxucz0iaHR0cDovL3d3dy53My5vcmcvMjAwMC9zdmciPjwvc3ZnPg==\" class=\"lazyload\" style=\"--smush-placeholder-width: 1150px; --smush-placeholder-aspect-ratio: 1150\/360;\" \/><br \/>\nfull<br \/>\n\u0110\u00e8n \u00e2m \u0111\u1ea5t 28W \u0111i\u1ec1u khi\u1ec3n t\u1eeb trung t\u00e2m.<br \/>\n\u0110\u00e8n \u00e2m \u0111\u1ea5t 12&#215;2.2W b\u1ea3o h\u00e0nh 5 n\u0103m.<br \/>\ncontain<br \/>\ncenter center<br \/>\nhide<\/li>\n<\/ul>\n<h2>Th\u00f4ng s\u1ed1 k\u1ef9 thu\u1eadt \u0111\u00e8n \u00e2m \u0111\u1ea5t 28W\u00a0 :<\/h2>\n<ul>\n<li>Th\u00f4ng tinTh\u00f4ng s\u1ed1 k\u1ef9 thu\u1eadt.<\/li>\n<li>Ngu\u1ed3n s\u00e1ng12 x 2.2W, chip LED Osram.<\/li>\n<li>G\u00f3c chi\u1ebfu8\u00b0 10\u00b0 20\u00b0 25\u00b0 30\u00b0 50\u00b0 10&#215;60\u00b0.<\/li>\n<li>\u0110i\u1ec7n \u00e1p ho\u1ea1t \u0111\u1ed9ngC\u00f3 c\u00e1c phi\u00ean b\u1ea3n ho\u1ea1t \u0111\u1ed9ng v\u1edbi \u0111i\u1ec7n \u00e1p DC24V ho\u1eb7c AC220V.<\/li>\n<li>C\u00f4ng su\u1ea5t ti\u00eau hao27.6W (\u0111\u1ed1i v\u1edbi \u0111\u00e8n DC24V), 28W (\u0111o \u1edf \u0111i\u1ec7n \u00e1p AC240V).<\/li>\n<\/ul>\n<p>&nbsp;<\/p>\n<h3>C\u00e0i \u0111\u1eb7t t\u1eeb trung t\u00e2mC\u00e0i \u0111\u1eb7t l\u1ecbch ho\u1ea1t \u0111\u1ed9ng (th\u1eddi gian \u0111\u00f3ng, t\u1eaft, th\u1eddi gian v\u00e0 m\u1ee9c ti\u1ebft gi\u1ea3m c\u00f4ng su\u1ea5t).<\/h3>\n<p>&nbsp;<\/p>\n<ul>\n<li>\u0110i\u1ec1u khi\u1ec3n t\u1ee9c th\u1eddi.<\/li>\n<li>T\u00ednh n\u0103ng c\u00e0i \u0111\u1eb7t t\u1eeb trung t\u00e2m s\u1eed d\u1ee5ng khi k\u1ebft n\u1ed1i v\u1edbi <a href=\"https:\/\/vilight.vn\/website\/san-pham\/chieu-sang-thong-minh\/bo-dieu-khien-den-idim\/\">b\u1ed9 \u0111i\u1ec1u khi\u1ec3n idim<\/a> v\u00e0\u00a0 <a href=\"https:\/\/vilight.vn\/website\/san-pham\/chieu-sang-thong-minh\/tu-chieu-sang-thong-minh\/tu-chieu-sang-thong-minh\/\">t\u1ee7 \u0111i\u1ec1u khi\u1ec3n chi\u1ebfu s\u00e1ng th\u00f4ng minh.<\/a><\/li>\n<li>Quang th\u00f4ng2385 lumens \u0111\u1ed1i v\u1edbi \u0111\u00e8n 3.000K.<\/li>\n<li>Nhi\u1ec7t \u0111\u1ed9 ho\u1ea1t \u0111\u1ed9ng &#8211; 20\u00baC ~ 40\u00baC.<\/li>\n<li>D\u00e2y c\u00e1p theo \u0111\u00e8n3\u00d71.0mm\u00b2, L=0.5m.<\/li>\n<li>\u0110\u1ed9 k\u00ednIP67\u0110\u1ed9 c\u1ee9ngIK09.<\/li>\n<li>\u0110\u1ed9 d\u00e0y m\u1eb7t k\u00ednh 10 mm.<\/li>\n<li>T\u1ea3i tr\u1ecdng ch\u1ecbu l\u1ef1c5.000kg<\/li>\n<li>hide<img decoding=\"async\" data-src=\"https:\/\/vilight.vn\/website\/wp-content\/uploads\/2023\/07\/so-do-phan-bo-anh-sang-den-am-dat-22x1.2w.jpg#4600\" alt=\"so do phan bo anh sang den am dat 22\u00d71.2w\" src=\"data:image\/svg+xml;base64,PHN2ZyB3aWR0aD0iMSIgaGVpZ2h0PSIxIiB4bWxucz0iaHR0cDovL3d3dy53My5vcmcvMjAwMC9zdmciPjwvc3ZnPg==\" class=\"lazyload\" style=\"--smush-placeholder-width: 1740px; --smush-placeholder-aspect-ratio: 1740\/411;\" \/><br \/>\nfull<br \/>\nQuang ph\u1ed5 \u0111\u00e8n \u00e2m \u0111\u1ea5t 28W.<br \/>\nQuang ph\u1ed5 \u0111\u00e8n \u00e2m \u0111\u1ea5t 22&#215;1.2W.<br \/>\ncontain<br \/>\ncenter center<br \/>\nhide<\/li>\n<li>\u0110\u00e8n \u00e2m \u0111\u1ea5t 28W, t\u00edch h\u1ee3p c\u00f4ng ngh\u1ec7 chi\u1ebfu th\u00f4ng minh, c\u00f3 th\u1ec3 gi\u00e1m s\u00e1t v\u00e0 \u0111i\u1ec1u khi\u1ec3n b\u1eadt\/t\u1eaft\/ti\u1ebft gi\u1ea3m t\u1eeb trung t\u00e2m.<\/li>\n<li>V\u1ecf INOX SUS 316L, m\u1eb7t k\u00ednh c\u01b0\u1eddng l\u1ef1c 10mm, ch\u1ecbu \u0111\u01b0\u1ee3c t\u1ea3i tr\u1ecdng h\u01a1n 4.500kg.<\/li>\n<li>IP67,k\u00e8m \u0111\u1ea7u b\u1ea3o v\u1ec7 c\u00e1p v\u00e0o \u0111\u00e8n IP68, \u0111\u1ed9 c\u1ee9ng m\u1eb7t \u0111\u00e8n \u0111\u1ea1t IK09, m\u1eb7t \u0111\u00e8n t\u00edch h\u1ee3p l\u01b0\u1edbi ch\u1ed1ng ch\u00f3i.<\/li>\n<li>ngu\u1ed3n s\u00e1ng : 12LED x 2.2W, g\u00f3c chi\u1ebfu 50 \u0111\u1ed9.<\/li>\n<li>\u0111\u1ed9 nghi\u00eang c\u1ee7a m\u1eb7t LED trong b\u1ed9 \u0111\u00e8n c\u00f3 th\u1ec3 \u0111i\u1ec1u ch\u1ec9nh g\u00f3c nghi\u00eang trong ph\u1ea1m vi 25 \u0111\u1ed9 \u0111\u1ec3 h\u01b0\u1edbng \u00e1nh s\u00e1ng v\u00e0o \u0111\u1ed1i t\u01b0\u1ee3ng c\u1ea7n chi\u1ebfu.<\/li>\n<li>\u0110i\u1ec1u ch\u1ec9nh th\u00f4ng qua c\u01a1 c\u1ea5u c\u01a1 kh\u00ed b\u00ean ngo\u00e0i, kh\u00f4ng can thi\u1ec7p v\u00e0o \u0111\u1ed9 k\u00edn c\u1ee7a \u0111\u00e8n.<\/li>\n<li>B\u1ed9 \u0111\u00e8n \u0111\u01b0\u1ee3c cung c\u1ea5p k\u00e8m khu\u00f4n nh\u1ef1a \u0111\u1ec3 \u0111\u1ed5 m\u00f3ng \u0111\u00e8n. Th\u1eddi gian b\u1ea3o h\u00e0nh 5 n\u0103m.<\/li>\n<\/ul>\n","protected":false},"excerpt":{"rendered":"<p style=\"text-align: justify;\">\u0110\u00e8n \u00e2m \u0111\u1ea5t 28W, t\u00edch h\u1ee3p c\u00f4ng ngh\u1ec7 chi\u1ebfu th\u00f4ng minh, c\u00f3 th\u1ec3 gi\u00e1m s\u00e1t v\u00e0 \u0111i\u1ec1u khi\u1ec3n b\u1eadt\/t\u1eaft\/ti\u1ebft gi\u1ea3m t\u1eeb trung t\u00e2m; V\u1ecf INOX SUS 316L, m\u1eb7t k\u00ednh c\u01b0\u1eddng l\u1ef1c 10mm.<\/p>\n","protected":false},"featured_media":4049,"template":"","meta":[],"product_brand":[],"product_cat":[514],"product_tag":[518,521],"class_list":{"0":"post-4047","1":"product","2":"type-product","3":"status-publish","4":"has-post-thumbnail","6":"product_cat-am-dat-cao-cap","7":"product_tag-kpg04","8":"product_tag-xb2kfr1258","9":"pa_chuan-dieu-khien-1-10v","10":"pa_chuan-dieu-khien-on-off","11":"pa_cong-suat-28w","12":"pa_dien-ap-hoat-dong-24vdc","13":"pa_dien-ap-hoat-dong-ac-120-240v","14":"pa_do-kin-ip67","15":"pa_goc-chieu-279","16":"pa_goc-chieu-10x60","17":"pa_goc-chieu-231","18":"pa_goc-chieu-308","19":"pa_goc-chieu-232","20":"pa_goc-chieu-233","21":"pa_goc-chieu-606","22":"pa_goc-chieu-278","23":"pa_nhiet-do-mau-3000k","24":"pa_nhiet-do-mau-4000k","26":"first","27":"instock","28":"taxable","29":"shipping-taxable","30":"purchasable","31":"product-type-simple"},"yoast_head":"<!-- This site is optimized with the Yoast SEO Premium plugin v27.4 (Yoast SEO v27.4) - https:\/\/yoast.com\/product\/yoast-seo-premium-wordpress\/ -->\n<title>\u0110\u00e8n \u00c2m \u0110\u1ea5t 28W, \u0110\u00e8n \u00c2m \u0110\u1ea5t 12x2.2W \u0111i\u1ec1u khi\u1ec3n t\u1eeb Trung T\u00e2m - Vilight Co.ltd<\/title>\n<meta name=\"description\" content=\"\u0110\u00e8n \u00e2m \u0111\u1ea5t 28W (\u0111\u00e8n \u00e2m \u0111\u1ea5t 12x2.2W) c\u00f3 kh\u1ea3 n\u0103ng gi\u00e1m s\u00e1t, \u0111i\u1ec1u khi\u1ec3n b\u1eadt\/t\u1eaft, \u0111i\u1ec1u ch\u1ec9nh \u0111\u1ed9 s\u00e1ng (c\u00f4ng su\u1ea5t) t\u1eeb ph\u1ea7n m\u1ec1m \u0111i\u1ec1u khi\u1ec3n th\u00f4ng minh.\" \/>\n<meta name=\"robots\" content=\"index, follow, max-snippet:-1, max-image-preview:large, max-video-preview:-1\" \/>\n<link rel=\"canonical\" href=\"https:\/\/vilight.vn\/website\/san-pham\/den-chieu-sang-facade\/am-dat-cao-cap\/den-am-dat-vi07-28w\/\" \/>\n<meta property=\"og:locale\" content=\"vi_VN\" \/>\n<meta property=\"og:type\" content=\"article\" \/>\n<meta property=\"og:title\" content=\"\u0110\u00e8n \u00e2m \u0111\u1ea5t 28W - Vi07\" \/>\n<meta property=\"og:description\" content=\"\u0110\u00e8n \u00e2m \u0111\u1ea5t 28W, t\u00edch h\u1ee3p c\u00f4ng ngh\u1ec7 chi\u1ebfu th\u00f4ng minh, c\u00f3 th\u1ec3 gi\u00e1m s\u00e1t v\u00e0 \u0111i\u1ec1u khi\u1ec3n b\u1eadt\/t\u1eaft\/ti\u1ebft gi\u1ea3m t\u1eeb trung t\u00e2m; V\u1ecf INOX SUS 316L, m\u1eb7t k\u00ednh c\u01b0\u1eddng l\u1ef1c 10mm.\" \/>\n<meta property=\"og:url\" content=\"https:\/\/vilight.vn\/website\/san-pham\/den-chieu-sang-facade\/am-dat-cao-cap\/den-am-dat-vi07-28w\/\" \/>\n<meta property=\"og:site_name\" content=\"Vilight Co.ltd\" \/>\n<meta property=\"article:publisher\" content=\"http:\/\/facebook.com\/vilight.vn\" \/>\n<meta property=\"article:modified_time\" content=\"2024-10-04T02:46:21+00:00\" \/>\n<meta property=\"og:image\" content=\"https:\/\/vilight.vn\/website\/wp-content\/uploads\/2023\/07\/Logo-den-am-dat-KPG04.jpg\" \/>\n\t<meta property=\"og:image:width\" content=\"600\" \/>\n\t<meta property=\"og:image:height\" content=\"600\" \/>\n\t<meta property=\"og:image:type\" content=\"image\/jpeg\" \/>\n<meta name=\"twitter:card\" content=\"summary_large_image\" \/>\n<meta name=\"twitter:label1\" content=\"Gi\u00e1\" \/>\n\t<meta name=\"twitter:data1\" content=\"9.700.000&#8363;\" \/>\n\t<meta name=\"twitter:label2\" content=\"Kh\u1ea3 d\u1ee5ng\" \/>\n\t<meta name=\"twitter:data2\" content=\"Trong kho\" \/>\n<script type=\"application\/ld+json\" class=\"yoast-schema-graph\">{\"@context\":\"https:\\\/\\\/schema.org\",\"@graph\":[{\"@type\":\"WebPage\",\"@id\":\"https:\\\/\\\/vilight.vn\\\/website\\\/san-pham\\\/den-chieu-sang-facade\\\/am-dat-cao-cap\\\/den-am-dat-vi07-28w\\\/\",\"url\":\"https:\\\/\\\/vilight.vn\\\/website\\\/san-pham\\\/den-chieu-sang-facade\\\/am-dat-cao-cap\\\/den-am-dat-vi07-28w\\\/\",\"name\":\"\u0110\u00e8n \u00c2m \u0110\u1ea5t 28W, \u0110\u00e8n \u00c2m \u0110\u1ea5t 12x2.2W \u0111i\u1ec1u khi\u1ec3n t\u1eeb Trung T\u00e2m - Vilight Co.ltd\",\"isPartOf\":{\"@id\":\"https:\\\/\\\/vilight.vn\\\/website\\\/#website\"},\"primaryImageOfPage\":{\"@id\":\"https:\\\/\\\/vilight.vn\\\/website\\\/san-pham\\\/den-chieu-sang-facade\\\/am-dat-cao-cap\\\/den-am-dat-vi07-28w\\\/#primaryimage\"},\"image\":{\"@id\":\"https:\\\/\\\/vilight.vn\\\/website\\\/san-pham\\\/den-chieu-sang-facade\\\/am-dat-cao-cap\\\/den-am-dat-vi07-28w\\\/#primaryimage\"},\"thumbnailUrl\":\"https:\\\/\\\/vilight.vn\\\/website\\\/wp-content\\\/uploads\\\/2023\\\/07\\\/Logo-den-am-dat-KPG04.jpg\",\"datePublished\":\"2023-07-11T02:11:35+00:00\",\"dateModified\":\"2024-10-04T02:46:21+00:00\",\"description\":\"\u0110\u00e8n \u00e2m \u0111\u1ea5t 28W (\u0111\u00e8n \u00e2m \u0111\u1ea5t 12x2.2W) c\u00f3 kh\u1ea3 n\u0103ng gi\u00e1m s\u00e1t, \u0111i\u1ec1u khi\u1ec3n b\u1eadt\\\/t\u1eaft, \u0111i\u1ec1u ch\u1ec9nh \u0111\u1ed9 s\u00e1ng (c\u00f4ng su\u1ea5t) t\u1eeb ph\u1ea7n m\u1ec1m \u0111i\u1ec1u khi\u1ec3n th\u00f4ng minh.\",\"breadcrumb\":{\"@id\":\"https:\\\/\\\/vilight.vn\\\/website\\\/san-pham\\\/den-chieu-sang-facade\\\/am-dat-cao-cap\\\/den-am-dat-vi07-28w\\\/#breadcrumb\"},\"inLanguage\":\"vi\",\"potentialAction\":[{\"@type\":\"ReadAction\",\"target\":[\"https:\\\/\\\/vilight.vn\\\/website\\\/san-pham\\\/den-chieu-sang-facade\\\/am-dat-cao-cap\\\/den-am-dat-vi07-28w\\\/\"]}]},{\"@type\":\"ImageObject\",\"inLanguage\":\"vi\",\"@id\":\"https:\\\/\\\/vilight.vn\\\/website\\\/san-pham\\\/den-chieu-sang-facade\\\/am-dat-cao-cap\\\/den-am-dat-vi07-28w\\\/#primaryimage\",\"url\":\"https:\\\/\\\/vilight.vn\\\/website\\\/wp-content\\\/uploads\\\/2023\\\/07\\\/Logo-den-am-dat-KPG04.jpg\",\"contentUrl\":\"https:\\\/\\\/vilight.vn\\\/website\\\/wp-content\\\/uploads\\\/2023\\\/07\\\/Logo-den-am-dat-KPG04.jpg\",\"width\":600,\"height\":600,\"caption\":\"XB2KFR1258\"},{\"@type\":\"BreadcrumbList\",\"@id\":\"https:\\\/\\\/vilight.vn\\\/website\\\/san-pham\\\/den-chieu-sang-facade\\\/am-dat-cao-cap\\\/den-am-dat-vi07-28w\\\/#breadcrumb\",\"itemListElement\":[{\"@type\":\"ListItem\",\"position\":1,\"name\":\"Home\",\"item\":\"https:\\\/\\\/vilight.vn\\\/website\\\/\"},{\"@type\":\"ListItem\",\"position\":2,\"name\":\"store\",\"item\":\"https:\\\/\\\/vilight.vn\\\/website\\\/store\\\/\"},{\"@type\":\"ListItem\",\"position\":3,\"name\":\"\u0110\u00e8n \u00e2m \u0111\u1ea5t 28W &#8211; Vi07\"}]},{\"@type\":\"WebSite\",\"@id\":\"https:\\\/\\\/vilight.vn\\\/website\\\/#website\",\"url\":\"https:\\\/\\\/vilight.vn\\\/website\\\/\",\"name\":\"Vilight Co.ltd\",\"description\":\"Chi\u1ebfu s\u00e1ng m\u1ef9 thu\u1eadt, chi\u1ebfu s\u00e1ng th\u00f4ng minh, LED Pixel 3D, chi\u1ebfu s\u00e1ng trang tr\u00ed \u0111\u00f4 th\u1ecb, chi\u1ebfu s\u00e1ng v\u00f2ng xoay, chi\u1ebfu s\u00e1ng \u0111\u1ea3o giao th\u00f4ng, c\u1ed5ng ch\u00e0o \u0111\u00f4 th\u1ecb\",\"publisher\":{\"@id\":\"https:\\\/\\\/vilight.vn\\\/website\\\/#organization\"},\"potentialAction\":[{\"@type\":\"SearchAction\",\"target\":{\"@type\":\"EntryPoint\",\"urlTemplate\":\"https:\\\/\\\/vilight.vn\\\/website\\\/?s={search_term_string}\"},\"query-input\":{\"@type\":\"PropertyValueSpecification\",\"valueRequired\":true,\"valueName\":\"search_term_string\"}}],\"inLanguage\":\"vi\"},{\"@type\":\"Organization\",\"@id\":\"https:\\\/\\\/vilight.vn\\\/website\\\/#organization\",\"name\":\"Vilight\",\"url\":\"https:\\\/\\\/vilight.vn\\\/website\\\/\",\"logo\":{\"@type\":\"ImageObject\",\"inLanguage\":\"vi\",\"@id\":\"https:\\\/\\\/vilight.vn\\\/website\\\/#\\\/schema\\\/logo\\\/image\\\/\",\"url\":\"https:\\\/\\\/vilight.vn\\\/website\\\/wp-content\\\/uploads\\\/2022\\\/05\\\/chieu_sang_trang_tri_do_thi_bang_den_led_pixel.png\",\"contentUrl\":\"https:\\\/\\\/vilight.vn\\\/website\\\/wp-content\\\/uploads\\\/2022\\\/05\\\/chieu_sang_trang_tri_do_thi_bang_den_led_pixel.png\",\"width\":800,\"height\":427,\"caption\":\"Vilight\"},\"image\":{\"@id\":\"https:\\\/\\\/vilight.vn\\\/website\\\/#\\\/schema\\\/logo\\\/image\\\/\"},\"sameAs\":[\"http:\\\/\\\/facebook.com\\\/vilight.vn\",\"https:\\\/\\\/www.linkedin.com\\\/company\\\/vilight-vn\",\"https:\\\/\\\/www.youtube.com\\\/channel\\\/UCEwR2naeDcuarMX1kSv_rLQ\\\/videos\"]}]}<\/script>\n<meta property=\"product:brand\" content=\"\u0110\u00e8n \u00c2m \u0110\u1ea5t\" \/>\n<meta property=\"product:price:amount\" content=\"9700000\" \/>\n<meta property=\"product:price:currency\" content=\"VND\" \/>\n<meta property=\"og:availability\" content=\"instock\" \/>\n<meta property=\"product:availability\" content=\"instock\" \/>\n<meta property=\"product:condition\" content=\"new\" \/>\n<!-- \/ Yoast SEO Premium plugin. -->","yoast_head_json":{"title":"\u0110\u00e8n \u00c2m \u0110\u1ea5t 28W, \u0110\u00e8n \u00c2m \u0110\u1ea5t 12x2.2W \u0111i\u1ec1u khi\u1ec3n t\u1eeb Trung T\u00e2m - Vilight Co.ltd","description":"\u0110\u00e8n \u00e2m \u0111\u1ea5t 28W (\u0111\u00e8n \u00e2m \u0111\u1ea5t 12x2.2W) c\u00f3 kh\u1ea3 n\u0103ng gi\u00e1m s\u00e1t, \u0111i\u1ec1u khi\u1ec3n b\u1eadt\/t\u1eaft, \u0111i\u1ec1u ch\u1ec9nh \u0111\u1ed9 s\u00e1ng (c\u00f4ng su\u1ea5t) t\u1eeb ph\u1ea7n m\u1ec1m \u0111i\u1ec1u khi\u1ec3n th\u00f4ng minh.","robots":{"index":"index","follow":"follow","max-snippet":"max-snippet:-1","max-image-preview":"max-image-preview:large","max-video-preview":"max-video-preview:-1"},"canonical":"https:\/\/vilight.vn\/website\/san-pham\/den-chieu-sang-facade\/am-dat-cao-cap\/den-am-dat-vi07-28w\/","og_locale":"vi_VN","og_type":"article","og_title":"\u0110\u00e8n \u00e2m \u0111\u1ea5t 28W - Vi07","og_description":"\u0110\u00e8n \u00e2m \u0111\u1ea5t 28W, t\u00edch h\u1ee3p c\u00f4ng ngh\u1ec7 chi\u1ebfu th\u00f4ng minh, c\u00f3 th\u1ec3 gi\u00e1m s\u00e1t v\u00e0 \u0111i\u1ec1u khi\u1ec3n b\u1eadt\/t\u1eaft\/ti\u1ebft gi\u1ea3m t\u1eeb trung t\u00e2m; V\u1ecf INOX SUS 316L, m\u1eb7t k\u00ednh c\u01b0\u1eddng l\u1ef1c 10mm.","og_url":"https:\/\/vilight.vn\/website\/san-pham\/den-chieu-sang-facade\/am-dat-cao-cap\/den-am-dat-vi07-28w\/","og_site_name":"Vilight Co.ltd","article_publisher":"http:\/\/facebook.com\/vilight.vn","article_modified_time":"2024-10-04T02:46:21+00:00","og_image":[{"width":600,"height":600,"url":"https:\/\/vilight.vn\/website\/wp-content\/uploads\/2023\/07\/Logo-den-am-dat-KPG04.jpg","type":"image\/jpeg"}],"twitter_card":"summary_large_image","twitter_misc":{"Gi\u00e1":"9.700.000&#8363;","Kh\u1ea3 d\u1ee5ng":"Trong kho"},"schema":{"@context":"https:\/\/schema.org","@graph":[{"@type":"WebPage","@id":"https:\/\/vilight.vn\/website\/san-pham\/den-chieu-sang-facade\/am-dat-cao-cap\/den-am-dat-vi07-28w\/","url":"https:\/\/vilight.vn\/website\/san-pham\/den-chieu-sang-facade\/am-dat-cao-cap\/den-am-dat-vi07-28w\/","name":"\u0110\u00e8n \u00c2m \u0110\u1ea5t 28W, \u0110\u00e8n \u00c2m \u0110\u1ea5t 12x2.2W \u0111i\u1ec1u khi\u1ec3n t\u1eeb Trung T\u00e2m - Vilight Co.ltd","isPartOf":{"@id":"https:\/\/vilight.vn\/website\/#website"},"primaryImageOfPage":{"@id":"https:\/\/vilight.vn\/website\/san-pham\/den-chieu-sang-facade\/am-dat-cao-cap\/den-am-dat-vi07-28w\/#primaryimage"},"image":{"@id":"https:\/\/vilight.vn\/website\/san-pham\/den-chieu-sang-facade\/am-dat-cao-cap\/den-am-dat-vi07-28w\/#primaryimage"},"thumbnailUrl":"https:\/\/vilight.vn\/website\/wp-content\/uploads\/2023\/07\/Logo-den-am-dat-KPG04.jpg","datePublished":"2023-07-11T02:11:35+00:00","dateModified":"2024-10-04T02:46:21+00:00","description":"\u0110\u00e8n \u00e2m \u0111\u1ea5t 28W (\u0111\u00e8n \u00e2m \u0111\u1ea5t 12x2.2W) c\u00f3 kh\u1ea3 n\u0103ng gi\u00e1m s\u00e1t, \u0111i\u1ec1u khi\u1ec3n b\u1eadt\/t\u1eaft, \u0111i\u1ec1u ch\u1ec9nh \u0111\u1ed9 s\u00e1ng (c\u00f4ng su\u1ea5t) t\u1eeb ph\u1ea7n m\u1ec1m \u0111i\u1ec1u khi\u1ec3n th\u00f4ng minh.","breadcrumb":{"@id":"https:\/\/vilight.vn\/website\/san-pham\/den-chieu-sang-facade\/am-dat-cao-cap\/den-am-dat-vi07-28w\/#breadcrumb"},"inLanguage":"vi","potentialAction":[{"@type":"ReadAction","target":["https:\/\/vilight.vn\/website\/san-pham\/den-chieu-sang-facade\/am-dat-cao-cap\/den-am-dat-vi07-28w\/"]}]},{"@type":"ImageObject","inLanguage":"vi","@id":"https:\/\/vilight.vn\/website\/san-pham\/den-chieu-sang-facade\/am-dat-cao-cap\/den-am-dat-vi07-28w\/#primaryimage","url":"https:\/\/vilight.vn\/website\/wp-content\/uploads\/2023\/07\/Logo-den-am-dat-KPG04.jpg","contentUrl":"https:\/\/vilight.vn\/website\/wp-content\/uploads\/2023\/07\/Logo-den-am-dat-KPG04.jpg","width":600,"height":600,"caption":"XB2KFR1258"},{"@type":"BreadcrumbList","@id":"https:\/\/vilight.vn\/website\/san-pham\/den-chieu-sang-facade\/am-dat-cao-cap\/den-am-dat-vi07-28w\/#breadcrumb","itemListElement":[{"@type":"ListItem","position":1,"name":"Home","item":"https:\/\/vilight.vn\/website\/"},{"@type":"ListItem","position":2,"name":"store","item":"https:\/\/vilight.vn\/website\/store\/"},{"@type":"ListItem","position":3,"name":"\u0110\u00e8n \u00e2m \u0111\u1ea5t 28W &#8211; Vi07"}]},{"@type":"WebSite","@id":"https:\/\/vilight.vn\/website\/#website","url":"https:\/\/vilight.vn\/website\/","name":"Vilight Co.ltd","description":"Chi\u1ebfu s\u00e1ng m\u1ef9 thu\u1eadt, chi\u1ebfu s\u00e1ng th\u00f4ng minh, LED Pixel 3D, chi\u1ebfu s\u00e1ng trang tr\u00ed \u0111\u00f4 th\u1ecb, chi\u1ebfu s\u00e1ng v\u00f2ng xoay, chi\u1ebfu s\u00e1ng \u0111\u1ea3o giao th\u00f4ng, c\u1ed5ng ch\u00e0o \u0111\u00f4 th\u1ecb","publisher":{"@id":"https:\/\/vilight.vn\/website\/#organization"},"potentialAction":[{"@type":"SearchAction","target":{"@type":"EntryPoint","urlTemplate":"https:\/\/vilight.vn\/website\/?s={search_term_string}"},"query-input":{"@type":"PropertyValueSpecification","valueRequired":true,"valueName":"search_term_string"}}],"inLanguage":"vi"},{"@type":"Organization","@id":"https:\/\/vilight.vn\/website\/#organization","name":"Vilight","url":"https:\/\/vilight.vn\/website\/","logo":{"@type":"ImageObject","inLanguage":"vi","@id":"https:\/\/vilight.vn\/website\/#\/schema\/logo\/image\/","url":"https:\/\/vilight.vn\/website\/wp-content\/uploads\/2022\/05\/chieu_sang_trang_tri_do_thi_bang_den_led_pixel.png","contentUrl":"https:\/\/vilight.vn\/website\/wp-content\/uploads\/2022\/05\/chieu_sang_trang_tri_do_thi_bang_den_led_pixel.png","width":800,"height":427,"caption":"Vilight"},"image":{"@id":"https:\/\/vilight.vn\/website\/#\/schema\/logo\/image\/"},"sameAs":["http:\/\/facebook.com\/vilight.vn","https:\/\/www.linkedin.com\/company\/vilight-vn","https:\/\/www.youtube.com\/channel\/UCEwR2naeDcuarMX1kSv_rLQ\/videos"]}]},"product_brand":"\u0110\u00e8n \u00c2m \u0110\u1ea5t","product_price_amount":"9700000","product_price_currency":"VND","og_availability":"instock","product_availability":"instock","product_condition":"new"},"_links":{"self":[{"href":"https:\/\/vilight.vn\/website\/wp-json\/wp\/v2\/product\/4047","targetHints":{"allow":["GET"]}}],"collection":[{"href":"https:\/\/vilight.vn\/website\/wp-json\/wp\/v2\/product"}],"about":[{"href":"https:\/\/vilight.vn\/website\/wp-json\/wp\/v2\/types\/product"}],"wp:featuredmedia":[{"embeddable":true,"href":"https:\/\/vilight.vn\/website\/wp-json\/wp\/v2\/media\/4049"}],"wp:attachment":[{"href":"https:\/\/vilight.vn\/website\/wp-json\/wp\/v2\/media?parent=4047"}],"wp:term":[{"taxonomy":"product_brand","embeddable":true,"href":"https:\/\/vilight.vn\/website\/wp-json\/wp\/v2\/product_brand?post=4047"},{"taxonomy":"product_cat","embeddable":true,"href":"https:\/\/vilight.vn\/website\/wp-json\/wp\/v2\/product_cat?post=4047"},{"taxonomy":"product_tag","embeddable":true,"href":"https:\/\/vilight.vn\/website\/wp-json\/wp\/v2\/product_tag?post=4047"}],"curies":[{"name":"wp","href":"https:\/\/api.w.org\/{rel}","templated":true}]}}