{"id":4065,"date":"2023-07-11T10:36:14","date_gmt":"2023-07-11T03:36:14","guid":{"rendered":"https:\/\/vilight.vn\/website\/?post_type=product&#038;p=4065"},"modified":"2024-10-04T09:55:11","modified_gmt":"2024-10-04T02:55:11","slug":"den-am-dat-vi08-25w","status":"publish","type":"product","link":"https:\/\/vilight.vn\/website\/san-pham\/den-chieu-sang-facade\/am-dat-cao-cap\/den-am-dat-vi08-25w\/","title":{"rendered":"\u0110\u00e8n \u00e2m \u0111\u1ea5t Vi08 &#8211; 25W"},"content":{"rendered":"<h2>\u0110\u00e8n \u00e2m \u0111\u1ea5t 25W COB (\u0111\u00e8n \u00e2m \u0111\u1ea5t chi\u1ebfu c\u00e2y xanh) :<\/h2>\n<ul>\n<li>\u0110\u00e8n \u00c2m \u0111\u1ea5t Vi08 (\u0111\u00e8n \u00e2m \u0111\u1ea5t 1x25W, \u0111\u00e8n \u00e2m \u0111\u1ea5t COB 25W) l\u00e0 lo\u1ea1i \u0111\u00e8n \u00e2m \u0111\u1ea5t n\u1eb1m \u1edf ph\u00e2n kh\u00fac s\u1ea3n ph\u1ea9m trung c\u1ea5p.<\/li>\n<li>v\u1ecf b\u1eb1ng nh\u00f4m \u0111\u00fac \u00e1p su\u1ea5t cao s\u01a1n t\u0129nh \u0111i\u1ec7n.<\/li>\n<li>m\u1eb7t \u0111\u00e8n b\u1eb1ng th\u00e9p kh\u00f4ng g\u1ec9 SUS316L v\u00e0 k\u00ednh c\u01b0\u1eddng l\u1ef1c d\u00e0y 8mm.<\/li>\n<li>S\u1eed d\u1ee5ng ch\u1ee7 y\u1ebfu trong chi\u1ebfu s\u00e1ng c\u1ea3nh quan (\u0111\u00e8n \u00e2m \u0111\u1ea5t chi\u1ebfu c\u00e2y xanh).<\/li>\n<li>V\u1edbi g\u00f3c pha h\u1eb9p 120, s\u1eed d\u1ee5ng cho chi\u1ebfu s\u00e1ng ki\u1ebfn tr\u00fac.<\/li>\n<li>M\u1eb7t \u0111\u00e8n c\u00f3 t\u00edch h\u1ee3p l\u01b0\u1edbi ch\u1ed1ng ch\u00f3i \u0111\u1ec3 ch\u1ed1ng \u00e1nh s\u00e1ng ch\u00f3i ng\u01b0\u1ee3c v\u00e0o m\u1eaft ng\u01b0\u1eddi xem.<\/li>\n<li>\u0110\u00e8n \u0111\u01b0\u1ee3c thi\u1ebft k\u1ebf ch\u1eafc ch\u1eafn, ch\u1ecbu \u0111\u01b0\u1ee3c t\u1ea3i tr\u1ecdng \u0111\u00e8 l\u00ean m\u1eb7t \u0111\u00e8n, kh\u1ed1i l\u01b0\u1ee3ng t\u1ea3i tr\u1ecdng l\u00ean t\u1edbi 2.500kg.<\/li>\n<li>\u0110\u00e8n c\u00f3 kh\u1ea3 n\u0103ng gi\u00e1m s\u00e1t, \u0111i\u1ec1u khi\u1ec3n b\u1eadt\/t\u1eaft, ti\u1ebft gi\u1ea3m t\u1eeb trung t\u00e2m \u0111i\u1ec1u khi\u1ec3n.<\/li>\n<\/ul>\n<p>&nbsp;<\/p>\n<ul>\n<li>Chip LED COB Nichia (Nh\u1eadt B\u1ea3n) t\u1ea1o ra hi\u1ec7u qu\u1ea3 \u00e1nh s\u00e1ng cao c\u1ea5p, b\u1ec1n \u0111\u1eb9p.<br \/>\nhide<img decoding=\"async\" data-src=\"https:\/\/vilight.vn\/website\/wp-content\/uploads\/2023\/07\/den-am-dat-25w-cob.jpg#4609\" alt=\"den am dat 25w cob\" src=\"data:image\/svg+xml;base64,PHN2ZyB3aWR0aD0iMSIgaGVpZ2h0PSIxIiB4bWxucz0iaHR0cDovL3d3dy53My5vcmcvMjAwMC9zdmciPjwvc3ZnPg==\" class=\"lazyload\" style=\"--smush-placeholder-width: 1150px; --smush-placeholder-aspect-ratio: 1150\/360;\" \/><br \/>\nfull<br \/>\n\u0110\u00e8n \u00e2m \u0111\u1ea5t 25W COB<br \/>\n\u0110\u00e8n \u00e2m \u0111\u1ea5t chi\u1ebfu s\u00e1ng ki\u1ebfn tr\u00fac, c\u1ea3nh quan.<br \/>\ncontain<br \/>\ncenter center<br \/>\nhide<\/li>\n<\/ul>\n<h2>Th\u00f4ng s\u1ed1 k\u1ef9 thu\u1eadt \u0111\u00e8n \u00e2m \u0111\u1ea5t 25W\u00a0 :<\/h2>\n<ul>\n<li>Th\u00f4ng tinTh\u00f4ng s\u1ed1 k\u1ef9 thu\u1eadt<\/li>\n<li>Ngu\u1ed3n s\u00e1ng1 x 25W, chip COB Nichia.<\/li>\n<li>G\u00f3c chi\u1ebfu12\u00b0 25\u00b0 38\u00b0.<\/li>\n<li>\u0110i\u1ec7n \u00e1p ho\u1ea1t \u0111\u1ed9ng.<\/li>\n<li>C\u00f3 c\u00e1c phi\u00ean b\u1ea3n ho\u1ea1t \u0111\u1ed9ng v\u1edbi \u0111i\u1ec7n \u00e1p DC24V ho\u1eb7c AC220V.<\/li>\n<li>C\u00f4ng su\u1ea5t ti\u00eau hao17W (\u0111\u1ed1i v\u1edbi \u0111\u00e8n DC24V), 18.5W (\u0111o \u1edf \u0111i\u1ec7n \u00e1p AC240V).<\/li>\n<li>C\u00e0i \u0111\u1eb7t t\u1eeb trung t\u00e2mC\u00e0i \u0111\u1eb7t l\u1ecbch ho\u1ea1t \u0111\u1ed9ng (th\u1eddi gian \u0111\u00f3ng, t\u1eaft, th\u1eddi gian v\u00e0 m\u1ee9c ti\u1ebft gi\u1ea3m c\u00f4ng su\u1ea5t).<\/li>\n<li>\u0110i\u1ec1u khi\u1ec3n t\u1ee9c th\u1eddi.<\/li>\n<\/ul>\n<p>&nbsp;<\/p>\n<ul>\n<li>T\u00ednh n\u0103ng c\u00e0i \u0111\u1eb7t t\u1eeb trung t\u00e2m s\u1eed d\u1ee5ng khi k\u1ebft n\u1ed1i v\u1edbi <a href=\"https:\/\/vilight.vn\/website\/san-pham\/chieu-sang-thong-minh\/bo-dieu-khien-den-idim\/\">b\u1ed9 \u0111i\u1ec1u khi\u1ec3n idim<\/a> v\u00e0\u00a0 <a href=\"https:\/\/vilight.vn\/website\/san-pham\/chieu-sang-thong-minh\/tu-chieu-sang-thong-minh\/tu-chieu-sang-thong-minh\/\">t\u1ee7 \u0111i\u1ec1u khi\u1ec3n chi\u1ebfu s\u00e1ng th\u00f4ng minh.<\/a><\/li>\n<li>Quang th\u00f4ng2.800 lumens \u0111\u1ed1i v\u1edbi \u0111\u00e8n 4.000K, 2500lumens \u0111\u1ed1i v\u1edbi \u0111\u00e8n 3.000K.<\/li>\n<li>Nhi\u1ec7t \u0111\u1ed9 ho\u1ea1t \u0111\u1ed9ng &#8211; 20\u00baC ~ 40\u00baC.<\/li>\n<li>D\u00e2y c\u00e1p theo \u0111\u00e8n3\u00d71.0mm\u00b2, L=0.5m.<\/li>\n<li>\u0110\u1ed9 k\u00ednIP67.<\/li>\n<li>\u0110\u1ed9 c\u1ee9ng IK09.<\/li>\n<li>\u0110\u1ed9 d\u00e0y m\u1eb7t k\u00ednh 10 mm.<\/li>\n<li>T\u1ea3i tr\u1ecdng ch\u1ecbu l\u1ef1c5.000kg<br \/>\nhide<img decoding=\"async\" data-src=\"https:\/\/vilight.vn\/website\/wp-content\/uploads\/2023\/07\/so-do-phan-bo-anh-sang-den-am-dat-1x25WCOB.jpg#4610\" alt=\"so do phan bo anh sang den am dat 1x25WCOB\" src=\"data:image\/svg+xml;base64,PHN2ZyB3aWR0aD0iMSIgaGVpZ2h0PSIxIiB4bWxucz0iaHR0cDovL3d3dy53My5vcmcvMjAwMC9zdmciPjwvc3ZnPg==\" class=\"lazyload\" style=\"--smush-placeholder-width: 1724px; --smush-placeholder-aspect-ratio: 1724\/387;\" \/><br \/>\nfull<br \/>\nQuang ph\u1ed5 \u0111\u00e8n \u00e2m \u0111\u1ea5t 25W COB<br \/>\nS\u01a1 \u0111\u1ed3 quang ph\u1ed5 \u1ee9ng v\u1edbi g\u00f3c chi\u1ebfu 25 \u0111\u1ed9.<br \/>\ncontain<br \/>\ncenter center<br \/>\nhide<\/li>\n<\/ul>\n","protected":false},"excerpt":{"rendered":"<p style=\"text-align: justify;\"><span style=\"font-size: 12pt;\">Kh\u00e1m ph\u00e1 \u0111\u00e8n \u00e2m \u0111\u1ea5t Vi15, V\u1edbi ngu\u1ed3n s\u00e1ng COB 25W, ph\u00f9 h\u1ee3p cho chi\u1ebfu s\u00e1ng ki\u1ebfn tr\u00fac (chi\u1ebfu s\u00e1ng c\u00e1c c\u1ed9t \u0111\u1ee9ng, chi\u1ebfu s\u00e1ng m\u1eb7t d\u1ef1ng, \u0111\u1ed1i t\u01b0\u1ee3ng ki\u1ebfn tr\u00fac, ph\u00f9 \u0111i\u00eau &#8230;), chi\u1ebfu s\u00e1ng c\u1ea3nh quan (c\u00e2y xanh, chi ti\u1ebft trang tr\u00ed &#8230;)<\/span><\/p>\n","protected":false},"featured_media":4066,"template":"","meta":[],"product_brand":[],"product_cat":[514],"product_tag":[523],"class_list":{"0":"post-4065","1":"product","2":"type-product","3":"status-publish","4":"has-post-thumbnail","6":"product_cat-am-dat-cao-cap","7":"product_tag-den-am-dat-vl-vi15","8":"pa_chuan-dieu-khien-1-10v","9":"pa_chuan-dieu-khien-on-off","10":"pa_cong-suat-25w","11":"pa_dien-ap-hoat-dong-24vdc","12":"pa_dien-ap-hoat-dong-ac-120-240v","13":"pa_do-kin-ip67","14":"pa_goc-chieu-289","15":"pa_goc-chieu-232","16":"pa_goc-chieu-293","17":"pa_nhiet-do-mau-3000k","18":"pa_nhiet-do-mau-6000k","20":"first","21":"instock","22":"taxable","23":"shipping-taxable","24":"purchasable","25":"product-type-simple"},"yoast_head":"<!-- This site is optimized with the Yoast SEO Premium plugin v27.4 (Yoast SEO v27.4) - https:\/\/yoast.com\/product\/yoast-seo-premium-wordpress\/ -->\n<title>\u0110\u00e8n \u00e2m \u0111\u1ea5t 25W COB k\u00e8m l\u01b0\u1edbi ch\u1ed1ng ch\u00f3i, \u0111i\u1ec1u khi\u1ec3n th\u00f4ng minh - Vilight Co.ltd<\/title>\n<meta name=\"description\" content=\"\u0110\u00e8n \u00e2m \u0111\u1ea5t 25W COB chip LED Nichia v\u1edbi l\u01b0\u1edbi ch\u1ed1ng ch\u00f3i, \u0111i\u1ec1u khi\u1ec3n th\u00f4ng minh b\u1eb1ng \u0111i\u1ec7n tho\u1ea1i di \u0111\u1ed9ng, thay \u0111\u1ed5i c\u01b0\u1eddng \u0111\u1ed9 s\u00e1ng theo l\u1ecbch.\" \/>\n<meta name=\"robots\" content=\"index, follow, max-snippet:-1, max-image-preview:large, max-video-preview:-1\" \/>\n<link rel=\"canonical\" href=\"https:\/\/vilight.vn\/website\/san-pham\/den-chieu-sang-facade\/am-dat-cao-cap\/den-am-dat-vi08-25w\/\" \/>\n<meta property=\"og:locale\" content=\"vi_VN\" \/>\n<meta property=\"og:type\" content=\"article\" \/>\n<meta property=\"og:title\" content=\"\u0110\u00e8n \u00e2m \u0111\u1ea5t Vi08 - 25W\" \/>\n<meta property=\"og:description\" content=\"Kh\u00e1m ph\u00e1 \u0111\u00e8n \u00e2m \u0111\u1ea5t Vi15, V\u1edbi ngu\u1ed3n s\u00e1ng COB 25W, ph\u00f9 h\u1ee3p cho chi\u1ebfu s\u00e1ng ki\u1ebfn tr\u00fac (chi\u1ebfu s\u00e1ng c\u00e1c c\u1ed9t \u0111\u1ee9ng, chi\u1ebfu s\u00e1ng m\u1eb7t d\u1ef1ng, \u0111\u1ed1i t\u01b0\u1ee3ng ki\u1ebfn tr\u00fac, ph\u00f9 \u0111i\u00eau ...), chi\u1ebfu s\u00e1ng c\u1ea3nh quan (c\u00e2y xanh, chi ti\u1ebft trang tr\u00ed ...)\" \/>\n<meta property=\"og:url\" content=\"https:\/\/vilight.vn\/website\/san-pham\/den-chieu-sang-facade\/am-dat-cao-cap\/den-am-dat-vi08-25w\/\" \/>\n<meta property=\"og:site_name\" content=\"Vilight Co.ltd\" \/>\n<meta property=\"article:publisher\" content=\"http:\/\/facebook.com\/vilight.vn\" \/>\n<meta property=\"article:modified_time\" content=\"2024-10-04T02:55:11+00:00\" \/>\n<meta property=\"og:image\" content=\"https:\/\/vilight.vn\/website\/wp-content\/uploads\/2023\/07\/logo-den-am-dat-Vi15.jpg\" \/>\n\t<meta property=\"og:image:width\" content=\"537\" \/>\n\t<meta property=\"og:image:height\" content=\"537\" \/>\n\t<meta property=\"og:image:type\" content=\"image\/jpeg\" \/>\n<meta name=\"twitter:card\" content=\"summary_large_image\" \/>\n<meta name=\"twitter:label1\" content=\"Gi\u00e1\" \/>\n\t<meta name=\"twitter:data1\" content=\"7.200.000&#8363;\" \/>\n\t<meta name=\"twitter:label2\" content=\"Kh\u1ea3 d\u1ee5ng\" \/>\n\t<meta name=\"twitter:data2\" content=\"Trong kho\" \/>\n<script type=\"application\/ld+json\" class=\"yoast-schema-graph\">{\"@context\":\"https:\\\/\\\/schema.org\",\"@graph\":[{\"@type\":\"WebPage\",\"@id\":\"https:\\\/\\\/vilight.vn\\\/website\\\/san-pham\\\/den-chieu-sang-facade\\\/am-dat-cao-cap\\\/den-am-dat-vi08-25w\\\/\",\"url\":\"https:\\\/\\\/vilight.vn\\\/website\\\/san-pham\\\/den-chieu-sang-facade\\\/am-dat-cao-cap\\\/den-am-dat-vi08-25w\\\/\",\"name\":\"\u0110\u00e8n \u00e2m \u0111\u1ea5t 25W COB k\u00e8m l\u01b0\u1edbi ch\u1ed1ng ch\u00f3i, \u0111i\u1ec1u khi\u1ec3n th\u00f4ng minh - Vilight Co.ltd\",\"isPartOf\":{\"@id\":\"https:\\\/\\\/vilight.vn\\\/website\\\/#website\"},\"primaryImageOfPage\":{\"@id\":\"https:\\\/\\\/vilight.vn\\\/website\\\/san-pham\\\/den-chieu-sang-facade\\\/am-dat-cao-cap\\\/den-am-dat-vi08-25w\\\/#primaryimage\"},\"image\":{\"@id\":\"https:\\\/\\\/vilight.vn\\\/website\\\/san-pham\\\/den-chieu-sang-facade\\\/am-dat-cao-cap\\\/den-am-dat-vi08-25w\\\/#primaryimage\"},\"thumbnailUrl\":\"https:\\\/\\\/vilight.vn\\\/website\\\/wp-content\\\/uploads\\\/2023\\\/07\\\/logo-den-am-dat-Vi15.jpg\",\"datePublished\":\"2023-07-11T03:36:14+00:00\",\"dateModified\":\"2024-10-04T02:55:11+00:00\",\"description\":\"\u0110\u00e8n \u00e2m \u0111\u1ea5t 25W COB chip LED Nichia v\u1edbi l\u01b0\u1edbi ch\u1ed1ng ch\u00f3i, \u0111i\u1ec1u khi\u1ec3n th\u00f4ng minh b\u1eb1ng \u0111i\u1ec7n tho\u1ea1i di \u0111\u1ed9ng, thay \u0111\u1ed5i c\u01b0\u1eddng \u0111\u1ed9 s\u00e1ng theo l\u1ecbch.\",\"breadcrumb\":{\"@id\":\"https:\\\/\\\/vilight.vn\\\/website\\\/san-pham\\\/den-chieu-sang-facade\\\/am-dat-cao-cap\\\/den-am-dat-vi08-25w\\\/#breadcrumb\"},\"inLanguage\":\"vi\",\"potentialAction\":[{\"@type\":\"ReadAction\",\"target\":[\"https:\\\/\\\/vilight.vn\\\/website\\\/san-pham\\\/den-chieu-sang-facade\\\/am-dat-cao-cap\\\/den-am-dat-vi08-25w\\\/\"]}]},{\"@type\":\"ImageObject\",\"inLanguage\":\"vi\",\"@id\":\"https:\\\/\\\/vilight.vn\\\/website\\\/san-pham\\\/den-chieu-sang-facade\\\/am-dat-cao-cap\\\/den-am-dat-vi08-25w\\\/#primaryimage\",\"url\":\"https:\\\/\\\/vilight.vn\\\/website\\\/wp-content\\\/uploads\\\/2023\\\/07\\\/logo-den-am-dat-Vi15.jpg\",\"contentUrl\":\"https:\\\/\\\/vilight.vn\\\/website\\\/wp-content\\\/uploads\\\/2023\\\/07\\\/logo-den-am-dat-Vi15.jpg\",\"width\":537,\"height\":537,\"caption\":\"\u0110\u00e8n \u00e2m \u0111\u1ea5t VL Vi15\"},{\"@type\":\"BreadcrumbList\",\"@id\":\"https:\\\/\\\/vilight.vn\\\/website\\\/san-pham\\\/den-chieu-sang-facade\\\/am-dat-cao-cap\\\/den-am-dat-vi08-25w\\\/#breadcrumb\",\"itemListElement\":[{\"@type\":\"ListItem\",\"position\":1,\"name\":\"Home\",\"item\":\"https:\\\/\\\/vilight.vn\\\/website\\\/\"},{\"@type\":\"ListItem\",\"position\":2,\"name\":\"store\",\"item\":\"https:\\\/\\\/vilight.vn\\\/website\\\/store\\\/\"},{\"@type\":\"ListItem\",\"position\":3,\"name\":\"\u0110\u00e8n \u00e2m \u0111\u1ea5t Vi08 &#8211; 25W\"}]},{\"@type\":\"WebSite\",\"@id\":\"https:\\\/\\\/vilight.vn\\\/website\\\/#website\",\"url\":\"https:\\\/\\\/vilight.vn\\\/website\\\/\",\"name\":\"Vilight Co.ltd\",\"description\":\"Chi\u1ebfu s\u00e1ng m\u1ef9 thu\u1eadt, chi\u1ebfu s\u00e1ng th\u00f4ng minh, LED Pixel 3D, chi\u1ebfu s\u00e1ng trang tr\u00ed \u0111\u00f4 th\u1ecb, chi\u1ebfu s\u00e1ng v\u00f2ng xoay, chi\u1ebfu s\u00e1ng \u0111\u1ea3o giao th\u00f4ng, c\u1ed5ng ch\u00e0o \u0111\u00f4 th\u1ecb\",\"publisher\":{\"@id\":\"https:\\\/\\\/vilight.vn\\\/website\\\/#organization\"},\"potentialAction\":[{\"@type\":\"SearchAction\",\"target\":{\"@type\":\"EntryPoint\",\"urlTemplate\":\"https:\\\/\\\/vilight.vn\\\/website\\\/?s={search_term_string}\"},\"query-input\":{\"@type\":\"PropertyValueSpecification\",\"valueRequired\":true,\"valueName\":\"search_term_string\"}}],\"inLanguage\":\"vi\"},{\"@type\":\"Organization\",\"@id\":\"https:\\\/\\\/vilight.vn\\\/website\\\/#organization\",\"name\":\"Vilight\",\"url\":\"https:\\\/\\\/vilight.vn\\\/website\\\/\",\"logo\":{\"@type\":\"ImageObject\",\"inLanguage\":\"vi\",\"@id\":\"https:\\\/\\\/vilight.vn\\\/website\\\/#\\\/schema\\\/logo\\\/image\\\/\",\"url\":\"https:\\\/\\\/vilight.vn\\\/website\\\/wp-content\\\/uploads\\\/2022\\\/05\\\/chieu_sang_trang_tri_do_thi_bang_den_led_pixel.png\",\"contentUrl\":\"https:\\\/\\\/vilight.vn\\\/website\\\/wp-content\\\/uploads\\\/2022\\\/05\\\/chieu_sang_trang_tri_do_thi_bang_den_led_pixel.png\",\"width\":800,\"height\":427,\"caption\":\"Vilight\"},\"image\":{\"@id\":\"https:\\\/\\\/vilight.vn\\\/website\\\/#\\\/schema\\\/logo\\\/image\\\/\"},\"sameAs\":[\"http:\\\/\\\/facebook.com\\\/vilight.vn\",\"https:\\\/\\\/www.linkedin.com\\\/company\\\/vilight-vn\",\"https:\\\/\\\/www.youtube.com\\\/channel\\\/UCEwR2naeDcuarMX1kSv_rLQ\\\/videos\"]}]}<\/script>\n<meta property=\"product:brand\" content=\"\u0110\u00e8n \u00c2m \u0110\u1ea5t\" \/>\n<meta property=\"product:price:amount\" content=\"7200000\" \/>\n<meta property=\"product:price:currency\" content=\"VND\" \/>\n<meta property=\"og:availability\" content=\"instock\" \/>\n<meta property=\"product:availability\" content=\"instock\" \/>\n<meta property=\"product:condition\" content=\"new\" \/>\n<!-- \/ Yoast SEO Premium plugin. -->","yoast_head_json":{"title":"\u0110\u00e8n \u00e2m \u0111\u1ea5t 25W COB k\u00e8m l\u01b0\u1edbi ch\u1ed1ng ch\u00f3i, \u0111i\u1ec1u khi\u1ec3n th\u00f4ng minh - Vilight Co.ltd","description":"\u0110\u00e8n \u00e2m \u0111\u1ea5t 25W COB chip LED Nichia v\u1edbi l\u01b0\u1edbi ch\u1ed1ng ch\u00f3i, \u0111i\u1ec1u khi\u1ec3n th\u00f4ng minh b\u1eb1ng \u0111i\u1ec7n tho\u1ea1i di \u0111\u1ed9ng, thay \u0111\u1ed5i c\u01b0\u1eddng \u0111\u1ed9 s\u00e1ng theo l\u1ecbch.","robots":{"index":"index","follow":"follow","max-snippet":"max-snippet:-1","max-image-preview":"max-image-preview:large","max-video-preview":"max-video-preview:-1"},"canonical":"https:\/\/vilight.vn\/website\/san-pham\/den-chieu-sang-facade\/am-dat-cao-cap\/den-am-dat-vi08-25w\/","og_locale":"vi_VN","og_type":"article","og_title":"\u0110\u00e8n \u00e2m \u0111\u1ea5t Vi08 - 25W","og_description":"Kh\u00e1m ph\u00e1 \u0111\u00e8n \u00e2m \u0111\u1ea5t Vi15, V\u1edbi ngu\u1ed3n s\u00e1ng COB 25W, ph\u00f9 h\u1ee3p cho chi\u1ebfu s\u00e1ng ki\u1ebfn tr\u00fac (chi\u1ebfu s\u00e1ng c\u00e1c c\u1ed9t \u0111\u1ee9ng, chi\u1ebfu s\u00e1ng m\u1eb7t d\u1ef1ng, \u0111\u1ed1i t\u01b0\u1ee3ng ki\u1ebfn tr\u00fac, ph\u00f9 \u0111i\u00eau ...), chi\u1ebfu s\u00e1ng c\u1ea3nh quan (c\u00e2y xanh, chi ti\u1ebft trang tr\u00ed ...)","og_url":"https:\/\/vilight.vn\/website\/san-pham\/den-chieu-sang-facade\/am-dat-cao-cap\/den-am-dat-vi08-25w\/","og_site_name":"Vilight Co.ltd","article_publisher":"http:\/\/facebook.com\/vilight.vn","article_modified_time":"2024-10-04T02:55:11+00:00","og_image":[{"width":537,"height":537,"url":"https:\/\/vilight.vn\/website\/wp-content\/uploads\/2023\/07\/logo-den-am-dat-Vi15.jpg","type":"image\/jpeg"}],"twitter_card":"summary_large_image","twitter_misc":{"Gi\u00e1":"7.200.000&#8363;","Kh\u1ea3 d\u1ee5ng":"Trong kho"},"schema":{"@context":"https:\/\/schema.org","@graph":[{"@type":"WebPage","@id":"https:\/\/vilight.vn\/website\/san-pham\/den-chieu-sang-facade\/am-dat-cao-cap\/den-am-dat-vi08-25w\/","url":"https:\/\/vilight.vn\/website\/san-pham\/den-chieu-sang-facade\/am-dat-cao-cap\/den-am-dat-vi08-25w\/","name":"\u0110\u00e8n \u00e2m \u0111\u1ea5t 25W COB k\u00e8m l\u01b0\u1edbi ch\u1ed1ng ch\u00f3i, \u0111i\u1ec1u khi\u1ec3n th\u00f4ng minh - Vilight Co.ltd","isPartOf":{"@id":"https:\/\/vilight.vn\/website\/#website"},"primaryImageOfPage":{"@id":"https:\/\/vilight.vn\/website\/san-pham\/den-chieu-sang-facade\/am-dat-cao-cap\/den-am-dat-vi08-25w\/#primaryimage"},"image":{"@id":"https:\/\/vilight.vn\/website\/san-pham\/den-chieu-sang-facade\/am-dat-cao-cap\/den-am-dat-vi08-25w\/#primaryimage"},"thumbnailUrl":"https:\/\/vilight.vn\/website\/wp-content\/uploads\/2023\/07\/logo-den-am-dat-Vi15.jpg","datePublished":"2023-07-11T03:36:14+00:00","dateModified":"2024-10-04T02:55:11+00:00","description":"\u0110\u00e8n \u00e2m \u0111\u1ea5t 25W COB chip LED Nichia v\u1edbi l\u01b0\u1edbi ch\u1ed1ng ch\u00f3i, \u0111i\u1ec1u khi\u1ec3n th\u00f4ng minh b\u1eb1ng \u0111i\u1ec7n tho\u1ea1i di \u0111\u1ed9ng, thay \u0111\u1ed5i c\u01b0\u1eddng \u0111\u1ed9 s\u00e1ng theo l\u1ecbch.","breadcrumb":{"@id":"https:\/\/vilight.vn\/website\/san-pham\/den-chieu-sang-facade\/am-dat-cao-cap\/den-am-dat-vi08-25w\/#breadcrumb"},"inLanguage":"vi","potentialAction":[{"@type":"ReadAction","target":["https:\/\/vilight.vn\/website\/san-pham\/den-chieu-sang-facade\/am-dat-cao-cap\/den-am-dat-vi08-25w\/"]}]},{"@type":"ImageObject","inLanguage":"vi","@id":"https:\/\/vilight.vn\/website\/san-pham\/den-chieu-sang-facade\/am-dat-cao-cap\/den-am-dat-vi08-25w\/#primaryimage","url":"https:\/\/vilight.vn\/website\/wp-content\/uploads\/2023\/07\/logo-den-am-dat-Vi15.jpg","contentUrl":"https:\/\/vilight.vn\/website\/wp-content\/uploads\/2023\/07\/logo-den-am-dat-Vi15.jpg","width":537,"height":537,"caption":"\u0110\u00e8n \u00e2m \u0111\u1ea5t VL Vi15"},{"@type":"BreadcrumbList","@id":"https:\/\/vilight.vn\/website\/san-pham\/den-chieu-sang-facade\/am-dat-cao-cap\/den-am-dat-vi08-25w\/#breadcrumb","itemListElement":[{"@type":"ListItem","position":1,"name":"Home","item":"https:\/\/vilight.vn\/website\/"},{"@type":"ListItem","position":2,"name":"store","item":"https:\/\/vilight.vn\/website\/store\/"},{"@type":"ListItem","position":3,"name":"\u0110\u00e8n \u00e2m \u0111\u1ea5t Vi08 &#8211; 25W"}]},{"@type":"WebSite","@id":"https:\/\/vilight.vn\/website\/#website","url":"https:\/\/vilight.vn\/website\/","name":"Vilight Co.ltd","description":"Chi\u1ebfu s\u00e1ng m\u1ef9 thu\u1eadt, chi\u1ebfu s\u00e1ng th\u00f4ng minh, LED Pixel 3D, chi\u1ebfu s\u00e1ng trang tr\u00ed \u0111\u00f4 th\u1ecb, chi\u1ebfu s\u00e1ng v\u00f2ng xoay, chi\u1ebfu s\u00e1ng \u0111\u1ea3o giao th\u00f4ng, c\u1ed5ng ch\u00e0o \u0111\u00f4 th\u1ecb","publisher":{"@id":"https:\/\/vilight.vn\/website\/#organization"},"potentialAction":[{"@type":"SearchAction","target":{"@type":"EntryPoint","urlTemplate":"https:\/\/vilight.vn\/website\/?s={search_term_string}"},"query-input":{"@type":"PropertyValueSpecification","valueRequired":true,"valueName":"search_term_string"}}],"inLanguage":"vi"},{"@type":"Organization","@id":"https:\/\/vilight.vn\/website\/#organization","name":"Vilight","url":"https:\/\/vilight.vn\/website\/","logo":{"@type":"ImageObject","inLanguage":"vi","@id":"https:\/\/vilight.vn\/website\/#\/schema\/logo\/image\/","url":"https:\/\/vilight.vn\/website\/wp-content\/uploads\/2022\/05\/chieu_sang_trang_tri_do_thi_bang_den_led_pixel.png","contentUrl":"https:\/\/vilight.vn\/website\/wp-content\/uploads\/2022\/05\/chieu_sang_trang_tri_do_thi_bang_den_led_pixel.png","width":800,"height":427,"caption":"Vilight"},"image":{"@id":"https:\/\/vilight.vn\/website\/#\/schema\/logo\/image\/"},"sameAs":["http:\/\/facebook.com\/vilight.vn","https:\/\/www.linkedin.com\/company\/vilight-vn","https:\/\/www.youtube.com\/channel\/UCEwR2naeDcuarMX1kSv_rLQ\/videos"]}]},"product_brand":"\u0110\u00e8n \u00c2m \u0110\u1ea5t","product_price_amount":"7200000","product_price_currency":"VND","og_availability":"instock","product_availability":"instock","product_condition":"new"},"_links":{"self":[{"href":"https:\/\/vilight.vn\/website\/wp-json\/wp\/v2\/product\/4065","targetHints":{"allow":["GET"]}}],"collection":[{"href":"https:\/\/vilight.vn\/website\/wp-json\/wp\/v2\/product"}],"about":[{"href":"https:\/\/vilight.vn\/website\/wp-json\/wp\/v2\/types\/product"}],"wp:featuredmedia":[{"embeddable":true,"href":"https:\/\/vilight.vn\/website\/wp-json\/wp\/v2\/media\/4066"}],"wp:attachment":[{"href":"https:\/\/vilight.vn\/website\/wp-json\/wp\/v2\/media?parent=4065"}],"wp:term":[{"taxonomy":"product_brand","embeddable":true,"href":"https:\/\/vilight.vn\/website\/wp-json\/wp\/v2\/product_brand?post=4065"},{"taxonomy":"product_cat","embeddable":true,"href":"https:\/\/vilight.vn\/website\/wp-json\/wp\/v2\/product_cat?post=4065"},{"taxonomy":"product_tag","embeddable":true,"href":"https:\/\/vilight.vn\/website\/wp-json\/wp\/v2\/product_tag?post=4065"}],"curies":[{"name":"wp","href":"https:\/\/api.w.org\/{rel}","templated":true}]}}