{"id":4211,"date":"2023-07-14T10:18:21","date_gmt":"2023-07-14T03:18:21","guid":{"rendered":"https:\/\/vilight.vn\/website\/?post_type=product&#038;p=4211"},"modified":"2024-10-02T10:32:36","modified_gmt":"2024-10-02T03:32:36","slug":"den-pha-vlf-k02","status":"publish","type":"product","link":"https:\/\/vilight.vn\/website\/san-pham\/den-chieu-sang-facade\/den-pha-vlf-k02\/","title":{"rendered":"\u0110\u00e8n pha VLF K02"},"content":{"rendered":"<h2 style=\"text-align: justify;\"><span style=\"font-size: 18pt;\">\u0110\u00e8n pha VLF K02 &#8211; K\u1ebft h\u1ee3p s\u1ef1 tinh t\u1ebf v\u00e0 hi\u1ec7u su\u1ea5t v\u01b0\u1ee3t tr\u1ed9i.\u00a0<\/span><\/h2>\n<p style=\"text-align: justify;\"><span style=\"font-size: 14pt;\">\u0110\u00e8n pha K02 l\u00e0 m\u1ed9t l\u1ef1a ch\u1ecdn ho\u00e0n h\u1ea3o cho vi\u1ec7c chi\u1ebfu s\u00e1ng chuy\u00ean nghi\u1ec7p trong c\u00e1c kh\u00f4ng gian n\u1ed9i th\u1ea5t hi\u1ec7n \u0111\u1ea1i. V\u1edbi thi\u1ebft k\u1ebf \u0111\u1eb9p m\u1eaft, c\u00f4ng ngh\u1ec7 ti\u00ean ti\u1ebfn v\u00e0 kh\u1ea3 n\u0103ng cung c\u1ea5p \u00e1nh s\u00e1ng tuy\u1ec7t v\u1eddi, \u0111\u00e8n pha VLF K02 l\u00e0 m\u1ed9t s\u1ea3n ph\u1ea9m xu\u1ea5t s\u1eafc \u0111\u00e1ng \u0111\u1ec3 \u0111\u1ea7u t\u01b0.<\/span><\/p>\n<p style=\"text-align: justify;\"><span style=\"font-size: 14pt;\">V\u1edbi ngu\u1ed3n s\u00e1ng 18 b\u00f3ng LED c\u00f4ng su\u1ea5t 4.5W m\u1ed7i b\u00f3ng, \u0111\u00e8n pha VLF K02 mang l\u1ea1i \u00e1nh s\u00e1ng m\u1ea1nh m\u1ebd v\u00e0 r\u00f5 r\u00e0ng. Kh\u1ea3 n\u0103ng chi\u1ebfu s\u00e1ng t\u1ed1t gi\u00fap t\u1ea1o ra m\u1ed9t m\u00f4i tr\u01b0\u1eddng s\u00e1ng t\u1ef1 nhi\u00ean v\u00e0 t\u0103ng c\u01b0\u1eddng s\u1ef1 t\u1eadp trung. B\u00ean c\u1ea1nh \u0111\u00f3, \u1ed1ng k\u00ednh B92 ch\u1ea5t l\u01b0\u1ee3ng cao cung c\u1ea5p m\u1ed9t g\u00f3c chi\u1ebfu r\u1ed9ng v\u00e0 c\u00e2n \u0111\u1ed1i, gi\u00fap ph\u00e2n b\u1ed1 \u00e1nh s\u00e1ng \u0111\u1ed3ng \u0111\u1ec1u v\u00e0 kh\u00f4ng g\u00e2y ch\u00f3i m\u1eaft.<\/span><\/p>\n<p style=\"text-align: justify;\"><span style=\"font-size: 14pt;\">\u0110\u1eb7c bi\u1ec7t, \u0111\u00e8n pha K02 c\u00f3 th\u1ec3 \u0111\u01b0\u1ee3c l\u1eafp \u0111\u1eb7t v\u1edbi g\u00f3c chi\u1ebfu t\u00f9y ch\u1ecdn l\u00e0 20\u00b0, gi\u00fap t\u1ea1o ra m\u1ed9t h\u00ecnh chi\u1ebfu t\u1eadp trung h\u01a1n v\u00e0o c\u00e1c v\u00f9ng c\u1ee5 th\u1ec3. \u0110i\u1ec1u n\u00e0y r\u1ea5t h\u1eefu \u00edch khi b\u1ea1n c\u1ea7n nh\u1ea5n m\u1ea1nh m\u1ed9t v\u1eadt th\u1ec3 ho\u1eb7c khu v\u1ef1c c\u1ee5 th\u1ec3 trong kh\u00f4ng gian.<\/span><\/p>\n<p style=\"text-align: justify;\"><span style=\"font-size: 14pt;\">V\u1edbi \u0111i\u1ec7n \u00e1p v\u00e0o 240V v\u00e0 d\u00f2ng ho\u1ea1t \u0111\u1ed9ng 385mA, \u0111\u00e8n pha VLF K02 ho\u1ea1t \u0111\u1ed9ng hi\u1ec7u qu\u1ea3 v\u00e0 ti\u1ebft ki\u1ec7m n\u0103ng l\u01b0\u1ee3ng. V\u1edbi ch\u1ec9 90W ti\u00eau th\u1ee5, n\u00f3 mang l\u1ea1i hi\u1ec7u su\u1ea5t cao m\u00e0 v\u1eabn gi\u1eef m\u1ee9c ti\u00eau th\u1ee5 \u0111i\u1ec7n n\u0103ng t\u1ed1i thi\u1ec3u.<\/span><\/p>\n<p style=\"text-align: justify;\"><span style=\"font-size: 14pt;\">V\u1edbi \u0111\u1ed9 s\u00e1ng \u0111\u1ea1t t\u1edbi 7771 lumen, \u0111\u00e8n pha VLF K02 t\u1ea1o ra m\u1ed9t m\u00f4i tr\u01b0\u1eddng s\u00e1ng r\u1ef1c r\u1ee1 v\u00e0 \u0111\u00e1ng ch\u00fa \u00fd. Kh\u1ea3 n\u0103ng t\u1ea1o ra \u00e1nh s\u00e1ng m\u1ea1nh m\u1ebd v\u00e0 t\u1ef1 nhi\u00ean gi\u00fap \u0111\u00e8n pha n\u00e0y tr\u1edf th\u00e0nh s\u1ef1 l\u1ef1a ch\u1ecdn l\u00fd t\u01b0\u1edfng cho vi\u1ec7c chi\u1ebfu s\u00e1ng trong c\u00e1c kh\u00f4ng gian nh\u01b0 qu\u00e1n c\u00e0 ph\u00ea, nh\u00e0 h\u00e0ng, showroom ho\u1eb7c v\u0103n ph\u00f2ng.<\/span><\/p>\n<p style=\"text-align: justify;\"><span style=\"font-size: 14pt;\">V\u1edbi \u0111\u00e8n pha K02, b\u1ea1n s\u1ebd t\u1eadn h\u01b0\u1edfng s\u1ef1 k\u1ebft h\u1ee3p ho\u00e0n h\u1ea3o gi\u1eefa thi\u1ebft k\u1ebf tinh t\u1ebf v\u00e0 hi\u1ec7u su\u1ea5t v\u01b0\u1ee3t tr\u1ed9i. S\u1ea3n ph\u1ea9m n\u00e0y mang l\u1ea1i \u00e1nh s\u00e1ng tuy\u1ec7t v\u1eddi, ti\u1ebft ki\u1ec7m n\u0103ng l\u01b0\u1ee3ng v\u00e0 mang \u0111\u1ebfn kh\u00f4ng gian s\u1ed1ng v\u00e0 l\u00e0m vi\u1ec7c th\u00eam ph\u1ea7n thu\u1eadn ti\u1ec7n v\u00e0 hi\u1ec7n \u0111\u1ea1i.<\/span><\/p>\n<p style=\"text-align: justify;\"><span style=\"font-size: 14pt;\"><a href=\"https:\/\/vilight.vn\/website\/wp-content\/uploads\/2023\/07\/Thong-so-ky-thuat-VLF-K02.jpg\"><img decoding=\"async\" class=\"aligncenter wp-image-4212 size-full lazyload\" data-src=\"https:\/\/vilight.vn\/website\/wp-content\/uploads\/2023\/07\/Thong-so-ky-thuat-VLF-K02.jpg\" alt=\"\u0110\u00e8n pha VLF K02\" width=\"1200\" height=\"360\" data-srcset=\"https:\/\/vilight.vn\/website\/wp-content\/uploads\/2023\/07\/Thong-so-ky-thuat-VLF-K02.jpg 1200w, https:\/\/vilight.vn\/website\/wp-content\/uploads\/2023\/07\/Thong-so-ky-thuat-VLF-K02-800x240.jpg 800w, https:\/\/vilight.vn\/website\/wp-content\/uploads\/2023\/07\/Thong-so-ky-thuat-VLF-K02-300x90.jpg 300w, https:\/\/vilight.vn\/website\/wp-content\/uploads\/2023\/07\/Thong-so-ky-thuat-VLF-K02-1024x307.jpg 1024w, https:\/\/vilight.vn\/website\/wp-content\/uploads\/2023\/07\/Thong-so-ky-thuat-VLF-K02-768x230.jpg 768w, https:\/\/vilight.vn\/website\/wp-content\/uploads\/2023\/07\/Thong-so-ky-thuat-VLF-K02-150x45.jpg 150w, https:\/\/vilight.vn\/website\/wp-content\/uploads\/2023\/07\/Thong-so-ky-thuat-VLF-K02-480x144.jpg 480w\" data-sizes=\"(max-width:767px) 480px, (max-width:1200px) 100vw, 1200px\" src=\"data:image\/svg+xml;base64,PHN2ZyB3aWR0aD0iMSIgaGVpZ2h0PSIxIiB4bWxucz0iaHR0cDovL3d3dy53My5vcmcvMjAwMC9zdmciPjwvc3ZnPg==\" style=\"--smush-placeholder-width: 1200px; --smush-placeholder-aspect-ratio: 1200\/360;\" \/><\/a><a href=\"https:\/\/vilight.vn\/website\/wp-content\/uploads\/2023\/07\/VLF-K02-den-pha.jpg\"><img decoding=\"async\" class=\"aligncenter wp-image-4213 size-full lazyload\" data-src=\"https:\/\/vilight.vn\/website\/wp-content\/uploads\/2023\/07\/VLF-K02-den-pha.jpg\" alt=\"\u0110\u00e8n VLF K02\" width=\"1200\" height=\"344\" data-srcset=\"https:\/\/vilight.vn\/website\/wp-content\/uploads\/2023\/07\/VLF-K02-den-pha.jpg 1200w, https:\/\/vilight.vn\/website\/wp-content\/uploads\/2023\/07\/VLF-K02-den-pha-800x229.jpg 800w, https:\/\/vilight.vn\/website\/wp-content\/uploads\/2023\/07\/VLF-K02-den-pha-300x86.jpg 300w, https:\/\/vilight.vn\/website\/wp-content\/uploads\/2023\/07\/VLF-K02-den-pha-1024x294.jpg 1024w, https:\/\/vilight.vn\/website\/wp-content\/uploads\/2023\/07\/VLF-K02-den-pha-768x220.jpg 768w, https:\/\/vilight.vn\/website\/wp-content\/uploads\/2023\/07\/VLF-K02-den-pha-150x43.jpg 150w, https:\/\/vilight.vn\/website\/wp-content\/uploads\/2023\/07\/VLF-K02-den-pha-480x138.jpg 480w\" data-sizes=\"(max-width:767px) 480px, (max-width:1200px) 100vw, 1200px\" src=\"data:image\/svg+xml;base64,PHN2ZyB3aWR0aD0iMSIgaGVpZ2h0PSIxIiB4bWxucz0iaHR0cDovL3d3dy53My5vcmcvMjAwMC9zdmciPjwvc3ZnPg==\" style=\"--smush-placeholder-width: 1200px; --smush-placeholder-aspect-ratio: 1200\/344;\" \/><\/a><a href=\"https:\/\/vilight.vn\/website\/wp-content\/uploads\/2023\/07\/K02-den-pha-vilight.jpg\"><img decoding=\"async\" class=\"wp-image-4214 size-full lazyload\" data-src=\"https:\/\/vilight.vn\/website\/wp-content\/uploads\/2023\/07\/K02-den-pha-vilight.jpg\" alt=\"VLF K02\" width=\"1200\" height=\"1711\" data-srcset=\"https:\/\/vilight.vn\/website\/wp-content\/uploads\/2023\/07\/K02-den-pha-vilight.jpg 1200w, https:\/\/vilight.vn\/website\/wp-content\/uploads\/2023\/07\/K02-den-pha-vilight-800x1141.jpg 800w, https:\/\/vilight.vn\/website\/wp-content\/uploads\/2023\/07\/K02-den-pha-vilight-210x300.jpg 210w, https:\/\/vilight.vn\/website\/wp-content\/uploads\/2023\/07\/K02-den-pha-vilight-718x1024.jpg 718w, https:\/\/vilight.vn\/website\/wp-content\/uploads\/2023\/07\/K02-den-pha-vilight-768x1095.jpg 768w, https:\/\/vilight.vn\/website\/wp-content\/uploads\/2023\/07\/K02-den-pha-vilight-1077x1536.jpg 1077w, https:\/\/vilight.vn\/website\/wp-content\/uploads\/2023\/07\/K02-den-pha-vilight-53x75.jpg 53w, https:\/\/vilight.vn\/website\/wp-content\/uploads\/2023\/07\/K02-den-pha-vilight-480x684.jpg 480w\" data-sizes=\"(max-width:767px) 480px, (max-width:1200px) 100vw, 1200px\" src=\"data:image\/svg+xml;base64,PHN2ZyB3aWR0aD0iMSIgaGVpZ2h0PSIxIiB4bWxucz0iaHR0cDovL3d3dy53My5vcmcvMjAwMC9zdmciPjwvc3ZnPg==\" style=\"--smush-placeholder-width: 1200px; --smush-placeholder-aspect-ratio: 1200\/1711;\" \/><\/a><\/span><\/p>\n","protected":false},"excerpt":{"rendered":"<p style=\"text-align: justify;\"><span style=\"font-size: 14pt;\">Kh\u00e1m ph\u00e1 \u0111\u00e8n pha VLF K02 &#8211; S\u1ef1 ho\u00e0n h\u1ea3o c\u1ee7a \u00e1nh s\u00e1ng m\u1ea1nh m\u1ebd v\u00e0 thi\u1ebft k\u1ebf tinh t\u1ebf. T\u1eadn h\u01b0\u1edfng hi\u1ec7u su\u1ea5t v\u01b0\u1ee3t tr\u1ed9i v\u1edbi 18 b\u00f3ng LED 4.5W, g\u00f3c chi\u1ebfu 20\u00b0 v\u00e0 lumen \u0111\u1ea1t 7700. \u0110\u00e8n pha VLF K02, l\u1ef1a ch\u1ecdn ho\u00e0n h\u1ea3o cho kh\u00f4ng gian chi\u1ebfu s\u00e1ng hi\u1ec7n \u0111\u1ea1i.<\/span><\/p>\n","protected":false},"featured_media":4215,"template":"","meta":[],"product_brand":[],"product_cat":[73,59,549],"product_tag":[551],"class_list":{"0":"post-4211","1":"product","2":"type-product","3":"status-publish","4":"has-post-thumbnail","6":"product_cat-den-chieu-sang-facade","7":"product_cat-den-roi-pha","8":"product_cat-k-p-g-series","9":"product_tag-den-pha-vlf-k02","10":"pa_chuan-dieu-khien-on-off","11":"pa_cong-suat-81w","12":"pa_dien-ap-hoat-dong-ac-240v","13":"pa_do-kin-ip-66","14":"pa_goc-chieu-308","15":"pa_nhiet-do-mau-3000k","16":"pa_nhiet-do-mau-4000k","17":"pa_nhiet-do-mau-5700k","19":"first","20":"instock","21":"taxable","22":"shipping-taxable","23":"product-type-simple"},"yoast_head":"<!-- This site is optimized with the Yoast SEO Premium plugin v27.4 (Yoast SEO v27.4) - https:\/\/yoast.com\/product\/yoast-seo-premium-wordpress\/ -->\n<title>\u0110\u00e8n pha VLF K02 - Vilight Co.ltd<\/title>\n<meta name=\"description\" content=\"\u0110\u00e8n pha VLF K02 - S\u1ef1 ho\u00e0n h\u1ea3o c\u1ee7a \u00e1nh s\u00e1ng m\u1ea1nh m\u1ebd v\u00e0 thi\u1ebft k\u1ebf tinh t\u1ebf. T\u1eadn h\u01b0\u1edfng hi\u1ec7u su\u1ea5t v\u01b0\u1ee3t tr\u1ed9i v\u1edbi 18 b\u00f3ng LED 4.5W, g\u00f3c chi\u1ebfu 20\u00b0.\" \/>\n<meta name=\"robots\" content=\"index, follow, max-snippet:-1, max-image-preview:large, max-video-preview:-1\" \/>\n<link rel=\"canonical\" href=\"https:\/\/vilight.vn\/website\/san-pham\/den-chieu-sang-facade\/den-pha-vlf-k02\/\" \/>\n<meta property=\"og:locale\" content=\"vi_VN\" \/>\n<meta property=\"og:type\" content=\"article\" \/>\n<meta property=\"og:title\" content=\"\u0110\u00e8n pha VLF K02\" \/>\n<meta property=\"og:description\" content=\"Kh\u00e1m ph\u00e1 \u0111\u00e8n pha VLF K02 - S\u1ef1 ho\u00e0n h\u1ea3o c\u1ee7a \u00e1nh s\u00e1ng m\u1ea1nh m\u1ebd v\u00e0 thi\u1ebft k\u1ebf tinh t\u1ebf. T\u1eadn h\u01b0\u1edfng hi\u1ec7u su\u1ea5t v\u01b0\u1ee3t tr\u1ed9i v\u1edbi 18 b\u00f3ng LED 4.5W, g\u00f3c chi\u1ebfu 20\u00b0 v\u00e0 lumen \u0111\u1ea1t 7700. \u0110\u00e8n pha VLF K02, l\u1ef1a ch\u1ecdn ho\u00e0n h\u1ea3o cho kh\u00f4ng gian chi\u1ebfu s\u00e1ng hi\u1ec7n \u0111\u1ea1i.\" \/>\n<meta property=\"og:url\" content=\"https:\/\/vilight.vn\/website\/san-pham\/den-chieu-sang-facade\/den-pha-vlf-k02\/\" \/>\n<meta property=\"og:site_name\" content=\"Vilight Co.ltd\" \/>\n<meta property=\"article:publisher\" content=\"http:\/\/facebook.com\/vilight.vn\" \/>\n<meta property=\"article:modified_time\" content=\"2024-10-02T03:32:36+00:00\" \/>\n<meta property=\"og:image\" content=\"https:\/\/vilight.vn\/website\/wp-content\/uploads\/2023\/07\/VLF-K02.jpg\" \/>\n\t<meta property=\"og:image:width\" content=\"509\" \/>\n\t<meta property=\"og:image:height\" content=\"509\" \/>\n\t<meta property=\"og:image:type\" content=\"image\/jpeg\" \/>\n<meta name=\"twitter:card\" content=\"summary_large_image\" \/>\n<meta name=\"twitter:label1\" content=\"Gi\u00e1\" \/>\n\t<meta name=\"twitter:data1\" content=\"\" \/>\n\t<meta name=\"twitter:label2\" content=\"Kh\u1ea3 d\u1ee5ng\" \/>\n\t<meta name=\"twitter:data2\" content=\"Trong kho\" \/>\n<script type=\"application\/ld+json\" class=\"yoast-schema-graph\">{\"@context\":\"https:\\\/\\\/schema.org\",\"@graph\":[{\"@type\":\"WebPage\",\"@id\":\"https:\\\/\\\/vilight.vn\\\/website\\\/san-pham\\\/den-chieu-sang-facade\\\/den-pha-vlf-k02\\\/\",\"url\":\"https:\\\/\\\/vilight.vn\\\/website\\\/san-pham\\\/den-chieu-sang-facade\\\/den-pha-vlf-k02\\\/\",\"name\":\"\u0110\u00e8n pha VLF K02 - Vilight Co.ltd\",\"isPartOf\":{\"@id\":\"https:\\\/\\\/vilight.vn\\\/website\\\/#website\"},\"primaryImageOfPage\":{\"@id\":\"https:\\\/\\\/vilight.vn\\\/website\\\/san-pham\\\/den-chieu-sang-facade\\\/den-pha-vlf-k02\\\/#primaryimage\"},\"image\":{\"@id\":\"https:\\\/\\\/vilight.vn\\\/website\\\/san-pham\\\/den-chieu-sang-facade\\\/den-pha-vlf-k02\\\/#primaryimage\"},\"thumbnailUrl\":\"https:\\\/\\\/vilight.vn\\\/website\\\/wp-content\\\/uploads\\\/2023\\\/07\\\/VLF-K02.jpg\",\"datePublished\":\"2023-07-14T03:18:21+00:00\",\"dateModified\":\"2024-10-02T03:32:36+00:00\",\"description\":\"\u0110\u00e8n pha VLF K02 - S\u1ef1 ho\u00e0n h\u1ea3o c\u1ee7a \u00e1nh s\u00e1ng m\u1ea1nh m\u1ebd v\u00e0 thi\u1ebft k\u1ebf tinh t\u1ebf. T\u1eadn h\u01b0\u1edfng hi\u1ec7u su\u1ea5t v\u01b0\u1ee3t tr\u1ed9i v\u1edbi 18 b\u00f3ng LED 4.5W, g\u00f3c chi\u1ebfu 20\u00b0.\",\"breadcrumb\":{\"@id\":\"https:\\\/\\\/vilight.vn\\\/website\\\/san-pham\\\/den-chieu-sang-facade\\\/den-pha-vlf-k02\\\/#breadcrumb\"},\"inLanguage\":\"vi\",\"potentialAction\":[{\"@type\":\"ReadAction\",\"target\":[\"https:\\\/\\\/vilight.vn\\\/website\\\/san-pham\\\/den-chieu-sang-facade\\\/den-pha-vlf-k02\\\/\"]}]},{\"@type\":\"ImageObject\",\"inLanguage\":\"vi\",\"@id\":\"https:\\\/\\\/vilight.vn\\\/website\\\/san-pham\\\/den-chieu-sang-facade\\\/den-pha-vlf-k02\\\/#primaryimage\",\"url\":\"https:\\\/\\\/vilight.vn\\\/website\\\/wp-content\\\/uploads\\\/2023\\\/07\\\/VLF-K02.jpg\",\"contentUrl\":\"https:\\\/\\\/vilight.vn\\\/website\\\/wp-content\\\/uploads\\\/2023\\\/07\\\/VLF-K02.jpg\",\"width\":509,\"height\":509,\"caption\":\"\u0110\u00e8n pha VLF K02\"},{\"@type\":\"BreadcrumbList\",\"@id\":\"https:\\\/\\\/vilight.vn\\\/website\\\/san-pham\\\/den-chieu-sang-facade\\\/den-pha-vlf-k02\\\/#breadcrumb\",\"itemListElement\":[{\"@type\":\"ListItem\",\"position\":1,\"name\":\"Home\",\"item\":\"https:\\\/\\\/vilight.vn\\\/website\\\/\"},{\"@type\":\"ListItem\",\"position\":2,\"name\":\"store\",\"item\":\"https:\\\/\\\/vilight.vn\\\/website\\\/store\\\/\"},{\"@type\":\"ListItem\",\"position\":3,\"name\":\"\u0110\u00e8n pha VLF K02\"}]},{\"@type\":\"WebSite\",\"@id\":\"https:\\\/\\\/vilight.vn\\\/website\\\/#website\",\"url\":\"https:\\\/\\\/vilight.vn\\\/website\\\/\",\"name\":\"Vilight Co.ltd\",\"description\":\"Chi\u1ebfu s\u00e1ng m\u1ef9 thu\u1eadt, chi\u1ebfu s\u00e1ng th\u00f4ng minh, LED Pixel 3D, chi\u1ebfu s\u00e1ng trang tr\u00ed \u0111\u00f4 th\u1ecb, chi\u1ebfu s\u00e1ng v\u00f2ng xoay, chi\u1ebfu s\u00e1ng \u0111\u1ea3o giao th\u00f4ng, c\u1ed5ng ch\u00e0o \u0111\u00f4 th\u1ecb\",\"publisher\":{\"@id\":\"https:\\\/\\\/vilight.vn\\\/website\\\/#organization\"},\"potentialAction\":[{\"@type\":\"SearchAction\",\"target\":{\"@type\":\"EntryPoint\",\"urlTemplate\":\"https:\\\/\\\/vilight.vn\\\/website\\\/?s={search_term_string}\"},\"query-input\":{\"@type\":\"PropertyValueSpecification\",\"valueRequired\":true,\"valueName\":\"search_term_string\"}}],\"inLanguage\":\"vi\"},{\"@type\":\"Organization\",\"@id\":\"https:\\\/\\\/vilight.vn\\\/website\\\/#organization\",\"name\":\"Vilight\",\"url\":\"https:\\\/\\\/vilight.vn\\\/website\\\/\",\"logo\":{\"@type\":\"ImageObject\",\"inLanguage\":\"vi\",\"@id\":\"https:\\\/\\\/vilight.vn\\\/website\\\/#\\\/schema\\\/logo\\\/image\\\/\",\"url\":\"https:\\\/\\\/vilight.vn\\\/website\\\/wp-content\\\/uploads\\\/2022\\\/05\\\/chieu_sang_trang_tri_do_thi_bang_den_led_pixel.png\",\"contentUrl\":\"https:\\\/\\\/vilight.vn\\\/website\\\/wp-content\\\/uploads\\\/2022\\\/05\\\/chieu_sang_trang_tri_do_thi_bang_den_led_pixel.png\",\"width\":800,\"height\":427,\"caption\":\"Vilight\"},\"image\":{\"@id\":\"https:\\\/\\\/vilight.vn\\\/website\\\/#\\\/schema\\\/logo\\\/image\\\/\"},\"sameAs\":[\"http:\\\/\\\/facebook.com\\\/vilight.vn\",\"https:\\\/\\\/www.linkedin.com\\\/company\\\/vilight-vn\",\"https:\\\/\\\/www.youtube.com\\\/channel\\\/UCEwR2naeDcuarMX1kSv_rLQ\\\/videos\"]}]}<\/script>\n<meta property=\"product:brand\" content=\"\u0110\u00e8n chi\u1ebfu s\u00e1ng Facade\" \/>\n<meta property=\"product:price:currency\" content=\"VND\" \/>\n<meta property=\"og:availability\" content=\"instock\" \/>\n<meta property=\"product:availability\" content=\"instock\" \/>\n<meta property=\"product:condition\" content=\"new\" \/>\n<!-- \/ Yoast SEO Premium plugin. -->","yoast_head_json":{"title":"\u0110\u00e8n pha VLF K02 - Vilight Co.ltd","description":"\u0110\u00e8n pha VLF K02 - S\u1ef1 ho\u00e0n h\u1ea3o c\u1ee7a \u00e1nh s\u00e1ng m\u1ea1nh m\u1ebd v\u00e0 thi\u1ebft k\u1ebf tinh t\u1ebf. T\u1eadn h\u01b0\u1edfng hi\u1ec7u su\u1ea5t v\u01b0\u1ee3t tr\u1ed9i v\u1edbi 18 b\u00f3ng LED 4.5W, g\u00f3c chi\u1ebfu 20\u00b0.","robots":{"index":"index","follow":"follow","max-snippet":"max-snippet:-1","max-image-preview":"max-image-preview:large","max-video-preview":"max-video-preview:-1"},"canonical":"https:\/\/vilight.vn\/website\/san-pham\/den-chieu-sang-facade\/den-pha-vlf-k02\/","og_locale":"vi_VN","og_type":"article","og_title":"\u0110\u00e8n pha VLF K02","og_description":"Kh\u00e1m ph\u00e1 \u0111\u00e8n pha VLF K02 - S\u1ef1 ho\u00e0n h\u1ea3o c\u1ee7a \u00e1nh s\u00e1ng m\u1ea1nh m\u1ebd v\u00e0 thi\u1ebft k\u1ebf tinh t\u1ebf. T\u1eadn h\u01b0\u1edfng hi\u1ec7u su\u1ea5t v\u01b0\u1ee3t tr\u1ed9i v\u1edbi 18 b\u00f3ng LED 4.5W, g\u00f3c chi\u1ebfu 20\u00b0 v\u00e0 lumen \u0111\u1ea1t 7700. \u0110\u00e8n pha VLF K02, l\u1ef1a ch\u1ecdn ho\u00e0n h\u1ea3o cho kh\u00f4ng gian chi\u1ebfu s\u00e1ng hi\u1ec7n \u0111\u1ea1i.","og_url":"https:\/\/vilight.vn\/website\/san-pham\/den-chieu-sang-facade\/den-pha-vlf-k02\/","og_site_name":"Vilight Co.ltd","article_publisher":"http:\/\/facebook.com\/vilight.vn","article_modified_time":"2024-10-02T03:32:36+00:00","og_image":[{"width":509,"height":509,"url":"https:\/\/vilight.vn\/website\/wp-content\/uploads\/2023\/07\/VLF-K02.jpg","type":"image\/jpeg"}],"twitter_card":"summary_large_image","twitter_misc":{"Gi\u00e1":"","Kh\u1ea3 d\u1ee5ng":"Trong kho"},"schema":{"@context":"https:\/\/schema.org","@graph":[{"@type":"WebPage","@id":"https:\/\/vilight.vn\/website\/san-pham\/den-chieu-sang-facade\/den-pha-vlf-k02\/","url":"https:\/\/vilight.vn\/website\/san-pham\/den-chieu-sang-facade\/den-pha-vlf-k02\/","name":"\u0110\u00e8n pha VLF K02 - Vilight Co.ltd","isPartOf":{"@id":"https:\/\/vilight.vn\/website\/#website"},"primaryImageOfPage":{"@id":"https:\/\/vilight.vn\/website\/san-pham\/den-chieu-sang-facade\/den-pha-vlf-k02\/#primaryimage"},"image":{"@id":"https:\/\/vilight.vn\/website\/san-pham\/den-chieu-sang-facade\/den-pha-vlf-k02\/#primaryimage"},"thumbnailUrl":"https:\/\/vilight.vn\/website\/wp-content\/uploads\/2023\/07\/VLF-K02.jpg","datePublished":"2023-07-14T03:18:21+00:00","dateModified":"2024-10-02T03:32:36+00:00","description":"\u0110\u00e8n pha VLF K02 - S\u1ef1 ho\u00e0n h\u1ea3o c\u1ee7a \u00e1nh s\u00e1ng m\u1ea1nh m\u1ebd v\u00e0 thi\u1ebft k\u1ebf tinh t\u1ebf. T\u1eadn h\u01b0\u1edfng hi\u1ec7u su\u1ea5t v\u01b0\u1ee3t tr\u1ed9i v\u1edbi 18 b\u00f3ng LED 4.5W, g\u00f3c chi\u1ebfu 20\u00b0.","breadcrumb":{"@id":"https:\/\/vilight.vn\/website\/san-pham\/den-chieu-sang-facade\/den-pha-vlf-k02\/#breadcrumb"},"inLanguage":"vi","potentialAction":[{"@type":"ReadAction","target":["https:\/\/vilight.vn\/website\/san-pham\/den-chieu-sang-facade\/den-pha-vlf-k02\/"]}]},{"@type":"ImageObject","inLanguage":"vi","@id":"https:\/\/vilight.vn\/website\/san-pham\/den-chieu-sang-facade\/den-pha-vlf-k02\/#primaryimage","url":"https:\/\/vilight.vn\/website\/wp-content\/uploads\/2023\/07\/VLF-K02.jpg","contentUrl":"https:\/\/vilight.vn\/website\/wp-content\/uploads\/2023\/07\/VLF-K02.jpg","width":509,"height":509,"caption":"\u0110\u00e8n pha VLF K02"},{"@type":"BreadcrumbList","@id":"https:\/\/vilight.vn\/website\/san-pham\/den-chieu-sang-facade\/den-pha-vlf-k02\/#breadcrumb","itemListElement":[{"@type":"ListItem","position":1,"name":"Home","item":"https:\/\/vilight.vn\/website\/"},{"@type":"ListItem","position":2,"name":"store","item":"https:\/\/vilight.vn\/website\/store\/"},{"@type":"ListItem","position":3,"name":"\u0110\u00e8n pha VLF K02"}]},{"@type":"WebSite","@id":"https:\/\/vilight.vn\/website\/#website","url":"https:\/\/vilight.vn\/website\/","name":"Vilight Co.ltd","description":"Chi\u1ebfu s\u00e1ng m\u1ef9 thu\u1eadt, chi\u1ebfu s\u00e1ng th\u00f4ng minh, LED Pixel 3D, chi\u1ebfu s\u00e1ng trang tr\u00ed \u0111\u00f4 th\u1ecb, chi\u1ebfu s\u00e1ng v\u00f2ng xoay, chi\u1ebfu s\u00e1ng \u0111\u1ea3o giao th\u00f4ng, c\u1ed5ng ch\u00e0o \u0111\u00f4 th\u1ecb","publisher":{"@id":"https:\/\/vilight.vn\/website\/#organization"},"potentialAction":[{"@type":"SearchAction","target":{"@type":"EntryPoint","urlTemplate":"https:\/\/vilight.vn\/website\/?s={search_term_string}"},"query-input":{"@type":"PropertyValueSpecification","valueRequired":true,"valueName":"search_term_string"}}],"inLanguage":"vi"},{"@type":"Organization","@id":"https:\/\/vilight.vn\/website\/#organization","name":"Vilight","url":"https:\/\/vilight.vn\/website\/","logo":{"@type":"ImageObject","inLanguage":"vi","@id":"https:\/\/vilight.vn\/website\/#\/schema\/logo\/image\/","url":"https:\/\/vilight.vn\/website\/wp-content\/uploads\/2022\/05\/chieu_sang_trang_tri_do_thi_bang_den_led_pixel.png","contentUrl":"https:\/\/vilight.vn\/website\/wp-content\/uploads\/2022\/05\/chieu_sang_trang_tri_do_thi_bang_den_led_pixel.png","width":800,"height":427,"caption":"Vilight"},"image":{"@id":"https:\/\/vilight.vn\/website\/#\/schema\/logo\/image\/"},"sameAs":["http:\/\/facebook.com\/vilight.vn","https:\/\/www.linkedin.com\/company\/vilight-vn","https:\/\/www.youtube.com\/channel\/UCEwR2naeDcuarMX1kSv_rLQ\/videos"]}]},"product_brand":"\u0110\u00e8n chi\u1ebfu s\u00e1ng Facade","product_price_currency":"VND","og_availability":"instock","product_availability":"instock","product_condition":"new"},"_links":{"self":[{"href":"https:\/\/vilight.vn\/website\/wp-json\/wp\/v2\/product\/4211","targetHints":{"allow":["GET"]}}],"collection":[{"href":"https:\/\/vilight.vn\/website\/wp-json\/wp\/v2\/product"}],"about":[{"href":"https:\/\/vilight.vn\/website\/wp-json\/wp\/v2\/types\/product"}],"wp:featuredmedia":[{"embeddable":true,"href":"https:\/\/vilight.vn\/website\/wp-json\/wp\/v2\/media\/4215"}],"wp:attachment":[{"href":"https:\/\/vilight.vn\/website\/wp-json\/wp\/v2\/media?parent=4211"}],"wp:term":[{"taxonomy":"product_brand","embeddable":true,"href":"https:\/\/vilight.vn\/website\/wp-json\/wp\/v2\/product_brand?post=4211"},{"taxonomy":"product_cat","embeddable":true,"href":"https:\/\/vilight.vn\/website\/wp-json\/wp\/v2\/product_cat?post=4211"},{"taxonomy":"product_tag","embeddable":true,"href":"https:\/\/vilight.vn\/website\/wp-json\/wp\/v2\/product_tag?post=4211"}],"curies":[{"name":"wp","href":"https:\/\/api.w.org\/{rel}","templated":true}]}}