{"id":4221,"date":"2023-07-14T10:50:46","date_gmt":"2023-07-14T03:50:46","guid":{"rendered":"https:\/\/vilight.vn\/website\/?post_type=product&#038;p=4221"},"modified":"2024-10-02T10:33:07","modified_gmt":"2024-10-02T03:33:07","slug":"den-pha-vlf-k04","status":"publish","type":"product","link":"https:\/\/vilight.vn\/website\/san-pham\/den-chieu-sang-facade\/den-pha-vlf-k04\/","title":{"rendered":"\u0110\u00e8n pha VLF K04"},"content":{"rendered":"<h2 style=\"text-align: justify;\"><span style=\"font-size: 18pt;\">\u0110\u00e8n pha VLF K04 &#8211; Hi\u1ec7u su\u1ea5t cao v\u1edbi \u00e1nh s\u00e1ng m\u1ea1nh m\u1ebd.\u00a0<\/span><\/h2>\n<p style=\"text-align: justify;\"><span style=\"font-size: 14pt;\">B\u1ea1n \u0111ang t\u00ecm ki\u1ebfm m\u1ed9t gi\u1ea3i ph\u00e1p chi\u1ebfu s\u00e1ng hi\u1ec7u qu\u1ea3 v\u00e0 m\u1ea1nh m\u1ebd cho kh\u00f4ng gian c\u1ee7a m\u00ecnh? \u0110\u00e8n pha VLF K04 l\u00e0 m\u1ed9t l\u1ef1a ch\u1ecdn tuy\u1ec7t v\u1eddi. V\u1edbi c\u00e1c th\u00f4ng s\u1ed1 k\u1ef9 thu\u1eadt n\u1ed5i b\u1eadt, \u0111\u00e8n pha n\u00e0y mang \u0111\u1ebfn \u00e1nh s\u00e1ng ch\u1ea5t l\u01b0\u1ee3ng cao v\u00e0 hi\u1ec7u su\u1ea5t \u1ea5n t\u01b0\u1ee3ng.<\/span><\/p>\n<p style=\"text-align: justify;\"><span style=\"font-size: 14pt;\">\u0110\u00e8n pha VLF K04 \u0111\u01b0\u1ee3c trang b\u1ecb m\u1ed9t b\u00f3ng \u0111\u00e8n COB 6W, s\u1eed d\u1ee5ng c\u00f4ng ngh\u1ec7 Chip-on-Board ti\u00ean ti\u1ebfn. B\u00f3ng \u0111\u00e8n COB kh\u00f4ng ch\u1ec9 cung c\u1ea5p \u00e1nh s\u00e1ng m\u1ea1nh m\u1ebd, m\u00e0 c\u00f2n gi\u00fap t\u1ed1i \u01b0u h\u00f3a hi\u1ec7u su\u1ea5t n\u0103ng l\u01b0\u1ee3ng, gi\u00fap ti\u1ebft ki\u1ec7m \u0111i\u1ec7n n\u0103ng v\u00e0 k\u00e9o d\u00e0i tu\u1ed5i th\u1ecd c\u1ee7a \u0111\u00e8n. V\u1edbi b\u00f3ng \u0111\u00e8n n\u00e0y, b\u1ea1n c\u00f3 th\u1ec3 tr\u1ea3i nghi\u1ec7m \u00e1nh s\u00e1ng t\u01b0\u01a1ng t\u1ef1 nh\u01b0 \u00e1nh s\u00e1ng t\u1ef1 nhi\u00ean, t\u1ea1o ra kh\u00f4ng gian s\u00e1ng r\u1ef1c r\u1ee1 v\u00e0 s\u1ed1ng \u0111\u1ed9ng.<\/span><\/p>\n<p style=\"text-align: justify;\"><span style=\"font-size: 14pt;\">\u0110\u00e8n pha VLF K04 c\u0169ng \u0111\u01b0\u1ee3c trang b\u1ecb m\u1ed9t reflector R8, gi\u00fap t\u1eadp trung \u00e1nh s\u00e1ng v\u00e0 t\u1ea1o ra m\u1ed9t g\u00f3c chi\u1ebfu r\u1ed9ng 24\u00b0. \u0110i\u1ec1u n\u00e0y cho ph\u00e9p b\u1ea1n \u0111i\u1ec1u ch\u1ec9nh h\u01b0\u1edbng \u00e1nh s\u00e1ng m\u1ed9t c\u00e1ch linh ho\u1ea1t, ph\u00f9 h\u1ee3p v\u1edbi c\u00e1c y\u00eau c\u1ea7u c\u1ee5 th\u1ec3 c\u1ee7a kh\u00f4ng gian chi\u1ebfu s\u00e1ng. Ngo\u00e0i ra, \u0111\u00e8n c\u00f2n \u0111i k\u00e8m v\u1edbi m\u1ed9t \u1ed1ng k\u00ednh t\u00f9y ch\u1ecdn, cho ph\u00e9p b\u1ea1n t\u00f9y ch\u1ec9nh \u0111\u1ed9 t\u1eadp trung \u00e1nh s\u00e1ng theo \u00fd mu\u1ed1n.<\/span><\/p>\n<p style=\"text-align: justify;\"><span style=\"font-size: 14pt;\">\u0110\u00e8n pha VLF K04 c\u00f3 th\u1ec3 ho\u1ea1t \u0111\u1ed9ng v\u1edbi \u0111\u1ed9ng \u0111i\u1ec7n v\u00e0o DC 24V ho\u1eb7c 120\/240V AC, cho ph\u00e9p b\u1ea1n linh ho\u1ea1t trong vi\u1ec7c l\u1ef1a ch\u1ecdn ngu\u1ed3n \u0111i\u1ec7n. \u0110i\u1ec1u khi\u1ec3n d\u00f2ng \u0111i\u1ec7n ho\u1ea1t \u0111\u1ed9ng c\u1ee7a \u0111\u00e8n c\u0169ng r\u1ea5t ti\u1ebft ki\u1ec7m n\u0103ng l\u01b0\u1ee3ng, v\u1edbi d\u00f2ng \u0111i\u1ec7n l\u00e0 320mA (v\u1edbi \u0111\u1ed9ng \u0111i\u1ec7n DC 24V), 65mA (v\u1edbi \u0111\u1ed9ng \u0111i\u1ec7n 120V AC) v\u00e0 37mA (v\u1edbi \u0111\u1ed9ng \u0111i\u1ec7n 240V AC).<\/span><\/p>\n<p style=\"text-align: justify;\"><span style=\"font-size: 14pt;\">Kh\u00f4ng ch\u1ec9 v\u1eady, \u0111\u00e8n pha VLF K04 c\u00f2n mang l\u1ea1i m\u1ee9c ti\u00eau th\u1ee5 \u0111i\u1ec7n n\u0103ng th\u1ea5p, ch\u1ec9 c\u1ea7n 7.5W (v\u1edbi \u0111\u1ed9ng \u0111i\u1ec7n DC 24V), 7.7W (v\u1edbi \u0111\u1ed9ng \u0111i\u1ec7n 120V AC) v\u00e0 7.8W (v\u1edbi \u0111\u1ed9ng \u0111i\u1ec7n 240V AC). \u0110i\u1ec1u n\u00e0y kh\u00f4ng ch\u1ec9 gi\u00fap ti\u1ebft ki\u1ec7m chi ph\u00ed \u0111i\u1ec7n m\u00e0 c\u00f2n th\u00e2n thi\u1ec7n v\u1edbi m\u00f4i tr\u01b0\u1eddng.<\/span><\/p>\n<p style=\"text-align: justify;\"><span style=\"font-size: 14pt;\">V\u1edbi m\u1ee9c \u0111\u1ed9 s\u00e1ng cao, \u0111\u00e8n pha VLF K04 mang \u0111\u1ebfn hi\u1ec7u su\u1ea5t chi\u1ebfu s\u00e1ng \u1ea5n t\u01b0\u1ee3ng. V\u1edbi \u00e1nh s\u00e1ng Cool White (CW) c\u00f3 \u0111\u1ed9 s\u00e1ng 730 lumens v\u00e0 Warm White (WW) c\u00f3 \u0111\u1ed9 s\u00e1ng 646 lumens, b\u1ea1n c\u00f3 th\u1ec3 t\u1ea1o ra kh\u00f4ng gian s\u00e1ng r\u1ef1c r\u1ee1 v\u00e0 t\u1ea1o c\u1ea3m gi\u00e1c tho\u1ea3i m\u00e1i cho m\u1ecdi ng\u01b0\u1eddi.<\/span><\/p>\n<p style=\"text-align: justify;\"><span style=\"font-size: 14pt;\">\u0110\u00e8n pha VLF K04 l\u00e0 m\u1ed9t s\u1ef1 l\u1ef1a ch\u1ecdn tuy\u1ec7t v\u1eddi cho c\u00e1c \u1ee9ng d\u1ee5ng chi\u1ebfu s\u00e1ng ngo\u1ea1i th\u1ea5t v\u00e0 n\u1ed9i th\u1ea5t, bao g\u1ed3m khu v\u1ef1c gia \u0111\u00ecnh, v\u0103n ph\u00f2ng, c\u1eeda h\u00e0ng, nh\u00e0 h\u00e0ng, kh\u00e1ch s\u1ea1n v\u00e0 nhi\u1ec1u n\u01a1i kh\u00e1c. V\u1edbi hi\u1ec7u su\u1ea5t v\u00e0 t\u00ednh n\u0103ng \u0111\u00e1ng kinh ng\u1ea1c, n\u00f3 s\u1ebd l\u00e0 m\u1ed9t tr\u1ee3 th\u1ee7 l\u00fd t\u01b0\u1edfng \u0111\u1ec3 t\u1ea1o ra kh\u00f4ng gian s\u00e1ng \u0111\u1eb9p v\u00e0 \u1ea5m \u00e1p.<\/span><\/p>\n<p style=\"text-align: justify;\"><span style=\"font-size: 14pt;\">H\u00e3y tr\u1ea3i nghi\u1ec7m \u0111\u00e8n pha VLF K04 ngay h\u00f4m nay v\u00e0 kh\u00e1m ph\u00e1 s\u1ee9c m\u1ea1nh c\u1ee7a \u00e1nh s\u00e1ng hi\u1ec7u qu\u1ea3 v\u00e0 m\u1ea1nh m\u1ebd!<\/span><\/p>\n<p style=\"text-align: justify;\"><span style=\"font-size: 14pt;\"><a href=\"https:\/\/vilight.vn\/website\/wp-content\/uploads\/2023\/07\/Den-pha-VLF-K04.jpg\"><img decoding=\"async\" class=\"aligncenter wp-image-4222 size-full lazyload\" data-src=\"https:\/\/vilight.vn\/website\/wp-content\/uploads\/2023\/07\/Den-pha-VLF-K04.jpg\" alt=\"\u0110\u00e8n pha VLF K04\" width=\"1200\" height=\"379\" data-srcset=\"https:\/\/vilight.vn\/website\/wp-content\/uploads\/2023\/07\/Den-pha-VLF-K04.jpg 1200w, https:\/\/vilight.vn\/website\/wp-content\/uploads\/2023\/07\/Den-pha-VLF-K04-800x253.jpg 800w, https:\/\/vilight.vn\/website\/wp-content\/uploads\/2023\/07\/Den-pha-VLF-K04-300x95.jpg 300w, https:\/\/vilight.vn\/website\/wp-content\/uploads\/2023\/07\/Den-pha-VLF-K04-1024x323.jpg 1024w, https:\/\/vilight.vn\/website\/wp-content\/uploads\/2023\/07\/Den-pha-VLF-K04-768x243.jpg 768w, https:\/\/vilight.vn\/website\/wp-content\/uploads\/2023\/07\/Den-pha-VLF-K04-150x47.jpg 150w, https:\/\/vilight.vn\/website\/wp-content\/uploads\/2023\/07\/Den-pha-VLF-K04-480x152.jpg 480w\" data-sizes=\"(max-width:767px) 480px, (max-width:1200px) 100vw, 1200px\" src=\"data:image\/svg+xml;base64,PHN2ZyB3aWR0aD0iMSIgaGVpZ2h0PSIxIiB4bWxucz0iaHR0cDovL3d3dy53My5vcmcvMjAwMC9zdmciPjwvc3ZnPg==\" style=\"--smush-placeholder-width: 1200px; --smush-placeholder-aspect-ratio: 1200\/379;\" \/><\/a><a href=\"https:\/\/vilight.vn\/website\/wp-content\/uploads\/2023\/07\/VLF-K04.jpg\"><img decoding=\"async\" class=\"wp-image-4223 size-full lazyload\" data-src=\"https:\/\/vilight.vn\/website\/wp-content\/uploads\/2023\/07\/VLF-K04.jpg\" alt=\"\u0110\u00e8n pha VLF\" width=\"1200\" height=\"1735\" data-srcset=\"https:\/\/vilight.vn\/website\/wp-content\/uploads\/2023\/07\/VLF-K04.jpg 1200w, https:\/\/vilight.vn\/website\/wp-content\/uploads\/2023\/07\/VLF-K04-800x1157.jpg 800w, https:\/\/vilight.vn\/website\/wp-content\/uploads\/2023\/07\/VLF-K04-207x300.jpg 207w, https:\/\/vilight.vn\/website\/wp-content\/uploads\/2023\/07\/VLF-K04-708x1024.jpg 708w, https:\/\/vilight.vn\/website\/wp-content\/uploads\/2023\/07\/VLF-K04-768x1110.jpg 768w, https:\/\/vilight.vn\/website\/wp-content\/uploads\/2023\/07\/VLF-K04-1062x1536.jpg 1062w, https:\/\/vilight.vn\/website\/wp-content\/uploads\/2023\/07\/VLF-K04-52x75.jpg 52w, https:\/\/vilight.vn\/website\/wp-content\/uploads\/2023\/07\/VLF-K04-480x694.jpg 480w\" data-sizes=\"(max-width:767px) 480px, (max-width:1200px) 100vw, 1200px\" src=\"data:image\/svg+xml;base64,PHN2ZyB3aWR0aD0iMSIgaGVpZ2h0PSIxIiB4bWxucz0iaHR0cDovL3d3dy53My5vcmcvMjAwMC9zdmciPjwvc3ZnPg==\" style=\"--smush-placeholder-width: 1200px; --smush-placeholder-aspect-ratio: 1200\/1735;\" \/><\/a><\/span><\/p>\n","protected":false},"excerpt":{"rendered":"<p style=\"text-align: justify;\"><span style=\"font-size: 14pt;\">\u0110\u00e8n pha VLF K04 &#8211; \u00c1nh s\u00e1ng m\u1ea1nh m\u1ebd, hi\u1ec7u su\u1ea5t cao. V\u1edbi b\u00f3ng \u0111\u00e8n COB 6W v\u00e0 reflector R8, \u0111\u00e8n t\u1ea1o ra \u00e1nh s\u00e1ng t\u01b0\u01a1ng t\u1ef1 t\u1ef1 nhi\u00ean, \u0111\u1ed9 s\u00e1ng 700 lumens. Ti\u1ebft ki\u1ec7m n\u0103ng l\u01b0\u1ee3ng v\u00e0 linh ho\u1ea1t v\u1edbi ngu\u1ed3n \u0111i\u1ec7n 24 VDC ho\u1eb7c 120\/240 VAC.<\/span><\/p>\n","protected":false},"featured_media":4224,"template":"","meta":[],"product_brand":[],"product_cat":[73,59,549],"product_tag":[552],"class_list":{"0":"post-4221","1":"product","2":"type-product","3":"status-publish","4":"has-post-thumbnail","6":"product_cat-den-chieu-sang-facade","7":"product_cat-den-roi-pha","8":"product_cat-k-p-g-series","9":"product_tag-den-pha-vlf-k04","10":"pa_chuan-dieu-khien-on-off","11":"pa_cong-suat-6w","12":"pa_dien-ap-hoat-dong-24vdc","13":"pa_dien-ap-hoat-dong-ac-120-240v","14":"pa_goc-chieu-571","16":"first","17":"instock","18":"taxable","19":"shipping-taxable","20":"product-type-simple"},"yoast_head":"<!-- This site is optimized with the Yoast SEO Premium plugin v27.4 (Yoast SEO v27.4) - https:\/\/yoast.com\/product\/yoast-seo-premium-wordpress\/ -->\n<title>\u0110\u00e8n pha VLF K04 - Vilight Co.ltd<\/title>\n<meta name=\"description\" content=\"\u0110\u00e8n pha VLF K04 - \u00c1nh s\u00e1ng m\u1ea1nh m\u1ebd, hi\u1ec7u su\u1ea5t cao. V\u1edbi b\u00f3ng \u0111\u00e8n COB 6W v\u00e0 reflector R8, \u0111\u00e8n t\u1ea1o ra \u00e1nh s\u00e1ng t\u01b0\u01a1ng t\u1ef1 t\u1ef1 nhi\u00ean, \u0111\u1ed9 s\u00e1ng 700 lumens.\" \/>\n<meta name=\"robots\" content=\"index, follow, max-snippet:-1, max-image-preview:large, max-video-preview:-1\" \/>\n<link rel=\"canonical\" href=\"https:\/\/vilight.vn\/website\/san-pham\/den-chieu-sang-facade\/den-pha-vlf-k04\/\" \/>\n<meta property=\"og:locale\" content=\"vi_VN\" \/>\n<meta property=\"og:type\" content=\"article\" \/>\n<meta property=\"og:title\" content=\"\u0110\u00e8n pha VLF K04\" \/>\n<meta property=\"og:description\" content=\"\u0110\u00e8n pha VLF K04 - \u00c1nh s\u00e1ng m\u1ea1nh m\u1ebd, hi\u1ec7u su\u1ea5t cao. V\u1edbi b\u00f3ng \u0111\u00e8n COB 6W v\u00e0 reflector R8, \u0111\u00e8n t\u1ea1o ra \u00e1nh s\u00e1ng t\u01b0\u01a1ng t\u1ef1 t\u1ef1 nhi\u00ean, \u0111\u1ed9 s\u00e1ng 700 lumens. Ti\u1ebft ki\u1ec7m n\u0103ng l\u01b0\u1ee3ng v\u00e0 linh ho\u1ea1t v\u1edbi ngu\u1ed3n \u0111i\u1ec7n 24 VDC ho\u1eb7c 120\/240 VAC.\" \/>\n<meta property=\"og:url\" content=\"https:\/\/vilight.vn\/website\/san-pham\/den-chieu-sang-facade\/den-pha-vlf-k04\/\" \/>\n<meta property=\"og:site_name\" content=\"Vilight Co.ltd\" \/>\n<meta property=\"article:publisher\" content=\"http:\/\/facebook.com\/vilight.vn\" \/>\n<meta property=\"article:modified_time\" content=\"2024-10-02T03:33:07+00:00\" \/>\n<meta property=\"og:image\" content=\"https:\/\/vilight.vn\/website\/wp-content\/uploads\/2023\/07\/Den-pha-VLF-K04-logo.jpg\" \/>\n\t<meta property=\"og:image:width\" content=\"357\" \/>\n\t<meta property=\"og:image:height\" content=\"357\" \/>\n\t<meta property=\"og:image:type\" content=\"image\/jpeg\" \/>\n<meta name=\"twitter:card\" content=\"summary_large_image\" \/>\n<meta name=\"twitter:label1\" content=\"Gi\u00e1\" \/>\n\t<meta name=\"twitter:data1\" content=\"\" \/>\n\t<meta name=\"twitter:label2\" content=\"Kh\u1ea3 d\u1ee5ng\" \/>\n\t<meta name=\"twitter:data2\" content=\"Trong kho\" \/>\n<script type=\"application\/ld+json\" class=\"yoast-schema-graph\">{\"@context\":\"https:\\\/\\\/schema.org\",\"@graph\":[{\"@type\":\"WebPage\",\"@id\":\"https:\\\/\\\/vilight.vn\\\/website\\\/san-pham\\\/den-chieu-sang-facade\\\/den-pha-vlf-k04\\\/\",\"url\":\"https:\\\/\\\/vilight.vn\\\/website\\\/san-pham\\\/den-chieu-sang-facade\\\/den-pha-vlf-k04\\\/\",\"name\":\"\u0110\u00e8n pha VLF K04 - Vilight Co.ltd\",\"isPartOf\":{\"@id\":\"https:\\\/\\\/vilight.vn\\\/website\\\/#website\"},\"primaryImageOfPage\":{\"@id\":\"https:\\\/\\\/vilight.vn\\\/website\\\/san-pham\\\/den-chieu-sang-facade\\\/den-pha-vlf-k04\\\/#primaryimage\"},\"image\":{\"@id\":\"https:\\\/\\\/vilight.vn\\\/website\\\/san-pham\\\/den-chieu-sang-facade\\\/den-pha-vlf-k04\\\/#primaryimage\"},\"thumbnailUrl\":\"https:\\\/\\\/vilight.vn\\\/website\\\/wp-content\\\/uploads\\\/2023\\\/07\\\/Den-pha-VLF-K04-logo.jpg\",\"datePublished\":\"2023-07-14T03:50:46+00:00\",\"dateModified\":\"2024-10-02T03:33:07+00:00\",\"description\":\"\u0110\u00e8n pha VLF K04 - \u00c1nh s\u00e1ng m\u1ea1nh m\u1ebd, hi\u1ec7u su\u1ea5t cao. V\u1edbi b\u00f3ng \u0111\u00e8n COB 6W v\u00e0 reflector R8, \u0111\u00e8n t\u1ea1o ra \u00e1nh s\u00e1ng t\u01b0\u01a1ng t\u1ef1 t\u1ef1 nhi\u00ean, \u0111\u1ed9 s\u00e1ng 700 lumens.\",\"breadcrumb\":{\"@id\":\"https:\\\/\\\/vilight.vn\\\/website\\\/san-pham\\\/den-chieu-sang-facade\\\/den-pha-vlf-k04\\\/#breadcrumb\"},\"inLanguage\":\"vi\",\"potentialAction\":[{\"@type\":\"ReadAction\",\"target\":[\"https:\\\/\\\/vilight.vn\\\/website\\\/san-pham\\\/den-chieu-sang-facade\\\/den-pha-vlf-k04\\\/\"]}]},{\"@type\":\"ImageObject\",\"inLanguage\":\"vi\",\"@id\":\"https:\\\/\\\/vilight.vn\\\/website\\\/san-pham\\\/den-chieu-sang-facade\\\/den-pha-vlf-k04\\\/#primaryimage\",\"url\":\"https:\\\/\\\/vilight.vn\\\/website\\\/wp-content\\\/uploads\\\/2023\\\/07\\\/Den-pha-VLF-K04-logo.jpg\",\"contentUrl\":\"https:\\\/\\\/vilight.vn\\\/website\\\/wp-content\\\/uploads\\\/2023\\\/07\\\/Den-pha-VLF-K04-logo.jpg\",\"width\":357,\"height\":357,\"caption\":\"\u0110\u00e8n pha VLF K04\"},{\"@type\":\"BreadcrumbList\",\"@id\":\"https:\\\/\\\/vilight.vn\\\/website\\\/san-pham\\\/den-chieu-sang-facade\\\/den-pha-vlf-k04\\\/#breadcrumb\",\"itemListElement\":[{\"@type\":\"ListItem\",\"position\":1,\"name\":\"Home\",\"item\":\"https:\\\/\\\/vilight.vn\\\/website\\\/\"},{\"@type\":\"ListItem\",\"position\":2,\"name\":\"store\",\"item\":\"https:\\\/\\\/vilight.vn\\\/website\\\/store\\\/\"},{\"@type\":\"ListItem\",\"position\":3,\"name\":\"\u0110\u00e8n pha VLF K04\"}]},{\"@type\":\"WebSite\",\"@id\":\"https:\\\/\\\/vilight.vn\\\/website\\\/#website\",\"url\":\"https:\\\/\\\/vilight.vn\\\/website\\\/\",\"name\":\"Vilight Co.ltd\",\"description\":\"Chi\u1ebfu s\u00e1ng m\u1ef9 thu\u1eadt, chi\u1ebfu s\u00e1ng th\u00f4ng minh, LED Pixel 3D, chi\u1ebfu s\u00e1ng trang tr\u00ed \u0111\u00f4 th\u1ecb, chi\u1ebfu s\u00e1ng v\u00f2ng xoay, chi\u1ebfu s\u00e1ng \u0111\u1ea3o giao th\u00f4ng, c\u1ed5ng ch\u00e0o \u0111\u00f4 th\u1ecb\",\"publisher\":{\"@id\":\"https:\\\/\\\/vilight.vn\\\/website\\\/#organization\"},\"potentialAction\":[{\"@type\":\"SearchAction\",\"target\":{\"@type\":\"EntryPoint\",\"urlTemplate\":\"https:\\\/\\\/vilight.vn\\\/website\\\/?s={search_term_string}\"},\"query-input\":{\"@type\":\"PropertyValueSpecification\",\"valueRequired\":true,\"valueName\":\"search_term_string\"}}],\"inLanguage\":\"vi\"},{\"@type\":\"Organization\",\"@id\":\"https:\\\/\\\/vilight.vn\\\/website\\\/#organization\",\"name\":\"Vilight\",\"url\":\"https:\\\/\\\/vilight.vn\\\/website\\\/\",\"logo\":{\"@type\":\"ImageObject\",\"inLanguage\":\"vi\",\"@id\":\"https:\\\/\\\/vilight.vn\\\/website\\\/#\\\/schema\\\/logo\\\/image\\\/\",\"url\":\"https:\\\/\\\/vilight.vn\\\/website\\\/wp-content\\\/uploads\\\/2022\\\/05\\\/chieu_sang_trang_tri_do_thi_bang_den_led_pixel.png\",\"contentUrl\":\"https:\\\/\\\/vilight.vn\\\/website\\\/wp-content\\\/uploads\\\/2022\\\/05\\\/chieu_sang_trang_tri_do_thi_bang_den_led_pixel.png\",\"width\":800,\"height\":427,\"caption\":\"Vilight\"},\"image\":{\"@id\":\"https:\\\/\\\/vilight.vn\\\/website\\\/#\\\/schema\\\/logo\\\/image\\\/\"},\"sameAs\":[\"http:\\\/\\\/facebook.com\\\/vilight.vn\",\"https:\\\/\\\/www.linkedin.com\\\/company\\\/vilight-vn\",\"https:\\\/\\\/www.youtube.com\\\/channel\\\/UCEwR2naeDcuarMX1kSv_rLQ\\\/videos\"]}]}<\/script>\n<meta property=\"product:brand\" content=\"\u0110\u00e8n chi\u1ebfu s\u00e1ng Facade\" \/>\n<meta property=\"product:price:currency\" content=\"VND\" \/>\n<meta property=\"og:availability\" content=\"instock\" \/>\n<meta property=\"product:availability\" content=\"instock\" \/>\n<meta property=\"product:condition\" content=\"new\" \/>\n<!-- \/ Yoast SEO Premium plugin. -->","yoast_head_json":{"title":"\u0110\u00e8n pha VLF K04 - Vilight Co.ltd","description":"\u0110\u00e8n pha VLF K04 - \u00c1nh s\u00e1ng m\u1ea1nh m\u1ebd, hi\u1ec7u su\u1ea5t cao. V\u1edbi b\u00f3ng \u0111\u00e8n COB 6W v\u00e0 reflector R8, \u0111\u00e8n t\u1ea1o ra \u00e1nh s\u00e1ng t\u01b0\u01a1ng t\u1ef1 t\u1ef1 nhi\u00ean, \u0111\u1ed9 s\u00e1ng 700 lumens.","robots":{"index":"index","follow":"follow","max-snippet":"max-snippet:-1","max-image-preview":"max-image-preview:large","max-video-preview":"max-video-preview:-1"},"canonical":"https:\/\/vilight.vn\/website\/san-pham\/den-chieu-sang-facade\/den-pha-vlf-k04\/","og_locale":"vi_VN","og_type":"article","og_title":"\u0110\u00e8n pha VLF K04","og_description":"\u0110\u00e8n pha VLF K04 - \u00c1nh s\u00e1ng m\u1ea1nh m\u1ebd, hi\u1ec7u su\u1ea5t cao. V\u1edbi b\u00f3ng \u0111\u00e8n COB 6W v\u00e0 reflector R8, \u0111\u00e8n t\u1ea1o ra \u00e1nh s\u00e1ng t\u01b0\u01a1ng t\u1ef1 t\u1ef1 nhi\u00ean, \u0111\u1ed9 s\u00e1ng 700 lumens. Ti\u1ebft ki\u1ec7m n\u0103ng l\u01b0\u1ee3ng v\u00e0 linh ho\u1ea1t v\u1edbi ngu\u1ed3n \u0111i\u1ec7n 24 VDC ho\u1eb7c 120\/240 VAC.","og_url":"https:\/\/vilight.vn\/website\/san-pham\/den-chieu-sang-facade\/den-pha-vlf-k04\/","og_site_name":"Vilight Co.ltd","article_publisher":"http:\/\/facebook.com\/vilight.vn","article_modified_time":"2024-10-02T03:33:07+00:00","og_image":[{"width":357,"height":357,"url":"https:\/\/vilight.vn\/website\/wp-content\/uploads\/2023\/07\/Den-pha-VLF-K04-logo.jpg","type":"image\/jpeg"}],"twitter_card":"summary_large_image","twitter_misc":{"Gi\u00e1":"","Kh\u1ea3 d\u1ee5ng":"Trong kho"},"schema":{"@context":"https:\/\/schema.org","@graph":[{"@type":"WebPage","@id":"https:\/\/vilight.vn\/website\/san-pham\/den-chieu-sang-facade\/den-pha-vlf-k04\/","url":"https:\/\/vilight.vn\/website\/san-pham\/den-chieu-sang-facade\/den-pha-vlf-k04\/","name":"\u0110\u00e8n pha VLF K04 - Vilight Co.ltd","isPartOf":{"@id":"https:\/\/vilight.vn\/website\/#website"},"primaryImageOfPage":{"@id":"https:\/\/vilight.vn\/website\/san-pham\/den-chieu-sang-facade\/den-pha-vlf-k04\/#primaryimage"},"image":{"@id":"https:\/\/vilight.vn\/website\/san-pham\/den-chieu-sang-facade\/den-pha-vlf-k04\/#primaryimage"},"thumbnailUrl":"https:\/\/vilight.vn\/website\/wp-content\/uploads\/2023\/07\/Den-pha-VLF-K04-logo.jpg","datePublished":"2023-07-14T03:50:46+00:00","dateModified":"2024-10-02T03:33:07+00:00","description":"\u0110\u00e8n pha VLF K04 - \u00c1nh s\u00e1ng m\u1ea1nh m\u1ebd, hi\u1ec7u su\u1ea5t cao. V\u1edbi b\u00f3ng \u0111\u00e8n COB 6W v\u00e0 reflector R8, \u0111\u00e8n t\u1ea1o ra \u00e1nh s\u00e1ng t\u01b0\u01a1ng t\u1ef1 t\u1ef1 nhi\u00ean, \u0111\u1ed9 s\u00e1ng 700 lumens.","breadcrumb":{"@id":"https:\/\/vilight.vn\/website\/san-pham\/den-chieu-sang-facade\/den-pha-vlf-k04\/#breadcrumb"},"inLanguage":"vi","potentialAction":[{"@type":"ReadAction","target":["https:\/\/vilight.vn\/website\/san-pham\/den-chieu-sang-facade\/den-pha-vlf-k04\/"]}]},{"@type":"ImageObject","inLanguage":"vi","@id":"https:\/\/vilight.vn\/website\/san-pham\/den-chieu-sang-facade\/den-pha-vlf-k04\/#primaryimage","url":"https:\/\/vilight.vn\/website\/wp-content\/uploads\/2023\/07\/Den-pha-VLF-K04-logo.jpg","contentUrl":"https:\/\/vilight.vn\/website\/wp-content\/uploads\/2023\/07\/Den-pha-VLF-K04-logo.jpg","width":357,"height":357,"caption":"\u0110\u00e8n pha VLF K04"},{"@type":"BreadcrumbList","@id":"https:\/\/vilight.vn\/website\/san-pham\/den-chieu-sang-facade\/den-pha-vlf-k04\/#breadcrumb","itemListElement":[{"@type":"ListItem","position":1,"name":"Home","item":"https:\/\/vilight.vn\/website\/"},{"@type":"ListItem","position":2,"name":"store","item":"https:\/\/vilight.vn\/website\/store\/"},{"@type":"ListItem","position":3,"name":"\u0110\u00e8n pha VLF K04"}]},{"@type":"WebSite","@id":"https:\/\/vilight.vn\/website\/#website","url":"https:\/\/vilight.vn\/website\/","name":"Vilight Co.ltd","description":"Chi\u1ebfu s\u00e1ng m\u1ef9 thu\u1eadt, chi\u1ebfu s\u00e1ng th\u00f4ng minh, LED Pixel 3D, chi\u1ebfu s\u00e1ng trang tr\u00ed \u0111\u00f4 th\u1ecb, chi\u1ebfu s\u00e1ng v\u00f2ng xoay, chi\u1ebfu s\u00e1ng \u0111\u1ea3o giao th\u00f4ng, c\u1ed5ng ch\u00e0o \u0111\u00f4 th\u1ecb","publisher":{"@id":"https:\/\/vilight.vn\/website\/#organization"},"potentialAction":[{"@type":"SearchAction","target":{"@type":"EntryPoint","urlTemplate":"https:\/\/vilight.vn\/website\/?s={search_term_string}"},"query-input":{"@type":"PropertyValueSpecification","valueRequired":true,"valueName":"search_term_string"}}],"inLanguage":"vi"},{"@type":"Organization","@id":"https:\/\/vilight.vn\/website\/#organization","name":"Vilight","url":"https:\/\/vilight.vn\/website\/","logo":{"@type":"ImageObject","inLanguage":"vi","@id":"https:\/\/vilight.vn\/website\/#\/schema\/logo\/image\/","url":"https:\/\/vilight.vn\/website\/wp-content\/uploads\/2022\/05\/chieu_sang_trang_tri_do_thi_bang_den_led_pixel.png","contentUrl":"https:\/\/vilight.vn\/website\/wp-content\/uploads\/2022\/05\/chieu_sang_trang_tri_do_thi_bang_den_led_pixel.png","width":800,"height":427,"caption":"Vilight"},"image":{"@id":"https:\/\/vilight.vn\/website\/#\/schema\/logo\/image\/"},"sameAs":["http:\/\/facebook.com\/vilight.vn","https:\/\/www.linkedin.com\/company\/vilight-vn","https:\/\/www.youtube.com\/channel\/UCEwR2naeDcuarMX1kSv_rLQ\/videos"]}]},"product_brand":"\u0110\u00e8n chi\u1ebfu s\u00e1ng Facade","product_price_currency":"VND","og_availability":"instock","product_availability":"instock","product_condition":"new"},"_links":{"self":[{"href":"https:\/\/vilight.vn\/website\/wp-json\/wp\/v2\/product\/4221","targetHints":{"allow":["GET"]}}],"collection":[{"href":"https:\/\/vilight.vn\/website\/wp-json\/wp\/v2\/product"}],"about":[{"href":"https:\/\/vilight.vn\/website\/wp-json\/wp\/v2\/types\/product"}],"wp:featuredmedia":[{"embeddable":true,"href":"https:\/\/vilight.vn\/website\/wp-json\/wp\/v2\/media\/4224"}],"wp:attachment":[{"href":"https:\/\/vilight.vn\/website\/wp-json\/wp\/v2\/media?parent=4221"}],"wp:term":[{"taxonomy":"product_brand","embeddable":true,"href":"https:\/\/vilight.vn\/website\/wp-json\/wp\/v2\/product_brand?post=4221"},{"taxonomy":"product_cat","embeddable":true,"href":"https:\/\/vilight.vn\/website\/wp-json\/wp\/v2\/product_cat?post=4221"},{"taxonomy":"product_tag","embeddable":true,"href":"https:\/\/vilight.vn\/website\/wp-json\/wp\/v2\/product_tag?post=4221"}],"curies":[{"name":"wp","href":"https:\/\/api.w.org\/{rel}","templated":true}]}}