{"id":4234,"date":"2023-07-14T15:33:56","date_gmt":"2023-07-14T08:33:56","guid":{"rendered":"https:\/\/vilight.vn\/website\/?post_type=product&#038;p=4234"},"modified":"2024-10-02T10:34:31","modified_gmt":"2024-10-02T03:34:31","slug":"den-pha-vlf-k07","status":"publish","type":"product","link":"https:\/\/vilight.vn\/website\/san-pham\/den-chieu-sang-facade\/den-pha-vlf-k07\/","title":{"rendered":"\u0110\u00e8n pha VLF K07"},"content":{"rendered":"<h2 style=\"text-align: justify;\"><span style=\"font-size: 18pt;\">Gi\u1edbi thi\u1ec7u s\u1ea3n ph\u1ea9m \u0110\u00e8n pha VLF K07.\u00a0<\/span><\/h2>\n<p style=\"text-align: justify;\"><span style=\"font-size: 14pt;\">\u0110\u00e8n pha K07 l\u00e0 m\u1ed9t s\u1ea3n ph\u1ea9m \u0111\u00e8n chi\u1ebfu s\u00e1ng ch\u1ea5t l\u01b0\u1ee3ng cao, \u0111\u01b0\u1ee3c thi\u1ebft k\u1ebf \u0111\u1ec3 \u0111\u00e1p \u1ee9ng c\u00e1c nhu c\u1ea7u chi\u1ebfu s\u00e1ng trong nhi\u1ec1u kh\u00f4ng gian kh\u00e1c nhau. V\u1edbi c\u00e1c th\u00f4ng s\u1ed1 k\u1ef9 thu\u1eadt ti\u00ean ti\u1ebfn, \u0111\u00e8n pha VLF K07 mang l\u1ea1i hi\u1ec7u su\u1ea5t \u00e1nh s\u00e1ng tuy\u1ec7t v\u1eddi v\u00e0 ti\u1ebft ki\u1ec7m n\u0103ng l\u01b0\u1ee3ng.<\/span><\/p>\n<p style=\"text-align: justify;\"><span style=\"font-size: 14pt;\">Ngu\u1ed3n s\u00e1ng c\u1ee7a \u0111\u00e8n pha K07 \u0111\u01b0\u1ee3c trang b\u1ecb m\u1ed9t b\u00f3ng \u0111\u00e8n COB c\u00f4ng su\u1ea5t 40W. \u0110\u00e2y l\u00e0 c\u00f4ng ngh\u1ec7 ti\u00ean ti\u1ebfn v\u00e0 hi\u1ec7u qu\u1ea3, gi\u00fap t\u1ea1o ra \u00e1nh s\u00e1ng m\u1ea1nh m\u1ebd v\u00e0 \u0111\u1ed3ng \u0111\u1ec1u. V\u1edbi b\u1ed9 ph\u1ea3n x\u1ea1 R16, \u00e1nh s\u00e1ng \u0111\u01b0\u1ee3c ph\u1ea3n x\u1ea1 v\u00e0 t\u1eadp trung m\u1ed9t c\u00e1ch hi\u1ec7u qu\u1ea3, t\u1ed1i \u01b0u h\u00f3a vi\u1ec7c chi\u1ebfu s\u00e1ng trong khu v\u1ef1c mong mu\u1ed1n.<\/span><\/p>\n<p style=\"text-align: justify;\"><span style=\"font-size: 14pt;\">M\u1ed9t \u0111i\u1ec3m \u0111\u00e1ng ch\u00fa \u00fd c\u1ee7a \u0111\u00e8n pha K07 l\u00e0 kh\u1ea3 n\u0103ng t\u00f9y ch\u1ec9nh g\u00f3c chi\u1ebfu s\u00e1ng. S\u1ea3n ph\u1ea9m n\u00e0y \u0111\u01b0\u1ee3c trang b\u1ecb m\u1ed9t \u1ed1ng k\u00ednh c\u00f3 \u0111\u1ed9 nghi\u00eang t\u00f9y ch\u1ecdn 25\u00b0, cho ph\u00e9p \u0111i\u1ec1u ch\u1ec9nh g\u00f3c chi\u1ebfu s\u00e1ng theo nhu c\u1ea7u c\u1ee5 th\u1ec3. \u0110i\u1ec1u n\u00e0y gi\u00fap \u0111\u1ea3m b\u1ea3o \u00e1nh s\u00e1ng \u0111\u01b0\u1ee3c ph\u00e2n ph\u1ed1i m\u1ed9t c\u00e1ch ch\u00ednh x\u00e1c v\u00e0 hi\u1ec7u qu\u1ea3, t\u1ea1o ra kh\u00f4ng gian chi\u1ebfu s\u00e1ng t\u1ed1t nh\u1ea5t cho m\u00f4i tr\u01b0\u1eddng s\u1eed d\u1ee5ng.<\/span><\/p>\n<p style=\"text-align: justify;\"><span style=\"font-size: 14pt;\">\u0110\u00e8n pha VLF K07 c\u00f3 s\u1eb5n trong c\u00e1c phi\u00ean b\u1ea3n \u0111\u1ea7u v\u00e0o \u0111i\u1ec7n \u00e1p kh\u00e1c nhau \u0111\u1ec3 ph\u00f9 h\u1ee3p v\u1edbi nhi\u1ec1u h\u1ec7 th\u1ed1ng \u0111i\u1ec7n. S\u1ea3n ph\u1ea9m c\u00f3 th\u1ec3 ho\u1ea1t \u0111\u1ed9ng v\u1edbi \u0111i\u1ec7n \u00e1p DC24V, 120V v\u00e0 240V, mang \u0111\u1ebfn s\u1ef1 linh ho\u1ea1t cho vi\u1ec7c l\u1eafp \u0111\u1eb7t v\u00e0 s\u1eed d\u1ee5ng.<\/span><\/p>\n<p style=\"text-align: justify;\"><span style=\"font-size: 14pt;\">V\u1edbi c\u00f4ng su\u1ea5t ti\u00eau th\u1ee5 th\u1ea5p, \u0111\u00e8n pha K07 l\u00e0 m\u1ed9t s\u1ea3n ph\u1ea9m ti\u1ebft ki\u1ec7m n\u0103ng l\u01b0\u1ee3ng. \u1ede c\u00e1c \u0111i\u1ec7n \u00e1p kh\u00e1c nhau, c\u00f4ng su\u1ea5t ti\u00eau th\u1ee5 c\u1ee7a s\u1ea3n ph\u1ea9m l\u00e0 24V=45W, 120V=44.8W v\u00e0 240V=44.5W. \u0110i\u1ec1u n\u00e0y kh\u00f4ng ch\u1ec9 gi\u00fap gi\u1ea3m chi ph\u00ed \u0111i\u1ec7n n\u0103ng m\u00e0 c\u00f2n c\u00f3 l\u1ee3i cho m\u00f4i tr\u01b0\u1eddng.<\/span><\/p>\n<p style=\"text-align: justify;\"><span style=\"font-size: 14pt;\">V\u1edbi \u0111\u1ed9 s\u00e1ng cao, \u0111\u00e8n pha VLF K07 t\u1ea1o ra \u00e1nh s\u00e1ng m\u1ea1nh m\u1ebd v\u00e0 r\u00f5 r\u00e0ng. C\u00f4ng su\u1ea5t s\u00e1ng c\u1ee7a s\u1ea3n ph\u1ea9m l\u00e0 CW=4770LM v\u00e0 WW=4455LM, mang l\u1ea1i \u00e1nh s\u00e1ng tr\u1eafng ho\u1eb7c v\u00e0ng \u1ea5m tu\u1ef3 thu\u1ed9c v\u00e0o nhu c\u1ea7u s\u1eed d\u1ee5ng.<\/span><\/p>\n<p style=\"text-align: justify;\"><span style=\"font-size: 14pt;\">T\u00f3m l\u1ea1i, \u0111\u00e8n pha VLF K07 l\u00e0 m\u1ed9t s\u1ea3n ph\u1ea9m chi\u1ebfu s\u00e1ng \u0111\u00e1ng tin c\u1eady v\u00e0 hi\u1ec7u qu\u1ea3. V\u1edbi \u00e1nh s\u00e1ng m\u1ea1nh m\u1ebd, ti\u1ebft ki\u1ec7m n\u0103ng l\u01b0\u1ee3ng v\u00e0 kh\u1ea3 n\u0103ng t\u00f9y ch\u1ec9nh g\u00f3c chi\u1ebfu s\u00e1ng, s\u1ea3n ph\u1ea9m n\u00e0y l\u00e0 m\u1ed9t l\u1ef1a ch\u1ecdn tuy\u1ec7t v\u1eddi cho c\u00e1c \u1ee9ng d\u1ee5ng chi\u1ebfu s\u00e1ng trong c\u00e1c kh\u00f4ng gian kh\u00e1c nhau.<\/span><\/p>\n<p style=\"text-align: justify;\"><span style=\"font-size: 14pt;\"><a href=\"https:\/\/vilight.vn\/website\/wp-content\/uploads\/2023\/07\/Den-pha-VLF-k07.jpg\"><img decoding=\"async\" class=\"aligncenter wp-image-4236 size-full lazyload\" data-src=\"https:\/\/vilight.vn\/website\/wp-content\/uploads\/2023\/07\/Den-pha-VLF-k07.jpg\" alt=\"\u0110\u00e8n pha VLF K07\" width=\"1200\" height=\"381\" data-srcset=\"https:\/\/vilight.vn\/website\/wp-content\/uploads\/2023\/07\/Den-pha-VLF-k07.jpg 1200w, https:\/\/vilight.vn\/website\/wp-content\/uploads\/2023\/07\/Den-pha-VLF-k07-800x254.jpg 800w, https:\/\/vilight.vn\/website\/wp-content\/uploads\/2023\/07\/Den-pha-VLF-k07-300x95.jpg 300w, https:\/\/vilight.vn\/website\/wp-content\/uploads\/2023\/07\/Den-pha-VLF-k07-1024x325.jpg 1024w, https:\/\/vilight.vn\/website\/wp-content\/uploads\/2023\/07\/Den-pha-VLF-k07-768x244.jpg 768w, https:\/\/vilight.vn\/website\/wp-content\/uploads\/2023\/07\/Den-pha-VLF-k07-150x48.jpg 150w, https:\/\/vilight.vn\/website\/wp-content\/uploads\/2023\/07\/Den-pha-VLF-k07-480x152.jpg 480w\" data-sizes=\"(max-width:767px) 480px, (max-width:1200px) 100vw, 1200px\" src=\"data:image\/svg+xml;base64,PHN2ZyB3aWR0aD0iMSIgaGVpZ2h0PSIxIiB4bWxucz0iaHR0cDovL3d3dy53My5vcmcvMjAwMC9zdmciPjwvc3ZnPg==\" style=\"--smush-placeholder-width: 1200px; --smush-placeholder-aspect-ratio: 1200\/381;\" \/><\/a><a href=\"https:\/\/vilight.vn\/website\/wp-content\/uploads\/2023\/07\/Den-pha-VLF-k07-lap-dat.jpg\"><img decoding=\"async\" class=\"size-full wp-image-4237 lazyload\" data-src=\"https:\/\/vilight.vn\/website\/wp-content\/uploads\/2023\/07\/Den-pha-VLF-k07-lap-dat.jpg\" alt=\"\u0110\u00e8n pha VLF K07\" width=\"1200\" height=\"1735\" data-srcset=\"https:\/\/vilight.vn\/website\/wp-content\/uploads\/2023\/07\/Den-pha-VLF-k07-lap-dat.jpg 1200w, https:\/\/vilight.vn\/website\/wp-content\/uploads\/2023\/07\/Den-pha-VLF-k07-lap-dat-800x1157.jpg 800w, https:\/\/vilight.vn\/website\/wp-content\/uploads\/2023\/07\/Den-pha-VLF-k07-lap-dat-207x300.jpg 207w, https:\/\/vilight.vn\/website\/wp-content\/uploads\/2023\/07\/Den-pha-VLF-k07-lap-dat-708x1024.jpg 708w, https:\/\/vilight.vn\/website\/wp-content\/uploads\/2023\/07\/Den-pha-VLF-k07-lap-dat-768x1110.jpg 768w, https:\/\/vilight.vn\/website\/wp-content\/uploads\/2023\/07\/Den-pha-VLF-k07-lap-dat-1062x1536.jpg 1062w, https:\/\/vilight.vn\/website\/wp-content\/uploads\/2023\/07\/Den-pha-VLF-k07-lap-dat-52x75.jpg 52w, https:\/\/vilight.vn\/website\/wp-content\/uploads\/2023\/07\/Den-pha-VLF-k07-lap-dat-480x694.jpg 480w\" data-sizes=\"(max-width:767px) 480px, (max-width:1200px) 100vw, 1200px\" src=\"data:image\/svg+xml;base64,PHN2ZyB3aWR0aD0iMSIgaGVpZ2h0PSIxIiB4bWxucz0iaHR0cDovL3d3dy53My5vcmcvMjAwMC9zdmciPjwvc3ZnPg==\" style=\"--smush-placeholder-width: 1200px; --smush-placeholder-aspect-ratio: 1200\/1735;\" \/><\/a><\/span><\/p>\n","protected":false},"excerpt":{"rendered":"<p style=\"text-align: justify;\"><span style=\"font-size: 14pt;\">Gi\u1edbi thi\u1ec7u s\u1ea3n ph\u1ea9m \u0110\u00e8n pha VLF K07: V\u1edbi ngu\u1ed3n s\u00e1ng COB 40W v\u00e0 b\u1ed9 ph\u1ea3n x\u1ea1 R16, \u0111\u00e8n pha VLF K07 mang l\u1ea1i \u00e1nh s\u00e1ng m\u1ea1nh m\u1ebd. G\u00f3c chi\u1ebfu 25\u00b0 c\u00f3 th\u1ec3 \u0111i\u1ec1u ch\u1ec9nh, c\u00f4ng su\u1ea5t ti\u00eau th\u1ee5 th\u1ea5p v\u00e0 \u0111\u1ed9 s\u00e1ng cao (CW = 4700 lm, WW = 4400 lm). \u0110\u00e8n pha VLF K07 l\u00e0 l\u1ef1a ch\u1ecdn ho\u00e0n h\u1ea3o cho chi\u1ebfu s\u00e1ng hi\u1ec7u qu\u1ea3.<\/span><\/p>\n","protected":false},"featured_media":4235,"template":"","meta":[],"product_brand":[],"product_cat":[73,59,549],"product_tag":[554],"class_list":{"0":"post-4234","1":"product","2":"type-product","3":"status-publish","4":"has-post-thumbnail","6":"product_cat-den-chieu-sang-facade","7":"product_cat-den-roi-pha","8":"product_cat-k-p-g-series","9":"product_tag-den-pha-vlf-k07","10":"pa_chuan-dieu-khien-on-off","11":"pa_cong-suat-40w","12":"pa_dien-ap-hoat-dong-24vdc","13":"pa_dien-ap-hoat-dong-ac-120-240v","14":"pa_do-kin-ip-66","15":"pa_goc-chieu-232","17":"first","18":"instock","19":"taxable","20":"shipping-taxable","21":"product-type-simple"},"yoast_head":"<!-- This site is optimized with the Yoast SEO Premium plugin v27.4 (Yoast SEO v27.4) - https:\/\/yoast.com\/product\/yoast-seo-premium-wordpress\/ -->\n<title>\u0110\u00e8n pha VLF K07 - Vilight Co.ltd<\/title>\n<meta name=\"description\" content=\"Gi\u1edbi thi\u1ec7u s\u1ea3n ph\u1ea9m \u0110\u00e8n pha VLF K07: V\u1edbi ngu\u1ed3n s\u00e1ng COB 40W v\u00e0 b\u1ed9 ph\u1ea3n x\u1ea1 R16, \u0111\u00e8n pha VLF K07 mang l\u1ea1i \u00e1nh s\u00e1ng m\u1ea1nh m\u1ebd. G\u00f3c chi\u1ebfu 25\u00b0 c\u00f3 th\u1ec3 \u0111i\u1ec1u ch\u1ec9nh.\" \/>\n<meta name=\"robots\" content=\"index, follow, max-snippet:-1, max-image-preview:large, max-video-preview:-1\" \/>\n<link rel=\"canonical\" href=\"https:\/\/vilight.vn\/website\/san-pham\/den-chieu-sang-facade\/den-pha-vlf-k07\/\" \/>\n<meta property=\"og:locale\" content=\"vi_VN\" \/>\n<meta property=\"og:type\" content=\"article\" \/>\n<meta property=\"og:title\" content=\"\u0110\u00e8n pha VLF K07\" \/>\n<meta property=\"og:description\" content=\"Gi\u1edbi thi\u1ec7u s\u1ea3n ph\u1ea9m \u0110\u00e8n pha VLF K07: V\u1edbi ngu\u1ed3n s\u00e1ng COB 40W v\u00e0 b\u1ed9 ph\u1ea3n x\u1ea1 R16, \u0111\u00e8n pha VLF K07 mang l\u1ea1i \u00e1nh s\u00e1ng m\u1ea1nh m\u1ebd. G\u00f3c chi\u1ebfu 25\u00b0 c\u00f3 th\u1ec3 \u0111i\u1ec1u ch\u1ec9nh, c\u00f4ng su\u1ea5t ti\u00eau th\u1ee5 th\u1ea5p v\u00e0 \u0111\u1ed9 s\u00e1ng cao (CW = 4700 lm, WW = 4400 lm). \u0110\u00e8n pha VLF K07 l\u00e0 l\u1ef1a ch\u1ecdn ho\u00e0n h\u1ea3o cho chi\u1ebfu s\u00e1ng hi\u1ec7u qu\u1ea3.\" \/>\n<meta property=\"og:url\" content=\"https:\/\/vilight.vn\/website\/san-pham\/den-chieu-sang-facade\/den-pha-vlf-k07\/\" \/>\n<meta property=\"og:site_name\" content=\"Vilight Co.ltd\" \/>\n<meta property=\"article:publisher\" content=\"http:\/\/facebook.com\/vilight.vn\" \/>\n<meta property=\"article:modified_time\" content=\"2024-10-02T03:34:31+00:00\" \/>\n<meta property=\"og:image\" content=\"https:\/\/vilight.vn\/website\/wp-content\/uploads\/2023\/07\/Den-pha-VLF-K06-logo-1.jpg\" \/>\n\t<meta property=\"og:image:width\" content=\"473\" \/>\n\t<meta property=\"og:image:height\" content=\"473\" \/>\n\t<meta property=\"og:image:type\" content=\"image\/jpeg\" \/>\n<meta name=\"twitter:card\" content=\"summary_large_image\" \/>\n<meta name=\"twitter:label1\" content=\"Gi\u00e1\" \/>\n\t<meta name=\"twitter:data1\" content=\"\" \/>\n\t<meta name=\"twitter:label2\" content=\"Kh\u1ea3 d\u1ee5ng\" \/>\n\t<meta name=\"twitter:data2\" content=\"Trong kho\" \/>\n<script type=\"application\/ld+json\" class=\"yoast-schema-graph\">{\"@context\":\"https:\\\/\\\/schema.org\",\"@graph\":[{\"@type\":\"WebPage\",\"@id\":\"https:\\\/\\\/vilight.vn\\\/website\\\/san-pham\\\/den-chieu-sang-facade\\\/den-pha-vlf-k07\\\/\",\"url\":\"https:\\\/\\\/vilight.vn\\\/website\\\/san-pham\\\/den-chieu-sang-facade\\\/den-pha-vlf-k07\\\/\",\"name\":\"\u0110\u00e8n pha VLF K07 - Vilight Co.ltd\",\"isPartOf\":{\"@id\":\"https:\\\/\\\/vilight.vn\\\/website\\\/#website\"},\"primaryImageOfPage\":{\"@id\":\"https:\\\/\\\/vilight.vn\\\/website\\\/san-pham\\\/den-chieu-sang-facade\\\/den-pha-vlf-k07\\\/#primaryimage\"},\"image\":{\"@id\":\"https:\\\/\\\/vilight.vn\\\/website\\\/san-pham\\\/den-chieu-sang-facade\\\/den-pha-vlf-k07\\\/#primaryimage\"},\"thumbnailUrl\":\"https:\\\/\\\/vilight.vn\\\/website\\\/wp-content\\\/uploads\\\/2023\\\/07\\\/Den-pha-VLF-K06-logo-1.jpg\",\"datePublished\":\"2023-07-14T08:33:56+00:00\",\"dateModified\":\"2024-10-02T03:34:31+00:00\",\"description\":\"Gi\u1edbi thi\u1ec7u s\u1ea3n ph\u1ea9m \u0110\u00e8n pha VLF K07: V\u1edbi ngu\u1ed3n s\u00e1ng COB 40W v\u00e0 b\u1ed9 ph\u1ea3n x\u1ea1 R16, \u0111\u00e8n pha VLF K07 mang l\u1ea1i \u00e1nh s\u00e1ng m\u1ea1nh m\u1ebd. G\u00f3c chi\u1ebfu 25\u00b0 c\u00f3 th\u1ec3 \u0111i\u1ec1u ch\u1ec9nh.\",\"breadcrumb\":{\"@id\":\"https:\\\/\\\/vilight.vn\\\/website\\\/san-pham\\\/den-chieu-sang-facade\\\/den-pha-vlf-k07\\\/#breadcrumb\"},\"inLanguage\":\"vi\",\"potentialAction\":[{\"@type\":\"ReadAction\",\"target\":[\"https:\\\/\\\/vilight.vn\\\/website\\\/san-pham\\\/den-chieu-sang-facade\\\/den-pha-vlf-k07\\\/\"]}]},{\"@type\":\"ImageObject\",\"inLanguage\":\"vi\",\"@id\":\"https:\\\/\\\/vilight.vn\\\/website\\\/san-pham\\\/den-chieu-sang-facade\\\/den-pha-vlf-k07\\\/#primaryimage\",\"url\":\"https:\\\/\\\/vilight.vn\\\/website\\\/wp-content\\\/uploads\\\/2023\\\/07\\\/Den-pha-VLF-K06-logo-1.jpg\",\"contentUrl\":\"https:\\\/\\\/vilight.vn\\\/website\\\/wp-content\\\/uploads\\\/2023\\\/07\\\/Den-pha-VLF-K06-logo-1.jpg\",\"width\":473,\"height\":473,\"caption\":\"\u0110\u00e8n pha VLF K07\"},{\"@type\":\"BreadcrumbList\",\"@id\":\"https:\\\/\\\/vilight.vn\\\/website\\\/san-pham\\\/den-chieu-sang-facade\\\/den-pha-vlf-k07\\\/#breadcrumb\",\"itemListElement\":[{\"@type\":\"ListItem\",\"position\":1,\"name\":\"Home\",\"item\":\"https:\\\/\\\/vilight.vn\\\/website\\\/\"},{\"@type\":\"ListItem\",\"position\":2,\"name\":\"store\",\"item\":\"https:\\\/\\\/vilight.vn\\\/website\\\/store\\\/\"},{\"@type\":\"ListItem\",\"position\":3,\"name\":\"\u0110\u00e8n pha VLF K07\"}]},{\"@type\":\"WebSite\",\"@id\":\"https:\\\/\\\/vilight.vn\\\/website\\\/#website\",\"url\":\"https:\\\/\\\/vilight.vn\\\/website\\\/\",\"name\":\"Vilight Co.ltd\",\"description\":\"Chi\u1ebfu s\u00e1ng m\u1ef9 thu\u1eadt, chi\u1ebfu s\u00e1ng th\u00f4ng minh, LED Pixel 3D, chi\u1ebfu s\u00e1ng trang tr\u00ed \u0111\u00f4 th\u1ecb, chi\u1ebfu s\u00e1ng v\u00f2ng xoay, chi\u1ebfu s\u00e1ng \u0111\u1ea3o giao th\u00f4ng, c\u1ed5ng ch\u00e0o \u0111\u00f4 th\u1ecb\",\"publisher\":{\"@id\":\"https:\\\/\\\/vilight.vn\\\/website\\\/#organization\"},\"potentialAction\":[{\"@type\":\"SearchAction\",\"target\":{\"@type\":\"EntryPoint\",\"urlTemplate\":\"https:\\\/\\\/vilight.vn\\\/website\\\/?s={search_term_string}\"},\"query-input\":{\"@type\":\"PropertyValueSpecification\",\"valueRequired\":true,\"valueName\":\"search_term_string\"}}],\"inLanguage\":\"vi\"},{\"@type\":\"Organization\",\"@id\":\"https:\\\/\\\/vilight.vn\\\/website\\\/#organization\",\"name\":\"Vilight\",\"url\":\"https:\\\/\\\/vilight.vn\\\/website\\\/\",\"logo\":{\"@type\":\"ImageObject\",\"inLanguage\":\"vi\",\"@id\":\"https:\\\/\\\/vilight.vn\\\/website\\\/#\\\/schema\\\/logo\\\/image\\\/\",\"url\":\"https:\\\/\\\/vilight.vn\\\/website\\\/wp-content\\\/uploads\\\/2022\\\/05\\\/chieu_sang_trang_tri_do_thi_bang_den_led_pixel.png\",\"contentUrl\":\"https:\\\/\\\/vilight.vn\\\/website\\\/wp-content\\\/uploads\\\/2022\\\/05\\\/chieu_sang_trang_tri_do_thi_bang_den_led_pixel.png\",\"width\":800,\"height\":427,\"caption\":\"Vilight\"},\"image\":{\"@id\":\"https:\\\/\\\/vilight.vn\\\/website\\\/#\\\/schema\\\/logo\\\/image\\\/\"},\"sameAs\":[\"http:\\\/\\\/facebook.com\\\/vilight.vn\",\"https:\\\/\\\/www.linkedin.com\\\/company\\\/vilight-vn\",\"https:\\\/\\\/www.youtube.com\\\/channel\\\/UCEwR2naeDcuarMX1kSv_rLQ\\\/videos\"]}]}<\/script>\n<meta property=\"product:brand\" content=\"\u0110\u00e8n chi\u1ebfu s\u00e1ng Facade\" \/>\n<meta property=\"product:price:currency\" content=\"VND\" \/>\n<meta property=\"og:availability\" content=\"instock\" \/>\n<meta property=\"product:availability\" content=\"instock\" \/>\n<meta property=\"product:condition\" content=\"new\" \/>\n<!-- \/ Yoast SEO Premium plugin. -->","yoast_head_json":{"title":"\u0110\u00e8n pha VLF K07 - Vilight Co.ltd","description":"Gi\u1edbi thi\u1ec7u s\u1ea3n ph\u1ea9m \u0110\u00e8n pha VLF K07: V\u1edbi ngu\u1ed3n s\u00e1ng COB 40W v\u00e0 b\u1ed9 ph\u1ea3n x\u1ea1 R16, \u0111\u00e8n pha VLF K07 mang l\u1ea1i \u00e1nh s\u00e1ng m\u1ea1nh m\u1ebd. G\u00f3c chi\u1ebfu 25\u00b0 c\u00f3 th\u1ec3 \u0111i\u1ec1u ch\u1ec9nh.","robots":{"index":"index","follow":"follow","max-snippet":"max-snippet:-1","max-image-preview":"max-image-preview:large","max-video-preview":"max-video-preview:-1"},"canonical":"https:\/\/vilight.vn\/website\/san-pham\/den-chieu-sang-facade\/den-pha-vlf-k07\/","og_locale":"vi_VN","og_type":"article","og_title":"\u0110\u00e8n pha VLF K07","og_description":"Gi\u1edbi thi\u1ec7u s\u1ea3n ph\u1ea9m \u0110\u00e8n pha VLF K07: V\u1edbi ngu\u1ed3n s\u00e1ng COB 40W v\u00e0 b\u1ed9 ph\u1ea3n x\u1ea1 R16, \u0111\u00e8n pha VLF K07 mang l\u1ea1i \u00e1nh s\u00e1ng m\u1ea1nh m\u1ebd. G\u00f3c chi\u1ebfu 25\u00b0 c\u00f3 th\u1ec3 \u0111i\u1ec1u ch\u1ec9nh, c\u00f4ng su\u1ea5t ti\u00eau th\u1ee5 th\u1ea5p v\u00e0 \u0111\u1ed9 s\u00e1ng cao (CW = 4700 lm, WW = 4400 lm). \u0110\u00e8n pha VLF K07 l\u00e0 l\u1ef1a ch\u1ecdn ho\u00e0n h\u1ea3o cho chi\u1ebfu s\u00e1ng hi\u1ec7u qu\u1ea3.","og_url":"https:\/\/vilight.vn\/website\/san-pham\/den-chieu-sang-facade\/den-pha-vlf-k07\/","og_site_name":"Vilight Co.ltd","article_publisher":"http:\/\/facebook.com\/vilight.vn","article_modified_time":"2024-10-02T03:34:31+00:00","og_image":[{"width":473,"height":473,"url":"https:\/\/vilight.vn\/website\/wp-content\/uploads\/2023\/07\/Den-pha-VLF-K06-logo-1.jpg","type":"image\/jpeg"}],"twitter_card":"summary_large_image","twitter_misc":{"Gi\u00e1":"","Kh\u1ea3 d\u1ee5ng":"Trong kho"},"schema":{"@context":"https:\/\/schema.org","@graph":[{"@type":"WebPage","@id":"https:\/\/vilight.vn\/website\/san-pham\/den-chieu-sang-facade\/den-pha-vlf-k07\/","url":"https:\/\/vilight.vn\/website\/san-pham\/den-chieu-sang-facade\/den-pha-vlf-k07\/","name":"\u0110\u00e8n pha VLF K07 - Vilight Co.ltd","isPartOf":{"@id":"https:\/\/vilight.vn\/website\/#website"},"primaryImageOfPage":{"@id":"https:\/\/vilight.vn\/website\/san-pham\/den-chieu-sang-facade\/den-pha-vlf-k07\/#primaryimage"},"image":{"@id":"https:\/\/vilight.vn\/website\/san-pham\/den-chieu-sang-facade\/den-pha-vlf-k07\/#primaryimage"},"thumbnailUrl":"https:\/\/vilight.vn\/website\/wp-content\/uploads\/2023\/07\/Den-pha-VLF-K06-logo-1.jpg","datePublished":"2023-07-14T08:33:56+00:00","dateModified":"2024-10-02T03:34:31+00:00","description":"Gi\u1edbi thi\u1ec7u s\u1ea3n ph\u1ea9m \u0110\u00e8n pha VLF K07: V\u1edbi ngu\u1ed3n s\u00e1ng COB 40W v\u00e0 b\u1ed9 ph\u1ea3n x\u1ea1 R16, \u0111\u00e8n pha VLF K07 mang l\u1ea1i \u00e1nh s\u00e1ng m\u1ea1nh m\u1ebd. G\u00f3c chi\u1ebfu 25\u00b0 c\u00f3 th\u1ec3 \u0111i\u1ec1u ch\u1ec9nh.","breadcrumb":{"@id":"https:\/\/vilight.vn\/website\/san-pham\/den-chieu-sang-facade\/den-pha-vlf-k07\/#breadcrumb"},"inLanguage":"vi","potentialAction":[{"@type":"ReadAction","target":["https:\/\/vilight.vn\/website\/san-pham\/den-chieu-sang-facade\/den-pha-vlf-k07\/"]}]},{"@type":"ImageObject","inLanguage":"vi","@id":"https:\/\/vilight.vn\/website\/san-pham\/den-chieu-sang-facade\/den-pha-vlf-k07\/#primaryimage","url":"https:\/\/vilight.vn\/website\/wp-content\/uploads\/2023\/07\/Den-pha-VLF-K06-logo-1.jpg","contentUrl":"https:\/\/vilight.vn\/website\/wp-content\/uploads\/2023\/07\/Den-pha-VLF-K06-logo-1.jpg","width":473,"height":473,"caption":"\u0110\u00e8n pha VLF K07"},{"@type":"BreadcrumbList","@id":"https:\/\/vilight.vn\/website\/san-pham\/den-chieu-sang-facade\/den-pha-vlf-k07\/#breadcrumb","itemListElement":[{"@type":"ListItem","position":1,"name":"Home","item":"https:\/\/vilight.vn\/website\/"},{"@type":"ListItem","position":2,"name":"store","item":"https:\/\/vilight.vn\/website\/store\/"},{"@type":"ListItem","position":3,"name":"\u0110\u00e8n pha VLF K07"}]},{"@type":"WebSite","@id":"https:\/\/vilight.vn\/website\/#website","url":"https:\/\/vilight.vn\/website\/","name":"Vilight Co.ltd","description":"Chi\u1ebfu s\u00e1ng m\u1ef9 thu\u1eadt, chi\u1ebfu s\u00e1ng th\u00f4ng minh, LED Pixel 3D, chi\u1ebfu s\u00e1ng trang tr\u00ed \u0111\u00f4 th\u1ecb, chi\u1ebfu s\u00e1ng v\u00f2ng xoay, chi\u1ebfu s\u00e1ng \u0111\u1ea3o giao th\u00f4ng, c\u1ed5ng ch\u00e0o \u0111\u00f4 th\u1ecb","publisher":{"@id":"https:\/\/vilight.vn\/website\/#organization"},"potentialAction":[{"@type":"SearchAction","target":{"@type":"EntryPoint","urlTemplate":"https:\/\/vilight.vn\/website\/?s={search_term_string}"},"query-input":{"@type":"PropertyValueSpecification","valueRequired":true,"valueName":"search_term_string"}}],"inLanguage":"vi"},{"@type":"Organization","@id":"https:\/\/vilight.vn\/website\/#organization","name":"Vilight","url":"https:\/\/vilight.vn\/website\/","logo":{"@type":"ImageObject","inLanguage":"vi","@id":"https:\/\/vilight.vn\/website\/#\/schema\/logo\/image\/","url":"https:\/\/vilight.vn\/website\/wp-content\/uploads\/2022\/05\/chieu_sang_trang_tri_do_thi_bang_den_led_pixel.png","contentUrl":"https:\/\/vilight.vn\/website\/wp-content\/uploads\/2022\/05\/chieu_sang_trang_tri_do_thi_bang_den_led_pixel.png","width":800,"height":427,"caption":"Vilight"},"image":{"@id":"https:\/\/vilight.vn\/website\/#\/schema\/logo\/image\/"},"sameAs":["http:\/\/facebook.com\/vilight.vn","https:\/\/www.linkedin.com\/company\/vilight-vn","https:\/\/www.youtube.com\/channel\/UCEwR2naeDcuarMX1kSv_rLQ\/videos"]}]},"product_brand":"\u0110\u00e8n chi\u1ebfu s\u00e1ng Facade","product_price_currency":"VND","og_availability":"instock","product_availability":"instock","product_condition":"new"},"_links":{"self":[{"href":"https:\/\/vilight.vn\/website\/wp-json\/wp\/v2\/product\/4234","targetHints":{"allow":["GET"]}}],"collection":[{"href":"https:\/\/vilight.vn\/website\/wp-json\/wp\/v2\/product"}],"about":[{"href":"https:\/\/vilight.vn\/website\/wp-json\/wp\/v2\/types\/product"}],"wp:featuredmedia":[{"embeddable":true,"href":"https:\/\/vilight.vn\/website\/wp-json\/wp\/v2\/media\/4235"}],"wp:attachment":[{"href":"https:\/\/vilight.vn\/website\/wp-json\/wp\/v2\/media?parent=4234"}],"wp:term":[{"taxonomy":"product_brand","embeddable":true,"href":"https:\/\/vilight.vn\/website\/wp-json\/wp\/v2\/product_brand?post=4234"},{"taxonomy":"product_cat","embeddable":true,"href":"https:\/\/vilight.vn\/website\/wp-json\/wp\/v2\/product_cat?post=4234"},{"taxonomy":"product_tag","embeddable":true,"href":"https:\/\/vilight.vn\/website\/wp-json\/wp\/v2\/product_tag?post=4234"}],"curies":[{"name":"wp","href":"https:\/\/api.w.org\/{rel}","templated":true}]}}