{"id":4241,"date":"2023-07-18T14:23:58","date_gmt":"2023-07-18T07:23:58","guid":{"rendered":"https:\/\/vilight.vn\/website\/?post_type=product&#038;p=4241"},"modified":"2024-10-02T10:34:53","modified_gmt":"2024-10-02T03:34:53","slug":"den-pha-vlf-k08","status":"publish","type":"product","link":"https:\/\/vilight.vn\/website\/san-pham\/den-chieu-sang-facade\/den-pha-vlf-k08\/","title":{"rendered":"\u0110\u00e8n pha VLF K08"},"content":{"rendered":"<h2 style=\"text-align: justify;\"><span style=\"font-size: 18pt;\">\u00a0\u0110\u00e8n pha VLF K08 &#8211; Hi\u1ec7u su\u1ea5t cao v\u00e0 ti\u1ebft ki\u1ec7m n\u0103ng l\u01b0\u1ee3ng.\u00a0<\/span><\/h2>\n<p style=\"text-align: justify;\"><span style=\"font-size: 14pt;\">\u0110\u00e8n pha VLF K08 l\u00e0 m\u1ed9t gi\u1ea3i ph\u00e1p chi\u1ebfu s\u00e1ng \u0111\u1ed9c \u0111\u00e1o, \u0111\u01b0\u1ee3c thi\u1ebft k\u1ebf \u0111\u1ec3 mang \u0111\u1ebfn \u00e1nh s\u00e1ng m\u1ea1nh m\u1ebd v\u00e0 ti\u1ebft ki\u1ec7m n\u0103ng l\u01b0\u1ee3ng cho m\u1ecdi kh\u00f4ng gian. V\u1edbi c\u00f4ng ngh\u1ec7 ti\u00ean ti\u1ebfn v\u00e0 c\u00e1c t\u00ednh n\u0103ng \u0111\u00e1ng ch\u00fa \u00fd, \u0111\u00e8n pha VLF K08 \u0111\u00e1p \u1ee9ng t\u1ed1t nhu c\u1ea7u chi\u1ebfu s\u00e1ng trong c\u00e1c khu v\u1ef1c nh\u01b0 s\u00e2n v\u01b0\u1eddn, s\u00e2n th\u1ec3 thao, b\u1ea3o v\u1ec7 an ninh, v\u00e0 nhi\u1ec1u \u1ee9ng d\u1ee5ng kh\u00e1c.<\/span><\/p>\n<p style=\"text-align: justify;\"><span style=\"font-size: 14pt;\">Hi\u1ec7u su\u1ea5t chi\u1ebfu s\u00e1ng cao:<\/span><br \/>\n<span style=\"font-size: 14pt;\">\u0110\u00e8n pha VLF K08 \u0111\u01b0\u1ee3c trang b\u1ecb ngu\u1ed3n s\u00e1ng 1\u00d73W NICHIA, mang \u0111\u1ebfn \u00e1nh s\u00e1ng s\u00e1ng \u0111\u1ea1t \u0111\u1ed9 s\u00e1ng cao v\u00e0 ch\u1ea5t l\u01b0\u1ee3ng t\u1ed1t. V\u1edbi \u0111\u1ed9 s\u00e1ng l\u00ean \u0111\u1ebfn 288 lm (\u1edf \u0111i\u1ec7n \u00e1p 24V) v\u00e0 258 lm (\u1edf \u0111i\u1ec7n \u00e1p 120\/240V), \u0111\u00e8n pha n\u00e0y gi\u00fap chi\u1ebfu s\u00e1ng m\u1ed9t khu v\u1ef1c l\u1edbn m\u1ed9t c\u00e1ch hi\u1ec7u qu\u1ea3 v\u00e0 t\u1ed1i \u01b0u.<\/span><\/p>\n<p style=\"text-align: justify;\"><span style=\"font-size: 14pt;\">Thi\u1ebft k\u1ebf chuy\u00ean nghi\u1ec7p:<\/span><br \/>\n<span style=\"font-size: 14pt;\">\u0110\u00e8n pha VLF K08 \u0111\u01b0\u1ee3c trang b\u1ecb \u1ed1ng k\u00ednh B33 v\u00e0 t\u00f9y ch\u1ecdn g\u00f3c chi\u1ebfu kh\u00e1c nhau, bao g\u1ed3m 30\u00b0. \u0110i\u1ec1u n\u00e0y cho ph\u00e9p t\u00f9y ch\u1ec9nh g\u00f3c chi\u1ebfu s\u00e1ng, \u0111\u00e1p \u1ee9ng linh ho\u1ea1t c\u00e1c nhu c\u1ea7u chi\u1ebfu s\u00e1ng kh\u00e1c nhau. B\u1ea1n c\u00f3 th\u1ec3 t\u1eadp trung \u00e1nh s\u00e1ng v\u00e0o m\u1ed9t khu v\u1ef1c c\u1ee5 th\u1ec3 ho\u1eb7c ph\u00e2n t\u00e1n \u00e1nh s\u00e1ng \u0111\u1ed3ng \u0111\u1ec1u tr\u00ean m\u1ed9t di\u1ec7n t\u00edch r\u1ed9ng.<\/span><\/p>\n<p style=\"text-align: justify;\"><span style=\"font-size: 14pt;\">Ti\u1ebft ki\u1ec7m n\u0103ng l\u01b0\u1ee3ng:<\/span><br \/>\n<span style=\"font-size: 14pt;\">\u0110\u00e8n pha VLF K08 \u0111\u01b0\u1ee3c thi\u1ebft k\u1ebf \u0111\u1ec3 ti\u1ebft ki\u1ec7m n\u0103ng l\u01b0\u1ee3ng. V\u1edbi \u0111i\u1ec7n \u00e1p \u0111\u1ea7u v\u00e0o DC24V ho\u1eb7c 120\/240V, c\u00f4ng su\u1ea5t ti\u00eau th\u1ee5 ch\u1ec9 t\u1eeb 3.9W \u0111\u1ebfn 4.6W (t\u00f9y thu\u1ed9c v\u00e0o \u0111i\u1ec7n \u00e1p \u0111\u1ea7u v\u00e0o). \u0110i\u1ec1u n\u00e0y kh\u00f4ng ch\u1ec9 gi\u00fap gi\u1ea3m ti\u1ec1n \u0111i\u1ec7n m\u00e0 c\u00f2n l\u00e0m gi\u1ea3m t\u00e1c \u0111\u1ed9ng ti\u00eau c\u1ef1c l\u00ean m\u00f4i tr\u01b0\u1eddng.<\/span><\/p>\n<p style=\"text-align: justify;\"><span style=\"font-size: 14pt;\">\u0110\u1ed9 b\u1ec1n v\u00e0 \u0111\u00e1ng tin c\u1eady:<\/span><br \/>\n<span style=\"font-size: 14pt;\">VLF K08 \u0111\u01b0\u1ee3c thi\u1ebft k\u1ebf \u0111\u1ec3 \u0111\u00e1p \u1ee9ng c\u00e1c ti\u00eau chu\u1ea9n ch\u1ea5t l\u01b0\u1ee3ng cao. V\u1edbi c\u00f4ng su\u1ea5t l\u00e0m vi\u1ec7c t\u01b0\u01a1ng \u1ee9ng 24V=162mA, 120V=40mA v\u00e0 240V=22mA, \u0111\u00e8n pha n\u00e0y c\u00f3 th\u1ec3 ho\u1ea1t \u0111\u1ed9ng l\u00e2u d\u00e0i m\u00e0 kh\u00f4ng g\u00e2y ra s\u1ef1 c\u1ed1 h\u1ecfng h\u00f3c \u0111\u1ed9t ng\u1ed9t.<\/span><\/p>\n<p style=\"text-align: justify;\"><span style=\"font-size: 14pt;\">T\u00f3m l\u1ea1i, \u0111\u00e8n pha VLF K08 l\u00e0 m\u1ed9t s\u1ea3n ph\u1ea9m chi\u1ebfu s\u00e1ng \u0111\u00e1ng tin c\u1eady, hi\u1ec7u su\u1ea5t cao v\u00e0 ti\u1ebft ki\u1ec7m n\u0103ng l\u01b0\u1ee3ng. V\u1edbi \u00e1nh s\u00e1ng m\u1ea1nh m\u1ebd, kh\u1ea3 n\u0103ng t\u00f9y ch\u1ec9nh g\u00f3c chi\u1ebfu v\u00e0 thi\u1ebft k\u1ebf b\u1ec1n b\u1ec9, \u0111\u00e8n pha n\u00e0y l\u00e0 l\u1ef1a ch\u1ecdn l\u00fd t\u01b0\u1edfng \u0111\u1ec3 t\u1ea1o \u0111i\u1ec3m nh\u1ea5n \u00e1nh s\u00e1ng trong kh\u00f4ng gian c\u1ee7a b\u1ea1n.<\/span><\/p>\n<p style=\"text-align: justify;\"><span style=\"font-size: 14pt;\"><a href=\"https:\/\/vilight.vn\/website\/wp-content\/uploads\/2023\/07\/Den-pha-VLF-K08-1.jpg\"><img decoding=\"async\" class=\"aligncenter size-full wp-image-4248 lazyload\" data-src=\"https:\/\/vilight.vn\/website\/wp-content\/uploads\/2023\/07\/Den-pha-VLF-K08-1.jpg\" alt=\"\u0110\u00e8n pha VLF K08\" width=\"1200\" height=\"330\" data-srcset=\"https:\/\/vilight.vn\/website\/wp-content\/uploads\/2023\/07\/Den-pha-VLF-K08-1.jpg 1200w, https:\/\/vilight.vn\/website\/wp-content\/uploads\/2023\/07\/Den-pha-VLF-K08-1-800x220.jpg 800w, https:\/\/vilight.vn\/website\/wp-content\/uploads\/2023\/07\/Den-pha-VLF-K08-1-300x83.jpg 300w, https:\/\/vilight.vn\/website\/wp-content\/uploads\/2023\/07\/Den-pha-VLF-K08-1-1024x282.jpg 1024w, https:\/\/vilight.vn\/website\/wp-content\/uploads\/2023\/07\/Den-pha-VLF-K08-1-768x211.jpg 768w, https:\/\/vilight.vn\/website\/wp-content\/uploads\/2023\/07\/Den-pha-VLF-K08-1-150x41.jpg 150w, https:\/\/vilight.vn\/website\/wp-content\/uploads\/2023\/07\/Den-pha-VLF-K08-1-480x132.jpg 480w\" data-sizes=\"(max-width:767px) 480px, (max-width:1200px) 100vw, 1200px\" src=\"data:image\/svg+xml;base64,PHN2ZyB3aWR0aD0iMSIgaGVpZ2h0PSIxIiB4bWxucz0iaHR0cDovL3d3dy53My5vcmcvMjAwMC9zdmciPjwvc3ZnPg==\" style=\"--smush-placeholder-width: 1200px; --smush-placeholder-aspect-ratio: 1200\/330;\" \/><\/a><a href=\"https:\/\/vilight.vn\/website\/wp-content\/uploads\/2023\/07\/Den-pha-VLF-K-08.jpg\"><img decoding=\"async\" class=\"size-full wp-image-4249 lazyload\" data-src=\"https:\/\/vilight.vn\/website\/wp-content\/uploads\/2023\/07\/Den-pha-VLF-K-08.jpg\" alt=\"\u0110\u00e8n pha VLF K08\" width=\"1200\" height=\"601\" data-srcset=\"https:\/\/vilight.vn\/website\/wp-content\/uploads\/2023\/07\/Den-pha-VLF-K-08.jpg 1200w, https:\/\/vilight.vn\/website\/wp-content\/uploads\/2023\/07\/Den-pha-VLF-K-08-800x401.jpg 800w, https:\/\/vilight.vn\/website\/wp-content\/uploads\/2023\/07\/Den-pha-VLF-K-08-300x150.jpg 300w, https:\/\/vilight.vn\/website\/wp-content\/uploads\/2023\/07\/Den-pha-VLF-K-08-1024x513.jpg 1024w, https:\/\/vilight.vn\/website\/wp-content\/uploads\/2023\/07\/Den-pha-VLF-K-08-768x385.jpg 768w, https:\/\/vilight.vn\/website\/wp-content\/uploads\/2023\/07\/Den-pha-VLF-K-08-150x75.jpg 150w, https:\/\/vilight.vn\/website\/wp-content\/uploads\/2023\/07\/Den-pha-VLF-K-08-480x240.jpg 480w\" data-sizes=\"(max-width:767px) 480px, (max-width:1200px) 100vw, 1200px\" src=\"data:image\/svg+xml;base64,PHN2ZyB3aWR0aD0iMSIgaGVpZ2h0PSIxIiB4bWxucz0iaHR0cDovL3d3dy53My5vcmcvMjAwMC9zdmciPjwvc3ZnPg==\" style=\"--smush-placeholder-width: 1200px; --smush-placeholder-aspect-ratio: 1200\/601;\" \/><\/a><\/span><\/p>\n","protected":false},"excerpt":{"rendered":"<p style=\"text-align: justify;\"><span style=\"font-size: 14pt;\">\u0110\u00e8n pha VLF K08 &#8211; S\u1ef1 k\u1ebft h\u1ee3p ho\u00e0n h\u1ea3o gi\u1eefa hi\u1ec7u su\u1ea5t cao v\u00e0 ti\u1ebft ki\u1ec7m n\u0103ng l\u01b0\u1ee3ng. \u00c1nh s\u00e1ng m\u1ea1nh m\u1ebd, \u0111i\u1ec7n \u00e1p \u0111\u1ea7u v\u00e0o linh ho\u1ea1t, v\u00e0 thi\u1ebft k\u1ebf \u0111a n\u0103ng gi\u00fap chi\u1ebfu s\u00e1ng r\u1ed9ng kh\u1eafp kh\u00f4ng gian. L\u00e0 l\u1ef1a ch\u1ecdn t\u1ed1i \u01b0u cho s\u00e2n v\u01b0\u1eddn, s\u00e2n th\u1ec3 thao v\u00e0 nhi\u1ec1u \u1ee9ng d\u1ee5ng kh\u00e1c.<\/span><\/p>\n","protected":false},"featured_media":4247,"template":"","meta":[],"product_brand":[],"product_cat":[73,59,549],"product_tag":[557],"class_list":{"0":"post-4241","1":"product","2":"type-product","3":"status-publish","4":"has-post-thumbnail","6":"product_cat-den-chieu-sang-facade","7":"product_cat-den-roi-pha","8":"product_cat-k-p-g-series","9":"product_tag-den-pha-vlf-k08","10":"pa_chip-led-nichia","11":"pa_chuan-dieu-khien-on-off","12":"pa_cong-suat-3w","13":"pa_dien-ap-hoat-dong-24vdc","14":"pa_dien-ap-hoat-dong-ac-120-240v","15":"pa_do-kin-ip-66","16":"pa_goc-chieu-233","18":"first","19":"instock","20":"taxable","21":"shipping-taxable","22":"product-type-simple"},"yoast_head":"<!-- This site is optimized with the Yoast SEO Premium plugin v27.4 (Yoast SEO v27.4) - https:\/\/yoast.com\/product\/yoast-seo-premium-wordpress\/ -->\n<title>\u0110\u00e8n pha VLF K08 - Vilight Co.ltd<\/title>\n<meta name=\"description\" content=\"\u0110\u00e8n pha VLF K08 - S\u1ef1 k\u1ebft h\u1ee3p ho\u00e0n h\u1ea3o gi\u1eefa hi\u1ec7u su\u1ea5t cao v\u00e0 ti\u1ebft ki\u1ec7m n\u0103ng l\u01b0\u1ee3ng. \u00c1nh s\u00e1ng m\u1ea1nh m\u1ebd, \u0111i\u1ec7n \u00e1p \u0111\u1ea7u v\u00e0o linh ho\u1ea1t.\" \/>\n<meta name=\"robots\" content=\"index, follow, max-snippet:-1, max-image-preview:large, max-video-preview:-1\" \/>\n<link rel=\"canonical\" href=\"https:\/\/vilight.vn\/website\/san-pham\/den-chieu-sang-facade\/den-pha-vlf-k08\/\" \/>\n<meta property=\"og:locale\" content=\"vi_VN\" \/>\n<meta property=\"og:type\" content=\"article\" \/>\n<meta property=\"og:title\" content=\"\u0110\u00e8n pha VLF K08\" \/>\n<meta property=\"og:description\" content=\"\u0110\u00e8n pha VLF K08 - S\u1ef1 k\u1ebft h\u1ee3p ho\u00e0n h\u1ea3o gi\u1eefa hi\u1ec7u su\u1ea5t cao v\u00e0 ti\u1ebft ki\u1ec7m n\u0103ng l\u01b0\u1ee3ng. \u00c1nh s\u00e1ng m\u1ea1nh m\u1ebd, \u0111i\u1ec7n \u00e1p \u0111\u1ea7u v\u00e0o linh ho\u1ea1t, v\u00e0 thi\u1ebft k\u1ebf \u0111a n\u0103ng gi\u00fap chi\u1ebfu s\u00e1ng r\u1ed9ng kh\u1eafp kh\u00f4ng gian. L\u00e0 l\u1ef1a ch\u1ecdn t\u1ed1i \u01b0u cho s\u00e2n v\u01b0\u1eddn, s\u00e2n th\u1ec3 thao v\u00e0 nhi\u1ec1u \u1ee9ng d\u1ee5ng kh\u00e1c.\" \/>\n<meta property=\"og:url\" content=\"https:\/\/vilight.vn\/website\/san-pham\/den-chieu-sang-facade\/den-pha-vlf-k08\/\" \/>\n<meta property=\"og:site_name\" content=\"Vilight Co.ltd\" \/>\n<meta property=\"article:publisher\" content=\"http:\/\/facebook.com\/vilight.vn\" \/>\n<meta property=\"article:modified_time\" content=\"2024-10-02T03:34:53+00:00\" \/>\n<meta property=\"og:image\" content=\"https:\/\/vilight.vn\/website\/wp-content\/uploads\/2023\/07\/Den-pha-VLF-K08.jpg\" \/>\n\t<meta property=\"og:image:width\" content=\"356\" \/>\n\t<meta property=\"og:image:height\" content=\"356\" \/>\n\t<meta property=\"og:image:type\" content=\"image\/jpeg\" \/>\n<meta name=\"twitter:card\" content=\"summary_large_image\" \/>\n<meta name=\"twitter:label1\" content=\"Gi\u00e1\" \/>\n\t<meta name=\"twitter:data1\" content=\"\" \/>\n\t<meta name=\"twitter:label2\" content=\"Kh\u1ea3 d\u1ee5ng\" \/>\n\t<meta name=\"twitter:data2\" content=\"Trong kho\" \/>\n<script type=\"application\/ld+json\" class=\"yoast-schema-graph\">{\"@context\":\"https:\\\/\\\/schema.org\",\"@graph\":[{\"@type\":\"WebPage\",\"@id\":\"https:\\\/\\\/vilight.vn\\\/website\\\/san-pham\\\/den-chieu-sang-facade\\\/den-pha-vlf-k08\\\/\",\"url\":\"https:\\\/\\\/vilight.vn\\\/website\\\/san-pham\\\/den-chieu-sang-facade\\\/den-pha-vlf-k08\\\/\",\"name\":\"\u0110\u00e8n pha VLF K08 - Vilight Co.ltd\",\"isPartOf\":{\"@id\":\"https:\\\/\\\/vilight.vn\\\/website\\\/#website\"},\"primaryImageOfPage\":{\"@id\":\"https:\\\/\\\/vilight.vn\\\/website\\\/san-pham\\\/den-chieu-sang-facade\\\/den-pha-vlf-k08\\\/#primaryimage\"},\"image\":{\"@id\":\"https:\\\/\\\/vilight.vn\\\/website\\\/san-pham\\\/den-chieu-sang-facade\\\/den-pha-vlf-k08\\\/#primaryimage\"},\"thumbnailUrl\":\"https:\\\/\\\/vilight.vn\\\/website\\\/wp-content\\\/uploads\\\/2023\\\/07\\\/Den-pha-VLF-K08.jpg\",\"datePublished\":\"2023-07-18T07:23:58+00:00\",\"dateModified\":\"2024-10-02T03:34:53+00:00\",\"description\":\"\u0110\u00e8n pha VLF K08 - S\u1ef1 k\u1ebft h\u1ee3p ho\u00e0n h\u1ea3o gi\u1eefa hi\u1ec7u su\u1ea5t cao v\u00e0 ti\u1ebft ki\u1ec7m n\u0103ng l\u01b0\u1ee3ng. \u00c1nh s\u00e1ng m\u1ea1nh m\u1ebd, \u0111i\u1ec7n \u00e1p \u0111\u1ea7u v\u00e0o linh ho\u1ea1t.\",\"breadcrumb\":{\"@id\":\"https:\\\/\\\/vilight.vn\\\/website\\\/san-pham\\\/den-chieu-sang-facade\\\/den-pha-vlf-k08\\\/#breadcrumb\"},\"inLanguage\":\"vi\",\"potentialAction\":[{\"@type\":\"ReadAction\",\"target\":[\"https:\\\/\\\/vilight.vn\\\/website\\\/san-pham\\\/den-chieu-sang-facade\\\/den-pha-vlf-k08\\\/\"]}]},{\"@type\":\"ImageObject\",\"inLanguage\":\"vi\",\"@id\":\"https:\\\/\\\/vilight.vn\\\/website\\\/san-pham\\\/den-chieu-sang-facade\\\/den-pha-vlf-k08\\\/#primaryimage\",\"url\":\"https:\\\/\\\/vilight.vn\\\/website\\\/wp-content\\\/uploads\\\/2023\\\/07\\\/Den-pha-VLF-K08.jpg\",\"contentUrl\":\"https:\\\/\\\/vilight.vn\\\/website\\\/wp-content\\\/uploads\\\/2023\\\/07\\\/Den-pha-VLF-K08.jpg\",\"width\":356,\"height\":356,\"caption\":\"\u0110\u00e8n pha VLF K08\"},{\"@type\":\"BreadcrumbList\",\"@id\":\"https:\\\/\\\/vilight.vn\\\/website\\\/san-pham\\\/den-chieu-sang-facade\\\/den-pha-vlf-k08\\\/#breadcrumb\",\"itemListElement\":[{\"@type\":\"ListItem\",\"position\":1,\"name\":\"Home\",\"item\":\"https:\\\/\\\/vilight.vn\\\/website\\\/\"},{\"@type\":\"ListItem\",\"position\":2,\"name\":\"store\",\"item\":\"https:\\\/\\\/vilight.vn\\\/website\\\/store\\\/\"},{\"@type\":\"ListItem\",\"position\":3,\"name\":\"\u0110\u00e8n pha VLF K08\"}]},{\"@type\":\"WebSite\",\"@id\":\"https:\\\/\\\/vilight.vn\\\/website\\\/#website\",\"url\":\"https:\\\/\\\/vilight.vn\\\/website\\\/\",\"name\":\"Vilight Co.ltd\",\"description\":\"Chi\u1ebfu s\u00e1ng m\u1ef9 thu\u1eadt, chi\u1ebfu s\u00e1ng th\u00f4ng minh, LED Pixel 3D, chi\u1ebfu s\u00e1ng trang tr\u00ed \u0111\u00f4 th\u1ecb, chi\u1ebfu s\u00e1ng v\u00f2ng xoay, chi\u1ebfu s\u00e1ng \u0111\u1ea3o giao th\u00f4ng, c\u1ed5ng ch\u00e0o \u0111\u00f4 th\u1ecb\",\"publisher\":{\"@id\":\"https:\\\/\\\/vilight.vn\\\/website\\\/#organization\"},\"potentialAction\":[{\"@type\":\"SearchAction\",\"target\":{\"@type\":\"EntryPoint\",\"urlTemplate\":\"https:\\\/\\\/vilight.vn\\\/website\\\/?s={search_term_string}\"},\"query-input\":{\"@type\":\"PropertyValueSpecification\",\"valueRequired\":true,\"valueName\":\"search_term_string\"}}],\"inLanguage\":\"vi\"},{\"@type\":\"Organization\",\"@id\":\"https:\\\/\\\/vilight.vn\\\/website\\\/#organization\",\"name\":\"Vilight\",\"url\":\"https:\\\/\\\/vilight.vn\\\/website\\\/\",\"logo\":{\"@type\":\"ImageObject\",\"inLanguage\":\"vi\",\"@id\":\"https:\\\/\\\/vilight.vn\\\/website\\\/#\\\/schema\\\/logo\\\/image\\\/\",\"url\":\"https:\\\/\\\/vilight.vn\\\/website\\\/wp-content\\\/uploads\\\/2022\\\/05\\\/chieu_sang_trang_tri_do_thi_bang_den_led_pixel.png\",\"contentUrl\":\"https:\\\/\\\/vilight.vn\\\/website\\\/wp-content\\\/uploads\\\/2022\\\/05\\\/chieu_sang_trang_tri_do_thi_bang_den_led_pixel.png\",\"width\":800,\"height\":427,\"caption\":\"Vilight\"},\"image\":{\"@id\":\"https:\\\/\\\/vilight.vn\\\/website\\\/#\\\/schema\\\/logo\\\/image\\\/\"},\"sameAs\":[\"http:\\\/\\\/facebook.com\\\/vilight.vn\",\"https:\\\/\\\/www.linkedin.com\\\/company\\\/vilight-vn\",\"https:\\\/\\\/www.youtube.com\\\/channel\\\/UCEwR2naeDcuarMX1kSv_rLQ\\\/videos\"]}]}<\/script>\n<meta property=\"product:brand\" content=\"\u0110\u00e8n chi\u1ebfu s\u00e1ng Facade\" \/>\n<meta property=\"product:price:currency\" content=\"VND\" \/>\n<meta property=\"og:availability\" content=\"instock\" \/>\n<meta property=\"product:availability\" content=\"instock\" \/>\n<meta property=\"product:condition\" content=\"new\" \/>\n<!-- \/ Yoast SEO Premium plugin. -->","yoast_head_json":{"title":"\u0110\u00e8n pha VLF K08 - Vilight Co.ltd","description":"\u0110\u00e8n pha VLF K08 - S\u1ef1 k\u1ebft h\u1ee3p ho\u00e0n h\u1ea3o gi\u1eefa hi\u1ec7u su\u1ea5t cao v\u00e0 ti\u1ebft ki\u1ec7m n\u0103ng l\u01b0\u1ee3ng. \u00c1nh s\u00e1ng m\u1ea1nh m\u1ebd, \u0111i\u1ec7n \u00e1p \u0111\u1ea7u v\u00e0o linh ho\u1ea1t.","robots":{"index":"index","follow":"follow","max-snippet":"max-snippet:-1","max-image-preview":"max-image-preview:large","max-video-preview":"max-video-preview:-1"},"canonical":"https:\/\/vilight.vn\/website\/san-pham\/den-chieu-sang-facade\/den-pha-vlf-k08\/","og_locale":"vi_VN","og_type":"article","og_title":"\u0110\u00e8n pha VLF K08","og_description":"\u0110\u00e8n pha VLF K08 - S\u1ef1 k\u1ebft h\u1ee3p ho\u00e0n h\u1ea3o gi\u1eefa hi\u1ec7u su\u1ea5t cao v\u00e0 ti\u1ebft ki\u1ec7m n\u0103ng l\u01b0\u1ee3ng. \u00c1nh s\u00e1ng m\u1ea1nh m\u1ebd, \u0111i\u1ec7n \u00e1p \u0111\u1ea7u v\u00e0o linh ho\u1ea1t, v\u00e0 thi\u1ebft k\u1ebf \u0111a n\u0103ng gi\u00fap chi\u1ebfu s\u00e1ng r\u1ed9ng kh\u1eafp kh\u00f4ng gian. L\u00e0 l\u1ef1a ch\u1ecdn t\u1ed1i \u01b0u cho s\u00e2n v\u01b0\u1eddn, s\u00e2n th\u1ec3 thao v\u00e0 nhi\u1ec1u \u1ee9ng d\u1ee5ng kh\u00e1c.","og_url":"https:\/\/vilight.vn\/website\/san-pham\/den-chieu-sang-facade\/den-pha-vlf-k08\/","og_site_name":"Vilight Co.ltd","article_publisher":"http:\/\/facebook.com\/vilight.vn","article_modified_time":"2024-10-02T03:34:53+00:00","og_image":[{"width":356,"height":356,"url":"https:\/\/vilight.vn\/website\/wp-content\/uploads\/2023\/07\/Den-pha-VLF-K08.jpg","type":"image\/jpeg"}],"twitter_card":"summary_large_image","twitter_misc":{"Gi\u00e1":"","Kh\u1ea3 d\u1ee5ng":"Trong kho"},"schema":{"@context":"https:\/\/schema.org","@graph":[{"@type":"WebPage","@id":"https:\/\/vilight.vn\/website\/san-pham\/den-chieu-sang-facade\/den-pha-vlf-k08\/","url":"https:\/\/vilight.vn\/website\/san-pham\/den-chieu-sang-facade\/den-pha-vlf-k08\/","name":"\u0110\u00e8n pha VLF K08 - Vilight Co.ltd","isPartOf":{"@id":"https:\/\/vilight.vn\/website\/#website"},"primaryImageOfPage":{"@id":"https:\/\/vilight.vn\/website\/san-pham\/den-chieu-sang-facade\/den-pha-vlf-k08\/#primaryimage"},"image":{"@id":"https:\/\/vilight.vn\/website\/san-pham\/den-chieu-sang-facade\/den-pha-vlf-k08\/#primaryimage"},"thumbnailUrl":"https:\/\/vilight.vn\/website\/wp-content\/uploads\/2023\/07\/Den-pha-VLF-K08.jpg","datePublished":"2023-07-18T07:23:58+00:00","dateModified":"2024-10-02T03:34:53+00:00","description":"\u0110\u00e8n pha VLF K08 - S\u1ef1 k\u1ebft h\u1ee3p ho\u00e0n h\u1ea3o gi\u1eefa hi\u1ec7u su\u1ea5t cao v\u00e0 ti\u1ebft ki\u1ec7m n\u0103ng l\u01b0\u1ee3ng. \u00c1nh s\u00e1ng m\u1ea1nh m\u1ebd, \u0111i\u1ec7n \u00e1p \u0111\u1ea7u v\u00e0o linh ho\u1ea1t.","breadcrumb":{"@id":"https:\/\/vilight.vn\/website\/san-pham\/den-chieu-sang-facade\/den-pha-vlf-k08\/#breadcrumb"},"inLanguage":"vi","potentialAction":[{"@type":"ReadAction","target":["https:\/\/vilight.vn\/website\/san-pham\/den-chieu-sang-facade\/den-pha-vlf-k08\/"]}]},{"@type":"ImageObject","inLanguage":"vi","@id":"https:\/\/vilight.vn\/website\/san-pham\/den-chieu-sang-facade\/den-pha-vlf-k08\/#primaryimage","url":"https:\/\/vilight.vn\/website\/wp-content\/uploads\/2023\/07\/Den-pha-VLF-K08.jpg","contentUrl":"https:\/\/vilight.vn\/website\/wp-content\/uploads\/2023\/07\/Den-pha-VLF-K08.jpg","width":356,"height":356,"caption":"\u0110\u00e8n pha VLF K08"},{"@type":"BreadcrumbList","@id":"https:\/\/vilight.vn\/website\/san-pham\/den-chieu-sang-facade\/den-pha-vlf-k08\/#breadcrumb","itemListElement":[{"@type":"ListItem","position":1,"name":"Home","item":"https:\/\/vilight.vn\/website\/"},{"@type":"ListItem","position":2,"name":"store","item":"https:\/\/vilight.vn\/website\/store\/"},{"@type":"ListItem","position":3,"name":"\u0110\u00e8n pha VLF K08"}]},{"@type":"WebSite","@id":"https:\/\/vilight.vn\/website\/#website","url":"https:\/\/vilight.vn\/website\/","name":"Vilight Co.ltd","description":"Chi\u1ebfu s\u00e1ng m\u1ef9 thu\u1eadt, chi\u1ebfu s\u00e1ng th\u00f4ng minh, LED Pixel 3D, chi\u1ebfu s\u00e1ng trang tr\u00ed \u0111\u00f4 th\u1ecb, chi\u1ebfu s\u00e1ng v\u00f2ng xoay, chi\u1ebfu s\u00e1ng \u0111\u1ea3o giao th\u00f4ng, c\u1ed5ng ch\u00e0o \u0111\u00f4 th\u1ecb","publisher":{"@id":"https:\/\/vilight.vn\/website\/#organization"},"potentialAction":[{"@type":"SearchAction","target":{"@type":"EntryPoint","urlTemplate":"https:\/\/vilight.vn\/website\/?s={search_term_string}"},"query-input":{"@type":"PropertyValueSpecification","valueRequired":true,"valueName":"search_term_string"}}],"inLanguage":"vi"},{"@type":"Organization","@id":"https:\/\/vilight.vn\/website\/#organization","name":"Vilight","url":"https:\/\/vilight.vn\/website\/","logo":{"@type":"ImageObject","inLanguage":"vi","@id":"https:\/\/vilight.vn\/website\/#\/schema\/logo\/image\/","url":"https:\/\/vilight.vn\/website\/wp-content\/uploads\/2022\/05\/chieu_sang_trang_tri_do_thi_bang_den_led_pixel.png","contentUrl":"https:\/\/vilight.vn\/website\/wp-content\/uploads\/2022\/05\/chieu_sang_trang_tri_do_thi_bang_den_led_pixel.png","width":800,"height":427,"caption":"Vilight"},"image":{"@id":"https:\/\/vilight.vn\/website\/#\/schema\/logo\/image\/"},"sameAs":["http:\/\/facebook.com\/vilight.vn","https:\/\/www.linkedin.com\/company\/vilight-vn","https:\/\/www.youtube.com\/channel\/UCEwR2naeDcuarMX1kSv_rLQ\/videos"]}]},"product_brand":"\u0110\u00e8n chi\u1ebfu s\u00e1ng Facade","product_price_currency":"VND","og_availability":"instock","product_availability":"instock","product_condition":"new"},"_links":{"self":[{"href":"https:\/\/vilight.vn\/website\/wp-json\/wp\/v2\/product\/4241","targetHints":{"allow":["GET"]}}],"collection":[{"href":"https:\/\/vilight.vn\/website\/wp-json\/wp\/v2\/product"}],"about":[{"href":"https:\/\/vilight.vn\/website\/wp-json\/wp\/v2\/types\/product"}],"wp:featuredmedia":[{"embeddable":true,"href":"https:\/\/vilight.vn\/website\/wp-json\/wp\/v2\/media\/4247"}],"wp:attachment":[{"href":"https:\/\/vilight.vn\/website\/wp-json\/wp\/v2\/media?parent=4241"}],"wp:term":[{"taxonomy":"product_brand","embeddable":true,"href":"https:\/\/vilight.vn\/website\/wp-json\/wp\/v2\/product_brand?post=4241"},{"taxonomy":"product_cat","embeddable":true,"href":"https:\/\/vilight.vn\/website\/wp-json\/wp\/v2\/product_cat?post=4241"},{"taxonomy":"product_tag","embeddable":true,"href":"https:\/\/vilight.vn\/website\/wp-json\/wp\/v2\/product_tag?post=4241"}],"curies":[{"name":"wp","href":"https:\/\/api.w.org\/{rel}","templated":true}]}}