{"id":4255,"date":"2023-07-18T15:07:43","date_gmt":"2023-07-18T08:07:43","guid":{"rendered":"https:\/\/vilight.vn\/website\/?post_type=product&#038;p=4255"},"modified":"2024-10-02T10:36:23","modified_gmt":"2024-10-02T03:36:23","slug":"den-pha-vlf-k10","status":"publish","type":"product","link":"https:\/\/vilight.vn\/website\/san-pham\/den-chieu-sang-facade\/den-pha-vlf-k10\/","title":{"rendered":"\u0110\u00e8n pha VLF K10"},"content":{"rendered":"<h2 style=\"text-align: justify;\"><span style=\"font-size: 18pt;\">Gi\u1edbi thi\u1ec7u \u0110\u00e8n pha VLF K10 &#8211; \u0110\u1ed9 s\u00e1ng v\u00e0 ti\u1ebft ki\u1ec7m n\u0103ng l\u01b0\u1ee3ng cho kh\u00f4ng gian c\u1ee7a b\u1ea1n.\u00a0<\/span><\/h2>\n<p style=\"text-align: justify;\"><span style=\"font-size: 14pt;\">\u0110\u00e8n pha VLF K10 l\u00e0 m\u1ed9t s\u1ea3n ph\u1ea9m \u0111\u00e8n pha ch\u1ea5t l\u01b0\u1ee3ng cao, \u0111\u01b0\u1ee3c thi\u1ebft k\u1ebf \u0111\u1ec3 mang l\u1ea1i \u0111\u1ed9 s\u00e1ng t\u1ed1i \u01b0u v\u00e0 ti\u1ebft ki\u1ec7m n\u0103ng l\u01b0\u1ee3ng cho kh\u00f4ng gian c\u1ee7a b\u1ea1n. V\u1edbi c\u00e1c th\u00f4ng s\u1ed1 k\u1ef9 thu\u1eadt chi ti\u1ebft v\u00e0 c\u00f4ng ngh\u1ec7 ti\u00ean ti\u1ebfn, \u0111\u00e8n pha VLF K10 l\u00e0 l\u1ef1a ch\u1ecdn l\u00fd t\u01b0\u1edfng cho c\u00e1c \u1ee9ng d\u1ee5ng chi\u1ebfu s\u00e1ng c\u00f4ng nghi\u1ec7p, th\u01b0\u01a1ng m\u1ea1i v\u00e0 s\u1eed d\u1ee5ng trong gia \u0111\u00ecnh.<\/span><\/p>\n<p style=\"text-align: justify;\"><span style=\"font-size: 14pt;\">V\u1edbi ngu\u1ed3n s\u00e1ng ch\u1ea5t l\u01b0\u1ee3ng cao t\u1eeb 1 b\u00f3ng \u0111\u00e8n 14W NICHIA, \u0111\u00e8n pha K10 mang \u0111\u1ebfn \u00e1nh s\u00e1ng m\u1ea1nh m\u1ebd v\u00e0 \u0111\u1ed3ng \u0111\u1ec1u. B\u1ea1n s\u1ebd c\u00f3 th\u1ec3 t\u1eadn h\u01b0\u1edfng m\u1ed9t kh\u00f4ng gian chi\u1ebfu s\u00e1ng r\u1ef1c r\u1ee1 v\u1edbi \u0111\u1ed9 s\u00e1ng cao v\u00e0 m\u00e0u s\u1eafc ch\u00ednh x\u00e1c.<\/span><\/p>\n<p style=\"text-align: justify;\"><span style=\"font-size: 14pt;\">\u0110\u00e8n pha VLF K10 \u0111i k\u00e8m v\u1edbi \u1ed1ng k\u00ednh B67, cho ph\u00e9p t\u1eadp trung \u00e1nh s\u00e1ng v\u00e0o m\u1ed9t v\u00f9ng c\u1ee5 th\u1ec3. B\u00ean c\u1ea1nh \u0111\u00f3, \u1ed1ng k\u00ednh c\u00f3 th\u1ec3 \u0111i\u1ec1u ch\u1ec9nh \u0111\u1ed9 r\u1ecdi t\u00f9y \u00fd, v\u1edbi g\u00f3c r\u1ecdi l\u1ef1a ch\u1ecdn 38\u00b0. \u0110i\u1ec1u n\u00e0y gi\u00fap b\u1ea1n t\u1ea1o ra c\u00e1c hi\u1ec7u \u1ee9ng chi\u1ebfu s\u00e1ng \u0111\u1ed9c \u0111\u00e1o v\u00e0 t\u00f9y ch\u1ec9nh \u00e1nh s\u00e1ng theo nhu c\u1ea7u c\u1ee7a b\u1ea1n.<\/span><\/p>\n<p style=\"text-align: justify;\"><span style=\"font-size: 14pt;\">\u0110\u00e8n pha VLF \u0111\u01b0\u1ee3c thi\u1ebft k\u1ebf \u0111\u1ec3 s\u1eed d\u1ee5ng v\u1edbi \u0111\u1ea7u v\u00e0o \u0111i\u1ec7n \u00e1p r\u1ed9ng, t\u1eeb DC24V \u0111\u1ebfn 240V. \u0110i\u1ec1u n\u00e0y gi\u00fap b\u1ea1n d\u1ec5 d\u00e0ng l\u1eafp \u0111\u1eb7t v\u00e0 s\u1eed d\u1ee5ng \u0111\u00e8n pha trong nhi\u1ec1u m\u00f4i tr\u01b0\u1eddng kh\u00e1c nhau. V\u1edbi d\u00f2ng \u0111i\u1ec7n ho\u1ea1t \u0111\u1ed9ng th\u1ea5p, \u0111\u00e8n pha ti\u1ebft ki\u1ec7m n\u0103ng l\u01b0\u1ee3ng v\u00e0 gi\u1ea3m thi\u1ec3u ti\u00eau th\u1ee5 \u0111i\u1ec7n, gi\u00fap b\u1ea1n ti\u1ebft ki\u1ec7m chi ph\u00ed v\u00e0 b\u1ea3o v\u1ec7 m\u00f4i tr\u01b0\u1eddng.<\/span><\/p>\n<p style=\"text-align: justify;\"><span style=\"font-size: 14pt;\">Th\u00f4ng s\u1ed1 k\u1ef9 thu\u1eadt kh\u00e1c c\u1ee7a \u0111\u00e8n pha VLF K10 bao g\u1ed3m c\u00f4ng su\u1ea5t ti\u00eau th\u1ee5, d\u00f2ng ho\u1ea1t \u0111\u1ed9ng v\u00e0 \u0111\u1ed9 s\u00e1ng. V\u1edbi c\u00f4ng su\u1ea5t ti\u00eau th\u1ee5 18W (24V) v\u00e0 16.6W (240V), \u0111\u00e8n pha VLF K10 s\u1eed d\u1ee5ng hi\u1ec7u qu\u1ea3 n\u0103ng l\u01b0\u1ee3ng m\u00e0 v\u1eabn \u0111\u1ea3m b\u1ea3o \u0111\u1ed9 s\u00e1ng cao. \u0110\u1ed9 s\u00e1ng \u0111\u1ea1t 1705 lm (24V) v\u00e0 1689 lm (120\/240V), \u0111\u1ea3m b\u1ea3o kh\u00f4ng gian c\u1ee7a b\u1ea1n \u0111\u01b0\u1ee3c chi\u1ebfu s\u00e1ng m\u1ed9t c\u00e1ch r\u00f5 r\u00e0ng v\u00e0 t\u01b0\u01a1i s\u00e1ng.<\/span><\/p>\n<p style=\"text-align: justify;\"><span style=\"font-size: 14pt;\">V\u1edbi thi\u1ebft k\u1ebf \u0111\u1eb9p m\u1eaft v\u00e0 hi\u1ec7u su\u1ea5t v\u01b0\u1ee3t tr\u1ed9i, \u0111\u00e8n pha K10 l\u00e0 m\u1ed9t s\u1ef1 l\u1ef1a ch\u1ecdn tuy\u1ec7t v\u1eddi \u0111\u1ec3 \u00e1nh s\u00e1ng kh\u00f4ng gian c\u1ee7a b\u1ea1n. H\u00e3y trang b\u1ecb \u0111\u00e8n pha VLF K10 \u0111\u1ec3 t\u1ea1o ra m\u1ed9t m\u00f4i tr\u01b0\u1eddng chi\u1ebfu s\u00e1ng \u0111\u1eb3ng c\u1ea5p v\u00e0 hi\u1ec7n \u0111\u1ea1i, ph\u00f9 h\u1ee3p cho c\u00e1c \u1ee9ng d\u1ee5ng c\u00f4ng nghi\u1ec7p, th\u01b0\u01a1ng m\u1ea1i v\u00e0 gia \u0111\u00ecnh.<\/span><\/p>\n<p style=\"text-align: justify;\"><span style=\"font-size: 14pt;\"><a href=\"https:\/\/vilight.vn\/website\/wp-content\/uploads\/2023\/07\/Den-pha-VLF-K10.jpg\"><img decoding=\"async\" class=\"aligncenter size-full wp-image-4256 lazyload\" data-src=\"https:\/\/vilight.vn\/website\/wp-content\/uploads\/2023\/07\/Den-pha-VLF-K10.jpg\" alt=\"\u0110\u00e8n pha VLF K10\" width=\"1200\" height=\"332\" data-srcset=\"https:\/\/vilight.vn\/website\/wp-content\/uploads\/2023\/07\/Den-pha-VLF-K10.jpg 1200w, https:\/\/vilight.vn\/website\/wp-content\/uploads\/2023\/07\/Den-pha-VLF-K10-800x221.jpg 800w, https:\/\/vilight.vn\/website\/wp-content\/uploads\/2023\/07\/Den-pha-VLF-K10-300x83.jpg 300w, https:\/\/vilight.vn\/website\/wp-content\/uploads\/2023\/07\/Den-pha-VLF-K10-1024x283.jpg 1024w, https:\/\/vilight.vn\/website\/wp-content\/uploads\/2023\/07\/Den-pha-VLF-K10-768x212.jpg 768w, https:\/\/vilight.vn\/website\/wp-content\/uploads\/2023\/07\/Den-pha-VLF-K10-150x42.jpg 150w, https:\/\/vilight.vn\/website\/wp-content\/uploads\/2023\/07\/Den-pha-VLF-K10-480x133.jpg 480w\" data-sizes=\"(max-width:767px) 480px, (max-width:1200px) 100vw, 1200px\" src=\"data:image\/svg+xml;base64,PHN2ZyB3aWR0aD0iMSIgaGVpZ2h0PSIxIiB4bWxucz0iaHR0cDovL3d3dy53My5vcmcvMjAwMC9zdmciPjwvc3ZnPg==\" style=\"--smush-placeholder-width: 1200px; --smush-placeholder-aspect-ratio: 1200\/332;\" \/><\/a><a href=\"https:\/\/vilight.vn\/website\/wp-content\/uploads\/2023\/07\/Den-pha-VLF-K10-1.jpg\"><img decoding=\"async\" class=\"size-full wp-image-4257 aligncenter lazyload\" data-src=\"https:\/\/vilight.vn\/website\/wp-content\/uploads\/2023\/07\/Den-pha-VLF-K10-1.jpg\" alt=\"\u0110\u00e8n pha VLF K10\" width=\"1200\" height=\"601\" data-srcset=\"https:\/\/vilight.vn\/website\/wp-content\/uploads\/2023\/07\/Den-pha-VLF-K10-1.jpg 1200w, https:\/\/vilight.vn\/website\/wp-content\/uploads\/2023\/07\/Den-pha-VLF-K10-1-800x401.jpg 800w, https:\/\/vilight.vn\/website\/wp-content\/uploads\/2023\/07\/Den-pha-VLF-K10-1-300x150.jpg 300w, https:\/\/vilight.vn\/website\/wp-content\/uploads\/2023\/07\/Den-pha-VLF-K10-1-1024x513.jpg 1024w, https:\/\/vilight.vn\/website\/wp-content\/uploads\/2023\/07\/Den-pha-VLF-K10-1-768x385.jpg 768w, https:\/\/vilight.vn\/website\/wp-content\/uploads\/2023\/07\/Den-pha-VLF-K10-1-150x75.jpg 150w, https:\/\/vilight.vn\/website\/wp-content\/uploads\/2023\/07\/Den-pha-VLF-K10-1-480x240.jpg 480w\" data-sizes=\"(max-width:767px) 480px, (max-width:1200px) 100vw, 1200px\" src=\"data:image\/svg+xml;base64,PHN2ZyB3aWR0aD0iMSIgaGVpZ2h0PSIxIiB4bWxucz0iaHR0cDovL3d3dy53My5vcmcvMjAwMC9zdmciPjwvc3ZnPg==\" style=\"--smush-placeholder-width: 1200px; --smush-placeholder-aspect-ratio: 1200\/601;\" \/><\/a><\/span><\/p>\n","protected":false},"excerpt":{"rendered":"<p style=\"text-align: justify;\"><span style=\"font-size: 14pt;\">\u0110\u00e8n pha VLF K10 &#8211; S\u1ef1 k\u1ebft h\u1ee3p ho\u00e0n h\u1ea3o gi\u1eefa \u0111\u1ed9 s\u00e1ng m\u1ea1nh m\u1ebd, ti\u1ebft ki\u1ec7m n\u0103ng l\u01b0\u1ee3ng v\u00e0 thi\u1ebft k\u1ebf \u0111\u1eb9p m\u1eaft, mang \u0111\u1ebfn \u00e1nh s\u00e1ng t\u1ed1i \u01b0u cho kh\u00f4ng gian c\u1ee7a b\u1ea1n.<\/span><\/p>\n","protected":false},"featured_media":4258,"template":"","meta":[],"product_brand":[],"product_cat":[73,59,549],"product_tag":[559],"class_list":{"0":"post-4255","1":"product","2":"type-product","3":"status-publish","4":"has-post-thumbnail","6":"product_cat-den-chieu-sang-facade","7":"product_cat-den-roi-pha","8":"product_cat-k-p-g-series","9":"product_tag-den-pha-vlf-k10","10":"pa_chip-led-nichia","11":"pa_chuan-dieu-khien-on-off","12":"pa_cong-suat-14w","13":"pa_dien-ap-hoat-dong-24vdc","14":"pa_dien-ap-hoat-dong-ac-240v","15":"pa_do-kin-ip-66","16":"pa_goc-chieu-293","18":"first","19":"instock","20":"taxable","21":"shipping-taxable","22":"product-type-simple"},"yoast_head":"<!-- This site is optimized with the Yoast SEO Premium plugin v27.4 (Yoast SEO v27.4) - https:\/\/yoast.com\/product\/yoast-seo-premium-wordpress\/ -->\n<title>\u0110\u00e8n pha VLF K10 - Vilight Co.ltd<\/title>\n<meta name=\"description\" content=\"\u0110\u00e8n pha VLF K10 - S\u1ef1 k\u1ebft h\u1ee3p ho\u00e0n h\u1ea3o gi\u1eefa \u0111\u1ed9 s\u00e1ng m\u1ea1nh m\u1ebd, ti\u1ebft ki\u1ec7m n\u0103ng l\u01b0\u1ee3ng v\u00e0 thi\u1ebft k\u1ebf \u0111\u1eb9p m\u1eaft, mang \u0111\u1ebfn \u00e1nh s\u00e1ng t\u1ed1i \u01b0u cho kh\u00f4ng gian c\u1ee7a b\u1ea1n.\" \/>\n<meta name=\"robots\" content=\"index, follow, max-snippet:-1, max-image-preview:large, max-video-preview:-1\" \/>\n<link rel=\"canonical\" href=\"https:\/\/vilight.vn\/website\/san-pham\/den-chieu-sang-facade\/den-pha-vlf-k10\/\" \/>\n<meta property=\"og:locale\" content=\"vi_VN\" \/>\n<meta property=\"og:type\" content=\"article\" \/>\n<meta property=\"og:title\" content=\"\u0110\u00e8n pha VLF K10\" \/>\n<meta property=\"og:description\" content=\"\u0110\u00e8n pha VLF K10 - S\u1ef1 k\u1ebft h\u1ee3p ho\u00e0n h\u1ea3o gi\u1eefa \u0111\u1ed9 s\u00e1ng m\u1ea1nh m\u1ebd, ti\u1ebft ki\u1ec7m n\u0103ng l\u01b0\u1ee3ng v\u00e0 thi\u1ebft k\u1ebf \u0111\u1eb9p m\u1eaft, mang \u0111\u1ebfn \u00e1nh s\u00e1ng t\u1ed1i \u01b0u cho kh\u00f4ng gian c\u1ee7a b\u1ea1n.\" \/>\n<meta property=\"og:url\" content=\"https:\/\/vilight.vn\/website\/san-pham\/den-chieu-sang-facade\/den-pha-vlf-k10\/\" \/>\n<meta property=\"og:site_name\" content=\"Vilight Co.ltd\" \/>\n<meta property=\"article:publisher\" content=\"http:\/\/facebook.com\/vilight.vn\" \/>\n<meta property=\"article:modified_time\" content=\"2024-10-02T03:36:23+00:00\" \/>\n<meta property=\"og:image\" content=\"https:\/\/vilight.vn\/website\/wp-content\/uploads\/2023\/07\/Den-pha-VLF-K10-2.jpg\" \/>\n\t<meta property=\"og:image:width\" content=\"542\" \/>\n\t<meta property=\"og:image:height\" content=\"542\" \/>\n\t<meta property=\"og:image:type\" content=\"image\/jpeg\" \/>\n<meta name=\"twitter:card\" content=\"summary_large_image\" \/>\n<meta name=\"twitter:label1\" content=\"Gi\u00e1\" \/>\n\t<meta name=\"twitter:data1\" content=\"\" \/>\n\t<meta name=\"twitter:label2\" content=\"Kh\u1ea3 d\u1ee5ng\" \/>\n\t<meta name=\"twitter:data2\" content=\"Trong kho\" \/>\n<script type=\"application\/ld+json\" class=\"yoast-schema-graph\">{\"@context\":\"https:\\\/\\\/schema.org\",\"@graph\":[{\"@type\":\"WebPage\",\"@id\":\"https:\\\/\\\/vilight.vn\\\/website\\\/san-pham\\\/den-chieu-sang-facade\\\/den-pha-vlf-k10\\\/\",\"url\":\"https:\\\/\\\/vilight.vn\\\/website\\\/san-pham\\\/den-chieu-sang-facade\\\/den-pha-vlf-k10\\\/\",\"name\":\"\u0110\u00e8n pha VLF K10 - Vilight Co.ltd\",\"isPartOf\":{\"@id\":\"https:\\\/\\\/vilight.vn\\\/website\\\/#website\"},\"primaryImageOfPage\":{\"@id\":\"https:\\\/\\\/vilight.vn\\\/website\\\/san-pham\\\/den-chieu-sang-facade\\\/den-pha-vlf-k10\\\/#primaryimage\"},\"image\":{\"@id\":\"https:\\\/\\\/vilight.vn\\\/website\\\/san-pham\\\/den-chieu-sang-facade\\\/den-pha-vlf-k10\\\/#primaryimage\"},\"thumbnailUrl\":\"https:\\\/\\\/vilight.vn\\\/website\\\/wp-content\\\/uploads\\\/2023\\\/07\\\/Den-pha-VLF-K10-2.jpg\",\"datePublished\":\"2023-07-18T08:07:43+00:00\",\"dateModified\":\"2024-10-02T03:36:23+00:00\",\"description\":\"\u0110\u00e8n pha VLF K10 - S\u1ef1 k\u1ebft h\u1ee3p ho\u00e0n h\u1ea3o gi\u1eefa \u0111\u1ed9 s\u00e1ng m\u1ea1nh m\u1ebd, ti\u1ebft ki\u1ec7m n\u0103ng l\u01b0\u1ee3ng v\u00e0 thi\u1ebft k\u1ebf \u0111\u1eb9p m\u1eaft, mang \u0111\u1ebfn \u00e1nh s\u00e1ng t\u1ed1i \u01b0u cho kh\u00f4ng gian c\u1ee7a b\u1ea1n.\",\"breadcrumb\":{\"@id\":\"https:\\\/\\\/vilight.vn\\\/website\\\/san-pham\\\/den-chieu-sang-facade\\\/den-pha-vlf-k10\\\/#breadcrumb\"},\"inLanguage\":\"vi\",\"potentialAction\":[{\"@type\":\"ReadAction\",\"target\":[\"https:\\\/\\\/vilight.vn\\\/website\\\/san-pham\\\/den-chieu-sang-facade\\\/den-pha-vlf-k10\\\/\"]}]},{\"@type\":\"ImageObject\",\"inLanguage\":\"vi\",\"@id\":\"https:\\\/\\\/vilight.vn\\\/website\\\/san-pham\\\/den-chieu-sang-facade\\\/den-pha-vlf-k10\\\/#primaryimage\",\"url\":\"https:\\\/\\\/vilight.vn\\\/website\\\/wp-content\\\/uploads\\\/2023\\\/07\\\/Den-pha-VLF-K10-2.jpg\",\"contentUrl\":\"https:\\\/\\\/vilight.vn\\\/website\\\/wp-content\\\/uploads\\\/2023\\\/07\\\/Den-pha-VLF-K10-2.jpg\",\"width\":542,\"height\":542,\"caption\":\"\u0110\u00e8n pha VLF K10\"},{\"@type\":\"BreadcrumbList\",\"@id\":\"https:\\\/\\\/vilight.vn\\\/website\\\/san-pham\\\/den-chieu-sang-facade\\\/den-pha-vlf-k10\\\/#breadcrumb\",\"itemListElement\":[{\"@type\":\"ListItem\",\"position\":1,\"name\":\"Home\",\"item\":\"https:\\\/\\\/vilight.vn\\\/website\\\/\"},{\"@type\":\"ListItem\",\"position\":2,\"name\":\"store\",\"item\":\"https:\\\/\\\/vilight.vn\\\/website\\\/store\\\/\"},{\"@type\":\"ListItem\",\"position\":3,\"name\":\"\u0110\u00e8n pha VLF K10\"}]},{\"@type\":\"WebSite\",\"@id\":\"https:\\\/\\\/vilight.vn\\\/website\\\/#website\",\"url\":\"https:\\\/\\\/vilight.vn\\\/website\\\/\",\"name\":\"Vilight Co.ltd\",\"description\":\"Chi\u1ebfu s\u00e1ng m\u1ef9 thu\u1eadt, chi\u1ebfu s\u00e1ng th\u00f4ng minh, LED Pixel 3D, chi\u1ebfu s\u00e1ng trang tr\u00ed \u0111\u00f4 th\u1ecb, chi\u1ebfu s\u00e1ng v\u00f2ng xoay, chi\u1ebfu s\u00e1ng \u0111\u1ea3o giao th\u00f4ng, c\u1ed5ng ch\u00e0o \u0111\u00f4 th\u1ecb\",\"publisher\":{\"@id\":\"https:\\\/\\\/vilight.vn\\\/website\\\/#organization\"},\"potentialAction\":[{\"@type\":\"SearchAction\",\"target\":{\"@type\":\"EntryPoint\",\"urlTemplate\":\"https:\\\/\\\/vilight.vn\\\/website\\\/?s={search_term_string}\"},\"query-input\":{\"@type\":\"PropertyValueSpecification\",\"valueRequired\":true,\"valueName\":\"search_term_string\"}}],\"inLanguage\":\"vi\"},{\"@type\":\"Organization\",\"@id\":\"https:\\\/\\\/vilight.vn\\\/website\\\/#organization\",\"name\":\"Vilight\",\"url\":\"https:\\\/\\\/vilight.vn\\\/website\\\/\",\"logo\":{\"@type\":\"ImageObject\",\"inLanguage\":\"vi\",\"@id\":\"https:\\\/\\\/vilight.vn\\\/website\\\/#\\\/schema\\\/logo\\\/image\\\/\",\"url\":\"https:\\\/\\\/vilight.vn\\\/website\\\/wp-content\\\/uploads\\\/2022\\\/05\\\/chieu_sang_trang_tri_do_thi_bang_den_led_pixel.png\",\"contentUrl\":\"https:\\\/\\\/vilight.vn\\\/website\\\/wp-content\\\/uploads\\\/2022\\\/05\\\/chieu_sang_trang_tri_do_thi_bang_den_led_pixel.png\",\"width\":800,\"height\":427,\"caption\":\"Vilight\"},\"image\":{\"@id\":\"https:\\\/\\\/vilight.vn\\\/website\\\/#\\\/schema\\\/logo\\\/image\\\/\"},\"sameAs\":[\"http:\\\/\\\/facebook.com\\\/vilight.vn\",\"https:\\\/\\\/www.linkedin.com\\\/company\\\/vilight-vn\",\"https:\\\/\\\/www.youtube.com\\\/channel\\\/UCEwR2naeDcuarMX1kSv_rLQ\\\/videos\"]}]}<\/script>\n<meta property=\"product:brand\" content=\"\u0110\u00e8n chi\u1ebfu s\u00e1ng Facade\" \/>\n<meta property=\"product:price:currency\" content=\"VND\" \/>\n<meta property=\"og:availability\" content=\"instock\" \/>\n<meta property=\"product:availability\" content=\"instock\" \/>\n<meta property=\"product:condition\" content=\"new\" \/>\n<!-- \/ Yoast SEO Premium plugin. -->","yoast_head_json":{"title":"\u0110\u00e8n pha VLF K10 - Vilight Co.ltd","description":"\u0110\u00e8n pha VLF K10 - S\u1ef1 k\u1ebft h\u1ee3p ho\u00e0n h\u1ea3o gi\u1eefa \u0111\u1ed9 s\u00e1ng m\u1ea1nh m\u1ebd, ti\u1ebft ki\u1ec7m n\u0103ng l\u01b0\u1ee3ng v\u00e0 thi\u1ebft k\u1ebf \u0111\u1eb9p m\u1eaft, mang \u0111\u1ebfn \u00e1nh s\u00e1ng t\u1ed1i \u01b0u cho kh\u00f4ng gian c\u1ee7a b\u1ea1n.","robots":{"index":"index","follow":"follow","max-snippet":"max-snippet:-1","max-image-preview":"max-image-preview:large","max-video-preview":"max-video-preview:-1"},"canonical":"https:\/\/vilight.vn\/website\/san-pham\/den-chieu-sang-facade\/den-pha-vlf-k10\/","og_locale":"vi_VN","og_type":"article","og_title":"\u0110\u00e8n pha VLF K10","og_description":"\u0110\u00e8n pha VLF K10 - S\u1ef1 k\u1ebft h\u1ee3p ho\u00e0n h\u1ea3o gi\u1eefa \u0111\u1ed9 s\u00e1ng m\u1ea1nh m\u1ebd, ti\u1ebft ki\u1ec7m n\u0103ng l\u01b0\u1ee3ng v\u00e0 thi\u1ebft k\u1ebf \u0111\u1eb9p m\u1eaft, mang \u0111\u1ebfn \u00e1nh s\u00e1ng t\u1ed1i \u01b0u cho kh\u00f4ng gian c\u1ee7a b\u1ea1n.","og_url":"https:\/\/vilight.vn\/website\/san-pham\/den-chieu-sang-facade\/den-pha-vlf-k10\/","og_site_name":"Vilight Co.ltd","article_publisher":"http:\/\/facebook.com\/vilight.vn","article_modified_time":"2024-10-02T03:36:23+00:00","og_image":[{"width":542,"height":542,"url":"https:\/\/vilight.vn\/website\/wp-content\/uploads\/2023\/07\/Den-pha-VLF-K10-2.jpg","type":"image\/jpeg"}],"twitter_card":"summary_large_image","twitter_misc":{"Gi\u00e1":"","Kh\u1ea3 d\u1ee5ng":"Trong kho"},"schema":{"@context":"https:\/\/schema.org","@graph":[{"@type":"WebPage","@id":"https:\/\/vilight.vn\/website\/san-pham\/den-chieu-sang-facade\/den-pha-vlf-k10\/","url":"https:\/\/vilight.vn\/website\/san-pham\/den-chieu-sang-facade\/den-pha-vlf-k10\/","name":"\u0110\u00e8n pha VLF K10 - Vilight Co.ltd","isPartOf":{"@id":"https:\/\/vilight.vn\/website\/#website"},"primaryImageOfPage":{"@id":"https:\/\/vilight.vn\/website\/san-pham\/den-chieu-sang-facade\/den-pha-vlf-k10\/#primaryimage"},"image":{"@id":"https:\/\/vilight.vn\/website\/san-pham\/den-chieu-sang-facade\/den-pha-vlf-k10\/#primaryimage"},"thumbnailUrl":"https:\/\/vilight.vn\/website\/wp-content\/uploads\/2023\/07\/Den-pha-VLF-K10-2.jpg","datePublished":"2023-07-18T08:07:43+00:00","dateModified":"2024-10-02T03:36:23+00:00","description":"\u0110\u00e8n pha VLF K10 - S\u1ef1 k\u1ebft h\u1ee3p ho\u00e0n h\u1ea3o gi\u1eefa \u0111\u1ed9 s\u00e1ng m\u1ea1nh m\u1ebd, ti\u1ebft ki\u1ec7m n\u0103ng l\u01b0\u1ee3ng v\u00e0 thi\u1ebft k\u1ebf \u0111\u1eb9p m\u1eaft, mang \u0111\u1ebfn \u00e1nh s\u00e1ng t\u1ed1i \u01b0u cho kh\u00f4ng gian c\u1ee7a b\u1ea1n.","breadcrumb":{"@id":"https:\/\/vilight.vn\/website\/san-pham\/den-chieu-sang-facade\/den-pha-vlf-k10\/#breadcrumb"},"inLanguage":"vi","potentialAction":[{"@type":"ReadAction","target":["https:\/\/vilight.vn\/website\/san-pham\/den-chieu-sang-facade\/den-pha-vlf-k10\/"]}]},{"@type":"ImageObject","inLanguage":"vi","@id":"https:\/\/vilight.vn\/website\/san-pham\/den-chieu-sang-facade\/den-pha-vlf-k10\/#primaryimage","url":"https:\/\/vilight.vn\/website\/wp-content\/uploads\/2023\/07\/Den-pha-VLF-K10-2.jpg","contentUrl":"https:\/\/vilight.vn\/website\/wp-content\/uploads\/2023\/07\/Den-pha-VLF-K10-2.jpg","width":542,"height":542,"caption":"\u0110\u00e8n pha VLF K10"},{"@type":"BreadcrumbList","@id":"https:\/\/vilight.vn\/website\/san-pham\/den-chieu-sang-facade\/den-pha-vlf-k10\/#breadcrumb","itemListElement":[{"@type":"ListItem","position":1,"name":"Home","item":"https:\/\/vilight.vn\/website\/"},{"@type":"ListItem","position":2,"name":"store","item":"https:\/\/vilight.vn\/website\/store\/"},{"@type":"ListItem","position":3,"name":"\u0110\u00e8n pha VLF K10"}]},{"@type":"WebSite","@id":"https:\/\/vilight.vn\/website\/#website","url":"https:\/\/vilight.vn\/website\/","name":"Vilight Co.ltd","description":"Chi\u1ebfu s\u00e1ng m\u1ef9 thu\u1eadt, chi\u1ebfu s\u00e1ng th\u00f4ng minh, LED Pixel 3D, chi\u1ebfu s\u00e1ng trang tr\u00ed \u0111\u00f4 th\u1ecb, chi\u1ebfu s\u00e1ng v\u00f2ng xoay, chi\u1ebfu s\u00e1ng \u0111\u1ea3o giao th\u00f4ng, c\u1ed5ng ch\u00e0o \u0111\u00f4 th\u1ecb","publisher":{"@id":"https:\/\/vilight.vn\/website\/#organization"},"potentialAction":[{"@type":"SearchAction","target":{"@type":"EntryPoint","urlTemplate":"https:\/\/vilight.vn\/website\/?s={search_term_string}"},"query-input":{"@type":"PropertyValueSpecification","valueRequired":true,"valueName":"search_term_string"}}],"inLanguage":"vi"},{"@type":"Organization","@id":"https:\/\/vilight.vn\/website\/#organization","name":"Vilight","url":"https:\/\/vilight.vn\/website\/","logo":{"@type":"ImageObject","inLanguage":"vi","@id":"https:\/\/vilight.vn\/website\/#\/schema\/logo\/image\/","url":"https:\/\/vilight.vn\/website\/wp-content\/uploads\/2022\/05\/chieu_sang_trang_tri_do_thi_bang_den_led_pixel.png","contentUrl":"https:\/\/vilight.vn\/website\/wp-content\/uploads\/2022\/05\/chieu_sang_trang_tri_do_thi_bang_den_led_pixel.png","width":800,"height":427,"caption":"Vilight"},"image":{"@id":"https:\/\/vilight.vn\/website\/#\/schema\/logo\/image\/"},"sameAs":["http:\/\/facebook.com\/vilight.vn","https:\/\/www.linkedin.com\/company\/vilight-vn","https:\/\/www.youtube.com\/channel\/UCEwR2naeDcuarMX1kSv_rLQ\/videos"]}]},"product_brand":"\u0110\u00e8n chi\u1ebfu s\u00e1ng Facade","product_price_currency":"VND","og_availability":"instock","product_availability":"instock","product_condition":"new"},"_links":{"self":[{"href":"https:\/\/vilight.vn\/website\/wp-json\/wp\/v2\/product\/4255","targetHints":{"allow":["GET"]}}],"collection":[{"href":"https:\/\/vilight.vn\/website\/wp-json\/wp\/v2\/product"}],"about":[{"href":"https:\/\/vilight.vn\/website\/wp-json\/wp\/v2\/types\/product"}],"wp:featuredmedia":[{"embeddable":true,"href":"https:\/\/vilight.vn\/website\/wp-json\/wp\/v2\/media\/4258"}],"wp:attachment":[{"href":"https:\/\/vilight.vn\/website\/wp-json\/wp\/v2\/media?parent=4255"}],"wp:term":[{"taxonomy":"product_brand","embeddable":true,"href":"https:\/\/vilight.vn\/website\/wp-json\/wp\/v2\/product_brand?post=4255"},{"taxonomy":"product_cat","embeddable":true,"href":"https:\/\/vilight.vn\/website\/wp-json\/wp\/v2\/product_cat?post=4255"},{"taxonomy":"product_tag","embeddable":true,"href":"https:\/\/vilight.vn\/website\/wp-json\/wp\/v2\/product_tag?post=4255"}],"curies":[{"name":"wp","href":"https:\/\/api.w.org\/{rel}","templated":true}]}}