{"id":4268,"date":"2023-07-18T15:20:31","date_gmt":"2023-07-18T08:20:31","guid":{"rendered":"https:\/\/vilight.vn\/website\/?post_type=product&#038;p=4268"},"modified":"2024-10-02T10:37:29","modified_gmt":"2024-10-02T03:37:29","slug":"den-pha-vlf-k13","status":"publish","type":"product","link":"https:\/\/vilight.vn\/website\/san-pham\/den-chieu-sang-facade\/den-pha-vlf-k13\/","title":{"rendered":"\u0110\u00e8n pha VLF K13"},"content":{"rendered":"<h2 style=\"text-align: justify;\"><span style=\"font-size: 18pt;\">\u0110\u00e8n pha VLF K13 &#8211; K\u1ebft h\u1ee3p ho\u00e0n h\u1ea3o gi\u1eefa trang tr\u00ed v\u00e0 chi\u1ebfu s\u00e1ng cho c\u00f4ng tr\u00ecnh ki\u1ebfn tr\u00fac.\u00a0<\/span><\/h2>\n<p style=\"text-align: justify;\"><span style=\"font-size: 14pt;\">B\u1ea1n \u0111ang t\u00ecm ki\u1ebfm m\u1ed9t gi\u1ea3i ph\u00e1p chi\u1ebfu s\u00e1ng v\u00e0 trang tr\u00ed ch\u1ea5t l\u01b0\u1ee3ng cao cho c\u00f4ng tr\u00ecnh ki\u1ebfn tr\u00fac c\u1ee7a m\u00ecnh? \u0110\u00e8n pha VLF K13 l\u00e0 l\u1ef1a ch\u1ecdn tuy\u1ec7t v\u1eddi \u0111\u1ec3 mang \u0111\u1ebfn \u00e1nh s\u00e1ng tinh t\u1ebf v\u00e0 t\u1ea1o \u0111i\u1ec3m nh\u1ea5n \u0111\u1ed9c \u0111\u00e1o cho kh\u00f4ng gian c\u1ee7a b\u1ea1n. V\u1edbi c\u00e1c th\u00f4ng s\u1ed1 k\u1ef9 thu\u1eadt \u0111\u00e1ng ch\u00fa \u00fd, \u0111\u00e8n pha VLF K13 s\u1ebd \u0111\u00e1p \u1ee9ng m\u1ecdi nhu c\u1ea7u c\u1ee7a b\u1ea1n.<\/span><\/p>\n<p style=\"text-align: justify;\"><span style=\"font-size: 14pt;\">\u0110\u00e8n pha VLF K13 s\u1eed d\u1ee5ng ngu\u1ed3n s\u00e1ng ch\u1ea5t l\u01b0\u1ee3ng cao t\u1eeb 1 b\u00f3ng \u0111\u00e8n 14W NICHIA, \u0111\u1ea3m b\u1ea3o \u0111\u1ed9 s\u00e1ng v\u00e0 \u0111\u1ed9 tin c\u1eady tuy\u1ec7t v\u1eddi. Nh\u1edd v\u00e0o lens B67 v\u00e0 lens t\u00f9y ch\u1ecdn v\u1edbi g\u00f3c chi\u1ebfu 38\u00b0, \u00e1nh s\u00e1ng \u0111\u01b0\u1ee3c ph\u00e2n t\u00e1n m\u1ed9t c\u00e1ch r\u00f5 r\u00e0ng v\u00e0 hi\u1ec7u qu\u1ea3, t\u1ea1o ra c\u00e1c hi\u1ec7u \u1ee9ng \u00e1nh s\u00e1ng tuy\u1ec7t \u0111\u1eb9p tr\u00ean c\u00e1c c\u00f4ng tr\u00ecnh ki\u1ebfn tr\u00fac v\u00e0 c\u1ea3nh quan.<\/span><\/p>\n<p style=\"text-align: justify;\"><span style=\"font-size: 14pt;\">V\u1edbi \u0111\u1ea7u v\u00e0o \u0111i\u1ec7n \u00e1p linh ho\u1ea1t t\u1eeb DC24V \u0111\u1ebfn 240V, \u0111\u00e8n pha VLF K13 c\u00f3 th\u1ec3 \u0111\u01b0\u1ee3c s\u1eed d\u1ee5ng d\u1ec5 d\u00e0ng trong nhi\u1ec1u m\u00f4i tr\u01b0\u1eddng kh\u00e1c nhau. D\u00f2ng \u0111i\u1ec7n ho\u1ea1t \u0111\u1ed9ng c\u0169ng \u0111\u01b0\u1ee3c \u0111i\u1ec1u ch\u1ec9nh ph\u00f9 h\u1ee3p, 24V=750mA v\u00e0 240V=70mA, gi\u00fap ti\u1ebft ki\u1ec7m n\u0103ng l\u01b0\u1ee3ng m\u00e0 v\u1eabn \u0111\u1ea3m b\u1ea3o hi\u1ec7u su\u1ea5t \u00e1nh s\u00e1ng cao.<\/span><\/p>\n<p style=\"text-align: justify;\"><span style=\"font-size: 14pt;\">V\u1edbi ch\u1ec9 s\u1ed1 ti\u00eau th\u1ee5 \u0111i\u1ec7n n\u0103ng th\u1ea5p, \u0111\u00e8n VLF K13 l\u00e0 m\u1ed9t gi\u1ea3i ph\u00e1p chi\u1ebfu s\u00e1ng b\u1ec1n v\u1eefng. V\u1edbi ch\u1ec9 s\u1ed1 ti\u00eau th\u1ee5 \u0111i\u1ec7n n\u0103ng l\u00e0 24V=18W v\u00e0 240V=16.6W, n\u00f3 kh\u00f4ng ch\u1ec9 gi\u00fap gi\u1ea3m thi\u1ec3u l\u01b0\u1ee3ng n\u0103ng l\u01b0\u1ee3ng ti\u00eau th\u1ee5 m\u00e0 c\u00f2n gi\u00fap gi\u1ea3m t\u00e1c \u0111\u1ed9ng \u0111\u1ebfn m\u00f4i tr\u01b0\u1eddng.<\/span><\/p>\n<p style=\"text-align: justify;\"><span style=\"font-size: 14pt;\">\u0110\u00e8n pha VLF K13 cung c\u1ea5p m\u1ee9c s\u00e1ng cao, v\u1edbi \u0111\u1ed9 s\u00e1ng l\u00ean \u0111\u1ebfn 1705 lumen khi s\u1eed d\u1ee5ng ngu\u1ed3n \u0111i\u1ec7n 24V v\u00e0 1689 lumen khi s\u1eed d\u1ee5ng ngu\u1ed3n \u0111i\u1ec7n 120\/240V. \u0110i\u1ec1u n\u00e0y \u0111\u1ea3m b\u1ea3o r\u1eb1ng c\u00f4ng tr\u00ecnh ki\u1ebfn tr\u00fac c\u1ee7a b\u1ea1n s\u1ebd lu\u00f4n n\u1ed5i b\u1eadt v\u00e0 thu h\u00fat s\u1ef1 ch\u00fa \u00fd.<\/span><\/p>\n<p style=\"text-align: justify;\"><span style=\"font-size: 14pt;\">V\u1edbi thi\u1ebft k\u1ebf tinh t\u1ebf v\u00e0 \u0111a d\u1ea1ng v\u1ec1 th\u00f4ng s\u1ed1 k\u1ef9 thu\u1eadt, \u0111\u00e8n VLF K13 l\u00e0 l\u1ef1a ch\u1ecdn ho\u00e0n h\u1ea3o cho c\u00e1c c\u00f4ng tr\u00ecnh ki\u1ebfn tr\u00fac, c\u1ea3nh quan, n\u01a1i b\u1ea1n c\u1ea7n s\u1ef1 k\u1ebft h\u1ee3p ho\u00e0n h\u1ea3o gi\u1eefa trang tr\u00ed v\u00e0 chi\u1ebfu s\u00e1ng. \u0110\u1ec3 bi\u1ebft th\u00eam th\u00f4ng tin v\u1ec1 \u0111\u00e8n pha VLF K13 v\u00e0 c\u00e1c s\u1ea3n ph\u1ea9m kh\u00e1c c\u1ee7a ch\u00fang t\u00f4i, vui l\u00f2ng li\u00ean h\u1ec7 ngay h\u00f4m nay. Ch\u00fang t\u00f4i s\u1ebd s\u1eb5n l\u00f2ng h\u1ed7 tr\u1ee3 b\u1ea1n \u0111\u1ec3 t\u1ea1o ra kh\u00f4ng gian th\u1eadt \u1ea5n t\u01b0\u1ee3ng v\u00e0 \u0111\u1ed9c \u0111\u00e1o.<\/span><\/p>\n<p style=\"text-align: justify;\"><span style=\"font-size: 14pt;\"><a href=\"https:\/\/vilight.vn\/website\/wp-content\/uploads\/2023\/07\/Den-pha-VLF-K13.jpg\"><img decoding=\"async\" class=\"aligncenter size-full wp-image-4269 lazyload\" data-src=\"https:\/\/vilight.vn\/website\/wp-content\/uploads\/2023\/07\/Den-pha-VLF-K13.jpg\" alt=\"\u0110\u00e8n pha VLF K13\" width=\"1200\" height=\"336\" data-srcset=\"https:\/\/vilight.vn\/website\/wp-content\/uploads\/2023\/07\/Den-pha-VLF-K13.jpg 1200w, https:\/\/vilight.vn\/website\/wp-content\/uploads\/2023\/07\/Den-pha-VLF-K13-800x224.jpg 800w, https:\/\/vilight.vn\/website\/wp-content\/uploads\/2023\/07\/Den-pha-VLF-K13-300x84.jpg 300w, https:\/\/vilight.vn\/website\/wp-content\/uploads\/2023\/07\/Den-pha-VLF-K13-1024x287.jpg 1024w, https:\/\/vilight.vn\/website\/wp-content\/uploads\/2023\/07\/Den-pha-VLF-K13-768x215.jpg 768w, https:\/\/vilight.vn\/website\/wp-content\/uploads\/2023\/07\/Den-pha-VLF-K13-150x42.jpg 150w, https:\/\/vilight.vn\/website\/wp-content\/uploads\/2023\/07\/Den-pha-VLF-K13-480x134.jpg 480w\" data-sizes=\"(max-width:767px) 480px, (max-width:1200px) 100vw, 1200px\" src=\"data:image\/svg+xml;base64,PHN2ZyB3aWR0aD0iMSIgaGVpZ2h0PSIxIiB4bWxucz0iaHR0cDovL3d3dy53My5vcmcvMjAwMC9zdmciPjwvc3ZnPg==\" style=\"--smush-placeholder-width: 1200px; --smush-placeholder-aspect-ratio: 1200\/336;\" \/><\/a><a href=\"https:\/\/vilight.vn\/website\/wp-content\/uploads\/2023\/07\/Den-pha-VLF-K13-1.jpg\"><img decoding=\"async\" class=\"size-full wp-image-4270 aligncenter lazyload\" data-src=\"https:\/\/vilight.vn\/website\/wp-content\/uploads\/2023\/07\/Den-pha-VLF-K13-1.jpg\" alt=\"\u0110\u00e8n pha VLF K13\" width=\"1200\" height=\"609\" data-srcset=\"https:\/\/vilight.vn\/website\/wp-content\/uploads\/2023\/07\/Den-pha-VLF-K13-1.jpg 1200w, https:\/\/vilight.vn\/website\/wp-content\/uploads\/2023\/07\/Den-pha-VLF-K13-1-800x406.jpg 800w, https:\/\/vilight.vn\/website\/wp-content\/uploads\/2023\/07\/Den-pha-VLF-K13-1-300x152.jpg 300w, https:\/\/vilight.vn\/website\/wp-content\/uploads\/2023\/07\/Den-pha-VLF-K13-1-1024x520.jpg 1024w, https:\/\/vilight.vn\/website\/wp-content\/uploads\/2023\/07\/Den-pha-VLF-K13-1-768x390.jpg 768w, https:\/\/vilight.vn\/website\/wp-content\/uploads\/2023\/07\/Den-pha-VLF-K13-1-148x75.jpg 148w, https:\/\/vilight.vn\/website\/wp-content\/uploads\/2023\/07\/Den-pha-VLF-K13-1-480x244.jpg 480w\" data-sizes=\"(max-width:767px) 480px, (max-width:1200px) 100vw, 1200px\" src=\"data:image\/svg+xml;base64,PHN2ZyB3aWR0aD0iMSIgaGVpZ2h0PSIxIiB4bWxucz0iaHR0cDovL3d3dy53My5vcmcvMjAwMC9zdmciPjwvc3ZnPg==\" style=\"--smush-placeholder-width: 1200px; --smush-placeholder-aspect-ratio: 1200\/609;\" \/><\/a><\/span><\/p>\n","protected":false},"excerpt":{"rendered":"<p style=\"text-align: justify;\"><span style=\"font-size: 14pt;\">\u0110\u00e8n pha VLF K13 &#8211; m\u1ed9t gi\u1ea3i ph\u00e1p trang tr\u00ed v\u00e0 chi\u1ebfu s\u00e1ng tuy\u1ec7t v\u1eddi cho c\u00f4ng tr\u00ecnh ki\u1ebfn tr\u00fac, v\u1edbi \u0111\u1ed9 s\u00e1ng cao, thi\u1ebft k\u1ebf tinh t\u1ebf v\u00e0 ti\u1ebft ki\u1ec7m n\u0103ng l\u01b0\u1ee3ng. \u0110\u00e8n c\u00f3 c\u00f4ng su\u1ea5t v\u1eeba ph\u1ea3i , ph\u00f9 h\u1ee3p \u0111\u1ec3 chi\u1ebfu s\u00e1ng c\u00e1c c\u00f4ng tr\u00ecnh ki\u1ebfn tr\u00fac trong nahf v\u00e0 ngo\u00e0i tr\u1eddi.\u00a0<\/span><\/p>\n","protected":false},"featured_media":4271,"template":"","meta":[],"product_brand":[],"product_cat":[73,59,549],"product_tag":[562],"class_list":{"0":"post-4268","1":"product","2":"type-product","3":"status-publish","4":"has-post-thumbnail","6":"product_cat-den-chieu-sang-facade","7":"product_cat-den-roi-pha","8":"product_cat-k-p-g-series","9":"product_tag-den-pha-vlf-k13","10":"pa_chip-led-nichia","11":"pa_chuan-dieu-khien-on-off","12":"pa_cong-suat-14w","13":"pa_dien-ap-hoat-dong-24vdc","14":"pa_dien-ap-hoat-dong-ac-240v","15":"pa_do-kin-ip-66","16":"pa_goc-chieu-293","18":"first","19":"instock","20":"taxable","21":"shipping-taxable","22":"product-type-simple"},"yoast_head":"<!-- This site is optimized with the Yoast SEO Premium plugin v27.5 (Yoast SEO v27.5) - https:\/\/yoast.com\/product\/yoast-seo-premium-wordpress\/ -->\n<title>\u0110\u00e8n pha VLF K13 - Vilight Co.ltd<\/title>\n<meta name=\"description\" content=\"\u0110\u00e8n pha VLF K13 - m\u1ed9t gi\u1ea3i ph\u00e1p trang tr\u00ed v\u00e0 chi\u1ebfu s\u00e1ng tuy\u1ec7t v\u1eddi cho c\u00f4ng tr\u00ecnh ki\u1ebfn tr\u00fac, v\u1edbi \u0111\u1ed9 s\u00e1ng cao, thi\u1ebft k\u1ebf tinh t\u1ebf v\u00e0 ti\u1ebft ki\u1ec7m n\u0103ng l\u01b0\u1ee3ng.\" \/>\n<meta name=\"robots\" content=\"index, follow, max-snippet:-1, max-image-preview:large, max-video-preview:-1\" \/>\n<link rel=\"canonical\" href=\"https:\/\/vilight.vn\/website\/san-pham\/den-chieu-sang-facade\/den-pha-vlf-k13\/\" \/>\n<meta property=\"og:locale\" content=\"vi_VN\" \/>\n<meta property=\"og:type\" content=\"article\" \/>\n<meta property=\"og:title\" content=\"\u0110\u00e8n pha VLF K13\" \/>\n<meta property=\"og:description\" content=\"\u0110\u00e8n pha VLF K13 - m\u1ed9t gi\u1ea3i ph\u00e1p trang tr\u00ed v\u00e0 chi\u1ebfu s\u00e1ng tuy\u1ec7t v\u1eddi cho c\u00f4ng tr\u00ecnh ki\u1ebfn tr\u00fac, v\u1edbi \u0111\u1ed9 s\u00e1ng cao, thi\u1ebft k\u1ebf tinh t\u1ebf v\u00e0 ti\u1ebft ki\u1ec7m n\u0103ng l\u01b0\u1ee3ng. \u0110\u00e8n c\u00f3 c\u00f4ng su\u1ea5t v\u1eeba ph\u1ea3i , ph\u00f9 h\u1ee3p \u0111\u1ec3 chi\u1ebfu s\u00e1ng c\u00e1c c\u00f4ng tr\u00ecnh ki\u1ebfn tr\u00fac trong nahf v\u00e0 ngo\u00e0i tr\u1eddi.\u00a0\" \/>\n<meta property=\"og:url\" content=\"https:\/\/vilight.vn\/website\/san-pham\/den-chieu-sang-facade\/den-pha-vlf-k13\/\" \/>\n<meta property=\"og:site_name\" content=\"Vilight Co.ltd\" \/>\n<meta property=\"article:publisher\" content=\"http:\/\/facebook.com\/vilight.vn\" \/>\n<meta property=\"article:modified_time\" content=\"2024-10-02T03:37:29+00:00\" \/>\n<meta property=\"og:image\" content=\"https:\/\/vilight.vn\/website\/wp-content\/uploads\/2023\/07\/Den-VLF-K13.jpg\" \/>\n\t<meta property=\"og:image:width\" content=\"520\" \/>\n\t<meta property=\"og:image:height\" content=\"520\" \/>\n\t<meta property=\"og:image:type\" content=\"image\/jpeg\" \/>\n<meta name=\"twitter:card\" content=\"summary_large_image\" \/>\n<meta name=\"twitter:label1\" content=\"Gi\u00e1\" \/>\n\t<meta name=\"twitter:data1\" content=\"\" \/>\n\t<meta name=\"twitter:label2\" content=\"Kh\u1ea3 d\u1ee5ng\" \/>\n\t<meta name=\"twitter:data2\" content=\"Trong kho\" \/>\n<script type=\"application\/ld+json\" class=\"yoast-schema-graph\">{\"@context\":\"https:\\\/\\\/schema.org\",\"@graph\":[{\"@type\":\"WebPage\",\"@id\":\"https:\\\/\\\/vilight.vn\\\/website\\\/san-pham\\\/den-chieu-sang-facade\\\/den-pha-vlf-k13\\\/\",\"url\":\"https:\\\/\\\/vilight.vn\\\/website\\\/san-pham\\\/den-chieu-sang-facade\\\/den-pha-vlf-k13\\\/\",\"name\":\"\u0110\u00e8n pha VLF K13 - Vilight Co.ltd\",\"isPartOf\":{\"@id\":\"https:\\\/\\\/vilight.vn\\\/website\\\/#website\"},\"primaryImageOfPage\":{\"@id\":\"https:\\\/\\\/vilight.vn\\\/website\\\/san-pham\\\/den-chieu-sang-facade\\\/den-pha-vlf-k13\\\/#primaryimage\"},\"image\":{\"@id\":\"https:\\\/\\\/vilight.vn\\\/website\\\/san-pham\\\/den-chieu-sang-facade\\\/den-pha-vlf-k13\\\/#primaryimage\"},\"thumbnailUrl\":\"https:\\\/\\\/vilight.vn\\\/website\\\/wp-content\\\/uploads\\\/2023\\\/07\\\/Den-VLF-K13.jpg\",\"datePublished\":\"2023-07-18T08:20:31+00:00\",\"dateModified\":\"2024-10-02T03:37:29+00:00\",\"description\":\"\u0110\u00e8n pha VLF K13 - m\u1ed9t gi\u1ea3i ph\u00e1p trang tr\u00ed v\u00e0 chi\u1ebfu s\u00e1ng tuy\u1ec7t v\u1eddi cho c\u00f4ng tr\u00ecnh ki\u1ebfn tr\u00fac, v\u1edbi \u0111\u1ed9 s\u00e1ng cao, thi\u1ebft k\u1ebf tinh t\u1ebf v\u00e0 ti\u1ebft ki\u1ec7m n\u0103ng l\u01b0\u1ee3ng.\",\"breadcrumb\":{\"@id\":\"https:\\\/\\\/vilight.vn\\\/website\\\/san-pham\\\/den-chieu-sang-facade\\\/den-pha-vlf-k13\\\/#breadcrumb\"},\"inLanguage\":\"vi\",\"potentialAction\":[{\"@type\":\"ReadAction\",\"target\":[\"https:\\\/\\\/vilight.vn\\\/website\\\/san-pham\\\/den-chieu-sang-facade\\\/den-pha-vlf-k13\\\/\"]}]},{\"@type\":\"ImageObject\",\"inLanguage\":\"vi\",\"@id\":\"https:\\\/\\\/vilight.vn\\\/website\\\/san-pham\\\/den-chieu-sang-facade\\\/den-pha-vlf-k13\\\/#primaryimage\",\"url\":\"https:\\\/\\\/vilight.vn\\\/website\\\/wp-content\\\/uploads\\\/2023\\\/07\\\/Den-VLF-K13.jpg\",\"contentUrl\":\"https:\\\/\\\/vilight.vn\\\/website\\\/wp-content\\\/uploads\\\/2023\\\/07\\\/Den-VLF-K13.jpg\",\"width\":520,\"height\":520,\"caption\":\"\u0110\u00e8n pha VLF K13\"},{\"@type\":\"BreadcrumbList\",\"@id\":\"https:\\\/\\\/vilight.vn\\\/website\\\/san-pham\\\/den-chieu-sang-facade\\\/den-pha-vlf-k13\\\/#breadcrumb\",\"itemListElement\":[{\"@type\":\"ListItem\",\"position\":1,\"name\":\"Home\",\"item\":\"https:\\\/\\\/vilight.vn\\\/website\\\/\"},{\"@type\":\"ListItem\",\"position\":2,\"name\":\"store\",\"item\":\"https:\\\/\\\/vilight.vn\\\/website\\\/store\\\/\"},{\"@type\":\"ListItem\",\"position\":3,\"name\":\"\u0110\u00e8n pha VLF K13\"}]},{\"@type\":\"WebSite\",\"@id\":\"https:\\\/\\\/vilight.vn\\\/website\\\/#website\",\"url\":\"https:\\\/\\\/vilight.vn\\\/website\\\/\",\"name\":\"Vilight Co.ltd\",\"description\":\"Chi\u1ebfu s\u00e1ng m\u1ef9 thu\u1eadt, chi\u1ebfu s\u00e1ng th\u00f4ng minh, LED Pixel 3D, chi\u1ebfu s\u00e1ng trang tr\u00ed \u0111\u00f4 th\u1ecb, chi\u1ebfu s\u00e1ng v\u00f2ng xoay, chi\u1ebfu s\u00e1ng \u0111\u1ea3o giao th\u00f4ng, c\u1ed5ng ch\u00e0o \u0111\u00f4 th\u1ecb\",\"publisher\":{\"@id\":\"https:\\\/\\\/vilight.vn\\\/website\\\/#organization\"},\"potentialAction\":[{\"@type\":\"SearchAction\",\"target\":{\"@type\":\"EntryPoint\",\"urlTemplate\":\"https:\\\/\\\/vilight.vn\\\/website\\\/?s={search_term_string}\"},\"query-input\":{\"@type\":\"PropertyValueSpecification\",\"valueRequired\":true,\"valueName\":\"search_term_string\"}}],\"inLanguage\":\"vi\"},{\"@type\":\"Organization\",\"@id\":\"https:\\\/\\\/vilight.vn\\\/website\\\/#organization\",\"name\":\"Vilight\",\"url\":\"https:\\\/\\\/vilight.vn\\\/website\\\/\",\"logo\":{\"@type\":\"ImageObject\",\"inLanguage\":\"vi\",\"@id\":\"https:\\\/\\\/vilight.vn\\\/website\\\/#\\\/schema\\\/logo\\\/image\\\/\",\"url\":\"https:\\\/\\\/vilight.vn\\\/website\\\/wp-content\\\/uploads\\\/2022\\\/05\\\/chieu_sang_trang_tri_do_thi_bang_den_led_pixel.png\",\"contentUrl\":\"https:\\\/\\\/vilight.vn\\\/website\\\/wp-content\\\/uploads\\\/2022\\\/05\\\/chieu_sang_trang_tri_do_thi_bang_den_led_pixel.png\",\"width\":800,\"height\":427,\"caption\":\"Vilight\"},\"image\":{\"@id\":\"https:\\\/\\\/vilight.vn\\\/website\\\/#\\\/schema\\\/logo\\\/image\\\/\"},\"sameAs\":[\"http:\\\/\\\/facebook.com\\\/vilight.vn\",\"https:\\\/\\\/www.linkedin.com\\\/company\\\/vilight-vn\",\"https:\\\/\\\/www.youtube.com\\\/channel\\\/UCEwR2naeDcuarMX1kSv_rLQ\\\/videos\"]}]}<\/script>\n<meta property=\"product:brand\" content=\"\u0110\u00e8n chi\u1ebfu s\u00e1ng Facade\" \/>\n<meta property=\"product:price:currency\" content=\"VND\" \/>\n<meta property=\"og:availability\" content=\"instock\" \/>\n<meta property=\"product:availability\" content=\"instock\" \/>\n<meta property=\"product:condition\" content=\"new\" \/>\n<!-- \/ Yoast SEO Premium plugin. -->","yoast_head_json":{"title":"\u0110\u00e8n pha VLF K13 - Vilight Co.ltd","description":"\u0110\u00e8n pha VLF K13 - m\u1ed9t gi\u1ea3i ph\u00e1p trang tr\u00ed v\u00e0 chi\u1ebfu s\u00e1ng tuy\u1ec7t v\u1eddi cho c\u00f4ng tr\u00ecnh ki\u1ebfn tr\u00fac, v\u1edbi \u0111\u1ed9 s\u00e1ng cao, thi\u1ebft k\u1ebf tinh t\u1ebf v\u00e0 ti\u1ebft ki\u1ec7m n\u0103ng l\u01b0\u1ee3ng.","robots":{"index":"index","follow":"follow","max-snippet":"max-snippet:-1","max-image-preview":"max-image-preview:large","max-video-preview":"max-video-preview:-1"},"canonical":"https:\/\/vilight.vn\/website\/san-pham\/den-chieu-sang-facade\/den-pha-vlf-k13\/","og_locale":"vi_VN","og_type":"article","og_title":"\u0110\u00e8n pha VLF K13","og_description":"\u0110\u00e8n pha VLF K13 - m\u1ed9t gi\u1ea3i ph\u00e1p trang tr\u00ed v\u00e0 chi\u1ebfu s\u00e1ng tuy\u1ec7t v\u1eddi cho c\u00f4ng tr\u00ecnh ki\u1ebfn tr\u00fac, v\u1edbi \u0111\u1ed9 s\u00e1ng cao, thi\u1ebft k\u1ebf tinh t\u1ebf v\u00e0 ti\u1ebft ki\u1ec7m n\u0103ng l\u01b0\u1ee3ng. \u0110\u00e8n c\u00f3 c\u00f4ng su\u1ea5t v\u1eeba ph\u1ea3i , ph\u00f9 h\u1ee3p \u0111\u1ec3 chi\u1ebfu s\u00e1ng c\u00e1c c\u00f4ng tr\u00ecnh ki\u1ebfn tr\u00fac trong nahf v\u00e0 ngo\u00e0i tr\u1eddi.\u00a0","og_url":"https:\/\/vilight.vn\/website\/san-pham\/den-chieu-sang-facade\/den-pha-vlf-k13\/","og_site_name":"Vilight Co.ltd","article_publisher":"http:\/\/facebook.com\/vilight.vn","article_modified_time":"2024-10-02T03:37:29+00:00","og_image":[{"width":520,"height":520,"url":"https:\/\/vilight.vn\/website\/wp-content\/uploads\/2023\/07\/Den-VLF-K13.jpg","type":"image\/jpeg"}],"twitter_card":"summary_large_image","twitter_misc":{"Gi\u00e1":"","Kh\u1ea3 d\u1ee5ng":"Trong kho"},"schema":{"@context":"https:\/\/schema.org","@graph":[{"@type":"WebPage","@id":"https:\/\/vilight.vn\/website\/san-pham\/den-chieu-sang-facade\/den-pha-vlf-k13\/","url":"https:\/\/vilight.vn\/website\/san-pham\/den-chieu-sang-facade\/den-pha-vlf-k13\/","name":"\u0110\u00e8n pha VLF K13 - Vilight Co.ltd","isPartOf":{"@id":"https:\/\/vilight.vn\/website\/#website"},"primaryImageOfPage":{"@id":"https:\/\/vilight.vn\/website\/san-pham\/den-chieu-sang-facade\/den-pha-vlf-k13\/#primaryimage"},"image":{"@id":"https:\/\/vilight.vn\/website\/san-pham\/den-chieu-sang-facade\/den-pha-vlf-k13\/#primaryimage"},"thumbnailUrl":"https:\/\/vilight.vn\/website\/wp-content\/uploads\/2023\/07\/Den-VLF-K13.jpg","datePublished":"2023-07-18T08:20:31+00:00","dateModified":"2024-10-02T03:37:29+00:00","description":"\u0110\u00e8n pha VLF K13 - m\u1ed9t gi\u1ea3i ph\u00e1p trang tr\u00ed v\u00e0 chi\u1ebfu s\u00e1ng tuy\u1ec7t v\u1eddi cho c\u00f4ng tr\u00ecnh ki\u1ebfn tr\u00fac, v\u1edbi \u0111\u1ed9 s\u00e1ng cao, thi\u1ebft k\u1ebf tinh t\u1ebf v\u00e0 ti\u1ebft ki\u1ec7m n\u0103ng l\u01b0\u1ee3ng.","breadcrumb":{"@id":"https:\/\/vilight.vn\/website\/san-pham\/den-chieu-sang-facade\/den-pha-vlf-k13\/#breadcrumb"},"inLanguage":"vi","potentialAction":[{"@type":"ReadAction","target":["https:\/\/vilight.vn\/website\/san-pham\/den-chieu-sang-facade\/den-pha-vlf-k13\/"]}]},{"@type":"ImageObject","inLanguage":"vi","@id":"https:\/\/vilight.vn\/website\/san-pham\/den-chieu-sang-facade\/den-pha-vlf-k13\/#primaryimage","url":"https:\/\/vilight.vn\/website\/wp-content\/uploads\/2023\/07\/Den-VLF-K13.jpg","contentUrl":"https:\/\/vilight.vn\/website\/wp-content\/uploads\/2023\/07\/Den-VLF-K13.jpg","width":520,"height":520,"caption":"\u0110\u00e8n pha VLF K13"},{"@type":"BreadcrumbList","@id":"https:\/\/vilight.vn\/website\/san-pham\/den-chieu-sang-facade\/den-pha-vlf-k13\/#breadcrumb","itemListElement":[{"@type":"ListItem","position":1,"name":"Home","item":"https:\/\/vilight.vn\/website\/"},{"@type":"ListItem","position":2,"name":"store","item":"https:\/\/vilight.vn\/website\/store\/"},{"@type":"ListItem","position":3,"name":"\u0110\u00e8n pha VLF K13"}]},{"@type":"WebSite","@id":"https:\/\/vilight.vn\/website\/#website","url":"https:\/\/vilight.vn\/website\/","name":"Vilight Co.ltd","description":"Chi\u1ebfu s\u00e1ng m\u1ef9 thu\u1eadt, chi\u1ebfu s\u00e1ng th\u00f4ng minh, LED Pixel 3D, chi\u1ebfu s\u00e1ng trang tr\u00ed \u0111\u00f4 th\u1ecb, chi\u1ebfu s\u00e1ng v\u00f2ng xoay, chi\u1ebfu s\u00e1ng \u0111\u1ea3o giao th\u00f4ng, c\u1ed5ng ch\u00e0o \u0111\u00f4 th\u1ecb","publisher":{"@id":"https:\/\/vilight.vn\/website\/#organization"},"potentialAction":[{"@type":"SearchAction","target":{"@type":"EntryPoint","urlTemplate":"https:\/\/vilight.vn\/website\/?s={search_term_string}"},"query-input":{"@type":"PropertyValueSpecification","valueRequired":true,"valueName":"search_term_string"}}],"inLanguage":"vi"},{"@type":"Organization","@id":"https:\/\/vilight.vn\/website\/#organization","name":"Vilight","url":"https:\/\/vilight.vn\/website\/","logo":{"@type":"ImageObject","inLanguage":"vi","@id":"https:\/\/vilight.vn\/website\/#\/schema\/logo\/image\/","url":"https:\/\/vilight.vn\/website\/wp-content\/uploads\/2022\/05\/chieu_sang_trang_tri_do_thi_bang_den_led_pixel.png","contentUrl":"https:\/\/vilight.vn\/website\/wp-content\/uploads\/2022\/05\/chieu_sang_trang_tri_do_thi_bang_den_led_pixel.png","width":800,"height":427,"caption":"Vilight"},"image":{"@id":"https:\/\/vilight.vn\/website\/#\/schema\/logo\/image\/"},"sameAs":["http:\/\/facebook.com\/vilight.vn","https:\/\/www.linkedin.com\/company\/vilight-vn","https:\/\/www.youtube.com\/channel\/UCEwR2naeDcuarMX1kSv_rLQ\/videos"]}]},"product_brand":"\u0110\u00e8n chi\u1ebfu s\u00e1ng Facade","product_price_currency":"VND","og_availability":"instock","product_availability":"instock","product_condition":"new"},"_links":{"self":[{"href":"https:\/\/vilight.vn\/website\/wp-json\/wp\/v2\/product\/4268","targetHints":{"allow":["GET"]}}],"collection":[{"href":"https:\/\/vilight.vn\/website\/wp-json\/wp\/v2\/product"}],"about":[{"href":"https:\/\/vilight.vn\/website\/wp-json\/wp\/v2\/types\/product"}],"wp:featuredmedia":[{"embeddable":true,"href":"https:\/\/vilight.vn\/website\/wp-json\/wp\/v2\/media\/4271"}],"wp:attachment":[{"href":"https:\/\/vilight.vn\/website\/wp-json\/wp\/v2\/media?parent=4268"}],"wp:term":[{"taxonomy":"product_brand","embeddable":true,"href":"https:\/\/vilight.vn\/website\/wp-json\/wp\/v2\/product_brand?post=4268"},{"taxonomy":"product_cat","embeddable":true,"href":"https:\/\/vilight.vn\/website\/wp-json\/wp\/v2\/product_cat?post=4268"},{"taxonomy":"product_tag","embeddable":true,"href":"https:\/\/vilight.vn\/website\/wp-json\/wp\/v2\/product_tag?post=4268"}],"curies":[{"name":"wp","href":"https:\/\/api.w.org\/{rel}","templated":true}]}}