{"id":4277,"date":"2023-08-15T10:07:41","date_gmt":"2023-08-15T03:07:41","guid":{"rendered":"https:\/\/vilight.vn\/website\/?post_type=product&#038;p=4277"},"modified":"2024-10-02T10:37:45","modified_gmt":"2024-10-02T03:37:45","slug":"den-pha-vlf-k14","status":"publish","type":"product","link":"https:\/\/vilight.vn\/website\/san-pham\/den-chieu-sang-facade\/den-pha-vlf-k14\/","title":{"rendered":"\u0110\u00e8n pha VLF K14"},"content":{"rendered":"<h2 style=\"text-align: justify;\"><span style=\"font-size: 18pt;\">\u00a0\u0110\u00e8n Pha VLF K14 &#8211; S\u1ef1 Ho\u00e0n H\u1ea3o \u00c1nh S\u00e1ng Cho Ki\u1ebfn Tr\u00fac v\u00e0 Ngh\u1ec7 Thu\u1eadt Ngo\u1ea1i Tr\u1eddi.\u00a0<\/span><\/h2>\n<p style=\"text-align: justify;\"><span style=\"font-size: 14pt;\">\u0110\u00e8n Pha VLF K14 l\u00e0 m\u1ed9t t\u00e1c ph\u1ea9m k\u1ef9 thu\u1eadt \u0111\u1ed9c \u0111\u00e1o, kh\u00f4ng ch\u1ec9 mang l\u1ea1i \u00e1nh s\u00e1ng tuy\u1ec7t v\u1eddi cho c\u00e1c c\u00f4ng tr\u00ecnh ki\u1ebfn tr\u00fac v\u00e0 ngh\u1ec7 thu\u1eadt ngo\u1ea1i tr\u1eddi m\u00e0 c\u00f2n mang \u0111\u1ebfn s\u1ef1 an to\u00e0n v\u00e0 ti\u1ebft ki\u1ec7m n\u0103ng l\u01b0\u1ee3ng t\u1ed1i \u01b0u. V\u1edbi thi\u1ebft k\u1ebf hi\u1ec7n \u0111\u1ea1i, th\u00f4ng s\u1ed1 k\u1ef9 thu\u1eadt \u1ea5n t\u01b0\u1ee3ng v\u00e0 kh\u1ea3 n\u0103ng ho\u1ea1t \u0111\u1ed9ng \u0111a d\u1ea1ng, \u0111\u00e8n pha VLF K14 ch\u1eafc ch\u1eafn s\u1ebd l\u00e0 ng\u01b0\u1eddi b\u1ea1n \u0111\u1ed3ng h\u00e0nh \u0111\u00e1ng tin c\u1eady cho m\u1ecdi kh\u00f4ng gian s\u00e1ng t\u1ea1o.<\/span><\/p>\n<p style=\"text-align: justify;\"><span style=\"font-size: 14pt;\">V\u1edbi m\u1ee9c \u0111i\u1ec7n \u00e1p \u0111\u1ea7u v\u00e0o linh ho\u1ea1t t\u1eeb DC 24V \u0111\u1ebfn 120V\/240V, \u0110\u00e8n Pha VLF K14 t\u1ef1 tin \u0111\u00e1p \u1ee9ng m\u1ecdi nhu c\u1ea7u s\u1eed d\u1ee5ng. D\u1ec5 d\u00e0ng l\u1ef1a ch\u1ecdn ngu\u1ed3n \u0111i\u1ec7n ph\u00f9 h\u1ee3p v\u1edbi y\u00eau c\u1ea7u c\u1ee5 th\u1ec3 c\u1ee7a b\u1ea1n, \u0111\u00e8n pha n\u00e0y ch\u1eafc ch\u1eafn s\u1ebd kh\u00f4ng bao gi\u1edd l\u00e0m b\u1ea1n th\u1ea5t v\u1ecdng.<\/span><\/p>\n<p style=\"text-align: justify;\"><span style=\"font-size: 14pt;\">V\u1edbi kh\u1ea3 n\u0103ng t\u1ea1o ra \u0111\u1ed9 s\u00e1ng \u1ea5n t\u01b0\u1ee3ng l\u00ean \u0111\u1ebfn 548 Lumens, \u0110\u00e8n Pha VLF K14 th\u1ef1c s\u1ef1 l\u00e0 m\u1ed9t ngu\u1ed3n \u00e1nh s\u00e1ng m\u1ea1nh m\u1ebd. B\u1ea5t k\u1ec3 l\u00e0 \u00e1nh s\u00e1ng ph\u1ee5 cho c\u00e1c t\u00e1c ph\u1ea9m ngh\u1ec7 thu\u1eadt hay chi\u1ebfu s\u00e1ng \u0111\u1ec3 t\u1ea1o \u0111i\u1ec3m nh\u1ea5n cho ki\u1ebfn tr\u00fac, \u0111\u00e8n pha n\u00e0y mang l\u1ea1i m\u1ed9t m\u1ee9c s\u00e1ng t\u1ed1i \u01b0u v\u00e0 th\u00fa v\u1ecb.<\/span><\/p>\n<p style=\"text-align: justify;\"><span style=\"font-size: 14pt;\">V\u1edbi v\u1ecf \u0111\u01b0\u1ee3c ch\u1ebf t\u1ea1o t\u1eeb h\u1ee3p kim kim lo\u1ea1i ch\u1eafc ch\u1eafn, \u0110\u00e8n Pha VLF K14 kh\u00f4ng ch\u1ec9 b\u1ec1n b\u1ec9 trong m\u1ecdi \u0111i\u1ec1u ki\u1ec7n th\u1eddi ti\u1ebft, m\u00e0 c\u00f2n \u0111\u01b0\u1ee3c \u0111\u00e1nh gi\u00e1 v\u1edbi ch\u1ec9 s\u1ed1 IK07 &#8211; \u0111\u1ed9 b\u1ea3o v\u1ec7 cao ch\u1ed1ng l\u1ea1i va \u0111\u1eadp c\u01a1 h\u1ecdc. N\u00f3 s\u1ebd ti\u1ebfp t\u1ee5c t\u1ecfa s\u00e1ng v\u1edbi \u0111\u1eb3ng c\u1ea5p v\u00e0 phong c\u00e1ch m\u00e0 kh\u00f4ng bao gi\u1edd b\u1ecb \u1ea3nh h\u01b0\u1edfng.<\/span><\/p>\n<p style=\"text-align: justify;\"><span style=\"font-size: 14pt;\">V\u1edbi thi\u1ebft k\u1ebf hi\u1ec7n \u0111\u1ea1i v\u00e0 hi\u1ec7u su\u1ea5t cao, \u0110\u00e8n Pha VLF K14 kh\u00f4ng ch\u1ec9 gi\u00fap t\u1ed1i \u01b0u h\u00f3a vi\u1ec7c ti\u00eau th\u1ee5 \u0111i\u1ec7n n\u0103ng, m\u00e0 c\u00f2n gi\u1ea3m thi\u1ec3u t\u00e1c \u0111\u1ed9ng ti\u00eau c\u1ef1c \u0111\u1ebfn m\u00f4i tr\u01b0\u1eddng. \u0110i\u1ec1u n\u00e0y kh\u00f4ng ch\u1ec9 l\u00e0 l\u1ef1a ch\u1ecdn th\u00f4ng minh cho ng\u00e2n s\u00e1ch \u0111i\u1ec7n c\u1ee7a b\u1ea1n, m\u00e0 c\u00f2n l\u00e0 c\u00e1ch \u0111\u00f3ng g\u00f3p t\u00edch c\u1ef1c v\u00e0o b\u1ea3o v\u1ec7 m\u00f4i tr\u01b0\u1eddng.<\/span><\/p>\n<p style=\"text-align: justify;\"><span style=\"font-size: 14pt;\">V\u1edbi kh\u1ea3 n\u0103ng t\u1ea1o ra \u00e1nh s\u00e1ng m\u1ea1nh m\u1ebd v\u00e0 t\u00f9y ch\u1ec9nh, \u0111\u1ed9 b\u1ec1n v\u00e0 an to\u00e0n v\u01b0\u1ee3t tr\u1ed9i, c\u00f9ng v\u1edbi kh\u1ea3 n\u0103ng ti\u1ebft ki\u1ec7m n\u0103ng l\u01b0\u1ee3ng th\u00f4ng minh, \u0110\u00e8n Pha VLF K14 th\u1ef1c s\u1ef1 l\u00e0 s\u1ef1 l\u1ef1a ch\u1ecdn ho\u00e0n h\u1ea3o cho m\u1ecdi d\u1ef1 \u00e1n ki\u1ebfn tr\u00fac v\u00e0 ngh\u1ec7 thu\u1eadt ngo\u1ea1i tr\u1eddi. H\u00e3y \u0111\u1ec3 \u0111\u00e8n pha n\u00e0y tr\u1edf th\u00e0nh \u0111i\u1ec3m nh\u1ea5n \u00e1nh s\u00e1ng tuy\u1ec7t v\u1eddi, t\u1ea1o n\u00ean kh\u00f4ng gian \u0111\u1ed9c \u0111\u00e1o v\u00e0 \u1ea5n t\u01b0\u1ee3ng.<\/span><\/p>\n<p style=\"text-align: justify;\"><span style=\"font-size: 14pt;\"><a href=\"https:\/\/vilight.vn\/website\/wp-content\/uploads\/2023\/08\/Den-pha-VLF-K14.gif\"><img decoding=\"async\" class=\"size-full wp-image-4279 lazyload\" data-src=\"https:\/\/vilight.vn\/website\/wp-content\/uploads\/2023\/08\/Den-pha-VLF-K14.gif\" alt=\"\" width=\"1200\" height=\"429\" src=\"data:image\/svg+xml;base64,PHN2ZyB3aWR0aD0iMSIgaGVpZ2h0PSIxIiB4bWxucz0iaHR0cDovL3d3dy53My5vcmcvMjAwMC9zdmciPjwvc3ZnPg==\" style=\"--smush-placeholder-width: 1200px; --smush-placeholder-aspect-ratio: 1200\/429;\" \/><\/a><\/span><\/p>\n","protected":false},"excerpt":{"rendered":"<p style=\"text-align: justify;\"><span style=\"font-size: 14pt;\">\u0110\u00e8n Pha VLF K14: \u00c1nh s\u00e1ng m\u1ea1nh 540 lm, ti\u1ebft ki\u1ec7m n\u0103ng l\u01b0\u1ee3ng v\u1edbi \u0111i\u1ec7n \u00e1p linh ho\u1ea1t. B\u1ec1n b\u1ec9, \u0111\u00e1ng tin c\u1eady cho ki\u1ebfn tr\u00fac v\u00e0 ngh\u1ec7 thu\u1eadt ngo\u1ea1i tr\u1eddi. Th\u00edch \u1ee9ng \u0111a d\u1ea1ng v\u1edbi kh\u1ea3 n\u0103ng chi\u1ebfu s\u00e1ng t\u1ed1i \u01b0u v\u00e0 \u0111\u1ed9 an to\u00e0n cao (IK07).<\/span><\/p>\n","protected":false},"featured_media":4278,"template":"","meta":[],"product_brand":[],"product_cat":[73,59,549],"product_tag":[619],"class_list":{"0":"post-4277","1":"product","2":"type-product","3":"status-publish","4":"has-post-thumbnail","6":"product_cat-den-chieu-sang-facade","7":"product_cat-den-roi-pha","8":"product_cat-k-p-g-series","9":"product_tag-k14","10":"pa_chuan-dieu-khien-on-off","11":"pa_cong-suat-8w","12":"pa_dien-ap-hoat-dong-24vdc","13":"pa_do-chiu-luc-ik07","14":"pa_do-kin-ip-66","15":"pa_goc-chieu-571","16":"pa_nhiet-do-mau-2000k","17":"pa_nhiet-do-mau-3000k","18":"pa_nhiet-do-mau-6000k","19":"pa_vat-lieu-vo-hop-kim-kim-loai","21":"first","22":"instock","23":"taxable","24":"shipping-taxable","25":"product-type-simple"},"yoast_head":"<!-- This site is optimized with the Yoast SEO Premium plugin v27.4 (Yoast SEO v27.4) - https:\/\/yoast.com\/product\/yoast-seo-premium-wordpress\/ -->\n<title>\u0110\u00e8n pha VLF K14 - Vilight Co.ltd<\/title>\n<meta name=\"description\" content=\"\u0110\u00e8n Pha VLF K14 - S\u1ef1 ho\u00e0n h\u1ea3o \u00e1nh s\u00e1ng cho ki\u1ebfn tr\u00fac v\u00e0 ngh\u1ec7 thu\u1eadt ngo\u1ea1i tr\u1eddi. \u00c1nh s\u00e1ng m\u1ea1nh m\u1ebd, ti\u1ebft ki\u1ec7m n\u0103ng l\u01b0\u1ee3ng, v\u00e0 b\u1ec1n b\u1ec9.\" \/>\n<meta name=\"robots\" content=\"index, follow, max-snippet:-1, max-image-preview:large, max-video-preview:-1\" \/>\n<link rel=\"canonical\" href=\"https:\/\/vilight.vn\/website\/san-pham\/den-chieu-sang-facade\/den-pha-vlf-k14\/\" \/>\n<meta property=\"og:locale\" content=\"vi_VN\" \/>\n<meta property=\"og:type\" content=\"article\" \/>\n<meta property=\"og:title\" content=\"\u0110\u00e8n pha VLF K14\" \/>\n<meta property=\"og:description\" content=\"\u0110\u00e8n Pha VLF K14: \u00c1nh s\u00e1ng m\u1ea1nh 540 lm, ti\u1ebft ki\u1ec7m n\u0103ng l\u01b0\u1ee3ng v\u1edbi \u0111i\u1ec7n \u00e1p linh ho\u1ea1t. B\u1ec1n b\u1ec9, \u0111\u00e1ng tin c\u1eady cho ki\u1ebfn tr\u00fac v\u00e0 ngh\u1ec7 thu\u1eadt ngo\u1ea1i tr\u1eddi. Th\u00edch \u1ee9ng \u0111a d\u1ea1ng v\u1edbi kh\u1ea3 n\u0103ng chi\u1ebfu s\u00e1ng t\u1ed1i \u01b0u v\u00e0 \u0111\u1ed9 an to\u00e0n cao (IK07).\" \/>\n<meta property=\"og:url\" content=\"https:\/\/vilight.vn\/website\/san-pham\/den-chieu-sang-facade\/den-pha-vlf-k14\/\" \/>\n<meta property=\"og:site_name\" content=\"Vilight Co.ltd\" \/>\n<meta property=\"article:publisher\" content=\"http:\/\/facebook.com\/vilight.vn\" \/>\n<meta property=\"article:modified_time\" content=\"2024-10-02T03:37:45+00:00\" \/>\n<meta property=\"og:image\" content=\"https:\/\/vilight.vn\/website\/wp-content\/uploads\/2023\/08\/den-pha-K14.gif\" \/>\n\t<meta property=\"og:image:width\" content=\"600\" \/>\n\t<meta property=\"og:image:height\" content=\"600\" \/>\n\t<meta property=\"og:image:type\" content=\"image\/gif\" \/>\n<meta name=\"twitter:card\" content=\"summary_large_image\" \/>\n<meta name=\"twitter:label1\" content=\"Gi\u00e1\" \/>\n\t<meta name=\"twitter:data1\" content=\"\" \/>\n\t<meta name=\"twitter:label2\" content=\"Kh\u1ea3 d\u1ee5ng\" \/>\n\t<meta name=\"twitter:data2\" content=\"Trong kho\" \/>\n<script type=\"application\/ld+json\" class=\"yoast-schema-graph\">{\"@context\":\"https:\\\/\\\/schema.org\",\"@graph\":[{\"@type\":\"WebPage\",\"@id\":\"https:\\\/\\\/vilight.vn\\\/website\\\/san-pham\\\/den-chieu-sang-facade\\\/den-pha-vlf-k14\\\/\",\"url\":\"https:\\\/\\\/vilight.vn\\\/website\\\/san-pham\\\/den-chieu-sang-facade\\\/den-pha-vlf-k14\\\/\",\"name\":\"\u0110\u00e8n pha VLF K14 - Vilight Co.ltd\",\"isPartOf\":{\"@id\":\"https:\\\/\\\/vilight.vn\\\/website\\\/#website\"},\"primaryImageOfPage\":{\"@id\":\"https:\\\/\\\/vilight.vn\\\/website\\\/san-pham\\\/den-chieu-sang-facade\\\/den-pha-vlf-k14\\\/#primaryimage\"},\"image\":{\"@id\":\"https:\\\/\\\/vilight.vn\\\/website\\\/san-pham\\\/den-chieu-sang-facade\\\/den-pha-vlf-k14\\\/#primaryimage\"},\"thumbnailUrl\":\"https:\\\/\\\/vilight.vn\\\/website\\\/wp-content\\\/uploads\\\/2023\\\/08\\\/den-pha-K14.gif\",\"datePublished\":\"2023-08-15T03:07:41+00:00\",\"dateModified\":\"2024-10-02T03:37:45+00:00\",\"description\":\"\u0110\u00e8n Pha VLF K14 - S\u1ef1 ho\u00e0n h\u1ea3o \u00e1nh s\u00e1ng cho ki\u1ebfn tr\u00fac v\u00e0 ngh\u1ec7 thu\u1eadt ngo\u1ea1i tr\u1eddi. \u00c1nh s\u00e1ng m\u1ea1nh m\u1ebd, ti\u1ebft ki\u1ec7m n\u0103ng l\u01b0\u1ee3ng, v\u00e0 b\u1ec1n b\u1ec9.\",\"breadcrumb\":{\"@id\":\"https:\\\/\\\/vilight.vn\\\/website\\\/san-pham\\\/den-chieu-sang-facade\\\/den-pha-vlf-k14\\\/#breadcrumb\"},\"inLanguage\":\"vi\",\"potentialAction\":[{\"@type\":\"ReadAction\",\"target\":[\"https:\\\/\\\/vilight.vn\\\/website\\\/san-pham\\\/den-chieu-sang-facade\\\/den-pha-vlf-k14\\\/\"]}]},{\"@type\":\"ImageObject\",\"inLanguage\":\"vi\",\"@id\":\"https:\\\/\\\/vilight.vn\\\/website\\\/san-pham\\\/den-chieu-sang-facade\\\/den-pha-vlf-k14\\\/#primaryimage\",\"url\":\"https:\\\/\\\/vilight.vn\\\/website\\\/wp-content\\\/uploads\\\/2023\\\/08\\\/den-pha-K14.gif\",\"contentUrl\":\"https:\\\/\\\/vilight.vn\\\/website\\\/wp-content\\\/uploads\\\/2023\\\/08\\\/den-pha-K14.gif\",\"width\":600,\"height\":600,\"caption\":\"\u0110\u00e8n pha VLF K14\"},{\"@type\":\"BreadcrumbList\",\"@id\":\"https:\\\/\\\/vilight.vn\\\/website\\\/san-pham\\\/den-chieu-sang-facade\\\/den-pha-vlf-k14\\\/#breadcrumb\",\"itemListElement\":[{\"@type\":\"ListItem\",\"position\":1,\"name\":\"Home\",\"item\":\"https:\\\/\\\/vilight.vn\\\/website\\\/\"},{\"@type\":\"ListItem\",\"position\":2,\"name\":\"store\",\"item\":\"https:\\\/\\\/vilight.vn\\\/website\\\/store\\\/\"},{\"@type\":\"ListItem\",\"position\":3,\"name\":\"\u0110\u00e8n pha VLF K14\"}]},{\"@type\":\"WebSite\",\"@id\":\"https:\\\/\\\/vilight.vn\\\/website\\\/#website\",\"url\":\"https:\\\/\\\/vilight.vn\\\/website\\\/\",\"name\":\"Vilight Co.ltd\",\"description\":\"Chi\u1ebfu s\u00e1ng m\u1ef9 thu\u1eadt, chi\u1ebfu s\u00e1ng th\u00f4ng minh, LED Pixel 3D, chi\u1ebfu s\u00e1ng trang tr\u00ed \u0111\u00f4 th\u1ecb, chi\u1ebfu s\u00e1ng v\u00f2ng xoay, chi\u1ebfu s\u00e1ng \u0111\u1ea3o giao th\u00f4ng, c\u1ed5ng ch\u00e0o \u0111\u00f4 th\u1ecb\",\"publisher\":{\"@id\":\"https:\\\/\\\/vilight.vn\\\/website\\\/#organization\"},\"potentialAction\":[{\"@type\":\"SearchAction\",\"target\":{\"@type\":\"EntryPoint\",\"urlTemplate\":\"https:\\\/\\\/vilight.vn\\\/website\\\/?s={search_term_string}\"},\"query-input\":{\"@type\":\"PropertyValueSpecification\",\"valueRequired\":true,\"valueName\":\"search_term_string\"}}],\"inLanguage\":\"vi\"},{\"@type\":\"Organization\",\"@id\":\"https:\\\/\\\/vilight.vn\\\/website\\\/#organization\",\"name\":\"Vilight\",\"url\":\"https:\\\/\\\/vilight.vn\\\/website\\\/\",\"logo\":{\"@type\":\"ImageObject\",\"inLanguage\":\"vi\",\"@id\":\"https:\\\/\\\/vilight.vn\\\/website\\\/#\\\/schema\\\/logo\\\/image\\\/\",\"url\":\"https:\\\/\\\/vilight.vn\\\/website\\\/wp-content\\\/uploads\\\/2022\\\/05\\\/chieu_sang_trang_tri_do_thi_bang_den_led_pixel.png\",\"contentUrl\":\"https:\\\/\\\/vilight.vn\\\/website\\\/wp-content\\\/uploads\\\/2022\\\/05\\\/chieu_sang_trang_tri_do_thi_bang_den_led_pixel.png\",\"width\":800,\"height\":427,\"caption\":\"Vilight\"},\"image\":{\"@id\":\"https:\\\/\\\/vilight.vn\\\/website\\\/#\\\/schema\\\/logo\\\/image\\\/\"},\"sameAs\":[\"http:\\\/\\\/facebook.com\\\/vilight.vn\",\"https:\\\/\\\/www.linkedin.com\\\/company\\\/vilight-vn\",\"https:\\\/\\\/www.youtube.com\\\/channel\\\/UCEwR2naeDcuarMX1kSv_rLQ\\\/videos\"]}]}<\/script>\n<meta property=\"product:brand\" content=\"\u0110\u00e8n chi\u1ebfu s\u00e1ng Facade\" \/>\n<meta property=\"product:price:currency\" content=\"VND\" \/>\n<meta property=\"og:availability\" content=\"instock\" \/>\n<meta property=\"product:availability\" content=\"instock\" \/>\n<meta property=\"product:condition\" content=\"new\" \/>\n<!-- \/ Yoast SEO Premium plugin. -->","yoast_head_json":{"title":"\u0110\u00e8n pha VLF K14 - Vilight Co.ltd","description":"\u0110\u00e8n Pha VLF K14 - S\u1ef1 ho\u00e0n h\u1ea3o \u00e1nh s\u00e1ng cho ki\u1ebfn tr\u00fac v\u00e0 ngh\u1ec7 thu\u1eadt ngo\u1ea1i tr\u1eddi. \u00c1nh s\u00e1ng m\u1ea1nh m\u1ebd, ti\u1ebft ki\u1ec7m n\u0103ng l\u01b0\u1ee3ng, v\u00e0 b\u1ec1n b\u1ec9.","robots":{"index":"index","follow":"follow","max-snippet":"max-snippet:-1","max-image-preview":"max-image-preview:large","max-video-preview":"max-video-preview:-1"},"canonical":"https:\/\/vilight.vn\/website\/san-pham\/den-chieu-sang-facade\/den-pha-vlf-k14\/","og_locale":"vi_VN","og_type":"article","og_title":"\u0110\u00e8n pha VLF K14","og_description":"\u0110\u00e8n Pha VLF K14: \u00c1nh s\u00e1ng m\u1ea1nh 540 lm, ti\u1ebft ki\u1ec7m n\u0103ng l\u01b0\u1ee3ng v\u1edbi \u0111i\u1ec7n \u00e1p linh ho\u1ea1t. B\u1ec1n b\u1ec9, \u0111\u00e1ng tin c\u1eady cho ki\u1ebfn tr\u00fac v\u00e0 ngh\u1ec7 thu\u1eadt ngo\u1ea1i tr\u1eddi. Th\u00edch \u1ee9ng \u0111a d\u1ea1ng v\u1edbi kh\u1ea3 n\u0103ng chi\u1ebfu s\u00e1ng t\u1ed1i \u01b0u v\u00e0 \u0111\u1ed9 an to\u00e0n cao (IK07).","og_url":"https:\/\/vilight.vn\/website\/san-pham\/den-chieu-sang-facade\/den-pha-vlf-k14\/","og_site_name":"Vilight Co.ltd","article_publisher":"http:\/\/facebook.com\/vilight.vn","article_modified_time":"2024-10-02T03:37:45+00:00","og_image":[{"width":600,"height":600,"url":"https:\/\/vilight.vn\/website\/wp-content\/uploads\/2023\/08\/den-pha-K14.gif","type":"image\/gif"}],"twitter_card":"summary_large_image","twitter_misc":{"Gi\u00e1":"","Kh\u1ea3 d\u1ee5ng":"Trong kho"},"schema":{"@context":"https:\/\/schema.org","@graph":[{"@type":"WebPage","@id":"https:\/\/vilight.vn\/website\/san-pham\/den-chieu-sang-facade\/den-pha-vlf-k14\/","url":"https:\/\/vilight.vn\/website\/san-pham\/den-chieu-sang-facade\/den-pha-vlf-k14\/","name":"\u0110\u00e8n pha VLF K14 - Vilight Co.ltd","isPartOf":{"@id":"https:\/\/vilight.vn\/website\/#website"},"primaryImageOfPage":{"@id":"https:\/\/vilight.vn\/website\/san-pham\/den-chieu-sang-facade\/den-pha-vlf-k14\/#primaryimage"},"image":{"@id":"https:\/\/vilight.vn\/website\/san-pham\/den-chieu-sang-facade\/den-pha-vlf-k14\/#primaryimage"},"thumbnailUrl":"https:\/\/vilight.vn\/website\/wp-content\/uploads\/2023\/08\/den-pha-K14.gif","datePublished":"2023-08-15T03:07:41+00:00","dateModified":"2024-10-02T03:37:45+00:00","description":"\u0110\u00e8n Pha VLF K14 - S\u1ef1 ho\u00e0n h\u1ea3o \u00e1nh s\u00e1ng cho ki\u1ebfn tr\u00fac v\u00e0 ngh\u1ec7 thu\u1eadt ngo\u1ea1i tr\u1eddi. \u00c1nh s\u00e1ng m\u1ea1nh m\u1ebd, ti\u1ebft ki\u1ec7m n\u0103ng l\u01b0\u1ee3ng, v\u00e0 b\u1ec1n b\u1ec9.","breadcrumb":{"@id":"https:\/\/vilight.vn\/website\/san-pham\/den-chieu-sang-facade\/den-pha-vlf-k14\/#breadcrumb"},"inLanguage":"vi","potentialAction":[{"@type":"ReadAction","target":["https:\/\/vilight.vn\/website\/san-pham\/den-chieu-sang-facade\/den-pha-vlf-k14\/"]}]},{"@type":"ImageObject","inLanguage":"vi","@id":"https:\/\/vilight.vn\/website\/san-pham\/den-chieu-sang-facade\/den-pha-vlf-k14\/#primaryimage","url":"https:\/\/vilight.vn\/website\/wp-content\/uploads\/2023\/08\/den-pha-K14.gif","contentUrl":"https:\/\/vilight.vn\/website\/wp-content\/uploads\/2023\/08\/den-pha-K14.gif","width":600,"height":600,"caption":"\u0110\u00e8n pha VLF K14"},{"@type":"BreadcrumbList","@id":"https:\/\/vilight.vn\/website\/san-pham\/den-chieu-sang-facade\/den-pha-vlf-k14\/#breadcrumb","itemListElement":[{"@type":"ListItem","position":1,"name":"Home","item":"https:\/\/vilight.vn\/website\/"},{"@type":"ListItem","position":2,"name":"store","item":"https:\/\/vilight.vn\/website\/store\/"},{"@type":"ListItem","position":3,"name":"\u0110\u00e8n pha VLF K14"}]},{"@type":"WebSite","@id":"https:\/\/vilight.vn\/website\/#website","url":"https:\/\/vilight.vn\/website\/","name":"Vilight Co.ltd","description":"Chi\u1ebfu s\u00e1ng m\u1ef9 thu\u1eadt, chi\u1ebfu s\u00e1ng th\u00f4ng minh, LED Pixel 3D, chi\u1ebfu s\u00e1ng trang tr\u00ed \u0111\u00f4 th\u1ecb, chi\u1ebfu s\u00e1ng v\u00f2ng xoay, chi\u1ebfu s\u00e1ng \u0111\u1ea3o giao th\u00f4ng, c\u1ed5ng ch\u00e0o \u0111\u00f4 th\u1ecb","publisher":{"@id":"https:\/\/vilight.vn\/website\/#organization"},"potentialAction":[{"@type":"SearchAction","target":{"@type":"EntryPoint","urlTemplate":"https:\/\/vilight.vn\/website\/?s={search_term_string}"},"query-input":{"@type":"PropertyValueSpecification","valueRequired":true,"valueName":"search_term_string"}}],"inLanguage":"vi"},{"@type":"Organization","@id":"https:\/\/vilight.vn\/website\/#organization","name":"Vilight","url":"https:\/\/vilight.vn\/website\/","logo":{"@type":"ImageObject","inLanguage":"vi","@id":"https:\/\/vilight.vn\/website\/#\/schema\/logo\/image\/","url":"https:\/\/vilight.vn\/website\/wp-content\/uploads\/2022\/05\/chieu_sang_trang_tri_do_thi_bang_den_led_pixel.png","contentUrl":"https:\/\/vilight.vn\/website\/wp-content\/uploads\/2022\/05\/chieu_sang_trang_tri_do_thi_bang_den_led_pixel.png","width":800,"height":427,"caption":"Vilight"},"image":{"@id":"https:\/\/vilight.vn\/website\/#\/schema\/logo\/image\/"},"sameAs":["http:\/\/facebook.com\/vilight.vn","https:\/\/www.linkedin.com\/company\/vilight-vn","https:\/\/www.youtube.com\/channel\/UCEwR2naeDcuarMX1kSv_rLQ\/videos"]}]},"product_brand":"\u0110\u00e8n chi\u1ebfu s\u00e1ng Facade","product_price_currency":"VND","og_availability":"instock","product_availability":"instock","product_condition":"new"},"_links":{"self":[{"href":"https:\/\/vilight.vn\/website\/wp-json\/wp\/v2\/product\/4277","targetHints":{"allow":["GET"]}}],"collection":[{"href":"https:\/\/vilight.vn\/website\/wp-json\/wp\/v2\/product"}],"about":[{"href":"https:\/\/vilight.vn\/website\/wp-json\/wp\/v2\/types\/product"}],"wp:featuredmedia":[{"embeddable":true,"href":"https:\/\/vilight.vn\/website\/wp-json\/wp\/v2\/media\/4278"}],"wp:attachment":[{"href":"https:\/\/vilight.vn\/website\/wp-json\/wp\/v2\/media?parent=4277"}],"wp:term":[{"taxonomy":"product_brand","embeddable":true,"href":"https:\/\/vilight.vn\/website\/wp-json\/wp\/v2\/product_brand?post=4277"},{"taxonomy":"product_cat","embeddable":true,"href":"https:\/\/vilight.vn\/website\/wp-json\/wp\/v2\/product_cat?post=4277"},{"taxonomy":"product_tag","embeddable":true,"href":"https:\/\/vilight.vn\/website\/wp-json\/wp\/v2\/product_tag?post=4277"}],"curies":[{"name":"wp","href":"https:\/\/api.w.org\/{rel}","templated":true}]}}