{"id":4286,"date":"2023-08-15T10:14:42","date_gmt":"2023-08-15T03:14:42","guid":{"rendered":"https:\/\/vilight.vn\/website\/?post_type=product&#038;p=4286"},"modified":"2024-10-02T10:39:06","modified_gmt":"2024-10-02T03:39:06","slug":"den-pha-vlf-k17","status":"publish","type":"product","link":"https:\/\/vilight.vn\/website\/san-pham\/den-chieu-sang-facade\/den-pha-vlf-k17\/","title":{"rendered":"\u0110\u00e8n pha VLF K17"},"content":{"rendered":"<h2 style=\"text-align: justify;\"><span style=\"font-size: 18pt;\">\u0110\u00e8n Pha VLF K17 &#8211; Gi\u1ea3i Ph\u00e1p S\u00e1ng T\u1ea1o Cho \u00c1nh S\u00e1ng.\u00a0<\/span><\/h2>\n<p style=\"text-align: justify;\"><span style=\"font-size: 14pt;\">B\u1ea1n \u0111ang t\u00ecm ki\u1ebfm m\u1ed9t gi\u1ea3i ph\u00e1p chi\u1ebfu s\u00e1ng hi\u1ec7u qu\u1ea3, ti\u1ebft ki\u1ec7m n\u0103ng l\u01b0\u1ee3ng v\u00e0 \u0111\u1ed9c \u0111\u00e1o \u0111\u1ec3 t\u1ea1o n\u00ean kh\u00f4ng gian s\u1ed1ng ho\u00e0n h\u1ea3o? \u0110\u00e8n Pha VLF K17 s\u1ebd l\u00e0 l\u1ef1a ch\u1ecdn ho\u00e0n h\u1ea3o cho b\u1ea1n. V\u1edbi thi\u1ebft k\u1ebf tinh t\u1ebf v\u00e0 c\u00e1c t\u00ednh n\u0103ng n\u1ed5i b\u1eadt, s\u1ea3n ph\u1ea9m n\u00e0y \u0111em l\u1ea1i \u00e1nh s\u00e1ng \u0111\u1ec9nh cao c\u00f9ng s\u1ef1 ti\u1ec7n l\u1ee3i t\u1ed1i \u0111a.<\/span><\/p>\n<p style=\"text-align: justify;\"><span style=\"font-size: 14pt;\">\u0110\u00e8n Pha K17 \u0111\u01b0\u1ee3c trang b\u1ecb ngu\u1ed3n s\u00e1ng ch\u1ea5t l\u01b0\u1ee3ng cao 4\u00d73.5W, gi\u00fap cung c\u1ea5p m\u1ed9t \u00e1nh s\u00e1ng m\u1ea1nh m\u1ebd v\u00e0 s\u00e1ng r\u1ef1c r\u1ee1. V\u1edbi hi\u1ec7u su\u1ea5t ti\u1ebft ki\u1ec7m n\u0103ng l\u01b0\u1ee3ng, s\u1ea3n ph\u1ea9m gi\u00fap b\u1ea1n gi\u1ea3m thi\u1ec3u h\u00f3a \u0111\u01a1n ti\u1ec1n \u0111i\u1ec7n m\u00e0 v\u1eabn c\u00f3 \u00e1nh s\u00e1ng t\u1ed1i \u01b0u cho m\u1ecdi ho\u1ea1t \u0111\u1ed9ng trong kh\u00f4ng gian c\u1ee7a b\u1ea1n.<\/span><\/p>\n<p style=\"text-align: justify;\"><span style=\"font-size: 14pt;\">\u0110\u00e8n Pha K17 kh\u00f4ng ch\u1ec9 l\u00e0 m\u1ed9t s\u1ea3n ph\u1ea9m chi\u1ebfu s\u00e1ng, m\u00e0 c\u00f2n l\u00e0 m\u1ed9t t\u00e1c ph\u1ea9m ngh\u1ec7 thu\u1eadt \u0111\u01b0\u1ee3c thi\u1ebft k\u1ebf v\u1edbi s\u1ef1 tinh t\u1ebf. V\u1edbi lens FB11B4, s\u1ea3n ph\u1ea9m mang l\u1ea1i g\u00f3c chi\u1ebfu ch\u00ednh x\u00e1c v\u00e0 t\u1eadp trung \u00e1nh s\u00e1ng t\u1ea1i g\u00f3c 30\u00b0, t\u1ea1o n\u00ean hi\u1ec7u \u1ee9ng s\u00e1ng \u0111\u1ed9c \u0111\u00e1o v\u00e0 th\u00fa v\u1ecb.<\/span><\/p>\n<p style=\"text-align: justify;\"><span style=\"font-size: 14pt;\">V\u1edbi \u0111\u1ed9 r\u1ed9ng g\u00f3c chi\u1ebfu 30\u00b0, \u0110\u00e8n Pha VLF K17 th\u00edch \u1ee9ng t\u1ed1t cho nhi\u1ec1u m\u1ee5c \u0111\u00edch s\u1eed d\u1ee5ng kh\u00e1c nhau. D\u00f9 b\u1ea1n mu\u1ed1n t\u1ea1o \u0111i\u1ec3m nh\u1ea5n \u00e1nh s\u00e1ng trong kh\u00f4ng gian n\u1ed9i th\u1ea5t, hay l\u00e0m s\u00e1ng b\u1eadt l\u00ean m\u1ed9t khu v\u1ef1c c\u1ee5 th\u1ec3 trong s\u00e2n v\u01b0\u1eddn, s\u1ea3n ph\u1ea9m n\u00e0y s\u1ebd \u0111\u00e1p \u1ee9ng m\u1ecdi nhu c\u1ea7u c\u1ee7a b\u1ea1n.<\/span><\/p>\n<p style=\"text-align: justify;\"><span style=\"font-size: 14pt;\">\u0110\u00e8n Pha K17 ho\u1ea1t \u0111\u1ed9ng v\u1edbi c\u00e1c ngu\u1ed3n \u0111i\u1ec7n \u0111\u1ea7u v\u00e0o \u0111a d\u1ea1ng, bao g\u1ed3m DC24V, 120V v\u00e0 240V. \u0110i\u1ec1u n\u00e0y gi\u00fap b\u1ea1n linh ho\u1ea1t h\u01a1n trong vi\u1ec7c l\u1ef1a ch\u1ecdn ngu\u1ed3n c\u1ea5p \u0111i\u1ec7n ph\u00f9 h\u1ee3p v\u1edbi m\u00f4i tr\u01b0\u1eddng s\u1eed d\u1ee5ng c\u1ee7a b\u1ea1n.<\/span><\/p>\n<p style=\"text-align: justify;\"><span style=\"font-size: 14pt;\">V\u1edbi d\u00f2ng \u0111i\u1ec7n ho\u1ea1t \u0111\u1ed9ng th\u1ea5p v\u00e0 c\u00f4ng su\u1ea5t ti\u00eau th\u1ee5 th\u1ea5p, vi\u1ec7c v\u1eadn h\u00e0nh \u0110\u00e8n Pha VLF K17 kh\u00f4ng ch\u1ec9 \u0111\u01a1n gi\u1ea3n m\u00e0 c\u00f2n ti\u1ebft ki\u1ec7m n\u0103ng l\u01b0\u1ee3ng. B\u1ea1n c\u00f3 th\u1ec3 d\u1ec5 d\u00e0ng l\u1eafp \u0111\u1eb7t v\u00e0 \u0111i\u1ec1u ch\u1ec9nh \u00e1nh s\u00e1ng m\u1ed9t c\u00e1ch thu\u1eadn ti\u1ec7n.<\/span><\/p>\n<p style=\"text-align: justify;\"><span style=\"font-size: 14pt;\">V\u1edbi \u0111\u00e8n pha VLF K17, b\u1ea1n s\u1ebd kh\u00f4ng ch\u1ec9 t\u1ea1o ra m\u1ed9t kh\u00f4ng gian s\u1ed1ng s\u00e1ng s\u1ee7a v\u00e0 \u1ea5m c\u00fang, m\u00e0 c\u00f2n mang l\u1ea1i m\u1ed9t c\u00e1i nh\u00ecn \u0111\u1ed9c \u0111\u00e1o v\u00e0 th\u00fa v\u1ecb cho m\u1ecdi ng\u00f3c ng\u00e1ch trong ng\u00f4i nh\u00e0 c\u1ee7a b\u1ea1n.<\/span><\/p>\n<p style=\"text-align: justify;\"><span style=\"font-size: 14pt;\">H\u00e3y \u0111\u1ec3 \u0110\u00e8n Pha VLF K17 tr\u1edf th\u00e0nh ng\u01b0\u1eddi b\u1ea1n \u0111\u1ed3ng h\u00e0nh \u0111\u00e1ng tin c\u1eady, mang \u0111\u1ebfn cho b\u1ea1n m\u1ecdi \u0111i\u1ec1u b\u1ea1n c\u1ea7n t\u1eeb m\u1ed9t h\u1ec7 th\u1ed1ng chi\u1ebfu s\u00e1ng hi\u1ec7n \u0111\u1ea1i v\u00e0 ti\u1ec7n \u00edch.<\/span><\/p>\n<p style=\"text-align: justify;\"><span style=\"font-size: 14pt;\"><a href=\"https:\/\/vilight.vn\/website\/wp-content\/uploads\/2023\/08\/Den-pha-VLF-K17.gif\"><img decoding=\"async\" class=\"aligncenter wp-image-4288 size-full lazyload\" data-src=\"https:\/\/vilight.vn\/website\/wp-content\/uploads\/2023\/08\/Den-pha-VLF-K17.gif\" alt=\"\u0110\u00e8n pha VLF K17\" width=\"1200\" height=\"379\" src=\"data:image\/svg+xml;base64,PHN2ZyB3aWR0aD0iMSIgaGVpZ2h0PSIxIiB4bWxucz0iaHR0cDovL3d3dy53My5vcmcvMjAwMC9zdmciPjwvc3ZnPg==\" style=\"--smush-placeholder-width: 1200px; --smush-placeholder-aspect-ratio: 1200\/379;\" \/><\/a><\/span><\/p>\n","protected":false},"excerpt":{"rendered":"<p><span style=\"font-size: 14pt;\">\u0110\u00e8n Pha VLF K17 s\u1ebd l\u00e0 l\u1ef1a ch\u1ecdn ho\u00e0n h\u1ea3o cho b\u1ea1n. V\u1edbi thi\u1ebft k\u1ebf tinh t\u1ebf v\u00e0 c\u00e1c t\u00ednh n\u0103ng n\u1ed5i b\u1eadt, s\u1ea3n ph\u1ea9m n\u00e0y \u0111em l\u1ea1i \u00e1nh s\u00e1ng \u0111\u1ec9nh cao c\u00f9ng s\u1ef1 ti\u1ec7n l\u1ee3i t\u1ed1i \u0111a.<\/span><\/p>\n","protected":false},"featured_media":4287,"template":"","meta":[],"product_brand":[],"product_cat":[73,59,549],"product_tag":[621],"class_list":{"0":"post-4286","1":"product","2":"type-product","3":"status-publish","4":"has-post-thumbnail","6":"product_cat-den-chieu-sang-facade","7":"product_cat-den-roi-pha","8":"product_cat-k-p-g-series","9":"product_tag-den-pha-vlf-k17","10":"pa_chuan-dieu-khien-on-off","11":"pa_cong-suat-14w","12":"pa_dien-ap-hoat-dong-24vdc","13":"pa_dien-ap-hoat-dong-ac-120-240v","14":"pa_do-chiu-luc-ik07","15":"pa_do-kin-ip-66","16":"pa_goc-chieu-233","17":"pa_nhiet-do-mau-2000k","18":"pa_nhiet-do-mau-3000k","19":"pa_nhiet-do-mau-6000k","21":"first","22":"instock","23":"taxable","24":"shipping-taxable","25":"product-type-simple"},"yoast_head":"<!-- This site is optimized with the Yoast SEO Premium plugin v27.4 (Yoast SEO v27.4) - https:\/\/yoast.com\/product\/yoast-seo-premium-wordpress\/ -->\n<title>\u0110\u00e8n pha VLF K17 - Vilight Co.ltd<\/title>\n<meta name=\"description\" content=\"\u0110\u00e8n Pha VLF K17 s\u1ebd l\u00e0 l\u1ef1a ch\u1ecdn ho\u00e0n h\u1ea3o cho b\u1ea1n. V\u1edbi thi\u1ebft k\u1ebf tinh t\u1ebf v\u00e0 c\u00e1c t\u00ednh n\u0103ng n\u1ed5i b\u1eadt, s\u1ea3n ph\u1ea9m n\u00e0y \u0111em l\u1ea1i \u00e1nh s\u00e1ng \u0111\u1ec9nh cao.\" \/>\n<meta name=\"robots\" content=\"index, follow, max-snippet:-1, max-image-preview:large, max-video-preview:-1\" \/>\n<link rel=\"canonical\" href=\"https:\/\/vilight.vn\/website\/san-pham\/den-chieu-sang-facade\/den-pha-vlf-k17\/\" \/>\n<meta property=\"og:locale\" content=\"vi_VN\" \/>\n<meta property=\"og:type\" content=\"article\" \/>\n<meta property=\"og:title\" content=\"\u0110\u00e8n pha VLF K17\" \/>\n<meta property=\"og:description\" content=\"\u0110\u00e8n Pha VLF K17 s\u1ebd l\u00e0 l\u1ef1a ch\u1ecdn ho\u00e0n h\u1ea3o cho b\u1ea1n. V\u1edbi thi\u1ebft k\u1ebf tinh t\u1ebf v\u00e0 c\u00e1c t\u00ednh n\u0103ng n\u1ed5i b\u1eadt, s\u1ea3n ph\u1ea9m n\u00e0y \u0111em l\u1ea1i \u00e1nh s\u00e1ng \u0111\u1ec9nh cao c\u00f9ng s\u1ef1 ti\u1ec7n l\u1ee3i t\u1ed1i \u0111a.\" \/>\n<meta property=\"og:url\" content=\"https:\/\/vilight.vn\/website\/san-pham\/den-chieu-sang-facade\/den-pha-vlf-k17\/\" \/>\n<meta property=\"og:site_name\" content=\"Vilight Co.ltd\" \/>\n<meta property=\"article:publisher\" content=\"http:\/\/facebook.com\/vilight.vn\" \/>\n<meta property=\"article:modified_time\" content=\"2024-10-02T03:39:06+00:00\" \/>\n<meta property=\"og:image\" content=\"https:\/\/vilight.vn\/website\/wp-content\/uploads\/2023\/08\/VLF-K17.gif\" \/>\n\t<meta property=\"og:image:width\" content=\"600\" \/>\n\t<meta property=\"og:image:height\" content=\"600\" \/>\n\t<meta property=\"og:image:type\" content=\"image\/gif\" \/>\n<meta name=\"twitter:card\" content=\"summary_large_image\" \/>\n<meta name=\"twitter:label1\" content=\"Gi\u00e1\" \/>\n\t<meta name=\"twitter:data1\" content=\"\" \/>\n\t<meta name=\"twitter:label2\" content=\"Kh\u1ea3 d\u1ee5ng\" \/>\n\t<meta name=\"twitter:data2\" content=\"Trong kho\" \/>\n<script type=\"application\/ld+json\" class=\"yoast-schema-graph\">{\"@context\":\"https:\\\/\\\/schema.org\",\"@graph\":[{\"@type\":\"WebPage\",\"@id\":\"https:\\\/\\\/vilight.vn\\\/website\\\/san-pham\\\/den-chieu-sang-facade\\\/den-pha-vlf-k17\\\/\",\"url\":\"https:\\\/\\\/vilight.vn\\\/website\\\/san-pham\\\/den-chieu-sang-facade\\\/den-pha-vlf-k17\\\/\",\"name\":\"\u0110\u00e8n pha VLF K17 - Vilight Co.ltd\",\"isPartOf\":{\"@id\":\"https:\\\/\\\/vilight.vn\\\/website\\\/#website\"},\"primaryImageOfPage\":{\"@id\":\"https:\\\/\\\/vilight.vn\\\/website\\\/san-pham\\\/den-chieu-sang-facade\\\/den-pha-vlf-k17\\\/#primaryimage\"},\"image\":{\"@id\":\"https:\\\/\\\/vilight.vn\\\/website\\\/san-pham\\\/den-chieu-sang-facade\\\/den-pha-vlf-k17\\\/#primaryimage\"},\"thumbnailUrl\":\"https:\\\/\\\/vilight.vn\\\/website\\\/wp-content\\\/uploads\\\/2023\\\/08\\\/VLF-K17.gif\",\"datePublished\":\"2023-08-15T03:14:42+00:00\",\"dateModified\":\"2024-10-02T03:39:06+00:00\",\"description\":\"\u0110\u00e8n Pha VLF K17 s\u1ebd l\u00e0 l\u1ef1a ch\u1ecdn ho\u00e0n h\u1ea3o cho b\u1ea1n. V\u1edbi thi\u1ebft k\u1ebf tinh t\u1ebf v\u00e0 c\u00e1c t\u00ednh n\u0103ng n\u1ed5i b\u1eadt, s\u1ea3n ph\u1ea9m n\u00e0y \u0111em l\u1ea1i \u00e1nh s\u00e1ng \u0111\u1ec9nh cao.\",\"breadcrumb\":{\"@id\":\"https:\\\/\\\/vilight.vn\\\/website\\\/san-pham\\\/den-chieu-sang-facade\\\/den-pha-vlf-k17\\\/#breadcrumb\"},\"inLanguage\":\"vi\",\"potentialAction\":[{\"@type\":\"ReadAction\",\"target\":[\"https:\\\/\\\/vilight.vn\\\/website\\\/san-pham\\\/den-chieu-sang-facade\\\/den-pha-vlf-k17\\\/\"]}]},{\"@type\":\"ImageObject\",\"inLanguage\":\"vi\",\"@id\":\"https:\\\/\\\/vilight.vn\\\/website\\\/san-pham\\\/den-chieu-sang-facade\\\/den-pha-vlf-k17\\\/#primaryimage\",\"url\":\"https:\\\/\\\/vilight.vn\\\/website\\\/wp-content\\\/uploads\\\/2023\\\/08\\\/VLF-K17.gif\",\"contentUrl\":\"https:\\\/\\\/vilight.vn\\\/website\\\/wp-content\\\/uploads\\\/2023\\\/08\\\/VLF-K17.gif\",\"width\":600,\"height\":600,\"caption\":\"\u0110\u00e8n pha VLF K17\"},{\"@type\":\"BreadcrumbList\",\"@id\":\"https:\\\/\\\/vilight.vn\\\/website\\\/san-pham\\\/den-chieu-sang-facade\\\/den-pha-vlf-k17\\\/#breadcrumb\",\"itemListElement\":[{\"@type\":\"ListItem\",\"position\":1,\"name\":\"Home\",\"item\":\"https:\\\/\\\/vilight.vn\\\/website\\\/\"},{\"@type\":\"ListItem\",\"position\":2,\"name\":\"store\",\"item\":\"https:\\\/\\\/vilight.vn\\\/website\\\/store\\\/\"},{\"@type\":\"ListItem\",\"position\":3,\"name\":\"\u0110\u00e8n pha VLF K17\"}]},{\"@type\":\"WebSite\",\"@id\":\"https:\\\/\\\/vilight.vn\\\/website\\\/#website\",\"url\":\"https:\\\/\\\/vilight.vn\\\/website\\\/\",\"name\":\"Vilight Co.ltd\",\"description\":\"Chi\u1ebfu s\u00e1ng m\u1ef9 thu\u1eadt, chi\u1ebfu s\u00e1ng th\u00f4ng minh, LED Pixel 3D, chi\u1ebfu s\u00e1ng trang tr\u00ed \u0111\u00f4 th\u1ecb, chi\u1ebfu s\u00e1ng v\u00f2ng xoay, chi\u1ebfu s\u00e1ng \u0111\u1ea3o giao th\u00f4ng, c\u1ed5ng ch\u00e0o \u0111\u00f4 th\u1ecb\",\"publisher\":{\"@id\":\"https:\\\/\\\/vilight.vn\\\/website\\\/#organization\"},\"potentialAction\":[{\"@type\":\"SearchAction\",\"target\":{\"@type\":\"EntryPoint\",\"urlTemplate\":\"https:\\\/\\\/vilight.vn\\\/website\\\/?s={search_term_string}\"},\"query-input\":{\"@type\":\"PropertyValueSpecification\",\"valueRequired\":true,\"valueName\":\"search_term_string\"}}],\"inLanguage\":\"vi\"},{\"@type\":\"Organization\",\"@id\":\"https:\\\/\\\/vilight.vn\\\/website\\\/#organization\",\"name\":\"Vilight\",\"url\":\"https:\\\/\\\/vilight.vn\\\/website\\\/\",\"logo\":{\"@type\":\"ImageObject\",\"inLanguage\":\"vi\",\"@id\":\"https:\\\/\\\/vilight.vn\\\/website\\\/#\\\/schema\\\/logo\\\/image\\\/\",\"url\":\"https:\\\/\\\/vilight.vn\\\/website\\\/wp-content\\\/uploads\\\/2022\\\/05\\\/chieu_sang_trang_tri_do_thi_bang_den_led_pixel.png\",\"contentUrl\":\"https:\\\/\\\/vilight.vn\\\/website\\\/wp-content\\\/uploads\\\/2022\\\/05\\\/chieu_sang_trang_tri_do_thi_bang_den_led_pixel.png\",\"width\":800,\"height\":427,\"caption\":\"Vilight\"},\"image\":{\"@id\":\"https:\\\/\\\/vilight.vn\\\/website\\\/#\\\/schema\\\/logo\\\/image\\\/\"},\"sameAs\":[\"http:\\\/\\\/facebook.com\\\/vilight.vn\",\"https:\\\/\\\/www.linkedin.com\\\/company\\\/vilight-vn\",\"https:\\\/\\\/www.youtube.com\\\/channel\\\/UCEwR2naeDcuarMX1kSv_rLQ\\\/videos\"]}]}<\/script>\n<meta property=\"product:brand\" content=\"\u0110\u00e8n chi\u1ebfu s\u00e1ng Facade\" \/>\n<meta property=\"product:price:currency\" content=\"VND\" \/>\n<meta property=\"og:availability\" content=\"instock\" \/>\n<meta property=\"product:availability\" content=\"instock\" \/>\n<meta property=\"product:condition\" content=\"new\" \/>\n<!-- \/ Yoast SEO Premium plugin. -->","yoast_head_json":{"title":"\u0110\u00e8n pha VLF K17 - Vilight Co.ltd","description":"\u0110\u00e8n Pha VLF K17 s\u1ebd l\u00e0 l\u1ef1a ch\u1ecdn ho\u00e0n h\u1ea3o cho b\u1ea1n. V\u1edbi thi\u1ebft k\u1ebf tinh t\u1ebf v\u00e0 c\u00e1c t\u00ednh n\u0103ng n\u1ed5i b\u1eadt, s\u1ea3n ph\u1ea9m n\u00e0y \u0111em l\u1ea1i \u00e1nh s\u00e1ng \u0111\u1ec9nh cao.","robots":{"index":"index","follow":"follow","max-snippet":"max-snippet:-1","max-image-preview":"max-image-preview:large","max-video-preview":"max-video-preview:-1"},"canonical":"https:\/\/vilight.vn\/website\/san-pham\/den-chieu-sang-facade\/den-pha-vlf-k17\/","og_locale":"vi_VN","og_type":"article","og_title":"\u0110\u00e8n pha VLF K17","og_description":"\u0110\u00e8n Pha VLF K17 s\u1ebd l\u00e0 l\u1ef1a ch\u1ecdn ho\u00e0n h\u1ea3o cho b\u1ea1n. V\u1edbi thi\u1ebft k\u1ebf tinh t\u1ebf v\u00e0 c\u00e1c t\u00ednh n\u0103ng n\u1ed5i b\u1eadt, s\u1ea3n ph\u1ea9m n\u00e0y \u0111em l\u1ea1i \u00e1nh s\u00e1ng \u0111\u1ec9nh cao c\u00f9ng s\u1ef1 ti\u1ec7n l\u1ee3i t\u1ed1i \u0111a.","og_url":"https:\/\/vilight.vn\/website\/san-pham\/den-chieu-sang-facade\/den-pha-vlf-k17\/","og_site_name":"Vilight Co.ltd","article_publisher":"http:\/\/facebook.com\/vilight.vn","article_modified_time":"2024-10-02T03:39:06+00:00","og_image":[{"width":600,"height":600,"url":"https:\/\/vilight.vn\/website\/wp-content\/uploads\/2023\/08\/VLF-K17.gif","type":"image\/gif"}],"twitter_card":"summary_large_image","twitter_misc":{"Gi\u00e1":"","Kh\u1ea3 d\u1ee5ng":"Trong kho"},"schema":{"@context":"https:\/\/schema.org","@graph":[{"@type":"WebPage","@id":"https:\/\/vilight.vn\/website\/san-pham\/den-chieu-sang-facade\/den-pha-vlf-k17\/","url":"https:\/\/vilight.vn\/website\/san-pham\/den-chieu-sang-facade\/den-pha-vlf-k17\/","name":"\u0110\u00e8n pha VLF K17 - Vilight Co.ltd","isPartOf":{"@id":"https:\/\/vilight.vn\/website\/#website"},"primaryImageOfPage":{"@id":"https:\/\/vilight.vn\/website\/san-pham\/den-chieu-sang-facade\/den-pha-vlf-k17\/#primaryimage"},"image":{"@id":"https:\/\/vilight.vn\/website\/san-pham\/den-chieu-sang-facade\/den-pha-vlf-k17\/#primaryimage"},"thumbnailUrl":"https:\/\/vilight.vn\/website\/wp-content\/uploads\/2023\/08\/VLF-K17.gif","datePublished":"2023-08-15T03:14:42+00:00","dateModified":"2024-10-02T03:39:06+00:00","description":"\u0110\u00e8n Pha VLF K17 s\u1ebd l\u00e0 l\u1ef1a ch\u1ecdn ho\u00e0n h\u1ea3o cho b\u1ea1n. V\u1edbi thi\u1ebft k\u1ebf tinh t\u1ebf v\u00e0 c\u00e1c t\u00ednh n\u0103ng n\u1ed5i b\u1eadt, s\u1ea3n ph\u1ea9m n\u00e0y \u0111em l\u1ea1i \u00e1nh s\u00e1ng \u0111\u1ec9nh cao.","breadcrumb":{"@id":"https:\/\/vilight.vn\/website\/san-pham\/den-chieu-sang-facade\/den-pha-vlf-k17\/#breadcrumb"},"inLanguage":"vi","potentialAction":[{"@type":"ReadAction","target":["https:\/\/vilight.vn\/website\/san-pham\/den-chieu-sang-facade\/den-pha-vlf-k17\/"]}]},{"@type":"ImageObject","inLanguage":"vi","@id":"https:\/\/vilight.vn\/website\/san-pham\/den-chieu-sang-facade\/den-pha-vlf-k17\/#primaryimage","url":"https:\/\/vilight.vn\/website\/wp-content\/uploads\/2023\/08\/VLF-K17.gif","contentUrl":"https:\/\/vilight.vn\/website\/wp-content\/uploads\/2023\/08\/VLF-K17.gif","width":600,"height":600,"caption":"\u0110\u00e8n pha VLF K17"},{"@type":"BreadcrumbList","@id":"https:\/\/vilight.vn\/website\/san-pham\/den-chieu-sang-facade\/den-pha-vlf-k17\/#breadcrumb","itemListElement":[{"@type":"ListItem","position":1,"name":"Home","item":"https:\/\/vilight.vn\/website\/"},{"@type":"ListItem","position":2,"name":"store","item":"https:\/\/vilight.vn\/website\/store\/"},{"@type":"ListItem","position":3,"name":"\u0110\u00e8n pha VLF K17"}]},{"@type":"WebSite","@id":"https:\/\/vilight.vn\/website\/#website","url":"https:\/\/vilight.vn\/website\/","name":"Vilight Co.ltd","description":"Chi\u1ebfu s\u00e1ng m\u1ef9 thu\u1eadt, chi\u1ebfu s\u00e1ng th\u00f4ng minh, LED Pixel 3D, chi\u1ebfu s\u00e1ng trang tr\u00ed \u0111\u00f4 th\u1ecb, chi\u1ebfu s\u00e1ng v\u00f2ng xoay, chi\u1ebfu s\u00e1ng \u0111\u1ea3o giao th\u00f4ng, c\u1ed5ng ch\u00e0o \u0111\u00f4 th\u1ecb","publisher":{"@id":"https:\/\/vilight.vn\/website\/#organization"},"potentialAction":[{"@type":"SearchAction","target":{"@type":"EntryPoint","urlTemplate":"https:\/\/vilight.vn\/website\/?s={search_term_string}"},"query-input":{"@type":"PropertyValueSpecification","valueRequired":true,"valueName":"search_term_string"}}],"inLanguage":"vi"},{"@type":"Organization","@id":"https:\/\/vilight.vn\/website\/#organization","name":"Vilight","url":"https:\/\/vilight.vn\/website\/","logo":{"@type":"ImageObject","inLanguage":"vi","@id":"https:\/\/vilight.vn\/website\/#\/schema\/logo\/image\/","url":"https:\/\/vilight.vn\/website\/wp-content\/uploads\/2022\/05\/chieu_sang_trang_tri_do_thi_bang_den_led_pixel.png","contentUrl":"https:\/\/vilight.vn\/website\/wp-content\/uploads\/2022\/05\/chieu_sang_trang_tri_do_thi_bang_den_led_pixel.png","width":800,"height":427,"caption":"Vilight"},"image":{"@id":"https:\/\/vilight.vn\/website\/#\/schema\/logo\/image\/"},"sameAs":["http:\/\/facebook.com\/vilight.vn","https:\/\/www.linkedin.com\/company\/vilight-vn","https:\/\/www.youtube.com\/channel\/UCEwR2naeDcuarMX1kSv_rLQ\/videos"]}]},"product_brand":"\u0110\u00e8n chi\u1ebfu s\u00e1ng Facade","product_price_currency":"VND","og_availability":"instock","product_availability":"instock","product_condition":"new"},"_links":{"self":[{"href":"https:\/\/vilight.vn\/website\/wp-json\/wp\/v2\/product\/4286","targetHints":{"allow":["GET"]}}],"collection":[{"href":"https:\/\/vilight.vn\/website\/wp-json\/wp\/v2\/product"}],"about":[{"href":"https:\/\/vilight.vn\/website\/wp-json\/wp\/v2\/types\/product"}],"wp:featuredmedia":[{"embeddable":true,"href":"https:\/\/vilight.vn\/website\/wp-json\/wp\/v2\/media\/4287"}],"wp:attachment":[{"href":"https:\/\/vilight.vn\/website\/wp-json\/wp\/v2\/media?parent=4286"}],"wp:term":[{"taxonomy":"product_brand","embeddable":true,"href":"https:\/\/vilight.vn\/website\/wp-json\/wp\/v2\/product_brand?post=4286"},{"taxonomy":"product_cat","embeddable":true,"href":"https:\/\/vilight.vn\/website\/wp-json\/wp\/v2\/product_cat?post=4286"},{"taxonomy":"product_tag","embeddable":true,"href":"https:\/\/vilight.vn\/website\/wp-json\/wp\/v2\/product_tag?post=4286"}],"curies":[{"name":"wp","href":"https:\/\/api.w.org\/{rel}","templated":true}]}}