{"id":4289,"date":"2023-08-15T10:15:44","date_gmt":"2023-08-15T03:15:44","guid":{"rendered":"https:\/\/vilight.vn\/website\/?post_type=product&#038;p=4289"},"modified":"2024-10-02T10:39:19","modified_gmt":"2024-10-02T03:39:19","slug":"den-pha-vlf-k18","status":"publish","type":"product","link":"https:\/\/vilight.vn\/website\/san-pham\/den-chieu-sang-facade\/den-pha-vlf-k18\/","title":{"rendered":"\u0110\u00e8n pha VLF K18"},"content":{"rendered":"<h2 style=\"text-align: justify;\"><span style=\"font-size: 18pt;\">\u0110\u00e8n Pha VLF K18 &#8211; \u0110\u1ed9 S\u00e1ng Tinh T\u1ebf v\u00e0 Hi\u1ec7u Qu\u1ea3 N\u0103ng L\u01b0\u1ee3ng.\u00a0<\/span><\/h2>\n<p style=\"text-align: justify;\"><span style=\"font-size: 14pt;\">Ch\u00e0o m\u1eebng b\u1ea1n \u0111\u1ebfn v\u1edbi b\u00e0i vi\u1ebft gi\u1edbi thi\u1ec7u s\u1ea3n ph\u1ea9m v\u1ec1 \u0110\u00e8n Pha VLF K18 <\/span><span style=\"font-size: 14pt;\">&#8211; m\u1ed9t gi\u1ea3i ph\u00e1p chi\u1ebfu s\u00e1ng \u0111a n\u0103ng v\u1edbi thi\u1ebft k\u1ebf th\u00f4ng minh, \u0111\u1ed9 s\u00e1ng tuy\u1ec7t v\u1eddi v\u00e0 kh\u1ea3 n\u0103ng ti\u1ebft ki\u1ec7m n\u0103ng l\u01b0\u1ee3ng.<\/span><\/p>\n<p style=\"text-align: justify;\"><span style=\"font-size: 14pt;\">\u0110\u00e8n Pha VLF K18 \u0111\u01b0\u1ee3c trang b\u1ecb ngu\u1ed3n s\u00e1ng ch\u1ea5t l\u01b0\u1ee3ng cao, g\u1ed3m 9 b\u00f3ng LED c\u00f3 c\u00f4ng su\u1ea5t 3W m\u1ed7i b\u00f3ng. V\u1edbi t\u1ed5ng c\u00f4ng su\u1ea5t 27W, \u0111\u00e8n mang \u0111\u1ebfn \u00e1nh s\u00e1ng t\u1ef1 nhi\u00ean, m\u1ea1nh m\u1ebd v\u00e0 \u0111\u1ed3ng \u0111\u1ec1u. \u0110i\u1ec1u n\u00e0y kh\u00f4ng ch\u1ec9 t\u1ea1o ra m\u00f4i tr\u01b0\u1eddng chi\u1ebfu s\u00e1ng t\u1ed1t cho c\u00e1c ho\u1ea1t \u0111\u1ed9ng, m\u00e0 c\u00f2n \u0111\u1ea3m b\u1ea3o s\u1ef1 t\u00f4n vinh cho m\u1ecdi kh\u00f4ng gian.<\/span><\/p>\n<p style=\"text-align: justify;\"><span style=\"font-size: 14pt;\">V\u1edbi th\u1ea5u k\u00ednh FB12B5 ch\u1ea5t l\u01b0\u1ee3ng cao, \u0110\u00e8n Pha VLF K18 gi\u00fap t\u1ed1i \u01b0u h\u00f3a ph\u00e2n b\u1ed1 \u00e1nh s\u00e1ng v\u00e0 t\u1ea1o ra m\u1ed9t g\u00f3c chi\u1ebfu r\u1ed9ng l\u00ean \u0111\u1ebfn 30 \u0111\u1ed9. \u0110i\u1ec1u n\u00e0y cho ph\u00e9p chi\u1ebfu s\u00e1ng r\u1ea3i r\u00e1c v\u00e0 \u0111\u1ed3ng \u0111\u1ec1u, \u0111\u00e1p \u1ee9ng c\u1ea3 nhu c\u1ea7u chi\u1ebfu s\u00e1ng t\u1ed5ng quan v\u00e0 t\u1ea1o \u0111i\u1ec3m nh\u1ea5n t\u1ea1o n\u00e9t \u0111\u1eb7c bi\u1ec7t trong kh\u00f4ng gian.<\/span><\/p>\n<p style=\"text-align: justify;\"><span style=\"font-size: 14pt;\">V\u1edbi s\u1ef1 k\u1ebft h\u1ee3p gi\u1eefa ngu\u1ed3n c\u1ea5p \u0111i\u1ec7n DC24V v\u00e0 AC 120\/240V, \u0110\u00e8n Pha VLF K18 \u0111\u1ea3m b\u1ea3o t\u00edch h\u1ee3p linh ho\u1ea1t v\u00e0o nhi\u1ec1u m\u00f4i tr\u01b0\u1eddng s\u1eed d\u1ee5ng. Th\u00eam v\u00e0o \u0111\u00f3, d\u00f2ng \u0111i\u1ec7n ho\u1ea1t \u0111\u1ed9ng c\u1ef1c k\u1ef3 hi\u1ec7u qu\u1ea3: 24V &#8211; 1170mA, 120V &#8211; 245mA, v\u00e0 240V &#8211; 133mA. \u0110i\u1ec1u n\u00e0y kh\u00f4ng ch\u1ec9 gi\u00fap ti\u1ebft ki\u1ec7m \u0111i\u1ec7n n\u0103ng m\u00e0 c\u00f2n t\u1ea1o ra l\u1ee3i \u00edch v\u1ec1 b\u1ec1n v\u1eefng m\u00f4i tr\u01b0\u1eddng.<\/span><\/p>\n<p style=\"text-align: justify;\"><span style=\"font-size: 14pt;\">M\u1ed9t trong nh\u1eefng \u0111i\u1ec3m n\u1ed5i b\u1eadt c\u1ee7a \u0110\u00e8n Pha VLF K18 l\u00e0 kh\u1ea3 n\u0103ng ti\u1ebft ki\u1ec7m n\u0103ng l\u01b0\u1ee3ng v\u01b0\u1ee3t tr\u1ed9i. V\u1edbi ti\u00eau th\u1ee5 \u0111i\u1ec7n n\u0103ng th\u1ea5p nh\u01b0 28W (24V), 29.6W (120V), v\u00e0 30W (240V), \u0111\u00e8n kh\u00f4ng ch\u1ec9 \u0111\u00e1p \u1ee9ng nhu c\u1ea7u chi\u1ebfu s\u00e1ng m\u00e0 c\u00f2n gi\u1ea3m t\u00e1c \u0111\u1ed9ng ti\u00eau th\u1ee5 n\u0103ng l\u01b0\u1ee3ng \u0111\u1ebfn m\u00f4i tr\u01b0\u1eddng.<\/span><\/p>\n<p style=\"text-align: justify;\"><span style=\"font-size: 14pt;\">V\u1edbi ch\u1ec9 s\u1ed1 \u0111o l\u01b0\u1eddng \u0111\u1ed9 s\u00e1ng l\u00ean \u0111\u1ebfn 2541 lumen, \u0110\u00e8n Pha VLF K18 mang \u0111\u1ebfn m\u1ed9t lo\u1ea1t c\u00e1c \u1ee9ng d\u1ee5ng t\u1eeb s\u00e1ng chi\u1ebfu n\u1ec1n t\u1ea1o b\u1ed1i c\u1ea3nh cho c\u1ea3nh quan \u0111\u1ebfn \u00e1nh s\u00e1ng t\u1eadp trung t\u1ea1o \u0111i\u1ec3m nh\u1ea5n \u0111\u1ed9c \u0111\u00e1o.<\/span><\/p>\n<p style=\"text-align: justify;\"><span style=\"font-size: 14pt;\">\u0110\u00e8n Pha VLF K18 kh\u00f4ng ch\u1ec9 l\u00e0 m\u1ed9t s\u1ea3n ph\u1ea9m chi\u1ebfu s\u00e1ng th\u00f4ng th\u01b0\u1eddng, m\u00e0 c\u00f2n l\u00e0 m\u1ed9t gi\u1ea3i ph\u00e1p hi\u1ec7u qu\u1ea3 v\u1ec1 n\u0103ng l\u01b0\u1ee3ng, t\u1ea1o n\u00e9t \u0111\u1ed9c \u0111\u00e1o v\u00e0 hi\u1ec7u su\u1ea5t chi\u1ebfu s\u00e1ng v\u01b0\u1ee3t tr\u1ed9i. V\u1edbi thi\u1ebft k\u1ebf th\u00f4ng minh, kh\u1ea3 n\u0103ng ti\u1ebft ki\u1ec7m n\u0103ng l\u01b0\u1ee3ng v\u00e0 \u00e1nh s\u00e1ng tinh t\u1ebf, s\u1ea3n ph\u1ea9m n\u00e0y th\u1ef1c s\u1ef1 l\u00e0 s\u1ef1 l\u1ef1a ch\u1ecdn ho\u00e0n h\u1ea3o cho m\u1ecdi kh\u00f4ng gian, t\u1eeb gia \u0111\u00ecnh cho \u0111\u1ebfn c\u00f4ng vi\u1ec7c th\u01b0\u01a1ng m\u1ea1i.<\/span><\/p>\n<p style=\"text-align: justify;\"><span style=\"font-size: 14pt;\">N\u1ebfu b\u1ea1n \u0111ang t\u00ecm ki\u1ebfm m\u1ed9t gi\u1ea3i ph\u00e1p chi\u1ebfu s\u00e1ng \u0111a d\u1ea1ng, hi\u1ec7u qu\u1ea3 v\u1ec1 n\u0103ng l\u01b0\u1ee3ng v\u00e0 mang t\u00ednh th\u1ea9m m\u1ef9 cao, \u0110\u00e8n Pha VLF K18 l\u00e0 s\u1ef1 l\u1ef1a ch\u1ecdn kh\u00f4ng th\u1ec3 b\u1ecf qua.<\/span><\/p>\n<p style=\"text-align: justify;\"><span style=\"font-size: 14pt;\"><a href=\"https:\/\/vilight.vn\/website\/wp-content\/uploads\/2023\/08\/Den-pha-VLF-K18.gif\"><img decoding=\"async\" class=\"size-full wp-image-4290 lazyload\" data-src=\"https:\/\/vilight.vn\/website\/wp-content\/uploads\/2023\/08\/Den-pha-VLF-K18.gif\" alt=\"\u0110\u00e8n pha VLF K18\" width=\"1200\" height=\"379\" src=\"data:image\/svg+xml;base64,PHN2ZyB3aWR0aD0iMSIgaGVpZ2h0PSIxIiB4bWxucz0iaHR0cDovL3d3dy53My5vcmcvMjAwMC9zdmciPjwvc3ZnPg==\" style=\"--smush-placeholder-width: 1200px; --smush-placeholder-aspect-ratio: 1200\/379;\" \/><\/a><\/span><\/p>\n","protected":false},"excerpt":{"rendered":"<p>\u0110\u00e8n Pha VLF K18, m\u1ed9t s\u1ea3n ph\u1ea9m chi\u1ebfu s\u00e1ng \u0111a n\u0103ng v\u1edbi thi\u1ebft k\u1ebf th\u00f4ng minh, \u00e1nh s\u00e1ng m\u1ea1nh m\u1ebd v\u00e0 kh\u1ea3 n\u0103ng ti\u1ebft ki\u1ec7m n\u0103ng l\u01b0\u1ee3ng. \u0110\u00e8n s\u1eed d\u1ee5ng 9 b\u00f3ng LED c\u00f4ng su\u1ea5t 3W, t\u1ea1o \u00e1nh s\u00e1ng t\u1ef1 nhi\u00ean v\u00e0 \u0111\u1ed3ng \u0111\u1ec1u. Th\u1ea5u k\u00ednh ch\u1ea5t l\u01b0\u1ee3ng cao gi\u00fap ph\u00e2n b\u1ed1 \u00e1nh s\u00e1ng r\u1ed9ng v\u00e0 \u0111\u1ec1u. \u0110\u00e8n c\u00f3 kh\u1ea3 n\u0103ng ho\u1ea1t \u0111\u1ed9ng linh ho\u1ea1t v\u1edbi c\u00e1c ngu\u1ed3n \u0111i\u1ec7n kh\u00e1c nhau, ti\u1ebft ki\u1ec7m \u0111i\u1ec7n n\u0103ng v\u00e0 b\u1ea3o v\u1ec7 m\u00f4i tr\u01b0\u1eddng. V\u1edbi \u0111\u1ed9 s\u00e1ng 2500 lumens, s\u1ea3n ph\u1ea9m ph\u00f9 h\u1ee3p cho nhi\u1ec1u \u1ee9ng d\u1ee5ng chi\u1ebfu s\u00e1ng trong kh\u00f4ng gian gia \u0111\u00ecnh v\u00e0 th\u01b0\u01a1ng m\u1ea1i.<\/p>\n","protected":false},"featured_media":4291,"template":"","meta":[],"product_brand":[],"product_cat":[73,59,549],"product_tag":[622],"class_list":{"0":"post-4289","1":"product","2":"type-product","3":"status-publish","4":"has-post-thumbnail","6":"product_cat-den-chieu-sang-facade","7":"product_cat-den-roi-pha","8":"product_cat-k-p-g-series","9":"product_tag-den-pha-vlf-k18","10":"pa_chuan-dieu-khien-on-off","11":"pa_cong-suat-27w","12":"pa_dien-ap-hoat-dong-24vdc","13":"pa_dien-ap-hoat-dong-ac-120-240v","14":"pa_do-chiu-luc-ik07","15":"pa_do-kin-ip-66","16":"pa_goc-chieu-233","17":"pa_vat-lieu-vo-hop-kim-kim-loai","19":"first","20":"instock","21":"taxable","22":"shipping-taxable","23":"product-type-simple"},"yoast_head":"<!-- This site is optimized with the Yoast SEO Premium plugin v27.4 (Yoast SEO v27.4) - https:\/\/yoast.com\/product\/yoast-seo-premium-wordpress\/ -->\n<title>\u0110\u00e8n pha VLF K18 - Vilight Co.ltd<\/title>\n<meta name=\"description\" content=\"\u0110\u00e8n Pha VLF K18 - S\u1ef1 k\u1ebft h\u1ee3p ho\u00e0n h\u1ea3o gi\u1eefa \u00e1nh s\u00e1ng m\u1ea1nh m\u1ebd 9 b\u00f3ng LED 3W, th\u1ea5u k\u00ednh FB12B5 30\u00b0 v\u00e0 kh\u1ea3 n\u0103ng ti\u1ebft ki\u1ec7m n\u0103ng l\u01b0\u1ee3ng v\u01b0\u1ee3t tr\u1ed9i.\" \/>\n<meta name=\"robots\" content=\"index, follow, max-snippet:-1, max-image-preview:large, max-video-preview:-1\" \/>\n<link rel=\"canonical\" href=\"https:\/\/vilight.vn\/website\/san-pham\/den-chieu-sang-facade\/den-pha-vlf-k18\/\" \/>\n<meta property=\"og:locale\" content=\"vi_VN\" \/>\n<meta property=\"og:type\" content=\"article\" \/>\n<meta property=\"og:title\" content=\"\u0110\u00e8n pha VLF K18\" \/>\n<meta property=\"og:description\" content=\"\u0110\u00e8n Pha VLF K18, m\u1ed9t s\u1ea3n ph\u1ea9m chi\u1ebfu s\u00e1ng \u0111a n\u0103ng v\u1edbi thi\u1ebft k\u1ebf th\u00f4ng minh, \u00e1nh s\u00e1ng m\u1ea1nh m\u1ebd v\u00e0 kh\u1ea3 n\u0103ng ti\u1ebft ki\u1ec7m n\u0103ng l\u01b0\u1ee3ng. \u0110\u00e8n s\u1eed d\u1ee5ng 9 b\u00f3ng LED c\u00f4ng su\u1ea5t 3W, t\u1ea1o \u00e1nh s\u00e1ng t\u1ef1 nhi\u00ean v\u00e0 \u0111\u1ed3ng \u0111\u1ec1u. Th\u1ea5u k\u00ednh ch\u1ea5t l\u01b0\u1ee3ng cao gi\u00fap ph\u00e2n b\u1ed1 \u00e1nh s\u00e1ng r\u1ed9ng v\u00e0 \u0111\u1ec1u. \u0110\u00e8n c\u00f3 kh\u1ea3 n\u0103ng ho\u1ea1t \u0111\u1ed9ng linh ho\u1ea1t v\u1edbi c\u00e1c ngu\u1ed3n \u0111i\u1ec7n kh\u00e1c nhau, ti\u1ebft ki\u1ec7m \u0111i\u1ec7n n\u0103ng v\u00e0 b\u1ea3o v\u1ec7 m\u00f4i tr\u01b0\u1eddng. V\u1edbi \u0111\u1ed9 s\u00e1ng 2500 lumens, s\u1ea3n ph\u1ea9m ph\u00f9 h\u1ee3p cho nhi\u1ec1u \u1ee9ng d\u1ee5ng chi\u1ebfu s\u00e1ng trong kh\u00f4ng gian gia \u0111\u00ecnh v\u00e0 th\u01b0\u01a1ng m\u1ea1i.\" \/>\n<meta property=\"og:url\" content=\"https:\/\/vilight.vn\/website\/san-pham\/den-chieu-sang-facade\/den-pha-vlf-k18\/\" \/>\n<meta property=\"og:site_name\" content=\"Vilight Co.ltd\" \/>\n<meta property=\"article:publisher\" content=\"http:\/\/facebook.com\/vilight.vn\" \/>\n<meta property=\"article:modified_time\" content=\"2024-10-02T03:39:19+00:00\" \/>\n<meta property=\"og:image\" content=\"https:\/\/vilight.vn\/website\/wp-content\/uploads\/2023\/08\/VLF-K18.gif\" \/>\n\t<meta property=\"og:image:width\" content=\"600\" \/>\n\t<meta property=\"og:image:height\" content=\"600\" \/>\n\t<meta property=\"og:image:type\" content=\"image\/gif\" \/>\n<meta name=\"twitter:card\" content=\"summary_large_image\" \/>\n<meta name=\"twitter:label1\" content=\"Gi\u00e1\" \/>\n\t<meta name=\"twitter:data1\" content=\"\" \/>\n\t<meta name=\"twitter:label2\" content=\"Kh\u1ea3 d\u1ee5ng\" \/>\n\t<meta name=\"twitter:data2\" content=\"Trong kho\" \/>\n<script type=\"application\/ld+json\" class=\"yoast-schema-graph\">{\"@context\":\"https:\\\/\\\/schema.org\",\"@graph\":[{\"@type\":\"WebPage\",\"@id\":\"https:\\\/\\\/vilight.vn\\\/website\\\/san-pham\\\/den-chieu-sang-facade\\\/den-pha-vlf-k18\\\/\",\"url\":\"https:\\\/\\\/vilight.vn\\\/website\\\/san-pham\\\/den-chieu-sang-facade\\\/den-pha-vlf-k18\\\/\",\"name\":\"\u0110\u00e8n pha VLF K18 - Vilight Co.ltd\",\"isPartOf\":{\"@id\":\"https:\\\/\\\/vilight.vn\\\/website\\\/#website\"},\"primaryImageOfPage\":{\"@id\":\"https:\\\/\\\/vilight.vn\\\/website\\\/san-pham\\\/den-chieu-sang-facade\\\/den-pha-vlf-k18\\\/#primaryimage\"},\"image\":{\"@id\":\"https:\\\/\\\/vilight.vn\\\/website\\\/san-pham\\\/den-chieu-sang-facade\\\/den-pha-vlf-k18\\\/#primaryimage\"},\"thumbnailUrl\":\"https:\\\/\\\/vilight.vn\\\/website\\\/wp-content\\\/uploads\\\/2023\\\/08\\\/VLF-K18.gif\",\"datePublished\":\"2023-08-15T03:15:44+00:00\",\"dateModified\":\"2024-10-02T03:39:19+00:00\",\"description\":\"\u0110\u00e8n Pha VLF K18 - S\u1ef1 k\u1ebft h\u1ee3p ho\u00e0n h\u1ea3o gi\u1eefa \u00e1nh s\u00e1ng m\u1ea1nh m\u1ebd 9 b\u00f3ng LED 3W, th\u1ea5u k\u00ednh FB12B5 30\u00b0 v\u00e0 kh\u1ea3 n\u0103ng ti\u1ebft ki\u1ec7m n\u0103ng l\u01b0\u1ee3ng v\u01b0\u1ee3t tr\u1ed9i.\",\"breadcrumb\":{\"@id\":\"https:\\\/\\\/vilight.vn\\\/website\\\/san-pham\\\/den-chieu-sang-facade\\\/den-pha-vlf-k18\\\/#breadcrumb\"},\"inLanguage\":\"vi\",\"potentialAction\":[{\"@type\":\"ReadAction\",\"target\":[\"https:\\\/\\\/vilight.vn\\\/website\\\/san-pham\\\/den-chieu-sang-facade\\\/den-pha-vlf-k18\\\/\"]}]},{\"@type\":\"ImageObject\",\"inLanguage\":\"vi\",\"@id\":\"https:\\\/\\\/vilight.vn\\\/website\\\/san-pham\\\/den-chieu-sang-facade\\\/den-pha-vlf-k18\\\/#primaryimage\",\"url\":\"https:\\\/\\\/vilight.vn\\\/website\\\/wp-content\\\/uploads\\\/2023\\\/08\\\/VLF-K18.gif\",\"contentUrl\":\"https:\\\/\\\/vilight.vn\\\/website\\\/wp-content\\\/uploads\\\/2023\\\/08\\\/VLF-K18.gif\",\"width\":600,\"height\":600,\"caption\":\"\u0110\u00e8n pha VLF K18\"},{\"@type\":\"BreadcrumbList\",\"@id\":\"https:\\\/\\\/vilight.vn\\\/website\\\/san-pham\\\/den-chieu-sang-facade\\\/den-pha-vlf-k18\\\/#breadcrumb\",\"itemListElement\":[{\"@type\":\"ListItem\",\"position\":1,\"name\":\"Home\",\"item\":\"https:\\\/\\\/vilight.vn\\\/website\\\/\"},{\"@type\":\"ListItem\",\"position\":2,\"name\":\"store\",\"item\":\"https:\\\/\\\/vilight.vn\\\/website\\\/store\\\/\"},{\"@type\":\"ListItem\",\"position\":3,\"name\":\"\u0110\u00e8n pha VLF K18\"}]},{\"@type\":\"WebSite\",\"@id\":\"https:\\\/\\\/vilight.vn\\\/website\\\/#website\",\"url\":\"https:\\\/\\\/vilight.vn\\\/website\\\/\",\"name\":\"Vilight Co.ltd\",\"description\":\"Chi\u1ebfu s\u00e1ng m\u1ef9 thu\u1eadt, chi\u1ebfu s\u00e1ng th\u00f4ng minh, LED Pixel 3D, chi\u1ebfu s\u00e1ng trang tr\u00ed \u0111\u00f4 th\u1ecb, chi\u1ebfu s\u00e1ng v\u00f2ng xoay, chi\u1ebfu s\u00e1ng \u0111\u1ea3o giao th\u00f4ng, c\u1ed5ng ch\u00e0o \u0111\u00f4 th\u1ecb\",\"publisher\":{\"@id\":\"https:\\\/\\\/vilight.vn\\\/website\\\/#organization\"},\"potentialAction\":[{\"@type\":\"SearchAction\",\"target\":{\"@type\":\"EntryPoint\",\"urlTemplate\":\"https:\\\/\\\/vilight.vn\\\/website\\\/?s={search_term_string}\"},\"query-input\":{\"@type\":\"PropertyValueSpecification\",\"valueRequired\":true,\"valueName\":\"search_term_string\"}}],\"inLanguage\":\"vi\"},{\"@type\":\"Organization\",\"@id\":\"https:\\\/\\\/vilight.vn\\\/website\\\/#organization\",\"name\":\"Vilight\",\"url\":\"https:\\\/\\\/vilight.vn\\\/website\\\/\",\"logo\":{\"@type\":\"ImageObject\",\"inLanguage\":\"vi\",\"@id\":\"https:\\\/\\\/vilight.vn\\\/website\\\/#\\\/schema\\\/logo\\\/image\\\/\",\"url\":\"https:\\\/\\\/vilight.vn\\\/website\\\/wp-content\\\/uploads\\\/2022\\\/05\\\/chieu_sang_trang_tri_do_thi_bang_den_led_pixel.png\",\"contentUrl\":\"https:\\\/\\\/vilight.vn\\\/website\\\/wp-content\\\/uploads\\\/2022\\\/05\\\/chieu_sang_trang_tri_do_thi_bang_den_led_pixel.png\",\"width\":800,\"height\":427,\"caption\":\"Vilight\"},\"image\":{\"@id\":\"https:\\\/\\\/vilight.vn\\\/website\\\/#\\\/schema\\\/logo\\\/image\\\/\"},\"sameAs\":[\"http:\\\/\\\/facebook.com\\\/vilight.vn\",\"https:\\\/\\\/www.linkedin.com\\\/company\\\/vilight-vn\",\"https:\\\/\\\/www.youtube.com\\\/channel\\\/UCEwR2naeDcuarMX1kSv_rLQ\\\/videos\"]}]}<\/script>\n<meta property=\"product:brand\" content=\"\u0110\u00e8n chi\u1ebfu s\u00e1ng Facade\" \/>\n<meta property=\"product:price:currency\" content=\"VND\" \/>\n<meta property=\"og:availability\" content=\"instock\" \/>\n<meta property=\"product:availability\" content=\"instock\" \/>\n<meta property=\"product:condition\" content=\"new\" \/>\n<!-- \/ Yoast SEO Premium plugin. -->","yoast_head_json":{"title":"\u0110\u00e8n pha VLF K18 - Vilight Co.ltd","description":"\u0110\u00e8n Pha VLF K18 - S\u1ef1 k\u1ebft h\u1ee3p ho\u00e0n h\u1ea3o gi\u1eefa \u00e1nh s\u00e1ng m\u1ea1nh m\u1ebd 9 b\u00f3ng LED 3W, th\u1ea5u k\u00ednh FB12B5 30\u00b0 v\u00e0 kh\u1ea3 n\u0103ng ti\u1ebft ki\u1ec7m n\u0103ng l\u01b0\u1ee3ng v\u01b0\u1ee3t tr\u1ed9i.","robots":{"index":"index","follow":"follow","max-snippet":"max-snippet:-1","max-image-preview":"max-image-preview:large","max-video-preview":"max-video-preview:-1"},"canonical":"https:\/\/vilight.vn\/website\/san-pham\/den-chieu-sang-facade\/den-pha-vlf-k18\/","og_locale":"vi_VN","og_type":"article","og_title":"\u0110\u00e8n pha VLF K18","og_description":"\u0110\u00e8n Pha VLF K18, m\u1ed9t s\u1ea3n ph\u1ea9m chi\u1ebfu s\u00e1ng \u0111a n\u0103ng v\u1edbi thi\u1ebft k\u1ebf th\u00f4ng minh, \u00e1nh s\u00e1ng m\u1ea1nh m\u1ebd v\u00e0 kh\u1ea3 n\u0103ng ti\u1ebft ki\u1ec7m n\u0103ng l\u01b0\u1ee3ng. \u0110\u00e8n s\u1eed d\u1ee5ng 9 b\u00f3ng LED c\u00f4ng su\u1ea5t 3W, t\u1ea1o \u00e1nh s\u00e1ng t\u1ef1 nhi\u00ean v\u00e0 \u0111\u1ed3ng \u0111\u1ec1u. Th\u1ea5u k\u00ednh ch\u1ea5t l\u01b0\u1ee3ng cao gi\u00fap ph\u00e2n b\u1ed1 \u00e1nh s\u00e1ng r\u1ed9ng v\u00e0 \u0111\u1ec1u. \u0110\u00e8n c\u00f3 kh\u1ea3 n\u0103ng ho\u1ea1t \u0111\u1ed9ng linh ho\u1ea1t v\u1edbi c\u00e1c ngu\u1ed3n \u0111i\u1ec7n kh\u00e1c nhau, ti\u1ebft ki\u1ec7m \u0111i\u1ec7n n\u0103ng v\u00e0 b\u1ea3o v\u1ec7 m\u00f4i tr\u01b0\u1eddng. V\u1edbi \u0111\u1ed9 s\u00e1ng 2500 lumens, s\u1ea3n ph\u1ea9m ph\u00f9 h\u1ee3p cho nhi\u1ec1u \u1ee9ng d\u1ee5ng chi\u1ebfu s\u00e1ng trong kh\u00f4ng gian gia \u0111\u00ecnh v\u00e0 th\u01b0\u01a1ng m\u1ea1i.","og_url":"https:\/\/vilight.vn\/website\/san-pham\/den-chieu-sang-facade\/den-pha-vlf-k18\/","og_site_name":"Vilight Co.ltd","article_publisher":"http:\/\/facebook.com\/vilight.vn","article_modified_time":"2024-10-02T03:39:19+00:00","og_image":[{"width":600,"height":600,"url":"https:\/\/vilight.vn\/website\/wp-content\/uploads\/2023\/08\/VLF-K18.gif","type":"image\/gif"}],"twitter_card":"summary_large_image","twitter_misc":{"Gi\u00e1":"","Kh\u1ea3 d\u1ee5ng":"Trong kho"},"schema":{"@context":"https:\/\/schema.org","@graph":[{"@type":"WebPage","@id":"https:\/\/vilight.vn\/website\/san-pham\/den-chieu-sang-facade\/den-pha-vlf-k18\/","url":"https:\/\/vilight.vn\/website\/san-pham\/den-chieu-sang-facade\/den-pha-vlf-k18\/","name":"\u0110\u00e8n pha VLF K18 - Vilight Co.ltd","isPartOf":{"@id":"https:\/\/vilight.vn\/website\/#website"},"primaryImageOfPage":{"@id":"https:\/\/vilight.vn\/website\/san-pham\/den-chieu-sang-facade\/den-pha-vlf-k18\/#primaryimage"},"image":{"@id":"https:\/\/vilight.vn\/website\/san-pham\/den-chieu-sang-facade\/den-pha-vlf-k18\/#primaryimage"},"thumbnailUrl":"https:\/\/vilight.vn\/website\/wp-content\/uploads\/2023\/08\/VLF-K18.gif","datePublished":"2023-08-15T03:15:44+00:00","dateModified":"2024-10-02T03:39:19+00:00","description":"\u0110\u00e8n Pha VLF K18 - S\u1ef1 k\u1ebft h\u1ee3p ho\u00e0n h\u1ea3o gi\u1eefa \u00e1nh s\u00e1ng m\u1ea1nh m\u1ebd 9 b\u00f3ng LED 3W, th\u1ea5u k\u00ednh FB12B5 30\u00b0 v\u00e0 kh\u1ea3 n\u0103ng ti\u1ebft ki\u1ec7m n\u0103ng l\u01b0\u1ee3ng v\u01b0\u1ee3t tr\u1ed9i.","breadcrumb":{"@id":"https:\/\/vilight.vn\/website\/san-pham\/den-chieu-sang-facade\/den-pha-vlf-k18\/#breadcrumb"},"inLanguage":"vi","potentialAction":[{"@type":"ReadAction","target":["https:\/\/vilight.vn\/website\/san-pham\/den-chieu-sang-facade\/den-pha-vlf-k18\/"]}]},{"@type":"ImageObject","inLanguage":"vi","@id":"https:\/\/vilight.vn\/website\/san-pham\/den-chieu-sang-facade\/den-pha-vlf-k18\/#primaryimage","url":"https:\/\/vilight.vn\/website\/wp-content\/uploads\/2023\/08\/VLF-K18.gif","contentUrl":"https:\/\/vilight.vn\/website\/wp-content\/uploads\/2023\/08\/VLF-K18.gif","width":600,"height":600,"caption":"\u0110\u00e8n pha VLF K18"},{"@type":"BreadcrumbList","@id":"https:\/\/vilight.vn\/website\/san-pham\/den-chieu-sang-facade\/den-pha-vlf-k18\/#breadcrumb","itemListElement":[{"@type":"ListItem","position":1,"name":"Home","item":"https:\/\/vilight.vn\/website\/"},{"@type":"ListItem","position":2,"name":"store","item":"https:\/\/vilight.vn\/website\/store\/"},{"@type":"ListItem","position":3,"name":"\u0110\u00e8n pha VLF K18"}]},{"@type":"WebSite","@id":"https:\/\/vilight.vn\/website\/#website","url":"https:\/\/vilight.vn\/website\/","name":"Vilight Co.ltd","description":"Chi\u1ebfu s\u00e1ng m\u1ef9 thu\u1eadt, chi\u1ebfu s\u00e1ng th\u00f4ng minh, LED Pixel 3D, chi\u1ebfu s\u00e1ng trang tr\u00ed \u0111\u00f4 th\u1ecb, chi\u1ebfu s\u00e1ng v\u00f2ng xoay, chi\u1ebfu s\u00e1ng \u0111\u1ea3o giao th\u00f4ng, c\u1ed5ng ch\u00e0o \u0111\u00f4 th\u1ecb","publisher":{"@id":"https:\/\/vilight.vn\/website\/#organization"},"potentialAction":[{"@type":"SearchAction","target":{"@type":"EntryPoint","urlTemplate":"https:\/\/vilight.vn\/website\/?s={search_term_string}"},"query-input":{"@type":"PropertyValueSpecification","valueRequired":true,"valueName":"search_term_string"}}],"inLanguage":"vi"},{"@type":"Organization","@id":"https:\/\/vilight.vn\/website\/#organization","name":"Vilight","url":"https:\/\/vilight.vn\/website\/","logo":{"@type":"ImageObject","inLanguage":"vi","@id":"https:\/\/vilight.vn\/website\/#\/schema\/logo\/image\/","url":"https:\/\/vilight.vn\/website\/wp-content\/uploads\/2022\/05\/chieu_sang_trang_tri_do_thi_bang_den_led_pixel.png","contentUrl":"https:\/\/vilight.vn\/website\/wp-content\/uploads\/2022\/05\/chieu_sang_trang_tri_do_thi_bang_den_led_pixel.png","width":800,"height":427,"caption":"Vilight"},"image":{"@id":"https:\/\/vilight.vn\/website\/#\/schema\/logo\/image\/"},"sameAs":["http:\/\/facebook.com\/vilight.vn","https:\/\/www.linkedin.com\/company\/vilight-vn","https:\/\/www.youtube.com\/channel\/UCEwR2naeDcuarMX1kSv_rLQ\/videos"]}]},"product_brand":"\u0110\u00e8n chi\u1ebfu s\u00e1ng Facade","product_price_currency":"VND","og_availability":"instock","product_availability":"instock","product_condition":"new"},"_links":{"self":[{"href":"https:\/\/vilight.vn\/website\/wp-json\/wp\/v2\/product\/4289","targetHints":{"allow":["GET"]}}],"collection":[{"href":"https:\/\/vilight.vn\/website\/wp-json\/wp\/v2\/product"}],"about":[{"href":"https:\/\/vilight.vn\/website\/wp-json\/wp\/v2\/types\/product"}],"wp:featuredmedia":[{"embeddable":true,"href":"https:\/\/vilight.vn\/website\/wp-json\/wp\/v2\/media\/4291"}],"wp:attachment":[{"href":"https:\/\/vilight.vn\/website\/wp-json\/wp\/v2\/media?parent=4289"}],"wp:term":[{"taxonomy":"product_brand","embeddable":true,"href":"https:\/\/vilight.vn\/website\/wp-json\/wp\/v2\/product_brand?post=4289"},{"taxonomy":"product_cat","embeddable":true,"href":"https:\/\/vilight.vn\/website\/wp-json\/wp\/v2\/product_cat?post=4289"},{"taxonomy":"product_tag","embeddable":true,"href":"https:\/\/vilight.vn\/website\/wp-json\/wp\/v2\/product_tag?post=4289"}],"curies":[{"name":"wp","href":"https:\/\/api.w.org\/{rel}","templated":true}]}}