{"id":4301,"date":"2023-08-16T09:26:03","date_gmt":"2023-08-16T02:26:03","guid":{"rendered":"https:\/\/vilight.vn\/website\/?post_type=product&#038;p=4301"},"modified":"2024-10-04T10:23:48","modified_gmt":"2024-10-04T03:23:48","slug":"den-am-nuoc-vw01","status":"publish","type":"product","link":"https:\/\/vilight.vn\/website\/san-pham\/den-chieu-sang-facade\/den-am-nuoc\/den-am-nuoc-vw01\/","title":{"rendered":"\u0110\u00e8n \u00e2m n\u01b0\u1edbc VW01"},"content":{"rendered":"<h2>\u0110\u00e8n \u00e2m n\u01b0\u1edbc 2W, 2.2W :<\/h2>\n<ul>\n<li>\u0110\u00e8n \u00e2m n\u01b0\u1edbc, lo\u1ea1i \u0111\u00e8n \u00e2m d\u01b0\u1edbi s\u00e0n h\u1ed3 n\u01b0\u1edbc, \u00e2m trong k\u1ebft c\u1ea5u b\u00ea t\u00f4ng.<\/li>\n<li>\u0110\u00e8n c\u00f3 k\u00edch th\u01b0\u1edbc nh\u1ecf g\u1ecdn.<\/li>\n<li>\u0110\u00e8n c\u00f3 k\u00e8m theo k\u1ebft c\u1ea5u l\u1eafp \u0111\u1eb7t chuy\u00ean d\u1ee5ng.<\/li>\n<li>S\u1eed d\u1ee5ng chip LED Osram ch\u1ea5t l\u01b0\u1ee3ng cao.C\u00f4ng su\u1ea5t \u0111\u00e8n 1&#215;2.2W.<\/li>\n<li>V\u1ecf \u0111\u00e8n b\u1eb1ng th\u00e9p kh\u00f4ng g\u1ec9 SUS316L.K\u00ednh c\u01b0\u1eddng l\u1ef1c d\u00e0y 4mm.V\u1ecf \u0111\u1ec3 l\u00e0m m\u00f3ng \u0111\u00e8n l\u00e0m b\u1eb1ng nh\u1ef1a 120# PC\/ABS ALLOYS<br \/>\nhide<img decoding=\"async\" data-src=\"https:\/\/vilight.vn\/website\/wp-content\/uploads\/2023\/08\/den_am_nuoc_2W_den_am_nuoc_2.2W.jpg#4709\" alt=\"den_am_nuoc_2W_den_am_nuoc_2.2W\" src=\"data:image\/svg+xml;base64,PHN2ZyB3aWR0aD0iMSIgaGVpZ2h0PSIxIiB4bWxucz0iaHR0cDovL3d3dy53My5vcmcvMjAwMC9zdmciPjwvc3ZnPg==\" class=\"lazyload\" style=\"--smush-placeholder-width: 1150px; --smush-placeholder-aspect-ratio: 1150\/360;\" \/><br \/>\nfull<br \/>\n\u0110\u00e8n l\u1eafp \u0111\u1eb7t \u00e2m v\u00e0o th\u00e0nh h\u1ed3.<br \/>\n\u0110\u00e8n \u00e2m n\u01b0\u1edbc 2.2W<br \/>\ncontain<br \/>\ncenter center<br \/>\nhide<\/li>\n<\/ul>\n<h2>Th\u00f4ng s\u1ed1 \u0111\u00e8n \u00e2m n\u01b0\u1edbc 2W (\u0111\u00e8n \u00e2m n\u01b0\u1edbc 2.2W) :<\/h2>\n<ul>\n<li>M\u00e3 \u0111\u00e8n : VW01<\/li>\n<li>Th\u00f4ng s\u1ed1 k\u1ef9 thu\u1eadt<\/li>\n<li>Ngu\u1ed3n s\u00e1ng OSRAM<\/li>\n<li>G\u00f3c chi\u1ebfu10\u00b0 20\u00b0 30\u00b0<\/li>\n<li>\u0110i\u1ec7n \u00e1p ho\u1ea1t \u0111\u1ed9ng DC24V<\/li>\n<li>C\u00f4ng su\u1ea5t danh \u0111\u1ecbnh 2.2W<\/li>\n<li>C\u00e0i \u0111\u1eb7t t\u1eeb trung t\u00e2mC\u00e0i \u0111\u1eb7t l\u1ecbch ho\u1ea1t \u0111\u1ed9ng (th\u1eddi gian \u0111\u00f3ng, t\u1eaft, th\u1eddi gian v\u00e0 m\u1ee9c ti\u1ebft gi\u1ea3m c\u00f4ng su\u1ea5t).<\/li>\n<li>\u0110i\u1ec1u khi\u1ec3n t\u1ee9c th\u1eddi.Nhi\u1ec7t \u0111\u1ed9 m\u00e0u \u0110\u01a1n s\u1eafc (3.000K, 4.000K, 6.000K).<\/li>\n<li>Nhi\u1ec7t \u0111\u1ed9 ho\u1ea1t \u0111\u1ed9ng Nhi\u1ec7t \u0111\u1ed9 c\u1ee7a n\u01b0\u1edbc khi ho\u1ea1t \u0111\u1ed9ng \u1edf trong kho\u1ea3ng : &#8211; 20\u00baC \u0111\u1ebfn 40\u00baC\u0110\u1ed9 k\u00ednIP68<\/li>\n<\/ul>\n<h2>Quang ph\u1ed5 c\u1ee7a \u0111\u00e8n :<\/h2>\n<p>hide<\/p>\n<p><img decoding=\"async\" data-src=\"https:\/\/vilight.vn\/website\/wp-content\/uploads\/2023\/08\/QUANG_PHO_DEN_AM_NUOC_2w_QUANG_pHO_DEN_AM_NUOC_2.2w.jpg#4710\" alt=\"QUANG_PHO_DEN_AM_NUOC_2w_QUANG_pHO_DEN_AM_NUOC_2.2w\" src=\"data:image\/svg+xml;base64,PHN2ZyB3aWR0aD0iMSIgaGVpZ2h0PSIxIiB4bWxucz0iaHR0cDovL3d3dy53My5vcmcvMjAwMC9zdmciPjwvc3ZnPg==\" class=\"lazyload\" style=\"--smush-placeholder-width: 1719px; --smush-placeholder-aspect-ratio: 1719\/417;\" \/><br \/>\nfull<br \/>\nQuang ph\u1ed5 \u0111\u00e8n \u1edf g\u00f3c chi\u1ebfu 30 \u0111\u1ed9.<br \/>\ncontain<br \/>\ncenter center<br \/>\nhide<\/p>\n<p><img decoding=\"async\" data-src=\"https:\/\/vilight.vn\/website\/wp-content\/uploads\/2023\/08\/den_am_ho_nuoc.jpg#4711\" alt=\"den_am_ho_nuoc\" src=\"data:image\/svg+xml;base64,PHN2ZyB3aWR0aD0iMSIgaGVpZ2h0PSIxIiB4bWxucz0iaHR0cDovL3d3dy53My5vcmcvMjAwMC9zdmciPjwvc3ZnPg==\" class=\"lazyload\" style=\"--smush-placeholder-width: 1396px; --smush-placeholder-aspect-ratio: 1396\/691;\" \/><br \/>\nfull<br \/>\nHi\u1ec7u \u1ee9ng h\u1ed3 n\u01b0\u1edbc s\u1eed d\u1ee5ng \u0111\u00e8n \u00e2m th\u00e0nh h\u1ed3 n\u01b0\u1edbc<br \/>\nC\u00f4ng tr\u00ecnh minh h\u1ecda, chi\u1ebfu s\u00e1ng h\u1ed3 n\u01b0\u1edbc b\u1eb1ng \u0111\u00e8n \u00e2m v\u00e0o th\u00e0nh h\u1ed3<br \/>\ncontain<br \/>\ncenter center<br \/>\nhide<\/p>\n<h2>H\u1ed2 B\u01a0I LUNG LINH V\u1edaI C\u00c1C LO\u1ea0I \u0110\u00c8N TRANG TR\u00cd<\/h2>\n<div class=\"content_text\">\n<p>Nh\u1eefng\u00a0lo\u1ea1i \u0111\u00e8n d\u01b0\u1edbi \u0111\u00e2y s\u1ebd mang l\u1ea1i th\u1ebf gi\u1edbi \u0111\u1ea7y m\u00e0u s\u1eafc\u00a0v\u00e0 l\u00e3ng m\u1ea1n cho h\u1ed3 b\u01a1i c\u1ee7a b\u1ea1n.<\/p>\n<\/div>\n<ul>\n<li>Hi\u1ec7n nay c\u00f3 r\u1ea5t nhi\u1ec1u lo\u1ea1i \u0111\u00e8n \u0111\u1ec3 trang tr\u00ed\u00a0h\u1ed3 b\u01a1i v\u1edbi c\u00e1c ki\u1ec3u d\u00e1ng m\u1eabu m\u00e3 v\u00e0 ch\u1ee9c n\u0103ng kh\u00e1c nhau tr\u00ean th\u1ecb tr\u01b0\u1eddng.<\/li>\n<li>V\u1edbi nh\u1eefng c\u1ea3i ti\u1ebfn kh\u00f4ng ng\u1eebng c\u1ee7a c\u00f4ng ngh\u1ec7 \u00e1nh s\u00e1ng, ch\u00fang c\u00f3 th\u1ec3 trang \u0111i\u1ec3m cho\u00a0h\u1ed3 b\u01a1i c\u1ee7a b\u1ea1n th\u00e0nh m\u1ed9t n\u01a1i th\u1eadt \u0111\u1eb7c bi\u1ec7t v\u00e0 h\u1ea5p d\u1eabn.<\/li>\n<li>\u0110\u00e8n LED cung c\u1ea5p m\u1ed9t th\u1ee9 \u00e1nh s\u00e1ng nh\u1eb9 nh\u00e0ng v\u00e0 m\u1ec1m m\u1ea1i d\u01b0\u1edbi n\u01b0\u1edbc\u00a0\u0111\u1eb7c bi\u1ec7t l\u00e0 v\u00e0o ban \u0111\u00eam, c\u00e1c lo\u1ea1i \u0111\u00e8n n\u1ed5i th\u00ec mang l\u1ea1i v\u1ebb \u0111\u1eb9p k\u1ef3 di\u1ec7u v\u00e0 lung linh, v\u00e0 c\u00f2n nhi\u1ec1u lo\u1ea1i \u0111\u00e8n kh\u00e1c v\u1edbi thi\u1ebft k\u1ebf m\u1eabu m\u00e3 v\u00e0 ch\u1ea5t l\u01b0\u1ee3ng t\u1ed1t nh\u1ea5t r\u1ea5t ph\u00f9 h\u1ee3p cho h\u1ed3 b\u01a1i nh\u00e0 b\u1ea1n.<\/li>\n<li>D\u01b0\u1edbi \u0111\u00e2y l\u00e0\u00a010 lo\u1ea1i \u0111\u00e8n d\u00e0nh cho vi\u1ec7c trang tr\u00ed h\u1ed3 b\u01a1i n\u1ed5i b\u1eadt v\u00e0 \u0111\u1ed9c \u0111\u00e1o nh\u1ea5t m\u00e0 ch\u00fang t\u00f4i mu\u1ed1n gi\u1edbi thi\u1ec7u \u0111\u1ebfn qu\u00fd kh\u00e1ch h\u00e0ng.<\/li>\n<\/ul>\n<p>&nbsp;<\/p>\n","protected":false},"excerpt":{"rendered":"<p style=\"text-align: justify;\"><span style=\"font-size: 12pt;\">\u0110\u00e8n \u00e2m v\u00e0o th\u00e0nh h\u1ed3 n\u01b0\u1edbc chi\u1ebfu h\u1eaft s\u00e1ng h\u1ed3 n\u01b0\u1edbc. \u0110\u00e8n c\u00f3 k\u1ebft c\u1ea5u chuy\u00ean nghi\u1ec7p.<\/span><\/p>\n","protected":false},"featured_media":4303,"template":"","meta":[],"product_brand":[],"product_cat":[633,73],"product_tag":[],"class_list":{"0":"post-4301","1":"product","2":"type-product","3":"status-publish","4":"has-post-thumbnail","6":"product_cat-den-am-nuoc","7":"product_cat-den-chieu-sang-facade","8":"pa_chuan-dieu-khien-1-10v","9":"pa_chuan-dieu-khien-dali","10":"pa_chuan-dieu-khien-on-off","11":"pa_cong-suat-2w","12":"pa_dien-ap-hoat-dong-24vdc","13":"pa_do-chiu-luc-ik06","14":"pa_do-kin-ip68","15":"pa_goc-chieu-279","16":"pa_goc-chieu-308","17":"pa_goc-chieu-233","18":"pa_nhiet-do-mau-3000k","19":"pa_nhiet-do-mau-4000k","20":"pa_nhiet-do-mau-6000k","22":"first","23":"instock","24":"taxable","25":"shipping-taxable","26":"purchasable","27":"product-type-simple"},"yoast_head":"<!-- This site is optimized with the Yoast SEO Premium plugin v27.4 (Yoast SEO v27.4) - https:\/\/yoast.com\/product\/yoast-seo-premium-wordpress\/ -->\n<title>\u0110\u00e8n \u00c2m N\u01b0\u1edbc 2W - \u0110\u00e8n \u00c2m N\u01b0\u1edbc 2.2W \u00c2m S\u00e0n H\u1ed3 N\u01b0\u1edbc.<\/title>\n<meta name=\"description\" content=\"\u0110\u00e8n \u00e2m n\u01b0\u1edbc 2W (\u0111\u00e8n \u00e2m n\u01b0\u1edbc 2.2W) \u0111\u01b0\u1ee3c thi\u1ebft k\u1ebf \u0111\u1ec3 l\u1eafp \u0111\u1eb7t \u00e2m v\u00e0o k\u1ebft c\u1ea5u b\u00ea t\u00f4ng c\u1ee7a h\u1ed3 n\u01b0\u1edbc nh\u01b0 th\u00e0nh h\u1ed3 n\u01b0\u1edbc hay \u0111\u00e1y h\u1ed3.\" \/>\n<meta name=\"robots\" content=\"index, follow, max-snippet:-1, max-image-preview:large, max-video-preview:-1\" \/>\n<link rel=\"canonical\" href=\"https:\/\/vilight.vn\/website\/san-pham\/den-chieu-sang-facade\/den-am-nuoc\/den-am-nuoc-vw01\/\" \/>\n<meta property=\"og:locale\" content=\"vi_VN\" \/>\n<meta property=\"og:type\" content=\"article\" \/>\n<meta property=\"og:title\" content=\"\u0110\u00e8n \u00e2m n\u01b0\u1edbc VW01\" \/>\n<meta property=\"og:description\" content=\"\u0110\u00e8n \u00e2m v\u00e0o th\u00e0nh h\u1ed3 n\u01b0\u1edbc chi\u1ebfu h\u1eaft s\u00e1ng h\u1ed3 n\u01b0\u1edbc. \u0110\u00e8n c\u00f3 k\u1ebft c\u1ea5u chuy\u00ean nghi\u1ec7p.\" \/>\n<meta property=\"og:url\" content=\"https:\/\/vilight.vn\/website\/san-pham\/den-chieu-sang-facade\/den-am-nuoc\/den-am-nuoc-vw01\/\" \/>\n<meta property=\"og:site_name\" content=\"Vilight Co.ltd\" \/>\n<meta property=\"article:publisher\" content=\"http:\/\/facebook.com\/vilight.vn\" \/>\n<meta property=\"article:modified_time\" content=\"2024-10-04T03:23:48+00:00\" \/>\n<meta property=\"og:image\" content=\"https:\/\/vilight.vn\/website\/wp-content\/uploads\/2023\/08\/Am-nuoc-PL01.jpg\" \/>\n\t<meta property=\"og:image:width\" content=\"600\" \/>\n\t<meta property=\"og:image:height\" content=\"600\" \/>\n\t<meta property=\"og:image:type\" content=\"image\/jpeg\" \/>\n<meta name=\"twitter:card\" content=\"summary_large_image\" \/>\n<meta name=\"twitter:label1\" content=\"Gi\u00e1\" \/>\n\t<meta name=\"twitter:data1\" content=\"2.800.000&#8363;\" \/>\n\t<meta name=\"twitter:label2\" content=\"Kh\u1ea3 d\u1ee5ng\" \/>\n\t<meta name=\"twitter:data2\" content=\"Trong kho\" \/>\n<script type=\"application\/ld+json\" class=\"yoast-schema-graph\">{\"@context\":\"https:\\\/\\\/schema.org\",\"@graph\":[{\"@type\":\"WebPage\",\"@id\":\"https:\\\/\\\/vilight.vn\\\/website\\\/san-pham\\\/den-chieu-sang-facade\\\/den-am-nuoc\\\/den-am-nuoc-vw01\\\/\",\"url\":\"https:\\\/\\\/vilight.vn\\\/website\\\/san-pham\\\/den-chieu-sang-facade\\\/den-am-nuoc\\\/den-am-nuoc-vw01\\\/\",\"name\":\"\u0110\u00e8n \u00c2m N\u01b0\u1edbc 2W - \u0110\u00e8n \u00c2m N\u01b0\u1edbc 2.2W \u00c2m S\u00e0n H\u1ed3 N\u01b0\u1edbc.\",\"isPartOf\":{\"@id\":\"https:\\\/\\\/vilight.vn\\\/website\\\/#website\"},\"primaryImageOfPage\":{\"@id\":\"https:\\\/\\\/vilight.vn\\\/website\\\/san-pham\\\/den-chieu-sang-facade\\\/den-am-nuoc\\\/den-am-nuoc-vw01\\\/#primaryimage\"},\"image\":{\"@id\":\"https:\\\/\\\/vilight.vn\\\/website\\\/san-pham\\\/den-chieu-sang-facade\\\/den-am-nuoc\\\/den-am-nuoc-vw01\\\/#primaryimage\"},\"thumbnailUrl\":\"https:\\\/\\\/vilight.vn\\\/website\\\/wp-content\\\/uploads\\\/2023\\\/08\\\/Am-nuoc-PL01.jpg\",\"datePublished\":\"2023-08-16T02:26:03+00:00\",\"dateModified\":\"2024-10-04T03:23:48+00:00\",\"description\":\"\u0110\u00e8n \u00e2m n\u01b0\u1edbc 2W (\u0111\u00e8n \u00e2m n\u01b0\u1edbc 2.2W) \u0111\u01b0\u1ee3c thi\u1ebft k\u1ebf \u0111\u1ec3 l\u1eafp \u0111\u1eb7t \u00e2m v\u00e0o k\u1ebft c\u1ea5u b\u00ea t\u00f4ng c\u1ee7a h\u1ed3 n\u01b0\u1edbc nh\u01b0 th\u00e0nh h\u1ed3 n\u01b0\u1edbc hay \u0111\u00e1y h\u1ed3.\",\"breadcrumb\":{\"@id\":\"https:\\\/\\\/vilight.vn\\\/website\\\/san-pham\\\/den-chieu-sang-facade\\\/den-am-nuoc\\\/den-am-nuoc-vw01\\\/#breadcrumb\"},\"inLanguage\":\"vi\",\"potentialAction\":[{\"@type\":\"ReadAction\",\"target\":[\"https:\\\/\\\/vilight.vn\\\/website\\\/san-pham\\\/den-chieu-sang-facade\\\/den-am-nuoc\\\/den-am-nuoc-vw01\\\/\"]}]},{\"@type\":\"ImageObject\",\"inLanguage\":\"vi\",\"@id\":\"https:\\\/\\\/vilight.vn\\\/website\\\/san-pham\\\/den-chieu-sang-facade\\\/den-am-nuoc\\\/den-am-nuoc-vw01\\\/#primaryimage\",\"url\":\"https:\\\/\\\/vilight.vn\\\/website\\\/wp-content\\\/uploads\\\/2023\\\/08\\\/Am-nuoc-PL01.jpg\",\"contentUrl\":\"https:\\\/\\\/vilight.vn\\\/website\\\/wp-content\\\/uploads\\\/2023\\\/08\\\/Am-nuoc-PL01.jpg\",\"width\":600,\"height\":600,\"caption\":\"\u0110\u00e8n d\u01b0\u1edbi n\u01b0\u1edbc VL PL01\"},{\"@type\":\"BreadcrumbList\",\"@id\":\"https:\\\/\\\/vilight.vn\\\/website\\\/san-pham\\\/den-chieu-sang-facade\\\/den-am-nuoc\\\/den-am-nuoc-vw01\\\/#breadcrumb\",\"itemListElement\":[{\"@type\":\"ListItem\",\"position\":1,\"name\":\"Home\",\"item\":\"https:\\\/\\\/vilight.vn\\\/website\\\/\"},{\"@type\":\"ListItem\",\"position\":2,\"name\":\"store\",\"item\":\"https:\\\/\\\/vilight.vn\\\/website\\\/store\\\/\"},{\"@type\":\"ListItem\",\"position\":3,\"name\":\"\u0110\u00e8n \u00e2m n\u01b0\u1edbc VW01\"}]},{\"@type\":\"WebSite\",\"@id\":\"https:\\\/\\\/vilight.vn\\\/website\\\/#website\",\"url\":\"https:\\\/\\\/vilight.vn\\\/website\\\/\",\"name\":\"Vilight Co.ltd\",\"description\":\"Chi\u1ebfu s\u00e1ng m\u1ef9 thu\u1eadt, chi\u1ebfu s\u00e1ng th\u00f4ng minh, LED Pixel 3D, chi\u1ebfu s\u00e1ng trang tr\u00ed \u0111\u00f4 th\u1ecb, chi\u1ebfu s\u00e1ng v\u00f2ng xoay, chi\u1ebfu s\u00e1ng \u0111\u1ea3o giao th\u00f4ng, c\u1ed5ng ch\u00e0o \u0111\u00f4 th\u1ecb\",\"publisher\":{\"@id\":\"https:\\\/\\\/vilight.vn\\\/website\\\/#organization\"},\"potentialAction\":[{\"@type\":\"SearchAction\",\"target\":{\"@type\":\"EntryPoint\",\"urlTemplate\":\"https:\\\/\\\/vilight.vn\\\/website\\\/?s={search_term_string}\"},\"query-input\":{\"@type\":\"PropertyValueSpecification\",\"valueRequired\":true,\"valueName\":\"search_term_string\"}}],\"inLanguage\":\"vi\"},{\"@type\":\"Organization\",\"@id\":\"https:\\\/\\\/vilight.vn\\\/website\\\/#organization\",\"name\":\"Vilight\",\"url\":\"https:\\\/\\\/vilight.vn\\\/website\\\/\",\"logo\":{\"@type\":\"ImageObject\",\"inLanguage\":\"vi\",\"@id\":\"https:\\\/\\\/vilight.vn\\\/website\\\/#\\\/schema\\\/logo\\\/image\\\/\",\"url\":\"https:\\\/\\\/vilight.vn\\\/website\\\/wp-content\\\/uploads\\\/2022\\\/05\\\/chieu_sang_trang_tri_do_thi_bang_den_led_pixel.png\",\"contentUrl\":\"https:\\\/\\\/vilight.vn\\\/website\\\/wp-content\\\/uploads\\\/2022\\\/05\\\/chieu_sang_trang_tri_do_thi_bang_den_led_pixel.png\",\"width\":800,\"height\":427,\"caption\":\"Vilight\"},\"image\":{\"@id\":\"https:\\\/\\\/vilight.vn\\\/website\\\/#\\\/schema\\\/logo\\\/image\\\/\"},\"sameAs\":[\"http:\\\/\\\/facebook.com\\\/vilight.vn\",\"https:\\\/\\\/www.linkedin.com\\\/company\\\/vilight-vn\",\"https:\\\/\\\/www.youtube.com\\\/channel\\\/UCEwR2naeDcuarMX1kSv_rLQ\\\/videos\"]}]}<\/script>\n<meta property=\"product:brand\" content=\"\u0110\u00e8n \u00c2m N\u01b0\u1edbc\" \/>\n<meta property=\"product:price:amount\" content=\"2800000\" \/>\n<meta property=\"product:price:currency\" content=\"VND\" \/>\n<meta property=\"og:availability\" content=\"instock\" \/>\n<meta property=\"product:availability\" content=\"instock\" \/>\n<meta property=\"product:condition\" content=\"new\" \/>\n<!-- \/ Yoast SEO Premium plugin. -->","yoast_head_json":{"title":"\u0110\u00e8n \u00c2m N\u01b0\u1edbc 2W - \u0110\u00e8n \u00c2m N\u01b0\u1edbc 2.2W \u00c2m S\u00e0n H\u1ed3 N\u01b0\u1edbc.","description":"\u0110\u00e8n \u00e2m n\u01b0\u1edbc 2W (\u0111\u00e8n \u00e2m n\u01b0\u1edbc 2.2W) \u0111\u01b0\u1ee3c thi\u1ebft k\u1ebf \u0111\u1ec3 l\u1eafp \u0111\u1eb7t \u00e2m v\u00e0o k\u1ebft c\u1ea5u b\u00ea t\u00f4ng c\u1ee7a h\u1ed3 n\u01b0\u1edbc nh\u01b0 th\u00e0nh h\u1ed3 n\u01b0\u1edbc hay \u0111\u00e1y h\u1ed3.","robots":{"index":"index","follow":"follow","max-snippet":"max-snippet:-1","max-image-preview":"max-image-preview:large","max-video-preview":"max-video-preview:-1"},"canonical":"https:\/\/vilight.vn\/website\/san-pham\/den-chieu-sang-facade\/den-am-nuoc\/den-am-nuoc-vw01\/","og_locale":"vi_VN","og_type":"article","og_title":"\u0110\u00e8n \u00e2m n\u01b0\u1edbc VW01","og_description":"\u0110\u00e8n \u00e2m v\u00e0o th\u00e0nh h\u1ed3 n\u01b0\u1edbc chi\u1ebfu h\u1eaft s\u00e1ng h\u1ed3 n\u01b0\u1edbc. \u0110\u00e8n c\u00f3 k\u1ebft c\u1ea5u chuy\u00ean nghi\u1ec7p.","og_url":"https:\/\/vilight.vn\/website\/san-pham\/den-chieu-sang-facade\/den-am-nuoc\/den-am-nuoc-vw01\/","og_site_name":"Vilight Co.ltd","article_publisher":"http:\/\/facebook.com\/vilight.vn","article_modified_time":"2024-10-04T03:23:48+00:00","og_image":[{"width":600,"height":600,"url":"https:\/\/vilight.vn\/website\/wp-content\/uploads\/2023\/08\/Am-nuoc-PL01.jpg","type":"image\/jpeg"}],"twitter_card":"summary_large_image","twitter_misc":{"Gi\u00e1":"2.800.000&#8363;","Kh\u1ea3 d\u1ee5ng":"Trong kho"},"schema":{"@context":"https:\/\/schema.org","@graph":[{"@type":"WebPage","@id":"https:\/\/vilight.vn\/website\/san-pham\/den-chieu-sang-facade\/den-am-nuoc\/den-am-nuoc-vw01\/","url":"https:\/\/vilight.vn\/website\/san-pham\/den-chieu-sang-facade\/den-am-nuoc\/den-am-nuoc-vw01\/","name":"\u0110\u00e8n \u00c2m N\u01b0\u1edbc 2W - \u0110\u00e8n \u00c2m N\u01b0\u1edbc 2.2W \u00c2m S\u00e0n H\u1ed3 N\u01b0\u1edbc.","isPartOf":{"@id":"https:\/\/vilight.vn\/website\/#website"},"primaryImageOfPage":{"@id":"https:\/\/vilight.vn\/website\/san-pham\/den-chieu-sang-facade\/den-am-nuoc\/den-am-nuoc-vw01\/#primaryimage"},"image":{"@id":"https:\/\/vilight.vn\/website\/san-pham\/den-chieu-sang-facade\/den-am-nuoc\/den-am-nuoc-vw01\/#primaryimage"},"thumbnailUrl":"https:\/\/vilight.vn\/website\/wp-content\/uploads\/2023\/08\/Am-nuoc-PL01.jpg","datePublished":"2023-08-16T02:26:03+00:00","dateModified":"2024-10-04T03:23:48+00:00","description":"\u0110\u00e8n \u00e2m n\u01b0\u1edbc 2W (\u0111\u00e8n \u00e2m n\u01b0\u1edbc 2.2W) \u0111\u01b0\u1ee3c thi\u1ebft k\u1ebf \u0111\u1ec3 l\u1eafp \u0111\u1eb7t \u00e2m v\u00e0o k\u1ebft c\u1ea5u b\u00ea t\u00f4ng c\u1ee7a h\u1ed3 n\u01b0\u1edbc nh\u01b0 th\u00e0nh h\u1ed3 n\u01b0\u1edbc hay \u0111\u00e1y h\u1ed3.","breadcrumb":{"@id":"https:\/\/vilight.vn\/website\/san-pham\/den-chieu-sang-facade\/den-am-nuoc\/den-am-nuoc-vw01\/#breadcrumb"},"inLanguage":"vi","potentialAction":[{"@type":"ReadAction","target":["https:\/\/vilight.vn\/website\/san-pham\/den-chieu-sang-facade\/den-am-nuoc\/den-am-nuoc-vw01\/"]}]},{"@type":"ImageObject","inLanguage":"vi","@id":"https:\/\/vilight.vn\/website\/san-pham\/den-chieu-sang-facade\/den-am-nuoc\/den-am-nuoc-vw01\/#primaryimage","url":"https:\/\/vilight.vn\/website\/wp-content\/uploads\/2023\/08\/Am-nuoc-PL01.jpg","contentUrl":"https:\/\/vilight.vn\/website\/wp-content\/uploads\/2023\/08\/Am-nuoc-PL01.jpg","width":600,"height":600,"caption":"\u0110\u00e8n d\u01b0\u1edbi n\u01b0\u1edbc VL PL01"},{"@type":"BreadcrumbList","@id":"https:\/\/vilight.vn\/website\/san-pham\/den-chieu-sang-facade\/den-am-nuoc\/den-am-nuoc-vw01\/#breadcrumb","itemListElement":[{"@type":"ListItem","position":1,"name":"Home","item":"https:\/\/vilight.vn\/website\/"},{"@type":"ListItem","position":2,"name":"store","item":"https:\/\/vilight.vn\/website\/store\/"},{"@type":"ListItem","position":3,"name":"\u0110\u00e8n \u00e2m n\u01b0\u1edbc VW01"}]},{"@type":"WebSite","@id":"https:\/\/vilight.vn\/website\/#website","url":"https:\/\/vilight.vn\/website\/","name":"Vilight Co.ltd","description":"Chi\u1ebfu s\u00e1ng m\u1ef9 thu\u1eadt, chi\u1ebfu s\u00e1ng th\u00f4ng minh, LED Pixel 3D, chi\u1ebfu s\u00e1ng trang tr\u00ed \u0111\u00f4 th\u1ecb, chi\u1ebfu s\u00e1ng v\u00f2ng xoay, chi\u1ebfu s\u00e1ng \u0111\u1ea3o giao th\u00f4ng, c\u1ed5ng ch\u00e0o \u0111\u00f4 th\u1ecb","publisher":{"@id":"https:\/\/vilight.vn\/website\/#organization"},"potentialAction":[{"@type":"SearchAction","target":{"@type":"EntryPoint","urlTemplate":"https:\/\/vilight.vn\/website\/?s={search_term_string}"},"query-input":{"@type":"PropertyValueSpecification","valueRequired":true,"valueName":"search_term_string"}}],"inLanguage":"vi"},{"@type":"Organization","@id":"https:\/\/vilight.vn\/website\/#organization","name":"Vilight","url":"https:\/\/vilight.vn\/website\/","logo":{"@type":"ImageObject","inLanguage":"vi","@id":"https:\/\/vilight.vn\/website\/#\/schema\/logo\/image\/","url":"https:\/\/vilight.vn\/website\/wp-content\/uploads\/2022\/05\/chieu_sang_trang_tri_do_thi_bang_den_led_pixel.png","contentUrl":"https:\/\/vilight.vn\/website\/wp-content\/uploads\/2022\/05\/chieu_sang_trang_tri_do_thi_bang_den_led_pixel.png","width":800,"height":427,"caption":"Vilight"},"image":{"@id":"https:\/\/vilight.vn\/website\/#\/schema\/logo\/image\/"},"sameAs":["http:\/\/facebook.com\/vilight.vn","https:\/\/www.linkedin.com\/company\/vilight-vn","https:\/\/www.youtube.com\/channel\/UCEwR2naeDcuarMX1kSv_rLQ\/videos"]}]},"product_brand":"\u0110\u00e8n \u00c2m N\u01b0\u1edbc","product_price_amount":"2800000","product_price_currency":"VND","og_availability":"instock","product_availability":"instock","product_condition":"new"},"_links":{"self":[{"href":"https:\/\/vilight.vn\/website\/wp-json\/wp\/v2\/product\/4301","targetHints":{"allow":["GET"]}}],"collection":[{"href":"https:\/\/vilight.vn\/website\/wp-json\/wp\/v2\/product"}],"about":[{"href":"https:\/\/vilight.vn\/website\/wp-json\/wp\/v2\/types\/product"}],"wp:featuredmedia":[{"embeddable":true,"href":"https:\/\/vilight.vn\/website\/wp-json\/wp\/v2\/media\/4303"}],"wp:attachment":[{"href":"https:\/\/vilight.vn\/website\/wp-json\/wp\/v2\/media?parent=4301"}],"wp:term":[{"taxonomy":"product_brand","embeddable":true,"href":"https:\/\/vilight.vn\/website\/wp-json\/wp\/v2\/product_brand?post=4301"},{"taxonomy":"product_cat","embeddable":true,"href":"https:\/\/vilight.vn\/website\/wp-json\/wp\/v2\/product_cat?post=4301"},{"taxonomy":"product_tag","embeddable":true,"href":"https:\/\/vilight.vn\/website\/wp-json\/wp\/v2\/product_tag?post=4301"}],"curies":[{"name":"wp","href":"https:\/\/api.w.org\/{rel}","templated":true}]}}